{"id":18910,"date":"2025-04-07T06:01:40","date_gmt":"2025-04-07T06:01:40","guid":{"rendered":"https:\/\/www.hydraulic-cylinders.net\/product\/boom-cylinder-for-sumitomo-large-excavator-sh460hd-5\/"},"modified":"2025-04-07T06:01:43","modified_gmt":"2025-04-07T06:01:43","slug":"boom-cylinder-for-sumitomo-large-excavator-sh460hd-5","status":"publish","type":"product","link":"https:\/\/www.hydraulic-cylinders.net\/hu\/termek\/boom-cylinder-for-sumitomo-large-excavator-sh460hd-5\/","title":{"rendered":"G\u00e9mhenger Sumitomo SH460HD-5 nagy kotr\u00f3g\u00e9phez"},"content":{"rendered":"<h1>G\u00e9mhenger Sumitomo SH460HD-5 nagy kotr\u00f3g\u00e9phez<\/h1>\n<h2>Term\u00e9k\u00e1ttekint\u00e9s<\/h2>\n<p>A Sumitomo SH460HD-5 nagym\u00e9ret\u0171 kotr\u00f3g\u00e9p g\u00e9mhengere l\u00e9tfontoss\u00e1g\u00fa alkatr\u00e9sz, amely jelent\u0151s szerepet j\u00e1tszik a neh\u00e9zg\u00e9pek hat\u00e9kony m\u0171k\u00f6d\u00e9s\u00e9ben. Ez a hidraulikus henger kifejezetten a kotr\u00f3g\u00e9p g\u00e9mj\u00e9nek mozg\u00e1s\u00e1nak vez\u00e9rl\u00e9s\u00e9re szolg\u00e1l, lehet\u0151v\u00e9 t\u00e9ve a kan\u00e1l emel\u00e9s\u00e9t, s\u00fcllyeszt\u00e9s\u00e9t \u00e9s billent\u00e9s\u00e9t. Hidraulikus hengerk\u00e9nt hidraulikus folyad\u00e9knyom\u00e1ssal m\u0171k\u00f6dik, amely lehet\u0151v\u00e9 teszi a k\u00fcl\u00f6nf\u00e9le anyagmozgat\u00e1si feladatokhoz sz\u00fcks\u00e9ges prec\u00edz \u00e9s er\u0151teljes mozg\u00e1sokat.<\/p>\n<p>A kan\u00e1lhenger kulcsfontoss\u00e1g\u00fa annak biztos\u00edt\u00e1s\u00e1ban, hogy a kotr\u00f3g\u00e9p olyan feladatokat tudjon elv\u00e9gezni, mint az \u00e1s\u00e1s, emel\u00e9s \u00e9s anyagok sz\u00e1ll\u00edt\u00e1sa. Kialak\u00edt\u00e1sa megfelel az \u00e9p\u00edtkez\u00e9sek szigor\u00fa k\u00f6vetelm\u00e9nyeinek, ahol a megb\u00edzhat\u00f3s\u00e1g \u00e9s a hat\u00e9konys\u00e1g a legfontosabb.<\/p>\n<p><img decoding=\"async\" src=\"https:\/\/www.hydraulic-cylinders.net\/wp-content\/uploads\/2025\/04\/songte-company-1.webp\" alt=\"Hidraulikus henger\" \/><\/p>\n<h2>F\u0151bb jellemz\u0151k<\/h2>\n<ul>\n<li><strong>Nagy szil\u00e1rds\u00e1g \u00e9s tart\u00f3ss\u00e1g:<\/strong> Nagy szil\u00e1rds\u00e1g\u00fa ac\u00e9lb\u00f3l vagy alum\u00edniumb\u00f3l k\u00e9sz\u00fclt, ez a henger nagy nyom\u00e1snak \u00e9s nagy terhel\u00e9snek van kit\u00e9ve, \u00edgy alkalmass\u00e1 teszi a zord munkak\u00f6rnyezetre.<\/li>\n<li><strong>Hat\u00e9kony hidraulikus m\u0171k\u00f6dtet\u00e9s:<\/strong> A henger hidraulikaolaj-nyom\u00e1st haszn\u00e1l a sima kiny\u00fajt\u00e1shoz \u00e9s visszah\u00faz\u00e1shoz, gyorsan reag\u00e1l a kezel\u0151i parancsokra, \u00e9s er\u0151teljes h\u00faz\u00f3- \u00e9s nyom\u00f3er\u0151t biztos\u00edt.<\/li>\n<li><strong>K\u00fcl\u00f6nb\u00f6z\u0151 t\u00edpusok:<\/strong> Kaphat\u00f3 egyszeres m\u0171k\u00f6d\u00e9s\u0171 (egy ir\u00e1nyban m\u0171k\u00f6dik) vagy kett\u0151s m\u0171k\u00f6d\u00e9s\u0171 (mindk\u00e9t ir\u00e1nyban m\u0171k\u00f6dik) konfigur\u00e1ci\u00f3ban, \u00e9s egyes modellek teleszk\u00f3pos kialak\u00edt\u00e1ssal rendelkeznek a nagyobb hat\u00f3t\u00e1vols\u00e1g \u00e9rdek\u00e9ben a k\u00fcls\u0151 m\u00e9retek n\u00f6vel\u00e9se n\u00e9lk\u00fcl.<\/li>\n<li><strong>Egyedi gy\u00e1rt\u00e1s:<\/strong> K\u00e9pesek vagyunk ennek a term\u00e9knek a gy\u00e1rt\u00e1s\u00e1ra, \u00e9s hengereink t\u00f6k\u00e9letesen helyettes\u00edtik a megl\u00e9v\u0151 hidraulikus hengereket.<\/li>\n<li><strong>Fokozott kop\u00e1s\u00e1ll\u00f3s\u00e1g:<\/strong> A kop\u00e1s\u00e1ll\u00f3s\u00e1gra \u00e9s a korr\u00f3zi\u00f3\u00e1ll\u00f3s\u00e1gra \u00f6sszpontos\u00edtva tervezt\u00e9k, meghosszabb\u00edtva a term\u00e9k \u00e9lettartam\u00e1t.<\/li>\n<\/ul>\n<p><img decoding=\"async\" src=\"https:\/\/www.hydraulic-cylinders.net\/wp-content\/uploads\/2025\/04\/songte-cylinder-head-with-all-kinds-excavator-models.webp\" alt=\"Kotr\u00f3g\u00e9p hengerfej\" \/><\/p>\n<h2>Alkalmaz\u00e1sok<\/h2>\n<h3>\u00c9p\u00edt\u0151ipari berendez\u00e9sek<\/h3>\n<p>A kotr\u00f3g\u00e9pekben a g\u00e9mhengerek elengedhetetlenek az \u00e1s\u00e1shoz, rakod\u00e1shoz \u00e9s a f\u00f6ld vagy t\u00f6rmel\u00e9k mozgat\u00e1s\u00e1hoz. Ezek biztos\u00edtj\u00e1k azt a mechanikai el\u0151nyt, amely a neh\u00e9z emel\u00e9si feladatok biztons\u00e1gos \u00e9s hat\u00e9kony elv\u00e9gz\u00e9s\u00e9hez sz\u00fcks\u00e9ges. A hidraulikus rendszer a sima \u00e9s prec\u00edz mozg\u00e1sok lehet\u0151v\u00e9 t\u00e9tel\u00e9vel n\u00f6veli a kotr\u00f3g\u00e9p teljes\u00edtm\u00e9ny\u00e9t.<\/p>\n<h3>Mez\u0151gazdas\u00e1gi g\u00e9pek<\/h3>\n<p>A homlokrakod\u00f3k g\u00e9mhengerekre t\u00e1maszkodnak a talaj, sz\u00e9na \u00e9s egy\u00e9b anyagok mer\u00e9s\u00e9hez, emel\u00e9s\u00e9hez \u00e9s sz\u00e1ll\u00edt\u00e1s\u00e1hoz. Ezek a hengerek l\u00e9tfontoss\u00e1g\u00faak a mez\u0151gazdas\u00e1gi berendez\u00e9sek m\u0171k\u00f6dtet\u00e9s\u00e9hez, biztos\u00edtva a feladatok gyors \u00e9s hat\u00e9kony elv\u00e9gz\u00e9s\u00e9t, ami kulcsfontoss\u00e1g\u00fa a forgalmas mez\u0151gazdas\u00e1gi szezonokban.<\/p>\n<h3>Kotr\u00f3g\u00e9pek<\/h3>\n<p>A kotr\u00f3g\u00e9pekben a kan\u00e1lhengerek lehet\u0151v\u00e9 teszik az \u00e1s\u00e1si m\u0171veletet az\u00e1ltal, hogy lehet\u0151v\u00e9 teszik a kan\u00e1l talajba hatol\u00e1s\u00e1t. Ez a funkci\u00f3 kulcsfontoss\u00e1g\u00fa a hat\u00e9kony f\u00f6ldmunk\u00e1hoz, \u00edgy szerves r\u00e9sz\u00e9t k\u00e9pezik minden neh\u00e9z \u00e1s\u00e1si projektnek.<\/p>\n<h3>Rakod\u00f3k<\/h3>\n<p>A homlokrakod\u00f3kban a g\u00e9mhengerek hat\u00e9konyan seg\u00edtik a rakom\u00e1nyok emel\u00e9s\u00e9t \u00e9s \u00fcr\u00edt\u00e9s\u00e9t. Ez a kapacit\u00e1s elengedhetetlen az olyan \u00e9p\u00edt\u00e9si \u00e9s tereprendez\u00e9si feladatokhoz, amelyek nagy mennyis\u00e9g\u0171 anyag gyors mozgat\u00e1s\u00e1t ig\u00e9nylik.<\/p>\n<h2>Tervez\u00e9si szempontok \u00e9s kiv\u00e1laszt\u00e1si krit\u00e9riumok<\/h2>\n<h3>Teherb\u00edr\u00e1s<\/h3>\n<p>A teherb\u00edr\u00e1s els\u0151dleges szempont a g\u00e9mhenger kiv\u00e1laszt\u00e1sakor. A biztons\u00e1gos \u00e9s hat\u00e9kony m\u0171k\u00f6d\u00e9s biztos\u00edt\u00e1sa \u00e9rdek\u00e9ben a teherb\u00edr\u00e1st a v\u00e1rhat\u00f3 maxim\u00e1lis terhel\u00e9sre kell m\u00e9retezni. Ennek a teherb\u00edr\u00e1snak az al\u00e1becsl\u00e9se katasztrof\u00e1lis meghib\u00e1sod\u00e1sokhoz vezethet, biztons\u00e1gi kock\u00e1zatokat jelenthet, \u00e9s k\u00f6lts\u00e9ges \u00e1ll\u00e1sid\u0151t eredm\u00e9nyezhet.<\/p>\n<h3>T\u00f6m\u00edt\u0151mechanizmus<\/h3>\n<p>A hat\u00e9kony t\u00f6m\u00edt\u00e9s kulcsfontoss\u00e1g\u00fa a hidraulikafolyad\u00e9k sziv\u00e1rg\u00e1s\u00e1nak megel\u0151z\u00e9s\u00e9ben, ami cs\u00f6kkent teljes\u00edtm\u00e9nyhez \u00e9s k\u00f6rnyezeti vesz\u00e9lyekhez vezethet. A t\u00f6m\u00edt\u00e9sek, p\u00e9ld\u00e1ul a dugatty\u00fat\u00f6m\u00edt\u00e9sek \u00e9s a r\u00fadt\u00f6m\u00edt\u00e9sek megv\u00e1laszt\u00e1sa befoly\u00e1solja a henger \u00e1ltal\u00e1nos hat\u00e9konys\u00e1g\u00e1t \u00e9s megb\u00edzhat\u00f3s\u00e1g\u00e1t.<\/p>\n<h3>Tart\u00f3ss\u00e1g<\/h3>\n<p>A tart\u00f3ss\u00e1g befoly\u00e1solja a hidraulikus henger hossz\u00fa \u00e9lettartam\u00e1t. A kop\u00e1snak \u00e9s korr\u00f3zi\u00f3nak ellen\u00e1ll\u00f3 anyagok kiv\u00e1laszt\u00e1sa elengedhetetlen a zord k\u00f6rnyezetben val\u00f3 alkalmaz\u00e1shoz. Egy j\u00f3l megtervezett henger ellen\u00e1ll a sz\u00e9ls\u0151s\u00e9ges k\u00f6r\u00fclm\u00e9nyeknek, meghosszabb\u00edtva ezzel \u00e9lettartam\u00e1t.<\/p>\n<h3>Biztons\u00e1gi funkci\u00f3k<\/h3>\n<p>A kezel\u0151k \u00e9s a g\u00e9pek v\u00e9delme \u00e9rdek\u00e9ben biztons\u00e1gi funkci\u00f3kat kell be\u00e9p\u00edteni a tervez\u00e9sbe. Ez mag\u00e1ban foglalja a t\u00falterhel\u00e9s elleni v\u00e9delmet \u00e9s a nyom\u00e1sszab\u00e1lyoz\u00f3 mechanizmusokat, amelyek megakad\u00e1lyozz\u00e1k, hogy a t\u00falzott nyom\u00e1s k\u00e1rokat vagy baleseteket okozzon.<\/p>\n<h3>Karbantart\u00e1si hozz\u00e1f\u00e9rhet\u0151s\u00e9g<\/h3>\n<p>A k\u00f6nny\u0171 karbantart\u00e1st szem el\u0151tt tart\u00f3 tervez\u00e9s elengedhetetlen a palack hossz\u00fa \u00e9lettartam\u00e1nak \u00e9s m\u0171k\u00f6d\u0151k\u00e9pess\u00e9g\u00e9nek biztos\u00edt\u00e1s\u00e1hoz. A gyors ellen\u0151rz\u00e9st \u00e9s a t\u00f6m\u00edt\u00e9sekhez vagy cserealkatr\u00e9szekhez val\u00f3 k\u00f6nny\u0171 hozz\u00e1f\u00e9r\u00e9st lehet\u0151v\u00e9 tev\u0151 funkci\u00f3k cs\u00f6kkentik az \u00e1ll\u00e1sid\u0151t \u00e9s a karbantart\u00e1si k\u00f6lts\u00e9geket.<\/p>\n<p><img decoding=\"async\" src=\"https:\/\/www.hydraulic-cylinders.net\/wp-content\/uploads\/2025\/04\/songte-oil-pipes-and-spare-parts.webp\" alt=\"Olajcs\u00f6vek \u00e9s alkatr\u00e9szek\" \/><\/p>\n<h2>T\u00f6m\u00edt\u00e9s \u00e9s ken\u00e9s<\/h2>\n<p>A g\u00e9mhenger t\u00f6m\u00edt\u0151rendszere k\u00fcl\u00f6nf\u00e9le t\u00f6m\u00edt\u00e9seket alkalmaz, p\u00e9ld\u00e1ul dugatty\u00fat\u00f6m\u00edt\u00e9seket \u00e9s r\u00fadt\u00f6m\u00edt\u00e9seket, amelyek tart\u00f3s anyagokb\u00f3l, p\u00e9ld\u00e1ul poliuret\u00e1nb\u00f3l vagy nitrilgumib\u00f3l k\u00e9sz\u00fclnek. Ezeket a t\u00f6m\u00edt\u00e9seket kifejezetten a kop\u00e1s\u00e1ll\u00f3s\u00e1gra tervezt\u00e9k, \u00e9s biztos\u00edtj\u00e1k, hogy a hidraulikafolyad\u00e9k a hengeren bel\u00fcl maradjon. Tov\u00e1bb\u00e1 a hengertest \u00e9s a menetes v\u00e9gek finom megmunk\u00e1l\u00e1s\u00faak a kop\u00e1s\u00e1ll\u00f3s\u00e1g fokoz\u00e1sa \u00e9rdek\u00e9ben.<\/p>\n<p>A megfelel\u0151 hidraulikaolajjal t\u00f6rt\u00e9n\u0151 rendszeres ken\u00e9s elengedhetetlen az optim\u00e1lis teljes\u00edtm\u00e9ny fenntart\u00e1s\u00e1hoz \u00e9s a kop\u00e1s megel\u0151z\u00e9s\u00e9hez. A megfelel\u0151 olajszint \u00e9s olajt\u00edpus biztos\u00edt\u00e1sa nagyban befoly\u00e1solhatja a hidraulikus henger hat\u00e9konys\u00e1g\u00e1t \u00e9s \u00e9lettartam\u00e1t.<\/p>\n<h2>Rendszeres ellen\u0151rz\u00e9s \u00e9s megel\u0151z\u0151 karbantart\u00e1s<\/h2>\n<ul>\n<li><strong>Rendszeres ellen\u0151rz\u00e9sek:<\/strong> V\u00e9gezzen rendszeres ellen\u0151rz\u00e9seket a kop\u00e1s vagy s\u00e9r\u00fcl\u00e9s jeleinek korai azonos\u00edt\u00e1sa \u00e9rdek\u00e9ben. Keressen sziv\u00e1rg\u00e1sokat, szokatlan zajokat vagy teljes\u00edtm\u00e9nyv\u00e1ltoz\u00e1sokat.<\/li>\n<li><strong>Megfelel\u0151 ken\u00e9s:<\/strong> Gondoskodjon arr\u00f3l, hogy a henger rendszeresen legyen kenve a megfelel\u0151 hidraulikaolajjal, hogy minimaliz\u00e1lja a t\u00f6m\u00edt\u00e9sek \u00e9s a mozg\u00f3 alkatr\u00e9szek s\u00farl\u00f3d\u00e1s\u00e1t \u00e9s kop\u00e1s\u00e1t.<\/li>\n<li><strong>T\u00f6m\u00edt\u00e9scsere:<\/strong> A t\u00f6m\u00edt\u00e9seket azonnal cser\u00e9lje ki, amint kop\u00e1s jeleit \u00e9szleli, hogy megakad\u00e1lyozza a folyad\u00e9ksziv\u00e1rg\u00e1st \u00e9s fenntartsa a teljes\u00edtm\u00e9nyt.<\/li>\n<\/ul>\n<h2>Telep\u00edt\u00e9si \u00fatmutat\u00f3<\/h2>\n<p>A g\u00e9mhenger megfelel\u0151 beszerel\u00e9se elengedhetetlen az optim\u00e1lis teljes\u00edtm\u00e9nyhez. Kezdje azzal, hogy a beszerel\u00e9si ter\u00fclet tiszta \u00e9s t\u00f6rmel\u00e9kmentes. Gondosan igaz\u00edtsa a hengert a r\u00f6gz\u00edt\u0151konzolokhoz, \u00fcgyelve arra, hogy megfelel\u0151en legyen al\u00e1t\u00e1masztva. Haszn\u00e1ljon megfelel\u0151 r\u00f6gz\u00edt\u0151konzolokat a henger r\u00f6gz\u00edt\u00e9s\u00e9hez, elker\u00fclve az esetlegesen id\u0151 el\u0151tti meghib\u00e1sod\u00e1shoz vezet\u0151 eltol\u00f3d\u00e1st.<\/p>\n<p>A beszerel\u00e9s ut\u00e1n ellen\u0151rizze a henger megfelel\u0151 mozg\u00e1s\u00e1t a teljes mozg\u00e1startom\u00e1ny\u00e1ban. Gy\u0151z\u0151dj\u00f6n meg arr\u00f3l, hogy minden hidraulikus csatlakoz\u00e1s r\u00f6gz\u00edtve van \u00e9s sziv\u00e1rg\u00e1smentes. A beszerel\u00e9st k\u00f6vet\u0151en javasolt a hidraulikus rendszert beind\u00edtani, \u00e9s figyelni az esetleges rendellenes zajokat vagy teljes\u00edtm\u00e9nyprobl\u00e9m\u00e1kat.<\/p>\n<h2>Gyakori karbantart\u00e1si feladatok<\/h2>\n<h3>Rendszeres ellen\u0151rz\u00e9sek<\/h3>\n<p>A rendszeres ellen\u0151rz\u00e9sek elengedhetetlenek a probl\u00e9m\u00e1k azonos\u00edt\u00e1s\u00e1hoz, miel\u0151tt azok s\u00falyosabb\u00e1 v\u00e1ln\u00e1nak. A kezel\u0151knek meg kell ismerkedni\u00fck a palack norm\u00e1l \u00fczemi k\u00f6r\u00fclm\u00e9nyeivel, \u00e9s figyelni\u00fck kell az ett\u0151l a szabv\u00e1nyt\u00f3l val\u00f3 b\u00e1rmilyen elt\u00e9r\u00e9sre.<\/p>\n<h3>Megfelel\u0151 ken\u00e9s<\/h3>\n<p>A megfelel\u0151 ken\u00e9s elengedhetetlen a mozg\u00f3 alkatr\u00e9szek k\u00f6z\u00f6tti s\u00farl\u00f3d\u00e1s minimaliz\u00e1l\u00e1s\u00e1hoz. A kezel\u0151knek be kell tartaniuk a gy\u00e1rt\u00f3 ir\u00e1nyelveit a ken\u00e9s t\u00edpus\u00e1ra \u00e9s gyakoris\u00e1g\u00e1ra vonatkoz\u00f3an, biztos\u00edtva, hogy minden t\u00f6m\u00edt\u00e9s \u00e9s mozg\u00f3 alkatr\u00e9sz megfelel\u0151 figyelmet kapjon.<\/p>\n<h3>T\u00f6m\u00edt\u00e9s csere<\/h3>\n<p>A t\u00f6m\u00edt\u00e9sek cser\u00e9je alapvet\u0151 karbantart\u00e1si feladat. A t\u00f6m\u00edt\u00e9sek cser\u00e9j\u00e9nek sz\u00fcks\u00e9gess\u00e9g\u00e9re utal\u00f3 jelek lehetnek a l\u00e1that\u00f3 kop\u00e1s, a sziv\u00e1rg\u00e1sok vagy a cs\u00f6kkent teljes\u00edtm\u00e9ny. A t\u00f6m\u00edt\u00e9sek rendszeres ellen\u0151rz\u00e9se megel\u0151zheti a folyad\u00e9kvesztes\u00e9ggel \u00e9s a rendszer hat\u00e1stalans\u00e1g\u00e1val kapcsolatos nagyobb probl\u00e9m\u00e1kat.<\/p>\n<h2>Biztons\u00e1gi szempontok \u00e9s k\u00f6rnyezeti t\u00e9nyez\u0151k<\/h2>\n<p>Hidraulikus hengerek haszn\u00e1latakor a biztons\u00e1gi int\u00e9zked\u00e9sek kiemelked\u0151en fontosak. A kezel\u0151ket ki kell k\u00e9pezni a hidraulikus rendszerekkel kapcsolatos lehets\u00e9ges vesz\u00e9lyek, p\u00e9ld\u00e1ul a nagynyom\u00e1s\u00fa folyad\u00e9kki\u00f6ml\u00e9s meg\u00e9rt\u00e9s\u00e9re. Mindig megfelel\u0151 szem\u00e9lyi v\u00e9d\u0151felszerel\u00e9st (PPE) kell viselni. Ezenk\u00edv\u00fcl figyelembe kell venni a k\u00f6rnyezetv\u00e9delmi szempontokat, k\u00fcl\u00f6n\u00f6sen a folyad\u00e9ksziv\u00e1rg\u00e1sokat, amelyek kock\u00e1zatot jelenthetnek mind a szem\u00e9lyzetre, mind a k\u00f6rnyezetre.<\/p>\n<h2>Hibadiagn\u00f3zis \u00e9s gyakori probl\u00e9m\u00e1k<\/h2>\n<ul>\n<li><strong>Sziv\u00e1rg\u00e1s:<\/strong> Sziv\u00e1rg\u00e1s el\u0151fordulhat a t\u00f6m\u00edt\u00e9sek kop\u00e1sa vagy a henger s\u00e9r\u00fcl\u00e9se miatt. Azonnali ellen\u0151rz\u00e9s \u00e9s jav\u00edt\u00e1s sz\u00fcks\u00e9ges a folyad\u00e9kvesztes\u00e9g megel\u0151z\u00e9se \u00e9rdek\u00e9ben.<\/li>\n<li><strong>Cs\u00f6kkentett teljes\u00edtm\u00e9ny:<\/strong> A teljes\u00edtm\u00e9ny cs\u00f6kken\u00e9se a hidraulikafolyad\u00e9kkal kapcsolatos probl\u00e9m\u00e1kra vagy bels\u0151 s\u00e9r\u00fcl\u00e9sre utalhat. A folyad\u00e9kszint \u00e9s -min\u0151s\u00e9g ellen\u0151rz\u00e9se seg\u00edthet a probl\u00e9ma diagnosztiz\u00e1l\u00e1s\u00e1ban.<\/li>\n<li><strong>Szokatlan zajok:<\/strong> A csikorg\u00f3 vagy kopog\u00f3 hangok mechanikai probl\u00e9m\u00e1kra utalhatnak a hengerben vagy a r\u00f6gz\u00edt\u0151konzolokban. Az ok meg\u00e1llap\u00edt\u00e1s\u00e1hoz vizsg\u00e1lat sz\u00fcks\u00e9ges.<\/li>\n<\/ul>\n<h2>Hibaelh\u00e1r\u00edt\u00e1si tippek<\/h2>\n<p>A hengerrel kapcsolatos probl\u00e9m\u00e1k hat\u00e9kony diagnosztiz\u00e1l\u00e1sa \u00e9s megold\u00e1sa \u00e9rdek\u00e9ben a kezel\u0151knek k\u00f6vetni\u00fck kell a hibaelh\u00e1r\u00edt\u00e1si l\u00e9p\u00e9seket. Ha a henger sziv\u00e1rog, alaposan ellen\u0151rizze az \u00f6sszes t\u00f6m\u00edt\u00e9st \u00e9s szerelv\u00e9nyt, \u00e9s cser\u00e9lje ki a s\u00e9r\u00fclt alkatr\u00e9szeket. Teljes\u00edtm\u00e9nyprobl\u00e9m\u00e1k eset\u00e9n ellen\u0151rizze a hidraulikafolyad\u00e9k szintj\u00e9t \u00e9s min\u0151s\u00e9g\u00e9t, \u00fcgyelve arra, hogy a folyad\u00e9k mentes legyen a szennyez\u0151d\u00e9sekt\u0151l. A hidraulikus rendszer rendszeres karbantart\u00e1sa seg\u00edt enyh\u00edteni a lehets\u00e9ges probl\u00e9m\u00e1kat \u00e9s n\u00f6veli az \u00e9lettartamot.<\/p>\n<p><img decoding=\"async\" src=\"https:\/\/www.hydraulic-cylinders.net\/wp-content\/uploads\/2025\/04\/songte-bushings-with-all-kinds-of-excavator-models.webp\" alt=\"Persely kotr\u00f3g\u00e9p modellekhez\" \/><\/p>\n<h2>C\u00e9ginform\u00e1ci\u00f3<\/h2>\n<p>Vezet\u0151 gy\u00e1rt\u00f3 \u00e9s nagykeresked\u0151 vagyunk a p\u00f3talkatr\u00e9szk\u00e9nt szolg\u00e1l\u00f3 hidraulikus munkahengerek ter\u00e9n, \u00e1tfog\u00f3 term\u00e9kv\u00e1laszt\u00e9kot k\u00edn\u00e1lva mind a hazai, mind a nemzetk\u00f6zi piacok sz\u00e1m\u00e1ra. A min\u0151s\u00e9g ir\u00e1nti elk\u00f6telezetts\u00e9g\u00fcnk a kifinomult gy\u00e1rt\u00e1si folyamatainkban, valamint a fejlett digit\u00e1lis gy\u00e1rt\u00f3berendez\u00e9sek \u00e9s professzion\u00e1lis tesztel\u0151rendszerek haszn\u00e1lat\u00e1ban nyilv\u00e1nul meg.<\/p>\n<p>Gy\u00e1rt\u00e1si kapacit\u00e1sunk folyamatos fejleszt\u00e9s\u00e9vel biztos\u00edtjuk, hogy term\u00e9keink megfeleljenek a hat\u00e9konys\u00e1g, a pontoss\u00e1g \u00e9s a min\u0151s\u00e9g magas k\u00f6vetelm\u00e9nyeinek. Az \u00fcgyf\u00e9l-el\u00e9gedetts\u00e9gre val\u00f3 \u00f6sszpontos\u00edt\u00e1sunk arra \u00f6szt\u00f6n\u00f6z minket, hogy szem\u00e9lyre szabott megold\u00e1sokat, nemzetk\u00f6zi tan\u00fas\u00edtv\u00e1nyokat \u00e9s kiv\u00e9teles \u00e9rt\u00e9kes\u00edt\u00e9s ut\u00e1ni szolg\u00e1ltat\u00e1st ny\u00fajtsunk \u00fcgyfeleink sokr\u00e9t\u0171 ig\u00e9nyeinek kiel\u00e9g\u00edt\u00e9s\u00e9re.<\/p>\n<p><img decoding=\"async\" src=\"https:\/\/www.hydraulic-cylinders.net\/wp-content\/uploads\/2025\/04\/songte-company-4.webp\" alt=\"C\u00e9gk\u00e9p 1\" \/><br \/>\n<img decoding=\"async\" src=\"https:\/\/www.hydraulic-cylinders.net\/wp-content\/uploads\/2025\/04\/songte-company-3.webp\" alt=\"C\u00e9gk\u00e9p 2\" \/><\/p>\n<p>Szerz\u0151: lyl<\/p>","protected":false},"excerpt":{"rendered":"<p>Boom Cylinder For Sumitomo Large Excavator SH460HD-5 Product Overview The Boom Cylinder for the Sumitomo Large Excavator SH460HD-5 is a vital component that plays a significant role in the efficient functioning of heavy machinery. This hydraulic cylinder is specifically designed to control the movement of the excavator&#8217;s boom, allowing it to lift, lower, and tilt [&hellip;]<\/p>","protected":false},"featured_media":17867,"comment_status":"open","ping_status":"closed","template":"","meta":{"_et_pb_use_builder":"","_et_pb_old_content":"","_et_gb_content_width":""},"product_brand":[],"product_cat":[1546],"product_tag":[1547,1496],"class_list":{"0":"post-18910","1":"product","2":"type-product","3":"status-publish","4":"has-post-thumbnail","6":"product_cat-boom-cylinders","7":"product_tag-boom-cylinders","8":"product_tag-hydraulic-cylinders","10":"first","11":"instock","12":"shipping-taxable","13":"product-type-simple"},"amp_enabled":true,"_links":{"self":[{"href":"https:\/\/www.hydraulic-cylinders.net\/hu\/wp-json\/wp\/v2\/product\/18910","targetHints":{"allow":["GET"]}}],"collection":[{"href":"https:\/\/www.hydraulic-cylinders.net\/hu\/wp-json\/wp\/v2\/product"}],"about":[{"href":"https:\/\/www.hydraulic-cylinders.net\/hu\/wp-json\/wp\/v2\/types\/product"}],"replies":[{"embeddable":true,"href":"https:\/\/www.hydraulic-cylinders.net\/hu\/wp-json\/wp\/v2\/comments?post=18910"}],"wp:featuredmedia":[{"embeddable":true,"href":"https:\/\/www.hydraulic-cylinders.net\/hu\/wp-json\/wp\/v2\/media\/17867"}],"wp:attachment":[{"href":"https:\/\/www.hydraulic-cylinders.net\/hu\/wp-json\/wp\/v2\/media?parent=18910"}],"wp:term":[{"taxonomy":"product_brand","embeddable":true,"href":"https:\/\/www.hydraulic-cylinders.net\/hu\/wp-json\/wp\/v2\/product_brand?post=18910"},{"taxonomy":"product_cat","embeddable":true,"href":"https:\/\/www.hydraulic-cylinders.net\/hu\/wp-json\/wp\/v2\/product_cat?post=18910"},{"taxonomy":"product_tag","embeddable":true,"href":"https:\/\/www.hydraulic-cylinders.net\/hu\/wp-json\/wp\/v2\/product_tag?post=18910"}],"curies":[{"name":"munkaf\u00fczet","href":"https:\/\/api.w.org\/{rel}","templated":true}]}}