{"id":18926,"date":"2025-04-07T06:02:34","date_gmt":"2025-04-07T06:02:34","guid":{"rendered":"https:\/\/www.hydraulic-cylinders.net\/product\/boom-cylinder-for-caterpillar-small-excavator-e306ez\/"},"modified":"2025-04-07T06:02:37","modified_gmt":"2025-04-07T06:02:37","slug":"boom-cylinder-for-caterpillar-small-excavator-e306ez","status":"publish","type":"product","link":"https:\/\/www.hydraulic-cylinders.net\/hu\/termek\/boom-cylinder-for-caterpillar-small-excavator-e306ez\/","title":{"rendered":"G\u00e9mhenger Caterpillar kis kotr\u00f3g\u00e9phez E306EZ"},"content":{"rendered":"<h1>G\u00e9mhenger Caterpillar kis kotr\u00f3g\u00e9phez E306EZ<\/h1>\n<h2>Term\u00e9k\u00e1ttekint\u00e9s<\/h2>\n<p>A Caterpillar E306EZ kis kotr\u00f3g\u00e9p g\u00e9mhengere kritikus fontoss\u00e1g\u00fa alkatr\u00e9sz a hidraulikus rendszerekben, amelyet kifejezetten a k\u00fcl\u00f6nf\u00e9le neh\u00e9zg\u00e9pek g\u00e9mj\u00e9nek mozg\u00e1s\u00e1nak vez\u00e9rl\u00e9s\u00e9re terveztek. Ezek a hengerek lehet\u0151v\u00e9 teszik a kotr\u00f3g\u00e9p g\u00e9mj\u00e9nek emel\u00e9s\u00e9t, s\u00fcllyeszt\u00e9s\u00e9t \u00e9s billent\u00e9s\u00e9t, megk\u00f6nny\u00edtve a hat\u00e9kony anyagmozgat\u00e1si feladatokat. A kan\u00e1lhenger egy olyan hidraulikus henger, amely l\u00e9tfontoss\u00e1g\u00fa szerepet j\u00e1tszik a kotr\u00f3g\u00e9pek, kotr\u00f3rakod\u00f3k \u00e9s homlokrakod\u00f3k m\u0171k\u00f6d\u00e9s\u00e9ben, lehet\u0151v\u00e9 t\u00e9ve a g\u00e9p m\u0171k\u00f6d\u00e9s\u00e9nek pontos vez\u00e9rl\u00e9s\u00e9t.<\/p>\n<p><img decoding=\"async\" src=\"https:\/\/www.hydraulic-cylinders.net\/wp-content\/uploads\/2025\/04\/songte-company-1.webp\" alt=\"G\u00e9mhenger\"><\/p>\n<h2>F\u0151bb jellemz\u0151k<\/h2>\n<ul>\n<li><strong>Nagy szil\u00e1rds\u00e1g \u00e9s tart\u00f3ss\u00e1g:<\/strong> Ezek a hengerek jellemz\u0151en nagy szil\u00e1rds\u00e1g\u00fa ac\u00e9lb\u00f3l vagy alum\u00edniumb\u00f3l k\u00e9sz\u00fclnek, \u00e9s ellen\u00e1llnak a nagy nyom\u00e1snak \u00e9s a neh\u00e9z terhel\u00e9seknek. \u00dagy tervezt\u00e9k \u0151ket, hogy zord munkak\u00f6r\u00fclm\u00e9nyeket viseljenek el, a kop\u00e1s\u00e1ll\u00f3s\u00e1gnak \u00e9s a korr\u00f3zi\u00f3v\u00e9delemnek k\u00f6sz\u00f6nhet\u0151en biztos\u00edtva a hossz\u00fa \u00e9lettartamot.<\/li>\n<li><strong>Hat\u00e9kony hidraulikus m\u0171k\u00f6dtet\u00e9s:<\/strong> A hidraulikaolaj nyom\u00e1s\u00e1t kihaszn\u00e1lva a g\u00e9mhengerek sima kitol\u00e1st \u00e9s visszah\u00faz\u00e1st biztos\u00edtanak. Gyorsan reag\u00e1lnak a vez\u00e9rl\u0151parancsokra, er\u0151teljes tol\u00f3- \u00e9s h\u00faz\u00f3er\u0151t biztos\u00edtva, ami ide\u00e1lis neh\u00e9z anyagok \u00e9s \u00f6sszetett feladatok kezel\u00e9s\u00e9hez.<\/li>\n<li><strong>K\u00fcl\u00f6nb\u00f6z\u0151 t\u00edpusok:<\/strong> A g\u00e9mhengerek k\u00fcl\u00f6nf\u00e9le t\u00edpusokban kaphat\u00f3k, bele\u00e9rtve az egyszeres m\u0171k\u00f6d\u00e9s\u0171 (egy ir\u00e1nyban m\u0171k\u00f6d\u0151) \u00e9s a kett\u0151s m\u0171k\u00f6d\u00e9s\u0171 (mindk\u00e9t ir\u00e1nyban m\u0171k\u00f6d\u0151) opci\u00f3kat. Bizonyos modellek teleszk\u00f3pos kialak\u00edt\u00e1s\u00faak, amelyek nagyobb kiny\u00fal\u00e1st tesznek lehet\u0151v\u00e9 a k\u00fcls\u0151 m\u00e9retek n\u00f6vel\u00e9se n\u00e9lk\u00fcl, \u00edgy alkalmasak a helysz\u0171k\u00e9ben l\u00e9v\u0151 alkalmaz\u00e1sokhoz.<\/li>\n<li><strong>Egyedi gy\u00e1rt\u00e1s:<\/strong> Term\u00e9keinket prec\u00edzen gy\u00e1rtjuk, \u00e9s t\u00f6k\u00e9letesen helyettes\u00edthetik a megl\u00e9v\u0151 hidraulikus hengereket, biztos\u00edtva a z\u00f6kken\u0151mentes integr\u00e1ci\u00f3t \u00e9s teljes\u00edtm\u00e9nyt.<\/li>\n<li><strong>Min\u0151s\u00e9gbiztos\u00edt\u00e1s:<\/strong> Minden egyes henger szigor\u00fa min\u0151s\u00e9gellen\u0151rz\u00e9sen esik \u00e1t, \u00e9s megfelel az ipari szabv\u00e1nyoknak, biztos\u00edtva a megb\u00edzhat\u00f3s\u00e1got \u00e9s az optim\u00e1lis teljes\u00edtm\u00e9nyt a k\u00fcl\u00f6nf\u00e9le alkalmaz\u00e1sokban.<\/li>\n<\/ul>\n<p><img decoding=\"async\" src=\"https:\/\/www.hydraulic-cylinders.net\/wp-content\/uploads\/2025\/04\/songte-cylinder-head-with-all-kinds-excavator-models.webp\" alt=\"Caterpillar kotr\u00f3g\u00e9p modellek\"><\/p>\n<h2>Alkalmaz\u00e1si forgat\u00f3k\u00f6nyvek<\/h2>\n<h3>\u00c9p\u00edt\u0151ipari berendez\u00e9sek<\/h3>\n<p>Az \u00e9p\u00edt\u0151ipari berendez\u00e9sekben, p\u00e9ld\u00e1ul a kotr\u00f3g\u00e9pekben a g\u00e9mhengerek elengedhetetlenek az \u00e1s\u00e1shoz, rakod\u00e1shoz \u00e9s a talaj vagy t\u00f6rmel\u00e9k mozgat\u00e1s\u00e1hoz. A g\u00e9m elfordul\u00e1s\u00e1nak \u00e9s k\u00fcl\u00f6nb\u00f6z\u0151 sz\u00f6gek el\u00e9r\u00e9s\u00e9nek k\u00e9pess\u00e9ge n\u00f6veli a kotr\u00f3g\u00e9p m\u0171k\u00f6d\u00e9si sokoldal\u00fas\u00e1g\u00e1t. A kotr\u00f3g\u00e9p-rakod\u00f3kban a g\u00e9mhenger nemcsak a f\u00f6ldmunk\u00e1ban seg\u00edt, hanem a neh\u00e9z terhek emel\u00e9s\u00e9ben is, \u00edgy a g\u00e9p n\u00e9lk\u00fcl\u00f6zhetetlen r\u00e9sz\u00e9v\u00e9 v\u00e1lik.<\/p>\n<h3>Mez\u0151gazdas\u00e1gi g\u00e9pek<\/h3>\n<p>A mez\u0151gazdas\u00e1gban a homlokrakod\u00f3k g\u00e9mhengereket haszn\u00e1lnak a talaj, sz\u00e9na \u00e9s egy\u00e9b anyagok mer\u00e9s\u00e9re, emel\u00e9s\u00e9re \u00e9s sz\u00e1ll\u00edt\u00e1s\u00e1ra. Az ezek \u00e1ltal a hengerek \u00e1ltal k\u00edn\u00e1lt prec\u00edz vez\u00e9rl\u00e9s lehet\u0151v\u00e9 teszi a gazd\u00e1lkod\u00f3k sz\u00e1m\u00e1ra, hogy hat\u00e9konyan kezelj\u00e9k feladataikat, a gabona rakod\u00e1s\u00e1t\u00f3l a f\u00f6ldek megtiszt\u00edt\u00e1s\u00e1ig.<\/p>\n<h3>Kotr\u00f3g\u00e9pek<\/h3>\n<p>A kotr\u00f3g\u00e9pekn\u00e9l a g\u00e9mhenger megk\u00f6nny\u00edti az \u00e1s\u00e1si m\u0171veletet az\u00e1ltal, hogy lehet\u0151v\u00e9 teszi a kan\u00e1l talajba hatol\u00e1s\u00e1t. Ez a k\u00e9pess\u00e9g kulcsfontoss\u00e1g\u00fa a munkater\u00fcletek termel\u00e9kenys\u00e9g\u00e9nek fenntart\u00e1s\u00e1hoz, a f\u00f6ldmunk\u00e1k gyorsabb elv\u00e9gz\u00e9s\u00e9hez \u00e9s az \u00e1ltal\u00e1nos m\u0171k\u00f6d\u00e9si hat\u00e9konys\u00e1g n\u00f6vel\u00e9s\u00e9hez.<\/p>\n<h3>Rakod\u00f3k<\/h3>\n<p>A homlokrakod\u00f3kban a g\u00e9mhengerek felel\u0151sek a rakom\u00e1nyok hat\u00e9kony emel\u00e9s\u00e9\u00e9rt \u00e9s billent\u00e9s\u00e9\u00e9rt. Ez a funkci\u00f3 l\u00e9tfontoss\u00e1g\u00fa olyan anyagok mozgat\u00e1sakor, mint a kavics, homok vagy \u00e9p\u00edt\u00e9si t\u00f6rmel\u00e9k, \u00edgy a rakod\u00f3 sokoldal\u00fa eszk\u00f6z az \u00e9p\u00edt\u00e9si \u00e9s tereprendez\u00e9si projektekben.<\/p>\n<h2>Tervez\u00e9si szempontok \u00e9s kiv\u00e1laszt\u00e1si krit\u00e9riumok<\/h2>\n<h3>Teherb\u00edr\u00e1s<\/h3>\n<p>A g\u00e9mhenger teherb\u00edr\u00e1sa kritikus tervez\u00e9si szempont, mivel ez hat\u00e1rozza meg a henger \u00e1ltal biztons\u00e1gosan elb\u00edrt maxim\u00e1lis s\u00falyt. A gy\u00e1rt\u00f3knak biztos\u00edtaniuk kell, hogy a henger a tervezett felhaszn\u00e1l\u00e1sra legyen m\u00e9retezve, figyelembe v\u00e9ve mind a statikus, mind a dinamikus terhel\u00e9seket. A t\u00falterhel\u00e9s id\u0151 el\u0151tti meghib\u00e1sod\u00e1shoz vezethet, ami hangs\u00falyozza a pontos terhel\u00e9s\u00e9rt\u00e9kel\u00e9s fontoss\u00e1g\u00e1t a kiv\u00e1laszt\u00e1si folyamat sor\u00e1n.<\/p>\n<h3>T\u00f6m\u00edt\u00e9s<\/h3>\n<p>A hat\u00e9kony t\u00f6m\u00edt\u00e9s elengedhetetlen a hidraulikus hengerekhez a folyad\u00e9ksziv\u00e1rg\u00e1s megakad\u00e1lyoz\u00e1sa \u00e9s a teljes\u00edtm\u00e9ny fenntart\u00e1sa \u00e9rdek\u00e9ben. A tart\u00f3s anyagokb\u00f3l, p\u00e9ld\u00e1ul poliuret\u00e1nb\u00f3l vagy nitrilgumib\u00f3l k\u00e9sz\u00fclt, kiv\u00e1l\u00f3 min\u0151s\u00e9g\u0171 t\u00f6m\u00edt\u00e9sek, p\u00e9ld\u00e1ul dugatty\u00fat\u00f6m\u00edt\u00e9sek \u00e9s r\u00fadt\u00f6m\u00edt\u00e9sek elengedhetetlenek a hossz\u00fa t\u00e1v\u00fa m\u0171k\u00f6d\u00e9s biztos\u00edt\u00e1s\u00e1hoz. A megfelel\u0151 t\u00f6m\u00edt\u00e9skialak\u00edt\u00e1s minimaliz\u00e1lja a kop\u00e1st \u00e9s n\u00f6veli a hidraulikus rendszer \u00e1ltal\u00e1nos megb\u00edzhat\u00f3s\u00e1g\u00e1t.<\/p>\n<h3>Tart\u00f3ss\u00e1g<\/h3>\n<p>A tart\u00f3ss\u00e1g kiemelked\u0151 fontoss\u00e1g\u00fa a g\u00e9mhengerek eset\u00e9ben, k\u00fcl\u00f6n\u00f6sen a zord m\u0171k\u00f6d\u00e9si k\u00f6rnyezet miatt. Az olyan t\u00e9nyez\u0151k, mint az anyagv\u00e1laszt\u00e1s, a fel\u00fcletkezel\u00e9s \u00e9s a kialak\u00edt\u00e1s geometri\u00e1ja mind hozz\u00e1j\u00e1rulnak a henger kop\u00e1s-, f\u00e1rad\u00e1s- \u00e9s k\u00f6rnyezeti stresszorokkal szembeni ellen\u00e1ll\u00e1s\u00e1hoz. A gy\u00e1rt\u00f3k gyakran fejlett bevonatokat \u00e9s anyagokat alkalmaznak a kop\u00e1s- \u00e9s korr\u00f3zi\u00f3\u00e1ll\u00f3s\u00e1g fokoz\u00e1sa, biztos\u00edtva a hossz\u00fa \u00e9lettartamot.<\/p>\n<h3>Biztons\u00e1g<\/h3>\n<p>A g\u00e9mhengerek tervez\u00e9s\u00e9be biztons\u00e1gi elemeket kell be\u00e9p\u00edteni a kezel\u0151k \u00e9s a g\u00e9pek v\u00e9delme \u00e9rdek\u00e9ben. Ez mag\u00e1ban foglalja azokat a tervez\u00e9si elemeket, amelyek megakad\u00e1lyozz\u00e1k a henger terhel\u00e9s alatti meghib\u00e1sod\u00e1s\u00e1t, valamint azokat a mechanizmusokat, amelyek biztos\u00edtj\u00e1k a megfelel\u0151 telep\u00edt\u00e9st \u00e9s m\u0171k\u00f6d\u00e9st. A rendszeres karbantart\u00e1s \u00e9s ellen\u0151rz\u00e9sek szint\u00e9n kritikus fontoss\u00e1g\u00faak a potenci\u00e1lis biztons\u00e1gi probl\u00e9m\u00e1k azonos\u00edt\u00e1s\u00e1hoz, miel\u0151tt azok s\u00falyosbodn\u00e1nak.<\/p>\n<h3>Karbantarthat\u00f3s\u00e1g<\/h3>\n<p>A karbantarthat\u00f3s\u00e1g szem el\u0151tt tart\u00e1sa mag\u00e1ban foglalja a k\u00f6nnyen szervizelhet\u0151 \u00e9s jav\u00edthat\u00f3 g\u00e9mhengerek l\u00e9trehoz\u00e1s\u00e1t. Ez mag\u00e1ban foglalja a t\u00f6m\u00edt\u00e9sekhez, csap\u00e1gyakhoz \u00e9s egy\u00e9b, rendszeres karbantart\u00e1st ig\u00e9nyl\u0151 alkatr\u00e9szekhez val\u00f3 k\u00f6nny\u0171 hozz\u00e1f\u00e9r\u00e9s szempontjait is. A karbantart\u00e1si elj\u00e1r\u00e1sokra vonatkoz\u00f3 egy\u00e9rtelm\u0171 ir\u00e1nyelvek megad\u00e1sa jelent\u0151sen meghosszabb\u00edthatja a hidraulikus henger \u00e9lettartam\u00e1t \u00e9s biztos\u00edthatja az \u00e1lland\u00f3 teljes\u00edtm\u00e9nyt.<\/p>\n<p><img decoding=\"async\" src=\"https:\/\/www.hydraulic-cylinders.net\/wp-content\/uploads\/2025\/04\/songte-oil-pipes-and-spare-parts.webp\" alt=\"Hidraulikus alkatr\u00e9szek\"><\/p>\n<h2>T\u00f6m\u00edt\u00e9s \u00e9s ken\u00e9s<\/h2>\n<p>A megfelel\u0151 t\u00f6m\u00edt\u00e9s \u00e9s ken\u00e9s elengedhetetlen a g\u00e9mhengerek hossz\u00fa \u00e9lettartam\u00e1hoz \u00e9s hat\u00e9kony m\u0171k\u00f6d\u00e9s\u00e9hez. K\u00fcl\u00f6nb\u00f6z\u0151 t\u00f6m\u00edt\u0151elemeket, bele\u00e9rtve a dugatty\u00fat\u00f6m\u00edt\u00e9seket \u00e9s a r\u00fadt\u00f6m\u00edt\u00e9seket, haszn\u00e1lnak a hidraulikafolyad\u00e9k sziv\u00e1rg\u00e1s\u00e1nak megakad\u00e1lyoz\u00e1s\u00e1ra \u00e9s a szennyez\u0151d\u00e9sek hengerb\u0151l val\u00f3 t\u00e1vol tart\u00e1s\u00e1ra. A kop\u00e1s\u00e1ll\u00f3 anyagokb\u00f3l, p\u00e9ld\u00e1ul poliuret\u00e1nb\u00f3l \u00e9s nitrilgumib\u00f3l k\u00e9sz\u00fclt t\u00f6m\u00edt\u00e9seket \u00e1ltal\u00e1ban tart\u00f3ss\u00e1guk miatt v\u00e1lasztj\u00e1k. Ezenk\u00edv\u00fcl a hengertest \u00e9s a menetes v\u00e9gfel\u00fcletek finom megmunk\u00e1l\u00e1son esnek \u00e1t a kop\u00e1s\u00e1ll\u00f3s\u00e1g fokoz\u00e1sa \u00e9rdek\u00e9ben.<\/p>\n<p>A hidraulikaolajjal t\u00f6rt\u00e9n\u0151 rendszeres ken\u00e9s elengedhetetlen az optim\u00e1lis teljes\u00edtm\u00e9ny fenntart\u00e1s\u00e1hoz. A megfelel\u0151 ken\u00e9s cs\u00f6kkenti a mozg\u00f3 alkatr\u00e9szek k\u00f6z\u00f6tti s\u00farl\u00f3d\u00e1st, megakad\u00e1lyozza a korai kop\u00e1st \u00e9s biztos\u00edtja a z\u00f6kken\u0151mentes m\u0171k\u00f6d\u00e9st. A hidraulikafolyad\u00e9k szintj\u00e9nek ellen\u0151rz\u00e9s\u00e9re \u00e9s felt\u00f6lt\u00e9s\u00e9re vonatkoz\u00f3 rutin kialak\u00edt\u00e1sa jelent\u0151sen befoly\u00e1solhatja a henger \u00e1ltal\u00e1nos hat\u00e9konys\u00e1g\u00e1t \u00e9s tart\u00f3ss\u00e1g\u00e1t.<\/p>\n<h2>Megel\u0151z\u0151 karbantart\u00e1si int\u00e9zked\u00e9sek<\/h2>\n<ul>\n<li><strong>Rendszeres ellen\u0151rz\u00e9sek:<\/strong> V\u00e9gezzen rendszeres ellen\u0151rz\u00e9seket a kop\u00e1s, sziv\u00e1rg\u00e1sok vagy s\u00e9r\u00fcl\u00e9sek jeleinek azonos\u00edt\u00e1sa \u00e9rdek\u00e9ben. M\u0171k\u00f6d\u00e9s k\u00f6zben figyeljen a szokatlan zajokra, amelyek bels\u0151 probl\u00e9m\u00e1kra utalhatnak.<\/li>\n<li><strong>Ken\u00e9s ellen\u0151rz\u00e9se:<\/strong> A sz\u00e1razon m\u0171k\u00f6d\u00e9s elker\u00fcl\u00e9se \u00e9rdek\u00e9ben gondoskodjon a megfelel\u0151 ken\u00e9sr\u0151l a hidraulikafolyad\u00e9k szintj\u00e9nek rendszeres ellen\u0151rz\u00e9s\u00e9vel \u00e9s sz\u00fcks\u00e9g szerinti felt\u00f6lt\u00e9s\u00e9vel.<\/li>\n<li><strong>T\u00f6m\u00edt\u00e9scsere:<\/strong> Figyelje a t\u00f6m\u00edt\u00e9sek kop\u00e1s\u00e1nak jeleit, \u00e9s azonnal cser\u00e9lje ki azokat a hat\u00e9konys\u00e1g fenntart\u00e1sa \u00e9s a sziv\u00e1rg\u00e1sok megel\u0151z\u00e9se \u00e9rdek\u00e9ben.<\/li>\n<\/ul>\n<h2>Telep\u00edt\u00e9si \u00fatmutat\u00f3<\/h2>\n<p>A g\u00e9mhenger megfelel\u0151 beszerel\u00e9se elengedhetetlen az optim\u00e1lis teljes\u00edtm\u00e9nyhez. Kezdje a henger \u00e9s a r\u00f6gz\u00edt\u0151konzolok illeszt\u00e9s\u00e9vel, \u00fcgyelve arra, hogy minden alkatr\u00e9sz megfelel\u0151en illeszkedjen, hogy elker\u00fclje a t\u00falzott terhel\u00e9st. Haszn\u00e1ljon megfelel\u0151 r\u00f6gz\u00edt\u0151konzolokat a henger r\u00f6gz\u00edt\u00e9s\u00e9hez, mivel ez seg\u00edt megtartani a helyzet\u00e9t m\u0171k\u00f6d\u00e9s k\u00f6zben.<\/p>\n<p>A biztons\u00e1gos r\u00f6gz\u00edt\u00e9s \u00e9rdek\u00e9ben k\u00f6vesse a gy\u00e1rt\u00f3 nyomat\u00e9kbe\u00e1ll\u00edt\u00e1sokra \u00e9s r\u00f6gz\u00edt\u0151elemekre vonatkoz\u00f3 el\u0151\u00edr\u00e1sait. Fontos ellen\u0151rizni azt is, hogy a hidraulikus vezet\u00e9kek megfelel\u0151en vannak-e csatlakoztatva, \u00e9s nincsenek-e t\u00f6r\u00e9s- vagy akad\u00e1lymentesek. A telep\u00edt\u00e9s ut\u00e1n tesztelje a rendszer megfelel\u0151 m\u0171k\u00f6d\u00e9s\u00e9t, \u00e9s a teljes \u00fczembe helyez\u00e9s el\u0151tt ellen\u0151rizze, hogy nincs-e sziv\u00e1rg\u00e1s vagy rendelleness\u00e9g.<\/p>\n<h2>Gyakori karbantart\u00e1si feladatok<\/h2>\n<ul>\n<li><strong>Rendszeres ellen\u0151rz\u00e9sek:<\/strong> V\u00e9gezzen ellen\u0151rz\u00e9seket a kop\u00e1s \u00e9s a s\u00e9r\u00fcl\u00e9sek azonos\u00edt\u00e1sa \u00e9rdek\u00e9ben. Ez a proakt\u00edv int\u00e9zked\u00e9s seg\u00edthet megel\u0151zni a katasztrof\u00e1lis meghib\u00e1sod\u00e1sokat.<\/li>\n<li><strong>Megfelel\u0151 ken\u00e9s:<\/strong> Gondoskodjon a hidraulikaolaj szintj\u00e9nek fenntart\u00e1s\u00e1r\u00f3l, \u00e9s a ken\u00e9s rendszeres id\u0151k\u00f6z\u00f6nk\u00e9nt t\u00f6rt\u00e9n\u0151 elv\u00e9gz\u00e9s\u00e9r\u0151l a s\u00farl\u00f3d\u00e1s \u00e9s a kop\u00e1s minimaliz\u00e1l\u00e1sa \u00e9rdek\u00e9ben.<\/li>\n<li><strong>T\u00f6m\u00edt\u00e9scsere:<\/strong> Rendszeresen ellen\u0151rizze a t\u00f6m\u00edt\u00e9sek kop\u00e1s\u00e1t, \u00e9s cser\u00e9lje ki azokat a sziv\u00e1rg\u00e1sok megel\u0151z\u00e9se \u00e9s a rendszer integrit\u00e1s\u00e1nak meg\u0151rz\u00e9se \u00e9rdek\u00e9ben.<\/li>\n<\/ul>\n<h2>Biztons\u00e1gi szempontok \u00e9s k\u00f6rnyezeti t\u00e9nyez\u0151k<\/h2>\n<p>A biztons\u00e1gi int\u00e9zked\u00e9sek kiemelked\u0151en fontosak a hidraulikus hengerek haszn\u00e1latakor. A kezel\u0151ket ki kell k\u00e9pezni a potenci\u00e1lis vesz\u00e9lyek felismer\u00e9s\u00e9re, \u00e9s be kell tartaniuk a biztons\u00e1gi protokollokat az \u00fczemeltet\u00e9s \u00e9s karbantart\u00e1s sor\u00e1n. Ez mag\u00e1ban foglalja annak biztos\u00edt\u00e1s\u00e1t, hogy a g\u00e9mhenger ne legyen t\u00falterhelve, \u00e9s hogy minden biztons\u00e1gi berendez\u00e9s m\u0171k\u00f6d\u0151k\u00e9pes legyen. Ezenk\u00edv\u00fcl az anyagok kiv\u00e1laszt\u00e1sakor \u00e9s a hengerek tervez\u00e9sekor figyelembe kell venni a k\u00f6rnyezeti t\u00e9nyez\u0151ket, p\u00e9ld\u00e1ul a h\u0151m\u00e9rs\u00e9klet-ingadoz\u00e1sokat \u00e9s a korroz\u00edv elemeknek val\u00f3 kitetts\u00e9get.<\/p>\n<h2>Gyakori probl\u00e9m\u00e1k elh\u00e1r\u00edt\u00e1sa<\/h2>\n<ul>\n<li><strong>Sziv\u00e1rg\u00e1s:<\/strong> Ha egy hidraulikus henger sziv\u00e1rog, ellen\u0151rizze a t\u00f6m\u00edt\u00e9sek kop\u00e1s\u00e1t vagy s\u00e9r\u00fcl\u00e9s\u00e9t. Cser\u00e9lje ki a t\u00f6m\u00edt\u00e9seket sz\u00fcks\u00e9g szerint, \u00e9s gy\u0151z\u0151dj\u00f6n meg arr\u00f3l, hogy minden csatlakoz\u00e1s szoros.<\/li>\n<li><strong>Gyenge teljes\u00edtm\u00e9ny:<\/strong> Ennek oka lehet a nem megfelel\u0151 ken\u00e9s vagy a hidraulikafolyad\u00e9k szennyez\u0151d\u00e9se. Rendszeresen ellen\u0151rizze a folyad\u00e9kszintet, \u00e9s cser\u00e9lje ki a szennyezett folyad\u00e9kot.<\/li>\n<li><strong>Zajos m\u0171k\u00f6d\u00e9s:<\/strong> A szokatlan zajok bels\u0151 kop\u00e1sra vagy el\u00e9gtelen ken\u00e9sre utalhatnak. V\u00e9gezzen alapos ellen\u0151rz\u00e9st a probl\u00e9ma diagnosztiz\u00e1l\u00e1s\u00e1hoz \u00e9s a korrekci\u00f3s int\u00e9zked\u00e9sek megt\u00e9tel\u00e9hez.<\/li>\n<\/ul>\n<h2>Hibaelh\u00e1r\u00edt\u00e1si tippek<\/h2>\n<p>A hidraulikus hengerekkel kapcsolatos probl\u00e9m\u00e1k hat\u00e9kony diagnosztiz\u00e1l\u00e1s\u00e1hoz \u00e9s elh\u00e1r\u00edt\u00e1s\u00e1hoz elengedhetetlen a szisztematikus megk\u00f6zel\u00edt\u00e9s k\u00f6vet\u00e9se. Kezdje a t\u00fcnetek azonos\u00edt\u00e1s\u00e1val \u00e9s a probl\u00e9m\u00e1s ter\u00fclet elk\u00fcl\u00f6n\u00edt\u00e9s\u00e9vel. Rendszeresen ellen\u0151rizze a folyad\u00e9kszintet \u00e9s a t\u00f6m\u00edt\u00e9sek \u00e1llapot\u00e1t a sziv\u00e1rg\u00e1sok megel\u0151z\u00e9se \u00e9s a teljes\u00edtm\u00e9ny fenntart\u00e1sa \u00e9rdek\u00e9ben. V\u00e9gezzen megel\u0151z\u0151 int\u00e9zked\u00e9seket, p\u00e9ld\u00e1ul rendszeres karbantart\u00e1st \u00e9s ellen\u0151rz\u00e9seket a potenci\u00e1lis probl\u00e9m\u00e1k kock\u00e1zat\u00e1nak minimaliz\u00e1l\u00e1sa \u00e9rdek\u00e9ben.<\/p>\n<p><img decoding=\"async\" src=\"https:\/\/www.hydraulic-cylinders.net\/wp-content\/uploads\/2025\/04\/songte-bushings-with-all-kinds-of-excavator-models.webp\" alt=\"Kotr\u00f3g\u00e9p perselyek\"><\/p>\n<h2>C\u00e9ginform\u00e1ci\u00f3<\/h2>\n<p>Vezet\u0151 gy\u00e1rt\u00f3ja \u00e9s nagykereskedelmi forgalmaz\u00f3ja vagyunk a hidraulikus munkahengerek p\u00f3tl\u00e1s\u00e1nak, sz\u00e9les term\u00e9kv\u00e1laszt\u00e9kot k\u00edn\u00e1lva a hazai \u00e9s nemzetk\u00f6zi piaci ig\u00e9nyek kiel\u00e9g\u00edt\u00e9s\u00e9re. Elk\u00f6telezetts\u00e9g\u00fcnk a kiv\u00e1l\u00f3s\u00e1g ir\u00e1nt kifinomult gy\u00e1rt\u00e1si strat\u00e9gi\u00e1inkban \u00e9s magas sz\u00ednvonal\u00fa termel\u00e9sir\u00e1ny\u00edt\u00e1sunkban is megmutatkozik. K\u00e9pzett technikusaink \u00e9s digit\u00e1lis gy\u00e1rt\u00f3berendez\u00e9seink seg\u00edts\u00e9g\u00e9vel folyamatosan fejlesztj\u00fck termel\u00e9si kapacit\u00e1sunkat, hogy nagy hat\u00e9konys\u00e1ggal, pontoss\u00e1ggal \u00e9s min\u0151s\u00e9gben el\u00e9g\u00edts\u00fck ki \u00fcgyfeleink v\u00e1ltozatos ig\u00e9nyeit.<\/p>\n<p>Professzion\u00e1lis megk\u00f6zel\u00edt\u00e9s\u00fcnk mag\u00e1ban foglalja a nemzetk\u00f6zi tan\u00fas\u00edtv\u00e1nyokat, az egyedi szolg\u00e1ltat\u00e1sokat, a korszer\u0171 gy\u00e1rt\u00f3berendez\u00e9seket \u00e9s az \u00e1tfog\u00f3 \u00e9rt\u00e9kes\u00edt\u00e9s ut\u00e1ni t\u00e1mogat\u00e1st, biztos\u00edtva, hogy \u00fcgyfeleink az ipar\u00e1g legjobb term\u00e9keit \u00e9s szolg\u00e1ltat\u00e1sait kapj\u00e1k.<\/p>\n<p><img decoding=\"async\" src=\"https:\/\/www.hydraulic-cylinders.net\/wp-content\/uploads\/2025\/04\/songte-company-4.webp\" alt=\"C\u00e9ginform\u00e1ci\u00f3\"><br \/>\n<img decoding=\"async\" src=\"https:\/\/www.hydraulic-cylinders.net\/wp-content\/uploads\/2025\/04\/songte-company-3.webp\" alt=\"Gy\u00e1rt\u00f3berendez\u00e9sek\"><\/p>\n<p>Szerz\u0151: lyl<\/p>","protected":false},"excerpt":{"rendered":"<p>Boom Cylinder For Caterpillar Small Excavator E306EZ Product Overview The Boom Cylinder for Caterpillar Small Excavator E306EZ is a critical component in hydraulic systems, specifically designed to control the movement of the boom in various heavy machinery. These cylinders enable the boom of an excavator to raise, lower, and tilt, facilitating efficient material handling tasks. [&hellip;]<\/p>","protected":false},"featured_media":17868,"comment_status":"open","ping_status":"closed","template":"","meta":{"_et_pb_use_builder":"","_et_pb_old_content":"","_et_gb_content_width":""},"product_brand":[],"product_cat":[1546],"product_tag":[1547,1496],"class_list":{"0":"post-18926","1":"product","2":"type-product","3":"status-publish","4":"has-post-thumbnail","6":"product_cat-boom-cylinders","7":"product_tag-boom-cylinders","8":"product_tag-hydraulic-cylinders","10":"first","11":"instock","12":"shipping-taxable","13":"product-type-simple"},"amp_enabled":true,"_links":{"self":[{"href":"https:\/\/www.hydraulic-cylinders.net\/hu\/wp-json\/wp\/v2\/product\/18926","targetHints":{"allow":["GET"]}}],"collection":[{"href":"https:\/\/www.hydraulic-cylinders.net\/hu\/wp-json\/wp\/v2\/product"}],"about":[{"href":"https:\/\/www.hydraulic-cylinders.net\/hu\/wp-json\/wp\/v2\/types\/product"}],"replies":[{"embeddable":true,"href":"https:\/\/www.hydraulic-cylinders.net\/hu\/wp-json\/wp\/v2\/comments?post=18926"}],"wp:featuredmedia":[{"embeddable":true,"href":"https:\/\/www.hydraulic-cylinders.net\/hu\/wp-json\/wp\/v2\/media\/17868"}],"wp:attachment":[{"href":"https:\/\/www.hydraulic-cylinders.net\/hu\/wp-json\/wp\/v2\/media?parent=18926"}],"wp:term":[{"taxonomy":"product_brand","embeddable":true,"href":"https:\/\/www.hydraulic-cylinders.net\/hu\/wp-json\/wp\/v2\/product_brand?post=18926"},{"taxonomy":"product_cat","embeddable":true,"href":"https:\/\/www.hydraulic-cylinders.net\/hu\/wp-json\/wp\/v2\/product_cat?post=18926"},{"taxonomy":"product_tag","embeddable":true,"href":"https:\/\/www.hydraulic-cylinders.net\/hu\/wp-json\/wp\/v2\/product_tag?post=18926"}],"curies":[{"name":"munkaf\u00fczet","href":"https:\/\/api.w.org\/{rel}","templated":true}]}}