{"id":18932,"date":"2025-04-07T06:02:50","date_gmt":"2025-04-07T06:02:50","guid":{"rendered":"https:\/\/www.hydraulic-cylinders.net\/product\/boom-cylinder-for-caterpillar-small-excavator-e304ecr\/"},"modified":"2025-04-07T06:02:53","modified_gmt":"2025-04-07T06:02:53","slug":"boom-cylinder-for-caterpillar-small-excavator-e304ecr","status":"publish","type":"product","link":"https:\/\/www.hydraulic-cylinders.net\/hu\/termek\/boom-cylinder-for-caterpillar-small-excavator-e304ecr\/","title":{"rendered":"G\u00e9mhenger Caterpillar kis kotr\u00f3g\u00e9phez E304ECR"},"content":{"rendered":"<h1>G\u00e9mhenger Caterpillar kis kotr\u00f3g\u00e9phez E304ECR<\/h1>\n<h2>A g\u00e9mhenger \u00e1ttekint\u00e9se<\/h2>\n<p>A g\u00e9mhenger kritikus fontoss\u00e1g\u00fa alkatr\u00e9sz sz\u00e1mos neh\u00e9zg\u00e9p-alkalmaz\u00e1sban, k\u00fcl\u00f6n\u00f6sen a Caterpillar Small Excavator E304ECR t\u00edpus\u00fa kotr\u00f3g\u00e9pekben. A hidraulikus rendszerekben a kan\u00e1lhenger a kan\u00e1l mozg\u00e1s\u00e1nak vez\u00e9rl\u00e9s\u00e9re szolg\u00e1l, lehet\u0151v\u00e9 t\u00e9ve annak emel\u00e9s\u00e9t, s\u00fcllyeszt\u00e9s\u00e9t \u00e9s billent\u00e9s\u00e9t. Ez a funkci\u00f3 elengedhetetlen a hat\u00e9kony anyagmozgat\u00e1si feladatokhoz, lehet\u0151v\u00e9 t\u00e9ve a kezel\u0151k sz\u00e1m\u00e1ra a talaj \u00e9s a t\u00f6rmel\u00e9k hat\u00e9kony ki\u00e1s\u00e1s\u00e1t, rakod\u00e1s\u00e1t \u00e9s sz\u00e1ll\u00edt\u00e1s\u00e1t. A kan\u00e1lhengerek kifejezetten erre a c\u00e9lra tervezett hidraulikus hengerek, amelyek biztos\u00edtj\u00e1k a sz\u00fcks\u00e9ges er\u0151t a k\u00fcl\u00f6nb\u00f6z\u0151 m\u0171veletek elv\u00e9gz\u00e9s\u00e9hez. L\u00e9tfontoss\u00e1g\u00fa szerepet j\u00e1tszanak a termel\u00e9kenys\u00e9g \u00e9s a teljes\u00edtm\u00e9ny n\u00f6vel\u00e9s\u00e9ben az \u00e9p\u00edt\u0151iparban \u00e9s m\u00e1s neh\u00e9z feladatokban.<\/p>\n<p><img decoding=\"async\" src=\"https:\/\/www.hydraulic-cylinders.net\/wp-content\/uploads\/2025\/04\/songte-company-1.webp\" alt=\"G\u00e9mhenger kotr\u00f3g\u00e9pekhez\" \/><\/p>\n<h2>A term\u00e9k f\u0151bb jellemz\u0151i<\/h2>\n<ul>\n<li><strong>Nagy szil\u00e1rds\u00e1g \u00e9s tart\u00f3ss\u00e1g:<\/strong> A nagy szil\u00e1rds\u00e1g\u00fa ac\u00e9lb\u00f3l vagy alum\u00edniumb\u00f3l k\u00e9sz\u00fclt g\u00e9mhenger nagy nyom\u00e1snak \u00e9s neh\u00e9z terhel\u00e9snek van kit\u00e9ve, \u00edgy alkalmass\u00e1 teszi zord munkak\u00f6rnyezetre. Kialak\u00edt\u00e1sa kop\u00e1s\u00e1ll\u00f3 \u00e9s korr\u00f3zi\u00f3\u00e1ll\u00f3 tulajdons\u00e1gokkal rendelkezik az \u00e9lettartam meghosszabb\u00edt\u00e1sa \u00e9rdek\u00e9ben.<\/li>\n<li><strong>Hat\u00e9kony hidraulikus m\u0171k\u00f6dtet\u00e9s:<\/strong> A henger hidraulikaolaj-nyom\u00e1st haszn\u00e1l a sima kiny\u00fajt\u00e1shoz \u00e9s visszah\u00faz\u00e1shoz, lehet\u0151v\u00e9 t\u00e9ve a gyors reag\u00e1l\u00e1st a kezel\u0151i parancsokra, \u00e9s er\u0151teljes tol\u00f3- \u00e9s h\u00faz\u00f3k\u00e9pess\u00e9get biztos\u00edtva, ami ide\u00e1lis neh\u00e9z anyagok \u00e9s \u00f6sszetett feladatok kezel\u00e9s\u00e9hez.<\/li>\n<li><strong>K\u00fcl\u00f6nb\u00f6z\u0151 t\u00edpusok:<\/strong> Az egyszeres m\u0171k\u00f6d\u00e9s\u0171 (egy ir\u00e1nyban m\u0171k\u00f6d\u0151) \u00e9s kett\u0151s m\u0171k\u00f6d\u00e9s\u0171 (mindk\u00e9t ir\u00e1nyban m\u0171k\u00f6d\u0151) kivitelben kaphat\u00f3 g\u00e9mhenger az adott \u00fczemeltet\u00e9si ig\u00e9nyeknek megfelel\u0151en v\u00e1laszthat\u00f3 ki. Egyes modellek teleszk\u00f3pos kialak\u00edt\u00e1s\u00faak, amelyek nagyobb kiny\u00fal\u00e1st tesznek lehet\u0151v\u00e9 a k\u00fcls\u0151 m\u00e9retek n\u00f6vel\u00e9se n\u00e9lk\u00fcl, \u00edgy t\u00f6k\u00e9letesek a helysz\u0171k\u00e9ben l\u00e9v\u0151 alkalmaz\u00e1sokhoz.<\/li>\n<li><strong>Prec\u00edzi\u00f3s m\u00e9rn\u00f6ki munka:<\/strong> Minden egyes g\u00e9mhengert szigor\u00fa min\u0151s\u00e9gi szabv\u00e1nyoknak megfelel\u0151en terveztek, biztos\u00edtva a megb\u00edzhat\u00f3s\u00e1got \u00e9s az \u00e1lland\u00f3 teljes\u00edtm\u00e9nyt v\u00e1ltoz\u00f3 k\u00f6r\u00fclm\u00e9nyek k\u00f6z\u00f6tt.<\/li>\n<li><strong>Egyedi gy\u00e1rt\u00e1s:<\/strong> C\u00e9g\u00fcnk kiv\u00e1l\u00f3 min\u0151s\u00e9g\u0171 g\u00e9mhengerek gy\u00e1rt\u00e1s\u00e1ra specializ\u00e1l\u00f3dott, amelyek t\u00f6k\u00e9letesen helyettes\u00edthetik a megl\u00e9v\u0151 hidraulikus hengereket, az \u00fcgyf\u00e9l specifik\u00e1ci\u00f3inak megfelel\u0151en szabva testre.<\/li>\n<\/ul>\n<p><img decoding=\"async\" src=\"https:\/\/www.hydraulic-cylinders.net\/wp-content\/uploads\/2025\/04\/songte-cylinder-head-with-all-kinds-excavator-models.webp\" alt=\"Kotr\u00f3g\u00e9p modellek\" \/><\/p>\n<h2>Alkalmaz\u00e1si forgat\u00f3k\u00f6nyvek<\/h2>\n<h3>\u00c9p\u00edt\u0151ipari berendez\u00e9sek<\/h3>\n<p>A kotr\u00f3g\u00e9pekben a g\u00e9mhengerek l\u00e9tfontoss\u00e1g\u00faak az \u00e1s\u00e1shoz, a rakod\u00e1shoz \u00e9s a talaj vagy t\u00f6rmel\u00e9k mozgat\u00e1s\u00e1hoz. Ezek lehet\u0151v\u00e9 teszik, hogy a kan\u00e1l hat\u00e9konyan hatoljon a talajba, \u00edgy a f\u00f6ldmunk\u00e1k hat\u00e9konyabbak. A kotr\u00f3g\u00e9p-rakod\u00f3kban a g\u00e9mhenger mind az \u00e1s\u00e1si, mind az emel\u00e9si m\u0171veletekben seg\u00edt, biztos\u00edtva a sokoldal\u00fas\u00e1got az \u00e9p\u00edt\u00e9si feladatokban.<\/p>\n<h3>Mez\u0151gazdas\u00e1gi g\u00e9pek<\/h3>\n<p>A homlokrakod\u00f3kn\u00e1l a g\u00e9mhengereket talaj, sz\u00e9na \u00e9s egy\u00e9b anyagok mer\u00e9s\u00e9re, emel\u00e9s\u00e9re \u00e9s sz\u00e1ll\u00edt\u00e1s\u00e1ra haszn\u00e1lj\u00e1k. A neh\u00e9z terhek emel\u00e9s\u00e9ben val\u00f3 hat\u00e9konys\u00e1guk n\u00e9lk\u00fcl\u00f6zhetetlenn\u00e9 teszi \u0151ket a mez\u0151gazdas\u00e1gi m\u0171veletekben, jav\u00edtva a termel\u00e9kenys\u00e9get \u00e9s cs\u00f6kkentve a k\u00e9zi munk\u00e1t.<\/p>\n<h3>F\u00f6ldmunk\u00e1k<\/h3>\n<p>A kotr\u00f3g\u00e9pekben a kan\u00e1lhenger megk\u00f6nny\u00edti az \u00e1s\u00e1si m\u0171veletet az\u00e1ltal, hogy lehet\u0151v\u00e9 teszi a kan\u00e1l sz\u00e1m\u00e1ra, hogy behatoljon a talajba \u00e9s felt\u00f6rje azt, jelent\u0151sen felgyors\u00edtva a f\u00f6ldmunk\u00e1t. Ez kulcsfontoss\u00e1g\u00fa a k\u00fcl\u00f6nf\u00e9le projektekn\u00e9l, bele\u00e9rtve a tereprendez\u00e9st, az alapoz\u00e1st \u00e9s az \u00e1rok\u00e1s\u00e1st.<\/p>\n<h3>Bet\u00f6lt\u0151alkalmaz\u00e1sok<\/h3>\n<p>A homlokrakod\u00f3kban a g\u00e9mhengerek hat\u00e9konyan emelik \u00e9s \u00fcr\u00edtik a rakom\u00e1nyt. Robusztus kialak\u00edt\u00e1suk megb\u00edzhat\u00f3 teljes\u00edtm\u00e9nyt biztos\u00edt anyagok sz\u00e1ll\u00edt\u00e1sa sor\u00e1n, \u00edgy n\u00e9lk\u00fcl\u00f6zhetetlenek a rakod\u00e1si m\u0171veletek sz\u00e9les sk\u00e1l\u00e1j\u00e1hoz.<\/p>\n<h2>Tervez\u00e9si szempontok \u00e9s kiv\u00e1laszt\u00e1si krit\u00e9riumok<\/h2>\n<h3>Teherb\u00edr\u00e1s<\/h3>\n<p>A g\u00e9mhenger kiv\u00e1laszt\u00e1sakor a teherb\u00edr\u00e1s kiemelked\u0151 fontoss\u00e1g\u00fa. A kialak\u00edt\u00e1snak el kell b\u00edrnia az emelend\u0151 vagy mozgatand\u00f3 maxim\u00e1lis s\u00falyt. A gy\u00e1rt\u00f3k gyakran r\u00e9szletes specifik\u00e1ci\u00f3kat adnak meg annak biztos\u00edt\u00e1s\u00e1ra, hogy a kiv\u00e1lasztott henger megfeleljen a m\u0171k\u00f6d\u00e9si ig\u00e9nyeknek.<\/p>\n<h3>T\u00f6m\u00edt\u00e9s \u00e9s tart\u00f3ss\u00e1g<\/h3>\n<p>A hat\u00e9kony t\u00f6m\u00edt\u00e9s elengedhetetlen a hidraulikus nyom\u00e1s fenntart\u00e1s\u00e1hoz \u00e9s a sziv\u00e1rg\u00e1sok megel\u0151z\u00e9s\u00e9hez. A tart\u00f3s anyagokb\u00f3l (pl. poliuret\u00e1n, nitrilkaucsuk) k\u00e9sz\u00fclt, kiv\u00e1l\u00f3 min\u0151s\u00e9g\u0171 t\u00f6m\u00edt\u00e9sek, mint p\u00e9ld\u00e1ul a dugatty\u00fat\u00f6m\u00edt\u00e9sek \u00e9s a r\u00fadt\u00f6m\u00edt\u00e9sek, n\u00f6velik a henger \u00e9lettartam\u00e1t \u00e9s hat\u00e9konys\u00e1g\u00e1t. A t\u00f6m\u00edt\u00e9sek \u00e9ps\u00e9g\u00e9nek biztos\u00edt\u00e1sa \u00e9rdek\u00e9ben rendszeres karbantart\u00e1si ellen\u0151rz\u00e9sekre van sz\u00fcks\u00e9g.<\/p>\n<h3>Biztons\u00e1gi funkci\u00f3k<\/h3>\n<p>A biztons\u00e1gnak kell a legfontosabb szempontnak lennie a tervez\u00e9s sor\u00e1n. A sz\u00f3r\u00f3keret munkahengereinek biztons\u00e1gi z\u00e1rakkal \u00e9s nyom\u00e1scs\u00f6kkent\u0151 szelepekkel kell rendelkezni\u00fck a balesetek megel\u0151z\u00e9se \u00e9rdek\u00e9ben. A megfelel\u0151 biztons\u00e1gi int\u00e9zked\u00e9sek mind a berendez\u00e9st, mind a kezel\u0151ket v\u00e9dik m\u0171k\u00f6d\u00e9s k\u00f6zben.<\/p>\n<h3>Karbantart\u00e1si hozz\u00e1f\u00e9rhet\u0151s\u00e9g<\/h3>\n<p>Egy j\u00f3l megtervezett g\u00e9mhengernek k\u00f6nny\u0171 karbantart\u00e1st \u00e9s jav\u00edt\u00e1st kell lehet\u0151v\u00e9 tennie. Ez mag\u00e1ban foglalja azokat a funkci\u00f3kat, amelyek megk\u00f6nny\u00edtik a kulcsfontoss\u00e1g\u00fa alkatr\u00e9szekhez val\u00f3 hozz\u00e1f\u00e9r\u00e9st ellen\u0151rz\u00e9s \u00e9s szervizel\u00e9s c\u00e9lj\u00e1b\u00f3l, biztos\u00edtva az \u00e1ll\u00e1sid\u0151 minimaliz\u00e1l\u00e1s\u00e1t \u00e9s a megb\u00edzhat\u00f3s\u00e1g maximaliz\u00e1l\u00e1s\u00e1t.<\/p>\n<p><img decoding=\"async\" src=\"https:\/\/www.hydraulic-cylinders.net\/wp-content\/uploads\/2025\/04\/songte-oil-pipes-and-spare-parts.webp\" alt=\"Hidraulikus alkatr\u00e9szek\" \/><\/p>\n<h2>T\u00f6m\u00edt\u00e9s \u00e9s ken\u00e9s<\/h2>\n<p>A hat\u00e9kony t\u00f6m\u00edt\u00e9s \u00e9s ken\u00e9s kritikus fontoss\u00e1g\u00fa a g\u00e9mhengerek teljes\u00edtm\u00e9nye \u00e9s hossz\u00fa \u00e9lettartama szempontj\u00e1b\u00f3l. K\u00fcl\u00f6nb\u00f6z\u0151 t\u00f6m\u00edt\u0151elemeket, p\u00e9ld\u00e1ul dugatty\u00fat\u00f6m\u00edt\u00e9seket \u00e9s r\u00fadt\u00f6m\u00edt\u00e9seket alkalmaznak a hidraulikafolyad\u00e9k sziv\u00e1rg\u00e1s\u00e1nak megakad\u00e1lyoz\u00e1s\u00e1ra. Ezek a t\u00f6m\u00edt\u00e9sek jellemz\u0151en kop\u00e1s\u00e1ll\u00f3 anyagokb\u00f3l, p\u00e9ld\u00e1ul poliuret\u00e1nb\u00f3l \u00e9s nitrilgumib\u00f3l k\u00e9sz\u00fclnek, biztos\u00edtva, hogy ellen\u00e1lljanak a zord \u00fczemi k\u00f6r\u00fclm\u00e9nyeknek. Ezenk\u00edv\u00fcl a hengertest \u00e9s a menetes v\u00e9gek prec\u00edz megmunk\u00e1l\u00e1son esnek \u00e1t a kop\u00e1s\u00e1ll\u00f3s\u00e1g jav\u00edt\u00e1sa \u00e9rdek\u00e9ben.<\/p>\n<p>A rendszeres hidraulikaolajjal val\u00f3 ken\u00e9s elengedhetetlen a z\u00f6kken\u0151mentes m\u0171k\u00f6d\u00e9s fenntart\u00e1s\u00e1hoz. A kezel\u0151knek gondoskodniuk kell arr\u00f3l, hogy rendszeresen megfelel\u0151 mennyis\u00e9g\u0171 hidraulikaolaj ker\u00fclj\u00f6n befecskendez\u00e9sre, ami el\u0151seg\u00edti a hengert\u00f6m\u00edt\u00e9sek optim\u00e1lis m\u0171k\u00f6d\u00e9s\u00e9t \u00e9s megakad\u00e1lyozza az id\u0151beli kop\u00e1st.<\/p>\n<h2>Rendszeres ellen\u0151rz\u00e9s \u00e9s megel\u0151z\u0151 karbantart\u00e1s<\/h2>\n<ul>\n<li><strong>Rutinszer\u0171 ellen\u0151rz\u00e9sek:<\/strong> Rendszeres ellen\u0151rz\u00e9seket kell v\u00e9gezni a sziv\u00e1rg\u00e1sok, kop\u00e1s \u00e9s egy\u00e9b s\u00e9r\u00fcl\u00e9sek \u00e9szlel\u00e9se \u00e9rdek\u00e9ben. A probl\u00e9m\u00e1k korai kezel\u00e9se k\u00f6lts\u00e9ges jav\u00edt\u00e1sokat \u00e9s \u00e1ll\u00e1sid\u0151ket el\u0151zhet meg.<\/li>\n<li><strong>Megfelel\u0151 ken\u00e9s:<\/strong> A henger teljes\u00edtm\u00e9ny\u00e9nek fenntart\u00e1sa \u00e9s a t\u00falmeleged\u00e9s megel\u0151z\u00e9se \u00e9rdek\u00e9ben \u00fcgyeljen a ken\u00e9sre az aj\u00e1nlott id\u0151k\u00f6z\u00f6nk\u00e9nt.<\/li>\n<li><strong>T\u00f6m\u00edt\u00e9scsere:<\/strong> Figyelje a t\u00f6m\u00edt\u00e9sek \u00e9ps\u00e9g\u00e9t, \u00e9s sz\u00fcks\u00e9g szerint cser\u00e9lje ki azokat az optim\u00e1lis m\u0171k\u00f6d\u00e9s biztos\u00edt\u00e1sa \u00e9s a hidraulikafolyad\u00e9k-vesztes\u00e9g megel\u0151z\u00e9se \u00e9rdek\u00e9ben.<\/li>\n<\/ul>\n<h2>Helyes telep\u00edt\u00e9si \u00fatmutat\u00f3<\/h2>\n<p>A g\u00e9mhenger sikeres telep\u00edt\u00e9s\u00e9hez k\u00f6vesse az al\u00e1bbi ir\u00e1nyelveket:<\/p>\n<p>1. Gy\u0151z\u0151dj\u00f6n meg arr\u00f3l, hogy a henger megfelel\u0151en illeszkedik a r\u00f6gz\u00edt\u0151konzolokhoz, hogy elker\u00fclje az egyenetlen fesz\u00fclts\u00e9get m\u0171k\u00f6d\u00e9s k\u00f6zben.<\/p>\n<p>2. Haszn\u00e1ljon megfelel\u0151 r\u00f6gz\u00edt\u0151elemeket a henger szil\u00e1rd r\u00f6gz\u00edt\u00e9s\u00e9hez, ami seg\u00edt meg\u0151rizni a stabilit\u00e1st m\u0171k\u00f6d\u00e9s k\u00f6zben.<\/p>\n<p>3. A r\u00f6gz\u00edt\u0151elemek t\u00falzott vagy nem kell\u0151 megh\u00faz\u00e1s\u00e1nak elker\u00fcl\u00e9se \u00e9rdek\u00e9ben k\u00f6vesse a gy\u00e1rt\u00f3 utas\u00edt\u00e1sait a nyomat\u00e9kadatokkal kapcsolatban.<\/p>\n<p>4. A telep\u00edt\u00e9s ut\u00e1n, miel\u0151tt \u00fczembe helyezn\u00e9, alaposan ellen\u0151rizze, hogy minden alkatr\u00e9sz biztons\u00e1gosan r\u00f6gz\u00edtve van-e.<\/p>\n<p>5. M\u0171k\u00f6d\u00e9s k\u00f6zben, k\u00fcl\u00f6n\u00f6sen a kezdeti szakaszokban, rendszeresen ellen\u0151rizze a be\u00e1ll\u00edt\u00e1st a z\u00f6kken\u0151mentes teljes\u00edtm\u00e9ny biztos\u00edt\u00e1sa \u00e9rdek\u00e9ben.<\/p>\n<h2>Gyakori karbantart\u00e1si feladatok<\/h2>\n<ul>\n<li><strong>Rendszeres ellen\u0151rz\u00e9sek:<\/strong> A henger sziv\u00e1rg\u00e1s\u00e1nak, kop\u00e1s\u00e1nak \u00e9s megfelel\u0151 be\u00e1ll\u00edt\u00e1s\u00e1nak ellen\u0151rz\u00e9se kulcsfontoss\u00e1g\u00fa. A rendszeres felm\u00e9r\u00e9sek seg\u00edtenek azonos\u00edtani a lehets\u00e9ges probl\u00e9m\u00e1kat, miel\u0151tt azok s\u00falyosbodn\u00e1nak, biztos\u00edtva, hogy a berendez\u00e9s optim\u00e1lis \u00e1llapotban maradjon.<\/li>\n<li><strong>Megfelel\u0151 ken\u00e9s:<\/strong> A mozg\u00f3 alkatr\u00e9szek k\u00f6z\u00f6tti s\u00farl\u00f3d\u00e1s minimaliz\u00e1l\u00e1sa \u00e9rdek\u00e9ben elengedhetetlen a gyakori ken\u00e9s. Gy\u0151z\u0151dj\u00f6n meg arr\u00f3l, hogy a hidraulikaolaj szintje megfelel\u0151, \u00e9s hogy a gy\u00e1rt\u00f3 \u00e1ltal el\u0151\u00edrt t\u00edpus\u00fa ken\u0151anyagot haszn\u00e1lja.<\/li>\n<li><strong>T\u00f6m\u00edt\u00e9scsere \u00e9s kalibr\u00e1l\u00e1s ellen\u0151rz\u00e9se:<\/strong> Rendszeresen ellen\u0151rizze a t\u00f6m\u00edt\u00e9sek kop\u00e1s\u00e1t, \u00e9s sz\u00fcks\u00e9g eset\u00e9n cser\u00e9lje ki \u0151ket. A kalibr\u00e1ci\u00f3s ellen\u0151rz\u00e9sek biztos\u00edtj\u00e1k, hogy a hidraulikus rendszer a megadott param\u00e9tereken bel\u00fcl m\u0171k\u00f6dj\u00f6n, megakad\u00e1lyozva a rendszer meghib\u00e1sod\u00e1s\u00e1t.<\/li>\n<\/ul>\n<p><img decoding=\"async\" src=\"https:\/\/www.hydraulic-cylinders.net\/wp-content\/uploads\/2025\/04\/songte-chushion-collar.webp\" alt=\"P\u00e1rna gall\u00e9r\" \/><\/p>\n<h2>Biztons\u00e1gi szempontok \u00e9s k\u00f6rnyezeti t\u00e9nyez\u0151k<\/h2>\n<p>A g\u00e9mhengerek kezel\u00e9sekor elengedhetetlen a biztons\u00e1gi int\u00e9zked\u00e9sek bevezet\u00e9se. Gy\u0151z\u0151dj\u00f6n meg arr\u00f3l, hogy minden kezel\u0151 k\u00e9pzett a megfelel\u0151 kezel\u00e9si technik\u00e1kban, \u00e9s meg\u00e9rti a hidraulikus rendszerekkel kapcsolatos kock\u00e1zatokat. A berendez\u00e9seket rendszeresen ellen\u0151rizni kell a kop\u00e1s vagy s\u00e9r\u00fcl\u00e9s jelei szempontj\u00e1b\u00f3l, \u00e9s a kezel\u0151ket szem\u00e9lyi v\u00e9d\u0151felszerel\u00e9ssel (PPE) kell felszerelni a biztons\u00e1g fokoz\u00e1sa \u00e9rdek\u00e9ben. Ezenk\u00edv\u00fcl vegye figyelembe a hidraulikafolyad\u00e9kok k\u00f6rnyezeti hat\u00e1s\u00e1t, \u00e9s lehet\u0151s\u00e9g szerint biol\u00f3giailag leboml\u00f3 lehet\u0151s\u00e9geket v\u00e1lasszon az \u00f6kol\u00f3giai l\u00e1bnyom minimaliz\u00e1l\u00e1sa \u00e9rdek\u00e9ben.<\/p>\n<h2>Hibaelh\u00e1r\u00edt\u00e1s \u00e9s gyakori probl\u00e9m\u00e1k<\/h2>\n<ul>\n<li><strong>Sziv\u00e1rg\u00e1s:<\/strong> Ha hidraulikafolyad\u00e9k sziv\u00e1rg\u00e1s\u00e1ra utal\u00f3 jeleket \u00e9szlel, ellen\u0151rizze a t\u00f6m\u00edt\u00e9seket \u00e9s a csatlakoz\u00e1sokat. Cser\u00e9lje ki a kopott t\u00f6m\u00edt\u00e9seket, \u00e9s sz\u00fcks\u00e9g szerint h\u00fazza meg a csatlakoz\u00e1sokat.<\/li>\n<li><strong>Gyenge teljes\u00edtm\u00e9ny:<\/strong> Ha a henger nem reag\u00e1l hat\u00e9konyan, ellen\u0151rizze a hidraulikafolyad\u00e9k szintj\u00e9t, \u00e9s gondoskodjon a megfelel\u0151 ken\u00e9sr\u0151l. A hidraulikarendszerben l\u00e9v\u0151 leveg\u0151 is szerepet j\u00e1tszhat, ez\u00e9rt sz\u00fcks\u00e9g eset\u00e9n l\u00e9gtelen\u00edteni kell.<\/li>\n<li><strong>Szokatlan zajok:<\/strong> M\u0171k\u00f6d\u00e9s k\u00f6zben hallhat\u00f3 zajok kopott alkatr\u00e9szekre utalhatnak. Vizsg\u00e1lja meg a hengert kop\u00e1s vagy s\u00e9r\u00fcl\u00e9s jelei szempontj\u00e1b\u00f3l, \u00e9s fontolja meg az \u00e9rintett alkatr\u00e9szek szervizel\u00e9s\u00e9t vagy cser\u00e9j\u00e9t.<\/li>\n<\/ul>\n<p>A korai beavatkoz\u00e1si strat\u00e9gi\u00e1k bevezet\u00e9se seg\u00edthet enyh\u00edteni ezeket a probl\u00e9m\u00e1kat, biztos\u00edtva a z\u00f6kken\u0151mentes \u00e9s hat\u00e9kony m\u0171k\u00f6d\u00e9st.<\/p>\n<p><img decoding=\"async\" src=\"https:\/\/www.hydraulic-cylinders.net\/wp-content\/uploads\/2025\/04\/songte-bushings-with-all-kinds-of-excavator-models.webp\" alt=\"Kotr\u00f3g\u00e9p perselyek\" \/><\/p>\n<h2>C\u00e9gprofil<\/h2>\n<p>Hidraulikus munkahengerek cserealkatr\u00e9szeinek gy\u00e1rt\u00f3jak\u00e9nt olyan term\u00e9kek teljes sk\u00e1l\u00e1j\u00e1t k\u00edn\u00e1ljuk, amelyek a hidraulikus munkahengerek egyik vezet\u0151 gy\u00e1rt\u00f3jak\u00e9nt \u00e9s nagykeresked\u0151jek\u00e9nt pozicion\u00e1ltak minket mind a hazai, mind a nemzetk\u00f6zi piacokon. A kiv\u00e1l\u00f3s\u00e1g ir\u00e1nti elk\u00f6telezetts\u00e9g\u00fcnket kifinomult gy\u00e1rt\u00e1sir\u00e1ny\u00edt\u00e1si strat\u00e9gi\u00e1nk, fejlett, cs\u00facskateg\u00f3ri\u00e1s gy\u00e1rt\u00f3berendez\u00e9sek \u00e9s professzion\u00e1lis tesztel\u0151rendszerek alkalmaz\u00e1sa t\u00e1mogatja. K\u00e9pzett m\u0171szaki szem\u00e9lyzet\u00fcnk folyamatosan fejleszti gy\u00e1rt\u00e1si k\u00e9pess\u00e9geinket, biztos\u00edtva, hogy \u00fcgyfeleink soksz\u00edn\u0171 ig\u00e9nyeit nagy hat\u00e9konys\u00e1ggal, pontoss\u00e1ggal \u00e9s min\u0151s\u00e9gben el\u00e9g\u00edts\u00fck ki.<\/p>\n<p>Szolg\u00e1ltat\u00e1saink k\u00f6z\u00e9 tartozik a professzion\u00e1lis testreszab\u00e1s, a nemzetk\u00f6zi tan\u00fas\u00edtv\u00e1nyok \u00e9s a robusztus \u00e9rt\u00e9kes\u00edt\u00e9s ut\u00e1ni t\u00e1mogat\u00e1s, biztos\u00edtva, hogy \u00fcgyfeleink a legjobb, az ig\u00e9nyeikre szabott term\u00e9keket kapj\u00e1k.<\/p>\n<p><img decoding=\"async\" src=\"https:\/\/www.hydraulic-cylinders.net\/wp-content\/uploads\/2025\/04\/songte-company-4.webp\" alt=\"C\u00e9ginform\u00e1ci\u00f3\" \/><br \/>\n<img decoding=\"async\" src=\"https:\/\/www.hydraulic-cylinders.net\/wp-content\/uploads\/2025\/04\/songte-company-3.webp\" alt=\"Gy\u00e1rt\u00f3berendez\u00e9sek\" \/><\/p>\n<p>Szerz\u0151: lyl<\/p>","protected":false},"excerpt":{"rendered":"<p>Boom Cylinder For Caterpillar Small Excavator E304ECR Overview of Boom Cylinder The Boom Cylinder is a critical component in many heavy machinery applications, particularly in excavators like the Caterpillar Small Excavator E304ECR. In hydraulic systems, a bucket cylinder is designed to control the movement of the bucket, allowing it to lift, lower, and tilt. This [&hellip;]<\/p>","protected":false},"featured_media":17874,"comment_status":"open","ping_status":"closed","template":"","meta":{"_et_pb_use_builder":"","_et_pb_old_content":"","_et_gb_content_width":""},"product_brand":[],"product_cat":[1546],"product_tag":[1547,1496],"class_list":{"0":"post-18932","1":"product","2":"type-product","3":"status-publish","4":"has-post-thumbnail","6":"product_cat-boom-cylinders","7":"product_tag-boom-cylinders","8":"product_tag-hydraulic-cylinders","10":"first","11":"instock","12":"shipping-taxable","13":"product-type-simple"},"amp_enabled":true,"_links":{"self":[{"href":"https:\/\/www.hydraulic-cylinders.net\/hu\/wp-json\/wp\/v2\/product\/18932","targetHints":{"allow":["GET"]}}],"collection":[{"href":"https:\/\/www.hydraulic-cylinders.net\/hu\/wp-json\/wp\/v2\/product"}],"about":[{"href":"https:\/\/www.hydraulic-cylinders.net\/hu\/wp-json\/wp\/v2\/types\/product"}],"replies":[{"embeddable":true,"href":"https:\/\/www.hydraulic-cylinders.net\/hu\/wp-json\/wp\/v2\/comments?post=18932"}],"wp:featuredmedia":[{"embeddable":true,"href":"https:\/\/www.hydraulic-cylinders.net\/hu\/wp-json\/wp\/v2\/media\/17874"}],"wp:attachment":[{"href":"https:\/\/www.hydraulic-cylinders.net\/hu\/wp-json\/wp\/v2\/media?parent=18932"}],"wp:term":[{"taxonomy":"product_brand","embeddable":true,"href":"https:\/\/www.hydraulic-cylinders.net\/hu\/wp-json\/wp\/v2\/product_brand?post=18932"},{"taxonomy":"product_cat","embeddable":true,"href":"https:\/\/www.hydraulic-cylinders.net\/hu\/wp-json\/wp\/v2\/product_cat?post=18932"},{"taxonomy":"product_tag","embeddable":true,"href":"https:\/\/www.hydraulic-cylinders.net\/hu\/wp-json\/wp\/v2\/product_tag?post=18932"}],"curies":[{"name":"munkaf\u00fczet","href":"https:\/\/api.w.org\/{rel}","templated":true}]}}