{"id":18935,"date":"2025-04-07T06:03:07","date_gmt":"2025-04-07T06:03:07","guid":{"rendered":"https:\/\/www.hydraulic-cylinders.net\/product\/boom-cylinder-for-caterpillar-small-excavator-e313bcr\/"},"modified":"2025-04-07T06:03:10","modified_gmt":"2025-04-07T06:03:10","slug":"boom-cylinder-for-caterpillar-small-excavator-e313bcr","status":"publish","type":"product","link":"https:\/\/www.hydraulic-cylinders.net\/hu\/termek\/boom-cylinder-for-caterpillar-small-excavator-e313bcr\/","title":{"rendered":"G\u00e9mhenger Caterpillar kis kotr\u00f3g\u00e9phez E313BCR"},"content":{"rendered":"<h1>G\u00e9mhenger Caterpillar kis kotr\u00f3g\u00e9phez E313BCR<\/h1>\n<h2>Term\u00e9k\u00e1ttekint\u00e9s<\/h2>\n<p>A Caterpillar E313BCR kis kotr\u00f3g\u00e9p g\u00e9mhengere a kotr\u00f3g\u00e9pek hidraulikus rendszer\u00e9nek kulcsfontoss\u00e1g\u00fa eleme, amelyet kifejezetten a g\u00e9m mozg\u00e1s\u00e1nak vez\u00e9rl\u00e9s\u00e9re terveztek. Ez a hidraulikus henger lehet\u0151v\u00e9 teszi a prec\u00edz emel\u00e9st, s\u00fcllyeszt\u00e9st \u00e9s billent\u00e9st, megk\u00f6nny\u00edtve a hat\u00e9kony anyagmozgat\u00e1si feladatokat.<\/p>\n<p><img decoding=\"async\" src=\"https:\/\/www.hydraulic-cylinders.net\/wp-content\/uploads\/2025\/04\/songte-company-1.webp\" alt=\"G\u00e9mhenger k\u00e9pe\" \/><\/p>\n<h3>Meghat\u00e1roz\u00e1s \u00e9s c\u00e9l<\/h3>\n<p>A kan\u00e1lhenger egy olyan hidraulikus henger, amelyet kifejezetten a k\u00fcl\u00f6nf\u00e9le neh\u00e9zg\u00e9pek, p\u00e9ld\u00e1ul kotr\u00f3g\u00e9pek, kotr\u00f3rakod\u00f3k \u00e9s homlokrakod\u00f3k kanalainak mozg\u00e1s\u00e1nak vez\u00e9rl\u00e9s\u00e9re terveztek. Lehet\u0151v\u00e9 teszi a kan\u00e1l emel\u00e9s\u00e9t, s\u00fcllyeszt\u00e9s\u00e9t \u00e9s billent\u00e9s\u00e9t, \u00edgy elengedhetetlen az anyagok mozgat\u00e1s\u00e1val \u00e9s kezel\u00e9s\u00e9vel j\u00e1r\u00f3 feladatokhoz. Ezek a hengerek \u00fagy m\u0171k\u00f6dnek, hogy a hidraulikus nyom\u00e1st mechanikai er\u0151v\u00e9 alak\u00edtj\u00e1k, lehet\u0151v\u00e9 t\u00e9ve a sima \u00e9s szab\u00e1lyozott m\u0171k\u00f6d\u00e9st m\u00e9g nagy terhel\u00e9s alatt is. Kialak\u00edt\u00e1suk a tart\u00f3ss\u00e1got \u00e9s a hat\u00e9konys\u00e1got hangs\u00falyozza, biztos\u00edtva, hogy optim\u00e1lisan teljes\u00edtsenek neh\u00e9z k\u00f6r\u00fclm\u00e9nyek k\u00f6z\u00f6tt is.<\/p>\n<h2>A g\u00e9mhenger jellemz\u0151i<\/h2>\n<ul>\n<li><strong>Nagy szil\u00e1rds\u00e1g \u00e9s tart\u00f3ss\u00e1g:<\/strong> Nagy szil\u00e1rds\u00e1g\u00fa ac\u00e9lb\u00f3l vagy alum\u00edniumb\u00f3l k\u00e9sz\u00fclt, nagy nyom\u00e1snak \u00e9s nagy terhel\u00e9snek val\u00f3 ellen\u00e1ll\u00e1sra tervezt\u00e9k, \u00e9s alkalmas zord munkak\u00f6rnyezetre.<\/li>\n<li><strong>Hat\u00e9kony hidraulikus m\u0171k\u00f6dtet\u00e9s:<\/strong> Sim\u00e1n m\u0171k\u00f6dik hidraulikaolaj-nyom\u00e1ssal, gyorsan reag\u00e1l a vez\u00e9rl\u0151parancsokra, \u00e9s jelent\u0151s tol\u00f3- \u00e9s h\u00faz\u00f3er\u0151t biztos\u00edt.<\/li>\n<li><strong>K\u00fcl\u00f6nb\u00f6z\u0151 t\u00edpusok:<\/strong> Kaphat\u00f3 egyszeres vagy kett\u0151s m\u0171k\u00f6d\u00e9s\u0171 hengerekkel a k\u00fcl\u00f6nf\u00e9le m\u0171k\u00f6d\u00e9si ig\u00e9nyek kiel\u00e9g\u00edt\u00e9s\u00e9re. Egyes modellek teleszk\u00f3posak, \u00edgy nagyobb kiny\u00fal\u00e1st tesznek lehet\u0151v\u00e9 a k\u00fcls\u0151 m\u00e9retek n\u00f6vel\u00e9se n\u00e9lk\u00fcl.<\/li>\n<li><strong>Karbantart\u00e1sbar\u00e1t kialak\u00edt\u00e1s:<\/strong> K\u00f6nnyen karbantarthat\u00f3, k\u00f6nnyen hozz\u00e1f\u00e9rhet\u0151 alkatr\u00e9szekkel, meghosszabb\u00edtott \u00e9lettartammal \u00e9s cs\u00f6kkentett \u00e1ll\u00e1sid\u0151vel tervezve.<\/li>\n<li><strong>Korr\u00f3zi\u00f3\u00e1ll\u00f3s\u00e1g:<\/strong> Kop\u00e1s- \u00e9s korr\u00f3zi\u00f3\u00e1ll\u00f3 anyagokb\u00f3l \u00e9s bevonatokb\u00f3l k\u00e9sz\u00fclt, biztos\u00edtva a hossz\u00fa \u00e9lettartamot \u00e9s a megb\u00edzhat\u00f3s\u00e1got a k\u00fcl\u00f6nf\u00e9le alkalmaz\u00e1sokban.<\/li>\n<\/ul>\n<p>Mi gy\u00e1rtjuk ezt a term\u00e9ket, \u00e9s k\u00edn\u00e1latunk t\u00f6k\u00e9letesen helyettes\u00edtheti a k\u00fcl\u00f6nf\u00e9le hidraulikus hengereket.<\/p>\n<p><img decoding=\"async\" src=\"https:\/\/www.hydraulic-cylinders.net\/wp-content\/uploads\/2025\/04\/songte-cylinder-head-with-all-kinds-excavator-models.webp\" alt=\"Kotr\u00f3g\u00e9p modellek k\u00e9pe\" \/><\/p>\n<h2>A g\u00e9mhenger alkalmaz\u00e1sai<\/h2>\n<h3>\u00c9p\u00edt\u0151ipari berendez\u00e9sek<\/h3>\n<p>Az \u00e9p\u00edt\u0151ipari berendez\u00e9sekben, p\u00e9ld\u00e1ul a kotr\u00f3g\u00e9pekben a g\u00e9mhengerek l\u00e9tfontoss\u00e1g\u00fa szerepet j\u00e1tszanak a talaj vagy t\u00f6rmel\u00e9k \u00e1s\u00e1s\u00e1ban, rakod\u00e1s\u00e1ban \u00e9s mozgat\u00e1s\u00e1ban. Mind a f\u00f6ldmunk\u00e1k, mind az emel\u00e9si m\u0171veletek sor\u00e1n kulcsfontoss\u00e1g\u00faak, lehet\u0151v\u00e9 t\u00e9ve a hat\u00e9kony terep-el\u0151k\u00e9sz\u00edt\u00e9st \u00e9s az anyaggazd\u00e1lkod\u00e1st.<\/p>\n<h3>Mez\u0151gazdas\u00e1gi g\u00e9pek<\/h3>\n<p>Homlokrakod\u00f3kban haszn\u00e1lj\u00e1k ezeket a munkahengereket, amelyek megk\u00f6nny\u00edtik a talaj, sz\u00e9na \u00e9s egy\u00e9b anyagok \u00e1s\u00e1s\u00e1t, emel\u00e9s\u00e9t \u00e9s sz\u00e1ll\u00edt\u00e1s\u00e1t. A neh\u00e9z terhek kezel\u00e9s\u00e9re val\u00f3 k\u00e9pess\u00e9g\u00fck n\u00e9lk\u00fcl\u00f6zhetetlenn\u00e9 teszi \u0151ket a mez\u0151gazdas\u00e1gi m\u0171veletekben, hozz\u00e1j\u00e1rulva a termel\u00e9kenys\u00e9g \u00e9s a hat\u00e9konys\u00e1g n\u00f6vel\u00e9s\u00e9hez.<\/p>\n<h3>Kotr\u00f3g\u00e9pek<\/h3>\n<p>A kotr\u00f3g\u00e9pekben a g\u00e9mhenger lehet\u0151v\u00e9 teszi, hogy a kan\u00e1l hat\u00e9konyan hatoljon a talajba, \u00edgy a f\u00f6ldmunk\u00e1k hat\u00e9konyabbak. A kan\u00e1l mozg\u00e1s\u00e1nak pontos szab\u00e1lyoz\u00e1s\u00e1val a kezel\u0151k optim\u00e1lis \u00e1s\u00e1si m\u00e9lys\u00e9get \u00e9s pontoss\u00e1got \u00e9rhetnek el.<\/p>\n<h3>Rakod\u00f3k<\/h3>\n<p>A homlokrakod\u00f3kban a g\u00e9mhengerek hat\u00e9konyan seg\u00edtik a rakom\u00e1nyok emel\u00e9s\u00e9t \u00e9s \u00fcr\u00edt\u00e9s\u00e9t. Kialak\u00edt\u00e1suk lehet\u0151v\u00e9 teszi a sima m\u0171k\u00f6d\u00e9st, n\u00f6velve a rakod\u00f3 k\u00e9pess\u00e9g\u00e9t a k\u00fcl\u00f6nf\u00e9le anyagok k\u00f6nny\u0171 kezel\u00e9s\u00e9ben.<\/p>\n<h2>Tervez\u00e9si szempontok \u00e9s kiv\u00e1laszt\u00e1si krit\u00e9riumok<\/h2>\n<h3>Teherb\u00edr\u00e1s<\/h3>\n<p>A g\u00e9mhenger teherb\u00edr\u00e1sa kritikus tervez\u00e9si szempont. Elegend\u0151nek kell lennie a m\u0171k\u00f6d\u00e9s k\u00f6zben v\u00e1rhat\u00f3 maxim\u00e1lis terhel\u00e9s elvisel\u00e9s\u00e9hez. A t\u00falterhel\u00e9s a henger meghib\u00e1sod\u00e1s\u00e1hoz vezethet, ami k\u00f6lts\u00e9ges jav\u00edt\u00e1sokat \u00e9s \u00e1ll\u00e1sid\u0151t eredm\u00e9nyezhet. A m\u00e9rn\u00f6k\u00f6knek gondosan kell kisz\u00e1m\u00edtaniuk a sz\u00fcks\u00e9ges teherb\u00edr\u00e1st a g\u00e9p specifik\u00e1ci\u00f3i \u00e9s a tervezett felhaszn\u00e1l\u00e1s alapj\u00e1n.<\/p>\n<h3>T\u00f6m\u00edt\u00e9si hat\u00e9konys\u00e1g<\/h3>\n<p>A t\u00f6m\u00edt\u00e9s elengedhetetlen a hidraulikus hengerekn\u00e9l a sziv\u00e1rg\u00e1sok megel\u0151z\u00e9se \u00e9s a nyom\u00e1s fenntart\u00e1sa \u00e9rdek\u00e9ben. A kiv\u00e1l\u00f3 min\u0151s\u00e9g\u0171 t\u00f6m\u00edt\u00e9sek, mint p\u00e9ld\u00e1ul a dugatty\u00fat\u00f6m\u00edt\u00e9sek \u00e9s a r\u00fadt\u00f6m\u00edt\u00e9sek elengedhetetlenek. A t\u00f6m\u00edt\u0151anyagokat, mint p\u00e9ld\u00e1ul a poliuret\u00e1nt \u00e9s a nitrilgumit, gyakran tart\u00f3ss\u00e1guk \u00e9s kop\u00e1s\u00e1ll\u00f3s\u00e1guk miatt v\u00e1lasztj\u00e1k, biztos\u00edtva az id\u0151beli megb\u00edzhat\u00f3 teljes\u00edtm\u00e9nyt.<\/p>\n<h3>Tart\u00f3ss\u00e1g<\/h3>\n<p>A tart\u00f3ss\u00e1g l\u00e9tfontoss\u00e1g\u00fa a hidraulikus hengerek eset\u00e9ben, k\u00fcl\u00f6n\u00f6sen zord k\u00f6rnyezetben. A felhaszn\u00e1lt anyagoknak ellen\u00e1llniuk kell a sz\u00e9ls\u0151s\u00e9ges k\u00f6r\u00fclm\u00e9nyeknek, bele\u00e9rtve a h\u0151m\u00e9rs\u00e9klet-ingadoz\u00e1sokat, a p\u00e1ratartalmat \u00e9s a vegyszereknek val\u00f3 kitetts\u00e9get. A korr\u00f3zi\u00f3\u00e1ll\u00f3 bevonatok \u00e9s a robusztus konstrukci\u00f3 n\u00f6veli a hossz\u00fa \u00e9lettartamot \u00e9s cs\u00f6kkenti a karbantart\u00e1si ig\u00e9nyt.<\/p>\n<h3>Biztons\u00e1gi funkci\u00f3k<\/h3>\n<p>A biztons\u00e1g kulcsfontoss\u00e1g\u00fa szempont a hidraulikus hengerek tervez\u00e9s\u00e9n\u00e9l. Az olyan jellemz\u0151k, mint a nyom\u00e1scs\u00f6kkent\u0151 szelepek \u00e9s a v\u00e9szle\u00e1ll\u00edt\u00f3 mechanizmusok seg\u00edtenek megel\u0151zni a katasztrof\u00e1lis meghib\u00e1sod\u00e1sokat. A rendszeres biztons\u00e1gi \u00e9rt\u00e9kel\u00e9sek \u00e9s az ipar\u00e1gi szabv\u00e1nyoknak val\u00f3 megfelel\u00e9s biztos\u00edtja a biztons\u00e1gos m\u0171k\u00f6d\u00e9st minden alkalmaz\u00e1sban.<\/p>\n<h3>Karbantarthat\u00f3s\u00e1g<\/h3>\n<p>A k\u00f6nny\u0171 karbantart\u00e1s kulcsfontoss\u00e1g\u00fa a neh\u00e9zg\u00e9pek \u00e1ll\u00e1sidej\u00e9nek minimaliz\u00e1l\u00e1sa \u00e9rdek\u00e9ben. A t\u00f6m\u00edt\u00e9sekhez, rudakhoz \u00e9s m\u00e1s kulcsfontoss\u00e1g\u00fa alkatr\u00e9szekhez val\u00f3 gyors hozz\u00e1f\u00e9r\u00e9st lehet\u0151v\u00e9 tev\u0151 tervez\u00e9si jellemz\u0151k jelent\u0151sen cs\u00f6kkenthetik a karbantart\u00e1si id\u0151t. A rendszeres karbantart\u00e1si \u00fctemtervek seg\u00edtenek biztos\u00edtani az optim\u00e1lis m\u0171k\u00f6d\u00e9st \u00e9s meghosszabb\u00edtani a henger \u00e9lettartam\u00e1t.<\/p>\n<p><img decoding=\"async\" src=\"https:\/\/www.hydraulic-cylinders.net\/wp-content\/uploads\/2025\/04\/songte-oil-pipes-and-spare-parts.webp\" alt=\"Olajcs\u00f6vek \u00e9s alkatr\u00e9szek k\u00e9pe\" \/><\/p>\n<h2>T\u00f6m\u00edt\u00e9s \u00e9s ken\u00e9s<\/h2>\n<p>A hat\u00e9kony t\u00f6m\u00edt\u00e9s \u00e9s ken\u00e9s elengedhetetlen a hidraulikus hengerek m\u0171k\u00f6d\u00e9s\u00e9hez. K\u00fcl\u00f6nb\u00f6z\u0151 t\u00f6m\u00edt\u00e9seket, p\u00e9ld\u00e1ul dugatty\u00fa- \u00e9s r\u00fadt\u00f6m\u00edt\u00e9seket haszn\u00e1lnak a folyad\u00e9ksziv\u00e1rg\u00e1s megakad\u00e1lyoz\u00e1s\u00e1ra. A kop\u00e1s\u00e1ll\u00f3 anyagokb\u00f3l, p\u00e9ld\u00e1ul poliuret\u00e1nb\u00f3l \u00e9s nitrilgumib\u00f3l k\u00e9sz\u00fclt t\u00f6m\u00edt\u00e9seket \u00e1ltal\u00e1ban tart\u00f3ss\u00e1guk miatt v\u00e1lasztj\u00e1k.<\/p>\n<p>A hengertestet \u00e9s a menetes v\u00e9gfel\u00fcleteket apr\u00f3l\u00e9kosan megmunk\u00e1lt\u00e1k a kop\u00e1s\u00e1ll\u00f3s\u00e1g fokoz\u00e1sa \u00e9rdek\u00e9ben. A rendszeres hidraulikaolajjal t\u00f6rt\u00e9n\u0151 ken\u00e9s sz\u00fcks\u00e9ges a z\u00f6kken\u0151mentes m\u0171k\u00f6d\u00e9s fenntart\u00e1s\u00e1hoz \u00e9s a mozg\u00f3 alkatr\u00e9szek kop\u00e1s\u00e1nak megakad\u00e1lyoz\u00e1s\u00e1hoz. A megfelel\u0151 ken\u00e9s cs\u00f6kkenti a s\u00farl\u00f3d\u00e1st, biztos\u00edtva a hat\u00e9kony teljes\u00edtm\u00e9nyt \u00e9s meghosszabb\u00edtva a henger \u00e9lettartam\u00e1t.<\/p>\n<h2>Rendszeres ellen\u0151rz\u00e9s \u00e9s megel\u0151z\u0151 karbantart\u00e1si int\u00e9zked\u00e9sek<\/h2>\n<ul>\n<li><strong>\u00dctemezett ellen\u0151rz\u00e9sek:<\/strong> V\u00e9gezzen rendszeres ellen\u0151rz\u00e9seket a kop\u00e1s \u00e9s elhaszn\u00e1l\u00f3d\u00e1s korai felismer\u00e9se \u00e9s a probl\u00e9m\u00e1k s\u00falyosbod\u00e1sa el\u0151tti kezel\u00e9se \u00e9rdek\u00e9ben.<\/li>\n<li><strong>Ken\u00e9s:<\/strong> Rendszeresen kenje meg a hidraulikus hengert a sima m\u0171k\u00f6d\u00e9s fenntart\u00e1sa \u00e9s a t\u00falzott kop\u00e1s megel\u0151z\u00e9se \u00e9rdek\u00e9ben.<\/li>\n<li><strong>T\u00f6m\u00edt\u00e9scsere:<\/strong> Figyelje a t\u00f6m\u00edt\u00e9seket s\u00e9r\u00fcl\u00e9sek jeleit keresve, \u00e9s sz\u00fcks\u00e9g szerint cser\u00e9lje ki \u0151ket a sziv\u00e1rg\u00e1sok megel\u0151z\u00e9se \u00e9s a hidraulikus nyom\u00e1s fenntart\u00e1sa \u00e9rdek\u00e9ben.<\/li>\n<\/ul>\n<h2>Telep\u00edt\u00e9si \u00fatmutat\u00f3<\/h2>\n<p>A g\u00e9mhenger beszerel\u00e9se pontoss\u00e1got ig\u00e9nyel az optim\u00e1lis teljes\u00edtm\u00e9ny biztos\u00edt\u00e1sa \u00e9rdek\u00e9ben:<\/p>\n<ol>\n<li><strong>Megfelel\u0151 igaz\u00edt\u00e1s:<\/strong> Gy\u0151z\u0151dj\u00f6n meg arr\u00f3l, hogy a henger megfelel\u0151en illeszkedik a r\u00f6gz\u00edt\u00e9si pontokhoz. A hib\u00e1s be\u00e1ll\u00edt\u00e1s id\u0151 el\u0151tti kop\u00e1shoz \u00e9s meghib\u00e1sod\u00e1shoz vezethet.<\/li>\n<li><strong>Szerel\u0151konzolok haszn\u00e1lata:<\/strong> Haszn\u00e1ljon megfelel\u0151 r\u00f6gz\u00edt\u0151konzolokat a henger r\u00f6gz\u00edt\u00e9s\u00e9hez, biztos\u00edtva a stabilit\u00e1st m\u0171k\u00f6d\u00e9s k\u00f6zben.<\/li>\n<li><strong>Hidraulikus csatlakoz\u00e1sok:<\/strong> \u00d3vatosan csatlakoztassa a hidraulikavezet\u00e9keket, \u00fcgyelve arra, hogy minden csatlakoz\u00f3 szoros \u00e9s sziv\u00e1rg\u00e1smentes legyen.<\/li>\n<li><strong>Tesztel\u00e9s:<\/strong> A beszerel\u00e9s ut\u00e1n v\u00e9gezzen pr\u00f3ba\u00fczemet a henger sim\u00e1n \u00e9s hat\u00e9kony m\u0171k\u00f6d\u00e9s\u00e9nek ellen\u0151rz\u00e9s\u00e9re.<\/li>\n<\/ol>\n<h2>Gyakori karbantart\u00e1si feladatok<\/h2>\n<ul>\n<li><strong>Rendszeres ellen\u0151rz\u00e9sek:<\/strong> Rendszeres ellen\u0151rz\u00e9sek elv\u00e9gz\u00e9se a kop\u00e1s \u00e9s elhaszn\u00e1l\u00f3d\u00e1s szempontj\u00e1b\u00f3l a probl\u00e9m\u00e1k korai felismer\u00e9se \u00e9rdek\u00e9ben.<\/li>\n<li><strong>Megfelel\u0151 ken\u00e9s:<\/strong> A hidraulikaolaj szintj\u00e9nek \u00e9s \u00e1llapot\u00e1nak biztos\u00edt\u00e1sa az optim\u00e1lis m\u0171k\u00f6d\u00e9s \u00e9rdek\u00e9ben.<\/li>\n<li><strong>T\u00f6m\u00edt\u00e9scsere \u00e9s kalibr\u00e1l\u00e1s ellen\u0151rz\u00e9se:<\/strong> Kopott t\u00f6m\u00edt\u00e9sek cser\u00e9je \u00e9s a henger kalibr\u00e1l\u00e1sa a teljes\u00edtm\u00e9ny \u00e9s a hat\u00e9konys\u00e1g fenntart\u00e1sa \u00e9rdek\u00e9ben.<\/li>\n<\/ul>\n<h2>Biztons\u00e1gi szempontok \u00e9s k\u00f6rnyezeti t\u00e9nyez\u0151k<\/h2>\n<p>Hidraulikus hengerek haszn\u00e1latakor elengedhetetlen a biztons\u00e1gi int\u00e9zked\u00e9sek v\u00e9grehajt\u00e1sa a kezel\u0151k \u00e9s a berendez\u00e9sek v\u00e9delme \u00e9rdek\u00e9ben. A biztons\u00e1gos \u00fczemeltet\u00e9s \u00e9rdek\u00e9ben megfelel\u0151 k\u00e9pz\u00e9st kell biztos\u00edtani. Ezenk\u00edv\u00fcl vegye figyelembe a hidraulikus folyad\u00e9kokra vonatkoz\u00f3 k\u00f6rnyezetv\u00e9delmi el\u0151\u00edr\u00e1sokat a ki\u00f6ml\u00e9sek \u00e9s szennyez\u0151d\u00e9sek megel\u0151z\u00e9se \u00e9rdek\u00e9ben.<\/p>\n<h2>Hibadiagn\u00f3zis \u00e9s gyakori probl\u00e9m\u00e1k<\/h2>\n<ul>\n<li><strong>Sziv\u00e1rg\u00e1s:<\/strong> Gyakori probl\u00e9ma, amely gyakran a t\u00f6m\u00edt\u00e9s meghib\u00e1sod\u00e1s\u00e1ra utal. A rendszeres ellen\u0151rz\u00e9sek megel\u0151zhetik a vesztes\u00e9geket \u00e9s jav\u00edthatj\u00e1k a teljes\u00edtm\u00e9nyt.<\/li>\n<li><strong>Inkonzisztens teljes\u00edtm\u00e9ny:<\/strong> A hidraulikus rendszerben l\u00e9v\u0151 leveg\u0151 vagy a nem megfelel\u0151 folyad\u00e9kszint okozhatja. Ezen probl\u00e9m\u00e1k miel\u0151bbi kezel\u00e9se helyre\u00e1ll\u00edthatja a norm\u00e1l m\u0171k\u00f6d\u00e9st.<\/li>\n<li><strong>Zaj:<\/strong> A t\u00falzott zaj bels\u0151 kop\u00e1sra vagy kavit\u00e1ci\u00f3ra utalhat. A zajjal kapcsolatos probl\u00e9m\u00e1k kivizsg\u00e1l\u00e1sa \u00e9s kezel\u00e9se elengedhetetlen a tov\u00e1bbi k\u00e1rok elker\u00fcl\u00e9se \u00e9rdek\u00e9ben.<\/li>\n<\/ul>\n<p>Ezen probl\u00e9m\u00e1k elh\u00e1r\u00edt\u00e1sa \u00e9rdek\u00e9ben az \u00fczemeltet\u0151knek szisztematikus megk\u00f6zel\u00edt\u00e9st kell k\u00f6vetni\u00fck a kiv\u00e1lt\u00f3 ok azonos\u00edt\u00e1sa \u00e9rdek\u00e9ben, lehet\u0151v\u00e9 t\u00e9ve a hat\u00e9kony megold\u00e1st \u00e9s minimaliz\u00e1lva az \u00e1ll\u00e1sid\u0151t.<\/p>\n<h2>C\u00e9ginform\u00e1ci\u00f3<\/h2>\n<p>Vezet\u0151 hidraulikus hengergy\u00e1rt\u00f3 \u00e9s -nagykeresked\u0151 vagyunk, szakter\u00fclet\u00fcnk a p\u00f3talkatr\u00e9szk\u00e9nt szolg\u00e1l\u00f3 hidraulikus hengerek gy\u00e1rt\u00e1sa. Kiterjedt term\u00e9kk\u00edn\u00e1latunknak k\u00f6sz\u00f6nhet\u0151en mind a hazai, mind a nemzetk\u00f6zi piacok vezet\u0151 gy\u00e1rt\u00f3i k\u00f6z\u00e9 tartozunk. A kiv\u00e1l\u00f3s\u00e1g strat\u00e9gi\u00e1j\u00e1t k\u00f6vetve kifinomult gy\u00e1rt\u00e1si folyamatokat, korszer\u0171 digit\u00e1lis berendez\u00e9seket \u00e9s szigor\u00fa vizsg\u00e1lati rendszereket alkalmazunk a termel\u00e9si min\u0151s\u00e9g jav\u00edt\u00e1sa \u00e9rdek\u00e9ben.<\/p>\n<p>Elk\u00f6telezettek vagyunk a m\u0171szaki tehets\u00e9g, az innovat\u00edv gy\u00e1rt\u00e1si k\u00e9pess\u00e9gek \u00e9s a reag\u00e1l\u00f3 \u00fcgyf\u00e9lszolg\u00e1lat ir\u00e1nt, \u00edgy hat\u00e9konyan, prec\u00edzen \u00e9s min\u0151s\u00e9gileg tudjuk kiel\u00e9g\u00edteni \u00fcgyfeleink v\u00e1ltozatos ig\u00e9nyeit.<\/p>\n<p><img decoding=\"async\" src=\"https:\/\/www.hydraulic-cylinders.net\/wp-content\/uploads\/2025\/04\/songte-company-4.webp\" alt=\"C\u00e9ginform\u00e1ci\u00f3 k\u00e9pe\" \/><br \/>\n<img decoding=\"async\" src=\"https:\/\/www.hydraulic-cylinders.net\/wp-content\/uploads\/2025\/04\/songte-company-3.webp\" alt=\"V\u00e1llalati l\u00e9tes\u00edtm\u00e9nyek k\u00e9pe\" \/><\/p>\n<p>Szerz\u0151: lyl<\/p>","protected":false},"excerpt":{"rendered":"<p>Boom Cylinder For Caterpillar Small Excavator E313BCR Product Overview The Boom Cylinder For Caterpillar Small Excavator E313BCR is a crucial component in the hydraulic system of excavators, specifically designed to control the movement of the boom. This hydraulic cylinder allows for precise lifting, lowering, and tilting operations, facilitating efficient material handling tasks. Definition and Purpose [&hellip;]<\/p>","protected":false},"featured_media":17877,"comment_status":"open","ping_status":"closed","template":"","meta":{"_et_pb_use_builder":"","_et_pb_old_content":"","_et_gb_content_width":""},"product_brand":[],"product_cat":[1546],"product_tag":[1547,1496],"class_list":{"0":"post-18935","1":"product","2":"type-product","3":"status-publish","4":"has-post-thumbnail","6":"product_cat-boom-cylinders","7":"product_tag-boom-cylinders","8":"product_tag-hydraulic-cylinders","10":"first","11":"instock","12":"shipping-taxable","13":"product-type-simple"},"amp_enabled":true,"_links":{"self":[{"href":"https:\/\/www.hydraulic-cylinders.net\/hu\/wp-json\/wp\/v2\/product\/18935","targetHints":{"allow":["GET"]}}],"collection":[{"href":"https:\/\/www.hydraulic-cylinders.net\/hu\/wp-json\/wp\/v2\/product"}],"about":[{"href":"https:\/\/www.hydraulic-cylinders.net\/hu\/wp-json\/wp\/v2\/types\/product"}],"replies":[{"embeddable":true,"href":"https:\/\/www.hydraulic-cylinders.net\/hu\/wp-json\/wp\/v2\/comments?post=18935"}],"wp:featuredmedia":[{"embeddable":true,"href":"https:\/\/www.hydraulic-cylinders.net\/hu\/wp-json\/wp\/v2\/media\/17877"}],"wp:attachment":[{"href":"https:\/\/www.hydraulic-cylinders.net\/hu\/wp-json\/wp\/v2\/media?parent=18935"}],"wp:term":[{"taxonomy":"product_brand","embeddable":true,"href":"https:\/\/www.hydraulic-cylinders.net\/hu\/wp-json\/wp\/v2\/product_brand?post=18935"},{"taxonomy":"product_cat","embeddable":true,"href":"https:\/\/www.hydraulic-cylinders.net\/hu\/wp-json\/wp\/v2\/product_cat?post=18935"},{"taxonomy":"product_tag","embeddable":true,"href":"https:\/\/www.hydraulic-cylinders.net\/hu\/wp-json\/wp\/v2\/product_tag?post=18935"}],"curies":[{"name":"munkaf\u00fczet","href":"https:\/\/api.w.org\/{rel}","templated":true}]}}