{"id":18940,"date":"2025-04-07T06:03:21","date_gmt":"2025-04-07T06:03:21","guid":{"rendered":"https:\/\/www.hydraulic-cylinders.net\/product\/boom-cylinder-for-caterpillar-small-excavator-e312dc\/"},"modified":"2025-04-07T06:03:23","modified_gmt":"2025-04-07T06:03:23","slug":"boom-cylinder-for-caterpillar-small-excavator-e312dc","status":"publish","type":"product","link":"https:\/\/www.hydraulic-cylinders.net\/hu\/termek\/boom-cylinder-for-caterpillar-small-excavator-e312dc\/","title":{"rendered":"G\u00e9mhenger Caterpillar kis kotr\u00f3g\u00e9phez E312DC"},"content":{"rendered":"<h1>G\u00e9mhenger Caterpillar kis kotr\u00f3g\u00e9phez E312DC<\/h1>\n<h2>Term\u00e9k\u00e1ttekint\u00e9s<\/h2>\n<p>A Caterpillar E312DC kis kotr\u00f3g\u00e9p g\u00e9mhengere egy speci\u00e1lis hidraulikus henger, amelyet a g\u00e9m mozg\u00e1s\u00e1nak vez\u00e9rl\u00e9s\u00e9re terveztek k\u00fcl\u00f6nf\u00e9le neh\u00e9zg\u00e9pekben, bele\u00e9rtve a kotr\u00f3g\u00e9peket, kotr\u00f3rakod\u00f3kat \u00e9s homlokrakod\u00f3kat. Ez az alapvet\u0151 alkatr\u00e9sz lehet\u0151v\u00e9 teszi a g\u00e9m emel\u00e9s\u00e9t, s\u00fcllyeszt\u00e9s\u00e9t \u00e9s billent\u00e9s\u00e9t, megk\u00f6nny\u00edtve a hat\u00e9kony anyagmozgat\u00e1si feladatokat. A hidraulikus rendszerekben a kan\u00e1lhenger kulcsszerepet j\u00e1tszik az\u00e1ltal, hogy biztos\u00edtja a neh\u00e9zg\u00e9pekhez sz\u00fcks\u00e9ges er\u0151t \u00e9s mozg\u00e1st.<\/p>\n<p><img decoding=\"async\" src=\"https:\/\/www.hydraulic-cylinders.net\/wp-content\/uploads\/2025\/04\/songte-company-1.webp\" alt=\"G\u00e9mhenger kotr\u00f3g\u00e9phez\" \/><\/p>\n<h3>Defin\u00edci\u00f3 \u00e9s funkcionalit\u00e1s<\/h3>\n<p>A kan\u00e1lhenger egy olyan hidraulikus henger, amely kifejezetten a hidraulikus rendszereken bel\u00fcl m\u0171k\u00f6dik, hogy a berendez\u00e9sek kanalainak mozg\u00e1s\u00e1t manipul\u00e1lja. Ezek a hengerek hidraulikus folyad\u00e9knyom\u00e1s seg\u00edts\u00e9g\u00e9vel hozz\u00e1k l\u00e9tre a mozg\u00e1st, lehet\u0151v\u00e9 t\u00e9ve a neh\u00e9z anyagok emel\u00e9s\u00e9nek \u00e9s s\u00fcllyeszt\u00e9s\u00e9nek pontos vez\u00e9rl\u00e9s\u00e9t. Kialak\u00edt\u00e1suk \u00fagy van kialak\u00edtva, hogy ellen\u00e1lljon a nagy nyom\u00e1snak \u00e9s a nagy terhel\u00e9seknek, \u00edgy alkalmasak ig\u00e9nyes munkak\u00f6rnyezetekre.<\/p>\n<h2>A g\u00e9mhenger jellemz\u0151i<\/h2>\n<ul>\n<li><strong>Nagy szil\u00e1rds\u00e1g \u00e9s tart\u00f3ss\u00e1g:<\/strong> Ezek a hengerek jellemz\u0151en nagy szil\u00e1rds\u00e1g\u00fa ac\u00e9lb\u00f3l vagy alum\u00edniumb\u00f3l k\u00e9sz\u00fclnek, \u00e9s nagy nyom\u00e1snak \u00e9s nagy terhel\u00e9snek vannak kit\u00e9ve, \u00edgy biztos\u00edtva a hossz\u00fa \u00e9lettartamot m\u00e9g zord k\u00f6r\u00fclm\u00e9nyek k\u00f6z\u00f6tt is.<\/li>\n<li><strong>Hat\u00e9kony hidraulikus m\u0171k\u00f6dtet\u00e9s:<\/strong> A hengerek hidraulikaolaj-nyom\u00e1st haszn\u00e1lnak a sima kiny\u00fajt\u00e1shoz \u00e9s visszah\u00faz\u00e1shoz, lehet\u0151v\u00e9 t\u00e9ve a gyors reag\u00e1l\u00e1st a m\u0171k\u00f6d\u00e9si parancsokra, \u00e9s er\u0151teljes nyom\u00f3- \u00e9s h\u00faz\u00f3er\u0151ket biztos\u00edtva.<\/li>\n<li><strong>K\u00fcl\u00f6nb\u00f6z\u0151 t\u00edpusok:<\/strong> Sz\u00e1mos konfigur\u00e1ci\u00f3 \u00e9rhet\u0151 el, bele\u00e9rtve az egyszeres m\u0171k\u00f6d\u00e9s\u0171 (egy ir\u00e1nyban m\u0171k\u00f6d\u0151) \u00e9s kett\u0151s m\u0171k\u00f6d\u00e9s\u0171 (mindk\u00e9t ir\u00e1nyban m\u0171k\u00f6d\u0151) hengereket, valamint a teleszk\u00f3pos modelleket, amelyek a k\u00fcls\u0151 m\u00e9retek n\u00f6vel\u00e9se n\u00e9lk\u00fcl kiny\u00falnak.<\/li>\n<li><strong>Testreszabhat\u00f3 megold\u00e1sok:<\/strong> Gy\u00e1rt\u00e1si kapacit\u00e1sunk lehet\u0151v\u00e9 teszi sz\u00e1munkra, hogy olyan hengereket gy\u00e1rtsunk, amelyek t\u00f6k\u00e9letesen helyettes\u00edtik a megl\u00e9v\u0151 hidraulikus hengereket, \u00e9s amelyeket az adott \u00fczemeltet\u00e9si k\u00f6vetelm\u00e9nyeknek megfelel\u0151en szabunk testre.<\/li>\n<li><strong>Fokozott teljes\u00edtm\u00e9ny:<\/strong> A kop\u00e1s\u00e1ll\u00f3s\u00e1got \u00e9s a korr\u00f3zi\u00f3v\u00e9delmet szem el\u0151tt tartva tervezett hengerek m\u00e9g ig\u00e9nyes alkalmaz\u00e1sok eset\u00e9n is hossz\u00fa \u00fczemi \u00e9lettartamot biztos\u00edtanak.<\/li>\n<\/ul>\n<p><img decoding=\"async\" src=\"https:\/\/www.hydraulic-cylinders.net\/wp-content\/uploads\/2025\/04\/songte-cylinder-head-with-all-kinds-excavator-models.webp\" alt=\"Kotr\u00f3g\u00e9p modellek\" \/><\/p>\n<h2>A g\u00e9mhenger alkalmaz\u00e1sai<\/h2>\n<h3>\u00c9p\u00edt\u0151ipari berendez\u00e9sek<\/h3>\n<p>Az \u00e9p\u00edt\u0151ipari berendez\u00e9sekben a g\u00e9mhenger a kotr\u00f3g\u00e9pek forg\u00f3kapocspontja, megk\u00f6nny\u00edtve az \u00e1s\u00e1st, a rakod\u00e1st \u00e9s a talaj vagy t\u00f6rmel\u00e9k mozgat\u00e1s\u00e1t. Lehet\u0151v\u00e9 teszi a g\u00e9m mozg\u00e1s\u00e1nak pontos ir\u00e1ny\u00edt\u00e1s\u00e1t, \u00edgy elengedhetetlen a hat\u00e9kony f\u00f6ldmunk\u00e1hoz \u00e9s anyagmozgat\u00e1shoz.<\/p>\n<h3>Mez\u0151gazdas\u00e1gi g\u00e9pek<\/h3>\n<p>Mez\u0151gazdas\u00e1gi m\u0171veletek sor\u00e1n a g\u00e9mhengert homlokrakod\u00f3kban haszn\u00e1lj\u00e1k talaj, sz\u00e9na \u00e9s egy\u00e9b anyagok rakod\u00e1s\u00e1ra, emel\u00e9s\u00e9re \u00e9s sz\u00e1ll\u00edt\u00e1s\u00e1ra. A nagy emel\u0151k\u00e9pess\u00e9g lehet\u0151v\u00e9 teszi a gazd\u00e1lkod\u00f3k sz\u00e1m\u00e1ra, hogy hat\u00e9konyan kezelj\u00e9k a neh\u00e9z terheket.<\/p>\n<h3>Kotr\u00f3g\u00e9pek<\/h3>\n<p>A kotr\u00f3g\u00e9pek a kan\u00e1lhengert haszn\u00e1lj\u00e1k a talaj behatol\u00e1s\u00e1ra \u00e9s ki\u00e1s\u00e1s\u00e1ra, ami l\u00e9tfontoss\u00e1g\u00fa az \u00e9p\u00edt\u00e9si \u00e9s tereprendez\u00e9si projektekn\u00e9l. A henger k\u00fcl\u00f6nb\u00f6z\u0151 k\u00f6r\u00fclm\u00e9nyek k\u00f6z\u00f6tti m\u0171k\u00f6d\u00e9si k\u00e9pess\u00e9ge biztos\u00edtja a hat\u00e9kony \u00e1s\u00e1si m\u0171veletet.<\/p>\n<h3>Rakod\u00f3k<\/h3>\n<p>A homlokrakod\u00f3kn\u00e1l a g\u00e9mhenger seg\u00edti az anyagok hat\u00e9kony emel\u00e9s\u00e9t \u00e9s \u00fcr\u00edt\u00e9s\u00e9t. Ez a funkci\u00f3 kulcsfontoss\u00e1g\u00fa azokn\u00e1l a m\u0171veletekn\u00e9l, amelyek gyors anyagmozgat\u00e1st \u00e9s -elhelyez\u00e9st ig\u00e9nyelnek, n\u00f6velve a termel\u00e9kenys\u00e9get a munkater\u00fcleten.<\/p>\n<h2>Tervez\u00e9si szempontok \u00e9s kiv\u00e1laszt\u00e1si krit\u00e9riumok<\/h2>\n<h3>Teherb\u00edr\u00e1s<\/h3>\n<p>A g\u00e9mhenger kiv\u00e1laszt\u00e1sakor elengedhetetlen a teherb\u00edr\u00e1s ismerete. A hengernek el kell b\u00edrnia a kezelend\u0151 terhek s\u00faly\u00e1t a biztons\u00e1g vagy a teljes\u00edtm\u00e9ny vesz\u00e9lyeztet\u00e9se n\u00e9lk\u00fcl. Fontos figyelembe venni mind a statikus, mind a dinamikus terhel\u00e9seket annak biztos\u00edt\u00e1sa \u00e9rdek\u00e9ben, hogy a henger a cs\u00facs\u00fczemi k\u00f6r\u00fclm\u00e9nyeket is elb\u00edrja.<\/p>\n<h3>T\u00f6m\u00edt\u00e9si teljes\u00edtm\u00e9ny<\/h3>\n<p>A hat\u00e9kony t\u00f6m\u00edt\u00e9s elengedhetetlen a hidraulikafolyad\u00e9k sziv\u00e1rg\u00e1s\u00e1nak megakad\u00e1lyoz\u00e1s\u00e1hoz, ami cs\u00f6kkent hat\u00e9konys\u00e1ghoz \u00e9s potenci\u00e1lis rendszerhib\u00e1khoz vezethet. A nyom\u00e1s fenntart\u00e1s\u00e1hoz \u00e9s a henger \u00e9lettartam\u00e1nak meghosszabb\u00edt\u00e1s\u00e1hoz kiv\u00e1l\u00f3 min\u0151s\u00e9g\u0171, tart\u00f3s anyagokb\u00f3l k\u00e9sz\u00fclt t\u00f6m\u00edt\u00e9sekre van sz\u00fcks\u00e9g. Az optim\u00e1lis teljes\u00edtm\u00e9ny biztos\u00edt\u00e1sa \u00e9rdek\u00e9ben aj\u00e1nlott a t\u00f6m\u00edt\u00e9sek rendszeres ellen\u0151rz\u00e9se \u00e9s cser\u00e9je.<\/p>\n<h3>Tart\u00f3ss\u00e1g<\/h3>\n<p>A g\u00e9mhenger tart\u00f3ss\u00e1g\u00e1t sz\u00e1mos t\u00e9nyez\u0151 befoly\u00e1solja, bele\u00e9rtve a gy\u00e1rt\u00e1s\u00e1hoz felhaszn\u00e1lt anyagokat \u00e9s a kialak\u00edt\u00e1s\u00e1t. A kop\u00e1snak \u00e9s korr\u00f3zi\u00f3nak ellen\u00e1ll\u00f3 hengerek kiv\u00e1laszt\u00e1sa jelent\u0151sen cs\u00f6kkentheti a karbantart\u00e1si k\u00f6lts\u00e9geket \u00e9s az \u00e1ll\u00e1sid\u0151t, biztos\u00edtva az \u00e1lland\u00f3 m\u0171k\u00f6d\u00e9st az id\u0151 m\u00fal\u00e1s\u00e1val.<\/p>\n<h3>Biztons\u00e1gi funkci\u00f3k<\/h3>\n<p>A hidraulikus hengerek haszn\u00e1latakor a biztons\u00e1gnak mindig priorit\u00e1snak kell lennie. A be\u00e9p\u00edtett biztons\u00e1gi funkci\u00f3k, p\u00e9ld\u00e1ul a nyom\u00e1scs\u00f6kkent\u0151 szelepek \u00e9s a robusztus r\u00f6gz\u00edt\u00e9si lehet\u0151s\u00e9gek figyelembev\u00e9tele seg\u00edthet megel\u0151zni a baleseteket \u00e9s biztos\u00edtani a biztons\u00e1gos m\u0171k\u00f6d\u00e9st v\u00e1ltoz\u00f3 k\u00f6r\u00fclm\u00e9nyek k\u00f6z\u00f6tt.<\/p>\n<h3>Karbantarthat\u00f3s\u00e1g<\/h3>\n<p>A henger k\u00f6nny\u0171 karbantart\u00e1s\u00e1t szem el\u0151tt tart\u00f3 tervez\u00e9se elengedhetetlen a m\u0171k\u00f6d\u00e9si hat\u00e9konys\u00e1g szempontj\u00e1b\u00f3l. Ez mag\u00e1ban foglalja a kritikus alkatr\u00e9szekhez val\u00f3 hozz\u00e1f\u00e9r\u00e9st ellen\u0151rz\u00e9s \u00e9s szervizel\u00e9s c\u00e9lj\u00e1b\u00f3l. A rendszeres karbantart\u00e1si feladatokat megk\u00f6nny\u00edt\u0151 kialak\u00edt\u00e1s meghosszabb\u00edthatja a henger \u00e9lettartam\u00e1t \u00e9s jav\u00edthatja a rendszer megb\u00edzhat\u00f3s\u00e1g\u00e1t.<\/p>\n<p><img decoding=\"async\" src=\"https:\/\/www.hydraulic-cylinders.net\/wp-content\/uploads\/2025\/04\/songte-oil-pipes-and-spare-parts.webp\" alt=\"Hidraulikus alkatr\u00e9szek\" \/><\/p>\n<h2>T\u00f6m\u00edt\u00e9s \u00e9s ken\u00e9s<\/h2>\n<p>A megfelel\u0151 t\u00f6m\u00edt\u00e9s \u00e9s ken\u00e9s elengedhetetlen a hidraulikus hengerek hat\u00e9kony m\u0171k\u00f6d\u00e9s\u00e9hez. K\u00fcl\u00f6nb\u00f6z\u0151 t\u00f6m\u00edt\u0151elemek, mint p\u00e9ld\u00e1ul a dugatty\u00fat\u00f6m\u00edt\u00e9sek \u00e9s a r\u00fadt\u00f6m\u00edt\u00e9sek, gyakran tart\u00f3s anyagokb\u00f3l, p\u00e9ld\u00e1ul poliuret\u00e1nb\u00f3l vagy nitrilkaucsukb\u00f3l k\u00e9sz\u00fclnek, hogy ellen\u00e1lljanak a kop\u00e1snak. A hengertest \u00e9s a menetes v\u00e9gek prec\u00edz megmunk\u00e1l\u00e1si folyamatokon mennek kereszt\u00fcl a kop\u00e1s\u00e1ll\u00f3s\u00e1guk n\u00f6vel\u00e9se \u00e9rdek\u00e9ben. Ezenk\u00edv\u00fcl a rendszeres hidraulikaolajjal t\u00f6rt\u00e9n\u0151 ken\u00e9s sz\u00fcks\u00e9ges az optim\u00e1lis m\u0171k\u00f6d\u00e9s fenntart\u00e1s\u00e1hoz \u00e9s a bels\u0151 s\u00farl\u00f3d\u00e1s megel\u0151z\u00e9s\u00e9hez, amely id\u0151 el\u0151tti meghib\u00e1sod\u00e1st okozhat. C\u00e9lszer\u0171 rendszeres ken\u00e9si \u00fctemtervet be\u00e1ll\u00edtani a henger z\u00f6kken\u0151mentes \u00e9s hat\u00e9kony m\u0171k\u00f6d\u00e9s\u00e9nek biztos\u00edt\u00e1sa \u00e9rdek\u00e9ben.<\/p>\n<h2>Rendszeres ellen\u0151rz\u00e9s \u00e9s megel\u0151z\u0151 karbantart\u00e1s<\/h2>\n<ul>\n<li><strong>Rendszeres vizu\u00e1lis ellen\u0151rz\u00e9sek:<\/strong> Gyakran v\u00e9gezzen vizu\u00e1lis ellen\u0151rz\u00e9st az alkatr\u00e9szek kop\u00e1s\u00e1nak, sziv\u00e1rg\u00e1s\u00e1nak vagy s\u00e9r\u00fcl\u00e9s\u00e9nek jelei ut\u00e1n kutatva. A korai felismer\u00e9s megakad\u00e1lyozhatja, hogy a kisebb probl\u00e9m\u00e1k komolyabb\u00e1 v\u00e1ljanak.<\/li>\n<li><strong>Ken\u00e9s karbantart\u00e1sa:<\/strong> Gy\u0151z\u0151dj\u00f6n meg arr\u00f3l, hogy minden mozg\u00f3 alkatr\u00e9sz megfelel\u0151en kenve van a gy\u00e1rt\u00f3 aj\u00e1nl\u00e1sainak megfelel\u0151en, a s\u00farl\u00f3d\u00e1s \u00e9s a kop\u00e1s cs\u00f6kkent\u00e9se \u00e9rdek\u00e9ben.<\/li>\n<li><strong>T\u00f6m\u00edt\u00e9scsere:<\/strong> A kopott vagy s\u00e9r\u00fclt t\u00f6m\u00edt\u00e9sek id\u0151ben t\u00f6rt\u00e9n\u0151 cser\u00e9je kritikus fontoss\u00e1g\u00fa a hidraulikus nyom\u00e1s fenntart\u00e1s\u00e1hoz \u00e9s a sziv\u00e1rg\u00e1sok megel\u0151z\u00e9s\u00e9hez. A t\u00f6m\u00edt\u00e9sek ellen\u0151rz\u00e9s\u00e9re \u00e9s cser\u00e9j\u00e9re vonatkoz\u00f3 \u00fctemterv bevezet\u00e9se jav\u00edthatja a rendszer \u00e1ltal\u00e1nos hat\u00e9konys\u00e1g\u00e1t.<\/li>\n<\/ul>\n<h2>Telep\u00edt\u00e9si \u00fatmutat\u00f3<\/h2>\n<p>A g\u00e9mhenger megfelel\u0151 telep\u00edt\u00e9s\u00e9nek biztos\u00edt\u00e1s\u00e1hoz k\u00f6vesse az al\u00e1bbi l\u00e9p\u00e9seket:<\/p>\n<ol>\n<li>Kezdje a telep\u00edt\u00e9si hely el\u0151k\u00e9sz\u00edt\u00e9s\u00e9vel, \u00fcgyelve arra, hogy a ter\u00fclet tiszta \u00e9s t\u00f6rmel\u00e9kmentes legyen.<\/li>\n<li>Igaz\u00edtsa megfelel\u0151en a hengert a r\u00f6gz\u00edt\u0151konzolokhoz, \u00e9s r\u00f6gz\u00edtse a hely\u00e9n a megfelel\u0151 r\u00f6gz\u00edt\u0151elemekkel.<\/li>\n<li>Ellen\u0151rizze a henger be\u00e1ll\u00edt\u00e1s\u00e1t, hogy megbizonyosodjon arr\u00f3l, hogy sim\u00e1n m\u0171k\u00f6dik, nincsenek-e akadoz\u00e1sok vagy eltol\u00f3d\u00e1sok.<\/li>\n<li>A telep\u00edt\u00e9s ut\u00e1n csatlakoztassa a hidraulikavezet\u00e9keket, \u00fcgyelve arra, hogy ne legyen sziv\u00e1rg\u00e1s a csatlakoz\u00e1sokn\u00e1l.<\/li>\n<li>V\u00e9g\u00fcl, a berendez\u00e9s \u00fajb\u00f3li \u00fczembe helyez\u00e9se el\u0151tt v\u00e9gezzen funkcion\u00e1lis tesztet a palack megfelel\u0151 m\u0171k\u00f6d\u00e9s\u00e9nek meger\u0151s\u00edt\u00e9s\u00e9re.<\/li>\n<\/ol>\n<h2>Karbantart\u00e1si feladatok<\/h2>\n<ul>\n<li><strong>Rendszeres ellen\u0151rz\u00e9sek:<\/strong> \u00dctemezzen be rendszeres ellen\u0151rz\u00e9seket a henger \u00e9s a k\u00f6rnyez\u0151 alkatr\u00e9szek \u00e1llapot\u00e1nak felm\u00e9r\u00e9s\u00e9re. Ellen\u0151rizze a kop\u00e1st, a sziv\u00e1rg\u00e1sokat \u00e9s a megfelel\u0151 hidraulikafolyad\u00e9k-szintet.<\/li>\n<li><strong>Megfelel\u0151 ken\u00e9s:<\/strong> Gy\u0151z\u0151dj\u00f6n meg arr\u00f3l, hogy minden mozg\u00f3 alkatr\u00e9sz megfelel\u0151en kenve van a s\u00farl\u00f3d\u00e1s \u00e9s a kop\u00e1s minimaliz\u00e1l\u00e1sa, ez\u00e1ltal meghosszabb\u00edtva a henger \u00e9lettartam\u00e1t.<\/li>\n<li><strong>T\u00f6m\u00edt\u00e9scsere:<\/strong> Rendszeresen ellen\u0151rizze a t\u00f6m\u00edt\u00e9seket kop\u00e1s vagy s\u00e9r\u00fcl\u00e9s jelei szempontj\u00e1b\u00f3l. Sz\u00fcks\u00e9g szerint cser\u00e9lje ki \u0151ket a hidraulikus nyom\u00e1s \u00e9s a hat\u00e9konys\u00e1g fenntart\u00e1sa \u00e9rdek\u00e9ben.<\/li>\n<\/ul>\n<h2>Biztons\u00e1gi szempontok \u00e9s k\u00f6rnyezeti t\u00e9nyez\u0151k<\/h2>\n<p>Hidraulikus hengerek \u00fczemeltet\u00e9sekor elengedhetetlen a biztons\u00e1gi int\u00e9zked\u00e9sek megt\u00e9tele a szem\u00e9lyzet \u00e9s a berendez\u00e9sek v\u00e9delme \u00e9rdek\u00e9ben. Ez mag\u00e1ban foglalja a megfelel\u0151 szem\u00e9lyi v\u00e9d\u0151felszerel\u00e9s visel\u00e9s\u00e9t, az \u00fczemeltet\u00e9si ir\u00e1nyelvek betart\u00e1s\u00e1t \u00e9s annak biztos\u00edt\u00e1s\u00e1t, hogy minden biztons\u00e1gi berendez\u00e9s m\u0171k\u00f6d\u0151k\u00e9pes legyen. A k\u00f6rnyezet ismerete l\u00e9tfontoss\u00e1g\u00fa, mivel a kedvez\u0151tlen k\u00f6r\u00fclm\u00e9nyek k\u00f6z\u00f6tt t\u00f6rt\u00e9n\u0151 munkav\u00e9gz\u00e9s n\u00f6velheti a kock\u00e1zatokat, amelyeket megfelel\u0151 tervez\u00e9ssel \u00e9s a berendez\u00e9sek ellen\u0151rz\u00e9s\u00e9vel kell cs\u00f6kkenteni.<\/p>\n<h2>Hibaelh\u00e1r\u00edt\u00e1s \u00e9s gyakori probl\u00e9m\u00e1k<\/h2>\n<ul>\n<li><strong>Nyom\u00e1sveszt\u00e9s:<\/strong> Ha a henger nyom\u00e1svesztes\u00e9get mutat, ellen\u0151rizze a t\u00f6m\u00edt\u00e9sek \u00e9s a hidraulikavezet\u00e9kek sziv\u00e1rg\u00e1s\u00e1t. Vizsg\u00e1lja meg a hidraulikaszivatty\u00fa megfelel\u0151 m\u0171k\u00f6d\u00e9s\u00e9t.<\/li>\n<li><strong>Lass\u00fa m\u0171k\u00f6d\u00e9s:<\/strong> Ez alacsony hidraulikafolyad\u00e9k-szintre vagy szennyez\u0151d\u00e9sre utalhat. Ellen\u0151rizze a folyad\u00e9kszintet, \u00e9s cser\u00e9lje ki a szennyezett folyad\u00e9kot.<\/li>\n<li><strong>Szokatlan zajok:<\/strong> A csikorg\u00f3 vagy sik\u00edt\u00f3 hangok el\u00e9gtelen ken\u00e9sre vagy s\u00e9r\u00fclt alkatr\u00e9szekre utalhatnak. Vizsg\u00e1lja meg a zaj forr\u00e1s\u00e1t, \u00e9s azonnal jav\u00edtsa ki.<\/li>\n<\/ul>\n<h2>Hibaelh\u00e1r\u00edt\u00e1si tippek<\/h2>\n<p>A g\u00e9mhengerrel kapcsolatos probl\u00e9m\u00e1k hat\u00e9kony elh\u00e1r\u00edt\u00e1s\u00e1hoz vegye figyelembe a k\u00f6vetkez\u0151 tippeket:<\/p>\n<ul>\n<li>Rendszeresen ellen\u0151rizze a henger teljes\u00edtm\u00e9ny\u00e9t a probl\u00e9m\u00e1k korai felismer\u00e9se \u00e9rdek\u00e9ben.<\/li>\n<li>Vezessen napl\u00f3t a karbantart\u00e1si feladatokr\u00f3l, amely seg\u00edthet a mint\u00e1zatok \u00e9s a lehets\u00e9ges probl\u00e9m\u00e1k felismer\u00e9s\u00e9ben.<\/li>\n<li>A hibaelh\u00e1r\u00edt\u00e1ssal \u00e9s jav\u00edt\u00e1ssal kapcsolatos konkr\u00e9t utas\u00edt\u00e1sok\u00e9rt tekintse meg a gy\u00e1rt\u00f3 \u00fatmutat\u00f3j\u00e1t.<\/li>\n<\/ul>\n<p><img decoding=\"async\" src=\"https:\/\/www.hydraulic-cylinders.net\/wp-content\/uploads\/2025\/04\/songte-bushings-with-all-kinds-of-excavator-models.webp\" alt=\"Kotr\u00f3g\u00e9p perselyek\" \/><\/p>\n<h2>C\u00e9ginform\u00e1ci\u00f3<\/h2>\n<p>Vezet\u0151 gy\u00e1rt\u00f3i vagyunk a p\u00f3talkatr\u00e9szk\u00e9nt szolg\u00e1l\u00f3 hidraulikus hengereknek, v\u00e1ltozatos term\u00e9kv\u00e1laszt\u00e9kkal, amely mind a hazai, mind a nemzetk\u00f6zi piacokat kiszolg\u00e1lja. A kiv\u00e1l\u00f3s\u00e1g ir\u00e1nti elk\u00f6telezetts\u00e9g\u00fcnket finom\u00edtott gy\u00e1rt\u00e1si folyamataink \u00e9s a magas min\u0151s\u00e9gi szabv\u00e1nyok betart\u00e1sa t\u00fckr\u00f6zi. Az iparos\u00edtott termel\u00e9sir\u00e1ny\u00edt\u00e1s strat\u00e9gi\u00e1j\u00e1t alkalmazzuk, fejlett gy\u00e1rt\u00e1stechnol\u00f3gi\u00e1t \u00e9s professzion\u00e1lis tesztel\u0151rendszereket haszn\u00e1lva termel\u00e9si k\u00e9pess\u00e9geink fokoz\u00e1sa \u00e9rdek\u00e9ben. Tapasztalt csapatunk elk\u00f6telezett az \u00fcgyfelek ig\u00e9nyeinek kiel\u00e9g\u00edt\u00e9se ir\u00e1nt testreszabott megold\u00e1sokon kereszt\u00fcl, biztos\u00edtva a magas hat\u00e9konys\u00e1got, pontoss\u00e1got \u00e9s min\u0151s\u00e9get minden term\u00e9k\u00fcnkben.<\/p>\n<p><img decoding=\"async\" src=\"https:\/\/www.hydraulic-cylinders.net\/wp-content\/uploads\/2025\/04\/songte-company-4.webp\" alt=\"C\u00e9gk\u00e9p 1\" \/><br \/>\n<img decoding=\"async\" src=\"https:\/\/www.hydraulic-cylinders.net\/wp-content\/uploads\/2025\/04\/songte-company-3.webp\" alt=\"C\u00e9gk\u00e9p 2\" \/><\/p>\n<p>Term\u00e9keinkkel vagy szolg\u00e1ltat\u00e1sainkkal kapcsolatos k\u00e9rd\u00e9seivel k\u00e9rj\u00fck, vegye fel vel\u00fcnk a kapcsolatot professzion\u00e1lis seg\u00edts\u00e9g\u00e9rt \u00e9s t\u00e1mogat\u00e1s\u00e9rt.<\/p>\n<p>Szerz\u0151: lyl<\/p>","protected":false},"excerpt":{"rendered":"<p>Boom Cylinder For Caterpillar Small Excavator E312DC Product Overview The Boom Cylinder for Caterpillar Small Excavator E312DC is a specialized hydraulic cylinder designed to control the movement of the boom in various heavy machinery, including excavators, backhoe loaders, and front loaders. This essential component allows the boom to lift, lower, and tilt, facilitating effective material [&hellip;]<\/p>","protected":false},"featured_media":17867,"comment_status":"open","ping_status":"closed","template":"","meta":{"_et_pb_use_builder":"","_et_pb_old_content":"","_et_gb_content_width":""},"product_brand":[],"product_cat":[1546],"product_tag":[1547,1496],"class_list":{"0":"post-18940","1":"product","2":"type-product","3":"status-publish","4":"has-post-thumbnail","6":"product_cat-boom-cylinders","7":"product_tag-boom-cylinders","8":"product_tag-hydraulic-cylinders","10":"first","11":"instock","12":"shipping-taxable","13":"product-type-simple"},"amp_enabled":true,"_links":{"self":[{"href":"https:\/\/www.hydraulic-cylinders.net\/hu\/wp-json\/wp\/v2\/product\/18940","targetHints":{"allow":["GET"]}}],"collection":[{"href":"https:\/\/www.hydraulic-cylinders.net\/hu\/wp-json\/wp\/v2\/product"}],"about":[{"href":"https:\/\/www.hydraulic-cylinders.net\/hu\/wp-json\/wp\/v2\/types\/product"}],"replies":[{"embeddable":true,"href":"https:\/\/www.hydraulic-cylinders.net\/hu\/wp-json\/wp\/v2\/comments?post=18940"}],"wp:featuredmedia":[{"embeddable":true,"href":"https:\/\/www.hydraulic-cylinders.net\/hu\/wp-json\/wp\/v2\/media\/17867"}],"wp:attachment":[{"href":"https:\/\/www.hydraulic-cylinders.net\/hu\/wp-json\/wp\/v2\/media?parent=18940"}],"wp:term":[{"taxonomy":"product_brand","embeddable":true,"href":"https:\/\/www.hydraulic-cylinders.net\/hu\/wp-json\/wp\/v2\/product_brand?post=18940"},{"taxonomy":"product_cat","embeddable":true,"href":"https:\/\/www.hydraulic-cylinders.net\/hu\/wp-json\/wp\/v2\/product_cat?post=18940"},{"taxonomy":"product_tag","embeddable":true,"href":"https:\/\/www.hydraulic-cylinders.net\/hu\/wp-json\/wp\/v2\/product_tag?post=18940"}],"curies":[{"name":"munkaf\u00fczet","href":"https:\/\/api.w.org\/{rel}","templated":true}]}}