{"id":18942,"date":"2025-04-07T06:03:25","date_gmt":"2025-04-07T06:03:25","guid":{"rendered":"https:\/\/www.hydraulic-cylinders.net\/product\/boom-cylinder-for-caterpillar-small-excavator-e318dl\/"},"modified":"2025-04-07T06:03:28","modified_gmt":"2025-04-07T06:03:28","slug":"boom-cylinder-for-caterpillar-small-excavator-e318dl","status":"publish","type":"product","link":"https:\/\/www.hydraulic-cylinders.net\/hu\/termek\/boom-cylinder-for-caterpillar-small-excavator-e318dl\/","title":{"rendered":"G\u00e9mhenger Caterpillar kis kotr\u00f3g\u00e9phez E318DL"},"content":{"rendered":"<h1>G\u00e9mhenger Caterpillar kis kotr\u00f3g\u00e9phez E318DL<\/h1>\n<h2>Bevezet\u00e9s a g\u00e9mhengerbe<\/h2>\n<p>A g\u00e9mhenger kulcsfontoss\u00e1g\u00fa eleme a hidraulikus rendszereknek, amelyet kifejezetten a kan\u00e1l mozg\u00e1s\u00e1nak vez\u00e9rl\u00e9s\u00e9re terveztek neh\u00e9zg\u00e9pekben, p\u00e9ld\u00e1ul kotr\u00f3g\u00e9pekben, kotr\u00f3rakod\u00f3kban \u00e9s homlokrakod\u00f3kban. Ez a hidraulikus henger lehet\u0151v\u00e9 teszi a kan\u00e1l emel\u00e9s\u00e9t, s\u00fcllyeszt\u00e9s\u00e9t \u00e9s billent\u00e9s\u00e9t, megk\u00f6nny\u00edtve a k\u00fcl\u00f6nf\u00e9le anyagmozgat\u00e1si feladatokat. A g\u00e9mhenger hidraulikus folyad\u00e9knyom\u00e1son kereszt\u00fcl m\u0171k\u00f6dik, ami er\u0151teljes mozg\u00e1st eredm\u00e9nyez, lehet\u0151v\u00e9 t\u00e9ve a kezel\u0151k sz\u00e1m\u00e1ra a feladatok hat\u00e9kony elv\u00e9gz\u00e9s\u00e9t.<\/p>\n<p><img decoding=\"async\" src=\"https:\/\/www.hydraulic-cylinders.net\/wp-content\/uploads\/2025\/04\/songte-company-1.webp\" alt=\"G\u00e9mhenger\" \/><\/p>\n<h2>A g\u00e9mhenger jellemz\u0151i<\/h2>\n<ul>\n<li><strong>Nagy szil\u00e1rds\u00e1g \u00e9s tart\u00f3ss\u00e1g:<\/strong> A jellemz\u0151en nagy szil\u00e1rds\u00e1g\u00fa ac\u00e9lb\u00f3l vagy alum\u00edniumb\u00f3l k\u00e9sz\u00fclt g\u00e9mhenger nagy nyom\u00e1st \u00e9s nagy terhel\u00e9st k\u00e9pes ellen\u00e1llni, mik\u00f6zben ellen\u00e1ll a zord munkak\u00f6rnyezetnek. Tervez\u00e9se sor\u00e1n a kop\u00e1s\u00e1ll\u00f3s\u00e1got \u00e9s a korr\u00f3zi\u00f3\u00e1ll\u00f3s\u00e1got vett\u00e9k figyelembe az \u00e9lettartam meghosszabb\u00edt\u00e1sa \u00e9rdek\u00e9ben.<\/li>\n<li><strong>Hat\u00e9kony hidraulikus m\u0171k\u00f6dtet\u00e9s:<\/strong> Hidraulikaolaj-nyom\u00e1st haszn\u00e1l a sima kitol\u00e1shoz \u00e9s visszah\u00faz\u00e1shoz, gyors reag\u00e1l\u00e1st biztos\u00edt a vez\u00e9rl\u0151parancsokra, \u00e9s er\u0151teljes tol\u00f3- \u00e9s h\u00faz\u00f3k\u00e9pess\u00e9get biztos\u00edt, amely alkalmas a neh\u00e9z \u00e9s \u00f6sszetett feladatok kezel\u00e9s\u00e9hez.<\/li>\n<li><strong>K\u00fcl\u00f6nb\u00f6z\u0151 t\u00edpusok:<\/strong> A g\u00e9mhengerek az ig\u00e9nyeknek megfelel\u0151en v\u00e1laszthat\u00f3k ki, legyen sz\u00f3 egyszeres m\u0171k\u00f6d\u00e9s\u0171 (hidraulikus nyom\u00e1st haszn\u00e1lva az egyik ir\u00e1nyban) vagy kett\u0151s m\u0171k\u00f6d\u00e9s\u0171 (hidraulikus nyom\u00e1st haszn\u00e1lva mindk\u00e9t ir\u00e1nyban) kivitelr\u0151l. Egyes modellek teleszk\u00f3posak, \u00edgy nagyobb kiny\u00fal\u00e1st tesznek lehet\u0151v\u00e9 a k\u00fcls\u0151 m\u00e9retek n\u00f6vel\u00e9se n\u00e9lk\u00fcl, \u00edgy ide\u00e1lisak a helysz\u0171k\u00e9ben l\u00e9v\u0151 alkalmaz\u00e1sokhoz.<\/li>\n<li><strong>Egyedi gy\u00e1rt\u00e1s:<\/strong> Ezt a term\u00e9ket gy\u00e1rtani tudjuk, \u00e9s hengereink t\u00f6k\u00e9letesen helyettes\u00edtik a megl\u00e9v\u0151 hidraulikus hengereket k\u00fcl\u00f6nf\u00e9le alkalmaz\u00e1sokban.<\/li>\n<li><strong>Sokoldal\u00fa alkalmaz\u00e1sok:<\/strong> A k\u00fcl\u00f6nf\u00e9le g\u00e9pekhez tervezett g\u00e9mhenger kulcsfontoss\u00e1g\u00fa a hat\u00e9kony m\u0171k\u00f6d\u00e9shez sz\u00e1mos ipar\u00e1gban.<\/li>\n<\/ul>\n<p><img decoding=\"async\" src=\"https:\/\/www.hydraulic-cylinders.net\/wp-content\/uploads\/2025\/04\/songte-cylinder-head-with-all-kinds-excavator-models.webp\" alt=\"Kotr\u00f3g\u00e9p modellek\" \/><\/p>\n<h2>A g\u00e9mhenger alkalmaz\u00e1sai<\/h2>\n<h3>\u00c9p\u00edt\u0151ipari berendez\u00e9sek<\/h3>\n<p>In excavators, boom cylinders are essential for digging, loading, and moving dirt or debris. They enable the excavator&#8217;s bucket to perform a range of motions crucial for effective earthmoving operations. When used with backhoe loaders, the boom cylinder not only assists in digging but also facilitates lifting, allowing for efficient material handling on construction sites.<\/p>\n<h3>Mez\u0151gazdas\u00e1gi g\u00e9pek<\/h3>\n<p>A homlokrakod\u00f3kn\u00e1l a g\u00e9mhenger l\u00e9tfontoss\u00e1g\u00fa szerepet j\u00e1tszik a talaj, sz\u00e9na \u00e9s egy\u00e9b anyagok \u00e1s\u00e1s\u00e1ban, emel\u00e9s\u00e9ben \u00e9s sz\u00e1ll\u00edt\u00e1s\u00e1ban. A rakom\u00e1nyok hat\u00e9kony kezel\u00e9s\u00e9re val\u00f3 k\u00e9pess\u00e9ge n\u00e9lk\u00fcl\u00f6zhetetlenn\u00e9 teszi a mez\u0151gazdas\u00e1gi alkalmaz\u00e1sokban, ahol a sebess\u00e9g \u00e9s a hat\u00e9konys\u00e1g kiemelked\u0151 fontoss\u00e1g\u00fa a sz\u00e1nt\u00f3f\u00f6ldi munk\u00e1hoz.<\/p>\n<h3>Kotr\u00f3g\u00e9pek<\/h3>\n<p>A kotr\u00f3g\u00e9pek kan\u00e1lhengere lehet\u0151v\u00e9 teszi a talajba val\u00f3 behatol\u00e1st, megk\u00f6nny\u00edtve a hat\u00e9kony \u00e1s\u00e1si m\u0171veleteket. Ez a hidraulikus m\u0171k\u00f6d\u00e9s lehet\u0151v\u00e9 teszi a kezel\u0151k sz\u00e1m\u00e1ra, hogy hat\u00e9konyan \u00e1ss\u00e1k az alapokat, \u00e1rkokat \u00e9s egy\u00e9b, az \u00e9p\u00edt\u00e9si projektekhez elengedhetetlen f\u00f6ldmunk\u00e1kat.<\/p>\n<h3>Rakod\u00f3k<\/h3>\n<p>A homlokrakod\u00f3kban a g\u00e9mhengerek hat\u00e9konyan seg\u00edtik a rakom\u00e1nyok emel\u00e9s\u00e9t \u00e9s \u00fcr\u00edt\u00e9s\u00e9t. Kialak\u00edt\u00e1suk biztos\u00edtja, hogy a kezel\u0151k prec\u00edzen kezelhess\u00e9k a neh\u00e9z anyagokat, n\u00f6velve a rakod\u00e1si feladatok termel\u00e9kenys\u00e9g\u00e9t.<\/p>\n<h2>Tervez\u00e9si szempontok \u00e9s kiv\u00e1laszt\u00e1si krit\u00e9riumok<\/h2>\n<h3>Teherb\u00edr\u00e1s<\/h3>\n<p>A teherb\u00edr\u00e1s meg\u00e9rt\u00e9se kritikus fontoss\u00e1g\u00fa a g\u00e9mhenger kiv\u00e1laszt\u00e1sakor. Annak \u00f6sszhangban kell lennie a kiszolg\u00e1lni k\u00edv\u00e1nt g\u00e9p konkr\u00e9t ig\u00e9nyeivel. A nem megfelel\u0151 teherb\u00edr\u00e1s\u00fa henger meghib\u00e1sod\u00e1sokhoz, teljes\u00edtm\u00e9nyroml\u00e1shoz vagy ak\u00e1r balesetekhez vezethet. Ez\u00e9rt a gy\u00e1rt\u00f3k maxim\u00e1lis teherb\u00edr\u00e1si \u00e9rt\u00e9keket hat\u00e1roznak meg a tervezett alkalmaz\u00e1ssal val\u00f3 kompatibilit\u00e1s biztos\u00edt\u00e1sa \u00e9rdek\u00e9ben.<\/p>\n<h3>T\u00f6m\u00edt\u00e9s<\/h3>\n<p>A t\u00f6m\u00edt\u00e9s a hidraulikus hengerek tervez\u00e9s\u00e9nek kulcsfontoss\u00e1g\u00fa aspektusa, mivel megakad\u00e1lyozza a folyad\u00e9k sziv\u00e1rg\u00e1s\u00e1t \u00e9s fenntartja a nyom\u00e1st a rendszeren bel\u00fcl. A megfelel\u0151 t\u00f6m\u00edt\u0151anyagok, p\u00e9ld\u00e1ul a poliuret\u00e1n vagy a nitrilkaucsuk, n\u00f6velik a tart\u00f3ss\u00e1got \u00e9s a teljes\u00edtm\u00e9nyt. A kiv\u00e1l\u00f3 min\u0151s\u00e9g\u0171 t\u00f6m\u00edt\u00e9sek alkalmazkodnak a h\u0151m\u00e9rs\u00e9klet-v\u00e1ltoz\u00e1sokhoz \u00e9s ellen\u00e1llnak a kop\u00e1snak, ami elengedhetetlen a hidraulikus m\u0171veletek hat\u00e9konys\u00e1g\u00e1nak fenntart\u00e1s\u00e1hoz.<\/p>\n<h3>Tart\u00f3ss\u00e1g<\/h3>\n<p>A tart\u00f3ss\u00e1g elengedhetetlen a hidraulikus hengerek tervez\u00e9s\u00e9n\u00e9l, k\u00fcl\u00f6n\u00f6sen a kih\u00edv\u00e1st jelent\u0151 m\u0171k\u00f6d\u00e9si k\u00f6rnyezetek miatt. A m\u00e9rn\u00f6k\u00f6k olyan anyagokat \u00e9s bevonatokat v\u00e1lasztanak, amelyek fokozz\u00e1k a kop\u00e1s\u00e1ll\u00f3s\u00e1got, a korr\u00f3zi\u00f3\u00e1ll\u00f3s\u00e1got \u00e9s a sz\u00e9ls\u0151s\u00e9ges h\u0151m\u00e9rs\u00e9kleteket. Ez a hossz\u00fa \u00e9lettartam cs\u00f6kkenti az \u00e1ll\u00e1sid\u0151t \u00e9s a karbantart\u00e1si k\u00f6lts\u00e9geket, \u00edgy a g\u00e9pek id\u0151vel megb\u00edzhat\u00f3bbak.<\/p>\n<h3>Biztons\u00e1g<\/h3>\n<p>A g\u00e9mhengerek biztons\u00e1gi funkci\u00f3it szigor\u00faan tesztelni \u00e9s tan\u00fas\u00edtani kell. A rendszereket \u00fagy kell megtervezni, hogy v\u00e1ratlan nyom\u00e1sokat \u00e9s terhel\u00e9seket is meghib\u00e1sod\u00e1s n\u00e9lk\u00fcl kezeljenek. A biztons\u00e1gi szelepek \u00e9s a redund\u00e1ns funkci\u00f3k be\u00e9p\u00edt\u00e9se biztos\u00edtja a kezel\u0151k biztons\u00e1g\u00e1t neh\u00e9zg\u00e9pekkel v\u00e9gzett munka sor\u00e1n, minimaliz\u00e1lva a balesetek kock\u00e1zat\u00e1t.<\/p>\n<h3>Karbantart\u00e1si hozz\u00e1f\u00e9rhet\u0151s\u00e9g<\/h3>\n<p>A karbantart\u00e1st szem el\u0151tt tart\u00f3 hidraulikus hengerek tervez\u00e9se k\u00f6nny\u0171 hozz\u00e1f\u00e9r\u00e9st biztos\u00edt az ellen\u0151rz\u00e9sekhez \u00e9s jav\u00edt\u00e1sokhoz. Az olyan jellemz\u0151k, mint a levehet\u0151 v\u00e9gsapk\u00e1k \u00e9s a k\u00f6nnyen hozz\u00e1f\u00e9rhet\u0151 ken\u00e9si pontok lehet\u0151v\u00e9 teszik a kezel\u0151k sz\u00e1m\u00e1ra, hogy a rendszeres karbantart\u00e1st kiterjedt sz\u00e9tszerel\u00e9s n\u00e9lk\u00fcl v\u00e9gezz\u00e9k el. A karbantart\u00e1shoz val\u00f3 hozz\u00e1f\u00e9r\u00e9sre val\u00f3 \u00f6sszpontos\u00edt\u00e1s n\u00f6veli a hidraulikus rendszer teljes \u00e9lettartam\u00e1t \u00e9s hat\u00e9konys\u00e1g\u00e1t.<\/p>\n<p><img decoding=\"async\" src=\"https:\/\/www.hydraulic-cylinders.net\/wp-content\/uploads\/2025\/04\/songte-oil-pipes-and-spare-parts.webp\" alt=\"Hidraulikus alkatr\u00e9szek\" \/><\/p>\n<h2>T\u00f6m\u00edt\u00e9s \u00e9s ken\u00e9s<\/h2>\n<p>A megfelel\u0151 t\u00f6m\u00edt\u00e9s \u00e9s ken\u00e9s elengedhetetlen a g\u00e9mhenger hossz\u00fa \u00e9lettartam\u00e1hoz \u00e9s m\u0171k\u00f6d\u00e9s\u00e9hez. K\u00fcl\u00f6nb\u00f6z\u0151 t\u00f6m\u00edt\u00e9seket, bele\u00e9rtve a dugatty\u00fat\u00f6m\u00edt\u00e9seket \u00e9s a r\u00fadt\u00f6m\u00edt\u00e9seket, haszn\u00e1lnak a nyom\u00e1s fenntart\u00e1s\u00e1ra \u00e9s a folyad\u00e9ksziv\u00e1rg\u00e1s megakad\u00e1lyoz\u00e1s\u00e1ra. A tart\u00f3s anyagokb\u00f3l, p\u00e9ld\u00e1ul poliuret\u00e1nb\u00f3l \u00e9s nitrilgumib\u00f3l k\u00e9sz\u00fclt t\u00f6m\u00edt\u00e9sek fokozott kop\u00e1s\u00e1ll\u00f3s\u00e1got biztos\u00edtanak.<\/p>\n<p>A hengertest \u00e9s a menetes v\u00e9gek prec\u00edzi\u00f3s megmunk\u00e1l\u00e1son esnek \u00e1t a kop\u00e1s\u00e1ll\u00f3s\u00e1g jav\u00edt\u00e1sa \u00e9s a megfelel\u0151 t\u00f6m\u00edt\u00e9s fenntart\u00e1sa \u00e9rdek\u00e9ben. A hidraulikaolajjal t\u00f6rt\u00e9n\u0151 rendszeres ken\u00e9s elengedhetetlen a mozg\u00f3 alkatr\u00e9szek k\u00f6z\u00f6tti s\u00farl\u00f3d\u00e1s minimaliz\u00e1l\u00e1s\u00e1hoz, a z\u00f6kken\u0151mentes m\u0171k\u00f6d\u00e9s biztos\u00edt\u00e1s\u00e1hoz \u00e9s az id\u0151 el\u0151tti kop\u00e1s megel\u0151z\u00e9s\u00e9hez.<\/p>\n<h2>Megel\u0151z\u0151 karbantart\u00e1si int\u00e9zked\u00e9sek<\/h2>\n<ul>\n<li><strong>Rutinszer\u0171 ellen\u0151rz\u00e9sek:<\/strong> Rendszeresen ellen\u0151rizze a kop\u00e1s, sziv\u00e1rg\u00e1s vagy s\u00e9r\u00fcl\u00e9s jeleit. A probl\u00e9m\u00e1k korai felismer\u00e9se megel\u0151zheti a k\u00f6lts\u00e9ges jav\u00edt\u00e1sokat \u00e9s n\u00f6velheti a biztons\u00e1got.<\/li>\n<li><strong>Megfelel\u0151 ken\u00e9s:<\/strong> Gy\u0151z\u0151dj\u00f6n meg r\u00f3la, hogy a henger megfelel\u0151en be van kenve az aj\u00e1nlott hidraulikaolajjal. Ez a gyakorlat minimaliz\u00e1lja a s\u00farl\u00f3d\u00e1st \u00e9s meghosszabb\u00edtja a henger \u00e9lettartam\u00e1t.<\/li>\n<li><strong>T\u00f6m\u00edt\u00e9scsere:<\/strong> Figyelje a t\u00f6m\u00edt\u00e9sek kop\u00e1s\u00e1t, \u00e9s sz\u00fcks\u00e9g szerint cser\u00e9lje ki \u0151ket. A rendszeres t\u00f6m\u00edt\u00e9s-ellen\u0151rz\u00e9s biztos\u00edtja az optim\u00e1lis teljes\u00edtm\u00e9nyt \u00e9s megakad\u00e1lyozza a sziv\u00e1rg\u00e1sokat.<\/li>\n<\/ul>\n<h2>Telep\u00edt\u00e9si \u00fatmutat\u00f3<\/h2>\n<p>A g\u00e9mhenger helyes beszerel\u00e9se kulcsfontoss\u00e1g\u00fa a teljes\u00edtm\u00e9nye \u00e9s hossz\u00fa \u00e9lettartama szempontj\u00e1b\u00f3l. Kezdje azzal, hogy minden alkatr\u00e9sz tiszta \u00e9s szennyez\u0151d\u00e9s- vagy t\u00f6rmel\u00e9kmentes. Igaz\u00edtsa megfelel\u0151en a hengert a r\u00f6gz\u00edt\u00e9si pontokhoz, a megfelel\u0151 r\u00f6gz\u00edt\u0151konzolok seg\u00edts\u00e9g\u00e9vel r\u00f6gz\u00edtve.<\/p>\n<p>Gy\u0151z\u0151dj\u00f6n meg arr\u00f3l, hogy a hidraulikus vezet\u00e9kek biztons\u00e1gosan \u00e9s t\u00f6r\u00e9smentesen csatlakoznak. A telep\u00edt\u00e9s ut\u00e1n tesztelje a henger m\u0171k\u00f6d\u00e9s\u00e9t alacsony nyom\u00e1son, hogy megbizonyosodjon a megfelel\u0151 be\u00e1ll\u00edt\u00e1sr\u00f3l \u00e9s m\u0171k\u00f6d\u00e9sr\u0151l. Fokozatosan n\u00f6velje a nyom\u00e1st, mik\u00f6zben figyeli a sziv\u00e1rg\u00e1sokat vagy a szokatlan zajokat, \u00fcgyelve a rendszer zavartalan m\u0171k\u00f6d\u00e9s\u00e9re.<\/p>\n<h2>Gyakori karbantart\u00e1si feladatok<\/h2>\n<h3>Rendszeres ellen\u0151rz\u00e9sek<\/h3>\n<p>A rendszeres ellen\u0151rz\u00e9sek elv\u00e9gz\u00e9se elengedhetetlen a kop\u00e1s vagy a potenci\u00e1lis probl\u00e9m\u00e1k korai azonos\u00edt\u00e1s\u00e1hoz. Vizsg\u00e1lja meg a teljes hidraulikus rendszert, bele\u00e9rtve a t\u00f6ml\u0151ket \u00e9s csatlakoz\u00f3kat is, hogy nincs-e sziv\u00e1rg\u00e1s vagy s\u00e9r\u00fcl\u00e9s jele. A rendszeres ellen\u0151rz\u00e9sek seg\u00edtenek fenntartani a m\u0171k\u00f6d\u00e9si hat\u00e9konys\u00e1got \u00e9s biztons\u00e1got.<\/p>\n<h3>Megfelel\u0151 ken\u00e9s<\/h3>\n<p>A g\u00e9mhenger mozg\u00f3 r\u00e9szeinek ken\u00e9se biztos\u00edtja a sima m\u0171k\u00f6d\u00e9st \u00e9s cs\u00f6kkenti a kop\u00e1st. Haszn\u00e1lja az aj\u00e1nlott t\u00edpus\u00fa hidraulikaolajat, \u00e9s rendszeresen ellen\u0151rizze a szinteket. A megfelel\u0151 ken\u00e9s elengedhetetlen a teljes\u00edtm\u00e9ny fenntart\u00e1s\u00e1hoz \u00e9s a henger \u00e9lettartam\u00e1nak meghosszabb\u00edt\u00e1s\u00e1hoz.<\/p>\n<h3>T\u00f6m\u00edt\u00e9scsere \u00e9s kalibr\u00e1l\u00e1s ellen\u0151rz\u00e9se<\/h3>\n<p>Id\u0151vel a t\u00f6m\u00edt\u00e9sek elkophatnak \u00e9s elvesz\u00edthetik hat\u00e9konys\u00e1gukat. Rendszeresen ellen\u0151rizze a t\u00f6m\u00edt\u00e9sek kop\u00e1s\u00e1t, \u00e9s sz\u00fcks\u00e9g eset\u00e9n cser\u00e9lje ki \u0151ket. Ezenk\u00edv\u00fcl a kalibr\u00e1ci\u00f3s ellen\u0151rz\u00e9sek seg\u00edtenek ellen\u0151rizni, hogy a henger a megadott param\u00e9tereken bel\u00fcl m\u0171k\u00f6dik-e, biztos\u00edtva az \u00e1lland\u00f3 teljes\u00edtm\u00e9nyt.<\/p>\n<p><img decoding=\"async\" src=\"https:\/\/www.hydraulic-cylinders.net\/wp-content\/uploads\/2025\/04\/songte-chushion-collar.webp\" alt=\"Henger alkatr\u00e9szek\" \/><\/p>\n<h2>Biztons\u00e1gi szempontok \u00e9s k\u00f6rnyezeti t\u00e9nyez\u0151k<\/h2>\n<p>Hidraulikus rendszerek \u00fczemeltet\u00e9sekor a biztons\u00e1gi int\u00e9zked\u00e9sek kiemelked\u0151en fontosak. Mindig tartsa be a gy\u00e1rt\u00f3 ir\u00e1nyelveit \u00e9s biztons\u00e1gi protokolljait. A kezel\u0151k megfelel\u0151 k\u00e9pz\u00e9se biztos\u00edtja, hogy tiszt\u00e1ban legyenek a hidraulikus g\u00e9pekkel kapcsolatos kock\u00e1zatokkal. Ezenk\u00edv\u00fcl vegye figyelembe a k\u00f6rnyezeti t\u00e9nyez\u0151ket, p\u00e9ld\u00e1ul a h\u0151m\u00e9rs\u00e9kletet \u00e9s a p\u00e1ratartalmat, amelyek befoly\u00e1solhatj\u00e1k a hidraulikafolyad\u00e9k teljes\u00edtm\u00e9ny\u00e9t \u00e9s a t\u00f6m\u00edt\u00e9s \u00e9ps\u00e9g\u00e9t.<\/p>\n<h2>Hibadiagn\u00f3zis \u00e9s gyakori probl\u00e9m\u00e1k<\/h2>\n<ul>\n<li><strong>Folyad\u00e9ksziv\u00e1rg\u00e1sok:<\/strong> Ellen\u0151rizze a t\u00f6m\u00edt\u00e9sek vagy szerelv\u00e9nyek sziv\u00e1rg\u00e1sait, mivel ezek kop\u00e1sra vagy s\u00e9r\u00fcl\u00e9sre utalhatnak, ami azonnali beavatkoz\u00e1st ig\u00e9nyel.<\/li>\n<li><strong>Inkonzisztens mozg\u00e1s:<\/strong> Ha a henger nem ny\u00falik ki vagy h\u00faz\u00f3dik vissza sim\u00e1n, ellen\u0151rizze, hogy nincsenek-e elt\u00f6m\u0151d\u00e9sek vagy probl\u00e9m\u00e1k a hidraulikus rendszerben.<\/li>\n<li><strong>Nyom\u00e1singadoz\u00e1sok:<\/strong> A nyom\u00e1singadoz\u00e1s a hidraulikus rendszerben l\u00e9v\u0151 probl\u00e9m\u00e1kra utalhat, p\u00e9ld\u00e1ul leveg\u0151re a vezet\u00e9kekben vagy meghib\u00e1sodott alkatr\u00e9szekre.<\/li>\n<\/ul>\n<h2>Hibaelh\u00e1r\u00edt\u00e1si tippek<\/h2>\n<p>A g\u00e9mhenger probl\u00e9m\u00e1inak hat\u00e9kony diagnosztiz\u00e1l\u00e1s\u00e1hoz \u00e9s megold\u00e1s\u00e1hoz el\u0151sz\u00f6r is izol\u00e1lja a probl\u00e9m\u00e1s ter\u00fcletet. Ellen\u0151rizze a hidraulikafolyad\u00e9k szintj\u00e9t \u00e9s min\u0151s\u00e9g\u00e9t, mivel a szennyezett folyad\u00e9k teljes\u00edtm\u00e9nyprobl\u00e9m\u00e1khoz vezethet. Vizsg\u00e1lja meg a t\u00f6m\u00edt\u00e9seket \u00e9s t\u00f6ml\u0151ket kop\u00e1s vagy s\u00e9r\u00fcl\u00e9s jelei szempontj\u00e1b\u00f3l, \u00e9s azonnal cser\u00e9lje ki a s\u00e9r\u00fclt alkatr\u00e9szeket. A rendszeres karbantart\u00e1s nagym\u00e9rt\u00e9kben cs\u00f6kkentheti a probl\u00e9m\u00e1k el\u0151fordul\u00e1s\u00e1nak val\u00f3sz\u00edn\u0171s\u00e9g\u00e9t.<\/p>\n<p><img decoding=\"async\" src=\"https:\/\/www.hydraulic-cylinders.net\/wp-content\/uploads\/2025\/04\/songte-bushings-with-all-kinds-of-excavator-models.webp\" alt=\"Kotr\u00f3g\u00e9pek perselyei\" \/><\/p>\n<h2>C\u00e9g\u00fcnkr\u0151l<\/h2>\n<p>A p\u00f3talkatr\u00e9szk\u00e9nt haszn\u00e1lt hidraulikus hengerek vezet\u0151 gy\u00e1rt\u00f3jak\u00e9nt sz\u00e9les term\u00e9kv\u00e1laszt\u00e9kot k\u00edn\u00e1lunk, amely a hazai \u00e9s nemzetk\u00f6zi piacok egyik vezet\u0151 gy\u00e1rt\u00f3j\u00e1v\u00e1 \u00e9s nagykereskedelmi forgalmaz\u00f3j\u00e1v\u00e1 tett minket. A kiv\u00e1l\u00f3 min\u0151s\u00e9g strat\u00e9gi\u00e1j\u00e1t k\u00f6vetj\u00fck, \u00e9s kifinomult termel\u00e9sir\u00e1ny\u00edt\u00e1si megk\u00f6zel\u00edt\u00e9st alkalmazunk. A technol\u00f3giai fejl\u0151d\u00e9s ir\u00e1nti elk\u00f6telezetts\u00e9g\u00fcnk, a cs\u00facskateg\u00f3ri\u00e1s digit\u00e1lis gy\u00e1rt\u00f3berendez\u00e9sekkel \u00e9s professzion\u00e1lis tesztel\u0151rendszerekkel kombin\u00e1lva folyamatosan fejleszti gy\u00e1rt\u00e1si k\u00e9pess\u00e9geinket.<\/p>\n<p>Szak\u00e9rtelm\u00fcnk kiterjed a nemzetk\u00f6zi tan\u00fas\u00edt\u00e1sra \u00e9s a szem\u00e9lyre szabott szolg\u00e1ltat\u00e1sokra, biztos\u00edtva, hogy term\u00e9keink megfeleljenek a soksz\u00edn\u0171 \u00fcgyf\u00e9lig\u00e9nyeknek. B\u00fcszk\u00e9k vagyunk kiv\u00e9teles \u00e9rt\u00e9kes\u00edt\u00e9s ut\u00e1ni szolg\u00e1ltat\u00e1sunkra, \u00e9s arra, hogy szoros kapcsolatokat \u00e1polunk \u00fcgyfeleinkkel a k\u00fcl\u00f6nb\u00f6z\u0151 \u00e1gazatokban.<\/p>\n<p><img decoding=\"async\" src=\"https:\/\/www.hydraulic-cylinders.net\/wp-content\/uploads\/2025\/04\/songte-company-4.webp\" alt=\"C\u00e9ginform\u00e1ci\u00f3\" \/><br \/>\n<img decoding=\"async\" src=\"https:\/\/www.hydraulic-cylinders.net\/wp-content\/uploads\/2025\/04\/songte-company-3.webp\" alt=\"C\u00e9ges l\u00e9tes\u00edtm\u00e9nyek\" \/><\/p>\n<p>Szerz\u0151: lyl<\/p>","protected":false},"excerpt":{"rendered":"<p>Boom Cylinder For Caterpillar Small Excavator E318DL Introduction to Boom Cylinder The boom cylinder is a crucial component in hydraulic systems, specifically designed to control the movement of the bucket in heavy machinery such as excavators, backhoe loaders, and front-end loaders. This hydraulic cylinder enables the bucket to lift, lower, and tilt, facilitating various material [&hellip;]<\/p>","protected":false},"featured_media":17869,"comment_status":"open","ping_status":"closed","template":"","meta":{"_et_pb_use_builder":"","_et_pb_old_content":"","_et_gb_content_width":""},"product_brand":[],"product_cat":[1546],"product_tag":[1547,1496],"class_list":{"0":"post-18942","1":"product","2":"type-product","3":"status-publish","4":"has-post-thumbnail","6":"product_cat-boom-cylinders","7":"product_tag-boom-cylinders","8":"product_tag-hydraulic-cylinders","10":"first","11":"instock","12":"shipping-taxable","13":"product-type-simple"},"amp_enabled":true,"_links":{"self":[{"href":"https:\/\/www.hydraulic-cylinders.net\/hu\/wp-json\/wp\/v2\/product\/18942","targetHints":{"allow":["GET"]}}],"collection":[{"href":"https:\/\/www.hydraulic-cylinders.net\/hu\/wp-json\/wp\/v2\/product"}],"about":[{"href":"https:\/\/www.hydraulic-cylinders.net\/hu\/wp-json\/wp\/v2\/types\/product"}],"replies":[{"embeddable":true,"href":"https:\/\/www.hydraulic-cylinders.net\/hu\/wp-json\/wp\/v2\/comments?post=18942"}],"wp:featuredmedia":[{"embeddable":true,"href":"https:\/\/www.hydraulic-cylinders.net\/hu\/wp-json\/wp\/v2\/media\/17869"}],"wp:attachment":[{"href":"https:\/\/www.hydraulic-cylinders.net\/hu\/wp-json\/wp\/v2\/media?parent=18942"}],"wp:term":[{"taxonomy":"product_brand","embeddable":true,"href":"https:\/\/www.hydraulic-cylinders.net\/hu\/wp-json\/wp\/v2\/product_brand?post=18942"},{"taxonomy":"product_cat","embeddable":true,"href":"https:\/\/www.hydraulic-cylinders.net\/hu\/wp-json\/wp\/v2\/product_cat?post=18942"},{"taxonomy":"product_tag","embeddable":true,"href":"https:\/\/www.hydraulic-cylinders.net\/hu\/wp-json\/wp\/v2\/product_tag?post=18942"}],"curies":[{"name":"munkaf\u00fczet","href":"https:\/\/api.w.org\/{rel}","templated":true}]}}