{"id":18950,"date":"2025-04-07T06:03:47","date_gmt":"2025-04-07T06:03:47","guid":{"rendered":"https:\/\/www.hydraulic-cylinders.net\/product\/boom-cylinder-for-caterpillar-middle-excavator-e320dzcc\/"},"modified":"2025-04-07T06:03:49","modified_gmt":"2025-04-07T06:03:49","slug":"boom-cylinder-for-caterpillar-middle-excavator-e320dzcc","status":"publish","type":"product","link":"https:\/\/www.hydraulic-cylinders.net\/hu\/termek\/boom-cylinder-for-caterpillar-middle-excavator-e320dzcc\/","title":{"rendered":"G\u00e9mhenger Caterpillar k\u00f6z\u00e9ps\u0151 kotr\u00f3g\u00e9phez E320DZCC"},"content":{"rendered":"<h1>G\u00e9mhenger Caterpillar k\u00f6z\u00e9ps\u0151 kotr\u00f3g\u00e9phez E320DZCC<\/h1>\n<h2>A g\u00e9mhenger \u00e1ttekint\u00e9se<\/h2>\n<p>A g\u00e9mhenger egy alapvet\u0151 hidraulikus alkatr\u00e9sz, amelyet k\u00fcl\u00f6nf\u00e9le neh\u00e9zg\u00e9pekben haszn\u00e1lnak, k\u00fcl\u00f6n\u00f6sen a Caterpillar E320DZCC t\u00edpus\u00fa kotr\u00f3g\u00e9pekben. Ezek a hidraulikus hengerek szab\u00e1lyozz\u00e1k a g\u00e9m mozg\u00e1s\u00e1t, lehet\u0151v\u00e9 t\u00e9ve a g\u00e9p sz\u00e1m\u00e1ra a kan\u00e1l hat\u00e9kony emel\u00e9s\u00e9t, s\u00fcllyeszt\u00e9s\u00e9t \u00e9s billent\u00e9s\u00e9t. Ez a funkci\u00f3 kulcsfontoss\u00e1g\u00fa az anyagmozgat\u00e1si feladatok elv\u00e9gz\u00e9s\u00e9hez az \u00e9p\u00edt\u0151iparban, a mez\u0151gazdas\u00e1gban \u00e9s m\u00e1s ipar\u00e1gakban. A kan\u00e1lhenger hidraulikus folyad\u00e9knyom\u00e1son kereszt\u00fcl m\u0171k\u00f6dik, lehet\u0151v\u00e9 t\u00e9ve a z\u00f6kken\u0151mentes \u00e9s hat\u00e9kony m\u0171k\u00f6d\u00e9st k\u00fcl\u00f6nb\u00f6z\u0151 terepviszonyok k\u00f6z\u00f6tt \u00e9s k\u00f6r\u00fclm\u00e9nyek k\u00f6z\u00f6tt.<\/p>\n<p><img decoding=\"async\" src=\"https:\/\/www.hydraulic-cylinders.net\/wp-content\/uploads\/2025\/04\/songte-company-1.webp\" alt=\"G\u00e9mhenger\"><\/p>\n<h2>A g\u00e9mhenger jellemz\u0151i<\/h2>\n<ul>\n<li><strong>Nagy szil\u00e1rds\u00e1g \u00e9s tart\u00f3ss\u00e1g:<\/strong> A nagy szil\u00e1rds\u00e1g\u00fa ac\u00e9lb\u00f3l vagy alum\u00edniumb\u00f3l k\u00e9sz\u00fclt g\u00e9mhenger nagy nyom\u00e1snak \u00e9s nagy terhel\u00e9snek val\u00f3 ellen\u00e1ll\u00e1sra van tervezve, \u00edgy alkalmass\u00e1 teszi a zord munkak\u00f6rnyezetre.<\/li>\n<li><strong>Hat\u00e9kony hidraulikus m\u0171k\u00f6dtet\u00e9s:<\/strong> Hidraulikus folyad\u00e9knyom\u00e1st haszn\u00e1l a sima kiny\u00fajt\u00e1shoz \u00e9s visszah\u00faz\u00e1shoz, gyors reag\u00e1l\u00e1st biztos\u00edt a kezel\u0151i parancsokra, \u00e9s er\u0151teljes tol\u00f3- \u00e9s h\u00faz\u00f3er\u0151t biztos\u00edt.<\/li>\n<li><strong>K\u00fcl\u00f6nb\u00f6z\u0151 t\u00edpusok:<\/strong> Kaphat\u00f3 egyszeres m\u0171k\u00f6d\u00e9s\u0171 (egy ir\u00e1nyban m\u0171k\u00f6d\u0151) vagy kett\u0151s m\u0171k\u00f6d\u00e9s\u0171 (k\u00e9t ir\u00e1nyban m\u0171k\u00f6d\u0151) kivitelben, egyes modellek teleszk\u00f3pos mechanizmussal rendelkeznek a nagyobb kiny\u00fal\u00e1s \u00e9rdek\u00e9ben.<\/li>\n<li><strong>Testreszabhat\u00f3 megold\u00e1sok:<\/strong> Ezeket a hengereket az adott m\u0171k\u00f6d\u00e9si ig\u00e9nyekhez igaz\u00edtva gy\u00e1rtjuk, biztos\u00edtva az optim\u00e1lis teljes\u00edtm\u00e9nyt a k\u00fcl\u00f6nf\u00e9le alkalmaz\u00e1sokban.<\/li>\n<li><strong>Karbantart\u00e1sbar\u00e1t kialak\u00edt\u00e1s:<\/strong> Hengereinket a k\u00f6nny\u0171 karbantart\u00e1s jegy\u00e9ben tervezt\u00fck, ami meghosszabb\u00edtja az \u00fczemid\u0151t \u00e9s a megb\u00edzhat\u00f3s\u00e1got.<\/li>\n<\/ul>\n<p><img decoding=\"async\" src=\"https:\/\/www.hydraulic-cylinders.net\/wp-content\/uploads\/2025\/04\/songte-cylinder-head-with-all-kinds-excavator-models.webp\" alt=\"Kotr\u00f3g\u00e9p modellek\"><\/p>\n<h2>A g\u00e9mhenger alkalmaz\u00e1sai<\/h2>\n<h3>\u00c9p\u00edt\u0151ipari berendez\u00e9sek<\/h3>\n<p>A kotr\u00f3g\u00e9pekn\u00e9l a g\u00e9mhenger l\u00e9tfontoss\u00e1g\u00fa az \u00e1s\u00e1shoz, rakod\u00e1shoz \u00e9s a f\u00f6ld vagy t\u00f6rmel\u00e9k mozgat\u00e1s\u00e1hoz. Megb\u00edzhat\u00f3 g\u00e9mhenger n\u00e9lk\u00fcl a kotr\u00f3g\u00e9p hat\u00e9konys\u00e1ga jelent\u0151sen cs\u00f6kkenne, ami a munkater\u00fcleteken vesztes\u00e9gekhez vezetne. A g\u00e9m emel\u00e9s\u00e9nek \u00e9s s\u00fcllyeszt\u00e9s\u00e9nek k\u00e9pess\u00e9ge nagyobb rugalmass\u00e1got biztos\u00edt a g\u00e9p man\u0151verez\u00e9s\u00e9ben, \u00edgy n\u00e9lk\u00fcl\u00f6zhetetlen az \u00e9p\u00edt\u00e9si feladatokhoz.<\/p>\n<h3>Mez\u0151gazdas\u00e1gi g\u00e9pek<\/h3>\n<p>A homlokrakod\u00f3kban a g\u00e9m munkahenger kulcsfontoss\u00e1g\u00fa a talaj, sz\u00e9na \u00e9s egy\u00e9b anyagok \u00e1s\u00e1s\u00e1hoz, emel\u00e9s\u00e9hez \u00e9s sz\u00e1ll\u00edt\u00e1s\u00e1hoz. A mez\u0151gazdas\u00e1gi m\u0171veletek hat\u00e9konys\u00e1ga ezen munkahengerek teljes\u00edtm\u00e9ny\u00e9t\u0151l f\u00fcgg, mivel lehet\u0151v\u00e9 teszik a gazd\u00e1lkod\u00f3k sz\u00e1m\u00e1ra az er\u0151forr\u00e1sok hat\u00e9konyabb kezel\u00e9s\u00e9t \u00e9s a termel\u00e9kenys\u00e9g n\u00f6vel\u00e9s\u00e9t a sz\u00e1nt\u00f3f\u00f6ld\u00f6n.<\/p>\n<h3>Kotr\u00f3g\u00e9pek<\/h3>\n<p>A kotr\u00f3g\u00e9pekben a g\u00e9mhenger megk\u00f6nny\u00edti az \u00e1s\u00e1si m\u0171veleteket az\u00e1ltal, hogy lehet\u0151v\u00e9 teszi a kan\u00e1l hat\u00e9kony talajba hatol\u00e1s\u00e1t. Ez a funkci\u00f3 kritikus fontoss\u00e1g\u00fa a f\u00f6ldmunk\u00e1kn\u00e1l, biztos\u00edtva, hogy a kezel\u0151 pontos eredm\u00e9nyeket \u00e9rhessen el, \u00e9s minimaliz\u00e1lja az \u00e1ll\u00e1sid\u0151t a m\u0171veletek sor\u00e1n.<\/p>\n<h3>Rakod\u00f3k<\/h3>\n<p>A homlokrakod\u00f3kban a g\u00e9mhengerek hat\u00e9konyan seg\u00edtik a rakom\u00e1nyok emel\u00e9s\u00e9t \u00e9s \u00fcr\u00edt\u00e9s\u00e9t. Biztos\u00edtj\u00e1k a sz\u00fcks\u00e9ges teljes\u00edtm\u00e9nyt a neh\u00e9z anyagok kezel\u00e9s\u00e9hez, \u00e9s lehet\u0151v\u00e9 teszik a z\u00f6kken\u0151mentes m\u0171k\u00f6d\u00e9st, ami elengedhetetlen azokn\u00e1l a feladatokn\u00e1l, amelyek k\u00fcl\u00f6nb\u00f6z\u0151 magass\u00e1gokban t\u00f6rt\u00e9n\u0151 emel\u00e9st \u00e9s \u00fcr\u00edt\u00e9st ig\u00e9nyelnek.<\/p>\n<h2>Tervez\u00e9si szempontok \u00e9s kiv\u00e1laszt\u00e1si krit\u00e9riumok<\/h2>\n<h3>Teherb\u00edr\u00e1s<\/h3>\n<p>A g\u00e9mhenger teherb\u00edr\u00e1sa kulcsfontoss\u00e1g\u00fa tervez\u00e9si szempont. \u00dagy kell megtervezni, hogy elb\u00edrja a m\u0171k\u00f6d\u00e9s k\u00f6zben fell\u00e9p\u0151 maxim\u00e1lis terhel\u00e9st. Ez mag\u00e1ban foglalja a gy\u00e1rt\u00e1s sor\u00e1n felhaszn\u00e1lt anyagok \u00e9s a henger \u00e1ltal\u00e1nos tervez\u00e9s\u00e9nek \u00e9rt\u00e9kel\u00e9s\u00e9t annak biztos\u00edt\u00e1sa \u00e9rdek\u00e9ben, hogy az megfeleljen a biztons\u00e1gi k\u00f6vetelm\u00e9nyeknek \u00e9s az \u00fczemeltet\u00e9si ig\u00e9nyeknek.<\/p>\n<h3>T\u00f6m\u00edt\u00e9s<\/h3>\n<p>A hat\u00e9kony t\u00f6m\u00edt\u0151mechanizmusok elengedhetetlenek a g\u00e9mhenger teljes\u00edtm\u00e9ny\u00e9hez. A kiv\u00e1l\u00f3 min\u0151s\u00e9g\u0171 t\u00f6m\u00edt\u00e9sek megakad\u00e1lyozz\u00e1k a hidraulikafolyad\u00e9k sziv\u00e1rg\u00e1s\u00e1t, ami a rendszer hat\u00e9konys\u00e1g\u00e1nak cs\u00f6kken\u00e9s\u00e9hez \u00e9s potenci\u00e1lis k\u00e1rosod\u00e1shoz vezethet. A t\u00f6m\u00edt\u00e9seknek tart\u00f3s anyagokb\u00f3l kell k\u00e9sz\u00fclni\u00fck, \u00e9s \u00fagy kell kialak\u00edtani \u0151ket, hogy ellen\u00e1lljanak a m\u0171k\u00f6d\u00e9s k\u00f6zben fell\u00e9p\u0151 nyom\u00e1snak \u00e9s k\u00f6rnyezeti t\u00e9nyez\u0151knek.<\/p>\n<h3>Tart\u00f3ss\u00e1g<\/h3>\n<p>A tart\u00f3ss\u00e1g elengedhetetlen a g\u00e9mhenger hossz\u00fa \u00e9lettartam\u00e1hoz. Az alkatr\u00e9szeknek ellen\u00e1llniuk kell a kop\u00e1snak, a korr\u00f3zi\u00f3nak \u00e9s a neh\u00e9z k\u00f6rnyezetben el\u0151fordul\u00f3 egy\u00e9b degrad\u00e1ci\u00f3s form\u00e1knak. A tart\u00f3ss\u00e1got fokoz\u00f3 anyagok \u00e9s fel\u00fcletek kiv\u00e1laszt\u00e1sa biztos\u00edtja a henger j\u00f3 teljes\u00edtm\u00e9ny\u00e9t az id\u0151 m\u00fal\u00e1s\u00e1val.<\/p>\n<h3>Biztons\u00e1g<\/h3>\n<p>A hidraulikus hengerek tervez\u00e9s\u00e9n\u00e9l elengedhetetlenek a biztons\u00e1gi funkci\u00f3k. Ez mag\u00e1ban foglalja a biztons\u00e1gi z\u00e1rak be\u00e9p\u00edt\u00e9s\u00e9t a m\u0171k\u00f6d\u00e9s k\u00f6zbeni meghib\u00e1sod\u00e1sok megel\u0151z\u00e9se \u00e9rdek\u00e9ben, valamint annak biztos\u00edt\u00e1s\u00e1t, hogy a henger megfeleljen az ipari biztons\u00e1gi szabv\u00e1nyoknak a kezel\u0151k \u00e9s a berendez\u00e9sek v\u00e9delme \u00e9rdek\u00e9ben.<\/p>\n<h3>Karbantarthat\u00f3s\u00e1g<\/h3>\n<p>A karbantarthat\u00f3s\u00e1g szem el\u0151tt tart\u00e1sa kritikus fontoss\u00e1g\u00fa. Egy j\u00f3l megtervezett g\u00e9mhengernek k\u00f6nny\u0171 hozz\u00e1f\u00e9r\u00e9st kell biztos\u00edtania minden alkatr\u00e9szhez ellen\u0151rz\u00e9s, karbantart\u00e1s \u00e9s jav\u00edt\u00e1s c\u00e9lj\u00e1b\u00f3l. Ez nemcsak a henger \u00e9lettartam\u00e1t hosszabb\u00edtja meg, hanem minimaliz\u00e1lja a jav\u00edt\u00e1sok miatti \u00e1ll\u00e1sid\u0151t is.<\/p>\n<p><img decoding=\"async\" src=\"https:\/\/www.hydraulic-cylinders.net\/wp-content\/uploads\/2025\/04\/songte-oil-pipes-and-spare-parts.webp\" alt=\"Alkatr\u00e9szek\"><\/p>\n<h2>A hidraulikus henger t\u00f6m\u00edt\u00e9se \u00e9s ken\u00e9se<\/h2>\n<p>A hat\u00e9kony t\u00f6m\u00edt\u00e9s \u00e9s ken\u00e9s kulcsfontoss\u00e1g\u00fa a g\u00e9mhenger teljes\u00edtm\u00e9ny\u00e9hez \u00e9s hossz\u00fa \u00e9lettartam\u00e1hoz. K\u00fcl\u00f6nb\u00f6z\u0151 t\u00f6m\u00edt\u00e9seket, p\u00e9ld\u00e1ul dugatty\u00fat\u00f6m\u00edt\u00e9seket \u00e9s r\u00fadt\u00f6m\u00edt\u00e9seket alkalmaznak annak biztos\u00edt\u00e1s\u00e1ra, hogy a hidraulikafolyad\u00e9kok a rendszerben maradjanak, \u00e9s a nyom\u00e1s ne v\u00e1ltozzon. A t\u00f6m\u00edt\u00e9sekhez gyakran haszn\u00e1lnak poliuret\u00e1nt \u00e9s nitrilgumit kop\u00e1s\u00e1ll\u00f3s\u00e1guk \u00e9s tart\u00f3ss\u00e1guk miatt. A hengertest \u00e9s a menetes v\u00e9gfel\u00fcletek finom kezel\u00e9seken esnek \u00e1t a tart\u00f3ss\u00e1g \u00e9s a kop\u00e1s\u00e1ll\u00f3s\u00e1g fokoz\u00e1sa \u00e9rdek\u00e9ben.<\/p>\n<p>Regular lubrication is also essential. Operators must periodically fill the cylinder with an appropriate amount of hydraulic oil to ensure smooth operation and prevent overheating or premature wear of internal components. Proper lubrication helps maintain the efficiency of the hydraulic system and extends the cylinder&#8217;s operational life.<\/p>\n<h2>Rendszeres ellen\u0151rz\u00e9s \u00e9s megel\u0151z\u0151 karbantart\u00e1s<\/h2>\n<ul>\n<li><strong>Rutinszer\u0171 ellen\u0151rz\u00e9sek:<\/strong> A rendszeres ellen\u0151rz\u00e9sek seg\u00edtenek azonos\u00edtani a potenci\u00e1lis probl\u00e9m\u00e1kat, miel\u0151tt azok s\u00falyosbodn\u00e1nak. Ez mag\u00e1ban foglalja a sziv\u00e1rg\u00e1sok, kop\u00e1s \u00e9s a teljes\u00edtm\u00e9nyt ront\u00f3 s\u00e9r\u00fcl\u00e9sek jeleinek ellen\u0151rz\u00e9s\u00e9t.<\/li>\n<li><strong>Megfelel\u0151 ken\u00e9s:<\/strong> Gy\u0151z\u0151dj\u00f6n meg r\u00f3la, hogy a henger megfelel\u0151en kenve van a gy\u00e1rt\u00f3 aj\u00e1nl\u00e1sainak megfelel\u0151en. Ez megakad\u00e1lyozza a s\u00farl\u00f3d\u00e1st \u00e9s a t\u00falmeleged\u00e9st, ami meghib\u00e1sod\u00e1shoz vezethet.<\/li>\n<li><strong>T\u00f6m\u00edt\u00e9scsere:<\/strong> Rendszeresen ellen\u0151rizze a t\u00f6m\u00edt\u00e9sek kop\u00e1s\u00e1t, \u00e9s sz\u00fcks\u00e9g szerint cser\u00e9lje ki azokat az optim\u00e1lis teljes\u00edtm\u00e9ny fenntart\u00e1sa \u00e9s a folyad\u00e9ksziv\u00e1rg\u00e1s megel\u0151z\u00e9se \u00e9rdek\u00e9ben.<\/li>\n<\/ul>\n<h2>A g\u00e9mhenger telep\u00edt\u00e9si \u00fatmutat\u00f3ja<\/h2>\n<p>Proper installation of the Boom Cylinder is crucial for optimal performance. Start by ensuring that the installation area is clean and free from debris. Align the cylinder correctly with the mounting brackets, using appropriate mounting hardware to secure it in place. Ensure that all connections are tight and leak-free. Use the manufacturer&#8217;s specifications for torque settings to ensure that all bolts and fittings are properly tightened.<\/p>\n<p>A beszerel\u00e9s sor\u00e1n elengedhetetlen a henger megfelel\u0151 be\u00e1ll\u00edt\u00e1s\u00e1nak ellen\u0151rz\u00e9se. A hib\u00e1s be\u00e1ll\u00edt\u00e1s id\u0151 el\u0151tti kop\u00e1shoz vagy meghib\u00e1sod\u00e1shoz vezethet. Haszn\u00e1ljon megfelel\u0151 r\u00f6gz\u00edt\u0151konzolokat a henger r\u00f6gz\u00edt\u00e9s\u00e9hez, \u00e9s gy\u0151z\u0151dj\u00f6n meg arr\u00f3l, hogy a hidraulikavezet\u00e9kek megfelel\u0151en vannak csatlakoztatva, t\u00f6r\u00e9s vagy s\u00e9r\u00fcl\u00e9s n\u00e9lk\u00fcl.<\/p>\n<h2>Gyakori karbantart\u00e1si feladatok<\/h2>\n<h3>Rendszeres ellen\u0151rz\u00e9sek<\/h3>\n<p>Performing regular inspections is vital to ensure that the Boom Cylinder remains in good working order. This involves visually checking for any signs of wear, leaks, or damage. Early detection of issues can prevent more significant problems down the line and enhance the cylinder&#8217;s lifespan.<\/p>\n<h3>Megfelel\u0151 ken\u00e9s<\/h3>\n<p>A megfelel\u0151 ken\u00e9s fenntart\u00e1sa elengedhetetlen a g\u00e9mhenger hat\u00e9kony m\u0171k\u00f6d\u00e9s\u00e9hez. Haszn\u00e1lja az aj\u00e1nlott hidraulikaolajat, \u00e9s gy\u0151z\u0151dj\u00f6n meg arr\u00f3l, hogy a szint megfelel\u0151. Rendszeresen ellen\u0151rizze a ken\u0151rendszert sziv\u00e1rg\u00e1s vagy meghib\u00e1sod\u00e1s jelei szempontj\u00e1b\u00f3l, \u00e9s azonnal foglalkozzon a probl\u00e9m\u00e1kkal.<\/p>\n<h3>T\u00f6m\u00edt\u00e9s csere<\/h3>\n<p>Id\u0151vel a t\u00f6m\u00edt\u00e9sek elkophatnak, \u00e9s cser\u00e9re szorulhatnak. Rendszeresen ellen\u0151rizze a t\u00f6m\u00edt\u00e9seket s\u00e9r\u00fcl\u00e9s vagy kop\u00e1s jelei szempontj\u00e1b\u00f3l, \u00e9s sz\u00fcks\u00e9g eset\u00e9n cser\u00e9lje ki \u0151ket. Ez elengedhetetlen a hidraulikus rendszer integrit\u00e1s\u00e1nak meg\u0151rz\u00e9s\u00e9hez \u00e9s a sziv\u00e1rg\u00e1sok megel\u0151z\u00e9s\u00e9hez, amelyek teljes\u00edtm\u00e9nyprobl\u00e9m\u00e1khoz vezethetnek.<\/p>\n<p><img decoding=\"async\" src=\"https:\/\/www.hydraulic-cylinders.net\/wp-content\/uploads\/2025\/04\/songte-chushion-collar.webp\" alt=\"P\u00e1rna gall\u00e9r\"><\/p>\n<h2>Biztons\u00e1gi szempontok \u00e9s k\u00f6rnyezeti t\u00e9nyez\u0151k<\/h2>\n<p>A g\u00e9mhenger haszn\u00e1lata sor\u00e1n a biztons\u00e1g rendk\u00edv\u00fcl fontos. A kezel\u0151ket ki kell k\u00e9pezni a hidraulikus rendszerek megfelel\u0151 haszn\u00e1lat\u00e1ra \u00e9s az azokkal kapcsolatos lehets\u00e9ges vesz\u00e9lyekre. A biztons\u00e1gi int\u00e9zked\u00e9seknek magukban kell foglalniuk a megfelel\u0151 szem\u00e9lyi v\u00e9d\u0151felszerel\u00e9s (PPE) visel\u00e9s\u00e9t \u00e9s a balesetek \u00e9s s\u00e9r\u00fcl\u00e9sek megel\u0151z\u00e9se \u00e9rdek\u00e9ben az \u00fczemeltet\u00e9si ir\u00e1nyelvek betart\u00e1s\u00e1t.<\/p>\n<h2>Hibadiagn\u00f3zis \u00e9s gyakori probl\u00e9m\u00e1k<\/h2>\n<ul>\n<li><strong>Sziv\u00e1rg\u00e1s:<\/strong> A hidraulikafolyad\u00e9k sziv\u00e1rg\u00e1sa kopott vagy s\u00e9r\u00fclt t\u00f6m\u00edt\u00e9sre utalhat. A rendszeres ellen\u0151rz\u00e9s \u00e9s a t\u00f6m\u00edt\u00e9sek gyors cser\u00e9je megakad\u00e1lyozhatja a probl\u00e9ma s\u00falyosbod\u00e1s\u00e1t.<\/li>\n<li><strong>Cs\u00f6kkentett teljes\u00edtm\u00e9ny:<\/strong> Ha a g\u00e9m munkahenger nem a v\u00e1rt m\u00f3don reag\u00e1l, annak oka lehet az alacsony hidraulikafolyad\u00e9k-szint vagy a rendszerben l\u00e9v\u0151 leveg\u0151. Ellen\u0151rizze a folyad\u00e9kszintet, \u00e9s sz\u00fcks\u00e9g eset\u00e9n l\u00e9gtelen\u00edtse a rendszert.<\/li>\n<li><strong>T\u00falmeleged\u00e9s:<\/strong> A t\u00falmeleged\u00e9st a nem megfelel\u0151 ken\u00e9s vagy a t\u00falzott terhel\u00e9s okozhatja. Gy\u0151z\u0151dj\u00f6n meg arr\u00f3l, hogy a henger megfelel\u0151en kenve van, \u00e9s m\u0171k\u00f6d\u00e9s k\u00f6zben nincs t\u00falterhelve.<\/li>\n<\/ul>\n<h2>Hibaelh\u00e1r\u00edt\u00e1si tippek<\/h2>\n<p>A g\u00e9mhengerrel kapcsolatos probl\u00e9m\u00e1k hat\u00e9kony diagnosztiz\u00e1l\u00e1sa \u00e9s megold\u00e1sa \u00e9rdek\u00e9ben a kezel\u0151knek rendszeresen ellen\u0151rizni\u00fck kell a sziv\u00e1rg\u00e1sokat, figyelni\u00fck kell a teljes\u00edtm\u00e9nyt, \u00e9s gondoskodniuk kell a hidraulikus rendszer megfelel\u0151 karbantart\u00e1s\u00e1r\u00f3l. A megel\u0151z\u0151 int\u00e9zked\u00e9sek, mint p\u00e9ld\u00e1ul a rendszeres ellen\u0151rz\u00e9sek \u00e9s a kopott alkatr\u00e9szek id\u0151ben t\u00f6rt\u00e9n\u0151 cser\u00e9je, jelent\u0151sen cs\u00f6kkenthetik a probl\u00e9m\u00e1k el\u0151fordul\u00e1s\u00e1t \u00e9s meghosszabb\u00edthatj\u00e1k a henger \u00e9lettartam\u00e1t.<\/p>\n<p><img decoding=\"async\" src=\"https:\/\/www.hydraulic-cylinders.net\/wp-content\/uploads\/2025\/04\/songte-bushings-with-all-kinds-of-excavator-models.webp\" alt=\"Perselyek kotr\u00f3g\u00e9p modellekhez\"><\/p>\n<h2>C\u00e9ginform\u00e1ci\u00f3<\/h2>\n<p>A hidraulikus hengerek vezet\u0151 gy\u00e1rt\u00f3ja vagyunk, \u00e9s kiv\u00e1l\u00f3 min\u0151s\u00e9g\u0171 cserealkatr\u00e9szek sz\u00e1ll\u00edt\u00e1s\u00e1ra specializ\u00e1l\u00f3dtunk. Kiterjedt term\u00e9kk\u00edn\u00e1latunknak k\u00f6sz\u00f6nhet\u0151en mind a hazai, mind a nemzetk\u00f6zi piacok \u00e9lvonal\u00e1ba tartozunk. Szigor\u00fa min\u0151s\u00e9gi el\u0151\u00edr\u00e1sokat k\u00f6vet\u00fcnk, fejlett gy\u00e1rt\u00e1si technol\u00f3gi\u00e1kat \u00e9s k\u00e9pzett m\u0171szaki szem\u00e9lyzetet alkalmazunk termel\u00e9si folyamataink fejleszt\u00e9se \u00e9rdek\u00e9ben.<\/p>\n<p>A kiv\u00e1l\u00f3s\u00e1g ir\u00e1nti elk\u00f6telezetts\u00e9g\u00fcnket a r\u00e9szletekre val\u00f3 odafigyel\u00e9s\u00fcnk \u00e9s a szigor\u00fa min\u0151s\u00e9gellen\u0151rz\u00e9si int\u00e9zked\u00e9seink t\u00fckr\u00f6zik. Testreszabott megold\u00e1sokat k\u00edn\u00e1lunk a v\u00e1ltozatos \u00fcgyf\u00e9lig\u00e9nyek kiel\u00e9g\u00edt\u00e9s\u00e9re, amelyet egy robusztus \u00e9rt\u00e9kes\u00edt\u00e9s ut\u00e1ni szolg\u00e1ltat\u00e1s t\u00e1mogat, amely biztos\u00edtja az \u00fcgyfelek el\u00e9gedetts\u00e9g\u00e9t. Nemzetk\u00f6zi tan\u00fas\u00edtv\u00e1nyaink \u00e9s korszer\u0171 gy\u00e1rt\u00f3berendez\u00e9seink megszil\u00e1rd\u00edtj\u00e1k poz\u00edci\u00f3nkat, mint megb\u00edzhat\u00f3 gy\u00e1rt\u00f3partner a hidraulikus hengeriparban.<\/p>\n<p><img decoding=\"async\" src=\"https:\/\/www.hydraulic-cylinders.net\/wp-content\/uploads\/2025\/04\/songte-company-4.webp\" alt=\"C\u00e9ggy\u00e1rt\u00e1s\"><br \/>\n<img decoding=\"async\" src=\"https:\/\/www.hydraulic-cylinders.net\/wp-content\/uploads\/2025\/04\/songte-company-3.webp\" alt=\"C\u00e9ges felszerel\u00e9s\"><\/p>\n<p>Szerz\u0151: lyl<\/p>","protected":false},"excerpt":{"rendered":"<p>Boom Cylinder For Caterpillar Middle Excavator E320DZCC Overview of Boom Cylinder The Boom Cylinder is an essential hydraulic component used in various heavy machinery, particularly in excavators like the Caterpillar E320DZCC. These hydraulic cylinders control the movement of the boom, allowing the machine to lift, lower, and tilt the bucket effectively. This functionality is crucial [&hellip;]<\/p>","protected":false},"featured_media":17877,"comment_status":"open","ping_status":"closed","template":"","meta":{"_et_pb_use_builder":"","_et_pb_old_content":"","_et_gb_content_width":""},"product_brand":[],"product_cat":[1546],"product_tag":[1547,1496],"class_list":{"0":"post-18950","1":"product","2":"type-product","3":"status-publish","4":"has-post-thumbnail","6":"product_cat-boom-cylinders","7":"product_tag-boom-cylinders","8":"product_tag-hydraulic-cylinders","10":"first","11":"instock","12":"shipping-taxable","13":"product-type-simple"},"amp_enabled":true,"_links":{"self":[{"href":"https:\/\/www.hydraulic-cylinders.net\/hu\/wp-json\/wp\/v2\/product\/18950","targetHints":{"allow":["GET"]}}],"collection":[{"href":"https:\/\/www.hydraulic-cylinders.net\/hu\/wp-json\/wp\/v2\/product"}],"about":[{"href":"https:\/\/www.hydraulic-cylinders.net\/hu\/wp-json\/wp\/v2\/types\/product"}],"replies":[{"embeddable":true,"href":"https:\/\/www.hydraulic-cylinders.net\/hu\/wp-json\/wp\/v2\/comments?post=18950"}],"wp:featuredmedia":[{"embeddable":true,"href":"https:\/\/www.hydraulic-cylinders.net\/hu\/wp-json\/wp\/v2\/media\/17877"}],"wp:attachment":[{"href":"https:\/\/www.hydraulic-cylinders.net\/hu\/wp-json\/wp\/v2\/media?parent=18950"}],"wp:term":[{"taxonomy":"product_brand","embeddable":true,"href":"https:\/\/www.hydraulic-cylinders.net\/hu\/wp-json\/wp\/v2\/product_brand?post=18950"},{"taxonomy":"product_cat","embeddable":true,"href":"https:\/\/www.hydraulic-cylinders.net\/hu\/wp-json\/wp\/v2\/product_cat?post=18950"},{"taxonomy":"product_tag","embeddable":true,"href":"https:\/\/www.hydraulic-cylinders.net\/hu\/wp-json\/wp\/v2\/product_tag?post=18950"}],"curies":[{"name":"munkaf\u00fczet","href":"https:\/\/api.w.org\/{rel}","templated":true}]}}