{"id":18954,"date":"2025-04-07T06:03:57","date_gmt":"2025-04-07T06:03:57","guid":{"rendered":"https:\/\/www.hydraulic-cylinders.net\/product\/boom-cylinder-for-caterpillar-middle-excavator-e320dz-bl\/"},"modified":"2025-04-07T06:03:59","modified_gmt":"2025-04-07T06:03:59","slug":"boom-cylinder-for-caterpillar-middle-excavator-e320dz-bl","status":"publish","type":"product","link":"https:\/\/www.hydraulic-cylinders.net\/hu\/termek\/boom-cylinder-for-caterpillar-middle-excavator-e320dz-bl\/","title":{"rendered":"G\u00e9mhenger Caterpillar k\u00f6z\u00e9ps\u0151 kotr\u00f3g\u00e9phez E320DZ\/BL"},"content":{"rendered":"<h1>G\u00e9mhenger Caterpillar k\u00f6z\u00e9ps\u0151 kotr\u00f3g\u00e9phez E320DZ\/BL<\/h1>\n<h2>Bevezet\u00e9s a g\u00e9mhengerekbe<\/h2>\n<p>A g\u00e9mhenger kritikus fontoss\u00e1g\u00fa alkatr\u00e9sz a hidraulikus rendszerekben, amelyet kifejezetten a neh\u00e9zg\u00e9pek, p\u00e9ld\u00e1ul kotr\u00f3g\u00e9pek, kotr\u00f3rakod\u00f3k \u00e9s homlokrakod\u00f3k kanalainak mozg\u00e1s\u00e1nak vez\u00e9rl\u00e9s\u00e9re terveztek. Ezek a hidraulikus hengerek lehet\u0151v\u00e9 teszik a kan\u00e1l emel\u00e9s\u00e9t, s\u00fcllyeszt\u00e9s\u00e9t \u00e9s billent\u00e9s\u00e9t, megk\u00f6nny\u00edtve a hat\u00e9kony anyagmozgat\u00e1si feladatokat. A kan\u00e1lhenger elengedhetetlen a prec\u00edz mozg\u00e1sok \u00e9s m\u0171k\u00f6d\u00e9s el\u00e9r\u00e9s\u00e9hez az \u00e9p\u00edt\u00e9si projektekben.<\/p>\n<p><img decoding=\"async\" src=\"https:\/\/www.hydraulic-cylinders.net\/wp-content\/uploads\/2025\/04\/songte-company-1.webp\" alt=\"G\u00e9mhenger kotr\u00f3g\u00e9pekhez\" \/><\/p>\n<h3>Meghat\u00e1roz\u00e1s \u00e9s \u00e1ttekint\u00e9s<\/h3>\n<p>A g\u00e9mhenger egy olyan hidraulikus henger, amely hidraulikaolaj nyom\u00e1s\u00e1val m\u0171k\u00f6dik. Els\u0151dleges funkci\u00f3ja a f\u00f6ldmunk\u00e1k vez\u00e9rl\u00e9se, amely mag\u00e1ban foglalja az \u00e1s\u00e1st, az emel\u00e9st \u00e9s az anyagok sz\u00e1ll\u00edt\u00e1s\u00e1t. A g\u00e9mhengerek hat\u00e9kony kialak\u00edt\u00e1sa \u00e9s robusztus fel\u00e9p\u00edt\u00e9se optim\u00e1lis teljes\u00edtm\u00e9nyt biztos\u00edt v\u00e1ltoz\u00f3 k\u00f6r\u00fclm\u00e9nyek k\u00f6z\u00f6tt, \u00edgy n\u00e9lk\u00fcl\u00f6zhetetlenek az \u00e9p\u00edt\u0151iparban.<\/p>\n<h2>A g\u00e9mhenger jellemz\u0151i<\/h2>\n<ul>\n<li><strong>Nagy szil\u00e1rds\u00e1g \u00e9s tart\u00f3ss\u00e1g:<\/strong> Nagy szil\u00e1rds\u00e1g\u00fa ac\u00e9lb\u00f3l vagy alum\u00edniumb\u00f3l k\u00e9sz\u00fcltek, ezek a hengerek ellen\u00e1llnak a nagy nyom\u00e1snak \u00e9s a nagy terhel\u00e9seknek, \u00edgy alkalmasak a zord munkak\u00f6rnyezetre.<\/li>\n<li><strong>Hat\u00e9kony hidraulikus m\u0171k\u00f6dtet\u00e9s:<\/strong> Hidraulikus olajnyom\u00e1st haszn\u00e1lnak a sima kiny\u00fajt\u00e1sokhoz \u00e9s \u00f6sszeh\u00faz\u00f3d\u00e1sokhoz, gyorsan reag\u00e1lnak a m\u0171k\u00f6d\u00e9si parancsokra, \u00e9s er\u0151teljes tol\u00f3- \u00e9s h\u00faz\u00f3er\u0151t biztos\u00edtanak.<\/li>\n<li><strong>K\u00fcl\u00f6nb\u00f6z\u0151 t\u00edpusok:<\/strong> A g\u00e9mhengerek v\u00e1laszthat\u00f3k egyszeres m\u0171k\u00f6d\u00e9s\u0171ek (egy ir\u00e1nyban hidraulikusak) vagy kett\u0151s m\u0171k\u00f6d\u00e9s\u0171ek (mindk\u00e9t ir\u00e1nyban hidraulikusak), hogy megfeleljenek a k\u00fcl\u00f6nb\u00f6z\u0151 m\u0171k\u00f6d\u00e9si ig\u00e9nyeknek. Egyes modellek teleszk\u00f3posak, \u00edgy nagyobb kiny\u00fal\u00e1st tesznek lehet\u0151v\u00e9 a k\u00fcls\u0151 m\u00e9retek n\u00f6vel\u00e9se n\u00e9lk\u00fcl.<\/li>\n<li><strong>Fejlett t\u00f6m\u00edt\u00e9si technol\u00f3gia:<\/strong> Kiv\u00e1l\u00f3 min\u0151s\u00e9g\u0171 t\u00f6m\u00edt\u00e9sekkel van felszerelve a sziv\u00e1rg\u00e1sok megakad\u00e1lyoz\u00e1sa \u00e9s az optim\u00e1lis teljes\u00edtm\u00e9ny biztos\u00edt\u00e1sa \u00e9rdek\u00e9ben k\u00fcl\u00f6nb\u00f6z\u0151 k\u00f6r\u00fclm\u00e9nyek k\u00f6z\u00f6tt.<\/li>\n<li><strong>Egyedi megold\u00e1sok:<\/strong> Term\u00e9keink t\u00f6k\u00e9letesen helyettes\u00edthetik ezeket a hidraulikus hengereket, testreszabott megold\u00e1sokat k\u00edn\u00e1lva a g\u00e9pek speci\u00e1lis k\u00f6vetelm\u00e9nyeinek kiel\u00e9g\u00edt\u00e9s\u00e9re.<\/li>\n<\/ul>\n<p><img decoding=\"async\" src=\"https:\/\/www.hydraulic-cylinders.net\/wp-content\/uploads\/2025\/04\/songte-cylinder-head-with-all-kinds-excavator-models.webp\" alt=\"Hidraulikus henger csere\" \/><\/p>\n<h2>Alkalmaz\u00e1si forgat\u00f3k\u00f6nyvek<\/h2>\n<h3>\u00c9p\u00edt\u0151ipari berendez\u00e9sek<\/h3>\n<p>A kotr\u00f3g\u00e9pekben a g\u00e9mhengerek kulcsfontoss\u00e1g\u00faak az \u00e1s\u00e1shoz, a talaj vagy t\u00f6rmel\u00e9k rakod\u00e1s\u00e1hoz \u00e9s mozgat\u00e1s\u00e1hoz. Lehet\u0151v\u00e9 teszik a kan\u00e1l mozg\u00e1s\u00e1nak pontos szab\u00e1lyoz\u00e1s\u00e1t, n\u00f6velve a f\u00f6ldmunk\u00e1k hat\u00e9konys\u00e1g\u00e1t. A kotr\u00f3g\u00e9p-rakod\u00f3kban a kan\u00e1lhenger mind az \u00e1s\u00e1st, mind az emel\u00e9st seg\u00edti, b\u0151v\u00edtve ezen sokoldal\u00fa g\u00e9pek alkalmaz\u00e1si k\u00f6r\u00e9t.<\/p>\n<h3>Mez\u0151gazdas\u00e1gi g\u00e9pek<\/h3>\n<p>A homlokrakod\u00f3kban a g\u00e9mhengereket talaj, sz\u00e9na \u00e9s egy\u00e9b anyagok mer\u00e9s\u00e9re, emel\u00e9s\u00e9re \u00e9s sz\u00e1ll\u00edt\u00e1s\u00e1ra haszn\u00e1lj\u00e1k. A neh\u00e9z terhek kezel\u00e9s\u00e9re val\u00f3 k\u00e9pess\u00e9g\u00fck ide\u00e1liss\u00e1 teszi \u0151ket mez\u0151gazdas\u00e1gi feladatokhoz, hozz\u00e1j\u00e1rulva a hat\u00e9kony mez\u0151gazdas\u00e1gi m\u0171k\u00f6d\u00e9shez.<\/p>\n<h3>Kotr\u00f3g\u00e9pek<\/h3>\n<p>A kan\u00e1lhenger lehet\u0151v\u00e9 teszi a kotr\u00f3g\u00e9pek sz\u00e1m\u00e1ra, hogy hat\u00e9konyan behatoljanak a talajba, lehet\u0151v\u00e9 t\u00e9ve a m\u00e9ly \u00e1s\u00e1st \u00e9s a prec\u00edz f\u00f6ldmunk\u00e1t. Ez k\u00fcl\u00f6n\u00f6sen fontos az alapoz\u00e1si munk\u00e1latokat vagy f\u00f6ldalatti l\u00e9tes\u00edtm\u00e9nyeket ig\u00e9nyl\u0151 projektekn\u00e9l.<\/p>\n<h3>Rakod\u00f3k<\/h3>\n<p>A homlokrakod\u00f3kban a g\u00e9mhengerek seg\u00edtik az \u00e1ruk emel\u00e9s\u00e9t \u00e9s \u00fcr\u00edt\u00e9s\u00e9t. Gyors reag\u00e1l\u00e1suk \u00e9s nagy emel\u00e9si k\u00e9pess\u00e9g\u00fck elengedhetetlenn\u00e9 teszi \u0151ket az \u00e9p\u00edt\u0151iparban \u00e9s a tereprendez\u00e9sben v\u00e9gzett anyagmozgat\u00e1shoz.<\/p>\n<h2>Tervez\u00e9si szempontok \u00e9s kiv\u00e1laszt\u00e1si krit\u00e9riumok<\/h2>\n<h3>Teherb\u00edr\u00e1s<\/h3>\n<p>A g\u00e9mhenger egyik els\u0151dleges tervez\u00e9si szempontja a teherb\u00edr\u00e1sa. Ez hat\u00e1rozza meg a maxim\u00e1lis s\u00falyt, amelyet a g\u00e9mhenger biztons\u00e1gosan elb\u00edr m\u0171k\u00f6d\u00e9s k\u00f6zben. A m\u00e9rn\u00f6k\u00f6knek biztos\u00edtaniuk kell, hogy a henger anyagai \u00e9s konstrukci\u00f3ja elb\u00edrja a tervezett terhel\u00e9st a meghib\u00e1sod\u00e1s megel\u0151z\u00e9se \u00e9rdek\u00e9ben.<\/p>\n<h3>T\u00f6m\u00edt\u00e9si hat\u00e9konys\u00e1g<\/h3>\n<p>A hat\u00e9kony t\u00f6m\u00edt\u00e9s elengedhetetlen a hidraulikafolyad\u00e9k sziv\u00e1rg\u00e1s\u00e1nak megakad\u00e1lyoz\u00e1s\u00e1hoz, ami a teljes\u00edtm\u00e9ny cs\u00f6kken\u00e9s\u00e9hez \u00e9s a karbantart\u00e1si k\u00f6lts\u00e9gek n\u00f6veked\u00e9s\u00e9hez vezethet. A kiv\u00e1l\u00f3 min\u0151s\u00e9g\u0171 t\u00f6m\u00edt\u00e9sek kiv\u00e1laszt\u00e1sa elengedhetetlen a hidraulikus rendszer integrit\u00e1s\u00e1nak meg\u0151rz\u00e9s\u00e9hez.<\/p>\n<h3>Tart\u00f3ss\u00e1g<\/h3>\n<p>A tart\u00f3ss\u00e1g kulcsfontoss\u00e1g\u00fa t\u00e9nyez\u0151 a g\u00e9mhengerek tervez\u00e9s\u00e9n\u00e9l. K\u00e9peseknek kell lenni\u00fck ellen\u00e1llni a zord munkak\u00f6r\u00fclm\u00e9nyeknek, bele\u00e9rtve a sz\u00e9ls\u0151s\u00e9ges h\u0151m\u00e9rs\u00e9kleteket, a szennyez\u0151d\u00e9seket \u00e9s egy\u00e9b k\u00f6rnyezeti t\u00e9nyez\u0151ket. Ezt jellemz\u0151en fejlett anyagok \u00e9s v\u00e9d\u0151bevonatok haszn\u00e1lat\u00e1val \u00e9rik el.<\/p>\n<h3>Biztons\u00e1gi funkci\u00f3k<\/h3>\n<p>A biztons\u00e1gi funkci\u00f3k be\u00e9p\u00edt\u00e9se a g\u00e9mhengerek tervez\u00e9s\u00e9be l\u00e9tfontoss\u00e1g\u00fa. Ez mag\u00e1ban foglalja a t\u00falterhel\u00e9s elleni v\u00e9delmi rendszereket a balesetek \u00e9s meghib\u00e1sod\u00e1sok megel\u0151z\u00e9se \u00e9rdek\u00e9ben. A felhaszn\u00e1l\u00f3 biztons\u00e1ga \u00e9rdek\u00e9ben elengedhetetlen annak biztos\u00edt\u00e1sa is, hogy a henger megfeleljen a nemzetk\u00f6zi biztons\u00e1gi szabv\u00e1nyoknak.<\/p>\n<h3>Karbantarthat\u00f3s\u00e1g<\/h3>\n<p>A karbantarthat\u00f3s\u00e1g szem el\u0151tt tart\u00e1sa mag\u00e1ban foglalja a palack k\u00f6nny\u0171 szervizelhet\u0151s\u00e9g\u00e9nek \u00e9s jav\u00edt\u00e1s\u00e1nak biztos\u00edt\u00e1s\u00e1t. Ez mag\u00e1ban foglalja az alkatr\u00e9szek hozz\u00e1f\u00e9rhet\u0151s\u00e9g\u00e9nek \u00e9s a jav\u00edt\u00e1sok megk\u00f6nny\u00edt\u00e9se \u00e9rdek\u00e9ben haszn\u00e1lt szabv\u00e1nyos alkatr\u00e9szeknek a szempontjait.<\/p>\n<p><img decoding=\"async\" src=\"https:\/\/www.hydraulic-cylinders.net\/wp-content\/uploads\/2025\/04\/songte-oil-pipes-and-spare-parts.webp\" alt=\"Hidraulikus henger alkatr\u00e9szek\" \/><\/p>\n<h2>T\u00f6m\u00edt\u00e9s \u00e9s ken\u00e9s<\/h2>\n<p>A megfelel\u0151 t\u00f6m\u00edt\u00e9s \u00e9s ken\u00e9s kritikus fontoss\u00e1g\u00fa a g\u00e9mhengerek teljes\u00edtm\u00e9nye szempontj\u00e1b\u00f3l. K\u00fcl\u00f6nb\u00f6z\u0151 t\u00f6m\u00edt\u0151elemeket, p\u00e9ld\u00e1ul dugatty\u00fat\u00f6m\u00edt\u00e9seket \u00e9s r\u00fadt\u00f6m\u00edt\u00e9seket haszn\u00e1lnak a folyad\u00e9ksziv\u00e1rg\u00e1sok \u00e9s szennyez\u0151d\u00e9sek megakad\u00e1lyoz\u00e1s\u00e1ra. A tart\u00f3s anyagok, p\u00e9ld\u00e1ul a poliuret\u00e1n \u00e9s a nitrilgumi t\u00f6m\u00edt\u00e9seinek kiv\u00e1laszt\u00e1sa n\u00f6veli azok kop\u00e1s\u00e1ll\u00f3s\u00e1g\u00e1t.<\/p>\n<p>A hengertestet \u00e9s a menetes v\u00e9gfel\u00fcleteket apr\u00f3l\u00e9kos megmunk\u00e1l\u00e1snak kell al\u00e1vetni a kop\u00e1s\u00e1ll\u00f3s\u00e1g jav\u00edt\u00e1sa \u00e9rdek\u00e9ben. A rendszeres hidraulikaolajjal t\u00f6rt\u00e9n\u0151 ken\u00e9s biztos\u00edtja a z\u00f6kken\u0151mentes m\u0171k\u00f6d\u00e9st \u00e9s meghosszabb\u00edtja a henger \u00e9lettartam\u00e1t. Az optim\u00e1lis teljes\u00edtm\u00e9ny fenntart\u00e1sa \u00e9rdek\u00e9ben elengedhetetlen az olajszint ellen\u0151rz\u00e9se \u00e9s sz\u00fcks\u00e9g szerinti ut\u00e1nt\u00f6lt\u00e9se.<\/p>\n<h2>Megel\u0151z\u0151 karbantart\u00e1si int\u00e9zked\u00e9sek<\/h2>\n<ul>\n<li><strong>Rendszeres ellen\u0151rz\u00e9sek:<\/strong> V\u00e9gezzen rendszeres ellen\u0151rz\u00e9seket a hidraulikus rendszeren, hogy azonos\u00edtsa a kop\u00e1s vagy s\u00e9r\u00fcl\u00e9s jeleit. Ez seg\u00edt a potenci\u00e1lis probl\u00e9m\u00e1k korai felismer\u00e9s\u00e9ben.<\/li>\n<li><strong>Megfelel\u0151 ken\u00e9s:<\/strong> Gy\u0151z\u0151dj\u00f6n meg arr\u00f3l, hogy a hidraulikaolaj megfelel\u0151en fel van t\u00f6ltve, \u00e9s hogy a ken\u00e9st az aj\u00e1nlott id\u0151k\u00f6z\u00f6nk\u00e9nt alkalmazz\u00e1k a henger m\u0171k\u00f6d\u0151k\u00e9pess\u00e9g\u00e9nek fenntart\u00e1sa \u00e9rdek\u00e9ben.<\/li>\n<li><strong>T\u00f6m\u00edt\u00e9scsere:<\/strong> Figyelje a t\u00f6m\u00edt\u00e9sek \u00e1llapot\u00e1t, \u00e9s sz\u00fcks\u00e9g szerint cser\u00e9lje ki azokat a sziv\u00e1rg\u00e1sok megel\u0151z\u00e9se \u00e9s a rendszernyom\u00e1s fenntart\u00e1sa \u00e9rdek\u00e9ben.<\/li>\n<\/ul>\n<h2>Telep\u00edt\u00e9si \u00fatmutat\u00f3<\/h2>\n<p>A g\u00e9mhenger megfelel\u0151 beszerel\u00e9se kulcsfontoss\u00e1g\u00fa a m\u0171k\u00f6d\u00e9se \u00e9s hossz\u00fa \u00e9lettartama szempontj\u00e1b\u00f3l. A helyes beszerel\u00e9shez k\u00f6vesse az al\u00e1bbi l\u00e9p\u00e9seket:<\/p>\n<ol>\n<li><strong>Igaz\u00edt\u00e1s:<\/strong> Gy\u0151z\u0151dj\u00f6n meg arr\u00f3l, hogy a henger megfelel\u0151en illeszkedik a r\u00f6gz\u00edt\u0151konzolokhoz, hogy elker\u00fclje az egyenetlen fesz\u00fclts\u00e9get m\u0171k\u00f6d\u00e9s k\u00f6zben.<\/li>\n<li><strong>Haszn\u00e1ljon megfelel\u0151 r\u00f6gz\u00edt\u0151konzolokat:<\/strong> R\u00f6gz\u00edtse a hengert megfelel\u0151 konzolokkal, amelyek elb\u00edrj\u00e1k a m\u0171k\u00f6d\u00e9s k\u00f6zben hat\u00f3 er\u0151ket.<\/li>\n<li><strong>R\u00f6gz\u00edt\u0151elemek megh\u00faz\u00e1sa:<\/strong> Gy\u0151z\u0151dj\u00f6n meg r\u00f3la, hogy minden csavar \u00e9s r\u00f6gz\u00edt\u0151elem a gy\u00e1rt\u00f3 el\u0151\u00edr\u00e1sainak megfelel\u0151en van megh\u00fazva, hogy elker\u00fclje a m\u0171k\u00f6d\u00e9s k\u00f6zbeni kilazul\u00e1st.<\/li>\n<li><strong>Hidraulikus csatlakoz\u00e1sok ellen\u0151rz\u00e9se:<\/strong> A hidraulikus rendszerhez val\u00f3 csatlakoztat\u00e1s el\u0151tt ellen\u0151rizze a hidraulikavezet\u00e9keket sziv\u00e1rg\u00e1s vagy s\u00e9r\u00fcl\u00e9s szempontj\u00e1b\u00f3l.<\/li>\n<li><strong>M\u0171k\u00f6d\u00e9s ellen\u0151rz\u00e9se:<\/strong> A telep\u00edt\u00e9s ut\u00e1n ellen\u0151rizze a g\u00e9mhenger m\u0171k\u00f6d\u00e9s\u00e9t, hogy megbizonyosodjon arr\u00f3l, hogy sim\u00e1n \u00e9s probl\u00e9mamentesen m\u0171k\u00f6dik.<\/li>\n<\/ol>\n<p><img decoding=\"async\" src=\"https:\/\/www.hydraulic-cylinders.net\/wp-content\/uploads\/2025\/04\/songte-chushion-collar.webp\" alt=\"P\u00e1rn\u00e1z\u00f3 gall\u00e9r a g\u00e9mhengerhez\" \/><\/p>\n<h2>Biztons\u00e1gi szempontok \u00e9s k\u00f6rnyezeti t\u00e9nyez\u0151k<\/h2>\n<p>A g\u00e9mhengerek kezel\u00e9sekor a biztons\u00e1gi int\u00e9zked\u00e9sek elengedhetetlenek a balesetek megel\u0151z\u00e9se \u00e9s a kezel\u0151 biztons\u00e1g\u00e1nak garant\u00e1l\u00e1sa \u00e9rdek\u00e9ben. A kezel\u0151k megfelel\u0151 k\u00e9pz\u00e9se a hidraulikus g\u00e9pek haszn\u00e1lat\u00e1ra vonatkoz\u00f3an kulcsfontoss\u00e1g\u00fa, ak\u00e1rcsak a biztons\u00e1gi protokollok betart\u00e1sa \u00fczemeltet\u00e9s k\u00f6zben. Ezenk\u00edv\u00fcl a hidraulikus rendszerek \u00fczemeltet\u00e9se \u00e9s karbantart\u00e1sa sor\u00e1n figyelembe kell venni a k\u00f6rnyezeti t\u00e9nyez\u0151ket, p\u00e9ld\u00e1ul a folyad\u00e9kelt\u00e1vol\u00edt\u00e1st \u00e9s a zajszennyez\u00e9st.<\/p>\n<h2>Gyakori probl\u00e9m\u00e1k elh\u00e1r\u00edt\u00e1sa<\/h2>\n<ul>\n<li><strong>Sziv\u00e1rg\u00f3 hidraulikafolyad\u00e9k:<\/strong> Ez kopott t\u00f6m\u00edt\u00e9sekre vagy s\u00e9r\u00fclt t\u00f6ml\u0151kre utalhat. Vizsg\u00e1lja meg \u00e9s sz\u00fcks\u00e9g szerint cser\u00e9lje ki a hib\u00e1s alkatr\u00e9szeket.<\/li>\n<li><strong>Lass\u00fa hengermozg\u00e1s:<\/strong> Ennek oka lehet az alacsony hidraulikafolyad\u00e9k-szint vagy a szennyez\u0151d\u00e9s. Ellen\u0151rizze a folyad\u00e9kot, \u00e9s sz\u00fcks\u00e9g eset\u00e9n cser\u00e9lje ki.<\/li>\n<li><strong>Szokatlan zajok m\u0171k\u00f6d\u00e9s k\u00f6zben:<\/strong> A csikorg\u00f3 vagy sziszeg\u0151 hangok a hidraulikus szivatty\u00faval vagy a bels\u0151 alkatr\u00e9szekkel kapcsolatos probl\u00e9m\u00e1kra utalhatnak. Alapos ellen\u0151rz\u00e9s sz\u00fcks\u00e9ges.<\/li>\n<\/ul>\n<h2>Hibadiagn\u00f3zis \u00e9s megel\u0151z\u0151 int\u00e9zked\u00e9sek<\/h2>\n<p>A hib\u00e1k hat\u00e9kony diagnosztiz\u00e1l\u00e1s\u00e1hoz k\u00f6vesse az al\u00e1bbi l\u00e9p\u00e9seket:<\/p>\n<ul>\n<li><strong>A t\u00fcnetek azonos\u00edt\u00e1sa:<\/strong> Figyelje meg a berendez\u00e9s \u00e1ltal kijelzett t\u00fcneteket, amelyek seg\u00edthetnek a diagn\u00f3zis fel\u00e1ll\u00edt\u00e1s\u00e1ban.<\/li>\n<li><strong>Vizu\u00e1lis ellen\u0151rz\u00e9sek elv\u00e9gz\u00e9se:<\/strong> Rendszeresen ellen\u0151rizze a hidraulikavezet\u00e9keket, t\u00f6m\u00edt\u00e9seket \u00e9s csatlakoz\u00e1sokat kop\u00e1s \u00e9s s\u00e9r\u00fcl\u00e9sek szempontj\u00e1b\u00f3l.<\/li>\n<li><strong>Megel\u0151z\u0151 int\u00e9zked\u00e9sek v\u00e9grehajt\u00e1sa:<\/strong> \u00c1ll\u00edtson be egy rendszeres karbantart\u00e1si \u00fctemtervet a lehets\u00e9ges probl\u00e9m\u00e1k minimaliz\u00e1l\u00e1sa \u00e9s a henger \u00e9lettartam\u00e1nak meghosszabb\u00edt\u00e1sa \u00e9rdek\u00e9ben.<\/li>\n<\/ul>\n<p><img decoding=\"async\" src=\"https:\/\/www.hydraulic-cylinders.net\/wp-content\/uploads\/2025\/04\/songte-bushings-with-all-kinds-of-excavator-models.webp\" alt=\"G\u00e9mhenger perselyei\" \/><\/p>\n<h2>C\u00e9ginform\u00e1ci\u00f3<\/h2>\n<p>Az alternat\u00edv hidraulikus hengerek vezet\u0151 gy\u00e1rt\u00f3ja vagyunk, \u00e1tfog\u00f3 term\u00e9kv\u00e1laszt\u00e9kot k\u00edn\u00e1lva mind a hazai, mind a nemzetk\u00f6zi piacok sz\u00e1m\u00e1ra. A kiv\u00e1l\u00f3s\u00e1g ir\u00e1nti elk\u00f6telezetts\u00e9g\u00fcnket ipari termel\u00e9sir\u00e1ny\u00edt\u00e1si strat\u00e9gi\u00e1inkban t\u00fckr\u00f6zi, k\u00e9pzett technikusokat alkalmazunk, fejlett digit\u00e1lis gy\u00e1rt\u00f3berendez\u00e9seket \u00e9s professzion\u00e1lis tesztel\u0151rendszereket alkalmazunk. Folyamatosan fejlesztj\u00fck gy\u00e1rt\u00e1si platformunkat \u00e9s term\u00e9keink min\u0151s\u00e9g\u00e9t, biztos\u00edtva, hogy nagy hat\u00e9konys\u00e1ggal, pontoss\u00e1ggal \u00e9s min\u0151s\u00e9gben el\u00e9g\u00edts\u00fck ki \u00fcgyfeleink v\u00e1ltozatos ig\u00e9nyeit.<\/p>\n<h3>Szakter\u00fcleteink<\/h3>\n<ul>\n<li><strong>Szak\u00e9rtelem:<\/strong> Csapatunk sz\u00e9lesk\u00f6r\u0171 ismeretekkel rendelkezik a hidraulikus hengerek tervez\u00e9s\u00e9ben \u00e9s gy\u00e1rt\u00e1s\u00e1ban, \u00edgy biztos\u00edtva a kiv\u00e1l\u00f3 min\u0151s\u00e9g\u0171 term\u00e9keket.<\/li>\n<li><strong>Nemzetk\u00f6zi min\u0151s\u00edt\u00e9s:<\/strong> Term\u00e9keink megfelelnek a nemzetk\u00f6zi min\u0151s\u00e9gi el\u0151\u00edr\u00e1soknak, garant\u00e1lva \u00fcgyfeleink megb\u00edzhat\u00f3 teljes\u00edtm\u00e9ny\u00e9t.<\/li>\n<li><strong>Egyedi megold\u00e1sok:<\/strong> Testreszabott szolg\u00e1ltat\u00e1sokat k\u00edn\u00e1lunk az egyedi ig\u00e9nyek kiel\u00e9g\u00edt\u00e9s\u00e9re, garant\u00e1lva az \u00fcgyfelek el\u00e9gedetts\u00e9g\u00e9t.<\/li>\n<li><strong>Modern felszerel\u00e9s:<\/strong> A legmodernebb gy\u00e1rt\u00f3berendez\u00e9sek haszn\u00e1lata garant\u00e1lja a pontoss\u00e1got \u00e9s a min\u0151s\u00e9get minden \u00e1ltalunk gy\u00e1rtott hengerben.<\/li>\n<li><strong>\u00c9rt\u00e9kes\u00edt\u00e9s ut\u00e1ni t\u00e1mogat\u00e1s:<\/strong> Elk\u00f6telezett t\u00e1mogat\u00f3 csapatunk k\u00e9szs\u00e9ggel \u00e1ll \u00fcgyfeleink rendelkez\u00e9s\u00e9re a telep\u00edt\u00e9ssel, karbantart\u00e1ssal \u00e9s b\u00e1rmilyen k\u00e9rd\u00e9ssel kapcsolatban.<\/li>\n<\/ul>\n<p><img decoding=\"async\" src=\"https:\/\/www.hydraulic-cylinders.net\/wp-content\/uploads\/2025\/04\/songte-company-4.webp\" alt=\"Hidraulikus henger gy\u00e1rt\u00e1sa\" \/><br \/>\n<img decoding=\"async\" src=\"https:\/\/www.hydraulic-cylinders.net\/wp-content\/uploads\/2025\/04\/songte-company-3.webp\" alt=\"C\u00e9ges l\u00e9tes\u00edtm\u00e9nyek\" \/><\/p>\n<p>Szerz\u0151: lyl<\/p>","protected":false},"excerpt":{"rendered":"<p>Boom Cylinder For Caterpillar Middle Excavator E320DZ\/BL Introduction to Boom Cylinders The Boom Cylinder is a critical component in hydraulic systems, specifically designed for controlling the movement of excavator buckets in heavy machinery such as excavators, backhoe loaders, and front-end loaders. These hydraulic cylinders enable the bucket to lift, lower, and tilt, facilitating efficient material [&hellip;]<\/p>","protected":false},"featured_media":17881,"comment_status":"open","ping_status":"closed","template":"","meta":{"_et_pb_use_builder":"","_et_pb_old_content":"","_et_gb_content_width":""},"product_brand":[],"product_cat":[1546],"product_tag":[1547,1496],"class_list":{"0":"post-18954","1":"product","2":"type-product","3":"status-publish","4":"has-post-thumbnail","6":"product_cat-boom-cylinders","7":"product_tag-boom-cylinders","8":"product_tag-hydraulic-cylinders","10":"first","11":"instock","12":"shipping-taxable","13":"product-type-simple"},"amp_enabled":true,"_links":{"self":[{"href":"https:\/\/www.hydraulic-cylinders.net\/hu\/wp-json\/wp\/v2\/product\/18954","targetHints":{"allow":["GET"]}}],"collection":[{"href":"https:\/\/www.hydraulic-cylinders.net\/hu\/wp-json\/wp\/v2\/product"}],"about":[{"href":"https:\/\/www.hydraulic-cylinders.net\/hu\/wp-json\/wp\/v2\/types\/product"}],"replies":[{"embeddable":true,"href":"https:\/\/www.hydraulic-cylinders.net\/hu\/wp-json\/wp\/v2\/comments?post=18954"}],"wp:featuredmedia":[{"embeddable":true,"href":"https:\/\/www.hydraulic-cylinders.net\/hu\/wp-json\/wp\/v2\/media\/17881"}],"wp:attachment":[{"href":"https:\/\/www.hydraulic-cylinders.net\/hu\/wp-json\/wp\/v2\/media?parent=18954"}],"wp:term":[{"taxonomy":"product_brand","embeddable":true,"href":"https:\/\/www.hydraulic-cylinders.net\/hu\/wp-json\/wp\/v2\/product_brand?post=18954"},{"taxonomy":"product_cat","embeddable":true,"href":"https:\/\/www.hydraulic-cylinders.net\/hu\/wp-json\/wp\/v2\/product_cat?post=18954"},{"taxonomy":"product_tag","embeddable":true,"href":"https:\/\/www.hydraulic-cylinders.net\/hu\/wp-json\/wp\/v2\/product_tag?post=18954"}],"curies":[{"name":"munkaf\u00fczet","href":"https:\/\/api.w.org\/{rel}","templated":true}]}}