{"id":18956,"date":"2025-04-07T06:04:09","date_gmt":"2025-04-07T06:04:09","guid":{"rendered":"https:\/\/www.hydraulic-cylinders.net\/product\/boom-cylinder-for-caterpillar-middle-excavator-e323dl-323d2l\/"},"modified":"2025-04-07T06:04:14","modified_gmt":"2025-04-07T06:04:14","slug":"boom-cylinder-for-caterpillar-middle-excavator-e323dl-323d2l","status":"publish","type":"product","link":"https:\/\/www.hydraulic-cylinders.net\/hu\/termek\/boom-cylinder-for-caterpillar-middle-excavator-e323dl-323d2l\/","title":{"rendered":"G\u00e9mhenger Caterpillar k\u00f6z\u00e9ps\u0151 kotr\u00f3g\u00e9phez E323DL\/323D2L"},"content":{"rendered":"<h1>G\u00e9mhenger Caterpillar k\u00f6z\u00e9ps\u0151 kotr\u00f3g\u00e9phez E323DL\/323D2L<\/h1>\n<h2>Term\u00e9k\u00e1ttekint\u00e9s<\/h2>\n<p>A g\u00e9mhenger a neh\u00e9zg\u00e9pek hidraulikus rendszer\u00e9nek kulcsfontoss\u00e1g\u00fa eleme, amelyet kifejezetten a Caterpillar kotr\u00f3g\u00e9pekhez, p\u00e9ld\u00e1ul az E323DL \u00e9s az E323D2L modellekhez terveztek. Ez a hidraulikus henger vez\u00e9rli a g\u00e9m mozg\u00e1s\u00e1t, lehet\u0151v\u00e9 t\u00e9ve a k\u00fcl\u00f6nf\u00e9le feladatokat, p\u00e9ld\u00e1ul az emel\u00e9st, a s\u00fcllyeszt\u00e9st \u00e9s a billent\u00e9st. Ennek a hengernek a m\u0171k\u00f6d\u00e9se l\u00e9tfontoss\u00e1g\u00fa a hat\u00e9kony anyagmozgat\u00e1shoz \u00e9s a f\u00f6ldmunk\u00e1khoz, \u00edgy kulcsfontoss\u00e1g\u00fa elem az \u00e9p\u00edt\u0151iparban \u00e9s a neh\u00e9zg\u00e9p\u00e9szeti alkalmaz\u00e1sokban.<\/p>\n<p><img decoding=\"async\" src=\"https:\/\/www.hydraulic-cylinders.net\/wp-content\/uploads\/2025\/04\/songte-company-1.webp\" alt=\"G\u00e9mhenger\"><\/p>\n<h3>A v\u00f6d\u00f6rhengerek meghat\u00e1roz\u00e1sa \u00e9s \u00e1ttekint\u00e9se<\/h3>\n<p>A kan\u00e1lhenger egy olyan hidraulikus henger, amelyet kifejezetten a neh\u00e9zg\u00e9pek, p\u00e9ld\u00e1ul kotr\u00f3g\u00e9pek, kotr\u00f3g\u00e9pek \u00e9s homlokrakod\u00f3k kanalainak mozg\u00e1s\u00e1nak vez\u00e9rl\u00e9s\u00e9re haszn\u00e1lnak. Lehet\u0151v\u00e9 teszi a kan\u00e1l pontos mozg\u00e1s\u00e1t, ami elengedhetetlen a hat\u00e9kony \u00e1s\u00e1shoz \u00e9s anyagmozgat\u00e1shoz. A hidraulikus rendszer nyom\u00e1s alatt \u00e1ll\u00f3 folyad\u00e9kot haszn\u00e1l a mozg\u00e1s l\u00e9trehoz\u00e1s\u00e1hoz, lehet\u0151v\u00e9 t\u00e9ve a g\u00e9pkezel\u0151 sz\u00e1m\u00e1ra, hogy prec\u00edzen \u00e9s gyorsan v\u00e9gezzen feladatokat.<\/p>\n<h2>A g\u00e9mhenger f\u0151bb jellemz\u0151i<\/h2>\n<ul>\n<li><strong>Nagy szil\u00e1rds\u00e1g \u00e9s tart\u00f3ss\u00e1g:<\/strong> Nagy szil\u00e1rds\u00e1g\u00fa ac\u00e9lb\u00f3l vagy alum\u00edniumb\u00f3l k\u00e9sz\u00fclt, \u00fagy tervezt\u00e9k, hogy ellen\u00e1lljon a nagy nyom\u00e1snak \u00e9s a nagy terhel\u00e9seknek, mik\u00f6zben zord k\u00f6rnyezetben is m\u0171k\u00f6dik.<\/li>\n<li><strong>Hat\u00e9kony hidraulikus m\u0171k\u00f6dtet\u00e9s:<\/strong> Hidraulikus folyad\u00e9kot haszn\u00e1l a sima kiny\u00fajt\u00e1shoz \u00e9s visszah\u00faz\u00e1shoz, \u00edgy er\u0151teljes tol\u00f3- \u00e9s h\u00faz\u00f3k\u00e9pess\u00e9get biztos\u00edt \u00f6sszetett feladatokhoz.<\/li>\n<li><strong>K\u00fcl\u00f6nb\u00f6z\u0151 t\u00edpusok:<\/strong> Egyszeres vagy kett\u0151s m\u0171k\u00f6d\u00e9s\u0171 konfigur\u00e1ci\u00f3ban kaphat\u00f3 a k\u00fcl\u00f6nf\u00e9le m\u0171k\u00f6d\u00e9si k\u00f6vetelm\u00e9nyek kiel\u00e9g\u00edt\u00e9s\u00e9re; egyes modellek teleszk\u00f3posak a nagyobb hat\u00f3t\u00e1vols\u00e1g \u00e9rdek\u00e9ben a k\u00fcls\u0151 m\u00e9retek n\u00f6vel\u00e9se n\u00e9lk\u00fcl.<\/li>\n<li><strong>Korr\u00f3zi\u00f3\u00e1ll\u00f3s\u00e1g:<\/strong> Kop\u00e1s- \u00e9s korr\u00f3zi\u00f3\u00e1ll\u00f3s\u00e1gra tervezt\u00e9k, \u00edgy biztos\u00edtva a hossz\u00fa \u00e9lettartamot \u00e9s az \u00e1lland\u00f3 teljes\u00edtm\u00e9nyt neh\u00e9z k\u00f6r\u00fclm\u00e9nyek k\u00f6z\u00f6tt is.<\/li>\n<li><strong>K\u00f6nny\u0171 karbantart\u00e1s:<\/strong> Egyszer\u0171 karbantart\u00e1si elj\u00e1r\u00e1sokra tervezt\u00e9k, lehet\u0151v\u00e9 t\u00e9ve a gyors ellen\u0151rz\u00e9seket \u00e9s jav\u00edt\u00e1sokat az \u00e1ll\u00e1sid\u0151 minimaliz\u00e1l\u00e1sa \u00e9rdek\u00e9ben.<\/li>\n<\/ul>\n<p>Term\u00e9keinket \u00fagy tervezt\u00fck, hogy t\u00f6k\u00e9letesen helyettes\u00edts\u00e9k ezeket a hidraulikus hengereket, biztos\u00edtva a z\u00f6kken\u0151mentes integr\u00e1ci\u00f3t \u00e9s a teljes\u00edtm\u00e9nyn\u00f6vel\u00e9st.<\/p>\n<p><img decoding=\"async\" src=\"https:\/\/www.hydraulic-cylinders.net\/wp-content\/uploads\/2025\/04\/songte-cylinder-head-with-all-kinds-excavator-models.webp\" alt=\"Kotr\u00f3g\u00e9p modellek\"><\/p>\n<h2>A g\u00e9mhenger alkalmaz\u00e1sai<\/h2>\n<ul>\n<li><strong>\u00c9p\u00edt\u0151ipari berendez\u00e9sek:<\/strong> Ezek a kotr\u00f3g\u00e9pekben tal\u00e1lhat\u00f3 hengerek elengedhetetlenek a talaj vagy t\u00f6rmel\u00e9k \u00e1s\u00e1s\u00e1hoz, rakod\u00e1s\u00e1hoz \u00e9s mozgat\u00e1s\u00e1hoz. Ezek biztos\u00edtj\u00e1k a sz\u00fcks\u00e9ges er\u0151t a neh\u00e9z talajviszonyokba val\u00f3 behatol\u00e1shoz, \u00edgy a f\u00f6ldmunk\u00e1k hat\u00e9konny\u00e1 v\u00e1lnak.<\/li>\n<li><strong>Mez\u0151gazdas\u00e1gi g\u00e9pek:<\/strong> Homlokrakod\u00f3kban haszn\u00e1lj\u00e1k talaj, sz\u00e9na \u00e9s egy\u00e9b anyagok mer\u00e9s\u00e9re, emel\u00e9s\u00e9re \u00e9s sz\u00e1ll\u00edt\u00e1s\u00e1ra, ezek a munkahengerek n\u00f6velik a mez\u0151gazdas\u00e1gi termel\u00e9kenys\u00e9get \u00e9s hat\u00e9konys\u00e1got.<\/li>\n<li><strong>Kotr\u00f3g\u00e9pek:<\/strong> A kan\u00e1lhengerek lehet\u0151v\u00e9 teszik a kotr\u00f3g\u00e9pek sz\u00e1m\u00e1ra az \u00e1s\u00e1si m\u0171veletek v\u00e9grehajt\u00e1s\u00e1t az\u00e1ltal, hogy lehet\u0151v\u00e9 teszik a kan\u00e1l hat\u00e9kony behatol\u00e1s\u00e1t a talajba, ez\u00e1ltal megk\u00f6nny\u00edtve a f\u00f6ldmunk\u00e1t.<\/li>\n<li><strong>Rakod\u00f3g\u00e9pek:<\/strong> A homlokrakod\u00f3kban a g\u00e9mhengerek hat\u00e9konyan seg\u00edtik az anyagok emel\u00e9s\u00e9t \u00e9s \u00fcr\u00edt\u00e9s\u00e9t, optimaliz\u00e1lva a m\u0171k\u00f6d\u00e9si ciklusokat a k\u00fcl\u00f6nb\u00f6z\u0151 alkalmaz\u00e1sokban.<\/li>\n<\/ul>\n<h2>Tervez\u00e9si szempontok \u00e9s kiv\u00e1laszt\u00e1si krit\u00e9riumok<\/h2>\n<ul>\n<li><strong>Teherb\u00edr\u00e1s:<\/strong> G\u00e9mhenger kiv\u00e1laszt\u00e1sakor kulcsfontoss\u00e1g\u00fa annak biztos\u00edt\u00e1sa, hogy az megfeleljen az adott alkalmaz\u00e1sokhoz sz\u00fcks\u00e9ges teherb\u00edr\u00e1snak. A hengernek k\u00e9pesnek kell lennie a v\u00e1rhat\u00f3 maxim\u00e1lis terhel\u00e9s elvisel\u00e9s\u00e9re, hogy elker\u00fclje a meghib\u00e1sod\u00e1st m\u0171k\u00f6d\u00e9s k\u00f6zben.<\/li>\n<li><strong>T\u00f6m\u00edt\u00e9si integrit\u00e1s:<\/strong> A tervnek robusztus t\u00f6m\u00edt\u00e9si megold\u00e1sokat kell tartalmaznia a hidraulikafolyad\u00e9k sziv\u00e1rg\u00e1s\u00e1nak megakad\u00e1lyoz\u00e1sa, a hat\u00e9kony m\u0171k\u00f6d\u00e9s biztos\u00edt\u00e1sa \u00e9s a k\u00f6rnyezeti hat\u00e1sok minimaliz\u00e1l\u00e1sa \u00e9rdek\u00e9ben. A kiv\u00e1l\u00f3 min\u0151s\u00e9g\u0171 t\u00f6m\u00edt\u00e9sek fenntartj\u00e1k a rendszernyom\u00e1st \u00e9s cs\u00f6kkentik a karbantart\u00e1si ig\u00e9nyt.<\/li>\n<li><strong>Tart\u00f3ss\u00e1g:<\/strong> A tart\u00f3s anyagokb\u00f3l k\u00e9sz\u00fclt henger kiv\u00e1laszt\u00e1sa biztos\u00edtja, hogy az ellen\u00e1lljon a neh\u00e9z ig\u00e9nybev\u00e9telnek. Az olyan t\u00e9nyez\u0151k, mint a kop\u00e1s\u00e1ll\u00f3s\u00e1g \u00e9s a kif\u00e1rad\u00e1si \u00e9lettartam kritikus fontoss\u00e1g\u00faak a teljes\u00edtm\u00e9ny hossz\u00fa t\u00e1v\u00fa fenntart\u00e1s\u00e1hoz.<\/li>\n<li><strong>Biztons\u00e1gi jellemz\u0151k:<\/strong> A tervnek tartalmaznia kell biztons\u00e1gi mechanizmusokat, p\u00e9ld\u00e1ul t\u00falterhel\u00e9sv\u00e9delmet, hogy megakad\u00e1lyozza a k\u00e1rosod\u00e1st a v\u00e1ratlan t\u00falfesz\u00fclts\u00e9gek sor\u00e1n, biztos\u00edtva mind a kezel\u0151k, mind a berendez\u00e9sek biztons\u00e1g\u00e1t.<\/li>\n<li><strong>Karbantart\u00e1si hozz\u00e1f\u00e9rhet\u0151s\u00e9g:<\/strong> A karbantart\u00e1s \u00e9s az ellen\u0151rz\u00e9sek k\u00f6nny\u0171 hozz\u00e1f\u00e9rhet\u0151s\u00e9ge elengedhetetlen a hossz\u00fa \u00e9lettartam \u00e9s a megb\u00edzhat\u00f3s\u00e1g biztos\u00edt\u00e1s\u00e1hoz. Az egyszer\u0171 olajcser\u00e9t \u00e9s t\u00f6m\u00edt\u00e9scser\u00e9t lehet\u0151v\u00e9 tev\u0151 funkci\u00f3k jelent\u0151sen cs\u00f6kkenthetik az \u00e1ll\u00e1sid\u0151t.<\/li>\n<\/ul>\n<p><img decoding=\"async\" src=\"https:\/\/www.hydraulic-cylinders.net\/wp-content\/uploads\/2025\/04\/songte-oil-pipes-and-spare-parts.webp\" alt=\"Olajcs\u00f6vek \u00e9s alkatr\u00e9szek\"><\/p>\n<h2>A hidraulikus henger t\u00f6m\u00edt\u00e9se \u00e9s ken\u00e9se<\/h2>\n<p>A g\u00e9mhenger hat\u00e9konys\u00e1ga jelent\u0151sen f\u00fcgg a t\u00f6m\u00edt\u0151- \u00e9s ken\u0151rendszereit\u0151l. K\u00fcl\u00f6nb\u00f6z\u0151 t\u00f6m\u00edt\u00e9sek, p\u00e9ld\u00e1ul dugatty\u00fat\u00f6m\u00edt\u00e9sek \u00e9s r\u00fadt\u00f6m\u00edt\u00e9sek elengedhetetlenek a hidraulikus folyad\u00e9k integrit\u00e1s\u00e1nak fenntart\u00e1s\u00e1hoz \u00e9s a sziv\u00e1rg\u00e1sok megakad\u00e1lyoz\u00e1s\u00e1hoz. A poliuret\u00e1nb\u00f3l \u00e9s nitrilgumib\u00f3l k\u00e9sz\u00fclt t\u00f6m\u00edt\u00e9sek el\u0151ny\u00f6sek kop\u00e1s\u00e1ll\u00f3s\u00e1guk \u00e9s tart\u00f3ss\u00e1guk miatt. Ezenk\u00edv\u00fcl a hengertest \u00e9s a menetes v\u00e9gfel\u00fcletek finom megmunk\u00e1l\u00e1son esnek \u00e1t a kop\u00e1s\u00e1ll\u00f3s\u00e1g fokoz\u00e1sa \u00e9rdek\u00e9ben. A rendszeres hidraulikaolajjal t\u00f6rt\u00e9n\u0151 ken\u00e9s szint\u00e9n kulcsfontoss\u00e1g\u00fa, mivel minimaliz\u00e1lja a mozg\u00f3 alkatr\u00e9szek s\u00farl\u00f3d\u00e1s\u00e1t \u00e9s kop\u00e1s\u00e1t, biztos\u00edtva a z\u00f6kken\u0151mentes m\u0171k\u00f6d\u00e9st \u00e9s meghosszabb\u00edtva a henger \u00e9lettartam\u00e1t.<\/p>\n<h2>Megel\u0151z\u0151 karbantart\u00e1si int\u00e9zked\u00e9sek<\/h2>\n<ul>\n<li><strong>Rendszeres ellen\u0151rz\u00e9sek:<\/strong> Rendszeresen ellen\u0151rizze a hidraulikus hengert a kop\u00e1s, sziv\u00e1rg\u00e1s \u00e9s teljes\u00edtm\u00e9nyprobl\u00e9m\u00e1k jelei szempontj\u00e1b\u00f3l, hogy a lehets\u00e9ges probl\u00e9m\u00e1kat id\u0151ben felismerje.<\/li>\n<li><strong>Megfelel\u0151 ken\u00e9s:<\/strong> A hat\u00e9kony m\u0171k\u00f6d\u00e9s fenntart\u00e1sa \u00e9rdek\u00e9ben \u00fcgyeljen a megfelel\u0151 hidraulikaolaj-szintre, \u00e9s az olajat az aj\u00e1nlott id\u0151k\u00f6z\u00f6nk\u00e9nt cser\u00e9lje.<\/li>\n<li><strong>T\u00f6m\u00edt\u00e9scsere:<\/strong> Rendszeresen ellen\u0151rizze \u00e9s sz\u00fcks\u00e9g szerint cser\u00e9lje ki a t\u00f6m\u00edt\u00e9seket a folyad\u00e9ksziv\u00e1rg\u00e1sok megel\u0151z\u00e9se \u00e9s a hidraulikus rendszer integrit\u00e1s\u00e1nak biztos\u00edt\u00e1sa \u00e9rdek\u00e9ben.<\/li>\n<\/ul>\n<h2>Telep\u00edt\u00e9si \u00fatmutat\u00f3<\/h2>\n<p>A g\u00e9mhenger megfelel\u0151 beszerel\u00e9se kritikus fontoss\u00e1g\u00fa a teljes\u00edtm\u00e9nye \u00e9s hossz\u00fa \u00e9lettartama szempontj\u00e1b\u00f3l. K\u00f6vesse az al\u00e1bbi l\u00e9p\u00e9seket:<\/p>\n<ol>\n<li>A beszerel\u00e9s el\u0151tt gy\u0151z\u0151dj\u00f6n meg arr\u00f3l, hogy minden alkatr\u00e9sz tiszta \u00e9s szennyez\u0151d\u00e9smentes.<\/li>\n<li>Igaz\u00edtsa a hengert megfelel\u0151en a kotr\u00f3g\u00e9p r\u00f6gz\u00edt\u00e9si pontjaihoz, hogy elker\u00fclje a t\u00falzott terhel\u00e9st.<\/li>\n<li>Haszn\u00e1ljon megfelel\u0151 r\u00f6gz\u00edt\u0151konzolokat a henger r\u00f6gz\u00edt\u00e9s\u00e9hez, biztos\u00edtva a stabilit\u00e1st m\u0171k\u00f6d\u00e9s k\u00f6zben.<\/li>\n<li>A g\u00e9p \u00fczemeltet\u00e9se el\u0151tt ellen\u0151rizze az \u00f6sszes hidraulikus csatlakoz\u00e1s szoross\u00e1g\u00e1t \u00e9s sziv\u00e1rg\u00e1s\u00e1t.<\/li>\n<li>A telep\u00edt\u00e9s ut\u00e1n a g\u00e9pet alacsony sebess\u00e9gen kell m\u0171k\u00f6dtetni a megfelel\u0151 m\u0171k\u00f6d\u00e9s \u00e9s be\u00e1ll\u00edt\u00e1s ellen\u0151rz\u00e9s\u00e9hez.<\/li>\n<\/ol>\n<h2>Gyakori karbantart\u00e1si feladatok<\/h2>\n<ul>\n<li><strong>Rendszeres ellen\u0151rz\u00e9sek:<\/strong> A rendszeres ellen\u0151rz\u00e9sek lehet\u0151v\u00e9 teszik az olyan probl\u00e9m\u00e1k korai felismer\u00e9s\u00e9t, mint a sziv\u00e1rg\u00e1sok vagy a kop\u00e1s, ami k\u00e9s\u0151bb megel\u0151zheti a nagyobb probl\u00e9m\u00e1kat.<\/li>\n<li><strong>Megfelel\u0151 ken\u00e9s:<\/strong> A megfelel\u0151 ken\u00e9s biztos\u00edt\u00e1sa elengedhetetlen a mozg\u00f3 alkatr\u00e9szek s\u00farl\u00f3d\u00e1s\u00e1nak \u00e9s kop\u00e1s\u00e1nak cs\u00f6kkent\u00e9s\u00e9hez, ez\u00e1ltal a henger teljes\u00edtm\u00e9ny\u00e9nek \u00e9s \u00e9lettartam\u00e1nak n\u00f6vel\u00e9s\u00e9hez.<\/li>\n<li><strong>T\u00f6m\u00edt\u00e9scsere:<\/strong> A rendszeres t\u00f6m\u00edt\u00e9scser\u00e9k seg\u00edtenek fenntartani a nyom\u00e1st \u00e9s cs\u00f6kkentik a hidraulikafolyad\u00e9k sziv\u00e1rg\u00e1s\u00e1nak kock\u00e1zat\u00e1t, ami befoly\u00e1solhatja a rendszer teljes\u00edtm\u00e9ny\u00e9t.<\/li>\n<\/ul>\n<h2>Biztons\u00e1gi szempontok \u00e9s k\u00f6rnyezeti t\u00e9nyez\u0151k<\/h2>\n<p>Hidraulikus hengerek haszn\u00e1latakor a biztons\u00e1gi int\u00e9zked\u00e9sek bevezet\u00e9se kiemelked\u0151 fontoss\u00e1g\u00fa. A kezel\u0151ket ki kell k\u00e9pezni a potenci\u00e1lis hib\u00e1k jeleinek felismer\u00e9s\u00e9re, p\u00e9ld\u00e1ul a szokatlan hangok vagy a teljes\u00edtm\u00e9nybeli elt\u00e9r\u00e9sek felismer\u00e9s\u00e9re. A hidraulikus g\u00e9pek megfelel\u0151 kezel\u00e9se \u00e9s \u00fczemeltet\u00e9se megel\u0151zheti a baleseteket. Ezenk\u00edv\u00fcl a tiszta munkater\u00fclet fenntart\u00e1sa \u00e9s a hidraulikus folyad\u00e9kok felel\u0151ss\u00e9gteljes kezel\u00e9se elengedhetetlen a k\u00f6rnyezeti hat\u00e1sok minimaliz\u00e1l\u00e1sa \u00e9rdek\u00e9ben.<\/p>\n<h2>Hibaelh\u00e1r\u00edt\u00e1s \u00e9s gyakori probl\u00e9m\u00e1k<\/h2>\n<ul>\n<li><strong>Sziv\u00e1rg\u00e1s:<\/strong> Ellen\u0151rizze a t\u00f6m\u00edt\u00e9seket \u00e9s csatlakoz\u00e1sokat kop\u00e1s vagy s\u00e9r\u00fcl\u00e9s szempontj\u00e1b\u00f3l, \u00e9s sz\u00fcks\u00e9g eset\u00e9n cser\u00e9lje ki.<\/li>\n<li><strong>Lass\u00fa m\u0171k\u00f6d\u00e9s:<\/strong> Ellen\u0151rizze a hidraulikafolyad\u00e9k szintj\u00e9t \u00e9s a sz\u0171r\u0151ket, \u00fcgyelve arra, hogy ne legyenek dugul\u00e1sok vagy sziv\u00e1rg\u00e1sok a rendszerben.<\/li>\n<li><strong>V\u00e1ratlan mozg\u00e1sok:<\/strong> Ellen\u0151rizze a vez\u00e9rl\u0151rendszerek \u00e9s \u00e9rz\u00e9kel\u0151k pontoss\u00e1g\u00e1t; sz\u00fcks\u00e9g eset\u00e9n kalibr\u00e1lja \u00fajra.<\/li>\n<\/ul>\n<p>A probl\u00e9m\u00e1k megel\u0151z\u00e9se \u00e9rdek\u00e9ben rendszeresen karbantartsa berendez\u00e9s\u00e9t, \u00e9s k\u00f6vesse a gy\u00e1rt\u00f3 ir\u00e1nyelveit a hidraulikus henger meghib\u00e1sod\u00e1s\u00e1val j\u00e1r\u00f3 kock\u00e1zatok minimaliz\u00e1l\u00e1sa \u00e9rdek\u00e9ben.<\/p>\n<p><img decoding=\"async\" src=\"https:\/\/www.hydraulic-cylinders.net\/wp-content\/uploads\/2025\/04\/songte-bushings-with-all-kinds-of-excavator-models.webp\" alt=\"Persely modellek\"><\/p>\n<h2>C\u00e9ginform\u00e1ci\u00f3<\/h2>\n<p>Vezet\u0151 gy\u00e1rt\u00f3i vagyunk a p\u00f3talkatr\u00e9szek hidraulikus hengereinek, \u00e1tfog\u00f3 term\u00e9kv\u00e1laszt\u00e9kot k\u00edn\u00e1lva a hazai \u00e9s nemzetk\u00f6zi piacok sz\u00e1m\u00e1ra. A kiv\u00e1l\u00f3 min\u0151s\u00e9g ir\u00e1nti elk\u00f6telezetts\u00e9g\u00fcnket kifinomult gy\u00e1rt\u00e1si strat\u00e9gi\u00e1nk t\u00e1masztja al\u00e1, fejlett digit\u00e1lis gy\u00e1rt\u00f3berendez\u00e9seket \u00e9s speci\u00e1lis ellen\u0151rz\u0151 rendszereket haszn\u00e1lva. Folyamatosan fejlesztj\u00fck gy\u00e1rt\u00e1si k\u00e9pess\u00e9geinket, mik\u00f6zben biztos\u00edtjuk a magas hat\u00e9konys\u00e1got, pontoss\u00e1got \u00e9s min\u0151s\u00e9get, hogy megfelelj\u00fcnk \u00fcgyfeleink v\u00e1ltozatos ig\u00e9nyeinek. Szak\u00e9rtelm\u00fcnk kiterjed az egyedi szolg\u00e1ltat\u00e1sokra, a professzion\u00e1lis t\u00e1mogat\u00e1sra \u00e9s a nemzetk\u00f6zi tan\u00fas\u00edtv\u00e1nyokra, \u00edgy megb\u00edzhat\u00f3 partnerr\u00e9 v\u00e1ltunk a hidraulikus hengerek ipar\u00e1g\u00e1ban.<\/p>\n<p><img decoding=\"async\" src=\"https:\/\/www.hydraulic-cylinders.net\/wp-content\/uploads\/2025\/04\/songte-company-4.webp\" alt=\"C\u00e9ginform\u00e1ci\u00f3 4\"><br \/>\n<img decoding=\"async\" src=\"https:\/\/www.hydraulic-cylinders.net\/wp-content\/uploads\/2025\/04\/songte-company-3.webp\" alt=\"C\u00e9ginform\u00e1ci\u00f3 3\"><\/p>\n<p>Szerz\u0151: lyl<\/p>","protected":false},"excerpt":{"rendered":"<p>Boom Cylinder For Caterpillar Middle Excavator E323DL\/323D2L Product Overview The Boom Cylinder is a crucial component in the hydraulic system of heavy machinery, specifically designed for Caterpillar excavators such as the E323DL and E323D2L. This hydraulic cylinder controls the movement of the boom, enabling various tasks such as lifting, lowering, and tilting. The operation of [&hellip;]<\/p>","protected":false},"featured_media":17868,"comment_status":"open","ping_status":"closed","template":"","meta":{"_et_pb_use_builder":"","_et_pb_old_content":"","_et_gb_content_width":""},"product_brand":[],"product_cat":[1546],"product_tag":[1547,1496],"class_list":{"0":"post-18956","1":"product","2":"type-product","3":"status-publish","4":"has-post-thumbnail","6":"product_cat-boom-cylinders","7":"product_tag-boom-cylinders","8":"product_tag-hydraulic-cylinders","10":"first","11":"instock","12":"shipping-taxable","13":"product-type-simple"},"amp_enabled":true,"_links":{"self":[{"href":"https:\/\/www.hydraulic-cylinders.net\/hu\/wp-json\/wp\/v2\/product\/18956","targetHints":{"allow":["GET"]}}],"collection":[{"href":"https:\/\/www.hydraulic-cylinders.net\/hu\/wp-json\/wp\/v2\/product"}],"about":[{"href":"https:\/\/www.hydraulic-cylinders.net\/hu\/wp-json\/wp\/v2\/types\/product"}],"replies":[{"embeddable":true,"href":"https:\/\/www.hydraulic-cylinders.net\/hu\/wp-json\/wp\/v2\/comments?post=18956"}],"wp:featuredmedia":[{"embeddable":true,"href":"https:\/\/www.hydraulic-cylinders.net\/hu\/wp-json\/wp\/v2\/media\/17868"}],"wp:attachment":[{"href":"https:\/\/www.hydraulic-cylinders.net\/hu\/wp-json\/wp\/v2\/media?parent=18956"}],"wp:term":[{"taxonomy":"product_brand","embeddable":true,"href":"https:\/\/www.hydraulic-cylinders.net\/hu\/wp-json\/wp\/v2\/product_brand?post=18956"},{"taxonomy":"product_cat","embeddable":true,"href":"https:\/\/www.hydraulic-cylinders.net\/hu\/wp-json\/wp\/v2\/product_cat?post=18956"},{"taxonomy":"product_tag","embeddable":true,"href":"https:\/\/www.hydraulic-cylinders.net\/hu\/wp-json\/wp\/v2\/product_tag?post=18956"}],"curies":[{"name":"munkaf\u00fczet","href":"https:\/\/api.w.org\/{rel}","templated":true}]}}