{"id":18963,"date":"2025-04-07T06:04:29","date_gmt":"2025-04-07T06:04:29","guid":{"rendered":"https:\/\/www.hydraulic-cylinders.net\/product\/boom-cylinder-for-caterpillar-large-excavator-e336dzgc\/"},"modified":"2025-04-07T06:04:31","modified_gmt":"2025-04-07T06:04:31","slug":"boom-cylinder-for-caterpillar-large-excavator-e336dzgc","status":"publish","type":"product","link":"https:\/\/www.hydraulic-cylinders.net\/hu\/termek\/boom-cylinder-for-caterpillar-large-excavator-e336dzgc\/","title":{"rendered":"G\u00e9mhenger Caterpillar nagy kotr\u00f3g\u00e9phez E336DZGC"},"content":{"rendered":"<h1>G\u00e9mhenger Caterpillar nagy kotr\u00f3g\u00e9phez E336DZGC<\/h1>\n<h2>Bevezet\u00e9s a g\u00e9mhengerbe<\/h2>\n<p>A g\u00e9m munkahenger egy kulcsfontoss\u00e1g\u00fa hidraulikus alkatr\u00e9sz, amelyet kifejezetten neh\u00e9zg\u00e9pekhez, p\u00e9ld\u00e1ul kotr\u00f3g\u00e9pekhez terveztek. Ez a henger alapvet\u0151 szerepet j\u00e1tszik a g\u00e9m mozg\u00e1s\u00e1nak szab\u00e1lyoz\u00e1s\u00e1ban, lehet\u0151v\u00e9 t\u00e9ve annak emel\u00e9s\u00e9t, s\u00fcllyeszt\u00e9s\u00e9t \u00e9s billent\u00e9s\u00e9t. Ez a k\u00e9pess\u00e9g l\u00e9tfontoss\u00e1g\u00fa a k\u00fcl\u00f6nf\u00e9le anyagmozgat\u00e1si feladatokhoz, biztos\u00edtva a hat\u00e9konys\u00e1got \u00e9s a pontoss\u00e1got a m\u0171veletek sor\u00e1n.<\/p>\n<p>Hidraulikus hengerk\u00e9nt a g\u00e9mhenger hidraulikafolyad\u00e9kot haszn\u00e1l a nyom\u00e1s l\u00e9trehoz\u00e1s\u00e1hoz, el\u0151seg\u00edtve a tartoz\u00e9k z\u00f6kken\u0151mentes m\u0171k\u00f6d\u00e9s\u00e9t. Els\u0151dleges funkci\u00f3ja a g\u00e9m mozgat\u00e1s\u00e1hoz sz\u00fcks\u00e9ges er\u0151 biztos\u00edt\u00e1sa, lehet\u0151v\u00e9 t\u00e9ve a tartoz\u00e9k sz\u00e1m\u00e1ra olyan feladatok elv\u00e9gz\u00e9s\u00e9t, mint az \u00e1s\u00e1s, emel\u00e9s \u00e9s anyagok sz\u00e1ll\u00edt\u00e1sa. A g\u00e9mhenger nagy nyom\u00e1snak \u00e9s jelent\u0151s terhel\u00e9snek van kit\u00e9ve, \u00edgy n\u00e9lk\u00fcl\u00f6zhetetlen alkatr\u00e9sze a kotr\u00f3g\u00e9pek hidraulikus rendszereinek.<\/p>\n<p><img decoding=\"async\" src=\"https:\/\/www.hydraulic-cylinders.net\/wp-content\/uploads\/2025\/04\/songte-company-1.webp\" alt=\"G\u00e9mhenger kotr\u00f3g\u00e9pekhez\"><\/p>\n<h2>A g\u00e9mhenger jellemz\u0151i<\/h2>\n<ul>\n<li><strong>Nagy szil\u00e1rds\u00e1g \u00e9s tart\u00f3ss\u00e1g:<\/strong> A nagy szil\u00e1rds\u00e1g\u00fa ac\u00e9lb\u00f3l vagy alum\u00edniumb\u00f3l k\u00e9sz\u00fclt g\u00e9mhenger nagy nyom\u00e1st \u00e9s nagy terhel\u00e9st b\u00edr ki, \u00edgy alkalmass\u00e1 teszi zord munkak\u00f6rnyezetben val\u00f3 haszn\u00e1latra. Kialak\u00edt\u00e1sa mag\u00e1ban foglalja a kop\u00e1s\u00e1ll\u00f3s\u00e1got \u00e9s a korr\u00f3zi\u00f3\u00e1ll\u00f3s\u00e1got az \u00e9lettartam meghosszabb\u00edt\u00e1sa \u00e9rdek\u00e9ben.<\/li>\n<li><strong>Hat\u00e9kony hidraulikus m\u0171k\u00f6dtet\u00e9s:<\/strong> A henger hidraulikaolaj-nyom\u00e1st haszn\u00e1l a sima kiny\u00fajt\u00e1shoz \u00e9s visszah\u00faz\u00e1shoz, gyorsan reag\u00e1l a m\u0171k\u00f6d\u00e9si parancsokra, \u00e9s er\u0151teljes tol\u00f3- \u00e9s h\u00faz\u00f3k\u00e9pess\u00e9get biztos\u00edt, ide\u00e1lis neh\u00e9z \u00e9s \u00f6sszetett feladatok kezel\u00e9s\u00e9hez.<\/li>\n<li><strong>K\u00fcl\u00f6nb\u00f6z\u0151 t\u00edpusok:<\/strong> Egyszeres m\u0171k\u00f6d\u00e9s\u0171 (hidraulikusan m\u0171k\u00f6dtetve az egyik ir\u00e1nyban) vagy kett\u0151s m\u0171k\u00f6d\u00e9s\u0171 (hidraulikusan m\u0171k\u00f6dtetve mindk\u00e9t ir\u00e1nyban), a g\u00e9mhenger k\u00fcl\u00f6nb\u00f6z\u0151 m\u0171k\u00f6d\u00e9si ig\u00e9nyeket tud kiel\u00e9g\u00edteni. Egyes modellek teleszk\u00f3pos kialak\u00edt\u00e1ssal is rendelkeznek, amely megn\u00f6veli a kiny\u00fal\u00e1st a k\u00fcls\u0151 m\u00e9retek n\u00f6vel\u00e9se n\u00e9lk\u00fcl, \u00edgy t\u00f6k\u00e9letes a helysz\u0171k\u00e9ben l\u00e9v\u0151 alkalmaz\u00e1sokhoz.<\/li>\n<li><strong>Testreszabhat\u00f3 megold\u00e1sok:<\/strong> Ezt a term\u00e9ket prec\u00edz gy\u00e1rt\u00e1ssal gy\u00e1rtjuk, biztos\u00edtva, hogy hidraulikus hengereink t\u00f6k\u00e9letesen helyettes\u00edts\u00e9k a megl\u00e9v\u0151 modelleket, amelyeket az egyedi ig\u00e9nyeknek \u00e9s specifik\u00e1ci\u00f3knak megfelel\u0151en szabunk testre.<\/li>\n<\/ul>\n<p><img decoding=\"async\" src=\"https:\/\/www.hydraulic-cylinders.net\/wp-content\/uploads\/2025\/04\/songte-cylinder-head-with-all-kinds-excavator-models.webp\" alt=\"Kotr\u00f3g\u00e9p modellek g\u00e9mhengerrel\"><\/p>\n<h2>A g\u00e9mhenger alkalmaz\u00e1sai<\/h2>\n<h3>\u00c9p\u00edt\u0151ipari berendez\u00e9sek<\/h3>\n<p>A kotr\u00f3g\u00e9pekben a g\u00e9mhenger l\u00e9tfontoss\u00e1g\u00fa az \u00e1s\u00e1shoz, rakod\u00e1shoz \u00e9s a f\u00f6ld vagy t\u00f6rmel\u00e9k mozgat\u00e1s\u00e1hoz. Lehet\u0151v\u00e9 teszi a g\u00e9m sz\u00e1m\u00e1ra, hogy hat\u00e9konyan el\u00e9rje \u00e9s manipul\u00e1lja az anyagot, biztos\u00edtva a sz\u00fcks\u00e9ges er\u0151t \u00e9s ir\u00e1ny\u00edt\u00e1st a k\u00fcl\u00f6nf\u00e9le \u00e9p\u00edt\u00e9si feladatokhoz. A kotr\u00f3g\u00e9p-rakod\u00f3kban a g\u00e9mhenger mind az \u00e1s\u00e1si, mind az emel\u00e9si funkci\u00f3kban seg\u00edt, n\u00f6velve az \u00e1ltal\u00e1nos termel\u00e9kenys\u00e9get a munkater\u00fcleteken.<\/p>\n<h3>Mez\u0151gazdas\u00e1gi g\u00e9pek<\/h3>\n<p>A homlokrakod\u00f3kn\u00e1l a g\u00e9mhenger jelent\u0151s szerepet j\u00e1tszik a talaj, sz\u00e9na \u00e9s egy\u00e9b anyagok \u00e1s\u00e1s\u00e1ban, emel\u00e9s\u00e9ben \u00e9s sz\u00e1ll\u00edt\u00e1s\u00e1ban. Lehet\u0151v\u00e9 teszi a gazd\u00e1lkod\u00f3k sz\u00e1m\u00e1ra, hogy gyorsan \u00e9s hat\u00e9konyan v\u00e9gezz\u00e9k el a feladataikat, ami elengedhetetlen a mez\u0151gazdas\u00e1gi m\u0171veletek termel\u00e9kenys\u00e9g\u00e9nek fenntart\u00e1s\u00e1hoz.<\/p>\n<h3>Kotr\u00f3g\u00e9pek<\/h3>\n<p>A g\u00e9mhenger kialak\u00edt\u00e1sa lehet\u0151v\u00e9 teszi a hat\u00e9kony talajba val\u00f3 behatol\u00e1st, megk\u00f6nny\u00edtve a f\u00f6ldmunk\u00e1kat. Hidraulikus m\u0171k\u00f6d\u00e9se biztos\u00edtja, hogy a kezel\u0151k prec\u00edzen v\u00e9gezhess\u00e9k az \u00e1s\u00e1si m\u0171veleteket, hozz\u00e1j\u00e1rulva a f\u00f6ldmunk\u00e1k hat\u00e9konys\u00e1g\u00e1hoz.<\/p>\n<h3>Rakod\u00f3k<\/h3>\n<p>A homlokrakod\u00f3kn\u00e1l a g\u00e9mhenger hat\u00e9konyan seg\u00edti az anyagok emel\u00e9s\u00e9t \u00e9s \u00fcr\u00edt\u00e9s\u00e9t. Biztos\u00edtja a sz\u00fcks\u00e9ges teljes\u00edtm\u00e9nyt a neh\u00e9z terhek felemel\u00e9s\u00e9hez \u00e9s a z\u00f6kken\u0151mentes m\u0171k\u00f6d\u00e9shez, jav\u00edtva a rakod\u00f3 teljes\u00edtm\u00e9ny\u00e9t a k\u00fcl\u00f6nf\u00e9le anyagmozgat\u00e1si feladatokban.<\/p>\n<h2>Tervez\u00e9si szempontok \u00e9s kiv\u00e1laszt\u00e1si krit\u00e9riumok<\/h2>\n<h3>Teherb\u00edr\u00e1s<\/h3>\n<p>G\u00e9mhenger kiv\u00e1laszt\u00e1sakor kiemelked\u0151 fontoss\u00e1g\u00fa annak teherb\u00edr\u00e1sa. A hengernek k\u00e9pesnek kell lennie a m\u0171k\u00f6d\u00e9s k\u00f6zben fell\u00e9p\u0151 maxim\u00e1lis s\u00faly elvisel\u00e9s\u00e9re. Ez mag\u00e1ban foglalja a mozgatand\u00f3 anyagok s\u00faly\u00e1nak kisz\u00e1m\u00edt\u00e1s\u00e1t \u00e9s annak biztos\u00edt\u00e1s\u00e1t, hogy a henger specifik\u00e1ci\u00f3i meghaladj\u00e1k ezeket az \u00e9rt\u00e9keket. Egy j\u00f3l megv\u00e1lasztott g\u00e9mhenger n\u00f6veli a biztons\u00e1got \u00e9s a termel\u00e9kenys\u00e9get a munkater\u00fcleten.<\/p>\n<h3>T\u00f6m\u00edt\u00e9s \u00e9s tart\u00f3ss\u00e1g<\/h3>\n<p>A t\u00f6m\u00edt\u00e9s kulcsfontoss\u00e1g\u00fa a hidraulikus rendszerekben a folyad\u00e9ksziv\u00e1rg\u00e1sok megakad\u00e1lyoz\u00e1sa \u00e9s a nyom\u00e1s fenntart\u00e1sa \u00e9rdek\u00e9ben. A g\u00e9mhenger kialak\u00edt\u00e1s\u00e1nak tartalmaznia kell kiv\u00e1l\u00f3 min\u0151s\u00e9g\u0171 t\u00f6m\u00edt\u00e9seket, p\u00e9ld\u00e1ul dugatty\u00fat\u00f6m\u00edt\u00e9seket \u00e9s r\u00fadt\u00f6m\u00edt\u00e9seket, amelyek tart\u00f3s anyagokb\u00f3l, p\u00e9ld\u00e1ul poliuret\u00e1nb\u00f3l \u00e9s nitrilgumib\u00f3l k\u00e9sz\u00fclnek. Ezek az anyagok kiv\u00e1l\u00f3 kop\u00e1s\u00e1ll\u00f3s\u00e1got biztos\u00edtanak, biztos\u00edtva a hossz\u00fa \u00e9lettartamot \u00e9s a megb\u00edzhat\u00f3 teljes\u00edtm\u00e9nyt.<\/p>\n<h3>Biztons\u00e1gi funkci\u00f3k<\/h3>\n<p>A biztons\u00e1g kritikus szempont a hidraulikus hengerek tervez\u00e9s\u00e9n\u00e9l. Az olyan jellemz\u0151k, mint a nyom\u00e1scs\u00f6kkent\u0151 szelepek \u00e9s a fejlett t\u00f6m\u00edt\u00e9si technol\u00f3gi\u00e1k seg\u00edtenek megel\u0151zni a baleseteket \u00e9s biztos\u00edtani a biztons\u00e1gos m\u0171k\u00f6d\u00e9st. Ezenk\u00edv\u00fcl a m\u00e9rn\u00f6k\u00f6knek \u00e1tfog\u00f3 vizsg\u00e1lati protokollokra kell \u00f6sszpontos\u00edtaniuk a hengerek biztons\u00e1g\u00e1nak \u00e9s tart\u00f3ss\u00e1g\u00e1nak \u00e9rv\u00e9nyes\u00edt\u00e9se \u00e9rdek\u00e9ben a telep\u00edt\u00e9s el\u0151tt.<\/p>\n<h3>Karbantart\u00e1s \u00e9s szervizelhet\u0151s\u00e9g<\/h3>\n<p>A g\u00e9mhenger karbantart\u00e1s\u00e1nak megk\u00f6nny\u00edt\u00e9se jelent\u0151sen meghosszabb\u00edthatja \u00e9lettartam\u00e1t \u00e9s n\u00f6velheti a m\u0171k\u00f6d\u00e9si hat\u00e9konys\u00e1got. Az olyan jellemz\u0151k, mint a k\u00f6nnyen hozz\u00e1f\u00e9rhet\u0151 szervizpontok \u00e9s a modul\u00e1ris kialak\u00edt\u00e1s, gyorsabb jav\u00edt\u00e1sokat \u00e9s cser\u00e9ket tesznek lehet\u0151v\u00e9, minimaliz\u00e1lva az \u00e1ll\u00e1sid\u0151t. Rendszeres karbantart\u00e1si protokollokat kell bevezetni annak biztos\u00edt\u00e1sa \u00e9rdek\u00e9ben, hogy a hengerek optim\u00e1lisan m\u0171k\u00f6djenek \u00e9lettartamuk alatt.<\/p>\n<p><img decoding=\"async\" src=\"https:\/\/www.hydraulic-cylinders.net\/wp-content\/uploads\/2025\/04\/songte-oil-pipes-and-spare-parts.webp\" alt=\"Hidraulikus henger alkatr\u00e9szek\"><\/p>\n<h2>T\u00f6m\u00edt\u00e9s \u00e9s ken\u00e9s<\/h2>\n<p>A hat\u00e9kony t\u00f6m\u00edt\u00e9s \u00e9s ken\u00e9s elengedhetetlen a g\u00e9mhenger teljes\u00edtm\u00e9ny\u00e9hez. K\u00fcl\u00f6nb\u00f6z\u0151 t\u00f6m\u00edt\u0151elemek, bele\u00e9rtve a dugatty\u00fat\u00f6m\u00edt\u00e9seket \u00e9s a r\u00fadt\u00f6m\u00edt\u00e9seket, sz\u00fcks\u00e9gesek a hidraulikafolyad\u00e9k sziv\u00e1rg\u00e1s\u00e1nak megakad\u00e1lyoz\u00e1s\u00e1hoz \u00e9s a rendszer hat\u00e9konys\u00e1g\u00e1nak fenntart\u00e1s\u00e1hoz. A tart\u00f3s anyagokb\u00f3l, p\u00e9ld\u00e1ul poliuret\u00e1nb\u00f3l \u00e9s nitrilgumib\u00f3l k\u00e9sz\u00fclt t\u00f6m\u00edt\u00e9sek ellen\u00e1llnak a kop\u00e1snak \u00e9s a k\u00f6rnyezeti t\u00e9nyez\u0151knek, biztos\u00edtva a hossz\u00fa \u00e9lettartamot.<\/p>\n<p>A hengertestet \u00e9s a menetes v\u00e9gfel\u00fcleteket prec\u00edz megmunk\u00e1l\u00e1son kell \u00e1tesni\u00fck a kop\u00e1s\u00e1ll\u00f3s\u00e1g \u00e9s a t\u00f6m\u00edt\u00e9si hat\u00e9konys\u00e1g n\u00f6vel\u00e9se \u00e9rdek\u00e9ben. A hidraulikaolajjal t\u00f6rt\u00e9n\u0151 rendszeres ken\u00e9s kritikus fontoss\u00e1g\u00fa, mivel ez nemcsak a s\u00farl\u00f3d\u00e1st minimaliz\u00e1lja, hanem m\u0171k\u00f6d\u00e9s k\u00f6zben h\u0171ti az alkatr\u00e9szeket is. A megfelel\u0151 ken\u00e9si gyakorlat jelent\u0151sen meghosszabb\u00edtja a g\u00e9mhenger \u00e9lettartam\u00e1t \u00e9s jav\u00edtja annak \u00e1ltal\u00e1nos teljes\u00edtm\u00e9ny\u00e9t.<\/p>\n<h2>Megel\u0151z\u0151 karbantart\u00e1si int\u00e9zked\u00e9sek<\/h2>\n<ul>\n<li><strong>Rendszeres ellen\u0151rz\u00e9sek:<\/strong> V\u00e9gezzen rendszeres ellen\u0151rz\u00e9seket a hidraulikus rendszeren sziv\u00e1rg\u00e1sok, kop\u00e1s vagy s\u00e9r\u00fcl\u00e9sek szempontj\u00e1b\u00f3l. Ez lehet\u0151v\u00e9 teszi a potenci\u00e1lis probl\u00e9m\u00e1k korai felismer\u00e9s\u00e9t, miel\u0151tt azok komolyabb\u00e1 v\u00e1ln\u00e1nak.<\/li>\n<li><strong>Megfelel\u0151 ken\u00e9s:<\/strong> Gy\u0151z\u0151dj\u00f6n meg arr\u00f3l, hogy a g\u00e9mhenger megfelel\u0151en, a gy\u00e1rt\u00f3 el\u0151\u00edr\u00e1sainak megfelel\u0151en van kenve. A rendszeres ken\u00e9s minimaliz\u00e1lja a kop\u00e1st \u00e9s meghosszabb\u00edtja a henger \u00e9lettartam\u00e1t.<\/li>\n<li><strong>T\u00f6m\u00edt\u00e9scsere:<\/strong> Figyelje a t\u00f6m\u00edt\u00e9sek \u00e1llapot\u00e1t, \u00e9s sz\u00fcks\u00e9g szerint cser\u00e9lje ki \u0151ket. A kopott t\u00f6m\u00edt\u00e9sek sziv\u00e1rg\u00e1st \u00e9s cs\u00f6kkent hidraulikus nyom\u00e1st okozhatnak, ami negat\u00edvan befoly\u00e1solhatja a teljes\u00edtm\u00e9nyt.<\/li>\n<\/ul>\n<h2>Telep\u00edt\u00e9si \u00fatmutat\u00f3<\/h2>\n<p>A g\u00e9mhenger megfelel\u0151 beszerel\u00e9se elengedhetetlen az optim\u00e1lis teljes\u00edtm\u00e9ny \u00e9s a hossz\u00fa \u00e9lettartam \u00e9rdek\u00e9ben. Kezdje azzal, hogy megbizonyosodik arr\u00f3l, hogy a r\u00f6gz\u00edt\u0151fel\u00fcletek tiszt\u00e1k \u00e9s t\u00f6rmel\u00e9kmentesek. Igaz\u00edtsa pontosan a hengert a r\u00f6gz\u00edt\u0151konzolokhoz, a megfelel\u0151 szersz\u00e1mok seg\u00edts\u00e9g\u00e9vel r\u00f6gz\u00edtve. A megfelel\u0151 r\u00f6gz\u00edt\u0151konzol haszn\u00e1lata elengedhetetlen a henger be\u00e1ll\u00edt\u00e1s\u00e1hoz \u00e9s al\u00e1t\u00e1maszt\u00e1s\u00e1hoz.<\/p>\n<p>A telep\u00edt\u00e9s sor\u00e1n kritikus fontoss\u00e1g\u00fa a gy\u00e1rt\u00f3 nyomat\u00e9kbe\u00e1ll\u00edt\u00e1sokra \u00e9s be\u00e1ll\u00edt\u00e1si elj\u00e1r\u00e1sokra vonatkoz\u00f3 el\u0151\u00edr\u00e1sainak betart\u00e1sa. A helytelen telep\u00edt\u00e9s a henger id\u0151 el\u0151tti kop\u00e1s\u00e1hoz vagy meghib\u00e1sod\u00e1s\u00e1hoz vezethet. A telep\u00edt\u00e9s befejez\u00e9se ut\u00e1n alaposan ellen\u0151rizze az esetleges be\u00e1ll\u00edt\u00e1si hib\u00e1kat, \u00e9s a g\u00e9p \u00fczemeltet\u00e9se el\u0151tt jav\u00edtsa ki azokat.<\/p>\n<h2>Gyakori karbantart\u00e1si feladatok<\/h2>\n<h3>Rendszeres ellen\u0151rz\u00e9sek<\/h3>\n<p>A g\u00e9mhenger \u00e9s a k\u00f6rnyez\u0151 hidraulikus rendszer rendszeres ellen\u0151rz\u00e9se elengedhetetlen. Ellen\u0151rizze, hogy nincsenek-e sziv\u00e1rg\u00e1sok, kop\u00e1s vagy s\u00e9r\u00fcl\u00e9sek jelei. A probl\u00e9m\u00e1k korai felismer\u00e9se megel\u0151zheti a nagyobb probl\u00e9m\u00e1kat \u00e9s a k\u00f6lts\u00e9ges jav\u00edt\u00e1sokat. A rendszeres ellen\u0151rz\u00e9seknek ki kell terjedni\u00fck a hidraulikafolyad\u00e9k szintj\u00e9nek, valamint a t\u00f6ml\u0151k \u00e9s szerelv\u00e9nyek \u00e1llapot\u00e1nak vizsg\u00e1lat\u00e1ra is.<\/p>\n<h3>Megfelel\u0151 ken\u00e9s<\/h3>\n<p>A g\u00e9mhenger megfelel\u0151 ken\u00e9se elengedhetetlen az optim\u00e1lis teljes\u00edtm\u00e9nyhez. Haszn\u00e1ljon kiv\u00e1l\u00f3 min\u0151s\u00e9g\u0171 hidraulikaolajat, \u00e9s tartsa be a gy\u00e1rt\u00f3 \u00e1ltal el\u0151\u00edrt ken\u00e9si id\u0151k\u00f6z\u00f6ket. A megfelel\u0151 ken\u00e9s cs\u00f6kkenti a s\u00farl\u00f3d\u00e1st \u00e9s a kop\u00e1st, hozz\u00e1j\u00e1rulva a henger hosszabb \u00e9lettartam\u00e1hoz.<\/p>\n<h3>T\u00f6m\u00edt\u00e9scsere \u00e9s kalibr\u00e1l\u00e1s ellen\u0151rz\u00e9se<\/h3>\n<p>Rendszeresen ellen\u0151rizze a t\u00f6m\u00edt\u00e9seket kop\u00e1s vagy s\u00e9r\u00fcl\u00e9s jelei szempontj\u00e1b\u00f3l, \u00e9s sz\u00fcks\u00e9g eset\u00e9n cser\u00e9lje ki \u0151ket. A kopott t\u00f6m\u00edt\u00e9sek hidraulikafolyad\u00e9k-sziv\u00e1rg\u00e1st okozhatnak, ami a rendszer hat\u00e9konys\u00e1g\u00e1nak cs\u00f6kken\u00e9s\u00e9hez vezethet. A kalibr\u00e1ci\u00f3s ellen\u0151rz\u00e9sek szint\u00e9n elengedhetetlenek annak biztos\u00edt\u00e1s\u00e1hoz, hogy a henger a megadott param\u00e9tereken bel\u00fcl m\u0171k\u00f6dj\u00f6n, \u00e9s optim\u00e1lis teljes\u00edtm\u00e9nyt ny\u00fajtson.<\/p>\n<p><img decoding=\"async\" src=\"https:\/\/www.hydraulic-cylinders.net\/wp-content\/uploads\/2025\/04\/songte-chushion-collar.webp\" alt=\"P\u00e1rn\u00e1z\u00f3 gall\u00e9r a g\u00e9mhengerhez\"><\/p>\n<h2>Biztons\u00e1gi szempontok \u00e9s k\u00f6rnyezeti t\u00e9nyez\u0151k<\/h2>\n<p>Hidraulikus rendszerekkel val\u00f3 foglalkoz\u00e1s sor\u00e1n a biztons\u00e1gi int\u00e9zked\u00e9sek kiemelked\u0151en fontosak. A kezel\u0151ket ki kell k\u00e9pezni a berendez\u00e9sek felel\u0151ss\u00e9gteljes kezel\u00e9s\u00e9re \u00e9s a hidraulikus m\u0171veletekkel kapcsolatos lehets\u00e9ges vesz\u00e9lyek felismer\u00e9s\u00e9re. Karbantart\u00e1s \u00e9s \u00fczemeltet\u00e9s sor\u00e1n mindig megfelel\u0151 szem\u00e9lyi v\u00e9d\u0151felszerel\u00e9st (PPE) kell haszn\u00e1lni. Ezenk\u00edv\u00fcl figyelembe kell venni a k\u00f6rnyezetv\u00e9delmi szempontokat is, p\u00e9ld\u00e1ul a hidraulikafolyad\u00e9k sziv\u00e1rg\u00e1s\u00e1nak megakad\u00e1lyoz\u00e1s\u00e1t, amely szennyezheti a talajt \u00e9s a v\u00edzforr\u00e1sokat.<\/p>\n<h2>Hibaelh\u00e1r\u00edt\u00e1s \u00e9s gyakori probl\u00e9m\u00e1k<\/h2>\n<h3>Sziv\u00e1rg\u00e1si probl\u00e9m\u00e1k<\/h3>\n<p>A sziv\u00e1rg\u00e1s az egyik leggyakoribb probl\u00e9ma a g\u00e9mhengerekkel kapcsolatban. Ellen\u0151rizze, hogy nincsenek-e l\u00e1that\u00f3 jelek a hidraulikafolyad\u00e9k felhalmoz\u00f3d\u00e1s\u00e1ra a t\u00f6m\u00edt\u00e9sek vagy szerelv\u00e9nyek k\u00f6r\u00fcl. Ha ilyet tal\u00e1l, ellen\u0151rizze a t\u00f6m\u00edt\u00e9sek kop\u00e1s\u00e1t, \u00e9s sz\u00fcks\u00e9g eset\u00e9n cser\u00e9lje ki \u0151ket. A sziv\u00e1rg\u00e1sok megel\u0151z\u00e9s\u00e9ben seg\u00edthet az \u00f6sszes szerelv\u00e9ny megfelel\u0151 megh\u00faz\u00e1sa is.<\/p>\n<h3>Cs\u00f6kkentett teljes\u00edtm\u00e9ny<\/h3>\n<p>Ha a g\u00e9mhenger teljes\u00edtm\u00e9nye cs\u00f6kken, az alacsony hidraulikafolyad\u00e9k-szintre vagy a hidraulikus rendszerben l\u00e9v\u0151 leveg\u0151re utalhat. Ellen\u0151rizze a folyad\u00e9kszintet, \u00e9s sz\u00fcks\u00e9g szerint t\u00f6ltse fel. L\u00e9gtelen\u00edtse a rendszert a bennrekedt leveg\u0151 elt\u00e1vol\u00edt\u00e1s\u00e1hoz, \u00fcgyelve a hidraulikafolyad\u00e9k hat\u00e9kony kering\u00e9s\u00e9re.<\/p>\n<h3>Szokatlan zajok<\/h3>\n<p>A m\u0171k\u00f6d\u00e9s k\u00f6zbeni szokatlan zajok a henger bels\u0151 probl\u00e9m\u00e1ira utalhatnak. Ennek oka lehet alacsony folyad\u00e9kszint, szennyez\u0151d\u00e9s vagy bels\u0151 kop\u00e1s. A megfelel\u0151 m\u0171k\u00f6d\u00e9s helyre\u00e1ll\u00edt\u00e1sa \u00e9rdek\u00e9ben alaposan ellen\u0151rizze a hengert \u00e9s a hidraulikus alkatr\u00e9szeket, \u00e9s cser\u00e9lje ki a s\u00e9r\u00fclt alkatr\u00e9szeket.<\/p>\n<p><img decoding=\"async\" src=\"https:\/\/www.hydraulic-cylinders.net\/wp-content\/uploads\/2025\/04\/songte-bushings-with-all-kinds-of-excavator-models.webp\" alt=\"Kotr\u00f3g\u00e9pek perselyei\"><\/p>\n<h2>K\u00f6vetkeztet\u00e9s<\/h2>\n<p>C\u00e9g\u00fcnk a hidraulikus hengerek vezet\u0151 gy\u00e1rt\u00f3ja, amely k\u00fcl\u00f6nf\u00e9le modellekhez k\u00e9sz\u00fclt kiv\u00e1l\u00f3 min\u0151s\u00e9g\u0171 p\u00f3talkatr\u00e9szek gy\u00e1rt\u00e1s\u00e1ra specializ\u00e1l\u00f3dott. B\u00fcszk\u00e9k vagyunk sz\u00e9les term\u00e9kk\u00edn\u00e1latunkra \u00e9s a kiv\u00e1l\u00f3s\u00e1g ir\u00e1nti elk\u00f6telezetts\u00e9g\u00fcnkre. Fejlett gy\u00e1rt\u00e1si technol\u00f3gi\u00e1k \u00e9s szigor\u00fa min\u0151s\u00e9gellen\u0151rz\u00e9si int\u00e9zked\u00e9sek alkalmaz\u00e1s\u00e1val biztos\u00edtjuk, hogy term\u00e9keink megfeleljenek a legmagasabb szabv\u00e1nyoknak. A hidraulikus rendszerek ter\u00e9n szerzett szak\u00e9rtelm\u00fcnk, a nemzetk\u00f6zi tan\u00fas\u00edtv\u00e1nyokkal \u00e9s a testreszabhat\u00f3 szolg\u00e1ltat\u00e1sokkal kombin\u00e1lva, megb\u00edzhat\u00f3 partnerr\u00e9 tesz minket az \u00fcgyfelek sz\u00e1m\u00e1ra vil\u00e1gszerte.<\/p>\n<p>A hat\u00e9kony \u00e9s prec\u00edz gy\u00e1rt\u00e1si folyamatok biztos\u00edt\u00e1s\u00e1ra \u00f6sszpontos\u00edtva folyamatosan fejlesztj\u00fck k\u00e9pess\u00e9geinket, hogy megfelelj\u00fcnk \u00fcgyfeleink sokr\u00e9t\u0171 ig\u00e9nyeinek. Ak\u00e1r standard term\u00e9kekre, ak\u00e1r egyedi megold\u00e1sokra van sz\u00fcks\u00e9ge, elk\u00f6telezett csapatunk k\u00e9szs\u00e9ggel \u00e1ll rendelkez\u00e9s\u00e9re.<\/p>\n<p><img decoding=\"async\" src=\"https:\/\/www.hydraulic-cylinders.net\/wp-content\/uploads\/2025\/04\/songte-company-4.webp\" alt=\"Hidraulikus hengergy\u00e1rt\u00f3 l\u00e9tes\u00edtm\u00e9ny\"><br \/>\n<img decoding=\"async\" src=\"https:\/\/www.hydraulic-cylinders.net\/wp-content\/uploads\/2025\/04\/songte-company-3.webp\" alt=\"Hidraulikus henger gy\u00e1rt\u00e1si folyamat\"><\/p>\n<p>Szerz\u0151: lyl<\/p>","protected":false},"excerpt":{"rendered":"<p>Boom Cylinder For Caterpillar Large Excavator E336DZGC Introduction to Boom Cylinder The Boom Cylinder is a crucial hydraulic component specifically designed for heavy machinery, such as excavators. This cylinder plays an essential role in controlling the movement of the boom, enabling it to lift, lower, and tilt. This capability is vital for various material handling [&hellip;]<\/p>","protected":false},"featured_media":17875,"comment_status":"open","ping_status":"closed","template":"","meta":{"_et_pb_use_builder":"","_et_pb_old_content":"","_et_gb_content_width":""},"product_brand":[],"product_cat":[1546],"product_tag":[1547,1496],"class_list":{"0":"post-18963","1":"product","2":"type-product","3":"status-publish","4":"has-post-thumbnail","6":"product_cat-boom-cylinders","7":"product_tag-boom-cylinders","8":"product_tag-hydraulic-cylinders","10":"first","11":"instock","12":"shipping-taxable","13":"product-type-simple"},"amp_enabled":true,"_links":{"self":[{"href":"https:\/\/www.hydraulic-cylinders.net\/hu\/wp-json\/wp\/v2\/product\/18963","targetHints":{"allow":["GET"]}}],"collection":[{"href":"https:\/\/www.hydraulic-cylinders.net\/hu\/wp-json\/wp\/v2\/product"}],"about":[{"href":"https:\/\/www.hydraulic-cylinders.net\/hu\/wp-json\/wp\/v2\/types\/product"}],"replies":[{"embeddable":true,"href":"https:\/\/www.hydraulic-cylinders.net\/hu\/wp-json\/wp\/v2\/comments?post=18963"}],"wp:featuredmedia":[{"embeddable":true,"href":"https:\/\/www.hydraulic-cylinders.net\/hu\/wp-json\/wp\/v2\/media\/17875"}],"wp:attachment":[{"href":"https:\/\/www.hydraulic-cylinders.net\/hu\/wp-json\/wp\/v2\/media?parent=18963"}],"wp:term":[{"taxonomy":"product_brand","embeddable":true,"href":"https:\/\/www.hydraulic-cylinders.net\/hu\/wp-json\/wp\/v2\/product_brand?post=18963"},{"taxonomy":"product_cat","embeddable":true,"href":"https:\/\/www.hydraulic-cylinders.net\/hu\/wp-json\/wp\/v2\/product_cat?post=18963"},{"taxonomy":"product_tag","embeddable":true,"href":"https:\/\/www.hydraulic-cylinders.net\/hu\/wp-json\/wp\/v2\/product_tag?post=18963"}],"curies":[{"name":"munkaf\u00fczet","href":"https:\/\/api.w.org\/{rel}","templated":true}]}}