{"id":18965,"date":"2025-04-07T06:04:34","date_gmt":"2025-04-07T06:04:34","guid":{"rendered":"https:\/\/www.hydraulic-cylinders.net\/product\/boom-cylinder-for-caterpillar-large-excavator-e328dlc\/"},"modified":"2025-04-07T06:04:37","modified_gmt":"2025-04-07T06:04:37","slug":"boom-cylinder-for-caterpillar-large-excavator-e328dlc","status":"publish","type":"product","link":"https:\/\/www.hydraulic-cylinders.net\/hu\/termek\/boom-cylinder-for-caterpillar-large-excavator-e328dlc\/","title":{"rendered":"G\u00e9mhenger Caterpillar nagym\u00e9ret\u0171 kotr\u00f3g\u00e9phez E328DLC"},"content":{"rendered":"<h1>G\u00e9mhenger Caterpillar nagym\u00e9ret\u0171 kotr\u00f3g\u00e9phez E328DLC<\/h1>\n<h2>Bevezet\u00e9s a g\u00e9mhengerbe<\/h2>\n<p>A g\u00e9mhenger a hidraulikus rendszerek alapvet\u0151 eleme, k\u00fcl\u00f6n\u00f6sen a nagym\u00e9ret\u0171 kotr\u00f3g\u00e9pekben, mint p\u00e9ld\u00e1ul a Caterpillar E328DLC. Ez a hidraulikus henger kifejezetten a g\u00e9m mozg\u00e1s\u00e1nak vez\u00e9rl\u00e9s\u00e9re szolg\u00e1l, lehet\u0151v\u00e9 t\u00e9ve a kotr\u00f3g\u00e9p karj\u00e1nak emel\u00e9s\u00e9t, s\u00fcllyeszt\u00e9s\u00e9t \u00e9s billent\u00e9s\u00e9t. A g\u00e9mhenger hat\u00e9kony m\u0171k\u00f6d\u00e9se kulcsfontoss\u00e1g\u00fa a k\u00fcl\u00f6nf\u00e9le anyagmozgat\u00e1si feladatok v\u00e9grehajt\u00e1s\u00e1hoz, \u00edgy a neh\u00e9zg\u00e9pek n\u00e9lk\u00fcl\u00f6zhetetlen r\u00e9sz\u00e9v\u00e9 v\u00e1lik.<\/p>\n<p><img decoding=\"async\" src=\"https:\/\/www.hydraulic-cylinders.net\/wp-content\/uploads\/2025\/04\/songte-company-1.webp\" alt=\"G\u00e9mhenger k\u00e9pe\" \/><\/p>\n<h3>A g\u00e9mhenger \u00e1ttekint\u00e9se a hidraulikus rendszerekben<\/h3>\n<p>A hidraulikus rendszerekben a g\u00e9mhenger er\u0151szorz\u00f3k\u00e9nt m\u0171k\u00f6dik, a hidraulikafolyad\u00e9k nyom\u00e1s\u00e1t felhaszn\u00e1lva line\u00e1ris mozg\u00e1st hoz l\u00e9tre. Ez lehet\u0151v\u00e9 teszi a kotr\u00f3g\u00e9p sz\u00e1m\u00e1ra olyan feladatok elv\u00e9gz\u00e9s\u00e9t, mint az \u00e1s\u00e1s, neh\u00e9z terhek emel\u00e9se \u00e9s a prec\u00edz man\u0151verez\u00e9s. A hidraulikafolyad\u00e9k nyom\u00e1sa megk\u00f6nny\u00edti \u00e9s hat\u00e9kony m\u0171k\u00f6d\u00e9st tesz lehet\u0151v\u00e9, ami elengedhetetlen a nagy ig\u00e9nybev\u00e9tel\u0171 alkalmaz\u00e1sokhoz. A tart\u00f3ss\u00e1gra \u00e9s megb\u00edzhat\u00f3s\u00e1gra tervezett g\u00e9mhenger lehet\u0151v\u00e9 teszi a kezel\u0151k sz\u00e1m\u00e1ra, hogy k\u00f6nnyed\u00e9n elv\u00e9gezz\u00e9k az \u00f6sszetett feladatokat, \u00edgy kritikus fontoss\u00e1g\u00fa alkatr\u00e9sz az \u00e9p\u00edt\u0151iparban \u00e9s a b\u00e1ny\u00e1szati \u200b\u200biparban.<\/p>\n<h2>A g\u00e9mhenger jellemz\u0151i<\/h2>\n<ul>\n<li><strong>Nagy szil\u00e1rds\u00e1g \u00e9s tart\u00f3ss\u00e1g:<\/strong> A nagy szil\u00e1rds\u00e1g\u00fa ac\u00e9lb\u00f3l vagy alum\u00edniumb\u00f3l k\u00e9sz\u00fclt g\u00e9mhenger k\u00e9pes ellen\u00e1llni a nagy nyom\u00e1snak \u00e9s a neh\u00e9z terhel\u00e9seknek. Tervez\u00e9se sor\u00e1n figyelembe vett\u00e9k a kop\u00e1s\u00e1ll\u00f3s\u00e1got \u00e9s a korr\u00f3zi\u00f3v\u00e9delmet, \u00edgy biztos\u00edtva a hossz\u00fa \u00e9lettartamot zord munkak\u00f6r\u00fclm\u00e9nyek k\u00f6z\u00f6tt.<\/li>\n<li><strong>Hat\u00e9kony hidraulikus m\u0171k\u00f6dtet\u00e9s:<\/strong> A hidraulikus folyad\u00e9knyom\u00e1st kihaszn\u00e1lva ez a henger sima kiny\u00fal\u00e1st \u00e9s visszah\u00faz\u00e1st biztos\u00edt, er\u0151teljes nyom\u00f3- \u00e9s h\u00faz\u00f3er\u0151ket biztos\u00edtva. K\u00fcl\u00f6n\u00f6sen hat\u00e9kony neh\u00e9z t\u00e1rgyak kezel\u00e9s\u00e9n\u00e9l \u00e9s \u00f6sszetett m\u0171k\u00f6d\u00e9si feladatokn\u00e1l.<\/li>\n<li><strong>K\u00fcl\u00f6nb\u00f6z\u0151 t\u00edpusok:<\/strong> Az egyszeres m\u0171k\u00f6d\u00e9s\u0171 (egy ir\u00e1nyban m\u0171k\u00f6d\u0151) vagy kett\u0151s m\u0171k\u00f6d\u00e9s\u0171 (mindk\u00e9t ir\u00e1nyban m\u0171k\u00f6d\u0151) konfigur\u00e1ci\u00f3ban kaphat\u00f3 g\u00e9mhenger a k\u00fcl\u00f6nf\u00e9le m\u0171k\u00f6d\u00e9si ig\u00e9nyekhez igaz\u00edthat\u00f3. Bizonyos modellek teleszk\u00f3pos kialak\u00edt\u00e1s\u00faak, amelyek nagyobb kiny\u00fal\u00e1st tesznek lehet\u0151v\u00e9 a k\u00fcls\u0151 m\u00e9retek n\u00f6vel\u00e9se n\u00e9lk\u00fcl, \u00edgy ide\u00e1lisak a helysz\u0171k\u00e9ben l\u00e9v\u0151 alkalmaz\u00e1sokhoz.<\/li>\n<\/ul>\n<h3>Gy\u00e1rt\u00e1si k\u00e9pess\u00e9geink<\/h3>\n<p>Kiv\u00e1l\u00f3 min\u0151s\u00e9g\u0171 g\u00e9mhengerek gy\u00e1rt\u00e1s\u00e1ra specializ\u00e1l\u00f3dtunk, amelyek t\u00f6k\u00e9letesen helyettes\u00edtik a megl\u00e9v\u0151 hidraulikus hengereket k\u00fcl\u00f6nf\u00e9le alkalmaz\u00e1sokban.<\/p>\n<p><img decoding=\"async\" src=\"https:\/\/www.hydraulic-cylinders.net\/wp-content\/uploads\/2025\/04\/songte-cylinder-head-with-all-kinds-excavator-models.webp\" alt=\"Hengerfej kotr\u00f3g\u00e9pekhez\" \/><\/p>\n<h2>A g\u00e9mhenger alkalmaz\u00e1sai<\/h2>\n<h3>\u00c9p\u00edt\u0151ipari berendez\u00e9sek<\/h3>\n<p>A kotr\u00f3g\u00e9pekben a g\u00e9mhengerek l\u00e9tfontoss\u00e1g\u00faak az \u00e1s\u00e1shoz, a rakod\u00e1shoz \u00e9s a talaj vagy t\u00f6rmel\u00e9k mozgat\u00e1s\u00e1hoz. Az \u00e1s\u00e1si \u00e9s emel\u00e9si m\u0171veletek megk\u00f6nny\u00edt\u00e9s\u00e9re val\u00f3 k\u00e9pess\u00e9g\u00fck n\u00e9lk\u00fcl\u00f6zhetetlenn\u00e9 teszi \u0151ket azokn\u00e1l az \u00e9p\u00edt\u00e9si projektekn\u00e9l, ahol a hat\u00e9konys\u00e1g \u00e9s a pontoss\u00e1g kiemelked\u0151 fontoss\u00e1g\u00fa.<\/p>\n<h3>Mez\u0151gazdas\u00e1gi g\u00e9pek<\/h3>\n<p>A homlokrakod\u00f3kban haszn\u00e1lt g\u00e9mhengerek elengedhetetlenek a f\u00f6ld, sz\u00e9na \u00e9s egy\u00e9b anyagok \u00e1s\u00e1s\u00e1hoz, emel\u00e9s\u00e9hez \u00e9s sz\u00e1ll\u00edt\u00e1s\u00e1hoz. Ezeknek a hengereknek a sokoldal\u00fas\u00e1ga lehet\u0151v\u00e9 teszi a gazd\u00e1lkod\u00f3k sz\u00e1m\u00e1ra, hogy hat\u00e9konyan kezelj\u00e9k a k\u00fcl\u00f6nf\u00e9le feladatokat, n\u00f6velve a mez\u0151gazdas\u00e1gi m\u0171veletek termel\u00e9kenys\u00e9g\u00e9t.<\/p>\n<h3>Kotr\u00f3g\u00e9pek<\/h3>\n<p>A g\u00e9mhengerek lehet\u0151v\u00e9 teszik a kotr\u00f3g\u00e9pek hat\u00e9kony talajba hatol\u00e1s\u00e1t, lehet\u0151v\u00e9 t\u00e9ve a hat\u00e9kony \u00e1s\u00e1si m\u0171veleteket. Kialak\u00edt\u00e1suk biztos\u00edtja a maxim\u00e1lis er\u0151kifejt\u00e9st, \u00edgy alkalmasak k\u00fcl\u00f6nf\u00e9le talajt\u00edpusokhoz \u00e9s k\u00f6r\u00fclm\u00e9nyekhez.<\/p>\n<h3>Rakod\u00f3k<\/h3>\n<p>A homlokrakod\u00f3kban a g\u00e9mhengerek hat\u00e9konyan seg\u00edtik a rakom\u00e1nyok emel\u00e9s\u00e9t \u00e9s \u00fcr\u00edt\u00e9s\u00e9t. Megb\u00edzhat\u00f3 teljes\u00edtm\u00e9ny\u00fck gyors \u00e1tfut\u00e1si id\u0151t biztos\u00edt a be- \u00e9s kirakod\u00e1si feladatok sor\u00e1n, ami kulcsfontoss\u00e1g\u00fa a forgalmas munkak\u00f6rnyezetben.<\/p>\n<h2>Tervez\u00e9si szempontok \u00e9s kiv\u00e1laszt\u00e1si krit\u00e9riumok<\/h2>\n<h3>Teherb\u00edr\u00e1s<\/h3>\n<p>A g\u00e9mhenger kiv\u00e1laszt\u00e1sakor a teherb\u00edr\u00e1s kulcsfontoss\u00e1g\u00fa. Ez hat\u00e1rozza meg, hogy a henger mekkora s\u00falyt k\u00e9pes hat\u00e9konyan kezelni m\u0171k\u00f6d\u00e9s k\u00f6zben. A kialak\u00edt\u00e1snak el kell viselnie az adott alkalmaz\u00e1sokban el\u0151fordul\u00f3 maxim\u00e1lis potenci\u00e1lis terhel\u00e9seket, biztos\u00edtva a biztons\u00e1got \u00e9s a hat\u00e9konys\u00e1got.<\/p>\n<h3>T\u00f6m\u00edt\u00e9si teljes\u00edtm\u00e9ny<\/h3>\n<p>A hat\u00e9kony t\u00f6m\u00edt\u00e9s elengedhetetlen a hidraulikafolyad\u00e9k sziv\u00e1rg\u00e1s\u00e1nak megakad\u00e1lyoz\u00e1s\u00e1hoz, amely vesz\u00e9lyeztetheti a rendszer hat\u00e9konys\u00e1g\u00e1t \u00e9s biztons\u00e1g\u00e1t. Kiv\u00e1l\u00f3 min\u0151s\u00e9g\u0171 t\u00f6m\u00edt\u00e9seket kell haszn\u00e1lni a nyom\u00e1s \u00e9s a funkcionalit\u00e1s hossz\u00fa t\u00e1v\u00fa fenntart\u00e1s\u00e1hoz, m\u00e9g neh\u00e9z k\u00f6r\u00fclm\u00e9nyek k\u00f6z\u00f6tt is.<\/p>\n<h3>Tart\u00f3ss\u00e1g<\/h3>\n<p>A tart\u00f3ss\u00e1g jelent\u0151s szempont a g\u00e9mhengerek tervez\u00e9s\u00e9n\u00e9l. Ellen kell \u00e1llniuk a kop\u00e1snak \u00e9s a szakad\u00e1snak a zord k\u00f6rnyezetben val\u00f3 folyamatos haszn\u00e1lat sor\u00e1n. Az \u00e9p\u00edt\u00e9s sor\u00e1n haszn\u00e1lt anyagok \u00e9s bevonatok kritikus szerepet j\u00e1tszanak a hossz\u00fa \u00e9lettartam \u00e9s a megb\u00edzhat\u00f3s\u00e1g n\u00f6vel\u00e9s\u00e9ben.<\/p>\n<h2>A g\u00e9mhenger t\u00f6m\u00edt\u00e9se \u00e9s ken\u00e9se<\/h2>\n<p>A megfelel\u0151 t\u00f6m\u00edt\u00e9s \u00e9s ken\u00e9s elengedhetetlen a g\u00e9mhengerek m\u0171k\u00f6d\u0151k\u00e9pess\u00e9g\u00e9nek fenntart\u00e1s\u00e1hoz. K\u00fcl\u00f6nb\u00f6z\u0151 t\u00f6m\u00edt\u00e9st\u00edpusokat, p\u00e9ld\u00e1ul dugatty\u00fat\u00f6m\u00edt\u00e9seket \u00e9s r\u00fadt\u00f6m\u00edt\u00e9seket alkalmaznak a szoros z\u00e1r\u00e1s biztos\u00edt\u00e1s\u00e1ra \u00e9s a sziv\u00e1rg\u00e1sok megel\u0151z\u00e9s\u00e9re. A tart\u00f3s anyagokb\u00f3l, p\u00e9ld\u00e1ul poliuret\u00e1nb\u00f3l \u00e9s nitrilgumib\u00f3l k\u00e9sz\u00fclt t\u00f6m\u00edt\u00e9sek ellen\u00e1llnak a kop\u00e1snak \u00e9s a k\u00f6rnyezeti t\u00e9nyez\u0151knek.<\/p>\n<p>A hengertest \u00e9s a menetes fel\u00fcletek finom megmunk\u00e1l\u00e1son esnek \u00e1t a kop\u00e1s\u00e1ll\u00f3s\u00e1g n\u00f6vel\u00e9se \u00e9rdek\u00e9ben, m\u00edg a rendszeres hidraulikaolajjal val\u00f3 ken\u00e9s elengedhetetlen a z\u00f6kken\u0151mentes m\u0171k\u00f6d\u00e9shez. Rendszeres ellen\u0151rz\u00e9sekre van sz\u00fcks\u00e9g annak biztos\u00edt\u00e1s\u00e1ra, hogy a t\u00f6m\u00edt\u00e9sek \u00e9pek \u00e9s megfelel\u0151en m\u0171k\u00f6djenek.<\/p>\n<h2>Megel\u0151z\u0151 karbantart\u00e1si int\u00e9zked\u00e9sek<\/h2>\n<ul>\n<li><strong>Rendszeres ellen\u0151rz\u00e9sek:<\/strong> V\u00e9gezzen rendszeres ellen\u0151rz\u00e9seket a kop\u00e1s vagy s\u00e9r\u00fcl\u00e9sek azonos\u00edt\u00e1sa \u00e9rdek\u00e9ben, miel\u0151tt azok jelent\u0151s probl\u00e9m\u00e1kk\u00e1 fajuln\u00e1nak.<\/li>\n<li><strong>Megfelel\u0151 ken\u00e9s:<\/strong> Gy\u0151z\u0151dj\u00f6n meg arr\u00f3l, hogy a henger megfelel\u0151en van kenve hidraulikaolajjal a z\u00f6kken\u0151mentes m\u0171k\u00f6d\u00e9s biztos\u00edt\u00e1sa \u00e9s a kop\u00e1s megel\u0151z\u00e9se \u00e9rdek\u00e9ben.<\/li>\n<li><strong>T\u00f6m\u00edt\u00e9scsere:<\/strong> A nyom\u00e1s \u00e9s a teljes\u00edtm\u00e9ny fenntart\u00e1sa \u00e9rdek\u00e9ben rendszeresen ellen\u0151rizze \u00e9s cser\u00e9lje ki a t\u00f6m\u00edt\u00e9seket.<\/li>\n<\/ul>\n<h2>A g\u00e9mhenger telep\u00edt\u00e9si \u00fatmutat\u00f3ja<\/h2>\n<p>A megfelel\u0151 telep\u00edt\u00e9s elengedhetetlen a g\u00e9mhenger m\u0171k\u00f6d\u00e9s\u00e9hez. Kezdje azzal, hogy megbizonyosodik arr\u00f3l, hogy a r\u00f6gz\u00edt\u0151fel\u00fcletek tiszt\u00e1k \u00e9s t\u00f6rmel\u00e9kmentesek. Igaz\u00edtsa pontosan a hengert a r\u00f6gz\u00edt\u0151konzolokhoz, \u00e9s r\u00f6gz\u00edtse megfelel\u0151 r\u00f6gz\u00edt\u0151elemekkel. A csavarokat a gy\u00e1rt\u00f3 el\u0151\u00edr\u00e1sainak megfelel\u0151en h\u00fazza meg, hogy elker\u00fclje a henger esetleges eltol\u00f3d\u00e1s\u00e1t vagy t\u00falzott terhel\u00e9s\u00e9t. V\u00e9g\u00fcl csatlakoztassa a hidraulikavezet\u00e9keket, \u00e9s a m\u0171k\u00f6dtet\u00e9s el\u0151tt gy\u0151z\u0151dj\u00f6n meg arr\u00f3l, hogy nincs sziv\u00e1rg\u00e1s.<\/p>\n<h2>Gyakori karbantart\u00e1si feladatok<\/h2>\n<ul>\n<li><strong>Rendszeres ellen\u0151rz\u00e9sek:<\/strong> Rendszeresen ellen\u0151riztesse a henger \u00e1llapot\u00e1t, \u00e9s keressen kop\u00e1s vagy folyad\u00e9ksziv\u00e1rg\u00e1s jeleit.<\/li>\n<li><strong>Megfelel\u0151 ken\u00e9s:<\/strong> A hengert rendszeresen kenje, hogy meg\u0151rizze m\u0171k\u00f6d\u0151k\u00e9pess\u00e9g\u00e9t, megel\u0151zve a s\u00farl\u00f3d\u00e1st \u00e9s a kop\u00e1st.<\/li>\n<li><strong>T\u00f6m\u00edt\u00e9s csere \u00e9s kalibr\u00e1l\u00e1s:<\/strong> Figyelje a t\u00f6m\u00edt\u00e9sek kop\u00e1s\u00e1t, \u00e9s sz\u00fcks\u00e9g szerint cser\u00e9lje ki \u0151ket, \u00fcgyelve arra, hogy a rendszer nyom\u00e1s alatt maradjon \u00e9s m\u0171k\u00f6d\u0151k\u00e9pes maradjon.<\/li>\n<\/ul>\n<h2>Biztons\u00e1gi szempontok \u00e9s k\u00f6rnyezeti t\u00e9nyez\u0151k<\/h2>\n<p>A g\u00e9mhengerek haszn\u00e1latakor a biztons\u00e1gi protokollok betart\u00e1sa kiemelked\u0151 fontoss\u00e1g\u00fa. A kezel\u0151ket ki kell k\u00e9pezni a biztons\u00e1gos kezel\u00e9si gyakorlatokra, \u00e9s meg kell \u00e9rteni\u00fck a hidraulikus rendszerek lehets\u00e9ges vesz\u00e9lyeit. A megfelel\u0151 karbantart\u00e1s \u00e9s ellen\u0151rz\u00e9sek a k\u00f6rnyezetv\u00e9delemhez is hozz\u00e1j\u00e1rulnak az\u00e1ltal, hogy minimaliz\u00e1lj\u00e1k az \u00f6kosziszt\u00e9m\u00e1t k\u00e1ros\u00edt\u00f3 sziv\u00e1rg\u00e1sokat \u00e9s ki\u00f6ml\u00e9seket.<\/p>\n<h2>Hibaelh\u00e1r\u00edt\u00e1s \u00e9s gyakori probl\u00e9m\u00e1k<\/h2>\n<ul>\n<li><strong>Hidraulikafolyad\u00e9k-sziv\u00e1rg\u00e1sok:<\/strong> Vizsg\u00e1lja meg a t\u00f6m\u00edt\u00e9seket \u00e9s a csatlakoz\u00e1sokat, ha folyad\u00e9ksziv\u00e1rg\u00e1sra utal\u00f3 jeleket \u00e9szlel, mivel ez kopott t\u00f6m\u00edt\u00e9sekre vagy nem megfelel\u0151 csatlakoz\u00e1sokra utalhat.<\/li>\n<li><strong>Inkonzisztens hengermozg\u00e1s:<\/strong> Ellen\u0151rizze a hidraulikavezet\u00e9kekben l\u00e9v\u0151 elt\u00f6m\u0151d\u00e9seket vagy az alacsony folyad\u00e9kszinteket, amelyek befoly\u00e1solhatj\u00e1k a henger teljes\u00edtm\u00e9ny\u00e9t.<\/li>\n<li><strong>Szokatlan zajok:<\/strong> Ha a henger m\u0171k\u00f6d\u00e9s k\u00f6zben szokatlan hangokat ad ki, az bels\u0151 s\u00e9r\u00fcl\u00e9sre vagy el\u00e9gtelen ken\u00e9sre utalhat.<\/li>\n<\/ul>\n<h2>Tippek a hat\u00e9kony hibakeres\u00e9shez<\/h2>\n<p>A g\u00e9mhengerrel kapcsolatos probl\u00e9m\u00e1k hat\u00e9kony diagnosztiz\u00e1l\u00e1sa \u00e9s megold\u00e1sa \u00e9rdek\u00e9ben a kezel\u0151knek szisztematikus megk\u00f6zel\u00edt\u00e9st kell k\u00f6vetni\u00fck. A rendszer teljes\u00edtm\u00e9ny\u00e9nek rendszeres ellen\u0151rz\u00e9se seg\u00edthet a potenci\u00e1lis probl\u00e9m\u00e1k korai azonos\u00edt\u00e1s\u00e1ban. A megel\u0151z\u0151 int\u00e9zked\u00e9sek, p\u00e9ld\u00e1ul a rendszeres karbantart\u00e1s \u00e9s a megfelel\u0151 ken\u00e9s bevezet\u00e9se minimaliz\u00e1lja a jelent\u0151s probl\u00e9m\u00e1k felmer\u00fcl\u00e9s\u00e9nek val\u00f3sz\u00edn\u0171s\u00e9g\u00e9t. A karbantart\u00e1si tev\u00e9kenys\u00e9gek \u00e9s t\u00fcnetek napl\u00f3z\u00e1sa seg\u00edthet a hibaelh\u00e1r\u00edt\u00e1sban, biztos\u00edtva a berendez\u00e9s hat\u00e9kony m\u0171k\u00f6d\u00e9s\u00e9t \u00e9s hossz\u00fa \u00e9lettartam\u00e1t.<\/p>\n<p><img decoding=\"async\" src=\"https:\/\/www.hydraulic-cylinders.net\/wp-content\/uploads\/2025\/04\/songte-bushings-with-all-kinds-of-excavator-models.webp\" alt=\"Perselyek kotr\u00f3g\u00e9p modellekhez\" \/><\/p>\n<h2>C\u00e9g\u00fcnkr\u0151l<\/h2>\n<p>Vezet\u0151 gy\u00e1rt\u00f3i vagyunk a p\u00f3talkatr\u00e9szk\u00e9nt szolg\u00e1l\u00f3 hidraulikus hengereknek, \u00e1tfog\u00f3 term\u00e9kv\u00e1laszt\u00e9kot k\u00edn\u00e1lva mind a hazai, mind a nemzetk\u00f6zi piacok sz\u00e1m\u00e1ra. Elk\u00f6telezetts\u00e9g\u00fcnket a kiv\u00e1l\u00f3s\u00e1g ir\u00e1nt kifinomult gy\u00e1rt\u00e1si folyamataink, k\u00e9pzett munkaer\u0151nk \u00e9s fejlett termel\u00e9sir\u00e1ny\u00edt\u00e1si strat\u00e9gi\u00e1ink bizony\u00edtj\u00e1k. A legmodernebb technol\u00f3gi\u00e1t \u00e9s szigor\u00fa min\u0151s\u00e9gellen\u0151rz\u00e9si rendszereket alkalmazzuk termel\u00e9si k\u00e9pess\u00e9geink n\u00f6vel\u00e9se \u00e9rdek\u00e9ben, biztos\u00edtva, hogy pontosan \u00e9s hat\u00e9konyan el\u00e9g\u00edts\u00fck ki \u00fcgyfeleink v\u00e1ltozatos ig\u00e9nyeit.<\/p>\n<h3>Szakter\u00fclet \u00e9s min\u0151s\u00edt\u00e9s<\/h3>\n<p>C\u00e9g\u00fcnk b\u00fcszke arra, hogy \u00fcgyfeleink egyedi ig\u00e9nyeihez igaz\u00edtott, szem\u00e9lyre szabott szolg\u00e1ltat\u00e1sokat k\u00edn\u00e1l. Sz\u00e1mos nemzetk\u00f6zi tan\u00fas\u00edtv\u00e1nnyal rendelkez\u00fcnk, amelyek meger\u0151s\u00edtik elk\u00f6telezetts\u00e9g\u00fcnket term\u00e9keink min\u0151s\u00e9ge \u00e9s megb\u00edzhat\u00f3s\u00e1ga ir\u00e1nt.<\/p>\n<h3>Termel\u00e9si berendez\u00e9sek \u00e9s \u00e9rt\u00e9kes\u00edt\u00e9s ut\u00e1ni szolg\u00e1ltat\u00e1s<\/h3>\n<p>A legmodernebb gy\u00e1rt\u00e1stechnol\u00f3gi\u00e1val felszerelve, kiv\u00e1l\u00f3 min\u0151s\u00e9g\u0171 hidraulikus hengereket tudunk gy\u00e1rtani versenyk\u00e9pes \u00e1ron. Elk\u00f6telezett \u00e9rt\u00e9kes\u00edt\u00e9s ut\u00e1ni szolg\u00e1ltat\u00e1sunk biztos\u00edtja, hogy \u00fcgyfeleink folyamatos t\u00e1mogat\u00e1st \u00e9s \u00fatmutat\u00e1st kapjanak term\u00e9keik teljes \u00e9letciklusa alatt.<\/p>\n<p><img decoding=\"async\" src=\"https:\/\/www.hydraulic-cylinders.net\/wp-content\/uploads\/2025\/04\/songte-company-4.webp\" alt=\"C\u00e9g Termel\u00e9si L\u00e9tes\u00edtm\u00e9ny\" \/><br \/>\n<img decoding=\"async\" src=\"https:\/\/www.hydraulic-cylinders.net\/wp-content\/uploads\/2025\/04\/songte-company-3.webp\" alt=\"V\u00e1llalati tan\u00fas\u00edt\u00e1s \u00e9s min\u0151s\u00e9g\" \/><\/p>\n<p>Szerz\u0151: lyl<\/p>","protected":false},"excerpt":{"rendered":"<p>Boom Cylinder For Caterpillar Large Excavator E328DLC Introduction to Boom Cylinder The boom cylinder is an essential component of hydraulic systems, particularly in large excavators like the Caterpillar E328DLC. This hydraulic cylinder is specifically designed to control the movement of the boom, allowing for the lifting, lowering, and tilting of the excavator&#8217;s arm. The efficient [&hellip;]<\/p>","protected":false},"featured_media":17877,"comment_status":"open","ping_status":"closed","template":"","meta":{"_et_pb_use_builder":"","_et_pb_old_content":"","_et_gb_content_width":""},"product_brand":[],"product_cat":[1546],"product_tag":[1547,1496],"class_list":{"0":"post-18965","1":"product","2":"type-product","3":"status-publish","4":"has-post-thumbnail","6":"product_cat-boom-cylinders","7":"product_tag-boom-cylinders","8":"product_tag-hydraulic-cylinders","10":"first","11":"instock","12":"shipping-taxable","13":"product-type-simple"},"amp_enabled":true,"_links":{"self":[{"href":"https:\/\/www.hydraulic-cylinders.net\/hu\/wp-json\/wp\/v2\/product\/18965","targetHints":{"allow":["GET"]}}],"collection":[{"href":"https:\/\/www.hydraulic-cylinders.net\/hu\/wp-json\/wp\/v2\/product"}],"about":[{"href":"https:\/\/www.hydraulic-cylinders.net\/hu\/wp-json\/wp\/v2\/types\/product"}],"replies":[{"embeddable":true,"href":"https:\/\/www.hydraulic-cylinders.net\/hu\/wp-json\/wp\/v2\/comments?post=18965"}],"wp:featuredmedia":[{"embeddable":true,"href":"https:\/\/www.hydraulic-cylinders.net\/hu\/wp-json\/wp\/v2\/media\/17877"}],"wp:attachment":[{"href":"https:\/\/www.hydraulic-cylinders.net\/hu\/wp-json\/wp\/v2\/media?parent=18965"}],"wp:term":[{"taxonomy":"product_brand","embeddable":true,"href":"https:\/\/www.hydraulic-cylinders.net\/hu\/wp-json\/wp\/v2\/product_brand?post=18965"},{"taxonomy":"product_cat","embeddable":true,"href":"https:\/\/www.hydraulic-cylinders.net\/hu\/wp-json\/wp\/v2\/product_cat?post=18965"},{"taxonomy":"product_tag","embeddable":true,"href":"https:\/\/www.hydraulic-cylinders.net\/hu\/wp-json\/wp\/v2\/product_tag?post=18965"}],"curies":[{"name":"munkaf\u00fczet","href":"https:\/\/api.w.org\/{rel}","templated":true}]}}