{"id":18967,"date":"2025-04-07T06:04:39","date_gmt":"2025-04-07T06:04:39","guid":{"rendered":"https:\/\/www.hydraulic-cylinders.net\/product\/boom-cylinder-for-caterpillar-large-excavator-e336dl\/"},"modified":"2025-04-07T06:04:41","modified_gmt":"2025-04-07T06:04:41","slug":"boom-cylinder-for-caterpillar-large-excavator-e336dl","status":"publish","type":"product","link":"https:\/\/www.hydraulic-cylinders.net\/hu\/termek\/boom-cylinder-for-caterpillar-large-excavator-e336dl\/","title":{"rendered":"G\u00e9mhenger Caterpillar nagym\u00e9ret\u0171 kotr\u00f3g\u00e9phez E336DL"},"content":{"rendered":"<h1>G\u00e9mhenger Caterpillar nagym\u00e9ret\u0171 kotr\u00f3g\u00e9phez E336DL<\/h1>\n<h2>A g\u00e9mhenger megismer\u00e9se<\/h2>\n<p>A g\u00e9mhenger l\u00e9tfontoss\u00e1g\u00fa eleme a neh\u00e9zg\u00e9pek hidraulikus rendszer\u00e9nek, k\u00fcl\u00f6n\u00f6sen a Caterpillar E336DL-hez hasonl\u00f3 kotr\u00f3g\u00e9peknek. Ez a hidraulikus henger kifejezetten a g\u00e9m mozg\u00e1s\u00e1nak vez\u00e9rl\u00e9s\u00e9re szolg\u00e1l, amely a kan\u00e1l emel\u00e9s\u00e9\u00e9rt, s\u00fcllyeszt\u00e9s\u00e9\u00e9rt \u00e9s billent\u00e9s\u00e9\u00e9rt felel\u0151s. Hat\u00e9kony anyagmozgat\u00e1si feladatokat tesz lehet\u0151v\u00e9 az \u00e9p\u00edt\u0151iparban \u00e9s m\u00e1s ipari alkalmaz\u00e1sokban. A g\u00e9mhenger m\u0171k\u00f6d\u00e9se els\u0151sorban hidraulikus elveken alapul, ahol nyom\u00e1s alatti folyad\u00e9kot haszn\u00e1lnak a mozg\u00e1s l\u00e9trehoz\u00e1s\u00e1hoz. Ez nemcsak a berendez\u00e9s hat\u00e9konys\u00e1g\u00e1t n\u00f6veli, hanem a m\u0171k\u00f6d\u00e9s sor\u00e1n sima \u00e9s pontos vez\u00e9rl\u00e9st is biztos\u00edt.<\/p>\n<p><img decoding=\"async\" src=\"https:\/\/www.hydraulic-cylinders.net\/wp-content\/uploads\/2025\/04\/songte-company-1.webp\" alt=\"G\u00e9mhenger k\u00e9pe\"><\/p>\n<h3>A g\u00e9mhenger f\u0151bb jellemz\u0151i<\/h3>\n<ul>\n<li><strong>Nagy szil\u00e1rds\u00e1g \u00e9s tart\u00f3ss\u00e1g:<\/strong> A nagy szil\u00e1rds\u00e1g\u00fa ac\u00e9lb\u00f3l vagy alum\u00edniumb\u00f3l k\u00e9sz\u00fclt g\u00e9mhenger nagy nyom\u00e1st \u00e9s nagy terhel\u00e9st b\u00edr ki, \u00edgy alkalmass\u00e1 teszi a zord munkak\u00f6rnyezetre.<\/li>\n<li><strong>Hat\u00e9kony hidraulikus m\u0171k\u00f6dtet\u00e9s:<\/strong> Hidraulikaolaj-nyom\u00e1st haszn\u00e1l a sima kiny\u00fajt\u00e1shoz \u00e9s visszah\u00faz\u00e1shoz, gyorsan reag\u00e1l a m\u0171k\u00f6d\u00e9si parancsokra, \u00e9s jelent\u0151s tol\u00f3- \u00e9s h\u00faz\u00f3er\u0151t biztos\u00edt.<\/li>\n<li><strong>K\u00fcl\u00f6nb\u00f6z\u0151 t\u00edpusok:<\/strong> A g\u00e9mhengerek egyszeres \u00e9s kett\u0151s m\u0171k\u00f6d\u00e9s\u0171 v\u00e1ltozatokban kaphat\u00f3k, hogy kiel\u00e9g\u00edts\u00e9k a k\u00fcl\u00f6nb\u00f6z\u0151 m\u0171k\u00f6d\u00e9si ig\u00e9nyeket, egyes modellek teleszk\u00f3pos kialak\u00edt\u00e1ssal rendelkeznek a nagyobb kiny\u00fal\u00e1s \u00e9rdek\u00e9ben a k\u00fcls\u0151 m\u00e9ret n\u00f6vel\u00e9se n\u00e9lk\u00fcl.<\/li>\n<li><strong>Korr\u00f3zi\u00f3\u00e1ll\u00f3s\u00e1g:<\/strong> Sok g\u00e9mhengert \u00fagy terveztek, hogy ellen\u00e1lljon a kop\u00e1snak \u00e9s a korr\u00f3zi\u00f3nak, meghosszabb\u00edtva \u00e9lettartamukat \u00e9s biztos\u00edtva az \u00e1lland\u00f3 teljes\u00edtm\u00e9nyt k\u00fcl\u00f6nb\u00f6z\u0151 k\u00f6r\u00fclm\u00e9nyek k\u00f6z\u00f6tt.<\/li>\n<li><strong>Egyedi gy\u00e1rt\u00e1s:<\/strong> Kiv\u00e1l\u00f3 min\u0151s\u00e9g\u0171 hidraulikus hengereket gy\u00e1rtunk, amelyek t\u00f6k\u00e9letesen helyettes\u00edthetik a megl\u00e9v\u0151ket, biztos\u00edtva a kompatibilit\u00e1st \u00e9s a teljes\u00edtm\u00e9nyt.<\/li>\n<\/ul>\n<p><img decoding=\"async\" src=\"https:\/\/www.hydraulic-cylinders.net\/wp-content\/uploads\/2025\/04\/songte-cylinder-head-with-all-kinds-excavator-models.webp\" alt=\"Hengerfej k\u00e9pe\"><\/p>\n<h2>A g\u00e9mhenger alkalmaz\u00e1sai<\/h2>\n<h3>\u00c9p\u00edt\u0151ipari berendez\u00e9sek<\/h3>\n<p>A kotr\u00f3g\u00e9pekben a g\u00e9mhengerek kulcsszerepet j\u00e1tszanak a talaj vagy t\u00f6rmel\u00e9k \u00e1s\u00e1s\u00e1ban, rakod\u00e1s\u00e1ban \u00e9s sz\u00e1ll\u00edt\u00e1s\u00e1ban. Ezek biztos\u00edtj\u00e1k a sz\u00fcks\u00e9ges er\u0151t a g\u00e9m emel\u00e9s\u00e9hez \u00e9s s\u00fcllyeszt\u00e9s\u00e9hez, lehet\u0151v\u00e9 t\u00e9ve a kezel\u0151k sz\u00e1m\u00e1ra a feladatok hat\u00e9kony elv\u00e9gz\u00e9s\u00e9t. A kotr\u00f3g\u00e9p-rakod\u00f3kban ezek a hengerek mind az \u00e1s\u00e1si, mind az emel\u00e9si m\u0171veletekben seg\u00edtenek, \u00edgy elengedhetetlenek a sokoldal\u00fa g\u00e9phaszn\u00e1lathoz.<\/p>\n<h3>Mez\u0151gazdas\u00e1gi g\u00e9pek<\/h3>\n<p>A homlokrakod\u00f3kban a g\u00e9mhengereket olyan anyagok mer\u00e9s\u00e9re, emel\u00e9s\u00e9re \u00e9s sz\u00e1ll\u00edt\u00e1s\u00e1ra haszn\u00e1lj\u00e1k, mint a talaj, sz\u00e9na \u00e9s egy\u00e9b anyagok. Kialak\u00edt\u00e1suk lehet\u0151v\u00e9 teszi a k\u00fcl\u00f6nf\u00e9le mez\u0151gazdas\u00e1gi term\u00e9kek hat\u00e9kony mozgat\u00e1s\u00e1t \u00e9s kezel\u00e9s\u00e9t, n\u00f6velve a gazdas\u00e1gok termel\u00e9kenys\u00e9g\u00e9t.<\/p>\n<h3>F\u00f6ldmunk\u00e1k<\/h3>\n<p>A g\u00e9mhenger lehet\u0151v\u00e9 teszi a kotr\u00f3g\u00e9pek sz\u00e1m\u00e1ra, hogy hat\u00e9konyan behatoljanak a talajba. Azzal, hogy lehet\u0151v\u00e9 teszik a kan\u00e1l talajba \u00e1s\u00e1s\u00e1t, ezek a hengerek elengedhetetlenek az \u00e9p\u00edt\u00e9si, tereprendez\u00e9si \u00e9s b\u00e1ny\u00e1szati \u200b\u200bprojektekhez, ahol m\u00e9ly f\u00f6ldmunk\u00e1ra van sz\u00fcks\u00e9g.<\/p>\n<h3>Rakod\u00e1si m\u0171veletek<\/h3>\n<p>A homlokrakod\u00f3kban a g\u00e9mhengerek megk\u00f6nny\u00edtik az anyagok emel\u00e9s\u00e9t \u00e9s \u00fcr\u00edt\u00e9s\u00e9t. Er\u0151ss\u00e9g\u00fck \u00e9s hat\u00e9konys\u00e1guk l\u00e9tfontoss\u00e1g\u00fa a neh\u00e9z terhek kezel\u00e9s\u00e9hez, biztos\u00edtva, hogy az anyagok gyorsan \u00e9s hat\u00e9konyan mozgathat\u00f3k legyenek egyik helyr\u0151l a m\u00e1sikra.<\/p>\n<h2>G\u00e9mhengerek tervez\u00e9si szempontjai<\/h2>\n<h3>Teherb\u00edr\u00e1s<\/h3>\n<p>A g\u00e9mhenger teherb\u00edr\u00e1sa kritikus tervez\u00e9si szempont. K\u00e9pesnek kell lennie arra, hogy elb\u00edrja a kotr\u00f3g\u00e9p m\u0171k\u00f6d\u00e9se sor\u00e1n fell\u00e9p\u0151 maxim\u00e1lis s\u00falyt. Egy j\u00f3l megtervezett henger biztons\u00e1gi r\u00e1hagy\u00e1sokat is figyelembe vesz, hogy megakad\u00e1lyozza a v\u00e1ratlan terhel\u00e9sek alatti meghib\u00e1sod\u00e1st.<\/p>\n<h3>T\u00f6m\u00edt\u00e9s \u00e9s tart\u00f3ss\u00e1g<\/h3>\n<p>A hat\u00e9kony t\u00f6m\u00edt\u00e9s elengedhetetlen a hidraulikafolyad\u00e9k sziv\u00e1rg\u00e1s\u00e1nak megakad\u00e1lyoz\u00e1s\u00e1hoz. Ez mag\u00e1ban foglalja a tart\u00f3s anyagokb\u00f3l, p\u00e9ld\u00e1ul poliuret\u00e1nb\u00f3l \u00e9s nitrilgumib\u00f3l k\u00e9sz\u00fclt, kiv\u00e1l\u00f3 min\u0151s\u00e9g\u0171 t\u00f6m\u00edt\u00e9sek haszn\u00e1lat\u00e1t. A megfelel\u0151 t\u00f6m\u00edt\u00e9s nemcsak a hat\u00e9konys\u00e1got n\u00f6veli, hanem a henger hossz\u00fa \u00e9lettartam\u00e1hoz is hozz\u00e1j\u00e1rul.<\/p>\n<h3>Biztons\u00e1gi funkci\u00f3k<\/h3>\n<p>A biztons\u00e1gi funkci\u00f3k be\u00e9p\u00edt\u00e9se a tervez\u00e9sbe kulcsfontoss\u00e1g\u00fa a kezel\u0151k \u00e9s a g\u00e9pek v\u00e9delme \u00e9rdek\u00e9ben. Ide tartoznak a nyom\u00e1scs\u00f6kkent\u0151 szelepek \u00e9s a biztons\u00e1gi z\u00e1rak a m\u0171k\u00f6d\u00e9s k\u00f6zbeni kock\u00e1zatok cs\u00f6kkent\u00e9se \u00e9rdek\u00e9ben.<\/p>\n<h3>Karbantart\u00e1si hozz\u00e1f\u00e9rhet\u0151s\u00e9g<\/h3>\n<p>Fontos a g\u00e9mhengerek k\u00f6nny\u0171 karbantart\u00e1s\u00e1t szem el\u0151tt tartva megtervezni. Ez lehet\u0151v\u00e9 teszi a gyors ellen\u0151rz\u00e9seket, jav\u00edt\u00e1sokat \u00e9s cser\u00e9ket, minimaliz\u00e1lva az \u00e1ll\u00e1sid\u0151t \u00e9s n\u00f6velve a termel\u00e9kenys\u00e9get.<\/p>\n<p><img decoding=\"async\" src=\"https:\/\/www.hydraulic-cylinders.net\/wp-content\/uploads\/2025\/04\/songte-oil-pipes-and-spare-parts.webp\" alt=\"Olajcs\u00f6vek k\u00e9pe\"><\/p>\n<h2>T\u00f6m\u00edt\u00e9s \u00e9s ken\u00e9s<\/h2>\n<p>A megfelel\u0151 t\u00f6m\u00edt\u00e9s \u00e9s ken\u00e9s elengedhetetlen a g\u00e9mhengerek teljes\u00edtm\u00e9ny\u00e9hez. K\u00fcl\u00f6nb\u00f6z\u0151 t\u00f6m\u00edt\u0151elemeket, bele\u00e9rtve a dugatty\u00fat\u00f6m\u00edt\u00e9seket \u00e9s a r\u00fadt\u00f6m\u00edt\u00e9seket, haszn\u00e1lnak a folyad\u00e9ksziv\u00e1rg\u00e1s megakad\u00e1lyoz\u00e1s\u00e1ra. A tart\u00f3s anyagokb\u00f3l, p\u00e9ld\u00e1ul poliuret\u00e1nb\u00f3l \u00e9s nitrilgumib\u00f3l k\u00e9sz\u00fclt t\u00f6m\u00edt\u00e9sek kop\u00e1s\u00e1ll\u00f3s\u00e1got biztos\u00edtanak. A hengertest \u00e9s a menetes v\u00e9gek finom megmunk\u00e1l\u00e1son esnek \u00e1t a tart\u00f3ss\u00e1g \u00e9s a kop\u00e1s\u00e1ll\u00f3s\u00e1g n\u00f6vel\u00e9se \u00e9rdek\u00e9ben. A megfelel\u0151 hidraulikafolyad\u00e9kkal t\u00f6rt\u00e9n\u0151 rendszeres ken\u00e9s sz\u00fcks\u00e9ges a henger m\u0171k\u00f6d\u0151k\u00e9pess\u00e9g\u00e9nek \u00e9s hossz\u00fa \u00e9lettartam\u00e1nak fenntart\u00e1s\u00e1hoz, biztos\u00edtva a z\u00f6kken\u0151mentes m\u0171k\u00f6d\u00e9st \u00e9s megakad\u00e1lyozva az id\u0151beli kop\u00e1st.<\/p>\n<h2>Megel\u0151z\u0151 karbantart\u00e1si int\u00e9zked\u00e9sek<\/h2>\n<ul>\n<li><strong>Rendszeres ellen\u0151rz\u00e9sek:<\/strong> Rendszeres szemrev\u00e9telez\u00e9ssel azonos\u00edtsa a kop\u00e1s vagy sziv\u00e1rg\u00e1s jeleit. A probl\u00e9m\u00e1k korai felismer\u00e9se k\u00f6lts\u00e9ges jav\u00edt\u00e1sokat \u00e9s hosszabb \u00e1ll\u00e1sid\u0151t el\u0151zhet meg.<\/li>\n<li><strong>Ken\u00e9s ellen\u0151rz\u00e9se:<\/strong> Gy\u0151z\u0151dj\u00f6n meg arr\u00f3l, hogy a hidraulikafolyad\u00e9k szintje megfelel\u0151, \u00e9s hogy a megfelel\u0151 t\u00edpus\u00fa folyad\u00e9kot haszn\u00e1lja. A megfelel\u0151 ken\u00e9s minimaliz\u00e1lja a mozg\u00f3 alkatr\u00e9szek s\u00farl\u00f3d\u00e1s\u00e1t \u00e9s kop\u00e1s\u00e1t.<\/li>\n<li><strong>T\u00f6m\u00edt\u00e9scsere:<\/strong> Cser\u00e9lje ki a t\u00f6m\u00edt\u00e9seket, ha kop\u00e1s vagy sziv\u00e1rg\u00e1s jelei l\u00e1that\u00f3k. A t\u00f6m\u00edt\u00e9sek rendszeres karbantart\u00e1sa meghosszabb\u00edtja a henger \u00e9lettartam\u00e1t \u00e9s fenntartja a hidraulikus hat\u00e9konys\u00e1got.<\/li>\n<\/ul>\n<h2>Telep\u00edt\u00e9si \u00fatmutat\u00f3<\/h2>\n<p>A g\u00e9mhengerek megfelel\u0151 beszerel\u00e9se elengedhetetlen a hat\u00e9kony m\u0171k\u00f6d\u00e9shez. Kezdje azzal, hogy megbizonyosodik arr\u00f3l, hogy a henger megfelel\u0151en illeszkedik a r\u00f6gz\u00edt\u0151konzolokhoz. Haszn\u00e1ljon megfelel\u0151 r\u00f6gz\u00edt\u0151elemeket a henger r\u00f6gz\u00edt\u00e9s\u00e9hez \u00e9s az elmozdul\u00e1s megakad\u00e1lyoz\u00e1s\u00e1hoz m\u0171k\u00f6d\u00e9s k\u00f6zben. Gy\u0151z\u0151dj\u00f6n meg arr\u00f3l, hogy a hidraulikavezet\u00e9keket a gy\u00e1rt\u00f3 el\u0151\u00edr\u00e1sainak megfelel\u0151en csatlakoztatja, \u00fcgyelve a megfelel\u0151 \u00e1raml\u00e1si ir\u00e1nyra. A beszerel\u00e9s ut\u00e1n ellen\u0151rizze a sziv\u00e1rg\u00e1st, \u00e9s tesztelje a henger m\u0171k\u00f6d\u00e9s\u00e9t a megfelel\u0151 m\u0171k\u00f6d\u00e9s biztos\u00edt\u00e1sa \u00e9rdek\u00e9ben. Rendszeresen ellen\u0151rizze a beszerel\u00e9st a teljes\u00edtm\u00e9ny \u00e9s a biztons\u00e1gi szabv\u00e1nyok fenntart\u00e1sa \u00e9rdek\u00e9ben.<\/p>\n<h2>Gyakori karbantart\u00e1si feladatok<\/h2>\n<ul>\n<li><strong>Rendszeres ellen\u0151rz\u00e9sek:<\/strong> A kop\u00e1s \u00e9s elhaszn\u00e1l\u00f3d\u00e1s rendszeres ellen\u0151rz\u00e9se kulcsfontoss\u00e1g\u00fa. Ez mag\u00e1ban foglalja a hidraulikafolyad\u00e9k-sziv\u00e1rg\u00e1sok jeleinek keres\u00e9s\u00e9t, a t\u00f6m\u00edt\u00e9sek \u00e1llapot\u00e1nak ellen\u0151rz\u00e9s\u00e9t \u00e9s a hengerszerkezet \u00e9ps\u00e9g\u00e9nek biztos\u00edt\u00e1s\u00e1t. A potenci\u00e1lis probl\u00e9m\u00e1k id\u0151ben t\u00f6rt\u00e9n\u0151 azonos\u00edt\u00e1sa megel\u0151zheti a s\u00falyos meghib\u00e1sod\u00e1sokat.<\/li>\n<li><strong>Megfelel\u0151 ken\u00e9s:<\/strong> Gy\u0151z\u0151dj\u00f6n meg arr\u00f3l, hogy a hidraulikafolyad\u00e9k szintje a javasolt, \u00e9s a megfelel\u0151 t\u00edpus\u00fa. A ken\u00e9s cs\u00f6kkenti a s\u00farl\u00f3d\u00e1st \u00e9s megakad\u00e1lyozza a kop\u00e1st, ami elengedhetetlen a hidraulikus rendszer hat\u00e9konys\u00e1g\u00e1nak fenntart\u00e1s\u00e1hoz.<\/li>\n<li><strong>T\u00f6m\u00edt\u00e9scsere:<\/strong> Figyelje a t\u00f6m\u00edt\u00e9sek \u00e1llapot\u00e1t, \u00e9s sz\u00fcks\u00e9g szerint cser\u00e9lje ki azokat. A r\u00e9gi vagy kopott t\u00f6m\u00edt\u00e9sek hidraulikafolyad\u00e9k-sziv\u00e1rg\u00e1st okozhatnak, ami rontja a henger teljes\u00edtm\u00e9ny\u00e9t \u00e9s hat\u00e9konys\u00e1g\u00e1t.<\/li>\n<\/ul>\n<h2>Biztons\u00e1gi szempontok \u00e9s k\u00f6rnyezeti t\u00e9nyez\u0151k<\/h2>\n<p>Hidraulikus rendszerekkel v\u00e9gzett munka sor\u00e1n elengedhetetlen a biztons\u00e1gi int\u00e9zked\u00e9sek bevezet\u00e9se. Mindig k\u00f6vesse a gy\u00e1rt\u00f3 ir\u00e1nyelveit az \u00fczemi nyom\u00e1sokra \u00e9s a teherb\u00edr\u00e1sra vonatkoz\u00f3an. A biztons\u00e1g garant\u00e1l\u00e1s\u00e1hoz a kezel\u0151k megfelel\u0151 k\u00e9pz\u00e9se \u00e9s a rendszeres karbantart\u00e1si ellen\u0151rz\u00e9sek sz\u00fcks\u00e9gesek. Ezenk\u00edv\u00fcl vegye figyelembe a hidraulikafolyad\u00e9kok k\u00f6rnyezeti hat\u00e1s\u00e1t, \u00e9s gondoskodjon a karbantart\u00e1s sor\u00e1n keletkez\u0151 hullad\u00e9kanyagok megfelel\u0151 \u00e1rtalmatlan\u00edt\u00e1s\u00e1r\u00f3l.<\/p>\n<h2>Hibaelh\u00e1r\u00edt\u00e1s \u00e9s gyakori probl\u00e9m\u00e1k<\/h2>\n<ul>\n<li><strong>Sziv\u00e1rg\u00e1s:<\/strong> Azonos\u00edtsa a sziv\u00e1rg\u00e1s forr\u00e1s\u00e1t, amely gyakran t\u00f6m\u00edt\u00e9sekn\u00e9l vagy szerelv\u00e9nyekn\u00e9l fordul el\u0151. A csatlakoz\u00e1sok megh\u00faz\u00e1sa vagy a kopott t\u00f6m\u00edt\u00e9sek cser\u00e9je gyakran megoldhatja a probl\u00e9m\u00e1t.<\/li>\n<li><strong>Nem reag\u00e1l\u00f3 henger:<\/strong> Ha a henger nem reag\u00e1l, ellen\u0151rizze a hidraulikafolyad\u00e9k szintj\u00e9t, \u00e9s keressen dugul\u00e1sokat a hidraulikavezet\u00e9kekben. A megfelel\u0151 folyad\u00e9k\u00e1raml\u00e1s biztos\u00edt\u00e1sa elengedhetetlen a reag\u00e1l\u00f3k\u00e9pess\u00e9ghez.<\/li>\n<li><strong>T\u00falzott zaj:<\/strong> M\u0171k\u00f6d\u00e9s k\u00f6zbeni zajok alacsony olajszintre vagy a rendszerben l\u00e9v\u0151 leveg\u0151re utalhatnak. A rendszer l\u00e9gtelen\u00edt\u00e9se \u00e9s a megfelel\u0151 folyad\u00e9kszint biztos\u00edt\u00e1sa gyakran megoldhatja ezt a probl\u00e9m\u00e1t.<\/li>\n<\/ul>\n<p>A probl\u00e9m\u00e1k diagnosztiz\u00e1l\u00e1s\u00e1ra \u00e9s kezel\u00e9s\u00e9re ir\u00e1nyul\u00f3 proakt\u00edv int\u00e9zked\u00e9sek minimaliz\u00e1lhatj\u00e1k az \u00e1ll\u00e1sid\u0151t \u00e9s n\u00f6velhetik a m\u0171k\u00f6d\u00e9s hat\u00e9konys\u00e1g\u00e1t.<\/p>\n<p><img decoding=\"async\" src=\"https:\/\/www.hydraulic-cylinders.net\/wp-content\/uploads\/2025\/04\/songte-bushings-with-all-kinds-of-excavator-models.webp\" alt=\"Perselyek k\u00e9pe\"><\/p>\n<h2>C\u00e9ginform\u00e1ci\u00f3<\/h2>\n<p>Vezet\u0151 hidraulikus hengergy\u00e1rt\u00f3 \u00e9s -nagykeresked\u0151 vagyunk, \u00e9s k\u00fcl\u00f6nf\u00e9le alkalmaz\u00e1sokhoz kiv\u00e1l\u00f3 min\u0151s\u00e9g\u0171 alternat\u00edv hengerek sz\u00e1ll\u00edt\u00e1s\u00e1ra specializ\u00e1l\u00f3dtunk. A kiv\u00e1l\u00f3s\u00e1g ir\u00e1nti elk\u00f6telezetts\u00e9g\u00fcnket fejlett termel\u00e9sir\u00e1ny\u00edt\u00e1si strat\u00e9gi\u00e1ink t\u00e1masztj\u00e1k al\u00e1, amelyek k\u00e9pzett szem\u00e9lyzetet \u00e9s cs\u00facskateg\u00f3ri\u00e1s gy\u00e1rt\u00f3berendez\u00e9seket alkalmaznak. Folyamatosan fejlesztj\u00fck gy\u00e1rt\u00e1si folyamatainkat, hogy hat\u00e9konyan \u00e9s prec\u00edzen megfelelj\u00fcnk \u00fcgyfeleink v\u00e1ltozatos ig\u00e9nyeinek. Tan\u00fas\u00edtv\u00e1nyaink t\u00fckr\u00f6zik integrit\u00e1sunkat \u00e9s a min\u0151s\u00e9g ir\u00e1nti elk\u00f6telezetts\u00e9g\u00fcnket, m\u00edg egyedi szolg\u00e1ltat\u00e1saink biztos\u00edtj\u00e1k, hogy hat\u00e9konyan tudjuk kiel\u00e9g\u00edteni az \u00fcgyfelek egyedi ig\u00e9nyeit.<\/p>\n<p><img decoding=\"async\" src=\"https:\/\/www.hydraulic-cylinders.net\/wp-content\/uploads\/2025\/04\/songte-company-4.webp\" alt=\"C\u00e9ginform\u00e1ci\u00f3 k\u00e9pe\"><br \/>\n<img decoding=\"async\" src=\"https:\/\/www.hydraulic-cylinders.net\/wp-content\/uploads\/2025\/04\/songte-company-3.webp\" alt=\"V\u00e1llalati gy\u00e1rt\u00e1si k\u00e9p\"><\/p>\n<p>Szerz\u0151: lyl<\/p>","protected":false},"excerpt":{"rendered":"<p>Boom Cylinder For Caterpillar Large Excavator E336DL Understanding the Boom Cylinder The boom cylinder is a vital component in the hydraulic system of heavy machinery, particularly in excavators like the Caterpillar E336DL. This hydraulic cylinder is specifically designed to control the movement of the boom, which is responsible for lifting, lowering, and tilting the bucket. [&hellip;]<\/p>","protected":false},"featured_media":17879,"comment_status":"open","ping_status":"closed","template":"","meta":{"_et_pb_use_builder":"","_et_pb_old_content":"","_et_gb_content_width":""},"product_brand":[],"product_cat":[1546],"product_tag":[1547,1496],"class_list":{"0":"post-18967","1":"product","2":"type-product","3":"status-publish","4":"has-post-thumbnail","6":"product_cat-boom-cylinders","7":"product_tag-boom-cylinders","8":"product_tag-hydraulic-cylinders","10":"first","11":"instock","12":"shipping-taxable","13":"product-type-simple"},"amp_enabled":true,"_links":{"self":[{"href":"https:\/\/www.hydraulic-cylinders.net\/hu\/wp-json\/wp\/v2\/product\/18967","targetHints":{"allow":["GET"]}}],"collection":[{"href":"https:\/\/www.hydraulic-cylinders.net\/hu\/wp-json\/wp\/v2\/product"}],"about":[{"href":"https:\/\/www.hydraulic-cylinders.net\/hu\/wp-json\/wp\/v2\/types\/product"}],"replies":[{"embeddable":true,"href":"https:\/\/www.hydraulic-cylinders.net\/hu\/wp-json\/wp\/v2\/comments?post=18967"}],"wp:featuredmedia":[{"embeddable":true,"href":"https:\/\/www.hydraulic-cylinders.net\/hu\/wp-json\/wp\/v2\/media\/17879"}],"wp:attachment":[{"href":"https:\/\/www.hydraulic-cylinders.net\/hu\/wp-json\/wp\/v2\/media?parent=18967"}],"wp:term":[{"taxonomy":"product_brand","embeddable":true,"href":"https:\/\/www.hydraulic-cylinders.net\/hu\/wp-json\/wp\/v2\/product_brand?post=18967"},{"taxonomy":"product_cat","embeddable":true,"href":"https:\/\/www.hydraulic-cylinders.net\/hu\/wp-json\/wp\/v2\/product_cat?post=18967"},{"taxonomy":"product_tag","embeddable":true,"href":"https:\/\/www.hydraulic-cylinders.net\/hu\/wp-json\/wp\/v2\/product_tag?post=18967"}],"curies":[{"name":"munkaf\u00fczet","href":"https:\/\/api.w.org\/{rel}","templated":true}]}}