{"id":18975,"date":"2025-04-07T06:05:00","date_gmt":"2025-04-07T06:05:00","guid":{"rendered":"https:\/\/www.hydraulic-cylinders.net\/product\/boom-cylinder-for-caterpillar-large-excavator-e345dl\/"},"modified":"2025-04-07T06:05:21","modified_gmt":"2025-04-07T06:05:21","slug":"boom-cylinder-for-caterpillar-large-excavator-e345dl","status":"publish","type":"product","link":"https:\/\/www.hydraulic-cylinders.net\/hu\/termek\/boom-cylinder-for-caterpillar-large-excavator-e345dl\/","title":{"rendered":"G\u00e9mhenger Caterpillar nagym\u00e9ret\u0171 kotr\u00f3g\u00e9phez E345DL"},"content":{"rendered":"<h1>G\u00e9mhenger Caterpillar nagym\u00e9ret\u0171 kotr\u00f3g\u00e9phez E345DL<\/h1>\n<h2>Bevezet\u00e9s a g\u00e9mhengerbe<\/h2>\n<p>A g\u00e9mhenger kritikus fontoss\u00e1g\u00fa alkatr\u00e9sz a hidraulikus rendszerekben, amelyet kifejezetten a neh\u00e9zg\u00e9pek, p\u00e9ld\u00e1ul kotr\u00f3g\u00e9pek, kotr\u00f3rakod\u00f3k \u00e9s homlokrakod\u00f3k kanalainak mozg\u00e1s\u00e1nak kezel\u00e9s\u00e9re terveztek. Ez a hidraulikus henger lehet\u0151v\u00e9 teszi a kan\u00e1l emel\u00e9s\u00e9t, s\u00fcllyeszt\u00e9s\u00e9t \u00e9s billent\u00e9s\u00e9t, megk\u00f6nny\u00edtve a hat\u00e9kony anyagmozgat\u00e1si feladatokat. A g\u00e9mhengerek kialak\u00edt\u00e1sa \u00e9s m\u0171k\u00f6d\u00e9se elengedhetetlen a kotr\u00f3g\u00e9pek teljes\u00edtm\u00e9ny\u00e9nek optimaliz\u00e1l\u00e1s\u00e1hoz.<\/p>\n<p>A hidraulikus rendszerekben a g\u00e9mhenger \u00fagy m\u0171k\u00f6dik, hogy a hidraulikus nyom\u00e1st mechanikai er\u0151v\u00e9 alak\u00edtja, lehet\u0151v\u00e9 t\u00e9ve a sima \u00e9s prec\u00edz mozg\u00e1sokat. Ez a m\u0171k\u00f6d\u00e9s kulcsfontoss\u00e1g\u00fa az \u00e9p\u00edt\u00e9si \u00e9s bont\u00e1si k\u00f6rnyezetben, ahol neh\u00e9z emel\u00e9sre \u00e9s anyagok pontos elhelyez\u00e9s\u00e9re van sz\u00fcks\u00e9g. A megfelel\u0151 g\u00e9mhengerrel a kezel\u0151k maximaliz\u00e1lhatj\u00e1k a termel\u00e9kenys\u00e9get, mik\u00f6zben minimaliz\u00e1lj\u00e1k az \u00e1ll\u00e1sid\u0151t \u00e9s a karbantart\u00e1si probl\u00e9m\u00e1kat.<\/p>\n<p><img decoding=\"async\" src=\"https:\/\/www.hydraulic-cylinders.net\/wp-content\/uploads\/2025\/04\/songte-company-1.webp\" alt=\"G\u00e9mhenger\" \/><\/p>\n<h2>A g\u00e9mhenger jellemz\u0151i<\/h2>\n<ul>\n<li><strong>Nagy szil\u00e1rds\u00e1g \u00e9s tart\u00f3ss\u00e1g:<\/strong> A jellemz\u0151en nagy szil\u00e1rds\u00e1g\u00fa ac\u00e9lb\u00f3l vagy alum\u00edniumb\u00f3l k\u00e9sz\u00fclt g\u00e9mhenger nagy nyom\u00e1s \u00e9s nagy terhel\u00e9s elvisel\u00e9s\u00e9re van tervezve, \u00edgy ide\u00e1lis a zord munkak\u00f6rnyezetekhez.<\/li>\n<li><strong>Hat\u00e9kony hidraulikus m\u0171k\u00f6dtet\u00e9s:<\/strong> A henger hidraulikaolaj-nyom\u00e1st haszn\u00e1l a sima kiny\u00fajt\u00e1shoz \u00e9s visszah\u00faz\u00e1shoz, gyors reag\u00e1l\u00e1st biztos\u00edtva a m\u0171k\u00f6d\u00e9si parancsokra, \u00e9s er\u0151teljes nyom\u00f3- \u00e9s h\u00faz\u00f3er\u0151t biztos\u00edtva.<\/li>\n<li><strong>K\u00fcl\u00f6nb\u00f6z\u0151 t\u00edpusok:<\/strong> Az egyszeres m\u0171k\u00f6d\u00e9s\u0171 (egy ir\u00e1nyban m\u0171k\u00f6d\u0151) vagy kett\u0151s m\u0171k\u00f6d\u00e9s\u0171 (mindk\u00e9t ir\u00e1nyban m\u0171k\u00f6d\u0151) kivitelben kaphat\u00f3 g\u00e9mhenger a k\u00fcl\u00f6nf\u00e9le m\u0171k\u00f6d\u00e9si ig\u00e9nyekhez igaz\u00edthat\u00f3, bele\u00e9rtve a teleszk\u00f3pos modelleket is, amelyek a k\u00fcls\u0151 m\u00e9retek n\u00f6vel\u00e9se n\u00e9lk\u00fcl nagyobb hat\u00f3t\u00e1vols\u00e1got biztos\u00edtanak.<\/li>\n<li><strong>Karbantart\u00e1sbar\u00e1t kialak\u00edt\u00e1s:<\/strong> A g\u00e9mhenger konstrukci\u00f3ja a k\u00f6nny\u0171 karbantart\u00e1st szem el\u0151tt tartva lett kialak\u00edtva, biztos\u00edtva a m\u0171k\u00f6d\u0151k\u00e9pess\u00e9get minim\u00e1lis \u00e1ll\u00e1sid\u0151vel.<\/li>\n<li><strong>Korr\u00f3zi\u00f3\u00e1ll\u00f3s\u00e1g:<\/strong> A k\u00fcl\u00f6nf\u00e9le elemeknek val\u00f3 kitetts\u00e9gre tervezett g\u00e9mhengerek olyan tulajdons\u00e1gokkal rendelkeznek, amelyek v\u00e9denek a korr\u00f3zi\u00f3 \u00e9s a kop\u00e1s ellen, \u00edgy meghosszabb\u00edtva \u00e9lettartamukat.<\/li>\n<\/ul>\n<p>C\u00e9g\u00fcnk szigor\u00fa min\u0151s\u00e9gellen\u0151rz\u00e9s mellett gy\u00e1rtja ezt a term\u00e9ket, biztos\u00edtva, hogy g\u00e9mhengereink t\u00f6k\u00e9letesen helyettes\u00edts\u00e9k a megl\u00e9v\u0151 hidraulikus hengereket.<\/p>\n<p><img decoding=\"async\" src=\"https:\/\/www.hydraulic-cylinders.net\/wp-content\/uploads\/2025\/04\/songte-cylinder-head-with-all-kinds-excavator-models.webp\" alt=\"Kotr\u00f3g\u00e9p modellek\" \/><\/p>\n<h2>A g\u00e9mhenger alkalmaz\u00e1sai<\/h2>\n<h3>\u00c9p\u00edt\u0151ipari berendez\u00e9sek<\/h3>\n<p>A kotr\u00f3g\u00e9pekben a g\u00e9mhengerek l\u00e9tfontoss\u00e1g\u00faak az \u00e1s\u00e1shoz, a rakod\u00e1shoz \u00e9s a f\u00f6ld vagy t\u00f6rmel\u00e9k mozgat\u00e1s\u00e1hoz. Ezek teszik lehet\u0151v\u00e9, hogy a kan\u00e1l hat\u00e9konyan hatoljon be a talajba, lehet\u0151v\u00e9 t\u00e9ve a hat\u00e9kony f\u00f6ldmunk\u00e1kat. A g\u00e9mhenger kialak\u00edt\u00e1sa biztos\u00edtja, hogy megbirk\u00f3zzon az \u00e9p\u00edt\u00e9si ter\u00fcletek megpr\u00f3b\u00e1ltat\u00e1saival, ahol a neh\u00e9z terhek \u00e9s a zord k\u00f6r\u00fclm\u00e9nyek gyakoriak.<\/p>\n<h3>Mez\u0151gazdas\u00e1gi g\u00e9pek<\/h3>\n<p>A homlokrakod\u00f3kban a g\u00e9mhengerek lehet\u0151v\u00e9 teszik az olyan anyagok emel\u00e9s\u00e9t, mer\u00e9s\u00e9t \u00e9s sz\u00e1ll\u00edt\u00e1s\u00e1t, mint a talaj \u00e9s a sz\u00e9na. Szerep\u00fck a mez\u0151gazdas\u00e1gi g\u00e9pekben kulcsfontoss\u00e1g\u00fa, mivel fokozz\u00e1k a g\u00e9p k\u00e9pess\u00e9g\u00e9t a t\u00f6bb feladat elv\u00e9gz\u00e9s\u00e9re, hat\u00e9konyan n\u00f6velve a termel\u00e9kenys\u00e9get a gazdas\u00e1gokban \u00e9s a mez\u0151gazdas\u00e1gi ter\u00fcleteken.<\/p>\n<h3>Kotr\u00f3g\u00e9pek<\/h3>\n<p>A kotr\u00f3g\u00e9pekben a g\u00e9mhenger lehet\u0151v\u00e9 teszi, hogy a kan\u00e1l behatoljon a talajba, megk\u00f6nny\u00edtve az \u00e1s\u00e1si folyamatot. A kan\u00e1l helyzet\u00e9nek szab\u00e1lyoz\u00e1s\u00e1val a kezel\u0151k pontos \u00e1s\u00e1si m\u00e9lys\u00e9get \u00e9s sz\u00f6get \u00e9rhetnek el, jav\u00edtva a f\u00f6ldmunk\u00e1k \u00e1ltal\u00e1nos hat\u00e9konys\u00e1g\u00e1t.<\/p>\n<h3>Rakod\u00f3k<\/h3>\n<p>A homlokrakod\u00f3kban a g\u00e9mhengerek hat\u00e9konyan seg\u00edtik a rakom\u00e1nyok emel\u00e9s\u00e9t \u00e9s \u00fcr\u00edt\u00e9s\u00e9t. Er\u0151teljes kiny\u00fal\u00e1si k\u00e9pess\u00e9g\u00fck lehet\u0151v\u00e9 teszi a kezel\u0151k sz\u00e1m\u00e1ra az anyagok k\u00f6nny\u0171 mozgat\u00e1s\u00e1t, ez\u00e1ltal egyszer\u0171s\u00edtve a be- \u00e9s kirakod\u00e1s folyamat\u00e1t.<\/p>\n<h2>Tervez\u00e9si szempontok \u00e9s kiv\u00e1laszt\u00e1si krit\u00e9riumok<\/h2>\n<h3>Teherb\u00edr\u00e1s<\/h3>\n<p>A g\u00e9mhenger kiv\u00e1laszt\u00e1sakor az egyik els\u0151dleges szempont a teherb\u00edr\u00e1sa. A hengernek k\u00e9pesnek kell lennie a v\u00e1rhat\u00f3 maxim\u00e1lis terhel\u00e9s kezel\u00e9s\u00e9re a biztons\u00e1g vagy a teljes\u00edtm\u00e9ny vesz\u00e9lyeztet\u00e9se n\u00e9lk\u00fcl. A gy\u00e1rt\u00f3k gyakran kiterjedt tesztek alapj\u00e1n hat\u00e1rozz\u00e1k meg a teherb\u00edr\u00e1st, biztos\u00edtva, hogy a henger ellen\u00e1lljon a neh\u00e9zg\u00e9pek \u00fczemeltet\u00e9s\u00e9nek sz\u00e9ls\u0151s\u00e9ges k\u00f6r\u00fclm\u00e9nyeinek. A kezelt anyagok s\u00faly\u00e1nak \u00e9s a m\u0171k\u00f6d\u00e9si gyakoris\u00e1gnak a meg\u00e9rt\u00e9se elengedhetetlen a henger megfelel\u0151 teherb\u00edr\u00e1s\u00e1nak meghat\u00e1roz\u00e1s\u00e1hoz.<\/p>\n<h3>T\u00f6m\u00edt\u0151mechanizmusok<\/h3>\n<p>A hat\u00e9kony t\u00f6m\u00edt\u00e9s egy m\u00e1sik kritikus tervez\u00e9si szempont. A g\u00e9mhengert kiv\u00e1l\u00f3 min\u0151s\u00e9g\u0171 t\u00f6m\u00edt\u00e9sekkel kell ell\u00e1tni a hidraulikafolyad\u00e9k sziv\u00e1rg\u00e1s\u00e1nak megakad\u00e1lyoz\u00e1sa \u00e9rdek\u00e9ben, ami cs\u00f6kkent hat\u00e9konys\u00e1ghoz \u00e9s potenci\u00e1lis k\u00e1rosod\u00e1shoz vezethet. A t\u00f6m\u00edt\u00e9sekhez haszn\u00e1lt anyagoknak, p\u00e9ld\u00e1ul a poliuret\u00e1nnak vagy a nitrilkaucsuknak ellen\u00e1llniuk kell a kop\u00e1snak \u00e9s a korr\u00f3zi\u00f3nak, mik\u00f6zben nyom\u00e1s alatt is megb\u00edzhat\u00f3 t\u00f6m\u00edt\u00e9st kell fenntartaniuk. Ezen t\u00f6m\u00edt\u00e9sek karbantart\u00e1sa elengedhetetlen a hidraulikus rendszer hossz\u00fa t\u00e1v\u00fa m\u0171k\u00f6d\u00e9s\u00e9nek biztos\u00edt\u00e1s\u00e1hoz.<\/p>\n<h3>Tart\u00f3ss\u00e1g<\/h3>\n<p>A tart\u00f3ss\u00e1g kulcsfontoss\u00e1g\u00fa a g\u00e9mhenger kiv\u00e1laszt\u00e1sakor. A hengert olyan anyagokb\u00f3l kell gy\u00e1rtani, amelyek ellen\u00e1llnak a zord munkak\u00f6rnyezetnek, bele\u00e9rtve a sz\u00e9ls\u0151s\u00e9ges h\u0151m\u00e9rs\u00e9kleteket, a nedvess\u00e9get \u00e9s a koptat\u00f3 anyagokat. A kialak\u00edt\u00e1snak olyan jellemz\u0151ket kell tartalmaznia, amelyek fokozz\u00e1k a kop\u00e1s\u00e1ll\u00f3s\u00e1got, biztos\u00edtva, hogy a henger hossz\u00fa t\u00e1von is meg\u0151rizze teljes\u00edtm\u00e9ny\u00e9t ig\u00e9nyes k\u00f6r\u00fclm\u00e9nyek k\u00f6z\u00f6tt.<\/p>\n<h3>Biztons\u00e1gi funkci\u00f3k<\/h3>\n<p>A biztons\u00e1g kiemelked\u0151 fontoss\u00e1g\u00fa a hidraulikus rendszerekben. A g\u00e9mhenger kialak\u00edt\u00e1s\u00e1nak tartalmaznia kell olyan biztons\u00e1gi funkci\u00f3kat, mint a nyom\u00e1scs\u00f6kkent\u0151 szelepek, amelyek megakad\u00e1lyozz\u00e1k a rendszer t\u00falterhel\u00e9s\u00e9t, \u00e9s a robusztus r\u00f6gz\u00edt\u0151rendszerek, amelyek biztos\u00edtj\u00e1k a g\u00e9phez val\u00f3 biztons\u00e1gos r\u00f6gz\u00edt\u00e9st. A kezel\u0151knek tiszt\u00e1ban kell lenni\u00fck ezekkel a biztons\u00e1gi funkci\u00f3kkal, \u00e9s biztos\u00edtaniuk kell azok megfelel\u0151 m\u0171k\u00f6d\u00e9s\u00e9t a munkahelyi balesetek \u00e9s s\u00e9r\u00fcl\u00e9sek megel\u0151z\u00e9se \u00e9rdek\u00e9ben.<\/p>\n<h3>Karbantart\u00e1si hozz\u00e1f\u00e9rhet\u0151s\u00e9g<\/h3>\n<p>A karbantart\u00e1s egyszer\u0171s\u00e9ge szint\u00e9n kritikus tervez\u00e9si szempont. A g\u00e9mhengert \u00fagy kell megtervezni, hogy az alkatr\u00e9szek k\u00f6nnyen hozz\u00e1f\u00e9rhet\u0151k legyenek a rutinszer\u0171 ellen\u0151rz\u00e9sek \u00e9s jav\u00edt\u00e1sok sor\u00e1n. Ez a tervez\u00e9si szempont seg\u00edt minimaliz\u00e1lni az \u00e1ll\u00e1sid\u0151t, \u00e9s biztos\u00edtja, hogy a g\u00e9p m\u0171k\u00f6d\u0151k\u00e9pes maradjon, ami v\u00e9gs\u0151 soron jav\u00edtja a termel\u00e9kenys\u00e9get a munkahelyeken. A gy\u00e1rt\u00f3knak fontol\u00f3ra kell venni\u00fck a karbantart\u00e1si elj\u00e1r\u00e1sokat \u00e9s id\u0151k\u00f6z\u00f6ket ismertet\u0151 r\u00e9szletes szervizk\u00f6nyvek biztos\u00edt\u00e1s\u00e1t, seg\u00edtve a kezel\u0151ket a berendez\u00e9sek optim\u00e1lis \u00e1llapotban tart\u00e1s\u00e1ban.<\/p>\n<p><img decoding=\"async\" src=\"https:\/\/www.hydraulic-cylinders.net\/wp-content\/uploads\/2025\/04\/songte-oil-pipes-and-spare-parts.webp\" alt=\"Olajcs\u00f6vek \u00e9s alkatr\u00e9szek\" \/><\/p>\n<h2>A g\u00e9mhenger t\u00f6m\u00edt\u00e9se \u00e9s ken\u00e9se<\/h2>\n<p>A g\u00e9mhengerek t\u00f6m\u00edt\u00e9se \u00e9s ken\u00e9se elengedhetetlen a hat\u00e9kony m\u0171k\u00f6d\u00e9s\u00fck biztos\u00edt\u00e1s\u00e1hoz. K\u00fcl\u00f6nb\u00f6z\u0151 t\u00f6m\u00edt\u0151elemek, mint p\u00e9ld\u00e1ul a dugatty\u00fat\u00f6m\u00edt\u00e9sek \u00e9s a r\u00fadt\u00f6m\u00edt\u00e9sek, kulcsszerepet j\u00e1tszanak a hidraulikus folyad\u00e9k t\u00e1rol\u00e1s\u00e1ban. A tart\u00f3s anyagokb\u00f3l, p\u00e9ld\u00e1ul poliuret\u00e1nb\u00f3l \u00e9s nitrilgumib\u00f3l k\u00e9sz\u00fclt t\u00f6m\u00edt\u00e9sek kiv\u00e9teles kop\u00e1s\u00e1ll\u00f3s\u00e1got biztos\u00edtanak, \u00e9s ellen\u00e1llnak az \u00e9p\u00edt\u0151ipar \u00e9s az ipari k\u00f6rnyezet zord k\u00f6r\u00fclm\u00e9nyeinek.<\/p>\n<p>A hengertest \u00e9s a menetes v\u00e9gek prec\u00edzi\u00f3s megmunk\u00e1l\u00e1son esnek \u00e1t a kop\u00e1s\u00e1ll\u00f3s\u00e1g jav\u00edt\u00e1sa \u00e9rdek\u00e9ben, ami kritikus fontoss\u00e1g\u00fa a sziv\u00e1rg\u00e1s minimaliz\u00e1l\u00e1sa \u00e9s a henger \u00e9lettartam\u00e1nak meghosszabb\u00edt\u00e1sa szempontj\u00e1b\u00f3l. A megfelel\u0151 hidraulikaolajjal t\u00f6rt\u00e9n\u0151 rendszeres ken\u00e9s sz\u00fcks\u00e9ges a z\u00f6kken\u0151mentes m\u0171k\u00f6d\u00e9s biztos\u00edt\u00e1s\u00e1hoz \u00e9s a mozg\u00f3 alkatr\u00e9szek k\u00f6z\u00f6tti s\u00farl\u00f3d\u00e1s cs\u00f6kkent\u00e9s\u00e9hez. Ezt a ken\u00e9st rendszeresen el kell v\u00e9gezni az optim\u00e1lis teljes\u00edtm\u00e9ny fenntart\u00e1sa \u00e9s a kop\u00e1ssal \u00e9s elhaszn\u00e1l\u00f3d\u00e1ssal kapcsolatos esetleges probl\u00e9m\u00e1k megel\u0151z\u00e9se \u00e9rdek\u00e9ben.<\/p>\n<h2>Rendszeres ellen\u0151rz\u00e9s \u00e9s megel\u0151z\u0151 karbantart\u00e1s<\/h2>\n<ul>\n<li><strong>Vizu\u00e1lis ellen\u0151rz\u00e9s:<\/strong> Rendszeresen v\u00e9gezzen vizu\u00e1lis ellen\u0151rz\u00e9st a kop\u00e1s, sziv\u00e1rg\u00e1s vagy s\u00e9r\u00fcl\u00e9s jelei ut\u00e1n kutatva. Ez seg\u00edt azonos\u00edtani a probl\u00e9m\u00e1kat, miel\u0151tt azok komolyabb probl\u00e9m\u00e1kk\u00e1 fajuln\u00e1nak.<\/li>\n<li><strong>Ken\u00e9s:<\/strong> Gy\u0151z\u0151dj\u00f6n meg r\u00f3la, hogy minden mozg\u00f3 alkatr\u00e9sz megfelel\u0151en kenve van a s\u00farl\u00f3d\u00e1s \u00e9s a kop\u00e1s cs\u00f6kkent\u00e9se \u00e9rdek\u00e9ben. A ken\u00e9st a haszn\u00e1lat gyakoris\u00e1ga alapj\u00e1n \u00fctemezze be az optim\u00e1lis teljes\u00edtm\u00e9ny fenntart\u00e1sa \u00e9rdek\u00e9ben.<\/li>\n<li><strong>T\u00f6m\u00edt\u00e9scsere:<\/strong> Rendszeresen ellen\u0151rizze a t\u00f6m\u00edt\u00e9sek \u00e1llapot\u00e1t, \u00e9s sz\u00fcks\u00e9g szerint cser\u00e9lje ki azokat, hogy megakad\u00e1lyozza a hidraulikafolyad\u00e9k sziv\u00e1rg\u00e1s\u00e1t, amely vesz\u00e9lyeztetheti a rendszer integrit\u00e1s\u00e1t.<\/li>\n<\/ul>\n<h2>A g\u00e9mhenger telep\u00edt\u00e9si \u00fatmutat\u00f3ja<\/h2>\n<p>A g\u00e9mhenger megfelel\u0151 beszerel\u00e9se elengedhetetlen az optim\u00e1lis teljes\u00edtm\u00e9ny \u00e9s hossz\u00fa \u00e9lettartam \u00e9rdek\u00e9ben. A beszerel\u00e9s sor\u00e1n \u00fcgyeljen a k\u00f6vetkez\u0151 l\u00e9p\u00e9sek betart\u00e1s\u00e1ra:<\/p>\n<ol>\n<li><strong>A r\u00f6gz\u00edt\u00e9si ter\u00fclet el\u0151k\u00e9sz\u00edt\u00e9se:<\/strong> Telep\u00edt\u00e9s el\u0151tt tiszt\u00edtsa meg a r\u00f6gz\u00edt\u00e9si ter\u00fcletet, hogy elt\u00e1vol\u00edtsa a t\u00f6rmel\u00e9ket vagy a r\u00e9gi t\u00f6m\u00edt\u0151anyagot, amelyek akad\u00e1lyozhatj\u00e1k a megfelel\u0151 be\u00e1ll\u00edt\u00e1st.<\/li>\n<li><strong>A henger igaz\u00edt\u00e1sa:<\/strong> \u00d3vatosan igaz\u00edtsa be a hidraulikus hengert a r\u00f6gz\u00edt\u00e9si pontokhoz. Sz\u00fcks\u00e9g eset\u00e9n haszn\u00e1ljon be\u00e1ll\u00edt\u00f3 eszk\u00f6z\u00f6ket a pontoss\u00e1g biztos\u00edt\u00e1sa \u00e9rdek\u00e9ben.<\/li>\n<li><strong>A henger r\u00f6gz\u00edt\u00e9se:<\/strong> Haszn\u00e1ljon megfelel\u0151 r\u00f6gz\u00edt\u0151konzolokat \u00e9s r\u00f6gz\u00edt\u0151ket a henger biztons\u00e1gos r\u00f6gz\u00edt\u00e9s\u00e9hez. Gy\u0151z\u0151dj\u00f6n meg arr\u00f3l, hogy minden csatlakoz\u00e1s szoros, hogy megakad\u00e1lyozza a m\u0171k\u00f6d\u00e9s k\u00f6zbeni elmozdul\u00e1st.<\/li>\n<li><strong>Hidraulikus vezet\u00e9kek csatlakoztat\u00e1sa:<\/strong> Csatlakoztassa a hidraulikavezet\u00e9keket a hengerhez, \u00fcgyelve a megfelel\u0151 r\u00f6gz\u00edt\u00e9sre a sziv\u00e1rg\u00e1sok elker\u00fcl\u00e9se \u00e9rdek\u00e9ben.<\/li>\n<li><strong>Teszt\u00fczem:<\/strong> A beszerel\u00e9s ut\u00e1n v\u00e9gezzen pr\u00f3ba\u00fczemet, hogy megbizonyosodjon arr\u00f3l, hogy a henger a v\u00e1rt m\u00f3don m\u0171k\u00f6dik. Ellen\u0151rizze a sziv\u00e1rg\u00e1sokat, \u00e9s sz\u00fcks\u00e9g eset\u00e9n v\u00e9gezze el a be\u00e1ll\u00edt\u00e1sokat.<\/li>\n<\/ol>\n<h2>Gyakori karbantart\u00e1si feladatok<\/h2>\n<ul>\n<li><strong>Rendszeres ellen\u0151rz\u00e9sek:<\/strong> \u00dctemezzen be rendszeres ellen\u0151rz\u00e9seket a sziv\u00e1rg\u00e1sok, kop\u00e1sok \u00e9s s\u00e9r\u00fcl\u00e9sek ellen\u0151rz\u00e9s\u00e9re. A korai felismer\u00e9s megel\u0151zheti a k\u00f6lts\u00e9ges jav\u00edt\u00e1sokat.<\/li>\n<li><strong>Megfelel\u0151 ken\u00e9s:<\/strong> A z\u00f6kken\u0151mentes m\u0171k\u00f6d\u00e9s \u00e9s az \u00e9lettartam meghosszabb\u00edt\u00e1sa \u00e9rdek\u00e9ben \u00fcgyeljen arra, hogy a henger a gy\u00e1rt\u00f3 el\u0151\u00edr\u00e1sainak megfelel\u0151en legyen kenve.<\/li>\n<li><strong>T\u00f6m\u00edt\u00e9scsere:<\/strong> A kopott vagy s\u00e9r\u00fclt t\u00f6m\u00edt\u00e9seket halad\u00e9ktalanul cser\u00e9lje ki a hidraulikafolyad\u00e9k sziv\u00e1rg\u00e1s\u00e1nak megel\u0151z\u00e9se \u00e9s a rendszer hat\u00e9konys\u00e1g\u00e1nak fenntart\u00e1sa \u00e9rdek\u00e9ben.<\/li>\n<\/ul>\n<p>A henger megfelel\u0151 beszerel\u00e9se \u00e9s be\u00e1ll\u00edt\u00e1sa elengedhetetlen a z\u00f6kken\u0151mentes m\u0171k\u00f6d\u00e9shez. Haszn\u00e1ljon megfelel\u0151 r\u00f6gz\u00edt\u0151konzolokat a henger r\u00f6gz\u00edt\u00e9s\u00e9hez, \u00e9s gy\u0151z\u0151dj\u00f6n meg arr\u00f3l, hogy az \u00f6sszes hidraulikus csatlakoz\u00e1s szoros. Rendszeresen ellen\u0151rizze, jav\u00edtsa \u00e9s cser\u00e9lje ki az alkatr\u00e9szeket sz\u00fcks\u00e9g szerint a hidraulikus rendszer m\u0171k\u00f6d\u0151k\u00e9pess\u00e9g\u00e9nek fenntart\u00e1sa \u00e9rdek\u00e9ben. Ezen elj\u00e1r\u00e1sok betart\u00e1sa jelent\u0151sen jav\u00edthatja a g\u00e9mhenger \u00e9lettartam\u00e1t.<\/p>\n<p><img decoding=\"async\" src=\"https:\/\/www.hydraulic-cylinders.net\/wp-content\/uploads\/2025\/04\/songte-chushion-collar.webp\" alt=\"P\u00e1rna gall\u00e9r\" \/><\/p>\n<h2>Biztons\u00e1gi szempontok \u00e9s k\u00f6rnyezeti t\u00e9nyez\u0151k<\/h2>\n<p>A biztons\u00e1gi int\u00e9zked\u00e9sek kulcsfontoss\u00e1g\u00faak a g\u00e9mhengerek hidraulikus rendszerekben t\u00f6rt\u00e9n\u0151 haszn\u00e1latakor. A kezel\u0151ket ki kell k\u00e9pezni, hogy meg\u00e9rts\u00e9k a hidraulikus g\u00e9pekkel kapcsolatos kock\u00e1zatokat \u00e9s a biztons\u00e1gi protokollok betart\u00e1s\u00e1nak fontoss\u00e1g\u00e1t. A szem\u00e9lyi v\u00e9d\u0151felszerel\u00e9sek (PPE) haszn\u00e1lata elengedhetetlen a munkav\u00e1llal\u00f3k v\u00e9delme \u00e9rdek\u00e9ben a lehets\u00e9ges vesz\u00e9lyekt\u0151l, p\u00e9ld\u00e1ul a hidraulikafolyad\u00e9k-sziv\u00e1rg\u00e1sokt\u00f3l, amelyek biztons\u00e1gi kock\u00e1zatokat \u00e9s k\u00f6rnyezeti agg\u00e1lyokat jelenthetnek.<\/p>\n<p>Fontos tiszt\u00e1ban lenni a hidraulikafolyad\u00e9k k\u00f6rnyezeti hat\u00e1s\u00e1val is. A hidraulikafolyad\u00e9kok megfelel\u0151 \u00e1rtalmatlan\u00edt\u00e1sa \u00e9s kezel\u00e9se elengedhetetlen a talaj \u00e9s a v\u00edzforr\u00e1sok szennyez\u0151d\u00e9s\u00e9nek megel\u0151z\u00e9se \u00e9rdek\u00e9ben. A k\u00f6rnyezetv\u00e9delmi el\u0151\u00edr\u00e1sok \u00e9s a legjobb gyakorlatok betart\u00e1sa seg\u00edthet enyh\u00edteni a hidraulikus rendszerek k\u00f6rnyezetre gyakorolt \u200b\u200bhat\u00e1s\u00e1t.<\/p>\n<h2>Hibadiagn\u00f3zis \u00e9s gyakori probl\u00e9m\u00e1k<\/h2>\n<ul>\n<li><strong>Folyad\u00e9ksziv\u00e1rg\u00e1s:<\/strong> Ez az egyik leggyakoribb probl\u00e9ma a hidraulikus hengerekkel kapcsolatban. Ellen\u0151rizze a t\u00f6m\u00edt\u00e9seket \u00e9s csatlakoz\u00e1sokat kop\u00e1s vagy s\u00e9r\u00fcl\u00e9s szempontj\u00e1b\u00f3l, amelyek sziv\u00e1rg\u00e1st okozhatnak.<\/li>\n<li><strong>Lass\u00fa m\u0171k\u00f6d\u00e9s:<\/strong> Ha a henger lassan m\u0171k\u00f6dik, az alacsony hidraulikafolyad\u00e9k-szintre vagy a hidraulikaszivatty\u00fa probl\u00e9m\u00e1j\u00e1ra utalhat. Ellen\u0151rizze a folyad\u00e9kszintet, \u00e9s vizsg\u00e1lja meg a szivatty\u00fat esetleges probl\u00e9m\u00e1k szempontj\u00e1b\u00f3l.<\/li>\n<li><strong>Szokatlan zajok:<\/strong> A m\u0171k\u00f6d\u00e9s k\u00f6zbeni szokatlan zajok mechanikai probl\u00e9m\u00e1kra utalhatnak, p\u00e9ld\u00e1ul kopott csap\u00e1gyakra vagy el\u00e9gtelen ken\u00e9sre. Vizsg\u00e1lja meg a zaj forr\u00e1s\u00e1t, \u00e9s tegyen korrekci\u00f3s int\u00e9zked\u00e9seket.<\/li>\n<\/ul>\n<h2>Hibaelh\u00e1r\u00edt\u00e1si tippek \u00e9s megold\u00e1sok<\/h2>\n<p>A hat\u00e9kony hibaelh\u00e1r\u00edt\u00e1s a probl\u00e9ma t\u00fcneteinek azonos\u00edt\u00e1s\u00e1val kezd\u0151dik. Folyad\u00e9ksziv\u00e1rg\u00e1s eset\u00e9n ellen\u0151rizze a t\u00f6m\u00edt\u00e9seket \u00e9s szerelv\u00e9nyeket s\u00e9r\u00fcl\u00e9sek szempontj\u00e1b\u00f3l, \u00e9s sz\u00fcks\u00e9g eset\u00e9n cser\u00e9lje ki \u0151ket. Ha a henger lassan m\u0171k\u00f6dik, ellen\u0151rizze a hidraulikafolyad\u00e9k szintj\u00e9t, \u00e9s ha alacsony, t\u00f6ltse fel. Ezenk\u00edv\u00fcl ellen\u0151rizze a hidraulikaszivatty\u00fa teljes\u00edtm\u00e9ny\u00e9t is.<\/p>\n<p>A lehets\u00e9ges probl\u00e9m\u00e1k minimaliz\u00e1l\u00e1sa \u00e9rdek\u00e9ben hozzon l\u00e9tre rendszeres karbantart\u00e1si \u00fctemtervet, amely mag\u00e1ban foglalja az ellen\u0151rz\u00e9seket, a ken\u00e9st \u00e9s az azonos\u00edtott probl\u00e9m\u00e1k azonnali jav\u00edt\u00e1s\u00e1t. A kezel\u0151k k\u00e9pz\u00e9se a probl\u00e9m\u00e1k korai jeleinek felismer\u00e9s\u00e9r\u0151l tov\u00e1bb cs\u00f6kkentheti a jelent\u0151s meghib\u00e1sod\u00e1sok kock\u00e1zat\u00e1t.<\/p>\n<p><img decoding=\"async\" src=\"https:\/\/www.hydraulic-cylinders.net\/wp-content\/uploads\/2025\/04\/songte-bushings-with-all-kinds-of-excavator-models.webp\" alt=\"Perselyek kotr\u00f3g\u00e9p modellekhez\" \/><\/p>\n<h2>C\u00e9g\u00fcnkr\u0151l<\/h2>\n<p>Vezet\u0151 gy\u00e1rt\u00f3 \u00e9s nagykeresked\u0151 vagyunk a p\u00f3talkatr\u00e9szek hidraulikus hengerei ter\u00e9n, sz\u00e9les term\u00e9kv\u00e1laszt\u00e9kot k\u00edn\u00e1lva a hazai \u00e9s a nemzetk\u00f6zi piacokon. A kiv\u00e1l\u00f3s\u00e1g ir\u00e1nti elk\u00f6telezetts\u00e9g\u00fcnket apr\u00f3l\u00e9kos gy\u00e1rt\u00e1sir\u00e1ny\u00edt\u00e1si strat\u00e9gi\u00e1ink t\u00fckr\u00f6zik, amelyek a legmodernebb technol\u00f3gi\u00e1t \u00e9s a k\u00e9pzett munkaer\u0151t alkalmazz\u00e1k.<\/p>\n<p>L\u00e9tes\u00edtm\u00e9nyeink fejlett digit\u00e1lis gy\u00e1rt\u00f3berendez\u00e9sekkel \u00e9s \u00e1tfog\u00f3 min\u0151s\u00e9gellen\u0151rz\u00e9si rendszerrel rendelkeznek. Ez a kombin\u00e1ci\u00f3 lehet\u0151v\u00e9 teszi sz\u00e1munkra, hogy folyamatosan fejlessz\u00fck termel\u00e9si k\u00e9pess\u00e9geinket, mik\u00f6zben hat\u00e9konyan el\u00e9g\u00edtj\u00fck ki \u00fcgyfeleink v\u00e1ltozatos ig\u00e9nyeit. A nagy hat\u00e9konys\u00e1got, a pontoss\u00e1got \u00e9s a min\u0151s\u00e9get helyezz\u00fck el\u0151t\u00e9rbe annak \u00e9rdek\u00e9ben, hogy term\u00e9keink fel\u00fclm\u00falj\u00e1k \u00fcgyfeleink elv\u00e1r\u00e1sait.<\/p>\n<p>Gy\u00e1rt\u00e1si k\u00e9pess\u00e9geink mellett egyedi szolg\u00e1ltat\u00e1sokat is k\u00edn\u00e1lunk, amelyeket az \u00fcgyfelek egyedi ig\u00e9nyeinek kiel\u00e9g\u00edt\u00e9s\u00e9re szabunk. Nemzetk\u00f6zi tan\u00fas\u00edtv\u00e1nyaink meger\u0151s\u00edtik elk\u00f6telezetts\u00e9g\u00fcnket a min\u0151s\u00e9gi \u00e9s biztons\u00e1gi szabv\u00e1nyok ir\u00e1nt. Kiv\u00e9teles \u00e9rt\u00e9kes\u00edt\u00e9s ut\u00e1ni t\u00e1mogat\u00e1st is ny\u00fajtunk, biztos\u00edtva, hogy \u00fcgyfeleink hozz\u00e1f\u00e9rjenek a sz\u00fcks\u00e9ges seg\u00edts\u00e9ghez term\u00e9keink teljes \u00e9letciklusa alatt.<\/p>\n<p><img decoding=\"async\" src=\"https:\/\/www.hydraulic-cylinders.net\/wp-content\/uploads\/2025\/04\/songte-company-4.webp\" alt=\"C\u00e9gk\u00e9p 1\" \/><br \/>\n<img decoding=\"async\" src=\"https:\/\/www.hydraulic-cylinders.net\/wp-content\/uploads\/2025\/04\/songte-company-3.webp\" alt=\"C\u00e9gk\u00e9p 2\" \/><\/p>\n<p>Szerz\u0151: lyl<\/p>","protected":false},"excerpt":{"rendered":"<p>Boom Cylinder For Caterpillar Large Excavator E345DL Introduction to Boom Cylinder The Boom Cylinder is a critical component in hydraulic systems, specifically designed to manage the movement of buckets in heavy machinery such as excavators, backhoe loaders, and front loaders. This hydraulic cylinder enables the bucket to lift, lower, and tilt, facilitating efficient material handling [&hellip;]<\/p>","protected":false},"featured_media":17872,"comment_status":"open","ping_status":"closed","template":"","meta":{"_et_pb_use_builder":"","_et_pb_old_content":"","_et_gb_content_width":""},"product_brand":[],"product_cat":[1546],"product_tag":[1547,1496],"class_list":{"0":"post-18975","1":"product","2":"type-product","3":"status-publish","4":"has-post-thumbnail","6":"product_cat-boom-cylinders","7":"product_tag-boom-cylinders","8":"product_tag-hydraulic-cylinders","10":"first","11":"instock","12":"shipping-taxable","13":"product-type-simple"},"amp_enabled":true,"_links":{"self":[{"href":"https:\/\/www.hydraulic-cylinders.net\/hu\/wp-json\/wp\/v2\/product\/18975","targetHints":{"allow":["GET"]}}],"collection":[{"href":"https:\/\/www.hydraulic-cylinders.net\/hu\/wp-json\/wp\/v2\/product"}],"about":[{"href":"https:\/\/www.hydraulic-cylinders.net\/hu\/wp-json\/wp\/v2\/types\/product"}],"replies":[{"embeddable":true,"href":"https:\/\/www.hydraulic-cylinders.net\/hu\/wp-json\/wp\/v2\/comments?post=18975"}],"wp:featuredmedia":[{"embeddable":true,"href":"https:\/\/www.hydraulic-cylinders.net\/hu\/wp-json\/wp\/v2\/media\/17872"}],"wp:attachment":[{"href":"https:\/\/www.hydraulic-cylinders.net\/hu\/wp-json\/wp\/v2\/media?parent=18975"}],"wp:term":[{"taxonomy":"product_brand","embeddable":true,"href":"https:\/\/www.hydraulic-cylinders.net\/hu\/wp-json\/wp\/v2\/product_brand?post=18975"},{"taxonomy":"product_cat","embeddable":true,"href":"https:\/\/www.hydraulic-cylinders.net\/hu\/wp-json\/wp\/v2\/product_cat?post=18975"},{"taxonomy":"product_tag","embeddable":true,"href":"https:\/\/www.hydraulic-cylinders.net\/hu\/wp-json\/wp\/v2\/product_tag?post=18975"}],"curies":[{"name":"munkaf\u00fczet","href":"https:\/\/api.w.org\/{rel}","templated":true}]}}