{"id":18998,"date":"2025-04-07T06:06:26","date_gmt":"2025-04-07T06:06:26","guid":{"rendered":"https:\/\/www.hydraulic-cylinders.net\/product\/boom-cylinder-for-doosan-middle-excavator-dh215-9e-2\/"},"modified":"2025-04-07T06:06:29","modified_gmt":"2025-04-07T06:06:29","slug":"boom-cylinder-for-doosan-middle-excavator-dh215-9e-2","status":"publish","type":"product","link":"https:\/\/www.hydraulic-cylinders.net\/hu\/termek\/boom-cylinder-for-doosan-middle-excavator-dh215-9e-2\/","title":{"rendered":"Doosan DH215-9E k\u00f6z\u00e9pkotr\u00f3g\u00e9p g\u00e9mhenger"},"content":{"rendered":"<h1>Doosan DH215-9E k\u00f6z\u00e9pkotr\u00f3g\u00e9p g\u00e9mhenger<\/h1>\n<h2>Bevezet\u00e9s a g\u00e9mhengerekbe<\/h2>\n<p>A g\u00e9mhenger egy olyan hidraulikus henger, amelyet kifejezetten a kanalak mozg\u00e1s\u00e1nak vez\u00e9rl\u00e9s\u00e9re terveztek k\u00fcl\u00f6nf\u00e9le neh\u00e9zg\u00e9pekben, p\u00e9ld\u00e1ul kotr\u00f3g\u00e9pekben, kotr\u00f3rakod\u00f3kban \u00e9s homlokrakod\u00f3kban. Ezek a hengerek lehet\u0151v\u00e9 teszik a kan\u00e1l emel\u00e9s\u00e9t, s\u00fcllyeszt\u00e9s\u00e9t \u00e9s billent\u00e9s\u00e9t, megk\u00f6nny\u00edtve a hat\u00e9kony anyagmozgat\u00e1si feladatokat. Ezen hengerek m\u0171k\u00f6d\u00e9se kulcsfontoss\u00e1g\u00fa a hidraulikus rendszerekben, ahol a hidraulikus folyad\u00e9k nyom\u00e1s\u00e1t mechanikai er\u0151v\u00e9 alak\u00edtj\u00e1k, lehet\u0151v\u00e9 t\u00e9ve a prec\u00edz f\u00f6ldmunk\u00e1t \u00e9s a terhel\u00e9skezel\u00e9st.<\/p>\n<p><img decoding=\"async\" src=\"https:\/\/www.hydraulic-cylinders.net\/wp-content\/uploads\/2025\/04\/songte-company-1.webp\" alt=\"G\u00e9mhenger k\u00e9pe\"><\/p>\n<h3>Funkcionalit\u00e1s \u00e9s alkalmaz\u00e1s<\/h3>\n<p>Egy hidraulikus rendszerben a g\u00e9mhengerek szerves szerepet j\u00e1tszanak. Lehet\u0151v\u00e9 teszik a neh\u00e9zg\u00e9pkezel\u0151k sz\u00e1m\u00e1ra, hogy k\u00f6nnyed\u00e9n elv\u00e9gezzenek \u00f6sszetett feladatokat, p\u00e9ld\u00e1ul \u00e1s\u00e1st, emel\u00e9st \u00e9s terhek mozgat\u00e1s\u00e1t k\u00fcl\u00f6nb\u00f6z\u0151 terepeken. A hidraulikus g\u00e9mhengerek \u00fagy m\u0171k\u00f6dnek, hogy lehet\u0151v\u00e9 teszik a folyad\u00e9k mozg\u00e1s\u00e1t benn\u00fck, szab\u00e1lyozott mozg\u00e1st hozva l\u00e9tre, ami elengedhetetlen a f\u00f6ldmunk\u00e1k hat\u00e9konys\u00e1g\u00e1hoz.<\/p>\n<h2>A g\u00e9mhenger jellemz\u0151i<\/h2>\n<ul>\n<li><strong>Nagy szil\u00e1rds\u00e1g \u00e9s tart\u00f3ss\u00e1g:<\/strong> Nagy szil\u00e1rds\u00e1g\u00fa ac\u00e9lb\u00f3l vagy alum\u00edniumb\u00f3l k\u00e9sz\u00fcltek, ezek a hengerek ellen\u00e1llnak a nagy nyom\u00e1snak \u00e9s a nagy terhel\u00e9seknek, \u00edgy alkalmasak a zord munkak\u00f6rnyezetre.<\/li>\n<li><strong>Hat\u00e9kony hidraulikus m\u0171k\u00f6dtet\u00e9s:<\/strong> A hidraulikaolaj nyom\u00e1s\u00e1t kihaszn\u00e1lva a hengerek sima teleszk\u00f3pos mozg\u00e1st \u00e9s gyors reag\u00e1l\u00e1st tesznek lehet\u0151v\u00e9 a kezel\u0151i parancsokra.<\/li>\n<li><strong>K\u00fcl\u00f6nb\u00f6z\u0151 t\u00edpusok:<\/strong> Egyszeres \u00e9s kett\u0151s m\u0171k\u00f6d\u00e9s\u0171 konfigur\u00e1ci\u00f3kban kaphat\u00f3 a k\u00fcl\u00f6nf\u00e9le m\u0171k\u00f6d\u00e9si ig\u00e9nyek kiel\u00e9g\u00edt\u00e9s\u00e9re, egyes modellek teleszk\u00f3pos kialak\u00edt\u00e1ssal rendelkeznek a nagyobb hat\u00f3t\u00e1vols\u00e1g \u00e9rdek\u00e9ben.<\/li>\n<li><strong>Korr\u00f3zi\u00f3\u00e1ll\u00f3s\u00e1g:<\/strong> Kop\u00e1s- \u00e9s korr\u00f3zi\u00f3\u00e1ll\u00f3 anyagokb\u00f3l k\u00e9sz\u00fclt, meghosszabb\u00edtva a term\u00e9k \u00e9lettartam\u00e1t \u00e9s biztos\u00edtva a megb\u00edzhat\u00f3 teljes\u00edtm\u00e9nyt.<\/li>\n<li><strong>K\u00f6nny\u0171 karbantart\u00e1s:<\/strong> K\u00f6nny\u0171 karbantart\u00e1sra tervezve, biztos\u00edtva a hossz\u00fa \u00e9lettartamot \u00e9s a fenntarthat\u00f3 m\u0171k\u00f6d\u00e9si hat\u00e9konys\u00e1got.<\/li>\n<\/ul>\n<h2>Gy\u00e1rt\u00e1si kapacit\u00e1s<\/h2>\n<p>Kiv\u00e1l\u00f3 min\u0151s\u00e9g\u0171 g\u00e9mhengerek gy\u00e1rt\u00e1s\u00e1ban jelesked\u00fcnk, amelyek t\u00f6k\u00e9letesen helyettes\u00edthetik a megl\u00e9v\u0151 hidraulikus hengereket. Term\u00e9keinket \u00fcgyfeleink speci\u00e1lis ig\u00e9nyeinek kiel\u00e9g\u00edt\u00e9s\u00e9re tervezz\u00fck, mik\u00f6zben biztos\u00edtjuk a magas hat\u00e9konys\u00e1got \u00e9s megb\u00edzhat\u00f3s\u00e1got.<\/p>\n<p><img decoding=\"async\" src=\"https:\/\/www.hydraulic-cylinders.net\/wp-content\/uploads\/2025\/04\/songte-cylinder-head-with-all-kinds-excavator-models.webp\" alt=\"Hengeres term\u00e9kek\"><\/p>\n<h2>Alkalmaz\u00e1si forgat\u00f3k\u00f6nyvek<\/h2>\n<h3>\u00c9p\u00edt\u0151ipari berendez\u00e9sek<\/h3>\n<p>A kotr\u00f3g\u00e9pekben a g\u00e9mhengerek l\u00e9tfontoss\u00e1g\u00faak az \u00e1s\u00e1shoz, a rakod\u00e1shoz \u00e9s a f\u00f6ld vagy t\u00f6rmel\u00e9k mozgat\u00e1s\u00e1hoz. Megk\u00f6nny\u00edtik a m\u00e9ly talajba \u00e1s\u00e1st, lehet\u0151v\u00e9 t\u00e9ve a kezel\u0151k sz\u00e1m\u00e1ra a feladatok hat\u00e9kony elv\u00e9gz\u00e9s\u00e9t. A kotr\u00f3g\u00e9p-rakod\u00f3kban ezek a hengerek mind az \u00e1s\u00e1st, mind az emel\u00e9st seg\u00edtik, ami elengedhetetlennek bizonyul a sokoldal\u00fa \u00e9p\u00edt\u00e9si m\u0171veletekhez.<\/p>\n<h3>Mez\u0151gazdas\u00e1gi g\u00e9pek<\/h3>\n<p>A homlokrakod\u00f3k g\u00e9mhengereket haszn\u00e1lnak a talaj, sz\u00e9na \u00e9s egy\u00e9b anyagok mer\u00e9s\u00e9re, emel\u00e9s\u00e9re \u00e9s sz\u00e1ll\u00edt\u00e1s\u00e1ra. Robusztus szerkezet\u00fck lehet\u0151v\u00e9 teszi a neh\u00e9z mez\u0151gazdas\u00e1gi term\u00e9kek hat\u00e9kony kezel\u00e9s\u00e9t, jav\u00edtva a mez\u0151gazdas\u00e1gi m\u0171veletek termel\u00e9kenys\u00e9g\u00e9t.<\/p>\n<h3>Kotr\u00f3g\u00e9pek<\/h3>\n<p>A g\u00e9mhenger lehet\u0151v\u00e9 teszi, hogy a kan\u00e1l behatoljon a talajba, lehet\u0151v\u00e9 t\u00e9ve a hat\u00e9kony \u00e1s\u00e1si m\u0171veleteket. Ez a k\u00e9pess\u00e9g kritikus fontoss\u00e1g\u00fa a f\u00f6ldmunk\u00e1kn\u00e1l, ahol pontoss\u00e1gra \u00e9s teljes\u00edtm\u00e9nyre van sz\u00fcks\u00e9g a k\u00fcl\u00f6nb\u00f6z\u0151 talajviszonyok k\u00f6z\u00f6tti navig\u00e1l\u00e1shoz.<\/p>\n<h3>Rakod\u00f3k<\/h3>\n<p>A homlokrakod\u00f3kban a g\u00e9mhengerek seg\u00edtenek a rakom\u00e1nyok emel\u00e9s\u00e9ben \u00e9s \u00fcr\u00edt\u00e9s\u00e9ben, n\u00f6velve a rakom\u00e1nykezel\u00e9s hat\u00e9konys\u00e1g\u00e1t. Kialak\u00edt\u00e1suk lehet\u0151v\u00e9 teszi a z\u00f6kken\u0151mentes m\u0171k\u00f6d\u00e9st, \u00edgy n\u00e9lk\u00fcl\u00f6zhetetlenek a be- \u00e9s kirakod\u00e1si feladatokban.<\/p>\n<h2>Tervez\u00e9si szempontok \u00e9s kiv\u00e1laszt\u00e1si krit\u00e9riumok<\/h2>\n<h3>Teherb\u00edr\u00e1s<\/h3>\n<p>G\u00e9mhenger kiv\u00e1laszt\u00e1sakor kulcsfontoss\u00e1g\u00fa figyelembe venni a teherb\u00edr\u00e1s\u00e1t. Ez hat\u00e1rozza meg a henger \u00e1ltal elb\u00edrt maxim\u00e1lis s\u00falyt a biztons\u00e1g vagy a funkcionalit\u00e1s vesz\u00e9lyeztet\u00e9se n\u00e9lk\u00fcl. A nagy kapacit\u00e1s\u00fa hengerek elengedhetetlenek a nagy ig\u00e9nybev\u00e9telt jelent\u0151 alkalmaz\u00e1sokhoz, biztos\u00edtva, hogy elb\u00edrj\u00e1k az emelt terhek s\u00faly\u00e1t.<\/p>\n<h3>T\u00f6m\u00edt\u00e9si teljes\u00edtm\u00e9ny<\/h3>\n<p>A hat\u00e9kony t\u00f6m\u00edt\u00e9s elengedhetetlen a hidraulikafolyad\u00e9k sziv\u00e1rg\u00e1s\u00e1nak megakad\u00e1lyoz\u00e1s\u00e1hoz \u00e9s a hengeren bel\u00fcli optim\u00e1lis nyom\u00e1s fenntart\u00e1s\u00e1hoz. A poliuret\u00e1nb\u00f3l \u00e9s nitrilgumib\u00f3l k\u00e9sz\u00fclt min\u0151s\u00e9gi t\u00f6m\u00edt\u00e9sek biztos\u00edtj\u00e1k a hossz\u00fa \u00e9lettartamot \u00e9s a hat\u00e9kony m\u0171k\u00f6d\u00e9st. A t\u00f6m\u00edt\u00e9sek rendszeres ellen\u0151rz\u00e9se elengedhetetlen a folyad\u00e9kvesztes\u00e9g elker\u00fcl\u00e9se \u00e9s a teljes\u00edtm\u00e9ny fenntart\u00e1sa \u00e9rdek\u00e9ben.<\/p>\n<h3>Tart\u00f3ss\u00e1g<\/h3>\n<p>A tart\u00f3ss\u00e1g kulcsfontoss\u00e1g\u00fa t\u00e9nyez\u0151, k\u00fcl\u00f6n\u00f6sen zord munkak\u00f6r\u00fclm\u00e9nyek k\u00f6z\u00f6tt. Egy j\u00f3l megtervezett g\u00e9mhengernek ellen\u00e1ll\u00f3nak kell lennie a kop\u00e1ssal, a korr\u00f3zi\u00f3val \u00e9s a k\u00f6rnyezeti t\u00e9nyez\u0151kkel szemben. Ez biztos\u00edtja, hogy a henger hossz\u00fa ideig m\u0171k\u00f6d\u0151k\u00e9pes maradjon, cs\u00f6kkentve a gyakori cser\u00e9k sz\u00fcks\u00e9gess\u00e9g\u00e9t.<\/p>\n<h3>Biztons\u00e1gi funkci\u00f3k<\/h3>\n<p>A biztons\u00e1gi mechanizmusok elengedhetetlenek a balesetek megel\u0151z\u00e9s\u00e9hez \u00fczem k\u00f6zben. A palackoknak olyan funkci\u00f3kkal kell rendelkezni\u00fck, mint a nyom\u00e1scs\u00f6kkent\u0151 szelepek a t\u00falterhel\u00e9s elker\u00fcl\u00e9se \u00e9rdek\u00e9ben, valamint olyan rendszerek, amelyek minimaliz\u00e1lj\u00e1k a katasztrof\u00e1lis meghib\u00e1sod\u00e1sok kock\u00e1zat\u00e1t. A biztons\u00e1gnak mindig priorit\u00e1st kell \u00e9lveznie a tervez\u00e9si szempontok sor\u00e1n.<\/p>\n<h3>Karbantarthat\u00f3s\u00e1g<\/h3>\n<p>Egy k\u00f6nnyen karbantarthat\u00f3 henger kiv\u00e1laszt\u00e1sa jelent\u0151sen cs\u00f6kkentheti az \u00fczemi \u00e1ll\u00e1sid\u0151t. Az egyszer\u0171 ellen\u0151rz\u00e9st, ken\u00e9st \u00e9s alkatr\u00e9szcser\u00e9t lehet\u0151v\u00e9 tev\u0151 funkci\u00f3k n\u00f6velik a m\u0171k\u00f6d\u00e9si hat\u00e9konys\u00e1got \u00e9s meghosszabb\u00edtj\u00e1k a term\u00e9k \u00e9lettartam\u00e1t.<\/p>\n<p><img decoding=\"async\" src=\"https:\/\/www.hydraulic-cylinders.net\/wp-content\/uploads\/2025\/04\/songte-oil-pipes-and-spare-parts.webp\" alt=\"Hidraulikus henger alkatr\u00e9szek\"><\/p>\n<h2>T\u00f6m\u00edt\u00e9s \u00e9s ken\u00e9s<\/h2>\n<p>K\u00fcl\u00f6nb\u00f6z\u0151 t\u00f6m\u00edt\u0151elemek, p\u00e9ld\u00e1ul dugatty\u00fat\u00f6m\u00edt\u00e9sek \u00e9s r\u00fadt\u00f6m\u00edt\u00e9sek haszn\u00e1lata kulcsfontoss\u00e1g\u00fa a g\u00e9mhenger integrit\u00e1s\u00e1nak meg\u0151rz\u00e9s\u00e9hez. A tart\u00f3s anyagokb\u00f3l, p\u00e9ld\u00e1ul poliuret\u00e1nb\u00f3l \u00e9s nitrilgumib\u00f3l k\u00e9sz\u00fclt t\u00f6m\u00edt\u00e9sek kiv\u00e1l\u00f3 kop\u00e1s\u00e1ll\u00f3s\u00e1got biztos\u00edtanak \u00e9s megakad\u00e1lyozz\u00e1k a sziv\u00e1rg\u00e1sokat. A hengertest \u00e9s a menetes v\u00e9gek prec\u00edzi\u00f3s megmunk\u00e1l\u00e1son esnek \u00e1t a kop\u00e1s\u00e1ll\u00f3s\u00e1g fokoz\u00e1sa \u00e9rdek\u00e9ben, biztos\u00edtva a henger z\u00f6kken\u0151mentes m\u0171k\u00f6d\u00e9s\u00e9t az id\u0151 m\u00fal\u00e1s\u00e1val.<\/p>\n<p>A megfelel\u0151 hidraulikaolajjal t\u00f6rt\u00e9n\u0151 rendszeres ken\u00e9s elengedhetetlen a z\u00f6kken\u0151mentes m\u0171k\u00f6d\u00e9s biztos\u00edt\u00e1s\u00e1hoz \u00e9s a kop\u00e1s megel\u0151z\u00e9s\u00e9hez. A kezel\u0151knek karbantart\u00e1si \u00fctemtervet kell k\u00f6vetni\u00fck a hidraulikaolaj sz\u00fcks\u00e9g szerinti felt\u00f6lt\u00e9s\u00e9hez, hogy a hengerek hat\u00e9konyan m\u0171k\u00f6djenek.<\/p>\n<h2>Megel\u0151z\u0151 karbantart\u00e1si int\u00e9zked\u00e9sek<\/h2>\n<ul>\n<li><strong>Rendszeres ellen\u0151rz\u00e9sek:<\/strong> A biztons\u00e1gos m\u0171k\u00f6d\u00e9s biztos\u00edt\u00e1sa \u00e9rdek\u00e9ben rendszeresen ellen\u0151rizze a g\u00e9mhengert kop\u00e1s, sziv\u00e1rg\u00e1s vagy s\u00e9r\u00fcl\u00e9s jelei szempontj\u00e1b\u00f3l.<\/li>\n<li><strong>Megfelel\u0151 ken\u00e9s:<\/strong> Tartson fenn k\u00f6vetkezetes ken\u00e9si \u00fctemtervet a hidraulikus alkatr\u00e9szek z\u00f6kken\u0151mentes m\u0171k\u00f6d\u00e9se \u00e9s a kop\u00e1s cs\u00f6kkent\u00e9se \u00e9rdek\u00e9ben.<\/li>\n<li><strong>T\u00f6m\u00edt\u00e9scsere:<\/strong> Figyelje a t\u00f6m\u00edt\u00e9sek teljes\u00edtm\u00e9ny\u00e9t, \u00e9s sz\u00fcks\u00e9g szerint cser\u00e9lje ki a t\u00f6m\u00edt\u00e9seket a folyad\u00e9ksziv\u00e1rg\u00e1s megel\u0151z\u00e9se \u00e9s a nyom\u00e1s fenntart\u00e1sa \u00e9rdek\u00e9ben.<\/li>\n<\/ul>\n<h2>Telep\u00edt\u00e9si \u00fatmutat\u00f3<\/h2>\n<p>A g\u00e9mhenger megfelel\u0151 beszerel\u00e9se elengedhetetlen az optim\u00e1lis teljes\u00edtm\u00e9nyhez. Kezdje azzal, hogy megbizonyosodik arr\u00f3l, hogy a r\u00f6gz\u00edt\u0151konzolok megfelel\u0151en illeszkednek a hengerhez. Haszn\u00e1ljon megfelel\u0151 r\u00f6gz\u00edt\u0151elemeket a henger r\u00f6gz\u00edt\u00e9s\u00e9hez, \u00fcgyelve arra, hogy az szil\u00e1rdan, holtj\u00e1t\u00e9k n\u00e9lk\u00fcl legyen r\u00f6gz\u00edtve. Fontos a henger pontos be\u00e1ll\u00edt\u00e1sa, hogy elker\u00fclje a hidraulikus rendszer t\u00falzott terhel\u00e9s\u00e9t.<\/p>\n<p>A telep\u00edt\u00e9s ut\u00e1n \u00f3vatosan csatlakoztassa a hidraulikavezet\u00e9keket, \u00fcgyelve arra, hogy ne legyenek t\u00f6r\u00e9sek vagy csavarod\u00e1sok, amelyek akad\u00e1lyozhatj\u00e1k a folyad\u00e9k \u00e1raml\u00e1s\u00e1t. Csatlakoztat\u00e1s ut\u00e1n l\u00e9gtelen\u00edtse a rendszert, hogy elt\u00e1vol\u00edtsa a bennrekedt leveg\u0151t, biztos\u00edtva a z\u00f6kken\u0151mentes m\u0171k\u00f6d\u00e9st. A lehets\u00e9ges probl\u00e9m\u00e1k elker\u00fcl\u00e9se \u00e9rdek\u00e9ben mindig olvassa el a gy\u00e1rt\u00f3 \u00fatmutat\u00f3j\u00e1t a konkr\u00e9t telep\u00edt\u00e9si utas\u00edt\u00e1sok\u00e9rt.<\/p>\n<h2>Karbantart\u00e1si feladatok<\/h2>\n<ul>\n<li><strong>Rendszeres ellen\u0151rz\u00e9sek:<\/strong> Gy\u0151z\u0151dj\u00f6n meg arr\u00f3l, hogy a g\u00e9mhenger sziv\u00e1rg\u00e1s- \u00e9s s\u00e9r\u00fcl\u00e9smentes. Ellen\u0151rizze a t\u00f6m\u00edt\u00e9sek \u00e9s egy\u00e9b alkatr\u00e9szek kop\u00e1s\u00e1nak jeleit.<\/li>\n<li><strong>Megfelel\u0151 ken\u00e9s:<\/strong> \u00c1ll\u00edtson be egy ken\u00e9si rutint, biztos\u00edtva, hogy a hidraulikaolaj szintje mindig a megfelel\u0151 legyen a hat\u00e9kony m\u0171k\u00f6d\u00e9s \u00e9rdek\u00e9ben.<\/li>\n<li><strong>T\u00f6m\u00edt\u00e9scsere:<\/strong> Figyelje a t\u00f6m\u00edt\u00e9sek \u00e9ps\u00e9g\u00e9t, \u00e9s sz\u00fcks\u00e9g eset\u00e9n cser\u00e9lje ki azokat a m\u0171k\u00f6d\u00e9s fenntart\u00e1sa \u00e9s a sziv\u00e1rg\u00e1sok megel\u0151z\u00e9se \u00e9rdek\u00e9ben.<\/li>\n<\/ul>\n<h2>Biztons\u00e1gi szempontok \u00e9s k\u00f6rnyezeti t\u00e9nyez\u0151k<\/h2>\n<p>A biztons\u00e1gi int\u00e9zked\u00e9sek bevezet\u00e9se kulcsfontoss\u00e1g\u00fa a g\u00e9mhengerek haszn\u00e1lata sor\u00e1n. A kezel\u0151ket ki kell k\u00e9pezni a biztons\u00e1gos kezel\u00e9si gyakorlatokra, bele\u00e9rtve a v\u00e9d\u0151felszerel\u00e9sek helyes haszn\u00e1lat\u00e1t \u00e9s a hidraulikus rendszerekkel kapcsolatos kock\u00e1zatok meg\u00e9rt\u00e9s\u00e9t. A k\u00f6rnyezetv\u00e9delmi szempontok is jelent\u0151s szerepet j\u00e1tszanak \u2013 a hidraulikafolyad\u00e9kok k\u00f6rnyezetbe val\u00f3 sziv\u00e1rg\u00e1s\u00e1nak megakad\u00e1lyoz\u00e1sa seg\u00edt megv\u00e9deni az \u00f6kosziszt\u00e9m\u00e1kat.<\/p>\n<h2>Hibadiagn\u00f3zis \u00e9s gyakori probl\u00e9m\u00e1k<\/h2>\n<ul>\n<li><strong>Folyad\u00e9ksziv\u00e1rg\u00e1sok:<\/strong> Ellen\u0151rizze a hidraulikafolyad\u00e9k sziv\u00e1rg\u00e1s\u00e1nak jeleit, amelyek a t\u00f6m\u00edt\u00e9sek vagy csatlakoz\u00e1sok probl\u00e9m\u00e1ira utalhatnak. Rendszeresen ellen\u0151rizze a t\u00f6m\u00edt\u00e9seket, \u00e9s cser\u00e9lje ki \u0151ket, ha elkoptak.<\/li>\n<li><strong>Gyenge teljes\u00edtm\u00e9ny:<\/strong> Ha a henger nem reag\u00e1l hat\u00e9konyan, ellen\u0151rizze a hidraulikafolyad\u00e9k szintj\u00e9t, \u00e9s keressen leveg\u0151t a rendszerben. Sz\u00fcks\u00e9ges lehet a rendszer l\u00e9gtelen\u00edt\u00e9se.<\/li>\n<li><strong>Szokatlan zajok:<\/strong> M\u0171k\u00f6d\u00e9s k\u00f6zben hallhat\u00f3 zajok bels\u0151 probl\u00e9m\u00e1kra utalhatnak. Vizsg\u00e1lja meg a hengert s\u00e9r\u00fcl\u00e9sek vagy kop\u00e1sok szempontj\u00e1b\u00f3l, amelyek jav\u00edt\u00e1sra szorulhatnak.<\/li>\n<\/ul>\n<p>A rendszeres karbantart\u00e1s \u00e9s a probl\u00e9m\u00e1k id\u0151ben t\u00f6rt\u00e9n\u0151 megold\u00e1sa megel\u0151zheti a nagyobb probl\u00e9m\u00e1k kialakul\u00e1s\u00e1t, biztos\u00edtva a g\u00e9mhenger j\u00f3 m\u0171k\u00f6d\u0151k\u00e9pess\u00e9g\u00e9t.<\/p>\n<p><img decoding=\"async\" src=\"https:\/\/www.hydraulic-cylinders.net\/wp-content\/uploads\/2025\/04\/songte-bushings-with-all-kinds-of-excavator-models.webp\" alt=\"Perselyterm\u00e9kek\"><\/p>\n<h2>C\u00e9ginform\u00e1ci\u00f3<\/h2>\n<p>Vezet\u0151 gy\u00e1rt\u00f3 \u00e9s nagykeresked\u0151 vagyunk a hidraulikus munkahengerek ter\u00e9n. Kiterjedt term\u00e9kk\u00edn\u00e1latunknak k\u00f6sz\u00f6nhet\u0151en mind a hazai, mind a nemzetk\u00f6zi piacokon kulcsfontoss\u00e1g\u00fa szerepl\u0151v\u00e9 v\u00e1ltunk. A min\u0151s\u00e9get helyezz\u00fck el\u0151t\u00e9rbe, \u00e9s apr\u00f3l\u00e9kos gy\u00e1rt\u00e1sir\u00e1ny\u00edt\u00e1si strat\u00e9gi\u00e1kat alkalmazunk a kiv\u00e1l\u00f3 min\u0151s\u00e9g\u0171 termel\u00e9s biztos\u00edt\u00e1sa \u00e9rdek\u00e9ben.<\/p>\n<p>A kiv\u00e1l\u00f3s\u00e1g ir\u00e1nti elk\u00f6telezetts\u00e9g\u00fcnket fejlett gy\u00e1rt\u00f3berendez\u00e9sek, k\u00e9pzett m\u0171szaki szem\u00e9lyzet \u00e9s szigor\u00fa tesztel\u00e9si rendszerek t\u00e1mogatj\u00e1k, amelyek lehet\u0151v\u00e9 teszik sz\u00e1munkra, hogy folyamatosan fejlessz\u00fck termel\u00e9si k\u00e9pess\u00e9geinket. A nagy hat\u00e9konys\u00e1gra, a pontoss\u00e1gra \u00e9s a min\u0151s\u00e9gre \u00f6sszpontos\u00edtva igyeksz\u00fcnk kiel\u00e9g\u00edteni \u00fcgyfeleink sokr\u00e9t\u0171 ig\u00e9nyeit.<\/p>\n<p><img decoding=\"async\" src=\"https:\/\/www.hydraulic-cylinders.net\/wp-content\/uploads\/2025\/04\/songte-company-4.webp\" alt=\"C\u00e9ginform\u00e1ci\u00f3 k\u00e9pe\"><br \/>\n<img decoding=\"async\" src=\"https:\/\/www.hydraulic-cylinders.net\/wp-content\/uploads\/2025\/04\/songte-company-3.webp\" alt=\"V\u00e1llalati gy\u00e1rt\u00e1si k\u00e9p\"><\/p>\n<p>Szerz\u0151: lyl<\/p>","protected":false},"excerpt":{"rendered":"<p>Boom Cylinder For Doosan Middle Excavator DH215-9E Introduction to Boom Cylinders A boom cylinder is a type of hydraulic cylinder specifically designed to control the movement of buckets in various heavy machinery, such as excavators, backhoe loaders, and front loaders. These cylinders enable the bucket to lift, lower, and tilt, facilitating efficient material handling tasks. [&hellip;]<\/p>","protected":false},"featured_media":17880,"comment_status":"open","ping_status":"closed","template":"","meta":{"_et_pb_use_builder":"","_et_pb_old_content":"","_et_gb_content_width":""},"product_brand":[],"product_cat":[1546],"product_tag":[1547,1496],"class_list":{"0":"post-18998","1":"product","2":"type-product","3":"status-publish","4":"has-post-thumbnail","6":"product_cat-boom-cylinders","7":"product_tag-boom-cylinders","8":"product_tag-hydraulic-cylinders","10":"first","11":"instock","12":"shipping-taxable","13":"product-type-simple"},"amp_enabled":true,"_links":{"self":[{"href":"https:\/\/www.hydraulic-cylinders.net\/hu\/wp-json\/wp\/v2\/product\/18998","targetHints":{"allow":["GET"]}}],"collection":[{"href":"https:\/\/www.hydraulic-cylinders.net\/hu\/wp-json\/wp\/v2\/product"}],"about":[{"href":"https:\/\/www.hydraulic-cylinders.net\/hu\/wp-json\/wp\/v2\/types\/product"}],"replies":[{"embeddable":true,"href":"https:\/\/www.hydraulic-cylinders.net\/hu\/wp-json\/wp\/v2\/comments?post=18998"}],"wp:featuredmedia":[{"embeddable":true,"href":"https:\/\/www.hydraulic-cylinders.net\/hu\/wp-json\/wp\/v2\/media\/17880"}],"wp:attachment":[{"href":"https:\/\/www.hydraulic-cylinders.net\/hu\/wp-json\/wp\/v2\/media?parent=18998"}],"wp:term":[{"taxonomy":"product_brand","embeddable":true,"href":"https:\/\/www.hydraulic-cylinders.net\/hu\/wp-json\/wp\/v2\/product_brand?post=18998"},{"taxonomy":"product_cat","embeddable":true,"href":"https:\/\/www.hydraulic-cylinders.net\/hu\/wp-json\/wp\/v2\/product_cat?post=18998"},{"taxonomy":"product_tag","embeddable":true,"href":"https:\/\/www.hydraulic-cylinders.net\/hu\/wp-json\/wp\/v2\/product_tag?post=18998"}],"curies":[{"name":"munkaf\u00fczet","href":"https:\/\/api.w.org\/{rel}","templated":true}]}}