{"id":19013,"date":"2025-04-07T06:07:05","date_gmt":"2025-04-07T06:07:05","guid":{"rendered":"https:\/\/www.hydraulic-cylinders.net\/product\/boom-cylinder-for-doosan-large-excavator-dh300lc-7\/"},"modified":"2025-04-07T06:07:08","modified_gmt":"2025-04-07T06:07:08","slug":"boom-cylinder-for-doosan-large-excavator-dh300lc-7","status":"publish","type":"product","link":"https:\/\/www.hydraulic-cylinders.net\/hu\/termek\/boom-cylinder-for-doosan-large-excavator-dh300lc-7\/","title":{"rendered":"Doosan DH300LC-7 nagy kotr\u00f3g\u00e9p g\u00e9mhenger"},"content":{"rendered":"<h1>Doosan DH300LC-7 nagy kotr\u00f3g\u00e9p g\u00e9mhenger<\/h1>\n<h2>Term\u00e9k\u00e1ttekint\u00e9s<\/h2>\n<p>A Doosan DH300LC-7 nagym\u00e9ret\u0171 kotr\u00f3g\u00e9p g\u00e9mhengere egy speci\u00e1lis hidraulikus henger, amelyet neh\u00e9zg\u00e9pek g\u00e9mj\u00e9nek mozg\u00e1s\u00e1nak vez\u00e9rl\u00e9s\u00e9re terveztek. Ez a t\u00edpus\u00fa hidraulikus henger kritikus szerepet j\u00e1tszik a kotr\u00f3g\u00e9pek, kotr\u00f3rakod\u00f3k \u00e9s homlokrakod\u00f3k m\u0171k\u00f6d\u00e9s\u00e9ben, lehet\u0151v\u00e9 t\u00e9ve a g\u00e9m emel\u00e9s\u00e9t, s\u00fcllyeszt\u00e9s\u00e9t \u00e9s billent\u00e9s\u00e9t. Ezek a m\u0171veletek elengedhetetlenek a hat\u00e9kony anyagmozgat\u00e1si feladatokhoz k\u00fcl\u00f6nb\u00f6z\u0151 alkalmaz\u00e1sokban, p\u00e9ld\u00e1ul az \u00e9p\u00edt\u0151iparban \u00e9s a mez\u0151gazdas\u00e1gban.<\/p>\n<p><img decoding=\"async\" src=\"https:\/\/www.hydraulic-cylinders.net\/wp-content\/uploads\/2025\/04\/songte-company-1.webp\" alt=\"G\u00e9mhenger kotr\u00f3g\u00e9pekhez\"><\/p>\n<h3>Defin\u00edci\u00f3 \u00e9s funkcionalit\u00e1s<\/h3>\n<p>A hidraulikus munkahengerek, k\u00fcl\u00f6n\u00f6sen a g\u00e9mhengerek, a hidraulikus rendszerek szerves r\u00e9sz\u00e9t k\u00e9pezik. Ezek alak\u00edtj\u00e1k \u00e1t a hidraulikus energi\u00e1t mechanikai er\u0151v\u00e9, lehet\u0151v\u00e9 t\u00e9ve a neh\u00e9zg\u00e9pek szab\u00e1lyozott mozg\u00e1s\u00e1t. A g\u00e9mhenger funkci\u00f3ja a g\u00e9m helyzet\u00e9nek sima \u00e9s pontos be\u00e1ll\u00edt\u00e1s\u00e1nak el\u0151seg\u00edt\u00e9se, ami kulcsfontoss\u00e1g\u00fa a hat\u00e9kony \u00e1s\u00e1si, emel\u00e9si \u00e9s sz\u00e1ll\u00edt\u00e1si m\u0171veletekhez. Ez a hidraulikus alkatr\u00e9sz biztos\u00edtja, hogy a kezel\u0151k biztons\u00e1gosan \u00e9s hat\u00e9konyan tudj\u00e1k ir\u00e1ny\u00edtani a g\u00e9peket, n\u00f6velve a termel\u00e9kenys\u00e9get a munkater\u00fcleteken.<\/p>\n<h2>F\u0151bb jellemz\u0151k<\/h2>\n<ul>\n<li><strong>Nagy szil\u00e1rds\u00e1g \u00e9s tart\u00f3ss\u00e1g:<\/strong> Nagy szil\u00e1rds\u00e1g\u00fa ac\u00e9lb\u00f3l vagy alum\u00edniumb\u00f3l k\u00e9sz\u00fcltek, ezek a palackok ellen\u00e1llnak a nagy nyom\u00e1snak \u00e9s a nagy terhel\u00e9seknek, \u00edgy alkalmasak a zord munkak\u00f6rnyezetre.<\/li>\n<li><strong>Hat\u00e9kony hidraulikus m\u0171k\u00f6dtet\u00e9s:<\/strong> A henger hidraulikaolaj-nyom\u00e1st haszn\u00e1l a sima kiny\u00fajt\u00e1shoz \u00e9s visszah\u00faz\u00e1shoz, gyors reag\u00e1l\u00e1st biztos\u00edtva a vez\u00e9rl\u0151parancsokra, \u00e9s er\u0151teljes nyom\u00f3-\/h\u00faz\u00f3er\u0151t biztos\u00edtva.<\/li>\n<li><strong>K\u00fcl\u00f6nb\u00f6z\u0151 t\u00edpusok:<\/strong> Egyszeres vagy kett\u0151s m\u0171k\u00f6d\u00e9s\u0171 konfigur\u00e1ci\u00f3ban kaphat\u00f3 a v\u00e1ltoz\u00f3 m\u0171k\u00f6d\u00e9si ig\u00e9nyek kiel\u00e9g\u00edt\u00e9s\u00e9re, egyes modellek teleszk\u00f3pos kialak\u00edt\u00e1st k\u00edn\u00e1lnak a nagyobb hat\u00f3t\u00e1vols\u00e1g \u00e9rdek\u00e9ben a k\u00fcls\u0151 m\u00e9retek n\u00f6vel\u00e9se n\u00e9lk\u00fcl.<\/li>\n<li><strong>Kop\u00e1s\u00e1ll\u00f3s\u00e1g:<\/strong> A tart\u00f3ss\u00e1got szem el\u0151tt tartva tervezett g\u00e9mhengerek kop\u00e1s- \u00e9s korr\u00f3zi\u00f3\u00e1ll\u00f3ak, \u00edgy hosszabb \u00e9lettartamot \u00e9s alacsonyabb karbantart\u00e1si k\u00f6lts\u00e9geket biztos\u00edtanak.<\/li>\n<li><strong>K\u00f6nny\u0171 karbantart\u00e1s:<\/strong> A kialak\u00edt\u00e1s egyszer\u0171 karbantart\u00e1si elj\u00e1r\u00e1sokat tesz lehet\u0151v\u00e9, biztos\u00edtva, hogy a kezel\u0151k rendszeres ellen\u0151rz\u00e9seket \u00e9s jav\u00edt\u00e1sokat v\u00e9gezhessenek hosszas \u00e1ll\u00e1sid\u0151 n\u00e9lk\u00fcl.<\/li>\n<\/ul>\n<h2>Alkalmaz\u00e1sok<\/h2>\n<h3>\u00c9p\u00edt\u0151ipari berendez\u00e9sek<\/h3>\n<p>Az \u00e9p\u00edt\u0151ipari berendez\u00e9sekben a g\u00e9mhenger l\u00e9tfontoss\u00e1g\u00fa a kotr\u00f3g\u00e9pekn\u00e9l, mivel kulcsszerepet j\u00e1tszik a talaj vagy t\u00f6rmel\u00e9k \u00e1s\u00e1s\u00e1ban, rakod\u00e1s\u00e1ban \u00e9s mozgat\u00e1s\u00e1ban. A g\u00e9m kiny\u00fajt\u00e1s\u00e1nak \u00e9s visszah\u00faz\u00e1s\u00e1nak k\u00e9pess\u00e9g\u00e9vel a kezel\u0151k hat\u00e9konyan \u00e9rhetnek el k\u00fcl\u00f6nb\u00f6z\u0151 m\u00e9lys\u00e9geket \u00e9s sz\u00f6geket, ami jav\u00edtja az \u00f6sszetett feladatok elv\u00e9gz\u00e9s\u00e9nek k\u00e9pess\u00e9g\u00e9t. A kotr\u00f3g\u00e9p-rakod\u00f3kn\u00e1l a g\u00e9mhenger nemcsak az \u00e1s\u00e1sban, hanem a kan\u00e1l emel\u00e9s\u00e9ben is seg\u00edt, ez\u00e1ltal n\u00f6velve a termel\u00e9kenys\u00e9get az \u00e9p\u00edtkez\u00e9seken.<\/p>\n<h3>Mez\u0151gazdas\u00e1gi g\u00e9pek<\/h3>\n<p>Mez\u0151gazdas\u00e1gi alkalmaz\u00e1sokban a g\u00e9mhengert homlokrakod\u00f3kban haszn\u00e1lj\u00e1k olyan feladatokhoz, mint a f\u00f6ld, sz\u00e9na \u00e9s egy\u00e9b \u00e1ruk kotor\u00e1sz\u00e1sa, emel\u00e9se \u00e9s sz\u00e1ll\u00edt\u00e1sa. A g\u00e9mhenger \u00e1ltal biztos\u00edtott prec\u00edz vez\u00e9rl\u00e9s lehet\u0151v\u00e9 teszi a gazd\u00e1lkod\u00f3k sz\u00e1m\u00e1ra, hogy hat\u00e9konyan kezelj\u00e9k er\u0151forr\u00e1saikat, jav\u00edtva a m\u0171k\u00f6d\u00e9si hat\u00e9konys\u00e1got \u00e9s cs\u00f6kkentve a berendez\u00e9sek \u00e9s a n\u00f6v\u00e9nyek k\u00e1rosod\u00e1s\u00e1nak kock\u00e1zat\u00e1t.<\/p>\n<h3>Kotr\u00f3g\u00e9pek<\/h3>\n<p>A kotr\u00f3g\u00e9pek eset\u00e9ben a g\u00e9mhenger megk\u00f6nny\u00edti az \u00e1s\u00e1si m\u0171veletet az\u00e1ltal, hogy lehet\u0151v\u00e9 teszi a kan\u00e1l k\u00f6nny\u0171 talajba hatol\u00e1s\u00e1t. Ez a k\u00e9pess\u00e9g elengedhetetlen a k\u00fcl\u00f6nf\u00e9le \u00e9p\u00edt\u00e9si \u00e9s f\u00f6ldmunk\u00e1kn\u00e1l, ahol a \u00e1s\u00e1si m\u00e9lys\u00e9g \u00e9s sz\u00f6g pontos szab\u00e1lyoz\u00e1s\u00e1ra van sz\u00fcks\u00e9g. A g\u00e9mhenger \u00e1ltal gener\u00e1lt hidraulikus teljes\u00edtm\u00e9ny biztos\u00edtja, hogy a kotr\u00f3g\u00e9pek hat\u00e9konyan tudj\u00e1k kezelni a k\u00fcl\u00f6nf\u00e9le anyagokat, a puha f\u00f6ldt\u0151l a kem\u00e9ny k\u0151zetig.<\/p>\n<h3>Rakod\u00f3k<\/h3>\n<p>A homlokrakod\u00f3kn\u00e1l a g\u00e9mhengerek kulcsfontoss\u00e1g\u00faak a terhek hat\u00e9kony emel\u00e9s\u00e9hez \u00e9s \u00fcr\u00edt\u00e9s\u00e9hez. A hidraulikus rendszer gyors be\u00e1ll\u00edt\u00e1st tesz lehet\u0151v\u00e9, \u00edgy a kezel\u0151k k\u00f6nnyed\u00e9n emelhetik \u00e9s d\u00f6nthetik a terheket. Ez a funkci\u00f3 l\u00e9tfontoss\u00e1g\u00fa az anyagok mozgat\u00e1sakor az \u00e9p\u00edt\u0151iparban \u00e9s a tereprendez\u00e9si projektekben, ahol az id\u0151 \u00e9s a pontoss\u00e1g kiemelked\u0151 fontoss\u00e1g\u00fa.<\/p>\n<h2>Tervez\u00e9si szempontok<\/h2>\n<h3>Teherb\u00edr\u00e1s<\/h3>\n<p>A g\u00e9mhengerek tervez\u00e9sekor a teherb\u00edr\u00e1s els\u0151dleges szempont. A hengernek k\u00e9pesnek kell lennie a m\u0171k\u00f6d\u00e9s sor\u00e1n fell\u00e9p\u0151 maxim\u00e1lis terhel\u00e9s elvisel\u00e9s\u00e9re. Ehhez robusztus anyagokra \u00e9s prec\u00edz tervez\u00e9sre van sz\u00fcks\u00e9g a meghib\u00e1sod\u00e1sok megel\u0151z\u00e9se \u00e9s a biztons\u00e1g garant\u00e1l\u00e1sa \u00e9rdek\u00e9ben.<\/p>\n<h3>T\u00f6m\u00edt\u0151mechanizmusok<\/h3>\n<p>A t\u00f6m\u00edt\u00e9s elengedhetetlen a hengerben l\u00e9v\u0151 hidraulikus nyom\u00e1s fenntart\u00e1s\u00e1hoz. A sziv\u00e1rg\u00e1sok \u00e9s szennyez\u0151d\u00e9sek megel\u0151z\u00e9s\u00e9re kiv\u00e1l\u00f3 min\u0151s\u00e9g\u0171 t\u00f6m\u00edt\u00e9seket, p\u00e9ld\u00e1ul tart\u00f3s anyagokb\u00f3l, p\u00e9ld\u00e1ul poliuret\u00e1nb\u00f3l vagy nitrilgumib\u00f3l k\u00e9sz\u00fclt dugatty\u00fa- \u00e9s r\u00fadt\u00f6m\u00edt\u00e9seket haszn\u00e1lnak, ez\u00e1ltal biztos\u00edtva a hidraulikus rendszer hat\u00e9kony m\u0171k\u00f6d\u00e9s\u00e9t.<\/p>\n<h3>Tart\u00f3ss\u00e1g<\/h3>\n<p>A g\u00e9mhengerek tart\u00f3ss\u00e1ga elengedhetetlen a hossz\u00fa \u00e9lettartamukhoz \u00e9s megb\u00edzhat\u00f3s\u00e1gukhoz. Az olyan tervez\u00e9si jellemz\u0151k, mint a korr\u00f3zi\u00f3\u00e1ll\u00f3 bevonatok \u00e9s a meger\u0151s\u00edtett szerkezetek hozz\u00e1j\u00e1rulnak ahhoz, hogy ellen\u00e1lljanak a zord k\u00f6rnyezeti felt\u00e9teleknek \u00e9s a hosszan tart\u00f3 haszn\u00e1latnak.<\/p>\n<h3>Biztons\u00e1gi funkci\u00f3k<\/h3>\n<p>A balesetek \u00e9s a berendez\u00e9s k\u00e1rosod\u00e1s\u00e1nak megel\u0151z\u00e9se \u00e9rdek\u00e9ben elengedhetetlen a biztons\u00e1gi funkci\u00f3k be\u00e9p\u00edt\u00e9se a g\u00e9mhengerek tervez\u00e9s\u00e9be. Ide tartoznak a nyom\u00e1scs\u00f6kkent\u0151 szelepek \u00e9s a biztons\u00e1gi z\u00e1rak, amelyek tov\u00e1bbi v\u00e9delmi r\u00e9tegeket biztos\u00edtanak m\u0171k\u00f6d\u00e9s k\u00f6zben.<\/p>\n<h3>Karbantart\u00e1si hozz\u00e1f\u00e9r\u00e9s<\/h3>\n<p>A g\u00e9mhengerek k\u00f6nny\u0171 karbantart\u00e1si hozz\u00e1f\u00e9r\u00e9s\u00e9nek biztos\u00edt\u00e1sa elengedhetetlen a rendszeres ellen\u0151rz\u00e9sek \u00e9s jav\u00edt\u00e1sok hat\u00e9kony elv\u00e9gz\u00e9s\u00e9nek biztos\u00edt\u00e1s\u00e1hoz. Ez mag\u00e1ban foglalhatja olyan funkci\u00f3k be\u00e9p\u00edt\u00e9s\u00e9t, amelyek lehet\u0151v\u00e9 teszik a t\u00f6m\u00edt\u00e9sek \u00e9s egy\u00e9b alkatr\u00e9szek gyors ellen\u0151rz\u00e9s\u00e9t \u00e9s cser\u00e9j\u00e9t.<\/p>\n<p><img decoding=\"async\" src=\"https:\/\/www.hydraulic-cylinders.net\/wp-content\/uploads\/2025\/04\/songte-oil-pipes-and-spare-parts.webp\" alt=\"Hidraulikus henger alkatr\u00e9szek\"><\/p>\n<h2>T\u00f6m\u00edt\u00e9s \u00e9s ken\u00e9s<\/h2>\n<p>A megfelel\u0151 t\u00f6m\u00edt\u00e9s \u00e9s ken\u00e9s kritikus fontoss\u00e1g\u00fa a g\u00e9mhengerek teljes\u00edtm\u00e9nye \u00e9s hossz\u00fa \u00e9lettartama szempontj\u00e1b\u00f3l. K\u00fcl\u00f6nb\u00f6z\u0151 t\u00f6m\u00edt\u0151elemek, bele\u00e9rtve a dugatty\u00fat\u00f6m\u00edt\u00e9seket \u00e9s a r\u00fadt\u00f6m\u00edt\u00e9seket, kop\u00e1s\u00e1ll\u00f3 anyagokb\u00f3l k\u00e9sz\u00fclnek a tart\u00f3ss\u00e1g n\u00f6vel\u00e9se \u00e9rdek\u00e9ben. A hengertest \u00e9s a menetes v\u00e9gek finom megmunk\u00e1l\u00e1son esnek \u00e1t a kop\u00e1s\u00e1ll\u00f3s\u00e1g jav\u00edt\u00e1sa \u00e9s a hidraulikus integrit\u00e1s fenntart\u00e1sa \u00e9rdek\u00e9ben. Alapvet\u0151 fontoss\u00e1g\u00fa a rendszeres hidraulikaolaj-ut\u00e1nt\u00f6lt\u00e9s a ken\u00e9shez, biztos\u00edtva a z\u00f6kken\u0151mentes m\u0171k\u00f6d\u00e9st \u00e9s minimaliz\u00e1lva a bels\u0151 alkatr\u00e9szek kop\u00e1s\u00e1t.<\/p>\n<h2>Megel\u0151z\u0151 karbantart\u00e1si int\u00e9zked\u00e9sek<\/h2>\n<ul>\n<li>Rendszeres ellen\u0151rz\u00e9sek: Rendszeresen ellen\u0151rizze a kop\u00e1s, sziv\u00e1rg\u00e1s \u00e9s s\u00e9r\u00fcl\u00e9s jeleit, hogy a palack biztons\u00e1gosan \u00e9s hat\u00e9konyan m\u0171k\u00f6dj\u00f6n.<\/li>\n<li>Id\u0151ben t\u00f6rt\u00e9n\u0151 ken\u00e9s: Gondoskodjon a megfelel\u0151 mennyis\u00e9g\u0171 hidraulikaolaj rendszeres ut\u00e1nt\u00f6lt\u00e9s\u00e9r\u0151l a mozg\u00f3 alkatr\u00e9szek optim\u00e1lis ken\u00e9s\u00e9nek fenntart\u00e1sa \u00e9rdek\u00e9ben.<\/li>\n<li>T\u00f6m\u00edt\u00e9scsere: Figyelje a t\u00f6m\u00edt\u00e9sek \u00e1llapot\u00e1t, \u00e9s sz\u00fcks\u00e9g eset\u00e9n cser\u00e9lje ki azokat a hidraulikafolyad\u00e9k sziv\u00e1rg\u00e1s\u00e1nak megel\u0151z\u00e9se \u00e9s a nyom\u00e1s fenntart\u00e1sa \u00e9rdek\u00e9ben.<\/li>\n<\/ul>\n<h2>Telep\u00edt\u00e9si \u00fatmutat\u00f3<\/h2>\n<p>A g\u00e9mhenger beszerel\u00e9se k\u00f6r\u00fcltekint\u0151 figyelmet ig\u00e9nyel a megfelel\u0151 m\u0171k\u00f6d\u00e9s \u00e9s biztons\u00e1g biztos\u00edt\u00e1sa \u00e9rdek\u00e9ben. Kezdje a gy\u00e1rt\u00f3 utas\u00edt\u00e1sainak alapos elolvas\u00e1s\u00e1val. Igaz\u00edtsa megfelel\u0151en a hengert a m\u0171k\u00f6d\u0151 g\u00e9phez, a megfelel\u0151 r\u00f6gz\u00edt\u0151konzolok seg\u00edts\u00e9g\u00e9vel r\u00f6gz\u00edtve. Gy\u0151z\u0151dj\u00f6n meg arr\u00f3l, hogy a hidraulikus csatlakoz\u00e1sok meg vannak h\u00fazva a sziv\u00e1rg\u00e1sok elker\u00fcl\u00e9se \u00e9rdek\u00e9ben. A telep\u00edt\u00e9s ut\u00e1n alaposan ellen\u0151rizze a rendszert, tesztelje a sziv\u00e1rg\u00e1sokat, \u00e9s gy\u0151z\u0151dj\u00f6n meg arr\u00f3l, hogy a henger sim\u00e1n m\u0171k\u00f6dik haszn\u00e1lat el\u0151tt.<\/p>\n<h2>Gyakori karbantart\u00e1si feladatok<\/h2>\n<h3>Rendszeres ellen\u0151rz\u00e9sek<\/h3>\n<p>A g\u00e9mhenger rendszeres ellen\u0151rz\u00e9se elengedhetetlen a potenci\u00e1lis probl\u00e9m\u00e1k azonos\u00edt\u00e1s\u00e1hoz, miel\u0151tt azok komolyabb\u00e1 v\u00e1ln\u00e1nak. Ez mag\u00e1ban foglalja a sziv\u00e1rg\u00e1sok, a kop\u00e1s jeleinek ellen\u0151rz\u00e9s\u00e9t, valamint annak biztos\u00edt\u00e1s\u00e1t, hogy minden csavar \u00e9s szerelv\u00e9ny biztons\u00e1gosan meg legyen h\u00fazva. A rendszeres ellen\u0151rz\u00e9sek seg\u00edtenek fenntartani a hidraulikus rendszer integrit\u00e1s\u00e1t \u00e9s el\u0151seg\u00edtik a biztons\u00e1got \u00fczem k\u00f6zben.<\/p>\n<h3>Megfelel\u0151 ken\u00e9s<\/h3>\n<p>A megfelel\u0151 ken\u00e9s fenntart\u00e1sa kulcsfontoss\u00e1g\u00fa a g\u00e9mhengerek hossz\u00fa \u00e9lettartam\u00e1hoz. Ez mag\u00e1ban foglalja a hidraulikaolaj rendszeres ut\u00e1nt\u00f6lt\u00e9s\u00e9t \u00e9s a t\u00f6m\u00edt\u00e9sek megfelel\u0151 m\u0171k\u00f6d\u00e9s\u00e9nek biztos\u00edt\u00e1s\u00e1t. A megfelel\u0151 ken\u00e9s cs\u00f6kkenti a s\u00farl\u00f3d\u00e1st \u00e9s a kop\u00e1st, lehet\u0151v\u00e9 t\u00e9ve a henger hat\u00e9kony m\u0171k\u00f6d\u00e9s\u00e9t. A kezel\u0151knek a haszn\u00e1lt hidraulikaolaj t\u00edpus\u00e1ra is figyelni\u00fck kell, mivel ez befoly\u00e1solhatja a henger teljes\u00edtm\u00e9ny\u00e9t.<\/p>\n<h3>T\u00f6m\u00edt\u00e9scsere \u00e9s kalibr\u00e1l\u00e1s ellen\u0151rz\u00e9se<\/h3>\n<p>A t\u00f6m\u00edt\u00e9sek cser\u00e9je kritikus karbantart\u00e1si feladat a sziv\u00e1rg\u00e1sok megel\u0151z\u00e9se \u00e9s a nyom\u00e1s fenntart\u00e1sa \u00e9rdek\u00e9ben. Rendszeres ellen\u0151rz\u00e9seket kell v\u00e9gezni a t\u00f6m\u00edt\u00e9sek \u00e1llapot\u00e1nak felm\u00e9r\u00e9s\u00e9re, \u00e9s sz\u00fcks\u00e9g eset\u00e9n cser\u00e9lni kell azokat. Ezenk\u00edv\u00fcl a kalibr\u00e1ci\u00f3s ellen\u0151rz\u00e9sek biztos\u00edtj\u00e1k, hogy a henger a megadott param\u00e9tereken bel\u00fcl m\u0171k\u00f6dj\u00f6n, n\u00f6velve megb\u00edzhat\u00f3s\u00e1g\u00e1t \u00e9s hat\u00e9konys\u00e1g\u00e1t a terepen.<\/p>\n<p><img decoding=\"async\" src=\"https:\/\/www.hydraulic-cylinders.net\/wp-content\/uploads\/2025\/04\/songte-chushion-collar.webp\" alt=\"P\u00e1rn\u00e1z\u00f3 gall\u00e9r hidraulikus hengerekhez\"><\/p>\n<h2>Biztons\u00e1gi \u00e9s k\u00f6rnyezetv\u00e9delmi szempontok<\/h2>\n<p>A g\u00e9mhengerek haszn\u00e1latakor a biztons\u00e1gi int\u00e9zked\u00e9sek bevezet\u00e9se kulcsfontoss\u00e1g\u00fa a kezel\u0151k \u00e9s a berendez\u00e9sek v\u00e9delme \u00e9rdek\u00e9ben. A hidraulikus g\u00e9pek kezel\u00e9s\u00e9vel kapcsolatos megfelel\u0151 k\u00e9pz\u00e9s, valamint a biztons\u00e1gi ir\u00e1nyelvek betart\u00e1sa seg\u00edthet megel\u0151zni a baleseteket. Ezenk\u00edv\u00fcl figyelembe kell venni a hidraulikafolyad\u00e9kok k\u00f6rnyezeti hat\u00e1s\u00e1t is. A biol\u00f3giailag leboml\u00f3 hidraulikaolajok haszn\u00e1lata cs\u00f6kkentheti a k\u00f6rnyezeti l\u00e1bnyomot, mik\u00f6zben meg\u0151rzi a teljes\u00edtm\u00e9nyt.<\/p>\n<h2>Hibaelh\u00e1r\u00edt\u00e1s \u00e9s gyakori probl\u00e9m\u00e1k<\/h2>\n<ul>\n<li><strong>Sziv\u00e1rg\u00e1s:<\/strong> Ezt gyakran kopott t\u00f6m\u00edt\u00e9sek vagy s\u00e9r\u00fclt szerelv\u00e9nyek okozz\u00e1k. Ellen\u0151rizze \u00e9s sz\u00fcks\u00e9g szerint cser\u00e9lje ki a t\u00f6m\u00edt\u00e9seket a folyad\u00e9kvesztes\u00e9g megel\u0151z\u00e9se \u00e9rdek\u00e9ben.<\/li>\n<li><strong>Lass\u00fa m\u0171k\u00f6d\u00e9s:<\/strong> Ez alacsony hidraulikafolyad\u00e9k-szintre vagy a rendszerben rekedt leveg\u0151re utalhat. Ellen\u0151rizze a folyad\u00e9kszintet, \u00e9s sz\u00fcks\u00e9g eset\u00e9n l\u00e9gtelen\u00edtse a rendszert.<\/li>\n<li><strong>V\u00e1ratlan mozg\u00e1sok:<\/strong> Ez hib\u00e1s szab\u00e1lyoz\u00f3szelepekb\u0151l vagy nyom\u00e1skiegyens\u00falyozatlans\u00e1gb\u00f3l eredhet. Ellen\u0151rizze a szab\u00e1lyoz\u00f3 mechanizmusokat, \u00e9s gondoskodjon a megfelel\u0151 kalibr\u00e1l\u00e1sr\u00f3l.<\/li>\n<\/ul>\n<h2>Hibaelh\u00e1r\u00edt\u00e1si tippek<\/h2>\n<p>A g\u00e9mhengerek probl\u00e9m\u00e1inak hat\u00e9kony elh\u00e1r\u00edt\u00e1s\u00e1hoz \u00e9s megold\u00e1s\u00e1hoz elengedhetetlenek a rendszeres karbantart\u00e1si ellen\u0151rz\u00e9sek. A karbantart\u00e1si tev\u00e9kenys\u00e9gek napl\u00f3z\u00e1sa seg\u00edthet az ism\u00e9tl\u0151d\u0151 probl\u00e9m\u00e1k azonos\u00edt\u00e1s\u00e1ban. A megfelel\u0151 diagnosztikai eszk\u00f6z\u00f6k haszn\u00e1lata seg\u00edthet a probl\u00e9m\u00e1k gyors felismer\u00e9s\u00e9ben. Ezenk\u00edv\u00fcl a megel\u0151z\u0151 int\u00e9zked\u00e9sek, mint p\u00e9ld\u00e1ul a rendszeres ellen\u0151rz\u00e9sek \u00e9s az id\u0151ben t\u00f6rt\u00e9n\u0151 jav\u00edt\u00e1sok, minimaliz\u00e1lhatj\u00e1k a hib\u00e1k el\u0151fordul\u00e1s\u00e1t, biztos\u00edtva a berendez\u00e9s hosszabb \u00fczemidej\u00e9t.<\/p>\n<p><img decoding=\"async\" src=\"https:\/\/www.hydraulic-cylinders.net\/wp-content\/uploads\/2025\/04\/songte-bushings-with-all-kinds-of-excavator-models.webp\" alt=\"Kotr\u00f3g\u00e9pek perselyei\"><\/p>\n<h2>C\u00e9ginform\u00e1ci\u00f3<\/h2>\n<p>A p\u00f3talkatr\u00e9szk\u00e9nt haszn\u00e1lt hidraulikus hengerek vezet\u0151 gy\u00e1rt\u00f3jak\u00e9nt sz\u00e9les term\u00e9kv\u00e1laszt\u00e9kot k\u00edn\u00e1lunk, amely a hazai \u00e9s a nemzetk\u00f6zi piacok egyik vezet\u0151 gy\u00e1rt\u00f3j\u00e1v\u00e1 \u00e9s nagykeresked\u0151j\u00e9v\u00e9 tett minket. A kiv\u00e9teles min\u0151s\u00e9g ir\u00e1nti elk\u00f6telezetts\u00e9g\u00fcnket kifinomult gy\u00e1rt\u00e1si strat\u00e9gi\u00e1nk t\u00e1mogatja, amely k\u00e9pzett m\u0171szaki szem\u00e9lyzetet, fejlett digit\u00e1lis gy\u00e1rt\u00f3berendez\u00e9seket \u00e9s \u00e1tfog\u00f3 tesztel\u0151rendszereket alkalmaz. Ez lehet\u0151v\u00e9 teszi sz\u00e1munkra, hogy folyamatosan fejlessz\u00fck gy\u00e1rt\u00e1si platformunkat, biztos\u00edtva a nagy hat\u00e9konys\u00e1got \u00e9s pontoss\u00e1got a soksz\u00edn\u0171 \u00fcgyf\u00e9lig\u00e9nyek kiel\u00e9g\u00edt\u00e9s\u00e9ben.<\/p>\n<p><img decoding=\"async\" src=\"https:\/\/www.hydraulic-cylinders.net\/wp-content\/uploads\/2025\/04\/songte-company-4.webp\" alt=\"C\u00e9ggy\u00e1rt\u00f3 l\u00e9tes\u00edtm\u00e9ny\"><br \/>\n<img decoding=\"async\" src=\"https:\/\/www.hydraulic-cylinders.net\/wp-content\/uploads\/2025\/04\/songte-company-3.webp\" alt=\"Hidraulikus henger gy\u00e1rt\u00f3sor\"><\/p>\n<p>C\u00e9g\u00fcnk kiemelked\u0151 szakmai sz\u00ednvonalat k\u00e9pvisel, nemzetk\u00f6zi tan\u00fas\u00edtv\u00e1nyokkal rendelkezik, \u00e9s az \u00fcgyfelek ig\u00e9nyeihez igaz\u00edtott, egyedi szolg\u00e1ltat\u00e1sokat ny\u00fajt. Korszer\u0171 gy\u00e1rt\u00f3berendez\u00e9seinkkel \u00e9s megb\u00edzhat\u00f3 \u00e9rt\u00e9kes\u00edt\u00e9s ut\u00e1ni szolg\u00e1ltat\u00e1sunkkal biztos\u00edtjuk, hogy \u00fcgyfeleink az ipar\u00e1g legjobb term\u00e9keit \u00e9s t\u00e1mogat\u00e1s\u00e1t kapj\u00e1k.<\/p>\n<p>Szerz\u0151: lyl<\/p>","protected":false},"excerpt":{"rendered":"<p>Boom Cylinder For Doosan Large Excavator DH300LC-7 Product Overview The Boom Cylinder for Doosan Large Excavator DH300LC-7 is a specialized hydraulic cylinder designed to control the movement of the boom on heavy machinery. This type of hydraulic cylinder plays a critical role in the operation of excavators, backhoe loaders, and front loaders, allowing the boom [&hellip;]<\/p>","protected":false},"featured_media":17880,"comment_status":"open","ping_status":"closed","template":"","meta":{"_et_pb_use_builder":"","_et_pb_old_content":"","_et_gb_content_width":""},"product_brand":[],"product_cat":[1546],"product_tag":[1547,1496],"class_list":{"0":"post-19013","1":"product","2":"type-product","3":"status-publish","4":"has-post-thumbnail","6":"product_cat-boom-cylinders","7":"product_tag-boom-cylinders","8":"product_tag-hydraulic-cylinders","10":"first","11":"instock","12":"shipping-taxable","13":"product-type-simple"},"amp_enabled":true,"_links":{"self":[{"href":"https:\/\/www.hydraulic-cylinders.net\/hu\/wp-json\/wp\/v2\/product\/19013","targetHints":{"allow":["GET"]}}],"collection":[{"href":"https:\/\/www.hydraulic-cylinders.net\/hu\/wp-json\/wp\/v2\/product"}],"about":[{"href":"https:\/\/www.hydraulic-cylinders.net\/hu\/wp-json\/wp\/v2\/types\/product"}],"replies":[{"embeddable":true,"href":"https:\/\/www.hydraulic-cylinders.net\/hu\/wp-json\/wp\/v2\/comments?post=19013"}],"wp:featuredmedia":[{"embeddable":true,"href":"https:\/\/www.hydraulic-cylinders.net\/hu\/wp-json\/wp\/v2\/media\/17880"}],"wp:attachment":[{"href":"https:\/\/www.hydraulic-cylinders.net\/hu\/wp-json\/wp\/v2\/media?parent=19013"}],"wp:term":[{"taxonomy":"product_brand","embeddable":true,"href":"https:\/\/www.hydraulic-cylinders.net\/hu\/wp-json\/wp\/v2\/product_brand?post=19013"},{"taxonomy":"product_cat","embeddable":true,"href":"https:\/\/www.hydraulic-cylinders.net\/hu\/wp-json\/wp\/v2\/product_cat?post=19013"},{"taxonomy":"product_tag","embeddable":true,"href":"https:\/\/www.hydraulic-cylinders.net\/hu\/wp-json\/wp\/v2\/product_tag?post=19013"}],"curies":[{"name":"munkaf\u00fczet","href":"https:\/\/api.w.org\/{rel}","templated":true}]}}