{"id":19014,"date":"2025-04-07T06:07:10","date_gmt":"2025-04-07T06:07:10","guid":{"rendered":"https:\/\/www.hydraulic-cylinders.net\/product\/boom-cylinder-for-doosan-large-excavator-dh340lc\/"},"modified":"2025-04-07T06:07:12","modified_gmt":"2025-04-07T06:07:12","slug":"boom-cylinder-for-doosan-large-excavator-dh340lc","status":"publish","type":"product","link":"https:\/\/www.hydraulic-cylinders.net\/hu\/termek\/boom-cylinder-for-doosan-large-excavator-dh340lc\/","title":{"rendered":"Doosan DH340LC nagy kotr\u00f3g\u00e9p g\u00e9mhenger"},"content":{"rendered":"<h1>Doosan DH340LC nagy kotr\u00f3g\u00e9p g\u00e9mhenger<\/h1>\n<h2>Term\u00e9k\u00e1ttekint\u00e9s<\/h2>\n<p>A g\u00e9m munkahenger egy alapvet\u0151 hidraulikus alkatr\u00e9sz, amelyet kifejezetten a neh\u00e9zg\u00e9pek, p\u00e9ld\u00e1ul kotr\u00f3g\u00e9pek, kotr\u00f3rakod\u00f3k \u00e9s homlokrakod\u00f3k g\u00e9mj\u00e9nek mozg\u00e1s\u00e1nak vez\u00e9rl\u00e9s\u00e9re terveztek. Ez a henger lehet\u0151v\u00e9 teszi a g\u00e9m emel\u00e9s\u00e9t, s\u00fcllyeszt\u00e9s\u00e9t \u00e9s billent\u00e9s\u00e9t, megk\u00f6nny\u00edtve a hat\u00e9kony anyagmozgat\u00e1si feladatokat. A kan\u00e1l munkahenger kritikus szerepet j\u00e1tszik a hidraulikus rendszerekben, mivel a hidraulikus nyom\u00e1st mechanikai er\u0151v\u00e9 alak\u00edtja, lehet\u0151v\u00e9 t\u00e9ve a k\u00fcl\u00f6nf\u00e9le m\u0171veletekhez sz\u00fcks\u00e9ges prec\u00edz \u00e9s er\u0151teljes mozg\u00e1sokat.<\/p>\n<p><img decoding=\"async\" src=\"https:\/\/www.hydraulic-cylinders.net\/wp-content\/uploads\/2025\/04\/songte-company-1.webp\" alt=\"G\u00e9mhenger k\u00e9pe\" \/><\/p>\n<h2>F\u0151bb jellemz\u0151k<\/h2>\n<ul>\n<li>\n<h3>Nagy szil\u00e1rds\u00e1g \u00e9s tart\u00f3ss\u00e1g<\/h3>\n<p>A jellemz\u0151en nagy szil\u00e1rds\u00e1g\u00fa ac\u00e9lb\u00f3l vagy alum\u00edniumb\u00f3l gy\u00e1rtott g\u00e9mhenger nagy nyom\u00e1s \u00e9s neh\u00e9z terhel\u00e9sek elvisel\u00e9s\u00e9re van tervezve. Kialak\u00edt\u00e1sa mag\u00e1ban foglalja a kop\u00e1s\u00e1ll\u00f3s\u00e1got \u00e9s a korr\u00f3zi\u00f3\u00e1ll\u00f3s\u00e1got, \u00edgy meghosszabb\u00edtja \u00e9lettartam\u00e1t m\u00e9g zord munkak\u00f6rnyezetben is.<\/p>\n<\/li>\n<li>\n<h3>Hat\u00e9kony hidraulikus m\u0171k\u00f6dtet\u00e9s<\/h3>\n<p>A g\u00e9mhenger hidraulikaolaj-nyom\u00e1st haszn\u00e1l a sima kiny\u00fajt\u00e1s \u00e9s visszah\u00faz\u00e1s \u00e9rdek\u00e9ben, gyorsan reag\u00e1l a kezel\u0151i parancsokra, \u00e9s jelent\u0151s tol\u00f3- \u00e9s h\u00faz\u00f3er\u0151t biztos\u00edt, amely alkalmas neh\u00e9z anyagok \u00e9s \u00f6sszetett feladatok kezel\u00e9s\u00e9re.<\/p>\n<\/li>\n<li>\n<h3>K\u00fcl\u00f6nb\u00f6z\u0151 t\u00edpusok<\/h3>\n<p>Az egyszeres m\u0171k\u00f6d\u00e9s\u0171 (egy ir\u00e1nyban m\u0171k\u00f6d\u0151) vagy kett\u0151s m\u0171k\u00f6d\u00e9s\u0171 (mindk\u00e9t ir\u00e1nyban m\u0171k\u00f6d\u0151) konfigur\u00e1ci\u00f3ban kaphat\u00f3 g\u00e9mhenger a k\u00fcl\u00f6nf\u00e9le m\u0171k\u00f6d\u00e9si ig\u00e9nyekhez igaz\u00edthat\u00f3. Egyes modellek teleszk\u00f3posak, \u00edgy nagyobb kiny\u00fal\u00e1st tesznek lehet\u0151v\u00e9 a k\u00fcls\u0151 m\u00e9retek n\u00f6vel\u00e9se n\u00e9lk\u00fcl, \u00edgy ide\u00e1lisak sz\u0171k helyeken val\u00f3 haszn\u00e1latra.<\/p>\n<\/li>\n<\/ul>\n<p>K\u00e9pesek vagyunk ennek a term\u00e9knek a gy\u00e1rt\u00e1s\u00e1ra, \u00e9s term\u00e9keink t\u00f6k\u00e9letesen helyettes\u00edthetik ezeket a hidraulikus hengereket.<\/p>\n<p><img decoding=\"async\" src=\"https:\/\/www.hydraulic-cylinders.net\/wp-content\/uploads\/2025\/04\/songte-cylinder-head-with-all-kinds-excavator-models.webp\" alt=\"Kotr\u00f3g\u00e9p modellek\" \/><\/p>\n<h2>Alkalmaz\u00e1sok<\/h2>\n<ul>\n<li>\n<h3>\u00c9p\u00edt\u0151ipari berendez\u00e9sek<\/h3>\n<p>A kotr\u00f3g\u00e9pekben a g\u00e9mhengerek l\u00e9tfontoss\u00e1g\u00faak az \u00e1s\u00e1shoz, a talaj vagy t\u00f6rmel\u00e9k rakod\u00e1s\u00e1hoz \u00e9s mozgat\u00e1s\u00e1hoz. Ezek teszik lehet\u0151v\u00e9 a k\u00fcl\u00f6nf\u00e9le \u00e9p\u00edt\u00e9si feladatok sor\u00e1n sz\u00fcks\u00e9ges bonyolult mozg\u00e1sokat, biztos\u00edtva a hat\u00e9konys\u00e1got \u00e9s a pontoss\u00e1got. A kotr\u00f3g\u00e9p-rakod\u00f3kban a g\u00e9mhengerek mind az \u00e1s\u00e1si, mind az emel\u00e9si funkci\u00f3kat t\u00e1mogatj\u00e1k, n\u00f6velve a m\u0171k\u00f6d\u00e9si sokoldal\u00fas\u00e1got.<\/p>\n<\/li>\n<li>\n<h3>Mez\u0151gazdas\u00e1gi g\u00e9pek<\/h3>\n<p>A homlokrakod\u00f3kban haszn\u00e1lt g\u00e9mhengerek seg\u00edtik a talaj, sz\u00e9na \u00e9s egy\u00e9b anyagok \u00e1s\u00e1s\u00e1t, emel\u00e9s\u00e9t \u00e9s sz\u00e1ll\u00edt\u00e1s\u00e1t. Robusztus kialak\u00edt\u00e1suk megb\u00edzhat\u00f3 teljes\u00edtm\u00e9nyt biztos\u00edt, lehet\u0151v\u00e9 t\u00e9ve a hat\u00e9kony mez\u0151gazdas\u00e1gi m\u0171veleteket \u00e9s anyagmozgat\u00e1st.<\/p>\n<\/li>\n<li>\n<h3>Kotr\u00f3g\u00e9pek<\/h3>\n<p>A g\u00e9mhenger lehet\u0151v\u00e9 teszi, hogy a kotr\u00f3g\u00e9p kan\u00e1lja hat\u00e9konyan hatoljon be a talajba, biztos\u00edtva a sz\u00fcks\u00e9ges er\u0151t az \u00e1s\u00e1si mozdulatok v\u00e9grehajt\u00e1s\u00e1hoz. Ez a k\u00e9pess\u00e9g elengedhetetlen a k\u00fcl\u00f6nf\u00e9le f\u00f6ldmunk\u00e1kn\u00e1l, hozz\u00e1j\u00e1rulva az \u00e1ltal\u00e1nos termel\u00e9kenys\u00e9ghez \u00e9s a helysz\u00edni hat\u00e9konys\u00e1ghoz.<\/p>\n<\/li>\n<li>\n<h3>Rakod\u00f3k<\/h3>\n<p>A homlokrakod\u00f3kban a g\u00e9mhengerek hat\u00e9konyan emelik \u00e9s \u00fcr\u00edtik a rakom\u00e1nyt. Kialak\u00edt\u00e1suk biztos\u00edtja a neh\u00e9z anyagok biztons\u00e1gos \u00e9s hat\u00e9kony kezel\u00e9s\u00e9t, optimaliz\u00e1lva a rakod\u00e1si feladatok munkafolyamat\u00e1t.<\/p>\n<\/li>\n<\/ul>\n<h2>Tervez\u00e9si szempontok<\/h2>\n<ul>\n<li>\n<h3>Teherb\u00edr\u00e1s<\/h3>\n<p>A g\u00e9mhenger teherb\u00edr\u00e1sa kritikus t\u00e9nyez\u0151 a tervez\u00e9s sor\u00e1n. K\u00e9pesnek kell lennie arra, hogy elb\u00edrja a kotr\u00f3g\u00e9p vagy rakod\u00f3 \u00e1ltal elb\u00edrt maxim\u00e1lis s\u00falyt. A m\u00e9rn\u00f6k\u00f6k olyan t\u00e9nyez\u0151ket vesznek figyelembe, mint az anyagv\u00e1laszt\u00e1s, a henger m\u00e9retei \u00e9s a nyom\u00e1sbesorol\u00e1sok, hogy biztos\u00edts\u00e1k a biztons\u00e1gos m\u0171k\u00f6d\u00e9st terhel\u00e9s alatt.<\/p>\n<\/li>\n<li>\n<h3>T\u00f6m\u00edt\u00e9s<\/h3>\n<p>A hat\u00e9kony t\u00f6m\u00edt\u00e9s elengedhetetlen a hidraulikus hengerekn\u00e9l a sziv\u00e1rg\u00e1sok megel\u0151z\u00e9se \u00e9s a nyom\u00e1s fenntart\u00e1sa \u00e9rdek\u00e9ben. Tart\u00f3s anyagokb\u00f3l, p\u00e9ld\u00e1ul poliuret\u00e1nb\u00f3l \u00e9s nitrilgumib\u00f3l k\u00e9sz\u00fclt, kiv\u00e1l\u00f3 min\u0151s\u00e9g\u0171 t\u00f6m\u00edt\u00e9seket haszn\u00e1lnak. A megfelel\u0151 t\u00f6m\u00edt\u00e9s biztos\u00edtja a henger hat\u00e9kony m\u0171k\u00f6d\u00e9s\u00e9t \u00e9s hossz\u00fa \u00e9lettartam\u00e1t, minimaliz\u00e1lva a karbantart\u00e1si ig\u00e9nyt.<\/p>\n<\/li>\n<li>\n<h3>Tart\u00f3ss\u00e1g<\/h3>\n<p>A tart\u00f3ss\u00e1g kulcsfontoss\u00e1g\u00fa tervez\u00e9si szempont, k\u00fcl\u00f6n\u00f6sen olyan k\u00f6rnyezetben, ahol a berendez\u00e9s extr\u00e9m k\u00f6r\u00fclm\u00e9nyeknek van kit\u00e9ve. A korr\u00f3zi\u00f3\u00e1ll\u00f3 anyagok haszn\u00e1lata, a robusztus konstrukci\u00f3 \u00e9s a v\u00e9d\u0151bevonatok seg\u00edtenek meghosszabb\u00edtani a g\u00e9mhenger \u00e9lettartam\u00e1t.<\/p>\n<\/li>\n<li>\n<h3>Biztons\u00e1g<\/h3>\n<p>A berendez\u00e9s \u00e9s a kezel\u0151 v\u00e9delme \u00e9rdek\u00e9ben biztons\u00e1gi funkci\u00f3k, p\u00e9ld\u00e1ul nyom\u00e1scs\u00f6kkent\u0151 szelepek \u00e9s hibat\u0171r\u0151 kialak\u00edt\u00e1sok vannak be\u00e9p\u00edtve a palackba. Ezek a funkci\u00f3k seg\u00edtenek megel\u0151zni a baleseteket \u00e9s a berendez\u00e9s meghib\u00e1sod\u00e1s\u00e1t, biztos\u00edtva a biztons\u00e1gos m\u0171k\u00f6d\u00e9st ig\u00e9nyes k\u00f6rnyezetben.<\/p>\n<\/li>\n<li>\n<h3>Karbantart\u00e1si hozz\u00e1f\u00e9rhet\u0151s\u00e9g<\/h3>\n<p>A g\u00e9mhenger k\u00f6nny\u0171 karbantart\u00e1s\u00e1nak megtervez\u00e9se l\u00e9tfontoss\u00e1g\u00fa. Az olyan jellemz\u0151k, mint a k\u00f6nnyen hozz\u00e1f\u00e9rhet\u0151 ken\u00e9si pontok \u00e9s az egyszer\u0171 sz\u00e9tszerel\u00e9si elj\u00e1r\u00e1sok, megk\u00f6nny\u00edtik a rendszeres karbantart\u00e1st, seg\u00edtenek meghosszabb\u00edtani a henger \u00e9lettartam\u00e1t \u00e9s megel\u0151zni a k\u00f6lts\u00e9ges jav\u00edt\u00e1sokat.<\/p>\n<\/li>\n<\/ul>\n<p><img decoding=\"async\" src=\"https:\/\/www.hydraulic-cylinders.net\/wp-content\/uploads\/2025\/04\/songte-oil-pipes-and-spare-parts.webp\" alt=\"Olajcs\u00f6vek \u00e9s alkatr\u00e9szek\" \/><\/p>\n<h2>T\u00f6m\u00edt\u00e9s \u00e9s ken\u00e9s<\/h2>\n<p>A t\u00f6m\u00edt\u0151elemek \u00e9ps\u00e9ge elengedhetetlen a hidraulikus hengerek hat\u00e9kony m\u0171k\u00f6d\u00e9s\u00e9hez. K\u00fcl\u00f6nb\u00f6z\u0151 t\u00f6m\u00edt\u00e9seket, p\u00e9ld\u00e1ul dugatty\u00fat\u00f6m\u00edt\u00e9seket \u00e9s r\u00fadt\u00f6m\u00edt\u00e9seket haszn\u00e1lnak a hidraulikus folyad\u00e9k sziv\u00e1rg\u00e1s\u00e1nak megakad\u00e1lyoz\u00e1s\u00e1ra. A tart\u00f3ss\u00e1g n\u00f6vel\u00e9se \u00e9rdek\u00e9ben \u00e1ltal\u00e1ban kop\u00e1s\u00e1ll\u00f3 anyagokb\u00f3l, p\u00e9ld\u00e1ul poliuret\u00e1nb\u00f3l \u00e9s nitrilkaucsukb\u00f3l k\u00e9sz\u00fclt t\u00f6m\u00edt\u00e9seket alkalmaznak. A hengertestet \u00e9s a menetes v\u00e9geket apr\u00f3l\u00e9kosan kezelik a kop\u00e1s\u00e1ll\u00f3s\u00e1g n\u00f6vel\u00e9se \u00e9s a hossz\u00fa \u00e9lettartam biztos\u00edt\u00e1sa \u00e9rdek\u00e9ben. A megfelel\u0151 hidraulikaolajjal t\u00f6rt\u00e9n\u0151 rendszeres ken\u00e9s sz\u00fcks\u00e9ges az optim\u00e1lis teljes\u00edtm\u00e9ny fenntart\u00e1s\u00e1hoz \u00e9s a mozg\u00f3 alkatr\u00e9szek kop\u00e1s\u00e1nak megakad\u00e1lyoz\u00e1s\u00e1hoz.<\/p>\n<h2>Rendszeres ellen\u0151rz\u00e9s \u00e9s megel\u0151z\u0151 karbantart\u00e1s<\/h2>\n<ul>\n<li>\n<h3>Rendszeres ellen\u0151rz\u00e9sek<\/h3>\n<p>A hidraulikus rendszer rendszeres ellen\u0151rz\u00e9se elengedhetetlen. Ellen\u0151rizze a kop\u00e1s \u00e9s a sziv\u00e1rg\u00e1s jeleit, \u00e9s gy\u0151z\u0151dj\u00f6n meg arr\u00f3l, hogy minden alkatr\u00e9sz megfelel\u0151en m\u0171k\u00f6dik. A probl\u00e9m\u00e1k korai felismer\u00e9se megel\u0151zheti a s\u00falyosabb probl\u00e9m\u00e1kat a k\u00e9s\u0151bbiekben.<\/p>\n<\/li>\n<li>\n<h3>Megfelel\u0151 ken\u00e9s<\/h3>\n<p>Gy\u0151z\u0151dj\u00f6n meg arr\u00f3l, hogy a g\u00e9mhenger megfelel\u0151en meg van kenve az aj\u00e1nlott hidraulikaolajjal. A megfelel\u0151 ken\u00e9s cs\u00f6kkenti a mozg\u00f3 alkatr\u00e9szek s\u00farl\u00f3d\u00e1s\u00e1t \u00e9s kop\u00e1s\u00e1t, meghosszabb\u00edtja a henger \u00e9lettartam\u00e1t \u00e9s fenntartja a teljes\u00edtm\u00e9nyt.<\/p>\n<\/li>\n<li>\n<h3>T\u00f6m\u00edt\u00e9scsere \u00e9s kalibr\u00e1l\u00e1s ellen\u0151rz\u00e9se<\/h3>\n<p>Rendszeresen ellen\u0151rizze a t\u00f6m\u00edt\u00e9sek kop\u00e1s\u00e1t, \u00e9s sz\u00fcks\u00e9g szerint cser\u00e9lje ki \u0151ket. A megfelel\u0151en kalibr\u00e1lt hengerek biztos\u00edtj\u00e1k a pontos mozg\u00e1st \u00e9s m\u0171k\u00f6d\u00e9st, ami kritikus fontoss\u00e1g\u00fa a teljes\u00edtm\u00e9ny \u00e9s a biztons\u00e1g szempontj\u00e1b\u00f3l.<\/p>\n<\/li>\n<\/ul>\n<p><img decoding=\"async\" src=\"https:\/\/www.hydraulic-cylinders.net\/wp-content\/uploads\/2025\/04\/songte-chushion-collar.webp\" alt=\"P\u00e1rna gall\u00e9r\" \/><\/p>\n<h2>Biztons\u00e1gi szempontok \u00e9s k\u00f6rnyezeti t\u00e9nyez\u0151k<\/h2>\n<p>Hidraulikus hengerek haszn\u00e1latakor rendk\u00edv\u00fcl fontos a biztons\u00e1gi int\u00e9zked\u00e9sek betart\u00e1sa. A kezel\u0151k megfelel\u0151 k\u00e9pz\u00e9se, a rendszeres karbantart\u00e1s \u00e9s a biztons\u00e1gi protokollok betart\u00e1sa cs\u00f6kkentheti a hidraulikus m\u0171veletekkel kapcsolatos kock\u00e1zatokat. Ezenk\u00edv\u00fcl a k\u00f6rnyezeti t\u00e9nyez\u0151k, p\u00e9ld\u00e1ul az id\u0151j\u00e1r\u00e1si viszonyok \u00e9s a terep figyelembev\u00e9tele is befoly\u00e1solhatja a hidraulikus berendez\u00e9sek teljes\u00edtm\u00e9ny\u00e9t \u00e9s biztons\u00e1g\u00e1t.<\/p>\n<h2>Hibaelh\u00e1r\u00edt\u00e1s \u00e9s gyakori probl\u00e9m\u00e1k<\/h2>\n<ul>\n<li>\n<h3>Folyad\u00e9ksziv\u00e1rg\u00e1sok azonos\u00edt\u00e1sa<\/h3>\n<p>A folyad\u00e9ksziv\u00e1rg\u00e1sok komoly aggodalomra adnak okot, \u00e9s a henger hidraulikafolyad\u00e9k l\u00e1that\u00f3 jeleinek vizsg\u00e1lat\u00e1val diagnosztiz\u00e1lhat\u00f3k. A rendszeres ellen\u0151rz\u00e9sek seg\u00edthetnek a sziv\u00e1rg\u00e1sok korai azonos\u00edt\u00e1s\u00e1ban, megel\u0151zve a nyom\u00e1svesztes\u00e9get \u00e9s a m\u0171k\u00f6d\u00e9si probl\u00e9m\u00e1kat.<\/p>\n<\/li>\n<li>\n<h3>Lass\u00fa vagy k\u00f6vetkezetlen mozg\u00e1s<\/h3>\n<p>Ha a g\u00e9mhenger lass\u00fa vagy egyenetlen mozg\u00e1st mutat, az alacsony hidraulikafolyad\u00e9k-szintre vagy a rendszerben l\u00e9v\u0151 leveg\u0151re utalhat. Ezen probl\u00e9m\u00e1k azonnali kezel\u00e9se elengedhetetlen a m\u0171k\u00f6d\u00e9si hat\u00e9konys\u00e1g fenntart\u00e1s\u00e1hoz.<\/p>\n<\/li>\n<li>\n<h3>Szokatlan zajok<\/h3>\n<p>A m\u0171k\u00f6d\u00e9s k\u00f6zbeni szokatlan zajok mechanikai probl\u00e9m\u00e1kra utalhatnak a hengerben vagy a hidraulikus rendszerben. A zaj forr\u00e1s\u00e1nak kivizsg\u00e1l\u00e1sa seg\u00edthet azonos\u00edtani azokat a lehets\u00e9ges probl\u00e9m\u00e1kat, amelyek azonnali figyelmet ig\u00e9nyelnek.<\/p>\n<\/li>\n<\/ul>\n<p><img decoding=\"async\" src=\"https:\/\/www.hydraulic-cylinders.net\/wp-content\/uploads\/2025\/04\/songte-bushings-with-all-kinds-of-excavator-models.webp\" alt=\"Kotr\u00f3g\u00e9pek perselyei\" \/><\/p>\n<h2>K\u00f6vetkeztet\u00e9s<\/h2>\n<p>C\u00e9g\u00fcnk hidraulikus hengerek gy\u00e1rt\u00e1s\u00e1ra specializ\u00e1l\u00f3dott, \u00e9s \u00e1tfog\u00f3 term\u00e9kk\u00edn\u00e1lattal rendelkezik, amely a hazai \u00e9s nemzetk\u00f6zi piacok egyik vezet\u0151 gy\u00e1rt\u00f3jak\u00e9nt \u00e9s nagykeresked\u0151jek\u00e9nt pozicion\u00e1l minket. A kiv\u00e1l\u00f3 min\u0151s\u00e9get k\u00f6vetj\u00fck, kifinomult gy\u00e1rt\u00e1si strat\u00e9gi\u00e1kat \u00e9s fejlett technol\u00f3gi\u00e1t alkalmazunk. Elk\u00f6telezettek vagyunk a gy\u00e1rt\u00e1si platformunk folyamatos fejleszt\u00e9se ir\u00e1nt, valamint er\u0151s innov\u00e1ci\u00f3s k\u00e9pess\u00e9g\u00fcnk biztos\u00edtja, hogy nagy hat\u00e9konys\u00e1ggal, pontoss\u00e1ggal \u00e9s min\u0151s\u00e9gben el\u00e9g\u00edts\u00fck ki \u00fcgyfeleink v\u00e1ltozatos ig\u00e9nyeit.<\/p>\n<p>Egyedi szolg\u00e1ltat\u00e1sokat ny\u00fajtunk, nemzetk\u00f6zi tan\u00fas\u00edtv\u00e1nyokkal rendelkez\u00fcnk, \u00e9s robusztus \u00e9rt\u00e9kes\u00edt\u00e9s ut\u00e1ni t\u00e1mogat\u00e1st ny\u00fajtunk, meger\u0151s\u00edtve ezzel elk\u00f6telezetts\u00e9g\u00fcnket az \u00fcgyfelek el\u00e9gedetts\u00e9ge ir\u00e1nt.<\/p>\n<p><img decoding=\"async\" src=\"https:\/\/www.hydraulic-cylinders.net\/wp-content\/uploads\/2025\/04\/songte-company-4.webp\" alt=\"C\u00e9ges k\u00e9p 4\" \/><br \/>\n<img decoding=\"async\" src=\"https:\/\/www.hydraulic-cylinders.net\/wp-content\/uploads\/2025\/04\/songte-company-3.webp\" alt=\"C\u00e9gk\u00e9p 3\" \/><\/p>\n<p>Szerz\u0151: lyl<\/p>","protected":false},"excerpt":{"rendered":"<p>Boom Cylinder For Doosan Large Excavator DH340LC Product Overview The Boom Cylinder is an essential hydraulic component specifically designed for controlling the movement of the boom in heavy machinery, such as excavators, backhoe loaders, and front loaders. This cylinder enables the boom to lift, lower, and tilt, facilitating efficient material handling tasks. The bucket cylinder [&hellip;]<\/p>","protected":false},"featured_media":17881,"comment_status":"open","ping_status":"closed","template":"","meta":{"_et_pb_use_builder":"","_et_pb_old_content":"","_et_gb_content_width":""},"product_brand":[],"product_cat":[1546],"product_tag":[1547,1496],"class_list":{"0":"post-19014","1":"product","2":"type-product","3":"status-publish","4":"has-post-thumbnail","6":"product_cat-boom-cylinders","7":"product_tag-boom-cylinders","8":"product_tag-hydraulic-cylinders","10":"first","11":"instock","12":"shipping-taxable","13":"product-type-simple"},"amp_enabled":true,"_links":{"self":[{"href":"https:\/\/www.hydraulic-cylinders.net\/hu\/wp-json\/wp\/v2\/product\/19014","targetHints":{"allow":["GET"]}}],"collection":[{"href":"https:\/\/www.hydraulic-cylinders.net\/hu\/wp-json\/wp\/v2\/product"}],"about":[{"href":"https:\/\/www.hydraulic-cylinders.net\/hu\/wp-json\/wp\/v2\/types\/product"}],"replies":[{"embeddable":true,"href":"https:\/\/www.hydraulic-cylinders.net\/hu\/wp-json\/wp\/v2\/comments?post=19014"}],"wp:featuredmedia":[{"embeddable":true,"href":"https:\/\/www.hydraulic-cylinders.net\/hu\/wp-json\/wp\/v2\/media\/17881"}],"wp:attachment":[{"href":"https:\/\/www.hydraulic-cylinders.net\/hu\/wp-json\/wp\/v2\/media?parent=19014"}],"wp:term":[{"taxonomy":"product_brand","embeddable":true,"href":"https:\/\/www.hydraulic-cylinders.net\/hu\/wp-json\/wp\/v2\/product_brand?post=19014"},{"taxonomy":"product_cat","embeddable":true,"href":"https:\/\/www.hydraulic-cylinders.net\/hu\/wp-json\/wp\/v2\/product_cat?post=19014"},{"taxonomy":"product_tag","embeddable":true,"href":"https:\/\/www.hydraulic-cylinders.net\/hu\/wp-json\/wp\/v2\/product_tag?post=19014"}],"curies":[{"name":"munkaf\u00fczet","href":"https:\/\/api.w.org\/{rel}","templated":true}]}}