{"id":19018,"date":"2025-04-07T06:07:25","date_gmt":"2025-04-07T06:07:25","guid":{"rendered":"https:\/\/www.hydraulic-cylinders.net\/product\/boom-cylinder-for-doosan-large-excavator-dh360\/"},"modified":"2025-04-07T06:07:27","modified_gmt":"2025-04-07T06:07:27","slug":"boom-cylinder-for-doosan-large-excavator-dh360","status":"publish","type":"product","link":"https:\/\/www.hydraulic-cylinders.net\/hu\/termek\/boom-cylinder-for-doosan-large-excavator-dh360\/","title":{"rendered":"Doosan DH360 nagy kotr\u00f3g\u00e9p g\u00e9mhenger"},"content":{"rendered":"<h1>Doosan DH360 nagy kotr\u00f3g\u00e9p g\u00e9mhenger<\/h1>\n<h2>Term\u00e9k\u00e1ttekint\u00e9s<\/h2>\n<p>A Doosan DH360 nagym\u00e9ret\u0171 kotr\u00f3g\u00e9p g\u00e9mhengere egy alapvet\u0151 hidraulikus alkatr\u00e9sz, amelyet a kotr\u00f3g\u00e9p g\u00e9mj\u00e9nek mozg\u00e1s\u00e1nak megk\u00f6nny\u00edt\u00e9s\u00e9re terveztek. Ez a hidraulikus henger kritikus szerepet j\u00e1tszik a kan\u00e1l emel\u00e9s\u00e9nek, s\u00fcllyeszt\u00e9s\u00e9nek \u00e9s billent\u00e9s\u00e9nek vez\u00e9rl\u00e9s\u00e9ben, ez\u00e1ltal egyszer\u0171s\u00edtve a k\u00fcl\u00f6nf\u00e9le anyagmozgat\u00e1si feladatokat. A kan\u00e1lhenger egy speci\u00e1lis hidraulikus henger, amely lehet\u0151v\u00e9 teszi a neh\u00e9zg\u00e9pek, p\u00e9ld\u00e1ul kotr\u00f3g\u00e9pek, kotr\u00f3rakod\u00f3k \u00e9s homlokrakod\u00f3k hat\u00e9kony m\u0171k\u00f6d\u00e9s\u00e9t. A hidraulikus folyad\u00e9knyom\u00e1s felhaszn\u00e1l\u00e1s\u00e1val prec\u00edz \u00e9s szab\u00e1lyozott mozg\u00e1sokat tesz lehet\u0151v\u00e9, biztos\u00edtva, hogy a kezel\u0151k k\u00f6nnyed\u00e9n \u00e9s pontosan v\u00e9gezhess\u00e9k el a feladatokat.<\/p>\n<p><img decoding=\"async\" src=\"https:\/\/www.hydraulic-cylinders.net\/wp-content\/uploads\/2025\/04\/songte-company-1.webp\" alt=\"G\u00e9mhenger kotr\u00f3g\u00e9phez\"><\/p>\n<h2>A g\u00e9mhenger jellemz\u0151i<\/h2>\n<ul>\n<li><strong>Nagy szil\u00e1rds\u00e1g \u00e9s tart\u00f3ss\u00e1g:<\/strong> Nagy szil\u00e1rds\u00e1g\u00fa ac\u00e9lb\u00f3l vagy alum\u00edniumb\u00f3l k\u00e9sz\u00fclt, ez a henger nagy nyom\u00e1st \u00e9s nagy terhel\u00e9st b\u00edr ki, \u00edgy ide\u00e1lis a zord munkak\u00f6rnyezetekhez.<\/li>\n<li><strong>Hat\u00e9kony hidraulikus m\u0171k\u00f6dtet\u00e9s:<\/strong> A henger hidraulikaolaj-nyom\u00e1st haszn\u00e1l a sima kiny\u00fal\u00e1shoz \u00e9s visszah\u00faz\u00e1shoz, gyors reag\u00e1l\u00e1st biztos\u00edtva a vez\u00e9rl\u0151parancsokra, \u00e9s jelent\u0151s nyom\u00f3- \u00e9s h\u00faz\u00f3er\u0151t gener\u00e1lva.<\/li>\n<li><strong>K\u00fcl\u00f6nb\u00f6z\u0151 t\u00edpusok:<\/strong> Kaphat\u00f3 egyszeres m\u0171k\u00f6d\u00e9s\u0171 (egy ir\u00e1nyban hidraulikus er\u0151t haszn\u00e1lva) vagy kett\u0151s m\u0171k\u00f6d\u00e9s\u0171 (mindk\u00e9t ir\u00e1nyban hidraulikus er\u0151t haszn\u00e1lva) kivitelben a v\u00e1ltoz\u00f3 \u00fczemi ig\u00e9nyek kiel\u00e9g\u00edt\u00e9s\u00e9re, egyes modellek teleszk\u00f3pos kialak\u00edt\u00e1ssal rendelkeznek a nagyobb kiny\u00fal\u00e1s \u00e9rdek\u00e9ben a k\u00fcls\u0151 m\u00e9retek n\u00f6vel\u00e9se n\u00e9lk\u00fcl.<\/li>\n<li><strong>Korr\u00f3zi\u00f3\u00e1ll\u00f3s\u00e1g:<\/strong> Kop\u00e1s\u00e1ll\u00f3 \u00e9s korr\u00f3zi\u00f3g\u00e1tl\u00f3 tulajdons\u00e1gokkal tervezt\u00e9k, hogy n\u00f6velj\u00e9k a tart\u00f3ss\u00e1got \u00e9s jelent\u0151sen meghosszabb\u00edts\u00e1k a term\u00e9k \u00e9lettartam\u00e1t.<\/li>\n<li><strong>Testreszabhat\u00f3 be\u00e1ll\u00edt\u00e1sok:<\/strong> Term\u00e9keink t\u00f6k\u00e9letesen helyettes\u00edtik a k\u00fcl\u00f6nf\u00e9le hidraulikus hengereket, \u00edgy \u00fcgyfeleink egyedi ig\u00e9nyei alapj\u00e1n testreszabott megold\u00e1sokat k\u00edn\u00e1lnak.<\/li>\n<\/ul>\n<p><img decoding=\"async\" src=\"https:\/\/www.hydraulic-cylinders.net\/wp-content\/uploads\/2025\/04\/songte-cylinder-head-with-all-kinds-excavator-models.webp\" alt=\"Kotr\u00f3g\u00e9p modellek\"><\/p>\n<h2>A g\u00e9mhenger alkalmaz\u00e1sai<\/h2>\n<h3>\u00c9p\u00edt\u0151ipari berendez\u00e9sek<\/h3>\n<p>A kotr\u00f3g\u00e9pekn\u00e9l a g\u00e9mhenger l\u00e9tfontoss\u00e1g\u00fa az \u00e1s\u00e1shoz, a talaj vagy t\u00f6rmel\u00e9k rakod\u00e1s\u00e1hoz \u00e9s mozgat\u00e1s\u00e1hoz. Lehet\u0151v\u00e9 teszi a kezel\u0151 sz\u00e1m\u00e1ra a kan\u00e1l hat\u00e9kony man\u0151verez\u00e9s\u00e9t, biztos\u00edtva az anyagok praktikus \u00e9s hat\u00e9kony kezel\u00e9s\u00e9t az \u00e9p\u00edtkez\u00e9seken. Megb\u00edzhat\u00f3 g\u00e9mhenger n\u00e9lk\u00fcl a kotr\u00f3g\u00e9p m\u0171k\u00f6d\u00e9se s\u00falyosan korl\u00e1toz\u00f3dna, ami befoly\u00e1soln\u00e1 a termel\u00e9kenys\u00e9get \u00e9s a m\u0171k\u00f6d\u00e9si hat\u00e9konys\u00e1got.<\/p>\n<h3>Mez\u0151gazdas\u00e1gi g\u00e9pek<\/h3>\n<p>A homlokrakod\u00f3kn\u00e1l a g\u00e9mhenger kulcsszerepet j\u00e1tszik a talaj, sz\u00e9na \u00e9s egy\u00e9b anyagok kotor\u00e1s\u00e1ban, emel\u00e9s\u00e9ben \u00e9s sz\u00e1ll\u00edt\u00e1s\u00e1ban. Ez az alkalmaz\u00e1s k\u00fcl\u00f6n\u00f6sen fontos mez\u0151gazdas\u00e1gi k\u00f6rnyezetben, ahol a g\u00e9peknek megb\u00edzhat\u00f3an kell m\u0171k\u00f6dni\u00fck a feladatok hat\u00e9kony elv\u00e9gz\u00e9s\u00e9hez. A robusztus g\u00e9mhenger biztos\u00edtja, hogy a mez\u0151gazdas\u00e1gi feladatok minim\u00e1lis \u00e1ll\u00e1sid\u0151vel \u00e9s maxim\u00e1lis hat\u00e9konys\u00e1ggal v\u00e9gezhet\u0151k el.<\/p>\n<h3>Kotr\u00f3g\u00e9pek<\/h3>\n<p>A g\u00e9mhenger lehet\u0151v\u00e9 teszi, hogy a kan\u00e1l hat\u00e9konyan hatoljon be a talajba, el\u00e9rve a f\u00f6ldmunk\u00e1khoz sz\u00fcks\u00e9ges \u00e1s\u00e1si m\u0171veletet. Teljes\u00edtm\u00e9nye l\u00e9tfontoss\u00e1g\u00fa a kotr\u00f3g\u00e9pek sikeres m\u0171k\u00f6d\u00e9s\u00e9hez, amelyekre k\u00fcl\u00f6nf\u00e9le \u00e9p\u00edt\u00e9si \u00e9s f\u00f6ldmozgat\u00e1si projektekben t\u00e1maszkodnak. A g\u00e9mhenger hat\u00e9konys\u00e1ga k\u00f6zvetlen\u00fcl \u00f6sszef\u00fcgg a kotr\u00f3g\u00e9p teljes teljes\u00edtm\u00e9ny\u00e9vel.<\/p>\n<h3>Rakod\u00f3k<\/h3>\n<p>A homlokrakod\u00f3kban a g\u00e9mhengerek hat\u00e9konyan seg\u00edtik a rakom\u00e1nyok emel\u00e9s\u00e9t \u00e9s \u00fcr\u00edt\u00e9s\u00e9t. Lehet\u0151v\u00e9 teszik a kezel\u0151k sz\u00e1m\u00e1ra a neh\u00e9z anyagok kezel\u00e9s\u00e9t, biztos\u00edtva a biztons\u00e1gos \u00e9s hat\u00e9kony m\u0171k\u00f6d\u00e9st. A g\u00e9m sz\u00f6g\u00e9nek \u00e9s magass\u00e1g\u00e1nak szab\u00e1lyoz\u00e1si lehet\u0151s\u00e9ge lehet\u0151v\u00e9 teszi a prec\u00edz \u00fcr\u00edt\u00e9st \u00e9s az anyag elhelyez\u00e9s\u00e9t, n\u00f6velve a rakod\u00f3 hasznoss\u00e1g\u00e1t a helysz\u00ednen.<\/p>\n<h2>Tervez\u00e9si szempontok \u00e9s kiv\u00e1laszt\u00e1si krit\u00e9riumok<\/h2>\n<h3>Teherb\u00edr\u00e1s<\/h3>\n<p>A g\u00e9mhenger teherb\u00edr\u00e1sa kiemelked\u0151en fontos tervez\u00e9si szempont. K\u00e9pesnek kell lennie a teher maxim\u00e1lis s\u00faly\u00e1nak kezel\u00e9s\u00e9re a biztons\u00e1gos \u00e9s hat\u00e9kony m\u0171k\u00f6d\u00e9s \u00e9rdek\u00e9ben. A gy\u00e1rt\u00f3k jellemz\u0151en meghat\u00e1rozz\u00e1k a teherb\u00edr\u00e1st, amelynek \u00f6sszhangban kell lennie a g\u00e9p rendeltet\u00e9sszer\u0171 haszn\u00e1lat\u00e1val, hogy megakad\u00e1lyozza a meghib\u00e1sod\u00e1st neh\u00e9z feladatok sor\u00e1n. A teherb\u00edr\u00e1s megfelel\u0151 felm\u00e9r\u00e9se biztos\u00edtja, hogy a megfelel\u0151 hengert v\u00e1lassz\u00e1k ki az adott alkalmaz\u00e1sokhoz, ez\u00e1ltal n\u00f6velve a teljes\u00edtm\u00e9nyt \u00e9s cs\u00f6kkentve a balesetek val\u00f3sz\u00edn\u0171s\u00e9g\u00e9t.<\/p>\n<h3>T\u00f6m\u00edt\u00e9si integrit\u00e1s<\/h3>\n<p>A t\u00f6m\u00edt\u00e9s integrit\u00e1sa kritikus fontoss\u00e1g\u00fa a hidraulikus rendszer hat\u00e9konys\u00e1g\u00e1nak fenntart\u00e1s\u00e1hoz. A kiv\u00e1l\u00f3 min\u0151s\u00e9g\u0171 t\u00f6m\u00edt\u00e9sek megakad\u00e1lyozz\u00e1k a hidraulikafolyad\u00e9k sziv\u00e1rg\u00e1s\u00e1t, ami a teljes\u00edtm\u00e9ny cs\u00f6kken\u00e9s\u00e9hez \u00e9s a rendszer esetleges meghib\u00e1sod\u00e1s\u00e1hoz vezethet. A t\u00f6m\u00edt\u0151anyagok, p\u00e9ld\u00e1ul a poliuret\u00e1n vagy a nitrilkaucsuk megv\u00e1laszt\u00e1sa elengedhetetlen a hossz\u00fa t\u00e1v\u00fa teljes\u00edtm\u00e9ny biztos\u00edt\u00e1s\u00e1hoz k\u00fcl\u00f6nb\u00f6z\u0151 k\u00f6r\u00fclm\u00e9nyek k\u00f6z\u00f6tt. A megfelel\u0151 t\u00f6m\u00edt\u00e9skialak\u00edt\u00e1s hozz\u00e1j\u00e1rul a fokozott tart\u00f3ss\u00e1ghoz \u00e9s \u00fczembiztons\u00e1ghoz, \u00edgy alapvet\u0151 t\u00e9nyez\u0151 a g\u00e9mhenger kiv\u00e1laszt\u00e1s\u00e1ban.<\/p>\n<h3>Tart\u00f3ss\u00e1g<\/h3>\n<p>A tart\u00f3ss\u00e1g a hidraulikus hengerek tervez\u00e9s\u00e9nek kulcsfontoss\u00e1g\u00fa szempontja. Az \u00e9p\u00edt\u00e9shez felhaszn\u00e1lt anyagoknak id\u0151vel ellen\u00e1llniuk kell a kop\u00e1snak \u00e9s a kif\u00e1rad\u00e1snak, k\u00fcl\u00f6n\u00f6sen zord k\u00f6r\u00fclm\u00e9nyek k\u00f6z\u00f6tt. A fejlett gy\u00e1rt\u00e1si technik\u00e1k \u00e9s az anyagv\u00e1laszt\u00e1s hozz\u00e1j\u00e1rulnak a g\u00e9mhenger hossz\u00fa \u00e9lettartam\u00e1hoz, lehet\u0151v\u00e9 t\u00e9ve, hogy ellen\u00e1lljon a neh\u00e9z alkalmaz\u00e1sok megterhel\u00e9s\u00e9nek. A tart\u00f3s kialak\u00edt\u00e1s minimaliz\u00e1lja a karbantart\u00e1si ig\u00e9nyeket \u00e9s cs\u00f6kkenti a csere gyakoris\u00e1g\u00e1t, k\u00f6lts\u00e9ghat\u00e9kony megold\u00e1sokat k\u00edn\u00e1lva a kezel\u0151k sz\u00e1m\u00e1ra.<\/p>\n<h3>Biztons\u00e1gi funkci\u00f3k<\/h3>\n<p>A biztons\u00e1gi funkci\u00f3k be\u00e9p\u00edt\u00e9se a g\u00e9mhenger kialak\u00edt\u00e1s\u00e1ba elengedhetetlen mind a kezel\u0151k, mind a g\u00e9pek v\u00e9delme \u00e9rdek\u00e9ben. Ezek a funkci\u00f3k magukban foglalhatj\u00e1k a t\u00falterhel\u00e9s megakad\u00e1lyoz\u00e1s\u00e1ra szolg\u00e1l\u00f3 nyom\u00e1scs\u00f6kkent\u0151 szelepeket, valamint a meghib\u00e1sod\u00e1smentes mechanizmusokat, amelyek kedvez\u0151tlen k\u00f6r\u00fclm\u00e9nyek k\u00f6z\u00f6tt is biztos\u00edtj\u00e1k a szab\u00e1lyozott m\u0171k\u00f6d\u00e9st. A biztons\u00e1gra val\u00f3 odafigyel\u00e9s nemcsak a g\u00e9pek m\u0171k\u00f6d\u00e9si integrit\u00e1s\u00e1t jav\u00edtja, hanem a felhaszn\u00e1l\u00f3k k\u00f6z\u00f6tti bizalmat is er\u0151s\u00edti, \u00edgy kritikus szempont a tervez\u00e9si f\u00e1zisban.<\/p>\n<h3>Karbantarthat\u00f3s\u00e1g<\/h3>\n<p>A karbantarthat\u00f3s\u00e1g jelent\u0151s t\u00e9nyez\u0151 a hidraulikus hengerek tervez\u00e9s\u00e9n\u00e9l. Az alkatr\u00e9szekhez val\u00f3 k\u00f6nny\u0171 hozz\u00e1f\u00e9r\u00e9s az ellen\u0151rz\u00e9s, karbantart\u00e1s \u00e9s csere \u00e9rdek\u00e9ben elengedhetetlen az \u00e1ll\u00e1sid\u0151 minimaliz\u00e1l\u00e1sa \u00e9rdek\u00e9ben. Az egyszer\u0171 sz\u00e9tszerel\u00e9st \u00e9s \u00f6sszeszerel\u00e9st lehet\u0151v\u00e9 tev\u0151 hengerkialak\u00edt\u00e1sok megk\u00f6nny\u00edtik a rutinszer\u0171 karbantart\u00e1si feladatokat, biztos\u00edtva, hogy a kezel\u0151k z\u00f6kken\u0151mentesen m\u0171k\u00f6dhessenek a g\u00e9peken. A karbantarthat\u00f3s\u00e1g el\u0151t\u00e9rbe helyez\u00e9s\u00e9vel a gy\u00e1rt\u00f3k optimaliz\u00e1lhatj\u00e1k a m\u0171k\u00f6d\u00e9si hat\u00e9konys\u00e1got \u00e9s n\u00f6velhetik a felhaszn\u00e1l\u00f3i el\u00e9gedetts\u00e9get.<\/p>\n<p><img decoding=\"async\" src=\"https:\/\/www.hydraulic-cylinders.net\/wp-content\/uploads\/2025\/04\/songte-oil-pipes-and-spare-parts.webp\" alt=\"Hidraulikus alkatr\u00e9szek\"><\/p>\n<h2>A hidraulikus henger t\u00f6m\u00edt\u00e9se \u00e9s ken\u00e9se<\/h2>\n<p>A hat\u00e9kony t\u00f6m\u00edt\u00e9s \u00e9s ken\u00e9s elengedhetetlen a hidraulikus hengerek megfelel\u0151 m\u0171k\u00f6d\u00e9s\u00e9hez. K\u00fcl\u00f6nb\u00f6z\u0151 t\u00f6m\u00edt\u0151elemeket, p\u00e9ld\u00e1ul dugatty\u00fat\u00f6m\u00edt\u00e9seket \u00e9s r\u00fadt\u00f6m\u00edt\u00e9seket haszn\u00e1lnak a folyad\u00e9ksziv\u00e1rg\u00e1s megakad\u00e1lyoz\u00e1s\u00e1ra \u00e9s a rendszeren bel\u00fcli nyom\u00e1s fenntart\u00e1s\u00e1ra. A t\u00f6m\u00edt\u0151anyagokat, mint p\u00e9ld\u00e1ul a poliuret\u00e1nt \u00e9s a nitrilgumit, kop\u00e1s\u00e1ll\u00f3s\u00e1guk \u00e9s tart\u00f3ss\u00e1guk alapj\u00e1n v\u00e1lasztj\u00e1k ki, biztos\u00edtva a hossz\u00fa t\u00e1v\u00fa teljes\u00edtm\u00e9nyt m\u00e9g nagy nyom\u00e1s alatt is. Ezenk\u00edv\u00fcl a hengertest \u00e9s a menetes v\u00e9gek finom megmunk\u00e1l\u00e1son esnek \u00e1t a kop\u00e1s\u00e1ll\u00f3s\u00e1g fokoz\u00e1sa \u00e9s a t\u00f6m\u00edt\u0151k\u00e9pess\u00e9g jav\u00edt\u00e1sa \u00e9rdek\u00e9ben.<\/p>\n<p>A rendszeres ken\u00e9s elengedhetetlen az optim\u00e1lis m\u0171k\u00f6d\u00e9shez, \u00e9s a mozg\u00f3 alkatr\u00e9szek s\u00farl\u00f3d\u00e1s\u00e1nak \u00e9s kop\u00e1s\u00e1nak minimaliz\u00e1l\u00e1sa \u00e9rdek\u00e9ben id\u0151szakosan hidraulikaolajat kell befecskendezni. A megfelel\u0151 ken\u00e9si gyakorlat nemcsak a hidraulikus henger \u00e9lettartam\u00e1t hosszabb\u00edtja meg, hanem hozz\u00e1j\u00e1rul a hidraulikus rendszer \u00e1ltal\u00e1nos hat\u00e9konys\u00e1g\u00e1hoz is, \u00edgy a karbantart\u00e1si strat\u00e9gi\u00e1k kulcsfontoss\u00e1g\u00fa aspektusa.<\/p>\n<h2>Rendszeres karbantart\u00e1s \u00e9s megel\u0151z\u0151 int\u00e9zked\u00e9sek<\/h2>\n<ul>\n<li><strong>Rutinszer\u0171 ellen\u0151rz\u00e9sek:<\/strong> Rendszeres ellen\u0151rz\u00e9seket v\u00e9gezzen a kop\u00e1s vagy s\u00e9r\u00fcl\u00e9s jeleinek azonos\u00edt\u00e1sa \u00e9rdek\u00e9ben. Ez a proakt\u00edv megk\u00f6zel\u00edt\u00e9s seg\u00edthet megel\u0151zni a k\u00f6lts\u00e9ges jav\u00edt\u00e1sokat \u00e9s biztos\u00edtani a biztons\u00e1gos \u00fczemeltet\u00e9st.<\/li>\n<li><strong>Ken\u00e9s:<\/strong> Az optim\u00e1lis ken\u00e9si szint fenntart\u00e1sa \u00e9rdek\u00e9ben rendszeresen ut\u00e1nt\u00f6lteni kell a hidraulikaolajat. A megfelel\u0151 ken\u00e9s cs\u00f6kkenti az alkatr\u00e9szek s\u00farl\u00f3d\u00e1s\u00e1t \u00e9s kop\u00e1s\u00e1t, meghosszabb\u00edtva az \u00e9lettartamot.<\/li>\n<li><strong>T\u00f6m\u00edt\u00e9scsere:<\/strong> Figyelje a t\u00f6m\u00edt\u00e9sek \u00e1llapot\u00e1t, \u00e9s sz\u00fcks\u00e9g szerint cser\u00e9lje ki \u0151ket. A kopott t\u00f6m\u00edt\u00e9sek folyad\u00e9ksziv\u00e1rg\u00e1st okozhatnak, ronthatj\u00e1k a teljes\u00edtm\u00e9nyt \u00e9s ak\u00e1r rendszerhib\u00e1kat is okozhatnak.<\/li>\n<\/ul>\n<h2>Telep\u00edt\u00e9si \u00fatmutat\u00f3<\/h2>\n<p>A hidraulikus henger helyes beszerel\u00e9se elengedhetetlen a m\u0171k\u00f6d\u00e9s\u00e9hez. El\u0151sz\u00f6r is gy\u0151z\u0151dj\u00f6n meg arr\u00f3l, hogy a beszerel\u00e9si ter\u00fclet tiszta \u00e9s mentes minden olyan t\u00f6rmel\u00e9kt\u0151l, amely ronthatja a teljes\u00edtm\u00e9nyt. A henger megfelel\u0151 be\u00e1ll\u00edt\u00e1sa a r\u00f6gz\u00edt\u0151konzolokkal elengedhetetlen; a hib\u00e1s be\u00e1ll\u00edt\u00e1s t\u00falzott kop\u00e1shoz \u00e9s id\u0151 el\u0151tti meghib\u00e1sod\u00e1shoz vezethet. Javasoljuk, hogy megfelel\u0151 r\u00f6gz\u00edt\u0151elemeket haszn\u00e1ljon a henger szil\u00e1rd r\u00f6gz\u00edt\u00e9s\u00e9hez. A gy\u00e1rt\u00f3 nyomat\u00e9kokra \u00e9s h\u00e9zagokra vonatkoz\u00f3 el\u0151\u00edr\u00e1sainak betart\u00e1sa biztos\u00edtja a henger hat\u00e9kony m\u0171k\u00f6d\u00e9s\u00e9t.<\/p>\n<p>A telep\u00edt\u00e9s ut\u00e1n elengedhetetlen ellen\u0151rizni a hidraulikus csatlakoz\u00e1sok biztons\u00e1gos \u00e9s sziv\u00e1rg\u00e1smentes \u00e1llapot\u00e1t. A rendszer alapos teszt\u00fczeme seg\u00edt azonos\u00edtani az esetleges probl\u00e9m\u00e1kat, miel\u0151tt a hengert rendszeres \u00fczembe helyezn\u00e9k. A telep\u00edt\u00e9si folyamat rendszeres fel\u00fclvizsg\u00e1lata \u00e9s a sz\u00fcks\u00e9ges be\u00e1ll\u00edt\u00e1sok elv\u00e9gz\u00e9se jelent\u0151sen jav\u00edthatja a henger teljes\u00edtm\u00e9ny\u00e9t \u00e9s \u00e9lettartam\u00e1t.<\/p>\n<h2>Gyakori karbantart\u00e1si feladatok<\/h2>\n<h3>Rutinellen\u0151rz\u00e9sek<\/h3>\n<p>A hidraulikus henger optim\u00e1lis m\u0171k\u00f6d\u00e9s\u00e9nek biztos\u00edt\u00e1s\u00e1hoz elengedhetetlen a rendszeres ellen\u0151rz\u00e9sek elv\u00e9gz\u00e9se. M\u0171k\u00f6d\u00e9s k\u00f6zben ellen\u0151rizze a kop\u00e1s, sziv\u00e1rg\u00e1sok \u00e9s szokatlan zajok jeleit. Ez a proakt\u00edv megk\u00f6zel\u00edt\u00e9s m\u00e9g azel\u0151tt azonos\u00edtja a lehets\u00e9ges probl\u00e9m\u00e1kat, miel\u0151tt azok s\u00falyosbodn\u00e1nak, biztos\u00edtva a biztons\u00e1got \u00e9s a hat\u00e9konys\u00e1got.<\/p>\n<h3>Megfelel\u0151 ken\u00e9s<\/h3>\n<p>A megfelel\u0151 ken\u00e9s fenntart\u00e1sa elengedhetetlen a hidraulikus henger hossz\u00fa \u00e9lettartam\u00e1hoz. Az olajszintet rendszeresen ellen\u0151rizni kell, \u00e9s sz\u00fcks\u00e9g szerint megfelel\u0151 hidraulikafolyad\u00e9kot kell ut\u00e1nt\u00f6lteni. A megfelel\u0151 ken\u00e9s minimaliz\u00e1lja a s\u00farl\u00f3d\u00e1st, ami cs\u00f6kkenti a henger alkatr\u00e9szeinek kop\u00e1s\u00e1t, ez\u00e1ltal meghosszabb\u00edtva az \u00e9lettartamot.<\/p>\n<h3>T\u00f6m\u00edt\u00e9scsere \u00e9s kalibr\u00e1l\u00e1s<\/h3>\n<p>A t\u00f6m\u00edt\u00e9sek cser\u00e9je az els\u0151 kop\u00e1si jeln\u00e9l elengedhetetlen a sziv\u00e1rg\u00e1sok megel\u0151z\u00e9se \u00e9s a rendszerben l\u00e9v\u0151 nyom\u00e1s fenntart\u00e1sa \u00e9rdek\u00e9ben. A hidraulikus rendszer rendszeres kalibr\u00e1l\u00e1sa biztos\u00edtja, hogy a megadott param\u00e9tereken bel\u00fcl m\u0171k\u00f6dj\u00f6n, optimaliz\u00e1lva a teljes\u00edtm\u00e9nyt. A t\u00f6m\u00edt\u00e9sek megfelel\u0151 be\u00e1ll\u00edt\u00e1sa \u00e9s karbantart\u00e1sa biztos\u00edtja a megb\u00edzhat\u00f3 m\u0171k\u00f6d\u00e9st \u00e9s meghosszabb\u00edtja a hidraulikus henger \u00e9lettartam\u00e1t.<\/p>\n<p><img decoding=\"async\" src=\"https:\/\/www.hydraulic-cylinders.net\/wp-content\/uploads\/2025\/04\/songte-chushion-collar.webp\" alt=\"P\u00e1rna gall\u00e9r\"><\/p>\n<h2>Biztons\u00e1gi szempontok \u00e9s k\u00f6rnyezeti t\u00e9nyez\u0151k<\/h2>\n<p>Hidraulikus hengerek haszn\u00e1latakor elengedhetetlen a biztons\u00e1gi int\u00e9zked\u00e9sek bevezet\u00e9se. A kezel\u0151ket ki kell k\u00e9pezni a berendez\u00e9sek megfelel\u0151 kezel\u00e9s\u00e9re, \u00e9s tiszt\u00e1ban kell lenni\u00fck a hidraulikus rendszerekkel kapcsolatos kock\u00e1zatokkal. A balesetek megel\u0151z\u00e9se \u00e9rdek\u00e9ben mindig rendelkezni kell biztons\u00e1gi berendez\u00e9sekkel, \u00e9s rendszeres karbantart\u00e1st kell v\u00e9gezni a hengerek megfelel\u0151 m\u0171k\u00f6d\u00e9s\u00e9nek biztos\u00edt\u00e1sa \u00e9rdek\u00e9ben. A k\u00f6rnyezeti t\u00e9nyez\u0151ket, p\u00e9ld\u00e1ul a h\u0151m\u00e9rs\u00e9klet-ingadoz\u00e1sokat \u00e9s a korroz\u00edv anyagoknak val\u00f3 kitetts\u00e9get is figyelembe kell venni a hidraulikus hengerek tervez\u00e9se \u00e9s kiv\u00e1laszt\u00e1sa sor\u00e1n, hogy biztos\u00edtsuk a megb\u00edzhat\u00f3 teljes\u00edtm\u00e9nyt k\u00fcl\u00f6nb\u00f6z\u0151 k\u00f6r\u00fclm\u00e9nyek k\u00f6z\u00f6tt.<\/p>\n<h2>Hibaelh\u00e1r\u00edt\u00e1s \u00e9s gyakori probl\u00e9m\u00e1k<\/h2>\n<ul>\n<li><strong>Sziv\u00e1rg\u00e1s:<\/strong> Az egyik leggyakoribb probl\u00e9ma a folyad\u00e9ksziv\u00e1rg\u00e1s, amelyet gyakran elkopott t\u00f6m\u00edt\u00e9sek vagy helytelen beszerel\u00e9s okoz. Rendszeresen ellen\u0151rizze a t\u00f6m\u00edt\u00e9seket, \u00e9s sz\u00fcks\u00e9g szerint cser\u00e9lje ki \u0151ket a folyad\u00e9kvesztes\u00e9g megel\u0151z\u00e9se \u00e9rdek\u00e9ben.<\/li>\n<li><strong>Inkonzisztens mozg\u00e1s:<\/strong> Ha a henger egyenetlen vagy r\u00e1ngat\u00f3z\u00f3 mozg\u00e1st mutat, az leveg\u0151re utalhat a hidraulikavezet\u00e9kekben, vagy el\u00e9gtelen ken\u00e9sre. L\u00e9gtelen\u00edtse a rendszert, \u00e9s biztos\u00edtsa a megfelel\u0151 olajszintet a zavartalan m\u0171k\u00f6d\u00e9s helyre\u00e1ll\u00edt\u00e1sa \u00e9rdek\u00e9ben.<\/li>\n<li><strong>Nyom\u00e1svesztes\u00e9g:<\/strong> A hirtelen nyom\u00e1ses\u00e9s bels\u0151 s\u00e9r\u00fcl\u00e9sre vagy sziv\u00e1rg\u00e1sra utalhat. Alapos ellen\u0151rz\u00e9ssel azonos\u00edtsa a probl\u00e9ma ok\u00e1t, \u00e9s azonnal kezelje azt.<\/li>\n<\/ul>\n<h2>Hibaelh\u00e1r\u00edt\u00e1si tippek \u00e9s megel\u0151z\u0151 int\u00e9zked\u00e9sek<\/h2>\n<p>A hidraulikus hengerekkel kapcsolatos probl\u00e9m\u00e1k hat\u00e9kony diagnosztiz\u00e1l\u00e1sa \u00e9s megold\u00e1sa \u00e9rdek\u00e9ben a kezel\u0151knek rendszeresen ellen\u0151rizni\u00fck kell a sziv\u00e1rg\u00e1sokat, \u00e9s figyelni\u00fck kell a teljes\u00edtm\u00e9nyt. A megel\u0151z\u0151 int\u00e9zked\u00e9sek, p\u00e9ld\u00e1ul a rendszeres karbantart\u00e1s \u00e9s a megfelel\u0151 ken\u00e9s bevezet\u00e9se minimaliz\u00e1lja a probl\u00e9m\u00e1k kialakul\u00e1s\u00e1nak kock\u00e1zat\u00e1t. Az ellen\u0151rz\u00e9sek \u00e9s karbantart\u00e1si tev\u00e9kenys\u00e9gek r\u00e9szletes napl\u00f3j\u00e1nak vezet\u00e9se lehet\u0151v\u00e9 teszi a mint\u00e1k azonos\u00edt\u00e1s\u00e1t \u00e9s a potenci\u00e1lis probl\u00e9m\u00e1k proakt\u00edv kezel\u00e9s\u00e9t.<\/p>\n<p><img decoding=\"async\" src=\"https:\/\/www.hydraulic-cylinders.net\/wp-content\/uploads\/2025\/04\/songte-bushings-with-all-kinds-of-excavator-models.webp\" alt=\"Perselyek kotr\u00f3g\u00e9p modellekhez\"><\/p>\n<h2>C\u00e9ginform\u00e1ci\u00f3<\/h2>\n<p>Vezet\u0151 gy\u00e1rt\u00f3 \u00e9s nagykeresked\u0151 vagyunk, amely a hidraulikus hengerek p\u00f3tl\u00e1s\u00e1ra specializ\u00e1l\u00f3dott. Kiterjedt term\u00e9kk\u00edn\u00e1latunknak k\u00f6sz\u00f6nhet\u0151en kiemelked\u0151 szerepl\u0151v\u00e9 v\u00e1ltunk mind a hazai, mind a nemzetk\u00f6zi piacokon. Szigor\u00fa min\u0151s\u00e9gi el\u0151\u00edr\u00e1sokat k\u00f6vet\u00fcnk, \u00e9s apr\u00f3l\u00e9kos gy\u00e1rt\u00e1si strat\u00e9gi\u00e1kat alkalmazunk, amelyek a fejlett technol\u00f3gi\u00e1kat \u00e9s szak\u00e9rtelmet hasznos\u00edtj\u00e1k. A nagy hat\u00e9konys\u00e1g\u00fa gy\u00e1rt\u00e1sra, a prec\u00edzi\u00f3s m\u00e9rn\u00f6ki munk\u00e1ra \u00e9s a kiv\u00e1l\u00f3 min\u0151s\u00e9gre val\u00f3 \u00f6sszpontos\u00edt\u00e1sunk biztos\u00edtja, hogy hat\u00e9konyan megfelelj\u00fcnk \u00fcgyfeleink v\u00e1ltozatos ig\u00e9nyeinek.<\/p>\n<p>Term\u00e9kk\u00edn\u00e1latunkat nemzetk\u00f6zi tan\u00fas\u00edtv\u00e1nyok t\u00e1masztj\u00e1k al\u00e1, amelyek bizony\u00edtj\u00e1k a min\u0151s\u00e9g \u00e9s a biztons\u00e1g ir\u00e1nti elk\u00f6telezetts\u00e9g\u00fcnket. Emellett egyedi \u00fcgyf\u00e9lig\u00e9nyekhez igaz\u00edtott szolg\u00e1ltat\u00e1sokat is ny\u00fajtunk, biztos\u00edtva, hogy minden term\u00e9k megfeleljen a konkr\u00e9t m\u0171k\u00f6d\u00e9si k\u00f6vetelm\u00e9nyeknek. Korszer\u0171 gy\u00e1rt\u00f3berendez\u00e9seink \u00e9s szigor\u00fa tesztrendszereink garant\u00e1lj\u00e1k, hogy minden \u00e1ltalunk gy\u00e1rtott hidraulikus henger megfeleljen a legmagasabb teljes\u00edtm\u00e9ny- \u00e9s megb\u00edzhat\u00f3s\u00e1gi szabv\u00e1nyoknak.<\/p>\n<p><img decoding=\"async\" src=\"https:\/\/www.hydraulic-cylinders.net\/wp-content\/uploads\/2025\/04\/songte-company-4.webp\" alt=\"C\u00e9ggy\u00e1rt\u00f3 l\u00e9tes\u00edtm\u00e9ny\"><br \/>\n<img decoding=\"async\" src=\"https:\/\/www.hydraulic-cylinders.net\/wp-content\/uploads\/2025\/04\/songte-company-3.webp\" alt=\"C\u00e9ges gy\u00e1rt\u00f3berendez\u00e9sek\"><\/p>\n<p>Szerz\u0151: lyl<\/p>","protected":false},"excerpt":{"rendered":"<p>Boom Cylinder For Doosan Large Excavator DH360 Product Overview The Boom Cylinder for Doosan Large Excavator DH360 is an essential hydraulic component designed to facilitate the movement of the excavator&#8217;s boom. This hydraulic cylinder plays a critical role in controlling the lifting, lowering, and tilting of the bucket, thereby streamlining various material handling tasks. A [&hellip;]<\/p>","protected":false},"featured_media":17870,"comment_status":"open","ping_status":"closed","template":"","meta":{"_et_pb_use_builder":"","_et_pb_old_content":"","_et_gb_content_width":""},"product_brand":[],"product_cat":[1546],"product_tag":[1547,1496],"class_list":{"0":"post-19018","1":"product","2":"type-product","3":"status-publish","4":"has-post-thumbnail","6":"product_cat-boom-cylinders","7":"product_tag-boom-cylinders","8":"product_tag-hydraulic-cylinders","10":"first","11":"instock","12":"shipping-taxable","13":"product-type-simple"},"amp_enabled":true,"_links":{"self":[{"href":"https:\/\/www.hydraulic-cylinders.net\/hu\/wp-json\/wp\/v2\/product\/19018","targetHints":{"allow":["GET"]}}],"collection":[{"href":"https:\/\/www.hydraulic-cylinders.net\/hu\/wp-json\/wp\/v2\/product"}],"about":[{"href":"https:\/\/www.hydraulic-cylinders.net\/hu\/wp-json\/wp\/v2\/types\/product"}],"replies":[{"embeddable":true,"href":"https:\/\/www.hydraulic-cylinders.net\/hu\/wp-json\/wp\/v2\/comments?post=19018"}],"wp:featuredmedia":[{"embeddable":true,"href":"https:\/\/www.hydraulic-cylinders.net\/hu\/wp-json\/wp\/v2\/media\/17870"}],"wp:attachment":[{"href":"https:\/\/www.hydraulic-cylinders.net\/hu\/wp-json\/wp\/v2\/media?parent=19018"}],"wp:term":[{"taxonomy":"product_brand","embeddable":true,"href":"https:\/\/www.hydraulic-cylinders.net\/hu\/wp-json\/wp\/v2\/product_brand?post=19018"},{"taxonomy":"product_cat","embeddable":true,"href":"https:\/\/www.hydraulic-cylinders.net\/hu\/wp-json\/wp\/v2\/product_cat?post=19018"},{"taxonomy":"product_tag","embeddable":true,"href":"https:\/\/www.hydraulic-cylinders.net\/hu\/wp-json\/wp\/v2\/product_tag?post=19018"}],"curies":[{"name":"munkaf\u00fczet","href":"https:\/\/api.w.org\/{rel}","templated":true}]}}