{"id":19094,"date":"2025-04-07T06:12:30","date_gmt":"2025-04-07T06:12:30","guid":{"rendered":"https:\/\/www.hydraulic-cylinders.net\/product\/boom-cylinder-for-yugong-wy15-7\/"},"modified":"2025-04-07T06:12:32","modified_gmt":"2025-04-07T06:12:32","slug":"boom-cylinder-for-yugong-wy15-7","status":"publish","type":"product","link":"https:\/\/www.hydraulic-cylinders.net\/hu\/termek\/boom-cylinder-for-yugong-wy15-7\/","title":{"rendered":"G\u00e9mhenger Yugong WY15-7-hez"},"content":{"rendered":"<h1>G\u00e9mhenger Yugong WY15-7-hez<\/h1>\n<h2>Term\u00e9k\u00e1ttekint\u00e9s<\/h2>\n<p>A Yugong WY15-7 g\u00e9mhengere egy speci\u00e1lis hidraulikus henger, amelyet k\u00fcl\u00f6nf\u00e9le neh\u00e9zg\u00e9pek kanalainak mozg\u00e1s\u00e1nak vez\u00e9rl\u00e9s\u00e9re terveztek. A hidraulikus hengerek kritikus fontoss\u00e1g\u00fa alkatr\u00e9szek a hidraulikus rendszerekben, lehet\u0151v\u00e9 t\u00e9ve a berendez\u00e9sek mozg\u00e1s\u00e1nak \u00e9s pozicion\u00e1l\u00e1s\u00e1nak pontos vez\u00e9rl\u00e9s\u00e9t. Ez a konkr\u00e9t g\u00e9mhenger szerves r\u00e9sze a kotr\u00f3g\u00e9pek, kotr\u00f3g\u00e9pek \u00e9s homlokrakod\u00f3k m\u0171k\u00f6d\u00e9s\u00e9nek, lehet\u0151v\u00e9 t\u00e9ve a kan\u00e1l hat\u00e9kony emel\u00e9s\u00e9t, s\u00fcllyeszt\u00e9s\u00e9t \u00e9s billent\u00e9s\u00e9t, ez\u00e1ltal megk\u00f6nny\u00edtve az anyagmozgat\u00e1si feladatokat.<\/p>\n<p>A kan\u00e1lhengerek hidraulikus munkahengerek, amelyeket kifejezetten az \u00e1s\u00f3- \u00e9s emel\u0151berendez\u00e9sek m\u0171k\u00f6d\u00e9s\u00e9nek ir\u00e1ny\u00edt\u00e1s\u00e1ra haszn\u00e1lnak, \u00e9s sz\u00e1mos \u00e9p\u00edt\u0151ipari \u00e9s mez\u0151gazdas\u00e1gi g\u00e9p\u00e9szeti m\u0171velet gerinc\u00e9t k\u00e9pezik. A hidraulikus rendszer teljes\u00edtm\u00e9nye, a henger \u00e1ltal biztos\u00edtott mechanikai el\u0151nnyel kombin\u00e1lva lehet\u0151v\u00e9 teszi a neh\u00e9z terhek k\u00f6nny\u0171 man\u0151verez\u00e9s\u00e9t. A megb\u00edzhat\u00f3s\u00e1gra \u00e9s a teljes\u00edtm\u00e9nyre helyezett hangs\u00falyt a Yugong WY15-7 g\u00e9mmunkahengere biztos\u00edtja, hogy a kezel\u0151k biztons\u00e1gosan \u00e9s hat\u00e9konyan v\u00e9gezhess\u00e9k a feladataikat.<\/p>\n<p><img decoding=\"async\" src=\"https:\/\/www.hydraulic-cylinders.net\/wp-content\/uploads\/2025\/04\/songte-company-1.webp\" alt=\"Yugong WY15-7 g\u00e9mhenger\"><\/p>\n<h2>A Yugong WY15-7 g\u00e9mhenger\u00e9nek jellemz\u0151i<\/h2>\n<ul>\n<li><strong>Nagy szil\u00e1rds\u00e1g \u00e9s tart\u00f3ss\u00e1g:<\/strong> Nagy szil\u00e1rds\u00e1g\u00fa ac\u00e9lb\u00f3l vagy alum\u00edniumb\u00f3l k\u00e9sz\u00fclt, ez a henger nagy nyom\u00e1st \u00e9s nagy terhel\u00e9st b\u00edr ki, \u00edgy alkalmass\u00e1 teszi zord munkak\u00f6rnyezetben val\u00f3 haszn\u00e1latra. A kialak\u00edt\u00e1s figyelembe veszi a kop\u00e1s\u00e1ll\u00f3s\u00e1got \u00e9s a korr\u00f3zi\u00f3\u00e1ll\u00f3s\u00e1got, meghosszabb\u00edtva \u00e9lettartam\u00e1t.<\/li>\n<li><strong>Hat\u00e9kony hidraulikus m\u0171k\u00f6dtet\u00e9s:<\/strong> Ez a henger hidraulikaolaj-nyom\u00e1st haszn\u00e1l a sima visszah\u00faz\u00e1shoz \u00e9s kiny\u00fal\u00e1shoz, gyorsan reag\u00e1l a kezel\u0151i parancsokra, \u00e9s er\u0151teljes nyom\u00f3- \u00e9s h\u00faz\u00f3er\u0151t biztos\u00edt, \u00edgy ide\u00e1lis neh\u00e9z \u00e9s \u00f6sszetett feladatok kezel\u00e9s\u00e9hez.<\/li>\n<li><strong>V\u00e1ltozatos lehet\u0151s\u00e9gek:<\/strong> A g\u00e9mhenger egyszeres m\u0171k\u00f6d\u00e9s\u0171 (egy ir\u00e1nyban hidraulikus m\u0171k\u00f6dtet\u00e9ssel) vagy kett\u0151s m\u0171k\u00f6d\u00e9s\u0171 (mindk\u00e9t ir\u00e1nyban hidraulikus m\u0171k\u00f6dtet\u00e9ssel) konfigur\u00e1ci\u00f3ban kaphat\u00f3, hogy megfeleljen a k\u00fcl\u00f6nf\u00e9le m\u0171k\u00f6d\u00e9si k\u00f6vetelm\u00e9nyeknek. Egyes modellek teleszk\u00f3pos kialak\u00edt\u00e1ssal rendelkeznek, amely nagyobb kiny\u00fal\u00e1st tesz lehet\u0151v\u00e9 a k\u00fcls\u0151 m\u00e9retek n\u00f6vel\u00e9se n\u00e9lk\u00fcl, ami t\u00f6k\u00e9letes a korl\u00e1tozott helyig\u00e9ny\u0171 alkalmaz\u00e1sokhoz.<\/li>\n<li><strong>Prec\u00edzi\u00f3s m\u00e9rn\u00f6ki munka:<\/strong> Minden egyes hengert prec\u00edzen gy\u00e1rtanak az optim\u00e1lis teljes\u00edtm\u00e9ny \u00e9s hossz\u00fa \u00e9lettartam biztos\u00edt\u00e1sa \u00e9rdek\u00e9ben, a gy\u00e1rt\u00e1si folyamat sor\u00e1n fejlett technol\u00f3gi\u00e1t alkalmazva.<\/li>\n<li><strong>Kompatibilit\u00e1s:<\/strong> Term\u00e9keink t\u00f6k\u00e9letesen helyettes\u00edtik a k\u00fcl\u00f6nf\u00e9le hidraulikus hengereket, biztos\u00edtva a z\u00f6kken\u0151mentes integr\u00e1ci\u00f3t \u00e9s m\u0171k\u00f6d\u00e9st a k\u00fcl\u00f6nb\u00f6z\u0151 g\u00e9pmodellek k\u00f6z\u00f6tt.<\/li>\n<\/ul>\n<p><img decoding=\"async\" src=\"https:\/\/www.hydraulic-cylinders.net\/wp-content\/uploads\/2025\/04\/songte-cylinder-head-with-all-kinds-excavator-models.webp\" alt=\"Kompatibilit\u00e1s kotr\u00f3g\u00e9p modellekkel\"><\/p>\n<h2>A Yugong WY15-7 g\u00e9mhenger\u00e9nek alkalmaz\u00e1sa<\/h2>\n<h3>\u00c9p\u00edt\u0151ipari berendez\u00e9sek<\/h3>\n<p>A kotr\u00f3g\u00e9pekben a g\u00e9mhenger l\u00e9tfontoss\u00e1g\u00fa szerepet j\u00e1tszik a talaj vagy t\u00f6rmel\u00e9k \u00e1s\u00e1s\u00e1ban, rakod\u00e1s\u00e1ban \u00e9s mozgat\u00e1s\u00e1ban. Lehet\u0151v\u00e9 teszi a kan\u00e1l poz\u00edci\u00f3j\u00e1nak pontos szab\u00e1lyoz\u00e1s\u00e1t, lehet\u0151v\u00e9 t\u00e9ve a kezel\u0151k hat\u00e9kony \u00e9s eredm\u00e9nyes munk\u00e1j\u00e1t. A kotr\u00f3g\u00e9p-rakod\u00f3kban a kan\u00e1lhenger nemcsak a f\u00f6ldmunk\u00e1ban, hanem az emel\u00e9sben is seg\u00edt, \u00edgy elengedhetetlen a k\u00fcl\u00f6nf\u00e9le feladatok elv\u00e9gz\u00e9s\u00e9hez az \u00e9p\u00edtkez\u00e9seken.<\/p>\n<h3>Mez\u0151gazdas\u00e1gi g\u00e9pek<\/h3>\n<p>A homlokrakod\u00f3kn\u00e1l a g\u00e9m munkahenger kulcsfontoss\u00e1g\u00fa a talaj, sz\u00e9na \u00e9s egy\u00e9b anyagok kal\u00e1szol\u00e1s\u00e1n\u00e1l, emel\u00e9s\u00e9n\u00e9l \u00e9s sz\u00e1ll\u00edt\u00e1s\u00e1n\u00e1l. Ez a hidraulikus alkatr\u00e9sz biztos\u00edtja, hogy a mez\u0151gazdas\u00e1gi feladatok gyorsan \u00e9s minim\u00e1lis er\u0151fesz\u00edt\u00e9ssel elv\u00e9gezhet\u0151k legyenek, n\u00f6velve a mez\u0151gazdas\u00e1gi m\u0171veletek termel\u00e9kenys\u00e9g\u00e9t.<\/p>\n<h3>Kotr\u00f3g\u00e9pek<\/h3>\n<p>A g\u00e9m munkahenger megk\u00f6nny\u00edti az \u00e1s\u00e1si m\u0171veletet az\u00e1ltal, hogy lehet\u0151v\u00e9 teszi a kan\u00e1l hat\u00e9kony talajba hatol\u00e1s\u00e1t. Ez a kialak\u00edt\u00e1s l\u00e9tfontoss\u00e1g\u00fa a m\u00e9ly \u00e1s\u00e1shoz \u00e9s annak biztos\u00edt\u00e1s\u00e1hoz, hogy a kezel\u0151k a g\u00e9p t\u00falzott megterhel\u00e9se n\u00e9lk\u00fcl v\u00e9gezhess\u00e9k feladataikat.<\/p>\n<h3>Rakod\u00f3k<\/h3>\n<p>A homlokrakod\u00f3kban a g\u00e9mhenger felel\u0151s a rakom\u00e1nyok hat\u00e9kony emel\u00e9s\u00e9\u00e9rt \u00e9s \u00fcr\u00edt\u00e9s\u00e9\u00e9rt. Megb\u00edzhat\u00f3 teljes\u00edtm\u00e9nye biztos\u00edtja az anyagok gyors mozgat\u00e1s\u00e1t, cs\u00f6kkentve az \u00e1ll\u00e1sid\u0151t \u00e9s n\u00f6velve a munkater\u00fclet \u00e1ltal\u00e1nos termel\u00e9kenys\u00e9g\u00e9t.<\/p>\n<h2>Tervez\u00e9si szempontok \u00e9s kiv\u00e1laszt\u00e1si krit\u00e9riumok<\/h2>\n<h3>Teherb\u00edr\u00e1s<\/h3>\n<p>A g\u00e9mhenger kiv\u00e1laszt\u00e1sakor az egyik els\u0151dleges szempont a teherb\u00edr\u00e1sa. A hengernek k\u00e9pesnek kell lennie a m\u0171k\u00f6d\u00e9s k\u00f6zben elviselend\u0151 maxim\u00e1lis s\u00faly elvisel\u00e9s\u00e9re. Ez mag\u00e1ban foglalja a hidraulikus rendszer specifik\u00e1ci\u00f3inak \u00e9rt\u00e9kel\u00e9s\u00e9t \u00e9s annak biztos\u00edt\u00e1s\u00e1t, hogy a henger a sz\u00fcks\u00e9ges er\u0151t a biztons\u00e1g vagy a teljes\u00edtm\u00e9ny vesz\u00e9lyeztet\u00e9se n\u00e9lk\u00fcl tudja leadni. A terhel\u00e9si k\u00f6vetelm\u00e9nyek alapos elemz\u00e9se elengedhetetlen a henger meghib\u00e1sod\u00e1s\u00e1nak megel\u0151z\u00e9se \u00e9s a biztons\u00e1gos m\u0171k\u00f6d\u00e9s biztos\u00edt\u00e1sa \u00e9rdek\u00e9ben.<\/p>\n<h3>T\u00f6m\u00edt\u00e9si teljes\u00edtm\u00e9ny<\/h3>\n<p>A t\u00f6m\u00edt\u00e9s a hidraulikus hengerek tervez\u00e9s\u00e9nek kritikus szempontja. Az optim\u00e1lis teljes\u00edtm\u00e9ny \u00e9s hat\u00e9konys\u00e1g fenntart\u00e1sa \u00e9rdek\u00e9ben a t\u00f6m\u00edt\u00e9seknek meg kell akad\u00e1lyozniuk a hidraulikafolyad\u00e9k sziv\u00e1rg\u00e1s\u00e1t, mik\u00f6zben lehet\u0151v\u00e9 kell tenni\u00fck a henger z\u00f6kken\u0151mentes mozg\u00e1s\u00e1t. A tart\u00f3s anyagokb\u00f3l, p\u00e9ld\u00e1ul poliuret\u00e1nb\u00f3l vagy nitrilkaucsukb\u00f3l k\u00e9sz\u00fclt, kiv\u00e1l\u00f3 min\u0151s\u00e9g\u0171 t\u00f6m\u00edt\u00e9sek (mint p\u00e9ld\u00e1ul a dugatty\u00fat\u00f6m\u00edt\u00e9sek \u00e9s a r\u00fadt\u00f6m\u00edt\u00e9sek) elengedhetetlenek a nyom\u00e1s fenntart\u00e1s\u00e1hoz \u00e9s a kop\u00e1s minimaliz\u00e1l\u00e1s\u00e1hoz. A megfelel\u0151 t\u00f6m\u00edt\u00e9s hozz\u00e1j\u00e1rul az alkatr\u00e9sz \u00e9s a teljes hidraulikus rendszer hossz\u00fa \u00e9lettartam\u00e1hoz.<\/p>\n<h3>Tart\u00f3ss\u00e1g<\/h3>\n<p>A tart\u00f3ss\u00e1g kulcsfontoss\u00e1g\u00fa a hidraulikus hengerek eset\u00e9ben, k\u00fcl\u00f6n\u00f6sen ig\u00e9nyes k\u00f6rnyezetben. Az \u00e9p\u00edt\u00e9shez haszn\u00e1lt anyagoknak ellen\u00e1llniuk kell a kop\u00e1snak, a korr\u00f3zi\u00f3nak \u00e9s a sz\u00e9ls\u0151s\u00e9ges k\u00f6r\u00fclm\u00e9nyeknek. \u00c1ltal\u00e1ban nagy szil\u00e1rds\u00e1g\u00fa ac\u00e9lt vagy alum\u00edniumot haszn\u00e1lnak, amelyek fel\u00fcletkezel\u00e9s\u00e9vel fokozz\u00e1k a kop\u00e1s\u00e1ll\u00f3s\u00e1got \u00e9s a k\u00f6rnyezeti t\u00e9nyez\u0151kkel szembeni ellen\u00e1ll\u00e1st. A tart\u00f3s anyagok kiv\u00e1laszt\u00e1sa biztos\u00edtja, hogy a henger a tervezett \u00e9lettartama alatt megb\u00edzhat\u00f3an m\u0171k\u00f6dj\u00f6n.<\/p>\n<h3>Biztons\u00e1gi funkci\u00f3k<\/h3>\n<p>A biztons\u00e1g kiemelked\u0151 fontoss\u00e1g\u00fa a neh\u00e9zg\u00e9pek kezel\u00e9sekor. A g\u00e9mhengernek biztons\u00e1gi funkci\u00f3kkal kell rendelkeznie, p\u00e9ld\u00e1ul nyom\u00e1scs\u00f6kkent\u0151 szelepekkel a t\u00falnyom\u00e1s megakad\u00e1lyoz\u00e1sa \u00e9rdek\u00e9ben, valamint olyan biztons\u00e1gi berendez\u00e9sekkel, amelyek a hengert a hely\u00e9n r\u00f6gz\u00edtik, ha a hidraulikus nyom\u00e1s kiesik. Ezek a funkci\u00f3k v\u00e9dik mind a kezel\u0151t, mind a berendez\u00e9st a lehets\u00e9ges balesetekt\u0151l vagy s\u00e9r\u00fcl\u00e9sekt\u0151l.<\/p>\n<h3>Karbantarthat\u00f3s\u00e1g<\/h3>\n<p>A k\u00f6nny\u0171 karbantart\u00e1s egy m\u00e1sik kulcsfontoss\u00e1g\u00fa szempont a hidraulikus hengerek tervez\u00e9s\u00e9n\u00e9l. A hengernek lehet\u0151v\u00e9 kell tennie az egyszer\u0171 karbantart\u00e1si feladatokat, p\u00e9ld\u00e1ul az olajcser\u00e9t, a t\u00f6m\u00edt\u00e9scser\u00e9t \u00e9s az ellen\u0151rz\u00e9seket. A k\u00f6nnyen hozz\u00e1f\u00e9rhet\u0151 kialak\u00edt\u00e1s jelent\u0151sen cs\u00f6kkentheti az \u00e1ll\u00e1sid\u0151t \u00e9s a karbantart\u00e1si k\u00f6lts\u00e9geket, biztos\u00edtva, hogy a kezel\u0151k minim\u00e1lis gonddal optim\u00e1lis \u00fczem\u00e1llapotban tarthass\u00e1k g\u00e9peiket.<\/p>\n<p><img decoding=\"async\" src=\"https:\/\/www.hydraulic-cylinders.net\/wp-content\/uploads\/2025\/04\/songte-oil-pipes-and-spare-parts.webp\" alt=\"Hidraulikus henger alkatr\u00e9szek\"><\/p>\n<h2>T\u00f6m\u00edt\u00e9s \u00e9s ken\u00e9s<\/h2>\n<p>A hat\u00e9kony t\u00f6m\u00edt\u00e9s \u00e9s ken\u00e9s elengedhetetlen a hidraulikus hengerek optim\u00e1lis teljes\u00edtm\u00e9ny\u00e9hez. K\u00fcl\u00f6nb\u00f6z\u0151 t\u00f6m\u00edt\u0151elemek, p\u00e9ld\u00e1ul a dugatty\u00fat\u00f6m\u00edt\u00e9sek \u00e9s a r\u00fadt\u00f6m\u00edt\u00e9sek, kulcsszerepet j\u00e1tszanak a nyom\u00e1s fenntart\u00e1s\u00e1ban \u00e9s a sziv\u00e1rg\u00e1sok megel\u0151z\u00e9s\u00e9ben. A kop\u00e1s\u00e1ll\u00f3 anyagokb\u00f3l, p\u00e9ld\u00e1ul poliuret\u00e1nb\u00f3l \u00e9s nitrilgumib\u00f3l k\u00e9sz\u00fclt t\u00f6m\u00edt\u00e9seket gyakran haszn\u00e1lj\u00e1k tart\u00f3ss\u00e1guk \u00e9s rugalmass\u00e1guk miatt.<\/p>\n<p>A hengertest \u00e9s a menetes v\u00e9gek finom megmunk\u00e1l\u00e1son esnek \u00e1t a kop\u00e1s\u00e1ll\u00f3s\u00e1g n\u00f6vel\u00e9se \u00e9s a megfelel\u0151 illeszked\u00e9s biztos\u00edt\u00e1sa \u00e9rdek\u00e9ben. A hidraulikaolajjal t\u00f6rt\u00e9n\u0151 rendszeres ken\u00e9s elengedhetetlen a s\u00farl\u00f3d\u00e1s \u00e9s a kop\u00e1s minimaliz\u00e1l\u00e1sa \u00e9rdek\u00e9ben, hozz\u00e1j\u00e1rulva a hidraulikus rendszer hossz\u00fa \u00e9lettartam\u00e1hoz \u00e9s hat\u00e9konys\u00e1g\u00e1hoz. A megfelel\u0151 ken\u00e9si gyakorlatok seg\u00edtenek fenntartani az optim\u00e1lis hengerteljes\u00edtm\u00e9nyt \u00e9s megel\u0151zni a korai meghib\u00e1sod\u00e1st, v\u00e9gs\u0151 soron cs\u00f6kkentve a karbantart\u00e1si k\u00f6lts\u00e9geket.<\/p>\n<h2>Rendszeres ellen\u0151rz\u00e9s \u00e9s megel\u0151z\u0151 karbantart\u00e1s<\/h2>\n<ul>\n<li><strong>Vizu\u00e1lis ellen\u0151rz\u00e9sek:<\/strong> Rendszeres vizu\u00e1lis ellen\u0151rz\u00e9seket kell v\u00e9gezni a kop\u00e1s, sziv\u00e1rg\u00e1s vagy fizikai s\u00e9r\u00fcl\u00e9sek jelei ut\u00e1n kutatva. A probl\u00e9m\u00e1k korai azonos\u00edt\u00e1sa megel\u0151zheti a tov\u00e1bbi k\u00e1rokat \u00e9s a k\u00f6lts\u00e9ges jav\u00edt\u00e1sokat.<\/li>\n<li><strong>Ken\u00e9s karbantart\u00e1sa:<\/strong> A henger hat\u00e9konys\u00e1g\u00e1nak meg\u0151rz\u00e9se \u00e9rdek\u00e9ben elengedhetetlen a megfelel\u0151 hidraulikaolaj-ut\u00e1nt\u00f6lt\u00e9s \u00e9s -csere. A ken\u00e9s elhanyagol\u00e1sa fokozott kop\u00e1shoz vezethet.<\/li>\n<li><strong>T\u00f6m\u00edt\u00e9scsere:<\/strong> Id\u0151vel a t\u00f6m\u00edt\u00e9sek elkophatnak, \u00e9s az optim\u00e1lis t\u00f6m\u00edt\u00e9si teljes\u00edtm\u00e9ny fenntart\u00e1sa \u00e9rdek\u00e9ben cser\u00e9re szorulhatnak. A rendszeres ellen\u0151rz\u00e9sek seg\u00edthetnek azonos\u00edtani, hogy mikor kell a t\u00f6m\u00edt\u00e9seket cser\u00e9lni.<\/li>\n<\/ul>\n<h2>Telep\u00edt\u00e9si \u00fatmutat\u00f3<\/h2>\n<p>A Yugong WY15-7 g\u00e9mhenger\u00e9nek megfelel\u0151 beszerel\u00e9se elengedhetetlen a teljes\u00edtm\u00e9ny\u00e9hez \u00e9s hossz\u00fa \u00e9lettartam\u00e1hoz. Kezdje azzal, hogy gondoskodik arr\u00f3l, hogy a munkater\u00fclet tiszta \u00e9s t\u00f6rmel\u00e9kmentes legyen. Pontosan igaz\u00edtsa a hengert a r\u00f6gz\u00edt\u0151konzolokhoz, hogy elker\u00fclje az eltol\u00f3d\u00e1st, ami id\u0151 el\u0151tti kop\u00e1shoz vezethet. Javasoljuk, hogy megfelel\u0151 r\u00f6gz\u00edt\u0151konzolokat haszn\u00e1ljon a henger szil\u00e1rd r\u00f6gz\u00edt\u00e9s\u00e9hez.<\/p>\n<p>A telep\u00edt\u00e9s sor\u00e1n gy\u0151z\u0151dj\u00f6n meg arr\u00f3l, hogy minden hidraulikus csatlakoz\u00e1s szoros \u00e9s sziv\u00e1rg\u00e1smentes. Ellen\u0151rizze a hidraulikafolyad\u00e9k szintj\u00e9t, \u00e9s gy\u0151z\u0151dj\u00f6n meg arr\u00f3l, hogy a rendszer leveg\u0151mentes. A telep\u00edt\u00e9s ut\u00e1n alapos ellen\u0151rz\u00e9st \u00e9s m\u0171k\u00f6d\u00e9si tesztet kell v\u00e9gezni a henger sim\u00e1n \u00e9s hat\u00e9kony m\u0171k\u00f6d\u00e9s\u00e9nek meger\u0151s\u00edt\u00e9s\u00e9re. A megfelel\u0151 telep\u00edt\u00e9s nemcsak a teljes\u00edtm\u00e9nyt jav\u00edtja, hanem jelent\u0151sen meghosszabb\u00edtja a hidraulikus henger \u00e9lettartam\u00e1t is.<\/p>\n<h2>Gyakori karbantart\u00e1si feladatok<\/h2>\n<h3>Rendszeres ellen\u0151rz\u00e9sek<\/h3>\n<p>A rendszeres ellen\u0151rz\u00e9sek elv\u00e9gz\u00e9se elengedhetetlen a potenci\u00e1lis probl\u00e9m\u00e1k azonos\u00edt\u00e1s\u00e1hoz, miel\u0151tt azok s\u00falyosbodn\u00e1nak. A kezel\u0151knek rutinszer\u0171en ellen\u0151rizni\u00fck kell a hidraulikafolyad\u00e9k sziv\u00e1rg\u00e1s\u00e1nak, kop\u00e1s\u00e1nak vagy a henger s\u00e9r\u00fcl\u00e9s\u00e9nek jeleit. A probl\u00e9m\u00e1k korai felismer\u00e9se id\u0151t \u00e9s jav\u00edt\u00e1si k\u00f6lts\u00e9geket takar\u00edthat meg, biztos\u00edtva a hidraulikus rendszer m\u0171k\u00f6d\u0151k\u00e9pess\u00e9g\u00e9t \u00e9s biztons\u00e1g\u00e1t.<\/p>\n<h3>Megfelel\u0151 ken\u00e9s<\/h3>\n<p>A hidraulikus henger megfelel\u0151 ken\u00e9se elengedhetetlen a m\u0171k\u00f6d\u00e9s\u00e9hez. Rendszeresen ellen\u0151rizze a hidraulikafolyad\u00e9k szintj\u00e9t, \u00e9s sz\u00fcks\u00e9g szerint t\u00f6ltse fel. A megfelel\u0151 t\u00edpus\u00fa hidraulikaolaj haszn\u00e1lata biztos\u00edtja a henger z\u00f6kken\u0151mentes \u00e9s hat\u00e9kony m\u0171k\u00f6d\u00e9s\u00e9t, cs\u00f6kkentve a bels\u0151 alkatr\u00e9szek kop\u00e1s\u00e1t.<\/p>\n<h3>T\u00f6m\u00edt\u00e9scsere \u00e9s kalibr\u00e1l\u00e1s ellen\u0151rz\u00e9se<\/h3>\n<p>Id\u0151vel a t\u00f6m\u00edt\u00e9sek elkophatnak, \u00e9s az optim\u00e1lis teljes\u00edtm\u00e9ny fenntart\u00e1sa \u00e9rdek\u00e9ben cser\u00e9re szorulhatnak. V\u00e9gezzen rendszeres ellen\u0151rz\u00e9seket a t\u00f6m\u00edt\u00e9sek \u00e1llapot\u00e1nak felm\u00e9r\u00e9s\u00e9re, \u00e9s sz\u00fcks\u00e9g szerint cser\u00e9lje ki \u0151ket. Ezenk\u00edv\u00fcl rendszeresen kalibr\u00e1lja a hidraulikus rendszert, hogy minden alkatr\u00e9sz megfelel\u0151en \u00e9s hat\u00e9konyan m\u0171k\u00f6dj\u00f6n, jav\u00edtva a g\u00e9p \u00e1ltal\u00e1nos teljes\u00edtm\u00e9ny\u00e9t.<\/p>\n<p><img decoding=\"async\" src=\"https:\/\/www.hydraulic-cylinders.net\/wp-content\/uploads\/2025\/04\/songte-chushion-collar.webp\" alt=\"P\u00e1rn\u00e1zott gall\u00e9r hidraulikus hengerhez\"><\/p>\n<h2>Biztons\u00e1gi szempontok \u00e9s k\u00f6rnyezeti t\u00e9nyez\u0151k<\/h2>\n<p>A hidraulikus hengerek haszn\u00e1lata sor\u00e1n a biztons\u00e1gi int\u00e9zked\u00e9sek bevezet\u00e9se kulcsfontoss\u00e1g\u00fa a balesetek megel\u0151z\u00e9se \u00e9s a kezel\u0151 biztons\u00e1g\u00e1nak garant\u00e1l\u00e1sa \u00e9rdek\u00e9ben. A kezel\u0151ket ki kell k\u00e9pezni a hidraulikus rendszerekkel kapcsolatos kock\u00e1zatok meg\u00e9rt\u00e9s\u00e9re, bele\u00e9rtve a hirtelen meghib\u00e1sod\u00e1sok vagy hidraulikafolyad\u00e9k-sziv\u00e1rg\u00e1sok lehet\u0151s\u00e9g\u00e9t. A hidraulikus rendszer megfelel\u0151 karbantart\u00e1sa nemcsak a teljes\u00edtm\u00e9nyt jav\u00edtja, hanem cs\u00f6kkenti a hidraulikafolyad\u00e9kokb\u00f3l sz\u00e1rmaz\u00f3 k\u00f6rnyezeti szennyez\u0151d\u00e9s kock\u00e1zat\u00e1t is.<\/p>\n<h2>Hibadiagn\u00f3zis \u00e9s gyakori probl\u00e9m\u00e1k<\/h2>\n<ul>\n<li><strong>Hidraulikafolyad\u00e9k-sziv\u00e1rg\u00e1sok:<\/strong> A hidraulikus hengerek egyik leggyakoribb probl\u00e9m\u00e1ja a folyad\u00e9ksziv\u00e1rg\u00e1s. Ez kopott t\u00f6m\u00edt\u00e9sekb\u0151l vagy s\u00e9r\u00fclt alkatr\u00e9szekb\u0151l ad\u00f3dhat. A rendszeres ellen\u0151rz\u00e9seknek a t\u00f6m\u00edt\u00e9s \u00e9ps\u00e9g\u00e9re \u00e9s a henger \u00e1llapot\u00e1ra kell \u00f6sszpontos\u00edtaniuk a sziv\u00e1rg\u00e1sok megel\u0151z\u00e9se \u00e9rdek\u00e9ben.<\/li>\n<li><strong>Inkonzisztens mozg\u00e1s:<\/strong> Ha a henger nem ny\u00falik ki vagy h\u00faz\u00f3dik vissza sim\u00e1n, az alacsony hidraulikafolyad\u00e9k-szintre, a rendszerben l\u00e9v\u0151 leveg\u0151re vagy bels\u0151 kop\u00e1sra utalhat. A folyad\u00e9kszintek ellen\u0151rz\u00e9se \u00e9s a leveg\u0151 ki\u00f6bl\u00edt\u00e9se gyakran megoldhatja ezt a probl\u00e9m\u00e1t.<\/li>\n<li><strong>T\u00falmeleged\u00e9s:<\/strong> A t\u00falmeleged\u00e9s t\u00falzott terhel\u00e9s vagy nem megfelel\u0151 ken\u00e9s miatt fordulhat el\u0151. Az \u00fczemi k\u00f6r\u00fclm\u00e9nyek figyel\u00e9se \u00e9s a megfelel\u0151 ken\u00e9s biztos\u00edt\u00e1sa seg\u00edthet megel\u0151zni a t\u00falmeleged\u00e9st \u00e9s az ebb\u0151l ered\u0151 k\u00e1rosod\u00e1st.<\/li>\n<\/ul>\n<h2>Tippek a hibaelh\u00e1r\u00edt\u00e1shoz<\/h2>\n<p>A g\u00e9mhenger probl\u00e9m\u00e1inak diagnosztiz\u00e1l\u00e1sakor fontos a potenci\u00e1lis probl\u00e9m\u00e1k szisztematikus azonos\u00edt\u00e1sa. Kezdje a folyad\u00e9kszintek ellen\u0151rz\u00e9s\u00e9vel \u00e9s a sziv\u00e1rg\u00e1sok keres\u00e9s\u00e9vel. Ha a t\u00fcnetek tov\u00e1bbra is fenn\u00e1llnak, ellen\u0151rizze a hidraulikus rendszert l\u00e9gbubor\u00e9kok vagy nyom\u00e1singadoz\u00e1sok szempontj\u00e1b\u00f3l. A rendszeres karbantart\u00e1s \u00e9s az id\u0151ben t\u00f6rt\u00e9n\u0151 jav\u00edt\u00e1sok elengedhetetlenek a probl\u00e9m\u00e1k minimaliz\u00e1l\u00e1s\u00e1hoz \u00e9s a hat\u00e9kony m\u0171k\u00f6d\u00e9s biztos\u00edt\u00e1s\u00e1hoz.<\/p>\n<p>A megel\u0151z\u0151 int\u00e9zked\u00e9sek, mint p\u00e9ld\u00e1ul az \u00fctemezett karbantart\u00e1si rutinok betart\u00e1sa \u00e9s a hidraulikus rendszer tiszt\u00e1n tart\u00e1sa, jelent\u0151sen cs\u00f6kkenthetik a s\u00falyos probl\u00e9m\u00e1k el\u0151fordul\u00e1s\u00e1nak val\u00f3sz\u00edn\u0171s\u00e9g\u00e9t. A henger megfelel\u0151 karbantart\u00e1s\u00e1val a kezel\u0151k n\u00f6velhetik annak \u00e9lettartam\u00e1t \u00e9s megb\u00edzhat\u00f3s\u00e1g\u00e1t.<\/p>\n<p><img decoding=\"async\" src=\"https:\/\/www.hydraulic-cylinders.net\/wp-content\/uploads\/2025\/04\/songte-bushings-with-all-kinds-of-excavator-models.webp\" alt=\"Perselyek kotr\u00f3g\u00e9p modellekhez\"><\/p>\n<h2>C\u00e9g\u00fcnkr\u0151l<\/h2>\n<p>Vezet\u0151 hidraulikus hengergy\u00e1rt\u00f3 \u00e9s -nagykeresked\u0151 vagyunk, \u00e9s k\u00fcl\u00f6nf\u00e9le hidraulikus alkatr\u00e9szek kiv\u00e1l\u00f3 min\u0151s\u00e9g\u0171 alternat\u00edv\u00e1inak biztos\u00edt\u00e1s\u00e1ra specializ\u00e1l\u00f3dtunk. Sz\u00e9les term\u00e9kk\u00edn\u00e1latunknak k\u00f6sz\u00f6nhet\u0151en mind a hazai, mind a nemzetk\u00f6zi piacok meghat\u00e1roz\u00f3 szerepl\u0151j\u00e9v\u00e9 v\u00e1ltunk. Elk\u00f6telezettek vagyunk a kiv\u00e1l\u00f3s\u00e1g ir\u00e1nt, kifinomult gy\u00e1rt\u00e1si strat\u00e9gi\u00e1kat \u00e9s fejlett termel\u00e9sir\u00e1ny\u00edt\u00e1si gyakorlatokat alkalmazunk.<\/p>\n<p>K\u00edn\u00e1latunkat k\u00e9pzett technikusok, korszer\u0171 gy\u00e1rt\u00f3berendez\u00e9sek \u00e9s \u00e1tfog\u00f3 tesztel\u0151rendszerek t\u00e1mogatj\u00e1k, amelyek fokozz\u00e1k termel\u00e9si k\u00e9pess\u00e9geinket. Arra t\u00f6reksz\u00fcnk, hogy hat\u00e9konyan, prec\u00edzen \u00e9s min\u0151s\u00e9gileg el\u00e9g\u00edts\u00fck ki \u00fcgyfeleink v\u00e1ltozatos ig\u00e9nyeit, biztos\u00edtva, hogy term\u00e9keink megfeleljenek a nemzetk\u00f6zi szabv\u00e1nyoknak \u00e9s tan\u00fas\u00edtv\u00e1nyoknak.<\/p>\n<p><img decoding=\"async\" src=\"https:\/\/www.hydraulic-cylinders.net\/wp-content\/uploads\/2025\/04\/songte-company-4.webp\" alt=\"C\u00e9g\u00fcnk l\u00e9tes\u00edtm\u00e9nyei\"><br \/>\n<img decoding=\"async\" src=\"https:\/\/www.hydraulic-cylinders.net\/wp-content\/uploads\/2025\/04\/songte-company-3.webp\" alt=\"Gy\u00e1rt\u00e1si folyamat\"><\/p>\n<p>Szerz\u0151: lyl<\/p>","protected":false},"excerpt":{"rendered":"<p>Boom Cylinder For Yugong WY15-7 Product Overview The Boom Cylinder for Yugong WY15-7 is a specialized hydraulic cylinder designed for controlling the movement of buckets in various heavy machinery. Hydraulic cylinders are critical components in hydraulic systems, allowing for precise control of the movement and positioning of equipment. This particular boom cylinder is integral to [&hellip;]<\/p>","protected":false},"featured_media":17870,"comment_status":"open","ping_status":"closed","template":"","meta":{"_et_pb_use_builder":"","_et_pb_old_content":"","_et_gb_content_width":""},"product_brand":[],"product_cat":[1546],"product_tag":[1547,1496],"class_list":{"0":"post-19094","1":"product","2":"type-product","3":"status-publish","4":"has-post-thumbnail","6":"product_cat-boom-cylinders","7":"product_tag-boom-cylinders","8":"product_tag-hydraulic-cylinders","10":"first","11":"instock","12":"shipping-taxable","13":"product-type-simple"},"amp_enabled":true,"_links":{"self":[{"href":"https:\/\/www.hydraulic-cylinders.net\/hu\/wp-json\/wp\/v2\/product\/19094","targetHints":{"allow":["GET"]}}],"collection":[{"href":"https:\/\/www.hydraulic-cylinders.net\/hu\/wp-json\/wp\/v2\/product"}],"about":[{"href":"https:\/\/www.hydraulic-cylinders.net\/hu\/wp-json\/wp\/v2\/types\/product"}],"replies":[{"embeddable":true,"href":"https:\/\/www.hydraulic-cylinders.net\/hu\/wp-json\/wp\/v2\/comments?post=19094"}],"wp:featuredmedia":[{"embeddable":true,"href":"https:\/\/www.hydraulic-cylinders.net\/hu\/wp-json\/wp\/v2\/media\/17870"}],"wp:attachment":[{"href":"https:\/\/www.hydraulic-cylinders.net\/hu\/wp-json\/wp\/v2\/media?parent=19094"}],"wp:term":[{"taxonomy":"product_brand","embeddable":true,"href":"https:\/\/www.hydraulic-cylinders.net\/hu\/wp-json\/wp\/v2\/product_brand?post=19094"},{"taxonomy":"product_cat","embeddable":true,"href":"https:\/\/www.hydraulic-cylinders.net\/hu\/wp-json\/wp\/v2\/product_cat?post=19094"},{"taxonomy":"product_tag","embeddable":true,"href":"https:\/\/www.hydraulic-cylinders.net\/hu\/wp-json\/wp\/v2\/product_tag?post=19094"}],"curies":[{"name":"munkaf\u00fczet","href":"https:\/\/api.w.org\/{rel}","templated":true}]}}