{"id":19108,"date":"2025-04-07T06:13:15","date_gmt":"2025-04-07T06:13:15","guid":{"rendered":"https:\/\/www.hydraulic-cylinders.net\/product\/boom-cylinder-for-volvo-small-excavator-ec170d\/"},"modified":"2025-04-07T06:13:18","modified_gmt":"2025-04-07T06:13:18","slug":"boom-cylinder-for-volvo-small-excavator-ec170d","status":"publish","type":"product","link":"https:\/\/www.hydraulic-cylinders.net\/hu\/termek\/boom-cylinder-for-volvo-small-excavator-ec170d\/","title":{"rendered":"G\u00e9mhenger Volvo kis kotr\u00f3g\u00e9phez EC170D"},"content":{"rendered":"<h1>G\u00e9mhenger Volvo kis kotr\u00f3g\u00e9phez EC170D<\/h1>\n<h2>Bevezet\u00e9s a g\u00e9mhengerbe<\/h2>\n<p>A g\u00e9mhenger a Volvo EC170D kis kotr\u00f3g\u00e9p kulcsfontoss\u00e1g\u00fa eleme, els\u0151sorban a g\u00e9m mozg\u00e1s\u00e1nak kezel\u00e9s\u00e9\u00e9rt felel\u0151s. Ez a hidraulikus henger l\u00e9tfontoss\u00e1g\u00fa szerepet j\u00e1tszik a kotr\u00f3g\u00e9p hidraulikus rendszer\u00e9ben, megk\u00f6nny\u00edtve a g\u00e9m szab\u00e1lyozott emel\u00e9s\u00e9t, s\u00fcllyeszt\u00e9s\u00e9t \u00e9s billent\u00e9s\u00e9t. A g\u00e9mhenger hat\u00e9kony m\u0171k\u00f6d\u00e9se jav\u00edtja a kotr\u00f3g\u00e9p \u00e1ltal\u00e1nos funkcionalit\u00e1s\u00e1t, \u00edgy n\u00e9lk\u00fcl\u00f6zhetetlen elemm\u00e9 v\u00e1lik a k\u00fcl\u00f6nf\u00e9le \u00e9p\u00edt\u00e9si \u00e9s anyagmozgat\u00e1si feladatokhoz.<\/p>\n<p><img decoding=\"async\" src=\"https:\/\/www.hydraulic-cylinders.net\/wp-content\/uploads\/2025\/04\/songte-company-1.webp\" alt=\"G\u00e9mhenger k\u00e9pe\" \/><\/p>\n<h3>A kan\u00e1lhenger \u00e1ttekint\u00e9se<\/h3>\n<p>A kan\u00e1lhenger egy speci\u00e1lis hidraulikus henger, amelyet neh\u00e9zg\u00e9pek, p\u00e9ld\u00e1ul kotr\u00f3g\u00e9pek, kotr\u00f3rakod\u00f3k \u00e9s homlokrakod\u00f3k kan\u00e1lj\u00e1nak mozg\u00e1s\u00e1nak vez\u00e9rl\u00e9s\u00e9re terveztek. Ez a hidraulikus alkatr\u00e9sz lehet\u0151v\u00e9 teszi a kan\u00e1l emel\u00e9s\u00e9t, s\u00fcllyeszt\u00e9s\u00e9t \u00e9s billent\u00e9s\u00e9t, ami elengedhetetlen a hat\u00e9kony anyagmozgat\u00e1si m\u0171veletekhez. A kan\u00e1lhenger funkci\u00f3ja l\u00e9tfontoss\u00e1g\u00fa az \u00e1s\u00e1shoz, rakod\u00e1shoz \u00e9s olyan anyagok mozgat\u00e1s\u00e1hoz, mint a talaj, a t\u00f6rmel\u00e9k \u00e9s az adal\u00e9kanyagok.<\/p>\n<h2>A g\u00e9mhenger jellemz\u0151i<\/h2>\n<ul>\n<li><strong>Nagy szil\u00e1rds\u00e1g \u00e9s tart\u00f3ss\u00e1g:<\/strong> A nagy szil\u00e1rds\u00e1g\u00fa ac\u00e9lb\u00f3l vagy alum\u00edniumb\u00f3l k\u00e9sz\u00fclt g\u00e9mhenger nagy nyom\u00e1st \u00e9s nagy terhel\u00e9st b\u00edr ki, \u00edgy alkalmass\u00e1 teszi zord munkak\u00f6rnyezetre. Tervez\u00e9se sor\u00e1n figyelembe vett\u00e9k a kop\u00e1s\u00e1ll\u00f3s\u00e1got \u00e9s a korr\u00f3zi\u00f3v\u00e9delmet, meghosszabb\u00edtva \u00e9lettartam\u00e1t.<\/li>\n<li><strong>Hat\u00e9kony hidraulikus m\u0171k\u00f6dtet\u00e9s:<\/strong> A hidraulikaolaj nyom\u00e1s\u00e1t kihaszn\u00e1lva a henger sima ki- \u00e9s visszah\u00faz\u00e1st biztos\u00edt, lehet\u0151v\u00e9 t\u00e9ve a kezel\u0151i parancsokra adott gyors reag\u00e1l\u00e1st, mik\u00f6zben er\u0151s tol\u00f3- \u00e9s h\u00faz\u00f3er\u0151t biztos\u00edt, ami ide\u00e1lis a neh\u00e9z \u00e9s \u00f6sszetett feladatok kezel\u00e9s\u00e9hez.<\/li>\n<li><strong>K\u00fcl\u00f6nb\u00f6z\u0151 t\u00edpusok:<\/strong> Az egyszeres m\u0171k\u00f6d\u00e9s\u0171 (hidraulikus teljes\u00edtm\u00e9ny egy ir\u00e1nyban) vagy kett\u0151s m\u0171k\u00f6d\u00e9s\u0171 (hidraulikus teljes\u00edtm\u00e9ny mindk\u00e9t ir\u00e1nyban) konfigur\u00e1ci\u00f3ban kaphat\u00f3 g\u00e9mhengerek k\u00fcl\u00f6nb\u00f6z\u0151 m\u0171k\u00f6d\u00e9si ig\u00e9nyeket el\u00e9g\u00edtenek ki. Egyes modellek teleszk\u00f3pos kialak\u00edt\u00e1s\u00faak, amelyek nagyobb kiny\u00fal\u00e1st tesznek lehet\u0151v\u00e9 a k\u00fcls\u0151 m\u00e9retek n\u00f6vel\u00e9se n\u00e9lk\u00fcl, \u00edgy t\u00f6k\u00e9letesek a helysz\u0171k\u00e9ben l\u00e9v\u0151 alkalmaz\u00e1sokhoz.<\/li>\n<li><strong>Egyedi gy\u00e1rt\u00e1s:<\/strong> C\u00e9g\u00fcnk kiv\u00e1l\u00f3 min\u0151s\u00e9g\u0171 g\u00e9mhengerek gy\u00e1rt\u00e1s\u00e1ra specializ\u00e1l\u00f3dott, amelyek t\u00f6k\u00e9letesen helyettes\u00edtik a megl\u00e9v\u0151 hidraulikus hengereket, biztos\u00edtva a z\u00f6kken\u0151mentes integr\u00e1ci\u00f3t \u00e9s kompatibilit\u00e1st.<\/li>\n<\/ul>\n<p><img decoding=\"async\" src=\"https:\/\/www.hydraulic-cylinders.net\/wp-content\/uploads\/2025\/04\/songte-cylinder-head-with-all-kinds-excavator-models.webp\" alt=\"Kotr\u00f3g\u00e9p modellek\" \/><\/p>\n<h2>A g\u00e9mhenger alkalmaz\u00e1sai<\/h2>\n<h3>\u00c9p\u00edt\u0151ipari berendez\u00e9sek<\/h3>\n<p>Az \u00e9p\u00edt\u0151ipari g\u00e9pekben, mint p\u00e9ld\u00e1ul a kotr\u00f3g\u00e9pekben, a g\u00e9mhengerek kritikus fontoss\u00e1g\u00faak az \u00e1s\u00e1shoz, rakod\u00e1shoz \u00e9s a f\u00f6ld vagy t\u00f6rmel\u00e9k mozgat\u00e1s\u00e1hoz. A g\u00e9m kiny\u00fal\u00e1si \u00e9s visszah\u00faz\u00e1si k\u00e9pess\u00e9ge n\u00f6veli a kotr\u00f3g\u00e9p teljes hat\u00f3t\u00e1vols\u00e1g\u00e1t \u00e9s hat\u00e9konys\u00e1g\u00e1t. A kotr\u00f3g\u00e9p-rakod\u00f3g\u00e9pekben a g\u00e9mhenger mind a f\u00f6ldmunk\u00e1k, mind az emel\u00e9si feladatokban seg\u00edt, \u00edgy sokoldal\u00fa alkatr\u00e9szk\u00e9nt haszn\u00e1lhat\u00f3 a k\u00fcl\u00f6nf\u00e9le \u00e9p\u00edt\u0151ipari alkalmaz\u00e1sokban.<\/p>\n<h3>Mez\u0151gazdas\u00e1gi g\u00e9pek<\/h3>\n<p>A homlokrakod\u00f3kban a g\u00e9mhengerek elengedhetetlenek a talaj, sz\u00e9na \u00e9s egy\u00e9b anyagok \u00e1s\u00e1s\u00e1hoz, emel\u00e9s\u00e9hez \u00e9s sz\u00e1ll\u00edt\u00e1s\u00e1hoz. Robusztus kialak\u00edt\u00e1suk lehet\u0151v\u00e9 teszi a mez\u0151gazdas\u00e1gi \u00fczemeltet\u0151k sz\u00e1m\u00e1ra, hogy hat\u00e9konyan v\u00e9gezzenek neh\u00e9z feladatokat, biztos\u00edtva az optim\u00e1lis termel\u00e9kenys\u00e9get a mez\u0151gazdas\u00e1gi m\u0171veletek sor\u00e1n.<\/p>\n<h3>Kotr\u00f3g\u00e9pek<\/h3>\n<p>A kotr\u00f3g\u00e9pek kan\u00e1lhengere lehet\u0151v\u00e9 teszi, hogy a kan\u00e1l behatoljon a talajba, megk\u00f6nny\u00edtve a hat\u00e9kony \u00e1s\u00e1si m\u0171veleteket. A hidraulikus k\u00e9pess\u00e9gek lehet\u0151v\u00e9 teszik a kotr\u00f3g\u00e9pek sz\u00e1m\u00e1ra, hogy sz\u00e1mos feladatot ell\u00e1ssanak, az \u00e1rok\u00e1s\u00e1st\u00f3l a tereprendez\u00e9sig, \u00edgy felbecs\u00fclhetetlen \u00e9rt\u00e9k\u0171ek az \u00e9p\u00edt\u00e9si \u00e9s f\u00f6ldmunk\u00e1k sor\u00e1n.<\/p>\n<h3>Rakod\u00f3k<\/h3>\n<p>A homlokrakod\u00f3kban a g\u00e9mhengerek hat\u00e9konyan seg\u00edtik a rakom\u00e1nyok emel\u00e9s\u00e9t \u00e9s \u00fcr\u00edt\u00e9s\u00e9t. Reakci\u00f3k\u00e9pes hidraulikus m\u0171k\u00f6d\u00e9s\u00fck lehet\u0151v\u00e9 teszi a kezel\u0151k sz\u00e1m\u00e1ra a neh\u00e9z anyagok hat\u00e9kony kezel\u00e9s\u00e9t, jav\u00edtva a m\u0171k\u00f6d\u00e9si sebess\u00e9get \u00e9s a teljes\u00edtm\u00e9nyt.<\/p>\n<h2>Tervez\u00e9si szempontok \u00e9s kiv\u00e1laszt\u00e1si krit\u00e9riumok<\/h2>\n<h3>Teherb\u00edr\u00e1s<\/h3>\n<p>A g\u00e9mhenger kiv\u00e1laszt\u00e1sakor kulcsfontoss\u00e1g\u00fa figyelembe venni a teherb\u00edr\u00e1s\u00e1t. A hengernek k\u00e9pesnek kell lennie a m\u0171k\u00f6d\u00e9s k\u00f6zben fell\u00e9p\u0151 maxim\u00e1lis s\u00faly elvisel\u00e9s\u00e9re. Ennek a teherb\u00edr\u00e1snak a t\u00fall\u00e9p\u00e9se a henger meghib\u00e1sod\u00e1s\u00e1hoz \u00e9s biztons\u00e1gi kock\u00e1zatokhoz vezethet.<\/p>\n<h3>T\u00f6m\u00edt\u00e9si teljes\u00edtm\u00e9ny<\/h3>\n<p>A hat\u00e9kony t\u00f6m\u00edt\u00e9s elengedhetetlen a hidraulikafolyad\u00e9k sziv\u00e1rg\u00e1s\u00e1nak megakad\u00e1lyoz\u00e1s\u00e1hoz, biztos\u00edtva a henger optim\u00e1lis teljes\u00edtm\u00e9ny\u00e9t \u00e9s hossz\u00fa \u00e9lettartam\u00e1t. A hidraulikus nyom\u00e1s \u00e9s a hat\u00e9konys\u00e1g fenntart\u00e1sa \u00e9rdek\u00e9ben a kiv\u00e1l\u00f3 min\u0151s\u00e9g\u0171 t\u00f6m\u00edt\u00e9seket az adott munkak\u00f6r\u00fclm\u00e9nyek alapj\u00e1n kell kiv\u00e1lasztani.<\/p>\n<h3>Tart\u00f3ss\u00e1g<\/h3>\n<p>A g\u00e9mhenger tart\u00f3ss\u00e1ga l\u00e9tfontoss\u00e1g\u00fa a zord k\u00f6rnyezetben val\u00f3 m\u0171k\u00f6d\u00e9s\u00e9hez. Egy j\u00f3l megtervezett henger olyan anyagokb\u00f3l \u00e9s bevonatokb\u00f3l \u00e1ll, amelyek ellen\u00e1llnak a kop\u00e1snak \u00e9s a korr\u00f3zi\u00f3nak, ez\u00e1ltal meghosszabb\u00edtva \u00fczemi \u00e9lettartam\u00e1t \u00e9s cs\u00f6kkentve a karbantart\u00e1si k\u00f6lts\u00e9geket.<\/p>\n<h3>Biztons\u00e1gi funkci\u00f3k<\/h3>\n<p>A biztons\u00e1gi funkci\u00f3k be\u00e9p\u00edt\u00e9se elengedhetetlen a g\u00e9mhengerek tervez\u00e9s\u00e9n\u00e9l. Ezek magukban foglalhatnak nyom\u00e1scs\u00f6kkent\u0151 szelepeket \u00e9s fejlett t\u00f6m\u00edt\u00e9si technol\u00f3gi\u00e1kat a balesetek megel\u0151z\u00e9se \u00e9s a biztons\u00e1gos m\u0171k\u00f6d\u00e9s biztos\u00edt\u00e1sa \u00e9rdek\u00e9ben k\u00fcl\u00f6nb\u00f6z\u0151 k\u00f6r\u00fclm\u00e9nyek k\u00f6z\u00f6tt.<\/p>\n<h3>Szervizelhet\u0151s\u00e9g<\/h3>\n<p>V\u00e9g\u00fcl a henger karbantart\u00e1s\u00e1nak \u00e9s szervizelhet\u0151s\u00e9g\u00e9nek egyszer\u0171s\u00e9g\u00e9t is figyelembe kell venni. Egy j\u00f3l megtervezett g\u00e9mhenger k\u00f6nny\u0171 hozz\u00e1f\u00e9r\u00e9st biztos\u00edt a kritikus alkatr\u00e9szekhez a rutinszer\u0171 ellen\u0151rz\u00e9s \u00e9s karbantart\u00e1s \u00e9rdek\u00e9ben, hozz\u00e1j\u00e1rulva a henger \u00e1ltal\u00e1nos megb\u00edzhat\u00f3s\u00e1g\u00e1hoz \u00e9s hossz\u00fa \u00e9lettartam\u00e1hoz.<\/p>\n<p><img decoding=\"async\" src=\"https:\/\/www.hydraulic-cylinders.net\/wp-content\/uploads\/2025\/04\/songte-oil-pipes-and-spare-parts.webp\" alt=\"Olajcs\u00f6vek \u00e9s alkatr\u00e9szek\" \/><\/p>\n<h2>A hidraulikus henger t\u00f6m\u00edt\u00e9se \u00e9s ken\u00e9se<\/h2>\n<p>A g\u00e9mhenger teljes\u00edtm\u00e9nye nagym\u00e9rt\u00e9kben f\u00fcgg a hat\u00e9kony t\u00f6m\u00edt\u00e9st\u0151l \u00e9s ken\u00e9st\u0151l. K\u00fcl\u00f6nb\u00f6z\u0151 t\u00f6m\u00edt\u0151elemek, p\u00e9ld\u00e1ul dugatty\u00fat\u00f6m\u00edt\u00e9sek \u00e9s r\u00fadt\u00f6m\u00edt\u00e9sek elengedhetetlenek a hidraulikus nyom\u00e1s fenntart\u00e1s\u00e1hoz \u00e9s a sziv\u00e1rg\u00e1s megakad\u00e1lyoz\u00e1s\u00e1hoz. A tart\u00f3s anyagokb\u00f3l, p\u00e9ld\u00e1ul poliuret\u00e1nb\u00f3l \u00e9s nitrilgumib\u00f3l k\u00e9sz\u00fclt t\u00f6m\u00edt\u00e9sek kiv\u00e1l\u00f3 kop\u00e1s\u00e1ll\u00f3s\u00e1got biztos\u00edtanak, biztos\u00edtva a hossz\u00fa t\u00e1v\u00fa m\u0171k\u00f6d\u00e9st.<\/p>\n<p>Ezenk\u00edv\u00fcl a hengertestet \u00e9s a menetes v\u00e9gfel\u00fcleteket prec\u00edzi\u00f3s megmunk\u00e1l\u00e1snak kell al\u00e1vetni a kop\u00e1s\u00e1ll\u00f3s\u00e1g fokoz\u00e1sa \u00e9rdek\u00e9ben. A henger z\u00f6kken\u0151mentes m\u0171k\u00f6d\u00e9s\u00e9nek biztos\u00edt\u00e1sa \u00e9s \u00e9lettartam\u00e1nak meghosszabb\u00edt\u00e1sa \u00e9rdek\u00e9ben rendszeres ken\u00e9s sz\u00fcks\u00e9ges megfelel\u0151 mennyis\u00e9g\u0171 hidraulikaolajjal.<\/p>\n<h2>Megel\u0151z\u0151 karbantart\u00e1si int\u00e9zked\u00e9sek<\/h2>\n<ul>\n<li><strong>Rendszeres ellen\u0151rz\u00e9sek:<\/strong> V\u00e9gezzen rendszeres ellen\u0151rz\u00e9seket a potenci\u00e1lis probl\u00e9m\u00e1k azonos\u00edt\u00e1sa \u00e9rdek\u00e9ben, miel\u0151tt azok s\u00falyosbodn\u00e1nak. Keressen sziv\u00e1rg\u00e1s, kop\u00e1s \u00e9s s\u00e9r\u00fcl\u00e9s jeleit a hengeren \u00e9s t\u00f6m\u00edt\u00e9sein.<\/li>\n<li><strong>Megfelel\u0151 ken\u00e9s:<\/strong> Gondoskodjon az id\u0151ben t\u00f6rt\u00e9n\u0151 ken\u00e9sr\u0151l kiv\u00e1l\u00f3 min\u0151s\u00e9g\u0171 hidraulikaolajjal. Ez minimaliz\u00e1lja a mozg\u00f3 alkatr\u00e9szek k\u00f6z\u00f6tti s\u00farl\u00f3d\u00e1st, \u00e9s n\u00f6veli a henger hat\u00e9konys\u00e1g\u00e1t \u00e9s \u00e9lettartam\u00e1t.<\/li>\n<li><strong>T\u00f6m\u00edt\u00e9scsere:<\/strong> Rendszeresen ellen\u0151rizze a t\u00f6m\u00edt\u00e9sek kop\u00e1s\u00e1t, \u00e9s sz\u00fcks\u00e9g szerint cser\u00e9lje ki \u0151ket. A kopott t\u00f6m\u00edt\u00e9sek hidraulikafolyad\u00e9k-sziv\u00e1rg\u00e1st okozhatnak, ami rontja a henger teljes\u00edtm\u00e9ny\u00e9t.<\/li>\n<\/ul>\n<h2>Telep\u00edt\u00e9si \u00fatmutat\u00f3<\/h2>\n<p>A g\u00e9mhenger megfelel\u0151 beszerel\u00e9se elengedhetetlen az optim\u00e1lis teljes\u00edtm\u00e9nyhez. Kezdje azzal, hogy megbizonyosodik arr\u00f3l, hogy a r\u00f6gz\u00edt\u0151fel\u00fcletek tiszt\u00e1k \u00e9s t\u00f6rmel\u00e9kmentesek. Igaz\u00edtsa a hengert megfelel\u0151en a r\u00f6gz\u00edt\u00e9si pontokhoz, hogy elker\u00fclje az eltol\u00f3d\u00e1st.<\/p>\n<p>Haszn\u00e1ljon megfelel\u0151 r\u00f6gz\u00edt\u0151konzolokat a henger r\u00f6gz\u00edt\u00e9s\u00e9hez, megakad\u00e1lyozva az elmozdul\u00e1st m\u0171k\u00f6d\u00e9s k\u00f6zben. A biztons\u00e1gos illeszked\u00e9s \u00e9rdek\u00e9ben k\u00f6vesse a gy\u00e1rt\u00f3 utas\u00edt\u00e1sait a csavarok megh\u00faz\u00e1si nyomat\u00e9kaira vonatkoz\u00f3an. A beszerel\u00e9s ut\u00e1n v\u00e9gezzen tesztet annak meger\u0151s\u00edt\u00e9s\u00e9re, hogy a henger sim\u00e1n \u00e9s sziv\u00e1rg\u00e1s n\u00e9lk\u00fcl m\u0171k\u00f6dik.<\/p>\n<h2>Gyakori karbantart\u00e1si feladatok<\/h2>\n<h3>Rendszeres ellen\u0151rz\u00e9sek<\/h3>\n<p>A rendszeres ellen\u0151rz\u00e9sek elv\u00e9gz\u00e9se elengedhetetlen a g\u00e9mhenger teljes\u00edtm\u00e9ny\u00e9nek \u00e9s hossz\u00fa \u00e9lettartam\u00e1nak fenntart\u00e1s\u00e1hoz. \u00dctemezzen be rendszeres ellen\u0151rz\u00e9seket a t\u00f6m\u00edt\u00e9sek, t\u00f6ml\u0151k \u00e9s a hengertest \u00e1llapot\u00e1nak felm\u00e9r\u00e9s\u00e9re. A kop\u00e1s \u00e9s a s\u00e9r\u00fcl\u00e9sek korai azonos\u00edt\u00e1sa megel\u0151zheti a k\u00f6lts\u00e9ges jav\u00edt\u00e1sokat \u00e9s az \u00e1ll\u00e1sid\u0151t.<\/p>\n<h3>Megfelel\u0151 ken\u00e9s<\/h3>\n<p>A g\u00e9mhenger z\u00f6kken\u0151mentes m\u0171k\u00f6d\u00e9s\u00e9hez elengedhetetlen az id\u0151ben t\u00f6rt\u00e9n\u0151 ken\u00e9s. Haszn\u00e1lja az aj\u00e1nlott t\u00edpus\u00fa hidraulikaolajat, \u00e9s tartsa be a gy\u00e1rt\u00f3 \u00e1ltal megadott ken\u00e9si \u00fctemtervet. A megfelel\u0151 ken\u00e9s cs\u00f6kkenti a s\u00farl\u00f3d\u00e1st \u00e9s a kop\u00e1st, n\u00f6velve a henger hat\u00e9konys\u00e1g\u00e1t \u00e9s \u00e9lettartam\u00e1t.<\/p>\n<h3>T\u00f6m\u00edt\u00e9scsere \u00e9s kalibr\u00e1l\u00e1s ellen\u0151rz\u00e9se<\/h3>\n<p>Rendszeresen ellen\u0151rizze a t\u00f6m\u00edt\u00e9sek \u00e1llapot\u00e1t, mivel ezek elengedhetetlenek a hidraulikus nyom\u00e1s fenntart\u00e1s\u00e1hoz. A kopott vagy s\u00e9r\u00fclt t\u00f6m\u00edt\u00e9seket azonnal cser\u00e9lje ki a sziv\u00e1rg\u00e1sok megel\u0151z\u00e9se \u00e9rdek\u00e9ben. Ezenk\u00edv\u00fcl v\u00e9gezzen kalibr\u00e1ci\u00f3s ellen\u0151rz\u00e9seket annak biztos\u00edt\u00e1s\u00e1ra, hogy a henger a megadott hat\u00e1r\u00e9rt\u00e9keken bel\u00fcl m\u0171k\u00f6dj\u00f6n, \u00e9s sz\u00fcks\u00e9g szerint v\u00e9gezze el a sz\u00fcks\u00e9ges be\u00e1ll\u00edt\u00e1sokat.<\/p>\n<p><img decoding=\"async\" src=\"https:\/\/www.hydraulic-cylinders.net\/wp-content\/uploads\/2025\/04\/songte-chushion-collar.webp\" alt=\"P\u00e1rna gall\u00e9r\" \/><\/p>\n<h2>Biztons\u00e1gi szempontok \u00e9s k\u00f6rnyezeti t\u00e9nyez\u0151k<\/h2>\n<p>Hidraulikus hengerek haszn\u00e1latakor elengedhetetlen a biztons\u00e1gi int\u00e9zked\u00e9sek priorit\u00e1sk\u00e9nt val\u00f3 kezel\u00e9se a balesetek elker\u00fcl\u00e9se \u00e9rdek\u00e9ben. Mindig gy\u0151z\u0151dj\u00f6n meg arr\u00f3l, hogy a kezel\u0151k k\u00e9pzettek a g\u00e9pek helyes kezel\u00e9s\u00e9re, \u00e9s betartj\u00e1k a biztons\u00e1gi protokollokat a kock\u00e1zatok minimaliz\u00e1l\u00e1sa \u00e9rdek\u00e9ben. Ezenk\u00edv\u00fcl vegye figyelembe a hidraulikafolyad\u00e9k-sziv\u00e1rg\u00e1sok k\u00f6rnyezeti hat\u00e1s\u00e1t, \u00e9s vezessen be megel\u0151z\u0151 int\u00e9zked\u00e9seket a k\u00f6rnyez\u0151 \u00f6kosziszt\u00e9ma v\u00e9delme \u00e9rdek\u00e9ben.<\/p>\n<h2>Hibaelh\u00e1r\u00edt\u00e1s \u00e9s gyakori probl\u00e9m\u00e1k<\/h2>\n<h3>Gyakori probl\u00e9m\u00e1k<\/h3>\n<ul>\n<li><strong>Hidraulikafolyad\u00e9k-sziv\u00e1rg\u00e1sok:<\/strong> Ez teljes\u00edtm\u00e9nycs\u00f6kken\u00e9shez vezethet, \u00e9s azonnal kezelni kell.<\/li>\n<li><strong>Lass\u00fa m\u0171k\u00f6d\u00e9s:<\/strong> Ha a henger nem reag\u00e1l gyorsan, az ken\u00e9s vagy t\u00f6m\u00edt\u00e9s cser\u00e9j\u00e9nek sz\u00fcks\u00e9gess\u00e9g\u00e9re utalhat.<\/li>\n<li><strong>Nyom\u00e1svesztes\u00e9g:<\/strong> A nyom\u00e1ses\u00e9s sziv\u00e1rg\u00e1sra vagy a henger bels\u0151 s\u00e9r\u00fcl\u00e9s\u00e9re utalhat.<\/li>\n<\/ul>\n<h3>Hibaelh\u00e1r\u00edt\u00e1si tippek<\/h3>\n<p>A probl\u00e9m\u00e1k hat\u00e9kony diagnosztiz\u00e1l\u00e1s\u00e1hoz \u00e9s megold\u00e1s\u00e1hoz ellen\u0151rizze a l\u00e1that\u00f3 sziv\u00e1rg\u00e1sokat, \u00e9s vizsg\u00e1lja meg a t\u00f6m\u00edt\u00e9sek kop\u00e1s\u00e1t. A rendszeres karbantart\u00e1s, bele\u00e9rtve a ken\u00e9st \u00e9s az id\u0151ben t\u00f6rt\u00e9n\u0151 t\u00f6m\u00edt\u00e9scser\u00e9t, seg\u00edt enyh\u00edteni a lehets\u00e9ges probl\u00e9m\u00e1kat, miel\u0151tt azok s\u00falyosbodn\u00e1nak.<\/p>\n<h3>Megel\u0151z\u0151 int\u00e9zked\u00e9sek<\/h3>\n<p>A megel\u0151z\u0151 int\u00e9zked\u00e9sek, p\u00e9ld\u00e1ul a rendszeres ellen\u0151rz\u00e9sek \u00e9s a karbantart\u00e1si \u00fctemtervek bevezet\u00e9se jelent\u0151sen cs\u00f6kkentheti a probl\u00e9m\u00e1k felmer\u00fcl\u00e9s\u00e9nek val\u00f3sz\u00edn\u0171s\u00e9g\u00e9t. \u00d6szt\u00f6n\u00f6zze a kezel\u0151ket, hogy azonnal jelents\u00e9k a teljes\u00edtm\u00e9nyben bek\u00f6vetkez\u0151 v\u00e1ltoz\u00e1sokat, hogy a probl\u00e9m\u00e1kat proakt\u00edvan kezelhess\u00e9k.<\/p>\n<p><img decoding=\"async\" src=\"https:\/\/www.hydraulic-cylinders.net\/wp-content\/uploads\/2025\/04\/songte-bushings-with-all-kinds-of-excavator-models.webp\" alt=\"Perselyek kotr\u00f3g\u00e9p modellekhez\" \/><\/p>\n<h2>C\u00e9g\u00fcnkr\u0151l<\/h2>\n<p>Vezet\u0151 gy\u00e1rt\u00f3k\u00e9nt specializ\u00e1l\u00f3dtunk a p\u00f3talkatr\u00e9szk\u00e9nt haszn\u00e1lt hidraulikus hengerek gy\u00e1rt\u00e1s\u00e1ra. Kiterjedt term\u00e9kk\u00edn\u00e1latunknak k\u00f6sz\u00f6nhet\u0151en a hidraulikus hengerek egyik vezet\u0151 gy\u00e1rt\u00f3ja \u00e9s nagykereskedelmi forgalmaz\u00f3ja vagyunk mind a hazai, mind a nemzetk\u00f6zi piacokon. Magas min\u0151s\u00e9gi szabv\u00e1nyokat k\u00f6vet\u00fcnk, \u00e9s kifinomult gy\u00e1rt\u00e1si strat\u00e9gi\u00e1t k\u00f6vet\u00fcnk, amely a fejlett ipari termel\u00e9sir\u00e1ny\u00edt\u00e1son alapul.<\/p>\n<p>C\u00e9g\u00fcnk m\u0171szaki tehets\u00e9gekbe, cs\u00facskateg\u00f3ri\u00e1s digit\u00e1lis gy\u00e1rt\u00f3berendez\u00e9sekbe \u00e9s speci\u00e1lis tesztel\u0151rendszerekbe fektet be, folyamatosan fejlesztve gy\u00e1rt\u00e1si platformunkat. A nagy hat\u00e9konys\u00e1gra, a pontoss\u00e1gra \u00e9s a min\u0151s\u00e9gre \u00f6sszpontos\u00edtva igyeksz\u00fcnk testreszabott megold\u00e1sokkal kiel\u00e9g\u00edteni a soksz\u00edn\u0171 \u00fcgyf\u00e9lig\u00e9nyeket.<\/p>\n<p><img decoding=\"async\" src=\"https:\/\/www.hydraulic-cylinders.net\/wp-content\/uploads\/2025\/04\/songte-company-4.webp\" alt=\"Songte T\u00e1rsas\u00e1g\" \/><br \/>\n<img decoding=\"async\" src=\"https:\/\/www.hydraulic-cylinders.net\/wp-content\/uploads\/2025\/04\/songte-company-3.webp\" alt=\"Songte T\u00e1rsas\u00e1g\" \/><\/p>\n<p>Szerz\u0151: lyl<\/p>","protected":false},"excerpt":{"rendered":"<p>Boom Cylinder For Volvo Small Excavator EC170D Introduction to Boom Cylinder The Boom Cylinder is a crucial component of the Volvo EC170D small excavator, primarily responsible for managing the movement of the boom. This hydraulic cylinder plays a vital role in the excavator&#8217;s hydraulic system, facilitating the controlled lifting, lowering, and tilting of the boom. [&hellip;]<\/p>","protected":false},"featured_media":17869,"comment_status":"open","ping_status":"closed","template":"","meta":{"_et_pb_use_builder":"","_et_pb_old_content":"","_et_gb_content_width":""},"product_brand":[],"product_cat":[1546],"product_tag":[1547,1496],"class_list":{"0":"post-19108","1":"product","2":"type-product","3":"status-publish","4":"has-post-thumbnail","6":"product_cat-boom-cylinders","7":"product_tag-boom-cylinders","8":"product_tag-hydraulic-cylinders","10":"first","11":"instock","12":"shipping-taxable","13":"product-type-simple"},"amp_enabled":true,"_links":{"self":[{"href":"https:\/\/www.hydraulic-cylinders.net\/hu\/wp-json\/wp\/v2\/product\/19108","targetHints":{"allow":["GET"]}}],"collection":[{"href":"https:\/\/www.hydraulic-cylinders.net\/hu\/wp-json\/wp\/v2\/product"}],"about":[{"href":"https:\/\/www.hydraulic-cylinders.net\/hu\/wp-json\/wp\/v2\/types\/product"}],"replies":[{"embeddable":true,"href":"https:\/\/www.hydraulic-cylinders.net\/hu\/wp-json\/wp\/v2\/comments?post=19108"}],"wp:featuredmedia":[{"embeddable":true,"href":"https:\/\/www.hydraulic-cylinders.net\/hu\/wp-json\/wp\/v2\/media\/17869"}],"wp:attachment":[{"href":"https:\/\/www.hydraulic-cylinders.net\/hu\/wp-json\/wp\/v2\/media?parent=19108"}],"wp:term":[{"taxonomy":"product_brand","embeddable":true,"href":"https:\/\/www.hydraulic-cylinders.net\/hu\/wp-json\/wp\/v2\/product_brand?post=19108"},{"taxonomy":"product_cat","embeddable":true,"href":"https:\/\/www.hydraulic-cylinders.net\/hu\/wp-json\/wp\/v2\/product_cat?post=19108"},{"taxonomy":"product_tag","embeddable":true,"href":"https:\/\/www.hydraulic-cylinders.net\/hu\/wp-json\/wp\/v2\/product_tag?post=19108"}],"curies":[{"name":"munkaf\u00fczet","href":"https:\/\/api.w.org\/{rel}","templated":true}]}}