{"id":19118,"date":"2025-04-07T06:13:40","date_gmt":"2025-04-07T06:13:40","guid":{"rendered":"https:\/\/www.hydraulic-cylinders.net\/product\/boom-cylinder-for-volvo-middle-excavator-ec250enz\/"},"modified":"2025-04-07T06:13:43","modified_gmt":"2025-04-07T06:13:43","slug":"boom-cylinder-for-volvo-middle-excavator-ec250enz","status":"publish","type":"product","link":"https:\/\/www.hydraulic-cylinders.net\/hu\/termek\/boom-cylinder-for-volvo-middle-excavator-ec250enz\/","title":{"rendered":"G\u00e9mhenger Volvo k\u00f6z\u00e9ps\u0151 kotr\u00f3g\u00e9phez EC250ENZ"},"content":{"rendered":"<h1>G\u00e9mhenger Volvo k\u00f6z\u00e9ps\u0151 kotr\u00f3g\u00e9phez EC250ENZ<\/h1>\n<h2>A g\u00e9mhengerek meg\u00e9rt\u00e9se<\/h2>\n<p>A g\u00e9mhenger egy kritikus hidraulikus alkatr\u00e9sz, amelyet kifejezetten a kan\u00e1l mozg\u00e1s\u00e1nak vez\u00e9rl\u00e9s\u00e9re terveztek k\u00fcl\u00f6nf\u00e9le neh\u00e9zg\u00e9pekben, p\u00e9ld\u00e1ul kotr\u00f3g\u00e9pekben, kotr\u00f3g\u00e9pekben \u00e9s homlokrakod\u00f3kban. Lehet\u0151v\u00e9 teszi a kan\u00e1l emel\u00e9s\u00e9t, s\u00fcllyeszt\u00e9s\u00e9t \u00e9s billent\u00e9s\u00e9t, hat\u00e9konyan megk\u00f6nny\u00edtve az anyagmozgat\u00e1si feladatokat. A hidraulikus rendszer \u00fagy m\u0171k\u00f6dik, hogy nyom\u00e1s alatt l\u00e9v\u0151 folyad\u00e9kot haszn\u00e1l, amely er\u0151t hoz l\u00e9tre a henger meghajt\u00e1s\u00e1ra, lehet\u0151v\u00e9 t\u00e9ve a kan\u00e1l mozg\u00e1s\u00e1nak pontos vez\u00e9rl\u00e9s\u00e9t. A g\u00e9mhenger funkci\u00f3ja elengedhetetlen az \u00e9p\u00edt\u0151iparban, a b\u00e1ny\u00e1szati \u200b\u200b\u200b\u200b\u00e9s a mez\u0151gazdas\u00e1gi alkalmaz\u00e1sokban, ahol neh\u00e9z anyagok emel\u00e9s\u00e9re \u00e9s mozgat\u00e1s\u00e1ra van sz\u00fcks\u00e9g.<\/p>\n<p><img decoding=\"async\" src=\"https:\/\/www.hydraulic-cylinders.net\/wp-content\/uploads\/2025\/04\/songte-company-1.webp\" alt=\"G\u00e9mhenger kotr\u00f3g\u00e9phez\" \/><\/p>\n<h2>A g\u00e9mhenger jellemz\u0151i<\/h2>\n<ul>\n<li><strong>Nagy szil\u00e1rds\u00e1g \u00e9s tart\u00f3ss\u00e1g:<\/strong> Ezek a hengerek jellemz\u0151en nagy szil\u00e1rds\u00e1g\u00fa ac\u00e9lb\u00f3l vagy alum\u00edniumb\u00f3l k\u00e9sz\u00fclnek, \u00e9s nagy nyom\u00e1st \u00e9s nagy terhel\u00e9st is elviselnek, \u00edgy kop\u00e1s\u00e1ll\u00f3s\u00e1guknak \u00e9s korr\u00f3zi\u00f3v\u00e9delm\u00fcknek k\u00f6sz\u00f6nhet\u0151en alkalmasak a zord munkak\u00f6rnyezetre.<\/li>\n<li><strong>Hat\u00e9kony hidraulikus m\u0171k\u00f6dtet\u00e9s:<\/strong> A kialak\u00edt\u00e1s lehet\u0151v\u00e9 teszi a sima kitol\u00e1st \u00e9s visszah\u00faz\u00e1st hidraulikaolaj-nyom\u00e1s seg\u00edts\u00e9g\u00e9vel, biztos\u00edtva a gyors reag\u00e1l\u00e1st a vez\u00e9rl\u0151parancsokra, mik\u00f6zben er\u0151s tol\u00f3- \u00e9s h\u00faz\u00f3er\u0151t biztos\u00edt a neh\u00e9z \u00e9s \u00f6sszetett feladatok kezel\u00e9s\u00e9hez.<\/li>\n<li><strong>K\u00fcl\u00f6nb\u00f6z\u0151 t\u00edpusok:<\/strong> Egyszeres m\u0171k\u00f6d\u00e9s\u0171 (egy ir\u00e1nyban m\u0171k\u00f6d\u0151) vagy kett\u0151s m\u0171k\u00f6d\u00e9s\u0171 (mindk\u00e9t ir\u00e1nyban m\u0171k\u00f6d\u0151) konfigur\u00e1ci\u00f3ban kaphat\u00f3, bizonyos modellek teleszk\u00f3posak is lehetnek, ami nagyobb kiny\u00fal\u00e1st tesz lehet\u0151v\u00e9 a k\u00fcls\u0151 m\u00e9retek n\u00f6vel\u00e9se n\u00e9lk\u00fcl, \u00edgy ide\u00e1lis a helysz\u0171k\u00e9ben l\u00e9v\u0151 alkalmaz\u00e1sokhoz.<\/li>\n<li><strong>Prec\u00edzi\u00f3s m\u00e9rn\u00f6ki munka:<\/strong> A r\u00e9szletekre val\u00f3 odafigyel\u00e9ssel gy\u00e1rtva, biztos\u00edtva a z\u00f6kken\u0151mentes integr\u00e1ci\u00f3t a k\u00fcl\u00f6nf\u00e9le kotr\u00f3g\u00e9p-modellekkel az optim\u00e1lis teljes\u00edtm\u00e9ny \u00e9s megb\u00edzhat\u00f3s\u00e1g \u00e9rdek\u00e9ben.<\/li>\n<li><strong>Egyedi megold\u00e1sok:<\/strong> Term\u00e9keinket \u00fagy tervezt\u00fck, hogy t\u00f6k\u00e9letesen helyettes\u00edts\u00e9k a megl\u00e9v\u0151 hidraulikus hengereket, \u00e9s testreszabott megold\u00e1sokat k\u00edn\u00e1ljanak a k\u00fcl\u00f6nb\u00f6z\u0151 \u00fczemeltet\u00e9si ig\u00e9nyekre.<\/li>\n<\/ul>\n<p><img decoding=\"async\" src=\"https:\/\/www.hydraulic-cylinders.net\/wp-content\/uploads\/2025\/04\/songte-cylinder-head-with-all-kinds-excavator-models.webp\" alt=\"Kotr\u00f3g\u00e9p modellek\" \/><\/p>\n<h2>A g\u00e9mhengerek alkalmaz\u00e1sai<\/h2>\n<h3>\u00c9p\u00edt\u0151ipari berendez\u00e9sek<\/h3>\n<p>A kotr\u00f3g\u00e9pekben a g\u00e9mhengerek kulcsfontoss\u00e1g\u00faak az \u00e1s\u00e1shoz, a rakod\u00e1shoz \u00e9s a f\u00f6ld vagy t\u00f6rmel\u00e9k mozgat\u00e1s\u00e1hoz. Ezek biztos\u00edtj\u00e1k a sz\u00fcks\u00e9ges er\u0151t a talajba val\u00f3 behatol\u00e1shoz, lehet\u0151v\u00e9 t\u00e9ve a kezel\u0151 sz\u00e1m\u00e1ra a hat\u00e9kony \u00e1s\u00e1st. A kotr\u00f3g\u00e9p-rakod\u00f3kban ezek a hengerek mind az \u00e1s\u00e1si, mind az emel\u00e9si m\u0171veletekben seg\u00edtenek, \u00edgy sokoldal\u00fa eszk\u00f6z\u00f6kk\u00e9 v\u00e1lnak az \u00e9p\u00edtkez\u00e9seken. A g\u00e9mhengerek \u00e1ltal lehet\u0151v\u00e9 tett szab\u00e1lyozott mozg\u00e1s n\u00f6veli a termel\u00e9kenys\u00e9get \u00e9s a m\u0171k\u00f6d\u00e9si hat\u00e9konys\u00e1got a k\u00fcl\u00f6nf\u00e9le \u00e9p\u00edt\u00e9si feladatok sor\u00e1n.<\/p>\n<h3>Mez\u0151gazdas\u00e1gi g\u00e9pek<\/h3>\n<p>A homlokrakod\u00f3kban a g\u00e9mhengerek megk\u00f6nny\u00edtik a talaj, sz\u00e9na \u00e9s egy\u00e9b anyagok kal\u00e1szol\u00e1s\u00e1t, emel\u00e9s\u00e9t \u00e9s sz\u00e1ll\u00edt\u00e1s\u00e1t. Ez a k\u00e9pess\u00e9g l\u00e9tfontoss\u00e1g\u00fa a gazd\u00e1lkod\u00f3k sz\u00e1m\u00e1ra, lehet\u0151v\u00e9 t\u00e9ve sz\u00e1mukra, hogy hat\u00e9konyan kezelj\u00e9k er\u0151forr\u00e1saikat \u00e9s k\u00f6nnyed\u00e9n elv\u00e9gezz\u00e9k a k\u00fcl\u00f6nf\u00e9le mez\u0151gazdas\u00e1gi feladatokat. Az ezek \u00e1ltal a hengerek \u00e1ltal leadott hidraulikus teljes\u00edtm\u00e9ny z\u00f6kken\u0151mentes m\u0171k\u00f6d\u00e9st tesz lehet\u0151v\u00e9, cs\u00f6kkentve a f\u00e1radts\u00e1got \u00e9s a k\u00e9zi munk\u00e1ra ford\u00edtott id\u0151t.<\/p>\n<h3>Kotr\u00f3g\u00e9pek<\/h3>\n<p>A kotr\u00f3g\u00e9pekben a g\u00e9mhenger lehet\u0151v\u00e9 teszi a kan\u00e1l f\u00f6ldbe hatol\u00e1s\u00e1t, megk\u00f6nny\u00edtve a hat\u00e9kony \u00e1s\u00e1si m\u0171veleteket. Ez a funkci\u00f3 elengedhetetlen \u00e1rkok, alapok vagy b\u00e1rmilyen m\u00e1s f\u00f6ldmozgat\u00e1si feladat ki\u00e1s\u00e1s\u00e1hoz. A henger \u00e1ltal kifejtett hidraulikus er\u0151 lehet\u0151v\u00e9 teszi a kezel\u0151k sz\u00e1m\u00e1ra, hogy bonyolult man\u0151vereket hajtsanak v\u00e9gre, biztos\u00edtva a pontoss\u00e1got \u00e9s a hat\u00e9konys\u00e1got a f\u00f6ldmunka sor\u00e1n.<\/p>\n<h3>Rakod\u00f3k<\/h3>\n<p>A homlokrakod\u00f3kban a g\u00e9mhengerek seg\u00edtik az anyagok emel\u00e9s\u00e9t \u00e9s \u00fcr\u00edt\u00e9s\u00e9t, n\u00f6velve a rakod\u00e1si m\u0171veletek hat\u00e9konys\u00e1g\u00e1t. Biztos\u00edtj\u00e1k, hogy a kan\u00e1l hat\u00e9konyan tudja felemelni az anyagokat \u00e9s pontosan lerakni azokat, ami kulcsfontoss\u00e1g\u00fa mind az \u00e9p\u00edt\u0151ipari, mind az anyagmozgat\u00e1si alkalmaz\u00e1sokban. A g\u00e9mhengerek robusztuss\u00e1ga biztos\u00edtja, hogy a neh\u00e9z terhek emel\u00e9s\u00e9vel j\u00e1r\u00f3 ig\u00e9nybev\u00e9teleket a biztons\u00e1g vagy a teljes\u00edtm\u00e9ny vesz\u00e9lyeztet\u00e9se n\u00e9lk\u00fcl tudj\u00e1k kezelni.<\/p>\n<h2>Tervez\u00e9si szempontok \u00e9s kiv\u00e1laszt\u00e1si krit\u00e9riumok<\/h2>\n<h3>Teherb\u00edr\u00e1s<\/h3>\n<p>A g\u00e9mhenger kiv\u00e1laszt\u00e1sakor a teherb\u00edr\u00e1s kiemelked\u0151 fontoss\u00e1g\u00fa. K\u00e9pesnek kell lennie a m\u0171k\u00f6d\u00e9s sor\u00e1n fell\u00e9p\u0151 maxim\u00e1lis s\u00faly elvisel\u00e9s\u00e9re. A t\u00falterhel\u00e9s a henger meghib\u00e1sod\u00e1s\u00e1hoz vezethet, ami nemcsak a termel\u00e9kenys\u00e9get befoly\u00e1solja, hanem biztons\u00e1gi kock\u00e1zatokat is jelenthet. Egy j\u00f3l megtervezett hengernek robusztus fel\u00e9p\u00edt\u00e9s\u0171nek kell lennie, amely deform\u00e1ci\u00f3 vagy k\u00e1rosod\u00e1s n\u00e9lk\u00fcl elviseli a sz\u00fcks\u00e9ges terhel\u00e9st.<\/p>\n<h3>T\u00f6m\u00edt\u00e9s<\/h3>\n<p>A hat\u00e9kony t\u00f6m\u00edt\u00e9s kritikus fontoss\u00e1g\u00fa a hidraulikus nyom\u00e1s fenntart\u00e1s\u00e1hoz \u00e9s a g\u00e9mhenger hossz\u00fa \u00e9lettartam\u00e1nak biztos\u00edt\u00e1s\u00e1hoz. A kiv\u00e1l\u00f3 min\u0151s\u00e9g\u0171 t\u00f6m\u00edt\u00e9sek minimaliz\u00e1lj\u00e1k a folyad\u00e9ksziv\u00e1rg\u00e1st \u00e9s a szennyez\u0151d\u00e9st, ami a rendszer hat\u00e9konys\u00e1g\u00e1nak cs\u00f6kken\u00e9s\u00e9hez vezethet. Alapvet\u0151 fontoss\u00e1g\u00fa a tart\u00f3s anyagokb\u00f3l, p\u00e9ld\u00e1ul poliuret\u00e1nb\u00f3l vagy nitrilkaucsukb\u00f3l k\u00e9sz\u00fclt t\u00f6m\u00edt\u00e9sek kiv\u00e1laszt\u00e1sa, amelyek kiv\u00e1l\u00f3 kop\u00e1s\u00e1ll\u00f3s\u00e1got \u00e9s id\u0151j\u00e1r\u00e1si viszonyokat biztos\u00edtanak.<\/p>\n<h3>Tart\u00f3ss\u00e1g<\/h3>\n<p>A g\u00e9mhenger tart\u00f3ss\u00e1g\u00e1t a gy\u00e1rt\u00e1s\u00e1hoz felhaszn\u00e1lt anyagok befoly\u00e1solj\u00e1k. A nagy szil\u00e1rds\u00e1g\u00fa ac\u00e9l vagy alum\u00ednium ellen\u00e1ll\u00f3 k\u00e9pess\u00e9get biztos\u00edt az \u00e9p\u00edt\u0151iparban \u00e9s mez\u0151gazdas\u00e1gi k\u00f6rnyezetben gyakran el\u0151fordul\u00f3 zord k\u00f6r\u00fclm\u00e9nyekkel szemben. Az anyagnak korr\u00f3zi\u00f3- \u00e9s kop\u00e1s\u00e1ll\u00f3nak is kell lennie, ami meghosszabb\u00edtja a henger \u00e9lettartam\u00e1t \u00e9s cs\u00f6kkenti a karbantart\u00e1si ig\u00e9nyt.<\/p>\n<h3>Biztons\u00e1g<\/h3>\n<p>A biztons\u00e1gi funkci\u00f3k l\u00e9tfontoss\u00e1g\u00faak a g\u00e9mhengerek tervez\u00e9s\u00e9n\u00e9l. Tartalmazniuk kell nyom\u00e1scs\u00f6kkent\u0151 szelepeket \u00e9s biztons\u00e1gi reteszel\u0151 mechanizmusokat a v\u00e9letlen aktiv\u00e1l\u00e1s megakad\u00e1lyoz\u00e1sa \u00e9rdek\u00e9ben. A megfelel\u0151 biztons\u00e1gi int\u00e9zked\u00e9sek v\u00e9dik a kezel\u0151ket \u00e9s a g\u00e9peket, biztos\u00edtva a biztons\u00e1gos m\u0171k\u00f6d\u00e9st k\u00fcl\u00f6nb\u00f6z\u0151 terhel\u00e9sek \u00e9s k\u00f6r\u00fclm\u00e9nyek k\u00f6z\u00f6tt.<\/p>\n<h3>Karbantarthat\u00f3s\u00e1g<\/h3>\n<p>A k\u00f6nny\u0171 karbantart\u00e1s egy m\u00e1sik l\u00e9nyeges t\u00e9nyez\u0151 a g\u00e9mhenger kiv\u00e1laszt\u00e1sakor. Az alkatr\u00e9szeknek k\u00f6nnyen hozz\u00e1f\u00e9rhet\u0151nek kell lenni\u00fck ellen\u0151rz\u00e9s, ken\u00e9s \u00e9s jav\u00edt\u00e1s c\u00e9lj\u00e1b\u00f3l. Egy j\u00f3l megtervezett henger lehet\u0151v\u00e9 teszi a kezel\u0151k sz\u00e1m\u00e1ra a rendszeres karbantart\u00e1s hat\u00e9kony elv\u00e9gz\u00e9s\u00e9t, ez\u00e1ltal meghosszabb\u00edtva a berendez\u00e9s \u00e9lettartam\u00e1t \u00e9s minimaliz\u00e1lva az \u00e1ll\u00e1sid\u0151t.<\/p>\n<p><img decoding=\"async\" src=\"https:\/\/www.hydraulic-cylinders.net\/wp-content\/uploads\/2025\/04\/songte-oil-pipes-and-spare-parts.webp\" alt=\"Hidraulikus alkatr\u00e9szek\" \/><\/p>\n<h2>T\u00f6m\u00edt\u00e9s \u00e9s ken\u00e9s<\/h2>\n<p>A g\u00e9mhenger t\u00f6m\u00edt\u0151rendszer\u00e9nek \u00e9ps\u00e9ge kulcsfontoss\u00e1g\u00fa a teljes\u00edtm\u00e9nye szempontj\u00e1b\u00f3l. K\u00fcl\u00f6nb\u00f6z\u0151 t\u00f6m\u00edt\u00e9seket, p\u00e9ld\u00e1ul dugatty\u00fat\u00f6m\u00edt\u00e9seket \u00e9s r\u00fadt\u00f6m\u00edt\u00e9seket kell kiv\u00e1lasztani az alkalmaz\u00e1si ig\u00e9nyek alapj\u00e1n. A poliuret\u00e1n \u00e9s a nitrilkaucsuk anyagok aj\u00e1nlottak kop\u00e1s\u00e1ll\u00f3s\u00e1guk \u00e9s tart\u00f3ss\u00e1guk miatt. A hengertestet \u00e9s a menetes v\u00e9gfel\u00fcleteket prec\u00edz megmunk\u00e1l\u00e1snak kell al\u00e1vetni a kop\u00e1s\u00e1ll\u00f3s\u00e1guk n\u00f6vel\u00e9se \u00e9rdek\u00e9ben. A z\u00f6kken\u0151mentes m\u0171k\u00f6d\u00e9s biztos\u00edt\u00e1s\u00e1hoz rendszeres hidraulikaolajjal val\u00f3 ken\u00e9s sz\u00fcks\u00e9ges, ami mag\u00e1ban foglalja a hidraulikaolaj id\u0151szakos ellen\u0151rz\u00e9s\u00e9t \u00e9s ut\u00e1nt\u00f6lt\u00e9s\u00e9t az optim\u00e1lis teljes\u00edtm\u00e9ny fenntart\u00e1sa \u00e9rdek\u00e9ben.<\/p>\n<h2>Megel\u0151z\u0151 karbantart\u00e1si int\u00e9zked\u00e9sek<\/h2>\n<ul>\n<li><strong>Rendszeres ellen\u0151rz\u00e9sek:<\/strong> V\u00e9gezzen rendszeres ellen\u0151rz\u00e9seket a t\u00f6m\u00edt\u00e9sek sziv\u00e1rg\u00e1s\u00e1nak vagy kop\u00e1s\u00e1nak azonos\u00edt\u00e1s\u00e1ra. A korai felismer\u00e9s megel\u0151zheti a k\u00e9s\u0151bbi komolyabb probl\u00e9m\u00e1kat.<\/li>\n<li><strong>Megfelel\u0151 ken\u00e9s:<\/strong> Gy\u0151z\u0151dj\u00f6n meg arr\u00f3l, hogy a hidraulikaolaj szintje megfelel\u0151 \u00e9s tiszta, \u00edgy elker\u00fclheti a henger alkatr\u00e9szeinek sz\u00fcks\u00e9gtelen kop\u00e1s\u00e1t.<\/li>\n<li><strong>T\u00f6m\u00edt\u00e9scsere:<\/strong> Figyelje a t\u00f6m\u00edt\u00e9sek kop\u00e1s\u00e1t, \u00e9s sz\u00fcks\u00e9g szerint cser\u00e9lje ki azokat a hidraulikus integrit\u00e1s \u00e9s teljes\u00edtm\u00e9ny meg\u0151rz\u00e9se \u00e9rdek\u00e9ben.<\/li>\n<\/ul>\n<h2>Telep\u00edt\u00e9si \u00fatmutat\u00f3<\/h2>\n<p>A g\u00e9mhenger telep\u00edt\u00e9se gondos tervez\u00e9st \u00e9s kivitelez\u00e9st ig\u00e9nyel az optim\u00e1lis m\u0171k\u00f6d\u00e9s biztos\u00edt\u00e1sa \u00e9rdek\u00e9ben. A telep\u00edt\u00e9s el\u0151tt alaposan ellen\u0151rizze a hengert \u00e9s a kapcsol\u00f3d\u00f3 alkatr\u00e9szeket. Pontosan igaz\u00edtsa a hengert a r\u00f6gz\u00edt\u0151konzolokhoz, hogy elker\u00fclje a henger terhel\u00e9s\u00e9t m\u0171k\u00f6d\u00e9s k\u00f6zben. Haszn\u00e1ljon megfelel\u0151 r\u00f6gz\u00edt\u0151konzolokat a henger szil\u00e1rd r\u00f6gz\u00edt\u00e9s\u00e9hez. A g\u00e9p \u00fczemeltet\u00e9se el\u0151tt gy\u0151z\u0151dj\u00f6n meg arr\u00f3l, hogy a hidraulikavezet\u00e9kek megfelel\u0151en vannak csatlakoztatva, \u00e9s hogy a t\u00f6m\u00edt\u00e9sek s\u00e9rtetlenek. A telep\u00edt\u00e9s sor\u00e1n elengedhetetlen a gy\u00e1rt\u00f3 el\u0151\u00edr\u00e1sainak \u00e9s ir\u00e1nyelveinek betart\u00e1sa a biztons\u00e1g \u00e9s a teljes\u00edtm\u00e9ny biztos\u00edt\u00e1sa \u00e9rdek\u00e9ben.<\/p>\n<h2>Gyakori karbantart\u00e1si feladatok<\/h2>\n<ul>\n<li><strong>Rendszeres ellen\u0151rz\u00e9sek:<\/strong> L\u00e9tfontoss\u00e1g\u00fa a g\u00e9mhenger gyakori vizu\u00e1lis ellen\u0151rz\u00e9se a kop\u00e1s vagy s\u00e9r\u00fcl\u00e9s jelei szempontj\u00e1b\u00f3l. Ez seg\u00edthet a probl\u00e9m\u00e1k azonos\u00edt\u00e1s\u00e1ban, miel\u0151tt azok s\u00falyosbodn\u00e1nak, ami \u00e1ll\u00e1sid\u0151t vagy biztons\u00e1gi kock\u00e1zatokat okozhat.<\/li>\n<li><strong>Megfelel\u0151 ken\u00e9s:<\/strong> Gy\u0151z\u0151dj\u00f6n meg arr\u00f3l, hogy a hidraulikaolajat rendszeresen p\u00f3tolja, \u00e9s hogy a haszn\u00e1lt olaj a hengerhez megfelel\u0151 t\u00edpus\u00fa \u00e9s viszkozit\u00e1s\u00fa. Ez seg\u00edt fenntartani a hidraulikus rendszer hat\u00e9konys\u00e1g\u00e1t \u00e9s megakad\u00e1lyozza az id\u0151 el\u0151tti kop\u00e1st.<\/li>\n<li><strong>T\u00f6m\u00edt\u00e9scsere:<\/strong> Rendszeresen ellen\u0151rizze a t\u00f6m\u00edt\u00e9sek \u00e1llapot\u00e1t. A kopott t\u00f6m\u00edt\u00e9sek id\u0151ben t\u00f6rt\u00e9n\u0151 cser\u00e9je megakad\u00e1lyozza a hidraulikafolyad\u00e9k sziv\u00e1rg\u00e1s\u00e1t \u00e9s fenntartja a rendszernyom\u00e1st, biztos\u00edtva a g\u00e9mhenger hat\u00e9kony m\u0171k\u00f6d\u00e9s\u00e9t.<\/li>\n<\/ul>\n<h2>Biztons\u00e1gi szempontok \u00e9s k\u00f6rnyezeti t\u00e9nyez\u0151k<\/h2>\n<p>Hidraulikus hengerek haszn\u00e1lata sor\u00e1n a biztons\u00e1gi int\u00e9zked\u00e9sek kiemelked\u0151en fontosak. A kezel\u0151knek megfelel\u0151 v\u00e9d\u0151felszerel\u00e9st kell viselni\u00fck, \u00e9s be kell tartaniuk a biztons\u00e1gi el\u0151\u00edr\u00e1sokat a m\u0171k\u00f6d\u00e9s sor\u00e1n. Alapvet\u0151 fontoss\u00e1g\u00fa annak biztos\u00edt\u00e1sa, hogy a munkak\u00f6rnyezet mentes legyen a balesetekhez vezet\u0151 vesz\u00e9lyekt\u0151l. A k\u00f6rnyezeti szempontokat is figyelembe kell venni, p\u00e9ld\u00e1ul a karbantart\u00e1s sor\u00e1n haszn\u00e1lt hidraulikus folyad\u00e9kok \u00e9s anyagok megfelel\u0151 \u00e1rtalmatlan\u00edt\u00e1s\u00e1t a k\u00f6rnyezeti hat\u00e1sok minimaliz\u00e1l\u00e1sa \u00e9rdek\u00e9ben.<\/p>\n<h2>Hibaelh\u00e1r\u00edt\u00e1s \u00e9s gyakori probl\u00e9m\u00e1k<\/h2>\n<ul>\n<li><strong>Sziv\u00e1rg\u00e1s:<\/strong> A hidraulikafolyad\u00e9k sziv\u00e1rg\u00e1sa kopott t\u00f6m\u00edt\u00e9sek vagy s\u00e9r\u00fclt szerelv\u00e9nyek miatt fordulhat el\u0151. Rendszeresen ellen\u0151rizze a t\u00f6m\u00edt\u00e9seket \u00e9s szerelv\u00e9nyeket a probl\u00e9ma diagnosztiz\u00e1l\u00e1sa \u00e9s sz\u00fcks\u00e9g szerinti cser\u00e9je \u00e9rdek\u00e9ben.<\/li>\n<li><strong>Lass\u00fa vagy nem reag\u00e1l\u00f3 mozg\u00e1s:<\/strong> Ez hidraulikafolyad\u00e9k hi\u00e1ny\u00e1ra vagy a rendszerben l\u00e9v\u0151 leveg\u0151 elz\u00e1r\u00f3d\u00e1s\u00e1ra utalhat. Ellen\u0151rizze a folyad\u00e9kszintet, \u00e9s sz\u00fcks\u00e9g eset\u00e9n l\u00e9gtelen\u00edtse a rendszert.<\/li>\n<li><strong>Szokatlan zajok:<\/strong> Az olyan zajok, mint a csikorg\u00e1s vagy a kopog\u00e1s, mechanikai probl\u00e9m\u00e1kra utalhatnak a hengerben. Vizsg\u00e1lja meg a forr\u00e1st, \u00e9s azonnal jav\u00edttassa ki a s\u00e9r\u00fclt alkatr\u00e9szeket.<\/li>\n<\/ul>\n<p><img decoding=\"async\" src=\"https:\/\/www.hydraulic-cylinders.net\/wp-content\/uploads\/2025\/04\/songte-bushings-with-all-kinds-of-excavator-models.webp\" alt=\"Kotr\u00f3g\u00e9p perselyek\" \/><\/p>\n<h2>Tippek a term\u00e9k \u00e9lettartam\u00e1hoz<\/h2>\n<p>A g\u00e9mhenger \u00e9lettartam\u00e1nak meghosszabb\u00edt\u00e1sa \u00e9rdek\u00e9ben gondoskodjon rendszeres karbantart\u00e1sr\u00f3l, bele\u00e9rtve a megfelel\u0151 ken\u00e9s \u00e9s a t\u00f6m\u00edt\u00e9s \u00e9ps\u00e9g\u00e9nek ellen\u0151rz\u00e9s\u00e9t. Haszn\u00e1ljon kiv\u00e1l\u00f3 min\u0151s\u00e9g\u0171 hidraulikafolyad\u00e9kokat a kop\u00e1s megel\u0151z\u00e9se \u00e9rdek\u00e9ben. Ezenk\u00edv\u00fcl mindig a megadott terhel\u00e9si hat\u00e1rokon bel\u00fcl \u00fczemeltesse a hengert, hogy elker\u00fclje a t\u00falzott ig\u00e9nybev\u00e9telt. A proakt\u00edv karbantart\u00e1si \u00fctemterv bevezet\u00e9se jelent\u0151sen cs\u00f6kkenti a v\u00e1ratlan meghib\u00e1sod\u00e1sok es\u00e9ly\u00e9t, biztos\u00edtva, hogy a hidraulikus rendszerek hosszabb ideig m\u0171k\u00f6d\u0151k\u00e9pesek maradjanak.<\/p>\n<h2>C\u00e9g\u00fcnkr\u0151l<\/h2>\n<p>Vezet\u0151 gy\u00e1rt\u00f3i vagyunk a p\u00f3talkatr\u00e9szk\u00e9nt haszn\u00e1lt hidraulikus hengereknek, \u00e9s \u00e1tfog\u00f3 term\u00e9kv\u00e1laszt\u00e9kot k\u00edn\u00e1lunk k\u00fcl\u00f6nf\u00e9le alkalmaz\u00e1sokhoz. A kiv\u00e1l\u00f3s\u00e1g ir\u00e1nti elk\u00f6telezetts\u00e9g\u00fcnk tette minket az egyik vezet\u0151 gy\u00e1rt\u00f3v\u00e1 \u00e9s nagykereskedelmi forgalmaz\u00f3v\u00e1 mind a hazai, mind a nemzetk\u00f6zi piacokon. Szigor\u00fa min\u0151s\u00e9gi el\u0151\u00edr\u00e1sokat k\u00f6vet\u00fcnk, prec\u00edzi\u00f3s gy\u00e1rt\u00e1si strat\u00e9gi\u00e1kat, k\u00e9pzett m\u0171szaki szem\u00e9lyzetet, fejlett digit\u00e1lis gy\u00e1rt\u00f3berendez\u00e9seket \u00e9s szigor\u00fa tesztel\u00e9si rendszereket alkalmazunk termel\u00e9si k\u00e9pess\u00e9geink folyamatos fejleszt\u00e9se \u00e9rdek\u00e9ben. C\u00e9g\u00fcnk elk\u00f6telezett amellett, hogy nagy hat\u00e9konys\u00e1ggal, precizit\u00e1ssal \u00e9s min\u0151s\u00e9ggel el\u00e9g\u00edtse ki \u00fcgyfeleink v\u00e1ltozatos ig\u00e9nyeit.<\/p>\n<p><img decoding=\"async\" src=\"https:\/\/www.hydraulic-cylinders.net\/wp-content\/uploads\/2025\/04\/songte-company-4.webp\" alt=\"C\u00e9ginform\u00e1ci\u00f3\" \/><br \/>\n<img decoding=\"async\" src=\"https:\/\/www.hydraulic-cylinders.net\/wp-content\/uploads\/2025\/04\/songte-company-3.webp\" alt=\"Gy\u00e1rt\u00f3\u00fczem\" \/><\/p>\n<p>Szakmai szak\u00e9rtelm\u00fcnk, nemzetk\u00f6zi tan\u00fas\u00edtv\u00e1nyaink, testreszabott szolg\u00e1ltat\u00e1saink, korszer\u0171 gy\u00e1rt\u00f3berendez\u00e9seink \u00e9s elk\u00f6telezett \u00e9rt\u00e9kes\u00edt\u00e9s ut\u00e1ni t\u00e1mogat\u00e1sunk megk\u00fcl\u00f6nb\u00f6ztet minket a hidraulikus hengerek ipar\u00e1g\u00e1ban.<\/p>\n<p>Szerz\u0151: lyl<\/p>","protected":false},"excerpt":{"rendered":"<p>Boom Cylinder For Volvo Middle Excavator EC250ENZ Understanding Boom Cylinders The boom cylinder is a critical hydraulic component designed specifically for controlling the motion of the bucket in various heavy machinery, such as excavators, backhoes, and front loaders. It enables the bucket to lift, lower, and tilt, facilitating material handling tasks effectively. The hydraulic system [&hellip;]<\/p>","protected":false},"featured_media":17879,"comment_status":"open","ping_status":"closed","template":"","meta":{"_et_pb_use_builder":"","_et_pb_old_content":"","_et_gb_content_width":""},"product_brand":[],"product_cat":[1546],"product_tag":[1547,1496],"class_list":{"0":"post-19118","1":"product","2":"type-product","3":"status-publish","4":"has-post-thumbnail","6":"product_cat-boom-cylinders","7":"product_tag-boom-cylinders","8":"product_tag-hydraulic-cylinders","10":"first","11":"instock","12":"shipping-taxable","13":"product-type-simple"},"amp_enabled":true,"_links":{"self":[{"href":"https:\/\/www.hydraulic-cylinders.net\/hu\/wp-json\/wp\/v2\/product\/19118","targetHints":{"allow":["GET"]}}],"collection":[{"href":"https:\/\/www.hydraulic-cylinders.net\/hu\/wp-json\/wp\/v2\/product"}],"about":[{"href":"https:\/\/www.hydraulic-cylinders.net\/hu\/wp-json\/wp\/v2\/types\/product"}],"replies":[{"embeddable":true,"href":"https:\/\/www.hydraulic-cylinders.net\/hu\/wp-json\/wp\/v2\/comments?post=19118"}],"wp:featuredmedia":[{"embeddable":true,"href":"https:\/\/www.hydraulic-cylinders.net\/hu\/wp-json\/wp\/v2\/media\/17879"}],"wp:attachment":[{"href":"https:\/\/www.hydraulic-cylinders.net\/hu\/wp-json\/wp\/v2\/media?parent=19118"}],"wp:term":[{"taxonomy":"product_brand","embeddable":true,"href":"https:\/\/www.hydraulic-cylinders.net\/hu\/wp-json\/wp\/v2\/product_brand?post=19118"},{"taxonomy":"product_cat","embeddable":true,"href":"https:\/\/www.hydraulic-cylinders.net\/hu\/wp-json\/wp\/v2\/product_cat?post=19118"},{"taxonomy":"product_tag","embeddable":true,"href":"https:\/\/www.hydraulic-cylinders.net\/hu\/wp-json\/wp\/v2\/product_tag?post=19118"}],"curies":[{"name":"munkaf\u00fczet","href":"https:\/\/api.w.org\/{rel}","templated":true}]}}