{"id":19134,"date":"2025-04-07T06:14:29","date_gmt":"2025-04-07T06:14:29","guid":{"rendered":"https:\/\/www.hydraulic-cylinders.net\/product\/boom-cylinder-for-volvo-wheel-excavator-ew145bp\/"},"modified":"2025-04-07T06:14:33","modified_gmt":"2025-04-07T06:14:33","slug":"boom-cylinder-for-volvo-wheel-excavator-ew145bp","status":"publish","type":"product","link":"https:\/\/www.hydraulic-cylinders.net\/hu\/termek\/boom-cylinder-for-volvo-wheel-excavator-ew145bp\/","title":{"rendered":"G\u00e9mhenger Volvo kerekes kotr\u00f3g\u00e9phez EW145BP"},"content":{"rendered":"<h1>G\u00e9mhenger Volvo kerekes kotr\u00f3g\u00e9phez EW145BP<\/h1>\n<h2>Term\u00e9k\u00e1ttekint\u00e9s<\/h2>\n<p>A Volvo EW145BP kerekes kotr\u00f3g\u00e9p g\u00e9mhengere egy kulcsfontoss\u00e1g\u00fa hidraulikus alkatr\u00e9sz, amely a kotr\u00f3g\u00e9p g\u00e9mj\u00e9nek mozg\u00e1s\u00e1t szab\u00e1lyozza. Ez a hidraulikus henger \u00fagy van kialak\u00edtva, hogy biztos\u00edtsa a sz\u00fcks\u00e9ges er\u0151t a g\u00e9m emel\u00e9s\u00e9hez, s\u00fcllyeszt\u00e9s\u00e9hez \u00e9s billent\u00e9s\u00e9hez, megk\u00f6nny\u00edtve a hat\u00e9kony anyagmozgat\u00e1si feladatokat. Neh\u00e9zg\u00e9pekben, p\u00e9ld\u00e1ul kotr\u00f3g\u00e9pekben, kotr\u00f3g\u00e9pekben \u00e9s homlokrakod\u00f3kban a kan\u00e1lhengerek lehet\u0151v\u00e9 teszik a kan\u00e1l mozg\u00e1s\u00e1nak pontos vez\u00e9rl\u00e9s\u00e9t, \u00edgy szerves r\u00e9sz\u00e9t k\u00e9pezik a k\u00fcl\u00f6nf\u00e9le \u00e9p\u00edt\u0151ipari \u00e9s mez\u0151gazdas\u00e1gi m\u0171veleteknek.<\/p>\n<p><img decoding=\"async\" src=\"https:\/\/www.hydraulic-cylinders.net\/wp-content\/uploads\/2025\/04\/songte-company-1.webp\" alt=\"G\u00e9mhenger kotr\u00f3g\u00e9pekhez\"\/><\/p>\n<h2>F\u0151bb jellemz\u0151k<\/h2>\n<ul>\n<li><strong>Nagy szil\u00e1rds\u00e1g \u00e9s tart\u00f3ss\u00e1g:<\/strong> A nagy szil\u00e1rds\u00e1g\u00fa ac\u00e9lb\u00f3l vagy alum\u00edniumb\u00f3l k\u00e9sz\u00fclt g\u00e9mhenger nagy nyom\u00e1st \u00e9s nagy terhel\u00e9st b\u00edr ki, \u00edgy alkalmass\u00e1 teszi a zord munkak\u00f6rnyezetre.<\/li>\n<li><strong>Hat\u00e9kony hidraulikus m\u0171k\u00f6dtet\u00e9s:<\/strong> A henger hidraulikaolaj-nyom\u00e1st haszn\u00e1l a sima kiny\u00fajt\u00e1shoz \u00e9s visszah\u00faz\u00e1shoz, biztos\u00edtva a gyors reag\u00e1l\u00e1st a vez\u00e9rl\u0151parancsokra, \u00e9s jelent\u0151s tol\u00f3- \u00e9s h\u00faz\u00f3er\u0151t biztos\u00edtva.<\/li>\n<li><strong>K\u00fcl\u00f6nb\u00f6z\u0151 t\u00edpusok el\u00e9rhet\u0151k:<\/strong> Az opci\u00f3k k\u00f6z\u00f6tt szerepelnek egyszeres m\u0171k\u00f6d\u00e9s\u0171 (egy ir\u00e1nyban hidraulikus er\u0151t haszn\u00e1l\u00f3) \u00e9s kett\u0151s m\u0171k\u00f6d\u00e9s\u0171 (mindk\u00e9t ir\u00e1nyban hidraulikus er\u0151t haszn\u00e1l\u00f3) hengerek, hogy megfeleljenek a k\u00fcl\u00f6nf\u00e9le m\u0171k\u00f6d\u00e9si k\u00f6vetelm\u00e9nyeknek. Egyes modellek teleszk\u00f3posak, \u00edgy nagyobb kiny\u00fal\u00e1st tesznek lehet\u0151v\u00e9 a k\u00fcls\u0151 m\u00e9retek n\u00f6vel\u00e9se n\u00e9lk\u00fcl.<\/li>\n<\/ul>\n<p>Term\u00e9keinket \u00fagy tervezt\u00fck, hogy t\u00f6k\u00e9letesen helyettes\u00edts\u00e9k a hidraulikus hengereket, biztos\u00edtva a kompatibilit\u00e1st \u00e9s a teljes\u00edtm\u00e9ny \u00e1lland\u00f3s\u00e1g\u00e1t.<\/p>\n<p><img decoding=\"async\" src=\"https:\/\/www.hydraulic-cylinders.net\/wp-content\/uploads\/2025\/04\/songte-cylinder-head-with-all-kinds-excavator-models.webp\" alt=\"Hidraulikus henger csere\"\/><\/p>\n<h2>Alkalmaz\u00e1sok<\/h2>\n<h3>\u00c9p\u00edt\u0151ipari berendez\u00e9sek<\/h3>\n<p>A kotr\u00f3g\u00e9pekben a g\u00e9mhengerek elengedhetetlenek az \u00e1s\u00e1shoz, rakod\u00e1shoz \u00e9s a f\u00f6ld vagy t\u00f6rmel\u00e9k mozgat\u00e1s\u00e1hoz. Megk\u00f6nny\u00edtik a g\u00e9m emel\u00e9si \u00e9s s\u00fcllyeszt\u00e9si m\u0171veleteit, lehet\u0151v\u00e9 t\u00e9ve a kezel\u0151k sz\u00e1m\u00e1ra a feladatok hat\u00e9kony elv\u00e9gz\u00e9s\u00e9t. Ez a funkci\u00f3 kritikus fontoss\u00e1g\u00fa az \u00e9p\u00edtkez\u00e9seken, ahol a projekt id\u0151ben t\u00f6rt\u00e9n\u0151 befejez\u00e9se a neh\u00e9zg\u00e9pek hat\u00e9kony m\u0171k\u00f6d\u00e9s\u00e9t\u0151l f\u00fcgg.<\/p>\n<h3>Mez\u0151gazdas\u00e1gi g\u00e9pek<\/h3>\n<p>A homlokrakod\u00f3kn\u00e1l a g\u00e9mhengerek seg\u00edtik a talaj, sz\u00e9na \u00e9s egy\u00e9b anyagok \u00e1s\u00e1s\u00e1t, emel\u00e9s\u00e9t \u00e9s sz\u00e1ll\u00edt\u00e1s\u00e1t. Robusztus kialak\u00edt\u00e1suk lehet\u0151v\u00e9 teszi a gazd\u00e1lkod\u00f3k sz\u00e1m\u00e1ra, hogy k\u00f6nnyed\u00e9n kezelj\u00e9k a neh\u00e9z terheket, jav\u00edtva a termel\u00e9kenys\u00e9get a k\u00fcl\u00f6nf\u00e9le mez\u0151gazdas\u00e1gi feladatok sor\u00e1n.<\/p>\n<h3>Kotr\u00f3g\u00e9pek<\/h3>\n<p>A kotr\u00f3g\u00e9pekben a g\u00e9mhengerek lehet\u0151v\u00e9 teszik, hogy a kan\u00e1l behatoljon a talajba, lehet\u0151v\u00e9 t\u00e9ve a hat\u00e9kony \u00e1s\u00e1si m\u0171veleteket. Ez a k\u00e9pess\u00e9g l\u00e9tfontoss\u00e1g\u00fa a f\u00f6ldmozgat\u00e1si m\u0171veletekn\u00e9l, ahol a k\u00edv\u00e1nt helysz\u00edni specifik\u00e1ci\u00f3k el\u00e9r\u00e9s\u00e9hez ellen\u0151rz\u00f6tt f\u00f6ldmunk\u00e1ra van sz\u00fcks\u00e9g.<\/p>\n<h3>Rakod\u00f3k<\/h3>\n<p>A homlokrakod\u00f3kban a g\u00e9mhengerek hat\u00e9konyan seg\u00edtik az anyagok emel\u00e9s\u00e9t \u00e9s \u00fcr\u00edt\u00e9s\u00e9t. Megb\u00edzhat\u00f3 teljes\u00edtm\u00e9ny\u00fck biztos\u00edtja az anyagmozgat\u00e1si feladatok gyors elv\u00e9gz\u00e9s\u00e9t, hozz\u00e1j\u00e1rulva a helysz\u00edni termel\u00e9kenys\u00e9ghez.<\/p>\n<h2>Tervez\u00e9si szempontok<\/h2>\n<h3>Teherb\u00edr\u00e1s<\/h3>\n<p>A g\u00e9mhenger kiv\u00e1laszt\u00e1sakor kulcsfontoss\u00e1g\u00fa a teherb\u00edr\u00e1s\u00e1nak ismerete. K\u00e9pesnek kell lennie a maxim\u00e1lis s\u00faly elvisel\u00e9s\u00e9re a biztons\u00e1g vagy a teljes\u00edtm\u00e9ny fel\u00e1ldoz\u00e1sa n\u00e9lk\u00fcl. Ez mag\u00e1ban foglalja a m\u0171k\u00f6d\u00e9s sor\u00e1n kifejtett er\u0151k kisz\u00e1m\u00edt\u00e1s\u00e1t \u00e9s annak biztos\u00edt\u00e1s\u00e1t, hogy a henger specifik\u00e1ci\u00f3i megfeleljenek ezeknek az ig\u00e9nyeknek.<\/p>\n<h3>T\u00f6m\u00edt\u0151mechanizmusok<\/h3>\n<p>A megfelel\u0151 t\u00f6m\u00edt\u00e9s elengedhetetlen a hidraulikus nyom\u00e1s fenntart\u00e1s\u00e1hoz \u00e9s a sziv\u00e1rg\u00e1sok megel\u0151z\u00e9s\u00e9hez. A tart\u00f3s anyagokb\u00f3l, p\u00e9ld\u00e1ul poliuret\u00e1nb\u00f3l vagy nitrilgumib\u00f3l k\u00e9sz\u00fclt, kiv\u00e1l\u00f3 min\u0151s\u00e9g\u0171 t\u00f6m\u00edt\u00e9sek biztos\u00edtj\u00e1k a hossz\u00fa t\u00e1v\u00fa teljes\u00edtm\u00e9nyt \u00e9s cs\u00f6kkentik a karbantart\u00e1si ig\u00e9nyt. A kialak\u00edt\u00e1snak olyan jellemz\u0151ket kell tartalmaznia, amelyek jav\u00edtj\u00e1k a t\u00f6m\u00edt\u00e9s integrit\u00e1s\u00e1t, hogy ellen\u00e1lljon a v\u00e1ltoz\u00f3 nyom\u00e1soknak \u00e9s k\u00f6r\u00fclm\u00e9nyeknek.<\/p>\n<h3>Tart\u00f3ss\u00e1g<\/h3>\n<p>A tart\u00f3ss\u00e1g kulcsfontoss\u00e1g\u00fa t\u00e9nyez\u0151 a g\u00e9mhengerek tervez\u00e9s\u00e9n\u00e9l. Ellen kell \u00e1llniuk a kop\u00e1snak a folyamatos haszn\u00e1lat sor\u00e1n, ig\u00e9nyes k\u00f6rnyezetben. A kop\u00e1s\u00e1ll\u00f3s\u00e1got \u00e9s a korr\u00f3zi\u00f3v\u00e9delmet fokoz\u00f3 anyagok \u00e9s bevonatok alkalmaz\u00e1sa jelent\u0151sen meghosszabb\u00edthatja a henger \u00e9lettartam\u00e1t, cs\u00f6kkentve az \u00e1ll\u00e1sid\u0151t \u00e9s a karbantart\u00e1si k\u00f6lts\u00e9geket.<\/p>\n<h3>Biztons\u00e1gi funkci\u00f3k<\/h3>\n<p>A biztons\u00e1gi funkci\u00f3k, p\u00e9ld\u00e1ul a nyom\u00e1scs\u00f6kkent\u0151 szelepek \u00e9s a v\u00e9szle\u00e1ll\u00edt\u00f3 mechanizmusok be\u00e9p\u00edt\u00e9se l\u00e9tfontoss\u00e1g\u00fa. Ezek a funkci\u00f3k megv\u00e9dik a kezel\u0151ket \u00e9s a berendez\u00e9seket a lehets\u00e9ges meghib\u00e1sod\u00e1sokt\u00f3l, biztos\u00edtva a biztons\u00e1gos m\u0171k\u00f6d\u00e9st m\u00e9g sz\u00e9ls\u0151s\u00e9ges k\u00f6r\u00fclm\u00e9nyek k\u00f6z\u00f6tt is.<\/p>\n<h3>Karbantart\u00e1si hozz\u00e1f\u00e9rhet\u0151s\u00e9g<\/h3>\n<p>A hidraulikus hengerek \u00e9lettartam\u00e1nak meghosszabb\u00edt\u00e1sa \u00e9rdek\u00e9ben kritikus fontoss\u00e1g\u00fa a k\u00f6nny\u0171 karbantart\u00e1s megtervez\u00e9se. Figyelembe kell venni az alkatr\u00e9szek hozz\u00e1f\u00e9rhet\u0151s\u00e9g\u00e9t ellen\u0151rz\u00e9s, ken\u00e9s \u00e9s csere c\u00e9lj\u00e1b\u00f3l, lehet\u0151v\u00e9 t\u00e9ve a kezel\u0151k sz\u00e1m\u00e1ra a rendszeres karbantart\u00e1s hat\u00e9kony elv\u00e9gz\u00e9s\u00e9t.<\/p>\n<p><img decoding=\"async\" src=\"https:\/\/www.hydraulic-cylinders.net\/wp-content\/uploads\/2025\/04\/songte-oil-pipes-and-spare-parts.webp\" alt=\"Hidraulikus henger tervez\u00e9si szempontjai\"\/><\/p>\n<h2>T\u00f6m\u00edt\u00e9s \u00e9s ken\u00e9s<\/h2>\n<p>A hat\u00e9kony t\u00f6m\u00edt\u00e9s \u00e9s ken\u00e9s elengedhetetlen a hidraulikus hengerek optim\u00e1lis teljes\u00edtm\u00e9ny\u00e9hez. K\u00fcl\u00f6nb\u00f6z\u0151 t\u00f6m\u00edt\u00e9seket, p\u00e9ld\u00e1ul dugatty\u00fat\u00f6m\u00edt\u00e9seket \u00e9s r\u00fadt\u00f6m\u00edt\u00e9seket haszn\u00e1lnak a hidraulikus integrit\u00e1s fenntart\u00e1s\u00e1ra. A kop\u00e1s\u00e1ll\u00f3 anyagokb\u00f3l, p\u00e9ld\u00e1ul poliuret\u00e1nb\u00f3l \u00e9s nitrilkaucsukb\u00f3l k\u00e9sz\u00fclt t\u00f6m\u00edt\u00e9sek biztos\u00edtj\u00e1k a tart\u00f3ss\u00e1got m\u00e9g zord k\u00f6r\u00fclm\u00e9nyek k\u00f6z\u00f6tt is. Ezenk\u00edv\u00fcl a hengertestet \u00e9s a menetes v\u00e9geket finoman megmunk\u00e1lni kell a kop\u00e1s\u00e1ll\u00f3s\u00e1g fokoz\u00e1sa \u00e9rdek\u00e9ben. A hidraulikaolaj rendszeres ut\u00e1nt\u00f6lt\u00e9se sz\u00fcks\u00e9ges a ken\u00e9shez, a rendszer z\u00f6kken\u0151mentes m\u0171k\u00f6d\u00e9s\u00e9nek fenntart\u00e1s\u00e1hoz \u00e9s a kop\u00e1s kock\u00e1zat\u00e1nak cs\u00f6kkent\u00e9s\u00e9hez.<\/p>\n<h2>Megel\u0151z\u0151 karbantart\u00e1si int\u00e9zked\u00e9sek<\/h2>\n<ul>\n<li><strong>Rendszeres ellen\u0151rz\u00e9sek:<\/strong> V\u00e9gezzen rendszeres ellen\u0151rz\u00e9seket a kop\u00e1s, sziv\u00e1rg\u00e1sok vagy s\u00e9r\u00fcl\u00e9sek jeleinek azonos\u00edt\u00e1sa \u00e9rdek\u00e9ben. Ez a proakt\u00edv megk\u00f6zel\u00edt\u00e9s seg\u00edt a potenci\u00e1lis probl\u00e9m\u00e1k korai felismer\u00e9s\u00e9ben \u00e9s megel\u0151zi a nagyobb jav\u00edt\u00e1sokat.<\/li>\n<li><strong>Ken\u00e9s:<\/strong> Gy\u0151z\u0151dj\u00f6n meg arr\u00f3l, hogy minden mozg\u00f3 alkatr\u00e9sz megfelel\u0151en kenve van a s\u00farl\u00f3d\u00e1s \u00e9s a kop\u00e1s cs\u00f6kkent\u00e9se \u00e9rdek\u00e9ben. A megfelel\u0151 t\u00edpus\u00fa hidraulikaolaj haszn\u00e1lata elengedhetetlen az optim\u00e1lis teljes\u00edtm\u00e9nyhez.<\/li>\n<li><strong>T\u00f6m\u00edt\u00e9scsere:<\/strong> Rendszeresen ellen\u0151rizze a t\u00f6m\u00edt\u00e9sek kop\u00e1s\u00e1t, \u00e9s sz\u00fcks\u00e9g szerint cser\u00e9lje ki \u0151ket a hidraulikus integrit\u00e1s meg\u0151rz\u00e9se \u00e9s a sziv\u00e1rg\u00e1sok megel\u0151z\u00e9se \u00e9rdek\u00e9ben.<\/li>\n<\/ul>\n<h2>Telep\u00edt\u00e9si \u00fatmutat\u00f3<\/h2>\n<p>A g\u00e9mhenger megfelel\u0151 beszerel\u00e9se elengedhetetlen a teljes\u00edtm\u00e9ny\u00e9hez \u00e9s hossz\u00fa \u00e9lettartam\u00e1hoz. El\u0151sz\u00f6r is gy\u0151z\u0151dj\u00f6n meg arr\u00f3l, hogy a r\u00f6gz\u00edt\u0151fel\u00fcletek tiszt\u00e1k, t\u00f6rmel\u00e9kmentesek \u00e9s megfelel\u0151en vannak be\u00e1ll\u00edtva. Haszn\u00e1ljon megfelel\u0151 r\u00f6gz\u00edt\u0151konzolokat a henger biztons\u00e1gos r\u00f6gz\u00edt\u00e9s\u00e9hez, megakad\u00e1lyozva a m\u0171k\u00f6d\u00e9s k\u00f6zbeni elmozdul\u00e1st. A henger be\u00e1ll\u00edt\u00e1sa elengedhetetlen a t\u00f6m\u00edt\u00e9sek \u00e9s a r\u00f6gz\u00edt\u00e9si pontok t\u00falzott terhel\u00e9s\u00e9nek elker\u00fcl\u00e9se \u00e9rdek\u00e9ben. A beszerel\u00e9s ut\u00e1n ellen\u0151rizze, hogy a hidraulikus csatlakoz\u00e1sok szorosak \u00e9s sziv\u00e1rg\u00e1smentesek-e. A beszerel\u00e9s ut\u00e1n v\u00e9gezzen pr\u00f3ba\u00fczemet a henger sim\u00e1n \u00e9s hat\u00e9kony m\u0171k\u00f6d\u00e9s\u00e9nek biztos\u00edt\u00e1s\u00e1ra.<\/p>\n<h2>Karbantart\u00e1si feladatok<\/h2>\n<ul>\n<li><strong>Rendszeres ellen\u0151rz\u00e9sek:<\/strong> A sziv\u00e1rg\u00e1sok \u00e9s kop\u00e1sok gyakori ellen\u0151rz\u00e9se seg\u00edthet a probl\u00e9m\u00e1k azonos\u00edt\u00e1s\u00e1ban, miel\u0151tt azok jelent\u0151s\u00e9gteljess\u00e9 v\u00e1ln\u00e1nak. A megfelel\u0151 ellen\u0151rz\u00e9si protokollok biztos\u00edthatj\u00e1k a hossz\u00fa t\u00e1v\u00fa megb\u00edzhat\u00f3s\u00e1got.<\/li>\n<li><strong>Megfelel\u0151 ken\u00e9s:<\/strong> A megfelel\u0151 ken\u00e9si m\u00f3dszerek alkalmaz\u00e1sa meghosszabb\u00edtja a hidraulikus rendszer \u00e9lettartam\u00e1t, biztos\u00edtja a z\u00f6kken\u0151mentes m\u0171k\u00f6d\u00e9st \u00e9s cs\u00f6kkenti a meghib\u00e1sod\u00e1s val\u00f3sz\u00edn\u0171s\u00e9g\u00e9t.<\/li>\n<li><strong>T\u00f6m\u00edt\u00e9scsere \u00e9s kalibr\u00e1l\u00e1si ellen\u0151rz\u00e9s:<\/strong> A kopott t\u00f6m\u00edt\u00e9sek cser\u00e9je \u00e9s a kalibr\u00e1ci\u00f3s ellen\u0151rz\u00e9sek elv\u00e9gz\u00e9se fenntarthatja a henger m\u0171k\u00f6d\u00e9si hat\u00e9konys\u00e1g\u00e1t \u00e9s biztons\u00e1g\u00e1t.<\/li>\n<\/ul>\n<h2>Biztons\u00e1gi szempontok \u00e9s k\u00f6rnyezeti t\u00e9nyez\u0151k<\/h2>\n<p>A hidraulikus hengerek haszn\u00e1lata sor\u00e1n a biztons\u00e1g garant\u00e1l\u00e1sa kritikus fontoss\u00e1g\u00fa. A kezel\u0151ket a balesetek megel\u0151z\u00e9se \u00e9rdek\u00e9ben ki kell k\u00e9pezni a megfelel\u0151 kezel\u00e9sre \u00e9s a biztons\u00e1gi protokollokra. Ezenk\u00edv\u00fcl a kezel\u0151knek tiszt\u00e1ban kell lenni\u00fck a henger teljes\u00edtm\u00e9ny\u00e9t befoly\u00e1sol\u00f3 k\u00f6rnyezeti t\u00e9nyez\u0151kkel, p\u00e9ld\u00e1ul a sz\u00e9ls\u0151s\u00e9ges h\u0151m\u00e9rs\u00e9kletekkel vagy a korroz\u00edv anyagoknak val\u00f3 kitetts\u00e9ggel. A berendez\u00e9sek \u00e9s a szem\u00e9lyzet v\u00e9delm\u00e9t szolg\u00e1l\u00f3 int\u00e9zked\u00e9sek n\u00f6velhetik a munkahelyi biztons\u00e1got.<\/p>\n<h2>Hibaelh\u00e1r\u00edt\u00e1s \u00e9s gyakori probl\u00e9m\u00e1k<\/h2>\n<ul>\n<li><strong>Sziv\u00e1rg\u00e1s:<\/strong> Azonos\u00edtsa a sziv\u00e1rg\u00e1s forr\u00e1s\u00e1t, amely kopott t\u00f6m\u00edt\u00e9sekb\u0151l vagy s\u00e9r\u00fclt szerelv\u00e9nyekb\u0151l ad\u00f3dhat. Azonnal cser\u00e9lje ki a t\u00f6m\u00edt\u00e9seket, \u00e9s ellen\u0151rizze, hogy nincsenek-e olyan illeszt\u00e9si hib\u00e1k, amelyek ig\u00e9nybev\u00e9telt okozhatnak a rendszerben.<\/li>\n<li><strong>Lass\u00fa m\u0171k\u00f6d\u00e9s:<\/strong> Ha a hidraulikus henger lassan reag\u00e1l, ellen\u0151rizze, hogy nincs-e alacsony hidraulikafolyad\u00e9k-szint vagy leveg\u0151 a rendszerben. A rendszer l\u00e9gtelen\u00edt\u00e9se vagy a folyad\u00e9kszint felt\u00f6lt\u00e9se megoldhatja ezeket a probl\u00e9m\u00e1kat.<\/li>\n<li><strong>Egyenetlen mozg\u00e1s:<\/strong> Ez hidraulikus egyens\u00falyhi\u00e1ny miatt fordulhat el\u0151. Ellen\u0151rizze a hidraulikus vezet\u00e9keket elt\u00f6m\u0151d\u00e9s vagy s\u00e9r\u00fcl\u00e9s szempontj\u00e1b\u00f3l, \u00e9s gondoskodjon az egyenletes nyom\u00e1s fenntart\u00e1s\u00e1r\u00f3l a rendszerben.<\/li>\n<\/ul>\n<p>A megel\u0151z\u0151 int\u00e9zked\u00e9sek, p\u00e9ld\u00e1ul a rendszeres karbantart\u00e1s \u00e9s ellen\u0151rz\u00e9sek bevezet\u00e9se minimaliz\u00e1lhatja a lehets\u00e9ges probl\u00e9m\u00e1kat \u00e9s el\u0151seg\u00edtheti a g\u00e9mhenger hosszabb \u00e9lettartam\u00e1t.<\/p>\n<p><img decoding=\"async\" src=\"https:\/\/www.hydraulic-cylinders.net\/wp-content\/uploads\/2025\/04\/songte-bushings-with-all-kinds-of-excavator-models.webp\" alt=\"Hidraulikus hengerek hibaelh\u00e1r\u00edt\u00e1sa\"\/><\/p>\n<h2>C\u00e9g\u00fcnkr\u0151l<\/h2>\n<p>A hidraulikus munkahengerek vezet\u0151 gy\u00e1rt\u00f3jak\u00e9nt \u00e1tfog\u00f3 term\u00e9kv\u00e1laszt\u00e9kot k\u00edn\u00e1lunk mind a hazai, mind a nemzetk\u00f6zi piacokon. A min\u0151s\u00e9g ir\u00e1nti elk\u00f6telezetts\u00e9g\u00fcnket apr\u00f3l\u00e9kos gy\u00e1rt\u00e1si folyamat t\u00e1masztja al\u00e1, amely a fejlett technol\u00f3gi\u00e1t \u00e9s a hidraulikus rendszerek ter\u00e9n szerzett szak\u00e9rtelmet alkalmazza. A nagy hat\u00e9konys\u00e1gra, a pontoss\u00e1gra \u00e9s a min\u0151s\u00e9gre \u00f6sszpontos\u00edtva v\u00e1ltozatos \u00fcgyf\u00e9lig\u00e9nyeket el\u00e9g\u00edt\u00fcnk ki, \u00e9s folyamatosan fejlesztj\u00fck termel\u00e9si k\u00e9pess\u00e9geinket.<\/p>\n<p>Szak\u00e9rtelm\u00fcnk kiterjed a nemzetk\u00f6zi tan\u00fas\u00edtv\u00e1nyokra, az egyedi ig\u00e9nyekre szabott szolg\u00e1ltat\u00e1sokra, a legmodernebb gy\u00e1rt\u00f3berendez\u00e9sekre \u00e9s a kiv\u00e1l\u00f3 \u00e9rt\u00e9kes\u00edt\u00e9s ut\u00e1ni t\u00e1mogat\u00e1sra. Az \u00fcgyfelek el\u00e9gedetts\u00e9g\u00e9t helyezz\u00fck el\u0151t\u00e9rbe, ez\u00e9rt megb\u00edzhat\u00f3 term\u00e9keket \u00e9s megold\u00e1sokat k\u00edn\u00e1lunk, amelyek jav\u00edtj\u00e1k a hidraulikus rendszerek teljes\u00edtm\u00e9ny\u00e9t.<\/p>\n<p><img decoding=\"async\" src=\"https:\/\/www.hydraulic-cylinders.net\/wp-content\/uploads\/2025\/04\/songte-company-4.webp\" alt=\"C\u00e9ginform\u00e1ci\u00f3\"\/><br \/>\n<img decoding=\"async\" src=\"https:\/\/www.hydraulic-cylinders.net\/wp-content\/uploads\/2025\/04\/songte-company-3.webp\" alt=\"Gy\u00e1rt\u00e1si folyamat\"\/><\/p>\n<p>Szerz\u0151: lyl<\/p>","protected":false},"excerpt":{"rendered":"<p>Boom Cylinder For Volvo Wheel Excavator EW145BP Product Overview The Boom Cylinder for Volvo Wheel Excavator EW145BP is a crucial hydraulic component designed to control the movement of the excavator&#8217;s boom. This hydraulic cylinder is engineered to provide the necessary force to lift, lower, and tilt the boom, facilitating efficient material handling tasks. In heavy [&hellip;]<\/p>","protected":false},"featured_media":17880,"comment_status":"open","ping_status":"closed","template":"","meta":{"_et_pb_use_builder":"","_et_pb_old_content":"","_et_gb_content_width":""},"product_brand":[],"product_cat":[1546],"product_tag":[1547,1496],"class_list":{"0":"post-19134","1":"product","2":"type-product","3":"status-publish","4":"has-post-thumbnail","6":"product_cat-boom-cylinders","7":"product_tag-boom-cylinders","8":"product_tag-hydraulic-cylinders","10":"first","11":"instock","12":"shipping-taxable","13":"product-type-simple"},"amp_enabled":true,"_links":{"self":[{"href":"https:\/\/www.hydraulic-cylinders.net\/hu\/wp-json\/wp\/v2\/product\/19134","targetHints":{"allow":["GET"]}}],"collection":[{"href":"https:\/\/www.hydraulic-cylinders.net\/hu\/wp-json\/wp\/v2\/product"}],"about":[{"href":"https:\/\/www.hydraulic-cylinders.net\/hu\/wp-json\/wp\/v2\/types\/product"}],"replies":[{"embeddable":true,"href":"https:\/\/www.hydraulic-cylinders.net\/hu\/wp-json\/wp\/v2\/comments?post=19134"}],"wp:featuredmedia":[{"embeddable":true,"href":"https:\/\/www.hydraulic-cylinders.net\/hu\/wp-json\/wp\/v2\/media\/17880"}],"wp:attachment":[{"href":"https:\/\/www.hydraulic-cylinders.net\/hu\/wp-json\/wp\/v2\/media?parent=19134"}],"wp:term":[{"taxonomy":"product_brand","embeddable":true,"href":"https:\/\/www.hydraulic-cylinders.net\/hu\/wp-json\/wp\/v2\/product_brand?post=19134"},{"taxonomy":"product_cat","embeddable":true,"href":"https:\/\/www.hydraulic-cylinders.net\/hu\/wp-json\/wp\/v2\/product_cat?post=19134"},{"taxonomy":"product_tag","embeddable":true,"href":"https:\/\/www.hydraulic-cylinders.net\/hu\/wp-json\/wp\/v2\/product_tag?post=19134"}],"curies":[{"name":"munkaf\u00fczet","href":"https:\/\/api.w.org\/{rel}","templated":true}]}}