{"id":19141,"date":"2025-04-07T06:14:55","date_gmt":"2025-04-07T06:14:55","guid":{"rendered":"https:\/\/www.hydraulic-cylinders.net\/product\/boom-cylinder-for-sany-small-excavator-sy135c-9\/"},"modified":"2025-04-07T06:14:58","modified_gmt":"2025-04-07T06:14:58","slug":"boom-cylinder-for-sany-small-excavator-sy135c-9","status":"publish","type":"product","link":"https:\/\/www.hydraulic-cylinders.net\/hu\/termek\/boom-cylinder-for-sany-small-excavator-sy135c-9\/","title":{"rendered":"G\u00e9mhenger Sany kis kotr\u00f3g\u00e9phez SY135C-9"},"content":{"rendered":"<h1>G\u00e9mhenger Sany kis kotr\u00f3g\u00e9phez SY135C-9<\/h1>\n<h2>Term\u00e9kdefin\u00edci\u00f3<\/h2>\n<p>A Sany SY135C-9 kis kotr\u00f3g\u00e9p g\u00e9mhengere egy kulcsfontoss\u00e1g\u00fa hidraulikus alkatr\u00e9sz, amelyet kifejezetten a kotr\u00f3g\u00e9pek g\u00e9mj\u00e9nek mozg\u00e1s\u00e1nak vez\u00e9rl\u00e9s\u00e9re terveztek. A hidraulikus rendszer r\u00e9szek\u00e9nt ez a henger alapvet\u0151 szerepet j\u00e1tszik a neh\u00e9zg\u00e9pek m\u0171k\u00f6dtet\u00e9s\u00e9ben, lehet\u0151v\u00e9 t\u00e9ve a g\u00e9m emel\u00e9s\u00e9t, s\u00fcllyeszt\u00e9s\u00e9t \u00e9s billent\u00e9s\u00e9t, ami elengedhetetlen az anyagmozgat\u00e1si feladatokhoz. A kan\u00e1lhenger, egyfajta hidraulikus henger, neh\u00e9zg\u00e9pekhez, p\u00e9ld\u00e1ul kotr\u00f3g\u00e9pekhez, kotr\u00f3g\u00e9pekhez \u00e9s homlokrakod\u00f3khoz k\u00e9sz\u00fclt. A hidraulikus nyom\u00e1s pontos szab\u00e1lyoz\u00e1s\u00e1n kereszt\u00fcl lehet\u0151v\u00e9 teszi a k\u00fcl\u00f6nf\u00e9le m\u0171veletek hat\u00e9kony v\u00e9grehajt\u00e1s\u00e1t, biztos\u00edtva az anyagok z\u00f6kken\u0151mentes \u00e9s eredm\u00e9nyes kezel\u00e9s\u00e9t.<\/p>\n<p><img decoding=\"async\" src=\"https:\/\/www.hydraulic-cylinders.net\/wp-content\/uploads\/2025\/04\/songte-company-1.webp\" alt=\"G\u00e9mhenger Sany kis kotr\u00f3g\u00e9phez\"><\/p>\n<h2>A g\u00e9mhenger jellemz\u0151i<\/h2>\n<ul>\n<li>\n<h3>Nagy szil\u00e1rds\u00e1g \u00e9s tart\u00f3ss\u00e1g:<\/h3>\n<p> Nagy szil\u00e1rds\u00e1g\u00fa ac\u00e9lb\u00f3l vagy alum\u00edniumb\u00f3l k\u00e9sz\u00fclt, ez a g\u00e9mhenger nagy nyom\u00e1st \u00e9s nagy terhel\u00e9st b\u00edr ki, \u00edgy alkalmass\u00e1 teszi a zord munkak\u00f6r\u00fclm\u00e9nyekre. Kialak\u00edt\u00e1sa mag\u00e1ban foglalja a kop\u00e1s\u00e1ll\u00f3s\u00e1got \u00e9s a korr\u00f3zi\u00f3\u00e1ll\u00f3s\u00e1got az \u00e9lettartam meghosszabb\u00edt\u00e1sa \u00e9rdek\u00e9ben.<\/li>\n<li>\n<h3>Hat\u00e9kony hidraulikus m\u0171k\u00f6dtet\u00e9s:<\/h3>\n<p> A hidraulikaolaj nyom\u00e1s\u00e1t kihaszn\u00e1lva a henger sima teleszk\u00f3pos mozg\u00e1st biztos\u00edt, gyorsan reag\u00e1l a m\u0171k\u00f6d\u00e9si parancsokra, \u00e9s er\u0151teljes tol\u00f3- \u00e9s h\u00faz\u00f3er\u0151t biztos\u00edt, ide\u00e1lis neh\u00e9z \u00e9s \u00f6sszetett feladatok kezel\u00e9s\u00e9hez.<\/li>\n<li>\n<h3>K\u00fcl\u00f6nb\u00f6z\u0151 t\u00edpusok:<\/h3>\n<p> Kaphat\u00f3 egyszeres m\u0171k\u00f6d\u00e9s\u0171 (egy ir\u00e1nyban hidraulikusan m\u0171k\u00f6d\u0151) vagy kett\u0151s m\u0171k\u00f6d\u00e9s\u0171 (mindk\u00e9t ir\u00e1nyban hidraulikusan m\u0171k\u00f6d\u0151) konfigur\u00e1ci\u00f3ban, \u00edgy a felhaszn\u00e1l\u00f3k az adott m\u0171k\u00f6d\u00e9si ig\u00e9nyeknek megfelel\u0151en v\u00e1laszthatnak. Egyes modellek teleszk\u00f3posak, \u00edgy nagyobb kiny\u00fal\u00e1st tesznek lehet\u0151v\u00e9 a k\u00fcls\u0151 m\u00e9retek n\u00f6vel\u00e9se n\u00e9lk\u00fcl, \u00edgy t\u00f6k\u00e9letesek sz\u0171k helyeken t\u00f6rt\u00e9n\u0151 alkalmaz\u00e1sokhoz.<\/li>\n<li>\n<h3>Kompatibilit\u00e1s:<\/h3>\n<p> Term\u00e9keink t\u00f6k\u00e9letesen helyettes\u00edthetik a megl\u00e9v\u0151 hidraulikus hengereket, biztos\u00edtva a z\u00f6kken\u0151mentes m\u0171k\u00f6d\u00e9st \u00e9s integr\u00e1ci\u00f3t a k\u00fcl\u00f6nf\u00e9le g\u00e9pmodellekkel.<\/li>\n<\/ul>\n<p><img decoding=\"async\" src=\"https:\/\/www.hydraulic-cylinders.net\/wp-content\/uploads\/2025\/04\/songte-cylinder-head-with-all-kinds-excavator-models.webp\" alt=\"Kotr\u00f3g\u00e9p modellek kompatibilit\u00e1sa\"><\/p>\n<h2>Alkalmaz\u00e1si forgat\u00f3k\u00f6nyvek<\/h2>\n<ul>\n<li>\n<h3>\u00c9p\u00edt\u0151ipari berendez\u00e9sek:<\/h3>\n<p> A kotr\u00f3g\u00e9pekben a g\u00e9mhengerek l\u00e9tfontoss\u00e1g\u00faak az \u00e1s\u00e1shoz, a rakod\u00e1shoz \u00e9s a talaj vagy t\u00f6rmel\u00e9k mozgat\u00e1s\u00e1hoz. Megk\u00f6nny\u00edtik mind az \u00e1s\u00e1st, mind az emel\u00e9st a kotr\u00f3g\u00e9p-rakod\u00f3kban, \u00edgy n\u00e9lk\u00fcl\u00f6zhetetlenek az \u00e9p\u00edt\u00e9si feladatokhoz.<\/h3>\n<\/li>\n<li>\n<h3>Mez\u0151gazdas\u00e1gi g\u00e9pek:<\/h3>\n<p> A homlokrakod\u00f3kban talaj, sz\u00e9na \u00e9s egy\u00e9b anyagok \u00e1s\u00e1s\u00e1ra, emel\u00e9s\u00e9re \u00e9s sz\u00e1ll\u00edt\u00e1s\u00e1ra haszn\u00e1lt g\u00e9mhenger jav\u00edtja a mez\u0151gazdas\u00e1gi berendez\u00e9sek funkcionalit\u00e1s\u00e1t, lehet\u0151v\u00e9 t\u00e9ve a hat\u00e9kony m\u0171k\u00f6d\u00e9st a mez\u0151gazdas\u00e1gi tev\u00e9kenys\u00e9gek sor\u00e1n.<\/h3>\n<\/li>\n<li>\n<h3>Kotr\u00f3g\u00e9pek:<\/h3>\n<p> A kan\u00e1lhenger lehet\u0151v\u00e9 teszi, hogy a kotr\u00f3g\u00e9p kan\u00e1lja behatoljon a talajba, megk\u00f6nny\u00edtve a hat\u00e9kony \u00e1s\u00e1si m\u0171veleteket, amelyek elengedhetetlenek a k\u00fcl\u00f6nf\u00e9le f\u00f6ldmunk\u00e1kn\u00e1l.<\/h3>\n<\/li>\n<li>\n<h3>Rakod\u00f3g\u00e9pek:<\/h3>\n<p> A homlokrakod\u00f3kban a g\u00e9mhengerek hat\u00e9konyan seg\u00edtik a rakom\u00e1nyok emel\u00e9s\u00e9t \u00e9s \u00fcr\u00edt\u00e9s\u00e9t, ez\u00e1ltal optimaliz\u00e1lva az anyagmozgat\u00e1si m\u0171veletek termel\u00e9kenys\u00e9g\u00e9t.<\/h3>\n<\/li>\n<\/ul>\n<h2>Tervez\u00e9si szempontok \u00e9s kiv\u00e1laszt\u00e1si krit\u00e9riumok<\/h2>\n<ul>\n<li>\n<h3>Teherb\u00edr\u00e1s:<\/h3>\n<p> A g\u00e9mhenger kialak\u00edt\u00e1s\u00e1nak figyelembe kell vennie az \u00e1ltala t\u00e1mogatott g\u00e9pek maxim\u00e1lis terhel\u00e9si k\u00f6vetelm\u00e9nyeit. A teherb\u00edr\u00e1s gondos elemz\u00e9s\u00e9t ig\u00e9nyli annak biztos\u00edt\u00e1sa \u00e9rdek\u00e9ben, hogy a g\u00e9m meghib\u00e1sod\u00e1s n\u00e9lk\u00fcl elb\u00edrja a tervezett \u00fczemi terhel\u00e9seket. Az \u00e9rt\u00e9kel\u00e9s nemcsak a statikus terhel\u00e9st, hanem a m\u0171k\u00f6d\u00e9s k\u00f6zbeni dinamikus terhel\u00e9seket is mag\u00e1ban foglalja, ami robusztus m\u00e9rn\u00f6ki megold\u00e1sokat \u00e9s anyagokat ig\u00e9nyel.<\/h3>\n<\/li>\n<li>\n<h3>T\u00f6m\u00edt\u00e9si integrit\u00e1s:<\/h3>\n<p> A hidraulikus hengerek tervez\u00e9s\u00e9nek kritikus szempontja a folyad\u00e9ksziv\u00e1rg\u00e1s \u00e9s szennyez\u0151d\u00e9s megakad\u00e1lyoz\u00e1s\u00e1ra alkalmazott t\u00f6m\u00edt\u0151mechanizmusok. A hat\u00e9kony t\u00f6m\u00edt\u00e9s biztos\u00edtja a henger m\u0171k\u00f6d\u00e9si hat\u00e9konys\u00e1g\u00e1t \u00e9s hossz\u00fa \u00e9lettartam\u00e1t, ami sz\u00fcks\u00e9gess\u00e9 teszi a kop\u00e1snak \u00e9s a k\u00f6rnyezeti t\u00e9nyez\u0151knek ellen\u00e1ll\u00f3, kiv\u00e1l\u00f3 min\u0151s\u00e9g\u0171 anyagok kiv\u00e1laszt\u00e1s\u00e1t. A t\u00f6m\u00edt\u00e9sek rendszeres karbantart\u00e1sa szint\u00e9n elengedhetetlen a m\u0171k\u00f6d\u00e9si hib\u00e1k megel\u0151z\u00e9se \u00e9rdek\u00e9ben.<\/h3>\n<\/li>\n<li>\n<h3>Tart\u00f3ss\u00e1g:<\/h3>\n<p> A henger gy\u00e1rt\u00e1s\u00e1hoz felhaszn\u00e1lt anyagoknak nagy tart\u00f3ss\u00e1ggal kell rendelkezni\u00fck, hogy ellen\u00e1lljanak a neh\u00e9z alkalmaz\u00e1sok megterhel\u00e9s\u00e9nek. Ez mag\u00e1ban foglalja a s\u00farl\u00f3d\u00e1sb\u00f3l ered\u0151 kop\u00e1ssal, a nagy terhel\u00e9sekb\u0151l ered\u0151 ig\u00e9nybev\u00e9tellel \u00e9s a zord id\u0151j\u00e1r\u00e1si viszonyokkal szembeni ellen\u00e1ll\u00e1st. A fejlett bevonatok \u00e9s kezel\u00e9sek n\u00f6velhetik a henger tart\u00f3ss\u00e1g\u00e1t, cs\u00f6kkentve a cser\u00e9k \u00e9s jav\u00edt\u00e1sok gyakoris\u00e1g\u00e1t.<\/h3>\n<\/li>\n<li>\n<h3>Biztons\u00e1gi jellemz\u0151k:<\/h3>\n<p> A g\u00e9mhenger biztons\u00e1got szem el\u0151tt tart\u00f3 tervez\u00e9se kiemelked\u0151 fontoss\u00e1g\u00fa. Ez mag\u00e1ban foglalja a biztons\u00e1gi z\u00e1rak \u00e9s a nyom\u00e1scs\u00f6kkent\u0151 szelepek be\u00e9p\u00edt\u00e9s\u00e9t a m\u0171k\u00f6d\u00e9s k\u00f6zbeni katasztrof\u00e1lis meghib\u00e1sod\u00e1sok megel\u0151z\u00e9se \u00e9rdek\u00e9ben. A kezel\u0151ket ki kell k\u00e9pezni a hidraulikus rendszerekkel kapcsolatos potenci\u00e1lis biztons\u00e1gi vesz\u00e9lyek felismer\u00e9s\u00e9nek \u00e9s a biztons\u00e1gi protokollok betart\u00e1s\u00e1nak fontoss\u00e1g\u00e1ra haszn\u00e1lat k\u00f6zben.<\/h3>\n<\/li>\n<li>\n<h3>Karbantarthat\u00f3s\u00e1g:<\/h3>\n<p> A kialak\u00edt\u00e1snak k\u00f6nny\u0171 karbantart\u00e1si \u00e9s jav\u00edt\u00e1si elj\u00e1r\u00e1sokat kell biztos\u00edtania, bele\u00e9rtve a kritikus alkatr\u00e9szekhez val\u00f3 hozz\u00e1f\u00e9r\u00e9st ellen\u0151rz\u00e9s \u00e9s szervizel\u00e9s c\u00e9lj\u00e1b\u00f3l. Ez cs\u00f6kkenti az \u00e1ll\u00e1sid\u0151t \u00e9s n\u00f6veli a g\u00e9pek \u00fczemeltet\u00e9s\u00e9nek hat\u00e9konys\u00e1g\u00e1t. Rendszeres karbantart\u00e1si gyakorlatokat kell bevezetni a hidraulikus rendszerek hossz\u00fa \u00e9lettartam\u00e1nak \u00e9s megb\u00edzhat\u00f3s\u00e1g\u00e1nak biztos\u00edt\u00e1sa \u00e9rdek\u00e9ben.<\/h3>\n<\/li>\n<\/ul>\n<p><img decoding=\"async\" src=\"https:\/\/www.hydraulic-cylinders.net\/wp-content\/uploads\/2025\/04\/songte-oil-pipes-and-spare-parts.webp\" alt=\"Hidraulikus alkatr\u00e9szek\"><\/p>\n<h2>T\u00f6m\u00edt\u00e9s \u00e9s ken\u00e9s<\/h2>\n<p>A hat\u00e9kony t\u00f6m\u00edt\u00e9s \u00e9s ken\u00e9s kritikus fontoss\u00e1g\u00fa a hidraulikus hengerek teljes\u00edtm\u00e9nye szempontj\u00e1b\u00f3l. K\u00fcl\u00f6nb\u00f6z\u0151 t\u00f6m\u00edt\u00e9seket, p\u00e9ld\u00e1ul dugatty\u00fat\u00f6m\u00edt\u00e9seket \u00e9s r\u00fadt\u00f6m\u00edt\u00e9seket alkalmaznak a hidraulikus nyom\u00e1s fenntart\u00e1s\u00e1ra \u00e9s a folyad\u00e9ksziv\u00e1rg\u00e1s megakad\u00e1lyoz\u00e1s\u00e1ra. A tart\u00f3s anyagokb\u00f3l, p\u00e9ld\u00e1ul poliuret\u00e1nb\u00f3l \u00e9s nitrilkaucsukb\u00f3l k\u00e9sz\u00fclt t\u00f6m\u00edt\u00e9sek elengedhetetlenek a hidraulikus folyad\u00e9knak val\u00f3 kitetts\u00e9g zord k\u00f6r\u00fclm\u00e9nyeinek elvisel\u00e9s\u00e9hez. A hengertest \u00e9s a menetes v\u00e9gfel\u00fcletek prec\u00edzi\u00f3s megmunk\u00e1l\u00e1son esnek \u00e1t a kop\u00e1s\u00e1ll\u00f3s\u00e1g fokoz\u00e1sa \u00e9s a t\u00f6m\u00edt\u00e9sek megfelel\u0151 illeszked\u00e9s\u00e9nek biztos\u00edt\u00e1sa \u00e9rdek\u00e9ben, amelyek kulcsfontoss\u00e1g\u00faak a hidraulikus rendszer integrit\u00e1s\u00e1nak meg\u0151rz\u00e9se szempontj\u00e1b\u00f3l. Ezenk\u00edv\u00fcl a hidraulikaolaj rendszeres ken\u00e9se sz\u00fcks\u00e9ges a mozg\u00f3 alkatr\u00e9szek s\u00farl\u00f3d\u00e1s\u00e1nak \u00e9s kop\u00e1s\u00e1nak minimaliz\u00e1l\u00e1sa, a z\u00f6kken\u0151mentes m\u0171k\u00f6d\u00e9s biztos\u00edt\u00e1sa \u00e9s a henger \u00e9lettartam\u00e1nak meghosszabb\u00edt\u00e1sa \u00e9rdek\u00e9ben.<\/p>\n<h2>Megel\u0151z\u0151 karbantart\u00e1si int\u00e9zked\u00e9sek<\/h2>\n<ul>\n<li>\n<h3>Rendszeres ellen\u0151rz\u00e9sek:<\/h3>\n<p> V\u00e9gezzen rendszeres ellen\u0151rz\u00e9seket a kop\u00e1s vagy s\u00e9r\u00fcl\u00e9s jeleinek azonos\u00edt\u00e1sa \u00e9rdek\u00e9ben. Ez mag\u00e1ban foglalja a t\u00f6m\u00edt\u00e9sek sziv\u00e1rg\u00e1s\u00e1nak ellen\u0151rz\u00e9s\u00e9t, a hidraulikafolyad\u00e9k \u00e1llapot\u00e1nak felm\u00e9r\u00e9s\u00e9t \u00e9s az \u00f6sszes csatlakoz\u00e1s biztons\u00e1gos megl\u00e9t\u00e9nek biztos\u00edt\u00e1s\u00e1t. A probl\u00e9m\u00e1k id\u0151ben t\u00f6rt\u00e9n\u0151 azonos\u00edt\u00e1sa megel\u0151zheti a k\u00f6lts\u00e9ges jav\u00edt\u00e1sokat \u00e9s az \u00e1ll\u00e1sid\u0151t.<\/h3>\n<\/li>\n<li>\n<h3>Megfelel\u0151 ken\u00e9s:<\/h3>\n<p> Gondoskodjon arr\u00f3l, hogy a hidraulikaolaj szintje az aj\u00e1nlott szinten legyen, \u00e9s a gy\u00e1rt\u00f3 \u00fctemterv\u00e9nek megfelel\u0151en cser\u00e9lje. A nem megfelel\u0151 ken\u00e9s fokozott s\u00farl\u00f3d\u00e1shoz \u00e9s kop\u00e1shoz vezethet, ami h\u00e1tr\u00e1nyosan befoly\u00e1solhatja a henger teljes\u00edtm\u00e9ny\u00e9t \u00e9s \u00e9lettartam\u00e1t.<\/h3>\n<\/li>\n<li>\n<h3>T\u00f6m\u00edt\u00e9scsere:<\/h3>\n<p> Rendszeresen ellen\u0151rizze a t\u00f6m\u00edt\u00e9sek \u00e1llapot\u00e1t, \u00e9s sz\u00fcks\u00e9g szerint cser\u00e9lje ki azokat a folyad\u00e9ksziv\u00e1rg\u00e1sok megel\u0151z\u00e9se \u00e9s a m\u0171k\u00f6d\u00e9si hat\u00e9konys\u00e1g fenntart\u00e1sa \u00e9rdek\u00e9ben. A megfelel\u0151 t\u00f6m\u00edt\u00e9s elengedhetetlen a hidraulikus rendszer hat\u00e9kony m\u0171k\u00f6d\u00e9s\u00e9hez.<\/h3>\n<\/li>\n<\/ul>\n<h2>Telep\u00edt\u00e9si \u00fatmutat\u00f3<\/h2>\n<p>A g\u00e9mhenger helyes beszerel\u00e9se elengedhetetlen az optim\u00e1lis teljes\u00edtm\u00e9ny biztos\u00edt\u00e1s\u00e1hoz. Kezdje a r\u00f6gz\u00edt\u0151fel\u00fcletek alapos megtiszt\u00edt\u00e1s\u00e1val, \u00e9s gy\u0151z\u0151dj\u00f6n meg arr\u00f3l, hogy minden alkatr\u00e9sz mentes a t\u00f6rmel\u00e9kt\u0151l. Haszn\u00e1ljon megfelel\u0151 r\u00f6gz\u00edt\u0151konzolokat a henger r\u00f6gz\u00edt\u00e9s\u00e9hez \u00e9s a hidraulikus rendszerrel val\u00f3 megfelel\u0151 be\u00e1ll\u00edt\u00e1shoz. A hib\u00e1s be\u00e1ll\u00edt\u00e1s id\u0151 el\u0151tti kop\u00e1shoz vagy meghib\u00e1sod\u00e1shoz vezethet. A csavarok megh\u00faz\u00e1sakor a megfelel\u0151 nyomat\u00e9k\u00e9rt\u00e9keket haszn\u00e1lja, hogy elker\u00fclje a henger vagy a kapcsol\u00f3d\u00f3 alkatr\u00e9szek k\u00e1rosod\u00e1s\u00e1t. A beszerel\u00e9s ut\u00e1n ellen\u0151rizze a hidraulikafolyad\u00e9k szintj\u00e9t, \u00e9s l\u00e9gtelen\u00edtse a rendszert, hogy elt\u00e1vol\u00edtsa a l\u00e9gbubor\u00e9kokat, amelyek befoly\u00e1solhatj\u00e1k a teljes\u00edtm\u00e9nyt. V\u00e9gezzen pr\u00f3baj\u00e1rat\u00e1st a henger sim\u00e1n \u00e9s hat\u00e9kony m\u0171k\u00f6d\u00e9s\u00e9nek biztos\u00edt\u00e1sa \u00e9rdek\u00e9ben.<\/p>\n<h2>Gyakori karbantart\u00e1si feladatok<\/h2>\n<ul>\n<li>\n<h3>Rendszeres ellen\u0151rz\u00e9sek:<\/h3>\n<p> A hidraulikus hengerek m\u0171k\u00f6d\u0151k\u00e9pess\u00e9g\u00e9nek fenntart\u00e1s\u00e1hoz kulcsfontoss\u00e1g\u00fa a gyakori ellen\u0151rz\u00e9s. M\u0171k\u00f6d\u00e9s k\u00f6zben keresse a kop\u00e1s jeleit, a t\u00f6m\u00edt\u00e9sek sziv\u00e1rg\u00e1s\u00e1t \u00e9s a szokatlan zajokat. Dokument\u00e1lja a meg\u00e1llap\u00edt\u00e1sait, \u00e9s azonnal foglalkozzon a probl\u00e9m\u00e1kkal, hogy biztos\u00edtsa a henger megb\u00edzhat\u00f3 m\u0171k\u00f6d\u00e9s\u00e9t.<\/h3>\n<\/li>\n<li>\n<h3>Megfelel\u0151 ken\u00e9s:<\/h3>\n<p> A ken\u00e9s kritikus fontoss\u00e1g\u00fa a hidraulikus henger mozg\u00f3 alkatr\u00e9szei k\u00f6z\u00f6tti s\u00farl\u00f3d\u00e1s cs\u00f6kkent\u00e9se \u00e9rdek\u00e9ben. Haszn\u00e1lja az aj\u00e1nlott hidraulikaolajat, \u00e9s tartsa be a gy\u00e1rt\u00f3 ken\u00e9si id\u0151k\u00f6z\u00f6kre vonatkoz\u00f3 ir\u00e1nyelveit. A megfelel\u0151 ken\u00e9s nemcsak a teljes\u00edtm\u00e9nyt jav\u00edtja, hanem a henger \u00e9lettartam\u00e1t is meghosszabb\u00edtja.<\/h3>\n<\/li>\n<li>\n<h3>T\u00f6m\u00edt\u00e9scsere \u00e9s kalibr\u00e1l\u00e1s ellen\u0151rz\u00e9se:<\/h3>\n<p> A t\u00f6m\u00edt\u00e9seket rendszeresen ellen\u0151rizni \u00e9s sz\u00fcks\u00e9g szerint cser\u00e9lni kell a henger integrit\u00e1s\u00e1nak meg\u0151rz\u00e9se \u00e9rdek\u00e9ben. A kalibr\u00e1ci\u00f3s ellen\u0151rz\u00e9sek biztos\u00edtj\u00e1k a hidraulikus rendszer megfelel\u0151 m\u0171k\u00f6d\u00e9s\u00e9t, megakad\u00e1lyozva a m\u0171k\u00f6d\u00e9si hat\u00e9konys\u00e1g hi\u00e1ny\u00e1t. A kopott t\u00f6m\u00edt\u00e9sek cser\u00e9j\u00e9re \u00e9s a rendszer \u00fajrakalibr\u00e1l\u00e1s\u00e1ra vonatkoz\u00f3 szigor\u00fa \u00fctemterv betart\u00e1sa jelent\u0151sen jav\u00edthatja a biztons\u00e1got \u00e9s a teljes\u00edtm\u00e9nyt.<\/h3>\n<\/li>\n<\/ul>\n<p><img decoding=\"async\" src=\"https:\/\/www.hydraulic-cylinders.net\/wp-content\/uploads\/2025\/04\/songte-chushion-collar.webp\" alt=\"P\u00e1rna gall\u00e9r\"><\/p>\n<h2>Biztons\u00e1gi szempontok \u00e9s k\u00f6rnyezeti t\u00e9nyez\u0151k<\/h2>\n<p>Hidraulikus hengerekkel val\u00f3 foglalkoz\u00e1s sor\u00e1n a biztons\u00e1gi int\u00e9zked\u00e9sek rendk\u00edv\u00fcl fontosak. A kezel\u0151ket ki kell k\u00e9pezni a hidraulikus rendszerek biztons\u00e1gos kezel\u00e9s\u00e9re \u00e9s \u00fczemeltet\u00e9s\u00e9re, biztos\u00edtva, hogy meg\u00e9rts\u00e9k a felmer\u00fcl\u0151 kock\u00e1zatokat, p\u00e9ld\u00e1ul a lehets\u00e9ges sziv\u00e1rg\u00e1sokat vagy reped\u00e9seket. A megfelel\u0151 szem\u00e9lyi v\u00e9d\u0151felszerel\u00e9s (PPE) haszn\u00e1lata elengedhetetlen a s\u00e9r\u00fcl\u00e9svesz\u00e9ly minimaliz\u00e1l\u00e1sa \u00e9rdek\u00e9ben. Ezenk\u00edv\u00fcl a hidraulikus folyad\u00e9kok k\u00f6rnyezeti hat\u00e1s\u00e1nak figyelembev\u00e9tele is kulcsfontoss\u00e1g\u00fa; a biol\u00f3giailag leboml\u00f3 vagy k\u00f6rnyezetbar\u00e1t folyad\u00e9kok haszn\u00e1lata cs\u00f6kkentheti az \u00f6kol\u00f3giai k\u00e1rokat. A rendszeres karbantart\u00e1s \u00e9s a biztons\u00e1gi protokollok betart\u00e1sa seg\u00edthet megel\u0151zni a baleseteket, mik\u00f6zben biztos\u00edtja a k\u00f6rnyezetv\u00e9delmi el\u0151\u00edr\u00e1sok betart\u00e1s\u00e1t is.<\/p>\n<h2>Hibadiagn\u00f3zis \u00e9s gyakori probl\u00e9m\u00e1k<\/h2>\n<ul>\n<li>\n<h3>Sziv\u00e1rg\u00e1s:<\/h3>\n<p> A hidraulikus hengerek egyik leggyakoribb probl\u00e9m\u00e1ja a sziv\u00e1rg\u00e1s, amely kopott t\u00f6m\u00edt\u00e9sekb\u0151l vagy s\u00e9r\u00fclt alkatr\u00e9szekb\u0151l ad\u00f3dhat. A sziv\u00e1rg\u00e1s forr\u00e1s\u00e1nak gyors azonos\u00edt\u00e1sa elengedhetetlen a rendszer hat\u00e9konys\u00e1g\u00e1nak fenntart\u00e1s\u00e1hoz.<\/h3>\n<\/li>\n<li>\n<h3>Cs\u00f6kkentett teljes\u00edtm\u00e9ny:<\/h3>\n<p> Ha a hidraulikus henger nem reag\u00e1l megfelel\u0151en, az a hidraulikafolyad\u00e9k min\u0151s\u00e9g\u00e9vel, a rendszernyom\u00e1ssal vagy a bels\u0151 kop\u00e1ssal kapcsolatos probl\u00e9m\u00e1kra utalhat. A rendszeres folyad\u00e9kellen\u0151rz\u00e9s \u00e9s a rendszer karbantart\u00e1sa seg\u00edthet megel\u0151zni a teljes\u00edtm\u00e9nyprobl\u00e9m\u00e1kat.<\/h3>\n<\/li>\n<li>\n<h3>Zaj m\u0171k\u00f6d\u00e9s k\u00f6zben:<\/h3>\n<p> A m\u0171k\u00f6d\u00e9s k\u00f6zbeni szokatlan hangok a henger bels\u0151 probl\u00e9m\u00e1ira utalhatnak, p\u00e9ld\u00e1ul kavit\u00e1ci\u00f3ra vagy leveg\u0151re a rendszerben. Ezen probl\u00e9m\u00e1k korai kezel\u00e9se megel\u0151zheti a k\u00e9s\u0151bbi jelent\u0151sebb k\u00e1rokat.<\/h3>\n<\/li>\n<\/ul>\n<h2>Hibaelh\u00e1r\u00edt\u00e1si tippek<\/h2>\n<p>A hidraulikus hengerekkel kapcsolatos probl\u00e9m\u00e1k hat\u00e9kony diagnosztiz\u00e1l\u00e1sa \u00e9s megold\u00e1sa \u00e9rdek\u00e9ben a kezel\u0151knek a folyad\u00e9kszintek \u00e9s -min\u0151s\u00e9g ellen\u0151rz\u00e9s\u00e9vel kell kezdeni\u00fck. Sziv\u00e1rg\u00e1s \u00e9szlel\u00e9se eset\u00e9n azonos\u00edtsa a probl\u00e9m\u00e1t okoz\u00f3 t\u00f6m\u00edt\u00e9st vagy alkatr\u00e9szt, \u00e9s ennek megfelel\u0151en cser\u00e9lje ki. Teljes\u00edtm\u00e9nyprobl\u00e9m\u00e1k eset\u00e9n gy\u0151z\u0151dj\u00f6n meg arr\u00f3l, hogy a hidraulikus rendszer megfelel\u0151en l\u00e9gtelen\u00edtve van, \u00e9s hogy nincsenek dugul\u00e1sok a vezet\u00e9kekben. A rendszeres karbantart\u00e1s \u00e9s az \u00fczemeltet\u00e9si ir\u00e1nyelvek betart\u00e1sa seg\u00edthet megel\u0151zni a probl\u00e9m\u00e1kat, miel\u0151tt azok felmer\u00fcln\u00e9nek, biztos\u00edtva a z\u00f6kken\u0151mentes m\u0171k\u00f6d\u00e9st \u00e9s meghosszabb\u00edtva a berendez\u00e9s \u00e9lettartam\u00e1t.<\/p>\n<p><img decoding=\"async\" src=\"https:\/\/www.hydraulic-cylinders.net\/wp-content\/uploads\/2025\/04\/songte-bushings-with-all-kinds-of-excavator-models.webp\" alt=\"Kotr\u00f3g\u00e9p perselyek\"><\/p>\n<h2>C\u00e9g\u00fcnkr\u0151l<\/h2>\n<p>Hidraulikus hengerek cserealkatr\u00e9szeire szakosodott gy\u00e1rt\u00f3k\u00e9nt \u00e1tfog\u00f3 term\u00e9kk\u00edn\u00e1latot k\u00edn\u00e1lunk, amelynek k\u00f6sz\u00f6nhet\u0151en a hidraulikus hengerek vezet\u0151 gy\u00e1rt\u00f3j\u00e1v\u00e1 \u00e9s nagykereskedelmi forgalmaz\u00f3j\u00e1v\u00e1 v\u00e1lunk a hazai \u00e9s nemzetk\u00f6zi piacokon. A kiv\u00e1l\u00f3s\u00e1g ir\u00e1nti elk\u00f6telezetts\u00e9g\u00fcnket kifinomult gy\u00e1rt\u00e1sir\u00e1ny\u00edt\u00e1si strat\u00e9gi\u00e1ink, fejlett, cs\u00facskateg\u00f3ri\u00e1s gy\u00e1rt\u00f3berendez\u00e9seink \u00e9s professzion\u00e1lis ellen\u0151rz\u0151 rendszereink t\u00fckr\u00f6zik. Folyamatosan fejlesztj\u00fck gy\u00e1rt\u00e1si platformunkat, biztos\u00edtva a magas hat\u00e9konys\u00e1got, pontoss\u00e1got \u00e9s min\u0151s\u00e9get, hogy kiel\u00e9g\u00edts\u00fck \u00fcgyfeleink v\u00e1ltozatos ig\u00e9nyeit. Szakmai szak\u00e9rtelm\u00fcnk, nemzetk\u00f6zi tan\u00fas\u00edtv\u00e1nyaink, testreszabhat\u00f3 szolg\u00e1ltat\u00e1saink \u00e9s kiv\u00e9teles \u00e9rt\u00e9kes\u00edt\u00e9s ut\u00e1ni szolg\u00e1ltat\u00e1sunk megk\u00fcl\u00f6nb\u00f6ztet minket az ipar\u00e1gban.<\/p>\n<p><img decoding=\"async\" src=\"https:\/\/www.hydraulic-cylinders.net\/wp-content\/uploads\/2025\/04\/songte-company-4.webp\" alt=\"C\u00e9ginform\u00e1ci\u00f3\"><br \/>\n<img decoding=\"async\" src=\"https:\/\/www.hydraulic-cylinders.net\/wp-content\/uploads\/2025\/04\/songte-company-3.webp\" alt=\"C\u00e9ges l\u00e9tes\u00edtm\u00e9nyek\"><\/p>\n<p>Szerz\u0151: lyl<\/p>","protected":false},"excerpt":{"rendered":"<p>Boom Cylinder For Sany Small Excavator SY135C-9 Product Definition The Boom Cylinder for Sany Small Excavator SY135C-9 is a crucial hydraulic component specifically designed to control the movement of the boom on excavators. As part of the hydraulic system, this cylinder plays an essential role in the operation of heavy machinery, allowing for the lifting, [&hellip;]<\/p>","protected":false},"featured_media":17872,"comment_status":"open","ping_status":"closed","template":"","meta":{"_et_pb_use_builder":"","_et_pb_old_content":"","_et_gb_content_width":""},"product_brand":[],"product_cat":[1546],"product_tag":[1547,1496],"class_list":{"0":"post-19141","1":"product","2":"type-product","3":"status-publish","4":"has-post-thumbnail","6":"product_cat-boom-cylinders","7":"product_tag-boom-cylinders","8":"product_tag-hydraulic-cylinders","10":"first","11":"instock","12":"shipping-taxable","13":"product-type-simple"},"amp_enabled":true,"_links":{"self":[{"href":"https:\/\/www.hydraulic-cylinders.net\/hu\/wp-json\/wp\/v2\/product\/19141","targetHints":{"allow":["GET"]}}],"collection":[{"href":"https:\/\/www.hydraulic-cylinders.net\/hu\/wp-json\/wp\/v2\/product"}],"about":[{"href":"https:\/\/www.hydraulic-cylinders.net\/hu\/wp-json\/wp\/v2\/types\/product"}],"replies":[{"embeddable":true,"href":"https:\/\/www.hydraulic-cylinders.net\/hu\/wp-json\/wp\/v2\/comments?post=19141"}],"wp:featuredmedia":[{"embeddable":true,"href":"https:\/\/www.hydraulic-cylinders.net\/hu\/wp-json\/wp\/v2\/media\/17872"}],"wp:attachment":[{"href":"https:\/\/www.hydraulic-cylinders.net\/hu\/wp-json\/wp\/v2\/media?parent=19141"}],"wp:term":[{"taxonomy":"product_brand","embeddable":true,"href":"https:\/\/www.hydraulic-cylinders.net\/hu\/wp-json\/wp\/v2\/product_brand?post=19141"},{"taxonomy":"product_cat","embeddable":true,"href":"https:\/\/www.hydraulic-cylinders.net\/hu\/wp-json\/wp\/v2\/product_cat?post=19141"},{"taxonomy":"product_tag","embeddable":true,"href":"https:\/\/www.hydraulic-cylinders.net\/hu\/wp-json\/wp\/v2\/product_tag?post=19141"}],"curies":[{"name":"munkaf\u00fczet","href":"https:\/\/api.w.org\/{rel}","templated":true}]}}