{"id":19156,"date":"2025-04-07T06:15:36","date_gmt":"2025-04-07T06:15:36","guid":{"rendered":"https:\/\/www.hydraulic-cylinders.net\/product\/boom-cylinder-for-sany-middle-excavator-sy225c-9\/"},"modified":"2025-04-07T06:15:39","modified_gmt":"2025-04-07T06:15:39","slug":"boom-cylinder-for-sany-middle-excavator-sy225c-9","status":"publish","type":"product","link":"https:\/\/www.hydraulic-cylinders.net\/hu\/termek\/boom-cylinder-for-sany-middle-excavator-sy225c-9\/","title":{"rendered":"G\u00e9mhenger Sany k\u00f6z\u00e9ps\u0151 kotr\u00f3g\u00e9phez SY225C-9"},"content":{"rendered":"<h1>G\u00e9mhenger Sany k\u00f6z\u00e9ps\u0151 kotr\u00f3g\u00e9phez SY225C-9<\/h1>\n<h2>Term\u00e9k\u00e1ttekint\u00e9s<\/h2>\n<p>A Sany SY225C-9 k\u00f6z\u00e9pkotr\u00f3g\u00e9p g\u00e9mhengere egy speci\u00e1lis hidraulikus henger, amelyet neh\u00e9zg\u00e9pek, p\u00e9ld\u00e1ul kotr\u00f3g\u00e9pek \u00e9s kotr\u00f3rakod\u00f3k kan\u00e1lj\u00e1nak mozg\u00e1s\u00e1nak vez\u00e9rl\u00e9s\u00e9re terveztek. Ez a henger kulcsszerepet j\u00e1tszik a hidraulikus rendszerekben, lehet\u0151v\u00e9 t\u00e9ve a kan\u00e1l emel\u00e9s\u00e9t, s\u00fcllyeszt\u00e9s\u00e9t \u00e9s billent\u00e9s\u00e9t, megk\u00f6nny\u00edtve a hat\u00e9kony anyagmozgat\u00e1si feladatokat. A kifejezetten robusztus teljes\u00edtm\u00e9nyre tervezett kan\u00e1lhenger lehet\u0151v\u00e9 teszi a neh\u00e9z terhek prec\u00edz vez\u00e9rl\u00e9s\u00e9t k\u00fcl\u00f6nb\u00f6z\u0151 alkalmaz\u00e1sokban.<\/p>\n<p><img decoding=\"async\" src=\"https:\/\/www.hydraulic-cylinders.net\/wp-content\/uploads\/2025\/04\/songte-company-1.webp\" alt=\"G\u00e9mhenger k\u00e9pe\"><\/p>\n<h3>Defin\u00edci\u00f3 \u00e9s funkci\u00f3<\/h3>\n<p>A kan\u00e1lhenger egy olyan hidraulikus henger, amelyet kifejezetten a neh\u00e9zg\u00e9pek kanalainak mozg\u00e1s\u00e1nak kezel\u00e9s\u00e9re terveztek. Ezek a hengerek kulcsfontoss\u00e1g\u00faak a kotr\u00f3g\u00e9pek, kotr\u00f3g\u00e9p-rakod\u00f3k \u00e9s homlokrakod\u00f3k m\u0171k\u00f6dtet\u00e9s\u00e9ben, lehet\u0151v\u00e9 t\u00e9ve a k\u00fcl\u00f6nf\u00e9le neh\u00e9z feladatokhoz elengedhetetlen sima mozg\u00e1st. Hidraulikus folyad\u00e9kot haszn\u00e1lnak a nyom\u00e1s l\u00e9trehoz\u00e1s\u00e1hoz, ami megk\u00f6nny\u00edti a henger kiny\u00fal\u00e1s\u00e1t \u00e9s visszah\u00faz\u00e1s\u00e1t, ami a kan\u00e1l mozg\u00e1s\u00e1v\u00e1 alakul. Ez a funkci\u00f3 elengedhetetlen az \u00e9p\u00edt\u0151ipari \u00e9s mez\u0151gazdas\u00e1gi m\u0171veletekben, ahol a pontoss\u00e1g \u00e9s a teljes\u00edtm\u00e9ny kritikus fontoss\u00e1g\u00fa a hat\u00e9kony anyagmozgat\u00e1shoz.<\/p>\n<h2>A g\u00e9mhenger jellemz\u0151i<\/h2>\n<ul>\n<li><strong>Nagy szil\u00e1rds\u00e1g \u00e9s tart\u00f3ss\u00e1g:<\/strong> Nagy szil\u00e1rds\u00e1g\u00fa ac\u00e9lb\u00f3l vagy alum\u00edniumb\u00f3l k\u00e9sz\u00fclt, ez a henger nagy nyom\u00e1st \u00e9s nagy terhel\u00e9st b\u00edr ki, \u00edgy alkalmass\u00e1 teszi a zord munkak\u00f6rnyezetben val\u00f3 haszn\u00e1latra.<\/li>\n<li><strong>Hat\u00e9kony hidraulikus m\u0171k\u00f6dtet\u00e9s:<\/strong> Sima, \u00e9rz\u00e9keny ir\u00e1ny\u00edt\u00e1st biztos\u00edt, lehet\u0151v\u00e9 t\u00e9ve a gyors ki- \u00e9s beh\u00faz\u00e1st az er\u0151teljes tol\u00f3- \u00e9s h\u00faz\u00f3k\u00e9pess\u00e9g \u00e9rdek\u00e9ben.<\/li>\n<li><strong>K\u00fcl\u00f6nb\u00f6z\u0151 t\u00edpusok:<\/strong> Kaphat\u00f3 egyszeres vagy kett\u0151s m\u0171k\u00f6d\u00e9s\u0171 konfigur\u00e1ci\u00f3ban, egyes modellek teleszk\u00f3pos kialak\u00edt\u00e1ssal rendelkeznek a nagyobb hat\u00f3t\u00e1vols\u00e1g \u00e9rdek\u00e9ben a k\u00fcls\u0151 m\u00e9retek n\u00f6vel\u00e9se n\u00e9lk\u00fcl.<\/li>\n<li><strong>Korr\u00f3zi\u00f3\u00e1ll\u00f3s\u00e1g:<\/strong> Kop\u00e1s\u00e1ll\u00f3 \u00e9s korr\u00f3zi\u00f3g\u00e1tl\u00f3 tulajdons\u00e1gokkal tervezt\u00e9k, hogy meghosszabb\u00edts\u00e1k a henger \u00e9lettartam\u00e1t m\u00e9g kih\u00edv\u00e1st jelent\u0151 k\u00f6r\u00fclm\u00e9nyek k\u00f6z\u00f6tt is.<\/li>\n<li><strong>Testreszabhat\u00f3 be\u00e1ll\u00edt\u00e1sok:<\/strong> Hengereink testreszabhat\u00f3k, hogy megfeleljenek az adott g\u00e9pig\u00e9nyeknek \u00e9s alkalmaz\u00e1soknak.<\/li>\n<\/ul>\n<h2>A g\u00e9mhenger alkalmaz\u00e1sai<\/h2>\n<h3>\u00c9p\u00edt\u0151ipari berendez\u00e9sek<\/h3>\n<p>A kotr\u00f3g\u00e9pekben a g\u00e9mhengerek felbecs\u00fclhetetlen \u00e9rt\u00e9k\u0171ek \u00e1s\u00e1shoz, rakod\u00e1shoz \u00e9s f\u00f6ld vagy t\u00f6rmel\u00e9k mozgat\u00e1s\u00e1hoz. Az ir\u00e1ny\u00edtott mozg\u00e1s biztos\u00edt\u00e1s\u00e1nak k\u00e9pess\u00e9ge lehet\u0151v\u00e9 teszi a kezel\u0151k sz\u00e1m\u00e1ra, hogy prec\u00edzen \u00e9s hat\u00e9konyan v\u00e9gezz\u00e9k el a feladataikat. A kotr\u00f3g\u00e9p-rakod\u00f3kban ezek a hengerek mind az \u00e1s\u00e1si, mind az emel\u00e9si m\u0171veletekben seg\u00edtenek, \u00edgy elengedhetetlenek a k\u00fcl\u00f6nf\u00e9le \u00e9p\u00edt\u00e9si tev\u00e9kenys\u00e9gekhez.<\/p>\n<h3>Mez\u0151gazdas\u00e1gi g\u00e9pek<\/h3>\n<p>A homlokrakod\u00f3kban a g\u00e9mhengerek megk\u00f6nny\u00edtik a talaj, sz\u00e9na \u00e9s egy\u00e9b anyagok kal\u00e1szol\u00e1s\u00e1t, emel\u00e9s\u00e9t \u00e9s sz\u00e1ll\u00edt\u00e1s\u00e1t. Robusztus kialak\u00edt\u00e1suk lehet\u0151v\u00e9 teszi a neh\u00e9z terhek elb\u00edr\u00e1s\u00e1t, biztos\u00edtva a mez\u0151gazdas\u00e1gi feladatok hat\u00e9kony \u00e9s eredm\u00e9nyes elv\u00e9gz\u00e9s\u00e9t.<\/p>\n<h3>Kotr\u00f3g\u00e9pek<\/h3>\n<p>A kotr\u00f3g\u00e9pekben a kan\u00e1lhenger lehet\u0151v\u00e9 teszi, hogy a kan\u00e1l behatoljon a f\u00f6ldbe, lehet\u0151v\u00e9 t\u00e9ve a hat\u00e9kony \u00e1s\u00e1st. Ez a k\u00e9pess\u00e9g kulcsfontoss\u00e1g\u00fa az \u00e9p\u00edt\u00e9si \u00e9s f\u00f6ldmunk\u00e1kn\u00e1l, ahol az anyagot gyorsan \u00e9s pontosan kell mozgatni.<\/p>\n<h3>Rakod\u00f3k<\/h3>\n<p>A homlokrakod\u00f3kban a g\u00e9mhengerek hat\u00e9konyan seg\u00edtik a rakom\u00e1nyok emel\u00e9s\u00e9t \u00e9s \u00fcr\u00edt\u00e9s\u00e9t. A kan\u00e1l sz\u00f6g\u00e9nek \u00e9s magass\u00e1g\u00e1nak szab\u00e1lyoz\u00e1si lehet\u0151s\u00e9ge n\u00f6veli a rakod\u00f3 sokoldal\u00fas\u00e1g\u00e1t \u00e9s m\u0171k\u00f6d\u00e9si hat\u00e9konys\u00e1g\u00e1t.<\/p>\n<h2>Tervez\u00e9si szempontok \u00e9s kiv\u00e1laszt\u00e1si krit\u00e9riumok<\/h2>\n<h3>Teherb\u00edr\u00e1s<\/h3>\n<p>A g\u00e9mhenger teherb\u00edr\u00e1sa kritikus tervez\u00e9si szempont, amely meghat\u00e1rozza annak alkalmass\u00e1g\u00e1t bizonyos alkalmaz\u00e1sokhoz. Egy hengernek k\u00e9pesnek kell lennie a m\u0171k\u00f6d\u00e9s k\u00f6zben felmer\u00fcl\u0151 maxim\u00e1lis s\u00faly elvisel\u00e9s\u00e9re a biztons\u00e1g vagy a teljes\u00edtm\u00e9ny vesz\u00e9lyeztet\u00e9se n\u00e9lk\u00fcl. Ez mag\u00e1ban foglalja a hidraulikus nyom\u00e1sk\u00f6vetelm\u00e9nyek meg\u00e9rt\u00e9s\u00e9t \u00e9s annak biztos\u00edt\u00e1s\u00e1t, hogy a henger anyagai id\u0151vel ellen\u00e1lljanak ezeknek a terhel\u00e9seknek.<\/p>\n<h3>T\u00f6m\u00edt\u00e9s \u00e9s tart\u00f3ss\u00e1g<\/h3>\n<p>A hat\u00e9kony t\u00f6m\u00edt\u00e9s elengedhetetlen a hidraulikus hengerek hossz\u00fa \u00e9lettartam\u00e1hoz. A kiv\u00e1l\u00f3 min\u0151s\u00e9g\u0171 t\u00f6m\u00edt\u00e9sek megakad\u00e1lyozz\u00e1k a hidraulikafolyad\u00e9k sziv\u00e1rg\u00e1s\u00e1t, ami a hat\u00e9konys\u00e1g cs\u00f6kken\u00e9s\u00e9hez \u00e9s a rendszer potenci\u00e1lis k\u00e1rosod\u00e1s\u00e1hoz vezethet. A tart\u00f3s t\u00f6m\u00edt\u00e9sek, p\u00e9ld\u00e1ul a poliuret\u00e1n vagy a nitrilgumi kiv\u00e1laszt\u00e1sa seg\u00edt jav\u00edtani a henger teljes\u00edtm\u00e9ny\u00e9t \u00e9s \u00e9lettartam\u00e1t.<\/p>\n<h3>Biztons\u00e1gi funkci\u00f3k<\/h3>\n<p>A balesetek \u00e9s s\u00e9r\u00fcl\u00e9sek megel\u0151z\u00e9se \u00e9rdek\u00e9ben elengedhetetlen a biztons\u00e1gi funkci\u00f3k be\u00e9p\u00edt\u00e9se a g\u00e9mhengerek tervez\u00e9s\u00e9be. Ide tartozhatnak nyom\u00e1scs\u00f6kkent\u0151 szelepek \u00e9s biztons\u00e1gi z\u00e1rak, amelyek biztos\u00edtj\u00e1k, hogy a henger biztons\u00e1gos hat\u00e1rokon bel\u00fcl m\u0171k\u00f6dj\u00f6n, \u00edgy a kezel\u0151k nyugodtan haszn\u00e1lhatj\u00e1k a neh\u00e9zg\u00e9peket.<\/p>\n<h3>Karbantart\u00e1s \u00e9s szervizelhet\u0151s\u00e9g<\/h3>\n<p>A karbantart\u00e1s figyelembev\u00e9tele a tervez\u00e9si f\u00e1zisban kulcsfontoss\u00e1g\u00fa. Egy j\u00f3l megtervezett hidraulikus hengernek k\u00f6nny\u0171 hozz\u00e1f\u00e9r\u00e9st kell biztos\u00edtania az alkatr\u00e9szekhez jav\u00edt\u00e1s \u00e9s szervizel\u00e9s c\u00e9lj\u00e1b\u00f3l. Ez mag\u00e1ban foglalja azt is, hogy a t\u00f6m\u00edt\u00e9sek a teljes henger sz\u00e9tszerel\u00e9se n\u00e9lk\u00fcl cser\u00e9lhet\u0151k legyenek, cs\u00f6kkentve az \u00e1ll\u00e1sid\u0151t \u00e9s a karbantart\u00e1si k\u00f6lts\u00e9geket.<\/p>\n<p><img decoding=\"async\" src=\"https:\/\/www.hydraulic-cylinders.net\/wp-content\/uploads\/2025\/04\/songte-oil-pipes-and-spare-parts.webp\" alt=\"Hidraulikus henger alkatr\u00e9szek\"><\/p>\n<h2>T\u00f6m\u00edt\u00e9s \u00e9s ken\u00e9s<\/h2>\n<p>A g\u00e9mhengerek t\u00f6m\u00edt\u00e9se \u00e9s ken\u00e9se kiemelked\u0151en fontos a hat\u00e9kony m\u0171k\u00f6d\u00e9s\u00fckh\u00f6z. K\u00fcl\u00f6nb\u00f6z\u0151 t\u00f6m\u00edt\u0151elemeket, p\u00e9ld\u00e1ul dugatty\u00fat\u00f6m\u00edt\u00e9seket \u00e9s r\u00fadt\u00f6m\u00edt\u00e9seket haszn\u00e1lnak a hengeren bel\u00fcli hidraulikus nyom\u00e1s fenntart\u00e1s\u00e1ra. A kop\u00e1s\u00e1ll\u00f3 anyagokb\u00f3l, p\u00e9ld\u00e1ul poliuret\u00e1nb\u00f3l \u00e9s nitrilgumib\u00f3l k\u00e9sz\u00fclt t\u00f6m\u00edt\u00e9sek kiv\u00e1laszt\u00e1sa kulcsfontoss\u00e1g\u00fa a kop\u00e1s minimaliz\u00e1l\u00e1sa \u00e9rdek\u00e9ben.<\/p>\n<p>Ezenk\u00edv\u00fcl a hengertest \u00e9s a menetes v\u00e9gek prec\u00edz megmunk\u00e1l\u00e1son esnek \u00e1t a tart\u00f3ss\u00e1g \u00e9s a kop\u00e1s\u00e1ll\u00f3s\u00e1g n\u00f6vel\u00e9se \u00e9rdek\u00e9ben. A hidraulikaolajjal t\u00f6rt\u00e9n\u0151 rendszeres ken\u00e9s elengedhetetlen a s\u00farl\u00f3d\u00e1s \u00e9s a kop\u00e1s cs\u00f6kkent\u00e9s\u00e9hez, a z\u00f6kken\u0151mentes m\u0171k\u00f6d\u00e9s biztos\u00edt\u00e1s\u00e1hoz \u00e9s a henger \u00e9lettartam\u00e1nak meghosszabb\u00edt\u00e1s\u00e1hoz. A megfelel\u0151 ken\u00e9si gyakorlat mag\u00e1ban foglalja az olajszint ellen\u0151rz\u00e9s\u00e9t \u00e9s sz\u00fcks\u00e9g szerinti ut\u00e1nt\u00f6lt\u00e9s\u00e9t, valamint a t\u00f6m\u00edt\u00e9s \u00e9ps\u00e9g\u00e9nek id\u0151szakos vizsg\u00e1lat\u00e1t.<\/p>\n<h2>Rendszeres ellen\u0151rz\u00e9s \u00e9s megel\u0151z\u0151 karbantart\u00e1si int\u00e9zked\u00e9sek<\/h2>\n<ul>\n<li><strong>Rendszeres ellen\u0151rz\u00e9sek:<\/strong> A sziv\u00e1rg\u00e1sok, kop\u00e1s \u00e9s \u00e1ltal\u00e1nos \u00e1llapot gyakori ellen\u0151rz\u00e9se elengedhetetlen a potenci\u00e1lis probl\u00e9m\u00e1k azonos\u00edt\u00e1s\u00e1hoz, miel\u0151tt azok s\u00falyosbodn\u00e1nak.<\/li>\n<li><strong>Megfelel\u0151 ken\u00e9s:<\/strong> A mozg\u00f3 alkatr\u00e9szek megfelel\u0151 hidraulikaolaj-ell\u00e1t\u00e1s\u00e1nak biztos\u00edt\u00e1sa seg\u00edt megel\u0151zni a t\u00falzott kop\u00e1st \u00e9s fenntartani az optim\u00e1lis teljes\u00edtm\u00e9nyt.<\/li>\n<li><strong>T\u00f6m\u00edt\u00e9scsere:<\/strong> A kopott t\u00f6m\u00edt\u00e9sek id\u0151ben t\u00f6rt\u00e9n\u0151 cser\u00e9je elengedhetetlen a folyad\u00e9ksziv\u00e1rg\u00e1sok megel\u0151z\u00e9s\u00e9hez \u00e9s a hidraulikus hat\u00e9konys\u00e1g fenntart\u00e1s\u00e1hoz.<\/li>\n<\/ul>\n<p>Ezen megel\u0151z\u0151 int\u00e9zked\u00e9sek v\u00e9grehajt\u00e1sa jelent\u0151sen cs\u00f6kkentheti a v\u00e1ratlan meghib\u00e1sod\u00e1sok kock\u00e1zat\u00e1t \u00e9s meghosszabb\u00edthatja a hidraulikus henger \u00e9lettartam\u00e1t.<\/p>\n<h2>Telep\u00edt\u00e9si \u00fatmutat\u00f3<\/h2>\n<p>A g\u00e9mhenger megfelel\u0151 beszerel\u00e9se elengedhetetlen az optim\u00e1lis teljes\u00edtm\u00e9nyhez. Kezdje azzal, hogy megbizonyosodik arr\u00f3l, hogy a r\u00f6gz\u00edt\u0151konzolok biztons\u00e1gosan r\u00f6gz\u00edtve vannak a g\u00e9p v\u00e1z\u00e1hoz. Pontosan igaz\u00edtsa a hengert a konzolokhoz, hogy elker\u00fclje a t\u00f6m\u00edt\u00e9sek \u00e9s rudak terhel\u00e9s\u00e9t m\u0171k\u00f6d\u00e9s k\u00f6zben. A megfelel\u0151 r\u00f6gz\u00edt\u0151elemek \u00e9s szersz\u00e1mok haszn\u00e1lata elengedhetetlen a henger megfelel\u0151 r\u00f6gz\u00edt\u00e9s\u00e9hez.<\/p>\n<p>Gy\u0151z\u0151dj\u00f6n meg arr\u00f3l, hogy a hidraulikus vezet\u00e9kek csavarod\u00e1s \u00e9s hajl\u00edt\u00e1s n\u00e9lk\u00fcl csatlakoznak, amelyek akad\u00e1lyozhatj\u00e1k a folyad\u00e9k \u00e1raml\u00e1s\u00e1t. A telep\u00edt\u00e9s ut\u00e1n alapos ellen\u0151rz\u00e9st kell v\u00e9gezni, bele\u00e9rtve a hidraulikafolyad\u00e9k szintj\u00e9t \u00e9s a rendszernyom\u00e1st, miel\u0151tt a g\u00e9pet \u00fczemeltetn\u00e9. Ezen ir\u00e1nyelvek betart\u00e1sa biztos\u00edtja a henger hat\u00e9kony \u00e9s biztons\u00e1gos m\u0171k\u00f6d\u00e9s\u00e9t, maximaliz\u00e1lva annak hat\u00e9konys\u00e1g\u00e1t a k\u00fcl\u00f6nb\u00f6z\u0151 alkalmaz\u00e1sokban.<\/p>\n<h2>Gyakori karbantart\u00e1si feladatok<\/h2>\n<h3>Rendszeres ellen\u0151rz\u00e9sek<\/h3>\n<p>A g\u00e9mhenger rendszeres ellen\u0151rz\u00e9se mag\u00e1ban foglalja a kop\u00e1s vagy s\u00e9r\u00fcl\u00e9s jeleinek ellen\u0151rz\u00e9s\u00e9t, biztos\u00edtva, hogy minden alkatr\u00e9sz j\u00f3 m\u0171k\u00f6d\u0151k\u00e9pes \u00e1llapotban legyen. Ez a proakt\u00edv megk\u00f6zel\u00edt\u00e9s seg\u00edt a potenci\u00e1lis probl\u00e9m\u00e1k korai azonos\u00edt\u00e1s\u00e1ban, cs\u00f6kkentve a rendszer meghib\u00e1sod\u00e1s\u00e1nak kock\u00e1zat\u00e1t m\u0171k\u00f6d\u00e9s k\u00f6zben.<\/p>\n<h3>Megfelel\u0151 ken\u00e9s<\/h3>\n<p>A megfelel\u0151 t\u00edpus\u00fa \u00e9s mennyis\u00e9g\u0171 hidraulikaolaj haszn\u00e1lata kulcsfontoss\u00e1g\u00fa. A megfelel\u0151 ken\u00e9s cs\u00f6kkenti a s\u00farl\u00f3d\u00e1st \u00e9s a kop\u00e1st, lehet\u0151v\u00e9 t\u00e9ve a henger z\u00f6kken\u0151mentes m\u0171k\u00f6d\u00e9s\u00e9t. Az optim\u00e1lis teljes\u00edtm\u00e9ny fenntart\u00e1sa \u00e9rdek\u00e9ben elengedhetetlen az olajszint rendszeres ellen\u0151rz\u00e9se \u00e9s sz\u00fcks\u00e9g szerinti felt\u00f6lt\u00e9se.<\/p>\n<h3>T\u00f6m\u00edt\u00e9scsere \u00e9s kalibr\u00e1l\u00e1s ellen\u0151rz\u00e9se<\/h3>\n<p>A t\u00f6m\u00edt\u00e9sek cser\u00e9je az els\u0151 kop\u00e1si jeln\u00e9l elengedhetetlen a sziv\u00e1rg\u00e1sok megel\u0151z\u00e9se \u00e9s a nyom\u00e1s fenntart\u00e1sa \u00e9rdek\u00e9ben. A kalibr\u00e1ci\u00f3s ellen\u0151rz\u00e9sek biztos\u00edtj\u00e1k, hogy a hidraulikus rendszer a megadott param\u00e9tereken bel\u00fcl m\u0171k\u00f6dj\u00f6n, n\u00f6velve a biztons\u00e1got \u00e9s a hat\u00e9konys\u00e1got. A t\u00f6m\u00edt\u00e9sek rendszeres karbantart\u00e1sa \u00e9s a kalibr\u00e1l\u00e1s jelent\u0151sen meghosszabb\u00edtja a g\u00e9mhenger \u00e9lettartam\u00e1t.<\/p>\n<p><img decoding=\"async\" src=\"https:\/\/www.hydraulic-cylinders.net\/wp-content\/uploads\/2025\/04\/songte-chushion-collar.webp\" alt=\"Telep\u00edt\u00e9s \u00e9s karbantart\u00e1s\"><\/p>\n<h2>Biztons\u00e1gi szempontok \u00e9s k\u00f6rnyezeti t\u00e9nyez\u0151k<\/h2>\n<p>A g\u00e9mhengerek haszn\u00e1lata sor\u00e1n elengedhetetlen a biztons\u00e1gi int\u00e9zked\u00e9sek bevezet\u00e9se. A kezel\u0151ket ki kell k\u00e9pezni a hidraulikus rendszerekkel kapcsolatos lehets\u00e9ges vesz\u00e9lyek felismer\u00e9s\u00e9re. A s\u00e9r\u00fcl\u00e9sek megel\u0151z\u00e9se \u00e9rdek\u00e9ben karbantart\u00e1si vagy jav\u00edt\u00e1si munk\u00e1k sor\u00e1n megfelel\u0151 v\u00e9d\u0151felszerel\u00e9st, bele\u00e9rtve a keszty\u0171t \u00e9s a v\u00e9d\u0151szem\u00fcveget, kell viselni. A hidraulikus rendszer m\u0171k\u00f6d\u00e9s\u00e9nek ismerete seg\u00edthet minimaliz\u00e1lni a kock\u00e1zatokat \u00e9s biztons\u00e1gosabb munkak\u00f6rnyezetet biztos\u00edtani.<\/p>\n<h2>Hibaelh\u00e1r\u00edt\u00e1s \u00e9s gyakori probl\u00e9m\u00e1k<\/h2>\n<h3>Gyakori probl\u00e9m\u00e1k<\/h3>\n<ul>\n<li><strong>Hidraulikus sziv\u00e1rg\u00e1sok:<\/strong> Gyakran kopott t\u00f6m\u00edt\u00e9sek vagy s\u00e9r\u00fclt t\u00f6ml\u0151k okozz\u00e1k. Rendszeresen ellen\u0151rizze ezeket az alkatr\u00e9szeket a folyad\u00e9kvesztes\u00e9g megel\u0151z\u00e9se \u00e9rdek\u00e9ben.<\/li>\n<li><strong>Cs\u00f6kkentett mozg\u00e1s:<\/strong> Nem elegend\u0151 hidraulikafolyad\u00e9k vagy a rendszerben rekedt leveg\u0151 okozhatja. Biztos\u00edtsa a megfelel\u0151 folyad\u00e9kszintet, \u00e9s l\u00e9gtelen\u00edtse a rendszert.<\/li>\n<li><strong>Szokatlan zajok:<\/strong> A csikorg\u00f3 vagy s\u00edr\u00f3 hangok ken\u00e9s sz\u00fcks\u00e9gess\u00e9g\u00e9re vagy mechanikai hib\u00e1kra utalhatnak.<\/li>\n<\/ul>\n<h3>Megold\u00e1sok \u00e9s megel\u0151z\u0151 int\u00e9zked\u00e9sek<\/h3>\n<p>A hidraulikus sziv\u00e1rg\u00e1sok elh\u00e1r\u00edt\u00e1s\u00e1hoz rendszeresen ellen\u0151rizze a t\u00f6m\u00edt\u00e9seket \u00e9s a t\u00f6ml\u0151ket, \u00e9s sz\u00fcks\u00e9g szerint cser\u00e9lje ki azokat. A megfelel\u0151 hidraulikafolyad\u00e9k-szint fenntart\u00e1sa seg\u00edt biztos\u00edtani a rendszer hat\u00e9kony m\u0171k\u00f6d\u00e9s\u00e9t. A g\u00e9pek m\u0171k\u00f6d\u00e9si hangjainak figyel\u00e9se korai figyelmeztet\u00e9seket adhat a lehets\u00e9ges probl\u00e9m\u00e1kra, lehet\u0151v\u00e9 t\u00e9ve az id\u0151ben t\u00f6rt\u00e9n\u0151 beavatkoz\u00e1st.<\/p>\n<p><img decoding=\"async\" src=\"https:\/\/www.hydraulic-cylinders.net\/wp-content\/uploads\/2025\/04\/songte-bushings-with-all-kinds-of-excavator-models.webp\" alt=\"Hidraulikus hengerek hibaelh\u00e1r\u00edt\u00e1sa\"><\/p>\n<h2>C\u00e9g\u00fcnkr\u0151l<\/h2>\n<p>Az alternat\u00edv hidraulikus hengerek vezet\u0151 gy\u00e1rt\u00f3jak\u00e9nt \u00e1tfog\u00f3 term\u00e9kv\u00e1laszt\u00e9kot k\u00edn\u00e1lunk mind a hazai, mind a nemzetk\u00f6zi piacok sz\u00e1m\u00e1ra. A kiv\u00e1l\u00f3s\u00e1g ir\u00e1nti elk\u00f6telezetts\u00e9g\u00fcnket apr\u00f3l\u00e9kos gy\u00e1rt\u00e1si folyamataink \u00e9s innovat\u00edv termel\u00e9sir\u00e1ny\u00edt\u00e1si strat\u00e9gi\u00e1ink t\u00fckr\u00f6zik.<\/p>\n<p>L\u00e9tes\u00edtm\u00e9nyeink fejlett digit\u00e1lis gy\u00e1rt\u00f3berendez\u00e9sekkel \u00e9s professzion\u00e1lis ellen\u0151rz\u0151 rendszerrel vannak felszerelve a legmagasabb min\u0151s\u00e9g\u0171 term\u00e9kek biztos\u00edt\u00e1sa \u00e9rdek\u00e9ben. Folyamatosan fejlesztj\u00fck gy\u00e1rt\u00e1si platformunkat \u00e9s finom\u00edtjuk termel\u00e9si \u00fatvonalainkat, biztos\u00edtva, hogy \u00fcgyfeleink sokr\u00e9t\u0171 ig\u00e9nyeit nagy hat\u00e9konys\u00e1ggal, pontoss\u00e1ggal \u00e9s min\u0151s\u00e9gben el\u00e9g\u00edts\u00fck ki.<\/p>\n<p>Szak\u00e9rtelm\u00fcnk kiterjed a szem\u00e9lyre szabott szolg\u00e1ltat\u00e1sokra, a nemzetk\u00f6zi tan\u00fas\u00edtv\u00e1nyokra \u00e9s a kiv\u00e9teles \u00e9rt\u00e9kes\u00edt\u00e9s ut\u00e1ni t\u00e1mogat\u00e1sra, bizony\u00edtva elk\u00f6telezetts\u00e9g\u00fcnket az \u00fcgyfelek el\u00e9gedetts\u00e9ge ir\u00e1nt.<\/p>\n<p><img decoding=\"async\" src=\"https:\/\/www.hydraulic-cylinders.net\/wp-content\/uploads\/2025\/04\/songte-company-4.webp\" alt=\"C\u00e9ginform\u00e1ci\u00f3\"><br \/>\n<img decoding=\"async\" src=\"https:\/\/www.hydraulic-cylinders.net\/wp-content\/uploads\/2025\/04\/songte-company-3.webp\" alt=\"Termel\u00e9si l\u00e9tes\u00edtm\u00e9ny\"><\/p>\n<p>Szerz\u0151: lyl<\/p>","protected":false},"excerpt":{"rendered":"<p>Boom Cylinder For Sany Middle Excavator SY225C-9 Product Overview The Boom Cylinder for Sany Middle Excavator SY225C-9 is a specialized hydraulic cylinder designed to control the movement of the bucket in heavy machinery, such as excavators and backhoe loaders. This cylinder plays a crucial role in hydraulic systems, enabling the bucket to lift, lower, and [&hellip;]<\/p>","protected":false},"featured_media":17872,"comment_status":"open","ping_status":"closed","template":"","meta":{"_et_pb_use_builder":"","_et_pb_old_content":"","_et_gb_content_width":""},"product_brand":[],"product_cat":[1546],"product_tag":[1547,1496],"class_list":{"0":"post-19156","1":"product","2":"type-product","3":"status-publish","4":"has-post-thumbnail","6":"product_cat-boom-cylinders","7":"product_tag-boom-cylinders","8":"product_tag-hydraulic-cylinders","10":"first","11":"instock","12":"shipping-taxable","13":"product-type-simple"},"amp_enabled":true,"_links":{"self":[{"href":"https:\/\/www.hydraulic-cylinders.net\/hu\/wp-json\/wp\/v2\/product\/19156","targetHints":{"allow":["GET"]}}],"collection":[{"href":"https:\/\/www.hydraulic-cylinders.net\/hu\/wp-json\/wp\/v2\/product"}],"about":[{"href":"https:\/\/www.hydraulic-cylinders.net\/hu\/wp-json\/wp\/v2\/types\/product"}],"replies":[{"embeddable":true,"href":"https:\/\/www.hydraulic-cylinders.net\/hu\/wp-json\/wp\/v2\/comments?post=19156"}],"wp:featuredmedia":[{"embeddable":true,"href":"https:\/\/www.hydraulic-cylinders.net\/hu\/wp-json\/wp\/v2\/media\/17872"}],"wp:attachment":[{"href":"https:\/\/www.hydraulic-cylinders.net\/hu\/wp-json\/wp\/v2\/media?parent=19156"}],"wp:term":[{"taxonomy":"product_brand","embeddable":true,"href":"https:\/\/www.hydraulic-cylinders.net\/hu\/wp-json\/wp\/v2\/product_brand?post=19156"},{"taxonomy":"product_cat","embeddable":true,"href":"https:\/\/www.hydraulic-cylinders.net\/hu\/wp-json\/wp\/v2\/product_cat?post=19156"},{"taxonomy":"product_tag","embeddable":true,"href":"https:\/\/www.hydraulic-cylinders.net\/hu\/wp-json\/wp\/v2\/product_tag?post=19156"}],"curies":[{"name":"munkaf\u00fczet","href":"https:\/\/api.w.org\/{rel}","templated":true}]}}