{"id":1916,"date":"2023-10-19T07:55:02","date_gmt":"2023-10-19T07:55:02","guid":{"rendered":"https:\/\/hydraulic-cylinders.net\/?post_type=product&#038;p=1916"},"modified":"2025-04-11T03:43:23","modified_gmt":"2025-04-11T03:43:23","slug":"double-shield-tbm-torque-cylinder","status":"publish","type":"product","link":"https:\/\/www.hydraulic-cylinders.net\/hu\/termek\/double-shield-tbm-torque-cylinder\/","title":{"rendered":"Dupla pajzsos TBM nyomat\u00e9khenger"},"content":{"rendered":"<h1 style=\"text-align: center;\"><strong>Dupla pajzsos TBM nyomat\u00e9khenger<\/strong><\/h1>\n<p><img loading=\"lazy\" decoding=\"async\" class=\"aligncenter wp-image-1917\" src=\"https:\/\/hydraulic-cylinders.net\/wp-content\/uploads\/2023\/10\/torque-cylinder-1-2-300x300.webp\" alt=\"\" width=\"400\" height=\"400\" \/><\/p>\n<p>A kett\u0151s pajzsos TBM nyomat\u00e9khenger egy \u00e9lvonalbeli hidraulikus alkatr\u00e9sz, amely maximaliz\u00e1lja az alag\u00fatf\u00far\u00f3 g\u00e9pek hat\u00e9konys\u00e1g\u00e1t \u00e9s pontoss\u00e1g\u00e1t. Ez a speci\u00e1lis henger biztos\u00edtja a sz\u00fcks\u00e9ges nyomat\u00e9ker\u0151t a v\u00e1g\u00f3fej forgat\u00e1s\u00e1hoz, lehet\u0151v\u00e9 t\u00e9ve a sima \u00e9s prec\u00edz f\u00f6ldmunk\u00e1t az alag\u00fatf\u00far\u00e1si m\u0171veletek sor\u00e1n. Ez az \u00e1tfog\u00f3 cikk a kett\u0151s pajzsos TBM nyomat\u00e9khenger f\u0151bb jellemz\u0151it, haszn\u00e1lati m\u00f3djait \u00e9s karbantart\u00e1si ir\u00e1nyelveit t\u00e1rgyalja.<\/p>\n<p>A dupla pajzsos TBM nyomat\u00e9khenger egy robusztus \u00e9s megb\u00edzhat\u00f3 alkatr\u00e9sz, amely forradalmas\u00edtja az alag\u00fatf\u00far\u00e1si m\u0171veleteket. Nagy nyomat\u00e9kkimenet\u00e9vel, prec\u00edzi\u00f3s m\u00e9rn\u00f6ki munk\u00e1j\u00e1val, massz\u00edv konstrukci\u00f3j\u00e1val \u00e9s helytakar\u00e9kos kialak\u00edt\u00e1s\u00e1val ez a henger n\u00f6veli az alag\u00fatf\u00far\u00e1si folyamatok hat\u00e9konys\u00e1g\u00e1t \u00e9s pontoss\u00e1g\u00e1t. Az aj\u00e1nlott haszn\u00e1lati m\u00f3dszerek betart\u00e1s\u00e1val \u00e9s a rendszeres karbantart\u00e1si gyakorlatok betart\u00e1s\u00e1val a dupla pajzsos TBM nyomat\u00e9khenger tov\u00e1bbra is kiv\u00e9teles teljes\u00edtm\u00e9nyt ny\u00fajt, hozz\u00e1j\u00e1rulva az alag\u00fatf\u00far\u00e1si projektek siker\u00e9hez. Haszn\u00e1lja ki a dupla pajzsos TBM nyomat\u00e9khenger erej\u00e9t \u00e9s pontoss\u00e1g\u00e1t, \u00e9s szabad\u00edtsa fel az alag\u00fatf\u00far\u00e1s teljes potenci\u00e1lj\u00e1t p\u00e1ratlan hat\u00e9konys\u00e1ggal \u00e9s pontoss\u00e1ggal.<\/p>\n<p>Dupla pajzsos TBM nyomat\u00e9khenger f\u0151bb jellemz\u0151i:<\/p>\n<ul>\n<li>Nagy nyomat\u00e9kkimenet: A kett\u0151s TBM v\u00e9d\u0151nyomat\u00e9khenger robusztus nyomat\u00e9kkimenetet biztos\u00edt, lehet\u0151v\u00e9 t\u00e9ve a v\u00e1g\u00f3fej hat\u00e9kony forgat\u00e1s\u00e1t. Er\u0151teljes teljes\u00edtm\u00e9nye hat\u00e9kony \u00e9s prec\u00edz f\u00f6ldmunk\u00e1t biztos\u00edt, m\u00e9g kih\u00edv\u00e1st jelent\u0151 geol\u00f3giai k\u00f6r\u00fclm\u00e9nyek k\u00f6z\u00f6tt is.<\/li>\n<li>Prec\u00edzi\u00f3s m\u00e9rn\u00f6ki munka: Ez a henger prec\u00edzen lett megtervezve a sima \u00e9s pontos nyomat\u00e9k\u00e1tvitel \u00e9rdek\u00e9ben. Fejlett kialak\u00edt\u00e1sa minimaliz\u00e1lja a holtj\u00e1t\u00e9kot \u00e9s \u00e1lland\u00f3 forg\u00e1si sebess\u00e9get biztos\u00edt, ami prec\u00edz f\u00f6ldmunk\u00e1t \u00e9s jobb alag\u00fatf\u00far\u00e1si termel\u00e9kenys\u00e9get eredm\u00e9nyez.<\/li>\n<li>Robusztus konstrukci\u00f3: A kett\u0151s v\u00e9delemmel ell\u00e1tott TBM nyomat\u00e9khenger massz\u00edv konstrukci\u00f3val rendelkezik, amely ellen\u00e1ll az alag\u00fatf\u00far\u00e1s sor\u00e1n el\u0151fordul\u00f3 neh\u00e9z k\u00f6r\u00fclm\u00e9nyeknek. Kiv\u00e1l\u00f3 min\u0151s\u00e9g\u0171 anyagai \u00e9s apr\u00f3l\u00e9kos kidolgoz\u00e1sa tart\u00f3ss\u00e1got \u00e9s megb\u00edzhat\u00f3s\u00e1got biztos\u00edt a legmostoh\u00e1bb k\u00f6rnyezetben is.<\/li>\n<li>Kompakt \u00e9s helytakar\u00e9kos: Ez a henger kompakt kialak\u00edt\u00e1s\u00e1nak k\u00f6sz\u00f6nhet\u0151en optimaliz\u00e1lja a helykihaszn\u00e1l\u00e1st az alag\u00fatf\u00far\u00f3 g\u00e9pen bel\u00fcl. Az \u00e1ramvonalas konstrukci\u00f3 lehet\u0151v\u00e9 teszi a k\u00f6nny\u0171 integr\u00e1ci\u00f3t, minimaliz\u00e1lja az interferenci\u00e1t m\u00e1s alkatr\u00e9szekkel, \u00e9s maximaliz\u00e1lja az alag\u00fatf\u00far\u00e1si folyamat \u00e1ltal\u00e1nos hat\u00e9konys\u00e1g\u00e1t.<\/li>\n<\/ul>\n<h2><strong>Dupla pajzs TBM nyomat\u00e9khenger param\u00e9tere:<\/strong><\/h2>\n<table border=\"1\" cellspacing=\"0\" cellpadding=\"0\">\n<tbody>\n<tr>\n<td>Term\u00e9k neve<\/td>\n<td>Dupla pajzs\u00fa alag\u00fatf\u00far\u00f3g\u00e9p nyomat\u00e9khengerrel<\/td>\n<\/tr>\n<tr>\n<td>Jellemz\u0151k:<\/td>\n<td>A v\u00e1g\u00f3fej nyomat\u00e9k\u00e1nak \u00e1tvitele<\/td>\n<\/tr>\n<tr>\n<td>Specifik\u00e1ci\u00f3:<\/td>\n<td>A nyomat\u00e9khengerek k\u00fcl\u00f6nb\u00f6z\u0151 szerkezetei \u00e9s specifik\u00e1ci\u00f3i az \u00fcgyf\u00e9l ig\u00e9nyei szerint tervezhet\u0151k \u00e9s gy\u00e1rthat\u00f3k<\/td>\n<\/tr>\n<tr>\n<td>Nyom\u00e1s:<\/td>\n<td>ak\u00e1r 25 MPa<br \/>\nSpeci\u00e1lis k\u00f6vetelm\u00e9nyek 35MPa-ig<\/td>\n<\/tr>\n<tr>\n<td>Alkalmaz\u00e1sok:<\/td>\n<td>Dupla pajzs\u00fa alag\u00fatf\u00far\u00f3 g\u00e9p<\/td>\n<\/tr>\n<\/tbody>\n<\/table>\n<h2><strong>Dupla pajzsos TBM henger alkalmaz\u00e1sa:<\/strong><\/h2>\n<p><img loading=\"lazy\" decoding=\"async\" class=\"alignnone wp-image-1909 size-full\" src=\"https:\/\/hydraulic-cylinders.net\/wp-content\/uploads\/2023\/10\/double-shield-tbm-cylinder-1.webp\" alt=\"\" width=\"709\" height=\"473\" srcset=\"https:\/\/hydraulic-cylinders.net\/wp-content\/uploads\/2023\/10\/double-shield-tbm-cylinder-1.webp 709w, https:\/\/hydraulic-cylinders.net\/wp-content\/uploads\/2023\/10\/double-shield-tbm-cylinder-1-480x320.webp 480w\" sizes=\"(min-width: 0px) and (max-width: 480px) 480px, (min-width: 481px) 709px, 100vw\" \/><\/p>\n<h2><strong>A dupla pajzs\u00fa TBM nyomat\u00e9khenger haszn\u00e1lati m\u00f3dja<\/strong><strong>:<\/strong><\/h2>\n<ul>\n<li><strong>Hengerintegr\u00e1ci\u00f3:<\/strong> Install the double shield tbm torque cylinder in the designated location within the tunnel boring machine, following the manufacturer&#8217;s guidelines and specifications. Ensure proper alignment and secure attachment to the TBM&#8217;s structure using suitable mounting brackets or accessories.<\/li>\n<li><strong>Hidraulikus rendszer integr\u00e1l\u00e1sa:<\/strong> Csatlakoztassa a hengert a TBM hidraulikus rendszer\u00e9hez kompatibilis t\u00f6ml\u0151k \u00e9s szerelv\u00e9nyek seg\u00edts\u00e9g\u00e9vel. Ellen\u0151rizze, hogy minden csatlakoz\u00e1s biztons\u00e1gos, sziv\u00e1rg\u00e1smentes \u00e9s megfelel\u0151en meg van-e h\u00fazva az optim\u00e1lis hidraulikus teljes\u00edtm\u00e9ny biztos\u00edt\u00e1sa \u00e9rdek\u00e9ben.<\/li>\n<li><strong>Vez\u00e9rl\u00e9s \u00e9s m\u0171k\u00f6d\u00e9s:<\/strong> Familiarize yourself with the TBM&#8217;s control system and the rules associated with the double shield tbm torque cylinder. Utilize these controls to activate, regulate, and monitor the torque output, adjusting it to match the excavation requirements and geological conditions.<\/li>\n<li><strong>Monitoring \u00e9s be\u00e1ll\u00edt\u00e1s:<\/strong> Folyamatosan figyelje a kett\u0151s pajzs\u00fa TBM nyomat\u00e9khenger teljes\u00edtm\u00e9ny\u00e9t \u00e9s az alag\u00fatf\u00far\u00f3 g\u00e9p \u00e1ltal\u00e1nos viselked\u00e9s\u00e9t. \u00c1ll\u00edtsa be a nyomat\u00e9kkimenetet a talajviszonyok, a v\u00e1g\u00f3\u00e9l kop\u00e1sa \u00e9s a f\u00f6ldmunk\u00e1k el\u0151rehalad\u00e1sa figyelembev\u00e9tel\u00e9vel az optim\u00e1lis hat\u00e9konys\u00e1g \u00e9s termel\u00e9kenys\u00e9g biztos\u00edt\u00e1sa \u00e9rdek\u00e9ben.<\/li>\n<\/ul>\n<h2><strong>Hogyan kell cser\u00e9lni a hidraulikus henger t\u00f6m\u00edt\u00e9seit?<\/strong><\/h2>\n<p>A hidraulikus henger t\u00f6m\u00edt\u00e9seinek cser\u00e9je a henger alkatr\u00e9szeinek gondos sz\u00e9tszerel\u00e9s\u00e9t \u00e9s \u00f6sszeszerel\u00e9s\u00e9t ig\u00e9nyli. \u00cdme egy l\u00e9p\u00e9sr\u0151l l\u00e9p\u00e9sre sz\u00f3l\u00f3 \u00fatmutat\u00f3, amely seg\u00edt a folyamatban:<\/p>\n<ol>\n<li><strong>A henger el\u0151k\u00e9sz\u00edt\u00e9se:<\/strong>\n<ul>\n<li>V\u00e1lasszuk le a hidraulikus hengert a rendszerr\u0151l, \u00e9s gy\u0151z\u0151dj\u00fcnk meg arr\u00f3l, hogy nyom\u00e1smentes.<\/li>\n<li>Tiszt\u00edtsa meg a henger k\u00fclsej\u00e9t, hogy megakad\u00e1lyozza a szennyez\u0151d\u00e9s vagy t\u00f6rmel\u00e9k bejut\u00e1s\u00e1t a sz\u00e9tszerel\u00e9s sor\u00e1n.<\/li>\n<li>Helyezze a hengert stabil munkafel\u00fcletre, \u00e9s r\u00f6gz\u00edtse szor\u00edt\u00f3kkal vagy satuval.<\/li>\n<\/ul>\n<\/li>\n<li><strong>A pecs\u00e9tek azonos\u00edt\u00e1sa:<\/strong>\n<ul>\n<li>Hat\u00e1rozza meg a cser\u00e9lend\u0151 t\u00f6m\u00edt\u00e9sek t\u00edpus\u00e1t \u00e9s hely\u00e9t.<\/li>\n<li>A hidraulikus hengerek jellemz\u0151en t\u00f6bb t\u00f6m\u00edt\u00e9ssel rendelkeznek, bele\u00e9rtve a r\u00fadt\u00f6m\u00edt\u00e9seket, a dugatty\u00fat\u00f6m\u00edt\u00e9seket \u00e9s az ablakt\u00f6rl\u0151 t\u00f6m\u00edt\u00e9seket.<\/li>\n<li>Consult the manufacturer&#8217;s documentation or reference materials to identify the required seals.<\/li>\n<\/ul>\n<\/li>\n<li><strong>Sz\u00e9tszerel\u00e9s:<\/strong>\n<ul>\n<li>T\u00e1vol\u00edtson el minden r\u00f6gz\u00edt\u0151elemet, p\u00e9ld\u00e1ul csavarokat, r\u00f6gz\u00edt\u0151gy\u0171r\u0171ket vagy biztos\u00edt\u00f3gy\u0171r\u0171ket, amelyek a hengerfejet vagy a sapk\u00e1t r\u00f6gz\u00edtik.<\/li>\n<li>\u00d3vatosan t\u00e1vol\u00edtsa el a hengerfejet vagy a hengersapk\u00e1t, szabadd\u00e1 t\u00e9ve a dugatty\u00fat, a rudat \u00e9s a t\u00f6m\u00edt\u00e9seket.<\/li>\n<li>A megfelel\u0151 \u00f6sszeszerel\u00e9s \u00e9rdek\u00e9ben figyeljen a t\u00f6m\u00edt\u00e9sek elrendez\u00e9s\u00e9re \u00e9s sorrendj\u00e9re.<\/li>\n<\/ul>\n<\/li>\n<li><strong>T\u00e1vol\u00edtsa el a r\u00e9gi pecs\u00e9teket:<\/strong>\n<ul>\n<li>Vizsg\u00e1lja meg a r\u00e9gi t\u00f6m\u00edt\u00e9seket s\u00e9r\u00fcl\u00e9s vagy kop\u00e1s szempontj\u00e1b\u00f3l, \u00e9s azonos\u00edtsa a megfelel\u0151 elt\u00e1vol\u00edt\u00e1si m\u00f3dszert.<\/li>\n<li>A t\u00f6m\u00edt\u00e9s t\u00edpus\u00e1t\u00f3l f\u00fcgg\u0151en sz\u00fcks\u00e9g lehet t\u00f6m\u00edt\u00e9s elt\u00e1vol\u00edt\u00e1s\u00e1ra szolg\u00e1l\u00f3 eszk\u00f6z\u00f6k, p\u00e9ld\u00e1ul cs\u00e1k\u00e1nyok vagy kamp\u00f3k haszn\u00e1lat\u00e1ra, vagy \u00f3vatosan fesz\u00edtse ki \u0151ket egy laposfej\u0171 csavarh\u00faz\u00f3val.<\/li>\n<li>\u00dcgyeljen arra, hogy a t\u00f6m\u00edt\u00e9s elt\u00e1vol\u00edt\u00e1sa sor\u00e1n ne s\u00e9rtse meg a henger fel\u00fcleteit.<\/li>\n<\/ul>\n<\/li>\n<li><strong>Tiszt\u00edt\u00e1s \u00e9s ellen\u0151rz\u00e9s:<\/strong>\n<ul>\n<li>Alaposan tiszt\u00edtsa meg a henger furat\u00e1t, a rudat \u00e9s a k\u00f6rnyez\u0151 alkatr\u00e9szeket sz\u00f6szmentes ruh\u00e1val vagy megfelel\u0151 old\u00f3szerrel.<\/li>\n<li>Vizsg\u00e1lja meg az \u00f6sszes alkatr\u00e9szt s\u00e9r\u00fcl\u00e9s, kop\u00e1s vagy karcol\u00e1s jelei szempontj\u00e1b\u00f3l. Sz\u00fcks\u00e9g szerint cser\u00e9lje ki a kopott vagy s\u00e9r\u00fclt alkatr\u00e9szeket.<\/li>\n<\/ul>\n<\/li>\n<li><strong>Az \u00faj t\u00f6m\u00edt\u00e9sek beszerel\u00e9se:<\/strong>\n<ul>\n<li>Vigyen fel egy v\u00e9kony r\u00e9teg hidraulikafolyad\u00e9kot vagy t\u00f6m\u00edt\u0151ken\u0151anyagot az \u00faj t\u00f6m\u00edt\u00e9sekre a beszerel\u00e9s megk\u00f6nny\u00edt\u00e9se \u00e9s a megfelel\u0151 t\u00f6m\u00edt\u00e9s biztos\u00edt\u00e1sa \u00e9rdek\u00e9ben.<\/li>\n<li>\u00d3vatosan helyezze az \u00faj t\u00f6m\u00edt\u00e9seket a hornyokba, \u00fcgyelve a megfelel\u0151 ir\u00e1nyba helyez\u00e9s\u00fckre.<\/li>\n<li>Egy t\u00f6m\u00edt\u00e9sbeszerel\u0151 szersz\u00e1m vagy puha kalap\u00e1cs seg\u00edts\u00e9g\u00e9vel finoman nyomja a t\u00f6m\u00edt\u00e9seket a hely\u00fckre, \u00fcgyelve arra, hogy egyenletesen \u00e9s biztons\u00e1gosan illeszkedjenek.<\/li>\n<\/ul>\n<\/li>\n<li><strong>\u00dajb\u00f3li \u00f6sszeszerel\u00e9s:<\/strong>\n<ul>\n<li>Szerelje vissza a sz\u00e9tszerel\u00e9s sor\u00e1n elt\u00e1vol\u00edtott \u00f6sszes t\u00f6bbi alkatr\u00e9szt, p\u00e9ld\u00e1ul a csavarokat, r\u00f6gz\u00edt\u0151gy\u0171r\u0171ket vagy r\u00f6gz\u00edt\u0151gy\u0171r\u0171ket.<\/li>\n<li>Follow the manufacturer&#8217;s torque values and tightening sequence specifications to ensure proper sealing and alignment.<\/li>\n<li>Ellen\u0151rizze k\u00e9tszeresen a t\u00f6m\u00edt\u00e9sek sorrendj\u00e9t \u00e9s elrendez\u00e9s\u00e9t, hogy megbizonyosodjon a megfelel\u0151 poz\u00edci\u00f3r\u00f3l.<\/li>\n<\/ul>\n<\/li>\n<li><strong>Tesztel\u00e9s \u00e9s ellen\u0151rz\u00e9s:<\/strong>\n<ul>\n<li>Csatlakoztassa \u00fajra a hidraulikus hengert a rendszerhez, \u00e9s gy\u0151z\u0151dj\u00f6n meg arr\u00f3l, hogy minden csatlakoz\u00e1s biztons\u00e1gos.<\/li>\n<li>Fokozatosan \u00e1ll\u00edtsa vissza a rendszernyom\u00e1st, \u00e9s ellen\u0151rizze, hogy nincs-e sziv\u00e1rg\u00e1s vagy rendellenes viselked\u00e9s.<\/li>\n<li>J\u00e1rja v\u00e9gig a hidraulikus hengert a teljes mozg\u00e1startom\u00e1ny\u00e1n, hogy ellen\u0151rizze a t\u00f6m\u00edt\u00e9s megfelel\u0151 m\u0171k\u00f6d\u00e9s\u00e9t \u00e9s az \u00e1ltal\u00e1nos funkcionalit\u00e1st.<\/li>\n<\/ul>\n<\/li>\n<\/ol>\n<h2><strong>A gy\u00e1r kapacit\u00e1sa \u00e9s kapacit\u00e1sa:<\/strong><\/h2>\n<h3>(1) \u00d6sszeszerel\u00e9s<\/h3>\n<p>Els\u0151 oszt\u00e1ly\u00fa f\u00fcggetlen kutat\u00e1si \u00e9s fejleszt\u00e9si \u00f6sszeszerel\u00e9si platformmal rendelkez\u00fcnk. A hidraulikus hengergy\u00e1rt\u00f3 m\u0171hely n\u00e9gy f\u00e9lautomata emel\u0151henger-\u00f6sszeszerel\u0151 sorral \u00e9s egy automata billen\u0151henger-\u00f6sszeszerel\u0151 sorral rendelkezik, tervezett \u00e9ves gy\u00e1rt\u00e1si kapacit\u00e1sa 1 milli\u00f3 darab. A speci\u00e1lis henger m\u0171hely k\u00fcl\u00f6nb\u00f6z\u0151 specifik\u00e1ci\u00f3j\u00fa f\u00e9lautomata tiszt\u00edt\u00f3 \u00f6sszeszerel\u0151 rendszerrel van felszerelve, amelynek tervezett \u00e9ves termel\u00e9si kapacit\u00e1sa 200.000, \u00e9s h\u00edres CNC megmunk\u00e1l\u00f3 berendez\u00e9ssel, megmunk\u00e1l\u00f3 k\u00f6zponttal, nagy pontoss\u00e1g\u00fa hengerfeldolgoz\u00f3 speci\u00e1lis berendez\u00e9ssel, robothegeszt\u0151 g\u00e9ppel, automatikus tiszt\u00edt\u00f3g\u00e9ppel, automatikus henger \u00f6sszeszerel\u0151 g\u00e9ppel \u00e9s automatikus fest\u00e9si gy\u00e1rt\u00f3sorral van felszerelve. A megl\u00e9v\u0151 kritikus berendez\u00e9sek t\u00f6bb mint 300 k\u00e9szlet (k\u00e9szlet). A berendez\u00e9sek er\u0151forr\u00e1sainak optim\u00e1lis eloszt\u00e1sa \u00e9s hat\u00e9kony felhaszn\u00e1l\u00e1sa biztos\u00edtja a term\u00e9kek pontoss\u00e1gi k\u00f6vetelm\u00e9nyeit \u00e9s megfelel a term\u00e9kek min\u0151s\u00e9gi ig\u00e9nyeinek.<\/p>\n<p><img loading=\"lazy\" decoding=\"async\" class=\"alignnone wp-image-626\" src=\"https:\/\/hydraulic-cylinders.net\/wp-content\/uploads\/2023\/08\/hydraulic-cylinder-product-1-300x158.webp\" alt=\"\" width=\"495\" height=\"260\" srcset=\"https:\/\/hydraulic-cylinders.net\/wp-content\/uploads\/2023\/08\/hydraulic-cylinder-product-1-300x158.webp 495w, https:\/\/hydraulic-cylinders.net\/wp-content\/uploads\/2023\/08\/hydraulic-cylinder-product-1-480x252.webp 480w\" sizes=\"(min-width: 0px) and (max-width: 480px) 480px, (min-width: 481px) 495px, 100vw\" \/> <img loading=\"lazy\" decoding=\"async\" class=\"alignnone wp-image-627\" src=\"https:\/\/hydraulic-cylinders.net\/wp-content\/uploads\/2023\/08\/hydraulic-cylinder-product-2-300x189.webp\" alt=\"\" width=\"413\" height=\"260\" \/><\/p>\n<h3>(2) Megmunk\u00e1l\u00e1s<\/h3>\n<p>A megmunk\u00e1l\u00f3m\u0171hely egyedi, ferde s\u00edneszterg\u00e1l\u00f3 k\u00f6zponttal, megmunk\u00e1l\u00f3k\u00f6zponttal, nagysebess\u00e9g\u0171 h\u00f3nol\u00f3g\u00e9ppel, hegeszt\u0151robottal \u00e9s egy\u00e9b kapcsol\u00f3d\u00f3 berendez\u00e9sekkel van felszerelve, amelyek legfeljebb 400 mm bels\u0151 \u00e1tm\u00e9r\u0151j\u0171 \u00e9s legfeljebb 6 m\u00e9ter hossz\u00fa hengercs\u00f6vek megmunk\u00e1l\u00e1s\u00e1ra k\u00e9pesek.<\/p>\n<p><img loading=\"lazy\" decoding=\"async\" class=\"alignnone wp-image-628 size-large\" src=\"https:\/\/hydraulic-cylinders.net\/wp-content\/uploads\/2023\/08\/hydraulic-cylinder-product-3-1024x391.webp\" alt=\"\" width=\"1024\" height=\"391\" srcset=\"https:\/\/hydraulic-cylinders.net\/wp-content\/uploads\/2023\/08\/hydraulic-cylinder-product-3-980x374.webp 980w, https:\/\/hydraulic-cylinders.net\/wp-content\/uploads\/2023\/08\/hydraulic-cylinder-product-3-480x183.webp 480w\" sizes=\"(min-width: 0px) and (max-width: 480px) 480px, (min-width: 481px) and (max-width: 980px) 980px, (min-width: 981px) 1024px, 100vw\" \/><\/p>\n<h3>(3) Hegeszt\u00e9s<\/h3>\n<p><img loading=\"lazy\" decoding=\"async\" class=\"alignnone wp-image-629 size-large\" src=\"https:\/\/hydraulic-cylinders.net\/wp-content\/uploads\/2023\/08\/hydraulic-cylinder-product-4-1024x510.webp\" alt=\"\" width=\"1024\" height=\"510\" srcset=\"https:\/\/hydraulic-cylinders.net\/wp-content\/uploads\/2023\/08\/hydraulic-cylinder-product-4-980x488.webp 980w, https:\/\/hydraulic-cylinders.net\/wp-content\/uploads\/2023\/08\/hydraulic-cylinder-product-4-480x239.webp 480w\" sizes=\"(min-width: 0px) and (max-width: 480px) 480px, (min-width: 481px) and (max-width: 980px) 980px, (min-width: 981px) 1024px, 100vw\" \/><\/p>\n<h3>(4) Fest\u00e9s \u00e9s bevonatol\u00e1s<\/h3>\n<p>Kis \u00e9s k\u00f6zepes m\u00e9ret\u0171 hengeres automatikus v\u00edzb\u00e1zis\u00fa fest\u00e9kbevon\u00f3 sorokkal, az automatikus robot be- \u00e9s kirakod\u00e1s, valamint az automatikus permetez\u00e9s megval\u00f3s\u00edt\u00e1s\u00e1hoz, a tervez\u00e9si kapacit\u00e1s m\u0171szakonk\u00e9nt 4000 darab;<br \/>\nRendelkez\u00fcnk egy f\u00e9lautomata fest\u00e9kgy\u00e1rt\u00f3sorral is nagym\u00e9ret\u0171 palackokhoz, amelyet egy er\u0151\u00e1tviteli l\u00e1nc hajt, m\u0171szakonk\u00e9nt 60 doboz tervez\u00e9si kapacit\u00e1ssal.<\/p>\n<p><img loading=\"lazy\" decoding=\"async\" class=\"alignnone wp-image-630\" src=\"https:\/\/hydraulic-cylinders.net\/wp-content\/uploads\/2023\/08\/hydraulic-cylinder-product-5-300x213.webp\" alt=\"\" width=\"366\" height=\"260\" \/> <img loading=\"lazy\" decoding=\"async\" class=\"alignnone wp-image-631\" src=\"https:\/\/hydraulic-cylinders.net\/wp-content\/uploads\/2023\/08\/hydraulic-cylinder-product-6-300x225.webp\" alt=\"\" width=\"347\" height=\"260\" \/><\/p>\n<h3>(5) Tesztel\u00e9s<\/h3>\n<p>Els\u0151 oszt\u00e1ly\u00fa ellen\u0151rz\u0151 l\u00e9tes\u00edtm\u00e9nyekkel \u00e9s tesztpadokkal rendelkez\u00fcnk annak biztos\u00edt\u00e1s\u00e1ra, hogy a palack teljes\u00edtm\u00e9nye megfeleljen a k\u00f6vetelm\u00e9nyeknek.<\/p>\n<p><img loading=\"lazy\" decoding=\"async\" class=\"alignnone wp-image-632\" src=\"https:\/\/hydraulic-cylinders.net\/wp-content\/uploads\/2023\/08\/hydraulic-cylinder-product-8-300x200.webp\" alt=\"\" width=\"389\" height=\"260\" \/><\/p>\n<p>&nbsp;<\/p>\n<p>&nbsp;<\/p>\n<p>Mi vagyunk az egyik legjobb hidraulikus henger gy\u00e1rt\u00f3. \u00c1tfog\u00f3 hidraulikus hengereket k\u00edn\u00e1lunk. Megfelel\u0151 szolg\u00e1ltat\u00e1sokat is biztos\u00edtunk. <a href=\"https:\/\/hzpt.com\/agricultural-pto-gearbox\/\" target=\"_blank\" rel=\"noopener\">mez\u0151gazdas\u00e1gi sebess\u00e9gv\u00e1lt\u00f3k<\/a>Term\u00e9keinket vil\u00e1gszerte export\u00e1ltuk \u00fcgyfeleinknek, \u00e9s kiv\u00e1l\u00f3 term\u00e9kmin\u0151s\u00e9g\u00fcnknek \u00e9s \u00e9rt\u00e9kes\u00edt\u00e9s ut\u00e1ni szolg\u00e1ltat\u00e1sunknak k\u00f6sz\u00f6nhet\u0151en j\u00f3 h\u00edrnevet szerezt\u00fcnk. Szeretettel v\u00e1rjuk belf\u00f6ldi \u00e9s k\u00fclf\u00f6ldi \u00fcgyfeleinket, hogy \u00fczleti t\u00e1rgyal\u00e1sok, inform\u00e1ci\u00f3csere \u00e9s egy\u00e9b lehet\u0151s\u00e9gek c\u00e9lj\u00e1b\u00f3l kapcsolatba l\u00e9pjenek vel\u00fcnk. <a href=\"https:\/\/www.hydraulic-cylinders.net\/hu\/contact-us\/\">egy\u00fcttm\u0171k\u00f6dni vel\u00fcnk<\/a>!<\/p>\n<p>&nbsp;<\/p>","protected":false},"excerpt":{"rendered":"<p>Double Shield TBM Torque Cylinder The double shield TBM torque cylinder is a cutting-edge hydraulic component that maximizes the efficiency and accuracy of tunnel boring machines. This specialized cylinder provides the necessary torque force for the rotation of the cutterhead, enabling smooth and precise excavation during tunneling operations. This comprehensive article will explore the key [&hellip;]<\/p>","protected":false},"featured_media":1918,"comment_status":"open","ping_status":"closed","template":"","meta":{"_et_pb_use_builder":"","_et_pb_old_content":"","_et_gb_content_width":""},"product_brand":[],"product_cat":[1550,1519],"product_tag":[1380],"class_list":{"0":"post-1916","1":"product","2":"type-product","3":"status-publish","4":"has-post-thumbnail","6":"product_cat-double-acting-hydraulic-cylinder","7":"product_cat-shield-machine-hydraulic-cylinders","8":"product_tag-hydraulic-cylinder","10":"first","11":"instock","12":"shipping-taxable","13":"product-type-simple"},"amp_enabled":true,"_links":{"self":[{"href":"https:\/\/www.hydraulic-cylinders.net\/hu\/wp-json\/wp\/v2\/product\/1916","targetHints":{"allow":["GET"]}}],"collection":[{"href":"https:\/\/www.hydraulic-cylinders.net\/hu\/wp-json\/wp\/v2\/product"}],"about":[{"href":"https:\/\/www.hydraulic-cylinders.net\/hu\/wp-json\/wp\/v2\/types\/product"}],"replies":[{"embeddable":true,"href":"https:\/\/www.hydraulic-cylinders.net\/hu\/wp-json\/wp\/v2\/comments?post=1916"}],"wp:featuredmedia":[{"embeddable":true,"href":"https:\/\/www.hydraulic-cylinders.net\/hu\/wp-json\/wp\/v2\/media\/1918"}],"wp:attachment":[{"href":"https:\/\/www.hydraulic-cylinders.net\/hu\/wp-json\/wp\/v2\/media?parent=1916"}],"wp:term":[{"taxonomy":"product_brand","embeddable":true,"href":"https:\/\/www.hydraulic-cylinders.net\/hu\/wp-json\/wp\/v2\/product_brand?post=1916"},{"taxonomy":"product_cat","embeddable":true,"href":"https:\/\/www.hydraulic-cylinders.net\/hu\/wp-json\/wp\/v2\/product_cat?post=1916"},{"taxonomy":"product_tag","embeddable":true,"href":"https:\/\/www.hydraulic-cylinders.net\/hu\/wp-json\/wp\/v2\/product_tag?post=1916"}],"curies":[{"name":"munkaf\u00fczet","href":"https:\/\/api.w.org\/{rel}","templated":true}]}}