{"id":19180,"date":"2025-04-07T06:16:46","date_gmt":"2025-04-07T06:16:46","guid":{"rendered":"https:\/\/www.hydraulic-cylinders.net\/product\/boom-cylinder-for-xcmg-small-excavator-xe75\/"},"modified":"2025-04-07T06:16:48","modified_gmt":"2025-04-07T06:16:48","slug":"boom-cylinder-for-xcmg-small-excavator-xe75","status":"publish","type":"product","link":"https:\/\/www.hydraulic-cylinders.net\/hu\/termek\/boom-cylinder-for-xcmg-small-excavator-xe75\/","title":{"rendered":"XCMG XE75 kis kotr\u00f3g\u00e9p g\u00e9mhenger"},"content":{"rendered":"<h1>XCMG XE75 kis kotr\u00f3g\u00e9p g\u00e9mhenger<\/h1>\n<h2>A g\u00e9mhenger megismer\u00e9se<\/h2>\n<p>A g\u00e9mhenger kulcsfontoss\u00e1g\u00fa alkatr\u00e9sz a k\u00fcl\u00f6nf\u00e9le neh\u00e9zg\u00e9pekben, k\u00fcl\u00f6n\u00f6sen a kotr\u00f3g\u00e9pekben, kotr\u00f3rakod\u00f3kban \u00e9s homlokrakod\u00f3kban. Ez egy olyan hidraulikus henger, amelyet kifejezetten a kan\u00e1l mozg\u00e1s\u00e1nak vez\u00e9rl\u00e9s\u00e9re terveztek, lehet\u0151v\u00e9 t\u00e9ve annak hat\u00e9kony emel\u00e9s\u00e9t, s\u00fcllyeszt\u00e9s\u00e9t \u00e9s billent\u00e9s\u00e9t. Ez a funkci\u00f3 elengedhetetlen az anyagmozgat\u00e1si feladatokhoz, lehet\u0151v\u00e9 t\u00e9ve a kezel\u0151k sz\u00e1m\u00e1ra, hogy prec\u00edzen v\u00e9gezzenek \u00e1s\u00e1si, rakod\u00e1si \u00e9s mozgat\u00e1si m\u0171veleteket.<\/p>\n<p><img decoding=\"async\" src=\"https:\/\/www.hydraulic-cylinders.net\/wp-content\/uploads\/2025\/04\/songte-company-1.webp\" alt=\"Hidraulikus henger\"><\/p>\n<h3>Szerepe \u00e9s alkalmaz\u00e1sa hidraulikus rendszerekben<\/h3>\n<p>A hidraulikus rendszerekben a g\u00e9mhenger l\u00e9tfontoss\u00e1g\u00fa szerepet j\u00e1tszik az\u00e1ltal, hogy a hidraulikus energi\u00e1t mechanikai energi\u00e1v\u00e1 alak\u00edtja. Amikor hidraulikafolyad\u00e9kot pump\u00e1lnak a hengerbe, nyom\u00e1st hoz l\u00e9tre, amely kiny\u00fajtja vagy visszah\u00fazza a hengert, ami a kan\u00e1l k\u00edv\u00e1nt mozg\u00e1s\u00e1t eredm\u00e9nyezi. Ez a mechanizmus nemcsak hat\u00e9kony, hanem sima \u00e9s szab\u00e1lyozott m\u0171k\u00f6d\u00e9st is lehet\u0151v\u00e9 tesz, \u00edgy a modern kotr\u00f3g\u00e9pek n\u00e9lk\u00fcl\u00f6zhetetlen r\u00e9sz\u00e9v\u00e9 v\u00e1lik.<\/p>\n<h2>A g\u00e9mhenger jellemz\u0151i<\/h2>\n<ul>\n<li><strong>Nagy szil\u00e1rds\u00e1g \u00e9s tart\u00f3ss\u00e1g:<\/strong> \u00c1ltal\u00e1ban nagy szil\u00e1rds\u00e1g\u00fa ac\u00e9lb\u00f3l vagy alum\u00edniumb\u00f3l k\u00e9sz\u00fclnek, k\u00e9pesek ellen\u00e1llni a nagy nyom\u00e1snak \u00e9s a neh\u00e9z terhel\u00e9seknek, valamint kop\u00e1s\u00e1ll\u00f3 \u00e9s korr\u00f3zi\u00f3\u00e1ll\u00f3 tulajdons\u00e1gokkal rendelkeznek, hogy meghosszabb\u00edts\u00e1k \u00e9lettartamukat, \u00e9s zord munkak\u00f6rnyezetben is haszn\u00e1lhat\u00f3k.<\/li>\n<li><strong>Hat\u00e9kony hidraulikus m\u0171k\u00f6dtet\u00e9s:<\/strong> A g\u00e9mhenger hidraulikaolaj-nyom\u00e1st haszn\u00e1l a sima kitol\u00e1shoz \u00e9s visszah\u00faz\u00e1shoz, lehet\u0151v\u00e9 t\u00e9ve a gyors reag\u00e1l\u00e1st a kezel\u0151i parancsokra, \u00e9s er\u0151teljes tol\u00f3- \u00e9s h\u00faz\u00f3er\u0151t biztos\u00edtva, amely alkalmas neh\u00e9z anyagok \u00e9s \u00f6sszetett feladatok kezel\u00e9s\u00e9re.<\/li>\n<li><strong>K\u00fcl\u00f6nb\u00f6z\u0151 t\u00edpusok:<\/strong> Ezek a munkahengerek egyszeres m\u0171k\u00f6d\u00e9s\u0171 (hidraulikus m\u0171k\u00f6d\u00e9s egy ir\u00e1nyban) vagy kett\u0151s m\u0171k\u00f6d\u00e9s\u0171 (hidraulikus m\u0171k\u00f6d\u00e9s mindk\u00e9t ir\u00e1nyban) konfigur\u00e1ci\u00f3ban kaphat\u00f3k, hogy megfeleljenek a k\u00fcl\u00f6nf\u00e9le m\u0171k\u00f6d\u00e9si k\u00f6vetelm\u00e9nyeknek, egyes modellek teleszk\u00f3pos kivitelben is kaphat\u00f3k, ami nagyobb kiny\u00fal\u00e1st tesz lehet\u0151v\u00e9 a k\u00fcls\u0151 m\u00e9retek n\u00f6vel\u00e9se n\u00e9lk\u00fcl, \u00edgy ide\u00e1lisak korl\u00e1tozott helyig\u00e9ny\u0171 alkalmaz\u00e1sokhoz.<\/li>\n<li><strong>Kompatibilit\u00e1s:<\/strong> Term\u00e9keink t\u00f6k\u00e9letesen helyettes\u00edthetik a megl\u00e9v\u0151 hidraulikus hengereket, biztos\u00edtva a z\u00f6kken\u0151mentes integr\u00e1ci\u00f3t a k\u00fcl\u00f6nf\u00e9le kotr\u00f3g\u00e9p-modellekkel.<\/li>\n<\/ul>\n<p><img decoding=\"async\" src=\"https:\/\/www.hydraulic-cylinders.net\/wp-content\/uploads\/2025\/04\/songte-cylinder-head-with-all-kinds-excavator-models.webp\" alt=\"Kotr\u00f3g\u00e9p modellek\"><\/p>\n<h2>A g\u00e9mhengerek alkalmaz\u00e1sai<\/h2>\n<ul>\n<li><strong>\u00c9p\u00edt\u0151ipari berendez\u00e9sek:<\/strong> A kotr\u00f3g\u00e9pekben a g\u00e9mhengerek elengedhetetlenek a talaj vagy t\u00f6rmel\u00e9k \u00e1s\u00e1s\u00e1hoz, rakod\u00e1s\u00e1hoz \u00e9s mozgat\u00e1s\u00e1hoz. Pontos vez\u00e9rl\u00e9s\u00fck lehet\u0151v\u00e9 teszi a hat\u00e9kony f\u00f6ldmunk\u00e1t \u00e9s anyagmozgat\u00e1st, ami elengedhetetlen minden \u00e9p\u00edt\u00e9si ter\u00fcleten.<\/li>\n<li><strong>Mez\u0151gazdas\u00e1gi g\u00e9pek:<\/strong> A homlokrakod\u00f3kban haszn\u00e1lt g\u00e9mhengerek megk\u00f6nny\u00edtik a talaj, sz\u00e9na \u00e9s egy\u00e9b anyagok \u00e1s\u00e1s\u00e1t, emel\u00e9s\u00e9t \u00e9s sz\u00e1ll\u00edt\u00e1s\u00e1t, \u00edgy felbecs\u00fclhetetlen \u00e9rt\u00e9k\u0171ek a mez\u0151gazdas\u00e1gi m\u0171veletekben.<\/li>\n<li><strong>Kotr\u00f3g\u00e9pek:<\/strong> Ezek a hengerek lehet\u0151v\u00e9 teszik, hogy a kan\u00e1l hat\u00e9konyan hatoljon be a talajba, jav\u00edtva a f\u00f6ldmunk\u00e1k folyamat\u00e1t \u00e9s n\u00f6velve a termel\u00e9kenys\u00e9get a munkater\u00fcleteken.<\/li>\n<li><strong>Rakod\u00f3g\u00e9pek:<\/strong> A homlokrakod\u00f3kban a g\u00e9mhengerek hat\u00e9konyan seg\u00edtik az anyagok emel\u00e9s\u00e9t \u00e9s \u00fcr\u00edt\u00e9s\u00e9t, demonstr\u00e1lva sokoldal\u00fas\u00e1gukat a k\u00fcl\u00f6nb\u00f6z\u0151 g\u00e9pt\u00edpusokon.<\/li>\n<\/ul>\n<h2>Tervez\u00e9si szempontok \u00e9s kiv\u00e1laszt\u00e1si krit\u00e9riumok<\/h2>\n<ul>\n<li><strong>Teherb\u00edr\u00e1s:<\/strong> A tervez\u00e9snek figyelembe kell vennie a maxim\u00e1lis teherb\u00edr\u00e1st, hogy elker\u00fclje az \u00fczem k\u00f6zbeni meghib\u00e1sod\u00e1sokat. A megfelel\u0151 tervez\u00e9s biztos\u00edtja, hogy a henger a biztons\u00e1g vagy a teljes\u00edtm\u00e9ny vesz\u00e9lyeztet\u00e9se n\u00e9lk\u00fcl elb\u00edrja a mozgatott anyagok s\u00faly\u00e1t.<\/li>\n<li><strong>T\u00f6m\u00edt\u00e9si integrit\u00e1s:<\/strong> A hat\u00e9kony t\u00f6m\u00edt\u00e9s kulcsfontoss\u00e1g\u00fa a hidraulikafolyad\u00e9k sziv\u00e1rg\u00e1s\u00e1nak megakad\u00e1lyoz\u00e1s\u00e1hoz, ami teljes\u00edtm\u00e9nybeli probl\u00e9m\u00e1khoz \u00e9s k\u00f6rnyezeti agg\u00e1lyokhoz vezethet. A nyom\u00e1snak \u00e9s kop\u00e1snak ellen\u00e1ll\u00f3, kiv\u00e1l\u00f3 min\u0151s\u00e9g\u0171 t\u00f6m\u00edt\u00e9sek haszn\u00e1lata elengedhetetlen a henger m\u0171k\u00f6d\u0151k\u00e9pess\u00e9g\u00e9nek fenntart\u00e1s\u00e1hoz.<\/li>\n<li><strong>Tart\u00f3ss\u00e1g:<\/strong> Az \u00e9p\u00edt\u0151iparban haszn\u00e1lt anyagoknak ellen\u00e1llniuk kell a kop\u00e1snak \u00e9s a korr\u00f3zi\u00f3nak, k\u00fcl\u00f6n\u00f6sen ig\u00e9nyes k\u00f6rnyezetben. Ez a szempont kiterjed a fel\u00fcletkezel\u00e9sekre is, amelyek n\u00f6velik az \u00e9lettartamot \u00e9s minimaliz\u00e1lj\u00e1k a karbantart\u00e1si ig\u00e9nyt.<\/li>\n<li><strong>Biztons\u00e1gi jellemz\u0151k:<\/strong> A biztons\u00e1gi mechanizmusok, mint p\u00e9ld\u00e1ul a nyom\u00e1scs\u00f6kkent\u0151 szelepek, l\u00e9tfontoss\u00e1g\u00faak a rendszer t\u00falzott nyom\u00e1st\u00f3l val\u00f3 v\u00e9delme \u00e9rdek\u00e9ben, biztos\u00edtva a biztons\u00e1gos m\u0171k\u00f6d\u00e9st m\u00e9g nagy terhel\u00e9s alatt is.<\/li>\n<li><strong>Karbantart\u00e1si hozz\u00e1f\u00e9rhet\u0151s\u00e9g:<\/strong> A kialak\u00edt\u00e1snak lehet\u0151v\u00e9 kell tennie az egyszer\u0171 karbantart\u00e1st \u00e9s jav\u00edt\u00e1st, lehet\u0151v\u00e9 t\u00e9ve a kezel\u0151k sz\u00e1m\u00e1ra a rutinszer\u0171 ellen\u0151rz\u00e9sek \u00e9s szervizel\u00e9sek elv\u00e9gz\u00e9s\u00e9t hosszadalmas \u00e1ll\u00e1sid\u0151 n\u00e9lk\u00fcl.<\/li>\n<\/ul>\n<p><img decoding=\"async\" src=\"https:\/\/www.hydraulic-cylinders.net\/wp-content\/uploads\/2025\/04\/songte-oil-pipes-and-spare-parts.webp\" alt=\"Olajcs\u00f6vek \u00e9s alkatr\u00e9szek\"><\/p>\n<h2>T\u00f6m\u00edt\u00e9s \u00e9s ken\u00e9s<\/h2>\n<p>A megfelel\u0151 t\u00f6m\u00edt\u00e9s \u00e9s ken\u00e9s kritikus fontoss\u00e1g\u00fa a g\u00e9mhengerek teljes\u00edtm\u00e9nye \u00e9s hossz\u00fa \u00e9lettartama szempontj\u00e1b\u00f3l. K\u00fcl\u00f6nf\u00e9le t\u00f6m\u00edt\u00e9seket, p\u00e9ld\u00e1ul dugatty\u00fat\u00f6m\u00edt\u00e9seket \u00e9s r\u00fadt\u00f6m\u00edt\u00e9seket haszn\u00e1lnak annak biztos\u00edt\u00e1s\u00e1ra, hogy a hidraulikafolyad\u00e9k a hengeren bel\u00fcl maradjon. A t\u00f6m\u00edt\u00e9sek gyakran tart\u00f3s anyagokb\u00f3l, p\u00e9ld\u00e1ul poliuret\u00e1nb\u00f3l \u00e9s nitrilgumib\u00f3l k\u00e9sz\u00fclnek, amelyek ellen\u00e1llnak a kop\u00e1snak \u00e9s a k\u00f6rnyezeti k\u00e1roknak.<\/p>\n<p>Ezenk\u00edv\u00fcl a hengertest \u00e9s a menetes v\u00e9gek prec\u00edz megmunk\u00e1l\u00e1son esnek \u00e1t a kop\u00e1s\u00e1ll\u00f3s\u00e1g n\u00f6vel\u00e9se \u00e9rdek\u00e9ben. A rendszeres hidraulikaolajjal t\u00f6rt\u00e9n\u0151 ken\u00e9s sz\u00fcks\u00e9ges a z\u00f6kken\u0151mentes m\u0171k\u00f6d\u00e9s fenntart\u00e1s\u00e1hoz \u00e9s a s\u00farl\u00f3d\u00e1sb\u00f3l ered\u0151 kop\u00e1s \u00e9s k\u00e1rosod\u00e1s megel\u0151z\u00e9s\u00e9hez. Az \u00fctemezett karbantart\u00e1snak ki kell terjednie az olajszint \u00e9s a t\u00f6m\u00edt\u00e9sek \u00e9ps\u00e9g\u00e9nek ellen\u0151rz\u00e9s\u00e9re.<\/p>\n<h2>Rendszeres ellen\u0151rz\u00e9s \u00e9s megel\u0151z\u0151 karbantart\u00e1si int\u00e9zked\u00e9sek<\/h2>\n<ul>\n<li><strong>Rutin ellen\u0151rz\u00e9sek:<\/strong> A g\u00e9mhenger rendszeres ellen\u0151rz\u00e9s\u00e9t \u00fctemezni kell a kop\u00e1s, sziv\u00e1rg\u00e1sok vagy s\u00e9r\u00fcl\u00e9sek jeleinek azonos\u00edt\u00e1sa \u00e9rdek\u00e9ben. A probl\u00e9m\u00e1k korai felismer\u00e9se k\u00f6lts\u00e9ges jav\u00edt\u00e1sokat \u00e9s \u00e1ll\u00e1sid\u0151ket el\u0151zhet meg.<\/li>\n<li><strong>Ken\u00e9s:<\/strong> A megfelel\u0151 ken\u00e9s elengedhetetlen a z\u00f6kken\u0151mentes m\u0171k\u00f6d\u00e9shez \u00e9s a kop\u00e1s megel\u0151z\u00e9s\u00e9hez. A kezel\u0151knek gondoskodniuk kell arr\u00f3l, hogy a hidraulikaolaj szintje az aj\u00e1nlott szinten legyen, \u00e9s a haszn\u00e1latt\u00f3l f\u00fcgg\u0151en sz\u00fcks\u00e9g szerint ut\u00e1nt\u00f6lts\u00e9k.<\/li>\n<li><strong>T\u00f6m\u00edt\u00e9scsere:<\/strong> Id\u0151vel a t\u00f6m\u00edt\u00e9sek elkophatnak \u00e9s sziv\u00e1rg\u00e1sokhoz vezethetnek. A t\u00f6m\u00edt\u00e9sek ellen\u0151rz\u00e9s\u00e9nek \u00e9s cser\u00e9j\u00e9nek \u00fctemterve seg\u00edt meg\u0151rizni a henger \u00e9ps\u00e9g\u00e9t \u00e9s teljes\u00edtm\u00e9ny\u00e9t.<\/li>\n<\/ul>\n<h2>Telep\u00edt\u00e9si \u00fatmutat\u00f3<\/h2>\n<p>A g\u00e9mhenger helyes beszerel\u00e9se elengedhetetlen az optim\u00e1lis teljes\u00edtm\u00e9nyhez. Kezdje azzal, hogy a hengert megfelel\u0151en illeszti a r\u00f6gz\u00edt\u0151konzolokhoz, \u00fcgyelve a biztons\u00e1gos r\u00f6gz\u00edt\u00e9sre. A telep\u00edt\u00e9s sor\u00e1n haszn\u00e1ljon megfelel\u0151 r\u00f6gz\u00edt\u0151elemeket a henger r\u00f6gz\u00edt\u00e9s\u00e9hez.<\/p>\n<p>A henger r\u00f6gz\u00edt\u00e9se el\u0151tt ellen\u0151rizze, hogy az \u00f6sszes hidraulikavezet\u00e9k mentes-e a t\u00f6r\u00e9sekt\u0151l \u00e9s s\u00e9r\u00fcl\u00e9sekt\u0151l. A beszerel\u00e9s ut\u00e1n tesztelje a henger m\u0171k\u00f6d\u00e9s\u00e9t a teljes mozg\u00e1startom\u00e1ny\u00e1n kereszt\u00fcli ciklikusan t\u00f6rt\u00e9n\u0151 m\u0171k\u00f6dtet\u00e9ssel, ellen\u0151rizve, hogy nincs-e sziv\u00e1rg\u00e1s vagy szokatlan zaj. A megfelel\u0151 be\u00e1ll\u00edt\u00e1s \u00e9s m\u0171k\u00f6d\u00e9s biztos\u00edt\u00e1sa \u00e9rdek\u00e9ben be\u00e1ll\u00edt\u00e1sokra lehet sz\u00fcks\u00e9g.<\/p>\n<h2>Gyakori karbantart\u00e1si feladatok<\/h2>\n<ul>\n<li><strong>Rendszeres ellen\u0151rz\u00e9sek:<\/strong> Gyakran ellen\u0151rizze a kop\u00e1st, a sziv\u00e1rg\u00e1sokat \u00e9s a henger \u00e1ltal\u00e1nos \u00e1llapot\u00e1t, hogy a kisebb probl\u00e9m\u00e1kat m\u00e9g azel\u0151tt \u00e9szlelje, miel\u0151tt azok komolyabb\u00e1 v\u00e1ln\u00e1nak.<\/li>\n<li><strong>Megfelel\u0151 ken\u00e9s:<\/strong> Az optim\u00e1lis teljes\u00edtm\u00e9ny \u00e9rdek\u00e9ben \u00fcgyeljen a hidraulikaolaj megfelel\u0151 ut\u00e1nt\u00f6lt\u00e9s\u00e9re \u00e9s fenntart\u00e1s\u00e1ra.<\/li>\n<li><strong>T\u00f6m\u00edt\u00e9scsere:<\/strong> Figyelje a t\u00f6m\u00edt\u00e9sek kop\u00e1s\u00e1nak jeleit, \u00e9s tervezze meg a cser\u00e9j\u00fcket a folyad\u00e9ksziv\u00e1rg\u00e1s megel\u0151z\u00e9se \u00e9s a hat\u00e9konys\u00e1g fenntart\u00e1sa \u00e9rdek\u00e9ben.<\/li>\n<\/ul>\n<p>A telep\u00edt\u00e9si folyamat sor\u00e1n elengedhetetlen a henger megfelel\u0151 be\u00e1ll\u00edt\u00e1sa, hogy elker\u00fclj\u00fck a t\u00falzott ig\u00e9nybev\u00e9telt \u00e9s a potenci\u00e1lis meghib\u00e1sod\u00e1st. A megfelel\u0151 r\u00f6gz\u00edt\u0151konzolok \u00e9s szerelv\u00e9nyek haszn\u00e1lata biztos\u00edtja a stabilit\u00e1st. Az ellen\u0151rz\u00e9sre, jav\u00edt\u00e1sra \u00e9s cser\u00e9re vonatkoz\u00f3 aj\u00e1nlott elj\u00e1r\u00e1sok seg\u00edtenek meghosszabb\u00edtani a g\u00e9mhenger \u00e9lettartam\u00e1t.<\/p>\n<p><img decoding=\"async\" src=\"https:\/\/www.hydraulic-cylinders.net\/wp-content\/uploads\/2025\/04\/songte-chushion-collar.webp\" alt=\"P\u00e1rna gall\u00e9r\"><\/p>\n<h2>Biztons\u00e1gi szempontok \u00e9s k\u00f6rnyezeti t\u00e9nyez\u0151k<\/h2>\n<p>A biztons\u00e1gi int\u00e9zked\u00e9sek kiemelked\u0151en fontosak a g\u00e9mhengerekkel v\u00e9gzett munka sor\u00e1n. A kezel\u0151knek mindig be kell tartaniuk az aj\u00e1nlott biztons\u00e1gi protokollokat, bele\u00e9rtve a megfelel\u0151 szem\u00e9lyi v\u00e9d\u0151felszerel\u00e9s (PPE) visel\u00e9s\u00e9t \u00e9s annak biztos\u00edt\u00e1s\u00e1t, hogy a munkater\u00fclet mentes legyen a vesz\u00e9lyekt\u0151l. A hidraulikus hengerek kezel\u00e9s\u00e9re \u00e9s karbantart\u00e1s\u00e1ra vonatkoz\u00f3 megfelel\u0151 k\u00e9pz\u00e9s elengedhetetlen a balesetek megel\u0151z\u00e9se \u00e9rdek\u00e9ben.<\/p>\n<p>A k\u00f6rnyezetv\u00e9delmi szempontok is szerepet j\u00e1tszanak. A hidraulikafolyad\u00e9kokat \u00f3vatosan kell kezelni a ki\u00f6ml\u00e9s elker\u00fcl\u00e9se \u00e9rdek\u00e9ben, \u00e9s a hullad\u00e9kolajat a helyi el\u0151\u00edr\u00e1soknak megfelel\u0151en kell \u00e1rtalmatlan\u00edtani a k\u00f6rnyezeti hat\u00e1sok minimaliz\u00e1l\u00e1sa \u00e9rdek\u00e9ben.<\/p>\n<h2>Hibadiagn\u00f3zis \u00e9s gyakori probl\u00e9m\u00e1k<\/h2>\n<ul>\n<li><strong>Sziv\u00e1rg\u00e1s:<\/strong> Gyakori probl\u00e9ma a t\u00f6m\u00edt\u00e9sek folyad\u00e9ksziv\u00e1rg\u00e1sa, amelyet gyakran kop\u00e1s vagy s\u00e9r\u00fcl\u00e9s okoz. A sziv\u00e1rg\u00e1s forr\u00e1s\u00e1nak azonos\u00edt\u00e1sa kulcsfontoss\u00e1g\u00fa az id\u0151ben t\u00f6rt\u00e9n\u0151 jav\u00edt\u00e1shoz.<\/li>\n<li><strong>Cs\u00f6kkentett teljes\u00edtm\u00e9ny:<\/strong> Ha a henger nem h\u00faz\u00f3dik ki vagy be sim\u00e1n, az alacsony hidraulikafolyad\u00e9k-szintre vagy bels\u0151 s\u00e9r\u00fcl\u00e9sre utalhat.<\/li>\n<li><strong>Zaj m\u0171k\u00f6d\u00e9s k\u00f6zben:<\/strong> A szokatlan zajok ken\u00e9si probl\u00e9m\u00e1kra vagy mechanikai kop\u00e1sra utalhatnak, ami azonnali kivizsg\u00e1l\u00e1st tesz sz\u00fcks\u00e9gess\u00e9.<\/li>\n<\/ul>\n<h2>Hibaelh\u00e1r\u00edt\u00e1si tippek<\/h2>\n<p>A g\u00e9mhengerek probl\u00e9m\u00e1inak hat\u00e9kony diagnosztiz\u00e1l\u00e1sa \u00e9s megold\u00e1sa \u00e9rdek\u00e9ben a kezel\u0151knek rendszeresen ellen\u0151rizni\u00fck kell a teljes\u00edtm\u00e9nyt, \u00e9s proakt\u00edvan kell kezelni\u00fck az esetleges rendelleness\u00e9geket. Megel\u0151z\u0151 int\u00e9zked\u00e9seket, p\u00e9ld\u00e1ul \u00fctemezett karbantart\u00e1st kell v\u00e9grehajtaniuk a probl\u00e9m\u00e1k val\u00f3sz\u00edn\u0171s\u00e9g\u00e9nek cs\u00f6kkent\u00e9se \u00e9rdek\u00e9ben. A r\u00e9szletes karbantart\u00e1si napl\u00f3 vezet\u00e9se seg\u00edthet nyomon k\u00f6vetni a hengerek teljes\u00edtm\u00e9ny\u00e9t, \u00e9s azonos\u00edtani azokat a mint\u00e1kat, amelyek felmer\u00fcl\u0151 probl\u00e9m\u00e1kra utalhatnak.<\/p>\n<p><img decoding=\"async\" src=\"https:\/\/www.hydraulic-cylinders.net\/wp-content\/uploads\/2025\/04\/songte-bushings-with-all-kinds-of-excavator-models.webp\" alt=\"Perselyek kotr\u00f3g\u00e9p modellekkel\"><\/p>\n<h2>C\u00e9g\u00fcnkr\u0151l<\/h2>\n<p>Alternat\u00edv hidraulikus hengerek vezet\u0151 gy\u00e1rt\u00f3ja \u00e9s nagykeresked\u0151je vagyunk, \u00e9s sz\u00e9les term\u00e9kk\u00edn\u00e1latunkr\u00f3l ismertek. A kiv\u00e1l\u00f3s\u00e1g ir\u00e1nti elk\u00f6telezetts\u00e9g\u00fcnket kifinomult gy\u00e1rt\u00e1sir\u00e1ny\u00edt\u00e1si strat\u00e9gia vez\u00e9rli, amely a precizit\u00e1st \u00e9s a min\u0151s\u00e9get hangs\u00falyozza. A technol\u00f3giai fejleszt\u00e9sekre \u00f6sszpontos\u00edtva, rendk\u00edv\u00fcl fejlett gy\u00e1rt\u00f3berendez\u00e9seket \u00e9s professzion\u00e1lis tesztel\u0151rendszereket haszn\u00e1lunk termel\u00e9si k\u00e9pess\u00e9geink n\u00f6vel\u00e9se \u00e9rdek\u00e9ben.<\/p>\n<p>C\u00e9g\u00fcnk b\u00fcszke er\u0151s innov\u00e1ci\u00f3s kapacit\u00e1s\u00e1ra, amely lehet\u0151v\u00e9 teszi sz\u00e1munkra, hogy szem\u00e9lyre szabott szolg\u00e1ltat\u00e1sokkal el\u00e9g\u00edts\u00fck ki \u00fcgyfeleink v\u00e1ltozatos ig\u00e9nyeit. Nemzetk\u00f6zi tan\u00fas\u00edtv\u00e1nnyal rendelkez\u00fcnk, ami biztos\u00edtja, hogy term\u00e9keink megfeleljenek a glob\u00e1lis min\u0151s\u00e9gi szabv\u00e1nyoknak. Elk\u00f6telezett \u00e9rt\u00e9kes\u00edt\u00e9s ut\u00e1ni szolg\u00e1ltat\u00e1sunk tov\u00e1bb er\u0151s\u00edti elk\u00f6telezetts\u00e9g\u00fcnket az \u00fcgyfelek el\u00e9gedetts\u00e9ge ir\u00e1nt.<\/p>\n<p><img decoding=\"async\" src=\"https:\/\/www.hydraulic-cylinders.net\/wp-content\/uploads\/2025\/04\/songte-company-4.webp\" alt=\"C\u00e9ginform\u00e1ci\u00f3\"><br \/>\n<img decoding=\"async\" src=\"https:\/\/www.hydraulic-cylinders.net\/wp-content\/uploads\/2025\/04\/songte-company-3.webp\" alt=\"C\u00e9g Termel\u00e9si L\u00e9tes\u00edtm\u00e9ny\"><\/p>\n<p>Szerz\u0151: lyl<\/p>","protected":false},"excerpt":{"rendered":"<p>Boom Cylinder For XCMG Small Excavator XE75 Understanding the Boom Cylinder The boom cylinder is a crucial component in various heavy machinery, particularly in excavators, backhoe loaders, and front loaders. It is a type of hydraulic cylinder designed specifically to control the movement of the bucket, allowing it to lift, lower, and tilt efficiently. This [&hellip;]<\/p>","protected":false},"featured_media":17881,"comment_status":"open","ping_status":"closed","template":"","meta":{"_et_pb_use_builder":"","_et_pb_old_content":"","_et_gb_content_width":""},"product_brand":[],"product_cat":[1546],"product_tag":[1547,1496],"class_list":{"0":"post-19180","1":"product","2":"type-product","3":"status-publish","4":"has-post-thumbnail","6":"product_cat-boom-cylinders","7":"product_tag-boom-cylinders","8":"product_tag-hydraulic-cylinders","10":"first","11":"instock","12":"shipping-taxable","13":"product-type-simple"},"amp_enabled":true,"_links":{"self":[{"href":"https:\/\/www.hydraulic-cylinders.net\/hu\/wp-json\/wp\/v2\/product\/19180","targetHints":{"allow":["GET"]}}],"collection":[{"href":"https:\/\/www.hydraulic-cylinders.net\/hu\/wp-json\/wp\/v2\/product"}],"about":[{"href":"https:\/\/www.hydraulic-cylinders.net\/hu\/wp-json\/wp\/v2\/types\/product"}],"replies":[{"embeddable":true,"href":"https:\/\/www.hydraulic-cylinders.net\/hu\/wp-json\/wp\/v2\/comments?post=19180"}],"wp:featuredmedia":[{"embeddable":true,"href":"https:\/\/www.hydraulic-cylinders.net\/hu\/wp-json\/wp\/v2\/media\/17881"}],"wp:attachment":[{"href":"https:\/\/www.hydraulic-cylinders.net\/hu\/wp-json\/wp\/v2\/media?parent=19180"}],"wp:term":[{"taxonomy":"product_brand","embeddable":true,"href":"https:\/\/www.hydraulic-cylinders.net\/hu\/wp-json\/wp\/v2\/product_brand?post=19180"},{"taxonomy":"product_cat","embeddable":true,"href":"https:\/\/www.hydraulic-cylinders.net\/hu\/wp-json\/wp\/v2\/product_cat?post=19180"},{"taxonomy":"product_tag","embeddable":true,"href":"https:\/\/www.hydraulic-cylinders.net\/hu\/wp-json\/wp\/v2\/product_tag?post=19180"}],"curies":[{"name":"munkaf\u00fczet","href":"https:\/\/api.w.org\/{rel}","templated":true}]}}