{"id":19195,"date":"2025-04-07T06:17:31","date_gmt":"2025-04-07T06:17:31","guid":{"rendered":"https:\/\/www.hydraulic-cylinders.net\/product\/boom-cylinder-for-xcmg-middle-excavator-xe260cll\/"},"modified":"2025-04-07T06:17:34","modified_gmt":"2025-04-07T06:17:34","slug":"boom-cylinder-for-xcmg-middle-excavator-xe260cll","status":"publish","type":"product","link":"https:\/\/www.hydraulic-cylinders.net\/hu\/termek\/boom-cylinder-for-xcmg-middle-excavator-xe260cll\/","title":{"rendered":"XCMG XE260CLL k\u00f6z\u00e9pkotr\u00f3g\u00e9p g\u00e9mhenger"},"content":{"rendered":"<h1>XCMG XE260CLL k\u00f6z\u00e9pkotr\u00f3g\u00e9p g\u00e9mhenger<\/h1>\n<h2>Term\u00e9k\u00e1ttekint\u00e9s<\/h2>\n<p>Az XCMG XE260CLL k\u00f6z\u00e9pkotr\u00f3g\u00e9p g\u00e9mhengere kulcsfontoss\u00e1g\u00fa eleme a kotr\u00f3g\u00e9pek hidraulikus rendszer\u00e9nek. Ez a hidraulikus henger kifejezetten a g\u00e9m mozg\u00e1s\u00e1nak vez\u00e9rl\u00e9s\u00e9re szolg\u00e1l, lehet\u0151v\u00e9 t\u00e9ve a prec\u00edz emel\u00e9st, s\u00fcllyeszt\u00e9st \u00e9s billent\u00e9st. Ezek a funkci\u00f3k elengedhetetlenek a k\u00fcl\u00f6nf\u00e9le anyagmozgat\u00e1si feladatokhoz, biztos\u00edtva a m\u0171veletek hat\u00e9konys\u00e1g\u00e1t \u00e9s eredm\u00e9nyess\u00e9g\u00e9t.<\/p>\n<p><img decoding=\"async\" src=\"https:\/\/www.hydraulic-cylinders.net\/wp-content\/uploads\/2025\/04\/songte-company-1.webp\" alt=\"G\u00e9mhenger kotr\u00f3g\u00e9phez\" \/><\/p>\n<h3>Defin\u00edci\u00f3 \u00e9s funkci\u00f3<\/h3>\n<p>A g\u00e9mhengerek hidraulikus hengerek, amelyek l\u00e9tfontoss\u00e1g\u00fa szerepet j\u00e1tszanak a neh\u00e9zg\u00e9pekben, k\u00fcl\u00f6n\u00f6sen a kotr\u00f3g\u00e9pekben, kotr\u00f3g\u00e9p-rakod\u00f3kban \u00e9s homlokrakod\u00f3kban. Megk\u00f6nny\u00edtik a g\u00e9m mozg\u00e1s\u00e1t, lehet\u0151v\u00e9 t\u00e9ve a kezel\u0151k sz\u00e1m\u00e1ra az olyan alapvet\u0151 feladatok elv\u00e9gz\u00e9s\u00e9t, mint az \u00e1s\u00e1s, az emel\u00e9s \u00e9s az anyagok sz\u00e1ll\u00edt\u00e1sa. A hidraulikus rendszer nyom\u00e1sa sima \u00e9s szab\u00e1lyozott mozg\u00e1st tesz lehet\u0151v\u00e9, \u00edgy ezek a hengerek n\u00e9lk\u00fcl\u00f6zhetetlenek az \u00e9p\u00edt\u0151ipari \u00e9s mez\u0151gazdas\u00e1gi g\u00e9pekben.<\/p>\n<h2>F\u0151bb jellemz\u0151k<\/h2>\n<ul>\n<li><strong>Nagy szil\u00e1rds\u00e1g \u00e9s tart\u00f3ss\u00e1g:<\/strong> Nagy szil\u00e1rds\u00e1g\u00fa ac\u00e9lb\u00f3l vagy alum\u00edniumb\u00f3l k\u00e9sz\u00fcltek, ezek a hengerek ellen\u00e1llnak a nagy nyom\u00e1snak \u00e9s a nagy terhel\u00e9seknek, \u00edgy alkalmasak a zord munkak\u00f6rnyezetre.<\/li>\n<li><strong>Hat\u00e9kony hidraulikus m\u0171k\u00f6dtet\u00e9s:<\/strong> A hidraulikaolaj nyom\u00e1s\u00e1nak kihaszn\u00e1l\u00e1sa lehet\u0151v\u00e9 teszi a sima kiny\u00fal\u00e1st \u00e9s visszah\u00faz\u00e1st, \u00edgy nagy h\u00faz\u00f3- \u00e9s tol\u00f3er\u0151t biztos\u00edt, amely a neh\u00e9z emel\u00e9sekhez \u00e9s \u00f6sszetett feladatokhoz sz\u00fcks\u00e9ges.<\/li>\n<li><strong>K\u00fcl\u00f6nb\u00f6z\u0151 t\u00edpusok:<\/strong> Ezek a hengerek egyszeres vagy kett\u0151s m\u0171k\u00f6d\u00e9s\u0171 konfigur\u00e1ci\u00f3ban kaphat\u00f3k, \u00e9s a k\u00fcl\u00f6nf\u00e9le m\u0171k\u00f6d\u00e9si ig\u00e9nyekhez igaz\u00edthat\u00f3k. Egyes modellek teleszk\u00f3posak, \u00edgy nagyobb hat\u00f3t\u00e1vols\u00e1got biztos\u00edtanak a k\u00fcls\u0151 m\u00e9retek n\u00f6vel\u00e9se n\u00e9lk\u00fcl.<\/li>\n<li><strong>K\u00f6nny\u0171 telep\u00edt\u00e9s:<\/strong> K\u00fcl\u00f6nb\u00f6z\u0151 kotr\u00f3g\u00e9pmodellekkel val\u00f3 kompatibilit\u00e1sra tervezt\u00e9k, biztos\u00edtva az egyszer\u0171 csere- \u00e9s telep\u00edt\u00e9si folyamatokat.<\/li>\n<li><strong>Karbantart\u00e1sbar\u00e1t kialak\u00edt\u00e1s:<\/strong> Olyan funkci\u00f3kat tartalmaz, amelyek leegyszer\u0171s\u00edtik az ellen\u0151rz\u00e9st \u00e9s a karbantart\u00e1st, meghosszabb\u00edtva a henger \u00e9lettartam\u00e1t.<\/li>\n<\/ul>\n<p>Term\u00e9keink t\u00f6k\u00e9letesen helyettes\u00edthetik a megl\u00e9v\u0151 hidraulikus hengereket, biztos\u00edtva az optim\u00e1lis teljes\u00edtm\u00e9nyt \u00e9s megb\u00edzhat\u00f3s\u00e1got.<\/p>\n<p><img decoding=\"async\" src=\"https:\/\/www.hydraulic-cylinders.net\/wp-content\/uploads\/2025\/04\/songte-cylinder-head-with-all-kinds-excavator-models.webp\" alt=\"Kotr\u00f3g\u00e9p hengerfej\" \/><\/p>\n<h2>Alkalmaz\u00e1si forgat\u00f3k\u00f6nyvek<\/h2>\n<h3>\u00c9p\u00edt\u0151ipari berendez\u00e9sek<\/h3>\n<p>A kotr\u00f3g\u00e9pekben a g\u00e9mhengerek elengedhetetlenek a talaj vagy t\u00f6rmel\u00e9k \u00e1s\u00e1s\u00e1hoz, rakod\u00e1s\u00e1hoz \u00e9s mozgat\u00e1s\u00e1hoz. A g\u00e9m helyzet\u00e9nek pontos szab\u00e1lyoz\u00e1s\u00e1ra val\u00f3 k\u00e9pess\u00e9g\u00fck lehet\u0151v\u00e9 teszi a hat\u00e9kony f\u00f6ldmunk\u00e1t \u00e9s anyagmozgat\u00e1st, \u00edgy n\u00e9lk\u00fcl\u00f6zhetetlenek az \u00e9p\u00edt\u00e9si projektekhez.<\/p>\n<h3>Mez\u0151gazdas\u00e1gi g\u00e9pek<\/h3>\n<p>A homlokrakod\u00f3kban a g\u00e9mhengerek megk\u00f6nny\u00edtik a talaj, sz\u00e9na \u00e9s egy\u00e9b anyagok kal\u00e1szol\u00e1s\u00e1t, emel\u00e9s\u00e9t \u00e9s sz\u00e1ll\u00edt\u00e1s\u00e1t. Robusztus kialak\u00edt\u00e1suk biztos\u00edtja, hogy k\u00e9pesek legyenek kezelni a mez\u0151gazdas\u00e1gi feladatok ig\u00e9nyeit, jav\u00edtva a gazdas\u00e1gok hat\u00e9konys\u00e1g\u00e1t \u00e9s termel\u00e9kenys\u00e9g\u00e9t.<\/p>\n<h3>Kotr\u00f3g\u00e9pek<\/h3>\n<p>A g\u00e9mhengerek kulcsfontoss\u00e1g\u00faak a kotr\u00f3g\u00e9pek \u00e1s\u00e1si m\u0171veleteinek elv\u00e9gz\u00e9s\u00e9hez, lehet\u0151v\u00e9 t\u00e9ve a kan\u00e1l hat\u00e9kony talajba hatol\u00e1s\u00e1t. Ez a funkci\u00f3 l\u00e9tfontoss\u00e1g\u00fa a k\u00fcl\u00f6nf\u00e9le \u00e1sat\u00e1si projektekhez, legyen sz\u00f3 tereprendez\u00e9sr\u0151l, \u00e9p\u00edtkez\u00e9sr\u0151l vagy bont\u00e1sr\u00f3l.<\/p>\n<h3>Rakod\u00f3k<\/h3>\n<p>A homlokrakod\u00f3kban a g\u00e9mhengerek hat\u00e9konyan seg\u00edtik a rakom\u00e1nyok emel\u00e9s\u00e9t \u00e9s \u00fcr\u00edt\u00e9s\u00e9t. Er\u0151teljes m\u0171k\u00f6d\u00e9s\u00fck elengedhetetlen a neh\u00e9z anyagok kezel\u00e9s\u00e9hez, biztos\u00edtva a feladatok gyors \u00e9s hat\u00e9kony elv\u00e9gz\u00e9s\u00e9t.<\/p>\n<h2>Tervez\u00e9si szempontok \u00e9s kiv\u00e1laszt\u00e1si krit\u00e9riumok<\/h2>\n<h3>Teherb\u00edr\u00e1s<\/h3>\n<p>G\u00e9mhenger kiv\u00e1laszt\u00e1sakor kulcsfontoss\u00e1g\u00fa a teherb\u00edr\u00e1s ismerete. Ez a specifik\u00e1ci\u00f3 hat\u00e1rozza meg, hogy a henger mekkora s\u00falyt k\u00e9pes biztons\u00e1gosan felemelni \u00e9s kezelni. A meghib\u00e1sod\u00e1sok megel\u0151z\u00e9se \u00e9s a biztons\u00e1g garant\u00e1l\u00e1sa \u00e9rdek\u00e9ben elengedhetetlen olyan henger kiv\u00e1laszt\u00e1sa, amely megfelel vagy meghaladja az adott alkalmaz\u00e1s k\u00f6vetelm\u00e9nyeit. A henger t\u00falterhel\u00e9se katasztrof\u00e1lis meghib\u00e1sod\u00e1sokhoz vezethet, ez\u00e9rt l\u00e9tfontoss\u00e1g\u00fa az anyagok s\u00faly\u00e1nak rendszeres felm\u00e9r\u00e9se.<\/p>\n<h3>T\u00f6m\u00edt\u00e9si teljes\u00edtm\u00e9ny<\/h3>\n<p>A t\u00f6m\u00edt\u00e9s a hidraulikus hengerek egy m\u00e1sik kritikus szempontja. A megfelel\u0151 t\u00f6m\u00edt\u00e9sek megakad\u00e1lyozz\u00e1k a sziv\u00e1rg\u00e1sokat \u00e9s fenntartj\u00e1k a nyom\u00e1st a rendszerben. A tart\u00f3s anyagokb\u00f3l k\u00e9sz\u00fclt, kiv\u00e1l\u00f3 min\u0151s\u00e9g\u0171 t\u00f6m\u00edt\u00e9sek elengedhetetlenek a megb\u00edzhat\u00f3 m\u0171k\u00f6d\u00e9s biztos\u00edt\u00e1s\u00e1hoz. A rossz t\u00f6m\u00edt\u00e9s hidraulikus folyad\u00e9kvesztes\u00e9ghez, cs\u00f6kkent hat\u00e9konys\u00e1ghoz \u00e9s k\u00f6rnyezeti vesz\u00e9lyekhez vezethet, ami hangs\u00falyozza a kiv\u00e1l\u00f3 min\u0151s\u00e9g\u0171 t\u00f6m\u00edt\u0151 alkatr\u00e9szek haszn\u00e1lat\u00e1nak fontoss\u00e1g\u00e1t.<\/p>\n<h3>Tart\u00f3ss\u00e1g<\/h3>\n<p>A tart\u00f3ss\u00e1g jelent\u0151s t\u00e9nyez\u0151 a hidraulikus hengerek tervez\u00e9s\u00e9n\u00e9l. Ezek az alkatr\u00e9szek zord \u00fczemi k\u00f6r\u00fclm\u00e9nyeknek vannak kit\u00e9ve, bele\u00e9rtve a sz\u00e9ls\u0151s\u00e9ges h\u0151m\u00e9rs\u00e9kleteket, a port \u00e9s a nedvess\u00e9get. A tart\u00f3ss\u00e1got fokoz\u00f3 anyagok \u00e9s kialak\u00edt\u00e1sok kiv\u00e1laszt\u00e1sa kulcsfontoss\u00e1g\u00fa a hossz\u00fa t\u00e1v\u00fa teljes\u00edtm\u00e9nyhez. A rendszeres ellen\u0151rz\u00e9sek \u00e9s karbantart\u00e1s tov\u00e1bb n\u00f6velheti a henger \u00e9lettartam\u00e1t, biztos\u00edtva az optim\u00e1lis teljes\u00edtm\u00e9nyt az id\u0151 m\u00fal\u00e1s\u00e1val.<\/p>\n<h3>Biztons\u00e1gi funkci\u00f3k<\/h3>\n<p>A biztons\u00e1g kiemelked\u0151 fontoss\u00e1g\u00fa a hidraulikus rendszerek eset\u00e9ben. A g\u00e9mhengereknek biztons\u00e1gi funkci\u00f3kkal, p\u00e9ld\u00e1ul nyom\u00e1scs\u00f6kkent\u0151 szelepekkel kell rendelkezni\u00fck a t\u00falnyom\u00e1s megakad\u00e1lyoz\u00e1sa \u00e9rdek\u00e9ben. Ezenk\u00edv\u00fcl a megfelel\u0151 telep\u00edt\u00e9s \u00e9s a rendszeres karbantart\u00e1si ellen\u0151rz\u00e9sek seg\u00edthetnek cs\u00f6kkenteni a hidraulikus meghib\u00e1sod\u00e1sokkal kapcsolatos kock\u00e1zatokat. A kezel\u0151ket ki kell k\u00e9pezni a kop\u00e1s vagy meghib\u00e1sod\u00e1s jeleinek felismer\u00e9s\u00e9re a biztons\u00e1gos munkak\u00f6rnyezet el\u0151seg\u00edt\u00e9se \u00e9rdek\u00e9ben.<\/p>\n<h3>Szervizelhet\u0151s\u00e9g<\/h3>\n<p>A hidraulikus hengerek k\u00f6nny\u0171 karbantart\u00e1sra val\u00f3 tervez\u00e9se n\u00f6veli azok szervizelhet\u0151s\u00e9g\u00e9t, cs\u00f6kkenti az \u00e1ll\u00e1sid\u0151t \u00e9s a jav\u00edt\u00e1si k\u00f6lts\u00e9geket. Az olyan jellemz\u0151k, mint a k\u00f6nnyen hozz\u00e1f\u00e9rhet\u0151 t\u00f6m\u00edt\u00e9sek \u00e9s alkatr\u00e9szek, megk\u00f6nny\u00edtik a jav\u00edt\u00e1sokat vagy cser\u00e9ket. Rendszeres karbantart\u00e1si \u00fctemterveket kell l\u00e9trehozni annak \u00e9rdek\u00e9ben, hogy az esetleges kop\u00e1sokat \u00e9s elhaszn\u00e1l\u00f3d\u00e1sokat azonnal kezelj\u00e9k, ez\u00e1ltal meghosszabb\u00edtva a berendez\u00e9s \u00e9lettartam\u00e1t.<\/p>\n<p><img decoding=\"async\" src=\"https:\/\/www.hydraulic-cylinders.net\/wp-content\/uploads\/2025\/04\/songte-oil-pipes-and-spare-parts.webp\" alt=\"Hidraulikus alkatr\u00e9szek\" \/><\/p>\n<h2>T\u00f6m\u00edt\u00e9s \u00e9s ken\u00e9s<\/h2>\n<p>A hat\u00e9kony t\u00f6m\u00edt\u00e9s \u00e9s ken\u00e9s elengedhetetlen a g\u00e9mhengerek optim\u00e1lis teljes\u00edtm\u00e9ny\u00e9hez. K\u00fcl\u00f6nb\u00f6z\u0151 t\u00f6m\u00edt\u0151elemeket, p\u00e9ld\u00e1ul dugatty\u00fat\u00f6m\u00edt\u00e9seket \u00e9s r\u00fadt\u00f6m\u00edt\u00e9seket alkalmaznak a hidraulikus rendszer integrit\u00e1s\u00e1nak fenntart\u00e1sa \u00e9rdek\u00e9ben. A kop\u00e1s\u00e1ll\u00f3 anyagokb\u00f3l, p\u00e9ld\u00e1ul poliuret\u00e1nb\u00f3l vagy nitrilgumib\u00f3l k\u00e9sz\u00fclt t\u00f6m\u00edt\u00e9sek kiv\u00e1laszt\u00e1sa n\u00f6veli a tart\u00f3ss\u00e1got \u00e9s a teljes\u00edtm\u00e9nyt. A hengertestet \u00e9s a menetes v\u00e9gfel\u00fcleteket finoman megmunk\u00e1lni kell a kop\u00e1s\u00e1ll\u00f3s\u00e1g jav\u00edt\u00e1sa \u00e9rdek\u00e9ben.<\/p>\n<p>A rendszeres ken\u00e9s szint\u00e9n kulcsfontoss\u00e1g\u00fa. A z\u00f6kken\u0151mentes m\u0171k\u00f6d\u00e9s biztos\u00edt\u00e1sa \u00e9s a t\u00falzott kop\u00e1s megel\u0151z\u00e9se \u00e9rdek\u00e9ben rendszeresen megfelel\u0151 mennyis\u00e9g\u0171 hidraulikaolajat kell ut\u00e1nt\u00f6lteni. A megfelel\u0151 olajszint \u00e9s min\u0151s\u00e9g fenntart\u00e1sa elengedhetetlen a hidraulikus alkatr\u00e9szek hossz\u00fa \u00e9lettartam\u00e1hoz.<\/p>\n<h2>Rendszeres ellen\u0151rz\u00e9sek \u00e9s megel\u0151z\u0151 karbantart\u00e1si int\u00e9zked\u00e9sek<\/h2>\n<ul>\n<li><strong>Rendszeres ellen\u0151rz\u00e9sek:<\/strong> A hidraulikus hengerek sziv\u00e1rg\u00e1s\u00e1nak, kop\u00e1s\u00e1nak \u00e9s s\u00e9r\u00fcl\u00e9seinek ellen\u0151rz\u00e9se elengedhetetlen. A kezel\u0151knek rendszeresen vizu\u00e1lis ellen\u0151rz\u00e9seket kell v\u00e9gezni\u00fck a lehets\u00e9ges probl\u00e9m\u00e1k azonos\u00edt\u00e1sa \u00e9rdek\u00e9ben, miel\u0151tt azok s\u00falyosbodn\u00e1nak.<\/li>\n<li><strong>Megfelel\u0151 ken\u00e9s:<\/strong> A hidraulikus hengerek megfelel\u0151 ken\u00e9se elengedhetetlen a z\u00f6kken\u0151mentes m\u0171k\u00f6d\u00e9shez \u00e9s a kop\u00e1s megel\u0151z\u00e9s\u00e9hez. Ez mag\u00e1ban foglalja az olajszint ellen\u0151rz\u00e9s\u00e9t \u00e9s a sz\u00fcks\u00e9ges olajcser\u00e9t.<\/li>\n<li><strong>T\u00f6m\u00edt\u00e9scsere:<\/strong> A t\u00f6m\u00edt\u00e9sek rendszeres cser\u00e9je megakad\u00e1lyozhatja a hidraulikafolyad\u00e9k sziv\u00e1rg\u00e1s\u00e1t \u00e9s fenntarthatja a rendszer hat\u00e9konys\u00e1g\u00e1t. A kezel\u0151ket ki kell k\u00e9pezni arra, hogy felismerj\u00e9k, mikor kell cser\u00e9lni a t\u00f6m\u00edt\u00e9seket, hogy elker\u00fclj\u00e9k a rendszer meghib\u00e1sod\u00e1sait.<\/li>\n<\/ul>\n<h2>Telep\u00edt\u00e9si \u00fatmutat\u00f3<\/h2>\n<p>A g\u00e9mhengerek megfelel\u0151 beszerel\u00e9se elengedhetetlen az optim\u00e1lis teljes\u00edtm\u00e9ny biztos\u00edt\u00e1s\u00e1hoz. Beszerel\u00e9skor elengedhetetlen a henger megfelel\u0151 illeszt\u00e9se a r\u00f6gz\u00edt\u00e9si pontokhoz. A hib\u00e1s be\u00e1ll\u00edt\u00e1s a henger id\u0151 el\u0151tti kop\u00e1s\u00e1t vagy meghib\u00e1sod\u00e1s\u00e1t okozhatja. Haszn\u00e1ljon megfelel\u0151 r\u00f6gz\u00edt\u0151konzolokat a henger r\u00f6gz\u00edt\u00e9s\u00e9hez a telep\u00edt\u00e9s sor\u00e1n.<\/p>\n<p>A konkr\u00e9t telep\u00edt\u00e9si utas\u00edt\u00e1sokat \u00e9s nyomat\u00e9k-specifik\u00e1ci\u00f3kat mindig a gy\u00e1rt\u00f3 ir\u00e1nyelveiben tal\u00e1lja. A telep\u00edt\u00e9s ut\u00e1n ellen\u0151rizze a sziv\u00e1rg\u00e1sokat, \u00e9s gy\u0151z\u0151dj\u00f6n meg arr\u00f3l, hogy a hidraulikus rendszer megfelel\u0151en m\u0171k\u00f6dik. Rendszeresen figyelje a henger teljes\u00edtm\u00e9ny\u00e9t, hogy a probl\u00e9m\u00e1kat id\u0151ben \u00e9szrevegye.<\/p>\n<h2>Karbantart\u00e1si feladatok<\/h2>\n<ul>\n<li><strong>Rendszeres ellen\u0151rz\u00e9sek:<\/strong> Rendszeres ellen\u0151rz\u00e9seket kell v\u00e9gezni az esetleges rendellenes jelek, p\u00e9ld\u00e1ul sziv\u00e1rg\u00e1sok vagy szokatlan zajok azonos\u00edt\u00e1sa \u00e9rdek\u00e9ben. Ez seg\u00edt a lehets\u00e9ges probl\u00e9m\u00e1k id\u0151ben t\u00f6rt\u00e9n\u0151 kezel\u00e9s\u00e9ben.<\/li>\n<li><strong>Megfelel\u0151 ken\u00e9s:<\/strong> Gy\u0151z\u0151dj\u00f6n meg arr\u00f3l, hogy a hidraulikaolaj szintje megfelel\u0151, \u00e9s hogy az olaj tiszta. A teljes\u00edtm\u00e9ny fenntart\u00e1sa \u00e9rdek\u00e9ben haszn\u00e1lja a gy\u00e1rt\u00f3 \u00e1ltal aj\u00e1nlott olajat.<\/li>\n<li><strong>T\u00f6m\u00edt\u00e9s csere \u00e9s kalibr\u00e1l\u00e1s:<\/strong> Rendszeresen ellen\u0151rizze a t\u00f6m\u00edt\u00e9sek kop\u00e1s\u00e1t, \u00e9s sz\u00fcks\u00e9g szerint cser\u00e9lje ki \u0151ket. A kalibr\u00e1ci\u00f3s ellen\u0151rz\u00e9sek biztos\u00edtj\u00e1k, hogy a rendszer a megadott param\u00e9tereken bel\u00fcl m\u0171k\u00f6dj\u00f6n, n\u00f6velve a biztons\u00e1got \u00e9s a teljes\u00edtm\u00e9nyt.<\/li>\n<\/ul>\n<p>A megfelel\u0151 telep\u00edt\u00e9s, ken\u00e9s \u00e9s be\u00e1ll\u00edt\u00e1s elengedhetetlen a hidraulikus hengerek hossz\u00fa \u00e9lettartam\u00e1hoz. A telep\u00edt\u00e9s sor\u00e1n \u00fcgyeljen a megfelel\u0151 be\u00e1ll\u00edt\u00e1sra, \u00e9s haszn\u00e1lja a megfelel\u0151 r\u00f6gz\u00edt\u0151konzolokat a henger r\u00f6gz\u00edt\u00e9s\u00e9hez. K\u00f6vesse az aj\u00e1nlott ellen\u0151rz\u00e9si, jav\u00edt\u00e1si \u00e9s csere elj\u00e1r\u00e1sokat, \u00e9s vegye figyelembe fel\u00faj\u00edt\u00e1si szolg\u00e1ltat\u00e1sainkat a hidraulikus alkatr\u00e9szek \u00e9lettartam\u00e1nak meghosszabb\u00edt\u00e1sa \u00e9rdek\u00e9ben.<\/p>\n<p><img decoding=\"async\" src=\"https:\/\/www.hydraulic-cylinders.net\/wp-content\/uploads\/2025\/04\/songte-chushion-collar.webp\" alt=\"P\u00e1rna gall\u00e9r\" \/><\/p>\n<h2>Biztons\u00e1gi szempontok \u00e9s k\u00f6rnyezeti t\u00e9nyez\u0151k<\/h2>\n<p>A hidraulikus rendszerekkel v\u00e9gzett munka sor\u00e1n a biztons\u00e1g el\u0151t\u00e9rbe helyez\u00e9se kulcsfontoss\u00e1g\u00fa. A kezel\u0151knek mindig megfelel\u0151 szem\u00e9lyi v\u00e9d\u0151felszerel\u00e9st kell viselni\u00fck, \u00e9s v\u00e9szhelyzeti elj\u00e1r\u00e1sokra kell kik\u00e9pezni \u0151ket. Ezenk\u00edv\u00fcl a biztons\u00e1gi int\u00e9zked\u00e9sek v\u00e9grehajt\u00e1sa, p\u00e9ld\u00e1ul a sziv\u00e1rg\u00e1sok rendszeres ellen\u0151rz\u00e9se \u00e9s a berendez\u00e9sek karbantart\u00e1sa elengedhetetlen a hidraulikus meghib\u00e1sod\u00e1sokkal kapcsolatos kock\u00e1zatok cs\u00f6kkent\u00e9se \u00e9rdek\u00e9ben.<\/p>\n<h2>Hibaelh\u00e1r\u00edt\u00e1s \u00e9s gyakori probl\u00e9m\u00e1k<\/h2>\n<ul>\n<li><strong>Sziv\u00e1rg\u00e1s:<\/strong> A hidraulikus hengerek egyik leggyakoribb probl\u00e9m\u00e1ja. Ellen\u0151rizze a t\u00f6m\u00edt\u00e9seket \u00e9s szerelv\u00e9nyeket kop\u00e1s vagy s\u00e9r\u00fcl\u00e9s szempontj\u00e1b\u00f3l, \u00e9s sz\u00fcks\u00e9g eset\u00e9n cser\u00e9lje ki \u0151ket.<\/li>\n<li><strong>Nem elegend\u0151 teljes\u00edtm\u00e9ny:<\/strong> Ha a henger nem emelkedik vagy mozog a v\u00e1rt m\u00f3don, ellen\u0151rizze a hidraulikafolyad\u00e9k szintj\u00e9t, \u00e9s keressen elt\u00f6m\u0151d\u00e9seket a vezet\u00e9kekben.<\/li>\n<li><strong>Szokatlan zajok:<\/strong> A csikorg\u00f3 vagy sziszeg\u0151 hangok leveg\u0151 jelenl\u00e9t\u00e9re vagy alacsony folyad\u00e9kszintre utalhatnak a rendszerben. Halad\u00e9ktalanul vizsg\u00e1lja ki \u00e9s jav\u00edtsa ki ezeket a probl\u00e9m\u00e1kat.<\/li>\n<\/ul>\n<h3>Hibaelh\u00e1r\u00edt\u00e1si tippek<\/h3>\n<p>Ha probl\u00e9m\u00e1kat tapasztal a g\u00e9mhengerrel, kezdje a t\u00f6m\u00edt\u00e9sek sziv\u00e1rg\u00e1s\u00e1nak vagy reped\u00e9s\u00e9nek ellen\u0151rz\u00e9s\u00e9vel. Gy\u0151z\u0151dj\u00f6n meg arr\u00f3l, hogy a hidraulikafolyad\u00e9k szintje megfelel\u0151, \u00e9s szennyez\u0151d\u00e9sekt\u0151l mentes. A rendszeres karbantart\u00e1s sz\u00e1mos gyakori probl\u00e9m\u00e1t enyh\u00edthet, ez\u00e9rt hozzon l\u00e9tre egy rutinszer\u0171 ellen\u0151rz\u00e9si \u00fctemtervet a lehets\u00e9ges probl\u00e9m\u00e1k korai felismer\u00e9se \u00e9rdek\u00e9ben.<\/p>\n<p><img decoding=\"async\" src=\"https:\/\/www.hydraulic-cylinders.net\/wp-content\/uploads\/2025\/04\/songte-bushings-with-all-kinds-of-excavator-models.webp\" alt=\"Kotr\u00f3g\u00e9p perselyek\" \/><\/p>\n<h2>R\u00f3lunk<\/h2>\n<p>A hidraulikus munkahengerek vezet\u0151 gy\u00e1rt\u00f3ja vagyunk, \u00e1tfog\u00f3 term\u00e9kv\u00e1laszt\u00e9kot k\u00edn\u00e1lva a hazai \u00e9s a nemzetk\u00f6zi piacokon. A kiv\u00e1l\u00f3s\u00e1g ir\u00e1nti elk\u00f6telezetts\u00e9g\u00fcnket kifinomult gy\u00e1rt\u00e1si strat\u00e9gi\u00e1nk t\u00e1masztja al\u00e1, amely k\u00e9pzett szem\u00e9lyzetet, fejlett digit\u00e1lis gy\u00e1rt\u00f3berendez\u00e9seket \u00e9s professzion\u00e1lis tesztel\u0151rendszereket alkalmaz. Folyamatosan fejlesztj\u00fck gy\u00e1rt\u00e1si k\u00e9pess\u00e9geinket, hogy hat\u00e9konyan \u00e9s pontosan kiel\u00e9g\u00edts\u00fck \u00fcgyfeleink v\u00e1ltozatos ig\u00e9nyeit.<\/p>\n<p>A min\u0151s\u00e9gre val\u00f3 \u00f6sszpontos\u00edt\u00e1sunk biztos\u00edtja, hogy megfelelj\u00fcnk a nemzetk\u00f6zi szabv\u00e1nyoknak, egyedi szolg\u00e1ltat\u00e1saink pedig lehet\u0151v\u00e9 teszik sz\u00e1munkra, hogy az egyedi ig\u00e9nyeket is kiel\u00e9g\u00edts\u00fck. Korszer\u0171 gy\u00e1rt\u00f3berendez\u00e9seink \u00e9s robusztus \u00e9rt\u00e9kes\u00edt\u00e9s ut\u00e1ni t\u00e1mogat\u00e1sunk bizalmat ad \u00fcgyfeleinknek befektet\u00e9seikben.<\/p>\n<p><img decoding=\"async\" src=\"https:\/\/www.hydraulic-cylinders.net\/wp-content\/uploads\/2025\/04\/songte-company-4.webp\" alt=\"C\u00e9gk\u00e9p 1\" \/><br \/>\n<img decoding=\"async\" src=\"https:\/\/www.hydraulic-cylinders.net\/wp-content\/uploads\/2025\/04\/songte-company-3.webp\" alt=\"C\u00e9gk\u00e9p 2\" \/><\/p>\n<p>Szerz\u0151: lyl<\/p>","protected":false},"excerpt":{"rendered":"<p>Boom Cylinder For XCMG Middle Excavator XE260CLL Product Overview The Boom Cylinder for XCMG Middle Excavator XE260CLL is a crucial component in the hydraulic systems of excavators. This hydraulic cylinder is specifically designed to control the movement of the boom, enabling it to lift, lower, and tilt with precision. These functions are essential for various [&hellip;]<\/p>","protected":false},"featured_media":17881,"comment_status":"open","ping_status":"closed","template":"","meta":{"_et_pb_use_builder":"","_et_pb_old_content":"","_et_gb_content_width":""},"product_brand":[],"product_cat":[1546],"product_tag":[1547,1496],"class_list":{"0":"post-19195","1":"product","2":"type-product","3":"status-publish","4":"has-post-thumbnail","6":"product_cat-boom-cylinders","7":"product_tag-boom-cylinders","8":"product_tag-hydraulic-cylinders","10":"first","11":"instock","12":"shipping-taxable","13":"product-type-simple"},"amp_enabled":true,"_links":{"self":[{"href":"https:\/\/www.hydraulic-cylinders.net\/hu\/wp-json\/wp\/v2\/product\/19195","targetHints":{"allow":["GET"]}}],"collection":[{"href":"https:\/\/www.hydraulic-cylinders.net\/hu\/wp-json\/wp\/v2\/product"}],"about":[{"href":"https:\/\/www.hydraulic-cylinders.net\/hu\/wp-json\/wp\/v2\/types\/product"}],"replies":[{"embeddable":true,"href":"https:\/\/www.hydraulic-cylinders.net\/hu\/wp-json\/wp\/v2\/comments?post=19195"}],"wp:featuredmedia":[{"embeddable":true,"href":"https:\/\/www.hydraulic-cylinders.net\/hu\/wp-json\/wp\/v2\/media\/17881"}],"wp:attachment":[{"href":"https:\/\/www.hydraulic-cylinders.net\/hu\/wp-json\/wp\/v2\/media?parent=19195"}],"wp:term":[{"taxonomy":"product_brand","embeddable":true,"href":"https:\/\/www.hydraulic-cylinders.net\/hu\/wp-json\/wp\/v2\/product_brand?post=19195"},{"taxonomy":"product_cat","embeddable":true,"href":"https:\/\/www.hydraulic-cylinders.net\/hu\/wp-json\/wp\/v2\/product_cat?post=19195"},{"taxonomy":"product_tag","embeddable":true,"href":"https:\/\/www.hydraulic-cylinders.net\/hu\/wp-json\/wp\/v2\/product_tag?post=19195"}],"curies":[{"name":"munkaf\u00fczet","href":"https:\/\/api.w.org\/{rel}","templated":true}]}}