{"id":1920,"date":"2023-10-20T02:38:46","date_gmt":"2023-10-20T02:38:46","guid":{"rendered":"https:\/\/hydraulic-cylinders.net\/?post_type=product&#038;p=1920"},"modified":"2023-10-20T06:00:33","modified_gmt":"2023-10-20T06:00:33","slug":"hp3v-series-axial-piston-variable-displacement-hydraulic-pump","status":"publish","type":"product","link":"https:\/\/www.hydraulic-cylinders.net\/hu\/termek\/hp3v-series-axial-piston-variable-displacement-hydraulic-pump\/","title":{"rendered":"HP3V sorozat\u00fa axi\u00e1lis dugatty\u00fas v\u00e1ltoz\u00f3 t\u00e9rfogatkiszor\u00edt\u00e1s\u00fa hidraulikus szivatty\u00fa"},"content":{"rendered":"<h1 style=\"text-align: center;\"><strong>HP3V sorozat\u00fa axi\u00e1lis dugatty\u00fas v\u00e1ltoz\u00f3 t\u00e9rfogatkiszor\u00edt\u00e1s\u00fa hidraulikus szivatty\u00fa<\/strong><\/h1>\n<p><img loading=\"lazy\" decoding=\"async\" class=\"aligncenter wp-image-1931\" src=\"https:\/\/hydraulic-cylinders.net\/wp-content\/uploads\/2023\/10\/hp3v-series-axial-piston-variable-displacement-hydraulic-pump-1-300x300.webp\" alt=\"\" width=\"400\" height=\"400\" \/><\/p>\n<p>A HP3V sorozat\u00fa axi\u00e1ldugatty\u00fas, v\u00e1ltoz\u00f3 kiszor\u00edt\u00e1s\u00fa hidraulikus szivatty\u00fa forradalmi v\u00e1ltoz\u00e1st hoz a hidraulikus rendszerek vil\u00e1g\u00e1ban. Ez a szivatty\u00fa prec\u00edzi\u00f3s m\u00e9rn\u00f6ki munk\u00e1val \u00e9s \u00e9lvonalbeli technol\u00f3gi\u00e1val k\u00e9sz\u00fclt, kiv\u00e1l\u00f3 hat\u00e9konys\u00e1got \u00e9s teljes\u00edtm\u00e9nyt ny\u00fajt, \u00edgy n\u00e9lk\u00fcl\u00f6zhetetlen alkatr\u00e9sz a k\u00fcl\u00f6nf\u00e9le ipari alkalmaz\u00e1sokban. Ez az \u00e1tfog\u00f3 cikk a HP3V axi\u00e1ldugatty\u00fas, v\u00e1ltoz\u00f3 kiszor\u00edt\u00e1s\u00fa hidraulikus szivatty\u00fa f\u0151bb jellemz\u0151it, haszn\u00e1lati m\u00f3djait \u00e9s karbantart\u00e1si ir\u00e1nyelveit t\u00e1rgyalja.<\/p>\n<p>A HP3V sorozat\u00fa axi\u00e1ldugatty\u00fas v\u00e1ltoz\u00f3 kiszor\u00edt\u00e1s\u00fa hidraulikus szivatty\u00fa egy er\u0151m\u0171, amely p\u00e1ratlan hat\u00e9konys\u00e1got \u00e9s teljes\u00edtm\u00e9nyt ny\u00fajt a hidraulikus rendszerekben. V\u00e1ltoztathat\u00f3 kiszor\u00edt\u00e1s\u00fa technol\u00f3gi\u00e1j\u00e1nak, kompakt kialak\u00edt\u00e1s\u00e1nak \u00e9s csendes m\u0171k\u00f6d\u00e9s\u00e9nek k\u00f6sz\u00f6nhet\u0151en ez a szivatty\u00fa megb\u00edzhat\u00f3 \u00e9s prec\u00edz megold\u00e1st k\u00edn\u00e1l k\u00fcl\u00f6nf\u00e9le ipari alkalmaz\u00e1sokhoz. Az aj\u00e1nlott haszn\u00e1lati m\u00f3dszerek betart\u00e1s\u00e1val \u00e9s a rendszeres karbantart\u00e1si gyakorlatok betart\u00e1s\u00e1val a HP3V sorozat\u00fa szivatty\u00fa tov\u00e1bbra is kiv\u00e9teles teljes\u00edtm\u00e9nyt ny\u00fajt, hozz\u00e1j\u00e1rulva a k\u00fcl\u00f6nf\u00e9le hidraulikus rendszerek siker\u00e9hez. Haszn\u00e1lja ki a hat\u00e9konys\u00e1g \u00e9s a teljes\u00edtm\u00e9ny erej\u00e9t a HP3V sorozat\u00fa axi\u00e1ldugatty\u00fas v\u00e1ltoz\u00f3 kiszor\u00edt\u00e1s\u00fa hidraulikus szivatty\u00faval, \u00e9s szabad\u00edtsa fel hidraulikus rendszere teljes potenci\u00e1lj\u00e1t.<\/p>\n<p>HP3V sorozat\u00fa axi\u00e1ldugatty\u00fas v\u00e1ltoz\u00f3 kiszor\u00edt\u00e1s\u00fa hidraulikus szivatty\u00fa f\u0151bb jellemz\u0151i:<\/p>\n<ul>\n<li>V\u00e1ltoztathat\u00f3 t\u00e9rfogatkiszor\u00edt\u00e1s\u00fa technol\u00f3gia: A HP3V sorozat\u00fa szivatty\u00fa fejlett v\u00e1ltoztathat\u00f3 t\u00e9rfogatkiszor\u00edt\u00e1s\u00fa technol\u00f3gi\u00e1val rendelkezik, amely lehet\u0151v\u00e9 teszi a kimeneti mennyis\u00e9g be\u00e1ll\u00edt\u00e1s\u00e1t a rendszerk\u00f6vetelm\u00e9nyek alapj\u00e1n. Ez a funkci\u00f3 maximaliz\u00e1lja az energiahat\u00e9konys\u00e1got, cs\u00f6kkenti a h\u0151termel\u00e9st \u00e9s optimaliz\u00e1lja a rendszer teljes\u00edtm\u00e9ny\u00e9t.<\/li>\n<li>P\u00e1ratlan hat\u00e9konys\u00e1g: A HP3V sorozat\u00fa szivatty\u00fa kiv\u00e9teles hat\u00e9konys\u00e1got \u00e9r el innovat\u00edv axi\u00e1ldugatty\u00fas kialak\u00edt\u00e1s\u00e1nak k\u00f6sz\u00f6nhet\u0151en. Prec\u00edz hidraulikus teljes\u00edtm\u00e9nyt biztos\u00edt, \u00edgy biztos\u00edtva a z\u00f6kken\u0151mentes m\u0171k\u00f6d\u00e9st \u00e9s lehet\u0151v\u00e9 t\u00e9ve a nagynyom\u00e1s\u00fa alkalmaz\u00e1sok egyszer\u0171 kezel\u00e9s\u00e9t.<\/li>\n<li>Kompakt kialak\u00edt\u00e1s: A szivatty\u00fa kompakt kialak\u00edt\u00e1sa optimaliz\u00e1lja a helykihaszn\u00e1l\u00e1st a hidraulikus rendszerekben. Kis helyig\u00e9nye lehet\u0151v\u00e9 teszi a k\u00f6nny\u0171 integr\u00e1ci\u00f3t m\u00e9g sz\u0171k helyeken is, a teljes\u00edtm\u00e9ny vagy a funkcionalit\u00e1s fel\u00e1ldoz\u00e1sa n\u00e9lk\u00fcl.<\/li>\n<li>Csendes m\u0171k\u00f6d\u00e9s: A HP3V sorozat\u00fa szivatty\u00faba \u00e9p\u00edtett zajcs\u00f6kkent\u0151 funkci\u00f3k csendes m\u0171k\u00f6d\u00e9st biztos\u00edtanak a k\u00fcl\u00f6nf\u00e9le ipari k\u00f6rnyezetekben. Ez a tulajdons\u00e1g \u00e9rt\u00e9kes az alacsony zajszintet ig\u00e9nyl\u0151 alkalmaz\u00e1sokban, el\u0151seg\u00edtve a k\u00e9nyelmes \u00e9s produkt\u00edv munkak\u00f6rnyezetet.<\/li>\n<\/ul>\n<h2><strong>HP3V sorozat\u00fa axi\u00e1lis dugatty\u00fas v\u00e1ltoz\u00f3 t\u00e9rfogatkiszor\u00edt\u00e1s\u00fa hidraulikus szivatty\u00fa param\u00e9tere:<\/strong><\/h2>\n<table class=\"table table-bordered table-hover table-colored\" data-sort=\"sortDisabled\">\n<tbody>\n<tr class=\"firstRow\">\n<td colspan=\"1\" rowspan=\"2\" align=\"center\" valign=\"middle\">M\u00e9ret<\/td>\n<td rowspan=\"2\" align=\"center\" valign=\"middle\">L\u00f6kett\u00e9rfogat cm\u00b3\/ford<\/td>\n<td colspan=\"2\" rowspan=\"1\" align=\"center\" valign=\"middle\">Nyom\u00e1sr\u00fad<\/td>\n<td colspan=\"2\" rowspan=\"1\" align=\"center\" valign=\"middle\">Forg\u00e1si sebess\u00e9g ford\/perc<\/td>\n<\/tr>\n<tr>\n<td align=\"center\" valign=\"middle\">N\u00e9vleges<\/td>\n<td align=\"center\" valign=\"middle\">Cs\u00facs<\/td>\n<td align=\"center\" valign=\"middle\">Max \u00f6nfelsz\u00edv\u00f3<sup>*1<\/sup><\/td>\n<td align=\"center\" valign=\"middle\">Max<sup>*2<\/sup><\/td>\n<\/tr>\n<tr>\n<td align=\"center\" valign=\"middle\">HP3V80<\/td>\n<td align=\"center\" valign=\"middle\">80<\/td>\n<td align=\"center\" valign=\"middle\">320<\/td>\n<td align=\"center\" valign=\"middle\">350<\/td>\n<td align=\"center\" valign=\"middle\">2400<\/td>\n<td align=\"center\" valign=\"middle\">3000<\/td>\n<\/tr>\n<tr>\n<td align=\"center\" valign=\"middle\">HP3V140<\/td>\n<td align=\"center\" valign=\"middle\">140<\/td>\n<td align=\"center\" valign=\"middle\">350<\/td>\n<td align=\"center\" valign=\"middle\">400<\/td>\n<td align=\"center\" valign=\"middle\">2150<\/td>\n<td align=\"center\" valign=\"middle\">2500<\/td>\n<\/tr>\n<\/tbody>\n<\/table>\n<h2><strong>HP3V sorozat\u00fa axi\u00e1ldugatty\u00fas v\u00e1ltoz\u00f3 t\u00e9rfogatkiszor\u00edt\u00e1s\u00fa hidraulikus szivatty\u00fa el\u0151nyei:<\/strong><\/h2>\n<p>\u2022 Ny\u00edlt \u00e1ramk\u00f6r\u0171, k\u00f6zepes \u00e9s nagynyom\u00e1s\u00fa alkalmaz\u00e1sokban alkalmazhat\u00f3<br \/>\n\u2022 Nagy folyamatos nyom\u00e1s<br \/>\n\u2022 J\u00f3 \u00f6nfelsz\u00edv\u00f3 tulajdons\u00e1gok<br \/>\n\u2022 Nagy megb\u00edzhat\u00f3s\u00e1g<br \/>\n\u2022 Magas teljes\u00edtm\u00e9ny-t\u00f6meg ar\u00e1ny<br \/>\n\u2022 T\u00f6bbf\u00e9le vez\u00e9rl\u00e9si m\u00f3dszer<br \/>\n\u2022 Gyors v\u00e1laszid\u0151<br \/>\n\u2022 Alacsony nyom\u00e1s\u00fa impulzus<\/p>\n<h2><strong>HP3V sorozat\u00fa axi\u00e1lis dugatty\u00fas v\u00e1ltoz\u00f3 t\u00e9rfogatkiszor\u00edt\u00e1s\u00fa hidraulikus szivatty\u00fa <\/strong><strong>Alkalmaz\u00e1s:<\/strong><\/h2>\n<p><img loading=\"lazy\" decoding=\"async\" class=\"alignnone wp-image-1934 size-full\" src=\"https:\/\/hydraulic-cylinders.net\/wp-content\/uploads\/2023\/10\/hp3v-series-axial-piston-variable-displacement-hydraulic-pump-2.webp\" alt=\"\" width=\"1156\" height=\"405\" srcset=\"https:\/\/hydraulic-cylinders.net\/wp-content\/uploads\/2023\/10\/hp3v-series-axial-piston-variable-displacement-hydraulic-pump-2.webp 1156w, https:\/\/hydraulic-cylinders.net\/wp-content\/uploads\/2023\/10\/hp3v-series-axial-piston-variable-displacement-hydraulic-pump-2-980x343.webp 980w, https:\/\/hydraulic-cylinders.net\/wp-content\/uploads\/2023\/10\/hp3v-series-axial-piston-variable-displacement-hydraulic-pump-2-480x168.webp 480w\" sizes=\"(min-width: 0px) and (max-width: 480px) 480px, (min-width: 481px) and (max-width: 980px) 980px, (min-width: 981px) 1156px, 100vw\" \/><\/p>\n<h2><strong>A HP3V sorozat\u00fa axi\u00e1lis dugatty\u00fas v\u00e1ltoz\u00f3 t\u00e9rfogatkiszor\u00edt\u00e1s\u00fa hidraulikus szivatty\u00fa haszn\u00e1lati m\u00f3dja<\/strong><strong>:<\/strong><\/h2>\n<ul>\n<li><strong>Szivatty\u00fa telep\u00edt\u00e9se:<\/strong> Szerelje fel a HP3V sorozat\u00fa axi\u00e1ldugatty\u00fas, v\u00e1ltoztathat\u00f3 t\u00e9rfogatkiszor\u00edt\u00e1s\u00fa hidraulikus szivatty\u00fat a hidraulikus rendszeren bel\u00fcl kijel\u00f6lt helyre. A megfelel\u0151 r\u00f6gz\u00edt\u0151konzolok vagy tartoz\u00e9kok seg\u00edts\u00e9g\u00e9vel a megfelel\u0151 be\u00e1ll\u00edt\u00e1shoz \u00e9s a rendszer szerkezet\u00e9hez val\u00f3 biztons\u00e1gos r\u00f6gz\u00edt\u00e9shez l\u00e1sd a gy\u00e1rt\u00f3 ir\u00e1nyelveit \u00e9s specifik\u00e1ci\u00f3it.<\/li>\n<li><strong>Hidraulikus rendszer integr\u00e1l\u00e1sa:<\/strong> Csatlakoztassa a szivatty\u00fat a hidraulikus rendszerhez kompatibilis t\u00f6ml\u0151k, szerelv\u00e9nyek \u00e9s szelepek seg\u00edts\u00e9g\u00e9vel. Gy\u0151z\u0151dj\u00f6n meg arr\u00f3l, hogy minden csatlakoz\u00e1s biztons\u00e1gos, sziv\u00e1rg\u00e1smentes \u00e9s megfelel\u0151en meg van h\u00fazva az optim\u00e1lis hidraulikus teljes\u00edtm\u00e9ny garant\u00e1l\u00e1sa \u00e9rdek\u00e9ben.<\/li>\n<li><strong>Folyad\u00e9kkompatibilit\u00e1s:<\/strong> Ellen\u0151rizze, hogy a rendszerben haszn\u00e1lt hidraulikafolyad\u00e9k kompatibilis-e a HP3V sorozat\u00fa szivatty\u00faval. A megfelel\u0151 folyad\u00e9kt\u00edpus, viszkozit\u00e1s \u00e9s h\u0151m\u00e9rs\u00e9klet-tartom\u00e1ny tekintet\u00e9ben tekintse meg a gy\u00e1rt\u00f3 aj\u00e1nl\u00e1sait. Rendszeresen ellen\u0151rizze \u00e9s tartsa karban a hidraulikafolyad\u00e9kot a szivatty\u00fa megfelel\u0151 m\u0171k\u00f6d\u00e9s\u00e9nek \u00e9s hossz\u00fa \u00e9lettartam\u00e1nak biztos\u00edt\u00e1sa \u00e9rdek\u00e9ben.<\/li>\n<li><strong>M\u0171k\u00f6d\u00e9si param\u00e9terek:<\/strong> Ismerkedjen meg a szivatty\u00fa vez\u00e9rl\u00e9si lehet\u0151s\u00e9geivel, \u00e9s \u00e1ll\u00edtsa be az \u00fczemi param\u00e9tereket a hidraulikus rendszer konkr\u00e9t k\u00f6vetelm\u00e9nyeinek megfelel\u0151en. Figyelje \u00e9s m\u00f3dos\u00edtsa a szivatty\u00fa l\u00f6kett\u00e9rfogat-be\u00e1ll\u00edt\u00e1sait a teljes\u00edtm\u00e9ny \u00e9s az energiahat\u00e9konys\u00e1g optimaliz\u00e1l\u00e1sa \u00e9rdek\u00e9ben.<\/li>\n<\/ul>\n<h2><strong>Hogyan kell leszerelni a hidraulikus henger v\u00e9gsapk\u00e1j\u00e1t?<\/strong><\/h2>\n<p>A hidraulikus henger v\u00e9gsapk\u00e1j\u00e1nak elt\u00e1vol\u00edt\u00e1s\u00e1hoz k\u00f6vesse az al\u00e1bbi l\u00e9p\u00e9seket:<\/p>\n<ol>\n<li><strong>Felk\u00e9sz\u00fcl\u00e9s a feladatra:<\/strong>\n<ul>\n<li>Gy\u0151z\u0151dj\u00f6n meg arr\u00f3l, hogy a hidraulikus rendszer nyom\u00e1smentes \u00e9s le van v\u00e1lasztva.<\/li>\n<li>Tiszt\u00edtsa meg a henger k\u00fclsej\u00e9t, hogy megakad\u00e1lyozza a t\u00f6rmel\u00e9k bejut\u00e1s\u00e1t a folyamat sor\u00e1n.<\/li>\n<li>Helyezze a hengert stabil munkafel\u00fcletre, \u00e9s r\u00f6gz\u00edtse szor\u00edt\u00f3kkal vagy satuval.<\/li>\n<\/ul>\n<\/li>\n<li><strong>A visszatart\u00f3 mechanizmusok azonos\u00edt\u00e1sa:<\/strong>\n<ul>\n<li>Vizsg\u00e1lja meg a hengert, hogy meghat\u00e1rozza a v\u00e9gz\u00e1r\u00f3n haszn\u00e1lt r\u00f6gz\u00edt\u0151mechanizmust. Ez lehet csavar, menetes csatlakoz\u00e1s, r\u00f6gz\u00edt\u0151gy\u0171r\u0171 vagy biztos\u00edt\u00f3gy\u0171r\u0171.<\/li>\n<\/ul>\n<\/li>\n<li><strong>Csavarok vagy r\u00f6gz\u00edt\u0151elemek elt\u00e1vol\u00edt\u00e1sa:<\/strong>\n<ul>\n<li>Ha a v\u00e9gz\u00e1r\u00f3 csavarokkal van r\u00f6gz\u00edtve, haszn\u00e1ljon megfelel\u0151 vill\u00e1skulcsot vagy dug\u00f3kulcsot a meglaz\u00edt\u00e1sukhoz \u00e9s elt\u00e1vol\u00edt\u00e1sukhoz.<\/li>\n<li>Gy\u0151z\u0151dj\u00f6n meg r\u00f3la, hogy minden csavarhoz megfelel\u0151 hozz\u00e1f\u00e9r\u00e9se van, \u00e9s egyenletesen t\u00e1vol\u00edtsa el azokat, elker\u00fclve a henger vagy a z\u00e1r\u00f3sapka s\u00e9r\u00fcl\u00e9s\u00e9t.<\/li>\n<\/ul>\n<\/li>\n<li><strong>Menetes csatlakoz\u00e1sok meglaz\u00edt\u00e1sa:<\/strong>\n<ul>\n<li>Menetes csatlakoz\u00e1sok eset\u00e9n vill\u00e1skulcs vagy vill\u00e1skulcs seg\u00edts\u00e9g\u00e9vel laz\u00edtsa meg a v\u00e9gsapka \u00e9s a hengertest k\u00f6z\u00f6tti kapcsolatot.<\/li>\n<li>Gyeng\u00e9d, de egyenletes er\u0151t alkalmazzon az \u00f3ramutat\u00f3 j\u00e1r\u00e1s\u00e1val ellent\u00e9tes ir\u00e1nyban a menetek meglaz\u00edt\u00e1s\u00e1hoz.<\/li>\n<li>Miut\u00e1n meglaz\u00edtotta, folytassa a z\u00e1r\u00f3sapka k\u00e9zzel t\u00f6rt\u00e9n\u0151 forgat\u00e1s\u00e1t, am\u00edg teljesen el nem t\u00e1vol\u00edthat\u00f3.<\/li>\n<\/ul>\n<\/li>\n<li><strong>R\u00f6gz\u00edt\u0151gy\u0171r\u0171k vagy r\u00f6gz\u00edt\u0151gy\u0171r\u0171k elt\u00e1vol\u00edt\u00e1sa:<\/strong>\n<ul>\n<li>Ha a v\u00e9gz\u00e1r\u00f3 sapka r\u00f6gz\u00edt\u0151gy\u0171r\u0171kkel vagy r\u00f6gz\u00edt\u0151gy\u0171r\u0171kkel van r\u00f6gz\u00edtve, akkor r\u00f6gz\u00edt\u0151gy\u0171r\u0171-fog\u00f3val vagy r\u00f6gz\u00edt\u0151gy\u0171r\u0171-fog\u00f3val \u00f3vatosan t\u00e1vol\u00edtsa el a gy\u0171r\u0171ket.<\/li>\n<li>Helyezze a fog\u00f3t a gy\u0171r\u0171 v\u00e9geibe, \u00e9s nyomja \u00f6ssze a foganty\u00fakat, hogy a gy\u0171r\u0171t \u00f6sszenyomja, lehet\u0151v\u00e9 t\u00e9ve, hogy kih\u00faz\u00f3djon a horonyb\u00f3l.<\/li>\n<li>Vigy\u00e1zzon, nehogy megs\u00e9r\u00fclj\u00f6n a henger vagy a z\u00e1r\u00f3sapka a folyamat sor\u00e1n.<\/li>\n<\/ul>\n<\/li>\n<li><strong>A z\u00e1r\u00f3kupak sz\u00e9tv\u00e1laszt\u00e1sa:<\/strong>\n<ul>\n<li>Miut\u00e1n az \u00f6sszes r\u00f6gz\u00edt\u0151mechanizmust elt\u00e1vol\u00edtotta, finoman \u00fct\u00f6gesse meg a v\u00e9gsapk\u00e1t egy gumikalap\u00e1ccsal vagy puhafej\u0171 kalap\u00e1ccsal, hogy meglaz\u00edtsa a hengertestr\u0151l.<\/li>\n<li>Egyenletes er\u0151t alkalmazzon a v\u00e9gz\u00e1r\u00f3 kupak ker\u00fclet\u00e9n, hogy megakad\u00e1lyozza annak beszorul\u00e1s\u00e1t vagy beszorul\u00e1s\u00e1t.<\/li>\n<\/ul>\n<\/li>\n<li><strong>Ellen\u0151rizd \u00e9s tiszt\u00edtsd meg:<\/strong>\n<ul>\n<li>Miut\u00e1n a z\u00e1r\u00f3kupakot elt\u00e1vol\u00edtotta, ellen\u0151rizze a t\u00f6m\u00edt\u0151fel\u00fcleteket, az O-gy\u0171r\u0171ket \u00e9s a bels\u0151 alkatr\u00e9szeket s\u00e9r\u00fcl\u00e9sek vagy kop\u00e1sok szempontj\u00e1b\u00f3l.<\/li>\n<li>Tiszt\u00edtsa meg a v\u00e9gsapk\u00e1t, a hengertestet \u00e9s az \u00f6sszes kapcsol\u00f3d\u00f3 alkatr\u00e9szt sz\u00f6szmentes ruh\u00e1val vagy megfelel\u0151 old\u00f3szerrel a szennyez\u0151d\u00e9sek \u00e9s t\u00f6rmel\u00e9kek elt\u00e1vol\u00edt\u00e1s\u00e1hoz.<\/li>\n<\/ul>\n<\/li>\n<\/ol>\n<h2><strong>A gy\u00e1r kapacit\u00e1sa \u00e9s kapacit\u00e1sa:<\/strong><\/h2>\n<h3>(1) \u00d6sszeszerel\u00e9s<\/h3>\n<p>Els\u0151 oszt\u00e1ly\u00fa f\u00fcggetlen kutat\u00e1si \u00e9s fejleszt\u00e9si \u00f6sszeszerel\u00e9si platformmal rendelkez\u00fcnk. A hidraulikus hengergy\u00e1rt\u00f3 m\u0171hely n\u00e9gy f\u00e9lautomata emel\u0151henger-\u00f6sszeszerel\u0151 sorral \u00e9s egy automata billen\u0151henger-\u00f6sszeszerel\u0151 sorral rendelkezik, tervezett \u00e9ves gy\u00e1rt\u00e1si kapacit\u00e1sa 1 milli\u00f3 darab. A speci\u00e1lis henger m\u0171hely k\u00fcl\u00f6nb\u00f6z\u0151 specifik\u00e1ci\u00f3j\u00fa f\u00e9lautomata tiszt\u00edt\u00f3 \u00f6sszeszerel\u0151 rendszerrel van felszerelve, amelynek tervezett \u00e9ves termel\u00e9si kapacit\u00e1sa 200.000, \u00e9s h\u00edres CNC megmunk\u00e1l\u00f3 berendez\u00e9ssel, megmunk\u00e1l\u00f3 k\u00f6zponttal, nagy pontoss\u00e1g\u00fa hengerfeldolgoz\u00f3 speci\u00e1lis berendez\u00e9ssel, robothegeszt\u0151 g\u00e9ppel, automatikus tiszt\u00edt\u00f3g\u00e9ppel, automatikus henger \u00f6sszeszerel\u0151 g\u00e9ppel \u00e9s automatikus fest\u00e9si gy\u00e1rt\u00f3sorral van felszerelve. A megl\u00e9v\u0151 kritikus berendez\u00e9sek t\u00f6bb mint 300 k\u00e9szlet (k\u00e9szlet). A berendez\u00e9sek er\u0151forr\u00e1sainak optim\u00e1lis eloszt\u00e1sa \u00e9s hat\u00e9kony felhaszn\u00e1l\u00e1sa biztos\u00edtja a term\u00e9kek pontoss\u00e1gi k\u00f6vetelm\u00e9nyeit \u00e9s megfelel a term\u00e9kek min\u0151s\u00e9gi ig\u00e9nyeinek.<\/p>\n<p><img loading=\"lazy\" decoding=\"async\" class=\"alignnone wp-image-626\" src=\"https:\/\/hydraulic-cylinders.net\/wp-content\/uploads\/2023\/08\/hydraulic-cylinder-product-1-300x158.webp\" alt=\"\" width=\"495\" height=\"260\" srcset=\"https:\/\/hydraulic-cylinders.net\/wp-content\/uploads\/2023\/08\/hydraulic-cylinder-product-1-300x158.webp 495w, https:\/\/hydraulic-cylinders.net\/wp-content\/uploads\/2023\/08\/hydraulic-cylinder-product-1-480x252.webp 480w\" sizes=\"(min-width: 0px) and (max-width: 480px) 480px, (min-width: 481px) 495px, 100vw\" \/> <img loading=\"lazy\" decoding=\"async\" class=\"alignnone wp-image-627\" src=\"https:\/\/hydraulic-cylinders.net\/wp-content\/uploads\/2023\/08\/hydraulic-cylinder-product-2-300x189.webp\" alt=\"\" width=\"413\" height=\"260\" \/><\/p>\n<h3>(2) Megmunk\u00e1l\u00e1s<\/h3>\n<p>A megmunk\u00e1l\u00f3m\u0171hely egyedi, ferde s\u00edneszterg\u00e1l\u00f3 k\u00f6zponttal, megmunk\u00e1l\u00f3k\u00f6zponttal, nagysebess\u00e9g\u0171 h\u00f3nol\u00f3g\u00e9ppel, hegeszt\u0151robottal \u00e9s egy\u00e9b kapcsol\u00f3d\u00f3 berendez\u00e9sekkel van felszerelve, amelyek legfeljebb 400 mm bels\u0151 \u00e1tm\u00e9r\u0151j\u0171 \u00e9s legfeljebb 6 m\u00e9ter hossz\u00fa hengercs\u00f6vek megmunk\u00e1l\u00e1s\u00e1ra k\u00e9pesek.<\/p>\n<p><img loading=\"lazy\" decoding=\"async\" class=\"alignnone wp-image-628 size-large\" src=\"https:\/\/hydraulic-cylinders.net\/wp-content\/uploads\/2023\/08\/hydraulic-cylinder-product-3-1024x391.webp\" alt=\"\" width=\"1024\" height=\"391\" srcset=\"https:\/\/hydraulic-cylinders.net\/wp-content\/uploads\/2023\/08\/hydraulic-cylinder-product-3-980x374.webp 980w, https:\/\/hydraulic-cylinders.net\/wp-content\/uploads\/2023\/08\/hydraulic-cylinder-product-3-480x183.webp 480w\" sizes=\"(min-width: 0px) and (max-width: 480px) 480px, (min-width: 481px) and (max-width: 980px) 980px, (min-width: 981px) 1024px, 100vw\" \/><\/p>\n<h3>(3) Hegeszt\u00e9s<\/h3>\n<p><img loading=\"lazy\" decoding=\"async\" class=\"alignnone wp-image-629 size-large\" src=\"https:\/\/hydraulic-cylinders.net\/wp-content\/uploads\/2023\/08\/hydraulic-cylinder-product-4-1024x510.webp\" alt=\"\" width=\"1024\" height=\"510\" srcset=\"https:\/\/hydraulic-cylinders.net\/wp-content\/uploads\/2023\/08\/hydraulic-cylinder-product-4-980x488.webp 980w, https:\/\/hydraulic-cylinders.net\/wp-content\/uploads\/2023\/08\/hydraulic-cylinder-product-4-480x239.webp 480w\" sizes=\"(min-width: 0px) and (max-width: 480px) 480px, (min-width: 481px) and (max-width: 980px) 980px, (min-width: 981px) 1024px, 100vw\" \/><\/p>\n<h3>(4) Fest\u00e9s \u00e9s bevonatol\u00e1s<\/h3>\n<p>Kis \u00e9s k\u00f6zepes m\u00e9ret\u0171 hengeres automatikus v\u00edzb\u00e1zis\u00fa fest\u00e9kbevon\u00f3 sorokkal, az automatikus robot be- \u00e9s kirakod\u00e1s, valamint az automatikus permetez\u00e9s megval\u00f3s\u00edt\u00e1s\u00e1hoz, a tervez\u00e9si kapacit\u00e1s m\u0171szakonk\u00e9nt 4000 darab;<br \/>\nRendelkez\u00fcnk egy f\u00e9lautomata fest\u00e9kgy\u00e1rt\u00f3sorral is nagym\u00e9ret\u0171 palackokhoz, amelyet egy er\u0151\u00e1tviteli l\u00e1nc hajt, m\u0171szakonk\u00e9nt 60 doboz tervez\u00e9si kapacit\u00e1ssal.<\/p>\n<p><img loading=\"lazy\" decoding=\"async\" class=\"alignnone wp-image-630\" src=\"https:\/\/hydraulic-cylinders.net\/wp-content\/uploads\/2023\/08\/hydraulic-cylinder-product-5-300x213.webp\" alt=\"\" width=\"366\" height=\"260\" \/> <img loading=\"lazy\" decoding=\"async\" class=\"alignnone wp-image-631\" src=\"https:\/\/hydraulic-cylinders.net\/wp-content\/uploads\/2023\/08\/hydraulic-cylinder-product-6-300x225.webp\" alt=\"\" width=\"347\" height=\"260\" \/><\/p>\n<h3>(5) Tesztel\u00e9s<\/h3>\n<p>Els\u0151 oszt\u00e1ly\u00fa ellen\u0151rz\u0151 l\u00e9tes\u00edtm\u00e9nyekkel \u00e9s tesztpadokkal rendelkez\u00fcnk annak biztos\u00edt\u00e1s\u00e1ra, hogy a palack teljes\u00edtm\u00e9nye megfeleljen a k\u00f6vetelm\u00e9nyeknek.<\/p>\n<p><img loading=\"lazy\" decoding=\"async\" class=\"alignnone wp-image-632\" src=\"https:\/\/hydraulic-cylinders.net\/wp-content\/uploads\/2023\/08\/hydraulic-cylinder-product-8-300x200.webp\" alt=\"\" width=\"389\" height=\"260\" \/><\/p>\n<p>&nbsp;<\/p>\n<p>&nbsp;<\/p>\n<p>Mi vagyunk az egyik legjobb hidraulikus henger gy\u00e1rt\u00f3. \u00c1tfog\u00f3 hidraulikus hengereket k\u00edn\u00e1lunk. Megfelel\u0151 szolg\u00e1ltat\u00e1sokat is biztos\u00edtunk. <a href=\"https:\/\/hzpt.com\/agricultural-pto-gearbox\/\" target=\"_blank\" rel=\"noopener\">mez\u0151gazdas\u00e1gi sebess\u00e9gv\u00e1lt\u00f3k<\/a>Term\u00e9keinket vil\u00e1gszerte export\u00e1ltuk \u00fcgyfeleinknek, \u00e9s kiv\u00e1l\u00f3 term\u00e9kmin\u0151s\u00e9g\u00fcnknek \u00e9s \u00e9rt\u00e9kes\u00edt\u00e9s ut\u00e1ni szolg\u00e1ltat\u00e1sunknak k\u00f6sz\u00f6nhet\u0151en j\u00f3 h\u00edrnevet szerezt\u00fcnk. Szeretettel v\u00e1rjuk belf\u00f6ldi \u00e9s k\u00fclf\u00f6ldi \u00fcgyfeleinket, hogy \u00fczleti t\u00e1rgyal\u00e1sok, inform\u00e1ci\u00f3csere \u00e9s egy\u00e9b lehet\u0151s\u00e9gek c\u00e9lj\u00e1b\u00f3l kapcsolatba l\u00e9pjenek vel\u00fcnk. <a href=\"https:\/\/www.hydraulic-cylinders.net\/hu\/contact-us\/\">egy\u00fcttm\u0171k\u00f6dni vel\u00fcnk<\/a>!<\/p>\n<p>&nbsp;<\/p>","protected":false},"excerpt":{"rendered":"<p>HP3V Series Axial Piston Variable Displacement Hydraulic Pump The HP3V series axial piston variable displacement hydraulic pump is a game-changer in hydraulic systems. This pump is designed with precision engineering and cutting-edge technology and delivers superior efficiency and performance, making it an indispensable component for various industrial applications. This comprehensive article will explore the key [&hellip;]<\/p>","protected":false},"featured_media":1932,"comment_status":"open","ping_status":"closed","template":"","meta":{"_et_pb_use_builder":"","_et_pb_old_content":"","_et_gb_content_width":""},"product_brand":[],"product_cat":[1425],"product_tag":[1380],"class_list":{"0":"post-1920","1":"product","2":"type-product","3":"status-publish","4":"has-post-thumbnail","6":"product_cat-piston-pump","7":"product_tag-hydraulic-cylinder","9":"first","10":"instock","11":"shipping-taxable","12":"product-type-simple"},"amp_enabled":true,"_links":{"self":[{"href":"https:\/\/www.hydraulic-cylinders.net\/hu\/wp-json\/wp\/v2\/product\/1920","targetHints":{"allow":["GET"]}}],"collection":[{"href":"https:\/\/www.hydraulic-cylinders.net\/hu\/wp-json\/wp\/v2\/product"}],"about":[{"href":"https:\/\/www.hydraulic-cylinders.net\/hu\/wp-json\/wp\/v2\/types\/product"}],"replies":[{"embeddable":true,"href":"https:\/\/www.hydraulic-cylinders.net\/hu\/wp-json\/wp\/v2\/comments?post=1920"}],"wp:featuredmedia":[{"embeddable":true,"href":"https:\/\/www.hydraulic-cylinders.net\/hu\/wp-json\/wp\/v2\/media\/1932"}],"wp:attachment":[{"href":"https:\/\/www.hydraulic-cylinders.net\/hu\/wp-json\/wp\/v2\/media?parent=1920"}],"wp:term":[{"taxonomy":"product_brand","embeddable":true,"href":"https:\/\/www.hydraulic-cylinders.net\/hu\/wp-json\/wp\/v2\/product_brand?post=1920"},{"taxonomy":"product_cat","embeddable":true,"href":"https:\/\/www.hydraulic-cylinders.net\/hu\/wp-json\/wp\/v2\/product_cat?post=1920"},{"taxonomy":"product_tag","embeddable":true,"href":"https:\/\/www.hydraulic-cylinders.net\/hu\/wp-json\/wp\/v2\/product_tag?post=1920"}],"curies":[{"name":"munkaf\u00fczet","href":"https:\/\/api.w.org\/{rel}","templated":true}]}}