{"id":19202,"date":"2025-04-07T06:17:49","date_gmt":"2025-04-07T06:17:49","guid":{"rendered":"https:\/\/www.hydraulic-cylinders.net\/product\/boom-cylinder-for-xcmg-large-excavator-xe500m\/"},"modified":"2025-04-07T06:17:59","modified_gmt":"2025-04-07T06:17:59","slug":"boom-cylinder-for-xcmg-large-excavator-xe500m","status":"publish","type":"product","link":"https:\/\/www.hydraulic-cylinders.net\/hu\/termek\/boom-cylinder-for-xcmg-large-excavator-xe500m\/","title":{"rendered":"XCMG XE500M nagy kotr\u00f3g\u00e9p g\u00e9mhenger"},"content":{"rendered":"<h1>XCMG XE500M nagy kotr\u00f3g\u00e9p g\u00e9mhenger<\/h1>\n<h2>A g\u00e9mhenger megismer\u00e9se<\/h2>\n<p>A g\u00e9mhenger l\u00e9tfontoss\u00e1g\u00fa eleme a neh\u00e9zg\u00e9pek, k\u00fcl\u00f6n\u00f6sen a kotr\u00f3g\u00e9pek hidraulikus rendszer\u00e9nek. \u00dagy tervezt\u00e9k, hogy szab\u00e1lyozza a g\u00e9m mozg\u00e1s\u00e1t, lehet\u0151v\u00e9 t\u00e9ve annak kiny\u00fal\u00e1s\u00e1t, visszah\u00faz\u00e1s\u00e1t \u00e9s billent\u00e9s\u00e9t. Ez a funkci\u00f3 elengedhetetlen a k\u00fcl\u00f6nf\u00e9le anyagmozgat\u00e1si feladatokhoz, p\u00e9ld\u00e1ul az \u00e1s\u00e1shoz, emel\u00e9shez \u00e9s az anyagok hat\u00e9kony sz\u00e1ll\u00edt\u00e1s\u00e1hoz. A kotr\u00f3g\u00e9pekben a g\u00e9mhenger lehet\u0151v\u00e9 teszi a g\u00e9m helyzet\u00e9nek pontos vez\u00e9rl\u00e9s\u00e9t, biztos\u00edtva az optim\u00e1lis teljes\u00edtm\u00e9nyt az \u00e9p\u00edt\u00e9si \u00e9s f\u00f6ldmunk\u00e1k sor\u00e1n.<\/p>\n<p><img decoding=\"async\" src=\"https:\/\/www.hydraulic-cylinders.net\/wp-content\/uploads\/2025\/04\/songte-company-1.webp\" alt=\"G\u00e9mhenger\"><\/p>\n<h3>A g\u00e9mhenger f\u0151bb jellemz\u0151i<\/h3>\n<ul>\n<li><strong>Nagy szil\u00e1rds\u00e1g \u00e9s tart\u00f3ss\u00e1g:<\/strong> A nagy szil\u00e1rds\u00e1g\u00fa ac\u00e9lb\u00f3l vagy alum\u00edniumb\u00f3l k\u00e9sz\u00fclt henger nagy nyom\u00e1st \u00e9s nagy terhel\u00e9st b\u00edr ki, \u00edgy alkalmass\u00e1 teszi a zord munkak\u00f6rnyezetben val\u00f3 haszn\u00e1latra.<\/li>\n<li><strong>Hat\u00e9kony hidraulikus m\u0171k\u00f6dtet\u00e9s:<\/strong> A hidraulikaolaj nyom\u00e1s\u00e1t haszn\u00e1lja a sima kiny\u00fajt\u00e1shoz \u00e9s visszah\u00faz\u00e1shoz, gyors reag\u00e1l\u00e1st biztos\u00edtva a kezel\u0151i parancsokra, \u00e9s er\u0151teljes tol\u00f3- \u00e9s h\u00faz\u00f3er\u0151t biztos\u00edtva.<\/li>\n<li><strong>K\u00fcl\u00f6nb\u00f6z\u0151 t\u00edpusok:<\/strong> Az opci\u00f3k k\u00f6z\u00f6tt szerepelnek az egyszeres m\u0171k\u00f6d\u00e9s\u0171 (egy ir\u00e1nyban hidraulikus) vagy a kett\u0151s m\u0171k\u00f6d\u00e9s\u0171 (mindk\u00e9t ir\u00e1nyban hidraulikus) hengerek, amelyek a k\u00fcl\u00f6nf\u00e9le m\u0171k\u00f6d\u00e9si ig\u00e9nyeket el\u00e9g\u00edtik ki.<\/li>\n<li><strong>Kompakt kialak\u00edt\u00e1s:<\/strong> Egyes modellek teleszk\u00f3pos kialak\u00edt\u00e1ssal rendelkeznek, amely nagyobb kih\u00faz\u00e1st tesz lehet\u0151v\u00e9 a k\u00fcls\u0151 m\u00e9retek n\u00f6vel\u00e9se n\u00e9lk\u00fcl, \u00edgy ide\u00e1lis sz\u0171k helyeken val\u00f3 haszn\u00e1latra.<\/li>\n<li><strong>Korr\u00f3zi\u00f3\u00e1ll\u00f3s\u00e1g:<\/strong> Korr\u00f3zi\u00f3\u00e1ll\u00f3 anyagokb\u00f3l \u00e9s bevonatokkal tervezt\u00e9k, amelyek meghosszabb\u00edtj\u00e1k a henger \u00e9lettartam\u00e1t kih\u00edv\u00e1st jelent\u0151 k\u00f6rnyezeti k\u00f6r\u00fclm\u00e9nyek k\u00f6z\u00f6tt.<\/li>\n<\/ul>\n<h2>Gy\u00e1rt\u00e1si kiv\u00e1l\u00f3s\u00e1g<\/h2>\n<p>Kiv\u00e1l\u00f3 min\u0151s\u00e9g\u0171 g\u00e9mhengerek gy\u00e1rt\u00e1s\u00e1ra specializ\u00e1l\u00f3dtunk, amelyek t\u00f6k\u00e9letesen helyettes\u00edtik a megl\u00e9v\u0151 hidraulikus hengereket, biztos\u00edtva a z\u00f6kken\u0151mentes integr\u00e1ci\u00f3t a g\u00e9peibe.<\/p>\n<p><img decoding=\"async\" src=\"https:\/\/www.hydraulic-cylinders.net\/wp-content\/uploads\/2025\/04\/songte-cylinder-head-with-all-kinds-excavator-models.webp\" alt=\"Hengerfej kotr\u00f3g\u00e9pekhez\"><\/p>\n<h2>A g\u00e9mhenger alkalmaz\u00e1sai<\/h2>\n<h3>\u00c9p\u00edt\u0151ipari berendez\u00e9sek<\/h3>\n<p>A kotr\u00f3g\u00e9pekn\u00e9l a g\u00e9mhenger kritikus fontoss\u00e1g\u00fa az \u00e1s\u00e1shoz, rakod\u00e1shoz \u00e9s a f\u00f6ld vagy t\u00f6rmel\u00e9k mozgat\u00e1s\u00e1hoz. Ezen m\u0171veletek hat\u00e9konys\u00e1ga nagym\u00e9rt\u00e9kben f\u00fcgg a g\u00e9mhenger \u00e1ltal biztos\u00edtott pontos vez\u00e9rl\u00e9st\u0151l, amely lehet\u0151v\u00e9 teszi a kezel\u0151k sz\u00e1m\u00e1ra, hogy gyorsan \u00e9s pontosan elv\u00e9gezz\u00e9k a feladatokat.<\/p>\n<h3>Mez\u0151gazdas\u00e1gi g\u00e9pek<\/h3>\n<p>Homlokrakod\u00f3k eset\u00e9ben a g\u00e9mhenger megk\u00f6nny\u00edti a talaj, sz\u00e9na \u00e9s k\u00fcl\u00f6nf\u00e9le egy\u00e9b anyagok kapar\u00e1s\u00e1t, emel\u00e9s\u00e9t \u00e9s sz\u00e1ll\u00edt\u00e1s\u00e1t. Kulcsfontoss\u00e1g\u00fa szerepet j\u00e1tszik a termel\u00e9kenys\u00e9g n\u00f6vel\u00e9s\u00e9ben \u00e9s a feladatok hat\u00e9kony elv\u00e9gz\u00e9s\u00e9nek biztos\u00edt\u00e1s\u00e1ban a gazdas\u00e1gokban.<\/p>\n<h3>Kotr\u00f3g\u00e9pek<\/h3>\n<p>A kotr\u00f3g\u00e9pekn\u00e9l a g\u00e9mhenger lehet\u0151v\u00e9 teszi, hogy a kan\u00e1l a talajba hatoljon \u00e1s\u00e1si tev\u00e9kenys\u00e9gek sor\u00e1n. Megb\u00edzhat\u00f3 m\u0171k\u00f6d\u00e9se elengedhetetlen a sz\u00fcks\u00e9ges m\u00e9lys\u00e9g \u00e9s pontoss\u00e1g el\u00e9r\u00e9s\u00e9hez a f\u00f6ldmunk\u00e1k sor\u00e1n, ami jelent\u0151sen befoly\u00e1solja a projektek \u00fctemterv\u00e9t.<\/p>\n<h3>Rakod\u00f3k<\/h3>\n<p>A homlokrakod\u00f3kn\u00e1l a g\u00e9mhenger seg\u00edti az anyagok hat\u00e9kony emel\u00e9s\u00e9t \u00e9s \u00fcr\u00edt\u00e9s\u00e9t. Ez a m\u0171k\u00f6d\u00e9si k\u00e9pess\u00e9g elengedhetetlen a helysz\u00edni anyagmozgat\u00e1si folyamatok optimaliz\u00e1l\u00e1s\u00e1hoz, biztos\u00edtva a maxim\u00e1lis termel\u00e9kenys\u00e9get.<\/p>\n<h2>Tervez\u00e9si szempontok \u00e9s kiv\u00e1laszt\u00e1si krit\u00e9riumok<\/h2>\n<h3>Teherb\u00edr\u00e1s<\/h3>\n<p>A g\u00e9mhenger teherb\u00edr\u00e1sa elengedhetetlen ahhoz, hogy meghib\u00e1sod\u00e1s kock\u00e1zata n\u00e9lk\u00fcl k\u00e9pes legyen kezelni a neh\u00e9zg\u00e9pek \u00fczemeltet\u00e9s\u00e9nek k\u00f6vetelm\u00e9nyeit. Az alkalmaz\u00e1s s\u00falyk\u00f6vetelm\u00e9nyeinek ismerete seg\u00edt a megfelel\u0151 henger kiv\u00e1laszt\u00e1s\u00e1ban.<\/p>\n<h3>T\u00f6m\u00edt\u00e9s<\/h3>\n<p>A hat\u00e9kony t\u00f6m\u00edt\u00e9sek elengedhetetlenek a hidraulikus nyom\u00e1s fenntart\u00e1s\u00e1hoz \u00e9s a folyad\u00e9ksziv\u00e1rg\u00e1sok megel\u0151z\u00e9s\u00e9hez. A hossz\u00fa \u00e9lettartam \u00e9s a teljes\u00edtm\u00e9ny biztos\u00edt\u00e1sa \u00e9rdek\u00e9ben tart\u00f3s anyagokb\u00f3l, p\u00e9ld\u00e1ul poliuret\u00e1nb\u00f3l vagy nitrilgumib\u00f3l k\u00e9sz\u00fclt, kiv\u00e1l\u00f3 min\u0151s\u00e9g\u0171 t\u00f6m\u00edt\u00e9seket kell v\u00e1lasztani.<\/p>\n<h3>Tart\u00f3ss\u00e1g<\/h3>\n<p>A tart\u00f3ss\u00e1g kiemelked\u0151 fontoss\u00e1g\u00fa, mivel a g\u00e9mhengerek gyakran ig\u00e9nyes k\u00f6rnyezetben m\u0171k\u00f6dnek. Az anyagok \u00e9s a v\u00e9d\u0151bevonatok megv\u00e1laszt\u00e1sa k\u00f6zvetlen\u00fcl befoly\u00e1solja a henger \u00e9lettartam\u00e1t \u00e9s megb\u00edzhat\u00f3s\u00e1g\u00e1t.<\/p>\n<h3>Biztons\u00e1g<\/h3>\n<p>A biztons\u00e1gi funkci\u00f3k be\u00e9p\u00edt\u00e9se kulcsfontoss\u00e1g\u00fa. A g\u00e9mhengernek olyan mechanizmusokkal kell rendelkeznie, amelyek megakad\u00e1lyozz\u00e1k a v\u00e1ratlan meghib\u00e1sod\u00e1sokat, biztos\u00edtva a biztons\u00e1gos m\u0171k\u00f6d\u00e9st minden k\u00f6r\u00fclm\u00e9nyek k\u00f6z\u00f6tt. A rendszeres tesztel\u00e9s \u00e9s a biztons\u00e1gi el\u0151\u00edr\u00e1sok betart\u00e1sa kiemelked\u0151en fontos.<\/p>\n<h3>Karbantart\u00e1si hozz\u00e1f\u00e9rhet\u0151s\u00e9g<\/h3>\n<p>Az egyszer\u0171 karbantart\u00e1st szem el\u0151tt tart\u00f3 tervez\u00e9s cs\u00f6kkentheti az \u00e1ll\u00e1sid\u0151t. A gyors ellen\u0151rz\u00e9seket \u00e9s jav\u00edt\u00e1sokat lehet\u0151v\u00e9 tev\u0151 funkci\u00f3k jelent\u0151sen n\u00f6velhetik a g\u00e9mhengert haszn\u00e1l\u00f3 neh\u00e9zg\u00e9pek m\u0171k\u00f6d\u00e9si hat\u00e9konys\u00e1g\u00e1t.<\/p>\n<p><img decoding=\"async\" src=\"https:\/\/www.hydraulic-cylinders.net\/wp-content\/uploads\/2025\/04\/songte-oil-pipes-and-spare-parts.webp\" alt=\"Olajcs\u00f6vek \u00e9s alkatr\u00e9szek\"><\/p>\n<h2>T\u00f6m\u00edt\u00e9s \u00e9s ken\u00e9s<\/h2>\n<p>A hat\u00e9kony t\u00f6m\u00edt\u00e9st k\u00fcl\u00f6nf\u00e9le t\u00f6m\u00edt\u00e9sekkel, p\u00e9ld\u00e1ul dugatty\u00fat\u00f6m\u00edt\u00e9sekkel \u00e9s r\u00fadt\u00f6m\u00edt\u00e9sekkel \u00e9rik el. A kop\u00e1s\u00e1ll\u00f3 anyagok, p\u00e9ld\u00e1ul a poliuret\u00e1n \u00e9s a nitrilgumi haszn\u00e1lata n\u00f6veli a tart\u00f3ss\u00e1got. A hengertest \u00e9s a menetes v\u00e9gek apr\u00f3l\u00e9kos megmunk\u00e1l\u00e1son esnek \u00e1t a kop\u00e1s\u00e1ll\u00f3s\u00e1g jav\u00edt\u00e1sa \u00e9s a hossz\u00fa \u00e9lettartam biztos\u00edt\u00e1sa \u00e9rdek\u00e9ben. A rendszeres hidraulikaolajjal val\u00f3 ken\u00e9s szint\u00e9n sz\u00fcks\u00e9ges a z\u00f6kken\u0151mentes m\u0171k\u00f6d\u00e9s fenntart\u00e1s\u00e1hoz \u00e9s a bels\u0151 alkatr\u00e9szek kop\u00e1s\u00e1nak megakad\u00e1lyoz\u00e1s\u00e1hoz.<\/p>\n<h2>Megel\u0151z\u0151 karbantart\u00e1si int\u00e9zked\u00e9sek<\/h2>\n<ul>\n<li><strong>Rendszeres ellen\u0151rz\u00e9sek:<\/strong> Rendszeresen ellen\u0151rizze a sziv\u00e1rg\u00e1sokat, a kop\u00e1st \u00e9s az \u00e1ltal\u00e1nos \u00e1llapotot, hogy a lehets\u00e9ges probl\u00e9m\u00e1kat m\u00e9g azel\u0151tt azonos\u00edtsa, miel\u0151tt azok s\u00falyosbodn\u00e1nak.<\/li>\n<li><strong>Megfelel\u0151 ken\u00e9s:<\/strong> Gy\u0151z\u0151dj\u00f6n meg arr\u00f3l, hogy a hidraulikaolaj szintje megfelel\u0151 a sima m\u0171k\u00f6d\u00e9s fenntart\u00e1s\u00e1hoz \u00e9s a hengeren bel\u00fcli s\u00farl\u00f3d\u00e1s cs\u00f6kkent\u00e9s\u00e9hez.<\/li>\n<li><strong>T\u00f6m\u00edt\u00e9scsere:<\/strong> Rendszeresen ellen\u0151rizze a t\u00f6m\u00edt\u00e9sek kop\u00e1s\u00e1t, \u00e9s sz\u00fcks\u00e9g szerint cser\u00e9lje ki \u0151ket a hidraulikafolyad\u00e9k sziv\u00e1rg\u00e1s\u00e1nak megel\u0151z\u00e9se \u00e9s a teljes\u00edtm\u00e9ny fenntart\u00e1sa \u00e9rdek\u00e9ben.<\/li>\n<\/ul>\n<h2>Telep\u00edt\u00e9si \u00fatmutat\u00f3<\/h2>\n<p>A megfelel\u0151 telep\u00edt\u00e9s elengedhetetlen a g\u00e9mhenger optim\u00e1lis teljes\u00edtm\u00e9ny\u00e9hez. Kezdje azzal, hogy megbizonyosodik arr\u00f3l, hogy a k\u00f6rnyez\u0151 ter\u00fclet tiszta \u00e9s t\u00f6rmel\u00e9kmentes. Pontosan igaz\u00edtsa be a hengert, hogy elker\u00fclje az alkatr\u00e9szek t\u00falzott terhel\u00e9s\u00e9t. Haszn\u00e1lja a megfelel\u0151 r\u00f6gz\u00edt\u0151konzolokat a henger szil\u00e1rd r\u00f6gz\u00edt\u00e9s\u00e9hez. K\u00f6vesse a gy\u00e1rt\u00f3 el\u0151\u00edr\u00e1sait a nyomat\u00e9kbe\u00e1ll\u00edt\u00e1sok tekintet\u00e9ben, \u00e9s a telep\u00edt\u00e9s ut\u00e1n ellen\u0151rizze az igaz\u00edt\u00e1st. V\u00e9g\u00fcl v\u00e9gezzen alapos tesztet a hidraulikus rendszeren, hogy megbizonyosodjon arr\u00f3l, hogy a henger megfelel\u0151en m\u0171k\u00f6dik.<\/p>\n<p><img decoding=\"async\" src=\"https:\/\/www.hydraulic-cylinders.net\/wp-content\/uploads\/2025\/04\/songte-chushion-collar.webp\" alt=\"P\u00e1rna gall\u00e9r\"><\/p>\n<h2>Gyakori karbantart\u00e1si feladatok<\/h2>\n<h3>Rendszeres ellen\u0151rz\u00e9sek<\/h3>\n<p>A gyakori ellen\u0151rz\u00e9sek seg\u00edtenek a probl\u00e9m\u00e1k, p\u00e9ld\u00e1ul a kop\u00e1s vagy a sziv\u00e1rg\u00e1sok korai felismer\u00e9s\u00e9ben. Az \u00fctemezett id\u0151k\u00f6z\u00f6nk\u00e9nti alapos vizsg\u00e1lat biztos\u00edtja a henger megfelel\u0151 \u00e9s biztons\u00e1gos m\u0171k\u00f6d\u00e9s\u00e9t, minimaliz\u00e1lva az \u00e1ll\u00e1sid\u0151t \u00e9s a k\u00f6lts\u00e9ges jav\u00edt\u00e1sokat.<\/p>\n<h3>Megfelel\u0151 ken\u00e9s<\/h3>\n<p>A hidraulikus alkatr\u00e9szek megfelel\u0151 ken\u00e9s\u00e9nek fenntart\u00e1sa kulcsfontoss\u00e1g\u00fa. Ez a folyamat cs\u00f6kkenti a s\u00farl\u00f3d\u00e1st \u00e9s a kop\u00e1st, biztos\u00edtva a z\u00f6kken\u0151mentes m\u0171k\u00f6d\u00e9st \u00e9s jelent\u0151sen meghosszabb\u00edtva a henger \u00e9lettartam\u00e1t.<\/p>\n<h3>T\u00f6m\u00edt\u00e9s csere<\/h3>\n<p>Id\u0151vel a t\u00f6m\u00edt\u00e9sek elhaszn\u00e1l\u00f3dhatnak, ami hidraulikafolyad\u00e9k-sziv\u00e1rg\u00e1st okozhat. A t\u00f6m\u00edt\u00e9sek rendszeres cser\u00e9je elengedhetetlen a rendszernyom\u00e1s \u00e9s a m\u0171k\u00f6d\u0151k\u00e9pess\u00e9g fenntart\u00e1s\u00e1hoz.<\/p>\n<h2>Biztons\u00e1gi szempontok \u00e9s k\u00f6rnyezeti t\u00e9nyez\u0151k<\/h2>\n<p>Hidraulikus rendszerekkel v\u00e9gzett munka sor\u00e1n a biztons\u00e1gi protokollok betart\u00e1sa elengedhetetlen a balesetek megel\u0151z\u00e9se \u00e9rdek\u00e9ben. A szem\u00e9lyi v\u00e9d\u0151felszerel\u00e9sek (PPE) haszn\u00e1lata \u00e9s a kezel\u0151k megfelel\u0151 k\u00e9pz\u00e9s\u00e9nek biztos\u00edt\u00e1sa minimaliz\u00e1lja a hidraulikus meghib\u00e1sod\u00e1sokkal kapcsolatos kock\u00e1zatokat. Ezenk\u00edv\u00fcl a k\u00f6rnyezeti hat\u00e1sokat is figyelembe kell venni a k\u00f6rnyezetbar\u00e1t hidraulikafolyad\u00e9kok haszn\u00e1lat\u00e1val \u00e9s a hullad\u00e9kanyagok felel\u0151ss\u00e9gteljes \u00e1rtalmatlan\u00edt\u00e1s\u00e1val.<\/p>\n<h2>Hibaelh\u00e1r\u00edt\u00e1s \u00e9s gyakori probl\u00e9m\u00e1k<\/h2>\n<ul>\n<li><strong>Sziv\u00e1rg\u00e1s:<\/strong> Ez gyakran kopott t\u00f6m\u00edt\u00e9sekre vagy nem megfelel\u0151 beszerel\u00e9sre vezethet\u0151 vissza. A rendszeres ellen\u0151rz\u00e9sek \u00e9s karbantart\u00e1s megel\u0151zheti ezt a probl\u00e9m\u00e1t.<\/li>\n<li><strong>Lass\u00fa v\u00e1lasz:<\/strong> A lassan forg\u00f3 henger alacsony hidraulikafolyad\u00e9k-szintet vagy a hidraulikavezet\u00e9kekben l\u00e9v\u0151 elt\u00f6m\u0151d\u00e9seket jelezhet. Ellen\u0151rizze \u00e9s sz\u00fcks\u00e9g szerint t\u00f6ltse fel.<\/li>\n<li><strong>T\u00falzott zaj:<\/strong> A m\u0171k\u00f6d\u00e9s k\u00f6zbeni szokatlan hangok bels\u0151 kop\u00e1sra vagy s\u00e9r\u00fcl\u00e9sre utalhatnak. A tov\u00e1bbi k\u00e1rok megel\u0151z\u00e9se \u00e9rdek\u00e9ben elengedhetetlen a miel\u0151bbi kivizsg\u00e1l\u00e1s.<\/li>\n<\/ul>\n<h2>Tippek a probl\u00e9mamegold\u00e1shoz<\/h2>\n<p>A hidraulikus probl\u00e9m\u00e1k hat\u00e9kony elh\u00e1r\u00edt\u00e1s\u00e1hoz el\u0151sz\u00f6r a g\u00e9p k\u00e9zik\u00f6nyv\u00e9ben tal\u00e1lja a konkr\u00e9t hibak\u00f3dokat. V\u00e9gezzen vizu\u00e1lis ellen\u0151rz\u00e9seket sziv\u00e1rg\u00e1sok vagy s\u00e9r\u00fcl\u00e9sek szempontj\u00e1b\u00f3l. A rendszeres karbantart\u00e1s, bele\u00e9rtve a ken\u00e9st \u00e9s a t\u00f6m\u00edt\u00e9sek ellen\u0151rz\u00e9s\u00e9t, elengedhetetlen a gyakori probl\u00e9m\u00e1k megel\u0151z\u00e9se \u00e9rdek\u00e9ben. A megel\u0151z\u0151 karbantart\u00e1si terv v\u00e9grehajt\u00e1sa jelent\u0151sen cs\u00f6kkentheti a s\u00falyos hidraulikus probl\u00e9m\u00e1k val\u00f3sz\u00edn\u0171s\u00e9g\u00e9t.<\/p>\n<p><img decoding=\"async\" src=\"https:\/\/www.hydraulic-cylinders.net\/wp-content\/uploads\/2025\/04\/songte-bushings-with-all-kinds-of-excavator-models.webp\" alt=\"Kotr\u00f3g\u00e9pek perselyei\"><\/p>\n<h2>C\u00e9ginform\u00e1ci\u00f3<\/h2>\n<p>A hidraulikus hengerek vezet\u0151 gy\u00e1rt\u00f3jak\u00e9nt \u00e9s nagykeresked\u0151jek\u00e9nt c\u00e9g\u00fcnk sz\u00e9les term\u00e9kk\u00edn\u00e1lat\u00e1r\u00f3l ismert. A kiv\u00e1l\u00f3 min\u0151s\u00e9g elv\u00e9t k\u00f6vetj\u00fck, amelyet kifinomult gy\u00e1rt\u00e1sir\u00e1ny\u00edt\u00e1si strat\u00e9gia t\u00e1mogat. Elk\u00f6telezettek vagyunk a k\u00e9pzett szem\u00e9lyzet, a fejlett digit\u00e1lis gy\u00e1rt\u00e1si technol\u00f3gi\u00e1k \u00e9s a professzion\u00e1lis tesztel\u00e9si rendszerek ir\u00e1nt, \u00edgy hat\u00e9konyan tudjuk kiel\u00e9g\u00edteni \u00fcgyfeleink soksz\u00edn\u0171 ig\u00e9nyeit.<\/p>\n<p><img decoding=\"async\" src=\"https:\/\/www.hydraulic-cylinders.net\/wp-content\/uploads\/2025\/04\/songte-company-4.webp\" alt=\"Gy\u00e1rt\u00f3\u00fczem\"><br \/>\n<img decoding=\"async\" src=\"https:\/\/www.hydraulic-cylinders.net\/wp-content\/uploads\/2025\/04\/songte-company-3.webp\" alt=\"Termel\u00e9si berendez\u00e9sek\"><\/p>\n<h2>K\u00f6vetkeztet\u00e9s<\/h2>\n<p>A professzionalizmusra, a nemzetk\u00f6zi tan\u00fas\u00edtv\u00e1nyokra \u00e9s a szem\u00e9lyre szabott szolg\u00e1ltat\u00e1sokra \u00f6sszpontos\u00edtva b\u00fcszk\u00e9k vagyunk a legmodernebb gy\u00e1rt\u00f3berendez\u00e9seinkre \u00e9s az elk\u00f6telezett \u00e9rt\u00e9kes\u00edt\u00e9s ut\u00e1ni szolg\u00e1ltat\u00e1sunkra. Term\u00e9keinket a legmagasabb szabv\u00e1nyoknak megfelel\u0151en tervezz\u00fck, biztos\u00edtva az \u00fcgyfelek el\u00e9gedetts\u00e9g\u00e9t \u00e9s a hossz\u00fa t\u00e1v\u00fa megb\u00edzhat\u00f3s\u00e1got.<\/p>\n<p>Szerz\u0151: lyl<\/p>","protected":false},"excerpt":{"rendered":"<p>Boom Cylinder For XCMG Large Excavator XE500M Understanding the Boom Cylinder The boom cylinder is a vital component in the hydraulic system of heavy machinery, particularly excavators. It is designed to control the movement of the boom, allowing it to extend, retract, and tilt. This functionality is essential for various material handling tasks, such as [&hellip;]<\/p>","protected":false},"featured_media":17873,"comment_status":"open","ping_status":"closed","template":"","meta":{"_et_pb_use_builder":"","_et_pb_old_content":"","_et_gb_content_width":""},"product_brand":[],"product_cat":[1546],"product_tag":[1547,1496],"class_list":{"0":"post-19202","1":"product","2":"type-product","3":"status-publish","4":"has-post-thumbnail","6":"product_cat-boom-cylinders","7":"product_tag-boom-cylinders","8":"product_tag-hydraulic-cylinders","10":"first","11":"instock","12":"shipping-taxable","13":"product-type-simple"},"amp_enabled":true,"_links":{"self":[{"href":"https:\/\/www.hydraulic-cylinders.net\/hu\/wp-json\/wp\/v2\/product\/19202","targetHints":{"allow":["GET"]}}],"collection":[{"href":"https:\/\/www.hydraulic-cylinders.net\/hu\/wp-json\/wp\/v2\/product"}],"about":[{"href":"https:\/\/www.hydraulic-cylinders.net\/hu\/wp-json\/wp\/v2\/types\/product"}],"replies":[{"embeddable":true,"href":"https:\/\/www.hydraulic-cylinders.net\/hu\/wp-json\/wp\/v2\/comments?post=19202"}],"wp:featuredmedia":[{"embeddable":true,"href":"https:\/\/www.hydraulic-cylinders.net\/hu\/wp-json\/wp\/v2\/media\/17873"}],"wp:attachment":[{"href":"https:\/\/www.hydraulic-cylinders.net\/hu\/wp-json\/wp\/v2\/media?parent=19202"}],"wp:term":[{"taxonomy":"product_brand","embeddable":true,"href":"https:\/\/www.hydraulic-cylinders.net\/hu\/wp-json\/wp\/v2\/product_brand?post=19202"},{"taxonomy":"product_cat","embeddable":true,"href":"https:\/\/www.hydraulic-cylinders.net\/hu\/wp-json\/wp\/v2\/product_cat?post=19202"},{"taxonomy":"product_tag","embeddable":true,"href":"https:\/\/www.hydraulic-cylinders.net\/hu\/wp-json\/wp\/v2\/product_tag?post=19202"}],"curies":[{"name":"munkaf\u00fczet","href":"https:\/\/api.w.org\/{rel}","templated":true}]}}