{"id":19203,"date":"2025-04-07T06:17:59","date_gmt":"2025-04-07T06:17:59","guid":{"rendered":"https:\/\/www.hydraulic-cylinders.net\/product\/boom-cylinder-for-xcmg-large-excavator-xe700c\/"},"modified":"2025-04-07T06:18:01","modified_gmt":"2025-04-07T06:18:01","slug":"boom-cylinder-for-xcmg-large-excavator-xe700c","status":"publish","type":"product","link":"https:\/\/www.hydraulic-cylinders.net\/hu\/termek\/boom-cylinder-for-xcmg-large-excavator-xe700c\/","title":{"rendered":"XCMG XE700C nagy kotr\u00f3g\u00e9p g\u00e9mhenger"},"content":{"rendered":"<h1>XCMG XE700C nagy kotr\u00f3g\u00e9p g\u00e9mhenger<\/h1>\n<h2>Bevezet\u00e9s a g\u00e9mhengerbe<\/h2>\n<p>A g\u00e9mhenger kulcsfontoss\u00e1g\u00fa eleme a nagym\u00e9ret\u0171 kotr\u00f3g\u00e9pek hidraulikus rendszer\u00e9nek, amelyet kifejezetten olyan modellekhez terveztek, mint az XCMG XE700C. Ez a hidraulikus henger l\u00e9tfontoss\u00e1g\u00fa szerepet j\u00e1tszik a kotr\u00f3g\u00e9p g\u00e9mj\u00e9nek mozg\u00e1s\u00e1nak szab\u00e1lyoz\u00e1s\u00e1ban, megk\u00f6nny\u00edtve a k\u00fcl\u00f6nf\u00e9le m\u0171veleteket, p\u00e9ld\u00e1ul a g\u00e9m hat\u00e9kony emel\u00e9s\u00e9t, s\u00fcllyeszt\u00e9s\u00e9t \u00e9s billent\u00e9s\u00e9t. A g\u00e9mhenger nemcsak a neh\u00e9zg\u00e9pek teljes\u00edtm\u00e9ny\u00e9t n\u00f6veli, hanem az anyagmozgat\u00e1si feladatok pontoss\u00e1g\u00e1t is biztos\u00edtja.<\/p>\n<p><img decoding=\"async\" src=\"https:\/\/www.hydraulic-cylinders.net\/wp-content\/uploads\/2025\/04\/songte-company-1.webp\" alt=\"G\u00e9mhenger k\u00e9pe\" \/><\/p>\n<h3>Meghat\u00e1roz\u00e1s \u00e9s \u00e1ttekint\u00e9s<\/h3>\n<p>A g\u00e9mhenger egyfajta hidraulikus henger, amelyet kifejezetten a neh\u00e9zg\u00e9pek, p\u00e9ld\u00e1ul kotr\u00f3g\u00e9pek, kotr\u00f3rakod\u00f3k \u00e9s homlokrakod\u00f3k g\u00e9mj\u00e9nek mozg\u00e1s\u00e1nak kezel\u00e9s\u00e9re terveztek. Lehet\u0151v\u00e9 teszi a g\u00e9m sima kiny\u00fal\u00e1s\u00e1t \u00e9s visszah\u00faz\u00e1s\u00e1t, lehet\u0151v\u00e9 t\u00e9ve a kezel\u0151k sz\u00e1m\u00e1ra, hogy sz\u00e1mos feladatot elv\u00e9gezzenek, p\u00e9ld\u00e1ul \u00e1s\u00e1st, emel\u00e9st \u00e9s anyagok sz\u00e1ll\u00edt\u00e1s\u00e1t. Ez a hidraulikus alkatr\u00e9sz elengedhetetlen a kotr\u00f3g\u00e9pek m\u0171k\u00f6d\u00e9si hat\u00e9konys\u00e1g\u00e1nak biztos\u00edt\u00e1s\u00e1hoz, \u00edgy n\u00e9lk\u00fcl\u00f6zhetetlen az \u00e9p\u00edt\u0151iparban, a b\u00e1ny\u00e1szati \u200b\u200b\u00e9s a mez\u0151gazdas\u00e1gi alkalmaz\u00e1sokban.<\/p>\n<h2>A g\u00e9mhenger jellemz\u0151i<\/h2>\n<ul>\n<li><strong>Nagy szil\u00e1rds\u00e1g \u00e9s tart\u00f3ss\u00e1g:<\/strong> A nagy szil\u00e1rds\u00e1g\u00fa ac\u00e9lb\u00f3l vagy alum\u00edniumb\u00f3l k\u00e9sz\u00fclt g\u00e9mhenger nagy nyom\u00e1snak \u00e9s neh\u00e9z terhel\u00e9seknek is ellen\u00e1ll, mik\u00f6zben alkalmazkodik a zord munkak\u00f6rnyezethez. Kialak\u00edt\u00e1sa a kop\u00e1s\u00e1ll\u00f3s\u00e1gra \u00e9s a korr\u00f3zi\u00f3v\u00e9delemre \u00f6sszpontos\u00edt, jelent\u0151sen meghosszabb\u00edtva \u00e9lettartam\u00e1t.<\/li>\n<li><strong>Hat\u00e9kony hidraulikus m\u0171k\u00f6dtet\u00e9s:<\/strong> A hidraulikaolaj nyom\u00e1s\u00e1t kihaszn\u00e1lva a g\u00e9mhenger sima kitol\u00e1st \u00e9s visszah\u00faz\u00e1st tesz lehet\u0151v\u00e9, mik\u00f6zben gyorsan reag\u00e1l a kezel\u0151i parancsokra. Jelent\u0151s tol\u00f3- \u00e9s h\u00faz\u00f3er\u0151t biztos\u00edt, \u00edgy alkalmass\u00e1 teszi neh\u00e9z anyagok \u00e9s \u00f6sszetett feladatok kezel\u00e9s\u00e9re.<\/li>\n<li><strong>K\u00fcl\u00f6nb\u00f6z\u0151 t\u00edpusok:<\/strong> A g\u00e9mhenger k\u00fcl\u00f6nb\u00f6z\u0151 konfigur\u00e1ci\u00f3kban kaphat\u00f3, bele\u00e9rtve az egyszeres m\u0171k\u00f6d\u00e9s\u0171 (egy ir\u00e1nyban m\u0171k\u00f6d\u0151) \u00e9s a kett\u0151s m\u0171k\u00f6d\u00e9s\u0171 (mindk\u00e9t ir\u00e1nyban m\u0171k\u00f6d\u0151) v\u00e1ltozatot. Egyes modellek teleszk\u00f3posak, \u00edgy nagyobb kiny\u00fal\u00e1st tesznek lehet\u0151v\u00e9 a k\u00fcls\u0151 m\u00e9ret n\u00f6vel\u00e9se n\u00e9lk\u00fcl, \u00edgy ide\u00e1lisak korl\u00e1tozott helyig\u00e9ny\u0171 alkalmaz\u00e1sokhoz.<\/li>\n<li><strong>Prec\u00edzi\u00f3s m\u00e9rn\u00f6ki munka:<\/strong> Minden egyes g\u00e9mhengert prec\u00edz specifik\u00e1ci\u00f3kkal tervez\u00fcnk az optim\u00e1lis teljes\u00edtm\u00e9ny biztos\u00edt\u00e1sa \u00e9rdek\u00e9ben. A gy\u00e1rt\u00e1si folyamat szigor\u00fa min\u0151s\u00e9gellen\u0151rz\u00e9st foglal mag\u00e1ban az ipar\u00e1gi szabv\u00e1nyoknak val\u00f3 megfelel\u00e9s \u00e9rdek\u00e9ben.<\/li>\n<li><strong>Testreszabhat\u00f3 megold\u00e1sok:<\/strong> C\u00e9g\u00fcnk az \u00fcgyfelek egyedi ig\u00e9nyeihez igaz\u00edtott g\u00e9mhengereket k\u00edn\u00e1l, biztos\u00edtva a kompatibilit\u00e1st a k\u00fcl\u00f6nb\u00f6z\u0151 modellekkel \u00e9s alkalmaz\u00e1sokkal.<\/li>\n<\/ul>\n<p><img decoding=\"async\" src=\"https:\/\/www.hydraulic-cylinders.net\/wp-content\/uploads\/2025\/04\/songte-cylinder-head-with-all-kinds-excavator-models.webp\" alt=\"Kotr\u00f3g\u00e9p modellek\" \/><\/p>\n<h2>A g\u00e9mhenger alkalmaz\u00e1sai<\/h2>\n<h3>\u00c9p\u00edt\u0151ipari berendez\u00e9sek<\/h3>\n<p>Kotr\u00f3g\u00e9pekben a g\u00e9mhenger kulcsfontoss\u00e1g\u00fa az \u00e1s\u00e1shoz, rakod\u00e1shoz \u00e9s f\u00f6ld vagy t\u00f6rmel\u00e9k mozgat\u00e1s\u00e1hoz. Lehet\u0151v\u00e9 teszi, hogy a g\u00e9m a talajba ny\u00faljon, biztos\u00edtva a sz\u00fcks\u00e9ges er\u0151t a neh\u00e9z anyagok felemel\u00e9s\u00e9hez. Kotr\u00f3g\u00e9p-rakod\u00f3kban a henger nemcsak az \u00e1s\u00e1st seg\u00edti, hanem a teher emel\u00e9s\u00e9t is, \u00edgy n\u00e9lk\u00fcl\u00f6zhetetlen alkot\u00f3elem a sokoldal\u00fa \u00e9p\u00edt\u00e9si feladatokhoz.<\/p>\n<h3>Mez\u0151gazdas\u00e1gi g\u00e9pek<\/h3>\n<p>A g\u00e9mhengert sz\u00e9les k\u00f6rben haszn\u00e1lj\u00e1k homlokrakod\u00f3kban, amelyek elengedhetetlenek a talaj, sz\u00e9na \u00e9s egy\u00e9b anyagok \u00e1s\u00e1s\u00e1hoz, emel\u00e9s\u00e9hez \u00e9s sz\u00e1ll\u00edt\u00e1s\u00e1hoz. A prec\u00edz vez\u00e9rl\u00e9s k\u00e9pess\u00e9ge n\u00f6veli a mez\u0151gazdas\u00e1gi m\u0171veletek hat\u00e9konys\u00e1g\u00e1t, biztos\u00edtva az anyagok biztons\u00e1gos \u00e9s hat\u00e9kony kezel\u00e9s\u00e9t.<\/p>\n<h3>Kotr\u00f3g\u00e9pek<\/h3>\n<p>A kotr\u00f3g\u00e9pekben a g\u00e9mhenger lehet\u0151v\u00e9 teszi, hogy a kan\u00e1l behatoljon a talajba, lehet\u0151v\u00e9 t\u00e9ve a hat\u00e9kony \u00e1s\u00e1si m\u0171veleteket. Ez a funkci\u00f3 kulcsfontoss\u00e1g\u00fa a k\u00fcl\u00f6nf\u00e9le \u00e1s\u00e1si projektekn\u00e9l, biztos\u00edtva, hogy a kezel\u0151 el\u00e9rje a k\u00edv\u00e1nt m\u00e9lys\u00e9get \u00e9s pontoss\u00e1got.<\/p>\n<h3>Rakod\u00f3k<\/h3>\n<p>A homlokrakod\u00f3kn\u00e1l a g\u00e9mhenger hat\u00e9konyan seg\u00edti a terhek emel\u00e9s\u00e9t \u00e9s \u00fcr\u00edt\u00e9s\u00e9t. Kialak\u00edt\u00e1sa z\u00f6kken\u0151mentes m\u0171k\u00f6d\u00e9st tesz lehet\u0151v\u00e9, biztos\u00edtva, hogy a neh\u00e9z hasznos terhek neh\u00e9zs\u00e9gek n\u00e9lk\u00fcl kezelhet\u0151k legyenek, n\u00f6velve a termel\u00e9kenys\u00e9get a munkater\u00fcleteken.<\/p>\n<h2>Tervez\u00e9si szempontok \u00e9s kiv\u00e1laszt\u00e1si krit\u00e9riumok<\/h2>\n<h3>Teherb\u00edr\u00e1s<\/h3>\n<p>G\u00e9mhenger kiv\u00e1laszt\u00e1sakor kulcsfontoss\u00e1g\u00fa figyelembe venni a teherb\u00edr\u00e1s\u00e1t. Meg kell felelnie a kotr\u00f3g\u00e9p \u00e1ltal felemelt maxim\u00e1lis s\u00faly elb\u00edr\u00e1s\u00e1ra vonatkoz\u00f3 n\u00e9vleges m\u00e9reteknek, biztos\u00edtva a biztons\u00e1gos \u00e9s megb\u00edzhat\u00f3 m\u0171k\u00f6d\u00e9st. A nem elegend\u0151 kapacit\u00e1s\u00fa henger mechanikai meghib\u00e1sod\u00e1sokhoz vezethet, biztons\u00e1gi kock\u00e1zatokat \u00e9s m\u0171k\u00f6d\u00e9si hat\u00e9konys\u00e1gn\u00f6veked\u00e9st okozva.<\/p>\n<h3>T\u00f6m\u00edt\u00e9si teljes\u00edtm\u00e9ny<\/h3>\n<p>A hat\u00e9kony t\u00f6m\u00edt\u00e9s elengedhetetlen a hidraulikus hengerek hossz\u00fa \u00e9lettartam\u00e1hoz \u00e9s teljes\u00edtm\u00e9ny\u00e9hez. A kiv\u00e1l\u00f3 min\u0151s\u00e9g\u0171 t\u00f6m\u00edt\u00e9sek megakad\u00e1lyozz\u00e1k a hidraulikafolyad\u00e9k sziv\u00e1rg\u00e1s\u00e1t, fenntartva a rendszer nyom\u00e1s\u00e1t \u00e9s hat\u00e9konys\u00e1g\u00e1t. A t\u00f6m\u00edt\u0151anyagok, p\u00e9ld\u00e1ul a poliuret\u00e1nok vagy a nitrilkaucsukok megv\u00e1laszt\u00e1sa jelent\u0151sen befoly\u00e1solja a henger teljes\u00edtm\u00e9ny\u00e9t k\u00fcl\u00f6nb\u00f6z\u0151 \u00fczemi k\u00f6r\u00fclm\u00e9nyek k\u00f6z\u00f6tt.<\/p>\n<h3>Tart\u00f3ss\u00e1g \u00e9s hossz\u00fa \u00e9lettartam<\/h3>\n<p>A g\u00e9mhenger tart\u00f3ss\u00e1ga kiemelked\u0151 fontoss\u00e1g\u00fa, k\u00fcl\u00f6n\u00f6sen ig\u00e9nyes k\u00f6rnyezetben. Az olyan t\u00e9nyez\u0151k, mint az anyagv\u00e1laszt\u00e1s, a fel\u00fcletkezel\u00e9s \u00e9s a v\u00e9d\u0151bevonatok hozz\u00e1j\u00e1rulnak a kop\u00e1s- \u00e9s korr\u00f3zi\u00f3\u00e1ll\u00f3s\u00e1g\u00e1hoz, v\u00e9gs\u0151 soron meghat\u00e1rozva az \u00e9lettartam\u00e1t. A zord k\u00f6r\u00fclm\u00e9nyeknek ellen\u00e1ll\u00f3 anyagok haszn\u00e1lata n\u00f6veli az alkatr\u00e9sz \u00e1ltal\u00e1nos megb\u00edzhat\u00f3s\u00e1g\u00e1t.<\/p>\n<h3>Biztons\u00e1gi funkci\u00f3k<\/h3>\n<p>A biztons\u00e1g kiemelt fontoss\u00e1g\u00fa a hidraulikus rendszerekben. A g\u00e9mhengereket integr\u00e1lt biztons\u00e1gi funkci\u00f3kkal kell megtervezni a hirtelen meghib\u00e1sod\u00e1sok megel\u0151z\u00e9se \u00e9rdek\u00e9ben. Ez mag\u00e1ban foglalja a nyom\u00e1scs\u00f6kkent\u0151 \u00e9s t\u00falterhel\u00e9s elleni v\u00e9delmi mechanizmusokat, biztos\u00edtva, hogy a berendez\u00e9s biztons\u00e1gos hat\u00e1rokon bel\u00fcl m\u0171k\u00f6dj\u00f6n.<\/p>\n<h3>Karbantart\u00e1si hozz\u00e1f\u00e9rhet\u0151s\u00e9g<\/h3>\n<p>A g\u00e9mhenger k\u00f6nny\u0171 karbantart\u00e1s\u00e1nak megtervez\u00e9se elengedhetetlen. Az olyan jellemz\u0151k, mint a k\u00f6nnyen hozz\u00e1f\u00e9rhet\u0151 zs\u00edrz\u00f3gombok \u00e9s a cser\u00e9lhet\u0151 t\u00f6m\u00edt\u00e9sek megk\u00f6nny\u00edtik a rendszeres ellen\u0151rz\u00e9seket \u00e9s jav\u00edt\u00e1sokat, ami v\u00e9gs\u0151 soron a le\u00e1ll\u00e1si id\u0151 cs\u00f6kken\u00e9s\u00e9hez \u00e9s a termel\u00e9kenys\u00e9g n\u00f6veked\u00e9s\u00e9hez vezet. Egy j\u00f3l karbantartott henger hosszabb ideig hat\u00e9konyan m\u0171k\u00f6dhet, \u00edgy megtakar\u00edthatja a csere k\u00f6lts\u00e9geit.<\/p>\n<p><img decoding=\"async\" src=\"https:\/\/www.hydraulic-cylinders.net\/wp-content\/uploads\/2025\/04\/songte-oil-pipes-and-spare-parts.webp\" alt=\"Olajcs\u00f6vek \u00e9s alkatr\u00e9szek\" \/><\/p>\n<h2>T\u00f6m\u00edt\u00e9s \u00e9s ken\u00e9s<\/h2>\n<p>A hat\u00e9kony t\u00f6m\u00edt\u00e9s \u00e9s ken\u00e9s kritikus fontoss\u00e1g\u00fa a g\u00e9mhenger teljes\u00edtm\u00e9nye szempontj\u00e1b\u00f3l. K\u00fcl\u00f6nb\u00f6z\u0151 t\u00f6m\u00edt\u0151elemeket, p\u00e9ld\u00e1ul dugatty\u00fat\u00f6m\u00edt\u00e9seket \u00e9s r\u00fadt\u00f6m\u00edt\u00e9seket haszn\u00e1lnak a hidraulikafolyad\u00e9k sziv\u00e1rg\u00e1s\u00e1nak megakad\u00e1lyoz\u00e1s\u00e1ra. A tart\u00f3s anyagok, k\u00f6zt\u00fck a poliuret\u00e1n \u00e9s a nitrilgumi haszn\u00e1lata biztos\u00edtja, hogy a t\u00f6m\u00edt\u00e9sek ellen\u00e1lljanak a kop\u00e1snak \u00e9s a k\u00f6rnyezeti t\u00e9nyez\u0151knek. Ezenk\u00edv\u00fcl a hengertest \u00e9s a menetes v\u00e9gek finom megmunk\u00e1l\u00e1son esnek \u00e1t a kop\u00e1s\u00e1ll\u00f3s\u00e1g fokoz\u00e1sa \u00e9rdek\u00e9ben.<\/p>\n<p>A s\u00farl\u00f3d\u00e1s \u00e9s a kop\u00e1s minimaliz\u00e1l\u00e1sa \u00e9rdek\u00e9ben rendszeres hidraulikaolajjal t\u00f6rt\u00e9n\u0151 ken\u00e9s sz\u00fcks\u00e9ges. A megfelel\u0151 ken\u00e9s biztos\u00edtja a z\u00f6kken\u0151mentes m\u0171k\u00f6d\u00e9st \u00e9s meghosszabb\u00edtja a g\u00e9mhenger \u00e9lettartam\u00e1t. A kezel\u0151knek rutint kell kialak\u00edtaniuk az olajszint ellen\u0151rz\u00e9s\u00e9re \u00e9s sz\u00fcks\u00e9g szerinti felt\u00f6lt\u00e9s\u00e9re, biztos\u00edtva az optim\u00e1lis teljes\u00edtm\u00e9nyt.<\/p>\n<h2>Rendszeres ellen\u0151rz\u00e9s \u00e9s megel\u0151z\u0151 karbantart\u00e1s<\/h2>\n<ul>\n<li><strong>Rutinszer\u0171 ellen\u0151rz\u00e9sek:<\/strong> Rendszeresen ellen\u0151rizze a kop\u00e1s, sziv\u00e1rg\u00e1s vagy s\u00e9r\u00fcl\u00e9s jeleit. Ez a proakt\u00edv megk\u00f6zel\u00edt\u00e9s seg\u00edt azonos\u00edtani a lehets\u00e9ges probl\u00e9m\u00e1kat, miel\u0151tt azok s\u00falyosbodn\u00e1nak, biztos\u00edtva a zavartalan m\u0171k\u00f6d\u00e9st.<\/li>\n<li><strong>Megfelel\u0151 ken\u00e9s:<\/strong> Gy\u0151z\u0151dj\u00f6n meg arr\u00f3l, hogy a g\u00e9mhenger megfelel\u0151en van kenve a gy\u00e1rt\u00f3 el\u0151\u00edr\u00e1sainak megfelel\u0151en. A nem megfelel\u0151 ken\u00e9s fokozott s\u00farl\u00f3d\u00e1st \u00e9s id\u0151 el\u0151tti kop\u00e1st okozhat, ami befoly\u00e1solhatja a teljes\u00edtm\u00e9nyt.<\/li>\n<li><strong>T\u00f6m\u00edt\u00e9scsere:<\/strong> A t\u00f6m\u00edt\u00e9seket sz\u00fcks\u00e9g szerint cser\u00e9lje ki az ellen\u0151rz\u00e9s eredm\u00e9nyei alapj\u00e1n. A kopott t\u00f6m\u00edt\u00e9sek hidraulikafolyad\u00e9k-sziv\u00e1rg\u00e1st okozhatnak, cs\u00f6kkentve a rendszer hat\u00e9konys\u00e1g\u00e1t \u00e9s n\u00f6velve a k\u00f6lts\u00e9geket.<\/li>\n<\/ul>\n<h2>Telep\u00edt\u00e9si \u00fatmutat\u00f3<\/h2>\n<p>A g\u00e9mhenger megfelel\u0151 beszerel\u00e9se elengedhetetlen az optim\u00e1lis teljes\u00edtm\u00e9nyhez. Kezdje azzal, hogy minden alkatr\u00e9sz tiszta \u00e9s t\u00f6rmel\u00e9kmentes. Igaz\u00edtsa pontosan a hengert a r\u00f6gz\u00edt\u00e9si pontokhoz, a megfelel\u0151 r\u00f6gz\u00edt\u0151konzolok seg\u00edts\u00e9g\u00e9vel r\u00f6gz\u00edtve. A henger t\u00falzott terhel\u00e9s\u00e9nek elker\u00fcl\u00e9se \u00e9rdek\u00e9ben elengedhetetlen a megfelel\u0151 be\u00e1ll\u00edt\u00e1s a telep\u00edt\u00e9si folyamat sor\u00e1n.<\/p>\n<p>A csavarok \u00e9s szerelv\u00e9nyek megh\u00faz\u00e1si nyomat\u00e9kaira vonatkoz\u00f3 gy\u00e1rt\u00f3i ir\u00e1nyelveket k\u00f6vesse a csatlakoz\u00e1sok biztons\u00e1goss\u00e1ga \u00e9rdek\u00e9ben. A beszerel\u00e9s ut\u00e1n alapos ellen\u0151rz\u00e9ssel gy\u0151z\u0151dj\u00f6n meg arr\u00f3l, hogy a henger sim\u00e1n \u00e9s akad\u00e1lytalanul m\u0171k\u00f6dik. M\u0171k\u00f6d\u00e9s k\u00f6zben rendszeresen ellen\u0151rizze a be\u00e1ll\u00edt\u00e1si hib\u00e1kat vagy kop\u00e1sokat a beszerel\u00e9s integrit\u00e1s\u00e1nak meg\u0151rz\u00e9se \u00e9rdek\u00e9ben.<\/p>\n<h2>Gyakori karbantart\u00e1si feladatok<\/h2>\n<ul>\n<li><strong>Rendszeres ellen\u0151rz\u00e9sek:<\/strong> V\u00e9gezzen \u00fctemezett ellen\u0151rz\u00e9seket a g\u00e9mhenger \u00e1llapot\u00e1nak felm\u00e9r\u00e9s\u00e9hez. Keressen kop\u00e1sra, sziv\u00e1rg\u00e1sra vagy szerkezeti integrit\u00e1si probl\u00e9m\u00e1kra utal\u00f3 jeleket. Azonnal foglalkozzon a felmer\u00fcl\u0151 probl\u00e9m\u00e1kkal a tov\u00e1bbi k\u00e1rok megel\u0151z\u00e9se \u00e9rdek\u00e9ben.<\/li>\n<li><strong>Megfelel\u0151 ken\u00e9s:<\/strong> Gy\u0151z\u0151dj\u00f6n meg r\u00f3la, hogy a henger a gy\u00e1rt\u00f3 ir\u00e1nyelveinek megfelel\u0151en van kenve. A megfelel\u0151 ken\u00e9s minimaliz\u00e1lja a s\u00farl\u00f3d\u00e1st \u00e9s meghosszabb\u00edtja a henger \u00e9lettartam\u00e1t.<\/li>\n<li><strong>T\u00f6m\u00edt\u00e9scsere:<\/strong> Figyelje a t\u00f6m\u00edt\u00e9sek \u00e1llapot\u00e1t, \u00e9s sz\u00fcks\u00e9g szerint cser\u00e9lje ki azokat. A kopott t\u00f6m\u00edt\u00e9sek hidraulikafolyad\u00e9k-sziv\u00e1rg\u00e1st okozhatnak, ami befoly\u00e1solhatja a teljes\u00edtm\u00e9nyt \u00e9s a biztons\u00e1got.<\/li>\n<\/ul>\n<h2>Biztons\u00e1gi szempontok \u00e9s k\u00f6rnyezeti t\u00e9nyez\u0151k<\/h2>\n<p>A biztons\u00e1gi int\u00e9zked\u00e9sek bevezet\u00e9se elengedhetetlen a hidraulikus berendez\u00e9sekkel, p\u00e9ld\u00e1ul a g\u00e9mhengerekkel v\u00e9gzett munka sor\u00e1n. A kezel\u0151ket ki kell k\u00e9pezni a biztons\u00e1gos kezel\u00e9si gyakorlatokra, \u00e9s meg kell \u00e9rteni\u00fck a hidraulikus rendszerekkel kapcsolatos kock\u00e1zatokat. Megfelel\u0151 szem\u00e9lyi v\u00e9d\u0151felszerel\u00e9st (PPE) kell viselni a s\u00e9r\u00fcl\u00e9svesz\u00e9ly minimaliz\u00e1l\u00e1sa \u00e9rdek\u00e9ben az \u00fczemeltet\u00e9s \u00e9s karbantart\u00e1s sor\u00e1n.<\/p>\n<p>A g\u00e9mhenger anyagainak kiv\u00e1laszt\u00e1sakor figyelembe kell venni a k\u00f6rnyezeti t\u00e9nyez\u0151ket, p\u00e9ld\u00e1ul a sz\u00e9ls\u0151s\u00e9ges h\u0151m\u00e9rs\u00e9kleteknek \u00e9s a korroz\u00edv anyagoknak val\u00f3 kitetts\u00e9get. Az alkatr\u00e9szeket \u00fagy kell megtervezni, hogy ellen\u00e1lljanak ezeknek a k\u00f6r\u00fclm\u00e9nyeknek, biztos\u00edtva az id\u0151beli megb\u00edzhat\u00f3 teljes\u00edtm\u00e9nyt.<\/p>\n<h2>Hibadiagn\u00f3zis \u00e9s gyakori probl\u00e9m\u00e1k<\/h2>\n<ul>\n<li><strong>Sziv\u00e1rg\u00e1sok:<\/strong> A hidraulikus hengerek egyik leggyakoribb probl\u00e9m\u00e1ja a sziv\u00e1rg\u00e1s. Ez kopott t\u00f6m\u00edt\u00e9sekb\u0151l vagy nem megfelel\u0151 beszerel\u00e9sb\u0151l eredhet. A rendszeres ellen\u0151rz\u00e9sek seg\u00edthetnek a sziv\u00e1rg\u00e1sok korai azonos\u00edt\u00e1s\u00e1ban, lehet\u0151v\u00e9 t\u00e9ve az id\u0151ben t\u00f6rt\u00e9n\u0151 jav\u00edt\u00e1sokat.<\/li>\n<li><strong>Teljes\u00edtm\u00e9nyveszt\u00e9s:<\/strong> A hidraulikus teljes\u00edtm\u00e9ny cs\u00f6kken\u00e9se bels\u0151 s\u00e9r\u00fcl\u00e9sre vagy a rendszerben l\u00e9v\u0151 elz\u00e1r\u00f3d\u00e1sokra utalhat. A kiv\u00e1lt\u00f3 ok diagnosztiz\u00e1l\u00e1sa elengedhetetlen a hat\u00e9kony jav\u00edt\u00e1sokhoz.<\/li>\n<li><strong>Szokatlan zajok:<\/strong> A m\u0171k\u00f6d\u00e9s k\u00f6zbeni furcsa hangok olyan probl\u00e9m\u00e1kra utalhatnak, mint az alacsony ken\u00e9si szint vagy a mechanikai kop\u00e1s. A kezel\u0151knek halad\u00e9ktalanul ki kell vizsg\u00e1lniuk a szokatlan zajokat.<\/li>\n<\/ul>\n<h2>Hibaelh\u00e1r\u00edt\u00e1si tippek<\/h2>\n<p>A hat\u00e9kony hibaelh\u00e1r\u00edt\u00e1s \u00e9rdek\u00e9ben a kezel\u0151knek el\u0151sz\u00f6r is azonos\u00edtaniuk kell a s\u00e9r\u00fcl\u00e9sek vagy kop\u00e1sok l\u00e1that\u00f3 jeleit. A rendszeres karbantart\u00e1si ellen\u0151rz\u00e9sek jelent\u0151sen cs\u00f6kkenthetik a probl\u00e9m\u00e1k felmer\u00fcl\u00e9s\u00e9nek val\u00f3sz\u00edn\u0171s\u00e9g\u00e9t. Probl\u00e9ma eset\u00e9n szisztematikusan kell kik\u00fcsz\u00f6b\u00f6lni a lehets\u00e9ges okokat a t\u00f6m\u00edt\u00e9sek, a folyad\u00e9kszintek \u00e9s a csatlakoz\u00e1sok ellen\u0151rz\u00e9s\u00e9vel. A megel\u0151z\u0151 int\u00e9zked\u00e9sek, p\u00e9ld\u00e1ul a rutinszer\u0171 ellen\u0151rz\u00e9sek \u00e9s a karbantart\u00e1si \u00fctemtervek betart\u00e1sa jelent\u0151sen minimaliz\u00e1lhatja a lehets\u00e9ges probl\u00e9m\u00e1kat \u00e9s el\u0151seg\u00edtheti a hat\u00e9kony m\u0171k\u00f6d\u00e9st.<\/p>\n<p><img decoding=\"async\" src=\"https:\/\/www.hydraulic-cylinders.net\/wp-content\/uploads\/2025\/04\/songte-bushings-with-all-kinds-of-excavator-models.webp\" alt=\"Perselyek \u00e9s kotr\u00f3g\u00e9pek\" \/><\/p>\n<h2>C\u00e9g\u00fcnkr\u0151l<\/h2>\n<p>A hidraulikus hengerek vezet\u0151 gy\u00e1rt\u00f3ja vagyunk, \u00e9s k\u00fcl\u00f6nf\u00e9le modellekhez k\u00edn\u00e1lunk kiv\u00e1l\u00f3 min\u0151s\u00e9g\u0171 cserealkatr\u00e9szeket. Kiterjedt term\u00e9kk\u00edn\u00e1latunknak k\u00f6sz\u00f6nhet\u0151en kiemelked\u0151 gy\u00e1rt\u00f3k\u00e9nt \u00e9s nagykereskedelmi forgalmaz\u00f3k\u00e9nt szerepel\u00fcnk mind a hazai, mind a nemzetk\u00f6zi piacokon. Szigor\u00fa min\u0151s\u00e9gi el\u0151\u00edr\u00e1sokat k\u00f6vet\u00fcnk, \u00e9s fejlett gy\u00e1rt\u00e1sir\u00e1ny\u00edt\u00e1si strat\u00e9gi\u00e1kat alkalmazunk, biztos\u00edtva, hogy termel\u00e9si folyamataink hat\u00e9konyak \u00e9s eredm\u00e9nyesek legyenek.<\/p>\n<p>A kiv\u00e1l\u00f3s\u00e1g ir\u00e1nti elk\u00f6telezetts\u00e9g\u00fcnket k\u00e9pzett szakemberekb\u0151l \u00e1ll\u00f3 csapat, \u00e9lvonalbeli gy\u00e1rt\u00f3berendez\u00e9sek \u00e9s szigor\u00fa tesztel\u00e9si rendszerek t\u00e1mogatj\u00e1k. Folyamatosan fejlesztj\u00fck gy\u00e1rt\u00e1si platformunkat, hogy megfelelj\u00fcnk \u00fcgyfeleink sokr\u00e9t\u0171 ig\u00e9nyeinek, \u00e9s minden lesz\u00e1ll\u00edtott term\u00e9k\u00fcnkben a magas hat\u00e9konys\u00e1gra, pontoss\u00e1gra \u00e9s min\u0151s\u00e9gre t\u00f6reksz\u00fcnk.<\/p>\n<p><img decoding=\"async\" src=\"https:\/\/www.hydraulic-cylinders.net\/wp-content\/uploads\/2025\/04\/songte-company-4.webp\" alt=\"C\u00e9ginform\u00e1ci\u00f3\" \/><br \/>\n<img decoding=\"async\" src=\"https:\/\/www.hydraulic-cylinders.net\/wp-content\/uploads\/2025\/04\/songte-company-3.webp\" alt=\"Gy\u00e1rt\u00f3\u00fczemek\" \/><\/p>\n<p>C\u00e9gk\u00e9nt b\u00fcszk\u00e9k vagyunk professzionalizmusunkra, nemzetk\u00f6zi tan\u00fas\u00edtv\u00e1nyainkra \u00e9s \u00fcgyf\u00e9lk\u00f6zpont\u00fa egyedi szolg\u00e1ltat\u00e1sainkra. Korszer\u0171 gy\u00e1rt\u00f3berendez\u00e9seink \u00e9s elk\u00f6telezett \u00e9rt\u00e9kes\u00edt\u00e9s ut\u00e1ni szolg\u00e1ltat\u00e1sunk biztos\u00edtj\u00e1k, hogy folyamatosan megfelelj\u00fcnk, s\u0151t t\u00fal is sz\u00e1rnyaljuk \u00fcgyfeleink elv\u00e1r\u00e1sait.<\/p>\n<p>Szerz\u0151: lyl<\/p>","protected":false},"excerpt":{"rendered":"<p>Boom Cylinder For XCMG Large Excavator XE700C Introduction to the Boom Cylinder The Boom Cylinder is a crucial component in the hydraulic system of large excavators, specifically designed for models like the XCMG XE700C. This hydraulic cylinder plays a vital role in controlling the movement of the excavator&#8217;s boom, facilitating various operations such as lifting, [&hellip;]<\/p>","protected":false},"featured_media":17874,"comment_status":"open","ping_status":"closed","template":"","meta":{"_et_pb_use_builder":"","_et_pb_old_content":"","_et_gb_content_width":""},"product_brand":[],"product_cat":[1546],"product_tag":[1547,1496],"class_list":{"0":"post-19203","1":"product","2":"type-product","3":"status-publish","4":"has-post-thumbnail","6":"product_cat-boom-cylinders","7":"product_tag-boom-cylinders","8":"product_tag-hydraulic-cylinders","10":"first","11":"instock","12":"shipping-taxable","13":"product-type-simple"},"amp_enabled":true,"_links":{"self":[{"href":"https:\/\/www.hydraulic-cylinders.net\/hu\/wp-json\/wp\/v2\/product\/19203","targetHints":{"allow":["GET"]}}],"collection":[{"href":"https:\/\/www.hydraulic-cylinders.net\/hu\/wp-json\/wp\/v2\/product"}],"about":[{"href":"https:\/\/www.hydraulic-cylinders.net\/hu\/wp-json\/wp\/v2\/types\/product"}],"replies":[{"embeddable":true,"href":"https:\/\/www.hydraulic-cylinders.net\/hu\/wp-json\/wp\/v2\/comments?post=19203"}],"wp:featuredmedia":[{"embeddable":true,"href":"https:\/\/www.hydraulic-cylinders.net\/hu\/wp-json\/wp\/v2\/media\/17874"}],"wp:attachment":[{"href":"https:\/\/www.hydraulic-cylinders.net\/hu\/wp-json\/wp\/v2\/media?parent=19203"}],"wp:term":[{"taxonomy":"product_brand","embeddable":true,"href":"https:\/\/www.hydraulic-cylinders.net\/hu\/wp-json\/wp\/v2\/product_brand?post=19203"},{"taxonomy":"product_cat","embeddable":true,"href":"https:\/\/www.hydraulic-cylinders.net\/hu\/wp-json\/wp\/v2\/product_cat?post=19203"},{"taxonomy":"product_tag","embeddable":true,"href":"https:\/\/www.hydraulic-cylinders.net\/hu\/wp-json\/wp\/v2\/product_tag?post=19203"}],"curies":[{"name":"munkaf\u00fczet","href":"https:\/\/api.w.org\/{rel}","templated":true}]}}