{"id":19207,"date":"2025-04-07T06:18:11","date_gmt":"2025-04-07T06:18:11","guid":{"rendered":"https:\/\/www.hydraulic-cylinders.net\/product\/boom-cylinder-for-xcmg-large-excavator-xe3000\/"},"modified":"2025-04-07T06:18:13","modified_gmt":"2025-04-07T06:18:13","slug":"boom-cylinder-for-xcmg-large-excavator-xe3000","status":"publish","type":"product","link":"https:\/\/www.hydraulic-cylinders.net\/hu\/termek\/boom-cylinder-for-xcmg-large-excavator-xe3000\/","title":{"rendered":"XCMG XE3000 nagy kotr\u00f3g\u00e9p g\u00e9mhenger"},"content":{"rendered":"<h1>XCMG XE3000 nagy kotr\u00f3g\u00e9p g\u00e9mhenger<\/h1>\n<h2>Bevezet\u00e9s a g\u00e9mhengerekbe<\/h2>\n<p>A g\u00e9mhenger kritikus fontoss\u00e1g\u00fa alkatr\u00e9sz a nagym\u00e9ret\u0171 kotr\u00f3g\u00e9pekben, amelyet kifejezetten az XCMG XE3000 modellhez terveztek. Ez a hidraulikus henger l\u00e9tfontoss\u00e1g\u00fa szerepet j\u00e1tszik a g\u00e9m mozg\u00e1s\u00e1nak szab\u00e1lyoz\u00e1s\u00e1ban, lehet\u0151v\u00e9 t\u00e9ve a prec\u00edz emel\u00e9st, s\u00fcllyeszt\u00e9st \u00e9s billent\u00e9st. A g\u00e9mhenger hat\u00e9kony m\u0171k\u00f6d\u00e9se n\u00f6veli a neh\u00e9zg\u00e9pek teljes\u00edtm\u00e9ny\u00e9t, lehet\u0151v\u00e9 t\u00e9ve sz\u00e1mukra, hogy k\u00f6nnyed\u00e9n kezelj\u00e9k a k\u00fcl\u00f6nf\u00e9le anyagmozgat\u00e1si feladatokat.<\/p>\n<p><img decoding=\"async\" src=\"https:\/\/www.hydraulic-cylinders.net\/wp-content\/uploads\/2025\/04\/songte-company-1.webp\" alt=\"G\u00e9mhenger k\u00e9pe\"><\/p>\n<h3>Meghat\u00e1roz\u00e1s \u00e9s \u00e1ttekint\u00e9s<\/h3>\n<p>A g\u00e9mhenger egy olyan hidraulikus henger, amelyet kifejezetten a neh\u00e9zg\u00e9pek, p\u00e9ld\u00e1ul kotr\u00f3g\u00e9pek, kotr\u00f3rakod\u00f3k \u00e9s homlokrakod\u00f3k g\u00e9mj\u00e9nek mozg\u00e1s\u00e1nak vez\u00e9rl\u00e9s\u00e9re haszn\u00e1lnak. Lehet\u0151v\u00e9 teszi a g\u00e9m emel\u00e9s\u00e9t, s\u00fcllyeszt\u00e9s\u00e9t \u00e9s billent\u00e9s\u00e9t, megk\u00f6nny\u00edtve a k\u00fcl\u00f6nf\u00e9le anyagmozgat\u00e1si feladatokat. A g\u00e9mhenger funkcionalit\u00e1sa elengedhetetlen a hidraulikus rendszerekben, mivel a hidraulikus nyom\u00e1st mechanikus mozg\u00e1ss\u00e1 alak\u00edtja, lehet\u0151v\u00e9 t\u00e9ve a kezel\u0151k sz\u00e1m\u00e1ra, hogy hat\u00e9konyan kezelj\u00e9k a nagym\u00e9ret\u0171 kotr\u00f3g\u00e9pek eszk\u00f6zeit.<\/p>\n<h2>A g\u00e9mhenger jellemz\u0151i<\/h2>\n<ul>\n<li><strong>Nagy szil\u00e1rds\u00e1g \u00e9s tart\u00f3ss\u00e1g:<\/strong> A jellemz\u0151en nagy szil\u00e1rds\u00e1g\u00fa ac\u00e9lb\u00f3l vagy alum\u00edniumb\u00f3l k\u00e9sz\u00fclt g\u00e9mhenger nagy nyom\u00e1snak \u00e9s neh\u00e9z terhel\u00e9snek van kit\u00e9ve, \u00edgy alkalmass\u00e1 teszi zord munkak\u00f6rnyezetre. A kop\u00e1s\u00e1ll\u00f3s\u00e1gra \u00e9s a korr\u00f3zi\u00f3\u00e1ll\u00f3s\u00e1gra vonatkoz\u00f3 szempontok meghosszabb\u00edtj\u00e1k \u00e9lettartam\u00e1t.<\/li>\n<li><strong>Hat\u00e9kony hidraulikus m\u0171k\u00f6dtet\u00e9s:<\/strong> A g\u00e9mhenger a hidraulikaolaj nyom\u00e1s\u00e1t haszn\u00e1lja ki a sima teleszk\u00f3pos mozg\u00e1shoz, gyors reag\u00e1l\u00e1st biztos\u00edt a vez\u00e9rl\u0151parancsokra, \u00e9s er\u0151teljes tol\u00f3- \u00e9s h\u00faz\u00f3er\u0151t biztos\u00edt, ami ide\u00e1lis neh\u00e9z anyagok \u00e9s \u00f6sszetett feladatok kezel\u00e9s\u00e9hez.<\/li>\n<li><strong>K\u00fcl\u00f6nb\u00f6z\u0151 t\u00edpusok:<\/strong> Az \u00fczemeltet\u00e9si ig\u00e9nyekt\u0151l f\u00fcgg\u0151en mind egyszeres m\u0171k\u00f6d\u00e9s\u0171 (egy ir\u00e1nyban hidraulikus er\u0151t haszn\u00e1l\u00f3), mind kett\u0151s m\u0171k\u00f6d\u00e9s\u0171 (mindk\u00e9t ir\u00e1nyban hidraulikus er\u0151t haszn\u00e1l\u00f3) hengerek kaphat\u00f3k. Bizonyos modellek teleszk\u00f3posak, \u00edgy nagyobb kiny\u00fal\u00e1st tesznek lehet\u0151v\u00e9 a k\u00fcls\u0151 m\u00e9retek n\u00f6vel\u00e9se n\u00e9lk\u00fcl, \u00edgy alkalmasak helysz\u0171k\u00e9ben l\u00e9v\u0151 alkalmaz\u00e1sokhoz.<\/li>\n<li><strong>Kompatibilit\u00e1s:<\/strong> Term\u00e9keink t\u00f6k\u00e9letesen helyettes\u00edthetik a megl\u00e9v\u0151 hidraulikus hengereket, biztos\u00edtva a z\u00f6kken\u0151mentes integr\u00e1ci\u00f3t \u00e9s a teljes\u00edtm\u00e9nyilleszt\u00e9st m\u00e1s g\u00e9palkatr\u00e9szekkel.<\/li>\n<\/ul>\n<p><img decoding=\"async\" src=\"https:\/\/www.hydraulic-cylinders.net\/wp-content\/uploads\/2025\/04\/songte-cylinder-head-with-all-kinds-excavator-models.webp\" alt=\"Kotr\u00f3g\u00e9p modellek\"><\/p>\n<h2>Alkalmaz\u00e1si forgat\u00f3k\u00f6nyvek<\/h2>\n<h3>\u00c9p\u00edt\u0151ipari berendez\u00e9sek<\/h3>\n<p>A kotr\u00f3g\u00e9pekben a g\u00e9mhengerek elengedhetetlenek az \u00e1s\u00e1shoz, rakod\u00e1shoz \u00e9s a f\u00f6ld vagy t\u00f6rmel\u00e9k mozgat\u00e1s\u00e1hoz. Ezek teszik lehet\u0151v\u00e9 a g\u00e9m hat\u00e9kony kiny\u00fal\u00e1s\u00e1t \u00e9s visszah\u00faz\u00e1s\u00e1t, \u00edgy a f\u00f6ldmunk\u00e1k k\u00f6nnyebben kezelhet\u0151k. A kotr\u00f3g\u00e9p-rakod\u00f3kban ezek a hengerek mind az \u00e1s\u00e1si, mind az emel\u00e9si m\u0171veletekben seg\u00edtenek, sokoldal\u00fas\u00e1got \u00e9s teljes\u00edtm\u00e9nyt biztos\u00edtva.<\/p>\n<h3>Mez\u0151gazdas\u00e1gi g\u00e9pek<\/h3>\n<p>A homlokrakod\u00f3kban a g\u00e9mhengereket talaj, sz\u00e9na \u00e9s egy\u00e9b anyagok mer\u00e9s\u00e9re, emel\u00e9s\u00e9re \u00e9s sz\u00e1ll\u00edt\u00e1s\u00e1ra haszn\u00e1lj\u00e1k. N\u00f6velik a mez\u0151gazdas\u00e1gi feladatok termel\u00e9kenys\u00e9g\u00e9t \u00e9s hat\u00e9konys\u00e1g\u00e1t, lehet\u0151v\u00e9 t\u00e9ve a kezel\u0151k sz\u00e1m\u00e1ra az \u00f6mlesztett anyagok k\u00f6nny\u0171 kezel\u00e9s\u00e9t.<\/p>\n<h3>Kotr\u00f3g\u00e9pek<\/h3>\n<p>A g\u00e9m munkahenger lehet\u0151v\u00e9 teszi, hogy a kotr\u00f3g\u00e9p kan\u00e1lja hat\u00e9konyan hatoljon a talajba, megk\u00f6nny\u00edtve az \u00e1s\u00e1si m\u0171veleteket. Ez a k\u00e9pess\u00e9g kulcsfontoss\u00e1g\u00fa a nagym\u00e9ret\u0171 f\u00f6ldmunk\u00e1kn\u00e1l, ahol a pontoss\u00e1g \u00e9s az er\u0151 kiemelked\u0151 fontoss\u00e1g\u00fa.<\/p>\n<h3>Rakod\u00f3k<\/h3>\n<p>A homlokrakod\u00f3kn\u00e1l a g\u00e9mhengerek jelent\u0151s szerepet j\u00e1tszanak a rakom\u00e1nyok emel\u00e9s\u00e9ben \u00e9s \u00fcr\u00edt\u00e9s\u00e9ben. Ezek biztos\u00edtj\u00e1k a rakod\u00f3 kan\u00e1l\u00e1nak z\u00f6kken\u0151mentes m\u0171k\u00f6d\u00e9s\u00e9t, n\u00f6velve a g\u00e9p hat\u00e9konys\u00e1g\u00e1t az anyagsz\u00e1ll\u00edt\u00e1si feladatokban.<\/p>\n<h2>Tervez\u00e9si szempontok<\/h2>\n<h3>Teherb\u00edr\u00e1s<\/h3>\n<p>A g\u00e9mhenger egyik els\u0151dleges tervez\u00e9si szempontja a teherb\u00edr\u00e1sa. Minden henger meghat\u00e1rozott s\u00falyhat\u00e1rok elvisel\u00e9s\u00e9re van m\u00e9retezve, biztos\u00edtva a biztons\u00e1gos m\u0171k\u00f6d\u00e9st nagy terhel\u00e9sek eset\u00e9n. A gy\u00e1rt\u00f3knak pontosan fel kell m\u00e9rni\u00fck a v\u00e1rhat\u00f3 terhel\u00e9si k\u00f6vetelm\u00e9nyeket a henger meghib\u00e1sod\u00e1s\u00e1nak megel\u0151z\u00e9se \u00e9s az \u00fczembiztons\u00e1g biztos\u00edt\u00e1sa \u00e9rdek\u00e9ben.<\/p>\n<h3>T\u00f6m\u00edt\u00e9s \u00e9s tart\u00f3ss\u00e1g<\/h3>\n<p>A hat\u00e9kony t\u00f6m\u00edt\u00e9s elengedhetetlen a hidraulikus nyom\u00e1s fenntart\u00e1s\u00e1hoz \u00e9s a sziv\u00e1rg\u00e1sok megel\u0151z\u00e9s\u00e9hez. A tart\u00f3s anyagokb\u00f3l k\u00e9sz\u00fclt min\u0151s\u00e9gi t\u00f6m\u00edt\u00e9sek elengedhetetlenek a hossz\u00fa \u00e9lettartamhoz \u00e9s a megb\u00edzhat\u00f3s\u00e1ghoz. A megfelel\u0151 t\u00f6m\u00edt\u00e9s biztos\u00edtja, hogy a hidraulikafolyad\u00e9k a hely\u00e9n maradjon, maximaliz\u00e1lva a hidraulikus rendszer hat\u00e9konys\u00e1g\u00e1t.<\/p>\n<h3>Biztons\u00e1gi funkci\u00f3k<\/h3>\n<p>A biztons\u00e1g kiemelked\u0151 szempont a g\u00e9mhengerek tervez\u00e9s\u00e9n\u00e9l. A biztons\u00e1gi szelepek \u00e9s nyom\u00e1scs\u00f6kkent\u0151 mechanizmusok be\u00e9p\u00edt\u00e9se seg\u00edt megel\u0151zni a t\u00falterhel\u00e9st \u00e9s a potenci\u00e1lis meghib\u00e1sod\u00e1sokat. Ezek a funkci\u00f3k kritikus fontoss\u00e1g\u00faak mind a kezel\u0151, mind a g\u00e9p v\u00e9delme \u00e9rdek\u00e9ben m\u0171k\u00f6d\u00e9s k\u00f6zben.<\/p>\n<h3>Karbantart\u00e1si hozz\u00e1f\u00e9rhet\u0151s\u00e9g<\/h3>\n<p>A g\u00e9mhengerek tervez\u00e9s\u00e9n\u00e9l a karbantart\u00e1s egyszer\u0171s\u00e9g\u00e9t is figyelembe kell venni. Az alkatr\u00e9szeknek hozz\u00e1f\u00e9rhet\u0151nek kell lenni\u00fck a rutinszer\u0171 ellen\u0151rz\u00e9s \u00e9s szervizel\u00e9s c\u00e9lj\u00e1b\u00f3l, lehet\u0151v\u00e9 t\u00e9ve az id\u0151ben t\u00f6rt\u00e9n\u0151 karbantart\u00e1st, ami meghosszabb\u00edthatja a hidraulikus henger \u00e9lettartam\u00e1t \u00e9s fenntarthatja az optim\u00e1lis teljes\u00edtm\u00e9nyt.<\/p>\n<p><img decoding=\"async\" src=\"https:\/\/www.hydraulic-cylinders.net\/wp-content\/uploads\/2025\/04\/songte-oil-pipes-and-spare-parts.webp\" alt=\"Olajcs\u00f6vek \u00e9s alkatr\u00e9szek\"><\/p>\n<h2>T\u00f6m\u00edt\u00e9s \u00e9s ken\u00e9s<\/h2>\n<p>A megfelel\u0151 t\u00f6m\u00edt\u00e9s \u00e9s ken\u00e9s alapvet\u0151 fontoss\u00e1g\u00fa a g\u00e9mhengerek hat\u00e9konys\u00e1ga \u00e9s hossz\u00fa \u00e9lettartama szempontj\u00e1b\u00f3l. K\u00fcl\u00f6nb\u00f6z\u0151 t\u00f6m\u00edt\u00e9sek, p\u00e9ld\u00e1ul dugatty\u00fat\u00f6m\u00edt\u00e9sek \u00e9s r\u00fadt\u00f6m\u00edt\u00e9sek haszn\u00e1lata biztos\u00edtja, hogy a hidraulikafolyad\u00e9k a hengeren bel\u00fcl maradjon. A tart\u00f3s anyagokb\u00f3l, p\u00e9ld\u00e1ul poliuret\u00e1nb\u00f3l \u00e9s nitrilgumib\u00f3l k\u00e9sz\u00fclt t\u00f6m\u00edt\u00e9sek fokozz\u00e1k a kop\u00e1s\u00e1ll\u00f3s\u00e1got, minimaliz\u00e1lva a sziv\u00e1rg\u00e1s kock\u00e1zat\u00e1t.<\/p>\n<p>A hengertest \u00e9s a menetes v\u00e9gek fel\u00fclet\u00e9t apr\u00f3l\u00e9kosan megmunk\u00e1lj\u00e1k a kop\u00e1s\u00e1ll\u00f3s\u00e1g jav\u00edt\u00e1sa \u00e9rdek\u00e9ben, ami l\u00e9tfontoss\u00e1g\u00fa a henger integrit\u00e1s\u00e1nak meg\u0151rz\u00e9se szempontj\u00e1b\u00f3l. A megfelel\u0151 hidraulikaolajjal t\u00f6rt\u00e9n\u0151 rendszeres ken\u00e9s sz\u00fcks\u00e9ges a s\u00farl\u00f3d\u00e1s \u00e9s a kop\u00e1s cs\u00f6kkent\u00e9s\u00e9hez, biztos\u00edtva az id\u0151 el\u0151tti z\u00f6kken\u0151mentes m\u0171k\u00f6d\u00e9st. A megfelel\u0151 hidraulikaolaj-szint fenntart\u00e1sa elengedhetetlen, mivel ez biztos\u00edtja a sz\u00fcks\u00e9ges ken\u00e9st az id\u0151 el\u0151tti kop\u00e1s \u00e9s a rendszer meghib\u00e1sod\u00e1s\u00e1nak megel\u0151z\u00e9s\u00e9hez.<\/p>\n<h2>Megel\u0151z\u0151 karbantart\u00e1si int\u00e9zked\u00e9sek<\/h2>\n<ul>\n<li><strong>Rendszeres ellen\u0151rz\u00e9sek:<\/strong> V\u00e9gezzen rendszeres ellen\u0151rz\u00e9seket a kop\u00e1s vagy s\u00e9r\u00fcl\u00e9s jeleinek azonos\u00edt\u00e1sa \u00e9rdek\u00e9ben. A rendszeres ellen\u0151rz\u00e9sek seg\u00edts\u00e9g\u00e9vel a potenci\u00e1lis probl\u00e9m\u00e1k m\u00e9g azel\u0151tt felfedezhet\u0151k, miel\u0151tt azok komolyabb probl\u00e9m\u00e1kk\u00e1 fajuln\u00e1nak.<\/li>\n<li><strong>Ken\u00e9s:<\/strong> Gy\u0151z\u0151dj\u00f6n meg arr\u00f3l, hogy a hidraulikus henger megfelel\u0151en kenve van. Haszn\u00e1lja az aj\u00e1nlott t\u00edpus\u00fa hidraulikaolajat, \u00e9s tartsa fenn a megfelel\u0151 olajszintet a s\u00farl\u00f3d\u00e1s \u00e9s a kop\u00e1s cs\u00f6kkent\u00e9se \u00e9rdek\u00e9ben.<\/li>\n<li><strong>T\u00f6m\u00edt\u00e9scsere:<\/strong> Figyelje a t\u00f6m\u00edt\u00e9sek \u00e1llapot\u00e1t, \u00e9s sz\u00fcks\u00e9g szerint cser\u00e9lje ki azokat. A kopott t\u00f6m\u00edt\u00e9sek olajsziv\u00e1rg\u00e1st okozhatnak, ami befoly\u00e1solhatja a hidraulikus rendszer teljes\u00edtm\u00e9ny\u00e9t \u00e9s hat\u00e9konys\u00e1g\u00e1t.<\/li>\n<\/ul>\n<h2>Telep\u00edt\u00e9si \u00fatmutat\u00f3<\/h2>\n<p>A g\u00e9mhenger megfelel\u0151 beszerel\u00e9se elengedhetetlen az optim\u00e1lis teljes\u00edtm\u00e9nyhez. Kezdje azzal, hogy megbizonyosodik arr\u00f3l, hogy a r\u00f6gz\u00edt\u0151fel\u00fcletek tiszt\u00e1k \u00e9s t\u00f6rmel\u00e9kmentesek. Igaz\u00edtsa pontosan a hengert a r\u00f6gz\u00edt\u00e9si pontokhoz, a megfelel\u0151 r\u00f6gz\u00edt\u0151konzolok seg\u00edts\u00e9g\u00e9vel r\u00f6gz\u00edtve. Alapvet\u0151 fontoss\u00e1g\u00fa a henger megfelel\u0151 be\u00e1ll\u00edt\u00e1sa, hogy elker\u00fclje az alkatr\u00e9szek t\u00falzott terhel\u00e9s\u00e9t m\u0171k\u00f6d\u00e9s k\u00f6zben.<\/p>\n<p>A henger r\u00f6gz\u00edt\u00e9se ut\u00e1n \u00f3vatosan csatlakoztassa a hidraulikavezet\u00e9keket, \u00fcgyelve arra, hogy ne legyenek t\u00f6r\u00e9sek vagy hajlatok, amelyek korl\u00e1tozhatn\u00e1k a folyad\u00e9k\u00e1raml\u00e1st. Miut\u00e1n az \u00f6sszes csatlakoz\u00e1s elk\u00e9sz\u00fclt, t\u00f6ltse fel a hidraulikarendszert az aj\u00e1nlott olajjal, \u00e9s l\u00e9gtelen\u00edtse a rendszert a bennrekedt leveg\u0151 elt\u00e1vol\u00edt\u00e1s\u00e1hoz. V\u00e9g\u00fcl v\u00e9gezzen pr\u00f3baj\u00e1rat\u00e1st annak ellen\u0151rz\u00e9s\u00e9re, hogy a henger sim\u00e1n m\u0171k\u00f6dik-e sziv\u00e1rg\u00e1s vagy rendellenes zajok n\u00e9lk\u00fcl.<\/p>\n<h2>Gyakori karbantart\u00e1si feladatok<\/h2>\n<ul>\n<li><strong>Rendszeres ellen\u0151rz\u00e9sek:<\/strong> Rendszeresen v\u00e9gezzen ellen\u0151rz\u00e9seket a henger \u00e9s alkatr\u00e9szeinek kop\u00e1s\u00e1nak \u00e9s elhaszn\u00e1l\u00f3d\u00e1s\u00e1nak ellen\u0151rz\u00e9s\u00e9re. Ez biztos\u00edtja, hogy minden probl\u00e9m\u00e1t azonnal azonos\u00edtsanak \u00e9s kezeljenek.<\/li>\n<li><strong>Megfelel\u0151 ken\u00e9s:<\/strong> Rendszeresen kenje a hengert a t\u00falzott kop\u00e1s megel\u0151z\u00e9se \u00e9s a z\u00f6kken\u0151mentes m\u0171k\u00f6d\u00e9s biztos\u00edt\u00e1sa \u00e9rdek\u00e9ben. A megfelel\u0151 t\u00edpus\u00fa hidraulikafolyad\u00e9k haszn\u00e1lata elengedhetetlen az optim\u00e1lis teljes\u00edtm\u00e9ny fenntart\u00e1s\u00e1hoz.<\/li>\n<li><strong>T\u00f6m\u00edt\u00e9s csere \u00e9s kalibr\u00e1l\u00e1s:<\/strong> Figyelje a t\u00f6m\u00edt\u00e9sek \u00e1llapot\u00e1t, \u00e9s sz\u00fcks\u00e9g eset\u00e9n cser\u00e9lje ki \u0151ket. A rendszeres kalibr\u00e1ci\u00f3s ellen\u0151rz\u00e9sek szint\u00e9n fontosak annak biztos\u00edt\u00e1s\u00e1ra, hogy a henger a tervezett specifik\u00e1ci\u00f3knak megfelel\u0151en m\u0171k\u00f6dj\u00f6n.<\/li>\n<\/ul>\n<h2>Biztons\u00e1gi szempontok<\/h2>\n<p>Hidraulikus rendszerekkel val\u00f3 foglalkoz\u00e1s sor\u00e1n a biztons\u00e1gi int\u00e9zked\u00e9sek kiemelked\u0151en fontosak. A kezel\u0151ket ki kell k\u00e9pezni a hidraulikus hengerekkel kapcsolatos kock\u00e1zatok meg\u00e9rt\u00e9s\u00e9re. M\u0171k\u00f6d\u00e9s \u00e9s karbantart\u00e1s sor\u00e1n megfelel\u0151 szem\u00e9lyi v\u00e9d\u0151felszerel\u00e9st (PPE) kell viselni. A biztons\u00e1gi legjobb gyakorlatok betart\u00e1sa, p\u00e9ld\u00e1ul a g\u00e9p \u00e1ramtalan\u00edt\u00e1s\u00e1nak biztos\u00edt\u00e1sa a karbantart\u00e1si munk\u00e1k elv\u00e9gz\u00e9se el\u0151tt, jelent\u0151sen cs\u00f6kkentheti a balesetek kock\u00e1zat\u00e1t.<\/p>\n<h2>Hibadiagn\u00f3zis \u00e9s gyakori probl\u00e9m\u00e1k<\/h2>\n<ul>\n<li><strong>Folyad\u00e9ksziv\u00e1rg\u00e1sok:<\/strong> A hidraulikus hengerek egyik leggyakoribb probl\u00e9m\u00e1ja a folyad\u00e9ksziv\u00e1rg\u00e1s, ami kopott t\u00f6m\u00edt\u00e9sekre vagy a henger s\u00e9r\u00fcl\u00e9s\u00e9re utalhat. A rendszeres ellen\u0151rz\u00e9sek seg\u00edthetnek a sziv\u00e1rg\u00e1sok korai azonos\u00edt\u00e1s\u00e1ban \u00e9s kezel\u00e9s\u00e9ben.<\/li>\n<li><strong>Gyenge teljes\u00edtm\u00e9ny:<\/strong> Ha a henger nem \u00e9ri el a v\u00e1rt teljes\u00edtm\u00e9nyt, annak oka lehet a nem megfelel\u0151 ken\u00e9s, a hidraulikus rendszerben l\u00e9v\u0151 leveg\u0151 vagy az alkatr\u00e9szek kop\u00e1sa. Ezen probl\u00e9m\u00e1k azonnali elh\u00e1r\u00edt\u00e1sa elengedhetetlen a hat\u00e9konys\u00e1g fenntart\u00e1s\u00e1hoz.<\/li>\n<li><strong>Szokatlan zajok:<\/strong> M\u0171k\u00f6d\u00e9s k\u00f6zben b\u00e1rmilyen rendellenes hangot azonnal ki kell vizsg\u00e1lni. A zajok mechanikai probl\u00e9m\u00e1kra vagy nem megfelel\u0151 telep\u00edt\u00e9sre utalhatnak, amelyek azonnali beavatkoz\u00e1st ig\u00e9nyelnek.<\/li>\n<\/ul>\n<h2>Hibaelh\u00e1r\u00edt\u00e1si tippek<\/h2>\n<p>A g\u00e9mhenger probl\u00e9m\u00e1inak diagnosztiz\u00e1l\u00e1sakor elengedhetetlen a szisztematikus megk\u00f6zel\u00edt\u00e9s k\u00f6vet\u00e9se. Kezdje a t\u00fcnetek, p\u00e9ld\u00e1ul a sziv\u00e1rg\u00e1sok vagy a teljes\u00edtm\u00e9nyprobl\u00e9m\u00e1k azonos\u00edt\u00e1s\u00e1val, \u00e9s ellen\u0151rizze a gyakori okokat, p\u00e9ld\u00e1ul az alacsony olajszintet vagy a s\u00e9r\u00fclt t\u00f6m\u00edt\u00e9seket. A megel\u0151z\u0151 int\u00e9zked\u00e9sek, p\u00e9ld\u00e1ul a rendszeres karbantart\u00e1s \u00e9s ellen\u0151rz\u00e9sek seg\u00edthetnek minimaliz\u00e1lni a potenci\u00e1lis probl\u00e9m\u00e1kat, miel\u0151tt azok s\u00falyosbodn\u00e1nak.<\/p>\n<p><img decoding=\"async\" src=\"https:\/\/www.hydraulic-cylinders.net\/wp-content\/uploads\/2025\/04\/songte-bushings-with-all-kinds-of-excavator-models.webp\" alt=\"Kotr\u00f3g\u00e9pek perselyei\"><\/p>\n<h2>C\u00e9g\u00fcnkr\u0151l<\/h2>\n<p>A hidraulikus munkahengerek vezet\u0151 gy\u00e1rt\u00f3ja vagyunk, sz\u00e9les term\u00e9kv\u00e1laszt\u00e9kot k\u00edn\u00e1lva, amelyet a hazai \u00e9s nemzetk\u00f6zi piacok ig\u00e9nyeinek kiel\u00e9g\u00edt\u00e9s\u00e9re terveztek. A kiv\u00e1l\u00f3s\u00e1g ir\u00e1nti elk\u00f6telezetts\u00e9g\u00fcnk tette minket az egyik vezet\u0151 hidraulikus munkahenger gy\u00e1rt\u00f3v\u00e1 \u00e9s nagykeresked\u0151v\u00e9.<\/p>\n<p>A prec\u00edzi\u00f3s gy\u00e1rt\u00e1s \u00e9s az ipari ir\u00e1ny\u00edt\u00e1s strat\u00e9gi\u00e1j\u00e1t k\u00f6vetj\u00fck, folyamatosan fejlesztve termel\u00e9si k\u00e9pess\u00e9geinket fejlett technol\u00f3gia \u00e9s professzion\u00e1lis tesztel\u0151rendszerek alkalmaz\u00e1s\u00e1val. Er\u0151s gy\u00e1rt\u00f3platformunk nagy hat\u00e9konys\u00e1g\u00fa \u00e9s nagy pontoss\u00e1g\u00fa berendez\u00e9sekkel van felszerelve, \u00edgy kiv\u00e1l\u00f3 min\u0151s\u00e9g\u0171 term\u00e9kekkel tudjuk kiel\u00e9g\u00edteni \u00fcgyfeleink sokr\u00e9t\u0171 ig\u00e9nyeit.<\/p>\n<p><img decoding=\"async\" src=\"https:\/\/www.hydraulic-cylinders.net\/wp-content\/uploads\/2025\/04\/songte-company-4.webp\" alt=\"C\u00e9ginform\u00e1ci\u00f3\"><br \/>\n<img decoding=\"async\" src=\"https:\/\/www.hydraulic-cylinders.net\/wp-content\/uploads\/2025\/04\/songte-company-3.webp\" alt=\"Gy\u00e1rt\u00f3\u00fczemek\"><\/p>\n<p>A professzionalizmusra, a nemzetk\u00f6zi tan\u00fas\u00edtv\u00e1nyokra, a szem\u00e9lyre szabott szolg\u00e1ltat\u00e1sokra, a fejlett gy\u00e1rt\u00f3berendez\u00e9sekre \u00e9s a kiv\u00e9teles \u00e9rt\u00e9kes\u00edt\u00e9s ut\u00e1ni t\u00e1mogat\u00e1sra \u00f6sszpontos\u00edtva elk\u00f6telezettek vagyunk a min\u0151s\u00e9g \u00e9s a megb\u00edzhat\u00f3s\u00e1g ir\u00e1nt minden \u00e1ltalunk k\u00edn\u00e1lt term\u00e9kben.<\/p>\n<p>Szerz\u0151: lyl<\/p>","protected":false},"excerpt":{"rendered":"<p>Boom Cylinder For XCMG Large Excavator XE3000 Introduction to Boom Cylinders The Boom Cylinder is a critical component in large excavators, specifically designed for the XCMG XE3000 model. This hydraulic cylinder plays a vital role in controlling the movement of the boom, allowing for precise lifting, lowering, and tilting actions. The efficient operation of the [&hellip;]<\/p>","protected":false},"featured_media":17878,"comment_status":"open","ping_status":"closed","template":"","meta":{"_et_pb_use_builder":"","_et_pb_old_content":"","_et_gb_content_width":""},"product_brand":[],"product_cat":[1546],"product_tag":[1547,1496],"class_list":{"0":"post-19207","1":"product","2":"type-product","3":"status-publish","4":"has-post-thumbnail","6":"product_cat-boom-cylinders","7":"product_tag-boom-cylinders","8":"product_tag-hydraulic-cylinders","10":"first","11":"instock","12":"shipping-taxable","13":"product-type-simple"},"amp_enabled":true,"_links":{"self":[{"href":"https:\/\/www.hydraulic-cylinders.net\/hu\/wp-json\/wp\/v2\/product\/19207","targetHints":{"allow":["GET"]}}],"collection":[{"href":"https:\/\/www.hydraulic-cylinders.net\/hu\/wp-json\/wp\/v2\/product"}],"about":[{"href":"https:\/\/www.hydraulic-cylinders.net\/hu\/wp-json\/wp\/v2\/types\/product"}],"replies":[{"embeddable":true,"href":"https:\/\/www.hydraulic-cylinders.net\/hu\/wp-json\/wp\/v2\/comments?post=19207"}],"wp:featuredmedia":[{"embeddable":true,"href":"https:\/\/www.hydraulic-cylinders.net\/hu\/wp-json\/wp\/v2\/media\/17878"}],"wp:attachment":[{"href":"https:\/\/www.hydraulic-cylinders.net\/hu\/wp-json\/wp\/v2\/media?parent=19207"}],"wp:term":[{"taxonomy":"product_brand","embeddable":true,"href":"https:\/\/www.hydraulic-cylinders.net\/hu\/wp-json\/wp\/v2\/product_brand?post=19207"},{"taxonomy":"product_cat","embeddable":true,"href":"https:\/\/www.hydraulic-cylinders.net\/hu\/wp-json\/wp\/v2\/product_cat?post=19207"},{"taxonomy":"product_tag","embeddable":true,"href":"https:\/\/www.hydraulic-cylinders.net\/hu\/wp-json\/wp\/v2\/product_tag?post=19207"}],"curies":[{"name":"munkaf\u00fczet","href":"https:\/\/api.w.org\/{rel}","templated":true}]}}