{"id":19209,"date":"2025-04-07T06:18:16","date_gmt":"2025-04-07T06:18:16","guid":{"rendered":"https:\/\/www.hydraulic-cylinders.net\/product\/boom-cylinder-for-xcmg-wheel-excavator-xe210w\/"},"modified":"2025-04-07T06:18:18","modified_gmt":"2025-04-07T06:18:18","slug":"boom-cylinder-for-xcmg-wheel-excavator-xe210w","status":"publish","type":"product","link":"https:\/\/www.hydraulic-cylinders.net\/hu\/termek\/boom-cylinder-for-xcmg-wheel-excavator-xe210w\/","title":{"rendered":"XCMG XE210w kerekes kotr\u00f3g\u00e9p g\u00e9mhenger"},"content":{"rendered":"<h1>XCMG XE210w kerekes kotr\u00f3g\u00e9p g\u00e9mhenger<\/h1>\n<h2>Term\u00e9k\u00e1ttekint\u00e9s<\/h2>\n<p>Az XCMG XE210w kerekes kotr\u00f3g\u00e9p g\u00e9mhengere egy kritikus fontoss\u00e1g\u00fa alkatr\u00e9sz, amelyet a kotr\u00f3g\u00e9pek g\u00e9mj\u00e9nek mozg\u00e1s\u00e1nak vez\u00e9rl\u00e9s\u00e9re terveztek. Ez a fajta hidraulikus henger alapvet\u0151 szerepet j\u00e1tszik abban, hogy a neh\u00e9zg\u00e9pek hat\u00e9konyan tudj\u00e1k elv\u00e9gezni a k\u00fcl\u00f6nf\u00e9le feladatokat. A g\u00e9mhenger lehet\u0151v\u00e9 teszi a g\u00e9m emel\u00e9s\u00e9t, s\u00fcllyeszt\u00e9s\u00e9t \u00e9s billent\u00e9s\u00e9t, megk\u00f6nny\u00edtve az anyagmozgat\u00e1si feladatokat, p\u00e9ld\u00e1ul az \u00e1s\u00e1st, az emel\u00e9st \u00e9s az anyagok sz\u00e1ll\u00edt\u00e1s\u00e1t.<\/p>\n<p><img decoding=\"async\" src=\"https:\/\/www.hydraulic-cylinders.net\/wp-content\/uploads\/2025\/04\/songte-company-1.webp\" alt=\"G\u00e9mhenger k\u00e9pe\"><\/p>\n<h3>A g\u00e9mhengerek meghat\u00e1roz\u00e1sa \u00e9s \u00e1ttekint\u00e9se<\/h3>\n<p>Boom cylinders are hydraulic cylinders specifically made for controlling the boom&#8217;s motion in heavy equipment, including excavators, backhoes, and front loaders. These cylinders are vital for enabling the boom to move in different directions, allowing operators to perform tasks such as excavating earth, loading debris, and lifting heavy loads. The hydraulic system&#8217;s ability to exert pressure translates into effective operational capacity, making these cylinders a cornerstone of modern excavation and construction machinery.<\/p>\n<h2>A g\u00e9mhenger jellemz\u0151i<\/h2>\n<ul>\n<li><strong>Nagy szil\u00e1rds\u00e1g \u00e9s tart\u00f3ss\u00e1g:<\/strong> Nagy szil\u00e1rds\u00e1g\u00fa ac\u00e9lb\u00f3l vagy alum\u00edniumb\u00f3l k\u00e9sz\u00fclt, nagy nyom\u00e1snak \u00e9s neh\u00e9z terhel\u00e9seknek val\u00f3 ellen\u00e1ll\u00e1sra tervezt\u00e9k, \u00edgy alkalmas zord munkak\u00f6rnyezetre. A kialak\u00edt\u00e1s a kop\u00e1s\u00e1ll\u00f3s\u00e1got \u00e9s a korr\u00f3zi\u00f3\u00e1ll\u00f3s\u00e1got is figyelembe veszi, \u00edgy meghosszabb\u00edtja az \u00e9lettartam\u00e1t.<\/li>\n<li><strong>Hat\u00e9kony hidraulikus m\u0171k\u00f6dtet\u00e9s:<\/strong> A hidraulikaolaj nyom\u00e1s\u00e1t haszn\u00e1lja a sima kiny\u00fajt\u00e1shoz \u00e9s visszah\u00faz\u00e1shoz, gyorsan reag\u00e1l a vez\u00e9rl\u0151parancsokra, \u00e9s er\u0151teljes tol\u00f3- \u00e9s h\u00faz\u00f3er\u0151t biztos\u00edt, \u00edgy ide\u00e1lis neh\u00e9z anyagok kezel\u00e9s\u00e9hez \u00e9s \u00f6sszetett feladatokhoz.<\/li>\n<li><strong>K\u00fcl\u00f6nb\u00f6z\u0151 t\u00edpusok:<\/strong> Kaphat\u00f3 egyszeres m\u0171k\u00f6d\u00e9s\u0171 (hidraulikusan egy ir\u00e1nyban) vagy kett\u0151s m\u0171k\u00f6d\u00e9s\u0171 (hidraulikusan mindk\u00e9t ir\u00e1nyban) konfigur\u00e1ci\u00f3ban, \u00edgy a k\u00fcl\u00f6nf\u00e9le m\u0171k\u00f6d\u00e9si ig\u00e9nyeket is kiel\u00e9g\u00edti. Egyes modellek teleszk\u00f3posak, \u00edgy nagyobb kiny\u00fal\u00e1st tesznek lehet\u0151v\u00e9 a k\u00fcls\u0151 m\u00e9retek n\u00f6vel\u00e9se n\u00e9lk\u00fcl, \u00edgy t\u00f6k\u00e9letesek a helysz\u0171k\u00e9ben l\u00e9v\u0151 alkalmaz\u00e1sokhoz.<\/li>\n<li><strong>Egyedi gy\u00e1rt\u00e1s:<\/strong> C\u00e9g\u00fcnk ezen hengerek gy\u00e1rt\u00e1s\u00e1ra specializ\u00e1l\u00f3dott, amelyek t\u00f6k\u00e9letesen helyettes\u00edthetik a megl\u00e9v\u0151 hidraulikus hengereket.<\/li>\n<li><strong>Integr\u00e1ci\u00f3 k\u00fcl\u00f6nf\u00e9le g\u00e9pekkel:<\/strong> \u00dagy tervezt\u00e9k, hogy z\u00f6kken\u0151mentesen illeszkedjen a k\u00fcl\u00f6nb\u00f6z\u0151 kotr\u00f3g\u00e9p modellekhez, biztos\u00edtva a kompatibilit\u00e1st \u00e9s a hat\u00e9konys\u00e1got a m\u0171veletek sor\u00e1n.<\/li>\n<\/ul>\n<p><img decoding=\"async\" src=\"https:\/\/www.hydraulic-cylinders.net\/wp-content\/uploads\/2025\/04\/songte-cylinder-head-with-all-kinds-excavator-models.webp\" alt=\"Henger kompatibilit\u00e1si k\u00e9p\"><\/p>\n<h2>A g\u00e9mhengerek alkalmaz\u00e1sai<\/h2>\n<h3>\u00c9p\u00edt\u0151ipari berendez\u00e9sek<\/h3>\n<p>Az \u00e9p\u00edt\u0151iparban a g\u00e9mhengerek a kotr\u00f3g\u00e9pekben tal\u00e1lhat\u00f3k, ahol kulcsfontoss\u00e1g\u00faak a f\u00f6ld vagy t\u00f6rmel\u00e9k \u00e1s\u00e1s\u00e1hoz, rakod\u00e1s\u00e1hoz \u00e9s mozgat\u00e1s\u00e1hoz. A forgathat\u00f3s\u00e1guk \u00e9s kiny\u00fal\u00e1suk nemcsak a talajanyagok ki\u00e1s\u00e1s\u00e1t k\u00f6nny\u00edti meg, hanem seg\u00edti azok teheraut\u00f3kra vagy kijel\u00f6lt ter\u00fcletekre val\u00f3 berakod\u00e1s\u00e1t is. A kotr\u00f3g\u00e9p-rakod\u00f3g\u00e9pekben a g\u00e9mhenger mind az \u00e1s\u00e1si, mind az emel\u00e9si m\u0171veletekben seg\u00edt, \u00edgy n\u00e9lk\u00fcl\u00f6zhetetlen a k\u00fcl\u00f6nf\u00e9le \u00e9p\u00edt\u00e9si feladatokhoz.<\/p>\n<h3>Mez\u0151gazdas\u00e1gi g\u00e9pek<\/h3>\n<p>A mez\u0151gazdas\u00e1gi g\u00e9pekben a g\u00e9mhengereket homlokrakod\u00f3kban alkalmazz\u00e1k talaj, sz\u00e9na \u00e9s egy\u00e9b anyagok mer\u00edt\u00e9s\u00e9re, emel\u00e9s\u00e9re \u00e9s sz\u00e1ll\u00edt\u00e1s\u00e1ra. Ezek a hengerek n\u00f6velik a k\u00fcl\u00f6nf\u00e9le mez\u0151gazdas\u00e1gi m\u0171veletek hat\u00e9konys\u00e1g\u00e1t, lehet\u0151v\u00e9 t\u00e9ve a mez\u0151gazdas\u00e1gi term\u00e9kek gyors \u00e9s hat\u00e9kony kezel\u00e9s\u00e9t. Kialak\u00edt\u00e1suk biztos\u00edtja, hogy kezelj\u00e9k a neh\u00e9z terhek emel\u00e9s\u00e9vel \u00e9s sz\u00e1ll\u00edt\u00e1s\u00e1val j\u00e1r\u00f3 ig\u00e9nybev\u00e9telt, mik\u00f6zben meg\u0151rzik a m\u0171k\u00f6d\u00e9si stabilit\u00e1st.<\/p>\n<h3>Kotr\u00f3g\u00e9pek<\/h3>\n<p>A kotr\u00f3g\u00e9pekben a g\u00e9mhengerek l\u00e9tfontoss\u00e1g\u00faak ahhoz, hogy a kan\u00e1l behatoljon a talajba, lehet\u0151v\u00e9 t\u00e9ve a hat\u00e9kony \u00e1s\u00e1si m\u0171veletet. Az ezek \u00e1ltal a hengerek \u00e1ltal gener\u00e1lt hidraulikus er\u0151 lehet\u0151v\u00e9 teszi a kezel\u0151 sz\u00e1m\u00e1ra, hogy k\u00f6nnyen kezelje a neh\u00e9z talajviszonyokat \u00e9s prec\u00edz mozg\u00e1sokat v\u00e9gezzen, ami elengedhetetlen a f\u00f6ldmunk\u00e1k sor\u00e1n.<\/p>\n<h3>Rakod\u00f3k<\/h3>\n<p>A homlokrakod\u00f3k g\u00e9mhengerei hat\u00e9konyan seg\u00edtik a rakom\u00e1nyok emel\u00e9s\u00e9t \u00e9s \u00fcr\u00edt\u00e9s\u00e9t. Nagy emel\u00e9si kapacit\u00e1suk biztos\u00edtja az anyagok gyors \u00e9s hat\u00e9kony kezel\u00e9s\u00e9t, jav\u00edtva ezzel az \u00e9p\u00edtkez\u00e9sek \u00e1ltal\u00e1nos termel\u00e9kenys\u00e9g\u00e9t.<\/p>\n<h2>Tervez\u00e9si szempontok \u00e9s kiv\u00e1laszt\u00e1si krit\u00e9riumok<\/h2>\n<h3>Teherb\u00edr\u00e1s<\/h3>\n<p>When selecting a boom cylinder, one of the foremost considerations is its load capacity. This parameter determines the amount of weight the cylinder can lift and handle without compromising its integrity. The material used in construction, the cylinder&#8217;s diameter, and its design all play significant roles in defining load capacity. It is essential to match the cylinder&#8217;s load capacity with the operational requirements of the machinery it will be fitted to.<\/p>\n<h3>T\u00f6m\u00edt\u0151mechanizmus<\/h3>\n<p>A hat\u00e9kony t\u00f6m\u00edt\u00e9s kulcsfontoss\u00e1g\u00fa a hidraulikus hengerekben a sziv\u00e1rg\u00e1sok megel\u0151z\u00e9se \u00e9s a nyom\u00e1s fenntart\u00e1sa \u00e9rdek\u00e9ben. A t\u00f6m\u00edt\u0151elemeknek tart\u00f3s anyagokb\u00f3l, p\u00e9ld\u00e1ul poliuret\u00e1nb\u00f3l vagy nitrilgumib\u00f3l kell k\u00e9sz\u00fclni\u00fck, amelyek ellen\u00e1llnak a kop\u00e1snak \u00e9s a szakad\u00e1snak. A kiv\u00e1l\u00f3 min\u0151s\u00e9g\u0171 t\u00f6m\u00edt\u00e9sek biztos\u00edtj\u00e1k a hidraulikus rendszer hossz\u00fa \u00e9lettartam\u00e1t, mik\u00f6zben optimaliz\u00e1lj\u00e1k a teljes\u00edtm\u00e9nyt. A rossz t\u00f6m\u00edt\u00e9sek hidraulikus folyad\u00e9kvesztes\u00e9ghez vezethetnek, ami a teljes\u00edtm\u00e9ny cs\u00f6kken\u00e9s\u00e9t \u00e9s a g\u00e9p k\u00e1rosod\u00e1s\u00e1t eredm\u00e9nyezheti.<\/p>\n<h3>Tart\u00f3ss\u00e1g<\/h3>\n<p>A tart\u00f3ss\u00e1g jelent\u0151s tervez\u00e9si szempont. A g\u00e9mhengernek ellen\u00e1llnia kell a sz\u00e9ls\u0151s\u00e9ges er\u0151knek \u00e9s k\u00f6rnyezeti felt\u00e9teleknek. Ez\u00e9rt olyan anyagokb\u00f3l kell k\u00e9sz\u00fclnie, amelyek nagy ellen\u00e1ll\u00e1st biztos\u00edtanak a korr\u00f3zi\u00f3val \u00e9s a kop\u00e1ssal szemben. Az olyan kezel\u00e9sek, mint a fel\u00fcletkem\u00e9ny\u00edt\u00e9s, n\u00f6velhetik a tart\u00f3ss\u00e1got, biztos\u00edtva a hosszabb \u00e9lettartamot m\u00e9g zord munkak\u00f6r\u00fclm\u00e9nyek k\u00f6z\u00f6tt is.<\/p>\n<h3>Biztons\u00e1g \u00e9s karbantart\u00e1s<\/h3>\n<p>A biztons\u00e1gi funkci\u00f3kat be kell \u00e9p\u00edteni a g\u00e9mhenger tervez\u00e9s\u00e9be. Ez mag\u00e1ban foglalja a hirtelen nyom\u00e1sv\u00e1ltoz\u00e1sok kezel\u00e9s\u00e9nek \u00e9s a potenci\u00e1lis meghib\u00e1sod\u00e1sok katasztrof\u00e1lis k\u00f6vetkezm\u00e9nyek n\u00e9lk\u00fcli lebonyol\u00edt\u00e1s\u00e1nak k\u00e9pess\u00e9g\u00e9t. Ezenk\u00edv\u00fcl figyelembe kell venni a karbantart\u00e1s egyszer\u0171s\u00e9g\u00e9t is, hogy a kezel\u0151k t\u00falzott \u00e1ll\u00e1sid\u0151 n\u00e9lk\u00fcl elv\u00e9gezhess\u00e9k a rutinszer\u0171 ellen\u0151rz\u00e9seket \u00e9s jav\u00edt\u00e1sokat. Ez mag\u00e1ban foglalhatja a henger olyan kialak\u00edt\u00e1s\u00e1t, amely lehet\u0151v\u00e9 teszi a t\u00f6m\u00edt\u00e9sekhez \u00e9s m\u00e1s bels\u0151 alkatr\u00e9szekhez val\u00f3 k\u00f6nny\u0171 hozz\u00e1f\u00e9r\u00e9st.<\/p>\n<p><img decoding=\"async\" src=\"https:\/\/www.hydraulic-cylinders.net\/wp-content\/uploads\/2025\/04\/songte-oil-pipes-and-spare-parts.webp\" alt=\"Olajcs\u00f6vek \u00e9s alkatr\u00e9szek k\u00e9pe\"><\/p>\n<h2>T\u00f6m\u00edt\u00e9s \u00e9s ken\u00e9s<\/h2>\n<p>A megfelel\u0151 t\u00f6m\u00edt\u00e9s \u00e9s ken\u00e9s elengedhetetlen a g\u00e9mhengerek optim\u00e1lis m\u0171k\u00f6d\u00e9s\u00e9hez. A hidraulikafolyad\u00e9k integrit\u00e1s\u00e1nak meg\u0151rz\u00e9se \u00e9rdek\u00e9ben k\u00fcl\u00f6nf\u00e9le t\u00f6m\u00edt\u0151elemeket, bele\u00e9rtve a dugatty\u00fat\u00f6m\u00edt\u00e9seket \u00e9s a r\u00fadt\u00f6m\u00edt\u00e9seket is, kell haszn\u00e1lni. A tart\u00f3s anyagokb\u00f3l, p\u00e9ld\u00e1ul poliuret\u00e1nb\u00f3l \u00e9s nitrilgumib\u00f3l k\u00e9sz\u00fclt t\u00f6m\u00edt\u00e9sek kiv\u00e1l\u00f3 kop\u00e1s\u00e1ll\u00f3s\u00e1got biztos\u00edtanak, \u00e9s ellen\u00e1llnak a nagy nyom\u00e1snak. A hengertestet \u00e9s a menetes v\u00e9geket finom megmunk\u00e1l\u00e1snak kell al\u00e1vetni a kop\u00e1s\u00e1ll\u00f3s\u00e1guk n\u00f6vel\u00e9se \u00e9rdek\u00e9ben. A rendszeres hidraulikaolajjal t\u00f6rt\u00e9n\u0151 ken\u00e9s elengedhetetlen a z\u00f6kken\u0151mentes m\u0171k\u00f6d\u00e9s biztos\u00edt\u00e1s\u00e1hoz \u00e9s a kop\u00e1s megel\u0151z\u00e9s\u00e9hez. Megfelel\u0151 ken\u00e9si \u00fctemtervet kell l\u00e9trehozni a hidraulikaolaj szintj\u00e9nek fenntart\u00e1s\u00e1hoz \u00e9s a hat\u00e9kony teljes\u00edtm\u00e9ny biztos\u00edt\u00e1s\u00e1hoz.<\/p>\n<h2>Rendszeres ellen\u0151rz\u00e9s \u00e9s megel\u0151z\u0151 karbantart\u00e1si int\u00e9zked\u00e9sek<\/h2>\n<ul>\n<li><strong>Rendszeres ellen\u0151rz\u00e9sek:<\/strong> V\u00e9gezzen rendszeres ellen\u0151rz\u00e9seket a t\u00f6m\u00edt\u0151elemek esetleges sziv\u00e1rg\u00e1sainak vagy kop\u00e1s\u00e1nak azonos\u00edt\u00e1sa \u00e9rdek\u00e9ben. Ez a proakt\u00edv megk\u00f6zel\u00edt\u00e9s seg\u00edt a probl\u00e9m\u00e1k korai felismer\u00e9s\u00e9ben \u00e9s a k\u00e9s\u0151bbi nagyobb probl\u00e9m\u00e1k megel\u0151z\u00e9s\u00e9ben.<\/li>\n<li><strong>Ken\u00e9s:<\/strong> Gondoskodjon a hidraulikaolaj rendszeres ut\u00e1nt\u00f6lt\u00e9s\u00e9r\u0151l, \u00e9s arr\u00f3l, hogy csak az aj\u00e1nlott t\u00edpus\u00fa olajat haszn\u00e1lja, hogy elker\u00fclje a teljes\u00edtm\u00e9nyt befoly\u00e1sol\u00f3 kompatibilit\u00e1si probl\u00e9m\u00e1kat.<\/li>\n<li><strong>T\u00f6m\u00edt\u00e9scsere:<\/strong> Vizsg\u00e1lja meg a t\u00f6m\u00edt\u00e9seket kop\u00e1s vagy s\u00e9r\u00fcl\u00e9s jelei szempontj\u00e1b\u00f3l, \u00e9s sz\u00fcks\u00e9g szerint cser\u00e9lje ki \u0151ket a megfelel\u0151 t\u00f6m\u00edt\u00e9s fenntart\u00e1sa \u00e9s a folyad\u00e9kvesztes\u00e9g megel\u0151z\u00e9se \u00e9rdek\u00e9ben.<\/li>\n<\/ul>\n<h2>Telep\u00edt\u00e9si \u00fatmutat\u00f3<\/h2>\n<p>A g\u00e9mhenger megfelel\u0151 beszerel\u00e9se elengedhetetlen a hat\u00e9kony m\u0171k\u00f6d\u00e9s biztos\u00edt\u00e1s\u00e1hoz. Kezdje azzal, hogy minden r\u00f6gz\u00edt\u00e9si pont tiszta \u00e9s t\u00f6rmel\u00e9kmentes. Pontosan igaz\u00edtsa a hengert a r\u00f6gz\u00edt\u0151konzolokhoz, hogy elker\u00fclje a henger t\u00falzott terhel\u00e9s\u00e9t m\u0171k\u00f6d\u00e9s k\u00f6zben. Haszn\u00e1lja a megfelel\u0151 r\u00f6gz\u00edt\u0151elemeket a henger r\u00f6gz\u00edt\u00e9s\u00e9hez, \u00fcgyelve arra, hogy szorosan illeszkedjen, ugyanakkor lehet\u0151v\u00e9 tegye a sz\u00fcks\u00e9ges mozg\u00e1st. Javasoljuk, hogy a konkr\u00e9t utas\u00edt\u00e1sok \u00e9s nyomat\u00e9kadatok tekintet\u00e9ben tekintse meg a gy\u00e1rt\u00f3 beszerel\u00e9si k\u00e9zik\u00f6nyv\u00e9t. A megfelel\u0151 beszerel\u00e9si protokollok betart\u00e1sa jelent\u0151sen jav\u00edtja a g\u00e9mhenger teljes\u00edtm\u00e9ny\u00e9t \u00e9s \u00e9lettartam\u00e1t.<\/p>\n<h2>Gyakori karbantart\u00e1si feladatok<\/h2>\n<ul>\n<li><strong>Rendszeres ellen\u0151rz\u00e9sek:<\/strong> A rendszeres ellen\u0151rz\u00e9sek seg\u00edtenek a kop\u00e1s vagy a potenci\u00e1lis sziv\u00e1rg\u00e1sok korai azonos\u00edt\u00e1s\u00e1ban. A kezel\u0151knek ellen\u0151rizni\u00fck kell a hidraulikafolyad\u00e9k sziv\u00e1rg\u00e1s\u00e1nak jeleit a t\u00f6m\u00edt\u00e9sek \u00e9s szerelv\u00e9nyek k\u00f6r\u00fcl, valamint figyelni\u00fck kell az \u00fczem k\u00f6zben hallhat\u00f3 rendellenes hangokra.<\/li>\n<li><strong>Megfelel\u0151 ken\u00e9s:<\/strong> A hidraulikus henger megfelel\u0151 ken\u00e9se elengedhetetlen a z\u00f6kken\u0151mentes m\u0171k\u00f6d\u00e9shez. A kezel\u0151knek meg kell ismerkedni\u00fck az aj\u00e1nlott ken\u00e9si \u00fctemtervvel \u00e9s a haszn\u00e1land\u00f3 hidraulikafolyad\u00e9k t\u00edpus\u00e1val, a gy\u00e1rt\u00f3 ir\u00e1nyelveinek betart\u00e1s\u00e1val.<\/li>\n<li><strong>T\u00f6m\u00edt\u00e9scsere \u00e9s kalibr\u00e1l\u00e1s ellen\u0151rz\u00e9se:<\/strong> Regularly scheduled checks on seals and calibrations are critical. If seals show signs of wear or damage, they should be replaced immediately to prevent leaks. Additionally, calibration checks should be performed to ensure that the cylinder operates within its designed specifications. Proper calibration will enhance the precision of the machine&#8217;s movements.<\/li>\n<\/ul>\n<h2>Biztons\u00e1gi szempontok \u00e9s k\u00f6rnyezeti t\u00e9nyez\u0151k<\/h2>\n<p>A g\u00e9mhengerek kezel\u00e9se \u00e9s \u00fczemeltet\u00e9se sor\u00e1n a biztons\u00e1gi int\u00e9zked\u00e9sek kiemelked\u0151 fontoss\u00e1g\u00faak. A kezel\u0151ket ki kell k\u00e9pezni a hidraulikus rendszerek lehets\u00e9ges vesz\u00e9lyeire, bele\u00e9rtve a nagynyom\u00e1s\u00fa folyad\u00e9k befecskendez\u00e9s\u00e9nek kock\u00e1zat\u00e1t is, amely s\u00falyos s\u00e9r\u00fcl\u00e9sekhez vezethet. A hidraulikus berendez\u00e9sek ellen\u0151rz\u00e9se vagy karbantart\u00e1sa sor\u00e1n mindig megfelel\u0151 szem\u00e9lyi v\u00e9d\u0151felszerel\u00e9st (PPE) kell viselni. Tov\u00e1bb\u00e1 a kezel\u0151knek tiszt\u00e1ban kell lenni\u00fck a k\u00f6rnyezeti t\u00e9nyez\u0151kkel, \u00e9s gondoskodniuk kell arr\u00f3l, hogy a ki\u00f6ml\u00f6tt hidraulikafolyad\u00e9kot azonnal feltakar\u00edts\u00e1k, hogy elker\u00fclj\u00e9k a k\u00f6rnyez\u0151 ter\u00fclet szennyez\u0151d\u00e9s\u00e9t.<\/p>\n<h2>Hibadiagn\u00f3zis \u00e9s gyakori probl\u00e9m\u00e1k<\/h2>\n<ul>\n<li><strong>Folyad\u00e9ksziv\u00e1rg\u00e1sok:<\/strong> A hidraulikus hengerekkel kapcsolatos egyik leggyakoribb probl\u00e9ma a folyad\u00e9ksziv\u00e1rg\u00e1s. Ez kopott t\u00f6m\u00edt\u00e9sek vagy s\u00e9r\u00fclt szerelv\u00e9nyek miatt fordulhat el\u0151. A rendszeres ellen\u0151rz\u00e9s seg\u00edthet a sziv\u00e1rg\u00e1sok korai azonos\u00edt\u00e1s\u00e1ban.<\/li>\n<li><strong>Gyenge teljes\u00edtm\u00e9ny:<\/strong> Ha a g\u00e9m munkahengere nem a v\u00e1rt m\u00f3don reag\u00e1l, az alacsony hidraulikafolyad\u00e9k-szintre vagy a rendszerben l\u00e9v\u0151 leveg\u0151re utalhat. A kezel\u0151knek ellen\u0151rizni\u00fck kell a folyad\u00e9kszinteket, \u00e9s sz\u00fcks\u00e9g eset\u00e9n l\u00e9gtelen\u00edteni\u00fck kell a rendszert.<\/li>\n<li><strong>T\u00falzott zaj:<\/strong> M\u0171k\u00f6d\u00e9s k\u00f6zben b\u00e1rmilyen szokatlan zaj mechanikai probl\u00e9m\u00e1kra vagy ken\u00e9s hi\u00e1ny\u00e1ra utalhat. A kezel\u0151knek halad\u00e9ktalanul ki kell vizsg\u00e1lniuk a rendellenes hangokat, hogy elker\u00fclj\u00e9k a berendez\u00e9s k\u00e1rosod\u00e1s\u00e1t.<\/li>\n<\/ul>\n<h2>Hibaelh\u00e1r\u00edt\u00e1si tippek \u00e9s megold\u00e1sok<\/h2>\n<p>A g\u00e9mhengerrel kapcsolatos probl\u00e9m\u00e1k hat\u00e9kony diagnosztiz\u00e1l\u00e1sa \u00e9s megold\u00e1sa \u00e9rdek\u00e9ben a kezel\u0151knek szisztematikus megk\u00f6zel\u00edt\u00e9st kell k\u00f6vetni\u00fck. Kezdje a hidraulikafolyad\u00e9k szintj\u00e9nek vizsg\u00e1lat\u00e1val, biztos\u00edtva, hogy az az aj\u00e1nlott tartom\u00e1nyon bel\u00fcl legyen. Ha sziv\u00e1rg\u00e1sokat \u00e9szlel, azonos\u00edtsa azok forr\u00e1s\u00e1t, \u00e9s cser\u00e9lje ki a kopott t\u00f6m\u00edt\u00e9seket vagy szerelv\u00e9nyeket. Teljes\u00edtm\u00e9nyprobl\u00e9m\u00e1k eset\u00e9n ellen\u0151rizze, hogy nincs-e leveg\u0151 a hidraulikus rendszerben, \u00e9s sz\u00fcks\u00e9g eset\u00e9n l\u00e9gtelen\u00edtse. A megel\u0151z\u0151 karbantart\u00e1si gyakorlatok, p\u00e9ld\u00e1ul a rendszeres ellen\u0151rz\u00e9sek \u00e9s ken\u00e9s bevezet\u00e9se jelent\u0151sen cs\u00f6kkentheti a potenci\u00e1lis probl\u00e9m\u00e1k kock\u00e1zat\u00e1t.<\/p>\n<p><img decoding=\"async\" src=\"https:\/\/www.hydraulic-cylinders.net\/wp-content\/uploads\/2025\/04\/songte-bushings-with-all-kinds-of-excavator-models.webp\" alt=\"Kotr\u00f3g\u00e9pek perselyei k\u00e9p\"><\/p>\n<h2>C\u00e9g\u00fcnkr\u0151l<\/h2>\n<p>Alternat\u00edv hidraulikus hengerekre szakosodott gy\u00e1rt\u00f3k\u00e9nt sz\u00e9les term\u00e9kv\u00e1laszt\u00e9kot k\u00edn\u00e1lunk, amely a hazai \u00e9s a nemzetk\u00f6zi piacok egyik vezet\u0151 gy\u00e1rt\u00f3jak\u00e9nt \u00e9s nagykereskedelmi forgalmaz\u00f3jak\u00e9nt pozicion\u00e1lt minket. A kiv\u00e1l\u00f3 min\u0151s\u00e9g alapelveit k\u00f6vetj\u00fck, kifinomult gy\u00e1rt\u00e1si strat\u00e9gi\u00e1kat \u00e9s fejlett termel\u00e9sir\u00e1ny\u00edt\u00e1si gyakorlatokat alkalmazunk. M\u0171szaki tehets\u00e9gekbe, cs\u00facskateg\u00f3ri\u00e1s digit\u00e1lis gy\u00e1rt\u00f3berendez\u00e9sekbe \u00e9s professzion\u00e1lis tesztel\u0151rendszerekbe t\u00f6rt\u00e9n\u0151 befektet\u00e9seink folyamatosan fejlesztik gy\u00e1rt\u00e1si platformunkat, biztos\u00edtva a megb\u00edzhat\u00f3 gy\u00e1rt\u00e1si min\u0151s\u00e9get. Elk\u00f6telezettek vagyunk amellett, hogy nagy hat\u00e9konys\u00e1ggal, pontoss\u00e1ggal \u00e9s min\u0151s\u00e9ggel el\u00e9g\u00edts\u00fck ki \u00fcgyfeleink v\u00e1ltozatos ig\u00e9nyeit.<\/p>\n<p><img decoding=\"async\" src=\"https:\/\/www.hydraulic-cylinders.net\/wp-content\/uploads\/2025\/04\/songte-company-4.webp\" alt=\"C\u00e9gk\u00e9p 1\"><br \/>\n<img decoding=\"async\" src=\"https:\/\/www.hydraulic-cylinders.net\/wp-content\/uploads\/2025\/04\/songte-company-3.webp\" alt=\"C\u00e9gk\u00e9p 2\"><\/p>\n<p>Szak\u00e9rtelm\u00fcnk sz\u00e1mos ter\u00fcletre kiterjed, mint p\u00e9ld\u00e1ul a professzion\u00e1lis szolg\u00e1ltat\u00e1sok, nemzetk\u00f6zi tan\u00fas\u00edtv\u00e1nyok, egyedi megold\u00e1sok, fejlett gy\u00e1rt\u00f3\u00fczemek \u00e9s \u00e1tfog\u00f3 \u00e9rt\u00e9kes\u00edt\u00e9s ut\u00e1ni t\u00e1mogat\u00e1s, biztos\u00edtva, hogy \u00fcgyfeleink ne csak kiv\u00e1l\u00f3 term\u00e9keket, hanem kiv\u00e9teles szolg\u00e1ltat\u00e1st is kapjanak a teljes folyamat sor\u00e1n.<\/p>\n<p>Szerz\u0151: lyl<\/p>","protected":false},"excerpt":{"rendered":"<p>Boom Cylinder For XCMG Wheel Excavator XE210w Product Overview The Boom Cylinder for XCMG Wheel Excavator XE210w is a critical component designed to control the movement of the boom on excavators. This type of hydraulic cylinder plays an essential role in enabling heavy machinery to perform various tasks efficiently. Specifically, the boom cylinder allows for [&hellip;]<\/p>","protected":false},"featured_media":17880,"comment_status":"open","ping_status":"closed","template":"","meta":{"_et_pb_use_builder":"","_et_pb_old_content":"","_et_gb_content_width":""},"product_brand":[],"product_cat":[1546],"product_tag":[1547,1496],"class_list":{"0":"post-19209","1":"product","2":"type-product","3":"status-publish","4":"has-post-thumbnail","6":"product_cat-boom-cylinders","7":"product_tag-boom-cylinders","8":"product_tag-hydraulic-cylinders","10":"first","11":"instock","12":"shipping-taxable","13":"product-type-simple"},"amp_enabled":true,"_links":{"self":[{"href":"https:\/\/www.hydraulic-cylinders.net\/hu\/wp-json\/wp\/v2\/product\/19209","targetHints":{"allow":["GET"]}}],"collection":[{"href":"https:\/\/www.hydraulic-cylinders.net\/hu\/wp-json\/wp\/v2\/product"}],"about":[{"href":"https:\/\/www.hydraulic-cylinders.net\/hu\/wp-json\/wp\/v2\/types\/product"}],"replies":[{"embeddable":true,"href":"https:\/\/www.hydraulic-cylinders.net\/hu\/wp-json\/wp\/v2\/comments?post=19209"}],"wp:featuredmedia":[{"embeddable":true,"href":"https:\/\/www.hydraulic-cylinders.net\/hu\/wp-json\/wp\/v2\/media\/17880"}],"wp:attachment":[{"href":"https:\/\/www.hydraulic-cylinders.net\/hu\/wp-json\/wp\/v2\/media?parent=19209"}],"wp:term":[{"taxonomy":"product_brand","embeddable":true,"href":"https:\/\/www.hydraulic-cylinders.net\/hu\/wp-json\/wp\/v2\/product_brand?post=19209"},{"taxonomy":"product_cat","embeddable":true,"href":"https:\/\/www.hydraulic-cylinders.net\/hu\/wp-json\/wp\/v2\/product_cat?post=19209"},{"taxonomy":"product_tag","embeddable":true,"href":"https:\/\/www.hydraulic-cylinders.net\/hu\/wp-json\/wp\/v2\/product_tag?post=19209"}],"curies":[{"name":"munkaf\u00fczet","href":"https:\/\/api.w.org\/{rel}","templated":true}]}}