{"id":1922,"date":"2023-10-20T05:34:27","date_gmt":"2023-10-20T05:34:27","guid":{"rendered":"https:\/\/hydraulic-cylinders.net\/?post_type=product&#038;p=1922"},"modified":"2023-10-20T06:00:37","modified_gmt":"2023-10-20T06:00:37","slug":"v90n-dt-series-axial-piston-variable-displacement-double-hydraulic-pump","status":"publish","type":"product","link":"https:\/\/www.hydraulic-cylinders.net\/hu\/termek\/v90n-dt-series-axial-piston-variable-displacement-double-hydraulic-pump\/","title":{"rendered":"V90N-DT sorozat\u00fa axi\u00e1ldugatty\u00fas, v\u00e1ltoz\u00f3 kiszor\u00edt\u00e1s\u00fa, kett\u0151s hidraulikus szivatty\u00fa"},"content":{"rendered":"<h1 style=\"text-align: center;\"><strong>V90N-DT sorozat\u00fa axi\u00e1ldugatty\u00fas, v\u00e1ltoz\u00f3 kiszor\u00edt\u00e1s\u00fa, kett\u0151s hidraulikus szivatty\u00fa<\/strong><\/h1>\n<p><img loading=\"lazy\" decoding=\"async\" class=\"aligncenter wp-image-1939\" src=\"https:\/\/hydraulic-cylinders.net\/wp-content\/uploads\/2023\/10\/v90n-dt-series-axial-piston-variable-displacement-double-pump-1-300x300.webp\" alt=\"\" width=\"400\" height=\"400\" \/><\/p>\n<p>A V90N-DT sorozat\u00fa axi\u00e1ldugatty\u00fas, v\u00e1ltoz\u00f3 kiszor\u00edt\u00e1s\u00fa, kett\u0151s hidraulikus szivatty\u00fa forradalmi v\u00e1ltoz\u00e1st hoz a hidraulikus rendszerek vil\u00e1g\u00e1ban. Kiv\u00e9teles sokoldal\u00fas\u00e1g\u00e1nak, hat\u00e9konys\u00e1g\u00e1nak \u00e9s megb\u00edzhat\u00f3s\u00e1g\u00e1nak k\u00f6sz\u00f6nhet\u0151en ez a szivatty\u00fa n\u00e9lk\u00fcl\u00f6zhetetlen a k\u00fcl\u00f6nf\u00e9le ipari alkalmaz\u00e1sokban. Ez az \u00e1tfog\u00f3 cikk a v90n-dt sorozat\u00fa axi\u00e1ldugatty\u00fas, v\u00e1ltoz\u00f3 kiszor\u00edt\u00e1s\u00fa, kett\u0151s hidraulikus szivatty\u00fa f\u0151bb jellemz\u0151it, haszn\u00e1lati m\u00f3djait \u00e9s karbantart\u00e1si ir\u00e1nyelveit t\u00e1rgyalja.<\/p>\n<p>A V90N-DT sorozat\u00fa axi\u00e1ldugatty\u00fas, v\u00e1ltoz\u00f3 kiszor\u00edt\u00e1s\u00fa, kett\u0151s hidraulikus szivatty\u00fa sokoldal\u00fa \u00e9s hat\u00e9kony megold\u00e1s hidraulikus rendszerekhez. Kett\u0151s szivatty\u00fakonfigur\u00e1ci\u00f3j\u00e1nak, v\u00e1ltoz\u00f3 kiszor\u00edt\u00e1s\u00fa technol\u00f3gi\u00e1j\u00e1nak \u00e9s kompakt kialak\u00edt\u00e1s\u00e1nak k\u00f6sz\u00f6nhet\u0151en ez a szivatty\u00fa kiv\u00e9teles teljes\u00edtm\u00e9nyt ny\u00fajt k\u00fcl\u00f6nf\u00e9le ipari alkalmaz\u00e1sokban. Az aj\u00e1nlott haszn\u00e1lati m\u00f3dszerek betart\u00e1s\u00e1val \u00e9s a rendszeres karbantart\u00e1si gyakorlatok betart\u00e1s\u00e1val a v90n-dt sorozat\u00fa szivatty\u00fa tov\u00e1bbra is kiemelked\u0151 teljes\u00edtm\u00e9nyt ny\u00fajt, hozz\u00e1j\u00e1rulva a hidraulikus rendszerek siker\u00e9hez. Haszn\u00e1lja ki a sokoldal\u00fas\u00e1g \u00e9s a hat\u00e9konys\u00e1g erej\u00e9t a v90n-dt sorozat\u00fa axi\u00e1ldugatty\u00fas, v\u00e1ltoz\u00f3 kiszor\u00edt\u00e1s\u00fa, kett\u0151s hidraulikus szivatty\u00faval, \u00e9s akn\u00e1zza ki hidraulikus rendszer\u00e9nek teljes potenci\u00e1lj\u00e1t.<\/p>\n<p>V90N-DT sorozat\u00fa axi\u00e1ldugatty\u00fas, v\u00e1ltoz\u00f3 kiszor\u00edt\u00e1s\u00fa, kett\u0151s hidraulikus szivatty\u00fa f\u0151bb jellemz\u0151i:<\/p>\n<ul>\n<li>Kett\u0151s szivatty\u00fas konfigur\u00e1ci\u00f3: A V90N-DT sorozat kett\u0151s hidraulikus szivatty\u00fas konfigur\u00e1ci\u00f3val rendelkezik, amely k\u00e9t szivatty\u00fat egyes\u00edt egyetlen egys\u00e9gben. Ez a kialak\u00edt\u00e1s hat\u00e9kony energiaeloszt\u00e1st \u00e9s fokozott teljes\u00edtm\u00e9nyt tesz lehet\u0151v\u00e9, \u00edgy ide\u00e1lis olyan alkalmaz\u00e1sokhoz, amelyek t\u00f6bb hidraulikus funkci\u00f3t vagy egyidej\u0171 m\u0171k\u00f6d\u00e9st ig\u00e9nyelnek.<\/li>\n<li>V\u00e1ltoztathat\u00f3 \u0171rtartalm\u00fa technol\u00f3gia: A fejlett v\u00e1ltoztathat\u00f3 \u0171rtartalm\u00fa technol\u00f3gi\u00e1val felszerelt V90N-DT sorozat\u00fa szivatty\u00fa lehet\u0151v\u00e9 teszi az egyes hidraulikus szivatty\u00fak kimeneti t\u00e9rfogat\u00e1nak pontos be\u00e1ll\u00edt\u00e1s\u00e1t. Ez a funkci\u00f3 optimaliz\u00e1lja az energiafogyaszt\u00e1st, cs\u00f6kkenti a h\u0151termel\u00e9st \u00e9s jav\u00edtja a rendszer \u00e1ltal\u00e1nos hat\u00e9konys\u00e1g\u00e1t.<\/li>\n<li>Nagy nyom\u00e1s\u00e1ll\u00f3s\u00e1g: A robusztus axi\u00e1ldugatty\u00fas kialak\u00edt\u00e1snak k\u00f6sz\u00f6nhet\u0151en a V90N-DT sorozat\u00fa hidraulikus szivatty\u00fa kiv\u00e9teles teljes\u00edtm\u00e9nyt ny\u00fajt m\u00e9g nagy nyom\u00e1s\u00fa k\u00f6r\u00fclm\u00e9nyek k\u00f6z\u00f6tt is. Megb\u00edzhat\u00f3 m\u0171k\u00f6d\u00e9st \u00e9s hat\u00e9kony er\u0151\u00e1tvitelt biztos\u00edt, \u00edgy alkalmass\u00e1 teszi ig\u00e9nyes ipari alkalmaz\u00e1sokhoz.<\/li>\n<li>Kompakt \u00e9s helytakar\u00e9kos kialak\u00edt\u00e1s: A szivatty\u00fa kompakt m\u00e9rete \u00e9s helytakar\u00e9kos kialak\u00edt\u00e1sa lehet\u0151v\u00e9 teszi a k\u00f6nny\u0171 integr\u00e1l\u00e1st korl\u00e1tozott helyig\u00e9ny\u0171 hidraulikus rendszerekbe. A kett\u0151s hidraulikus szivatty\u00fakonfigur\u00e1ci\u00f3 kik\u00fcsz\u00f6b\u00f6li a k\u00fcl\u00f6n\u00e1ll\u00f3 szivatty\u00fak sz\u00fcks\u00e9gess\u00e9g\u00e9t, ami egyszer\u0171bb \u00e9s hat\u00e9konyabb rendszerelrendez\u00e9st eredm\u00e9nyez.<\/li>\n<li>Sz\u00e9lesk\u00f6r\u0171 alkalmaz\u00e1sok: A V90N-DT sorozat\u00fa hidraulikus szivatty\u00fa rendk\u00edv\u00fcl sokoldal\u00fa, \u00e9s sz\u00e1mos ipar\u00e1gban haszn\u00e1lhat\u00f3, bele\u00e9rtve az \u00e9p\u00edt\u0151ipar, az anyagmozgat\u00e1s, a mez\u0151gazdas\u00e1g \u00e9s egyebek ter\u00fclet\u00e9n. Alkalmazkod\u00f3k\u00e9pess\u00e9ge a k\u00fcl\u00f6nb\u00f6z\u0151 munkak\u00f6r\u00fclm\u00e9nyekhez \u00e9s k\u00f6vetelm\u00e9nyekhez \u00e9rt\u00e9kes eszk\u00f6zz\u00e9 teszi a k\u00fcl\u00f6nf\u00e9le alkalmaz\u00e1sokhoz.<\/li>\n<\/ul>\n<h2><strong>V90N-DT sorozat\u00fa axi\u00e1lis dugatty\u00fas v\u00e1ltoz\u00f3 kiszor\u00edt\u00e1s\u00fa kett\u0151s hidraulikus szivatty\u00fa Param\u00e9ter:<\/strong><\/h2>\n<table class=\"table table-bordered table-hover table-colored\" data-sort=\"sortDisabled\">\n<tbody>\n<tr class=\"firstRow\">\n<td colspan=\"1\" rowspan=\"2\" align=\"center\" valign=\"middle\">M\u00e9ret<\/td>\n<td rowspan=\"2\" align=\"center\" valign=\"middle\">L\u00f6kett\u00e9rfogat cm\u00b3\/ford<\/td>\n<td colspan=\"2\" rowspan=\"1\" align=\"center\" valign=\"middle\">Nyom\u00e1sr\u00fad<\/td>\n<td colspan=\"2\" rowspan=\"1\" align=\"center\" valign=\"middle\">Forg\u00e1si sebess\u00e9g ford\/perc<\/td>\n<\/tr>\n<tr>\n<td align=\"center\" valign=\"middle\">N\u00e9vleges<\/td>\n<td align=\"center\" valign=\"middle\">Cs\u00facs<\/td>\n<td align=\"center\" valign=\"middle\">Max \u00f6nfelsz\u00edv\u00f3<sup>*1<\/sup><\/td>\n<td align=\"center\" valign=\"middle\">Max<sup>*2<\/sup><\/td>\n<\/tr>\n<tr>\n<td align=\"center\" valign=\"middle\">V90N75DT<\/td>\n<td align=\"center\" valign=\"middle\">75*2<\/td>\n<td align=\"center\" valign=\"middle\">350<\/td>\n<td align=\"center\" valign=\"middle\">400<\/td>\n<td align=\"center\" valign=\"middle\">2450<\/td>\n<td align=\"center\" valign=\"middle\">3000<\/td>\n<\/tr>\n<tr>\n<td align=\"center\" valign=\"middle\">V90N130DT<\/td>\n<td align=\"center\" valign=\"middle\">130*2<\/td>\n<td align=\"center\" valign=\"middle\">380<\/td>\n<td align=\"center\" valign=\"middle\">420<\/td>\n<td align=\"center\" valign=\"middle\">2200<\/td>\n<td align=\"center\" valign=\"middle\">2500<\/td>\n<\/tr>\n<tr>\n<td align=\"center\" valign=\"middle\">V90N180DT<\/td>\n<td align=\"center\" valign=\"middle\">180*2<\/td>\n<td align=\"center\" valign=\"middle\">380<\/td>\n<td align=\"center\" valign=\"middle\">420<\/td>\n<td align=\"center\" valign=\"middle\">2000<\/td>\n<td align=\"center\" valign=\"middle\">2400<\/td>\n<\/tr>\n<tr>\n<td align=\"center\" valign=\"middle\">V90N280DT<\/td>\n<td align=\"center\" valign=\"middle\">280*2<\/td>\n<td align=\"center\" valign=\"middle\">380<\/td>\n<td align=\"center\" valign=\"middle\">420<\/td>\n<td align=\"center\" valign=\"middle\">1800<\/td>\n<td align=\"center\" valign=\"middle\">2100<\/td>\n<\/tr>\n<\/tbody>\n<\/table>\n<h2><strong>V90N-DT sorozat\u00fa axi\u00e1ldugatty\u00fas v\u00e1ltoz\u00f3 kiszor\u00edt\u00e1s\u00fa dupla hidraulikus szivatty\u00fa el\u0151nyei:<\/strong><\/h2>\n<p>\u2022 Nagynyom\u00e1s\u00fa, nyitott rendszer\u0171 hidraulikus rendszerekben alkalmazhat\u00f3<br \/>\n\u2022 T\u00f6bbf\u00e9le vez\u00e9rl\u00e9si m\u00f3dszer<br \/>\n\u2022 Nagy hat\u00e9konys\u00e1g, hossz\u00fa \u00e9lettartam<br \/>\n\u2022 Kis be\u00e9p\u00edt\u00e9si hossz<br \/>\n\u2022 Nagy volumenhat\u00e9konys\u00e1g<br \/>\n\u2022 Alacsony zajszint<\/p>\n<h2><strong>V90N-DT sorozat\u00fa axi\u00e1ldugatty\u00fas, v\u00e1ltoz\u00f3 kiszor\u00edt\u00e1s\u00fa, kett\u0151s hidraulikus szivatty\u00fa <\/strong><strong>Alkalmaz\u00e1s:<\/strong><\/h2>\n<p><img loading=\"lazy\" decoding=\"async\" class=\"alignnone wp-image-1942 size-full\" src=\"https:\/\/hydraulic-cylinders.net\/wp-content\/uploads\/2023\/10\/v90n-dt-series-axial-piston-variable-displacement-double-pump-2.webp\" alt=\"\" width=\"1146\" height=\"246\" srcset=\"https:\/\/hydraulic-cylinders.net\/wp-content\/uploads\/2023\/10\/v90n-dt-series-axial-piston-variable-displacement-double-pump-2.webp 1146w, https:\/\/hydraulic-cylinders.net\/wp-content\/uploads\/2023\/10\/v90n-dt-series-axial-piston-variable-displacement-double-pump-2-980x210.webp 980w, https:\/\/hydraulic-cylinders.net\/wp-content\/uploads\/2023\/10\/v90n-dt-series-axial-piston-variable-displacement-double-pump-2-480x103.webp 480w\" sizes=\"(min-width: 0px) and (max-width: 480px) 480px, (min-width: 481px) and (max-width: 980px) 980px, (min-width: 981px) 1146px, 100vw\" \/><\/p>\n<h2><strong>A HP3V sorozat\u00fa axi\u00e1lis dugatty\u00fas v\u00e1ltoz\u00f3 t\u00e9rfogatkiszor\u00edt\u00e1s\u00fa hidraulikus szivatty\u00fa haszn\u00e1lati m\u00f3dja<\/strong><strong>:<\/strong><\/h2>\n<ul>\n<li><strong>Szivatty\u00fa telep\u00edt\u00e9se:<\/strong> V\u00e1lasszon ki egy megfelel\u0151 helyet a hidraulikus rendszeren bel\u00fcl a V90N-DT sorozat\u00fa axi\u00e1lis dugatty\u00fas, v\u00e1ltoz\u00f3 kiszor\u00edt\u00e1s\u00fa kett\u0151s szivatty\u00fa telep\u00edt\u00e9s\u00e9hez. Biztos\u00edtsa a megfelel\u0151 be\u00e1ll\u00edt\u00e1st, \u00e9s r\u00f6gz\u00edtse a szivatty\u00fat biztons\u00e1gosan a rendszer szerkezet\u00e9hez megfelel\u0151 r\u00f6gz\u00edt\u0151konzolok vagy tartoz\u00e9kok seg\u00edts\u00e9g\u00e9vel.<\/li>\n<li><strong>Integr\u00e1ci\u00f3 a hidraulikus rendszerrel:<\/strong> Csatlakoztassa a szivatty\u00fat a hidraulikus rendszerhez kompatibilis t\u00f6ml\u0151k, szerelv\u00e9nyek \u00e9s szelepek seg\u00edts\u00e9g\u00e9vel. Gy\u0151z\u0151dj\u00f6n meg arr\u00f3l, hogy minden csatlakoz\u00e1s biztons\u00e1gos, sziv\u00e1rg\u00e1smentes \u00e9s megfelel\u0151en meg van h\u00fazva az optim\u00e1lis hidraulikus teljes\u00edtm\u00e9ny garant\u00e1l\u00e1sa \u00e9rdek\u00e9ben.<\/li>\n<li><strong>Folyad\u00e9kkompatibilit\u00e1s:<\/strong> Ellen\u0151rizze, hogy a rendszerben haszn\u00e1lt hidraulikafolyad\u00e9k kompatibilis-e a V90N-DT sorozat\u00fa szivatty\u00faval. A megfelel\u0151 folyad\u00e9kt\u00edpus, viszkozit\u00e1s \u00e9s h\u0151m\u00e9rs\u00e9klet-tartom\u00e1ny tekintet\u00e9ben tekintse meg a gy\u00e1rt\u00f3 aj\u00e1nl\u00e1sait. Rendszeresen ellen\u0151rizze \u00e9s tartsa karban a hidraulikafolyad\u00e9kot a szivatty\u00fa megfelel\u0151 m\u0171k\u00f6d\u00e9s\u00e9nek \u00e9s hossz\u00fa \u00e9lettartam\u00e1nak biztos\u00edt\u00e1sa \u00e9rdek\u00e9ben.<\/li>\n<li><strong>M\u0171k\u00f6d\u00e9si param\u00e9terek:<\/strong> Ismerkedjen meg a szivatty\u00fa vez\u00e9rl\u00e9si lehet\u0151s\u00e9geivel, \u00e9s \u00e1ll\u00edtsa be az \u00fczemi param\u00e9tereket a hidraulikus rendszer konkr\u00e9t k\u00f6vetelm\u00e9nyeinek megfelel\u0151en. Figyelje \u00e9s m\u00f3dos\u00edtsa a szivatty\u00fa l\u00f6kett\u00e9rfogat-be\u00e1ll\u00edt\u00e1sait a teljes\u00edtm\u00e9ny \u00e9s az energiahat\u00e9konys\u00e1g optimaliz\u00e1l\u00e1sa \u00e9rdek\u00e9ben.<\/li>\n<\/ul>\n<h2><strong>Hogyan kell l\u00e9gtelen\u00edteni a hidraulikus hengert?<\/strong><\/h2>\n<p>A hidraulikus henger l\u00e9gtelen\u00edt\u00e9se egy olyan folyamat, amelynek c\u00e9lja a rendszerben rekedt leveg\u0151 vagy g\u00e1z elt\u00e1vol\u00edt\u00e1sa \u00e9s a megfelel\u0151 m\u0171k\u00f6d\u00e9s biztos\u00edt\u00e1sa. \u00cdme egy l\u00e9p\u00e9sr\u0151l l\u00e9p\u00e9sre sz\u00f3l\u00f3 \u00fatmutat\u00f3 a hidraulikus henger l\u00e9gtelen\u00edt\u00e9s\u00e9hez:<\/p>\n<ol>\n<li><strong>Biztons\u00e1gi \u00f3vint\u00e9zked\u00e9sek:<\/strong>\n<ul>\n<li>Gy\u0151z\u0151dj\u00f6n meg arr\u00f3l, hogy a hidraulikus rendszer nyom\u00e1smentes \u00e9s kikapcsolt \u00e1llapotban van.<\/li>\n<li>Viseljen megfelel\u0151 szem\u00e9lyi v\u00e9d\u0151felszerel\u00e9st, p\u00e9ld\u00e1ul keszty\u0171t \u00e9s v\u00e9d\u0151szem\u00fcveget.<\/li>\n<\/ul>\n<\/li>\n<li><strong>L\u00e9gtelen\u00edt\u0151 szelep keres\u00e9se:<\/strong>\n<ul>\n<li>Azonos\u00edtsa a hidraulikus henger l\u00e9gtelen\u00edt\u0151 szelep\u00e9t. Ez jellemz\u0151en a henger legmagasabb pontja k\u00f6zel\u00e9ben vagy a z\u00e1r\u00f3sapk\u00e1n tal\u00e1lhat\u00f3.<\/li>\n<\/ul>\n<\/li>\n<li><strong>Eszk\u00f6z\u00f6k el\u0151k\u00e9sz\u00edt\u00e9se:<\/strong>\n<ul>\n<li>Gy\u0171jtse \u00f6ssze a sz\u00fcks\u00e9ges szersz\u00e1mokat, bele\u00e9rtve a l\u00e9gtelen\u00edt\u0151 szelephez illeszked\u0151 vill\u00e1skulcsot vagy dug\u00f3kulcsot is.<\/li>\n<\/ul>\n<\/li>\n<li><strong>Kont\u00e9ner elhelyez\u00e9se:<\/strong>\n<ul>\n<li>Helyezzen egy megfelel\u0151 ed\u00e9nyt vagy nedvsz\u00edv\u00f3 anyagot a l\u00e9gtelen\u00edt\u0151 szelep al\u00e1, hogy felfogja a l\u00e9gtelen\u00edt\u00e9s sor\u00e1n esetleg kifoly\u00f3 folyad\u00e9kot.<\/li>\n<\/ul>\n<\/li>\n<li><strong>Nyissa ki a l\u00e9gtelen\u00edt\u0151 szelepet:<\/strong>\n<ul>\n<li>Lassan \u00e9s \u00f3vatosan nyissa ki a l\u00e9gtelen\u00edt\u0151 szelepet az \u00f3ramutat\u00f3 j\u00e1r\u00e1s\u00e1val ellent\u00e9tes ir\u00e1nyban a vill\u00e1skulcs vagy a dug\u00f3kulcs seg\u00edts\u00e9g\u00e9vel. Ez lehet\u0151v\u00e9 teszi, hogy a leveg\u0151 vagy a g\u00e1z t\u00e1vozzon a hengerb\u0151l.<\/li>\n<\/ul>\n<\/li>\n<li><strong>Folyad\u00e9k\u00e1raml\u00e1s monitoroz\u00e1sa:<\/strong>\n<ul>\n<li>Figyelje a folyad\u00e9k \u00e1raml\u00e1s\u00e1t a l\u00e9gtelen\u00edt\u0151 szelepb\u0151l. Kezdetben leveg\u0151 vagy g\u00e1z szabadulhat fel, majd ezt k\u00f6vet\u0151en folyamatosan \u00e1ramlik a hidraulikafolyad\u00e9k. Hagyja a folyad\u00e9kot folyni, am\u00edg az \u00f6sszes l\u00e9gbubor\u00e9k el nem t\u0171nik, \u00e9s csak folyad\u00e9k t\u00e1vozik.<\/li>\n<\/ul>\n<\/li>\n<li><strong>Z\u00e1rja el a l\u00e9gtelen\u00edt\u0151 szelepet:<\/strong>\n<ul>\n<li>Amikor m\u00e1r csak egyenletesen \u00e1ramlik a folyad\u00e9k, z\u00e1rja el a l\u00e9gtelen\u00edt\u0151 szelepet az \u00f3ramutat\u00f3 j\u00e1r\u00e1s\u00e1val megegyez\u0151 ir\u00e1nyba. Gy\u0151z\u0151dj\u00f6n meg r\u00f3la, hogy biztons\u00e1gosan meg van h\u00fazva, de a s\u00e9r\u00fcl\u00e9sek elker\u00fcl\u00e9se \u00e9rdek\u00e9ben ker\u00fclje a t\u00falzott megh\u00faz\u00e1st.<\/li>\n<\/ul>\n<\/li>\n<li><strong>Ellen\u0151rizd a folyad\u00e9kszintet:<\/strong>\n<ul>\n<li>Ellen\u0151rizze a hidraulikafolyad\u00e9k szintj\u00e9t a rendszertart\u00e1lyban. Sz\u00fcks\u00e9g eset\u00e9n t\u00f6lts\u00f6n hozz\u00e1 folyad\u00e9kot az aj\u00e1nlott szint fenntart\u00e1s\u00e1hoz.<\/li>\n<\/ul>\n<\/li>\n<li><strong>Teszthenger m\u0171k\u00f6d\u00e9se:<\/strong>\n<ul>\n<li>Kapcsolja be a hidraulikus rendszert, \u00e9s m\u0171k\u00f6dtesse a hengert teljes mozg\u00e1startom\u00e1ny\u00e1ban. Figyelje meg a mozg\u00e1s\u00e1ban mutatkoz\u00f3 b\u00e1rmilyen rendelleness\u00e9get vagy szab\u00e1lytalans\u00e1got.<\/li>\n<\/ul>\n<\/li>\n<li><strong>Ism\u00e9telje meg, ha sz\u00fcks\u00e9ges:<\/strong>\n<ul>\n<li>Ha tov\u00e1bbra is leveg\u0151 jelenl\u00e9t\u00e9t \u00e9szleli a rendszerben, vagy ha a henger m\u0171k\u00f6d\u00e9se nem egyenletes, ism\u00e9telje meg a l\u00e9gtelen\u00edt\u0151 folyamatot. Nyissa ki \u00fajra a l\u00e9gtelen\u00edt\u0151 szelepet, \u00e9s engedjen t\u00f6bb folyad\u00e9kot \u00e1tfolyni, am\u00edg az \u00f6sszes leveg\u0151 ki nem t\u00e1vozik.<\/li>\n<\/ul>\n<\/li>\n<li><strong>V\u00e9gs\u0151 ellen\u0151rz\u00e9s \u00e9s karbantart\u00e1s:<\/strong>\n<ul>\n<li>V\u00e9gezze el a hidraulikus rendszer v\u00e9gs\u0151 ellen\u0151rz\u00e9s\u00e9t sziv\u00e1rg\u00e1sok, megfelel\u0151 folyad\u00e9kszint \u00e9s zavartalan m\u0171k\u00f6d\u00e9s szempontj\u00e1b\u00f3l. Sz\u00fcks\u00e9g szerint jav\u00edtsa ki a probl\u00e9m\u00e1kat.<\/li>\n<li>Rendszeres karbantart\u00e1si \u00fctemtervet kell k\u00e9sz\u00edteni a hidraulikus rendszerhez, bele\u00e9rtve a leveg\u0151 felhalmoz\u00f3d\u00e1s\u00e1nak id\u0151szakos ellen\u0151rz\u00e9s\u00e9t \u00e9s sz\u00fcks\u00e9g eset\u00e9n a l\u00e9gtelen\u00edt\u00e9st.<\/li>\n<\/ul>\n<\/li>\n<\/ol>\n<h2><strong>A gy\u00e1r kapacit\u00e1sa \u00e9s kapacit\u00e1sa:<\/strong><\/h2>\n<h3>(1) \u00d6sszeszerel\u00e9s<\/h3>\n<p>Els\u0151 oszt\u00e1ly\u00fa f\u00fcggetlen kutat\u00e1si \u00e9s fejleszt\u00e9si \u00f6sszeszerel\u00e9si platformmal rendelkez\u00fcnk. A hidraulikus hengergy\u00e1rt\u00f3 m\u0171hely n\u00e9gy f\u00e9lautomata emel\u0151henger-\u00f6sszeszerel\u0151 sorral \u00e9s egy automata billen\u0151henger-\u00f6sszeszerel\u0151 sorral rendelkezik, tervezett \u00e9ves gy\u00e1rt\u00e1si kapacit\u00e1sa 1 milli\u00f3 darab. A speci\u00e1lis henger m\u0171hely k\u00fcl\u00f6nb\u00f6z\u0151 specifik\u00e1ci\u00f3j\u00fa f\u00e9lautomata tiszt\u00edt\u00f3 \u00f6sszeszerel\u0151 rendszerrel van felszerelve, amelynek tervezett \u00e9ves termel\u00e9si kapacit\u00e1sa 200.000, \u00e9s h\u00edres CNC megmunk\u00e1l\u00f3 berendez\u00e9ssel, megmunk\u00e1l\u00f3 k\u00f6zponttal, nagy pontoss\u00e1g\u00fa hengerfeldolgoz\u00f3 speci\u00e1lis berendez\u00e9ssel, robothegeszt\u0151 g\u00e9ppel, automatikus tiszt\u00edt\u00f3g\u00e9ppel, automatikus henger \u00f6sszeszerel\u0151 g\u00e9ppel \u00e9s automatikus fest\u00e9si gy\u00e1rt\u00f3sorral van felszerelve. A megl\u00e9v\u0151 kritikus berendez\u00e9sek t\u00f6bb mint 300 k\u00e9szlet (k\u00e9szlet). A berendez\u00e9sek er\u0151forr\u00e1sainak optim\u00e1lis eloszt\u00e1sa \u00e9s hat\u00e9kony felhaszn\u00e1l\u00e1sa biztos\u00edtja a term\u00e9kek pontoss\u00e1gi k\u00f6vetelm\u00e9nyeit \u00e9s megfelel a term\u00e9kek min\u0151s\u00e9gi ig\u00e9nyeinek.<\/p>\n<p><img loading=\"lazy\" decoding=\"async\" class=\"alignnone wp-image-626\" src=\"https:\/\/hydraulic-cylinders.net\/wp-content\/uploads\/2023\/08\/hydraulic-cylinder-product-1-300x158.webp\" alt=\"\" width=\"495\" height=\"260\" srcset=\"https:\/\/hydraulic-cylinders.net\/wp-content\/uploads\/2023\/08\/hydraulic-cylinder-product-1-300x158.webp 495w, https:\/\/hydraulic-cylinders.net\/wp-content\/uploads\/2023\/08\/hydraulic-cylinder-product-1-480x252.webp 480w\" sizes=\"(min-width: 0px) and (max-width: 480px) 480px, (min-width: 481px) 495px, 100vw\" \/> <img loading=\"lazy\" decoding=\"async\" class=\"alignnone wp-image-627\" src=\"https:\/\/hydraulic-cylinders.net\/wp-content\/uploads\/2023\/08\/hydraulic-cylinder-product-2-300x189.webp\" alt=\"\" width=\"413\" height=\"260\" \/><\/p>\n<h3>(2) Megmunk\u00e1l\u00e1s<\/h3>\n<p>A megmunk\u00e1l\u00f3m\u0171hely egyedi, ferde s\u00edneszterg\u00e1l\u00f3 k\u00f6zponttal, megmunk\u00e1l\u00f3k\u00f6zponttal, nagysebess\u00e9g\u0171 h\u00f3nol\u00f3g\u00e9ppel, hegeszt\u0151robottal \u00e9s egy\u00e9b kapcsol\u00f3d\u00f3 berendez\u00e9sekkel van felszerelve, amelyek legfeljebb 400 mm bels\u0151 \u00e1tm\u00e9r\u0151j\u0171 \u00e9s legfeljebb 6 m\u00e9ter hossz\u00fa hengercs\u00f6vek megmunk\u00e1l\u00e1s\u00e1ra k\u00e9pesek.<\/p>\n<p><img loading=\"lazy\" decoding=\"async\" class=\"alignnone wp-image-628 size-large\" src=\"https:\/\/hydraulic-cylinders.net\/wp-content\/uploads\/2023\/08\/hydraulic-cylinder-product-3-1024x391.webp\" alt=\"\" width=\"1024\" height=\"391\" srcset=\"https:\/\/hydraulic-cylinders.net\/wp-content\/uploads\/2023\/08\/hydraulic-cylinder-product-3-980x374.webp 980w, https:\/\/hydraulic-cylinders.net\/wp-content\/uploads\/2023\/08\/hydraulic-cylinder-product-3-480x183.webp 480w\" sizes=\"(min-width: 0px) and (max-width: 480px) 480px, (min-width: 481px) and (max-width: 980px) 980px, (min-width: 981px) 1024px, 100vw\" \/><\/p>\n<h3>(3) Hegeszt\u00e9s<\/h3>\n<p><img loading=\"lazy\" decoding=\"async\" class=\"alignnone wp-image-629 size-large\" src=\"https:\/\/hydraulic-cylinders.net\/wp-content\/uploads\/2023\/08\/hydraulic-cylinder-product-4-1024x510.webp\" alt=\"\" width=\"1024\" height=\"510\" srcset=\"https:\/\/hydraulic-cylinders.net\/wp-content\/uploads\/2023\/08\/hydraulic-cylinder-product-4-980x488.webp 980w, https:\/\/hydraulic-cylinders.net\/wp-content\/uploads\/2023\/08\/hydraulic-cylinder-product-4-480x239.webp 480w\" sizes=\"(min-width: 0px) and (max-width: 480px) 480px, (min-width: 481px) and (max-width: 980px) 980px, (min-width: 981px) 1024px, 100vw\" \/><\/p>\n<h3>(4) Fest\u00e9s \u00e9s bevonatol\u00e1s<\/h3>\n<p>Kis \u00e9s k\u00f6zepes m\u00e9ret\u0171 hengeres automatikus v\u00edzb\u00e1zis\u00fa fest\u00e9kbevon\u00f3 sorokkal, az automatikus robot be- \u00e9s kirakod\u00e1s, valamint az automatikus permetez\u00e9s megval\u00f3s\u00edt\u00e1s\u00e1hoz, a tervez\u00e9si kapacit\u00e1s m\u0171szakonk\u00e9nt 4000 darab;<br \/>\nRendelkez\u00fcnk egy f\u00e9lautomata fest\u00e9kgy\u00e1rt\u00f3sorral is nagym\u00e9ret\u0171 palackokhoz, amelyet egy er\u0151\u00e1tviteli l\u00e1nc hajt, m\u0171szakonk\u00e9nt 60 doboz tervez\u00e9si kapacit\u00e1ssal.<\/p>\n<p><img loading=\"lazy\" decoding=\"async\" class=\"alignnone wp-image-630\" src=\"https:\/\/hydraulic-cylinders.net\/wp-content\/uploads\/2023\/08\/hydraulic-cylinder-product-5-300x213.webp\" alt=\"\" width=\"366\" height=\"260\" \/> <img loading=\"lazy\" decoding=\"async\" class=\"alignnone wp-image-631\" src=\"https:\/\/hydraulic-cylinders.net\/wp-content\/uploads\/2023\/08\/hydraulic-cylinder-product-6-300x225.webp\" alt=\"\" width=\"347\" height=\"260\" \/><\/p>\n<h3>(5) Tesztel\u00e9s<\/h3>\n<p>Els\u0151 oszt\u00e1ly\u00fa ellen\u0151rz\u0151 l\u00e9tes\u00edtm\u00e9nyekkel \u00e9s tesztpadokkal rendelkez\u00fcnk annak biztos\u00edt\u00e1s\u00e1ra, hogy a palack teljes\u00edtm\u00e9nye megfeleljen a k\u00f6vetelm\u00e9nyeknek.<\/p>\n<p><img loading=\"lazy\" decoding=\"async\" class=\"alignnone wp-image-632\" src=\"https:\/\/hydraulic-cylinders.net\/wp-content\/uploads\/2023\/08\/hydraulic-cylinder-product-8-300x200.webp\" alt=\"\" width=\"389\" height=\"260\" \/><\/p>\n<p>&nbsp;<\/p>\n<p>&nbsp;<\/p>\n<p>Mi vagyunk az egyik legjobb hidraulikus henger gy\u00e1rt\u00f3. \u00c1tfog\u00f3 hidraulikus hengereket k\u00edn\u00e1lunk. Megfelel\u0151 szolg\u00e1ltat\u00e1sokat is biztos\u00edtunk. <a href=\"https:\/\/hzpt.com\/agricultural-pto-gearbox\/\" target=\"_blank\" rel=\"noopener\">mez\u0151gazdas\u00e1gi sebess\u00e9gv\u00e1lt\u00f3k<\/a>Term\u00e9keinket vil\u00e1gszerte export\u00e1ltuk \u00fcgyfeleinknek, \u00e9s kiv\u00e1l\u00f3 term\u00e9kmin\u0151s\u00e9g\u00fcnknek \u00e9s \u00e9rt\u00e9kes\u00edt\u00e9s ut\u00e1ni szolg\u00e1ltat\u00e1sunknak k\u00f6sz\u00f6nhet\u0151en j\u00f3 h\u00edrnevet szerezt\u00fcnk. Szeretettel v\u00e1rjuk belf\u00f6ldi \u00e9s k\u00fclf\u00f6ldi \u00fcgyfeleinket, hogy \u00fczleti t\u00e1rgyal\u00e1sok, inform\u00e1ci\u00f3csere \u00e9s egy\u00e9b lehet\u0151s\u00e9gek c\u00e9lj\u00e1b\u00f3l kapcsolatba l\u00e9pjenek vel\u00fcnk. <a href=\"https:\/\/www.hydraulic-cylinders.net\/hu\/contact-us\/\">egy\u00fcttm\u0171k\u00f6dni vel\u00fcnk<\/a>!<\/p>\n<p>&nbsp;<\/p>","protected":false},"excerpt":{"rendered":"<p>V90N-DT Series Axial Piston Variable Displacement Double Hydraulic Pump The V90N-DT series axial piston variable displacement double hydraulic pump is a game-changer in hydraulic systems. With its exceptional versatility, efficiency, and reliability, this pump is indispensable in various industrial applications. This comprehensive article will explore the key characteristics, usage methods, and maintenance guidelines for the [&hellip;]<\/p>","protected":false},"featured_media":1940,"comment_status":"open","ping_status":"closed","template":"","meta":{"_et_pb_use_builder":"","_et_pb_old_content":"","_et_gb_content_width":""},"product_brand":[],"product_cat":[1425],"product_tag":[],"class_list":{"0":"post-1922","1":"product","2":"type-product","3":"status-publish","4":"has-post-thumbnail","6":"product_cat-piston-pump","8":"first","9":"instock","10":"shipping-taxable","11":"product-type-simple"},"amp_enabled":true,"_links":{"self":[{"href":"https:\/\/www.hydraulic-cylinders.net\/hu\/wp-json\/wp\/v2\/product\/1922","targetHints":{"allow":["GET"]}}],"collection":[{"href":"https:\/\/www.hydraulic-cylinders.net\/hu\/wp-json\/wp\/v2\/product"}],"about":[{"href":"https:\/\/www.hydraulic-cylinders.net\/hu\/wp-json\/wp\/v2\/types\/product"}],"replies":[{"embeddable":true,"href":"https:\/\/www.hydraulic-cylinders.net\/hu\/wp-json\/wp\/v2\/comments?post=1922"}],"wp:featuredmedia":[{"embeddable":true,"href":"https:\/\/www.hydraulic-cylinders.net\/hu\/wp-json\/wp\/v2\/media\/1940"}],"wp:attachment":[{"href":"https:\/\/www.hydraulic-cylinders.net\/hu\/wp-json\/wp\/v2\/media?parent=1922"}],"wp:term":[{"taxonomy":"product_brand","embeddable":true,"href":"https:\/\/www.hydraulic-cylinders.net\/hu\/wp-json\/wp\/v2\/product_brand?post=1922"},{"taxonomy":"product_cat","embeddable":true,"href":"https:\/\/www.hydraulic-cylinders.net\/hu\/wp-json\/wp\/v2\/product_cat?post=1922"},{"taxonomy":"product_tag","embeddable":true,"href":"https:\/\/www.hydraulic-cylinders.net\/hu\/wp-json\/wp\/v2\/product_tag?post=1922"}],"curies":[{"name":"munkaf\u00fczet","href":"https:\/\/api.w.org\/{rel}","templated":true}]}}