{"id":1924,"date":"2023-10-20T06:11:20","date_gmt":"2023-10-20T06:11:20","guid":{"rendered":"https:\/\/hydraulic-cylinders.net\/?post_type=product&#038;p=1924"},"modified":"2023-10-20T06:22:44","modified_gmt":"2023-10-20T06:22:44","slug":"hp3g-series-axial-piston-variable-displacement-hydraulic-pump","status":"publish","type":"product","link":"https:\/\/www.hydraulic-cylinders.net\/hu\/termek\/hp3g-series-axial-piston-variable-displacement-hydraulic-pump\/","title":{"rendered":"HP3G sorozat\u00fa axi\u00e1lis dugatty\u00fas v\u00e1ltoz\u00f3 t\u00e9rfogatkiszor\u00edt\u00e1s\u00fa hidraulikus szivatty\u00fa"},"content":{"rendered":"<h1 style=\"text-align: center;\"><strong>HP3G sorozat\u00fa axi\u00e1lis dugatty\u00fas v\u00e1ltoz\u00f3 t\u00e9rfogatkiszor\u00edt\u00e1s\u00fa hidraulikus szivatty\u00fa<\/strong><\/h1>\n<p><img loading=\"lazy\" decoding=\"async\" class=\"aligncenter wp-image-1947\" src=\"https:\/\/hydraulic-cylinders.net\/wp-content\/uploads\/2023\/10\/hp3g-series-axial-piston-variable-displacement-pump-1-300x300.webp\" alt=\"\" width=\"400\" height=\"400\" \/><\/p>\n<p>A HP3G sorozat\u00fa axi\u00e1ldugatty\u00fas v\u00e1ltoz\u00f3 kiszor\u00edt\u00e1s\u00fa hidraulikus szivatty\u00fa egy \u00e9lvonalbeli hidraulikus megold\u00e1s, amely \u00f6tv\u00f6zi az er\u0151t, a hat\u00e9konys\u00e1got \u00e9s a sokoldal\u00fas\u00e1got. A modern ipari alkalmaz\u00e1sok ig\u00e9nyeinek kiel\u00e9g\u00edt\u00e9s\u00e9re tervezett szivatty\u00fa kiv\u00e9teles teljes\u00edtm\u00e9nyt ny\u00fajt a hidraulikus rendszerek sz\u00e9les sk\u00e1l\u00e1j\u00e1n. Ez az informat\u00edv cikk a HP3G sorozat\u00fa axi\u00e1ldugatty\u00fas v\u00e1ltoz\u00f3 kiszor\u00edt\u00e1s\u00fa hidraulikus szivatty\u00fa f\u0151bb jellemz\u0151it, haszn\u00e1lati m\u00f3djait \u00e9s karbantart\u00e1si ir\u00e1nyelveit ismerteti.<\/p>\n<p>A HP3G sorozat\u00fa axi\u00e1ldugatty\u00fas, v\u00e1ltoztathat\u00f3 kiszor\u00edt\u00e1s\u00fa hidraulikus szivatty\u00fa egy er\u0151teljes \u00e9s hat\u00e9kony megold\u00e1s hidraulikus rendszerekhez. V\u00e1ltoztathat\u00f3 kiszor\u00edt\u00e1s\u00fa technol\u00f3gi\u00e1j\u00e1nak, nagynyom\u00e1s\u00fa k\u00e9pess\u00e9g\u00e9nek \u00e9s kompakt kialak\u00edt\u00e1s\u00e1nak k\u00f6sz\u00f6nhet\u0151en ez a szivatty\u00fa kiv\u00e9teles teljes\u00edtm\u00e9nyt ny\u00fajt k\u00fcl\u00f6nf\u00e9le alkalmaz\u00e1sokban. Az aj\u00e1nlott haszn\u00e1lati m\u00f3dszerek betart\u00e1s\u00e1val \u00e9s a rendszeres karbantart\u00e1si gyakorlatok betart\u00e1s\u00e1val a HP3G sorozat\u00fa hidraulikus szivatty\u00fa tov\u00e1bbra is kiemelked\u0151 teljes\u00edtm\u00e9nyt ny\u00fajt, hozz\u00e1j\u00e1rulva a hidraulikus rendszerek siker\u00e9hez. Haszn\u00e1lja ki a HP3G sorozat\u00fa axi\u00e1ldugatty\u00fas, v\u00e1ltoztathat\u00f3 kiszor\u00edt\u00e1s\u00fa hidraulikus szivatty\u00fa erej\u00e9t \u00e9s hat\u00e9konys\u00e1g\u00e1t, hogy kiakn\u00e1zza hidraulikus rendszer\u00e9nek teljes potenci\u00e1lj\u00e1t.<\/p>\n<p>HP3G sorozat\u00fa axi\u00e1ldugatty\u00fas v\u00e1ltoz\u00f3 t\u00e9rfogatkiszor\u00edt\u00e1s\u00fa hidraulikus szivatty\u00fa f\u0151bb jellemz\u0151i:<\/p>\n<ol>\n<li>V\u00e1ltoztathat\u00f3 l\u00f6kett\u00e9rfogat\u00fa technol\u00f3gia: A HP3G sorozat\u00fa hidraulikus szivatty\u00fa fejlett v\u00e1ltoz\u00f3 l\u00f6kett\u00e9rfogat\u00fa technol\u00f3gi\u00e1val van felszerelve, amely lehet\u0151v\u00e9 teszi a hidraulikus szivatty\u00fa kimeneti mennyis\u00e9g\u00e9nek pontos be\u00e1ll\u00edt\u00e1s\u00e1t. Ez a funkci\u00f3 optimaliz\u00e1lja az energiafogyaszt\u00e1st, n\u00f6veli a rendszer hat\u00e9konys\u00e1g\u00e1t \u00e9s cs\u00f6kkenti az \u00fczemeltet\u00e9si k\u00f6lts\u00e9geket.<\/li>\n<li>Nagynyom\u00e1s\u00fa k\u00e9pess\u00e9g: A HP3G sorozat\u00fa hidraulikus szivatty\u00fa robusztus axi\u00e1ldugatty\u00fas kialak\u00edt\u00e1s\u00e1nak k\u00f6sz\u00f6nhet\u0151en kiv\u00e1l\u00f3an teljes\u00edt nagynyom\u00e1s\u00fa alkalmaz\u00e1sokban. \u00c1lland\u00f3 teljes\u00edtm\u00e9nyt ny\u00fajt ig\u00e9nyes k\u00f6r\u00fclm\u00e9nyek k\u00f6z\u00f6tt is, biztos\u00edtva a megb\u00edzhat\u00f3 m\u0171k\u00f6d\u00e9st \u00e9s a hat\u00e9kony er\u0151\u00e1tvitelt.<\/li>\n<li>Kompakt \u00e9s k\u00f6nny\u0171 kialak\u00edt\u00e1s: A HP3G sorozat\u00fa hidraulikus szivatty\u00fa kompakt \u00e9s k\u00f6nny\u0171 kialak\u00edt\u00e1sa megk\u00f6nny\u00edti a k\u00fcl\u00f6nf\u00e9le hidraulikus rendszerekbe val\u00f3 integr\u00e1l\u00e1st. Helytakar\u00e9kos tulajdons\u00e1gai rugalmas telep\u00edt\u00e9st biztos\u00edtanak, k\u00fcl\u00f6n\u00f6sen korl\u00e1tozott helyekkel rendelkez\u0151 alkalmaz\u00e1sokban.<\/li>\n<li>Sz\u00e9lesk\u00f6r\u0171 alkalmaz\u00e1si lehet\u0151s\u00e9gek: A HP3G sorozat\u00fa hidraulikus szivatty\u00fa rendk\u00edv\u00fcl sokoldal\u00fa, \u00edgy sz\u00e1mos ipar\u00e1gban alkalmazhat\u00f3, bele\u00e9rtve az \u00e9p\u00edt\u0151iparban, a mez\u0151gazdas\u00e1gban, az anyagmozgat\u00e1sban \u00e9s egyebekben. Alkalmazkod\u00f3k\u00e9pess\u00e9ge a k\u00fcl\u00f6nb\u00f6z\u0151 munkak\u00f6r\u00fclm\u00e9nyekhez \u00e9s k\u00f6vetelm\u00e9nyekhez felbecs\u00fclhetetlen \u00e9rt\u00e9k\u0171 eszk\u00f6zz\u00e9 teszi a hidraulikus rendszerekben vil\u00e1gszerte.<\/li>\n<\/ol>\n<h2><strong>HP3G sorozat\u00fa axi\u00e1lis dugatty\u00fas v\u00e1ltoz\u00f3 t\u00e9rfogatkiszor\u00edt\u00e1s\u00fa hidraulikus szivatty\u00fa param\u00e9tere:<\/strong><\/h2>\n<table class=\"table table-bordered table-hover table-colored\" data-sort=\"sortDisabled\">\n<tbody>\n<tr class=\"firstRow\">\n<td colspan=\"1\" rowspan=\"2\" align=\"center\" valign=\"middle\">M\u00e9ret<\/td>\n<td rowspan=\"2\" align=\"center\" valign=\"middle\">L\u00f6kett\u00e9rfogat cm\u00b3\/ford<\/td>\n<td colspan=\"2\" rowspan=\"1\" align=\"center\" valign=\"middle\">Nyom\u00e1sr\u00fad<\/td>\n<td colspan=\"2\" rowspan=\"1\" align=\"center\" valign=\"middle\">Forg\u00e1si sebess\u00e9g ford\/perc<\/td>\n<\/tr>\n<tr>\n<td align=\"center\" valign=\"middle\">N\u00e9vleges<\/td>\n<td align=\"center\" valign=\"middle\">Cs\u00facs<\/td>\n<td align=\"center\" valign=\"middle\">N\u00e9vleges<\/td>\n<td align=\"center\" valign=\"middle\">Max<sup>*2<\/sup><\/td>\n<\/tr>\n<tr>\n<td align=\"center\" valign=\"middle\">HP3G28<\/td>\n<td align=\"center\" valign=\"middle\">28<\/td>\n<td align=\"center\" valign=\"middle\">345<\/td>\n<td align=\"center\" valign=\"middle\">380<\/td>\n<td align=\"center\" valign=\"middle\">3400<\/td>\n<td align=\"center\" valign=\"middle\">4000<\/td>\n<\/tr>\n<tr>\n<td align=\"center\" valign=\"middle\">HP3G32<\/td>\n<td align=\"center\" valign=\"middle\">32<\/td>\n<td align=\"center\" valign=\"middle\">345<\/td>\n<td align=\"center\" valign=\"middle\">380<\/td>\n<td align=\"center\" valign=\"middle\">3400<\/td>\n<td align=\"center\" valign=\"middle\">4000<\/td>\n<\/tr>\n<tr>\n<td align=\"center\" valign=\"middle\">HP3G46<\/td>\n<td align=\"center\" valign=\"middle\">46<\/td>\n<td align=\"center\" valign=\"middle\">345<\/td>\n<td align=\"center\" valign=\"middle\">385<\/td>\n<td align=\"center\" valign=\"middle\">3000<\/td>\n<td align=\"center\" valign=\"middle\">4100<\/td>\n<\/tr>\n<\/tbody>\n<\/table>\n<h2><strong>HP3G sorozat\u00fa axi\u00e1ldugatty\u00fas v\u00e1ltoz\u00f3 t\u00e9rfogatkiszor\u00edt\u00e1s\u00fa hidraulikus szivatty\u00fa el\u0151nyei:<\/strong><\/h2>\n<p>\u2022 Nagynyom\u00e1s\u00fa, z\u00e1rtl\u00e1nc\u00fa hidraulikus rendszerekben alkalmazhat\u00f3<br \/>\n\u2022 Az \u00e1raml\u00e1si sebess\u00e9g ar\u00e1nyos a hajt\u00e1si sebess\u00e9ggel \u00e9s az elmozdul\u00e1ssal, \u00e9s fokozatmentesen \u00e1ll\u00edthat\u00f3<br \/>\n\u2022 Nagynyom\u00e1s\u00fa biztons\u00e1gi szelep a szivatty\u00fa nagynyom\u00e1s\u00fa oldal\u00e1n<br \/>\n\u2022 Integr\u00e1lt olajell\u00e1t\u00f3 szivatty\u00fa, amely h\u0171t\u00e9st \u00e9s olajp\u00f3tl\u00e1st biztos\u00edt a rendszerben<br \/>\n\u2022 Nagy megb\u00edzhat\u00f3s\u00e1g, hossz\u00fa \u00e9lettartam, magas teljes\u00edtm\u00e9ny-t\u00f6meg ar\u00e1ny<\/p>\n<h2><strong>HP3G sorozat\u00fa axi\u00e1lis dugatty\u00fas v\u00e1ltoz\u00f3 t\u00e9rfogatkiszor\u00edt\u00e1s\u00fa hidraulikus szivatty\u00fa <\/strong><strong>Alkalmaz\u00e1s:<\/strong><\/h2>\n<p><img loading=\"lazy\" decoding=\"async\" class=\"alignnone wp-image-1950 size-full\" src=\"https:\/\/hydraulic-cylinders.net\/wp-content\/uploads\/2023\/10\/hp3g-series-axial-piston-variable-displacement-pump-2.webp\" alt=\"\" width=\"1140\" height=\"217\" srcset=\"https:\/\/hydraulic-cylinders.net\/wp-content\/uploads\/2023\/10\/hp3g-series-axial-piston-variable-displacement-pump-2.webp 1140w, https:\/\/hydraulic-cylinders.net\/wp-content\/uploads\/2023\/10\/hp3g-series-axial-piston-variable-displacement-pump-2-980x187.webp 980w, https:\/\/hydraulic-cylinders.net\/wp-content\/uploads\/2023\/10\/hp3g-series-axial-piston-variable-displacement-pump-2-480x91.webp 480w\" sizes=\"(min-width: 0px) and (max-width: 480px) 480px, (min-width: 481px) and (max-width: 980px) 980px, (min-width: 981px) 1140px, 100vw\" \/><\/p>\n<h2><strong>A HP3G sorozat\u00fa axi\u00e1lis dugatty\u00fas v\u00e1ltoz\u00f3 t\u00e9rfogatkiszor\u00edt\u00e1s\u00fa hidraulikus szivatty\u00fa haszn\u00e1lati m\u00f3dja<\/strong><strong>:<\/strong><\/h2>\n<ul>\n<li><strong>Szivatty\u00fa telep\u00edt\u00e9se:<\/strong> V\u00e1lasszon ki egy megfelel\u0151 helyet a hidraulikus rendszerben a HP3G sorozat\u00fa axi\u00e1ldugatty\u00fas v\u00e1ltoz\u00f3 kiszor\u00edt\u00e1s\u00fa hidraulikus szivatty\u00fa telep\u00edt\u00e9s\u00e9hez. Gy\u0151z\u0151dj\u00f6n meg a megfelel\u0151 be\u00e1ll\u00edt\u00e1sr\u00f3l, \u00e9s r\u00f6gz\u00edtse a szivatty\u00fat biztons\u00e1gosan a rendszer szerkezet\u00e9hez megfelel\u0151 r\u00f6gz\u00edt\u0151konzolok vagy tartoz\u00e9kok seg\u00edts\u00e9g\u00e9vel.<\/li>\n<li><strong>Folyad\u00e9kkompatibilit\u00e1s:<\/strong> Ellen\u0151rizze, hogy a rendszerben haszn\u00e1lt hidraulikafolyad\u00e9k kompatibilis-e a HP3G sorozat\u00fa hidraulikaszivatty\u00faval. A megfelel\u0151 folyad\u00e9kt\u00edpus, viszkozit\u00e1s \u00e9s h\u0151m\u00e9rs\u00e9klet-tartom\u00e1ny tekintet\u00e9ben tekintse meg a gy\u00e1rt\u00f3 aj\u00e1nl\u00e1sait. Rendszeresen ellen\u0151rizze \u00e9s tartsa karban a hidraulikafolyad\u00e9kot a hidraulikaszivatty\u00fa megfelel\u0151 m\u0171k\u00f6d\u00e9s\u00e9nek \u00e9s hossz\u00fa \u00e9lettartam\u00e1nak biztos\u00edt\u00e1sa \u00e9rdek\u00e9ben.<\/li>\n<li><strong>Integr\u00e1ci\u00f3 a hidraulikus rendszerrel:<\/strong> Csatlakoztassa a hidraulikus szivatty\u00fat a hidraulikus rendszerhez kompatibilis t\u00f6ml\u0151k, szerelv\u00e9nyek \u00e9s szelepek seg\u00edts\u00e9g\u00e9vel. Gy\u0151z\u0151dj\u00f6n meg arr\u00f3l, hogy minden csatlakoz\u00e1s biztons\u00e1gos, sziv\u00e1rg\u00e1smentes \u00e9s megfelel\u0151en meg van h\u00fazva az optim\u00e1lis hidraulikus teljes\u00edtm\u00e9ny \u00e9rdek\u00e9ben.<\/li>\n<li><strong>M\u0171k\u00f6d\u00e9si param\u00e9terek:<\/strong> Ismerkedjen meg a hidraulikus szivatty\u00fa vez\u00e9rl\u00e9si lehet\u0151s\u00e9geivel, \u00e9s \u00e1ll\u00edtsa be az \u00fczemi param\u00e9tereket a hidraulikus rendszer konkr\u00e9t k\u00f6vetelm\u00e9nyeinek megfelel\u0151en. Figyelje \u00e9s m\u00f3dos\u00edtsa a szivatty\u00fa l\u00f6kett\u00e9rfogat-be\u00e1ll\u00edt\u00e1sait a teljes\u00edtm\u00e9ny \u00e9s az energiahat\u00e9konys\u00e1g optimaliz\u00e1l\u00e1sa \u00e9rdek\u00e9ben.<\/li>\n<\/ul>\n<h2><strong>Hogyan ellen\u0151rizhet\u0151, hogy a hidraulikus henger bels\u0151 sziv\u00e1rg\u00e1sa fenn\u00e1ll-e?<\/strong><\/h2>\n<p>A hidraulikus henger bels\u0151 sziv\u00e1rg\u00e1s\u00e1nak ellen\u0151rz\u00e9se fontos karbantart\u00e1si feladat a megfelel\u0151 m\u0171k\u00f6d\u00e9s biztos\u00edt\u00e1sa \u00e9s a lehets\u00e9ges probl\u00e9m\u00e1k megel\u0151z\u00e9se \u00e9rdek\u00e9ben. \u00cdme egy l\u00e9p\u00e9sr\u0151l l\u00e9p\u00e9sre sz\u00f3l\u00f3 \u00fatmutat\u00f3 arr\u00f3l, hogyan ellen\u0151rizheti, hogy egy hidraulikus henger bels\u0151 sziv\u00e1rog-e:<\/p>\n<ol>\n<li><strong>Els\u0151 a biztons\u00e1g:<\/strong> B\u00e1rmilyen karbantart\u00e1si feladat elv\u00e9gz\u00e9se el\u0151tt gy\u0151z\u0151dj\u00f6n meg arr\u00f3l, hogy a hidraulikus rendszer nyom\u00e1smentes\u00edtett, \u00e9s hogy minden \u00e1ramforr\u00e1s le van v\u00e1lasztva a balesetek elker\u00fcl\u00e9se \u00e9rdek\u00e9ben.<\/li>\n<li><strong>Vizu\u00e1lis ellen\u0151rz\u00e9s:<\/strong> Kezdje a hidraulikus henger k\u00fclsej\u00e9nek vizu\u00e1lis ellen\u0151rz\u00e9s\u00e9vel, hogy nincs-e olajsziv\u00e1rg\u00e1sra utal\u00f3 jel. Keressen olajfoltokat, cs\u00f6p\u00f6g\u00e9seket vagy nedves foltokat a hengertest, a r\u00fad \u00e9s a t\u00f6m\u00edt\u00e9sek k\u00f6r\u00fcl. A k\u00fcls\u0151 sziv\u00e1rg\u00e1sok bels\u0151 sziv\u00e1rg\u00e1sokra is utalhatnak.<\/li>\n<li><strong>Henger visszah\u00faz\u00e1sa:<\/strong> Nyissa ki teljesen a hidraulikus hengert, majd h\u00fazza be teljesen. Figyelje meg, hogy van-e \u00e9szrevehet\u0151 v\u00e1ltoz\u00e1s a sebess\u00e9gben vagy az ellen\u00e1ll\u00e1sban a kiny\u00fajt\u00e1s vagy visszah\u00faz\u00e1s sor\u00e1n. A szokatlanul lass\u00fa vagy r\u00e1ngat\u00f3z\u00f3 mozg\u00e1s bels\u0151 sziv\u00e1rg\u00e1sra utalhat.<\/li>\n<li><strong>Poz\u00edci\u00f3 tart\u00e1sa:<\/strong> Ny\u00fajtsa ki a palackot egy adott poz\u00edci\u00f3ba, \u00e9s tartsa \u00edgy egy ideig, p\u00e9ld\u00e1ul n\u00e9h\u00e1ny percig vagy egy \u00f3r\u00e1ig. Figyelje, hogy a palack megtartja-e a poz\u00edci\u00f3j\u00e1t elmozdul\u00e1s n\u00e9lk\u00fcl. Az elmozdul\u00e1s vagy fokozatos mozg\u00e1s bels\u0151 sziv\u00e1rg\u00e1sra utal.<\/li>\n<li><strong>Henger sodr\u00f3d\u00e1si teszt:<\/strong> V\u00e9gezzen el egy hengerelmozdul\u00e1si tesztet a henger teljes kiny\u00fajt\u00e1s\u00e1val \u00e9s a vez\u00e9rl\u0151szelep elz\u00e1r\u00e1s\u00e1val, hogy a hengert lev\u00e1lassza a hidraulikus rendszerr\u0151l. Figyelje a henger helyzet\u00e9t hosszabb ideig, p\u00e9ld\u00e1ul t\u00f6bb \u00f3r\u00e1n kereszt\u00fcl, hogy ellen\u0151rizze a mozg\u00e1st. Ha a henger elmozdul vagy lassan mozog, az bels\u0151 sziv\u00e1rg\u00e1sra utal.<\/li>\n<li><strong>Nyom\u00e1ses\u00e9s-teszt:<\/strong> Csatlakoztasson egy nyom\u00e1sm\u00e9r\u0151t a hidraulikus rendszerhez, \u00e9s helyezze nyom\u00e1s al\u00e1 a maxim\u00e1lis \u00fczemi nyom\u00e1sig. Z\u00e1rja el a szab\u00e1lyoz\u00f3szelepet a henger elk\u00fcl\u00f6n\u00edt\u00e9s\u00e9hez. Figyelje a nyom\u00e1sm\u00e9r\u0151t, hogy id\u0151vel nem esik-e be jelent\u0151s nyom\u00e1ses\u00e9s. A gyors nyom\u00e1ses\u00e9s bels\u0151 sziv\u00e1rg\u00e1sra utal.<\/li>\n<li><strong>Sz\u00e9tszerel\u00e9s \u00e9s ellen\u0151rz\u00e9s:<\/strong> Ha bels\u0151 sziv\u00e1rg\u00e1sra gyanakszik, de a kor\u00e1bbi tesztek sor\u00e1n nem azonos\u00edtotta, akkor alaposabb vizsg\u00e1lat c\u00e9lj\u00e1b\u00f3l sz\u00e9t kell szerelnie a hidraulikus hengert. A megfelel\u0151 sz\u00e9tszerel\u00e9s \u00e9s \u00f6sszeszerel\u00e9s \u00e9rdek\u00e9ben olvassa el a gy\u00e1rt\u00f3 ir\u00e1nyelveit, vagy k\u00e9rjen seg\u00edts\u00e9get egy szakk\u00e9pzett szakembert\u0151l.<\/li>\n<li><strong>Pecs\u00e9tvizsg\u00e1lat:<\/strong> Vizsg\u00e1lja meg a henger t\u00f6m\u00edt\u00e9seit, bele\u00e9rtve a dugatty\u00fat\u00f6m\u00edt\u00e9st, a r\u00fadt\u00f6m\u00edt\u00e9st \u00e9s a t\u00f6mszelence t\u00f6m\u00edt\u00e9seit, hogy l\u00e1that\u00f3-e rajtuk s\u00e9r\u00fcl\u00e9s, kop\u00e1s vagy elhaszn\u00e1l\u00f3d\u00e1s jele. A s\u00e9r\u00fclt vagy kopott t\u00f6m\u00edt\u00e9sek bels\u0151 sziv\u00e1rg\u00e1st okozhatnak. Cser\u00e9lje ki a hib\u00e1s t\u00f6m\u00edt\u00e9seket megfelel\u0151 alkatr\u00e9szekre.<\/li>\n<li><strong>\u00d6sszeszerel\u00e9s \u00e9s tesztel\u00e9s:<\/strong> A sz\u00fcks\u00e9ges ellen\u0151rz\u00e9sek vagy jav\u00edt\u00e1sok elv\u00e9gz\u00e9se ut\u00e1n szerelje \u00f6ssze \u00fajra a hidraulikus hengert, \u00e9s v\u00e9gezzen el egy utols\u00f3 m\u0171k\u00f6d\u00e9si pr\u00f3b\u00e1t. V\u00e9gezze el a fent eml\u00edtett kor\u00e1bbi teszteket, hogy megbizonyosodjon arr\u00f3l, hogy a bels\u0151 sziv\u00e1rg\u00e1sok megsz\u0171ntek, \u00e9s a henger megfelel\u0151en m\u0171k\u00f6dik.<\/li>\n<\/ol>\n<h2><strong>A gy\u00e1r kapacit\u00e1sa \u00e9s kapacit\u00e1sa:<\/strong><\/h2>\n<h3>(1) \u00d6sszeszerel\u00e9s<\/h3>\n<p>Els\u0151 oszt\u00e1ly\u00fa f\u00fcggetlen kutat\u00e1si \u00e9s fejleszt\u00e9si \u00f6sszeszerel\u00e9si platformmal rendelkez\u00fcnk. A hidraulikus hengergy\u00e1rt\u00f3 m\u0171hely n\u00e9gy f\u00e9lautomata emel\u0151henger-\u00f6sszeszerel\u0151 sorral \u00e9s egy automata billen\u0151henger-\u00f6sszeszerel\u0151 sorral rendelkezik, tervezett \u00e9ves gy\u00e1rt\u00e1si kapacit\u00e1sa 1 milli\u00f3 darab. A speci\u00e1lis henger m\u0171hely k\u00fcl\u00f6nb\u00f6z\u0151 specifik\u00e1ci\u00f3j\u00fa f\u00e9lautomata tiszt\u00edt\u00f3 \u00f6sszeszerel\u0151 rendszerrel van felszerelve, amelynek tervezett \u00e9ves termel\u00e9si kapacit\u00e1sa 200.000, \u00e9s h\u00edres CNC megmunk\u00e1l\u00f3 berendez\u00e9ssel, megmunk\u00e1l\u00f3 k\u00f6zponttal, nagy pontoss\u00e1g\u00fa hengerfeldolgoz\u00f3 speci\u00e1lis berendez\u00e9ssel, robothegeszt\u0151 g\u00e9ppel, automatikus tiszt\u00edt\u00f3g\u00e9ppel, automatikus henger \u00f6sszeszerel\u0151 g\u00e9ppel \u00e9s automatikus fest\u00e9si gy\u00e1rt\u00f3sorral van felszerelve. A megl\u00e9v\u0151 kritikus berendez\u00e9sek t\u00f6bb mint 300 k\u00e9szlet (k\u00e9szlet). A berendez\u00e9sek er\u0151forr\u00e1sainak optim\u00e1lis eloszt\u00e1sa \u00e9s hat\u00e9kony felhaszn\u00e1l\u00e1sa biztos\u00edtja a term\u00e9kek pontoss\u00e1gi k\u00f6vetelm\u00e9nyeit \u00e9s megfelel a term\u00e9kek min\u0151s\u00e9gi ig\u00e9nyeinek.<\/p>\n<p><img loading=\"lazy\" decoding=\"async\" class=\"alignnone wp-image-626\" src=\"https:\/\/hydraulic-cylinders.net\/wp-content\/uploads\/2023\/08\/hydraulic-cylinder-product-1-300x158.webp\" alt=\"\" width=\"495\" height=\"260\" srcset=\"https:\/\/hydraulic-cylinders.net\/wp-content\/uploads\/2023\/08\/hydraulic-cylinder-product-1-300x158.webp 495w, https:\/\/hydraulic-cylinders.net\/wp-content\/uploads\/2023\/08\/hydraulic-cylinder-product-1-480x252.webp 480w\" sizes=\"(min-width: 0px) and (max-width: 480px) 480px, (min-width: 481px) 495px, 100vw\" \/> <img loading=\"lazy\" decoding=\"async\" class=\"alignnone wp-image-627\" src=\"https:\/\/hydraulic-cylinders.net\/wp-content\/uploads\/2023\/08\/hydraulic-cylinder-product-2-300x189.webp\" alt=\"\" width=\"413\" height=\"260\" \/><\/p>\n<h3>(2) Megmunk\u00e1l\u00e1s<\/h3>\n<p>A megmunk\u00e1l\u00f3m\u0171hely egyedi, ferde s\u00edneszterg\u00e1l\u00f3 k\u00f6zponttal, megmunk\u00e1l\u00f3k\u00f6zponttal, nagysebess\u00e9g\u0171 h\u00f3nol\u00f3g\u00e9ppel, hegeszt\u0151robottal \u00e9s egy\u00e9b kapcsol\u00f3d\u00f3 berendez\u00e9sekkel van felszerelve, amelyek legfeljebb 400 mm bels\u0151 \u00e1tm\u00e9r\u0151j\u0171 \u00e9s legfeljebb 6 m\u00e9ter hossz\u00fa hengercs\u00f6vek megmunk\u00e1l\u00e1s\u00e1ra k\u00e9pesek.<\/p>\n<p><img loading=\"lazy\" decoding=\"async\" class=\"alignnone wp-image-628 size-large\" src=\"https:\/\/hydraulic-cylinders.net\/wp-content\/uploads\/2023\/08\/hydraulic-cylinder-product-3-1024x391.webp\" alt=\"\" width=\"1024\" height=\"391\" srcset=\"https:\/\/hydraulic-cylinders.net\/wp-content\/uploads\/2023\/08\/hydraulic-cylinder-product-3-980x374.webp 980w, https:\/\/hydraulic-cylinders.net\/wp-content\/uploads\/2023\/08\/hydraulic-cylinder-product-3-480x183.webp 480w\" sizes=\"(min-width: 0px) and (max-width: 480px) 480px, (min-width: 481px) and (max-width: 980px) 980px, (min-width: 981px) 1024px, 100vw\" \/><\/p>\n<h3>(3) Hegeszt\u00e9s<\/h3>\n<p><img loading=\"lazy\" decoding=\"async\" class=\"alignnone wp-image-629 size-large\" src=\"https:\/\/hydraulic-cylinders.net\/wp-content\/uploads\/2023\/08\/hydraulic-cylinder-product-4-1024x510.webp\" alt=\"\" width=\"1024\" height=\"510\" srcset=\"https:\/\/hydraulic-cylinders.net\/wp-content\/uploads\/2023\/08\/hydraulic-cylinder-product-4-980x488.webp 980w, https:\/\/hydraulic-cylinders.net\/wp-content\/uploads\/2023\/08\/hydraulic-cylinder-product-4-480x239.webp 480w\" sizes=\"(min-width: 0px) and (max-width: 480px) 480px, (min-width: 481px) and (max-width: 980px) 980px, (min-width: 981px) 1024px, 100vw\" \/><\/p>\n<h3>(4) Fest\u00e9s \u00e9s bevonatol\u00e1s<\/h3>\n<p>Kis \u00e9s k\u00f6zepes m\u00e9ret\u0171 hengeres automatikus v\u00edzb\u00e1zis\u00fa fest\u00e9kbevon\u00f3 sorokkal, az automatikus robot be- \u00e9s kirakod\u00e1s, valamint az automatikus permetez\u00e9s megval\u00f3s\u00edt\u00e1s\u00e1hoz, a tervez\u00e9si kapacit\u00e1s m\u0171szakonk\u00e9nt 4000 darab;<br \/>\nRendelkez\u00fcnk egy f\u00e9lautomata fest\u00e9kgy\u00e1rt\u00f3sorral is nagym\u00e9ret\u0171 palackokhoz, amelyet egy er\u0151\u00e1tviteli l\u00e1nc hajt, m\u0171szakonk\u00e9nt 60 doboz tervez\u00e9si kapacit\u00e1ssal.<\/p>\n<p><img loading=\"lazy\" decoding=\"async\" class=\"alignnone wp-image-630\" src=\"https:\/\/hydraulic-cylinders.net\/wp-content\/uploads\/2023\/08\/hydraulic-cylinder-product-5-300x213.webp\" alt=\"\" width=\"366\" height=\"260\" \/> <img loading=\"lazy\" decoding=\"async\" class=\"alignnone wp-image-631\" src=\"https:\/\/hydraulic-cylinders.net\/wp-content\/uploads\/2023\/08\/hydraulic-cylinder-product-6-300x225.webp\" alt=\"\" width=\"347\" height=\"260\" \/><\/p>\n<h3>(5) Tesztel\u00e9s<\/h3>\n<p>Els\u0151 oszt\u00e1ly\u00fa ellen\u0151rz\u0151 l\u00e9tes\u00edtm\u00e9nyekkel \u00e9s tesztpadokkal rendelkez\u00fcnk annak biztos\u00edt\u00e1s\u00e1ra, hogy a palack teljes\u00edtm\u00e9nye megfeleljen a k\u00f6vetelm\u00e9nyeknek.<\/p>\n<p><img loading=\"lazy\" decoding=\"async\" class=\"alignnone wp-image-632\" src=\"https:\/\/hydraulic-cylinders.net\/wp-content\/uploads\/2023\/08\/hydraulic-cylinder-product-8-300x200.webp\" alt=\"\" width=\"389\" height=\"260\" \/><\/p>\n<p>&nbsp;<\/p>\n<p>&nbsp;<\/p>\n<p>Mi vagyunk az egyik legjobb hidraulikus henger gy\u00e1rt\u00f3. \u00c1tfog\u00f3 hidraulikus hengereket k\u00edn\u00e1lunk. Megfelel\u0151 szolg\u00e1ltat\u00e1sokat is biztos\u00edtunk. <a href=\"https:\/\/hzpt.com\/agricultural-pto-gearbox\/\" target=\"_blank\" rel=\"noopener\">mez\u0151gazdas\u00e1gi sebess\u00e9gv\u00e1lt\u00f3k<\/a>Term\u00e9keinket vil\u00e1gszerte export\u00e1ltuk \u00fcgyfeleinknek, \u00e9s kiv\u00e1l\u00f3 term\u00e9kmin\u0151s\u00e9g\u00fcnknek \u00e9s \u00e9rt\u00e9kes\u00edt\u00e9s ut\u00e1ni szolg\u00e1ltat\u00e1sunknak k\u00f6sz\u00f6nhet\u0151en j\u00f3 h\u00edrnevet szerezt\u00fcnk. Szeretettel v\u00e1rjuk belf\u00f6ldi \u00e9s k\u00fclf\u00f6ldi \u00fcgyfeleinket, hogy \u00fczleti t\u00e1rgyal\u00e1sok, inform\u00e1ci\u00f3csere \u00e9s egy\u00e9b lehet\u0151s\u00e9gek c\u00e9lj\u00e1b\u00f3l kapcsolatba l\u00e9pjenek vel\u00fcnk. <a href=\"https:\/\/www.hydraulic-cylinders.net\/hu\/contact-us\/\">egy\u00fcttm\u0171k\u00f6dni vel\u00fcnk<\/a>!<\/p>\n<p>&nbsp;<\/p>","protected":false},"excerpt":{"rendered":"<p>HP3G Series Axial Piston Variable Displacement Hydraulic Pump The HP3G series axial piston variable displacement hydraulic pump is a cutting-edge hydraulic solution that combines power, efficiency, and versatility. Designed to meet the demands of modern industrial applications, this pump delivers exceptional performance in a wide range of hydraulic systems. This informative article will explore the [&hellip;]<\/p>","protected":false},"featured_media":1948,"comment_status":"open","ping_status":"closed","template":"","meta":{"_et_pb_use_builder":"","_et_pb_old_content":"","_et_gb_content_width":""},"product_brand":[],"product_cat":[1425],"product_tag":[],"class_list":{"0":"post-1924","1":"product","2":"type-product","3":"status-publish","4":"has-post-thumbnail","6":"product_cat-piston-pump","8":"first","9":"instock","10":"shipping-taxable","11":"product-type-simple"},"amp_enabled":true,"_links":{"self":[{"href":"https:\/\/www.hydraulic-cylinders.net\/hu\/wp-json\/wp\/v2\/product\/1924","targetHints":{"allow":["GET"]}}],"collection":[{"href":"https:\/\/www.hydraulic-cylinders.net\/hu\/wp-json\/wp\/v2\/product"}],"about":[{"href":"https:\/\/www.hydraulic-cylinders.net\/hu\/wp-json\/wp\/v2\/types\/product"}],"replies":[{"embeddable":true,"href":"https:\/\/www.hydraulic-cylinders.net\/hu\/wp-json\/wp\/v2\/comments?post=1924"}],"wp:featuredmedia":[{"embeddable":true,"href":"https:\/\/www.hydraulic-cylinders.net\/hu\/wp-json\/wp\/v2\/media\/1948"}],"wp:attachment":[{"href":"https:\/\/www.hydraulic-cylinders.net\/hu\/wp-json\/wp\/v2\/media?parent=1924"}],"wp:term":[{"taxonomy":"product_brand","embeddable":true,"href":"https:\/\/www.hydraulic-cylinders.net\/hu\/wp-json\/wp\/v2\/product_brand?post=1924"},{"taxonomy":"product_cat","embeddable":true,"href":"https:\/\/www.hydraulic-cylinders.net\/hu\/wp-json\/wp\/v2\/product_cat?post=1924"},{"taxonomy":"product_tag","embeddable":true,"href":"https:\/\/www.hydraulic-cylinders.net\/hu\/wp-json\/wp\/v2\/product_tag?post=1924"}],"curies":[{"name":"munkaf\u00fczet","href":"https:\/\/api.w.org\/{rel}","templated":true}]}}