{"id":19349,"date":"2025-04-07T06:28:17","date_gmt":"2025-04-07T06:28:17","guid":{"rendered":"https:\/\/www.hydraulic-cylinders.net\/product\/boom-cylinder-for-liebherr-middle-excavator-r924\/"},"modified":"2025-04-07T06:28:19","modified_gmt":"2025-04-07T06:28:19","slug":"boom-cylinder-for-liebherr-middle-excavator-r924","status":"publish","type":"product","link":"https:\/\/www.hydraulic-cylinders.net\/hu\/termek\/boom-cylinder-for-liebherr-middle-excavator-r924\/","title":{"rendered":"Liebherr R924 k\u00f6z\u00e9ps\u0151 kotr\u00f3g\u00e9p g\u00e9mhenger"},"content":{"rendered":"<h1>Liebherr R924 k\u00f6z\u00e9ps\u0151 kotr\u00f3g\u00e9p g\u00e9mhenger<\/h1>\n<h2>Bevezet\u00e9s a g\u00e9mhengerekbe<\/h2>\n<p>A kifejezetten a Liebherr R924 k\u00f6z\u00e9pkateg\u00f3ri\u00e1s kotr\u00f3g\u00e9phez tervezett g\u00e9mhenger egy alapvet\u0151 hidraulikus alkatr\u00e9sz, amely kulcsfontoss\u00e1g\u00fa szerepet j\u00e1tszik a neh\u00e9zg\u00e9pek m\u0171k\u00f6dtet\u00e9s\u00e9ben. \u00dagy tervezt\u00e9k, hogy szab\u00e1lyozza a g\u00e9m mozg\u00e1s\u00e1t, lehet\u0151v\u00e9 t\u00e9ve a hat\u00e9kony emel\u00e9st, s\u00fcllyeszt\u00e9st \u00e9s billent\u00e9st k\u00fcl\u00f6nf\u00e9le anyagmozgat\u00e1si feladatok sor\u00e1n. Ez a hidraulikus henger l\u00e9tfontoss\u00e1g\u00fa a kotr\u00f3g\u00e9pekben, kotr\u00f3g\u00e9pekben \u00e9s homlokrakod\u00f3kban, lehet\u0151v\u00e9 t\u00e9ve a z\u00f6kken\u0151mentes m\u0171k\u00f6d\u00e9st \u00e9s a kiv\u00e1l\u00f3 teljes\u00edtm\u00e9nyt.<\/p>\n<p><img decoding=\"async\" src=\"https:\/\/www.hydraulic-cylinders.net\/wp-content\/uploads\/2025\/04\/songte-company-1.webp\" alt=\"G\u00e9mhenger k\u00e9pe\"><\/p>\n<h3>Funkcionalit\u00e1s \u00e9s alkalmaz\u00e1sok<\/h3>\n<p>A kan\u00e1lhengerek speci\u00e1lis hidraulikus hengerek, amelyeket neh\u00e9zg\u00e9pek, p\u00e9ld\u00e1ul kotr\u00f3g\u00e9pek kan\u00e1lj\u00e1nak mozg\u00e1s\u00e1nak vez\u00e9rl\u00e9s\u00e9re terveztek. Els\u0151dleges funkci\u00f3juk a kan\u00e1l emel\u00e9s\u00e9nek, s\u00fcllyeszt\u00e9s\u00e9nek \u00e9s billent\u00e9s\u00e9nek megk\u00f6nny\u00edt\u00e9se, ami jelent\u0151sen n\u00f6veli az anyagmozgat\u00e1si m\u0171veletek hat\u00e9konys\u00e1g\u00e1t. A hidraulikaolaj nyom\u00e1s\u00e1nak felhaszn\u00e1l\u00e1s\u00e1val ezek a hengerek biztos\u00edtj\u00e1k a sz\u00fcks\u00e9ges er\u0151t a neh\u00e9z terhek \u00e9s az \u00f6sszetett feladatok k\u00f6nny\u0171 kezel\u00e9s\u00e9hez.<\/p>\n<h2>A g\u00e9mhenger jellemz\u0151i<\/h2>\n<ul>\n<li><strong>Nagy szil\u00e1rds\u00e1g \u00e9s tart\u00f3ss\u00e1g:<\/strong> Nagy szil\u00e1rds\u00e1g\u00fa ac\u00e9lb\u00f3l vagy alum\u00edniumb\u00f3l k\u00e9sz\u00fcltek, ezek a palackok ellen\u00e1llnak a nagy nyom\u00e1snak \u00e9s a neh\u00e9z terhel\u00e9seknek, \u00edgy alkalmasak zord munkak\u00f6rnyezetre. Kialak\u00edt\u00e1suk mag\u00e1ban foglalja a kop\u00e1s- \u00e9s korr\u00f3zi\u00f3\u00e1ll\u00f3s\u00e1got, meghosszabb\u00edtva \u00e9lettartamukat.<\/li>\n<li><strong>Hat\u00e9kony hidraulikus m\u0171k\u00f6dtet\u00e9s:<\/strong> A g\u00e9mhenger hidraulikaolaj-nyom\u00e1st haszn\u00e1l a sima kitol\u00e1shoz \u00e9s visszah\u00faz\u00e1shoz, gyorsan reag\u00e1l a kezel\u0151i parancsokra, \u00e9s er\u0151teljes tol\u00f3- \u00e9s h\u00faz\u00f3er\u0151t biztos\u00edt a neh\u00e9z anyagok kezel\u00e9s\u00e9hez.<\/li>\n<li><strong>K\u00fcl\u00f6nb\u00f6z\u0151 t\u00edpusok:<\/strong> Ezek a hengerek egyszeres m\u0171k\u00f6d\u00e9s\u0171 (egy ir\u00e1nyban m\u0171k\u00f6d\u0151) \u00e9s kett\u0151s m\u0171k\u00f6d\u00e9s\u0171 (mindk\u00e9t ir\u00e1nyban m\u0171k\u00f6d\u0151) konfigur\u00e1ci\u00f3ban is kaphat\u00f3k, \u00e9s a k\u00fcl\u00f6nf\u00e9le m\u0171k\u00f6d\u00e9si ig\u00e9nyekhez igaz\u00edthat\u00f3k. Egyes modellek teleszk\u00f3pos kialak\u00edt\u00e1s\u00faak, ami nagyobb kiny\u00fal\u00e1st tesz lehet\u0151v\u00e9 a k\u00fcls\u0151 m\u00e9retek n\u00f6vel\u00e9se n\u00e9lk\u00fcl, \u00edgy ide\u00e1lisak a helysz\u0171k\u00e9ben l\u00e9v\u0151 alkalmaz\u00e1sokhoz.<\/li>\n<li><strong>Testreszabhat\u00f3 megold\u00e1sok:<\/strong> Gy\u00e1rt\u00e1si kapacit\u00e1sunk lehet\u0151v\u00e9 teszi sz\u00e1munkra, hogy olyan hengereket gy\u00e1rtsunk, amelyek t\u00f6k\u00e9letesen helyettes\u00edtik a megl\u00e9v\u0151 hidraulikus hengereket, biztos\u00edtva a z\u00f6kken\u0151mentes integr\u00e1ci\u00f3t a g\u00e9peibe.<\/li>\n<\/ul>\n<p><img decoding=\"async\" src=\"https:\/\/www.hydraulic-cylinders.net\/wp-content\/uploads\/2025\/04\/songte-cylinder-head-with-all-kinds-excavator-models.webp\" alt=\"Hidraulikus henger t\u00edpusok\"><\/p>\n<h2>A g\u00e9mhengerek alkalmaz\u00e1sai<\/h2>\n<h3>\u00c9p\u00edt\u0151ipari berendez\u00e9sek<\/h3>\n<p>A kotr\u00f3g\u00e9pekben a g\u00e9mhengerek kulcsfontoss\u00e1g\u00faak az \u00e1s\u00e1shoz, a talaj vagy t\u00f6rmel\u00e9k rakod\u00e1s\u00e1hoz \u00e9s mozgat\u00e1s\u00e1hoz. Robusztus kialak\u00edt\u00e1suk lehet\u0151v\u00e9 teszi a neh\u00e9z emel\u00e9st, biztos\u00edtva a sz\u00fcks\u00e9ges er\u0151t az \u00e9p\u00edt\u00e9si feladatok hat\u00e9kony kezel\u00e9s\u00e9hez. A kotr\u00f3g\u00e9pekben a g\u00e9mhenger mind a f\u00f6ldmunk\u00e1ban, mind az emel\u00e9sben seg\u00edt, n\u00f6velve a sokoldal\u00fas\u00e1got a munkater\u00fcleten.<\/p>\n<h3>Mez\u0151gazdas\u00e1gi g\u00e9pek<\/h3>\n<p>A homlokrakod\u00f3kban a g\u00e9mhengerek kulcsfontoss\u00e1g\u00faak a f\u00f6ld, sz\u00e9na \u00e9s egy\u00e9b anyagok \u00e1s\u00e1s\u00e1hoz, emel\u00e9s\u00e9hez \u00e9s sz\u00e1ll\u00edt\u00e1s\u00e1hoz, \u00edgy n\u00e9lk\u00fcl\u00f6zhetetlenek a mez\u0151gazdas\u00e1gi m\u0171veletekben. Ezek a hengerek biztos\u00edtj\u00e1k, hogy a mez\u0151gazdas\u00e1gi feladatokat gyorsan \u00e9s hat\u00e9konyan lehessen elv\u00e9gezni, jav\u00edtva az \u00e1ltal\u00e1nos termel\u00e9kenys\u00e9get.<\/p>\n<h3>Kotr\u00f3g\u00e9pek<\/h3>\n<p>A kotr\u00f3g\u00e9pek g\u00e9mhengere megk\u00f6nny\u00edti az \u00e1s\u00e1st az\u00e1ltal, hogy lehet\u0151v\u00e9 teszi a kan\u00e1l k\u00f6nnyed talajba hatol\u00e1s\u00e1t. Ez a k\u00e9pess\u00e9g elengedhetetlen a k\u00fcl\u00f6nf\u00e9le f\u00f6ldmunk\u00e1kn\u00e1l, biztos\u00edtva, hogy a kezel\u0151k el\u00e9rhess\u00e9k a k\u00edv\u00e1nt m\u00e9lys\u00e9get, \u00e9s sz\u00fcks\u00e9g szerint elv\u00e9gezhess\u00e9k a be\u00e1ll\u00edt\u00e1sokat.<\/p>\n<h3>Rakod\u00f3k<\/h3>\n<p>A homlokrakod\u00f3kban a g\u00e9mhengerek jelent\u0151s szerepet j\u00e1tszanak az anyagok hat\u00e9kony emel\u00e9s\u00e9ben \u00e9s \u00fcr\u00edt\u00e9s\u00e9ben. Megb\u00edzhat\u00f3 teljes\u00edtm\u00e9ny\u00fck lehet\u0151v\u00e9 teszi a kezel\u0151k sz\u00e1m\u00e1ra, hogy prec\u00edzen kezelj\u00e9k a rakom\u00e1nyokat, biztos\u00edtva, hogy a k\u00fcl\u00f6nb\u00f6z\u0151 anyagok minim\u00e1lis er\u0151fesz\u00edt\u00e9ssel \u00e9s maxim\u00e1lis hat\u00e9konys\u00e1ggal mozogjanak.<\/p>\n<h2>Tervez\u00e9si szempontok \u00e9s kiv\u00e1laszt\u00e1si krit\u00e9riumok<\/h2>\n<h3>Teherb\u00edr\u00e1s<\/h3>\n<p>A g\u00e9mhenger kiv\u00e1laszt\u00e1sakor kulcsfontoss\u00e1g\u00fa a teherb\u00edr\u00e1s figyelembev\u00e9tele, hogy az a teljes\u00edtm\u00e9ny vagy a biztons\u00e1g fel\u00e1ldoz\u00e1sa n\u00e9lk\u00fcl elb\u00edrja a v\u00e1rhat\u00f3 s\u00falyt. A hengernek el\u00e9g robusztusnak kell lennie ahhoz, hogy elb\u00edrja a m\u0171k\u00f6d\u00e9s sor\u00e1n felmer\u00fcl\u0151 legnagyobb terhel\u00e9seket, ami gondos tervez\u00e9st \u00e9s anyagv\u00e1laszt\u00e1st ig\u00e9nyel.<\/p>\n<h3>T\u00f6m\u00edt\u00e9s<\/h3>\n<p>A hat\u00e9kony t\u00f6m\u00edt\u00e9s l\u00e9tfontoss\u00e1g\u00fa a hidraulikafolyad\u00e9k sziv\u00e1rg\u00e1s\u00e1nak megakad\u00e1lyoz\u00e1s\u00e1hoz \u00e9s a rendszerben l\u00e9v\u0151 nyom\u00e1s fenntart\u00e1s\u00e1hoz. A tart\u00f3s anyagokb\u00f3l, p\u00e9ld\u00e1ul poliuret\u00e1nb\u00f3l \u00e9s nitrilgumib\u00f3l k\u00e9sz\u00fclt, kiv\u00e1l\u00f3 min\u0151s\u00e9g\u0171 t\u00f6m\u00edt\u00e9sek, p\u00e9ld\u00e1ul dugatty\u00fat\u00f6m\u00edt\u00e9sek \u00e9s r\u00fadt\u00f6m\u00edt\u00e9sek elengedhetetlenek a hossz\u00fa \u00e9lettartam \u00e9s a megb\u00edzhat\u00f3 m\u0171k\u00f6d\u00e9s biztos\u00edt\u00e1s\u00e1hoz. A megfelel\u0151 t\u00f6m\u00edt\u00e9si technol\u00f3gia minimaliz\u00e1lja a karbantart\u00e1si ig\u00e9nyeket \u00e9s n\u00f6veli az \u00e1ltal\u00e1nos hat\u00e9konys\u00e1got.<\/p>\n<h3>Tart\u00f3ss\u00e1g \u00e9s biztons\u00e1g<\/h3>\n<p>A tart\u00f3ss\u00e1gra val\u00f3 tervez\u00e9s mag\u00e1ban foglalja olyan anyagok kiv\u00e1laszt\u00e1s\u00e1t, amelyek ellen\u00e1llnak a zord k\u00f6r\u00fclm\u00e9nyeknek \u00e9s a kop\u00e1snak. A tervez\u00e9sbe biztons\u00e1gi funkci\u00f3kat is be kell \u00e9p\u00edteni a kezel\u0151k \u00e9s a g\u00e9pek v\u00e9delme \u00e9rdek\u00e9ben. Ide tartoznak a biztons\u00e1gi z\u00e1rak, amelyek meghib\u00e1sod\u00e1s eset\u00e9n megakad\u00e1lyozz\u00e1k a baleseteket, biztos\u00edtva a biztons\u00e1gos m\u0171k\u00f6d\u00e9st.<\/p>\n<h3>Karbantart\u00e1s \u00e9s jav\u00edthat\u00f3s\u00e1g<\/h3>\n<p>A g\u00e9mhenger tervez\u00e9s\u00e9nek a k\u00f6nny\u0171 karbantart\u00e1st \u00e9s jav\u00edthat\u00f3s\u00e1got kell el\u0151t\u00e9rbe helyeznie. Ez biztos\u00edtja, hogy a rendszeres ellen\u0151rz\u00e9sek \u00e9s szervizel\u00e9sek hat\u00e9konyan elv\u00e9gezhet\u0151k legyenek, cs\u00f6kkentve az \u00e1ll\u00e1sid\u0151t \u00e9s meghosszabb\u00edtva a henger \u00e9lettartam\u00e1t. A kulcsfontoss\u00e1g\u00fa alkatr\u00e9szekhez val\u00f3 k\u00f6nny\u0171 hozz\u00e1f\u00e9r\u00e9s leegyszer\u0171s\u00edti a karbantart\u00e1si folyamatot, \u00edgy hossz\u00fa t\u00e1von k\u00f6lts\u00e9ghat\u00e9konyabb\u00e1 teszi azt.<\/p>\n<p><img decoding=\"async\" src=\"https:\/\/www.hydraulic-cylinders.net\/wp-content\/uploads\/2025\/04\/songte-oil-pipes-and-spare-parts.webp\" alt=\"Hidraulikus henger alkatr\u00e9szek\"><\/p>\n<h2>T\u00f6m\u00edt\u00e9s \u00e9s ken\u00e9s<\/h2>\n<p>A g\u00e9mhenger t\u00f6m\u00edt\u0151- \u00e9s ken\u0151rendszere kiemelked\u0151en fontos a m\u0171k\u00f6d\u00e9si hat\u00e9konys\u00e1g \u00e9s a hossz\u00fa \u00e9lettartam szempontj\u00e1b\u00f3l. K\u00fcl\u00f6nb\u00f6z\u0151 t\u00f6m\u00edt\u0151elemeket, p\u00e9ld\u00e1ul dugatty\u00fat\u00f6m\u00edt\u00e9seket \u00e9s r\u00fadt\u00f6m\u00edt\u00e9seket haszn\u00e1lnak, amelyek kop\u00e1s\u00e1ll\u00f3 anyagokb\u00f3l, p\u00e9ld\u00e1ul poliuret\u00e1nb\u00f3l \u00e9s nitrilgumib\u00f3l k\u00e9sz\u00fclnek. A hengertest \u00e9s a menetes v\u00e9gek finom megmunk\u00e1l\u00e1son esnek \u00e1t a tart\u00f3ss\u00e1g n\u00f6vel\u00e9se \u00e9s a kop\u00e1s cs\u00f6kkent\u00e9se \u00e9rdek\u00e9ben. A megfelel\u0151 hidraulikaolajjal t\u00f6rt\u00e9n\u0151 rendszeres ken\u00e9s sz\u00fcks\u00e9ges a z\u00f6kken\u0151mentes m\u0171k\u00f6d\u00e9s fenntart\u00e1s\u00e1hoz \u00e9s a s\u00farl\u00f3d\u00e1s miatti k\u00e1rosod\u00e1sok megel\u0151z\u00e9s\u00e9hez.<\/p>\n<h2>Rendszeres karbantart\u00e1s \u00e9s megel\u0151z\u0151 int\u00e9zked\u00e9sek<\/h2>\n<ul>\n<li><strong>Rendszeres ellen\u0151rz\u00e9sek:<\/strong> A kop\u00e1s \u00e9s a lehets\u00e9ges probl\u00e9m\u00e1k korai azonos\u00edt\u00e1s\u00e1ra szolg\u00e1l\u00f3 rendszeres ellen\u0151rz\u00e9sek elv\u00e9gz\u00e9se megel\u0151zheti a k\u00f6lts\u00e9ges jav\u00edt\u00e1sokat \u00e9s az \u00e1ll\u00e1sid\u0151ket.<\/li>\n<li><strong>Megfelel\u0151 ken\u00e9s:<\/strong> A henger megfelel\u0151 hidraulikaolajjal val\u00f3 ken\u00e9se kulcsfontoss\u00e1g\u00fa a kop\u00e1s megel\u0151z\u00e9se \u00e9s az optim\u00e1lis teljes\u00edtm\u00e9ny fenntart\u00e1sa \u00e9rdek\u00e9ben.<\/li>\n<li><strong>T\u00f6m\u00edt\u00e9scsere:<\/strong> A t\u00f6m\u00edt\u00e9sek kop\u00e1s\u00e1nak rendszeres ellen\u0151rz\u00e9se \u00e9s sz\u00fcks\u00e9g szerinti cser\u00e9je elengedhetetlen a sziv\u00e1rg\u00e1sok megel\u0151z\u00e9se \u00e9s a rendszernyom\u00e1s fenntart\u00e1sa \u00e9rdek\u00e9ben.<\/li>\n<\/ul>\n<h2>Telep\u00edt\u00e9si \u00fatmutat\u00f3<\/h2>\n<p>A g\u00e9mhenger felszerel\u00e9sekor elengedhetetlen a megfelel\u0151 illeszked\u00e9s a kotr\u00f3g\u00e9p r\u00f6gz\u00edt\u00e9si pontjaihoz. A megfelel\u0151 r\u00f6gz\u00edt\u0151konzolok haszn\u00e1lata seg\u00edthet a henger r\u00f6gz\u00edt\u00e9s\u00e9ben, minimaliz\u00e1lva az alkatr\u00e9szekre nehezed\u0151 terhel\u00e9st. A m\u0171k\u00f6d\u00e9s megb\u00edzhat\u00f3s\u00e1g\u00e1nak \u00e9s biztons\u00e1goss\u00e1g\u00e1nak biztos\u00edt\u00e1sa \u00e9rdek\u00e9ben elengedhetetlen a gy\u00e1rt\u00f3 el\u0151\u00edr\u00e1sainak betart\u00e1sa a nyomat\u00e9kbe\u00e1ll\u00edt\u00e1sok \u00e9s a telep\u00edt\u00e9si elj\u00e1r\u00e1sok tekintet\u00e9ben. A telep\u00edt\u00e9s ut\u00e1n aj\u00e1nlott alapos ellen\u0151rz\u00e9st v\u00e9gezni \u00e9s terhel\u00e9s alatt tesztelni a hengert a megfelel\u0151 m\u0171k\u00f6d\u00e9s meger\u0151s\u00edt\u00e9se \u00e9rdek\u00e9ben.<\/p>\n<h2>Gyakori karbantart\u00e1si feladatok<\/h2>\n<ul>\n<li><strong>Rendszeres ellen\u0151rz\u00e9sek:<\/strong> A palack integrit\u00e1s\u00e1nak meg\u0151rz\u00e9se \u00e9rdek\u00e9ben elengedhetetlen a kop\u00e1s vagy s\u00e9r\u00fcl\u00e9s jeleinek rendszeres ellen\u0151rz\u00e9se. Ez mag\u00e1ban foglalja a sziv\u00e1rg\u00e1sok, reped\u00e9sek vagy a szokatlan ig\u00e9nybev\u00e9tel jeleinek vizu\u00e1lis ellen\u0151rz\u00e9s\u00e9t.<\/li>\n<li><strong>Megfelel\u0151 ken\u00e9s:<\/strong> A henger rendszeres ken\u00e9se a megfelel\u0151 hidraulikaolajjal seg\u00edt biztos\u00edtani a z\u00f6kken\u0151mentes m\u0171k\u00f6d\u00e9st \u00e9s cs\u00f6kkenti a s\u00farl\u00f3d\u00e1st, ami v\u00e9gs\u0151 soron meghosszabb\u00edtja a henger \u00e9lettartam\u00e1t.<\/li>\n<li><strong>T\u00f6m\u00edt\u00e9scsere \u00e9s kalibr\u00e1l\u00e1s ellen\u0151rz\u00e9se:<\/strong> A t\u00f6m\u00edt\u00e9sek rendszeres cser\u00e9je \u00e9s a henger kalibr\u00e1l\u00e1sa biztos\u00edtja, hogy a sz\u00fcks\u00e9ges param\u00e9tereken bel\u00fcl m\u0171k\u00f6dj\u00f6n, fenntartva a hat\u00e9konys\u00e1got \u00e9s a teljes\u00edtm\u00e9nyt.<\/li>\n<\/ul>\n<p><img decoding=\"async\" src=\"https:\/\/www.hydraulic-cylinders.net\/wp-content\/uploads\/2025\/04\/songte-chushion-collar.webp\" alt=\"Hidraulikus henger karbantart\u00e1sa\"><\/p>\n<h2>Biztons\u00e1gi szempontok \u00e9s k\u00f6rnyezeti t\u00e9nyez\u0151k<\/h2>\n<p>G\u00e9mhengerek haszn\u00e1latakor a biztons\u00e1gi int\u00e9zked\u00e9sek kiemelked\u0151 fontoss\u00e1g\u00faak a kezel\u0151k \u00e9s a berendez\u00e9sek v\u00e9delme \u00e9rdek\u00e9ben. A biztons\u00e1gi protokollok v\u00e9grehajt\u00e1sa \u00fczemeltet\u00e9s k\u00f6zben, mint p\u00e9ld\u00e1ul a megfelel\u0151 k\u00e9pz\u00e9s \u00e9s az ir\u00e1nyelvek betart\u00e1sa, cs\u00f6kkenti a balesetek kock\u00e1zat\u00e1t. Ezenk\u00edv\u00fcl a k\u00f6rnyezeti t\u00e9nyez\u0151k, p\u00e9ld\u00e1ul a h\u0151m\u00e9rs\u00e9klet \u00e9s a p\u00e1ratartalom figyelembev\u00e9tele a henger anyagainak \u00e9s alkatr\u00e9szeinek kiv\u00e1laszt\u00e1sakor jav\u00edthatja a teljes\u00edtm\u00e9nyt \u00e9s a tart\u00f3ss\u00e1got.<\/p>\n<h2>Hibaelh\u00e1r\u00edt\u00e1s \u00e9s gyakori probl\u00e9m\u00e1k<\/h2>\n<h3>Gyakori probl\u00e9m\u00e1k<\/h3>\n<ul>\n<li><strong>Sziv\u00e1rg\u00e1s:<\/strong> A hidraulikus hengerek egyik leggyakoribb probl\u00e9m\u00e1ja a sziv\u00e1rg\u00e1s, amelyet a kopott t\u00f6m\u00edt\u00e9sek okozhatnak. A folyad\u00e9kvesztes\u00e9g megel\u0151z\u00e9se \u00e9rdek\u00e9ben rendszeres ellen\u0151rz\u00e9sekre \u00e9s azonnali jav\u00edt\u00e1sokra van sz\u00fcks\u00e9g.<\/li>\n<li><strong>Lass\u00fa m\u0171k\u00f6d\u00e9s:<\/strong> Ha a henger lassan m\u0171k\u00f6dik, az alacsony hidraulikafolyad\u00e9k-szintre vagy meghib\u00e1sodott szivatty\u00fara utalhat. A folyad\u00e9kszintek \u00e9s a szivatty\u00fa teljes\u00edtm\u00e9ny\u00e9nek ellen\u0151rz\u00e9se seg\u00edthet a probl\u00e9ma megold\u00e1s\u00e1ban.<\/li>\n<li><strong>Szokatlan zajok:<\/strong> A m\u0171k\u00f6d\u00e9s k\u00f6zbeni szokatlan hangok bels\u0151 alkatr\u00e9szek kop\u00e1s\u00e1ra vagy s\u00e9r\u00fcl\u00e9s\u00e9re utalhatnak. A tov\u00e1bbi k\u00e1rok megel\u0151z\u00e9se \u00e9rdek\u00e9ben elengedhetetlen a miel\u0151bbi kivizsg\u00e1l\u00e1s.<\/li>\n<\/ul>\n<p>A probl\u00e9m\u00e1k megold\u00e1s\u00e1ra vonatkoz\u00f3 hibaelh\u00e1r\u00edt\u00e1si tippek seg\u00edthetnek a kezel\u0151knek a hat\u00e9kony diagnosztiz\u00e1l\u00e1sban \u00e9s kezel\u00e9sben. A megel\u0151z\u0151 int\u00e9zked\u00e9sek, p\u00e9ld\u00e1ul a rendszeres karbantart\u00e1s \u00e9s ellen\u0151rz\u00e9sek bevezet\u00e9se jelent\u0151sen cs\u00f6kkentheti ezen probl\u00e9m\u00e1k el\u0151fordul\u00e1s\u00e1nak val\u00f3sz\u00edn\u0171s\u00e9g\u00e9t.<\/p>\n<p><img decoding=\"async\" src=\"https:\/\/www.hydraulic-cylinders.net\/wp-content\/uploads\/2025\/04\/songte-bushings-with-all-kinds-of-excavator-models.webp\" alt=\"Kotr\u00f3g\u00e9p alkatr\u00e9szek\"><\/p>\n<h2>C\u00e9ginform\u00e1ci\u00f3<\/h2>\n<p>Vezet\u0151 gy\u00e1rt\u00f3i vagyunk a hidraulikus munkahengerek cser\u00e9j\u00e9nek, \u00e9s \u00e1tfog\u00f3 term\u00e9kv\u00e1laszt\u00e9kot k\u00edn\u00e1lunk a v\u00e1ltozatos piaci ig\u00e9nyek kiel\u00e9g\u00edt\u00e9s\u00e9re. C\u00e9g\u00fcnk b\u00fcszke a kiv\u00e1l\u00f3 min\u0151s\u00e9gre, amelyet a prec\u00edzi\u00f3s gy\u00e1rt\u00e1st hangs\u00falyoz\u00f3 ipari termel\u00e9sir\u00e1ny\u00edt\u00e1si strat\u00e9gia t\u00e1mogat. A m\u0171szaki tehets\u00e9gre, a fejlett digit\u00e1lis gy\u00e1rt\u00f3berendez\u00e9sekre \u00e9s a robusztus tesztrendszerre \u00f6sszpontos\u00edtva folyamatosan fejlesztj\u00fck gy\u00e1rt\u00e1si k\u00e9pess\u00e9geinket. A nagy hat\u00e9konys\u00e1g, a pontoss\u00e1g \u00e9s a min\u0151s\u00e9g ir\u00e1nti elk\u00f6telezetts\u00e9g\u00fcnk lehet\u0151v\u00e9 teszi sz\u00e1munkra, hogy hat\u00e9konyan megfelelj\u00fcnk a v\u00e1ltozatos \u00fcgyf\u00e9lig\u00e9nyeknek.<\/p>\n<p><img decoding=\"async\" src=\"https:\/\/www.hydraulic-cylinders.net\/wp-content\/uploads\/2025\/04\/songte-company-4.webp\" alt=\"C\u00e9ginform\u00e1ci\u00f3\"><br \/>\n<img decoding=\"async\" src=\"https:\/\/www.hydraulic-cylinders.net\/wp-content\/uploads\/2025\/04\/songte-company-3.webp\" alt=\"C\u00e9ges l\u00e9tes\u00edtm\u00e9nyek\"><\/p>\n<p>C\u00e9g\u00fcnk a professzionalizmus ter\u00e9n jeleskedik, nemzetk\u00f6zileg tan\u00fas\u00edtott term\u00e9keket, testreszabott szolg\u00e1ltat\u00e1sokat, korszer\u0171 gy\u00e1rt\u00f3berendez\u00e9seket \u00e9s kiemelked\u0151 \u00e9rt\u00e9kes\u00edt\u00e9s ut\u00e1ni t\u00e1mogat\u00e1st k\u00edn\u00e1l. A folyamatos fejleszt\u00e9s ir\u00e1nti elk\u00f6telezetts\u00e9ggel arra t\u00f6reksz\u00fcnk, hogy meg\u0151rizz\u00fck vezet\u0151 sz\u00e1ll\u00edt\u00f3i poz\u00edci\u00f3nkat a hidraulikus hengerek ipar\u00e1g\u00e1ban.<\/p>\n<p>Szerz\u0151: lyl<\/p>","protected":false},"excerpt":{"rendered":"<p>Boom Cylinder For Liebherr Middle Excavator R924 Introduction to Boom Cylinders The boom cylinder, specifically designed for the Liebherr Middle Excavator R924, is an essential hydraulic component that plays a crucial role in the operation of heavy machinery. It is engineered to control the movement of the boom, allowing it to lift, lower, and tilt [&hellip;]<\/p>","protected":false},"featured_media":17869,"comment_status":"open","ping_status":"closed","template":"","meta":{"_et_pb_use_builder":"","_et_pb_old_content":"","_et_gb_content_width":""},"product_brand":[],"product_cat":[1546],"product_tag":[1547,1496],"class_list":{"0":"post-19349","1":"product","2":"type-product","3":"status-publish","4":"has-post-thumbnail","6":"product_cat-boom-cylinders","7":"product_tag-boom-cylinders","8":"product_tag-hydraulic-cylinders","10":"first","11":"instock","12":"shipping-taxable","13":"product-type-simple"},"amp_enabled":true,"_links":{"self":[{"href":"https:\/\/www.hydraulic-cylinders.net\/hu\/wp-json\/wp\/v2\/product\/19349","targetHints":{"allow":["GET"]}}],"collection":[{"href":"https:\/\/www.hydraulic-cylinders.net\/hu\/wp-json\/wp\/v2\/product"}],"about":[{"href":"https:\/\/www.hydraulic-cylinders.net\/hu\/wp-json\/wp\/v2\/types\/product"}],"replies":[{"embeddable":true,"href":"https:\/\/www.hydraulic-cylinders.net\/hu\/wp-json\/wp\/v2\/comments?post=19349"}],"wp:featuredmedia":[{"embeddable":true,"href":"https:\/\/www.hydraulic-cylinders.net\/hu\/wp-json\/wp\/v2\/media\/17869"}],"wp:attachment":[{"href":"https:\/\/www.hydraulic-cylinders.net\/hu\/wp-json\/wp\/v2\/media?parent=19349"}],"wp:term":[{"taxonomy":"product_brand","embeddable":true,"href":"https:\/\/www.hydraulic-cylinders.net\/hu\/wp-json\/wp\/v2\/product_brand?post=19349"},{"taxonomy":"product_cat","embeddable":true,"href":"https:\/\/www.hydraulic-cylinders.net\/hu\/wp-json\/wp\/v2\/product_cat?post=19349"},{"taxonomy":"product_tag","embeddable":true,"href":"https:\/\/www.hydraulic-cylinders.net\/hu\/wp-json\/wp\/v2\/product_tag?post=19349"}],"curies":[{"name":"munkaf\u00fczet","href":"https:\/\/api.w.org\/{rel}","templated":true}]}}