{"id":19399,"date":"2025-04-07T06:32:25","date_gmt":"2025-04-07T06:32:25","guid":{"rendered":"https:\/\/www.hydraulic-cylinders.net\/product\/boom-cylinder-for-ihi-small-excavator-ihi18v\/"},"modified":"2025-04-07T06:32:28","modified_gmt":"2025-04-07T06:32:28","slug":"boom-cylinder-for-ihi-small-excavator-ihi18v","status":"publish","type":"product","link":"https:\/\/www.hydraulic-cylinders.net\/hu\/termek\/boom-cylinder-for-ihi-small-excavator-ihi18v\/","title":{"rendered":"G\u00e9mhenger IHI kis kotr\u00f3g\u00e9phez IHI18V"},"content":{"rendered":"<h1>G\u00e9mhenger IHI kis kotr\u00f3g\u00e9phez IHI18V<\/h1>\n<h2>Bevezet\u00e9s a g\u00e9mhengerekbe<\/h2>\n<p>A g\u00e9mhenger kulcsfontoss\u00e1g\u00fa eleme a k\u00fcl\u00f6nf\u00e9le neh\u00e9zg\u00e9pek, k\u00fcl\u00f6n\u00f6sen a kotr\u00f3g\u00e9pek, kotr\u00f3rakod\u00f3k \u00e9s homlokrakod\u00f3k hidraulikus rendszereinek. Ez a t\u00edpus\u00fa hidraulikus henger kifejezetten a kan\u00e1l mozg\u00e1s\u00e1nak vez\u00e9rl\u00e9s\u00e9re szolg\u00e1l, lehet\u0151v\u00e9 t\u00e9ve annak emel\u00e9s\u00e9t, s\u00fcllyeszt\u00e9s\u00e9t \u00e9s billent\u00e9s\u00e9t, ez\u00e1ltal megk\u00f6nny\u00edtve az anyagmozgat\u00e1si feladatokat. A hidraulikus rendszerekben a g\u00e9mhengerek gener\u00e1lj\u00e1k a sz\u00fcks\u00e9ges er\u0151t ezeknek a mozg\u00e1soknak a v\u00e9grehajt\u00e1s\u00e1hoz, \u00e9s l\u00e9tfontoss\u00e1g\u00fa szerepet j\u00e1tszanak az \u00e9p\u00edt\u0151ipari berendez\u00e9sek funkcionalit\u00e1s\u00e1nak \u00e9s teljes\u00edtm\u00e9ny\u00e9nek jav\u00edt\u00e1s\u00e1ban.<\/p>\n<p><img decoding=\"async\" src=\"https:\/\/www.hydraulic-cylinders.net\/wp-content\/uploads\/2025\/04\/songte-company-1.webp\" alt=\"G\u00e9mhenger k\u00e9pe\"><\/p>\n<h2>A g\u00e9mhenger jellemz\u0151i<\/h2>\n<h3>Nagy szil\u00e1rds\u00e1g \u00e9s tart\u00f3ss\u00e1g<\/h3>\n<ul>\n<li>\u00c1ltal\u00e1ban nagy szil\u00e1rds\u00e1g\u00fa ac\u00e9lb\u00f3l vagy alum\u00edniumb\u00f3l k\u00e9sz\u00fcl, ami biztos\u00edtja a nagy nyom\u00e1s \u00e9s nagy terhel\u00e9s elvisel\u00e9s\u00e9t.<\/li>\n<li>\u00dagy tervezt\u00e9k, hogy ellen\u00e1lljon a zord munkak\u00f6rnyezetnek, figyelembe v\u00e9ve a kop\u00e1s\u00e1ll\u00f3s\u00e1got \u00e9s a korr\u00f3zi\u00f3v\u00e9delmet a term\u00e9k \u00e9lettartam\u00e1nak meghosszabb\u00edt\u00e1sa \u00e9rdek\u00e9ben.<\/li>\n<\/ul>\n<h3>Hat\u00e9kony hidraulikus m\u0171k\u00f6dtet\u00e9s<\/h3>\n<ul>\n<li>A hidraulikaolaj nyom\u00e1s\u00e1t haszn\u00e1lja a sima kiny\u00fajt\u00e1shoz \u00e9s visszah\u00faz\u00e1shoz.<\/li>\n<li>Gyorsan reag\u00e1l a vez\u00e9rl\u0151parancsokra, er\u0151teljes tol\u00f3- \u00e9s h\u00faz\u00f3er\u0151t biztos\u00edtva a neh\u00e9z t\u00e1rgyak \u00e9s az \u00f6sszetett feladatok kezel\u00e9s\u00e9hez.<\/li>\n<\/ul>\n<h3>K\u00fcl\u00f6nb\u00f6z\u0151 t\u00edpusok<\/h3>\n<ul>\n<li>Ig\u00e9ny szerint v\u00e1laszthat\u00f3, bele\u00e9rtve az egyszeres m\u0171k\u00f6d\u00e9s\u0171 (egy ir\u00e1nyban haszn\u00e1lt hidraulikus) vagy kett\u0151s m\u0171k\u00f6d\u00e9s\u0171 (mindk\u00e9t ir\u00e1nyban haszn\u00e1lt hidraulikus) hengereket.<\/li>\n<li>Egyes modellek teleszk\u00f3pos kialak\u00edt\u00e1s\u00faak, amelyek nagyobb kih\u00faz\u00e1st tesznek lehet\u0151v\u00e9 a k\u00fcls\u0151 m\u00e9retek n\u00f6vel\u00e9se n\u00e9lk\u00fcl, \u00edgy alkalmasak sz\u0171k helyekre.<\/li>\n<\/ul>\n<h3>Gy\u00e1rt\u00e1si k\u00e9pess\u00e9gek<\/h3>\n<p>C\u00e9g\u00fcnk ennek a term\u00e9knek a gy\u00e1rt\u00e1s\u00e1ra specializ\u00e1l\u00f3dott, biztos\u00edtva, hogy g\u00e9mhengereink t\u00f6k\u00e9letesen helyettes\u00edts\u00e9k a megl\u00e9v\u0151 hidraulikus hengereket k\u00fcl\u00f6nf\u00e9le alkalmaz\u00e1sokban.<\/p>\n<p><img decoding=\"async\" src=\"https:\/\/www.hydraulic-cylinders.net\/wp-content\/uploads\/2025\/04\/songte-cylinder-head-with-all-kinds-excavator-models.webp\" alt=\"Kotr\u00f3g\u00e9p modellek k\u00e9pe\"><\/p>\n<h2>A g\u00e9mhengerek alkalmaz\u00e1sai<\/h2>\n<h3>\u00c9p\u00edt\u0151ipari berendez\u00e9sek<\/h3>\n<p>A kotr\u00f3g\u00e9pekben a g\u00e9mhengerek kritikus fontoss\u00e1g\u00faak az \u00e1s\u00e1shoz, rakod\u00e1shoz \u00e9s a f\u00f6ld vagy t\u00f6rmel\u00e9k mozgat\u00e1s\u00e1hoz. Ezek biztos\u00edtj\u00e1k a sz\u00fcks\u00e9ges er\u0151t a kan\u00e1l felemel\u00e9s\u00e9hez, \u00e9s lehet\u0151v\u00e9 teszik a prec\u00edz mozg\u00e1st, ami elengedhetetlen a hat\u00e9kony m\u0171k\u00f6d\u00e9shez. A kotr\u00f3g\u00e9p-rakod\u00f3kban a g\u00e9mhenger nemcsak az \u00e1s\u00e1sban seg\u00edt, hanem kulcsszerepet j\u00e1tszik az anyagok emel\u00e9s\u00e9ben is. Sokoldal\u00fa alkalmaz\u00e1si lehet\u0151s\u00e9gei n\u00e9lk\u00fcl\u00f6zhetetlenn\u00e9 teszik az \u00e9p\u00edtkez\u00e9seken.<\/p>\n<h3>Mez\u0151gazdas\u00e1gi g\u00e9pek<\/h3>\n<p>A homlokrakod\u00f3kban a g\u00e9mhengerek lehet\u0151v\u00e9 teszik a talaj, sz\u00e9na \u00e9s egy\u00e9b anyagok kal\u00e1szol\u00e1s\u00e1t, emel\u00e9s\u00e9t \u00e9s sz\u00e1ll\u00edt\u00e1s\u00e1t. A mez\u0151gazdas\u00e1gi feladatokban val\u00f3 t\u00f6bbfunkci\u00f3s k\u00e9pess\u00e9g\u00fck seg\u00edt n\u00f6velni a mez\u0151gazdas\u00e1gi m\u0171veletek termel\u00e9kenys\u00e9g\u00e9t \u00e9s hat\u00e9konys\u00e1g\u00e1t.<\/p>\n<h3>Kotr\u00f3g\u00e9pek<\/h3>\n<p>A kotr\u00f3g\u00e9pekben a g\u00e9mhengerek ism\u00e9t megk\u00f6nny\u00edtik az \u00e1s\u00e1si m\u0171veletet az\u00e1ltal, hogy lehet\u0151v\u00e9 teszik a kan\u00e1l hat\u00e9kony talajba hatol\u00e1s\u00e1t. Ez a k\u00e9pess\u00e9g l\u00e9tfontoss\u00e1g\u00fa a kotr\u00f3g\u00e9p teljes\u00edtm\u00e9ny\u00e9nek maximaliz\u00e1l\u00e1sa \u00e9s az optim\u00e1lis \u00e1s\u00e1si eredm\u00e9nyek el\u00e9r\u00e9se \u00e9rdek\u00e9ben.<\/p>\n<h3>Rakod\u00f3k<\/h3>\n<p>A homlokrakod\u00f3kn\u00e1l a g\u00e9mhengerek hat\u00e9konyan seg\u00edtik a rakom\u00e1nyok emel\u00e9s\u00e9t \u00e9s \u00fcr\u00edt\u00e9s\u00e9t. Ez a funkci\u00f3 elengedhetetlen a hat\u00e9kony anyagmozgat\u00e1shoz, \u00e9s jelent\u0151sen hozz\u00e1j\u00e1rul az \u00e9p\u00edt\u00e9si \u00e9s tereprendez\u00e9si projektek munkafolyamat\u00e1hoz.<\/p>\n<h2>Tervez\u00e9si szempontok \u00e9s kiv\u00e1laszt\u00e1si krit\u00e9riumok<\/h2>\n<h3>Teherb\u00edr\u00e1s<\/h3>\n<p>A g\u00e9mhenger kiv\u00e1laszt\u00e1sakor a teherb\u00edr\u00e1s az els\u0151dleges szempont. Ez azt a maxim\u00e1lis s\u00falyt jelenti, amelyet a henger biztons\u00e1gosan fel tud emelni. A megfelel\u0151 teherb\u00edr\u00e1s kiv\u00e1laszt\u00e1sa biztos\u00edtja, hogy a berendez\u00e9s hat\u00e9konyan \u00e9s biztons\u00e1gosan m\u0171k\u00f6dj\u00f6n k\u00fcl\u00f6nb\u00f6z\u0151 munkak\u00f6r\u00fclm\u00e9nyek k\u00f6z\u00f6tt.<\/p>\n<h3>T\u00f6m\u00edt\u0151rendszer<\/h3>\n<p>A t\u00f6m\u00edt\u0151rendszer egy m\u00e1sik kritikus szempont, mivel megakad\u00e1lyozza a hidraulikafolyad\u00e9k sziv\u00e1rg\u00e1s\u00e1t, biztos\u00edtva az optim\u00e1lis teljes\u00edtm\u00e9nyt \u00e9s hat\u00e9konys\u00e1got. A robusztus t\u00f6m\u00edt\u0151rendszer hozz\u00e1j\u00e1rul a hidraulikus henger hossz\u00fa \u00e9lettartam\u00e1hoz \u00e9s minimaliz\u00e1lja a karbantart\u00e1si ig\u00e9nyeket.<\/p>\n<h3>Tart\u00f3ss\u00e1g<\/h3>\n<p>A tart\u00f3ss\u00e1g kulcsfontoss\u00e1g\u00fa a g\u00e9mhengerek eset\u00e9ben, k\u00fcl\u00f6n\u00f6sen zord munkak\u00f6rnyezetben. Az \u00e9p\u00edt\u00e9shez felhaszn\u00e1lt anyagoknak ellen\u00e1llniuk kell a kop\u00e1snak \u00e9s a korr\u00f3zi\u00f3nak, biztos\u00edtva a hossz\u00fa t\u00e1v\u00fa teljes\u00edtm\u00e9nyt \u00e9s cs\u00f6kkentve a cser\u00e9k gyakoris\u00e1g\u00e1t.<\/p>\n<h3>Biztons\u00e1gi funkci\u00f3k<\/h3>\n<p>A biztons\u00e1gi szempontok kiemelked\u0151 fontoss\u00e1g\u00faak a g\u00e9mhengerek tervez\u00e9sekor. Az olyan funkci\u00f3k, mint a nyom\u00e1scs\u00f6kkent\u0151 szelepek \u00e9s a biztons\u00e1gi z\u00e1rak, megel\u0151zhetik a baleseteket \u00e9s biztos\u00edthatj\u00e1k a biztons\u00e1gos m\u0171k\u00f6d\u00e9st haszn\u00e1lat k\u00f6zben, ami k\u00fcl\u00f6n\u00f6sen fontos a nagy t\u00e9ttel b\u00edr\u00f3 k\u00f6rnyezetekben, p\u00e9ld\u00e1ul az \u00e9p\u00edtkez\u00e9seken.<\/p>\n<h3>Karbantart\u00e1si \u00e9s jav\u00edt\u00e1si szempontok<\/h3>\n<p>A k\u00f6nny\u0171 karbantart\u00e1s \u00e9s jav\u00edt\u00e1s alapvet\u0151 tervez\u00e9si szempont. A felhaszn\u00e1l\u00f3bar\u00e1t kialak\u00edt\u00e1s lehet\u0151v\u00e9 teszi a gyors ellen\u0151rz\u00e9seket \u00e9s jav\u00edt\u00e1sokat, minimaliz\u00e1lja az \u00e1ll\u00e1sid\u0151t, \u00e9s biztos\u00edtja, hogy a g\u00e9pek folyamatosan m\u0171k\u00f6d\u0151k\u00e9pesek maradjanak.<\/p>\n<p><img decoding=\"async\" src=\"https:\/\/www.hydraulic-cylinders.net\/wp-content\/uploads\/2025\/04\/songte-oil-pipes-and-spare-parts.webp\" alt=\"Olajcs\u00f6vek \u00e9s alkatr\u00e9szek k\u00e9pe\"><\/p>\n<h2>T\u00f6m\u00edt\u00e9s \u00e9s ken\u00e9s<\/h2>\n<p>A g\u00e9mhenger hat\u00e9konys\u00e1ga nagym\u00e9rt\u00e9kben f\u00fcgg a t\u00f6m\u00edt\u0151- \u00e9s ken\u0151rendszereit\u0151l. K\u00fcl\u00f6nb\u00f6z\u0151 t\u00f6m\u00edt\u00e9seket, p\u00e9ld\u00e1ul dugatty\u00fat\u00f6m\u00edt\u00e9seket \u00e9s r\u00fadt\u00f6m\u00edt\u00e9seket haszn\u00e1lnak a hidraulikafolyad\u00e9k sziv\u00e1rg\u00e1s\u00e1nak megakad\u00e1lyoz\u00e1s\u00e1ra. A tart\u00f3s anyagokb\u00f3l, p\u00e9ld\u00e1ul poliuret\u00e1nb\u00f3l \u00e9s nitrilgumib\u00f3l k\u00e9sz\u00fclt t\u00f6m\u00edt\u00e9sek n\u00f6velik a henger \u00e9lettartam\u00e1t az\u00e1ltal, hogy ellen\u00e1llnak a kop\u00e1snak \u00e9s a szakad\u00e1snak.<\/p>\n<p>Ezenk\u00edv\u00fcl a hengertest \u00e9s a menetes v\u00e9gek finom megmunk\u00e1l\u00e1son esnek \u00e1t a kop\u00e1s\u00e1ll\u00f3s\u00e1g jav\u00edt\u00e1sa \u00e9rdek\u00e9ben. A rendszeres hidraulikaolajjal t\u00f6rt\u00e9n\u0151 ken\u00e9s elengedhetetlen a z\u00f6kken\u0151mentes m\u0171k\u00f6d\u00e9s fenntart\u00e1s\u00e1hoz \u00e9s a k\u00e1rosod\u00e1sok megel\u0151z\u00e9s\u00e9hez. Megfelel\u0151 karbantart\u00e1si rutinokat kell kialak\u00edtani annak biztos\u00edt\u00e1sa \u00e9rdek\u00e9ben, hogy a ken\u00e9s k\u00f6vetkezetes \u00e9s hat\u00e9kony legyen.<\/p>\n<h2>Rendszeres karbantart\u00e1si int\u00e9zked\u00e9sek<\/h2>\n<ul>\n<li><strong>Id\u0151szakos ellen\u0151rz\u00e9sek:<\/strong> Rendszeresen ellen\u0151rizze a kop\u00e1s, sziv\u00e1rg\u00e1s vagy s\u00e9r\u00fcl\u00e9s jeleit, hogy megel\u0151zze a kisebb probl\u00e9m\u00e1k s\u00falyosbod\u00e1s\u00e1t.<\/li>\n<li><strong>Megfelel\u0151 ken\u00e9s:<\/strong> Gy\u0151z\u0151dj\u00f6n meg arr\u00f3l, hogy a hidraulikaolaj szintje megfelel\u0151, \u00e9s hogy a ken\u00e9s k\u00f6vetkezetesen t\u00f6rt\u00e9nik a z\u00f6kken\u0151mentes m\u0171k\u00f6d\u00e9s fenntart\u00e1sa \u00e9rdek\u00e9ben.<\/li>\n<li><strong>T\u00f6m\u00edt\u00e9scsere:<\/strong> Vizsg\u00e1lja meg a t\u00f6m\u00edt\u00e9seket, \u00e9s sz\u00fcks\u00e9g szerint cser\u00e9lje ki azokat, hogy elker\u00fclje a hidraulikafolyad\u00e9k sziv\u00e1rg\u00e1s\u00e1t, amely vesz\u00e9lyeztetheti a teljes\u00edtm\u00e9nyt \u00e9s a biztons\u00e1got.<\/li>\n<\/ul>\n<h2>Telep\u00edt\u00e9si \u00fatmutat\u00f3<\/h2>\n<p>A g\u00e9mhengerek megfelel\u0151 beszerel\u00e9se elengedhetetlen az optim\u00e1lis teljes\u00edtm\u00e9nyhez. Kezdje azzal, hogy megbizonyosodik arr\u00f3l, hogy a r\u00f6gz\u00edt\u0151konzolok biztons\u00e1gosan vannak felszerelve \u00e9s megfelel\u0151en vannak be\u00e1ll\u00edtva a hengerhez. Haszn\u00e1ljon megfelel\u0151 szersz\u00e1mokat, hogy elker\u00fclje az alkatr\u00e9szek k\u00e1rosod\u00e1s\u00e1t a telep\u00edt\u00e9si folyamat sor\u00e1n.<\/p>\n<p>Pontosan igaz\u00edtsa a hengert a r\u00f6gz\u00edt\u00e9si pontokhoz, \u00e9s h\u00fazza meg egyenletesen a csavarokat a biztons\u00e1gos illeszked\u00e9s \u00e9rdek\u00e9ben. \u00c1ll\u00edtsa be a hidraulikus csatlakoz\u00e1sokat a sziv\u00e1rg\u00e1sok elker\u00fcl\u00e9se \u00e9s a megfelel\u0151 m\u0171k\u00f6d\u00e9s biztos\u00edt\u00e1sa \u00e9rdek\u00e9ben. A telep\u00edt\u00e9s ut\u00e1n alapos teszteket kell v\u00e9gezni annak ellen\u0151rz\u00e9s\u00e9re, hogy a henger sim\u00e1n m\u0171k\u00f6dik-e \u00e9s megfelel-e a teljes\u00edtm\u00e9nyelv\u00e1r\u00e1soknak.<\/p>\n<h2>Gyakori karbantart\u00e1si feladatok<\/h2>\n<h3>Id\u0151szakos ellen\u0151rz\u00e9sek<\/h3>\n<p>A rendszeres ellen\u0151rz\u00e9sek elengedhetetlenek a potenci\u00e1lis probl\u00e9m\u00e1k korai azonos\u00edt\u00e1s\u00e1hoz. Vizsg\u00e1lja meg a palackot kop\u00e1s vagy s\u00e9r\u00fcl\u00e9s jelei, p\u00e9ld\u00e1ul reped\u00e9sek vagy sziv\u00e1rg\u00e1sok szempontj\u00e1b\u00f3l, \u00e9s ezeket a probl\u00e9m\u00e1kat halad\u00e9ktalanul kezelje a m\u0171k\u00f6d\u0151k\u00e9pess\u00e9g fenntart\u00e1sa \u00e9rdek\u00e9ben.<\/p>\n<h3>Megfelel\u0151 ken\u00e9s<\/h3>\n<p>A rendszeres ken\u00e9s elengedhetetlen a hidraulikus rendszer z\u00f6kken\u0151mentes m\u0171k\u00f6d\u00e9s\u00e9hez. Gy\u0151z\u0151dj\u00f6n meg arr\u00f3l, hogy a haszn\u00e1lt ken\u0151anyagok kompatibilisek a hidraulikus rendszerrel, \u00e9s a gy\u00e1rt\u00f3 ir\u00e1nyelveinek megfelel\u0151en ker\u00fclnek alkalmaz\u00e1sra a meghib\u00e1sod\u00e1sok elker\u00fcl\u00e9se \u00e9rdek\u00e9ben.<\/p>\n<h3>T\u00f6m\u00edt\u00e9scsere \u00e9s kalibr\u00e1l\u00e1s<\/h3>\n<p>A t\u00f6m\u00edt\u00e9sek \u00e9ps\u00e9g\u00e9nek meg\u0151rz\u00e9se kritikus fontoss\u00e1g\u00fa a sziv\u00e1rg\u00e1sok megel\u0151z\u00e9se \u00e9rdek\u00e9ben. Rendszeresen ellen\u0151rizze a t\u00f6m\u00edt\u00e9sek \u00e1llapot\u00e1t, \u00e9s sz\u00fcks\u00e9g eset\u00e9n cser\u00e9lje ki \u0151ket. A kalibr\u00e1ci\u00f3s ellen\u0151rz\u00e9sek szint\u00e9n elengedhetetlenek annak biztos\u00edt\u00e1s\u00e1hoz, hogy a henger a megadott param\u00e9tereken bel\u00fcl m\u0171k\u00f6dj\u00f6n, ami seg\u00edt meghosszabb\u00edtani az \u00e9lettartam\u00e1t.<\/p>\n<p><img decoding=\"async\" src=\"https:\/\/www.hydraulic-cylinders.net\/wp-content\/uploads\/2025\/04\/songte-chushion-collar.webp\" alt=\"P\u00e1rnagall\u00e9r k\u00e9p\"><\/p>\n<h2>Biztons\u00e1gi szempontok \u00e9s k\u00f6rnyezeti t\u00e9nyez\u0151k<\/h2>\n<p>A g\u00e9mhengerek m\u0171k\u00f6dtet\u00e9se sor\u00e1n a biztons\u00e1gi int\u00e9zked\u00e9sek bevezet\u00e9se elengedhetetlen a kezel\u0151k \u00e9s a szem\u00e9lyzet biztons\u00e1g\u00e1nak garant\u00e1l\u00e1s\u00e1hoz. Minden felhaszn\u00e1l\u00f3nak megfelel\u0151 k\u00e9pz\u00e9st kell ny\u00fajtani a g\u00e9pek biztons\u00e1gos kezel\u00e9s\u00e9r\u0151l \u00e9s az \u00fczemeltet\u00e9si ir\u00e1nyelvek betart\u00e1s\u00e1nak fontoss\u00e1g\u00e1r\u00f3l.<\/p>\n<h2>Hibadiagn\u00f3zis \u00e9s gyakori probl\u00e9m\u00e1k<\/h2>\n<ul>\n<li><strong>Sziv\u00e1rg\u00e1s:<\/strong> Ellen\u0151rizze a hidraulikafolyad\u00e9k sziv\u00e1rg\u00e1s\u00e1t, ami a t\u00f6m\u00edt\u00e9s meghib\u00e1sod\u00e1s\u00e1ra utalhat. Azonnal jav\u00edtsa ki a sziv\u00e1rg\u00e1sokat, hogy megel\u0151zze a folyad\u00e9kvesztes\u00e9get \u00e9s a m\u0171k\u00f6d\u00e9si probl\u00e9m\u00e1kat.<\/li>\n<li><strong>Reakci\u00f3k\u00e9ptelen mozg\u00e1sok:<\/strong> Ha a henger nem reag\u00e1l a parancsokra, ellen\u0151rizze a hidraulikafolyad\u00e9k szintj\u00e9t, \u00e9s keressen dugul\u00e1sokat a hidraulikavezet\u00e9kekben.<\/li>\n<li><strong>T\u00falmeleged\u00e9s:<\/strong> A t\u00falmeleged\u00e9s t\u00falzott terhel\u00e9sre vagy el\u00e9gtelen ken\u00e9sre utalhat. Gy\u0151z\u0151dj\u00f6n meg arr\u00f3l, hogy a rendszer megfelel\u0151en kenve van, \u00e9s a biztons\u00e1gos terhel\u00e9si hat\u00e1rokon bel\u00fcl m\u0171k\u00f6dik.<\/li>\n<\/ul>\n<h2>Hibaelh\u00e1r\u00edt\u00e1si tippek<\/h2>\n<p>A probl\u00e9m\u00e1k diagnosztiz\u00e1l\u00e1sakor mindig alapos ellen\u0151rz\u00e9ssel kell kezdeni a kiv\u00e1lt\u00f3 ok azonos\u00edt\u00e1s\u00e1t. A rendszeres karbantart\u00e1s sz\u00e1mos gyakori probl\u00e9m\u00e1t megel\u0151zhet, ez\u00e9rt tartsa be a megfelel\u0151 karbantart\u00e1si \u00fctemterveket. A j\u00f6v\u0151beni komplik\u00e1ci\u00f3k kock\u00e1zat\u00e1nak minimaliz\u00e1l\u00e1sa \u00e9rdek\u00e9ben hajtson v\u00e9gre megel\u0151z\u0151 int\u00e9zked\u00e9seket, p\u00e9ld\u00e1ul gondoskodjon a hidraulikafolyad\u00e9k tisztas\u00e1g\u00e1r\u00f3l \u00e9s megfelel\u0151 szintj\u00e9r\u0151l.<\/p>\n<p><img decoding=\"async\" src=\"https:\/\/www.hydraulic-cylinders.net\/wp-content\/uploads\/2025\/04\/songte-bushings-with-all-kinds-of-excavator-models.webp\" alt=\"Perselyek kotr\u00f3g\u00e9p modellek k\u00e9p\u00e9vel\"><\/p>\n<h2>C\u00e9ginform\u00e1ci\u00f3<\/h2>\n<p>Hidraulikus hengerek cserealkatr\u00e9szeire szakosodott gy\u00e1rt\u00f3k\u00e9nt sz\u00e9les term\u00e9kk\u00edn\u00e1latunknak k\u00f6sz\u00f6nhet\u0151en a hazai \u00e9s a nemzetk\u00f6zi piacok egyik vezet\u0151 hidraulikus hengergy\u00e1rt\u00f3jak\u00e9nt \u00e9s -nagykeresked\u0151jek\u00e9nt vagyunk jelen. A legmagasabb min\u0151s\u00e9gi szabv\u00e1nyokat k\u00f6vetj\u00fck, amelyeket kifinomult gy\u00e1rt\u00e1sir\u00e1ny\u00edt\u00e1si strat\u00e9gia t\u00e1mogat.<\/p>\n<p>C\u00e9g\u00fcnk folyamatosan fejleszti gy\u00e1rt\u00e1si k\u00e9pess\u00e9geit technol\u00f3giai fejleszt\u00e9sek r\u00e9v\u00e9n, bele\u00e9rtve a cs\u00facskateg\u00f3ri\u00e1s digit\u00e1lis gy\u00e1rt\u00f3berendez\u00e9sek \u00e9s professzion\u00e1lis tesztel\u0151rendszerek haszn\u00e1lat\u00e1t. Ez az elk\u00f6telezetts\u00e9g lehet\u0151v\u00e9 teszi sz\u00e1munkra, hogy \u00fcgyfeleink sokr\u00e9t\u0171 ig\u00e9nyeit hat\u00e9konyan, prec\u00edzen \u00e9s kiv\u00e1l\u00f3 min\u0151s\u00e9gben el\u00e9g\u00edts\u00fck ki.<\/p>\n<p><img decoding=\"async\" src=\"https:\/\/www.hydraulic-cylinders.net\/wp-content\/uploads\/2025\/04\/songte-company-4.webp\" alt=\"C\u00e9ginform\u00e1ci\u00f3 k\u00e9pe\"><br \/>\n<img decoding=\"async\" src=\"https:\/\/www.hydraulic-cylinders.net\/wp-content\/uploads\/2025\/04\/songte-company-3.webp\" alt=\"V\u00e1llalati l\u00e9tes\u00edtm\u00e9nyek k\u00e9pe\"><\/p>\n<p>Szerz\u0151: lyl<\/p>","protected":false},"excerpt":{"rendered":"<p>Boom Cylinder For IHI Small Excavator IHI18V Introduction to Boom Cylinders The boom cylinder is a crucial component in the hydraulic systems of various heavy machinery, particularly in excavators, backhoe loaders, and front loaders. This type of hydraulic cylinder is specifically designed to control the movement of the bucket, allowing it to lift, lower, and [&hellip;]<\/p>","protected":false},"featured_media":17874,"comment_status":"open","ping_status":"closed","template":"","meta":{"_et_pb_use_builder":"","_et_pb_old_content":"","_et_gb_content_width":""},"product_brand":[],"product_cat":[1546],"product_tag":[1547,1496],"class_list":{"0":"post-19399","1":"product","2":"type-product","3":"status-publish","4":"has-post-thumbnail","6":"product_cat-boom-cylinders","7":"product_tag-boom-cylinders","8":"product_tag-hydraulic-cylinders","10":"first","11":"instock","12":"shipping-taxable","13":"product-type-simple"},"amp_enabled":true,"_links":{"self":[{"href":"https:\/\/www.hydraulic-cylinders.net\/hu\/wp-json\/wp\/v2\/product\/19399","targetHints":{"allow":["GET"]}}],"collection":[{"href":"https:\/\/www.hydraulic-cylinders.net\/hu\/wp-json\/wp\/v2\/product"}],"about":[{"href":"https:\/\/www.hydraulic-cylinders.net\/hu\/wp-json\/wp\/v2\/types\/product"}],"replies":[{"embeddable":true,"href":"https:\/\/www.hydraulic-cylinders.net\/hu\/wp-json\/wp\/v2\/comments?post=19399"}],"wp:featuredmedia":[{"embeddable":true,"href":"https:\/\/www.hydraulic-cylinders.net\/hu\/wp-json\/wp\/v2\/media\/17874"}],"wp:attachment":[{"href":"https:\/\/www.hydraulic-cylinders.net\/hu\/wp-json\/wp\/v2\/media?parent=19399"}],"wp:term":[{"taxonomy":"product_brand","embeddable":true,"href":"https:\/\/www.hydraulic-cylinders.net\/hu\/wp-json\/wp\/v2\/product_brand?post=19399"},{"taxonomy":"product_cat","embeddable":true,"href":"https:\/\/www.hydraulic-cylinders.net\/hu\/wp-json\/wp\/v2\/product_cat?post=19399"},{"taxonomy":"product_tag","embeddable":true,"href":"https:\/\/www.hydraulic-cylinders.net\/hu\/wp-json\/wp\/v2\/product_tag?post=19399"}],"curies":[{"name":"munkaf\u00fczet","href":"https:\/\/api.w.org\/{rel}","templated":true}]}}