{"id":19403,"date":"2025-04-07T06:32:39","date_gmt":"2025-04-07T06:32:39","guid":{"rendered":"https:\/\/www.hydraulic-cylinders.net\/product\/boom-cylinder-for-ihi-small-excavator-ihi8ons\/"},"modified":"2025-04-07T06:32:42","modified_gmt":"2025-04-07T06:32:42","slug":"boom-cylinder-for-ihi-small-excavator-ihi8ons","status":"publish","type":"product","link":"https:\/\/www.hydraulic-cylinders.net\/hu\/termek\/boom-cylinder-for-ihi-small-excavator-ihi8ons\/","title":{"rendered":"G\u00e9mhenger IHI kis kotr\u00f3g\u00e9phez IHI8ONS"},"content":{"rendered":"<h1>G\u00e9mhenger IHI kis kotr\u00f3g\u00e9phez IHI8ONS<\/h1>\n<h2>Term\u00e9k\u00e1ttekint\u00e9s<\/h2>\n<p>Az IHI IHI8ONS kis kotr\u00f3g\u00e9p g\u00e9mhengere egy kritikus fontoss\u00e1g\u00fa alkatr\u00e9sz, amelyet kifejezetten a kotr\u00f3g\u00e9p g\u00e9mj\u00e9nek mozg\u00e1s\u00e1nak vez\u00e9rl\u00e9s\u00e9re terveztek. Ez a hidraulikus henger lehet\u0151v\u00e9 teszi a g\u00e9m hat\u00e9kony emel\u00e9s\u00e9t, s\u00fcllyeszt\u00e9s\u00e9t \u00e9s billent\u00e9s\u00e9t, ami elengedhetetlen a k\u00fcl\u00f6nf\u00e9le anyagmozgat\u00e1si feladatok elv\u00e9gz\u00e9s\u00e9hez. A g\u00e9mhengerhez hasonl\u00f3 hidraulikus hengerek forg\u00f3p\u00e1ntosak a neh\u00e9zg\u00e9pekben, \u00e9s biztos\u00edtj\u00e1k a sz\u00fcks\u00e9ges er\u0151t olyan m\u0171veletek elv\u00e9gz\u00e9s\u00e9hez, mint az \u00e1s\u00e1s, a rakod\u00e1s \u00e9s az anyagok sz\u00e1ll\u00edt\u00e1sa.<\/p>\n<p>L\u00e9nyeg\u00e9ben a g\u00e9mhenger a kotr\u00f3g\u00e9p hidraulikus rendszer\u00e9nek er\u0151m\u0171vek\u00e9nt szolg\u00e1l, a hidraulikus nyom\u00e1st line\u00e1ris mozg\u00e1ss\u00e1 alak\u00edtva. Ez a funkci\u00f3 nemcsak a kotr\u00f3g\u00e9p teljes\u00edtm\u00e9ny\u00e9t n\u00f6veli, hanem sokoldal\u00fas\u00e1g\u00e1t is sz\u00e1mos alkalmaz\u00e1sban, n\u00e9lk\u00fcl\u00f6zhetetlenn\u00e9 t\u00e9ve azt az \u00e9p\u00edt\u0151ipari \u00e9s f\u00f6ldmunkafeladatokban.<\/p>\n<p><img decoding=\"async\" src=\"https:\/\/www.hydraulic-cylinders.net\/wp-content\/uploads\/2025\/04\/songte-company-1.webp\" alt=\"G\u00e9mhenger IHI kis kotr\u00f3g\u00e9phez\"><\/p>\n<h2>F\u0151bb jellemz\u0151k<\/h2>\n<ul>\n<li><strong>Nagy szil\u00e1rds\u00e1g \u00e9s tart\u00f3ss\u00e1g:<\/strong> Nagy szil\u00e1rds\u00e1g\u00fa ac\u00e9lb\u00f3l vagy alum\u00edniumb\u00f3l k\u00e9sz\u00fclt, ez a henger nagy nyom\u00e1st \u00e9s nagy terhel\u00e9st b\u00edr ki, \u00edgy alkalmass\u00e1 teszi zord munkak\u00f6rnyezetben val\u00f3 haszn\u00e1latra. A kialak\u00edt\u00e1s kop\u00e1s\u00e1ll\u00f3s\u00e1got \u00e9s korr\u00f3zi\u00f3v\u00e9delmet is mag\u00e1ban foglal a hossz\u00fa \u00fczemid\u0151 biztos\u00edt\u00e1sa \u00e9rdek\u00e9ben.<\/li>\n<li><strong>Hat\u00e9kony hidraulikus m\u0171k\u00f6dtet\u00e9s:<\/strong> A henger hidraulikaolaj-nyom\u00e1st haszn\u00e1l a sima kiny\u00fajt\u00e1shoz \u00e9s visszah\u00faz\u00e1shoz, gyors reag\u00e1l\u00e1st biztos\u00edtva a vez\u00e9rl\u0151parancsokra, \u00e9s er\u0151teljes nyom\u00f3- \u00e9s h\u00faz\u00f3er\u0151t biztos\u00edtva, ami ide\u00e1lis a neh\u00e9z \u00e9s \u00f6sszetett feladatok kezel\u00e9s\u00e9hez.<\/li>\n<li><strong>K\u00fcl\u00f6nb\u00f6z\u0151 t\u00edpusok el\u00e9rhet\u0151k:<\/strong> Kaphat\u00f3ak egyszeres m\u0171k\u00f6d\u00e9s\u0171 (egy ir\u00e1nyban hidraulikus) vagy kett\u0151s m\u0171k\u00f6d\u00e9s\u0171 (mindk\u00e9t ir\u00e1nyban hidraulikus) hengerek, amelyek a k\u00fcl\u00f6nb\u00f6z\u0151 m\u0171k\u00f6d\u00e9si ig\u00e9nyeket kiel\u00e9g\u00edtik. Egyes modellek teleszk\u00f3posak, \u00edgy nagyobb kiny\u00fal\u00e1st tesznek lehet\u0151v\u00e9 a k\u00fcls\u0151 m\u00e9retek n\u00f6vel\u00e9se n\u00e9lk\u00fcl, \u00edgy alkalmasak korl\u00e1tozott hely\u0171 alkalmaz\u00e1sokhoz.<\/li>\n<li><strong>Prec\u00edzi\u00f3s m\u00e9rn\u00f6ki munka:<\/strong> Minden egyes hengert apr\u00f3l\u00e9kos odafigyel\u00e9ssel terveztek, biztos\u00edtva a nagy teljes\u00edtm\u00e9nyt \u00e9s megb\u00edzhat\u00f3s\u00e1got k\u00fcl\u00f6nf\u00e9le k\u00f6r\u00fclm\u00e9nyek k\u00f6z\u00f6tt, hozz\u00e1j\u00e1rulva a g\u00e9p \u00e1ltal\u00e1nos hat\u00e9konys\u00e1g\u00e1hoz.<\/li>\n<li><strong>Egyedi illeszked\u00e9s:<\/strong> Term\u00e9keink t\u00f6k\u00e9letesen helyettes\u00edthetik a megl\u00e9v\u0151 hidraulikus hengereket a k\u00fcl\u00f6nf\u00e9le modellekben, biztos\u00edtva a z\u00f6kken\u0151mentes integr\u00e1ci\u00f3t \u00e9s funkcionalit\u00e1st.<\/li>\n<\/ul>\n<p><img decoding=\"async\" src=\"https:\/\/www.hydraulic-cylinders.net\/wp-content\/uploads\/2025\/04\/songte-cylinder-head-with-all-kinds-excavator-models.webp\" alt=\"Hidraulikus hengerfej kotr\u00f3g\u00e9pekhez\"><\/p>\n<h2>Alkalmaz\u00e1si ter\u00fcletek<\/h2>\n<h3>\u00c9p\u00edt\u0151ipari berendez\u00e9sek<\/h3>\n<p>A g\u00e9mhenger els\u0151sorban kotr\u00f3g\u00e9pekben tal\u00e1lhat\u00f3, l\u00e9tfontoss\u00e1g\u00fa szerepet j\u00e1tszik az \u00e1s\u00e1sban, a rakod\u00e1sban \u00e9s a f\u00f6ld vagy t\u00f6rmel\u00e9k mozgat\u00e1s\u00e1ban. A kotr\u00f3g\u00e9pekben a kan\u00e1lhenger mind a f\u00f6ldmunk\u00e1ban, mind az emel\u00e9sben seg\u00edti a munk\u00e1t, \u00edgy n\u00e9lk\u00fcl\u00f6zhetetlen elem az \u00e9p\u00edt\u00e9si projektekhez.<\/p>\n<h3>Mez\u0151gazdas\u00e1gi g\u00e9pek<\/h3>\n<p>A homlokrakod\u00f3kn\u00e1l a g\u00e9mhenger kulcsfontoss\u00e1g\u00fa a talaj, sz\u00e9na \u00e9s egy\u00e9b anyagok \u00e1s\u00e1s\u00e1hoz, emel\u00e9s\u00e9hez \u00e9s sz\u00e1ll\u00edt\u00e1s\u00e1hoz. Kialak\u00edt\u00e1sa lehet\u0151v\u00e9 teszi a rakom\u00e1nyok hat\u00e9kony kezel\u00e9s\u00e9t, n\u00f6velve a mez\u0151gazdas\u00e1gi feladatok \u00e1ltal\u00e1nos termel\u00e9kenys\u00e9g\u00e9t.<\/p>\n<h3>Kotr\u00f3g\u00e9pek<\/h3>\n<p>A kan\u00e1lhenger lehet\u0151v\u00e9 teszi a kotr\u00f3g\u00e9pek sz\u00e1m\u00e1ra, hogy behatoljanak a f\u00f6ldbe, megk\u00f6nny\u00edtve az \u00e1s\u00e1si folyamatot. Hidraulikus m\u0171k\u00f6d\u00e9se biztos\u00edtja a sz\u00fcks\u00e9ges er\u0151t a neh\u00e9z talaj- vagy k\u0151zetterhel\u00e9sek hat\u00e9kony kezel\u00e9s\u00e9hez az \u00e9p\u00edt\u00e9si tev\u00e9kenys\u00e9gek sor\u00e1n.<\/p>\n<h3>Rakod\u00f3k<\/h3>\n<p>A homlokrakod\u00f3kban a g\u00e9mhengerek jelent\u0151s szerepet j\u00e1tszanak az anyagok hat\u00e9kony emel\u00e9s\u00e9ben \u00e9s \u00fcr\u00edt\u00e9s\u00e9ben. Hidraulikus k\u00e9pess\u00e9geik gyors \u00e9s hat\u00e9kony m\u0171k\u00f6d\u00e9st biztos\u00edtanak, ami kritikus fontoss\u00e1g\u00fa a gyors temp\u00f3j\u00fa \u00e9p\u00edt\u00e9si k\u00f6rnyezetben.<\/p>\n<h2>Tervez\u00e9si szempontok \u00e9s kiv\u00e1laszt\u00e1si krit\u00e9riumok<\/h2>\n<h3>Teherb\u00edr\u00e1s<\/h3>\n<p>A g\u00e9mhenger kiv\u00e1laszt\u00e1sakor a teherb\u00edr\u00e1s kiemelked\u0151 fontoss\u00e1g\u00fa. Ez hat\u00e1rozza meg a henger \u00e1ltal biztons\u00e1gosan elb\u00edrt maxim\u00e1lis s\u00falyt. A megfelel\u0151en m\u00e9retezett teherb\u00edr\u00e1s biztos\u00edtja, hogy a henger biztons\u00e1gos hat\u00e1rokon bel\u00fcl m\u0171k\u00f6dj\u00f6n, cs\u00f6kkentve a meghib\u00e1sod\u00e1s vagy baleset kock\u00e1zat\u00e1t. A m\u00e9rn\u00f6k\u00f6knek mind a statikus, mind a dinamikus terhel\u00e9si felt\u00e9teleket \u00e9rt\u00e9kelni\u00fck kell annak biztos\u00edt\u00e1sa \u00e9rdek\u00e9ben, hogy a henger ellen\u00e1lljon a m\u0171k\u00f6d\u00e9s k\u00f6zben fell\u00e9p\u0151 er\u0151knek.<\/p>\n<h3>T\u00f6m\u00edt\u00e9si hat\u00e9konys\u00e1g<\/h3>\n<p>A t\u00f6m\u00edt\u00e9s elengedhetetlen a hidraulikus nyom\u00e1s fenntart\u00e1s\u00e1hoz \u00e9s a sziv\u00e1rg\u00e1sok megel\u0151z\u00e9s\u00e9hez. Tart\u00f3ss\u00e1guk \u00e9s kop\u00e1s\u00e1ll\u00f3s\u00e1guk miatt kiv\u00e1l\u00f3 min\u0151s\u00e9g\u0171 t\u00f6m\u00edt\u00e9sek, p\u00e9ld\u00e1ul dugatty\u00fat\u00f6m\u00edt\u00e9sek \u00e9s r\u00fadt\u00f6m\u00edt\u00e9sek, p\u00e9ld\u00e1ul poliuret\u00e1nb\u00f3l \u00e9s nitrilgumib\u00f3l k\u00e9sz\u00fclnek, \u00e9s aj\u00e1nlottak. A megfelel\u0151 t\u00f6m\u00edt\u00e9s hozz\u00e1j\u00e1rul a henger hossz\u00fa \u00e9lettartam\u00e1hoz \u00e9s a hidraulikus rendszer hat\u00e9konys\u00e1g\u00e1hoz is.<\/p>\n<h3>Tart\u00f3ss\u00e1g<\/h3>\n<p>A tart\u00f3ss\u00e1g kulcsfontoss\u00e1g\u00fa t\u00e9nyez\u0151 a g\u00e9mhengerek tervez\u00e9s\u00e9n\u00e9l. K\u00e9peseknek ellen\u00e1llni a neh\u00e9z alkalmaz\u00e1sok ig\u00e9nybev\u00e9tel\u00e9nek, bele\u00e9rtve a koptat\u00f3 anyagoknak \u00e9s a zord k\u00f6rnyezetnek val\u00f3 kitetts\u00e9get. Az olyan kezel\u00e9si folyamatok, mint az edz\u00e9s \u00e9s a fel\u00fcletbevonat, fokozhatj\u00e1k a henger kop\u00e1s- \u00e9s korr\u00f3zi\u00f3\u00e1ll\u00f3s\u00e1g\u00e1t, jelent\u0151sen meghosszabb\u00edtva \u00e9lettartam\u00e1t.<\/p>\n<h3>Biztons\u00e1gi szabv\u00e1nyok<\/h3>\n<p>A biztons\u00e1g kiemelked\u0151 fontoss\u00e1g\u00fa a hidraulikus hengerek tervez\u00e9sekor. Meg kell felelni\u00fck az ipar\u00e1gi biztons\u00e1gi szabv\u00e1nyoknak, hogy megakad\u00e1lyozz\u00e1k a balesetekhez vezet\u0151 meghib\u00e1sod\u00e1sokat. A m\u00e9rn\u00f6k\u00f6knek a tervez\u00e9si f\u00e1zisban priorit\u00e1st kell \u00e9lvezni\u00fck olyan jellemz\u0151knek, mint a biztons\u00e1gi szelepek, a robusztus szerkezeti integrit\u00e1s \u00e9s a biztons\u00e1gi t\u00e9nyez\u0151k, hogy minden henger minden k\u00f6r\u00fclm\u00e9nyek k\u00f6z\u00f6tt megb\u00edzhat\u00f3an m\u0171k\u00f6dj\u00f6n.<\/p>\n<h3>Karbantarthat\u00f3s\u00e1g<\/h3>\n<p>A k\u00f6nny\u0171 karbantart\u00e1s egy m\u00e1sik kritikus tervez\u00e9si szempont. Az olyan palackok, amelyekhez k\u00f6nny\u0171 hozz\u00e1f\u00e9rni ellen\u0151rz\u00e9s, jav\u00edt\u00e1s \u00e9s alkatr\u00e9szcsere c\u00e9lj\u00e1b\u00f3l, jelent\u0151sen cs\u00f6kkenthetik az \u00e1ll\u00e1sid\u0151t \u00e9s a karbantart\u00e1si k\u00f6lts\u00e9geket. Az olyan funkci\u00f3k be\u00e9p\u00edt\u00e9se, mint a modul\u00e1ris kialak\u00edt\u00e1s, seg\u00edthet a karbantart\u00e1si folyamat egyszer\u0171s\u00edt\u00e9s\u00e9ben.<\/p>\n<p><img decoding=\"async\" src=\"https:\/\/www.hydraulic-cylinders.net\/wp-content\/uploads\/2025\/04\/songte-oil-pipes-and-spare-parts.webp\" alt=\"Olajcs\u00f6vek \u00e9s alkatr\u00e9szek hidraulikus hengerekhez\"><\/p>\n<h2>T\u00f6m\u00edt\u00e9s \u00e9s ken\u00e9s<\/h2>\n<p>A hat\u00e9kony t\u00f6m\u00edt\u00e9s \u00e9s ken\u00e9s elengedhetetlen a hidraulikus hengerek megfelel\u0151 m\u0171k\u00f6d\u00e9s\u00e9hez. K\u00fcl\u00f6nb\u00f6z\u0151 t\u00f6m\u00edt\u00e9seket, bele\u00e9rtve a dugatty\u00fat\u00f6m\u00edt\u00e9seket \u00e9s a r\u00fadt\u00f6m\u00edt\u00e9seket, haszn\u00e1lnak a hidraulikus folyad\u00e9k sziv\u00e1rg\u00e1s\u00e1nak megakad\u00e1lyoz\u00e1s\u00e1ra. A tart\u00f3s anyagokb\u00f3l, p\u00e9ld\u00e1ul poliuret\u00e1nb\u00f3l \u00e9s nitrilgumib\u00f3l k\u00e9sz\u00fclt t\u00f6m\u00edt\u00e9sek ide\u00e1lisak a kop\u00e1s\u00e1ll\u00f3s\u00e1guk \u00e9s a durva vegyszerekkel szembeni ellen\u00e1ll\u00e1suk miatt. Tov\u00e1bb\u00e1 a hengertestet \u00e9s a menetes v\u00e9geket finom megmunk\u00e1l\u00e1snak kell al\u00e1vetni a kop\u00e1s\u00e1ll\u00f3s\u00e1g fokoz\u00e1sa \u00e9rdek\u00e9ben.<\/p>\n<p>A mozg\u00f3 alkatr\u00e9szek k\u00f6z\u00f6tti s\u00farl\u00f3d\u00e1s \u00e9s kop\u00e1s cs\u00f6kkent\u00e9se, valamint a z\u00f6kken\u0151mentes m\u0171k\u00f6d\u00e9s biztos\u00edt\u00e1sa \u00e9rdek\u00e9ben rendszeres hidraulikaolajjal t\u00f6rt\u00e9n\u0151 ken\u00e9s sz\u00fcks\u00e9ges. A technikusoknak be kell tartaniuk a gy\u00e1rt\u00f3 ken\u00e9si id\u0151k\u00f6z\u00f6kre \u00e9s mennyis\u00e9gekre vonatkoz\u00f3 ir\u00e1nyelveit az optim\u00e1lis teljes\u00edtm\u00e9ny fenntart\u00e1sa \u00e9rdek\u00e9ben.<\/p>\n<h2>Megel\u0151z\u0151 karbantart\u00e1si int\u00e9zked\u00e9sek<\/h2>\n<ul>\n<li><strong>Rendszeres ellen\u0151rz\u00e9sek:<\/strong> V\u00e9gezzen rendszeres ellen\u0151rz\u00e9seket a kop\u00e1s, sziv\u00e1rg\u00e1sok vagy egy\u00e9b probl\u00e9m\u00e1k jeleinek azonos\u00edt\u00e1s\u00e1ra. A korai felismer\u00e9s megel\u0151zheti a k\u00f6lts\u00e9ges jav\u00edt\u00e1sokat \u00e9s az \u00e1ll\u00e1sid\u0151ket.<\/li>\n<li><strong>Ken\u00e9s:<\/strong> Gy\u0151z\u0151dj\u00f6n meg a megfelel\u0151 hidraulikaolaj-szintr\u0151l, \u00e9s rendszeresen kenje a mozg\u00f3 alkatr\u00e9szeket a z\u00f6kken\u0151mentes m\u0171k\u00f6d\u00e9s fenntart\u00e1sa \u00e9s a s\u00farl\u00f3d\u00e1s cs\u00f6kkent\u00e9se \u00e9rdek\u00e9ben.<\/li>\n<li><strong>T\u00f6m\u00edt\u00e9scsere:<\/strong> A t\u00f6m\u00edt\u00e9sek \u00e9ps\u00e9g\u00e9nek biztos\u00edt\u00e1sa \u00e9s a sziv\u00e1rg\u00e1sok megel\u0151z\u00e9se \u00e9rdek\u00e9ben tervezze meg a rendszeres cser\u00e9t. A s\u00e9r\u00fclt t\u00f6m\u00edt\u00e9sek teljes\u00edtm\u00e9nyprobl\u00e9m\u00e1khoz \u00e9s hidraulikafolyad\u00e9k-vesztes\u00e9ghez vezethetnek.<\/li>\n<\/ul>\n<h2>Telep\u00edt\u00e9si \u00fatmutat\u00f3<\/h2>\n<p>A g\u00e9mhenger megfelel\u0151 beszerel\u00e9se kritikus fontoss\u00e1g\u00fa a teljes\u00edtm\u00e9nye \u00e9s hossz\u00fa \u00e9lettartama szempontj\u00e1b\u00f3l. Kezdje azzal, hogy minden alkatr\u00e9sz tiszta \u00e9s t\u00f6rmel\u00e9kmentes. Igaz\u00edtsa pontosan a hengert a r\u00f6gz\u00edt\u00e9si pontokhoz, megfelel\u0151 r\u00f6gz\u00edt\u0151konzolok seg\u00edts\u00e9g\u00e9vel a stabil al\u00e1t\u00e1maszt\u00e1s \u00e9rdek\u00e9ben. A henger t\u00falzott terhel\u00e9s\u00e9nek elker\u00fcl\u00e9se \u00e9rdek\u00e9ben elengedhetetlen a megfelel\u0151 be\u00e1ll\u00edt\u00e1s fenntart\u00e1sa. A biztons\u00e1gos r\u00f6gz\u00edt\u00e9s \u00e9rdek\u00e9ben h\u00fazza meg az \u00f6sszes r\u00f6gz\u00edt\u0151elemet a gy\u00e1rt\u00f3 el\u0151\u00edr\u00e1sainak megfelel\u0151en.<\/p>\n<p>A beszerel\u00e9s ut\u00e1n ellen\u0151rizze a henger m\u0171k\u00f6d\u00e9s\u00e9t egy tesztciklus v\u00e9grehajt\u00e1s\u00e1val, ellen\u0151rizve, hogy nincs-e sziv\u00e1rg\u00e1s vagy szab\u00e1lytalan m\u0171k\u00f6d\u00e9s. Javasoljuk, hogy a konkr\u00e9t beszerel\u00e9si utas\u00edt\u00e1sokat \u00e9s nyomat\u00e9kbe\u00e1ll\u00edt\u00e1sokat a gy\u00e1rt\u00f3 k\u00e9zik\u00f6nyv\u00e9ben is olvassa el.<\/p>\n<h2>Gyakori karbantart\u00e1si feladatok<\/h2>\n<ul>\n<li><strong>Rendszeres ellen\u0151rz\u00e9sek:<\/strong> A kop\u00e1s, sziv\u00e1rg\u00e1sok \u00e9s s\u00e9r\u00fcl\u00e9sek rendszeres ellen\u0151rz\u00e9se l\u00e9tfontoss\u00e1g\u00fa. Ezek az ellen\u0151rz\u00e9sek seg\u00edtenek azonos\u00edtani a potenci\u00e1lis probl\u00e9m\u00e1kat, miel\u0151tt azok s\u00falyosbodn\u00e1nak, meg\u0151rizve a hidraulikus rendszer hat\u00e9konys\u00e1g\u00e1t.<\/li>\n<li><strong>Megfelel\u0151 ken\u00e9s:<\/strong> A megfelel\u0151 ken\u00e9s minimaliz\u00e1lja a s\u00farl\u00f3d\u00e1st \u00e9s a kop\u00e1st. A megfelel\u0151 hidraulikaolaj haszn\u00e1lata \u00e9s a megfelel\u0151 szint fenntart\u00e1sa elengedhetetlen a hengerek optim\u00e1lis teljes\u00edtm\u00e9ny\u00e9hez.<\/li>\n<li><strong>T\u00f6m\u00edt\u00e9scsere:<\/strong> Rendszeresen ellen\u0151rizze a t\u00f6m\u00edt\u00e9sek kop\u00e1s\u00e1nak jeleit. A t\u00f6m\u00edt\u00e9sek sz\u00fcks\u00e9g szerinti cser\u00e9je megakad\u00e1lyozza a hidraulikafolyad\u00e9k sziv\u00e1rg\u00e1s\u00e1t \u00e9s fenntartja a rendszernyom\u00e1st.<\/li>\n<\/ul>\n<h2>Biztons\u00e1gi szempontok \u00e9s k\u00f6rnyezeti t\u00e9nyez\u0151k<\/h2>\n<p>A biztons\u00e1gi int\u00e9zked\u00e9sek bevezet\u00e9se a hidraulikus hengerek haszn\u00e1lata sor\u00e1n kritikus fontoss\u00e1g\u00fa. A kezel\u0151knek v\u00e9d\u0151felszerel\u00e9st kell viselni\u00fck \u00e9s be kell tartaniuk a biztons\u00e1gi protokollokat a kock\u00e1zatok minimaliz\u00e1l\u00e1sa \u00e9rdek\u00e9ben. Ezenk\u00edv\u00fcl elengedhetetlen a k\u00f6rnyezeti hat\u00e1sok figyelembev\u00e9tele, p\u00e9ld\u00e1ul a hidraulikafolyad\u00e9k esetleges sziv\u00e1rg\u00e1sa, amely k\u00e1ros\u00edthatja az \u00f6kosziszt\u00e9m\u00e1kat. A biol\u00f3giailag leboml\u00f3 hidraulikafolyad\u00e9kok haszn\u00e1lata \u00e9s a ki\u00f6ml\u00e9s elleni int\u00e9zked\u00e9sek bevezet\u00e9se seg\u00edthet cs\u00f6kkenteni a k\u00f6rnyezeti kock\u00e1zatokat.<\/p>\n<h2>Hibaelh\u00e1r\u00edt\u00e1s \u00e9s gyakori probl\u00e9m\u00e1k<\/h2>\n<ul>\n<li><strong>Lass\u00fa hengermozg\u00e1s:<\/strong> Ez alacsony hidraulikafolyad\u00e9k-szintre vagy a rendszerben l\u00e9v\u0151 leveg\u0151re utalhat. Ellen\u0151rizze a folyad\u00e9kszintet, \u00e9s sz\u00fcks\u00e9g eset\u00e9n l\u00e9gtelen\u00edtse a rendszert.<\/li>\n<li><strong>Sziv\u00e1rg\u00e1sok:<\/strong> A t\u00f6m\u00edt\u00e9sek k\u00f6r\u00fcli sziv\u00e1rg\u00e1sok arra utalhatnak, hogy elkoptak \u00e9s cser\u00e9re szorulnak. Rendszeresen ellen\u0151rizze a t\u00f6m\u00edt\u00e9seket, \u00e9s az els\u0151 kop\u00e1si jelre cser\u00e9lje ki \u0151ket.<\/li>\n<li><strong>Szokatlan zajok:<\/strong> A m\u0171k\u00f6d\u00e9s k\u00f6zben hallhat\u00f3 csikorg\u00f3 vagy kattan\u00f3 hangok bels\u0151 s\u00e9r\u00fcl\u00e9sre utalhatnak. Azonnal \u00e1ll\u00edtsa le a m\u0171k\u00f6d\u00e9st, \u00e9s ellen\u0151rizze a henger s\u00e9r\u00fcl\u00e9s\u00e9t.<\/li>\n<\/ul>\n<h2>Hibaelh\u00e1r\u00edt\u00e1si tippek<\/h2>\n<p>A hidraulikus hengerekkel kapcsolatos probl\u00e9m\u00e1k hat\u00e9kony diagnosztiz\u00e1l\u00e1s\u00e1hoz \u00e9s megold\u00e1s\u00e1hoz k\u00f6vesse az al\u00e1bbi tippeket: Kezdje a hidraulikus kapcsol\u00e1si rajzok \u00e1ttekint\u00e9s\u00e9vel, hogy meg\u00e9rtse a rendszer elrendez\u00e9s\u00e9t. Ezut\u00e1n ellen\u0151rizze a folyad\u00e9kszinteket, \u00e9s keressen sziv\u00e1rg\u00e1sokat. Ha a probl\u00e9m\u00e1k tov\u00e1bbra is fenn\u00e1llnak, \u00e9rdemes lehet hidraulikus szakemberrel konzult\u00e1lni a tov\u00e1bbi diagnosztika \u00e9rdek\u00e9ben. A megel\u0151z\u0151 int\u00e9zked\u00e9sek, mint p\u00e9ld\u00e1ul a rendszeres karbantart\u00e1s \u00e9s a kopott alkatr\u00e9szek id\u0151ben t\u00f6rt\u00e9n\u0151 cser\u00e9je, jelent\u0151sen cs\u00f6kkenthetik a probl\u00e9m\u00e1k el\u0151fordul\u00e1s\u00e1nak val\u00f3sz\u00edn\u0171s\u00e9g\u00e9t.<\/p>\n<p><img decoding=\"async\" src=\"https:\/\/www.hydraulic-cylinders.net\/wp-content\/uploads\/2025\/04\/songte-bushings-with-all-kinds-of-excavator-models.webp\" alt=\"Kotr\u00f3g\u00e9pek perselyei\"><\/p>\n<h2>C\u00e9g\u00fcnkr\u0151l<\/h2>\n<p>Vezet\u0151 gy\u00e1rt\u00f3i vagyunk a p\u00f3talkatr\u00e9szk\u00e9nt haszn\u00e1lt hidraulikus hengereknek, \u00e9s a piacok sz\u00e9les sk\u00e1l\u00e1j\u00e1t szolg\u00e1ljuk ki. Kiterjedt term\u00e9kk\u00edn\u00e1latunk a vezet\u0151 hidraulikus hengergy\u00e1rt\u00f3k \u00e9s nagykeresked\u0151k k\u00f6z\u00e9 sorol minket mind belf\u00f6ld\u00f6n, mind nemzetk\u00f6zi szinten. A kiv\u00e1l\u00f3s\u00e1g ir\u00e1nti elk\u00f6telezetts\u00e9g\u00fcnket a legmodernebb gy\u00e1rt\u00e1si strat\u00e9gi\u00e1ink t\u00e1mogatj\u00e1k, amelyek magukban foglalj\u00e1k a fejlett berendez\u00e9seket, a k\u00e9pzett szem\u00e9lyzetet \u00e9s a szigor\u00fa min\u0151s\u00e9gellen\u0151rz\u00e9si rendszereket. Folyamatosan fejlesztj\u00fck gy\u00e1rt\u00e1si platformunkat, hogy nagy hat\u00e9konys\u00e1ggal, pontoss\u00e1ggal \u00e9s min\u0151s\u00e9ggel megfelelj\u00fcnk a v\u00e1ltoz\u00f3 \u00fcgyf\u00e9lig\u00e9nyeknek.<\/p>\n<p>C\u00e9g\u00fcnk er\u0151ss\u00e9gei a speci\u00e1lis szak\u00e9rtelem, a nemzetk\u00f6zi tan\u00fas\u00edtv\u00e1nyok, a testreszabhat\u00f3 szolg\u00e1ltat\u00e1sok \u00e9s a kiv\u00e1l\u00f3 \u00e9rt\u00e9kes\u00edt\u00e9s ut\u00e1ni t\u00e1mogat\u00e1s. B\u00fcszk\u00e9k vagyunk arra, hogy k\u00e9pesek vagyunk olyan term\u00e9keket sz\u00e1ll\u00edtani, amelyek megfelelnek az \u00fcgyfelek speci\u00e1lis ig\u00e9nyeinek, mik\u00f6zben biztos\u00edtj\u00e1k a biztons\u00e1gi \u00e9s teljes\u00edtm\u00e9nybeli szabv\u00e1nyok betart\u00e1s\u00e1t.<\/p>\n<p><img decoding=\"async\" src=\"https:\/\/www.hydraulic-cylinders.net\/wp-content\/uploads\/2025\/04\/songte-company-4.webp\" alt=\"C\u00e9ges l\u00e9tes\u00edtm\u00e9nyek\"><br \/>\n<img decoding=\"async\" src=\"https:\/\/www.hydraulic-cylinders.net\/wp-content\/uploads\/2025\/04\/songte-company-3.webp\" alt=\"C\u00e9ges gy\u00e1rt\u00f3berendez\u00e9sek\"><\/p>\n<p>Szerz\u0151: lyl<\/p>","protected":false},"excerpt":{"rendered":"<p>Boom Cylinder For IHI Small Excavator IHI8ONS Product Overview The boom cylinder for the IHI small excavator IHI8ONS is a critical component designed specifically for controlling the movement of the excavator&#8217;s boom. This hydraulic cylinder enables efficient lifting, lowering, and tilting of the boom, which is essential for performing various material handling tasks. Hydraulic cylinders [&hellip;]<\/p>","protected":false},"featured_media":17878,"comment_status":"open","ping_status":"closed","template":"","meta":{"_et_pb_use_builder":"","_et_pb_old_content":"","_et_gb_content_width":""},"product_brand":[],"product_cat":[1546],"product_tag":[1547,1496],"class_list":{"0":"post-19403","1":"product","2":"type-product","3":"status-publish","4":"has-post-thumbnail","6":"product_cat-boom-cylinders","7":"product_tag-boom-cylinders","8":"product_tag-hydraulic-cylinders","10":"first","11":"instock","12":"shipping-taxable","13":"product-type-simple"},"amp_enabled":true,"_links":{"self":[{"href":"https:\/\/www.hydraulic-cylinders.net\/hu\/wp-json\/wp\/v2\/product\/19403","targetHints":{"allow":["GET"]}}],"collection":[{"href":"https:\/\/www.hydraulic-cylinders.net\/hu\/wp-json\/wp\/v2\/product"}],"about":[{"href":"https:\/\/www.hydraulic-cylinders.net\/hu\/wp-json\/wp\/v2\/types\/product"}],"replies":[{"embeddable":true,"href":"https:\/\/www.hydraulic-cylinders.net\/hu\/wp-json\/wp\/v2\/comments?post=19403"}],"wp:featuredmedia":[{"embeddable":true,"href":"https:\/\/www.hydraulic-cylinders.net\/hu\/wp-json\/wp\/v2\/media\/17878"}],"wp:attachment":[{"href":"https:\/\/www.hydraulic-cylinders.net\/hu\/wp-json\/wp\/v2\/media?parent=19403"}],"wp:term":[{"taxonomy":"product_brand","embeddable":true,"href":"https:\/\/www.hydraulic-cylinders.net\/hu\/wp-json\/wp\/v2\/product_brand?post=19403"},{"taxonomy":"product_cat","embeddable":true,"href":"https:\/\/www.hydraulic-cylinders.net\/hu\/wp-json\/wp\/v2\/product_cat?post=19403"},{"taxonomy":"product_tag","embeddable":true,"href":"https:\/\/www.hydraulic-cylinders.net\/hu\/wp-json\/wp\/v2\/product_tag?post=19403"}],"curies":[{"name":"munkaf\u00fczet","href":"https:\/\/api.w.org\/{rel}","templated":true}]}}