{"id":19410,"date":"2025-04-07T06:33:09","date_gmt":"2025-04-07T06:33:09","guid":{"rendered":"https:\/\/www.hydraulic-cylinders.net\/product\/boom-cylinder-for-bobcat-small-excavator-e324\/"},"modified":"2025-04-07T06:33:12","modified_gmt":"2025-04-07T06:33:12","slug":"boom-cylinder-for-bobcat-small-excavator-e324","status":"publish","type":"product","link":"https:\/\/www.hydraulic-cylinders.net\/hu\/termek\/boom-cylinder-for-bobcat-small-excavator-e324\/","title":{"rendered":"G\u00e9mhenger Bobcat kis kotr\u00f3g\u00e9phez E324"},"content":{"rendered":"<h1>G\u00e9mhenger Bobcat kis kotr\u00f3g\u00e9phez E324<\/h1>\n<h2>Term\u00e9k\u00e1ttekint\u00e9s<\/h2>\n<p>A Bobcat E324 kis kotr\u00f3g\u00e9p g\u00e9mhengere egy kulcsfontoss\u00e1g\u00fa hidraulikus alkatr\u00e9sz, amelyet kifejezetten a kotr\u00f3g\u00e9pek g\u00e9mj\u00e9nek mozg\u00e1s\u00e1nak vez\u00e9rl\u00e9s\u00e9re terveztek. Ez a hidraulikus henger megk\u00f6nny\u00edti a kan\u00e1l emel\u00e9s\u00e9t, s\u00fcllyeszt\u00e9s\u00e9t \u00e9s billent\u00e9s\u00e9t, ami elengedhetetlen a k\u00fcl\u00f6nf\u00e9le anyagmozgat\u00e1si feladatokhoz. A kan\u00e1lhengert \u00fagy tervezt\u00e9k, hogy ellen\u00e1lljon az \u00e9p\u00edt\u00e9si \u00e9s f\u00f6ldmunk\u00e1k tipikus ig\u00e9nyes k\u00f6rnyezeti felt\u00e9teleinek.<\/p>\n<p><img decoding=\"async\" src=\"https:\/\/www.hydraulic-cylinders.net\/wp-content\/uploads\/2025\/04\/songte-company-1.webp\" alt=\"G\u00e9mhenger\"><\/p>\n<h3>Defin\u00edci\u00f3 \u00e9s funkci\u00f3<\/h3>\n<p>A kan\u00e1lhenger, egyfajta hidraulikus henger, kifejezetten a neh\u00e9zg\u00e9pek kanalainak mozg\u00e1s\u00e1nak kezel\u00e9s\u00e9re szolg\u00e1l kotr\u00f3g\u00e9pekben, kotr\u00f3g\u00e9pekben \u00e9s homlokrakod\u00f3kban. Ez a hidraulikus alkatr\u00e9sz a hidraulikus energi\u00e1t mechanikai energi\u00e1v\u00e1 alak\u00edtja, lehet\u0151v\u00e9 t\u00e9ve a kan\u00e1l sz\u00e1m\u00e1ra, hogy hat\u00e9konyan v\u00e9gezzen olyan alapvet\u0151 feladatokat, mint az \u00e1s\u00e1s, az emel\u00e9s \u00e9s az anyagok mozgat\u00e1sa. Ezeknek a hengereknek a kialak\u00edt\u00e1sa a tart\u00f3ss\u00e1got \u00e9s a megb\u00edzhat\u00f3s\u00e1got hangs\u00falyozza, biztos\u00edtva, hogy ellen\u00e1lljanak a nagy nyom\u00e1snak \u00e9s a neh\u00e9z terhel\u00e9seknek k\u00fcl\u00f6nb\u00f6z\u0151 munkak\u00f6r\u00fclm\u00e9nyek k\u00f6z\u00f6tt.<\/p>\n<h2>A g\u00e9mhenger jellemz\u0151i<\/h2>\n<ul>\n<li><strong>Nagy szil\u00e1rds\u00e1g \u00e9s tart\u00f3ss\u00e1g:<\/strong> A nagy szil\u00e1rds\u00e1g\u00fa ac\u00e9lb\u00f3l vagy alum\u00edniumb\u00f3l k\u00e9sz\u00fclt henger nagy nyom\u00e1st \u00e9s nagy terhel\u00e9st b\u00edr ki, \u00edgy alkalmass\u00e1 teszi zord munkak\u00f6rnyezetre. Tervez\u00e9se a kop\u00e1s\u00e1ll\u00f3s\u00e1gra \u00e9s a korr\u00f3zi\u00f3v\u00e9delemre \u00f6sszpontos\u00edt, meghosszabb\u00edtva \u00e9lettartam\u00e1t.<\/li>\n<li><strong>Hat\u00e9kony hidraulikus m\u0171k\u00f6dtet\u00e9s:<\/strong> A hidraulikaolaj nyom\u00e1s\u00e1t kihaszn\u00e1lva a henger biztos\u00edtja a sima ki- \u00e9s visszah\u00faz\u00e1st, gyorsan reag\u00e1l a vez\u00e9rl\u0151parancsokra, \u00e9s jelent\u0151s tol\u00f3- \u00e9s h\u00faz\u00f3er\u0151t biztos\u00edt, ide\u00e1lis neh\u00e9z \u00e9s \u00f6sszetett feladatok kezel\u00e9s\u00e9hez.<\/li>\n<li><strong>K\u00fcl\u00f6nb\u00f6z\u0151 t\u00edpusok:<\/strong> K\u00fcl\u00f6nb\u00f6z\u0151 konfigur\u00e1ci\u00f3kban kaphat\u00f3, bele\u00e9rtve az egyszeres m\u0171k\u00f6d\u00e9s\u0171 (hidraulikus m\u0171k\u00f6d\u00e9s egy ir\u00e1nyban) \u00e9s a kett\u0151s m\u0171k\u00f6d\u00e9s\u0171 (hidraulikus m\u0171k\u00f6d\u00e9s mindk\u00e9t ir\u00e1nyban) t\u00edpusokat. Bizonyos modellek teleszk\u00f3pos kialak\u00edt\u00e1s\u00faak, amelyek nagyobb kiny\u00fal\u00e1st tesznek lehet\u0151v\u00e9 a k\u00fcls\u0151 m\u00e9retek n\u00f6vel\u00e9se n\u00e9lk\u00fcl, \u00edgy sz\u0171k helyeken is alkalmasak.<\/li>\n<li><strong>Sokoldal\u00fa alkalmaz\u00e1sok:<\/strong> A g\u00e9mhenger alkalmazkod\u00f3k\u00e9pess\u00e9ge alkalmass\u00e1 teszi k\u00fcl\u00f6nf\u00e9le alkalmaz\u00e1sokhoz, k\u00fcl\u00f6nb\u00f6z\u0151 g\u00e9pt\u00edpusokon, n\u00f6velve a haszn\u00e1lhat\u00f3s\u00e1g\u00e1t a k\u00fcl\u00f6nb\u00f6z\u0151 ipar\u00e1gakban.<\/li>\n<li><strong>Prec\u00edzi\u00f3s m\u00e9rn\u00f6ki munka:<\/strong> Nagy pontoss\u00e1ggal gy\u00e1rtva, kiv\u00e1l\u00f3 teljes\u00edtm\u00e9nyt \u00e9s kompatibilit\u00e1st biztos\u00edtva a g\u00e9pmodellek sz\u00e9les sk\u00e1l\u00e1j\u00e1val.<\/li>\n<\/ul>\n<p>Mi gy\u00e1rtjuk ezt a term\u00e9ket, \u00e9s hidraulikus hengereink t\u00f6k\u00e9letesen helyettes\u00edthetik a megl\u00e9v\u0151 modelleket.<\/p>\n<p><img decoding=\"async\" src=\"https:\/\/www.hydraulic-cylinders.net\/wp-content\/uploads\/2025\/04\/songte-cylinder-head-with-all-kinds-excavator-models.webp\" alt=\"Hidraulikus henger kotr\u00f3g\u00e9pekhez\"><\/p>\n<h2>A g\u00e9mhenger alkalmaz\u00e1sai<\/h2>\n<h3>\u00c9p\u00edt\u0151ipari berendez\u00e9sek<\/h3>\n<p>Az \u00e9p\u00edt\u0151ipari berendez\u00e9sekben a g\u00e9mhengerek szerves r\u00e9sz\u00e9t k\u00e9pezik a kotr\u00f3g\u00e9peknek, megk\u00f6nny\u00edtve a talaj vagy t\u00f6rmel\u00e9k \u00e1s\u00e1s\u00e1t, rakod\u00e1s\u00e1t \u00e9s mozgat\u00e1s\u00e1t. Ezek biztos\u00edtj\u00e1k a sz\u00fcks\u00e9ges er\u0151t a g\u00e9m kiny\u00fajt\u00e1s\u00e1hoz \u00e9s visszah\u00faz\u00e1s\u00e1hoz, lehet\u0151v\u00e9 t\u00e9ve a hat\u00e9kony m\u0171k\u00f6d\u00e9st a f\u00f6ldmunk\u00e1k sor\u00e1n. A hengerek \u00e1ltal k\u00edn\u00e1lt prec\u00edz vez\u00e9rl\u00e9s biztos\u00edtja az anyagok biztons\u00e1gos \u00e9s hat\u00e9kony kezel\u00e9s\u00e9t, maximaliz\u00e1lva a termel\u00e9kenys\u00e9get a munkater\u00fcleten.<\/p>\n<h3>Mez\u0151gazdas\u00e1gi g\u00e9pek<\/h3>\n<p>A mez\u0151gazdas\u00e1gi g\u00e9pekben a homlokrakod\u00f3k g\u00e9mhengereket haszn\u00e1lnak a talaj, sz\u00e9na \u00e9s egy\u00e9b anyagok mer\u00e9s\u00e9re, emel\u00e9s\u00e9re \u00e9s sz\u00e1ll\u00edt\u00e1s\u00e1ra. Ezek a hengerek hozz\u00e1j\u00e1rulnak a rakod\u00f3k sokoldal\u00fas\u00e1g\u00e1hoz, lehet\u0151v\u00e9 t\u00e9ve sz\u00e1mukra, hogy sz\u00e1mos feladatot ell\u00e1ssanak az anyagok p\u00f3tkocsikra rakod\u00e1s\u00e1t\u00f3l a f\u00f6ldek megtiszt\u00edt\u00e1s\u00e1ig. Megb\u00edzhat\u00f3s\u00e1guk kulcsfontoss\u00e1g\u00fa a mez\u0151gazdas\u00e1gi tev\u00e9kenys\u00e9gek m\u0171k\u00f6d\u00e9si hat\u00e9konys\u00e1g\u00e1nak fenntart\u00e1s\u00e1hoz.<\/p>\n<h3>Kotr\u00f3g\u00e9pek<\/h3>\n<p>A kotr\u00f3g\u00e9pek eset\u00e9ben a g\u00e9mhenger l\u00e9tfontoss\u00e1g\u00fa ahhoz, hogy a kan\u00e1l behatoljon a talajba, megk\u00f6nny\u00edtve az \u00e1s\u00e1si m\u0171veleteket. Ez a hidraulikus alkatr\u00e9sz \u00fagy van kialak\u00edtva, hogy biztos\u00edtsa a sz\u00fcks\u00e9ges er\u0151t a kem\u00e9ny talaj \u00e1tt\u00f6r\u00e9s\u00e9hez, ami elengedhetetlen az alapoz\u00e1si munk\u00e1khoz \u00e9s a terep el\u0151k\u00e9sz\u00edt\u00e9s\u00e9hez. A g\u00e9mhenger hat\u00e9konys\u00e1ga k\u00f6zvetlen\u00fcl befoly\u00e1solja a kotr\u00f3g\u00e9p teljes\u00edtm\u00e9ny\u00e9t \u00e9s termel\u00e9kenys\u00e9g\u00e9t.<\/p>\n<h3>Rakod\u00f3k<\/h3>\n<p>A homlokrakod\u00f3kban a g\u00e9mhengerek hat\u00e9konyan seg\u00edtik a rakom\u00e1nyok emel\u00e9s\u00e9t \u00e9s \u00fcr\u00edt\u00e9s\u00e9t. A kan\u00e1l gyors emel\u00e9s\u00e9re \u00e9s s\u00fcllyeszt\u00e9s\u00e9re val\u00f3 k\u00e9pess\u00e9g\u00fck l\u00e9tfontoss\u00e1g\u00fa olyan m\u0171veletekn\u00e9l, mint az anyagok teheraut\u00f3kba rakod\u00e1sa \u00e9s a k\u00e9szletek kirakod\u00e1sa. Ez a hat\u00e9konys\u00e1g nemcsak id\u0151t takar\u00edt meg, hanem n\u00f6veli a rakod\u00e1si folyamat biztons\u00e1g\u00e1t \u00e9s hat\u00e9konys\u00e1g\u00e1t is.<\/p>\n<h2>Tervez\u00e9si szempontok<\/h2>\n<h3>Teherb\u00edr\u00e1s<\/h3>\n<p>A g\u00e9mhenger tervez\u00e9sekor a teherb\u00edr\u00e1s els\u0151dleges szempont. Ez hat\u00e1rozza meg azt a maxim\u00e1lis s\u00falyt, amelyet a henger biztons\u00e1gosan felemelhet a szerkezeti integrit\u00e1s vesz\u00e9lyeztet\u00e9se n\u00e9lk\u00fcl. A gy\u00e1rt\u00f3knak figyelembe kell venni\u00fck a lehets\u00e9ges t\u00falterhel\u00e9si k\u00f6r\u00fclm\u00e9nyeket, \u00e9s biztos\u00edtaniuk kell, hogy a henger anyaga ellen\u00e1lljon a m\u0171k\u00f6d\u00e9s sor\u00e1n keletkez\u0151 er\u0151knek.<\/p>\n<h3>T\u00f6m\u00edt\u00e9s<\/h3>\n<p>A hat\u00e9kony t\u00f6m\u00edt\u00e9s elengedhetetlen a hidraulikafolyad\u00e9k sziv\u00e1rg\u00e1s\u00e1nak megakad\u00e1lyoz\u00e1s\u00e1hoz \u00e9s a hengeren bel\u00fcli nyom\u00e1s fenntart\u00e1s\u00e1hoz. A tart\u00f3ss\u00e1g \u00e9s a teljes\u00edtm\u00e9ny fokoz\u00e1sa \u00e9rdek\u00e9ben fejlett t\u00f6m\u00edt\u00e9si technol\u00f3gi\u00e1kat alkalmaznak, bele\u00e9rtve a dugatty\u00fat\u00f6m\u00edt\u00e9seket \u00e9s a r\u00fadt\u00f6m\u00edt\u00e9seket, amelyek olyan anyagokb\u00f3l k\u00e9sz\u00fclnek, mint a poliuret\u00e1n \u00e9s a nitrilgumi. A megfelel\u0151 t\u00f6m\u00edt\u00e9s biztos\u00edtja a hidraulikus rendszer hossz\u00fa \u00e9lettartam\u00e1t \u00e9s cs\u00f6kkenti a karbantart\u00e1si ig\u00e9nyt.<\/p>\n<h3>Tart\u00f3ss\u00e1g<\/h3>\n<p>A tart\u00f3ss\u00e1g kritikus t\u00e9nyez\u0151 a hidraulikus hengerek tervez\u00e9s\u00e9n\u00e9l. A felhaszn\u00e1lt anyagoknak ellen\u00e1llniuk kell a kop\u00e1snak, a korr\u00f3zi\u00f3nak \u00e9s a nyom\u00e1s okozta kif\u00e1rad\u00e1snak. A kiv\u00e1l\u00f3 min\u0151s\u00e9g\u0171 anyagok \u00e9s bevonatok jelent\u0151sen meghosszabb\u00edthatj\u00e1k a henger \u00e9lettartam\u00e1t, \u00edgy megb\u00edzhat\u00f3bb\u00e1 teszik azt a zord munkak\u00f6r\u00fclm\u00e9nyek k\u00f6z\u00f6tt.<\/p>\n<h3>Biztons\u00e1g<\/h3>\n<p>A biztons\u00e1gi jellemz\u0151k szerves r\u00e9sz\u00e9t k\u00e9pezik a hidraulikus hengerek tervez\u00e9s\u00e9nek. A gy\u00e1rt\u00f3knak olyan tervez\u00e9si elemeket kell be\u00e9p\u00edteni\u00fck, amelyek megakad\u00e1lyozz\u00e1k a katasztrof\u00e1lis meghib\u00e1sod\u00e1sokat, p\u00e9ld\u00e1ul hasad\u00f3t\u00e1rcs\u00e1kat vagy nyom\u00e1scs\u00f6kkent\u0151 szelepeket, hogy megv\u00e9dj\u00e9k a kezel\u0151ket \u00e9s a g\u00e9peket. Tov\u00e1bb\u00e1 a hengert \u00fagy kell megtervezni, hogy a v\u00e1ratlan terhel\u00e9seket meghib\u00e1sod\u00e1s n\u00e9lk\u00fcl kezelje.<\/p>\n<h3>Karbantarthat\u00f3s\u00e1g<\/h3>\n<p>A k\u00f6nny\u0171 karbantart\u00e1s egy m\u00e1sik fontos szempont. A kialak\u00edt\u00e1snak lehet\u0151v\u00e9 kell tennie a t\u00f6m\u00edt\u00e9sek \u00e9s egy\u00e9b alkatr\u00e9szek egyszer\u0171 ellen\u0151rz\u00e9s\u00e9t \u00e9s cser\u00e9j\u00e9t an\u00e9lk\u00fcl, hogy kiterjedt sz\u00e9tszerel\u00e9sre lenne sz\u00fcks\u00e9g. A karbantart\u00e1si pontokhoz val\u00f3 k\u00f6nny\u0171 hozz\u00e1f\u00e9r\u00e9s seg\u00edthet meghosszabb\u00edtani a henger \u00e9lettartam\u00e1t \u00e9s minimaliz\u00e1lni a jav\u00edt\u00e1sok sor\u00e1n elt\u00f6lt\u00f6tt \u00e1ll\u00e1sid\u0151t.<\/p>\n<p><img decoding=\"async\" src=\"https:\/\/www.hydraulic-cylinders.net\/wp-content\/uploads\/2025\/04\/songte-oil-pipes-and-spare-parts.webp\" alt=\"Olajcs\u00f6vek \u00e9s alkatr\u00e9szek\"><\/p>\n<h2>T\u00f6m\u00edt\u00e9s \u00e9s ken\u00e9s<\/h2>\n<p>A megfelel\u0151 t\u00f6m\u00edt\u00e9s \u00e9s ken\u00e9s elengedhetetlen a hidraulikus hengerek optim\u00e1lis teljes\u00edtm\u00e9ny\u00e9hez. K\u00fcl\u00f6nb\u00f6z\u0151 t\u00f6m\u00edt\u00e9st\u00edpusokat, bele\u00e9rtve a dugatty\u00fat\u00f6m\u00edt\u00e9seket \u00e9s a r\u00fadt\u00f6m\u00edt\u00e9seket, haszn\u00e1lnak a hidraulikus folyad\u00e9k sziv\u00e1rg\u00e1s\u00e1nak megakad\u00e1lyoz\u00e1s\u00e1ra. A t\u00f6m\u00edt\u00e9sek gyakran tart\u00f3s anyagokb\u00f3l, p\u00e9ld\u00e1ul poliuret\u00e1nb\u00f3l \u00e9s nitrilgumib\u00f3l k\u00e9sz\u00fclnek, hogy ellen\u00e1lljanak a hidraulikus alkalmaz\u00e1sok neh\u00e9z k\u00f6r\u00fclm\u00e9nyeinek.<\/p>\n<p>A hengertest \u00e9s a menetes v\u00e9gek apr\u00f3l\u00e9kos megmunk\u00e1l\u00e1son esnek \u00e1t a kop\u00e1s\u00e1ll\u00f3s\u00e1g fokoz\u00e1sa \u00e9s a t\u00f6m\u00f6r t\u00f6m\u00edt\u00e9s biztos\u00edt\u00e1sa \u00e9rdek\u00e9ben. A megfelel\u0151 hidraulikaolajjal t\u00f6rt\u00e9n\u0151 rendszeres ken\u00e9s elengedhetetlen az optim\u00e1lis teljes\u00edtm\u00e9ny fenntart\u00e1s\u00e1hoz, a s\u00farl\u00f3d\u00e1s cs\u00f6kkent\u00e9s\u00e9hez \u00e9s a bels\u0151 alkatr\u00e9szek kop\u00e1s\u00e1nak megakad\u00e1lyoz\u00e1s\u00e1hoz. A hidraulikaolaj szintj\u00e9nek rendszeres ellen\u0151rz\u00e9se \u00e9s felt\u00f6lt\u00e9se sz\u00fcks\u00e9ges a henger hossz\u00fa \u00e9lettartam\u00e1nak \u00e9s hat\u00e9konys\u00e1g\u00e1nak biztos\u00edt\u00e1s\u00e1hoz.<\/p>\n<h2>Megel\u0151z\u0151 karbantart\u00e1si int\u00e9zked\u00e9sek<\/h2>\n<ul>\n<li><strong>Rendszeres ellen\u0151rz\u00e9sek:<\/strong> V\u00e9gezzen rendszeres ellen\u0151rz\u00e9seket a sziv\u00e1rg\u00e1sok, a kop\u00e1s jelei \u00e9s a meghib\u00e1sod\u00e1shoz vezet\u0151 lehets\u00e9ges probl\u00e9m\u00e1k felder\u00edt\u00e9se \u00e9rdek\u00e9ben. A rendszeres ellen\u0151rz\u00e9sek seg\u00edtenek a probl\u00e9m\u00e1k korai azonos\u00edt\u00e1s\u00e1ban, biztos\u00edtj\u00e1k az id\u0151ben t\u00f6rt\u00e9n\u0151 karbantart\u00e1st \u00e9s cs\u00f6kkentik a berendez\u00e9sek \u00e1ll\u00e1sidej\u00e9nek kock\u00e1zat\u00e1t.<\/li>\n<li><strong>Megfelel\u0151 ken\u00e9s:<\/strong> Gy\u0151z\u0151dj\u00f6n meg arr\u00f3l, hogy a hidraulikus rendszer megfelel\u0151en kenve van, hogy minimaliz\u00e1lja a mozg\u00f3 alkatr\u00e9szek k\u00f6z\u00f6tti s\u00farl\u00f3d\u00e1st. Haszn\u00e1lja a gy\u00e1rt\u00f3 \u00e1ltal aj\u00e1nlott hidraulikaolajat, \u00e9s tartsa be a ken\u00e9si \u00fctemtervet az optim\u00e1lis teljes\u00edtm\u00e9ny fenntart\u00e1sa \u00e9rdek\u00e9ben.<\/li>\n<li><strong>T\u00f6m\u00edt\u00e9scsere:<\/strong> Rendszeresen ellen\u0151rizze a t\u00f6m\u00edt\u00e9seket kop\u00e1s vagy s\u00e9r\u00fcl\u00e9s jelei szempontj\u00e1b\u00f3l. A t\u00f6m\u00edt\u00e9sek sz\u00fcks\u00e9g szerinti cser\u00e9je megakad\u00e1lyozhatja a hidraulikafolyad\u00e9k sziv\u00e1rg\u00e1s\u00e1t \u00e9s fenntarthatja a rendszernyom\u00e1st, biztos\u00edtva a hidraulikus rendszer hat\u00e9konys\u00e1g\u00e1t \u00e9s megb\u00edzhat\u00f3s\u00e1g\u00e1t.<\/li>\n<\/ul>\n<h2>Telep\u00edt\u00e9si \u00fatmutat\u00f3<\/h2>\n<p>A g\u00e9mhenger megfelel\u0151 beszerel\u00e9se elengedhetetlen az optim\u00e1lis teljes\u00edtm\u00e9ny \u00e9s a hossz\u00fa \u00e9lettartam biztos\u00edt\u00e1s\u00e1hoz. Kezdje a beszerel\u00e9si ter\u00fclet el\u0151k\u00e9sz\u00edt\u00e9s\u00e9vel, \u00fcgyelve arra, hogy minden alkatr\u00e9sz tiszta \u00e9s t\u00f6rmel\u00e9kmentes legyen. Pontosan igaz\u00edtsa be a hengert, \u00e9s gy\u0151z\u0151dj\u00f6n meg arr\u00f3l, hogy megfelel\u0151en van al\u00e1t\u00e1masztva a megfelel\u0151 r\u00f6gz\u00edt\u0151konzolok seg\u00edts\u00e9g\u00e9vel, hogy elker\u00fclje a m\u0171k\u00f6d\u00e9s k\u00f6zbeni elmozdul\u00e1st.<\/p>\n<p>A telep\u00edt\u00e9s sor\u00e1n elengedhetetlen a gy\u00e1rt\u00f3 nyomat\u00e9k-specifik\u00e1ci\u00f3inak betart\u00e1sa, hogy elker\u00fclje a henger vagy a r\u00f6gz\u00edt\u0151elemek k\u00e1rosod\u00e1s\u00e1t. A telep\u00edt\u00e9s ut\u00e1n ellen\u0151rizze a hidraulikus rendszer sziv\u00e1rg\u00e1s\u00e1t, \u00e9s gy\u0151z\u0151dj\u00f6n meg arr\u00f3l, hogy a henger sim\u00e1n m\u0171k\u00f6dik a teljes mozg\u00e1startom\u00e1ny\u00e1ban. A telep\u00edt\u00e9s ut\u00e1n rendszeres ellen\u0151rz\u00e9seket kell v\u00e9gezni a folyamatos teljes\u00edtm\u00e9ny \u00e9s biztons\u00e1g biztos\u00edt\u00e1sa \u00e9rdek\u00e9ben.<\/p>\n<h2>Gyakori karbantart\u00e1si feladatok<\/h2>\n<ul>\n<li><strong>Rendszeres ellen\u0151rz\u00e9sek:<\/strong> Rendszeresen v\u00e9gezzen alapos ellen\u0151rz\u00e9st a hidraulikus hengeren, hogy azonos\u00edtsa a kop\u00e1s vagy s\u00e9r\u00fcl\u00e9s jeleit. Ez mag\u00e1ban foglalja a sziv\u00e1rg\u00e1sok ellen\u0151rz\u00e9s\u00e9t, a t\u00f6m\u00edt\u00e9sek vizsg\u00e1lat\u00e1t \u00e9s az \u00f6sszes csatlakoz\u00e1s biztons\u00e1gos megl\u00e9t\u00e9nek biztos\u00edt\u00e1s\u00e1t. A rendszeres ellen\u0151rz\u00e9sek seg\u00edtenek a potenci\u00e1lis probl\u00e9m\u00e1k \u00e9szlel\u00e9s\u00e9ben, miel\u0151tt azok s\u00falyosbodn\u00e1nak \u00e9s komolyabb probl\u00e9m\u00e1khoz vezetn\u00e9nek.<\/li>\n<li><strong>Megfelel\u0151 ken\u00e9s:<\/strong> A ken\u00e9s l\u00e9tfontoss\u00e1g\u00fa a henger s\u00farl\u00f3d\u00e1s\u00e1nak \u00e9s kop\u00e1s\u00e1nak cs\u00f6kkent\u00e9se \u00e9rdek\u00e9ben. K\u00f6vesse az aj\u00e1nlott ken\u00e9si \u00fctemtervet, \u00e9s haszn\u00e1lja a megfelel\u0151 hidraulikaolajat a z\u00f6kken\u0151mentes m\u0171k\u00f6d\u00e9s biztos\u00edt\u00e1sa \u00e9rdek\u00e9ben. A megfelel\u0151 ken\u00e9s meghosszabb\u00edtja a hidraulikus rendszer \u00e9lettartam\u00e1t \u00e9s minimaliz\u00e1lja a karbantart\u00e1si ig\u00e9nyeket.<\/li>\n<li><strong>T\u00f6m\u00edt\u00e9scsere:<\/strong> Id\u0151vel a t\u00f6m\u00edt\u00e9sek elkophatnak vagy megs\u00e9r\u00fclhetnek, ami sziv\u00e1rg\u00e1st okozhat. Rendszeresen ellen\u0151rizze a t\u00f6m\u00edt\u00e9seket, \u00e9s sz\u00fcks\u00e9g szerint cser\u00e9lje ki \u0151ket az optim\u00e1lis teljes\u00edtm\u00e9ny fenntart\u00e1sa \u00e9s a folyad\u00e9kvesztes\u00e9g megel\u0151z\u00e9se \u00e9rdek\u00e9ben. A hat\u00e9kony t\u00f6m\u00edt\u00e9s biztos\u00edtja a hidraulikus rendszer hat\u00e9konys\u00e1g\u00e1t \u00e9s n\u00f6veli a biztons\u00e1got.<\/li>\n<\/ul>\n<p>A telep\u00edt\u00e9s sor\u00e1n gy\u0151z\u0151dj\u00f6n meg arr\u00f3l, hogy a henger megfelel\u0151en van be\u00e1ll\u00edtva \u00e9s r\u00f6gz\u00edtve a megfelel\u0151 r\u00f6gz\u00edt\u0151konzolokkal. Ez az igaz\u00edt\u00e1s kulcsfontoss\u00e1g\u00fa a m\u0171k\u00f6d\u00e9s k\u00f6zbeni hib\u00e1s be\u00e1ll\u00edt\u00e1s elker\u00fcl\u00e9se \u00e9rdek\u00e9ben, ami id\u0151 el\u0151tti kop\u00e1shoz \u00e9s meghib\u00e1sod\u00e1shoz vezethet. A karbantart\u00e1si terv r\u00e9szek\u00e9nt vegye figyelembe az aj\u00e1nlott ellen\u0151rz\u00e9si, jav\u00edt\u00e1si \u00e9s csere elj\u00e1r\u00e1sokat a henger \u00e9lettartam\u00e1nak maximaliz\u00e1l\u00e1sa \u00e9rdek\u00e9ben.<\/p>\n<p><img decoding=\"async\" src=\"https:\/\/www.hydraulic-cylinders.net\/wp-content\/uploads\/2025\/04\/songte-chushion-collar.webp\" alt=\"P\u00e1rna gall\u00e9r\"><\/p>\n<h2>Biztons\u00e1gi szempontok<\/h2>\n<p>A hidraulikus hengerek haszn\u00e1lata sor\u00e1n rendk\u00edv\u00fcl fontos a biztons\u00e1gi int\u00e9zked\u00e9sek bevezet\u00e9se. A felhaszn\u00e1l\u00f3knak tiszt\u00e1ban kell lenni\u00fck a henger \u00fczemi korl\u00e1taival, bele\u00e9rtve a teherb\u00edr\u00e1st is, hogy elker\u00fclj\u00e9k a t\u00falterhel\u00e9st, ami katasztrof\u00e1lis meghib\u00e1sod\u00e1sokhoz vezethet. A kezel\u0151k megfelel\u0151 k\u00e9pz\u00e9se a biztons\u00e1gos kezel\u00e9si gyakorlatokr\u00f3l elengedhetetlen a hidraulikus rendszerekkel kapcsolatos kock\u00e1zatok minimaliz\u00e1l\u00e1sa \u00e9rdek\u00e9ben.<\/p>\n<h2>Hibaelh\u00e1r\u00edt\u00e1s \u00e9s gyakori probl\u00e9m\u00e1k<\/h2>\n<ul>\n<li><strong>Sziv\u00e1rg\u00e1si probl\u00e9m\u00e1k:<\/strong> A hidraulikus hengerek egyik leggyakoribb probl\u00e9m\u00e1ja a sziv\u00e1rg\u00e1s, amelyet gyakran a kopott t\u00f6m\u00edt\u00e9sek okoznak. A rendszeres ellen\u0151rz\u00e9sek \u00e9s az id\u0151ben t\u00f6rt\u00e9n\u0151 t\u00f6m\u00edt\u00e9scsere enyh\u00edtheti ezt a probl\u00e9m\u00e1t.<\/li>\n<li><strong>Nyom\u00e1sveszt\u00e9s:<\/strong> A rendszernyom\u00e1s cs\u00f6kken\u00e9se sziv\u00e1rg\u00e1sra vagy dugul\u00e1sra utalhat a hidraulikus vezet\u00e9kekben. A probl\u00e9ma forr\u00e1s\u00e1nak alapos ellen\u0151rz\u00e9ssel t\u00f6rt\u00e9n\u0151 azonos\u00edt\u00e1sa kulcsfontoss\u00e1g\u00fa a hat\u00e9kony megold\u00e1shoz.<\/li>\n<li><strong>Lass\u00fa m\u0171k\u00f6d\u00e9s:<\/strong> Ha a henger a szok\u00e1sosn\u00e1l lassabban m\u0171k\u00f6dik, az ken\u00e9s sz\u00fcks\u00e9gess\u00e9g\u00e9re vagy a hidraulikafolyad\u00e9k potenci\u00e1lis szennyez\u0151d\u00e9s\u00e9re utalhat. A probl\u00e9ma megel\u0151z\u00e9se \u00e9rdek\u00e9ben rendszeres karbantart\u00e1sra \u00e9s a folyad\u00e9kmin\u0151s\u00e9g ellen\u0151rz\u00e9s\u00e9re van sz\u00fcks\u00e9g.<\/li>\n<\/ul>\n<p>Ezen probl\u00e9m\u00e1k hat\u00e9kony diagnosztiz\u00e1l\u00e1sa \u00e9s megold\u00e1sa \u00e9rdek\u00e9ben a felhaszn\u00e1l\u00f3knak szisztematikus megk\u00f6zel\u00edt\u00e9st kell k\u00f6vetni\u00fck, amely mag\u00e1ban foglalja a t\u00f6m\u00edt\u00e9sek ellen\u0151rz\u00e9s\u00e9t, a vezet\u00e9kek elt\u00f6m\u0151d\u00e9s\u00e9nek vizsg\u00e1lat\u00e1t \u00e9s a megfelel\u0151 ken\u00e9s biztos\u00edt\u00e1s\u00e1t. A megel\u0151z\u0151 int\u00e9zked\u00e9sek, mint p\u00e9ld\u00e1ul a rendszeres karbantart\u00e1s \u00e9s ellen\u0151rz\u00e9sek, jelent\u0151sen cs\u00f6kkenthetik ezen probl\u00e9m\u00e1k el\u0151fordul\u00e1s\u00e1nak val\u00f3sz\u00edn\u0171s\u00e9g\u00e9t.<\/p>\n<p><img decoding=\"async\" src=\"https:\/\/www.hydraulic-cylinders.net\/wp-content\/uploads\/2025\/04\/songte-bushings-with-all-kinds-of-excavator-models.webp\" alt=\"Perselyek kotr\u00f3g\u00e9p modellekhez\"><\/p>\n<h2>C\u00e9ginform\u00e1ci\u00f3<\/h2>\n<p>A hidraulikus munkahengerek vezet\u0151 gy\u00e1rt\u00f3jak\u00e9nt sz\u00e9les term\u00e9kv\u00e1laszt\u00e9kot k\u00edn\u00e1lunk, amely kiemelked\u0151 szerepl\u0151v\u00e9 tesz minket mind a hazai, mind a nemzetk\u00f6zi piacokon. A kiv\u00e1l\u00f3s\u00e1g ir\u00e1nti elk\u00f6telezetts\u00e9g\u00fcnk nyilv\u00e1nval\u00f3 a gondosan kidolgozott gy\u00e1rt\u00e1si folyamatainkban, amelyeket az ipari termel\u00e9sir\u00e1ny\u00edt\u00e1s strat\u00e9gi\u00e1ja vez\u00e9rel.<\/p>\n<p>Folyamatosan fejlesztj\u00fck gy\u00e1rt\u00e1si platformunkat technol\u00f3giai szak\u00e9rtelem, cs\u00facskateg\u00f3ri\u00e1s digit\u00e1lis gy\u00e1rt\u00f3berendez\u00e9sek \u00e9s speci\u00e1lis tesztel\u0151rendszerek integr\u00e1ci\u00f3j\u00e1val. Ez az elk\u00f6telezetts\u00e9g lehet\u0151v\u00e9 teszi sz\u00e1munkra, hogy sz\u00e9les k\u00f6r\u0171 \u00fcgyf\u00e9lig\u00e9nyeket el\u00e9g\u00edts\u00fcnk ki nagy hat\u00e9konys\u00e1ggal, pontoss\u00e1ggal \u00e9s min\u0151s\u00e9gben.<\/p>\n<p><img decoding=\"async\" src=\"https:\/\/www.hydraulic-cylinders.net\/wp-content\/uploads\/2025\/04\/songte-company-4.webp\" alt=\"C\u00e9ginform\u00e1ci\u00f3\"><br \/>\n<img decoding=\"async\" src=\"https:\/\/www.hydraulic-cylinders.net\/wp-content\/uploads\/2025\/04\/songte-company-3.webp\" alt=\"C\u00e9ggy\u00e1rt\u00e1s\"><\/p>\n<h2>K\u00f6vetkeztet\u00e9s<\/h2>\n<p>\u00d6sszefoglalva, a Bobcat E324 kis kotr\u00f3g\u00e9p g\u00e9mhengere l\u00e9tfontoss\u00e1g\u00fa alkatr\u00e9sz, amely biztos\u00edtja a neh\u00e9zg\u00e9pek hat\u00e9kony m\u0171k\u00f6d\u00e9s\u00e9t k\u00fcl\u00f6nf\u00e9le alkalmaz\u00e1sokban. A tart\u00f3ss\u00e1gra, a biztons\u00e1gra \u00e9s a teljes\u00edtm\u00e9nyre \u00f6sszpontos\u00edtva hidraulikus hengereinket \u00fagy tervezt\u00fck, hogy megfeleljenek az ipar\u00e1g szigor\u00fa k\u00f6vetelm\u00e9nyeinek, mik\u00f6zben optim\u00e1lis szolg\u00e1ltat\u00e1st \u00e9s megb\u00edzhat\u00f3s\u00e1got ny\u00fajtanak.<\/p>\n<p>Szerz\u0151: lyl<\/p>","protected":false},"excerpt":{"rendered":"<p>Boom Cylinder For Bobcat Small Excavator E324 Product Overview The Boom Cylinder for Bobcat Small Excavator E324 is a crucial hydraulic component designed specifically for controlling the movement of the boom on excavators. This hydraulic cylinder facilitates the lifting, lowering, and tilting of the bucket, which is essential for various material handling tasks. The bucket [&hellip;]<\/p>","protected":false},"featured_media":17870,"comment_status":"open","ping_status":"closed","template":"","meta":{"_et_pb_use_builder":"","_et_pb_old_content":"","_et_gb_content_width":""},"product_brand":[],"product_cat":[1546],"product_tag":[1547,1496],"class_list":{"0":"post-19410","1":"product","2":"type-product","3":"status-publish","4":"has-post-thumbnail","6":"product_cat-boom-cylinders","7":"product_tag-boom-cylinders","8":"product_tag-hydraulic-cylinders","10":"first","11":"instock","12":"shipping-taxable","13":"product-type-simple"},"amp_enabled":true,"_links":{"self":[{"href":"https:\/\/www.hydraulic-cylinders.net\/hu\/wp-json\/wp\/v2\/product\/19410","targetHints":{"allow":["GET"]}}],"collection":[{"href":"https:\/\/www.hydraulic-cylinders.net\/hu\/wp-json\/wp\/v2\/product"}],"about":[{"href":"https:\/\/www.hydraulic-cylinders.net\/hu\/wp-json\/wp\/v2\/types\/product"}],"replies":[{"embeddable":true,"href":"https:\/\/www.hydraulic-cylinders.net\/hu\/wp-json\/wp\/v2\/comments?post=19410"}],"wp:featuredmedia":[{"embeddable":true,"href":"https:\/\/www.hydraulic-cylinders.net\/hu\/wp-json\/wp\/v2\/media\/17870"}],"wp:attachment":[{"href":"https:\/\/www.hydraulic-cylinders.net\/hu\/wp-json\/wp\/v2\/media?parent=19410"}],"wp:term":[{"taxonomy":"product_brand","embeddable":true,"href":"https:\/\/www.hydraulic-cylinders.net\/hu\/wp-json\/wp\/v2\/product_brand?post=19410"},{"taxonomy":"product_cat","embeddable":true,"href":"https:\/\/www.hydraulic-cylinders.net\/hu\/wp-json\/wp\/v2\/product_cat?post=19410"},{"taxonomy":"product_tag","embeddable":true,"href":"https:\/\/www.hydraulic-cylinders.net\/hu\/wp-json\/wp\/v2\/product_tag?post=19410"}],"curies":[{"name":"munkaf\u00fczet","href":"https:\/\/api.w.org\/{rel}","templated":true}]}}