{"id":19412,"date":"2025-04-07T06:33:15","date_gmt":"2025-04-07T06:33:15","guid":{"rendered":"https:\/\/www.hydraulic-cylinders.net\/product\/boom-cylinder-for-bobcat-small-excavator-e35i\/"},"modified":"2025-04-07T06:33:17","modified_gmt":"2025-04-07T06:33:17","slug":"boom-cylinder-for-bobcat-small-excavator-e35i","status":"publish","type":"product","link":"https:\/\/www.hydraulic-cylinders.net\/hu\/termek\/boom-cylinder-for-bobcat-small-excavator-e35i\/","title":{"rendered":"G\u00e9mhenger Bobcat E35i kis kotr\u00f3g\u00e9phez"},"content":{"rendered":"<h1>G\u00e9mhenger Bobcat E35i kis kotr\u00f3g\u00e9phez<\/h1>\n<h2>Bevezet\u00e9s a g\u00e9mhengerbe<\/h2>\n<p>A <strong>G\u00e9mhenger<\/strong> A kan\u00e1lhenger kulcsfontoss\u00e1g\u00fa eleme a hidraulikus rendszereknek, k\u00fcl\u00f6n\u00f6sen a neh\u00e9zg\u00e9peknek, p\u00e9ld\u00e1ul a kotr\u00f3g\u00e9peknek, kotr\u00f3g\u00e9peknek \u00e9s homlokrakod\u00f3knak. Ez a hidraulikus henger vez\u00e9rli a kan\u00e1l mozg\u00e1s\u00e1t, lehet\u0151v\u00e9 t\u00e9ve az emel\u00e9s\u00e9t, s\u00fcllyeszt\u00e9s\u00e9t \u00e9s billent\u00e9s\u00e9t, ez\u00e1ltal megk\u00f6nny\u00edtve a k\u00fcl\u00f6nf\u00e9le anyagmozgat\u00e1si feladatokat. A kan\u00e1lhenger, amelyet kifejezetten a m\u0171k\u00f6d\u00e9si hat\u00e9konys\u00e1g fokoz\u00e1s\u00e1ra terveztek, jelent\u0151s szerepet j\u00e1tszik ezeknek a g\u00e9peknek a m\u0171k\u00f6d\u00e9s\u00e9ben. Kialak\u00edt\u00e1sa biztos\u00edtja, hogy ellen\u00e1lljon a nagy nyom\u00e1snak \u00e9s a neh\u00e9z terhel\u00e9seknek, \u00edgy alkalmass\u00e1 teszi a neh\u00e9z munkak\u00f6rnyezetekre.<\/p>\n<p><img decoding=\"async\" src=\"https:\/\/www.hydraulic-cylinders.net\/wp-content\/uploads\/2025\/04\/songte-company-1.webp\" alt=\"G\u00e9mhenger\"><\/p>\n<h2>A g\u00e9mhenger jellemz\u0151i<\/h2>\n<ul>\n<li><strong>Nagy szil\u00e1rds\u00e1g \u00e9s tart\u00f3ss\u00e1g:<\/strong> Nagy szil\u00e1rds\u00e1g\u00fa ac\u00e9lb\u00f3l vagy alum\u00edniumb\u00f3l k\u00e9sz\u00fclt, \u00edgy nagy nyom\u00e1st \u00e9s nagy terhel\u00e9st b\u00edr ki, \u00edgy alkalmas zord munkak\u00f6r\u00fclm\u00e9nyekre, mik\u00f6zben hossz\u00fa \u00e9lettartamot biztos\u00edt.<\/li>\n<li><strong>Hat\u00e9kony hidraulikus m\u0171k\u00f6dtet\u00e9s:<\/strong> A hidraulikaolaj nyom\u00e1s\u00e1t haszn\u00e1lja a sima kiny\u00fajt\u00e1shoz \u00e9s visszah\u00faz\u00e1shoz, gyors reag\u00e1l\u00e1st biztos\u00edtva a vez\u00e9rl\u0151parancsokra, valamint er\u0151teljes tol\u00f3- \u00e9s h\u00faz\u00f3er\u0151t biztos\u00edtva, \u00edgy ide\u00e1lis neh\u00e9z \u00e9s \u00f6sszetett feladatokhoz.<\/li>\n<li><strong>K\u00fcl\u00f6nb\u00f6z\u0151 t\u00edpusok:<\/strong> Kaphat\u00f3 egyszeres m\u0171k\u00f6d\u00e9s\u0171 (egy ir\u00e1nyban m\u0171k\u00f6d\u0151) vagy kett\u0151s m\u0171k\u00f6d\u00e9s\u0171 (mindk\u00e9t ir\u00e1nyban m\u0171k\u00f6d\u0151) hengerekkel a v\u00e1ltozatos m\u0171k\u00f6d\u00e9si ig\u00e9nyek kiel\u00e9g\u00edt\u00e9s\u00e9re, bizonyos modellek teleszk\u00f3pos m\u0171k\u00f6d\u00e9sre is alkalmasak, hogy nagyobb kiny\u00fal\u00e1st tegyenek lehet\u0151v\u00e9 a k\u00fcls\u0151 m\u00e9retek n\u00f6vel\u00e9se n\u00e9lk\u00fcl, \u00edgy t\u00f6k\u00e9letesek a helysz\u0171k\u00e9ben l\u00e9v\u0151 alkalmaz\u00e1sokhoz.<\/li>\n<li><strong>Egyedi gy\u00e1rt\u00e1s:<\/strong> Gy\u00e1rt\u00e1si kapacit\u00e1sunk lehet\u0151v\u00e9 teszi sz\u00e1munkra, hogy olyan hengereket hozzunk l\u00e9tre, amelyek t\u00f6k\u00e9letesen helyettes\u00edtik a megl\u00e9v\u0151 hidraulikus hengereket, biztos\u00edtva a kompatibilit\u00e1st \u00e9s a teljes\u00edtm\u00e9nyt.<\/li>\n<\/ul>\n<p><img decoding=\"async\" src=\"https:\/\/www.hydraulic-cylinders.net\/wp-content\/uploads\/2025\/04\/songte-cylinder-head-with-all-kinds-excavator-models.webp\" alt=\"G\u00e9mhenger egyedi gy\u00e1rt\u00e1sa\"><\/p>\n<h2>Alkalmaz\u00e1si forgat\u00f3k\u00f6nyvek<\/h2>\n<h3>\u00c9p\u00edt\u0151ipari berendez\u00e9sek<\/h3>\n<p>A kotr\u00f3g\u00e9pekn\u00e9l a g\u00e9mhenger l\u00e9tfontoss\u00e1g\u00fa az \u00e1s\u00e1shoz, a rakod\u00e1shoz \u00e9s a talaj vagy t\u00f6rmel\u00e9k mozgat\u00e1s\u00e1hoz. Lehet\u0151v\u00e9 teszi a prec\u00edz vez\u00e9rl\u00e9st a f\u00f6ldmunka sor\u00e1n, lehet\u0151v\u00e9 t\u00e9ve a kezel\u0151k sz\u00e1m\u00e1ra, hogy hat\u00e9konyan \u00e9s eredm\u00e9nyesen v\u00e9gezz\u00e9k el a feladataikat. A kotr\u00f3g\u00e9p-rakod\u00f3kn\u00e1l a henger jelent\u0151sen hozz\u00e1j\u00e1rul mind az \u00e1s\u00e1shoz, mind az emel\u00e9shez, n\u00f6velve a g\u00e9p sokoldal\u00fas\u00e1g\u00e1t a k\u00fcl\u00f6nf\u00e9le \u00e9p\u00edt\u00e9si feladatokban.<\/p>\n<h3>Mez\u0151gazdas\u00e1gi g\u00e9pek<\/h3>\n<p>A homlokrakod\u00f3kban a g\u00e9mhengereket talaj, sz\u00e9na \u00e9s egy\u00e9b anyagok mer\u00e9s\u00e9re, emel\u00e9s\u00e9re \u00e9s sz\u00e1ll\u00edt\u00e1s\u00e1ra haszn\u00e1lj\u00e1k. Megk\u00f6nny\u00edtik a neh\u00e9z terhek mozgat\u00e1s\u00e1t, jav\u00edtva a termel\u00e9kenys\u00e9get a mez\u0151gazdas\u00e1gi m\u0171veletekben, ahol az id\u0151 \u00e9s a hat\u00e9konys\u00e1g kulcsfontoss\u00e1g\u00fa.<\/p>\n<h3>Kotr\u00f3g\u00e9pek<\/h3>\n<p>A g\u00e9mhenger lehet\u0151v\u00e9 teszi a kotr\u00f3g\u00e9pek sz\u00e1m\u00e1ra, hogy hat\u00e9konyan behatoljanak a talajba. Ez elengedhetetlenn\u00e9 teszi a k\u00fcl\u00f6nf\u00e9le \u00e1s\u00e1si m\u0171veletekhez, biztos\u00edtva, hogy a kan\u00e1l el\u00e9rje a k\u00edv\u00e1nt m\u00e9lys\u00e9get, mik\u00f6zben a folyamat sor\u00e1n meg\u0151rzi a stabilit\u00e1st \u00e9s az ir\u00e1ny\u00edthat\u00f3s\u00e1got.<\/p>\n<h3>Rakod\u00f3k<\/h3>\n<p>A homlokrakod\u00f3kban a g\u00e9mhengerek seg\u00edtik az anyagok emel\u00e9s\u00e9t \u00e9s \u00fcr\u00edt\u00e9s\u00e9t, kritikus szerepet j\u00e1tszva az anyagmozgat\u00e1sban. Biztos\u00edtj\u00e1k, hogy a g\u00e9p z\u00f6kken\u0151mentesen tudja elv\u00e9gezni ezeket a feladatokat, ez\u00e1ltal n\u00f6velve az \u00e1ltal\u00e1nos m\u0171k\u00f6d\u00e9si hat\u00e9konys\u00e1got.<\/p>\n<h2>Tervez\u00e9si szempontok \u00e9s kiv\u00e1laszt\u00e1si krit\u00e9riumok<\/h2>\n<h3>Teherb\u00edr\u00e1s<\/h3>\n<p>A g\u00e9mhenger kiv\u00e1laszt\u00e1sakor a teherb\u00edr\u00e1s alapvet\u0151 szempont. Ez arra a maxim\u00e1lis s\u00falyra utal, amelyet a henger elb\u00edr an\u00e9lk\u00fcl, hogy vesz\u00e9lyeztetn\u00e9 az integrit\u00e1s\u00e1t vagy a m\u0171k\u00f6d\u00e9si hat\u00e9konys\u00e1g\u00e1t. A megfelel\u0151en m\u00e9retezett teherb\u00edr\u00e1s biztos\u00edtja, hogy a henger optim\u00e1lisan teljes\u00edtsen val\u00f3s munkak\u00f6r\u00fclm\u00e9nyek k\u00f6z\u00f6tt, megakad\u00e1lyozva az olyan meghib\u00e1sod\u00e1sokat, amelyek \u00fczemi le\u00e1ll\u00e1shoz vagy biztons\u00e1gi kock\u00e1zatokhoz vezethetnek.<\/p>\n<h3>T\u00f6m\u00edt\u00e9si teljes\u00edtm\u00e9ny<\/h3>\n<p>A hidraulikus hengerek t\u00f6m\u00edt\u0151rendszerei kritikus fontoss\u00e1g\u00faak a folyad\u00e9ksziv\u00e1rg\u00e1sok megakad\u00e1lyoz\u00e1sa \u00e9s a hat\u00e9kony m\u0171k\u00f6d\u00e9s biztos\u00edt\u00e1sa \u00e9rdek\u00e9ben. Elengedhetetlen a kiv\u00e1l\u00f3 min\u0151s\u00e9g\u0171 t\u00f6m\u00edt\u00e9sek, p\u00e9ld\u00e1ul a tart\u00f3s anyagokb\u00f3l k\u00e9sz\u00fclt dugatty\u00fa- \u00e9s r\u00fadt\u00f6m\u00edt\u00e9sek haszn\u00e1lata. Ezeket a t\u00f6m\u00edt\u00e9seket \u00fagy kell megtervezni, hogy ellen\u00e1lljanak a nagy nyom\u00e1snak \u00e9s megakad\u00e1lyozz\u00e1k a szennyez\u0151d\u00e9st, ami jelent\u0151sen befoly\u00e1solhatja a teljes\u00edtm\u00e9nyt \u00e9s a hossz\u00fa \u00e9lettartamot.<\/p>\n<h3>Tart\u00f3ss\u00e1g<\/h3>\n<p>A tart\u00f3ss\u00e1g l\u00e9tfontoss\u00e1g\u00fa a hidraulikus hengerek eset\u00e9ben, k\u00fcl\u00f6n\u00f6sen ig\u00e9nyes k\u00f6rnyezetben. Elengedhetetlen olyan anyagok kiv\u00e1laszt\u00e1sa, amelyek ellen\u00e1llnak a kop\u00e1snak, a korr\u00f3zi\u00f3nak \u00e9s a nagy nyom\u00e1snak. Ez mag\u00e1ban foglalja azokat a bevonatokat is, amelyek tov\u00e1bbi v\u00e9delmet ny\u00fajtanak a k\u00f6rnyezeti t\u00e9nyez\u0151kkel szemben, ez\u00e1ltal meghosszabb\u00edtva a henger \u00e9lettartam\u00e1t \u00e9s cs\u00f6kkentve a karbantart\u00e1si ig\u00e9nyt.<\/p>\n<h3>Biztons\u00e1gi funkci\u00f3k<\/h3>\n<p>A hidraulikus hengerek tervez\u00e9sekor a biztons\u00e1g kiemelked\u0151 fontoss\u00e1g\u00fa. Az olyan jellemz\u0151k, mint a nyom\u00e1scs\u00f6kkent\u0151 szelepek \u00e9s a biztons\u00e1gi mechanizmusok elengedhetetlenek a v\u00e1ratlan meghib\u00e1sod\u00e1sok megel\u0151z\u00e9s\u00e9hez. Ezek a biztons\u00e1gi int\u00e9zked\u00e9sek mind a kezel\u0151t, mind a berendez\u00e9st v\u00e9dik, biztos\u00edtva, hogy a rendszer mindenkor biztons\u00e1gos param\u00e9tereken bel\u00fcl m\u0171k\u00f6dj\u00f6n.<\/p>\n<h3>Karbantart\u00e1si hozz\u00e1f\u00e9rhet\u0151s\u00e9g<\/h3>\n<p>A karbantart\u00e1s egyszer\u0171s\u00e9g\u00e9t is figyelembe kell venni a henger kiv\u00e1laszt\u00e1sakor. Az olyan kialak\u00edt\u00e1sok, amelyek lehet\u0151v\u00e9 teszik az alkatr\u00e9szekhez val\u00f3 egyszer\u0171 hozz\u00e1f\u00e9r\u00e9st ellen\u0151rz\u00e9s, ken\u00e9s \u00e9s jav\u00edt\u00e1s c\u00e9lj\u00e1b\u00f3l, hossz\u00fa t\u00e1von id\u0151t \u00e9s k\u00f6lts\u00e9geket takar\u00edthatnak meg. Ez mag\u00e1ban foglalja azokat a funkci\u00f3kat is, amelyek megk\u00f6nny\u00edtik a sz\u00e9tszerel\u00e9st \u00e9s az \u00f6sszeszerel\u00e9st, biztos\u00edtva a rendszeres karbantart\u00e1s hat\u00e9kony elv\u00e9gz\u00e9s\u00e9t.<\/p>\n<p><img decoding=\"async\" src=\"https:\/\/www.hydraulic-cylinders.net\/wp-content\/uploads\/2025\/04\/songte-oil-pipes-and-spare-parts.webp\" alt=\"Hidraulikus alkatr\u00e9szek\"><\/p>\n<h2>T\u00f6m\u00edt\u00e9s \u00e9s ken\u00e9s<\/h2>\n<p>A hat\u00e9kony t\u00f6m\u00edt\u00e9s \u00e9s ken\u00e9s kritikus fontoss\u00e1g\u00fa a hidraulikus hengerek m\u0171k\u00f6d\u00e9s\u00e9hez. K\u00fcl\u00f6nb\u00f6z\u0151 t\u00f6m\u00edt\u0151elemeket, p\u00e9ld\u00e1ul dugatty\u00fat\u00f6m\u00edt\u00e9seket \u00e9s r\u00fadt\u00f6m\u00edt\u00e9seket alkalmaznak a sziv\u00e1rg\u00e1s megakad\u00e1lyoz\u00e1s\u00e1ra \u00e9s a hat\u00e9kony nyom\u00e1start\u00e1s biztos\u00edt\u00e1s\u00e1ra. Gyakran haszn\u00e1lnak poliuret\u00e1nb\u00f3l \u00e9s nitrilgumib\u00f3l k\u00e9sz\u00fclt t\u00f6m\u00edt\u00e9seket kop\u00e1s\u00e1ll\u00f3s\u00e1guk \u00e9s tart\u00f3ss\u00e1guk miatt. Ezenk\u00edv\u00fcl a hengertestet \u00e9s a menetes v\u00e9gfel\u00fcleteket finoman pol\u00edrozz\u00e1k a kop\u00e1s\u00e1ll\u00f3s\u00e1g fokoz\u00e1sa \u00e9rdek\u00e9ben. A megfelel\u0151 mennyis\u00e9g\u0171 hidraulikaolajjal t\u00f6rt\u00e9n\u0151 rendszeres ken\u00e9s elengedhetetlen a z\u00f6kken\u0151mentes m\u0171k\u00f6d\u00e9s fenntart\u00e1s\u00e1hoz \u00e9s a kop\u00e1s megel\u0151z\u00e9s\u00e9hez.<\/p>\n<h2>Rendszeres ellen\u0151rz\u00e9s \u00e9s megel\u0151z\u0151 karbantart\u00e1s<\/h2>\n<ul>\n<li><strong>Rutinszer\u0171 ellen\u0151rz\u00e9sek:<\/strong> Rendszeres ellen\u0151rz\u00e9seket v\u00e9gezzen a kop\u00e1s vagy s\u00e9r\u00fcl\u00e9s jeleinek korai azonos\u00edt\u00e1sa \u00e9rdek\u00e9ben. Keressen sziv\u00e1rg\u00e1sokat, szokatlan zajokat vagy teljes\u00edtm\u00e9nyprobl\u00e9m\u00e1kat, amelyek a m\u00f6g\u00f6ttes probl\u00e9m\u00e1kra utalhatnak.<\/li>\n<li><strong>Megfelel\u0151 ken\u00e9s:<\/strong> Gy\u0151z\u0151dj\u00f6n meg arr\u00f3l, hogy a hidraulikaolaj szintje optim\u00e1lis, \u00e9s hogy a ken\u00e9s minden mozg\u00f3 alkatr\u00e9szen megfelel\u0151en van elosztva. Ez megakad\u00e1lyozza a t\u00falzott s\u00farl\u00f3d\u00e1st \u00e9s kop\u00e1st, meghosszabb\u00edtva a henger \u00e9lettartam\u00e1t.<\/li>\n<li><strong>T\u00f6m\u00edt\u00e9scsere:<\/strong> Rendszeresen ellen\u0151rizze a t\u00f6m\u00edt\u00e9sek \u00e1llapot\u00e1t, \u00e9s sz\u00fcks\u00e9g szerint cser\u00e9lje ki \u0151ket. A kopott t\u00f6m\u00edt\u00e9sek folyad\u00e9ksziv\u00e1rg\u00e1st okozhatnak, cs\u00f6kkentve a rendszer hat\u00e9konys\u00e1g\u00e1t \u00e9s n\u00f6velve a meghib\u00e1sod\u00e1s kock\u00e1zat\u00e1t.<\/li>\n<\/ul>\n<h2>Telep\u00edt\u00e9si \u00fatmutat\u00f3<\/h2>\n<p>A g\u00e9mhenger megfelel\u0151 beszerel\u00e9se elengedhetetlen az optim\u00e1lis teljes\u00edtm\u00e9nyhez. Kezdje azzal, hogy minden alkatr\u00e9sz tiszta \u00e9s t\u00f6rmel\u00e9kmentes. Igaz\u00edtsa pontosan a hengert a r\u00f6gz\u00edt\u00e9si pontokhoz, megfelel\u0151 konzolokat haszn\u00e1lva a t\u00e1maszt\u00e1shoz. A stabilit\u00e1s biztos\u00edt\u00e1sa \u00e9rdek\u00e9ben h\u00fazza meg az \u00f6sszes csavart a gy\u00e1rt\u00f3 el\u0151\u00edr\u00e1sainak megfelel\u0151en. A beszerel\u00e9s ut\u00e1n ellen\u0151rizze a be\u00e1ll\u00edt\u00e1st, hogy megbizonyosodjon a henger sim\u00e1n m\u0171k\u00f6d\u00e9s\u00e9r\u0151l. Fontos az is, hogy a rendszert felt\u00f6ltse hidraulikaolajjal, \u00e9s elv\u00e9gezzen egy m\u0171k\u00f6d\u00e9si tesztet, miel\u0151tt a berendez\u00e9st teljes m\u00e9rt\u00e9kben \u00fczembe helyezn\u00e9.<\/p>\n<h2>Karbantart\u00e1si feladatok<\/h2>\n<ul>\n<li><strong>Rendszeres ellen\u0151rz\u00e9sek:<\/strong> A kop\u00e1s vagy s\u00e9r\u00fcl\u00e9s jeleinek rendszeres ellen\u0151rz\u00e9se megel\u0151zheti a nagyobb probl\u00e9m\u00e1kat k\u00e9s\u0151bb. M\u0171k\u00f6d\u00e9s k\u00f6zben keressen sziv\u00e1rg\u00e1sokat vagy szokatlan zajokat.<\/li>\n<li><strong>Megfelel\u0151 ken\u00e9s:<\/strong> Haszn\u00e1lja az aj\u00e1nlott hidraulikaolajat, \u00e9s \u00fcgyeljen a megfelel\u0151 szintre, hogy elker\u00fclje az alkatr\u00e9szek t\u00falzott kop\u00e1s\u00e1t \u00e9s elhaszn\u00e1l\u00f3d\u00e1s\u00e1t.<\/li>\n<li><strong>T\u00f6m\u00edt\u00e9s csere \u00e9s kalibr\u00e1l\u00e1s:<\/strong> Rendszeresen cser\u00e9lje ki a kopott t\u00f6m\u00edt\u00e9seket, \u00e9s kalibr\u00e1lja a rendszert, hogy biztos\u00edtsa a tervezett m\u0171k\u00f6d\u00e9st. Ez kulcsfontoss\u00e1g\u00fa a biztons\u00e1g \u00e9s a hat\u00e9konys\u00e1g fenntart\u00e1sa \u00e9rdek\u00e9ben.<\/li>\n<\/ul>\n<h2>Biztons\u00e1gi szempontok \u00e9s k\u00f6rnyezeti t\u00e9nyez\u0151k<\/h2>\n<p>A hidraulikus hengerek kezel\u00e9sekor elengedhetetlen a biztons\u00e1gi int\u00e9zked\u00e9sek betart\u00e1sa. A kezel\u0151knek megfelel\u0151 szem\u00e9lyi v\u00e9d\u0151felszerel\u00e9st (PPE) kell viselni\u00fck, \u00e9s be kell tartaniuk a vonatkoz\u00f3 biztons\u00e1gi protokollokat a kock\u00e1zatok minimaliz\u00e1l\u00e1sa \u00e9rdek\u00e9ben. A rendszeres biztons\u00e1gi k\u00e9pz\u00e9s seg\u00edthet megel\u0151zni a baleseteket, \u00e9s biztos\u00edthatja, hogy minden szem\u00e9lyzet tiszt\u00e1ban legyen a hidraulikus rendszerekkel kapcsolatos lehets\u00e9ges vesz\u00e9lyekkel.<\/p>\n<h2>Hibaelh\u00e1r\u00edt\u00e1s \u00e9s gyakori probl\u00e9m\u00e1k<\/h2>\n<ul>\n<li><strong>Sziv\u00e1rg\u00e1s:<\/strong> Ha olaj sziv\u00e1rog a hengerb\u0151l, ellen\u0151rizze a t\u00f6m\u00edt\u00e9seket kop\u00e1s vagy s\u00e9r\u00fcl\u00e9s szempontj\u00e1b\u00f3l. A t\u00f6m\u00edt\u00e9sek cser\u00e9je megoldhatja a probl\u00e9m\u00e1t.<\/li>\n<li><strong>Lass\u00fa m\u0171k\u00f6d\u00e9s:<\/strong> Ha a henger lassan m\u0171k\u00f6dik, ellen\u0151rizze a hidraulikafolyad\u00e9k szintj\u00e9t \u00e9s az esetleges dugul\u00e1sokat a vezet\u00e9kekben. A hidraulikarendszerben l\u00e9v\u0151 leveg\u0151 szint\u00e9n lass\u00fa teljes\u00edtm\u00e9nyt okozhat.<\/li>\n<li><strong>Szokatlan zajok:<\/strong> M\u0171k\u00f6d\u00e9s k\u00f6zben hallhat\u00f3 zajok kop\u00e1sra vagy hib\u00e1s be\u00e1ll\u00edt\u00e1sra utalhatnak. Vizsg\u00e1lja meg a hengert \u00e9s a k\u00f6rnyez\u0151 alkatr\u00e9szeket, hogy vannak-e olyan probl\u00e9m\u00e1k, amelyeket meg kell oldani.<\/li>\n<\/ul>\n<h2>Hibaelh\u00e1r\u00edt\u00e1si tippek<\/h2>\n<p>A probl\u00e9m\u00e1k hat\u00e9kony diagnosztiz\u00e1l\u00e1s\u00e1hoz \u00e9s megold\u00e1s\u00e1hoz elengedhetetlen a felmer\u00fclt probl\u00e9m\u00e1k \u00e9s azok megold\u00e1sainak napl\u00f3z\u00e1sa. Ezen napl\u00f3k rendszeres \u00e1ttekint\u00e9se seg\u00edthet a mint\u00e1k azonos\u00edt\u00e1s\u00e1ban \u00e9s a j\u00f6v\u0151beni probl\u00e9m\u00e1k megel\u0151z\u00e9s\u00e9ben. Ezenk\u00edv\u00fcl a rendszeres karbantart\u00e1s \u00e9s ellen\u0151rz\u00e9sek \u00fctemez\u00e9se kor\u00e1n felismerheti a probl\u00e9m\u00e1kat, cs\u00f6kkentve a katasztrof\u00e1lis meghib\u00e1sod\u00e1sok val\u00f3sz\u00edn\u0171s\u00e9g\u00e9t \u00e9s n\u00f6velve a berendez\u00e9sek \u00e9lettartam\u00e1t.<\/p>\n<p><img decoding=\"async\" src=\"https:\/\/www.hydraulic-cylinders.net\/wp-content\/uploads\/2025\/04\/songte-bushings-with-all-kinds-of-excavator-models.webp\" alt=\"Hidraulikus alkatr\u00e9szek\"><\/p>\n<h2>C\u00e9g\u00fcnkr\u0151l<\/h2>\n<p>Hidraulikus hengerek cserealkatr\u00e9szeinek gy\u00e1rt\u00e1s\u00e1ra szakosodtunk, \u00e9s a hazai \u00e9s nemzetk\u00f6zi piac egyik vezet\u0151 gy\u00e1rt\u00f3j\u00e1v\u00e1 \u00e9s nagykeresked\u0151j\u00e9v\u00e9 v\u00e1ltunk. A kiv\u00e1l\u00f3s\u00e1g ir\u00e1nti elk\u00f6telezetts\u00e9g\u00fcnket kifinomult gy\u00e1rt\u00e1si strat\u00e9gi\u00e1nk t\u00e1mogatja, amely mag\u00e1ban foglalja a magasan k\u00e9pzett m\u0171szaki szem\u00e9lyzet, a digit\u00e1lis, cs\u00facskateg\u00f3ri\u00e1s gy\u00e1rt\u00f3berendez\u00e9sek \u00e9s a professzion\u00e1lis tesztel\u0151rendszerek alkalmaz\u00e1s\u00e1t. Folyamatosan fejlesztj\u00fck gy\u00e1rt\u00e1si platformunkat a term\u00e9kmin\u0151s\u00e9g jav\u00edt\u00e1sa \u00e9rdek\u00e9ben, biztos\u00edtva, hogy hat\u00e9konyan, prec\u00edzen \u00e9s kiv\u00e1l\u00f3 min\u0151s\u00e9gben el\u00e9g\u00edts\u00fck ki a soksz\u00edn\u0171 \u00fcgyf\u00e9lig\u00e9nyeket.<\/p>\n<p><img decoding=\"async\" src=\"https:\/\/www.hydraulic-cylinders.net\/wp-content\/uploads\/2025\/04\/songte-company-4.webp\" alt=\"C\u00e9ginform\u00e1ci\u00f3\"><br \/>\n<img decoding=\"async\" src=\"https:\/\/www.hydraulic-cylinders.net\/wp-content\/uploads\/2025\/04\/songte-company-3.webp\" alt=\"Gy\u00e1rt\u00f3\u00fczemek\"><\/p>\n<p>C\u00e9g\u00fcnk b\u00fcszke a professzionalizmusra, a nemzetk\u00f6zi tan\u00fas\u00edtv\u00e1nyokra, a szem\u00e9lyre szabott szolg\u00e1ltat\u00e1sokra, a fejlett gy\u00e1rt\u00f3berendez\u00e9sekre \u00e9s a kiv\u00e9teles \u00e9rt\u00e9kes\u00edt\u00e9s ut\u00e1ni t\u00e1mogat\u00e1sra. Elk\u00f6telezettek vagyunk amellett, hogy a hidraulikus hengerek ipar\u00e1g\u00e1ban kiemelked\u0151, els\u0151rang\u00fa term\u00e9keket \u00e9s szolg\u00e1ltat\u00e1sokat ny\u00fajtsunk.<\/p>\n<p>Szerz\u0151: lyl<\/p>","protected":false},"excerpt":{"rendered":"<p>Boom Cylinder For Bobcat Small Excavator E35i Introduction to Boom Cylinder The Boom Cylinder is a crucial component in hydraulic systems, particularly in heavy machinery like excavators, backhoes, and front loaders. This hydraulic cylinder controls the movement of the bucket, allowing it to lift, lower, and tilt, thus facilitating various material handling tasks. The bucket [&hellip;]<\/p>","protected":false},"featured_media":17872,"comment_status":"open","ping_status":"closed","template":"","meta":{"_et_pb_use_builder":"","_et_pb_old_content":"","_et_gb_content_width":""},"product_brand":[],"product_cat":[1546],"product_tag":[1547,1496],"class_list":{"0":"post-19412","1":"product","2":"type-product","3":"status-publish","4":"has-post-thumbnail","6":"product_cat-boom-cylinders","7":"product_tag-boom-cylinders","8":"product_tag-hydraulic-cylinders","10":"first","11":"instock","12":"shipping-taxable","13":"product-type-simple"},"amp_enabled":true,"_links":{"self":[{"href":"https:\/\/www.hydraulic-cylinders.net\/hu\/wp-json\/wp\/v2\/product\/19412","targetHints":{"allow":["GET"]}}],"collection":[{"href":"https:\/\/www.hydraulic-cylinders.net\/hu\/wp-json\/wp\/v2\/product"}],"about":[{"href":"https:\/\/www.hydraulic-cylinders.net\/hu\/wp-json\/wp\/v2\/types\/product"}],"replies":[{"embeddable":true,"href":"https:\/\/www.hydraulic-cylinders.net\/hu\/wp-json\/wp\/v2\/comments?post=19412"}],"wp:featuredmedia":[{"embeddable":true,"href":"https:\/\/www.hydraulic-cylinders.net\/hu\/wp-json\/wp\/v2\/media\/17872"}],"wp:attachment":[{"href":"https:\/\/www.hydraulic-cylinders.net\/hu\/wp-json\/wp\/v2\/media?parent=19412"}],"wp:term":[{"taxonomy":"product_brand","embeddable":true,"href":"https:\/\/www.hydraulic-cylinders.net\/hu\/wp-json\/wp\/v2\/product_brand?post=19412"},{"taxonomy":"product_cat","embeddable":true,"href":"https:\/\/www.hydraulic-cylinders.net\/hu\/wp-json\/wp\/v2\/product_cat?post=19412"},{"taxonomy":"product_tag","embeddable":true,"href":"https:\/\/www.hydraulic-cylinders.net\/hu\/wp-json\/wp\/v2\/product_tag?post=19412"}],"curies":[{"name":"munkaf\u00fczet","href":"https:\/\/api.w.org\/{rel}","templated":true}]}}