{"id":19417,"date":"2025-04-07T06:33:31","date_gmt":"2025-04-07T06:33:31","guid":{"rendered":"https:\/\/www.hydraulic-cylinders.net\/product\/boom-cylinder-for-der-der33e\/"},"modified":"2025-04-07T06:33:33","modified_gmt":"2025-04-07T06:33:33","slug":"boom-cylinder-for-der-der33e","status":"publish","type":"product","link":"https:\/\/www.hydraulic-cylinders.net\/hu\/termek\/boom-cylinder-for-der-der33e\/","title":{"rendered":"G\u00e9mhenger DER DER33E-hez"},"content":{"rendered":"<h1>G\u00e9mhenger DER DER33E-hez<\/h1>\n<h2>A g\u00e9mhenger \u00e1ttekint\u00e9se<\/h2>\n<p>A <strong>G\u00e9mhenger<\/strong> A DER DER33E egy speci\u00e1lis hidraulikus henger, amelyet a kan\u00e1l mozg\u00e1s\u00e1nak vez\u00e9rl\u00e9s\u00e9re terveztek k\u00fcl\u00f6nf\u00e9le neh\u00e9zg\u00e9p\u00e9szeti alkalmaz\u00e1sokban. Ez a henger elengedhetetlen olyan m\u0171veletekhez, mint a kan\u00e1l emel\u00e9se, s\u00fcllyeszt\u00e9se \u00e9s billent\u00e9se, megk\u00f6nny\u00edtve a hat\u00e9kony anyagmozgat\u00e1si feladatokat olyan ipar\u00e1gakban, mint az \u00e9p\u00edt\u0151ipar \u00e9s a mez\u0151gazdas\u00e1g.<\/p>\n<p><img decoding=\"async\" src=\"https:\/\/www.hydraulic-cylinders.net\/wp-content\/uploads\/2025\/04\/songte-company-1.webp\" alt=\"G\u00e9mhenger\" \/><\/p>\n<h3>Defin\u00edci\u00f3 \u00e9s funkci\u00f3<\/h3>\n<p>A kan\u00e1lhenger egy olyan hidraulikus henger, amelyet kifejezetten a kan\u00e1l mozg\u00e1s\u00e1nak szab\u00e1lyoz\u00e1s\u00e1ra terveztek olyan berendez\u00e9sekben, mint a kotr\u00f3g\u00e9pek, kotr\u00f3g\u00e9pek \u00e9s homlokrakod\u00f3k. Ezeknek a hengereknek a m\u0171k\u00f6d\u00e9se lehet\u0151v\u00e9 teszi a kan\u00e1l helyzet\u00e9nek hat\u00e9kony szab\u00e1lyoz\u00e1s\u00e1t, biztos\u00edtva a pontos \u00e1s\u00e1si \u00e9s rakod\u00e1si k\u00e9pess\u00e9geket. A hidraulikus nyom\u00e1s felhaszn\u00e1l\u00e1s\u00e1val ezek a hengerek a folyad\u00e9k erej\u00e9t mechanikai er\u0151v\u00e9 alak\u00edtj\u00e1k, lehet\u0151v\u00e9 t\u00e9ve a kan\u00e1l sz\u00e1m\u00e1ra, hogy ig\u00e9nyes feladatokat v\u00e9gezzen k\u00fcl\u00f6nb\u00f6z\u0151 k\u00f6r\u00fclm\u00e9nyek k\u00f6z\u00f6tt.<\/p>\n<h2>A g\u00e9mhenger jellemz\u0151i<\/h2>\n<ul>\n<li><strong>Nagy szil\u00e1rds\u00e1g \u00e9s tart\u00f3ss\u00e1g:<\/strong> Nagy szil\u00e1rds\u00e1g\u00fa ac\u00e9lb\u00f3l vagy alum\u00edniumb\u00f3l k\u00e9sz\u00fclt, ez a henger nagy nyom\u00e1st \u00e9s nagy terhel\u00e9st b\u00edr ki. Tervez\u00e9sekor a kop\u00e1s\u00e1ll\u00f3s\u00e1g \u00e9s a korr\u00f3zi\u00f3\u00e1ll\u00f3s\u00e1g volt a legfontosabb, meghosszabb\u00edtva az \u00e9lettartam\u00e1t.<\/li>\n<li><strong>Hat\u00e9kony hidraulikus m\u0171k\u00f6dtet\u00e9s:<\/strong> A hidraulikaolaj nyom\u00e1s\u00e1t kihaszn\u00e1lva a henger sima kiny\u00fal\u00e1st \u00e9s visszah\u00faz\u00e1st biztos\u00edt, gyorsan reag\u00e1l a vez\u00e9rl\u0151jelekre, \u00e9s er\u0151s nyom\u00f3- \u00e9s h\u00faz\u00f3er\u0151t biztos\u00edt, amely alkalmas neh\u00e9z \u00e9s \u00f6sszetett feladatokhoz.<\/li>\n<li><strong>K\u00fcl\u00f6nb\u00f6z\u0151 t\u00edpusok:<\/strong> Az opci\u00f3k k\u00f6z\u00f6tt szerepelnek az egyszeres m\u0171k\u00f6d\u00e9s\u0171 hengerek (egy ir\u00e1nyban hidraulikus nyom\u00e1st haszn\u00e1lva) vagy a kett\u0151s m\u0171k\u00f6d\u00e9s\u0171 hengerek (mindk\u00e9t ir\u00e1nyban m\u0171k\u00f6dnek), amelyek a v\u00e1ltozatos m\u0171k\u00f6d\u00e9si ig\u00e9nyeket el\u00e9g\u00edtik ki. Egyes modellek teleszk\u00f3posak, \u00edgy nagyobb kiny\u00fal\u00e1st tesznek lehet\u0151v\u00e9 a k\u00fcls\u0151 m\u00e9retek n\u00f6vel\u00e9se n\u00e9lk\u00fcl, \u00edgy ide\u00e1lisak korl\u00e1tozott helyig\u00e9ny\u0171 alkalmaz\u00e1sokhoz.<\/li>\n<li><strong>Testreszabhat\u00f3 kialak\u00edt\u00e1s:<\/strong> Term\u00e9keink testreszabhat\u00f3k az adott ig\u00e9nyekhez, biztos\u00edtva a kompatibilit\u00e1st a k\u00fcl\u00f6nb\u00f6z\u0151 g\u00e9pmodellekkel \u00e9s n\u00f6velve a teljes\u00edtm\u00e9nyt.<\/li>\n<li><strong>Robusztus konstrukci\u00f3:<\/strong> Tart\u00f3ss\u00e1gra \u00f6sszpontos\u00edtva tervezve, megb\u00edzhat\u00f3 teljes\u00edtm\u00e9nyt biztos\u00edtva kih\u00edv\u00e1st jelent\u0151 munkak\u00f6rnyezetekben is.<\/li>\n<\/ul>\n<p><img decoding=\"async\" src=\"https:\/\/www.hydraulic-cylinders.net\/wp-content\/uploads\/2025\/04\/songte-cylinder-head-with-all-kinds-excavator-models.webp\" alt=\"Hengerfej\" \/><\/p>\n<h2>A g\u00e9mhenger alkalmaz\u00e1sai<\/h2>\n<h3>\u00c9p\u00edt\u0151ipari berendez\u00e9sek<\/h3>\n<p>Az \u00e9p\u00edt\u0151ipari g\u00e9pekben, p\u00e9ld\u00e1ul a kotr\u00f3g\u00e9pekben a g\u00e9mhengerek l\u00e9tfontoss\u00e1g\u00faak a talaj vagy t\u00f6rmel\u00e9k \u00e1s\u00e1s\u00e1hoz, rakod\u00e1s\u00e1hoz \u00e9s mozgat\u00e1s\u00e1hoz. Ezek biztos\u00edtj\u00e1k a sz\u00fcks\u00e9ges er\u0151t a kem\u00e9ny talajanyagokba val\u00f3 behatol\u00e1shoz, lehet\u0151v\u00e9 t\u00e9ve a hat\u00e9kony m\u0171k\u00f6d\u00e9st.<\/p>\n<h3>Mez\u0151gazdas\u00e1gi g\u00e9pek<\/h3>\n<p>A homlokrakod\u00f3kban a g\u00e9mhengerek megk\u00f6nny\u00edtik a talaj, sz\u00e9na \u00e9s egy\u00e9b anyagok emel\u00e9s\u00e9t, mer\u00e9s\u00e9t \u00e9s sz\u00e1ll\u00edt\u00e1s\u00e1t. Kulcsfontoss\u00e1g\u00fa szerepet j\u00e1tszanak a mez\u0151gazdas\u00e1gi m\u0171veletek hat\u00e9konys\u00e1g\u00e1ban, jav\u00edtva a termel\u00e9kenys\u00e9get.<\/p>\n<h3>Kotr\u00f3g\u00e9pek<\/h3>\n<p>Kotr\u00f3g\u00e9pekn\u00e9l a g\u00e9mhengerek hat\u00e9kony \u00e1s\u00e1si m\u0171veleteket tesznek lehet\u0151v\u00e9 az\u00e1ltal, hogy lehet\u0151v\u00e9 teszik a kan\u00e1l talajba hatol\u00e1s\u00e1t. Ez a funkci\u00f3 elengedhetetlen a k\u00fcl\u00f6nf\u00e9le f\u00f6ldmozgat\u00e1si feladatokhoz, n\u00f6velve a m\u0171k\u00f6d\u00e9si hat\u00e9konys\u00e1got.<\/p>\n<h3>Rakod\u00f3k<\/h3>\n<p>A homlokrakod\u00f3kban a g\u00e9mhengerek hat\u00e9konyan seg\u00edtik a rakom\u00e1nyok emel\u00e9s\u00e9t \u00e9s \u00fcr\u00edt\u00e9s\u00e9t. Kialak\u00edt\u00e1suk gyors m\u0171k\u00f6d\u00e9st biztos\u00edt, \u00edgy n\u00e9lk\u00fcl\u00f6zhetetlenek az anyagmozgat\u00e1shoz k\u00fcl\u00f6nf\u00e9le k\u00f6rnyezetekben.<\/p>\n<h2>Tervez\u00e9si szempontok \u00e9s kiv\u00e1laszt\u00e1si krit\u00e9riumok<\/h2>\n<h3>Teherb\u00edr\u00e1s<\/h3>\n<p>A g\u00e9mhenger teherb\u00edr\u00e1sa kritikus t\u00e9nyez\u0151, amely befoly\u00e1solja a teljes\u00edtm\u00e9ny\u00e9t k\u00fcl\u00f6nb\u00f6z\u0151 alkalmaz\u00e1sokban. \u00dagy kell megtervezni, hogy ellen\u00e1lljon a m\u0171k\u00f6d\u00e9s sor\u00e1n v\u00e1rhat\u00f3 maxim\u00e1lis terhel\u00e9seknek. A t\u00falterhel\u00e9s a henger meghib\u00e1sod\u00e1s\u00e1hoz vezethet, ami biztons\u00e1gi kock\u00e1zatot jelent, \u00e9s k\u00f6lts\u00e9ges \u00e1ll\u00e1sid\u0151t okozhat. Ez\u00e9rt a megfelel\u0151 teherb\u00edr\u00e1s\u00fa henger kiv\u00e1laszt\u00e1sa elengedhetetlen a biztons\u00e1gos \u00e9s hat\u00e9kony m\u0171k\u00f6d\u00e9s biztos\u00edt\u00e1s\u00e1hoz.<\/p>\n<h3>T\u00f6m\u00edt\u00e9s \u00e9s tart\u00f3ss\u00e1g<\/h3>\n<p>A j\u00f3l megtervezett t\u00f6m\u00edt\u0151rendszer elengedhetetlen a hidraulikafolyad\u00e9k sziv\u00e1rg\u00e1s\u00e1nak megakad\u00e1lyoz\u00e1s\u00e1hoz \u00e9s a hengernyom\u00e1s fenntart\u00e1s\u00e1hoz. Tart\u00f3s anyagokb\u00f3l, p\u00e9ld\u00e1ul poliuret\u00e1nb\u00f3l vagy nitrilgumib\u00f3l k\u00e9sz\u00fclt min\u0151s\u00e9gi t\u00f6m\u00edt\u00e9seket kell alkalmazni a kop\u00e1s\u00e1ll\u00f3s\u00e1g \u00e9s az \u00e9lettartam meghosszabb\u00edt\u00e1sa \u00e9rdek\u00e9ben. Ezenk\u00edv\u00fcl a hengertestet \u00fagy kell kialak\u00edtani, hogy ellen\u00e1lljon a m\u0171k\u00f6d\u00e9s sor\u00e1n felmer\u00fcl\u0151 zord k\u00f6r\u00fclm\u00e9nyeknek.<\/p>\n<h3>Biztons\u00e1gi funkci\u00f3k<\/h3>\n<p>A g\u00e9mhengerek tervez\u00e9s\u00e9n\u00e9l figyelembe kell venni a biztons\u00e1gi szempontokat, amelyek megakad\u00e1lyozz\u00e1k a v\u00e1ratlan mozg\u00e1sokat \u00e9s garant\u00e1lj\u00e1k a kezel\u0151 biztons\u00e1g\u00e1t. A biztons\u00e1gi szelepek, a nyom\u00e1scs\u00f6kkent\u0151 mechanizmusok \u00e9s a robusztus gy\u00e1rt\u00e1si m\u00f3dszerek be\u00e9p\u00edt\u00e9se seg\u00edthet cs\u00f6kkenteni a hidraulikus meghib\u00e1sod\u00e1sokkal kapcsolatos kock\u00e1zatokat. A rendszeres karbantart\u00e1si ellen\u0151rz\u00e9sek szint\u00e9n elengedhetetlenek a biztons\u00e1gi funkci\u00f3k m\u0171k\u00f6d\u0151k\u00e9pess\u00e9g\u00e9nek \u00e9s hat\u00e9konys\u00e1g\u00e1nak biztos\u00edt\u00e1s\u00e1hoz.<\/p>\n<h3>Karbantart\u00e1s \u00e9s jav\u00edthat\u00f3s\u00e1g<\/h3>\n<p>A hidraulikus hengerek karbantart\u00e1st szem el\u0151tt tart\u00f3 tervez\u00e9se el\u0151seg\u00edti a hossz\u00fa \u00e9lettartamot \u00e9s a m\u0171k\u00f6d\u00e9si hat\u00e9konys\u00e1got. Az olyan jellemz\u0151k, mint a k\u00f6nnyen hozz\u00e1f\u00e9rhet\u0151 t\u00f6m\u00edt\u00e9sek \u00e9s a szabv\u00e1nyos\u00edtott alkatr\u00e9szek, megk\u00f6nny\u00edtik az id\u0151ben t\u00f6rt\u00e9n\u0151 jav\u00edt\u00e1sokat \u00e9s cser\u00e9ket. Karbantart\u00e1si protokollokat kell l\u00e9trehozni a rendszeres ellen\u0151rz\u00e9sek \u00e9s szervizel\u00e9s biztos\u00edt\u00e1sa \u00e9rdek\u00e9ben, ami jelent\u0151sen cs\u00f6kkenti a v\u00e1ratlan meghib\u00e1sod\u00e1sok val\u00f3sz\u00edn\u0171s\u00e9g\u00e9t \u00e9s meghosszabb\u00edtja a berendez\u00e9s \u00e9lettartam\u00e1t.<\/p>\n<p><img decoding=\"async\" src=\"https:\/\/www.hydraulic-cylinders.net\/wp-content\/uploads\/2025\/04\/songte-oil-pipes-and-spare-parts.webp\" alt=\"Olajcs\u00f6vek \u00e9s alkatr\u00e9szek\" \/><\/p>\n<h2>T\u00f6m\u00edt\u00e9s \u00e9s ken\u00e9s<\/h2>\n<p>A hidraulikus rendszerek hat\u00e9konys\u00e1ga nagym\u00e9rt\u00e9kben f\u00fcgg a t\u00f6m\u00edt\u00e9s \u00e9s a ken\u00e9s min\u0151s\u00e9g\u00e9t\u0151l. K\u00fcl\u00f6nb\u00f6z\u0151 t\u00f6m\u00edt\u0151elemek, mint p\u00e9ld\u00e1ul a dugatty\u00fat\u00f6m\u00edt\u00e9sek \u00e9s a r\u00fadt\u00f6m\u00edt\u00e9sek, kritikus fontoss\u00e1g\u00faak a hengeren bel\u00fcli nyom\u00e1s fenntart\u00e1s\u00e1hoz. A kop\u00e1s\u00e1ll\u00f3 anyagokb\u00f3l, p\u00e9ld\u00e1ul poliuret\u00e1nb\u00f3l k\u00e9sz\u00fclt t\u00f6m\u00edt\u00e9sek kiv\u00e1laszt\u00e1sa n\u00f6veli a tart\u00f3ss\u00e1got. A hengertest \u00e9s a menetes fel\u00fcletek megfelel\u0151 kezel\u00e9se minimaliz\u00e1lja a kop\u00e1st \u00e9s meghosszabb\u00edtja az \u00e9lettartamot. A megfelel\u0151 hidraulikaolajjal t\u00f6rt\u00e9n\u0151 rendszeres ken\u00e9s elengedhetetlen a z\u00f6kken\u0151mentes m\u0171k\u00f6d\u00e9s biztos\u00edt\u00e1s\u00e1hoz \u00e9s a s\u00farl\u00f3d\u00e1sb\u00f3l ered\u0151 k\u00e1rosod\u00e1sok megel\u0151z\u00e9s\u00e9hez.<\/p>\n<h2>Megel\u0151z\u0151 karbantart\u00e1si int\u00e9zked\u00e9sek<\/h2>\n<ul>\n<li><strong>Rendszeres ellen\u0151rz\u00e9sek:<\/strong> Az optim\u00e1lis m\u0171k\u00f6d\u00e9s biztos\u00edt\u00e1sa \u00e9rdek\u00e9ben rendszeresen ellen\u0151rizze a kop\u00e1s, sziv\u00e1rg\u00e1sok \u00e9s s\u00e9r\u00fcl\u00e9sek jeleit.<\/li>\n<li><strong>Megfelel\u0151 ken\u00e9s:<\/strong> Gondoskodjon id\u0151ben t\u00f6rt\u00e9n\u0151 \u00e9s megfelel\u0151 ken\u00e9sr\u0151l a mozg\u00f3 alkatr\u00e9szek s\u00farl\u00f3d\u00e1s\u00e1nak \u00e9s kop\u00e1s\u00e1nak cs\u00f6kkent\u00e9se \u00e9rdek\u00e9ben.<\/li>\n<li><strong>T\u00f6m\u00edt\u00e9scsere:<\/strong> Rendszeresen ellen\u0151rizze \u00e9s cser\u00e9lje ki a t\u00f6m\u00edt\u00e9seket a hat\u00e9kony t\u00f6m\u00edt\u00e9s fenntart\u00e1sa \u00e9s a folyad\u00e9ksziv\u00e1rg\u00e1s megel\u0151z\u00e9se \u00e9rdek\u00e9ben.<\/li>\n<\/ul>\n<h2>Telep\u00edt\u00e9si \u00fatmutat\u00f3<\/h2>\n<p>A g\u00e9mhenger megfelel\u0151 beszerel\u00e9se kulcsfontoss\u00e1g\u00fa a teljes\u00edtm\u00e9nye \u00e9s hossz\u00fa \u00e9lettartama szempontj\u00e1b\u00f3l. Kezdje azzal, hogy megbizonyosodik arr\u00f3l, hogy az alkatr\u00e9szek tiszt\u00e1k \u00e9s t\u00f6rmel\u00e9kmentesek. Igaz\u00edtsa a hengert megfelel\u0151en a r\u00f6gz\u00edt\u00e9si pontokhoz, a megfelel\u0151 r\u00f6gz\u00edt\u0151elemekkel r\u00f6gz\u00edtve. Haszn\u00e1lja a r\u00f6gz\u00edt\u0151konzolokat a m\u0171k\u00f6d\u00e9s k\u00f6zbeni stabilit\u00e1s biztos\u00edt\u00e1s\u00e1hoz. A beszerel\u00e9s ut\u00e1n ellen\u0151rizze a megfelel\u0151 be\u00e1ll\u00edt\u00e1st, \u00e9s sz\u00fcks\u00e9g szerint \u00e1ll\u00edtsa be, hogy elker\u00fclje a henger t\u00falzott terhel\u00e9s\u00e9t. A teljes k\u00f6r\u0171 \u00fczemeltet\u00e9s el\u0151tt v\u00e9gezzen nyom\u00e1spr\u00f3b\u00e1t a m\u0171k\u00f6d\u00e9s ellen\u0151rz\u00e9s\u00e9re.<\/p>\n<h2>Karbantart\u00e1si feladatok<\/h2>\n<ul>\n<li><strong>Rendszeres ellen\u0151rz\u00e9sek:<\/strong> \u00dctemezz be rendszeres ellen\u0151rz\u00e9seket a probl\u00e9m\u00e1k korai felismer\u00e9se \u00e9rdek\u00e9ben, biztos\u00edtva a megb\u00edzhat\u00f3 \u00e9s hat\u00e9kony m\u0171k\u00f6d\u00e9st.<\/li>\n<li><strong>Megfelel\u0151 ken\u00e9s:<\/strong> A teljes\u00edtm\u00e9ny fenntart\u00e1sa \u00e9rdek\u00e9ben rendszeresen haszn\u00e1lja a megfelel\u0151 t\u00edpus\u00fa \u00e9s mennyis\u00e9g\u0171 hidraulikaolajat.<\/li>\n<li><strong>T\u00f6m\u00edt\u00e9scsere:<\/strong> Figyelje a t\u00f6m\u00edt\u00e9sek kop\u00e1s\u00e1t, \u00e9s sz\u00fcks\u00e9g szerint cser\u00e9lje ki \u0151ket a sziv\u00e1rg\u00e1sok elker\u00fcl\u00e9se \u00e9s a nyom\u00e1s fenntart\u00e1sa \u00e9rdek\u00e9ben.<\/li>\n<\/ul>\n<h2>Biztons\u00e1gi szempontok \u00e9s k\u00f6rnyezeti t\u00e9nyez\u0151k<\/h2>\n<p>Hidraulikus rendszerek \u00fczemeltet\u00e9sekor elengedhetetlen a biztons\u00e1gi int\u00e9zked\u00e9sek priorit\u00e1sk\u00e9nt val\u00f3 kezel\u00e9se. A kezel\u0151ket ki kell k\u00e9pezni a hidraulikus berendez\u00e9sekkel kapcsolatos lehets\u00e9ges vesz\u00e9lyek felismer\u00e9s\u00e9re, p\u00e9ld\u00e1ul a nyom\u00e1skiold\u00e1s \u00e9s a mozg\u00f3 alkatr\u00e9szek kock\u00e1zataira. A biztons\u00e1gi protokollok bevezet\u00e9se \u00e9s a v\u00e9d\u0151felszerel\u00e9sek haszn\u00e1lata megel\u0151zheti a baleseteket. Ezenk\u00edv\u00fcl a hidraulikus folyad\u00e9kok \u00e9s anyagok megfelel\u0151 \u00e1rtalmatlan\u00edt\u00e1sa enyh\u00edtheti a k\u00f6rnyezeti hat\u00e1sokat, el\u0151seg\u00edtve a fenntarthat\u00f3 m\u0171k\u00f6d\u00e9st.<\/p>\n<h2>Hibaelh\u00e1r\u00edt\u00e1s \u00e9s gyakori probl\u00e9m\u00e1k<\/h2>\n<ul>\n<li><strong>Sziv\u00e1rg\u00e1s:<\/strong> Azonos\u00edtsa a sziv\u00e1rg\u00e1s forr\u00e1s\u00e1t, amely s\u00e9r\u00fclt t\u00f6m\u00edt\u00e9sekb\u0151l vagy szerelv\u00e9nyekb\u0151l ad\u00f3dhat. Cser\u00e9lje ki a kopott t\u00f6m\u00edt\u00e9seket, \u00e9s gy\u0151z\u0151dj\u00f6n meg arr\u00f3l, hogy az \u00f6sszes csatlakoz\u00e1s biztons\u00e1gos.<\/li>\n<li><strong>Gyenge teljes\u00edtm\u00e9ny:<\/strong> Ha a henger nem m\u0171k\u00f6dik sim\u00e1n, ellen\u0151rizze, hogy nincs-e alacsony hidraulikafolyad\u00e9k-szint vagy leveg\u0151 a rendszerben. L\u00e9gtelen\u00edtse a rendszert, \u00e9s sz\u00fcks\u00e9g eset\u00e9n t\u00f6ltse fel.<\/li>\n<li><strong>T\u00falzott zaj:<\/strong> A zajok mechanikai probl\u00e9m\u00e1kra vagy el\u00e9gtelen ken\u00e9sre utalhatnak. \u00c9rt\u00e9kelje a rendszer kop\u00e1s\u00e1t, \u00e9s gondoskodjon a megfelel\u0151 ken\u00e9sr\u0151l.<\/li>\n<\/ul>\n<h2>Hibakezel\u00e9si tippek<\/h2>\n<p>A probl\u00e9m\u00e1k hat\u00e9kony elh\u00e1r\u00edt\u00e1s\u00e1hoz kezdje az \u00fczemi k\u00f6r\u00fclm\u00e9nyek megfigyel\u00e9s\u00e9vel \u00e9s az esetleges rendelleness\u00e9gek feljegyz\u00e9s\u00e9vel. A sziv\u00e1rg\u00e1sokat azonnal kezelje a t\u00f6m\u00edt\u00e9sek \u00e9s csatlakoz\u00e1sok ellen\u0151rz\u00e9s\u00e9vel. Gondoskodjon rendszeres folyad\u00e9kellen\u0151rz\u00e9sr\u0151l, hogy megel\u0151zze az alacsony folyad\u00e9kszinteket, amelyek teljes\u00edtm\u00e9nyprobl\u00e9m\u00e1khoz vezethetnek. V\u00e9g\u00fcl hozzon l\u00e9tre egy rendszeres karbantart\u00e1si \u00fctemtervet a potenci\u00e1lis probl\u00e9m\u00e1k megel\u0151z\u0151 kezel\u00e9s\u00e9re, minimaliz\u00e1lva az \u00e1ll\u00e1sid\u0151t \u00e9s meghosszabb\u00edtva a berendez\u00e9s \u00fczemi \u00e9lettartam\u00e1t.<\/p>\n<p><img decoding=\"async\" src=\"https:\/\/www.hydraulic-cylinders.net\/wp-content\/uploads\/2025\/04\/songte-bushings-with-all-kinds-of-excavator-models.webp\" alt=\"perselyek\" \/><\/p>\n<h2>C\u00e9g\u00fcnkr\u0151l<\/h2>\n<p>A hidraulikus hengerek vezet\u0151 gy\u00e1rt\u00f3ja \u00e9s nagykereskedelmi forgalmaz\u00f3ja vagyunk, amelyet sz\u00e9les term\u00e9kv\u00e1laszt\u00e9kunkr\u00f3l ismernek el. A kiv\u00e1l\u00f3s\u00e1g ir\u00e1nti elk\u00f6telezetts\u00e9g\u00fcnk arra \u00f6szt\u00f6n\u00f6z minket, hogy minden k\u00edn\u00e1latunkban kiemelked\u0151 min\u0151s\u00e9get tartsunk fenn. Korszer\u0171 gy\u00e1rt\u00f3m\u0171helyeink fejlett digit\u00e1lis technol\u00f3gi\u00e1kat \u00e9s szigor\u00fa min\u0151s\u00e9gellen\u0151rz\u00e9si rendszert alkalmaznak termel\u00e9si kapacit\u00e1sunk n\u00f6vel\u00e9se \u00e9rdek\u00e9ben. Folyamatosan befektet\u00fcnk k\u00e9pzett szem\u00e9lyzetbe \u00e9s \u00e9lvonalbeli berendez\u00e9sekbe, hogy hat\u00e9konyan kiel\u00e9g\u00edthess\u00fck \u00fcgyfeleink soksz\u00edn\u0171 ig\u00e9nyeit.<\/p>\n<p><img decoding=\"async\" src=\"https:\/\/www.hydraulic-cylinders.net\/wp-content\/uploads\/2025\/04\/songte-company-4.webp\" alt=\"C\u00e9ges l\u00e9tes\u00edtm\u00e9nyek\" \/><br \/>\n<img decoding=\"async\" src=\"https:\/\/www.hydraulic-cylinders.net\/wp-content\/uploads\/2025\/04\/songte-company-3.webp\" alt=\"Termel\u00e9si berendez\u00e9sek\" \/><\/p>\n<p>Specialit\u00e1sunk mag\u00e1ban foglalja az egyedi m\u0171k\u00f6d\u00e9si k\u00f6vetelm\u00e9nyekhez igaz\u00edtott, nemzetk\u00f6zi tan\u00fas\u00edtv\u00e1nyokkal al\u00e1t\u00e1masztott megold\u00e1sokat, amelyek biztos\u00edtj\u00e1k, hogy term\u00e9keink megfeleljenek a glob\u00e1lis szabv\u00e1nyoknak. B\u00fcszk\u00e9k vagyunk kiv\u00e9teles \u00e9rt\u00e9kes\u00edt\u00e9s ut\u00e1ni t\u00e1mogat\u00e1sunkra, bele\u00e9rtve a telep\u00edt\u00e9si \u00fatmutat\u00e1st \u00e9s a karbantart\u00e1si szolg\u00e1ltat\u00e1sokat, az \u00fcgyfelek el\u00e9gedetts\u00e9g\u00e9nek \u00e9s term\u00e9keink hossz\u00fa \u00e9lettartam\u00e1nak biztos\u00edt\u00e1sa \u00e9rdek\u00e9ben.<\/p>\n<p>Szerz\u0151: lyl<\/p>","protected":false},"excerpt":{"rendered":"<p>Boom Cylinder For DER DER33E Overview of Boom Cylinder The Boom Cylinder for DER DER33E is a specialized hydraulic cylinder designed to control the movement of the bucket in various heavy machinery applications. This cylinder is essential for operations such as lifting, lowering, and tilting the bucket, facilitating efficient material handling tasks in industries such [&hellip;]<\/p>","protected":false},"featured_media":17877,"comment_status":"open","ping_status":"closed","template":"","meta":{"_et_pb_use_builder":"","_et_pb_old_content":"","_et_gb_content_width":""},"product_brand":[],"product_cat":[1546],"product_tag":[1547,1496],"class_list":{"0":"post-19417","1":"product","2":"type-product","3":"status-publish","4":"has-post-thumbnail","6":"product_cat-boom-cylinders","7":"product_tag-boom-cylinders","8":"product_tag-hydraulic-cylinders","10":"first","11":"instock","12":"shipping-taxable","13":"product-type-simple"},"amp_enabled":true,"_links":{"self":[{"href":"https:\/\/www.hydraulic-cylinders.net\/hu\/wp-json\/wp\/v2\/product\/19417","targetHints":{"allow":["GET"]}}],"collection":[{"href":"https:\/\/www.hydraulic-cylinders.net\/hu\/wp-json\/wp\/v2\/product"}],"about":[{"href":"https:\/\/www.hydraulic-cylinders.net\/hu\/wp-json\/wp\/v2\/types\/product"}],"replies":[{"embeddable":true,"href":"https:\/\/www.hydraulic-cylinders.net\/hu\/wp-json\/wp\/v2\/comments?post=19417"}],"wp:featuredmedia":[{"embeddable":true,"href":"https:\/\/www.hydraulic-cylinders.net\/hu\/wp-json\/wp\/v2\/media\/17877"}],"wp:attachment":[{"href":"https:\/\/www.hydraulic-cylinders.net\/hu\/wp-json\/wp\/v2\/media?parent=19417"}],"wp:term":[{"taxonomy":"product_brand","embeddable":true,"href":"https:\/\/www.hydraulic-cylinders.net\/hu\/wp-json\/wp\/v2\/product_brand?post=19417"},{"taxonomy":"product_cat","embeddable":true,"href":"https:\/\/www.hydraulic-cylinders.net\/hu\/wp-json\/wp\/v2\/product_cat?post=19417"},{"taxonomy":"product_tag","embeddable":true,"href":"https:\/\/www.hydraulic-cylinders.net\/hu\/wp-json\/wp\/v2\/product_tag?post=19417"}],"curies":[{"name":"munkaf\u00fczet","href":"https:\/\/api.w.org\/{rel}","templated":true}]}}