{"id":19419,"date":"2025-04-07T06:33:36","date_gmt":"2025-04-07T06:33:36","guid":{"rendered":"https:\/\/www.hydraulic-cylinders.net\/product\/boom-cylinder-for-der-der323-8\/"},"modified":"2025-04-07T06:33:39","modified_gmt":"2025-04-07T06:33:39","slug":"boom-cylinder-for-der-der323-8","status":"publish","type":"product","link":"https:\/\/www.hydraulic-cylinders.net\/hu\/termek\/boom-cylinder-for-der-der323-8\/","title":{"rendered":"G\u00e9mhenger DER DER323-8-hoz"},"content":{"rendered":"<h1>G\u00e9mhenger DER DER323-8-hoz<\/h1>\n<h2>Term\u00e9k\u00e1ttekint\u00e9s<\/h2>\n<p>A DER DER323-8 g\u00e9mhengere egy l\u00e9tfontoss\u00e1g\u00fa hidraulikus alkatr\u00e9sz, amely kulcsfontoss\u00e1g\u00fa szerepet j\u00e1tszik a neh\u00e9zg\u00e9pek m\u0171k\u00f6dtet\u00e9s\u00e9ben. Ez a t\u00edpus\u00fa hidraulikus henger kifejezetten a kan\u00e1l mozg\u00e1s\u00e1nak vez\u00e9rl\u00e9s\u00e9re szolg\u00e1l k\u00fcl\u00f6nf\u00e9le neh\u00e9zg\u00e9pekben, p\u00e9ld\u00e1ul kotr\u00f3g\u00e9pekben, kotr\u00f3rakod\u00f3kban \u00e9s homlokrakod\u00f3kban. A kan\u00e1l emel\u00e9s\u00e9nek, s\u00fcllyeszt\u00e9s\u00e9nek \u00e9s billent\u00e9s\u00e9nek lehet\u0151v\u00e9 t\u00e9tel\u00e9vel a g\u00e9mhenger hat\u00e9kony anyagmozgat\u00e1si feladatokat tesz lehet\u0151v\u00e9.<\/p>\n<p><img decoding=\"async\" src=\"https:\/\/www.hydraulic-cylinders.net\/wp-content\/uploads\/2025\/04\/songte-company-1.webp\" alt=\"G\u00e9mhenger\" \/><\/p>\n<h3>Defin\u00edci\u00f3 \u00e9s m\u0171k\u00f6d\u00e9s<\/h3>\n<p>A kan\u00e1lhenger egy hidraulikus henger, amelyet neh\u00e9zg\u00e9pekhez r\u00f6gz\u00edtett kanalak mozg\u00e1s\u00e1nak szab\u00e1lyoz\u00e1s\u00e1ra haszn\u00e1lnak. A hidraulikus rendszerekben ezek a hengerek \u00fagy m\u0171k\u00f6dnek, hogy a hidraulikus energi\u00e1t mechanikai energi\u00e1v\u00e1 alak\u00edtj\u00e1k, lehet\u0151v\u00e9 t\u00e9ve a kan\u00e1l mozg\u00e1s\u00e1nak pontos vez\u00e9rl\u00e9s\u00e9t. A g\u00e9mhengerek kialak\u00edt\u00e1sa \u00e9s m\u0171k\u00f6d\u00e9se kulcsfontoss\u00e1g\u00fa a hat\u00e9kony \u00e1s\u00e1shoz, emel\u00e9shez \u00e9s anyagok sz\u00e1ll\u00edt\u00e1s\u00e1hoz, \u00edgy n\u00e9lk\u00fcl\u00f6zhetetlenek a k\u00fcl\u00f6nb\u00f6z\u0151 ipar\u00e1gakban.<\/p>\n<h2>A DER DER323-8 g\u00e9mhenger\u00e9nek jellemz\u0151i<\/h2>\n<ul>\n<li><strong>Nagy szil\u00e1rds\u00e1g \u00e9s tart\u00f3ss\u00e1g:<\/strong> Nagy szil\u00e1rds\u00e1g\u00fa ac\u00e9lb\u00f3l vagy alum\u00edniumb\u00f3l k\u00e9sz\u00fcltek, ezek a palackok nagy nyom\u00e1snak \u00e9s nagy terhel\u00e9snek vannak kit\u00e9ve, \u00edgy m\u00e9g a legmostoh\u00e1bb munkak\u00f6r\u00fclm\u00e9nyek k\u00f6z\u00f6tt is hossz\u00fa \u00e9lettartamot biztos\u00edtanak.<\/li>\n<li><strong>Hat\u00e9kony hidraulikus m\u0171k\u00f6dtet\u00e9s:<\/strong> Hidraulikus olajnyom\u00e1st haszn\u00e1lnak a sima kiny\u00fajt\u00e1shoz \u00e9s visszah\u00faz\u00e1shoz, gyors reag\u00e1l\u00e1st biztos\u00edtva a vez\u00e9rl\u0151parancsokra, \u00e9s jelent\u0151s tol\u00f3- \u00e9s h\u00faz\u00f3er\u0151t biztos\u00edtva a neh\u00e9z anyagok kezel\u00e9s\u00e9hez.<\/li>\n<li><strong>K\u00fcl\u00f6nb\u00f6z\u0151 t\u00edpusok:<\/strong> Kaphat\u00f3 egyszeres m\u0171k\u00f6d\u00e9s\u0171 (egy ir\u00e1nyban m\u0171k\u00f6d\u0151) vagy kett\u0151s m\u0171k\u00f6d\u00e9s\u0171 (mindk\u00e9t ir\u00e1nyban m\u0171k\u00f6d\u0151) konfigur\u00e1ci\u00f3ban, egyes modellek teleszk\u00f3pos kialak\u00edt\u00e1st k\u00edn\u00e1lnak a nagyobb kiny\u00fal\u00e1s \u00e9rdek\u00e9ben a k\u00fcls\u0151 m\u00e9retek n\u00f6vel\u00e9se n\u00e9lk\u00fcl.<\/li>\n<li><strong>Prec\u00edzi\u00f3s m\u00e9rn\u00f6ki munka:<\/strong> Ezek a hengerek magas t\u0171r\u00e9shat\u00e1rokkal tervezt\u00e9k \u0151ket az optim\u00e1lis teljes\u00edtm\u00e9ny biztos\u00edt\u00e1sa \u00e9s a kop\u00e1s minimaliz\u00e1l\u00e1sa \u00e9rdek\u00e9ben, valamint fejlett t\u00f6m\u00edt\u00e9si technol\u00f3gi\u00e1kkal vannak felszerelve a sziv\u00e1rg\u00e1sok megel\u0151z\u00e9se \u00e9rdek\u00e9ben.<\/li>\n<li><strong>Testreszabhat\u00f3 megold\u00e1sok:<\/strong> Olyan hengereket tudunk gy\u00e1rtani, amelyek t\u00f6k\u00e9letesen helyettes\u00edtik a megl\u00e9v\u0151 hidraulikus hengereket, a g\u00e9pek speci\u00e1lis k\u00f6vetelm\u00e9nyeihez igaz\u00edtva.<\/li>\n<\/ul>\n<p><img decoding=\"async\" src=\"https:\/\/www.hydraulic-cylinders.net\/wp-content\/uploads\/2025\/04\/songte-cylinder-head-with-all-kinds-excavator-models.webp\" alt=\"Hengerfej\" \/><\/p>\n<h2>Alkalmaz\u00e1si forgat\u00f3k\u00f6nyvek<\/h2>\n<h3>\u00c9p\u00edt\u0151ipari berendez\u00e9sek<\/h3>\n<p>A kotr\u00f3g\u00e9pekben a g\u00e9mhengerek elengedhetetlenek az \u00e1s\u00e1shoz, rakod\u00e1shoz \u00e9s a talaj vagy t\u00f6rmel\u00e9k mozgat\u00e1s\u00e1hoz. Lehet\u0151v\u00e9 teszik a kezel\u0151 sz\u00e1m\u00e1ra a prec\u00edz mozg\u00e1sok v\u00e9grehajt\u00e1s\u00e1t, amelyek kritikus fontoss\u00e1g\u00faak a f\u00f6ldmunk\u00e1k sor\u00e1n. A kotr\u00f3g\u00e9p-rakod\u00f3kban ezek a hengerek mind az \u00e1s\u00e1si, mind az emel\u00e9si m\u0171veletekben seg\u00edtenek, n\u00f6velve a g\u00e9p sokoldal\u00fas\u00e1g\u00e1t. A kan\u00e1l helyzet\u00e9nek pontos szab\u00e1lyoz\u00e1s\u00e1nak k\u00e9pess\u00e9ge n\u00e9lk\u00fcl\u00f6zhetetlenn\u00e9 teszi ezeket a hengereket az \u00e9p\u00edtkez\u00e9seken.<\/p>\n<h3>Mez\u0151gazdas\u00e1gi g\u00e9pek<\/h3>\n<p>A homlokrakod\u00f3kban a g\u00e9mhengerek l\u00e9tfontoss\u00e1g\u00faak a talaj, sz\u00e9na \u00e9s egy\u00e9b anyagok \u00e1s\u00e1s\u00e1hoz, emel\u00e9s\u00e9hez \u00e9s sz\u00e1ll\u00edt\u00e1s\u00e1hoz. Er\u0151teljes m\u0171k\u00f6d\u00e9s\u00fck lehet\u0151v\u00e9 teszi a gazd\u00e1lkod\u00f3k sz\u00e1m\u00e1ra, hogy k\u00f6nnyed\u00e9n kezelj\u00e9k a neh\u00e9z terheket, optimaliz\u00e1lva a termel\u00e9kenys\u00e9get a mez\u0151gazdas\u00e1gi tev\u00e9kenys\u00e9gek sor\u00e1n. A sima hidraulikus m\u0171k\u00f6d\u00e9s lehet\u0151v\u00e9 teszi a finom man\u0151vereket, ami elengedhetetlen az \u00e9rz\u00e9keny ter\u00fcleteken v\u00e9gzett munk\u00e1khoz.<\/p>\n<h3>Kotr\u00f3g\u00e9pek<\/h3>\n<p>A g\u00e9mhengerek lehet\u0151v\u00e9 teszik a kotr\u00f3g\u00e9pek sz\u00e1m\u00e1ra, hogy hat\u00e9konyan behatoljanak a talajba, megk\u00f6nny\u00edtve az \u00e1s\u00e1si m\u0171veleteket, amelyek elengedhetetlenek a k\u00fcl\u00f6nf\u00e9le \u00e9p\u00edt\u00e9si projektekhez. Azzal, hogy lehet\u0151v\u00e9 teszik a kan\u00e1l optim\u00e1lis sz\u00f6g\u00e9nek fenntart\u00e1s\u00e1t m\u0171k\u00f6d\u00e9s k\u00f6zben, ezek a hengerek n\u00f6velik az anyagkitermel\u00e9s hat\u00e9konys\u00e1g\u00e1t, \u00edgy kulcsfontoss\u00e1g\u00fa alkot\u00f3elemei a f\u00f6ldmunkag\u00e9peknek.<\/p>\n<h3>Rakod\u00f3k<\/h3>\n<p>A homlokrakod\u00f3kban a g\u00e9mhengerek hat\u00e9konyan emelik \u00e9s \u00fcr\u00edtik az anyagokat. Ezek biztos\u00edtj\u00e1k a sz\u00fcks\u00e9ges er\u0151t a rakom\u00e1nyok felemel\u00e9s\u00e9hez \u00e9s a sima \u00fcr\u00edt\u00e9shez, ami kritikus fontoss\u00e1g\u00fa az \u00e9p\u00edt\u0151ipari \u00e9s tereprendez\u00e9si alkalmaz\u00e1sokban v\u00e9gzett anyagmozgat\u00e1sn\u00e1l. Megb\u00edzhat\u00f3 teljes\u00edtm\u00e9ny\u00fck biztos\u00edtja, hogy a rakod\u00f3k cs\u00facshat\u00e9konys\u00e1ggal m\u0171k\u00f6dhessenek a biztons\u00e1g fel\u00e1ldoz\u00e1sa n\u00e9lk\u00fcl.<\/p>\n<h2>Tervez\u00e9si szempontok \u00e9s kiv\u00e1laszt\u00e1si szabv\u00e1nyok<\/h2>\n<h3>Teherb\u00edr\u00e1s<\/h3>\n<p>A g\u00e9mhenger teherb\u00edr\u00e1sa kritikus szempont, mivel ez hat\u00e1rozza meg, hogy a henger mekkora s\u00falyt k\u00e9pes biztons\u00e1gosan felemelni \u00e9s megtartani. A biztons\u00e1g \u00e9s a funkcionalit\u00e1s biztos\u00edt\u00e1sa \u00e9rdek\u00e9ben elengedhetetlen olyan henger kiv\u00e1laszt\u00e1sa, amely meghaladja az alkalmaz\u00e1s maxim\u00e1lis terhel\u00e9si k\u00f6vetelm\u00e9nyeit. A szerkezeti integrit\u00e1s \u00e9s az anyag\u00f6sszet\u00e9tel jelent\u0151sen befoly\u00e1solja a teherb\u00edr\u00e1st, a nagy szil\u00e1rds\u00e1g\u00fa anyagok pedig jobb teljes\u00edtm\u00e9nyt ny\u00fajtanak terhel\u00e9s alatt.<\/p>\n<h3>T\u00f6m\u00edt\u00e9s \u00e9s tart\u00f3ss\u00e1g<\/h3>\n<p>A hat\u00e9kony t\u00f6m\u00edt\u00e9s elengedhetetlen a hidraulikafolyad\u00e9k-sziv\u00e1rg\u00e1sok megel\u0151z\u00e9s\u00e9hez, amelyek teljes\u00edtm\u00e9nyprobl\u00e9m\u00e1khoz \u00e9s k\u00f6rnyezeti vesz\u00e9lyekhez vezethetnek. A tart\u00f3s anyagokb\u00f3l, p\u00e9ld\u00e1ul poliuret\u00e1nb\u00f3l vagy nitrilgumib\u00f3l k\u00e9sz\u00fclt, kiv\u00e1l\u00f3 min\u0151s\u00e9g\u0171 t\u00f6m\u00edt\u00e9sek elengedhetetlenek. A henger test\u00e9t \u00e9s menetes v\u00e9geit prec\u00edz megmunk\u00e1l\u00e1si folyamatoknak kell al\u00e1vetni a kop\u00e1s\u00e1ll\u00f3s\u00e1g fokoz\u00e1sa, a hosszabb \u00e9lettartam \u00e9s a megb\u00edzhat\u00f3 m\u0171k\u00f6d\u00e9s biztos\u00edt\u00e1sa \u00e9rdek\u00e9ben.<\/p>\n<h3>Biztons\u00e1g \u00e9s karbantart\u00e1s<\/h3>\n<p>A g\u00e9mhengerek tervez\u00e9sekor a biztons\u00e1gnak els\u0151dleges szempontnak kell lennie. Az olyan jellemz\u0151k, mint a nyom\u00e1scs\u00f6kkent\u0151 szelepek \u00e9s a robusztus konstrukci\u00f3, megakad\u00e1lyozhatj\u00e1k a katasztrof\u00e1lis meghib\u00e1sod\u00e1sokat. A rendszeres karbantart\u00e1si rutinok, bele\u00e9rtve az ellen\u0151rz\u00e9seket \u00e9s az alkatr\u00e9szcser\u00e9ket, elengedhetetlenek a henger optim\u00e1lis \u00fczem\u00e1llapot\u00e1nak fenntart\u00e1s\u00e1hoz, ami v\u00e9gs\u0151 soron a kezel\u0151k \u00e9s a g\u00e9pek v\u00e9delm\u00e9t is szolg\u00e1lja.<\/p>\n<p><img decoding=\"async\" src=\"https:\/\/www.hydraulic-cylinders.net\/wp-content\/uploads\/2025\/04\/songte-oil-pipes-and-spare-parts.webp\" alt=\"Olajcs\u00f6vek \u00e9s alkatr\u00e9szek\" \/><\/p>\n<h2>T\u00f6m\u00edt\u00e9s \u00e9s ken\u00e9s<\/h2>\n<p>K\u00fcl\u00f6nb\u00f6z\u0151 t\u00f6m\u00edt\u0151elemek, p\u00e9ld\u00e1ul dugatty\u00fat\u00f6m\u00edt\u00e9sek \u00e9s r\u00fadt\u00f6m\u00edt\u00e9sek haszn\u00e1lata elengedhetetlen a hidraulikus hat\u00e9konys\u00e1g fenntart\u00e1s\u00e1hoz. A kop\u00e1s\u00e1ll\u00f3 anyagokb\u00f3l k\u00e9sz\u00fclt t\u00f6m\u00edt\u00e9sek biztos\u00edtj\u00e1k a hossz\u00fa \u00e9lettartamot \u00e9s a teljes\u00edtm\u00e9nyt. A hengertest \u00e9s a menetes fel\u00fcletek finom megmunk\u00e1l\u00e1st ig\u00e9nyelnek a tart\u00f3ss\u00e1g n\u00f6vel\u00e9se \u00e9s a s\u00farl\u00f3d\u00e1s cs\u00f6kkent\u00e9se \u00e9rdek\u00e9ben. Az optim\u00e1lis m\u0171k\u00f6d\u00e9s fenntart\u00e1s\u00e1hoz \u00e9s a kop\u00e1s megel\u0151z\u00e9s\u00e9hez sz\u00fcks\u00e9ges a megfelel\u0151 hidraulikaolajjal t\u00f6rt\u00e9n\u0151 rendszeres ken\u00e9s.<\/p>\n<h2>Rendszeres ellen\u0151rz\u00e9s \u00e9s megel\u0151z\u0151 karbantart\u00e1s<\/h2>\n<ul>\n<li><strong>Rendszeres ellen\u0151rz\u00e9sek:<\/strong> A hidraulikus rendszer rutinszer\u0171 ellen\u0151rz\u00e9sei azonos\u00edthatj\u00e1k a sziv\u00e1rg\u00e1sokat, a kop\u00e1st \u00e9s egy\u00e9b probl\u00e9m\u00e1kat, miel\u0151tt azok meghib\u00e1sod\u00e1shoz vezetn\u00e9nek. Az ellen\u0151rz\u00e9sek napl\u00f3j\u00e1nak vezet\u00e9se seg\u00edt a proakt\u00edv karbantart\u00e1si megk\u00f6zel\u00edt\u00e9s fenntart\u00e1s\u00e1ban.<\/li>\n<li><strong>Megfelel\u0151 ken\u00e9s:<\/strong> A henger megfelel\u0151 ken\u00e9se cs\u00f6kkenti a s\u00farl\u00f3d\u00e1st \u00e9s a kop\u00e1st, meghosszabb\u00edtva a hidraulikus alkatr\u00e9szek \u00e9lettartam\u00e1t. A megfelel\u0151 t\u00edpus\u00fa hidraulikaolaj haszn\u00e1lata kulcsfontoss\u00e1g\u00fa.<\/li>\n<li><strong>T\u00f6m\u00edt\u00e9scsere:<\/strong> Id\u0151vel a t\u00f6m\u00edt\u00e9sek elkophatnak, \u00e9s cser\u00e9re szorulhatnak a hidraulikus hat\u00e9konys\u00e1g fenntart\u00e1sa \u00e9s a sziv\u00e1rg\u00e1sok megel\u0151z\u00e9se \u00e9rdek\u00e9ben. A kopott t\u00f6m\u00edt\u00e9sek azonnali cser\u00e9je elengedhetetlen a rendszer s\u00falyos k\u00e1rosod\u00e1s\u00e1nak elker\u00fcl\u00e9se \u00e9rdek\u00e9ben.<\/li>\n<\/ul>\n<h2>Telep\u00edt\u00e9si \u00fatmutat\u00f3<\/h2>\n<p>A g\u00e9mhenger megfelel\u0151 beszerel\u00e9se kulcsfontoss\u00e1g\u00fa a teljes\u00edtm\u00e9nye \u00e9s \u00e9lettartama szempontj\u00e1b\u00f3l. Kezdje azzal, hogy megbizonyosodik arr\u00f3l, hogy a r\u00f6gz\u00edt\u00e9si pontok tiszt\u00e1k \u00e9s t\u00f6rmel\u00e9kmentesek. Gondosan igaz\u00edtsa a hengert a r\u00f6gz\u00edt\u0151konzolokhoz, \u00e9s haszn\u00e1ljon megfelel\u0151 t\u00e1maszt\u00e9kokat a r\u00f6gz\u00edt\u00e9shez. Gy\u0151z\u0151dj\u00f6n meg arr\u00f3l, hogy minden hidraulikus csatlakoz\u00e1s szoros \u00e9s sziv\u00e1rg\u00e1smentes, \u00e9s a haszn\u00e1lat el\u0151tt ellen\u0151rizze k\u00e9tszeresen, hogy a henger mozg\u00e1startom\u00e1nya akad\u00e1lytalan-e. Az optim\u00e1lis teljes\u00edtm\u00e9ny \u00e9rdek\u00e9ben elengedhetetlen a gy\u00e1rt\u00f3 nyomat\u00e9kbe\u00e1ll\u00edt\u00e1sokra \u00e9s be\u00e1ll\u00edt\u00e1sra vonatkoz\u00f3 el\u0151\u00edr\u00e1sainak betart\u00e1sa.<\/p>\n<h2>Gyakori karbantart\u00e1si feladatok<\/h2>\n<ul>\n<li><strong>Rendszeres ellen\u0151rz\u00e9sek:<\/strong> A rendszeres ellen\u0151rz\u00e9sek seg\u00edtenek a potenci\u00e1lis probl\u00e9m\u00e1k korai azonos\u00edt\u00e1s\u00e1ban. Keresse a kop\u00e1s, sziv\u00e1rg\u00e1sok \u00e9s a tengelyelt\u00e9r\u00e9sek jeleit. A karbantart\u00e1si \u00fctemterv betart\u00e1sa jelent\u0151sen cs\u00f6kkentheti az \u00e1ll\u00e1sid\u0151t.<\/li>\n<li><strong>Megfelel\u0151 ken\u00e9s:<\/strong> A megfelel\u0151 ken\u00e9si szint fenntart\u00e1sa kritikus fontoss\u00e1g\u00fa a hidraulikus hengerek z\u00f6kken\u0151mentes m\u0171k\u00f6d\u00e9s\u00e9hez. Haszn\u00e1lja az aj\u00e1nlott hidraulikaolajat, \u00e9s k\u00f6vesse a gy\u00e1rt\u00f3 ken\u00e9si gyakoris\u00e1gra vonatkoz\u00f3 \u00fatmutat\u00e1sait.<\/li>\n<li><strong>T\u00f6m\u00edt\u00e9scsere:<\/strong> Rendszeresen ellen\u0151rizze a t\u00f6m\u00edt\u00e9sek kop\u00e1s\u00e1t, \u00e9s sz\u00fcks\u00e9g szerint cser\u00e9lje ki \u0151ket a hidraulikus nyom\u00e1s fenntart\u00e1sa \u00e9s a sziv\u00e1rg\u00e1sok megel\u0151z\u00e9se \u00e9rdek\u00e9ben. Ez a feladat elengedhetetlen a hidraulikus rendszer hossz\u00fa \u00e9lettartam\u00e1hoz.<\/li>\n<\/ul>\n<p><img decoding=\"async\" src=\"https:\/\/www.hydraulic-cylinders.net\/wp-content\/uploads\/2025\/04\/songte-chushion-collar.webp\" alt=\"P\u00e1rna gall\u00e9r\" \/><\/p>\n<h2>Biztons\u00e1gi szempontok \u00e9s k\u00f6rnyezeti t\u00e9nyez\u0151k<\/h2>\n<p>A biztons\u00e1gi int\u00e9zked\u00e9sek bevezet\u00e9se l\u00e9tfontoss\u00e1g\u00fa a hidraulikus hengerekkel v\u00e9gzett munka sor\u00e1n. A kezel\u0151ket ki kell k\u00e9pezni a g\u00e9pek biztons\u00e1gos kezel\u00e9s\u00e9re \u00e9s a biztons\u00e1gi protokollok betart\u00e1s\u00e1nak fontoss\u00e1g\u00e1ra. A megfelel\u0151 szem\u00e9lyi v\u00e9d\u0151felszerel\u00e9s (PPE) haszn\u00e1lata minimaliz\u00e1lja a kock\u00e1zatokat. Ezenk\u00edv\u00fcl a k\u00f6rnyezeti t\u00e9nyez\u0151k, p\u00e9ld\u00e1ul a sziv\u00e1rg\u00e1s megel\u0151z\u00e9se \u00e9s a hidraulikus folyad\u00e9kok megfelel\u0151 \u00e1rtalmatlan\u00edt\u00e1sa figyelembev\u00e9tele is kulcsfontoss\u00e1g\u00fa a fenntarthat\u00f3 m\u0171k\u00f6d\u00e9s fenntart\u00e1s\u00e1hoz.<\/p>\n<h2>Hibadiagn\u00f3zis \u00e9s gyakori probl\u00e9m\u00e1k<\/h2>\n<ul>\n<li><strong>Sziv\u00e1rg\u00e1s:<\/strong> Az egyik leggyakoribb probl\u00e9ma a hidraulikafolyad\u00e9k sziv\u00e1rg\u00e1sa. Ez kopott t\u00f6m\u00edt\u00e9sekre vagy s\u00e9r\u00fclt t\u00f6ml\u0151kre utalhat. Azonnali beavatkoz\u00e1sra van sz\u00fcks\u00e9g a tov\u00e1bbi k\u00e1rok megel\u0151z\u00e9se \u00e9rdek\u00e9ben.<\/li>\n<li><strong>Lass\u00fa vagy szab\u00e1lytalan mozg\u00e1s:<\/strong> Ha a henger lassan vagy szab\u00e1lytalanul m\u0171k\u00f6dik, az alacsony hidraulikafolyad\u00e9k-szintre vagy a rendszerben l\u00e9v\u0151 leveg\u0151re utalhat. A rendszeres ellen\u0151rz\u00e9sek \u00e9s karbantart\u00e1s seg\u00edthetnek enyh\u00edteni ezt a probl\u00e9m\u00e1t.<\/li>\n<li><strong>Egyenetlen terhel\u00e9seloszl\u00e1s:<\/strong> Ha a henger nem m\u0171k\u00f6dik egyenletesen, akkor lehet, hogy rosszul van be\u00e1ll\u00edtva, vagy \u00fajra kell kalibr\u00e1lni. A probl\u00e9ma elker\u00fcl\u00e9se \u00e9rdek\u00e9ben a megfelel\u0151 beszerel\u00e9s kulcsfontoss\u00e1g\u00fa.<\/li>\n<\/ul>\n<h2>Hibaelh\u00e1r\u00edt\u00e1si tippek<\/h2>\n<p>A probl\u00e9m\u00e1k hat\u00e9kony diagnosztiz\u00e1l\u00e1s\u00e1hoz \u00e9s hibaelh\u00e1r\u00edt\u00e1s\u00e1hoz el\u0151sz\u00f6r ellen\u0151rizze a hidraulikafolyad\u00e9k szintj\u00e9t \u00e9s keressen sziv\u00e1rg\u00e1sokat. Ha szab\u00e1lytalan mozg\u00e1st tapasztal, l\u00e9gtelen\u00edtse a rendszert a bennrekedt leveg\u0151 elt\u00e1vol\u00edt\u00e1s\u00e1hoz. Egyenetlen terhel\u00e9seloszl\u00e1s eset\u00e9n ellen\u0151rizze a henger \u00e9s a r\u00f6gz\u00edt\u0151konzolok be\u00e1ll\u00edt\u00e1s\u00e1t. A rendszeres karbantart\u00e1s \u00e9s az \u00fczemeltet\u00e9si ir\u00e1nyelvek betart\u00e1sa jelent\u0151sen cs\u00f6kkentheti ezen probl\u00e9m\u00e1k el\u0151fordul\u00e1s\u00e1t \u00e9s n\u00f6velheti a hidraulikus rendszer \u00e9lettartam\u00e1t.<\/p>\n<p><img decoding=\"async\" src=\"https:\/\/www.hydraulic-cylinders.net\/wp-content\/uploads\/2025\/04\/songte-bushings-with-all-kinds-of-excavator-models.webp\" alt=\"perselyek\" \/><\/p>\n<h2>C\u00e9g\u00fcnkr\u0151l<\/h2>\n<p>Vezet\u0151 gy\u00e1rt\u00f3 \u00e9s nagykeresked\u0151 vagyunk a p\u00f3talkatr\u00e9szek hidraulikus hengereiben, \u00e1tfog\u00f3 term\u00e9kv\u00e1laszt\u00e9kot k\u00edn\u00e1lva mind a hazai, mind a nemzetk\u00f6zi piacok sz\u00e1m\u00e1ra. Elk\u00f6telezettek vagyunk a kiv\u00e1l\u00f3s\u00e1g ir\u00e1nt, \u00e9s kifinomult gy\u00e1rt\u00e1sir\u00e1ny\u00edt\u00e1si strat\u00e9gi\u00e1t alkalmazunk a kiv\u00e1l\u00f3 min\u0151s\u00e9g\u0171 termel\u00e9s biztos\u00edt\u00e1sa \u00e9rdek\u00e9ben. M\u0171szaki szak\u00e9rt\u0151ink csapata, fejlett digit\u00e1lis gy\u00e1rt\u00f3berendez\u00e9sekkel \u00e9s szigor\u00fa tesztel\u00e9si rendszerrel kombin\u00e1lva folyamatosan fejleszti gy\u00e1rt\u00e1si k\u00e9pess\u00e9geinket. B\u00fcszk\u00e9k vagyunk arra, hogy k\u00e9pesek vagyunk nagy hat\u00e9konys\u00e1ggal, pontoss\u00e1ggal \u00e9s min\u0151s\u00e9ggel kiel\u00e9g\u00edteni a soksz\u00edn\u0171 \u00fcgyf\u00e9lig\u00e9nyeket.<\/p>\n<h3>Professzionalizmus \u00e9s egyedi szolg\u00e1ltat\u00e1sok<\/h3>\n<p>C\u00e9g\u00fcnk sz\u00e9lesk\u00f6r\u0171, testreszabott szolg\u00e1ltat\u00e1sokat k\u00edn\u00e1l, amelyeket \u00fcgyfeleink egyedi ig\u00e9nyeinek kiel\u00e9g\u00edt\u00e9s\u00e9re szabtunk. Nemzetk\u00f6zi tan\u00fas\u00edtv\u00e1nyokkal rendelkez\u00fcnk annak biztos\u00edt\u00e1sa \u00e9rdek\u00e9ben, hogy term\u00e9keink megfeleljenek a glob\u00e1lis szabv\u00e1nyoknak. Gy\u00e1rt\u00f3\u00fczemeink a legmodernebb berendez\u00e9seket haszn\u00e1lj\u00e1k, amelyek lehet\u0151v\u00e9 teszik sz\u00e1munkra, hogy a legmagasabb min\u0151s\u00e9gi szabv\u00e1nyoknak megfelel\u0151 palackokat gy\u00e1rtsunk. Elk\u00f6telezett \u00e9rt\u00e9kes\u00edt\u00e9s ut\u00e1ni szolg\u00e1ltat\u00e1si csapatunk mindig rendelkez\u00e9sre \u00e1ll, hogy seg\u00edtse \u00fcgyfeleinket ig\u00e9nyeik kiel\u00e9g\u00edt\u00e9s\u00e9ben, biztos\u00edtva az el\u00e9gedetts\u00e9get a term\u00e9k teljes \u00e9letciklusa alatt.<\/p>\n<p><img decoding=\"async\" src=\"https:\/\/www.hydraulic-cylinders.net\/wp-content\/uploads\/2025\/04\/songte-company-4.webp\" alt=\"C\u00e9ginform\u00e1ci\u00f3\" \/><br \/>\n<img decoding=\"async\" src=\"https:\/\/www.hydraulic-cylinders.net\/wp-content\/uploads\/2025\/04\/songte-company-3.webp\" alt=\"C\u00e9ges l\u00e9tes\u00edtm\u00e9nyek\" \/><\/p>\n<p>Szerz\u0151: lyl<\/p>","protected":false},"excerpt":{"rendered":"<p>Boom Cylinder For DER DER323-8 Product Overview The Boom Cylinder for DER DER323-8 is a vital hydraulic component that plays a crucial role in the operation of heavy machinery. This type of hydraulic cylinder is specifically designed to control the movement of the bucket in various heavy-duty equipment, such as excavators, backhoe loaders, and front [&hellip;]<\/p>","protected":false},"featured_media":17879,"comment_status":"open","ping_status":"closed","template":"","meta":{"_et_pb_use_builder":"","_et_pb_old_content":"","_et_gb_content_width":""},"product_brand":[],"product_cat":[1546],"product_tag":[1547,1496],"class_list":{"0":"post-19419","1":"product","2":"type-product","3":"status-publish","4":"has-post-thumbnail","6":"product_cat-boom-cylinders","7":"product_tag-boom-cylinders","8":"product_tag-hydraulic-cylinders","10":"first","11":"instock","12":"shipping-taxable","13":"product-type-simple"},"amp_enabled":true,"_links":{"self":[{"href":"https:\/\/www.hydraulic-cylinders.net\/hu\/wp-json\/wp\/v2\/product\/19419","targetHints":{"allow":["GET"]}}],"collection":[{"href":"https:\/\/www.hydraulic-cylinders.net\/hu\/wp-json\/wp\/v2\/product"}],"about":[{"href":"https:\/\/www.hydraulic-cylinders.net\/hu\/wp-json\/wp\/v2\/types\/product"}],"replies":[{"embeddable":true,"href":"https:\/\/www.hydraulic-cylinders.net\/hu\/wp-json\/wp\/v2\/comments?post=19419"}],"wp:featuredmedia":[{"embeddable":true,"href":"https:\/\/www.hydraulic-cylinders.net\/hu\/wp-json\/wp\/v2\/media\/17879"}],"wp:attachment":[{"href":"https:\/\/www.hydraulic-cylinders.net\/hu\/wp-json\/wp\/v2\/media?parent=19419"}],"wp:term":[{"taxonomy":"product_brand","embeddable":true,"href":"https:\/\/www.hydraulic-cylinders.net\/hu\/wp-json\/wp\/v2\/product_brand?post=19419"},{"taxonomy":"product_cat","embeddable":true,"href":"https:\/\/www.hydraulic-cylinders.net\/hu\/wp-json\/wp\/v2\/product_cat?post=19419"},{"taxonomy":"product_tag","embeddable":true,"href":"https:\/\/www.hydraulic-cylinders.net\/hu\/wp-json\/wp\/v2\/product_tag?post=19419"}],"curies":[{"name":"munkaf\u00fczet","href":"https:\/\/api.w.org\/{rel}","templated":true}]}}