{"id":19439,"date":"2025-04-07T06:47:35","date_gmt":"2025-04-07T06:47:35","guid":{"rendered":"https:\/\/www.hydraulic-cylinders.net\/product\/boom-cylinder-for-case-small-excavator-cx58c\/"},"modified":"2025-04-07T06:47:38","modified_gmt":"2025-04-07T06:47:38","slug":"boom-cylinder-for-case-small-excavator-cx58c","status":"publish","type":"product","link":"https:\/\/www.hydraulic-cylinders.net\/hu\/termek\/boom-cylinder-for-case-small-excavator-cx58c\/","title":{"rendered":"G\u00e9mhenger Case kis kotr\u00f3g\u00e9phez CX58C"},"content":{"rendered":"<h1>G\u00e9mhenger Case kis kotr\u00f3g\u00e9phez CX58C<\/h1>\n<h2>A g\u00e9mhengerek meg\u00e9rt\u00e9se<\/h2>\n<p>A g\u00e9mhenger egy l\u00e9tfontoss\u00e1g\u00fa hidraulikus alkatr\u00e9sz, amelyet kifejezetten a neh\u00e9zg\u00e9pek, p\u00e9ld\u00e1ul kotr\u00f3g\u00e9pek, kotr\u00f3g\u00e9pek \u00e9s homlokrakod\u00f3k kanalainak mozg\u00e1s\u00e1nak vez\u00e9rl\u00e9s\u00e9re terveztek. Ez a hidraulikus henger lehet\u0151v\u00e9 teszi a kan\u00e1l emel\u00e9s\u00e9t, s\u00fcllyeszt\u00e9s\u00e9t \u00e9s billent\u00e9s\u00e9t, megk\u00f6nny\u00edtve a hat\u00e9kony anyagmozgat\u00e1si m\u0171veleteket. Speci\u00e1lis hidraulikus eszk\u00f6zk\u00e9nt kulcsszerepet j\u00e1tszik ezen g\u00e9pek z\u00f6kken\u0151mentes m\u0171k\u00f6d\u00e9s\u00e9nek biztos\u00edt\u00e1s\u00e1ban, lehet\u0151v\u00e9 t\u00e9ve sz\u00e1mukra az olyan feladatok hat\u00e9kony elv\u00e9gz\u00e9s\u00e9t, mint az \u00e1s\u00e1s, emel\u00e9s \u00e9s anyagok sz\u00e1ll\u00edt\u00e1sa.<\/p>\n<p><img decoding=\"async\" src=\"https:\/\/www.hydraulic-cylinders.net\/wp-content\/uploads\/2025\/04\/songte-company-1.webp\" alt=\"Hidraulikus henger\"><\/p>\n<h3>Meghat\u00e1roz\u00e1s \u00e9s \u00e1ttekint\u00e9s<\/h3>\n<p>The Bucket Cylinder is a type of hydraulic cylinder that operates within a hydraulic system, converting hydraulic energy into mechanical force. It is particularly essential in construction equipment and agricultural machinery, where it directly affects the performance and efficiency of operations. The cylinder&#8217;s ability to provide controlled motion is critical, as it ensures precision and power during lifting and digging tasks. This hydraulic system&#8217;s integral design not only enhances productivity but also contributes to the overall safety and effectiveness of heavy machinery.<\/p>\n<h2>A g\u00e9mhenger f\u0151bb jellemz\u0151i<\/h2>\n<ul>\n<li><strong>Nagy szil\u00e1rds\u00e1g \u00e9s tart\u00f3ss\u00e1g:<\/strong> A nagy szil\u00e1rds\u00e1g\u00fa ac\u00e9lb\u00f3l vagy alum\u00edniumb\u00f3l k\u00e9sz\u00fclt g\u00e9mhenger nagy nyom\u00e1snak \u00e9s neh\u00e9z terhel\u00e9snek val\u00f3 ellen\u00e1ll\u00e1sra van tervezve, \u00edgy ide\u00e1lis a zord munkak\u00f6rnyezetekhez. Kialak\u00edt\u00e1sa sor\u00e1n figyelembe vett\u00e9k a kop\u00e1s\u00e1ll\u00f3s\u00e1got \u00e9s a korr\u00f3zi\u00f3\u00e1ll\u00f3s\u00e1got, ami jelent\u0151sen meghosszabb\u00edtja az \u00e9lettartam\u00e1t.<\/li>\n<li><strong>Hat\u00e9kony hidraulikus m\u0171k\u00f6dtet\u00e9s:<\/strong> A hidraulikaolaj nyom\u00e1s\u00e1t haszn\u00e1lva a sima kiny\u00fajt\u00e1shoz \u00e9s visszah\u00faz\u00e1shoz, ez a henger gyorsan reag\u00e1l a vez\u00e9rl\u0151parancsokra, er\u0151teljes tol\u00f3- \u00e9s h\u00faz\u00f3er\u0151t biztos\u00edtva, amely alkalmas neh\u00e9z emel\u00e9sekhez \u00e9s \u00f6sszetett feladatokhoz.<\/li>\n<li><strong>K\u00fcl\u00f6nb\u00f6z\u0151 t\u00edpusok el\u00e9rhet\u0151k:<\/strong> Az ig\u00e9nyekt\u0151l f\u00fcgg\u0151en a felhaszn\u00e1l\u00f3k v\u00e1laszthatnak egyszeres m\u0171k\u00f6d\u00e9s\u0171 (egy ir\u00e1nyban m\u0171k\u00f6d\u0151) vagy kett\u0151s m\u0171k\u00f6d\u00e9s\u0171 (mindk\u00e9t ir\u00e1nyban m\u0171k\u00f6d\u0151) hengereket. Egyes modellek teleszk\u00f3posak, \u00edgy nagyobb kiny\u00fal\u00e1st tesznek lehet\u0151v\u00e9 a k\u00fcls\u0151 m\u00e9retek n\u00f6vel\u00e9se n\u00e9lk\u00fcl, \u00edgy ide\u00e1lisak a helysz\u0171k\u00e9ben l\u00e9v\u0151 alkalmaz\u00e1sokhoz.<\/li>\n<li><strong>Testreszabhat\u00f3 megold\u00e1sok:<\/strong> Ezt a term\u00e9ket prec\u00edzen gy\u00e1rtjuk, biztos\u00edtva, hogy hengereink t\u00f6k\u00e9letesen helyettes\u00edts\u00e9k a k\u00fcl\u00f6nf\u00e9le g\u00e9pipari alkalmaz\u00e1sokban haszn\u00e1lt megl\u00e9v\u0151 hidraulikus hengereket.<\/li>\n<li><strong>Fejlett tervez\u00e9si technol\u00f3gia:<\/strong> G\u00e9mhengereinket \u00e9lvonalbeli technol\u00f3gi\u00e1val tervezt\u00fck, amely garant\u00e1lja a kompatibilit\u00e1st a k\u00fcl\u00f6nf\u00e9le kotr\u00f3g\u00e9p-modellekkel, optimaliz\u00e1lva a teljes\u00edtm\u00e9nyt \u00e9s a megb\u00edzhat\u00f3s\u00e1got.<\/li>\n<\/ul>\n<p><img decoding=\"async\" src=\"https:\/\/www.hydraulic-cylinders.net\/wp-content\/uploads\/2025\/04\/songte-cylinder-head-with-all-kinds-excavator-models.webp\" alt=\"Kotr\u00f3g\u00e9p modellek\"><\/p>\n<h2>A g\u00e9mhenger alkalmaz\u00e1sai<\/h2>\n<h3>\u00c9p\u00edt\u0151ipari berendez\u00e9sek<\/h3>\n<p>In excavators, boom cylinders are pivotal for digging, loading, and relocating soil or debris. They enable the precise movement of the bucket, enhancing productivity on construction sites. The control provided by the boom cylinder simplifies the operator&#8217;s tasks, allowing for effective excavation and material handling.<\/p>\n<h3>Mez\u0151gazdas\u00e1gi g\u00e9pek<\/h3>\n<p>A homlokrakod\u00f3kban a g\u00e9mhengereket olyan anyagok \u00e1s\u00e1s\u00e1ra, emel\u00e9s\u00e9re \u00e9s sz\u00e1ll\u00edt\u00e1s\u00e1ra haszn\u00e1lj\u00e1k, mint a talaj, sz\u00e9na \u00e9s egy\u00e9b mez\u0151gazdas\u00e1gi term\u00e9kek. Robusztus kialak\u00edt\u00e1suk biztos\u00edtja, hogy megbirk\u00f3zzanak a mez\u0151gazdas\u00e1gi munk\u00e1k ig\u00e9nyes jelleg\u00e9vel, lehet\u0151v\u00e9 t\u00e9ve a gazd\u00e1lkod\u00f3k sz\u00e1m\u00e1ra, hogy hat\u00e9konyan kezelj\u00e9k feladataikat.<\/p>\n<h3>F\u00f6ldmunk\u00e1k<\/h3>\n<p>A kotr\u00f3g\u00e9pek nagym\u00e9rt\u00e9kben t\u00e1maszkodnak a g\u00e9mhengerekre az \u00e1s\u00e1si folyamat sor\u00e1n. Azzal, hogy a kan\u00e1l hat\u00e9konyan behatol a talajba, a henger m\u00e9lyebb \u00e9s hat\u00e9konyabb f\u00f6ldmunk\u00e1kat tesz lehet\u0151v\u00e9, ami elengedhetetlen a k\u00fcl\u00f6nf\u00e9le \u00e9p\u00edt\u00e9si \u00e9s tereprendez\u00e9si projektekhez.<\/p>\n<h3>Bet\u00f6lt\u0151alkalmaz\u00e1sok<\/h3>\n<p>A homlokrakod\u00f3kban a g\u00e9mhengerek hat\u00e9konyan seg\u00edtik a rakom\u00e1nyok emel\u00e9s\u00e9t \u00e9s \u00fcr\u00edt\u00e9s\u00e9t. Kialak\u00edt\u00e1suk biztos\u00edtja, hogy a neh\u00e9z anyagok is felemelhet\u0151k \u00e9s megd\u00f6nthet\u0151k legyenek, lehet\u0151v\u00e9 t\u00e9ve a hat\u00e9kony kirakod\u00e1si m\u0171veleteket, ez\u00e1ltal maximaliz\u00e1lva a termel\u00e9kenys\u00e9get \u00e9s minimaliz\u00e1lva a feladatokra ford\u00edtott id\u0151t.<\/p>\n<h2>Tervez\u00e9si szempontok \u00e9s kiv\u00e1laszt\u00e1si krit\u00e9riumok<\/h2>\n<h3>Teherb\u00edr\u00e1s<\/h3>\n<p>G\u00e9mhenger kiv\u00e1laszt\u00e1sakor kulcsfontoss\u00e1g\u00fa figyelembe venni a teherb\u00edr\u00e1s\u00e1t. A hengernek k\u00e9pesnek kell lennie arra, hogy a meghib\u00e1sod\u00e1s kock\u00e1zata n\u00e9lk\u00fcl elb\u00edrja az \u00e1ltala felemelt vagy mozgatott teher maxim\u00e1lis s\u00faly\u00e1t. A henger t\u00falterhel\u00e9se katasztrof\u00e1lis meghib\u00e1sod\u00e1sokhoz \u00e9s balesetekhez vezethet, ez\u00e9rt elengedhetetlen olyan henger kiv\u00e1laszt\u00e1sa, amely meghaladja a v\u00e1rhat\u00f3 terhel\u00e9si k\u00f6vetelm\u00e9nyeket.<\/p>\n<h3>T\u00f6m\u00edt\u0151rendszerek<\/h3>\n<p>Megb\u00edzhat\u00f3 t\u00f6m\u00edt\u0151rendszerre van sz\u00fcks\u00e9g a hidraulikafolyad\u00e9k sziv\u00e1rg\u00e1s\u00e1nak megakad\u00e1lyoz\u00e1s\u00e1hoz \u00e9s az optim\u00e1lis teljes\u00edtm\u00e9ny biztos\u00edt\u00e1s\u00e1hoz. A megfelel\u0151 t\u00f6m\u00edt\u00e9seket az \u00fczemi k\u00f6rnyezet alapj\u00e1n kell kiv\u00e1lasztani, olyan opci\u00f3kkal, mint a poliuret\u00e1n \u00e9s a nitrilkaucsuk, amelyek tart\u00f3ss\u00e1guknak \u00e9s kop\u00e1s\u00e1ll\u00f3s\u00e1guknak k\u00f6sz\u00f6nhet\u0151en el\u00e9rhet\u0151k. A min\u0151s\u00e9gi t\u00f6m\u00edt\u00e9s jelent\u0151sen befoly\u00e1solja a henger hat\u00e9konys\u00e1g\u00e1t \u00e9s hossz\u00fa \u00e9lettartam\u00e1t.<\/p>\n<h3>Tart\u00f3ss\u00e1g<\/h3>\n<p>A tart\u00f3ss\u00e1g kulcsfontoss\u00e1g\u00fa t\u00e9nyez\u0151 a hidraulikus hengerek kiv\u00e1laszt\u00e1sakor. Az \u00e9p\u00edt\u00e9shez haszn\u00e1lt anyagoknak ellen\u00e1llniuk kell a kop\u00e1snak \u00e9s a korr\u00f3zi\u00f3nak, k\u00fcl\u00f6n\u00f6sen a zord k\u00f6r\u00fclm\u00e9nyeknek kitett k\u00f6rnyezetben. A nagy szil\u00e1rds\u00e1g\u00fa anyagok v\u00e9d\u0151bevonatokkal kombin\u00e1lva n\u00f6velhetik a henger \u00e9lettartam\u00e1t, biztos\u00edtva, hogy az ellen\u00e1lljon a rendszeres haszn\u00e1latnak roml\u00e1s n\u00e9lk\u00fcl.<\/p>\n<h3>Biztons\u00e1gi funkci\u00f3k<\/h3>\n<p>A hidraulikus hengerek tervez\u00e9s\u00e9n\u00e9l a biztons\u00e1g kiemelked\u0151 fontoss\u00e1g\u00fa. Az olyan funkci\u00f3k be\u00e9p\u00edt\u00e9se, mint a nyom\u00e1scs\u00f6kkent\u0151 szelepek \u00e9s a t\u00falterhel\u00e9s elleni v\u00e9delmi mechanizmusok, megel\u0151zhetik a baleseteket \u00e9s a berendez\u00e9s meghib\u00e1sod\u00e1sait. Alapvet\u0151 fontoss\u00e1g\u00fa, hogy ezek a funkci\u00f3k be\u00e9p\u00fcljenek a tervez\u00e9sbe a terepen t\u00f6rt\u00e9n\u0151 biztons\u00e1gos \u00fczemeltet\u00e9s el\u0151seg\u00edt\u00e9se \u00e9rdek\u00e9ben.<\/p>\n<h3>Karbantart\u00e1si hozz\u00e1f\u00e9rhet\u0151s\u00e9g<\/h3>\n<p>A hidraulikus hengerek karbantart\u00e1si szempontb\u00f3l t\u00f6rt\u00e9n\u0151 tervez\u00e9se jelent\u0151sen megk\u00f6nny\u00edtheti a karbantart\u00e1si folyamatot. Az egyszer\u0171 ellen\u0151rz\u00e9st, tiszt\u00edt\u00e1st \u00e9s alkatr\u00e9szcser\u00e9t lehet\u0151v\u00e9 tev\u0151 funkci\u00f3k id\u0151t takar\u00edthatnak meg, \u00e9s cs\u00f6kkenthetik a hosszabb \u00e1ll\u00e1sid\u0151vel j\u00e1r\u00f3 k\u00f6lts\u00e9geket. Az \u00f6sszes alkatr\u00e9sz hozz\u00e1f\u00e9rhet\u0151s\u00e9g\u00e9nek biztos\u00edt\u00e1sa megk\u00f6nny\u00edti a rendszeres karbantart\u00e1si ellen\u0151rz\u00e9seket.<\/p>\n<p><img decoding=\"async\" src=\"https:\/\/www.hydraulic-cylinders.net\/wp-content\/uploads\/2025\/04\/songte-oil-pipes-and-spare-parts.webp\" alt=\"Hidraulikus alkatr\u00e9szek\"><\/p>\n<h2>T\u00f6m\u00edt\u00e9s \u00e9s ken\u00e9s<\/h2>\n<p>Egy hidraulikus rendszer hat\u00e9konys\u00e1ga nagym\u00e9rt\u00e9kben f\u00fcgg a t\u00f6m\u00edt\u00e9s\u00e9t\u0151l \u00e9s a ken\u00e9s\u00e9t\u0151l. A g\u00e9mhengerben k\u00fcl\u00f6nf\u00e9le t\u00f6m\u00edt\u00e9seket, bele\u00e9rtve a dugatty\u00fat\u00f6m\u00edt\u00e9seket \u00e9s a r\u00fadt\u00f6m\u00edt\u00e9seket is, kell haszn\u00e1lni. A tart\u00f3s anyagokb\u00f3l, p\u00e9ld\u00e1ul poliuret\u00e1nb\u00f3l \u00e9s nitrilgumib\u00f3l k\u00e9sz\u00fclt t\u00f6m\u00edt\u00e9sek n\u00f6velik a kop\u00e1s\u00e1ll\u00f3s\u00e1got \u00e9s a hossz\u00fa \u00e9lettartamot. Ezenk\u00edv\u00fcl a hengertestet \u00e9s a menetes v\u00e9gfel\u00fcleteket finom megmunk\u00e1l\u00e1snak kell al\u00e1vetni a kop\u00e1s\u00e1ll\u00f3s\u00e1g jav\u00edt\u00e1sa \u00e9rdek\u00e9ben.<\/p>\n<p>A rendszeres ken\u00e9s elengedhetetlen az optim\u00e1lis \u00fczemi k\u00f6r\u00fclm\u00e9nyek fenntart\u00e1s\u00e1hoz. A hidraulikaolajat rendszeresen ut\u00e1na kell t\u00f6lteni a z\u00f6kken\u0151mentes m\u0171k\u00f6d\u00e9s biztos\u00edt\u00e1sa \u00e9s a kop\u00e1s megel\u0151z\u00e9se \u00e9rdek\u00e9ben. A megfelel\u0151 ken\u00e9s minimaliz\u00e1lja a s\u00farl\u00f3d\u00e1st \u00e9s a h\u0151k\u00e9pz\u0151d\u00e9st, amelyek id\u0151vel k\u00e1ros\u00edthatj\u00e1k a bels\u0151 alkatr\u00e9szeket.<\/p>\n<h2>Rendszeres ellen\u0151rz\u00e9s \u00e9s megel\u0151z\u0151 karbantart\u00e1si int\u00e9zked\u00e9sek<\/h2>\n<ul>\n<li><strong>Rutin ellen\u0151rz\u00e9sek:<\/strong> Rendszeresen ellen\u0151rizze a g\u00e9mhengert, hogy azonos\u00edtsa a kop\u00e1s vagy s\u00e9r\u00fcl\u00e9s jeleit. Keressen sziv\u00e1rg\u00e1sokat, \u00e9s gy\u0151z\u0151dj\u00f6n meg arr\u00f3l, hogy minden t\u00f6m\u00edt\u00e9s megfelel\u0151en m\u0171k\u00f6dik.<\/li>\n<li><strong>Megfelel\u0151 ken\u00e9s:<\/strong> A kop\u00e1s megel\u0151z\u00e9se \u00e9s a hat\u00e9kony m\u0171k\u00f6d\u00e9s biztos\u00edt\u00e1sa \u00e9rdek\u00e9ben \u00fcgyeljen a henger ken\u00e9s\u00e9re. Ellen\u0151rizze a hidraulikaolaj szintj\u00e9t, \u00e9s sz\u00fcks\u00e9g szerint t\u00f6ltse fel.<\/li>\n<li><strong>T\u00f6m\u00edt\u00e9scsere:<\/strong> Rendszeresen ellen\u0151rizze a t\u00f6m\u00edt\u00e9sek \u00e1llapot\u00e1t. A kopott vagy s\u00e9r\u00fclt t\u00f6m\u00edt\u00e9seket azonnal cser\u00e9lje ki a sziv\u00e1rg\u00e1sok \u00e9s a hidraulikus nyom\u00e1svesztes\u00e9g elker\u00fcl\u00e9se \u00e9rdek\u00e9ben.<\/li>\n<\/ul>\n<h2>Telep\u00edt\u00e9si \u00fatmutat\u00f3<\/h2>\n<p>A g\u00e9mhenger helyes beszerel\u00e9se elengedhetetlen az optim\u00e1lis teljes\u00edtm\u00e9nyhez. Kezdje azzal, hogy megbizonyosodik arr\u00f3l, hogy a r\u00f6gz\u00edt\u0151fel\u00fcletek tiszt\u00e1k \u00e9s t\u00f6rmel\u00e9kmentesek. Igaz\u00edtsa megfelel\u0151en a hengert a megl\u00e9v\u0151 tartoz\u00e9kokhoz, hogy elker\u00fclje a hib\u00e1s be\u00e1ll\u00edt\u00e1si probl\u00e9m\u00e1kat, amelyek id\u0151 el\u0151tti kop\u00e1shoz vagy meghib\u00e1sod\u00e1shoz vezethetnek. Haszn\u00e1ljon megfelel\u0151 r\u00f6gz\u00edt\u0151konzolokat a henger r\u00f6gz\u00edt\u00e9s\u00e9hez, biztos\u00edtva a megfelel\u0151 al\u00e1t\u00e1maszt\u00e1st m\u0171k\u00f6d\u00e9s k\u00f6zben.<\/p>\n<p>A hidraulikavezet\u00e9kek csatlakoztat\u00e1sakor \u00fcgyeljen arra, hogy azok mentesek legyenek a t\u00f6r\u00e9sekt\u0151l vagy az elt\u00f6m\u0151d\u00e9sekt\u0151l, amelyek akad\u00e1lyozhatj\u00e1k a folyad\u00e9k \u00e1raml\u00e1s\u00e1t. Ellen\u0151rizze az \u00f6sszes csatlakoz\u00e1s szoross\u00e1g\u00e1t a sziv\u00e1rg\u00e1sok elker\u00fcl\u00e9se \u00e9rdek\u00e9ben. A telep\u00edt\u00e9s ut\u00e1n v\u00e9gezzen pr\u00f3baj\u00e1rat\u00e1st annak ellen\u0151rz\u00e9s\u00e9re, hogy a henger sim\u00e1n m\u0171k\u00f6dik-e, \u00e9s hogy nincs-e sziv\u00e1rg\u00e1s vagy szokatlan zaj.<\/p>\n<h2>Gyakori karbantart\u00e1si feladatok<\/h2>\n<ul>\n<li><strong>Rendszeres ellen\u0151rz\u00e9sek:<\/strong> Az ellen\u0151rz\u00e9seket \u00fctemezett id\u0151k\u00f6z\u00f6nk\u00e9nt kell elv\u00e9gezni a lehets\u00e9ges probl\u00e9m\u00e1k korai azonos\u00edt\u00e1sa \u00e9rdek\u00e9ben. Keresse a kop\u00e1s, sziv\u00e1rg\u00e1sok vagy hib\u00e1s be\u00e1ll\u00edt\u00e1s jeleit, \u00e9s ezeket azonnal jav\u00edtsa ki a k\u00f6lts\u00e9ges jav\u00edt\u00e1sok elker\u00fcl\u00e9se \u00e9rdek\u00e9ben.<\/li>\n<li><strong>Megfelel\u0151 ken\u00e9s:<\/strong> Az optim\u00e1lis teljes\u00edtm\u00e9ny fenntart\u00e1sa \u00e9rdek\u00e9ben gondoskodjon a hidraulikus rendszer megfelel\u0151 ken\u00e9s\u00e9r\u0151l. Rendszeresen ellen\u0151rizze az olajszintet, \u00e9s sz\u00fcks\u00e9g szerint t\u00f6lts\u00f6n ut\u00e1na hidraulikafolyad\u00e9kot a z\u00f6kken\u0151mentes m\u0171k\u00f6d\u00e9s biztos\u00edt\u00e1sa \u00e9rdek\u00e9ben.<\/li>\n<li><strong>T\u00f6m\u00edt\u00e9s csere \u00e9s kalibr\u00e1l\u00e1s:<\/strong> Rendszeresen ellen\u0151rizze a t\u00f6m\u00edt\u00e9sek \u00e1llapot\u00e1t, \u00e9s sz\u00fcks\u00e9g szerint cser\u00e9lje ki azokat. A kalibr\u00e1ci\u00f3s ellen\u0151rz\u00e9sek biztos\u00edtj\u00e1k, hogy a rendszer biztons\u00e1gos param\u00e9tereken bel\u00fcl m\u0171k\u00f6dj\u00f6n, megel\u0151zve a t\u00falterhel\u00e9st \u00e9s a potenci\u00e1lis meghib\u00e1sod\u00e1sokat.<\/li>\n<\/ul>\n<h2>Biztons\u00e1gi szempontok \u00e9s k\u00f6rnyezeti t\u00e9nyez\u0151k<\/h2>\n<p>When using hydraulic cylinders, it is crucial to implement safety measures to protect operators and equipment. Proper training on the operation and maintenance of hydraulic systems is essential to minimize accidents. Always follow the manufacturer&#8217;s guidelines regarding load limits and operational procedures.<\/p>\n<p>A k\u00f6rnyezeti t\u00e9nyez\u0151k szint\u00e9n jelent\u0151s szerepet j\u00e1tszanak a hidraulikus rendszerek hossz\u00fa \u00e9lettartam\u00e1ban. Gondoskodjon arr\u00f3l, hogy a munkak\u00f6rnyezet mentes legyen a szennyez\u0151d\u00e9sekt\u0151l, \u00e9s hogy a hidraulikafolyad\u00e9kokat megfelel\u0151en \u00e1rtalmatlan\u00edtsa a k\u00f6rnyezeti hat\u00e1sok minimaliz\u00e1l\u00e1sa \u00e9rdek\u00e9ben.<\/p>\n<h2>Hibaelh\u00e1r\u00edt\u00e1s \u00e9s gyakori probl\u00e9m\u00e1k<\/h2>\n<ul>\n<li><strong>Sziv\u00e1rg\u00e1s:<\/strong> A sziv\u00e1rg\u00e1sok kopott t\u00f6m\u00edt\u00e9sekb\u0151l vagy s\u00e9r\u00fclt alkatr\u00e9szekb\u0151l ad\u00f3dhatnak. Rendszeres ellen\u0151rz\u00e9seket kell v\u00e9gezni a sziv\u00e1rg\u00e1sok korai azonos\u00edt\u00e1sa \u00e9s a s\u00e9r\u00fclt alkatr\u00e9szek cser\u00e9je \u00e9rdek\u00e9ben.<\/li>\n<li><strong>Inkonzisztens m\u0171k\u00f6d\u00e9s:<\/strong> Ha a g\u00e9m munkahengere nem ny\u00falik ki vagy h\u00faz\u00f3dik vissza sim\u00e1n, az alacsony hidraulikafolyad\u00e9k-szintre vagy a rendszerben l\u00e9v\u0151 leveg\u0151re utalhat. Ellen\u0151rizze a folyad\u00e9kszintet, \u00e9s sz\u00fcks\u00e9g eset\u00e9n l\u00e9gtelen\u00edtse a rendszert.<\/li>\n<li><strong>Furcsa zajok:<\/strong> A m\u0171k\u00f6d\u00e9s k\u00f6zben hallhat\u00f3 szokatlan hangok bels\u0151 s\u00e9r\u00fcl\u00e9sre vagy ken\u00e9s hi\u00e1ny\u00e1ra utalhatnak. Vizsg\u00e1lja meg a zaj forr\u00e1s\u00e1t, \u00e9s azonnal h\u00e1r\u00edtsa el a probl\u00e9m\u00e1kat.<\/li>\n<\/ul>\n<h2>Tippek a probl\u00e9m\u00e1k elh\u00e1r\u00edt\u00e1s\u00e1hoz<\/h2>\n<p>A g\u00e9mhenger probl\u00e9m\u00e1inak hat\u00e9kony diagnosztiz\u00e1l\u00e1s\u00e1hoz el\u0151sz\u00f6r is ellen\u0151rizni kell a s\u00e9r\u00fcl\u00e9sek vagy kop\u00e1sok l\u00e1that\u00f3 jeleit. Gy\u0151z\u0151dj\u00f6n meg arr\u00f3l, hogy a hidraulikafolyad\u00e9k szintje megfelel\u0151, \u00e9s hogy nincsenek-e elt\u00f6m\u0151d\u00e9sek a hidraulikavezet\u00e9kekben. Ha sziv\u00e1rg\u00e1sok vannak, azonos\u00edtsa azok forr\u00e1s\u00e1t, \u00e9s sz\u00fcks\u00e9g szerint cser\u00e9lje ki a s\u00e9r\u00fclt t\u00f6m\u00edt\u00e9seket vagy alkatr\u00e9szeket. A rendszeres karbantart\u00e1si gyakorlatok seg\u00edthetnek megel\u0151zni sz\u00e1mos gyakori probl\u00e9m\u00e1t, ez\u00e1ltal meghosszabb\u00edtva a hidraulikus henger \u00e9lettartam\u00e1t \u00e9s biztos\u00edtva a megb\u00edzhat\u00f3 teljes\u00edtm\u00e9nyt.<\/p>\n<p><img decoding=\"async\" src=\"https:\/\/www.hydraulic-cylinders.net\/wp-content\/uploads\/2025\/04\/songte-bushings-with-all-kinds-of-excavator-models.webp\" alt=\"Kotr\u00f3g\u00e9p perselyek\"><\/p>\n<h2>C\u00e9g\u00fcnkr\u0151l<\/h2>\n<p>A p\u00f3talkatr\u00e9sz hidraulikus hengerek vezet\u0151 gy\u00e1rt\u00f3ja vagyunk, \u00e1tfog\u00f3 term\u00e9kv\u00e1laszt\u00e9kot k\u00edn\u00e1lva. A kiv\u00e1l\u00f3s\u00e1g ir\u00e1nti elk\u00f6telezetts\u00e9g\u00fcnk kiemelked\u0151 szerepl\u0151v\u00e9 tett minket mind a hazai, mind a nemzetk\u00f6zi piacokon. Magas min\u0151s\u00e9gi szabv\u00e1nyokat k\u00f6vet\u00fcnk, \u00e9s ipari termel\u00e9sir\u00e1ny\u00edt\u00e1si strat\u00e9gi\u00e1t alkalmazunk finomhangolt gy\u00e1rt\u00f3m\u0171helyeinkben. C\u00e9g\u00fcnk folyamatosan fejleszti termel\u00e9si k\u00e9pess\u00e9geit k\u00e9pzett szem\u00e9lyzet, fejlett digit\u00e1lis gy\u00e1rt\u00f3berendez\u00e9sek \u00e9s professzion\u00e1lis tesztel\u0151rendszerek seg\u00edts\u00e9g\u00e9vel.<\/p>\n<p>B\u00fcszk\u00e9k vagyunk arra, hogy k\u00e9pesek vagyunk testreszabott megold\u00e1sokat k\u00edn\u00e1lni a soksz\u00edn\u0171 \u00fcgyf\u00e9lig\u00e9nyek kiel\u00e9g\u00edt\u00e9s\u00e9re. A nagy hat\u00e9konys\u00e1gra, precizit\u00e1sra \u00e9s min\u0151s\u00e9gre val\u00f3 \u00f6sszpontos\u00edt\u00e1sunk biztos\u00edtja, hogy megfelelj\u00fcnk, s\u0151t meghaladjuk a piaci ig\u00e9nyeket. Robusztus kreat\u00edv kapacit\u00e1sunkkal elk\u00f6telezettek vagyunk olyan term\u00e9kek sz\u00e1ll\u00edt\u00e1sa ir\u00e1nt, amelyek fokozz\u00e1k a teljes\u00edtm\u00e9nyt \u00e9s a megb\u00edzhat\u00f3s\u00e1got.<\/p>\n<p><img decoding=\"async\" src=\"https:\/\/www.hydraulic-cylinders.net\/wp-content\/uploads\/2025\/04\/songte-company-4.webp\" alt=\"C\u00e9ginform\u00e1ci\u00f3\"><br \/>\n<img decoding=\"async\" src=\"https:\/\/www.hydraulic-cylinders.net\/wp-content\/uploads\/2025\/04\/songte-company-3.webp\" alt=\"Gy\u00e1rt\u00f3\u00fczemek\"><\/p>\n<p>Szerz\u0151: lyl<\/p>","protected":false},"excerpt":{"rendered":"<p>Boom Cylinder For Case Small Excavator CX58C Understanding Boom Cylinders The Boom Cylinder is a vital hydraulic component designed specifically for controlling the movement of buckets in heavy machinery such as excavators, backhoes, and front loaders. This hydraulic cylinder allows the bucket to lift, lower, and tilt, facilitating efficient material handling operations. As a specialized [&hellip;]<\/p>","protected":false},"featured_media":17868,"comment_status":"open","ping_status":"closed","template":"","meta":{"_et_pb_use_builder":"","_et_pb_old_content":"","_et_gb_content_width":""},"product_brand":[],"product_cat":[1546],"product_tag":[1547,1496],"class_list":{"0":"post-19439","1":"product","2":"type-product","3":"status-publish","4":"has-post-thumbnail","6":"product_cat-boom-cylinders","7":"product_tag-boom-cylinders","8":"product_tag-hydraulic-cylinders","10":"first","11":"instock","12":"shipping-taxable","13":"product-type-simple"},"amp_enabled":true,"_links":{"self":[{"href":"https:\/\/www.hydraulic-cylinders.net\/hu\/wp-json\/wp\/v2\/product\/19439","targetHints":{"allow":["GET"]}}],"collection":[{"href":"https:\/\/www.hydraulic-cylinders.net\/hu\/wp-json\/wp\/v2\/product"}],"about":[{"href":"https:\/\/www.hydraulic-cylinders.net\/hu\/wp-json\/wp\/v2\/types\/product"}],"replies":[{"embeddable":true,"href":"https:\/\/www.hydraulic-cylinders.net\/hu\/wp-json\/wp\/v2\/comments?post=19439"}],"wp:featuredmedia":[{"embeddable":true,"href":"https:\/\/www.hydraulic-cylinders.net\/hu\/wp-json\/wp\/v2\/media\/17868"}],"wp:attachment":[{"href":"https:\/\/www.hydraulic-cylinders.net\/hu\/wp-json\/wp\/v2\/media?parent=19439"}],"wp:term":[{"taxonomy":"product_brand","embeddable":true,"href":"https:\/\/www.hydraulic-cylinders.net\/hu\/wp-json\/wp\/v2\/product_brand?post=19439"},{"taxonomy":"product_cat","embeddable":true,"href":"https:\/\/www.hydraulic-cylinders.net\/hu\/wp-json\/wp\/v2\/product_cat?post=19439"},{"taxonomy":"product_tag","embeddable":true,"href":"https:\/\/www.hydraulic-cylinders.net\/hu\/wp-json\/wp\/v2\/product_tag?post=19439"}],"curies":[{"name":"munkaf\u00fczet","href":"https:\/\/api.w.org\/{rel}","templated":true}]}}