{"id":19444,"date":"2025-04-07T06:47:49","date_gmt":"2025-04-07T06:47:49","guid":{"rendered":"https:\/\/www.hydraulic-cylinders.net\/product\/boom-cylinder-for-case-middle-excavator-cx220b\/"},"modified":"2025-04-07T06:47:52","modified_gmt":"2025-04-07T06:47:52","slug":"boom-cylinder-for-case-middle-excavator-cx220b","status":"publish","type":"product","link":"https:\/\/www.hydraulic-cylinders.net\/hu\/termek\/boom-cylinder-for-case-middle-excavator-cx220b\/","title":{"rendered":"G\u00e9mhenger Case Middle Excavator CX220B kotr\u00f3g\u00e9phez"},"content":{"rendered":"<h1>G\u00e9mhenger Case Middle Excavator CX220B kotr\u00f3g\u00e9phez<\/h1>\n<h2>Term\u00e9k\u00e1ttekint\u00e9s<\/h2>\n<p>A Case Middle Excavator CX220B g\u00e9mhenger egy speci\u00e1lis hidraulikus henger, amelyet a kotr\u00f3g\u00e9pek g\u00e9mj\u00e9nek mozg\u00e1s\u00e1nak vez\u00e9rl\u00e9s\u00e9re terveztek. Ez az alapvet\u0151 alkatr\u00e9sz lehet\u0151v\u00e9 teszi a g\u00e9m emel\u00e9s\u00e9t, s\u00fcllyeszt\u00e9s\u00e9t \u00e9s billent\u00e9s\u00e9t, megk\u00f6nny\u00edtve a k\u00fcl\u00f6nf\u00e9le anyagmozgat\u00e1si feladatokat az \u00e9p\u00edt\u0151ipari \u00e9s f\u00f6ldmunk\u00e1k sor\u00e1n.<\/p>\n<p>A hidraulikus munkahengerek, k\u00fcl\u00f6n\u00f6sen a kan\u00e1lhengerek, kulcsfontoss\u00e1g\u00fa szerepet j\u00e1tszanak a neh\u00e9zg\u00e9pek hidraulikus rendszereiben. A hidraulikus folyad\u00e9k nyom\u00e1s\u00e1nak mechanikai er\u0151v\u00e9 alak\u00edt\u00e1s\u00e1val biztos\u00edtj\u00e1k a neh\u00e9z feladatokhoz sz\u00fcks\u00e9ges szil\u00e1rds\u00e1got \u00e9s pontoss\u00e1got. A g\u00e9mhenger biztos\u00edtja, hogy a kotr\u00f3g\u00e9p hat\u00e9konyan tudja ell\u00e1tni funkci\u00f3it, legyen sz\u00f3 \u00e1s\u00e1sr\u00f3l, emel\u00e9sr\u0151l vagy anyagok mozgat\u00e1s\u00e1r\u00f3l.<\/p>\n<p><img decoding=\"async\" src=\"https:\/\/www.hydraulic-cylinders.net\/wp-content\/uploads\/2025\/04\/songte-company-1.webp\" alt=\"G\u00e9mhenger\" \/><\/p>\n<h2>F\u0151bb jellemz\u0151k<\/h2>\n<ul>\n<li><strong>Nagy szil\u00e1rds\u00e1g \u00e9s tart\u00f3ss\u00e1g:<\/strong> Nagy szil\u00e1rds\u00e1g\u00fa ac\u00e9lb\u00f3l vagy alum\u00edniumb\u00f3l k\u00e9sz\u00fclt, ez a henger nagy nyom\u00e1snak \u00e9s nagy terhel\u00e9snek van kit\u00e9ve, alkalmazkodva a zord munkak\u00f6rnyezethez, mik\u00f6zben meghosszabb\u00edtja \u00e9lettartam\u00e1t.<\/li>\n<li><strong>Hat\u00e9kony hidraulikus m\u0171k\u00f6dtet\u00e9s:<\/strong> A henger hidraulikaolaj-nyom\u00e1st haszn\u00e1l a sima visszah\u00faz\u00e1shoz \u00e9s kiny\u00fal\u00e1shoz, gyors reag\u00e1l\u00e1st biztos\u00edtva a vez\u00e9rl\u0151parancsokra, \u00e9s er\u0151teljes h\u00faz\u00f3-\/nyom\u00f3er\u0151t biztos\u00edtva, ami ide\u00e1lis a neh\u00e9z \u00e9s \u00f6sszetett feladatokhoz.<\/li>\n<li><strong>K\u00fcl\u00f6nb\u00f6z\u0151 t\u00edpusok:<\/strong> Egyszeres \u00e9s kett\u0151s m\u0171k\u00f6d\u00e9s\u0171 konfigur\u00e1ci\u00f3kban kaphat\u00f3, hogy megfeleljen a k\u00fcl\u00f6nf\u00e9le m\u0171k\u00f6d\u00e9si ig\u00e9nyeknek. Bizonyos modellek teleszk\u00f3pos kialak\u00edt\u00e1s\u00faak, amelyek nagyobb kiny\u00fal\u00e1st tesznek lehet\u0151v\u00e9 a k\u00fcls\u0151 m\u00e9retek n\u00f6vel\u00e9se n\u00e9lk\u00fcl, \u00edgy t\u00f6k\u00e9letesek a korl\u00e1tozott helyig\u00e9ny\u0171 alkalmaz\u00e1sokhoz.<\/li>\n<li><strong>K\u00f6nny\u0171 integr\u00e1ci\u00f3:<\/strong> Term\u00e9keink z\u00f6kken\u0151mentesen helyettes\u00edthetik a megl\u00e9v\u0151 hidraulikus hengereket, biztos\u00edtva a kompatibilit\u00e1st a k\u00fcl\u00f6nf\u00e9le kotr\u00f3g\u00e9p-modellekkel.<\/li>\n<\/ul>\n<p><img decoding=\"async\" src=\"https:\/\/www.hydraulic-cylinders.net\/wp-content\/uploads\/2025\/04\/songte-cylinder-head-with-all-kinds-excavator-models.webp\" alt=\"Kotr\u00f3g\u00e9p modellek\" \/><\/p>\n<h2>Alkalmaz\u00e1sok<\/h2>\n<h3>\u00c9p\u00edt\u0151ipari berendez\u00e9sek<\/h3>\n<p>A kotr\u00f3g\u00e9pekben a g\u00e9mhengerek kritikus fontoss\u00e1g\u00faak a talaj vagy t\u00f6rmel\u00e9k ki\u00e1s\u00e1s\u00e1hoz, rakod\u00e1s\u00e1hoz \u00e9s mozgat\u00e1s\u00e1hoz. Biztos\u00edtj\u00e1k a hat\u00e9kony \u00e1s\u00e1shoz \u00e9s emel\u00e9shez sz\u00fcks\u00e9ges prec\u00edz vez\u00e9rl\u00e9st, \u00edgy n\u00e9lk\u00fcl\u00f6zhetetlenek az \u00e9p\u00edt\u00e9si projektekben. Ezeknek a hidraulikus hengereknek a hat\u00e9konys\u00e1ga k\u00f6zvetlen\u00fcl befoly\u00e1solja a g\u00e9p m\u0171k\u00f6d\u00e9s\u00e9nek sebess\u00e9g\u00e9t \u00e9s eredm\u00e9nyess\u00e9g\u00e9t.<\/p>\n<h3>Mez\u0151gazdas\u00e1gi g\u00e9pek<\/h3>\n<p>Homlokrakod\u00f3kn\u00e1l a g\u00e9mhengereket talaj, sz\u00e9na \u00e9s egy\u00e9b anyagok mer\u00e9s\u00e9re, emel\u00e9s\u00e9re \u00e9s sz\u00e1ll\u00edt\u00e1s\u00e1ra haszn\u00e1lj\u00e1k. Robusztus kialak\u00edt\u00e1suk lehet\u0151v\u00e9 teszi a neh\u00e9z terhek hat\u00e9kony kezel\u00e9s\u00e9t, hozz\u00e1j\u00e1rulva a mez\u0151gazdas\u00e1gi m\u0171veletek termel\u00e9kenys\u00e9g\u00e9nek n\u00f6veked\u00e9s\u00e9hez.<\/p>\n<h3>F\u00f6ldmunk\u00e1k<\/h3>\n<p>A kotr\u00f3g\u00e9pekben a kan\u00e1lhengerek lehet\u0151v\u00e9 teszik, hogy a g\u00e9m hat\u00e9konyan hatoljon a talajba, megk\u00f6nny\u00edtve az \u00e1s\u00e1si folyamatot. Ez a k\u00e9pess\u00e9g kulcsfontoss\u00e1g\u00fa az \u00e9p\u00edt\u0151iparban, a tereprendez\u00e9sben \u00e9s a b\u00e1ny\u00e1szatban, ahol a sikeres m\u0171k\u00f6d\u00e9shez pontoss\u00e1g \u00e9s teljes\u00edtm\u00e9ny sz\u00fcks\u00e9ges.<\/p>\n<h3>Bet\u00f6lt\u0151alkalmaz\u00e1sok<\/h3>\n<p>A homlokrakod\u00f3kban a g\u00e9mhengerek hat\u00e9konyan seg\u00edtik az anyagok emel\u00e9s\u00e9t \u00e9s \u00fcr\u00edt\u00e9s\u00e9t. Kialak\u00edt\u00e1suk maxim\u00e1lis kiny\u00fal\u00e1st \u00e9s ir\u00e1ny\u00edthat\u00f3s\u00e1got tesz lehet\u0151v\u00e9, biztos\u00edtva, hogy a rakod\u00f3 k\u00f6nnyed\u00e9n kezelhesse a k\u00fcl\u00f6nf\u00e9le anyagokat, ez\u00e1ltal jav\u00edtva a munkafolyamatot \u00e9s a termel\u00e9kenys\u00e9get.<\/p>\n<h2>Tervez\u00e9si szempontok<\/h2>\n<h3>Teherb\u00edr\u00e1s<\/h3>\n<p>A g\u00e9mhenger kialak\u00edt\u00e1s\u00e1nak t\u00fckr\u00f6znie kell a teherb\u00edr\u00e1s\u00e1t a biztons\u00e1gos \u00e9s hat\u00e9kony m\u0171k\u00f6d\u00e9s biztos\u00edt\u00e1sa \u00e9rdek\u00e9ben. Egy j\u00f3l megtervezett henger ellen\u00e1ll a m\u0171k\u00f6d\u00e9s sor\u00e1n fell\u00e9p\u0151 er\u0151knek a meghib\u00e1sod\u00e1s kock\u00e1zata n\u00e9lk\u00fcl. A m\u00e9rn\u00f6k\u00f6k olyan t\u00e9nyez\u0151ket vesznek figyelembe, mint az anyag szil\u00e1rds\u00e1ga \u00e9s a henger m\u00e9retei, hogy megfeleljenek a konkr\u00e9t terhel\u00e9si k\u00f6vetelm\u00e9nyeknek.<\/p>\n<h3>T\u00f6m\u00edt\u00e9s integrit\u00e1sa<\/h3>\n<p>A t\u00f6m\u00edt\u00e9s \u00e9ps\u00e9ge l\u00e9tfontoss\u00e1g\u00fa a hidraulikus hengerek eset\u00e9ben. A t\u00f6m\u00edt\u00e9seknek meg kell akad\u00e1lyozniuk a hidraulikafolyad\u00e9k sziv\u00e1rg\u00e1s\u00e1t, mik\u00f6zben minim\u00e1lis s\u00farl\u00f3d\u00e1st kell biztos\u00edtaniuk. A megfelel\u0151 anyagok, p\u00e9ld\u00e1ul a poliuret\u00e1n \u00e9s a nitrilgumi kiv\u00e1laszt\u00e1sa n\u00f6veli a tart\u00f3ss\u00e1got \u00e9s a teljes\u00edtm\u00e9nyt nyom\u00e1s alatt, hozz\u00e1j\u00e1rulva a hidraulikus rendszerek \u00e1ltal\u00e1nos hat\u00e9konys\u00e1g\u00e1hoz.<\/p>\n<h3>Tart\u00f3ss\u00e1g<\/h3>\n<p>A tart\u00f3ss\u00e1g kritikus t\u00e9nyez\u0151 a hidraulikus hengerek tervez\u00e9s\u00e9n\u00e9l. A felhaszn\u00e1lt anyagoknak ellen\u00e1llniuk kell a kop\u00e1snak \u00e9s a korr\u00f3zi\u00f3nak a hossz\u00fa \u00e9lettartam biztos\u00edt\u00e1sa \u00e9rdek\u00e9ben, k\u00fcl\u00f6n\u00f6sen zord k\u00f6rnyezetben. A terveknek olyan tulajdons\u00e1gokkal kell rendelkezni\u00fck, amelyek fokozz\u00e1k az ellen\u00e1ll\u00e1st a k\u00fcls\u0151 elemek \u00e9s a mechanikai ig\u00e9nybev\u00e9tel ellen.<\/p>\n<h3>Biztons\u00e1gi funkci\u00f3k<\/h3>\n<p>A biztons\u00e1g kiemelked\u0151 fontoss\u00e1g\u00fa a hidraulikus hengerek tervez\u00e9s\u00e9n\u00e9l. Az olyan jellemz\u0151k, mint a nyom\u00e1scs\u00f6kkent\u0151 szelepek \u00e9s a t\u00falterhel\u00e9s elleni v\u00e9delmi mechanizmusok, megakad\u00e1lyozz\u00e1k a m\u0171k\u00f6d\u00e9s k\u00f6zbeni potenci\u00e1lis vesz\u00e9lyeket. A rendszeres karbantart\u00e1si ellen\u0151rz\u00e9sek szint\u00e9n hozz\u00e1j\u00e1rulnak a biztons\u00e1gos m\u0171k\u00f6d\u00e9shez, biztos\u00edtva, hogy a hengerek a megadott hat\u00e1r\u00e9rt\u00e9keken bel\u00fcl m\u0171k\u00f6djenek.<\/p>\n<h3>Karbantarthat\u00f3s\u00e1g<\/h3>\n<p>A tervez\u00e9si szempontoknak a karbantarthat\u00f3s\u00e1gra is ki kell terjedni\u00fck. Ez mag\u00e1ban foglalja a k\u00f6nny\u0171 hozz\u00e1f\u00e9r\u00e9st az ellen\u0151rz\u00e9sek \u00e9s jav\u00edt\u00e1sok sor\u00e1n, valamint a cserealkatr\u00e9szek el\u00e9rhet\u0151s\u00e9g\u00e9t. Egy j\u00f3l megtervezett henger lehet\u0151v\u00e9 teszi az egyszer\u0171 szervizel\u00e9st, biztos\u00edtva a minim\u00e1lis \u00e1ll\u00e1sid\u0151t \u00e9s a maxim\u00e1lis termel\u00e9kenys\u00e9get.<\/p>\n<p><img decoding=\"async\" src=\"https:\/\/www.hydraulic-cylinders.net\/wp-content\/uploads\/2025\/04\/songte-oil-pipes-and-spare-parts.webp\" alt=\"Olajcs\u00f6vek \u00e9s alkatr\u00e9szek\" \/><\/p>\n<h2>T\u00f6m\u00edt\u00e9s \u00e9s ken\u00e9s<\/h2>\n<p>A hat\u00e9kony t\u00f6m\u00edt\u00e9s \u00e9s ken\u00e9s elengedhetetlen a hidraulikus hengerek teljes\u00edtm\u00e9ny\u00e9hez \u00e9s hossz\u00fa \u00e9lettartam\u00e1hoz. K\u00fcl\u00f6nb\u00f6z\u0151 t\u00f6m\u00edt\u00e9seket, bele\u00e9rtve a dugatty\u00fat\u00f6m\u00edt\u00e9seket \u00e9s a r\u00fadt\u00f6m\u00edt\u00e9seket, alkalmaznak a folyad\u00e9ksziv\u00e1rg\u00e1s megakad\u00e1lyoz\u00e1s\u00e1ra. A kop\u00e1s\u00e1ll\u00f3 anyagokb\u00f3l, p\u00e9ld\u00e1ul poliuret\u00e1nb\u00f3l \u00e9s nitrilgumib\u00f3l k\u00e9sz\u00fclt t\u00f6m\u00edt\u00e9sek biztos\u00edtj\u00e1k a megb\u00edzhat\u00f3 teljes\u00edtm\u00e9nyt az id\u0151 m\u00fal\u00e1s\u00e1val.<\/p>\n<p>A hengertest \u00e9s a menetes v\u00e9gek prec\u00edz megmunk\u00e1l\u00e1son esnek \u00e1t a kop\u00e1s\u00e1ll\u00f3s\u00e1g n\u00f6vel\u00e9se \u00e9rdek\u00e9ben. A rendszeres hidraulikaolajjal t\u00f6rt\u00e9n\u0151 ken\u00e9s sz\u00fcks\u00e9ges az optim\u00e1lis teljes\u00edtm\u00e9ny fenntart\u00e1s\u00e1hoz, cs\u00f6kkentve a mozg\u00f3 alkatr\u00e9szek s\u00farl\u00f3d\u00e1s\u00e1t \u00e9s kop\u00e1s\u00e1t.<\/p>\n<h2>Megel\u0151z\u0151 karbantart\u00e1si int\u00e9zked\u00e9sek<\/h2>\n<ul>\n<li><strong>Rendszeres ellen\u0151rz\u00e9sek:<\/strong> Rendszeresen v\u00e9gezzen vizu\u00e1lis ellen\u0151rz\u00e9st sziv\u00e1rg\u00e1sok, kop\u00e1s vagy s\u00e9r\u00fcl\u00e9sek szempontj\u00e1b\u00f3l, hogy id\u0151ben azonos\u00edtsa a lehets\u00e9ges probl\u00e9m\u00e1kat.<\/li>\n<li><strong>Megfelel\u0151 ken\u00e9s:<\/strong> Gy\u0151z\u0151dj\u00f6n meg arr\u00f3l, hogy a hidraulikaolaj szintje megfelel\u0151, \u00e9s sz\u00fcks\u00e9g szerint t\u00f6ltse fel a ken\u00e9si hat\u00e9konys\u00e1g fenntart\u00e1sa \u00e9rdek\u00e9ben.<\/li>\n<li><strong>T\u00f6m\u00edt\u00e9scsere:<\/strong> Figyelje a t\u00f6m\u00edt\u00e9sek kop\u00e1s\u00e1t, \u00e9s sz\u00fcks\u00e9g eset\u00e9n cser\u00e9lje ki azokat a sziv\u00e1rg\u00e1sok megel\u0151z\u00e9se \u00e9s az optim\u00e1lis teljes\u00edtm\u00e9ny fenntart\u00e1sa \u00e9rdek\u00e9ben.<\/li>\n<\/ul>\n<h2>Telep\u00edt\u00e9si \u00fatmutat\u00f3<\/h2>\n<p>A g\u00e9mhenger megfelel\u0151 beszerel\u00e9se elengedhetetlen az optim\u00e1lis teljes\u00edtm\u00e9nyhez. A helyes beszerel\u00e9s \u00e9rdek\u00e9ben k\u00f6vesse az al\u00e1bbi ir\u00e1nyelveket:<\/p>\n<ol>\n<li>Gy\u0151z\u0151dj\u00f6n meg arr\u00f3l, hogy a telep\u00edt\u00e9si ter\u00fclet tiszta \u00e9s mentes mindenf\u00e9le t\u00f6rmel\u00e9kt\u0151l, amely zavarhatja a henger m\u0171k\u00f6d\u00e9s\u00e9t.<\/li>\n<li>A hengert pontosan igaz\u00edtsa a g\u00e9m szerkezet\u00e9hez, hogy elker\u00fclje a m\u0171k\u00f6d\u00e9s k\u00f6zbeni eltol\u00f3d\u00e1st.<\/li>\n<li>Haszn\u00e1ljon megfelel\u0151 r\u00f6gz\u00edt\u0151konzolokat \u00e9s szersz\u00e1mokat a henger biztons\u00e1gos r\u00f6gz\u00edt\u00e9s\u00e9hez, biztos\u00edtva a stabilit\u00e1st m\u0171k\u00f6d\u00e9s k\u00f6zben.<\/li>\n<li>A telep\u00edt\u00e9s ut\u00e1n ellen\u0151rizze a megfelel\u0151 folyad\u00e9kszintet, \u00e9s v\u00e9gezzen pr\u00f3ba\u00fczemet a megfelel\u0151 m\u0171k\u00f6d\u00e9s ellen\u0151rz\u00e9s\u00e9hez.<\/li>\n<\/ol>\n<h2>Gyakori karbantart\u00e1si feladatok<\/h2>\n<ul>\n<li><strong>Rendszeres ellen\u0151rz\u00e9sek:<\/strong> A gyakori ellen\u0151rz\u00e9sek seg\u00edthetnek a potenci\u00e1lis probl\u00e9m\u00e1k felismer\u00e9s\u00e9ben, miel\u0151tt azok s\u00falyosbodn\u00e1nak. Keresse a kop\u00e1s, sziv\u00e1rg\u00e1s vagy be\u00e1ll\u00edt\u00e1si hib\u00e1k jeleit.<\/li>\n<li><strong>Megfelel\u0151 ken\u00e9s:<\/strong> Gy\u0151z\u0151dj\u00f6n meg arr\u00f3l, hogy a henger \u00e9s mozg\u00f3 alkatr\u00e9szei megfelel\u0151en kenve vannak, hogy elker\u00fclje a s\u00farl\u00f3d\u00e1sb\u00f3l ered\u0151 k\u00e1rokat \u00e9s fenntartsa a m\u0171k\u00f6d\u00e9si hat\u00e9konys\u00e1got.<\/li>\n<li><strong>T\u00f6m\u00edt\u00e9scsere:<\/strong> Rendszeresen ellen\u0151rizze a t\u00f6m\u00edt\u00e9sek kop\u00e1s\u00e1t, \u00e9s sz\u00fcks\u00e9g szerint cser\u00e9lje ki \u0151ket a hidraulikafolyad\u00e9k sziv\u00e1rg\u00e1s\u00e1nak elker\u00fcl\u00e9se \u00e9s a rendszernyom\u00e1s fenntart\u00e1sa \u00e9rdek\u00e9ben.<\/li>\n<\/ul>\n<h2>Biztons\u00e1gi szempontok \u00e9s k\u00f6rnyezeti t\u00e9nyez\u0151k<\/h2>\n<p>A hidraulikus hengerek haszn\u00e1latakor a biztons\u00e1gi int\u00e9zked\u00e9seket priorit\u00e1sk\u00e9nt kell kezelni. A kezel\u0151knek rendelkezni\u00fck kell az adott berendez\u00e9sre vonatkoz\u00f3 k\u00e9pes\u00edt\u00e9ssel \u00e9s k\u00e9pz\u00e9ssel a megfelel\u0151 kezel\u00e9s biztos\u00edt\u00e1sa \u00e9rdek\u00e9ben. Ezenk\u00edv\u00fcl a k\u00f6rnyezetv\u00e9delmi el\u0151\u00edr\u00e1sok betart\u00e1sa is kulcsfontoss\u00e1g\u00fa. Ez mag\u00e1ban foglalja a hidraulikafolyad\u00e9k-ki\u00f6ml\u00e9sek kezel\u00e9s\u00e9t \u00e9s annak biztos\u00edt\u00e1s\u00e1t, hogy minden hullad\u00e9kanyag felel\u0151ss\u00e9gteljesen \u00e1rtalmatlan\u00edt\u00e1sra ker\u00fclj\u00f6n.<\/p>\n<h2>Hibaelh\u00e1r\u00edt\u00e1s \u00e9s gyakori probl\u00e9m\u00e1k<\/h2>\n<ul>\n<li><strong>Sziv\u00e1rg\u00e1si probl\u00e9m\u00e1k:<\/strong> Ellen\u0151rizze a t\u00f6m\u00edt\u00e9sek \u00e9s szerelv\u00e9nyek kop\u00e1s\u00e1t; sz\u00fcks\u00e9g eset\u00e9n cser\u00e9lje ki.<\/li>\n<li><strong>Nem megfelel\u0151 er\u0151:<\/strong> Ellen\u0151rizze a folyad\u00e9kszinteket, \u00e9s gy\u0151z\u0151dj\u00f6n meg arr\u00f3l, hogy elegend\u0151 hidraulikaolaj van jelen.<\/li>\n<li><strong>Lass\u00fa mozg\u00e1sok:<\/strong> Gy\u0151z\u0151dj\u00f6n meg arr\u00f3l, hogy a hidraulikus rendszer mentes a l\u00e9gbubor\u00e9kokt\u00f3l, \u00e9s hogy a szivatty\u00fa megfelel\u0151en m\u0171k\u00f6dik.<\/li>\n<\/ul>\n<p>Ezen probl\u00e9m\u00e1k miel\u0151bbi megold\u00e1sa n\u00f6velheti a hidraulikus rendszer \u00e9lettartam\u00e1t \u00e9s teljes\u00edtm\u00e9ny\u00e9t.<\/p>\n<p><img decoding=\"async\" src=\"https:\/\/www.hydraulic-cylinders.net\/wp-content\/uploads\/2025\/04\/songte-bushings-with-all-kinds-of-excavator-models.webp\" alt=\"Kotr\u00f3g\u00e9p perselyek\" \/><\/p>\n<h2>C\u00e9ginform\u00e1ci\u00f3<\/h2>\n<p>Az alternat\u00edv hidraulikus hengerek vezet\u0151 gy\u00e1rt\u00f3ja vagyunk, \u00e1tfog\u00f3 term\u00e9kk\u00edn\u00e1lattal a hazai \u00e9s a nemzetk\u00f6zi piacok vezet\u0151 hidraulikus hengergy\u00e1rt\u00f3i \u00e9s nagykeresked\u0151i k\u00f6z\u00e9 sorolva minket. A kiv\u00e1l\u00f3s\u00e1g ir\u00e1nti elk\u00f6telezetts\u00e9g\u00fcnket meger\u0151s\u00edti a magas min\u0151s\u00e9g\u0171 gy\u00e1rt\u00e1si gyakorlatok ir\u00e1nti elk\u00f6telezetts\u00e9g\u00fcnk.<\/p>\n<p>A prec\u00edzi\u00f3s gy\u00e1rt\u00e1sra \u00f6sszpontos\u00edtva, fejlett technol\u00f3gi\u00e1t \u00e9s k\u00e9pzett technikusokat alkalmazunk termel\u00e9si k\u00e9pess\u00e9geink folyamatos fejleszt\u00e9se \u00e9rdek\u00e9ben. Term\u00e9keinket a soksz\u00edn\u0171 \u00fcgyf\u00e9lig\u00e9nyek kiel\u00e9g\u00edt\u00e9s\u00e9re tervezz\u00fck, nemzetk\u00f6zi tan\u00fas\u00edtv\u00e1nyokkal \u00e9s testreszabott szolg\u00e1ltat\u00e1sokkal t\u00e1mogatva. Kiterjedt gy\u00e1rt\u00f3berendez\u00e9seink, valamint er\u0151s \u00e9rt\u00e9kes\u00edt\u00e9s ut\u00e1ni t\u00e1mogat\u00f3 rendszer\u00fcnk biztos\u00edtja, hogy megfelelj\u00fcnk, s\u0151t t\u00fal is sz\u00e1rnyaljuk az \u00fcgyfelek elv\u00e1r\u00e1sait.<\/p>\n<p><img decoding=\"async\" src=\"https:\/\/www.hydraulic-cylinders.net\/wp-content\/uploads\/2025\/04\/songte-company-4.webp\" alt=\"C\u00e9ginform\u00e1ci\u00f3\" \/><br \/>\n<img decoding=\"async\" src=\"https:\/\/www.hydraulic-cylinders.net\/wp-content\/uploads\/2025\/04\/songte-company-3.webp\" alt=\"C\u00e9ges termel\u00e9s\" \/><\/p>\n<p>Szerz\u0151: lyl<\/p>","protected":false},"excerpt":{"rendered":"<p>Boom Cylinder For Case Middle Excavator CX220B Product Overview The Boom Cylinder for Case Middle Excavator CX220B is a specialized hydraulic cylinder designed to control the movement of the boom on excavators. This essential component enables the boom to lift, lower, and tilt, facilitating various material handling tasks in construction and excavation applications. Hydraulic cylinders, [&hellip;]<\/p>","protected":false},"featured_media":17873,"comment_status":"open","ping_status":"closed","template":"","meta":{"_et_pb_use_builder":"","_et_pb_old_content":"","_et_gb_content_width":""},"product_brand":[],"product_cat":[1546],"product_tag":[1547,1496],"class_list":{"0":"post-19444","1":"product","2":"type-product","3":"status-publish","4":"has-post-thumbnail","6":"product_cat-boom-cylinders","7":"product_tag-boom-cylinders","8":"product_tag-hydraulic-cylinders","10":"first","11":"instock","12":"shipping-taxable","13":"product-type-simple"},"amp_enabled":true,"_links":{"self":[{"href":"https:\/\/www.hydraulic-cylinders.net\/hu\/wp-json\/wp\/v2\/product\/19444","targetHints":{"allow":["GET"]}}],"collection":[{"href":"https:\/\/www.hydraulic-cylinders.net\/hu\/wp-json\/wp\/v2\/product"}],"about":[{"href":"https:\/\/www.hydraulic-cylinders.net\/hu\/wp-json\/wp\/v2\/types\/product"}],"replies":[{"embeddable":true,"href":"https:\/\/www.hydraulic-cylinders.net\/hu\/wp-json\/wp\/v2\/comments?post=19444"}],"wp:featuredmedia":[{"embeddable":true,"href":"https:\/\/www.hydraulic-cylinders.net\/hu\/wp-json\/wp\/v2\/media\/17873"}],"wp:attachment":[{"href":"https:\/\/www.hydraulic-cylinders.net\/hu\/wp-json\/wp\/v2\/media?parent=19444"}],"wp:term":[{"taxonomy":"product_brand","embeddable":true,"href":"https:\/\/www.hydraulic-cylinders.net\/hu\/wp-json\/wp\/v2\/product_brand?post=19444"},{"taxonomy":"product_cat","embeddable":true,"href":"https:\/\/www.hydraulic-cylinders.net\/hu\/wp-json\/wp\/v2\/product_cat?post=19444"},{"taxonomy":"product_tag","embeddable":true,"href":"https:\/\/www.hydraulic-cylinders.net\/hu\/wp-json\/wp\/v2\/product_tag?post=19444"}],"curies":[{"name":"munkaf\u00fczet","href":"https:\/\/api.w.org\/{rel}","templated":true}]}}