{"id":19451,"date":"2025-04-07T06:48:13","date_gmt":"2025-04-07T06:48:13","guid":{"rendered":"https:\/\/www.hydraulic-cylinders.net\/product\/boom-cylinder-for-case-wheel-excavator-wx148\/"},"modified":"2025-04-07T06:48:15","modified_gmt":"2025-04-07T06:48:15","slug":"boom-cylinder-for-case-wheel-excavator-wx148","status":"publish","type":"product","link":"https:\/\/www.hydraulic-cylinders.net\/hu\/termek\/boom-cylinder-for-case-wheel-excavator-wx148\/","title":{"rendered":"G\u00e9mhenger Case WX148 kerekes kotr\u00f3g\u00e9phez"},"content":{"rendered":"<h1>G\u00e9mhenger Case WX148 kerekes kotr\u00f3g\u00e9phez<\/h1>\n<h2>A g\u00e9mhenger \u00e1ttekint\u00e9se<\/h2>\n<p>A g\u00e9mhenger, m\u00e1s n\u00e9ven kan\u00e1lhenger, l\u00e9tfontoss\u00e1g\u00fa alkatr\u00e9sz a neh\u00e9zg\u00e9pekben, p\u00e9ld\u00e1ul kotr\u00f3g\u00e9pekben, kotr\u00f3rakod\u00f3kban \u00e9s homlokrakod\u00f3kban haszn\u00e1lt hidraulikus rendszerekben. Ez a hidraulikus henger kifejezetten a kan\u00e1l mozg\u00e1s\u00e1nak vez\u00e9rl\u00e9s\u00e9re szolg\u00e1l, lehet\u0151v\u00e9 t\u00e9ve az emel\u00e9st, s\u00fcllyeszt\u00e9st \u00e9s billent\u00e9st a k\u00fcl\u00f6nb\u00f6z\u0151 anyagmozgat\u00e1si feladatokhoz. A g\u00e9mhengerek m\u0171k\u00f6d\u00e9se elengedhetetlen a hat\u00e9kony m\u0171k\u00f6d\u00e9shez az \u00e9p\u00edt\u0151iparban, a tereprendez\u00e9sben \u00e9s a b\u00e1ny\u00e1szati \u200b\u200balkalmaz\u00e1sokban. A kan\u00e1l mozg\u00e1s\u00e1nak pontos vez\u00e9rl\u00e9s\u00e9vel ezek a hengerek n\u00f6velik a termel\u00e9kenys\u00e9get, \u00e9s biztos\u00edtj\u00e1k az olyan feladatok hat\u00e9kony v\u00e9grehajt\u00e1s\u00e1t, mint az \u00e1s\u00e1s, az emel\u00e9s \u00e9s az anyagok sz\u00e1ll\u00edt\u00e1sa.<\/p>\n<p><img decoding=\"async\" src=\"https:\/\/www.hydraulic-cylinders.net\/wp-content\/uploads\/2025\/04\/songte-company-1.webp\" alt=\"G\u00e9mhenger\"><\/p>\n<h3>A g\u00e9mhenger jellemz\u0151i<\/h3>\n<ul>\n<li><strong>Nagy szil\u00e1rds\u00e1g \u00e9s tart\u00f3ss\u00e1g:<\/strong> Nagy szil\u00e1rds\u00e1g\u00fa ac\u00e9lb\u00f3l vagy alum\u00edniumb\u00f3l k\u00e9sz\u00fcltek, ezek a hengerek nagy nyom\u00e1snak \u00e9s neh\u00e9z terhel\u00e9seknek vannak kit\u00e9ve, \u00edgy alkalmasak zord munkak\u00f6rnyezetre. Kop\u00e1s\u00e1ll\u00f3s\u00e1gra \u00e9s korr\u00f3zi\u00f3v\u00e9delemre tervezt\u00e9k \u0151ket, ami meghosszabb\u00edtja \u00e9lettartamukat.<\/li>\n<li><strong>Hat\u00e9kony hidraulikus m\u0171k\u00f6dtet\u00e9s:<\/strong> A hidraulikaolaj nyom\u00e1s\u00e1t kihaszn\u00e1lva a g\u00e9mhenger sima kitol\u00e1st \u00e9s visszah\u00faz\u00e1st biztos\u00edt, lehet\u0151v\u00e9 t\u00e9ve a gyors reag\u00e1l\u00e1st a vez\u00e9rl\u0151parancsokra, \u00e9s jelent\u0151s tol\u00f3- \u00e9s h\u00faz\u00f3er\u0151t biztos\u00edtva, amelyek a neh\u00e9z \u00e9s \u00f6sszetett feladatok kezel\u00e9s\u00e9hez sz\u00fcks\u00e9gesek.<\/li>\n<li><strong>K\u00fcl\u00f6nb\u00f6z\u0151 t\u00edpusok:<\/strong> Az egyszeres m\u0171k\u00f6d\u00e9s\u0171 (csak egy ir\u00e1nyban m\u0171k\u00f6d\u0151) \u00e9s a kett\u0151s m\u0171k\u00f6d\u00e9s\u0171 (mindk\u00e9t ir\u00e1nyban m\u0171k\u00f6d\u0151) hengerek v\u00e1ltozatai elt\u00e9r\u0151 m\u0171k\u00f6d\u00e9si ig\u00e9nyeket el\u00e9g\u00edtenek ki. Egyes modellek teleszk\u00f3posak, \u00edgy nagyobb kiny\u00fal\u00e1st tesznek lehet\u0151v\u00e9 a k\u00fcls\u0151 m\u00e9retek n\u00f6vel\u00e9se n\u00e9lk\u00fcl, \u00edgy ide\u00e1lisak a helysz\u0171k\u00e9ben l\u00e9v\u0151 alkalmaz\u00e1sokhoz.<\/li>\n<\/ul>\n<h2>Termel\u00e9si k\u00e9pess\u00e9geink<\/h2>\n<p>Kiv\u00e1l\u00f3 min\u0151s\u00e9g\u0171 g\u00e9mhengerek gy\u00e1rt\u00e1s\u00e1ra specializ\u00e1l\u00f3dtunk, amelyek t\u00f6k\u00e9letesen helyettes\u00edthetik a megl\u00e9v\u0151 hidraulikus hengereket k\u00fcl\u00f6nf\u00e9le alkalmaz\u00e1sokban.<\/p>\n<p><img decoding=\"async\" src=\"https:\/\/www.hydraulic-cylinders.net\/wp-content\/uploads\/2025\/04\/songte-cylinder-head-with-all-kinds-excavator-models.webp\" alt=\"Kotr\u00f3g\u00e9p modellek\"><\/p>\n<h2>A g\u00e9mhenger alkalmaz\u00e1sai<\/h2>\n<h3>\u00c9p\u00edt\u0151ipari berendez\u00e9sek<\/h3>\n<p>A kotr\u00f3g\u00e9pekben a g\u00e9mhengerek kulcsszerepet j\u00e1tszanak a f\u00f6ld vagy t\u00f6rmel\u00e9k \u00e1s\u00e1s\u00e1ban, rakod\u00e1s\u00e1ban \u00e9s mozgat\u00e1s\u00e1ban. Megk\u00f6nny\u00edtik az \u00e1s\u00e1si m\u0171veletet az\u00e1ltal, hogy lehet\u0151v\u00e9 teszik a kan\u00e1l talajba hatol\u00e1s\u00e1t, \u00edgy n\u00e9lk\u00fcl\u00f6zhetetlenek az \u00e9p\u00edt\u00e9si projektekben. A kotr\u00f3g\u00e9p-rakod\u00f3kban a g\u00e9mhenger nemcsak a f\u00f6ldmunk\u00e1ban seg\u00edt, hanem az anyagok emel\u00e9s\u00e9ben is, \u00edgy sokoldal\u00fas\u00e1g\u00e1t sz\u00e1mos feladatban bizony\u00edtja.<\/p>\n<h3>Mez\u0151gazdas\u00e1gi g\u00e9pek<\/h3>\n<p>A homlokrakod\u00f3kban a g\u00e9mhengerek elengedhetetlenek a talaj, sz\u00e9na \u00e9s egy\u00e9b anyagok \u00e1s\u00e1s\u00e1hoz, emel\u00e9s\u00e9hez \u00e9s sz\u00e1ll\u00edt\u00e1s\u00e1hoz. Lehet\u0151v\u00e9 teszik a kezel\u0151k sz\u00e1m\u00e1ra, hogy k\u00fcl\u00f6nf\u00e9le feladatokat v\u00e9gezzenek, a gabona rakod\u00e1s\u00e1t\u00f3l a f\u00f6ld mozgat\u00e1s\u00e1ig, ami kiemeli fontoss\u00e1gukat a mez\u0151gazdas\u00e1gi m\u0171veletekben.<\/p>\n<h3>Kotr\u00f3g\u00e9pek<\/h3>\n<p>A g\u00e9mhenger lehet\u0151v\u00e9 teszi, hogy a kotr\u00f3g\u00e9p kan\u00e1lja behatoljon a talajba, lehet\u0151v\u00e9 t\u00e9ve a hat\u00e9kony \u00e1s\u00e1si m\u0171veleteket. Ez a k\u00e9pess\u00e9g kulcsfontoss\u00e1g\u00fa az \u00e9p\u00edt\u0151iparban, tereprendez\u00e9sben \u00e9s k\u00f6zm\u0171\u00e9p\u00edt\u00e9sben v\u00e9gzett \u00e1sat\u00e1si feladatokn\u00e1l, ahol prec\u00edz \u00e1s\u00e1sra van sz\u00fcks\u00e9g.<\/p>\n<h3>Rakod\u00f3k<\/h3>\n<p>A homlokrakod\u00f3kban a g\u00e9mhengerek hat\u00e9konyan seg\u00edtik a rakom\u00e1nyok emel\u00e9s\u00e9t \u00e9s \u00fcr\u00edt\u00e9s\u00e9t. Kialak\u00edt\u00e1suk lehet\u0151v\u00e9 teszi a kezel\u0151k sz\u00e1m\u00e1ra az anyagok hat\u00e9kony kezel\u00e9s\u00e9t a berakod\u00e1st\u00f3l a kirakod\u00e1sig, biztos\u00edtva a termel\u00e9kenys\u00e9get a k\u00fcl\u00f6nf\u00e9le rakod\u00e1si \u00e9s \u00e9p\u00edt\u00e9si feladatok sor\u00e1n.<\/p>\n<h2>Tervez\u00e9si szempontok \u00e9s kiv\u00e1laszt\u00e1si krit\u00e9riumok<\/h2>\n<h3>Teherb\u00edr\u00e1s<\/h3>\n<p>A g\u00e9mhenger kiv\u00e1laszt\u00e1sakor a teherb\u00edr\u00e1s kritikus t\u00e9nyez\u0151. Ez hat\u00e1rozza meg a henger azon k\u00e9pess\u00e9g\u00e9t, hogy m\u0171k\u00f6d\u00e9s k\u00f6zben meghat\u00e1rozott s\u00falyokat kezeljen. A gy\u00e1rt\u00f3knak biztos\u00edtaniuk kell, hogy a teherb\u00edr\u00e1s megfeleljen vagy meghaladja a haszn\u00e1lni k\u00edv\u00e1nt g\u00e9p k\u00f6vetelm\u00e9nyeit, mivel ennek al\u00e1becsl\u00e9se a henger meghib\u00e1sod\u00e1s\u00e1hoz \u00e9s a vesz\u00e9lyes munkak\u00f6r\u00fclm\u00e9nyekhez vezethet.<\/p>\n<h3>T\u00f6m\u00edt\u00e9si teljes\u00edtm\u00e9ny<\/h3>\n<p>A hat\u00e9kony t\u00f6m\u00edt\u00e9s elengedhetetlen a hidraulikafolyad\u00e9k sziv\u00e1rg\u00e1s\u00e1nak megakad\u00e1lyoz\u00e1s\u00e1hoz \u00e9s a rendszerben l\u00e9v\u0151 nyom\u00e1s fenntart\u00e1s\u00e1hoz. A min\u0151s\u00e9gi t\u00f6m\u00edt\u00e9sek n\u00f6velik a g\u00e9mhenger megb\u00edzhat\u00f3s\u00e1g\u00e1t \u00e9s \u00e9lettartam\u00e1t. A megfelel\u0151 t\u00f6m\u00edt\u00e9s megakad\u00e1lyozza a hidraulikafolyad\u00e9k szennyez\u0151d\u00e9s\u00e9t is, ami egy\u00e9bk\u00e9nt ronthatja a teljes\u00edtm\u00e9nyt \u00e9s k\u00f6lts\u00e9ges jav\u00edt\u00e1sokhoz vezethet.<\/p>\n<h3>Tart\u00f3ss\u00e1g<\/h3>\n<p>A tart\u00f3ss\u00e1g kiemelked\u0151 fontoss\u00e1g\u00fa a neh\u00e9z k\u00f6r\u00fclm\u00e9nyek k\u00f6z\u00f6tt m\u0171k\u00f6d\u0151 g\u00e9mhengerek eset\u00e9ben. Az olyan t\u00e9nyez\u0151k, mint az anyagv\u00e1laszt\u00e1s, a fel\u00fcletkezel\u00e9s \u00e9s a tervez\u00e9si r\u00e9szletek hozz\u00e1j\u00e1rulnak a henger \u00e1ltal\u00e1nos tart\u00f3ss\u00e1g\u00e1hoz. Egy j\u00f3l megtervezett henger ellen\u00e1ll a sz\u00e9ls\u0151s\u00e9ges h\u0151m\u00e9rs\u00e9kleteknek, a nedvess\u00e9gnek \u00e9s a koptat\u00f3 anyagoknak, biztos\u00edtva, hogy hossz\u00fa ideig m\u0171k\u00f6d\u0151k\u00e9pes maradjon.<\/p>\n<h3>Biztons\u00e1gi funkci\u00f3k<\/h3>\n<p>A biztons\u00e1g kiemelt fontoss\u00e1g\u00fa a g\u00e9mhengerek tervez\u00e9s\u00e9n\u00e9l. Az olyan funkci\u00f3k, mint a nyom\u00e1scs\u00f6kkent\u0151 szelepek \u00e9s a biztons\u00e1gi z\u00e1rak seg\u00edtenek megel\u0151zni a baleseteket m\u0171k\u00f6d\u00e9s k\u00f6zben. Ezen biztons\u00e1gi int\u00e9zked\u00e9sek megl\u00e9te elengedhetetlen a kezel\u0151k \u00e9s a berendez\u00e9sek v\u00e9delme, valamint a biztons\u00e1gos munkak\u00f6rnyezet fenntart\u00e1sa \u00e9rdek\u00e9ben.<\/p>\n<h3>Karbantarthat\u00f3s\u00e1g<\/h3>\n<p>A g\u00e9mhengerek k\u00f6nny\u0171 karbantart\u00e1sra val\u00f3 tervez\u00e9se jelent\u0151sen meghosszabb\u00edthatja \u00e9lettartamukat. Els\u0151bbs\u00e9get kell \u00e9lvezni\u00fck a gyors ellen\u0151rz\u00e9seket \u00e9s jav\u00edt\u00e1sokat megk\u00f6nny\u00edt\u0151 jellemz\u0151knek, mint p\u00e9ld\u00e1ul a k\u00f6nnyen hozz\u00e1f\u00e9rhet\u0151 t\u00f6m\u00edt\u00e9sek \u00e9s csatlakoz\u00e1sok. Ez a szempont nemcsak a rendszeres karbantart\u00e1st seg\u00edti, hanem cs\u00f6kkenti az \u00e1ll\u00e1sid\u0151t is, n\u00f6velve az \u00e1ltal\u00e1nos termel\u00e9kenys\u00e9get.<\/p>\n<p><img decoding=\"async\" src=\"https:\/\/www.hydraulic-cylinders.net\/wp-content\/uploads\/2025\/04\/songte-oil-pipes-and-spare-parts.webp\" alt=\"Hidraulikus alkatr\u00e9szek\"><\/p>\n<h2>T\u00f6m\u00edt\u00e9s \u00e9s ken\u00e9s<\/h2>\n<p>A g\u00e9mhenger teljes\u00edtm\u00e9nye nagym\u00e9rt\u00e9kben f\u00fcgg a t\u00f6m\u00edt\u0151- \u00e9s ken\u0151rendszereit\u0151l. K\u00fcl\u00f6nb\u00f6z\u0151 t\u00f6m\u00edt\u00e9sek, bele\u00e9rtve a dugatty\u00fat\u00f6m\u00edt\u00e9seket \u00e9s a r\u00fadt\u00f6m\u00edt\u00e9seket, kulcsfontoss\u00e1g\u00faak a hidraulikus nyom\u00e1s fenntart\u00e1s\u00e1hoz \u00e9s a sziv\u00e1rg\u00e1sok megakad\u00e1lyoz\u00e1s\u00e1hoz. A kop\u00e1s\u00e1ll\u00f3 anyagokb\u00f3l, p\u00e9ld\u00e1ul poliuret\u00e1nb\u00f3l \u00e9s nitrilgumib\u00f3l k\u00e9sz\u00fclt t\u00f6m\u00edt\u00e9sek el\u0151ny\u00f6sek tart\u00f3ss\u00e1guk \u00e9s hat\u00e9konys\u00e1guk miatt. Ezenk\u00edv\u00fcl a hengertest \u00e9s a menetes v\u00e9gfel\u00fcletek prec\u00edzi\u00f3s megmunk\u00e1l\u00e1son esnek \u00e1t a kop\u00e1s\u00e1ll\u00f3s\u00e1g fokoz\u00e1sa \u00e9rdek\u00e9ben. A rendszeres hidraulikaolajjal t\u00f6rt\u00e9n\u0151 ken\u00e9s sz\u00fcks\u00e9ges a z\u00f6kken\u0151mentes m\u0171k\u00f6d\u00e9s biztos\u00edt\u00e1s\u00e1hoz \u00e9s a t\u00falzott kop\u00e1s megakad\u00e1lyoz\u00e1s\u00e1hoz.<\/p>\n<h2>Rendszeres karbantart\u00e1s \u00e9s megel\u0151z\u0151 int\u00e9zked\u00e9sek<\/h2>\n<ul>\n<li><strong>Rendszeres ellen\u0151rz\u00e9sek:<\/strong> Rendszeresen ellen\u0151rizze a g\u00e9mhengert kop\u00e1s, sziv\u00e1rg\u00e1s \u00e9s s\u00e9r\u00fcl\u00e9s jelei szempontj\u00e1b\u00f3l. A probl\u00e9m\u00e1k korai felismer\u00e9se megel\u0151zheti a k\u00f6lts\u00e9ges jav\u00edt\u00e1sokat \u00e9s az \u00e1ll\u00e1sid\u0151t.<\/li>\n<li><strong>Megfelel\u0151 ken\u00e9s:<\/strong> Gy\u0151z\u0151dj\u00f6n meg arr\u00f3l, hogy a hidraulikaolaj szintje megfelel\u0151 \u00e9s az olaj tiszta. A rendszeres olajcsere \u00e9s a min\u0151s\u00e9gi ken\u00e9s meghosszabb\u00edtja a henger \u00e9lettartam\u00e1t.<\/li>\n<li><strong>T\u00f6m\u00edt\u00e9scsere:<\/strong> Rendszeresen ellen\u0151rizze a t\u00f6m\u00edt\u00e9sek kop\u00e1s\u00e1t, \u00e9s sz\u00fcks\u00e9g szerint cser\u00e9lje ki azokat a hidraulikus nyom\u00e1s fenntart\u00e1sa \u00e9s a sziv\u00e1rg\u00e1sok megel\u0151z\u00e9se \u00e9rdek\u00e9ben.<\/li>\n<\/ul>\n<h2>Helyes telep\u00edt\u00e9si \u00fatmutat\u00f3<\/h2>\n<p>A g\u00e9mhenger megfelel\u0151 beszerel\u00e9se elengedhetetlen az optim\u00e1lis teljes\u00edtm\u00e9nyhez. El\u0151sz\u00f6r is gy\u0151z\u0151dj\u00f6n meg arr\u00f3l, hogy a henger megfelel\u0151en illeszkedik a g\u00e9p r\u00f6gz\u00edt\u00e9si pontjaihoz. Haszn\u00e1ljon megfelel\u0151 r\u00f6gz\u00edt\u0151konzolokat a henger r\u00f6gz\u00edt\u00e9s\u00e9hez, biztos\u00edtva, hogy akad\u00e1lytalanul m\u0171k\u00f6dj\u00f6n. K\u00f6vesse a gy\u00e1rt\u00f3 utas\u00edt\u00e1sait a csavarok nyomat\u00e9kbe\u00e1ll\u00edt\u00e1saira vonatkoz\u00f3an, hogy megakad\u00e1lyozza a m\u0171k\u00f6d\u00e9s k\u00f6zbeni kilazul\u00e1st. V\u00e9g\u00fcl ellen\u0151rizze, hogy az \u00f6sszes hidraulikus csatlakoz\u00e1s szoros \u00e9s sziv\u00e1rg\u00e1smentes-e, miel\u0151tt a g\u00e9pet \u00fczembe helyezn\u00e9.<\/p>\n<h2>Gyakori karbantart\u00e1si feladatok<\/h2>\n<h3>Rendszeres ellen\u0151rz\u00e9sek<\/h3>\n<p>A rendszeres ellen\u0151rz\u00e9sek elv\u00e9gz\u00e9se elengedhetetlen a potenci\u00e1lis probl\u00e9m\u00e1k azonos\u00edt\u00e1s\u00e1hoz, miel\u0151tt azok s\u00falyosbodn\u00e1nak. Vizsg\u00e1lja meg a palackot l\u00e1that\u00f3 s\u00e9r\u00fcl\u00e9sek, p\u00e9ld\u00e1ul horpad\u00e1sok, sziv\u00e1rg\u00e1sok vagy korr\u00f3zi\u00f3 szempontj\u00e1b\u00f3l. A megfelel\u0151 be\u00e1ll\u00edt\u00e1s ellen\u0151rz\u00e9se \u00e9s a r\u00f6gz\u00edt\u0151elemek biztons\u00e1gos r\u00f6gz\u00edt\u00e9se seg\u00edthet a m\u0171k\u00f6d\u00e9si hat\u00e9konys\u00e1g fenntart\u00e1s\u00e1ban.<\/p>\n<h3>Megfelel\u0151 ken\u00e9s<\/h3>\n<p>A megfelel\u0151 ken\u00e9s kulcsfontoss\u00e1g\u00fa a g\u00e9mhenger id\u0151 el\u0151tti kop\u00e1s\u00e1nak megakad\u00e1lyoz\u00e1s\u00e1hoz \u00e9s teljes\u00edtm\u00e9ny\u00e9nek fenntart\u00e1s\u00e1hoz. Haszn\u00e1lja az aj\u00e1nlott t\u00edpus\u00fa hidraulikaolajat, \u00e9s tartsa be a gy\u00e1rt\u00f3 ken\u00e9si intervallumokra vonatkoz\u00f3 ir\u00e1nyelveit. A megfelel\u0151 ken\u00e9s nemcsak a hat\u00e9konys\u00e1got n\u00f6veli, hanem a henger \u00e9lettartam\u00e1t is meghosszabb\u00edtja.<\/p>\n<h3>T\u00f6m\u00edt\u00e9scsere \u00e9s kalibr\u00e1l\u00e1s ellen\u0151rz\u00e9se<\/h3>\n<p>Id\u0151vel a t\u00f6m\u00edt\u00e9sek elhaszn\u00e1l\u00f3dhatnak, \u00e9s cser\u00e9re szorulhatnak. Rendszeresen ellen\u0151rizze a t\u00f6m\u00edt\u00e9sek \u00e1llapot\u00e1t, \u00e9s sz\u00fcks\u00e9g szerint cser\u00e9lje ki \u0151ket. A kalibr\u00e1ci\u00f3s ellen\u0151rz\u00e9sek ugyanilyen fontosak, biztos\u00edtva, hogy a henger a megadott param\u00e9tereken bel\u00fcl m\u0171k\u00f6dj\u00f6n, \u00e9s \u00fczem k\u00f6zben meg\u0151rizze pontoss\u00e1g\u00e1t.<\/p>\n<p><img decoding=\"async\" src=\"https:\/\/www.hydraulic-cylinders.net\/wp-content\/uploads\/2025\/04\/songte-chushion-collar.webp\" alt=\"P\u00e1rna gall\u00e9r\"><\/p>\n<h2>Biztons\u00e1gi szempontok \u00e9s k\u00f6rnyezeti t\u00e9nyez\u0151k<\/h2>\n<p>A g\u00e9mhengerek haszn\u00e1latakor a biztons\u00e1gi int\u00e9zked\u00e9sek kritikus fontoss\u00e1g\u00faak. A kezel\u0151ket ki kell k\u00e9pezni a hidraulikus rendszer k\u00e9pess\u00e9geinek \u00e9s korl\u00e1tainak meg\u00e9rt\u00e9s\u00e9re. A biztons\u00e1gi v\u00e9d\u0151burkolatok \u00e9s a v\u00e9szle\u00e1ll\u00edt\u00f3 rendszerek megl\u00e9te seg\u00edthet megel\u0151zni a baleseteket. A g\u00e9mhenger anyagainak kiv\u00e1laszt\u00e1sakor a hossz\u00fa t\u00e1v\u00fa teljes\u00edtm\u00e9ny biztos\u00edt\u00e1sa \u00e9rdek\u00e9ben a k\u00f6rnyezeti t\u00e9nyez\u0151ket, p\u00e9ld\u00e1ul a sz\u00e9ls\u0151s\u00e9ges h\u0151m\u00e9rs\u00e9kleteknek \u00e9s a korroz\u00edv anyagoknak val\u00f3 kitetts\u00e9get is figyelembe kell venni.<\/p>\n<h2>Hibaelh\u00e1r\u00edt\u00e1s \u00e9s gyakori probl\u00e9m\u00e1k<\/h2>\n<h3>Sziv\u00e1rg\u00e1s<\/h3>\n<p>A sziv\u00e1rg\u00e1s az egyik leggyakoribb probl\u00e9ma, amellyel a g\u00e9mhengerek szembes\u00fclnek. El\u0151fordulhat kopott t\u00f6m\u00edt\u00e9sek, s\u00e9r\u00fclt t\u00f6m\u00edt\u00e9sek vagy nem megfelel\u0151 beszerel\u00e9s miatt. A rendszeres ellen\u0151rz\u00e9s \u00e9s karbantart\u00e1s seg\u00edthet a potenci\u00e1lis sziv\u00e1rg\u00e1sok korai azonos\u00edt\u00e1s\u00e1ban, biztos\u00edtva, hogy a sz\u00fcks\u00e9ges jav\u00edt\u00e1sokat azonnal elv\u00e9gezz\u00e9k a m\u0171k\u00f6d\u00e9si zavarok elker\u00fcl\u00e9se \u00e9rdek\u00e9ben.<\/p>\n<h3>Cs\u00f6kkentett teljes\u00edtm\u00e9ny<\/h3>\n<p>A g\u00e9mhenger teljes\u00edtm\u00e9ny\u00e9nek cs\u00f6kken\u00e9s\u00e9t okozhatja a hidraulikafolyad\u00e9k szennyez\u0151d\u00e9se, a rendszerben l\u00e9v\u0151 leveg\u0151 vagy az el\u00e9gtelen nyom\u00e1s. Ezen probl\u00e9m\u00e1k megold\u00e1sa jellemz\u0151en a rendszer \u00e1t\u00f6bl\u00edt\u00e9s\u00e9t, a szennyezett folyad\u00e9k cser\u00e9j\u00e9t \u00e9s a hidraulikaszivatty\u00fa megfelel\u0151 m\u0171k\u00f6d\u00e9s\u00e9nek ellen\u0151rz\u00e9s\u00e9t foglalja mag\u00e1ban.<\/p>\n<h3>Fizikai s\u00e9r\u00fcl\u00e9s<\/h3>\n<p>Fizikai k\u00e1rokat okozhatnak a sz\u00e9ls\u0151s\u00e9ges \u00fczemeltet\u00e9si k\u00f6r\u00fclm\u00e9nyek vagy a nem megfelel\u0151 kezel\u00e9s. A kezel\u0151ket a biztons\u00e1gos \u00fczemeltet\u00e9si gyakorlatokra kell kik\u00e9pezni a k\u00e1rosod\u00e1s kock\u00e1zat\u00e1nak minimaliz\u00e1l\u00e1sa \u00e9rdek\u00e9ben. A rendszeres ellen\u0151rz\u00e9sek seg\u00edthetnek a probl\u00e9m\u00e1k \u00e9szlel\u00e9s\u00e9ben, miel\u0151tt azok s\u00falyosabb probl\u00e9m\u00e1khoz vezetn\u00e9nek.<\/p>\n<h2>Hibaelh\u00e1r\u00edt\u00e1si tippek \u00e9s megold\u00e1sok<\/h2>\n<p>A g\u00e9mhengerek gyakori probl\u00e9m\u00e1inak hat\u00e9kony diagnosztiz\u00e1l\u00e1sa \u00e9s megold\u00e1sa \u00e9rdek\u00e9ben a kezel\u0151knek rendszeres karbantart\u00e1si ellen\u0151rz\u00e9seket kell v\u00e9gezni\u00fck, \u00e9s r\u00e9szletes napl\u00f3t kell vezetni\u00fck a hengerek teljes\u00edtm\u00e9ny\u00e9r\u0151l. Sziv\u00e1rg\u00e1s eset\u00e9n azonnal int\u00e9zkedni kell a forr\u00e1s azonos\u00edt\u00e1sa \u00e9s a t\u00f6m\u00edt\u00e9sek sz\u00fcks\u00e9g szerinti cser\u00e9je \u00e9rdek\u00e9ben. Cs\u00f6kkent teljes\u00edtm\u00e9ny eset\u00e9n a hidraulikafolyad\u00e9k \u00e1llapot\u00e1nak ellen\u0151rz\u00e9se \u00e9s a rendszer leveg\u0151mentess\u00e9g\u00e9nek biztos\u00edt\u00e1sa gyakran helyre\u00e1ll\u00edtja a m\u0171k\u00f6d\u00e9st. A fel\u00fcgyeleti rendszerek telep\u00edt\u00e9se val\u00f3s idej\u0171 adatokat szolg\u00e1ltathat, seg\u00edtve megel\u0151zni a probl\u00e9m\u00e1kat, miel\u0151tt azok s\u00falyosbodn\u00e1nak.<\/p>\n<p><img decoding=\"async\" src=\"https:\/\/www.hydraulic-cylinders.net\/wp-content\/uploads\/2025\/04\/songte-bushings-with-all-kinds-of-excavator-models.webp\" alt=\"perselyek\"><\/p>\n<h2>C\u00e9g\u00fcnkr\u0151l<\/h2>\n<p>Vezet\u0151 gy\u00e1rt\u00f3i vagyunk a p\u00f3talkatr\u00e9szk\u00e9nt szolg\u00e1l\u00f3 hidraulikus munkahengereknek, \u00e1tfog\u00f3 term\u00e9kv\u00e1laszt\u00e9kot k\u00edn\u00e1lva mind a hazai, mind a nemzetk\u00f6zi piacok sz\u00e1m\u00e1ra. Elk\u00f6telezetts\u00e9g\u00fcnk a kiv\u00e1l\u00f3s\u00e1g ir\u00e1nt a apr\u00f3l\u00e9kos gy\u00e1rt\u00e1si folyamatainkban \u00e9s a r\u00e9szletekre val\u00f3 odafigyel\u00e9sben mutatkozik meg. Korszer\u0171 gy\u00e1rt\u00f3berendez\u00e9sek \u00e9s k\u00e9pzett munkaer\u0151 seg\u00edts\u00e9g\u00e9vel folyamatosan fejlesztj\u00fck termel\u00e9si kapacit\u00e1sunkat, hogy megfelelj\u00fcnk \u00fcgyfeleink v\u00e1ltozatos ig\u00e9nyeinek. Term\u00e9keink nemzetk\u00f6zi tan\u00fas\u00edtv\u00e1nnyal rendelkeznek, biztos\u00edtva a szigor\u00fa min\u0151s\u00e9gi el\u0151\u00edr\u00e1soknak val\u00f3 megfelel\u00e9st.<\/p>\n<p>Testreszabott szolg\u00e1ltat\u00e1sokat k\u00edn\u00e1lunk, amelyek az adott ig\u00e9nyekhez igazodnak, lehet\u0151v\u00e9 t\u00e9ve \u00fcgyfeleink sz\u00e1m\u00e1ra, hogy az egyedi alkalmaz\u00e1saikhoz illeszked\u0151 hidraulikus hengereket szerezzenek be. Elk\u00f6telezett \u00fcgyf\u00e9lszolg\u00e1lati csapatunk mindig rendelkez\u00e9sre \u00e1ll, hogy seg\u00edts\u00e9get ny\u00fajtson a megkeres\u00e9sekben, biztos\u00edtva a z\u00f6kken\u0151mentes v\u00e1s\u00e1rl\u00e1si \u00e9lm\u00e9nyt.<\/p>\n<p><img decoding=\"async\" src=\"https:\/\/www.hydraulic-cylinders.net\/wp-content\/uploads\/2025\/04\/songte-company-4.webp\" alt=\"C\u00e9ges im\u00e1zs\"><br \/>\n<img decoding=\"async\" src=\"https:\/\/www.hydraulic-cylinders.net\/wp-content\/uploads\/2025\/04\/songte-company-3.webp\" alt=\"C\u00e9ges im\u00e1zs\"><\/p>\n<p>Szerz\u0151: lyl<\/p>","protected":false},"excerpt":{"rendered":"<p>Boom Cylinder For Case Wheel Excavator WX148 Overview of Boom Cylinder The boom cylinder, also known as a bucket cylinder, is a vital component in hydraulic systems used in heavy machinery such as excavators, backhoe loaders, and front loaders. This hydraulic cylinder is specifically designed to control the movement of the bucket, allowing it to [&hellip;]<\/p>","protected":false},"featured_media":17880,"comment_status":"open","ping_status":"closed","template":"","meta":{"_et_pb_use_builder":"","_et_pb_old_content":"","_et_gb_content_width":""},"product_brand":[],"product_cat":[1546],"product_tag":[1547,1496],"class_list":{"0":"post-19451","1":"product","2":"type-product","3":"status-publish","4":"has-post-thumbnail","6":"product_cat-boom-cylinders","7":"product_tag-boom-cylinders","8":"product_tag-hydraulic-cylinders","10":"first","11":"instock","12":"shipping-taxable","13":"product-type-simple"},"amp_enabled":true,"_links":{"self":[{"href":"https:\/\/www.hydraulic-cylinders.net\/hu\/wp-json\/wp\/v2\/product\/19451","targetHints":{"allow":["GET"]}}],"collection":[{"href":"https:\/\/www.hydraulic-cylinders.net\/hu\/wp-json\/wp\/v2\/product"}],"about":[{"href":"https:\/\/www.hydraulic-cylinders.net\/hu\/wp-json\/wp\/v2\/types\/product"}],"replies":[{"embeddable":true,"href":"https:\/\/www.hydraulic-cylinders.net\/hu\/wp-json\/wp\/v2\/comments?post=19451"}],"wp:featuredmedia":[{"embeddable":true,"href":"https:\/\/www.hydraulic-cylinders.net\/hu\/wp-json\/wp\/v2\/media\/17880"}],"wp:attachment":[{"href":"https:\/\/www.hydraulic-cylinders.net\/hu\/wp-json\/wp\/v2\/media?parent=19451"}],"wp:term":[{"taxonomy":"product_brand","embeddable":true,"href":"https:\/\/www.hydraulic-cylinders.net\/hu\/wp-json\/wp\/v2\/product_brand?post=19451"},{"taxonomy":"product_cat","embeddable":true,"href":"https:\/\/www.hydraulic-cylinders.net\/hu\/wp-json\/wp\/v2\/product_cat?post=19451"},{"taxonomy":"product_tag","embeddable":true,"href":"https:\/\/www.hydraulic-cylinders.net\/hu\/wp-json\/wp\/v2\/product_tag?post=19451"}],"curies":[{"name":"munkaf\u00fczet","href":"https:\/\/api.w.org\/{rel}","templated":true}]}}