{"id":19460,"date":"2025-04-07T06:48:47","date_gmt":"2025-04-07T06:48:47","guid":{"rendered":"https:\/\/www.hydraulic-cylinders.net\/product\/boom-cylinder-for-world-small-excavator-w265e-8\/"},"modified":"2025-04-07T06:48:50","modified_gmt":"2025-04-07T06:48:50","slug":"boom-cylinder-for-world-small-excavator-w265e-8","status":"publish","type":"product","link":"https:\/\/www.hydraulic-cylinders.net\/hu\/termek\/boom-cylinder-for-world-small-excavator-w265e-8\/","title":{"rendered":"G\u00e9mhenger a W265E-8 kism\u00e9ret\u0171 kotr\u00f3g\u00e9phez"},"content":{"rendered":"<h1>G\u00e9mhenger a W265E-8 kism\u00e9ret\u0171 kotr\u00f3g\u00e9phez<\/h1>\n<h2>A v\u00f6d\u00f6rhenger meghat\u00e1roz\u00e1sa \u00e9s \u00e1ttekint\u00e9se<\/h2>\n<p>A World Small Excavator W265E-8 g\u00e9mhengere kulcsfontoss\u00e1g\u00fa alkatr\u00e9sz a hidraulikus rendszerekben, k\u00fcl\u00f6n\u00f6sen a neh\u00e9zg\u00e9pek, p\u00e9ld\u00e1ul kotr\u00f3g\u00e9pek, kotr\u00f3rakod\u00f3k \u00e9s homlokrakod\u00f3k \u00fczemeltet\u00e9sekor. Ez a hidraulikus henger kifejezetten a kan\u00e1l mozg\u00e1s\u00e1nak vez\u00e9rl\u00e9s\u00e9re szolg\u00e1l, lehet\u0151v\u00e9 t\u00e9ve az er\u0151fesz\u00edt\u00e9s n\u00e9lk\u00fcli emel\u00e9st, s\u00fcllyeszt\u00e9st \u00e9s billent\u00e9st. A kan\u00e1lhenger alapvet\u0151 szerepet j\u00e1tszik az anyagmozgat\u00e1si feladatokban, lehet\u0151v\u00e9 t\u00e9ve az anyagok hat\u00e9kony \u00e1s\u00e1s\u00e1t, rakod\u00e1s\u00e1t \u00e9s sz\u00e1ll\u00edt\u00e1s\u00e1t.<\/p>\n<p>A hidraulikus hengerek, mint p\u00e9ld\u00e1ul a kan\u00e1lhenger, \u00fagy m\u0171k\u00f6dnek, hogy a hidraulikus energi\u00e1t mechanikai energi\u00e1v\u00e1 alak\u00edtj\u00e1k, nyom\u00e1s alatt l\u00e9v\u0151 folyad\u00e9kokat haszn\u00e1lva a mozg\u00e1s l\u00e9trehoz\u00e1s\u00e1hoz. Ez a mechanizmus l\u00e9tfontoss\u00e1g\u00fa az \u00e9p\u00edt\u0151iparban \u00e9s a mez\u0151gazdas\u00e1gban, ahol a g\u00e9pek hat\u00e9kony m\u0171k\u00f6d\u00e9s\u00e9hez prec\u00edz vez\u00e9rl\u00e9sre van sz\u00fcks\u00e9g.<\/p>\n<p><img decoding=\"async\" src=\"https:\/\/www.hydraulic-cylinders.net\/wp-content\/uploads\/2025\/04\/songte-company-1.webp\" alt=\"G\u00e9mhenger kotr\u00f3g\u00e9pekhez\"><\/p>\n<h2>A g\u00e9mhenger jellemz\u0151i<\/h2>\n<ul>\n<li><strong>Nagy szil\u00e1rds\u00e1g \u00e9s tart\u00f3ss\u00e1g:<\/strong> A nagy szil\u00e1rds\u00e1g\u00fa ac\u00e9lb\u00f3l vagy alum\u00edniumb\u00f3l k\u00e9sz\u00fclt g\u00e9mhenger nagy nyom\u00e1st \u00e9s nagy terhel\u00e9st is elb\u00edr, \u00edgy alkalmass\u00e1 teszi a zord munkak\u00f6rnyezetben val\u00f3 haszn\u00e1latra.<\/li>\n<li><strong>Hat\u00e9kony hidraulikus m\u0171k\u00f6dtet\u00e9s:<\/strong> A henger hidraulikaolaj-nyom\u00e1st haszn\u00e1l a sima kiny\u00fajt\u00e1shoz \u00e9s visszah\u00faz\u00e1shoz, \u00edgy gyors reag\u00e1l\u00e1st biztos\u00edt a m\u0171k\u00f6d\u00e9si parancsokra, jelent\u0151s tol\u00f3- \u00e9s h\u00faz\u00f3er\u0151vel.<\/li>\n<li><strong>K\u00fcl\u00f6nb\u00f6z\u0151 t\u00edpusok:<\/strong> Kaphat\u00f3 egyszeres m\u0171k\u00f6d\u00e9s\u0171 (egy ir\u00e1nyban m\u0171k\u00f6d\u0151) vagy kett\u0151s m\u0171k\u00f6d\u00e9s\u0171 (mindk\u00e9t ir\u00e1nyban m\u0171k\u00f6d\u0151) v\u00e1ltozatban, a k\u00fcl\u00f6nb\u00f6z\u0151 m\u0171k\u00f6d\u00e9si ig\u00e9nyeknek megfelel\u0151en.<\/li>\n<li><strong>Helytakar\u00e9kos kialak\u00edt\u00e1s:<\/strong> Egyes modellek teleszk\u00f3pos kialak\u00edt\u00e1s\u00faak, \u00edgy nagyobb kih\u00faz\u00e1st tesznek lehet\u0151v\u00e9 a k\u00fcls\u0151 m\u00e9retek n\u00f6vel\u00e9se n\u00e9lk\u00fcl, \u00edgy ide\u00e1lisak korl\u00e1tozott helyig\u00e9ny\u0171 alkalmaz\u00e1sokhoz.<\/li>\n<\/ul>\n<p>Term\u00e9keink t\u00f6k\u00e9letesen helyettes\u00edthetik a megl\u00e9v\u0151 hidraulikus hengereket, biztos\u00edtva a kompatibilit\u00e1st \u00e9s a teljes\u00edtm\u00e9nyt.<\/p>\n<p><img decoding=\"async\" src=\"https:\/\/www.hydraulic-cylinders.net\/wp-content\/uploads\/2025\/04\/songte-cylinder-head-with-all-kinds-excavator-models.webp\" alt=\"Hidraulikus henger kotr\u00f3g\u00e9pekhez\"><\/p>\n<h2>Alkalmaz\u00e1si forgat\u00f3k\u00f6nyvek<\/h2>\n<h3>\u00c9p\u00edt\u0151ipari berendez\u00e9sek<\/h3>\n<p>A kotr\u00f3g\u00e9pekben a g\u00e9mhengerek kulcsfontoss\u00e1g\u00faak az \u00e1s\u00e1shoz, a rakod\u00e1shoz \u00e9s a f\u00f6ld vagy t\u00f6rmel\u00e9k mozgat\u00e1s\u00e1hoz. Lehet\u0151v\u00e9 teszik a kan\u00e1l mozg\u00e1s\u00e1nak pontos szab\u00e1lyoz\u00e1s\u00e1t, biztos\u00edtva a hat\u00e9kony m\u0171k\u00f6d\u00e9st a f\u00f6ldmunk\u00e1k sor\u00e1n. A kan\u00e1l emel\u00e9s\u00e9nek \u00e9s s\u00fcllyeszt\u00e9s\u00e9nek k\u00e9pess\u00e9ge lehet\u0151v\u00e9 teszi a kezel\u0151k sz\u00e1m\u00e1ra az anyagmozgat\u00e1s hat\u00e9kony kezel\u00e9s\u00e9t, n\u00f6velve a termel\u00e9kenys\u00e9get az \u00e9p\u00edtkez\u00e9seken.<\/p>\n<h3>Mez\u0151gazdas\u00e1gi g\u00e9pek<\/h3>\n<p>A homlokrakod\u00f3k g\u00e9mhengereket haszn\u00e1lnak a talaj, sz\u00e9na \u00e9s egy\u00e9b anyagok mer\u00e9s\u00e9re, emel\u00e9s\u00e9re \u00e9s sz\u00e1ll\u00edt\u00e1s\u00e1ra. A mez\u0151gazdas\u00e1gi g\u00e9pekben bet\u00f6lt\u00f6tt szerep\u00fck l\u00e9tfontoss\u00e1g\u00fa a hat\u00e9kony mez\u0151gazdas\u00e1gi m\u0171k\u00f6d\u00e9shez, seg\u00edtve a gazd\u00e1lkod\u00f3kat az anyagok gyors mozgat\u00e1s\u00e1ban k\u00e9zi munkaer\u0151 n\u00e9lk\u00fcl.<\/p>\n<h3>Kotr\u00f3g\u00e9pek<\/h3>\n<p>A kotr\u00f3g\u00e9pekben a kan\u00e1lhenger megk\u00f6nny\u00edti az \u00e1s\u00e1si m\u0171veletet az\u00e1ltal, hogy lehet\u0151v\u00e9 teszi a kan\u00e1l sz\u00e1m\u00e1ra, hogy behatoljon a talajba. Ez a k\u00e9pess\u00e9g kritikus fontoss\u00e1g\u00fa a f\u00f6ldmunk\u00e1kn\u00e1l, legyen sz\u00f3 ak\u00e1r alapoz\u00e1sr\u00f3l, ak\u00e1r \u00e1rok\u00e1s\u00e1sr\u00f3l.<\/p>\n<h3>Rakod\u00f3k<\/h3>\n<p>A homlokrakod\u00f3kban a g\u00e9mhengerek hat\u00e9konyan seg\u00edtik a rakom\u00e1nyok emel\u00e9s\u00e9t \u00e9s \u00fcr\u00edt\u00e9s\u00e9t. Robusztus kialak\u00edt\u00e1suk biztos\u00edtja a megb\u00edzhat\u00f3s\u00e1got m\u00e9g neh\u00e9z anyagok kezel\u00e9sekor is, ami elengedhetetlen a hat\u00e9kony anyaggazd\u00e1lkod\u00e1shoz a k\u00fcl\u00f6nb\u00f6z\u0151 munkater\u00fcleteken.<\/p>\n<h2>Tervez\u00e9si szempontok \u00e9s kiv\u00e1laszt\u00e1si krit\u00e9riumok<\/h2>\n<h3>Teherb\u00edr\u00e1s<\/h3>\n<p>A g\u00e9mhenger teherb\u00edr\u00e1sa els\u0151dleges szempont a tervez\u00e9s sor\u00e1n. K\u00e9pesnek kell lennie a m\u0171k\u00f6d\u00e9s k\u00f6zben v\u00e1rhat\u00f3 maxim\u00e1lis terhel\u00e9s elvisel\u00e9s\u00e9re meghib\u00e1sod\u00e1s kock\u00e1zata n\u00e9lk\u00fcl. Ez mag\u00e1ban foglalja az anyagok \u00e9s a m\u00e9rn\u00f6ki munka gondos kiv\u00e1laszt\u00e1s\u00e1t annak biztos\u00edt\u00e1s\u00e1ra, hogy a henger ellen\u00e1lljon a haszn\u00e1lat sor\u00e1n kifejtett er\u0151knek.<\/p>\n<h3>T\u00f6m\u00edt\u00e9s \u00e9s tart\u00f3ss\u00e1g<\/h3>\n<p>A hat\u00e9kony t\u00f6m\u00edt\u00e9s kritikus fontoss\u00e1g\u00fa a hidraulikus hengerek eset\u00e9ben a folyad\u00e9k sziv\u00e1rg\u00e1s\u00e1nak \u00e9s szennyez\u0151d\u00e9s\u00e9nek megakad\u00e1lyoz\u00e1sa \u00e9rdek\u00e9ben. Tart\u00f3s anyagokb\u00f3l k\u00e9sz\u00fclt, kiv\u00e1l\u00f3 min\u0151s\u00e9g\u0171 t\u00f6m\u00edt\u00e9seket kell haszn\u00e1lni a hossz\u00fa \u00e9lettartam \u00e9s a megb\u00edzhat\u00f3 teljes\u00edtm\u00e9ny biztos\u00edt\u00e1sa \u00e9rdek\u00e9ben, k\u00fcl\u00f6n\u00f6sen ig\u00e9nyes k\u00f6rnyezetben.<\/p>\n<h3>Biztons\u00e1gi funkci\u00f3k<\/h3>\n<p>A biztons\u00e1g kiemelked\u0151 fontoss\u00e1g\u00fa a hidraulikus hengerek tervez\u00e9sekor. Az olyan funkci\u00f3k, mint a nyom\u00e1scs\u00f6kkent\u0151 szelepek \u00e9s a biztons\u00e1gi z\u00e1rak, seg\u00edtenek megel\u0151zni a baleseteket \u00e9s a berendez\u00e9sek meghib\u00e1sod\u00e1sait \u00fczem k\u00f6zben. Ezek a biztons\u00e1gi int\u00e9zked\u00e9sek elengedhetetlenek mind a kezel\u0151, mind a g\u00e9p v\u00e9delme \u00e9rdek\u00e9ben.<\/p>\n<h3>Karbantart\u00e1si hozz\u00e1f\u00e9rhet\u0151s\u00e9g<\/h3>\n<p>A k\u00f6nny\u0171 karbantart\u00e1st szem el\u0151tt tart\u00f3 tervez\u00e9s kulcsfontoss\u00e1g\u00fa. A hengernek egyszer\u0171 ellen\u0151rz\u00e9st \u00e9s szervizel\u00e9st kell lehet\u0151v\u00e9 tennie az optim\u00e1lis teljes\u00edtm\u00e9ny biztos\u00edt\u00e1sa \u00e9rdek\u00e9ben az \u00e9lettartama alatt. Ez mag\u00e1ban foglalja a hozz\u00e1f\u00e9rhet\u0151 ken\u00e9si pontokat \u00e9s a cser\u00e9lhet\u0151 t\u00f6m\u00edt\u00e9seket.<\/p>\n<p><img decoding=\"async\" src=\"https:\/\/www.hydraulic-cylinders.net\/wp-content\/uploads\/2025\/04\/songte-oil-pipes-and-spare-parts.webp\" alt=\"Hidraulikus alkatr\u00e9szek\"><\/p>\n<h2>T\u00f6m\u00edt\u00e9s \u00e9s ken\u00e9s<\/h2>\n<p>A hat\u00e9kony t\u00f6m\u00edt\u00e9s \u00e9s ken\u00e9s elengedhetetlen a hidraulikus hengerek hossz\u00fa \u00e9lettartam\u00e1hoz \u00e9s teljes\u00edtm\u00e9ny\u00e9hez. K\u00fcl\u00f6nb\u00f6z\u0151 t\u00f6m\u00edt\u00e9st\u00edpusokat, p\u00e9ld\u00e1ul dugatty\u00fat\u00f6m\u00edt\u00e9seket \u00e9s r\u00fadt\u00f6m\u00edt\u00e9seket alkalmaznak a folyad\u00e9ksziv\u00e1rg\u00e1s megakad\u00e1lyoz\u00e1s\u00e1ra \u00e9s a nyom\u00e1s fenntart\u00e1s\u00e1ra. A kop\u00e1s\u00e1ll\u00f3s\u00e1g fokoz\u00e1sa \u00e9rdek\u00e9ben \u00e1ltal\u00e1ban kiv\u00e1l\u00f3 min\u0151s\u00e9g\u0171 anyagokat, p\u00e9ld\u00e1ul poliuret\u00e1nt \u00e9s nitrilgumit haszn\u00e1lnak. Ezenk\u00edv\u00fcl a henger teste \u00e9s menetes v\u00e9gei prec\u00edz megmunk\u00e1l\u00e1son esnek \u00e1t a tart\u00f3ss\u00e1g jav\u00edt\u00e1sa \u00e9rdek\u00e9ben.<\/p>\n<p>A hidraulikaolajjal t\u00f6rt\u00e9n\u0151 rendszeres ken\u00e9s szint\u00e9n elengedhetetlen a s\u00farl\u00f3d\u00e1s \u00e9s a kop\u00e1s minimaliz\u00e1l\u00e1sa, a z\u00f6kken\u0151mentes m\u0171k\u00f6d\u00e9s \u00e9s a hosszabb \u00e9lettartam biztos\u00edt\u00e1sa \u00e9rdek\u00e9ben. A megfelel\u0151 karbantart\u00e1si rutinoknak magukban kell foglalniuk a ken\u00e9si szintek ellen\u0151rz\u00e9s\u00e9t \u00e9s ut\u00e1nt\u00f6lt\u00e9s\u00e9t az optim\u00e1lis m\u0171k\u00f6d\u00e9s fenntart\u00e1sa \u00e9rdek\u00e9ben.<\/p>\n<h2>Megel\u0151z\u0151 karbantart\u00e1si int\u00e9zked\u00e9sek<\/h2>\n<ul>\n<li><strong>Rendszeres ellen\u0151rz\u00e9sek:<\/strong> V\u00e9gezzen rendszeres ellen\u0151rz\u00e9seket a hidraulikus henger \u00e9s a kapcsol\u00f3d\u00f3 alkatr\u00e9szek kop\u00e1s\u00e1nak vagy s\u00e9r\u00fcl\u00e9s\u00e9nek jeleinek azonos\u00edt\u00e1sa \u00e9rdek\u00e9ben.<\/li>\n<li><strong>Megfelel\u0151 ken\u00e9s:<\/strong> Gy\u0151z\u0151dj\u00f6n meg arr\u00f3l, hogy a hidraulikaolaj szintje \u00e9s \u00e1llapota megfelel\u0151, \u00e9s sz\u00fcks\u00e9g szerint kenje be a hidraulikaolajat a kop\u00e1s megel\u0151z\u00e9se \u00e9rdek\u00e9ben.<\/li>\n<li><strong>T\u00f6m\u00edt\u00e9scsere:<\/strong> Rendszeresen ellen\u0151rizze a t\u00f6m\u00edt\u00e9seket a kop\u00e1s jelei szempontj\u00e1b\u00f3l, \u00e9s a sziv\u00e1rg\u00e1sok megel\u0151z\u00e9se \u00e9rdek\u00e9ben azonnal cser\u00e9lje ki \u0151ket.<\/li>\n<\/ul>\n<h2>Telep\u00edt\u00e9si \u00fatmutat\u00f3<\/h2>\n<p>A g\u00e9mhenger megfelel\u0151 beszerel\u00e9se kritikus fontoss\u00e1g\u00fa a teljes\u00edtm\u00e9nye szempontj\u00e1b\u00f3l. Kezdje azzal, hogy a hengert a g\u00e9pen l\u00e9v\u0151 megfelel\u0151 r\u00f6gz\u00edt\u00e9si pontokhoz igaz\u00edtja. Fontos, hogy megfelel\u0151 r\u00f6gz\u00edt\u0151konzolokat haszn\u00e1ljon a henger r\u00f6gz\u00edt\u00e9s\u00e9hez, \u00fcgyelve arra, hogy a henger megfelel\u0151en legyen be\u00e1ll\u00edtva, hogy elker\u00fclje az alkatr\u00e9szek terhel\u00e9s\u00e9t.<\/p>\n<p>A be\u00e1ll\u00edt\u00e1s ut\u00e1n r\u00f6gz\u00edtse a hengert a megadott csavarokkal, a gy\u00e1rt\u00f3 nyomat\u00e9k-specifik\u00e1ci\u00f3inak betart\u00e1s\u00e1val. A beszerel\u00e9s ut\u00e1n ellen\u0151rizze a megfelel\u0151 mozg\u00e1st, \u00e9s v\u00e9gezze el a sz\u00fcks\u00e9ges be\u00e1ll\u00edt\u00e1sokat az optim\u00e1lis m\u0171k\u00f6d\u00e9s biztos\u00edt\u00e1sa \u00e9rdek\u00e9ben. A beszerel\u00e9s rendszeres ellen\u0151rz\u00e9se haszn\u00e1lat ut\u00e1n seg\u00edt meg\u0151rizni a henger integrit\u00e1s\u00e1t \u00e9s teljes\u00edtm\u00e9ny\u00e9t az id\u0151 m\u00fal\u00e1s\u00e1val.<\/p>\n<h2>Gyakori karbantart\u00e1si feladatok<\/h2>\n<h3>Rendszeres ellen\u0151rz\u00e9sek<\/h3>\n<p>A rutinszer\u0171 ellen\u0151rz\u00e9sek elengedhetetlenek a g\u00e9mhenger m\u0171k\u00f6d\u0151k\u00e9pess\u00e9g\u00e9nek fenntart\u00e1s\u00e1hoz. Ellen\u0151rizze a sziv\u00e1rg\u00e1sokat, a kop\u00e1st \u00e9s a s\u00e9r\u00fcl\u00e9sek jeleit. A probl\u00e9m\u00e1k korai felismer\u00e9se megel\u0151zheti a s\u00falyosabb probl\u00e9m\u00e1kat, ez\u00e9rt a rendszeres ellen\u0151rz\u00e9s l\u00e9tfontoss\u00e1g\u00fa feladat.<\/p>\n<h3>Megfelel\u0151 ken\u00e9s<\/h3>\n<p>A megfelel\u0151 ken\u0151anyag megfelel\u0151 id\u0151k\u00f6z\u00f6nk\u00e9nti alkalmaz\u00e1sa kritikus fontoss\u00e1g\u00fa a kop\u00e1s megel\u0151z\u00e9se \u00e9s a z\u00f6kken\u0151mentes m\u0171k\u00f6d\u00e9s biztos\u00edt\u00e1sa \u00e9rdek\u00e9ben. A ken\u00e9st a henger \u00fczemi k\u00f6r\u00fclm\u00e9nyeihez kell igaz\u00edtani, figyelembe v\u00e9ve olyan t\u00e9nyez\u0151ket, mint a h\u0151m\u00e9rs\u00e9klet \u00e9s a terhel\u00e9s.<\/p>\n<h3>T\u00f6m\u00edt\u00e9scsere \u00e9s kalibr\u00e1l\u00e1s<\/h3>\n<p>A t\u00f6m\u00edt\u00e9seket a rendszeres karbantart\u00e1si \u00fctemterv r\u00e9szek\u00e9nt kell cser\u00e9lni a sziv\u00e1rg\u00e1sok megel\u0151z\u00e9se \u00e9rdek\u00e9ben. Ezenk\u00edv\u00fcl a henger \u00fajrakalibr\u00e1l\u00e1sa biztos\u00edtja, hogy a megadott param\u00e9tereken bel\u00fcl m\u0171k\u00f6dj\u00f6n, fenntartva a hat\u00e9konys\u00e1got \u00e9s a biztons\u00e1got \u00fczem k\u00f6zben.<\/p>\n<p><img decoding=\"async\" src=\"https:\/\/www.hydraulic-cylinders.net\/wp-content\/uploads\/2025\/04\/songte-chushion-collar.webp\" alt=\"Hidraulikus hengerp\u00e1rna gall\u00e9r\"><\/p>\n<h2>Biztons\u00e1gi szempontok \u00e9s k\u00f6rnyezeti t\u00e9nyez\u0151k<\/h2>\n<p>Hidraulikus hengerek haszn\u00e1latakor kulcsfontoss\u00e1g\u00fa a biztons\u00e1gi int\u00e9zked\u00e9sek priorit\u00e1sk\u00e9nt val\u00f3 kezel\u00e9se. A kezel\u0151ket ki kell k\u00e9pezni a hidraulikus rendszerekkel kapcsolatos kock\u00e1zatok meg\u00e9rt\u00e9s\u00e9re, bele\u00e9rtve a nagynyom\u00e1s\u00fa folyad\u00e9k kiszabadul\u00e1s\u00e1nak lehet\u0151s\u00e9g\u00e9t is. V\u00e9d\u0151felszerel\u00e9st kell viselni, \u00e9s a balesetek minimaliz\u00e1l\u00e1sa \u00e9rdek\u00e9ben megfelel\u0151 elj\u00e1r\u00e1sokat kell k\u00f6vetni.<\/p>\n<p>A k\u00f6rnyezetv\u00e9delmi szempontok is jelent\u0151sek. A k\u00f6rnyezetbar\u00e1t hidraulikafolyad\u00e9kok haszn\u00e1lata \u00e9s a r\u00e9gi folyad\u00e9kok megfelel\u0151 \u00e1rtalmatlan\u00edt\u00e1si m\u00f3dszerei cs\u00f6kkenthetik a hidraulikus g\u00e9pek \u00f6kol\u00f3giai hat\u00e1s\u00e1t.<\/p>\n<h2>Hibadiagn\u00f3zis \u00e9s gyakori probl\u00e9m\u00e1k<\/h2>\n<ul>\n<li><strong>Sziv\u00e1rg\u00e1s:<\/strong> A hidraulikus hengerek egyik leggyakoribb probl\u00e9m\u00e1ja a sziv\u00e1rg\u00e1s, amelyet gyakran a t\u00f6m\u00edt\u00e9sek kop\u00e1sa vagy a hengertest s\u00e9r\u00fcl\u00e9se okoz. A rendszeres ellen\u0151rz\u00e9s seg\u00edthet a sziv\u00e1rg\u00e1sok korai azonos\u00edt\u00e1s\u00e1ban.<\/li>\n<li><strong>Teljes\u00edtm\u00e9nyveszt\u00e9s:<\/strong> A hirtelen teljes\u00edtm\u00e9nycs\u00f6kken\u00e9s bels\u0151 s\u00e9r\u00fcl\u00e9sre vagy folyad\u00e9kszennyez\u0151d\u00e9sre utalhat, ami azonnali beavatkoz\u00e1st ig\u00e9nyel a tov\u00e1bbi k\u00e1rok megel\u0151z\u00e9se \u00e9rdek\u00e9ben.<\/li>\n<li><strong>Szokatlan zajok:<\/strong> A m\u0171k\u00f6d\u00e9s k\u00f6zbeni furcsa zajok mechanikai probl\u00e9m\u00e1kra vagy nem megfelel\u0151 ken\u00e9sre utalhatnak, ez\u00e9rt azonnali kivizsg\u00e1l\u00e1st ig\u00e9nyelnek.<\/li>\n<\/ul>\n<p>A probl\u00e9m\u00e1k hat\u00e9kony diagnosztiz\u00e1l\u00e1sa \u00e9s megold\u00e1sa \u00e9rdek\u00e9ben a kezel\u0151knek meg kell ismerkedni\u00fck a lehets\u00e9ges okokkal, \u00e9s sz\u00fcks\u00e9g eset\u00e9n szakember seg\u00edts\u00e9g\u00e9t kell k\u00e9rni\u00fck. A megel\u0151z\u0151 int\u00e9zked\u00e9sek bevezet\u00e9se jelent\u0151sen cs\u00f6kkentheti ezen probl\u00e9m\u00e1k el\u0151fordul\u00e1s\u00e1nak val\u00f3sz\u00edn\u0171s\u00e9g\u00e9t.<\/p>\n<p><img decoding=\"async\" src=\"https:\/\/www.hydraulic-cylinders.net\/wp-content\/uploads\/2025\/04\/songte-bushings-with-all-kinds-of-excavator-models.webp\" alt=\"Hidraulikus perselyek kotr\u00f3g\u00e9pekhez\"><\/p>\n<h2>C\u00e9ginform\u00e1ci\u00f3<\/h2>\n<p>Vezet\u0151 gy\u00e1rt\u00f3 \u00e9s nagykeresked\u0151 vagyunk a p\u00f3talkatr\u00e9szk\u00e9nt szolg\u00e1l\u00f3 hidraulikus munkahengerek ter\u00e9n, sz\u00e9les term\u00e9kv\u00e1laszt\u00e9kot k\u00edn\u00e1lva mind a hazai, mind a nemzetk\u00f6zi piacokra. A kiv\u00e1l\u00f3s\u00e1g ir\u00e1nti elk\u00f6telezetts\u00e9g\u00fcnket finom gy\u00e1rt\u00e1si folyamataink \u00e9s ipari termel\u00e9sir\u00e1ny\u00edt\u00e1si strat\u00e9gi\u00e1ink t\u00fckr\u00f6zik.<\/p>\n<p>A legmodernebb technol\u00f3gia \u00e9s k\u00e9pzett szakemberek kihaszn\u00e1l\u00e1s\u00e1val folyamatosan fejlesztj\u00fck gy\u00e1rt\u00e1si k\u00e9pess\u00e9geinket, hogy kiel\u00e9g\u00edts\u00fck \u00fcgyfeleink v\u00e1ltozatos ig\u00e9nyeit. A nagy hat\u00e9konys\u00e1gra, a pontoss\u00e1gra \u00e9s a min\u0151s\u00e9gre val\u00f3 \u00f6sszpontos\u00edt\u00e1sunk biztos\u00edtja, hogy kiv\u00e1l\u00f3 term\u00e9keket sz\u00e1ll\u00edtsunk, amelyek ellen\u00e1llnak a k\u00fcl\u00f6nb\u00f6z\u0151 ipar\u00e1gak ig\u00e9nyeinek.<\/p>\n<p>Szakmai tan\u00fas\u00edtv\u00e1nyaink \u00e9s testreszabhat\u00f3 szolg\u00e1ltat\u00e1saink tov\u00e1bb hangs\u00falyozz\u00e1k elk\u00f6telezetts\u00e9g\u00fcnket a min\u0151s\u00e9g \u00e9s az \u00fcgyf\u00e9l-el\u00e9gedetts\u00e9g ir\u00e1nt. B\u00fcszk\u00e9k vagyunk kiterjedt gy\u00e1rt\u00f3berendez\u00e9seinkre \u00e9s robusztus \u00e9rt\u00e9kes\u00edt\u00e9s ut\u00e1ni t\u00e1mogat\u00e1sunkra, amelyek biztos\u00edtj\u00e1k \u00fcgyfeleink sz\u00e1m\u00e1ra a lehet\u0151 legjobb szolg\u00e1ltat\u00e1st.<\/p>\n<p><img decoding=\"async\" src=\"https:\/\/www.hydraulic-cylinders.net\/wp-content\/uploads\/2025\/04\/songte-company-4.webp\" alt=\"C\u00e9ginform\u00e1ci\u00f3\"><br \/>\n<img decoding=\"async\" src=\"https:\/\/www.hydraulic-cylinders.net\/wp-content\/uploads\/2025\/04\/songte-company-3.webp\" alt=\"C\u00e9ggy\u00e1rt\u00f3 l\u00e9tes\u00edtm\u00e9ny\"><\/p>\n<p>Szerz\u0151: lyl<\/p>","protected":false},"excerpt":{"rendered":"<p>Boom Cylinder For World Small Excavator W265E-8 Definition and Overview of Bucket Cylinder The Boom Cylinder for the World Small Excavator W265E-8 is a crucial component in hydraulic systems, particularly in the operation of heavy machinery like excavators, backhoe loaders, and front loaders. This hydraulic cylinder is specifically designed to control the motion of the [&hellip;]<\/p>","protected":false},"featured_media":17874,"comment_status":"open","ping_status":"closed","template":"","meta":{"_et_pb_use_builder":"","_et_pb_old_content":"","_et_gb_content_width":""},"product_brand":[],"product_cat":[1546],"product_tag":[1547,1496],"class_list":{"0":"post-19460","1":"product","2":"type-product","3":"status-publish","4":"has-post-thumbnail","6":"product_cat-boom-cylinders","7":"product_tag-boom-cylinders","8":"product_tag-hydraulic-cylinders","10":"first","11":"instock","12":"shipping-taxable","13":"product-type-simple"},"amp_enabled":true,"_links":{"self":[{"href":"https:\/\/www.hydraulic-cylinders.net\/hu\/wp-json\/wp\/v2\/product\/19460","targetHints":{"allow":["GET"]}}],"collection":[{"href":"https:\/\/www.hydraulic-cylinders.net\/hu\/wp-json\/wp\/v2\/product"}],"about":[{"href":"https:\/\/www.hydraulic-cylinders.net\/hu\/wp-json\/wp\/v2\/types\/product"}],"replies":[{"embeddable":true,"href":"https:\/\/www.hydraulic-cylinders.net\/hu\/wp-json\/wp\/v2\/comments?post=19460"}],"wp:featuredmedia":[{"embeddable":true,"href":"https:\/\/www.hydraulic-cylinders.net\/hu\/wp-json\/wp\/v2\/media\/17874"}],"wp:attachment":[{"href":"https:\/\/www.hydraulic-cylinders.net\/hu\/wp-json\/wp\/v2\/media?parent=19460"}],"wp:term":[{"taxonomy":"product_brand","embeddable":true,"href":"https:\/\/www.hydraulic-cylinders.net\/hu\/wp-json\/wp\/v2\/product_brand?post=19460"},{"taxonomy":"product_cat","embeddable":true,"href":"https:\/\/www.hydraulic-cylinders.net\/hu\/wp-json\/wp\/v2\/product_cat?post=19460"},{"taxonomy":"product_tag","embeddable":true,"href":"https:\/\/www.hydraulic-cylinders.net\/hu\/wp-json\/wp\/v2\/product_tag?post=19460"}],"curies":[{"name":"munkaf\u00fczet","href":"https:\/\/api.w.org\/{rel}","templated":true}]}}