{"id":19461,"date":"2025-04-07T06:48:50","date_gmt":"2025-04-07T06:48:50","guid":{"rendered":"https:\/\/www.hydraulic-cylinders.net\/product\/boom-cylinder-for-world-small-excavator-w285b-8\/"},"modified":"2025-04-07T06:48:53","modified_gmt":"2025-04-07T06:48:53","slug":"boom-cylinder-for-world-small-excavator-w285b-8","status":"publish","type":"product","link":"https:\/\/www.hydraulic-cylinders.net\/hu\/termek\/boom-cylinder-for-world-small-excavator-w285b-8\/","title":{"rendered":"G\u00e9mhenger a W285B-8 vil\u00e1gm\u00e9ret\u0171 kis kotr\u00f3g\u00e9phez"},"content":{"rendered":"<h1>G\u00e9mhenger a W285B-8 vil\u00e1gm\u00e9ret\u0171 kis kotr\u00f3g\u00e9phez<\/h1>\n<h2>Bevezet\u00e9s a g\u00e9mhengerekbe<\/h2>\n<p>A g\u00e9mhenger egy speci\u00e1lis hidraulikus henger, amelyet k\u00fcl\u00f6nf\u00e9le neh\u00e9zg\u00e9pek, p\u00e9ld\u00e1ul kotr\u00f3g\u00e9pek, kotr\u00f3rakod\u00f3k \u00e9s homlokrakod\u00f3k kanalainak mozg\u00e1s\u00e1nak vez\u00e9rl\u00e9s\u00e9re terveztek. Ez az alapvet\u0151 alkatr\u00e9sz lehet\u0151v\u00e9 teszi a kan\u00e1l emel\u00e9s\u00e9t, s\u00fcllyeszt\u00e9s\u00e9t \u00e9s billent\u00e9s\u00e9t, megk\u00f6nny\u00edtve az anyagmozgat\u00e1si feladatokat. A g\u00e9mhenger egy hidraulikus rendszeren bel\u00fcl m\u0171k\u00f6dik, \u00e9s nyom\u00e1s alatt \u00e1ll\u00f3 hidraulikafolyad\u00e9kot haszn\u00e1l a mozg\u00e1sokhoz sz\u00fcks\u00e9ges er\u0151 el\u0151\u00e1ll\u00edt\u00e1s\u00e1hoz. Kulcsfontoss\u00e1g\u00fa az \u00e9p\u00edt\u00e9si \u00e9s f\u00f6ldmozgat\u00e1si m\u0171veletek hat\u00e9konys\u00e1g\u00e1nak \u00e9s eredm\u00e9nyess\u00e9g\u00e9nek biztos\u00edt\u00e1s\u00e1hoz.<\/p>\n<p><img decoding=\"async\" src=\"https:\/\/www.hydraulic-cylinders.net\/wp-content\/uploads\/2025\/04\/songte-company-1.webp\" alt=\"G\u00e9mhenger\"><\/p>\n<h3>A g\u00e9mhengerek f\u0151bb funkci\u00f3i<\/h3>\n<ul>\n<li>Kan\u00e1lmozg\u00e1sok vez\u00e9rl\u00e9se: A g\u00e9mhenger prec\u00edz vez\u00e9rl\u00e9st biztos\u00edt a kan\u00e1l emel\u00e9s\u00e9hez \u00e9s s\u00fcllyeszt\u00e9s\u00e9hez.<\/li>\n<li>Fokozott teljes\u00edtm\u00e9ny: A z\u00f6kken\u0151mentes m\u0171k\u00f6d\u00e9s gyorsabb \u00e9s hat\u00e9konyabb anyagmozgat\u00e1st tesz lehet\u0151v\u00e9.<\/li>\n<li>Sokoldal\u00fas\u00e1g: K\u00fcl\u00f6nb\u00f6z\u0151 alkalmaz\u00e1sokhoz alkalmas k\u00fcl\u00f6nf\u00e9le \u00e9p\u00edt\u0151ipari g\u00e9pekben.<\/li>\n<\/ul>\n<h2>A g\u00e9mhenger jellemz\u0151i<\/h2>\n<ul>\n<li><strong>Nagy szil\u00e1rds\u00e1g \u00e9s tart\u00f3ss\u00e1g:<\/strong> Nagy szil\u00e1rds\u00e1g\u00fa ac\u00e9lb\u00f3l vagy alum\u00edniumb\u00f3l k\u00e9sz\u00fclt, ez a henger nagy nyom\u00e1st \u00e9s nagy terhel\u00e9st b\u00edr ki, \u00edgy hossz\u00fa \u00e9lettartamot biztos\u00edt m\u00e9g zord munkak\u00f6rnyezetben is.<\/li>\n<li><strong>Hat\u00e9kony hidraulikus m\u0171k\u00f6dtet\u00e9s:<\/strong> A hidraulikaolaj nyom\u00e1s\u00e1t haszn\u00e1lja a sima kiny\u00fajt\u00e1shoz \u00e9s visszah\u00faz\u00e1shoz, \u00edgy gyorsan reag\u00e1l a m\u0171k\u00f6d\u00e9si parancsokra.<\/li>\n<li><strong>K\u00fcl\u00f6nb\u00f6z\u0151 t\u00edpusok el\u00e9rhet\u0151k:<\/strong> Az opci\u00f3k k\u00f6z\u00f6tt egyszeres \u00e9s kett\u0151s m\u0171k\u00f6d\u00e9s\u0171 hengerek is szerepelnek, amelyek a k\u00fcl\u00f6nf\u00e9le m\u0171k\u00f6d\u00e9si ig\u00e9nyeket el\u00e9g\u00edtik ki.<\/li>\n<li><strong>Kompakt kialak\u00edt\u00e1s:<\/strong> Egyes modellek teleszk\u00f3pos kialak\u00edt\u00e1ssal rendelkeznek, amely nagyobb kih\u00faz\u00e1st tesz lehet\u0151v\u00e9 a k\u00fcls\u0151 m\u00e9retek n\u00f6vel\u00e9se n\u00e9lk\u00fcl \u2013 ide\u00e1lis korl\u00e1tozott helyig\u00e9ny\u0171 alkalmaz\u00e1sokhoz.<\/li>\n<li><strong>Halad\u00f3 m\u00e9rn\u00f6ki tudom\u00e1nyok:<\/strong> Kop\u00e1s\u00e1ll\u00f3s\u00e1got \u00e9s korr\u00f3zi\u00f3\u00e1ll\u00f3s\u00e1got szem el\u0151tt tartva tervezt\u00e9k, meghosszabb\u00edtva a term\u00e9k \u00e9lettartam\u00e1t.<\/li>\n<\/ul>\n<p><img decoding=\"async\" src=\"https:\/\/www.hydraulic-cylinders.net\/wp-content\/uploads\/2025\/04\/songte-cylinder-head-with-all-kinds-excavator-models.webp\" alt=\"Kotr\u00f3g\u00e9p modellek\"><\/p>\n<h2>A g\u00e9mhengerek alkalmaz\u00e1sai<\/h2>\n<h3>\u00c9p\u00edt\u0151ipari berendez\u00e9sek<\/h3>\n<p>A kotr\u00f3g\u00e9pekben a g\u00e9mhengerek elengedhetetlenek a talaj vagy t\u00f6rmel\u00e9k \u00e1s\u00e1s\u00e1hoz, rakod\u00e1s\u00e1hoz \u00e9s sz\u00e1ll\u00edt\u00e1s\u00e1hoz. Lehet\u0151v\u00e9 teszik, hogy a kan\u00e1l hat\u00e9konyan hatoljon be a talajba, \u00edgy a kezel\u0151k hat\u00e9konyan v\u00e9gezhetik a f\u00f6ldmunk\u00e1kat. A g\u00e9mhenger \u00e1ltal biztos\u00edtott pontoss\u00e1g \u00e9s teljes\u00edtm\u00e9ny n\u00f6veli a g\u00e9p teljes\u00edtm\u00e9ny\u00e9t, \u00edgy n\u00e9lk\u00fcl\u00f6zhetetlen az \u00e9p\u00edtkez\u00e9seken.<\/p>\n<h3>Mez\u0151gazdas\u00e1gi g\u00e9pek<\/h3>\n<p>A homlokrakod\u00f3kban haszn\u00e1lt g\u00e9mhengerek megk\u00f6nny\u00edtik a talaj, sz\u00e9na \u00e9s egy\u00e9b anyagok \u00e1s\u00e1s\u00e1t, emel\u00e9s\u00e9t \u00e9s sz\u00e1ll\u00edt\u00e1s\u00e1t. Megb\u00edzhat\u00f3 m\u0171k\u00f6d\u00e9s\u00fck kritikus fontoss\u00e1g\u00fa a mez\u0151gazdas\u00e1gi feladatokban, biztos\u00edtva, hogy a gazd\u00e1lkod\u00f3k k\u00f6nnyed\u00e9n \u00e9s hat\u00e9konyan mozgathass\u00e1k az anyagokat. A g\u00e9mhengerek alkalmazkod\u00f3k\u00e9pess\u00e9ge a k\u00fcl\u00f6nf\u00e9le mez\u0151gazdas\u00e1gi alkalmaz\u00e1sokhoz kiemeli fontoss\u00e1gukat a mez\u0151gazdas\u00e1gi \u00e1gazatban.<\/p>\n<h3>Kotr\u00f3g\u00e9pek<\/h3>\n<p>A kotr\u00f3g\u00e9pekben a g\u00e9mhenger lehet\u0151v\u00e9 teszi az \u00e1s\u00e1si m\u0171veletet az\u00e1ltal, hogy lehet\u0151v\u00e9 teszi a kan\u00e1l sz\u00e1m\u00e1ra a talajr\u00e9tegek \u00e1tt\u00f6r\u00e9s\u00e9t. Ez a k\u00e9pess\u00e9g l\u00e9tfontoss\u00e1g\u00fa a k\u00fcl\u00f6nf\u00e9le f\u00f6ldmunk\u00e1kn\u00e1l, a tereprendez\u00e9st\u0151l a nagym\u00e9ret\u0171 \u00e9p\u00edtkez\u00e9sekig. A g\u00e9mhenger neh\u00e9z terhek kezel\u00e9s\u00e9nek k\u00e9pess\u00e9ge n\u00e9lk\u00fcl\u00f6zhetetlen alkatr\u00e9sz\u00e9v\u00e9 teszi minden kotr\u00f3g\u00e9pben.<\/p>\n<h3>Rakod\u00f3k<\/h3>\n<p>A homlokrakod\u00f3kban a g\u00e9mhengerek hat\u00e9konyan seg\u00edtik a terhek emel\u00e9s\u00e9t \u00e9s \u00fcr\u00edt\u00e9s\u00e9t. Kialak\u00edt\u00e1suk lehet\u0151v\u00e9 teszi az anyagok hat\u00e9kony kezel\u00e9s\u00e9t, ami hozz\u00e1j\u00e1rul a z\u00f6kken\u0151mentesebb munkav\u00e9gz\u00e9shez a munkater\u00fcleteken. A rakod\u00f3g\u00e9pek g\u00e9mhengereinek robusztuss\u00e1ga biztos\u00edtja, hogy a neh\u00e9z feladatokat a teljes\u00edtm\u00e9ny fel\u00e1ldoz\u00e1sa n\u00e9lk\u00fcl tudj\u00e1k elv\u00e9gezni.<\/p>\n<h2>Tervez\u00e9si szempontok \u00e9s kiv\u00e1laszt\u00e1si krit\u00e9riumok<\/h2>\n<h3>Teherb\u00edr\u00e1s<\/h3>\n<p>A g\u00e9mhenger kiv\u00e1laszt\u00e1sakor az egyik els\u0151dleges szempont a teherb\u00edr\u00e1sa. A hengernek k\u00e9pesnek kell lennie a maxim\u00e1lis s\u00faly elvisel\u00e9s\u00e9re a meghib\u00e1sod\u00e1s kock\u00e1zata n\u00e9lk\u00fcl. Ez mag\u00e1ban foglalja a kan\u00e1l s\u00faly\u00e1nak, a maxim\u00e1lis terhel\u00e9snek, amelyet elb\u00edr, \u00e9s a hengerre m\u0171k\u00f6d\u00e9s k\u00f6zben hat\u00f3 tov\u00e1bbi er\u0151k felm\u00e9r\u00e9s\u00e9t. Egy j\u00f3l megtervezett henger teherb\u00edr\u00e1s\u00e1ba be\u00e9p\u00edtett biztons\u00e1gi t\u00e9nyez\u0151 biztos\u00edtja a megb\u00edzhat\u00f3 teljes\u00edtm\u00e9nyt m\u00e9g sz\u00e9ls\u0151s\u00e9ges k\u00f6r\u00fclm\u00e9nyek k\u00f6z\u00f6tt is.<\/p>\n<h3>T\u00f6m\u00edt\u00e9si teljes\u00edtm\u00e9ny<\/h3>\n<p>A hat\u00e9kony t\u00f6m\u00edt\u00e9s elengedhetetlen a hidraulikus hengerek teljes\u00edtm\u00e9ny\u00e9nek fenntart\u00e1s\u00e1hoz. A j\u00f3l megtervezett t\u00f6m\u00edt\u00e9s megakad\u00e1lyozza a hidraulikafolyad\u00e9k sziv\u00e1rg\u00e1s\u00e1t, ami a hat\u00e9konys\u00e1g cs\u00f6kken\u00e9s\u00e9hez \u00e9s a hidraulikus rendszer potenci\u00e1lis k\u00e1rosod\u00e1s\u00e1hoz vezethet. A t\u00f6m\u00edt\u00e9sekhez haszn\u00e1lt anyagoknak kop\u00e1s\u00e1ll\u00f3aknak kell lenni\u00fck, \u00e9s k\u00e9pesnek kell lenni\u00fck ellen\u00e1llni a hidraulikus alkalmaz\u00e1sokra jellemz\u0151 nagy nyom\u00e1snak. A t\u00f6m\u00edt\u00e9sek rendszeres ellen\u0151rz\u00e9se sz\u00fcks\u00e9ges annak biztos\u00edt\u00e1s\u00e1hoz, hogy hossz\u00fa t\u00e1von is hat\u00e9konyak maradjanak, mivel a kopott vagy s\u00e9r\u00fclt t\u00f6m\u00edt\u00e9sek vesz\u00e9lyeztethetik a teljes rendszer m\u0171k\u00f6d\u00e9s\u00e9t.<\/p>\n<h3>Tart\u00f3ss\u00e1g \u00e9s hossz\u00fa \u00e9lettartam<\/h3>\n<p>A tart\u00f3ss\u00e1g jelent\u0151s t\u00e9nyez\u0151 a g\u00e9mhengerek tervez\u00e9s\u00e9n\u00e9l. Gyakran ki vannak t\u00e9ve zord k\u00f6rnyezetnek \u00e9s extr\u00e9m k\u00f6r\u00fclm\u00e9nyeknek, ez\u00e9rt kiv\u00e1l\u00f3 min\u0151s\u00e9g\u0171 anyagokb\u00f3l kell k\u00e9sz\u00fclni\u00fck, amelyek ellen\u00e1llnak a kop\u00e1snak, a korr\u00f3zi\u00f3nak \u00e9s a kif\u00e1rad\u00e1snak. Az anyagok megv\u00e1laszt\u00e1sa \u00e9s a henger el\u0151\u00e1ll\u00edt\u00e1s\u00e1hoz haszn\u00e1lt gy\u00e1rt\u00e1si folyamatok nagyban befoly\u00e1solhatj\u00e1k annak \u00e9lettartam\u00e1t. A fel\u00fcletkezel\u00e9sek vagy bevonatok alkalmaz\u00e1sa fokozhatja a korr\u00f3zi\u00f3val \u00e9s a kop\u00e1ssal szembeni ellen\u00e1ll\u00e1st, tov\u00e1bb meghosszabb\u00edtva a henger \u00e9lettartam\u00e1t.<\/p>\n<h3>Biztons\u00e1gi funkci\u00f3k<\/h3>\n<p>A hidraulikus hengerek tervez\u00e9s\u00e9n\u00e9l a biztons\u00e1g kiemelked\u0151 fontoss\u00e1g\u00fa. A biztons\u00e1gi funkci\u00f3k, p\u00e9ld\u00e1ul a nyom\u00e1scs\u00f6kkent\u0151 szelepek \u00e9s a robusztus r\u00f6gz\u00edt\u00e9si lehet\u0151s\u00e9gek be\u00e9p\u00edt\u00e9se megel\u0151zheti a katasztrof\u00e1lis meghib\u00e1sod\u00e1sokat. Rendszeres karbantart\u00e1si \u00e9s ellen\u0151rz\u00e9si rutinokat kell bevezetni annak biztos\u00edt\u00e1sa \u00e9rdek\u00e9ben, hogy minden biztons\u00e1gi funkci\u00f3 megfelel\u0151en m\u0171k\u00f6dj\u00f6n. Ezenk\u00edv\u00fcl a kezel\u0151k megfelel\u0151 k\u00e9pz\u00e9sben r\u00e9szes\u00fcljenek a g\u00e9pek helyes haszn\u00e1lat\u00e1r\u00f3l \u00e9s korl\u00e1tair\u00f3l, megel\u0151zve a baleseteket \u00e9s n\u00f6velve az \u00e1ltal\u00e1nos biztons\u00e1got a munkahelyeken.<\/p>\n<h3>Karbantart\u00e1s \u00e9s jav\u00edthat\u00f3s\u00e1g<\/h3>\n<p>A g\u00e9mhengerek karbantart\u00e1s\u00e1nak szem el\u0151tt tart\u00e1sa elengedhetetlen a hossz\u00fa t\u00e1v\u00fa m\u0171k\u00f6d\u0151k\u00e9pess\u00e9g\u00fck biztos\u00edt\u00e1s\u00e1hoz. Ez mag\u00e1ban foglalja az alkatr\u00e9szekhez val\u00f3 k\u00f6nny\u0171 hozz\u00e1f\u00e9r\u00e9st jav\u00edt\u00e1s \u00e9s csere c\u00e9lj\u00e1b\u00f3l, valamint a rendszeres karbantart\u00e1si feladatokra vonatkoz\u00f3 egy\u00e9rtelm\u0171 ir\u00e1nyelveket. A modul\u00e1ris kialak\u00edt\u00e1s be\u00e9p\u00edt\u00e9se gyorsabb jav\u00edt\u00e1sokat tesz lehet\u0151v\u00e9 \u00e9s cs\u00f6kkentheti az \u00e1ll\u00e1sid\u0151t. A kezel\u0151ket ki kell k\u00e9pezni a kop\u00e1s jeleinek felismer\u00e9s\u00e9re, \u00e9s ismerni\u00fck kell a megfelel\u0151 karbantart\u00e1si elj\u00e1r\u00e1sokat a hengerek optim\u00e1lis \u00e1llapot\u00e1nak meg\u0151rz\u00e9se \u00e9rdek\u00e9ben.<\/p>\n<p><img decoding=\"async\" src=\"https:\/\/www.hydraulic-cylinders.net\/wp-content\/uploads\/2025\/04\/songte-oil-pipes-and-spare-parts.webp\" alt=\"Olajcs\u00f6vek \u00e9s alkatr\u00e9szek\"><\/p>\n<h2>T\u00f6m\u00edt\u00e9s \u00e9s ken\u00e9s<\/h2>\n<p>A g\u00e9mhengerek teljes\u00edtm\u00e9nye nagym\u00e9rt\u00e9kben f\u00fcgg a t\u00f6m\u00edt\u0151- \u00e9s ken\u0151rendszerek hat\u00e9konys\u00e1g\u00e1t\u00f3l. K\u00fcl\u00f6nb\u00f6z\u0151 t\u00f6m\u00edt\u0151elemek, p\u00e9ld\u00e1ul dugatty\u00fat\u00f6m\u00edt\u00e9sek \u00e9s r\u00fadt\u00f6m\u00edt\u00e9sek elengedhetetlenek a hidraulikus nyom\u00e1s fenntart\u00e1s\u00e1hoz \u00e9s a folyad\u00e9ksziv\u00e1rg\u00e1s megakad\u00e1lyoz\u00e1s\u00e1hoz. A tart\u00f3s anyagokb\u00f3l, p\u00e9ld\u00e1ul poliuret\u00e1nb\u00f3l \u00e9s nitrilgumib\u00f3l k\u00e9sz\u00fclt t\u00f6m\u00edt\u00e9seket gyakran haszn\u00e1lj\u00e1k kiv\u00e1l\u00f3 kop\u00e1s\u00e1ll\u00f3s\u00e1guk miatt. A hengertest \u00e9s a menetes v\u00e9gek fel\u00fcletei prec\u00edzi\u00f3s megmunk\u00e1l\u00e1son esnek \u00e1t a tart\u00f3ss\u00e1g n\u00f6vel\u00e9se \u00e9s az id\u0151beli kop\u00e1s cs\u00f6kkent\u00e9se \u00e9rdek\u00e9ben.<\/p>\n<p>A rendszeres ken\u00e9s szint\u00e9n kritikus fontoss\u00e1g\u00fa a hidraulikus hengerek z\u00f6kken\u0151mentes m\u0171k\u00f6d\u00e9s\u00e9hez. Az optim\u00e1lis teljes\u00edtm\u00e9ny biztos\u00edt\u00e1sa \u00e9rdek\u00e9ben elegend\u0151 hidraulikaolajat kell fenntartani. A kezel\u0151knek be kell tartaniuk a rendszeres karbantart\u00e1si \u00fctemtervet, amely mag\u00e1ban foglalja a folyad\u00e9kszint ellen\u0151rz\u00e9s\u00e9t, a kopott t\u00f6m\u00edt\u00e9sek cser\u00e9j\u00e9t \u00e9s annak biztos\u00edt\u00e1s\u00e1t, hogy minden mechanikus alkatr\u00e9sz megfelel\u0151 ken\u00e9ssel legyen ell\u00e1tva. A megfelel\u0151 ken\u00e9s minimaliz\u00e1lja a s\u00farl\u00f3d\u00e1st, meghosszabb\u00edtja az alkatr\u00e9szek \u00e9lettartam\u00e1t \u00e9s biztos\u00edtja a hat\u00e9kony m\u0171k\u00f6d\u00e9st.<\/p>\n<h2>Rendszeres ellen\u0151rz\u00e9s \u00e9s megel\u0151z\u0151 karbantart\u00e1si int\u00e9zked\u00e9sek<\/h2>\n<ul>\n<li><strong>Vizu\u00e1lis ellen\u0151rz\u00e9sek:<\/strong> Rendszeresen ellen\u0151rizze a hengert kop\u00e1s, s\u00e9r\u00fcl\u00e9s vagy sziv\u00e1rg\u00e1s jelei szempontj\u00e1b\u00f3l. A probl\u00e9m\u00e1k korai kezel\u00e9se megel\u0151zheti a s\u00falyosabb probl\u00e9m\u00e1kat.<\/li>\n<li><strong>Ken\u00e9si \u00fctemterv:<\/strong> Alak\u00edtson ki egy rutint a mozg\u00f3 alkatr\u00e9szek ken\u00e9s\u00e9re a z\u00f6kken\u0151mentes m\u0171k\u00f6d\u00e9s biztos\u00edt\u00e1sa \u00e9s a kop\u00e1s megel\u0151z\u00e9se \u00e9rdek\u00e9ben.<\/li>\n<li><strong>T\u00f6m\u00edt\u00e9scsere:<\/strong> Figyelje a t\u00f6m\u00edt\u00e9sek \u00e1llapot\u00e1t, \u00e9s sz\u00fcks\u00e9g szerint cser\u00e9lje ki azokat a hidraulikus integrit\u00e1s meg\u0151rz\u00e9se \u00e9rdek\u00e9ben.<\/li>\n<\/ul>\n<h2>Telep\u00edt\u00e9si \u00fatmutat\u00f3<\/h2>\n<p>A g\u00e9mhenger megfelel\u0151 beszerel\u00e9se kulcsfontoss\u00e1g\u00fa a teljes\u00edtm\u00e9nye \u00e9s hossz\u00fa \u00e9lettartama szempontj\u00e1b\u00f3l. Kezdje azzal, hogy megbizonyosodik arr\u00f3l, hogy a henger megfelel\u0151en illeszkedik a kotr\u00f3g\u00e9p r\u00f6gz\u00edt\u00e9si pontjaihoz. Haszn\u00e1ljon megfelel\u0151 r\u00f6gz\u00edt\u0151konzolokat a henger r\u00f6gz\u00edt\u00e9s\u00e9hez \u00e9s a m\u0171k\u00f6d\u00e9s k\u00f6zbeni elferd\u00fcl\u00e9s megakad\u00e1lyoz\u00e1s\u00e1hoz. Legyen \u00f3vatos, ne h\u00fazza t\u00fal a csavarokat, mert ez k\u00e1rosod\u00e1shoz vezethet.<\/p>\n<p>A telep\u00edt\u00e9s sor\u00e1n ellen\u0151rizze, hogy minden hidraulikus csatlakoz\u00e1s szoros \u00e9s sziv\u00e1rg\u00e1smentes-e. T\u00f6ltse fel a hidraulikus rendszert az aj\u00e1nlott folyad\u00e9kkal, \u00e9s l\u00e9gtelen\u00edtse a rendszert a z\u00f6kken\u0151mentes m\u0171k\u00f6d\u00e9s biztos\u00edt\u00e1sa \u00e9rdek\u00e9ben. A telep\u00edt\u00e9s ut\u00e1n ellen\u0151rizze a henger m\u0171k\u00f6d\u00e9s\u00e9t egy sor ellen\u0151rz\u00f6tt mozdulat v\u00e9grehajt\u00e1s\u00e1val, hogy megbizonyosodjon arr\u00f3l, hogy minden megfelel\u0151en m\u0171k\u00f6dik. Rendszeresen ellen\u0151rizze a telep\u00edt\u00e9st, hogy megbizonyosodjon arr\u00f3l, hogy id\u0151vel nincs sz\u00fcks\u00e9g be\u00e1ll\u00edt\u00e1sokra.<\/p>\n<h2>Gyakori karbantart\u00e1si feladatok<\/h2>\n<h3>Rendszeres ellen\u0151rz\u00e9sek<\/h3>\n<p>A rendszeres ellen\u0151rz\u00e9sek elengedhetetlenek a g\u00e9mhengerek m\u0171k\u00f6d\u00e9s\u00e9nek \u00e9s biztons\u00e1g\u00e1nak fenntart\u00e1s\u00e1hoz. A kezel\u0151knek \u00fctemtervet kell kidolgozniuk a henger minden aspektus\u00e1nak ellen\u0151rz\u00e9s\u00e9re, bele\u00e9rtve a t\u00f6m\u00edt\u00e9seket, a r\u00f6gz\u00edt\u00e9si pontokat \u00e9s a hidraulikus csatlakoz\u00e1sokat. A kisebb probl\u00e9m\u00e1k gyors kezel\u00e9se megakad\u00e1lyozhatja, hogy azok jelent\u0151s probl\u00e9m\u00e1kk\u00e1 fajuljanak, amelyek k\u00f6lts\u00e9ges jav\u00edt\u00e1sokat vagy cser\u00e9ket ig\u00e9nyelhetnek.<\/p>\n<h3>Megfelel\u0151 ken\u00e9s<\/h3>\n<p>A hidraulikus hengerek megfelel\u0151 ken\u00e9se elengedhetetlen a z\u00f6kken\u0151mentes m\u0171k\u00f6d\u00e9s\u00fckh\u00f6z. A kezel\u0151knek karbantart\u00e1si \u00fctemtervet kell k\u00f6vetni\u00fck, amely mag\u00e1ban foglalja az olajszint ellen\u0151rz\u00e9s\u00e9t \u00e9s a folyad\u00e9kok sz\u00fcks\u00e9g szerinti cser\u00e9j\u00e9t. A megfelel\u0151 t\u00edpus\u00fa hidraulikaolaj haszn\u00e1lata elengedhetetlen a henger hat\u00e9konys\u00e1g\u00e1nak \u00e9s eredm\u00e9nyess\u00e9g\u00e9nek fenntart\u00e1s\u00e1hoz. A rendszeres ken\u00e9s minimaliz\u00e1lja a s\u00farl\u00f3d\u00e1st \u00e9s a kop\u00e1st, n\u00f6velve a henger teljes\u00edtm\u00e9ny\u00e9t \u00e9s \u00e9lettartam\u00e1t.<\/p>\n<h3>T\u00f6m\u00edt\u00e9scsere \u00e9s kalibr\u00e1l\u00e1s ellen\u0151rz\u00e9se<\/h3>\n<p>Id\u0151vel a t\u00f6m\u00edt\u00e9sek elhaszn\u00e1l\u00f3dhatnak, \u00e9s a hidraulikus integrit\u00e1s meg\u0151rz\u00e9se \u00e9rdek\u00e9ben cser\u00e9re szorulhatnak. A t\u00f6m\u00edt\u00e9sek ellen\u0151rz\u00e9s\u00e9nek \u00e9s cser\u00e9j\u00e9nek rutinszer\u0171 bevezet\u00e9se biztos\u00edtja az optim\u00e1lis teljes\u00edtm\u00e9nyt. A kalibr\u00e1ci\u00f3s ellen\u0151rz\u00e9sek szint\u00e9n elengedhetetlenek annak biztos\u00edt\u00e1s\u00e1hoz, hogy a henger a megadott param\u00e9tereken bel\u00fcl m\u0171k\u00f6dj\u00f6n, lehet\u0151v\u00e9 t\u00e9ve a pontos mozg\u00e1sokat \u00e9s minimaliz\u00e1lva az alkatr\u00e9szek kop\u00e1s\u00e1t.<\/p>\n<h2>Biztons\u00e1gi szempontok \u00e9s k\u00f6rnyezeti t\u00e9nyez\u0151k<\/h2>\n<p>Hidraulikus rendszerekkel v\u00e9gzett munka sor\u00e1n a biztons\u00e1gi int\u00e9zked\u00e9sek rendk\u00edv\u00fcl fontosak. A kezel\u0151ket ki kell k\u00e9pezni a g\u00e9mhengerekkel felszerelt g\u00e9pek biztons\u00e1gos kezel\u00e9s\u00e9re. Ez mag\u00e1ban foglalja a berendez\u00e9s korl\u00e1tainak meg\u00e9rt\u00e9s\u00e9t, a kop\u00e1s vagy meghib\u00e1sod\u00e1s figyelmeztet\u0151 jeleinek felismer\u00e9s\u00e9t, valamint a gy\u00e1rt\u00f3i ir\u00e1nyelvek betart\u00e1s\u00e1t. A k\u00f6rnyezeti t\u00e9nyez\u0151ket, p\u00e9ld\u00e1ul a h\u0151m\u00e9rs\u00e9kletet \u00e9s a vegyszereknek val\u00f3 kitetts\u00e9get is figyelembe kell venni, mivel ezek befoly\u00e1solhatj\u00e1k a hidraulikus alkatr\u00e9szek teljes\u00edtm\u00e9ny\u00e9t \u00e9s \u00e9lettartam\u00e1t.<\/p>\n<h2>Hibadiagn\u00f3zis \u00e9s gyakori probl\u00e9m\u00e1k<\/h2>\n<ul>\n<li><strong>Sziv\u00e1rg\u00e1s:<\/strong> A hidraulikafolyad\u00e9k sziv\u00e1rg\u00e1sa s\u00e9r\u00fclt t\u00f6m\u00edt\u00e9sek vagy nem megfelel\u0151 beszerel\u00e9s miatt fordulhat el\u0151. A rendszeres ellen\u0151rz\u00e9sek seg\u00edthetnek a probl\u00e9m\u00e1k korai azonos\u00edt\u00e1s\u00e1ban.<\/li>\n<li><strong>Cs\u00f6kkentett teljes\u00edtm\u00e9ny:<\/strong> A m\u0171k\u00f6d\u00e9si hat\u00e9konys\u00e1g cs\u00f6kken\u00e9se alacsony hidraulikafolyad\u00e9k-szintre vagy bels\u0151 s\u00e9r\u00fcl\u00e9sre utalhat. Azonnal int\u00e9zkedni kell a probl\u00e9ma kivizsg\u00e1l\u00e1sa \u00e9rdek\u00e9ben.<\/li>\n<li><strong>Szokatlan zajok:<\/strong> A m\u0171k\u00f6d\u00e9s k\u00f6zbeni szokatlan hangok a hengeren bel\u00fcli probl\u00e9m\u00e1kra utalhatnak, p\u00e9ld\u00e1ul leveg\u0151re a rendszerben vagy s\u00e9r\u00fclt bels\u0151 alkatr\u00e9szekre.<\/li>\n<\/ul>\n<p>A kezel\u0151knek meg kell ismerkedni\u00fck ezekkel a gyakori probl\u00e9m\u00e1kkal, \u00e9s tudniuk kell, hogyan kell hat\u00e9konyan elh\u00e1r\u00edtani \u0151ket. A rendelleness\u00e9gek id\u0151ben t\u00f6rt\u00e9n\u0151 felismer\u00e9se seg\u00edthet meg\u0151rizni a hidraulikus rendszer integrit\u00e1s\u00e1t \u00e9s biztos\u00edtani a biztons\u00e1gos m\u0171k\u00f6d\u00e9st.<\/p>\n<h2>Hibaelh\u00e1r\u00edt\u00e1si tippek \u00e9s megold\u00e1sok<\/h2>\n<p>A g\u00e9mhengerek probl\u00e9m\u00e1inak hat\u00e9kony diagnosztiz\u00e1l\u00e1sa \u00e9s megold\u00e1sa \u00e9rdek\u00e9ben a kezel\u0151knek szisztematikus megk\u00f6zel\u00edt\u00e9st kell k\u00f6vetni\u00fck. Azonos\u00edtaniuk kell a t\u00fcneteket, p\u00e9ld\u00e1ul a sziv\u00e1rg\u00e1st vagy a cs\u00f6kkent teljes\u00edtm\u00e9nyt, \u00e9s vissza kell vezetni\u00fck azokat a lehets\u00e9ges okokra. P\u00e9ld\u00e1ul, ha sziv\u00e1rg\u00e1st \u00e9szlelnek, ellen\u0151rizni\u00fck kell a t\u00f6m\u00edt\u00e9seket \u00e9s a csatlakoz\u00e1sokat s\u00e9r\u00fcl\u00e9sek szempontj\u00e1b\u00f3l. A rendszeres karbantart\u00e1si gyakorlatok, mint p\u00e9ld\u00e1ul a ken\u00e9s \u00e9s az ellen\u0151rz\u00e9sek, seg\u00edthetnek megel\u0151zni sz\u00e1mos gyakori probl\u00e9ma felmer\u00fcl\u00e9s\u00e9t.<\/p>\n<p>A megel\u0151z\u0151 karbantart\u00e1si \u00fctemterv fel\u00e1ll\u00edt\u00e1sa minimaliz\u00e1lhatja a probl\u00e9m\u00e1k kialakul\u00e1s\u00e1nak kock\u00e1zat\u00e1t. A kezel\u0151ket ki kell k\u00e9pezni a korai figyelmeztet\u0151 jelek felismer\u00e9s\u00e9re \u00e9s a probl\u00e9m\u00e1k s\u00falyosbod\u00e1sa el\u0151tti beavatkoz\u00e1sra, ez\u00e1ltal n\u00f6velve a hidraulikus rendszer megb\u00edzhat\u00f3s\u00e1g\u00e1t \u00e9s biztons\u00e1g\u00e1t.<\/p>\n<p><img decoding=\"async\" src=\"https:\/\/www.hydraulic-cylinders.net\/wp-content\/uploads\/2025\/04\/songte-bushings-with-all-kinds-of-excavator-models.webp\" alt=\"Perselyek kotr\u00f3g\u00e9p modellekkel\"><\/p>\n<h2>C\u00e9g\u00fcnkr\u0151l<\/h2>\n<p>A hidraulikus hengerek vezet\u0151 gy\u00e1rt\u00f3ja vagyunk, amely arra \u00f6sszpontos\u00edt, hogy kiv\u00e1l\u00f3 min\u0151s\u00e9g\u0171 cserealkatr\u00e9szeket biztos\u00edtson k\u00fcl\u00f6nf\u00e9le alkalmaz\u00e1sokhoz. \u00c1tfog\u00f3 term\u00e9kk\u00edn\u00e1latunk a hazai \u00e9s a nemzetk\u00f6zi piacok \u00e9lvonal\u00e1ba rep\u00edtett minket. A kiv\u00e1l\u00f3s\u00e1g filoz\u00f3fi\u00e1j\u00e1t k\u00f6vetj\u00fck, fejlett gy\u00e1rt\u00e1si strat\u00e9gi\u00e1kat \u00e9s szigor\u00fa min\u0151s\u00e9gellen\u0151rz\u00e9si folyamatokat alkalmazunk.<\/p>\n<p>Az innov\u00e1ci\u00f3 ir\u00e1nti elk\u00f6telezetts\u00e9g\u00fcnket k\u00e9pzett szakemberekb\u0151l \u00e1ll\u00f3 csapat, korszer\u0171 gy\u00e1rt\u00f3berendez\u00e9sek \u00e9s robusztus tesztel\u00e9si rendszer t\u00e1mogatja. Folyamatosan fejlesztj\u00fck termel\u00e9si kapacit\u00e1sainkat, hogy hat\u00e9konyan kiel\u00e9g\u00edthess\u00fck \u00fcgyfeleink sokr\u00e9t\u0171 ig\u00e9nyeit. K\u00edn\u00e1latunkat a magas hat\u00e9konys\u00e1g, a pontoss\u00e1g \u00e9s a min\u0151s\u00e9g jellemzi, biztos\u00edtva, hogy megfelelj\u00fcnk, vagy meghaladjuk az \u00fcgyfelek elv\u00e1r\u00e1sait.<\/p>\n<p>Szolg\u00e1ltat\u00e1saink k\u00f6z\u00e9 tartoznak a szem\u00e9lyre szabott megold\u00e1sok, a nemzetk\u00f6zi tan\u00fas\u00edtv\u00e1nyok \u00e9s az \u00fcgyf\u00e9lszolg\u00e1lat kiemelt fontoss\u00e1g\u00faak. \u00dcgyfeleinkkel val\u00f3 tart\u00f3s kapcsolatok ki\u00e9p\u00edt\u00e9s\u00e9t helyezz\u00fck el\u0151t\u00e9rbe megb\u00edzhat\u00f3 term\u00e9kek \u00e9s kiv\u00e9teles \u00e9rt\u00e9kes\u00edt\u00e9s ut\u00e1ni szolg\u00e1ltat\u00e1sok biztos\u00edt\u00e1s\u00e1val.<\/p>\n<p><img decoding=\"async\" src=\"https:\/\/www.hydraulic-cylinders.net\/wp-content\/uploads\/2025\/04\/songte-company-4.webp\" alt=\"C\u00e9ginform\u00e1ci\u00f3\"><br \/>\n<img decoding=\"async\" src=\"https:\/\/www.hydraulic-cylinders.net\/wp-content\/uploads\/2025\/04\/songte-company-3.webp\" alt=\"C\u00e9ges l\u00e9tes\u00edtm\u00e9nyek\"><\/p>\n<p>Szerz\u0151: lyl<\/p>","protected":false},"excerpt":{"rendered":"<p>Boom Cylinder For World Small Excavator W285B-8 Introduction to Boom Cylinders A boom cylinder is a specialized hydraulic cylinder designed to control the movement of buckets in various heavy machinery, such as excavators, backhoe loaders, and front-end loaders. This essential component enables the bucket to lift, lower, and tilt, facilitating material handling tasks. The boom [&hellip;]<\/p>","protected":false},"featured_media":17875,"comment_status":"open","ping_status":"closed","template":"","meta":{"_et_pb_use_builder":"","_et_pb_old_content":"","_et_gb_content_width":""},"product_brand":[],"product_cat":[1546],"product_tag":[1547,1496],"class_list":{"0":"post-19461","1":"product","2":"type-product","3":"status-publish","4":"has-post-thumbnail","6":"product_cat-boom-cylinders","7":"product_tag-boom-cylinders","8":"product_tag-hydraulic-cylinders","10":"first","11":"instock","12":"shipping-taxable","13":"product-type-simple"},"amp_enabled":true,"_links":{"self":[{"href":"https:\/\/www.hydraulic-cylinders.net\/hu\/wp-json\/wp\/v2\/product\/19461","targetHints":{"allow":["GET"]}}],"collection":[{"href":"https:\/\/www.hydraulic-cylinders.net\/hu\/wp-json\/wp\/v2\/product"}],"about":[{"href":"https:\/\/www.hydraulic-cylinders.net\/hu\/wp-json\/wp\/v2\/types\/product"}],"replies":[{"embeddable":true,"href":"https:\/\/www.hydraulic-cylinders.net\/hu\/wp-json\/wp\/v2\/comments?post=19461"}],"wp:featuredmedia":[{"embeddable":true,"href":"https:\/\/www.hydraulic-cylinders.net\/hu\/wp-json\/wp\/v2\/media\/17875"}],"wp:attachment":[{"href":"https:\/\/www.hydraulic-cylinders.net\/hu\/wp-json\/wp\/v2\/media?parent=19461"}],"wp:term":[{"taxonomy":"product_brand","embeddable":true,"href":"https:\/\/www.hydraulic-cylinders.net\/hu\/wp-json\/wp\/v2\/product_brand?post=19461"},{"taxonomy":"product_cat","embeddable":true,"href":"https:\/\/www.hydraulic-cylinders.net\/hu\/wp-json\/wp\/v2\/product_cat?post=19461"},{"taxonomy":"product_tag","embeddable":true,"href":"https:\/\/www.hydraulic-cylinders.net\/hu\/wp-json\/wp\/v2\/product_tag?post=19461"}],"curies":[{"name":"munkaf\u00fczet","href":"https:\/\/api.w.org\/{rel}","templated":true}]}}