{"id":19463,"date":"2025-04-07T06:48:56","date_gmt":"2025-04-07T06:48:56","guid":{"rendered":"https:\/\/www.hydraulic-cylinders.net\/product\/boom-cylinder-for-world-middle-excavator-w2215-8\/"},"modified":"2025-04-07T06:48:59","modified_gmt":"2025-04-07T06:48:59","slug":"boom-cylinder-for-world-middle-excavator-w2215-8","status":"publish","type":"product","link":"https:\/\/www.hydraulic-cylinders.net\/hu\/termek\/boom-cylinder-for-world-middle-excavator-w2215-8\/","title":{"rendered":"G\u00e9mhenger a W2215-8 vil\u00e1gm\u00e9ret\u0171 kotr\u00f3g\u00e9phez"},"content":{"rendered":"<h1>G\u00e9mhenger a W2215-8 vil\u00e1gm\u00e9ret\u0171 kotr\u00f3g\u00e9phez<\/h1>\n<h2>A g\u00e9mhenger \u00e1ttekint\u00e9se<\/h2>\n<p>A g\u00e9mhenger kulcsfontoss\u00e1g\u00fa eleme a hidraulikus rendszereknek, amelyet kifejezetten a kanalak mozg\u00e1s\u00e1nak vez\u00e9rl\u00e9s\u00e9re terveztek k\u00fcl\u00f6nf\u00e9le neh\u00e9zg\u00e9pekben, p\u00e9ld\u00e1ul kotr\u00f3g\u00e9pekben, kotr\u00f3rakod\u00f3kban \u00e9s homlokrakod\u00f3kban. Ez a hidraulikus henger lehet\u0151v\u00e9 teszi a kan\u00e1l emel\u00e9s\u00e9t, s\u00fcllyeszt\u00e9s\u00e9t \u00e9s billent\u00e9s\u00e9t, megk\u00f6nny\u00edtve a hat\u00e9kony anyagmozgat\u00e1si feladatokat. L\u00e9nyeg\u00e9ben a g\u00e9mhenger a hidraulikus nyom\u00e1st line\u00e1ris mozg\u00e1ss\u00e1 alak\u00edtja, lehet\u0151v\u00e9 t\u00e9ve a kezel\u0151k sz\u00e1m\u00e1ra, hogy \u00f6sszetett kotr\u00e1si, rakod\u00e1si \u00e9s emel\u00e9si feladatokat v\u00e9gezzenek prec\u00edzen \u00e9s k\u00f6nnyed\u00e9n.<\/p>\n<p><img decoding=\"async\" src=\"https:\/\/www.hydraulic-cylinders.net\/wp-content\/uploads\/2025\/04\/songte-company-1.webp\" alt=\"G\u00e9mhenger\" \/><\/p>\n<h2>A g\u00e9mhenger jellemz\u0151i<\/h2>\n<ul>\n<li>\n<h3>Nagy szil\u00e1rds\u00e1g \u00e9s tart\u00f3ss\u00e1g<\/h3>\n<p>A nagy szil\u00e1rds\u00e1g\u00fa ac\u00e9lb\u00f3l vagy alum\u00edniumb\u00f3l k\u00e9sz\u00fclt g\u00e9mhengerek nagy nyom\u00e1st \u00e9s neh\u00e9z terhel\u00e9st k\u00e9pesek elviselni zord munkak\u00f6rnyezetben. Kialak\u00edt\u00e1suk k\u00f6z\u00e9ppontj\u00e1ban a kop\u00e1s\u00e1ll\u00f3s\u00e1g \u00e9s a korr\u00f3zi\u00f3v\u00e9delem \u00e1ll, ami jelent\u0151sen meghosszabb\u00edtja \u00e9lettartamukat.<\/p>\n<\/li>\n<li>\n<h3>Hat\u00e9kony hidraulikus m\u0171k\u00f6dtet\u00e9s<\/h3>\n<p>A g\u00e9mhenger hidraulikaolaj-nyom\u00e1st haszn\u00e1l a sima kitol\u00e1si \u00e9s visszah\u00faz\u00e1si mozg\u00e1sok el\u00e9r\u00e9s\u00e9hez. Ez lehet\u0151v\u00e9 teszi a gyors reag\u00e1l\u00e1st a vez\u00e9rl\u0151parancsokra, er\u0151s tol\u00f3- \u00e9s h\u00faz\u00f3er\u0151t biztos\u00edtva, \u00edgy ide\u00e1lis neh\u00e9z anyagok kezel\u00e9s\u00e9hez \u00e9s bonyolult m\u0171veleti feladatokhoz.<\/p>\n<\/li>\n<li>\n<h3>K\u00fcl\u00f6nb\u00f6z\u0151 t\u00edpusok<\/h3>\n<p>A k\u00fcl\u00f6nb\u00f6z\u0151 konfigur\u00e1ci\u00f3kban kaphat\u00f3 g\u00e9mhengerek v\u00e1laszthat\u00f3k egyszeres m\u0171k\u00f6d\u00e9s\u0171 (egy ir\u00e1nyban m\u0171k\u00f6d\u0151) vagy kett\u0151s m\u0171k\u00f6d\u00e9s\u0171 (mindk\u00e9t ir\u00e1nyban m\u0171k\u00f6d\u0151) kivitelben, hogy megfeleljenek a k\u00fcl\u00f6nb\u00f6z\u0151 m\u0171k\u00f6d\u00e9si ig\u00e9nyeknek. Egyes modellek teleszk\u00f3pos kialak\u00edt\u00e1s\u00faak, amelyek nagyobb kiny\u00fal\u00e1st tesznek lehet\u0151v\u00e9 a k\u00fcls\u0151 m\u00e9retek n\u00f6vel\u00e9se n\u00e9lk\u00fcl, \u00edgy alkalmasak a helysz\u0171k\u00e9ben l\u00e9v\u0151 alkalmaz\u00e1sokhoz.<\/p>\n<\/li>\n<\/ul>\n<h2>Termel\u00e9si k\u00e9pess\u00e9gek<\/h2>\n<p>C\u00e9g\u00fcnk g\u00e9mhengerek gy\u00e1rt\u00e1s\u00e1ra specializ\u00e1l\u00f3dott, biztos\u00edtva, hogy term\u00e9keink t\u00f6k\u00e9letesen helyettes\u00edts\u00e9k a megl\u00e9v\u0151 hidraulikus hengereket sz\u00e1mos alkalmaz\u00e1sban.<\/p>\n<p><img decoding=\"async\" src=\"https:\/\/www.hydraulic-cylinders.net\/wp-content\/uploads\/2025\/04\/songte-cylinder-head-with-all-kinds-excavator-models.webp\" alt=\"Kotr\u00f3g\u00e9p modellek\" \/><\/p>\n<h2>A g\u00e9mhengerek alkalmaz\u00e1sai<\/h2>\n<ul>\n<li>\n<h3>\u00c9p\u00edt\u0151ipari berendez\u00e9sek<\/h3>\n<p>A kotr\u00f3g\u00e9pekben a g\u00e9mhengerek l\u00e9tfontoss\u00e1g\u00fa szerepet j\u00e1tszanak a talaj vagy t\u00f6rmel\u00e9k \u00e1s\u00e1s\u00e1ban, rakod\u00e1s\u00e1ban \u00e9s mozgat\u00e1s\u00e1ban. A kan\u00e1l sz\u00f6g\u00e9nek \u00e9s m\u00e9lys\u00e9g\u00e9nek szab\u00e1lyoz\u00e1s\u00e1ra val\u00f3 k\u00e9pess\u00e9g\u00fck lehet\u0151v\u00e9 teszi a hat\u00e9kony f\u00f6ldmunk\u00e1kat. A kotr\u00f3g\u00e9p-rakod\u00f3kban ezek a hengerek nemcsak az \u00e1s\u00e1sban, hanem az anyagok emel\u00e9s\u00e9ben is seg\u00edtenek, n\u00f6velve az \u00e9p\u00edtkez\u00e9sek \u00e1ltal\u00e1nos termel\u00e9kenys\u00e9g\u00e9t.<\/p>\n<\/li>\n<li>\n<h3>Mez\u0151gazdas\u00e1gi g\u00e9pek<\/h3>\n<p>A homlokrakod\u00f3kban haszn\u00e1lt g\u00e9mhengerek elengedhetetlenek a talaj, sz\u00e9na \u00e9s egy\u00e9b anyagok \u00e1s\u00e1s\u00e1hoz, emel\u00e9s\u00e9hez \u00e9s sz\u00e1ll\u00edt\u00e1s\u00e1hoz. Megb\u00edzhat\u00f3 teljes\u00edtm\u00e9ny\u00fck hozz\u00e1j\u00e1rul a hat\u00e9kony mez\u0151gazdas\u00e1gi m\u0171veletekhez, lehet\u0151v\u00e9 t\u00e9ve a mez\u0151gazdas\u00e1gi term\u00e9kek gyors kezel\u00e9s\u00e9t.<\/p>\n<\/li>\n<li>\n<h3>F\u00f6ldmunk\u00e1k<\/h3>\n<p>A g\u00e9mhengerek lehet\u0151v\u00e9 teszik a kotr\u00f3g\u00e9pek sz\u00e1m\u00e1ra, hogy hat\u00e9konyan behatoljanak a talajba, megk\u00f6nny\u00edtve az \u00e1s\u00e1si folyamatot. Ez a k\u00e9pess\u00e9g kulcsfontoss\u00e1g\u00fa a k\u00fcl\u00f6nf\u00e9le \u00e1sat\u00e1si projektekhez, bele\u00e9rtve az alapoz\u00e1st, a tereprendez\u00e9st \u00e9s a k\u00f6zm\u0171telep\u00edt\u00e9st, ahol prec\u00edz \u00e1s\u00e1sra van sz\u00fcks\u00e9g.<\/p>\n<\/li>\n<li>\n<h3>Rakod\u00f3k<\/h3>\n<p>A homlokrakod\u00f3kban a g\u00e9mhengerek hat\u00e9konyan seg\u00edtik az anyagok emel\u00e9s\u00e9t \u00e9s \u00fcr\u00edt\u00e9s\u00e9t. Kialak\u00edt\u00e1suk biztos\u00edtja, hogy a rakom\u00e1nyok biztons\u00e1gosan emelhet\u0151k \u00e9s d\u00f6nthet\u0151k, \u00edgy nagyobb sokoldal\u00fas\u00e1got biztos\u00edtva az anyagmozgat\u00e1si feladatokhoz a munkater\u00fcleteken.<\/p>\n<\/li>\n<\/ul>\n<h2>G\u00e9mhengerek tervez\u00e9si szempontjai<\/h2>\n<ul>\n<li>\n<h3>Teherb\u00edr\u00e1s<\/h3>\n<p>Az els\u0151dleges tervez\u00e9si szempont a g\u00e9mhenger teherb\u00edr\u00e1sa. Minden hengert \u00fagy kell megtervezni, hogy a biztons\u00e1g vagy a teljes\u00edtm\u00e9ny vesz\u00e9lyeztet\u00e9se n\u00e9lk\u00fcl elb\u00edrja a maxim\u00e1lisan v\u00e1rhat\u00f3 terhel\u00e9st. A megfelel\u0151 teherb\u00edr\u00e1s kisz\u00e1m\u00edt\u00e1sa mag\u00e1ban foglalja az anyagok s\u00faly\u00e1nak, az \u00fczemi k\u00f6rnyezetnek \u00e9s a g\u00e9p tervezett felhaszn\u00e1l\u00e1s\u00e1nak felm\u00e9r\u00e9s\u00e9t. A nagy kapacit\u00e1s\u00fa hengereket robusztus anyagokb\u00f3l kell gy\u00e1rtani, hogy megakad\u00e1lyozz\u00e1k a meghib\u00e1sod\u00e1st sz\u00e9ls\u0151s\u00e9ges k\u00f6r\u00fclm\u00e9nyek k\u00f6z\u00f6tt, biztos\u00edtva a megb\u00edzhat\u00f3s\u00e1got \u00e9s a biztons\u00e1got m\u0171k\u00f6d\u00e9s k\u00f6zben.<\/p>\n<\/li>\n<li>\n<h3>T\u00f6m\u00edt\u00e9si teljes\u00edtm\u00e9ny<\/h3>\n<p>A hat\u00e9kony t\u00f6m\u00edt\u00e9s kritikus fontoss\u00e1g\u00fa a hidraulikus rendszerekben a sziv\u00e1rg\u00e1sok megel\u0151z\u00e9se \u00e9s a nyom\u00e1s fenntart\u00e1sa \u00e9rdek\u00e9ben. A g\u00e9mhengereket fejlett t\u00f6m\u00edt\u00e9si technol\u00f3gi\u00e1kkal tervezik, olyan anyagokat haszn\u00e1lva, mint a poliuret\u00e1n vagy a nitrilgumi, a tart\u00f3ss\u00e1g \u00e9s a kop\u00e1s\u00e1ll\u00f3s\u00e1g n\u00f6vel\u00e9se \u00e9rdek\u00e9ben. A kialak\u00edt\u00e1snak biztos\u00edtania kell, hogy a t\u00f6m\u00edt\u00e9sek v\u00e1ltoz\u00f3 h\u0151m\u00e9rs\u00e9kletek, nyom\u00e1sok \u00e9s hidraulikus folyad\u00e9koknak val\u00f3 kitetts\u00e9g mellett is hat\u00e9konyak maradjanak. A t\u00f6m\u00edt\u00e9sek \u00e9ps\u00e9g\u00e9nek biztos\u00edt\u00e1sa \u00e9rdek\u00e9ben rendszeres karbantart\u00e1s \u00e9s ellen\u0151rz\u00e9sek sz\u00fcks\u00e9gesek, mivel b\u00e1rmilyen roml\u00e1s teljes\u00edtm\u00e9nyprobl\u00e9m\u00e1khoz \u00e9s megn\u00f6vekedett \u00fczemeltet\u00e9si k\u00f6lts\u00e9gekhez vezethet.<\/p>\n<\/li>\n<li>\n<h3>Tart\u00f3ss\u00e1g<\/h3>\n<p>A tart\u00f3ss\u00e1g kulcsfontoss\u00e1g\u00fa t\u00e9nyez\u0151 a g\u00e9mhengerek tervez\u00e9s\u00e9n\u00e9l. Ellen kell \u00e1llniuk a zord munkak\u00f6r\u00fclm\u00e9nyeknek, bele\u00e9rtve a koptat\u00f3 r\u00e9szecsk\u00e9knek, a sz\u00e9ls\u0151s\u00e9ges h\u0151m\u00e9rs\u00e9kleteknek \u00e9s a korroz\u00edv anyagoknak val\u00f3 kitetts\u00e9get. A gy\u00e1rt\u00f3k gyakran olyan jellemz\u0151ket \u00e9p\u00edtenek be, mint a kem\u00e9ny kr\u00f3moz\u00e1s \u00e9s a speci\u00e1lis bevonatok a fel\u00fclet kem\u00e9nys\u00e9g\u00e9nek \u00e9s korr\u00f3zi\u00f3\u00e1ll\u00f3s\u00e1g\u00e1nak fokoz\u00e1sa \u00e9rdek\u00e9ben. Ez a tart\u00f3ss\u00e1gra val\u00f3 odafigyel\u00e9s nemcsak a hengerek \u00e9lettartam\u00e1t hosszabb\u00edtja meg, hanem cs\u00f6kkenti a jav\u00edt\u00e1sok \u00e9s cser\u00e9k gyakoris\u00e1g\u00e1t is, ami k\u00f6lts\u00e9gmegtakar\u00edt\u00e1st eredm\u00e9nyez a kezel\u0151k sz\u00e1m\u00e1ra.<\/p>\n<\/li>\n<li>\n<h3>Biztons\u00e1gi funkci\u00f3k<\/h3>\n<p>A biztons\u00e1g kiemelked\u0151 fontoss\u00e1g\u00fa a hidraulikus alkatr\u00e9szek tervez\u00e9s\u00e9n\u00e9l. A g\u00e9mhengerek olyan funkci\u00f3kkal vannak felszerelve, mint a nyom\u00e1scs\u00f6kkent\u0151 szelepek, amelyek seg\u00edtenek megel\u0151zni a t\u00falnyom\u00e1st \u00e9s az esetleges meghib\u00e1sod\u00e1st. A tervez\u00e9si szempontok k\u00f6z\u00e9 tartozik a henger \u00e1ltal\u00e1nos szerkezeti integrit\u00e1sa is, hogy ellen\u00e1lljon a v\u00e1ratlan \u00fct\u00e9seknek vagy terhel\u00e9seknek. A rendszeres ellen\u0151rz\u00e9sek \u00e9s a biztons\u00e1gi protokollok betart\u00e1sa seg\u00edthet cs\u00f6kkenteni a hidraulikus berendez\u00e9sek meghib\u00e1sod\u00e1saival kapcsolatos kock\u00e1zatokat, biztos\u00edtva a biztons\u00e1gos m\u0171k\u00f6d\u00e9st k\u00fcl\u00f6nb\u00f6z\u0151 alkalmaz\u00e1sokban.<\/p>\n<\/li>\n<li>\n<h3>Karbantart\u00e1s egyszer\u0171s\u00e9ge<\/h3>\n<p>A g\u00e9mhengerek k\u00f6nny\u0171 karbantart\u00e1st szem el\u0151tt tartva t\u00f6rt\u00e9n\u0151 tervez\u00e9se jelent\u0151sen n\u00f6velheti a m\u0171k\u00f6d\u00e9si hat\u00e9konys\u00e1got. Az olyan jellemz\u0151k, mint a k\u00f6nnyen hozz\u00e1f\u00e9rhet\u0151 zs\u00edrz\u00f3gombok \u00e9s a modul\u00e1ris alkatr\u00e9szek, lehet\u0151v\u00e9 teszik a gyorsabb szervizel\u00e9st \u00e9s cser\u00e9t. Az \u00e1tgondolt kialak\u00edt\u00e1s megk\u00f6nny\u00edti a rendszeres karbantart\u00e1si feladatokat, cs\u00f6kkenti az \u00e1ll\u00e1sid\u0151t \u00e9s jav\u00edtja a termel\u00e9kenys\u00e9get. A gy\u00e1rt\u00f3knak egy\u00e9rtelm\u0171 ir\u00e1nyelveket \u00e9s dokument\u00e1ci\u00f3t is kell biztos\u00edtaniuk a karbantart\u00e1si elj\u00e1r\u00e1sokhoz, biztos\u00edtva, hogy a kezel\u0151k hat\u00e9konyan gondoskodhassanak berendez\u00e9seikr\u0151l.<\/p>\n<\/li>\n<\/ul>\n<p><img decoding=\"async\" src=\"https:\/\/www.hydraulic-cylinders.net\/wp-content\/uploads\/2025\/04\/songte-oil-pipes-and-spare-parts.webp\" alt=\"Olajcs\u00f6vek \u00e9s alkatr\u00e9szek\" \/><\/p>\n<h2>A g\u00e9mhengerek t\u00f6m\u00edt\u00e9se \u00e9s ken\u00e9se<\/h2>\n<p>A megfelel\u0151 t\u00f6m\u00edt\u00e9s \u00e9s ken\u00e9s elengedhetetlen a g\u00e9mhengerek optim\u00e1lis teljes\u00edtm\u00e9ny\u00e9hez. K\u00fcl\u00f6nb\u00f6z\u0151 t\u00f6m\u00edt\u0151elemek, mint p\u00e9ld\u00e1ul a dugatty\u00fat\u00f6m\u00edt\u00e9sek \u00e9s a r\u00fadt\u00f6m\u00edt\u00e9sek, kulcsfontoss\u00e1g\u00faak a sziv\u00e1rg\u00e1sok megel\u0151z\u00e9s\u00e9ben \u00e9s a nyom\u00e1s fenntart\u00e1s\u00e1ban. A t\u00f6m\u00edt\u0151anyagok, p\u00e9ld\u00e1ul a poliuret\u00e1n \u00e9s a nitrilkaucsuk kiv\u00e1laszt\u00e1sa biztos\u00edtja a tart\u00f3ss\u00e1got \u00e9s a kop\u00e1s\u00e1ll\u00f3s\u00e1got, ami elengedhetetlen a nagynyom\u00e1s\u00fa k\u00f6rnyezetben. Ezenk\u00edv\u00fcl a hengertest \u00e9s a menetes v\u00e9gek finom megmunk\u00e1l\u00e1s\u00faak a kop\u00e1s\u00e1ll\u00f3s\u00e1g fokoz\u00e1sa \u00e9rdek\u00e9ben.<\/p>\n<p>A rendszeres hidraulikaolajjal t\u00f6rt\u00e9n\u0151 ken\u00e9s sz\u00fcks\u00e9ges a z\u00f6kken\u0151mentes m\u0171k\u00f6d\u00e9s biztos\u00edt\u00e1s\u00e1hoz \u00e9s a mozg\u00f3 alkatr\u00e9szek k\u00f6z\u00f6tti s\u00farl\u00f3d\u00e1s cs\u00f6kkent\u00e9s\u00e9hez. A kezel\u0151knek figyelemmel kell k\u00eds\u00e9rni\u00fck az olajszintet, \u00e9s sz\u00fcks\u00e9g szerint ken\u0151anyagot kell hozz\u00e1adniuk az optim\u00e1lis teljes\u00edtm\u00e9ny fenntart\u00e1sa \u00e9rdek\u00e9ben. A rendszeres ken\u00e9si \u00fctemterv bevezet\u00e9se jelent\u0151sen meghosszabb\u00edthatja a hidraulikus rendszer \u00e9lettartam\u00e1t, \u00e9s megel\u0151zheti a hanyags\u00e1gb\u00f3l ered\u0151 k\u00f6lts\u00e9ges jav\u00edt\u00e1sokat.<\/p>\n<h2>Megel\u0151z\u0151 karbantart\u00e1si int\u00e9zked\u00e9sek<\/h2>\n<ul>\n<li>\n<h3>Rendszeres ellen\u0151rz\u00e9sek<\/h3>\n<p>A g\u00e9mhengerek rendszeres ellen\u0151rz\u00e9se elengedhetetlen a kop\u00e1s, sziv\u00e1rg\u00e1s vagy s\u00e9r\u00fcl\u00e9s jeleinek azonos\u00edt\u00e1s\u00e1hoz. A kezel\u0151knek ellen\u0151rizni\u00fck kell a t\u00f6m\u00edt\u00e9seket, csatlakoz\u00e1sokat \u00e9s a hengertestet az esetleges rendelleness\u00e9gek szempontj\u00e1b\u00f3l. Az ellen\u0151rz\u00e9sek sor\u00e1n felt\u00e1rt probl\u00e9m\u00e1k id\u0151ben t\u00f6rt\u00e9n\u0151 kezel\u00e9se megel\u0151zheti a s\u00falyosabb probl\u00e9m\u00e1kat, \u00e9s biztos\u00edthatja a berendez\u00e9s biztons\u00e1gos m\u0171k\u00f6d\u00e9s\u00e9t.<\/p>\n<\/li>\n<li>\n<h3>Megfelel\u0151 ken\u00e9s<\/h3>\n<p>A megfelel\u0151 ken\u00e9s fenntart\u00e1sa kulcsfontoss\u00e1g\u00fa a g\u00e9mhengerek hossz\u00fa \u00e9lettartama szempontj\u00e1b\u00f3l. A kezel\u0151knek be kell tartaniuk a gy\u00e1rt\u00f3 ken\u00e9si id\u0151k\u00f6z\u00f6nk\u00e9nti aj\u00e1nl\u00e1sait, \u00e9s gondoskodniuk kell a megfelel\u0151 t\u00edpus\u00fa hidraulikaolaj haszn\u00e1lat\u00e1r\u00f3l. Az olajszint rendszeres ellen\u0151rz\u00e9se \u00e9s felt\u00f6lt\u00e9se seg\u00edt elker\u00fclni a henger alkatr\u00e9szeinek t\u00falzott kop\u00e1s\u00e1t.<\/p>\n<\/li>\n<li>\n<h3>T\u00f6m\u00edt\u00e9s csere<\/h3>\n<p>Id\u0151vel a t\u00f6m\u00edt\u00e9sek elkophatnak \u00e9s elvesz\u00edthetik hat\u00e9konys\u00e1gukat. A sziv\u00e1rg\u00e1sok megel\u0151z\u00e9se \u00e9s a hidraulikus nyom\u00e1s fenntart\u00e1sa \u00e9rdek\u00e9ben elengedhetetlen a t\u00f6m\u00edt\u00e9sek cser\u00e9je az els\u0151 roml\u00e1si jelre. A kezel\u0151knek rakt\u00e1ron kell tartaniuk a csere t\u00f6m\u00edt\u00e9seket, \u00e9s be kell tartaniuk egy \u00fctemezett karbantart\u00e1si tervet az id\u0151ben t\u00f6rt\u00e9n\u0151 csere biztos\u00edt\u00e1sa \u00e9rdek\u00e9ben.<\/p>\n<\/li>\n<\/ul>\n<h2>G\u00e9mhengerek telep\u00edt\u00e9si \u00fatmutat\u00f3ja<\/h2>\n<p>A g\u00e9mhenger beszerel\u00e9se k\u00f6r\u00fcltekint\u0151 odafigyel\u00e9st ig\u00e9nyel a r\u00e9szletekre az optim\u00e1lis teljes\u00edtm\u00e9ny \u00e9s a hossz\u00fa \u00e9lettartam biztos\u00edt\u00e1sa \u00e9rdek\u00e9ben. \u00cdme n\u00e9h\u00e1ny alapvet\u0151 ir\u00e1nyelv:<\/p>\n<ul>\n<li>A telep\u00edt\u00e9s sor\u00e1n a szennyez\u0151d\u00e9s elker\u00fcl\u00e9se \u00e9rdek\u00e9ben gy\u0151z\u0151dj\u00f6n meg arr\u00f3l, hogy a munkater\u00fclet tiszta \u00e9s t\u00f6rmel\u00e9kmentes.<\/li>\n<li>Haszn\u00e1ljon megfelel\u0151 be\u00e1ll\u00edt\u00f3 eszk\u00f6z\u00f6ket a henger \u00e9s a r\u00f6gz\u00edt\u00e9si pontok megfelel\u0151 be\u00e1ll\u00edt\u00e1s\u00e1hoz. A hib\u00e1s be\u00e1ll\u00edt\u00e1s id\u0151 el\u0151tti kop\u00e1st \u00e9s meghib\u00e1sod\u00e1st okozhat.<\/li>\n<li>Haszn\u00e1ljon megfelel\u0151 r\u00f6gz\u00edt\u0151konzolokat a henger r\u00f6gz\u00edt\u00e9s\u00e9hez. Gy\u0151z\u0151dj\u00f6n meg arr\u00f3l, hogy minden r\u00f6gz\u00edt\u0151elem a gy\u00e1rt\u00f3 el\u0151\u00edr\u00e1sainak megfelel\u0151en van megh\u00fazva.<\/li>\n<li>A telep\u00edt\u00e9s ut\u00e1n ellen\u0151rizze a hidraulikus csatlakoz\u00e1sok sziv\u00e1rg\u00e1s\u00e1t. A berendez\u00e9s ism\u00e9telt \u00fczembe helyez\u00e9se el\u0151tt v\u00e9gezzen nyom\u00e1spr\u00f3b\u00e1t a rendszer integrit\u00e1s\u00e1nak meger\u0151s\u00edt\u00e9s\u00e9re.<\/li>\n<li>A biztons\u00e1gi el\u0151\u00edr\u00e1soknak val\u00f3 megfelel\u00e9s \u00e9rdek\u00e9ben tekintse \u00e1t a kezel\u00e9si \u00fatmutat\u00f3t az esetleges telep\u00edt\u00e9si javaslatok vagy k\u00f6vetelm\u00e9nyek tekintet\u00e9ben.<\/li>\n<\/ul>\n<h2>Gyakori karbantart\u00e1si feladatok<\/h2>\n<ul>\n<li>\n<h3>Rendszeres ellen\u0151rz\u00e9sek<\/h3>\n<p>A g\u00e9mhenger gyakori ellen\u0151rz\u00e9se sz\u00fcks\u00e9ges a potenci\u00e1lis probl\u00e9m\u00e1k korai azonos\u00edt\u00e1s\u00e1hoz. Keressen sziv\u00e1rg\u00e1sokat, korr\u00f3zi\u00f3t vagy fizikai s\u00e9r\u00fcl\u00e9seket. Dokument\u00e1lja \u00e9s azonnal kezelje a meg\u00e1llap\u00edt\u00e1sokat, hogy elker\u00fclje a k\u00e9s\u0151bbi nagyobb probl\u00e9m\u00e1kat.<\/p>\n<\/li>\n<li>\n<h3>Megfelel\u0151 ken\u00e9s<\/h3>\n<p>A ken\u00e9st rendszeresen, a gy\u00e1rt\u00f3 ir\u00e1nyelveinek megfelel\u0151en kell elv\u00e9gezni. Gy\u0151z\u0151dj\u00f6n meg arr\u00f3l, hogy a megfelel\u0151 hidraulikaolajat haszn\u00e1lja, \u00e9s hogy a ken\u00e9si pontok k\u00f6nnyen hozz\u00e1f\u00e9rhet\u0151k a karbantart\u00e1shoz. A megfelel\u0151 ken\u00e9s minimaliz\u00e1lja a mozg\u00f3 alkatr\u00e9szek kop\u00e1s\u00e1t, jav\u00edtva a henger teljes\u00edtm\u00e9ny\u00e9t.<\/p>\n<\/li>\n<li>\n<h3>T\u00f6m\u00edt\u00e9scsere \u00e9s kalibr\u00e1l\u00e1s<\/h3>\n<p>Figyelje a t\u00f6m\u00edt\u00e9sek \u00e1llapot\u00e1t, \u00e9s cser\u00e9lje ki \u0151ket, ha kop\u00e1s jelei mutatkoznak. A hidraulikus rendszer kalibr\u00e1l\u00e1sa szint\u00e9n kulcsfontoss\u00e1g\u00fa az optim\u00e1lis teljes\u00edtm\u00e9ny fenntart\u00e1s\u00e1hoz. A megfelel\u0151 m\u0171k\u00f6d\u00e9s biztos\u00edt\u00e1s\u00e1hoz sz\u00fcks\u00e9ges be\u00e1ll\u00edt\u00e1sokhoz k\u00f6vesse a gy\u00e1rt\u00f3 utas\u00edt\u00e1sait.<\/p>\n<\/li>\n<\/ul>\n<p><img decoding=\"async\" src=\"https:\/\/www.hydraulic-cylinders.net\/wp-content\/uploads\/2025\/04\/songte-chushion-collar.webp\" alt=\"P\u00e1rna gall\u00e9r\" \/><\/p>\n<h2>Biztons\u00e1gi szempontok \u00e9s k\u00f6rnyezeti t\u00e9nyez\u0151k<\/h2>\n<p>A g\u00e9mhengerekkel v\u00e9gzett munka sor\u00e1n a biztons\u00e1gi int\u00e9zked\u00e9seket priorit\u00e1sk\u00e9nt kell kezelni a kezel\u0151k \u00e9s a berendez\u00e9sek v\u00e9delme \u00e9rdek\u00e9ben. A hidraulikus rendszer kezel\u00e9s\u00e9vel kapcsolatos megfelel\u0151 k\u00e9pz\u00e9s elengedhetetlen a balesetek megel\u0151z\u00e9se \u00e9rdek\u00e9ben. A kezel\u0151knek mindig megfelel\u0151 v\u00e9d\u0151felszerel\u00e9st kell viselni\u00fck, \u00e9s be kell tartaniuk a meg\u00e1llap\u00edtott biztons\u00e1gi protokollokat a hidraulikus meghib\u00e1sod\u00e1sokkal kapcsolatos kock\u00e1zatok cs\u00f6kkent\u00e9se \u00e9rdek\u00e9ben.<\/p>\n<p>A k\u00f6rnyezeti t\u00e9nyez\u0151ket is figyelembe kell venni, p\u00e9ld\u00e1ul a hidraulikafolyad\u00e9kok hat\u00e1s\u00e1t a helyi \u00f6kosziszt\u00e9m\u00e1kra. A ki\u00f6ml\u00e9s megel\u0151z\u00e9s\u00e9re ir\u00e1nyul\u00f3 int\u00e9zked\u00e9sek v\u00e9grehajt\u00e1sa \u00e9s a k\u00f6rnyezetbar\u00e1t hidraulikaolajok haszn\u00e1lata seg\u00edthet cs\u00f6kkenteni a k\u00f6rnyezeti k\u00e1rok lehet\u0151s\u00e9g\u00e9t. A biztons\u00e1gi \u00e9s k\u00f6rnyezetv\u00e9delmi legjobb gyakorlatokkal kapcsolatos rendszeres k\u00e9pz\u00e9snek a m\u0171k\u00f6d\u00e9si elj\u00e1r\u00e1sok r\u00e9sz\u00e9t kell k\u00e9peznie.<\/p>\n<h2>Hibaelh\u00e1r\u00edt\u00e1s \u00e9s gyakori probl\u00e9m\u00e1k<\/h2>\n<ul>\n<li>\n<h3>Sziv\u00e1rg\u00e1si probl\u00e9m\u00e1k<\/h3>\n<p>A hidraulikus rendszerben l\u00e9v\u0151 sziv\u00e1rg\u00e1sok kopott t\u00f6m\u00edt\u00e9sekb\u0151l vagy s\u00e9r\u00fclt szerelv\u00e9nyekb\u0151l ad\u00f3dhatnak. Sziv\u00e1rg\u00e1s \u00e9szlel\u00e9se eset\u00e9n elengedhetetlen a forr\u00e1s azonos\u00edt\u00e1sa \u00e9s azonnali kezel\u00e9se, mivel m\u00e9g a kisebb sziv\u00e1rg\u00e1sok is jelent\u0151s teljes\u00edtm\u00e9nyprobl\u00e9m\u00e1kat okozhatnak id\u0151vel.<\/p>\n<\/li>\n<li>\n<h3>Cs\u00f6kkentett teljes\u00edtm\u00e9ny<\/h3>\n<p>Ha a g\u00e9mhenger nem m\u0171k\u00f6dik sim\u00e1n, vagy nincs el\u00e9g teljes\u00edtm\u00e9nye, az alacsony hidraulikafolyad\u00e9k-szint vagy szennyez\u0151d\u00e9s miatt lehet. Rendszeresen ellen\u0151rizze a folyad\u00e9kszintet, \u00e9s cser\u00e9lje ki a hidraulikaolajat, ha szennyezettnek vagy elhaszn\u00e1l\u00f3dottnak t\u0171nik.<\/p>\n<\/li>\n<li>\n<h3>Zaj m\u0171k\u00f6d\u00e9s k\u00f6zben<\/h3>\n<p>A m\u0171k\u00f6d\u00e9s k\u00f6zbeni szokatlan zajok bels\u0151 kop\u00e1sra vagy s\u00e9r\u00fcl\u00e9sre utalhatnak. Fontos, hogy minden rendellenes hangot azonnal kivizsg\u00e1ljunk, mivel ezek a rendszeren bel\u00fcli m\u00e9lyebb mechanikai probl\u00e9m\u00e1k jelei lehetnek.<\/p>\n<\/li>\n<\/ul>\n<p>A probl\u00e9m\u00e1k hat\u00e9kony diagnosztiz\u00e1l\u00e1sa \u00e9s megold\u00e1sa \u00e9rdek\u00e9ben az \u00fczemeltet\u0151knek rutinszer\u0171 ellen\u0151rz\u00e9seket kell v\u00e9gezni\u00fck, \u00e9s r\u00e9szletes nyilv\u00e1ntart\u00e1st kell vezetni\u00fck a felmer\u00fclt probl\u00e9m\u00e1kr\u00f3l. Megel\u0151z\u0151 int\u00e9zked\u00e9seket kell bevezetni\u00fck, p\u00e9ld\u00e1ul rendszeres karbantart\u00e1si \u00fctemterveket \u00e9s rendszerfel\u00fcgyeletet a potenci\u00e1lis probl\u00e9m\u00e1k minimaliz\u00e1l\u00e1sa \u00e9rdek\u00e9ben.<\/p>\n<p><img decoding=\"async\" src=\"https:\/\/www.hydraulic-cylinders.net\/wp-content\/uploads\/2025\/04\/songte-bushings-with-all-kinds-of-excavator-models.webp\" alt=\"Perselyek kotr\u00f3g\u00e9p modellekkel\" \/><\/p>\n<h2>C\u00e9gbemutat\u00f3<\/h2>\n<p>A hidraulikus munkahengerek vezet\u0151 gy\u00e1rt\u00f3ja vagyunk, \u00e1tfog\u00f3 term\u00e9kv\u00e1laszt\u00e9kkal, hogy kiel\u00e9g\u00edts\u00fck a hazai \u00e9s nemzetk\u00f6zi piacok v\u00e1ltozatos ig\u00e9nyeit. A kiv\u00e1l\u00f3s\u00e1g ir\u00e1nti elk\u00f6telezetts\u00e9g\u00fcnket apr\u00f3l\u00e9kos gy\u00e1rt\u00e1sir\u00e1ny\u00edt\u00e1si strat\u00e9gi\u00e1inkban t\u00fckr\u00f6zz\u00fck, amelyek k\u00e9pzett szem\u00e9lyzetre, fejlett digit\u00e1lis gy\u00e1rt\u00f3berendez\u00e9sekre \u00e9s speci\u00e1lis tesztel\u0151rendszerekre t\u00e1maszkodnak. Ez a min\u0151s\u00e9g ir\u00e1nti elk\u00f6telezetts\u00e9g lehet\u0151v\u00e9 teszi sz\u00e1munkra, hogy folyamatosan fejlessz\u00fck termel\u00e9si k\u00e9pess\u00e9geinket \u00e9s hat\u00e9konyan reag\u00e1ljunk az \u00fcgyfelek ig\u00e9nyeire.<\/p>\n<p>C\u00e9g\u00fcnk kiemelkedik az ipar\u00e1gban a professzionalizmusra, a nemzetk\u00f6zi tan\u00fas\u00edtv\u00e1nyokra \u00e9s a szem\u00e9lyre szabott szolg\u00e1ltat\u00e1sokra val\u00f3 \u00f6sszpontos\u00edt\u00e1sunkkal. Korszer\u0171 gy\u00e1rt\u00f3berendez\u00e9seket haszn\u00e1lunk, \u00e9s robusztus \u00e9rt\u00e9kes\u00edt\u00e9s ut\u00e1ni t\u00e1mogat\u00e1st ny\u00fajtunk az \u00fcgyfelek el\u00e9gedetts\u00e9g\u00e9nek biztos\u00edt\u00e1sa \u00e9rdek\u00e9ben. Ez az \u00e1tfog\u00f3 megk\u00f6zel\u00edt\u00e9s lehet\u0151v\u00e9 teszi sz\u00e1munkra, hogy olyan term\u00e9keket sz\u00e1ll\u00edtsunk, amelyek megfelelnek a legmagasabb min\u0151s\u00e9gi \u00e9s teljes\u00edtm\u00e9nyi szabv\u00e1nyoknak.<\/p>\n<p><img decoding=\"async\" src=\"https:\/\/www.hydraulic-cylinders.net\/wp-content\/uploads\/2025\/04\/songte-company-4.webp\" alt=\"C\u00e9ginform\u00e1ci\u00f3\" \/><br \/>\n<img decoding=\"async\" src=\"https:\/\/www.hydraulic-cylinders.net\/wp-content\/uploads\/2025\/04\/songte-company-3.webp\" alt=\"C\u00e9ges l\u00e9tes\u00edtm\u00e9nyek\" \/><\/p>\n<p>Szerz\u0151: lyl<\/p>","protected":false},"excerpt":{"rendered":"<p>Boom Cylinder For World Middle Excavator W2215-8 Overview of Boom Cylinder The boom cylinder is a crucial component in hydraulic systems, specifically designed to control the movement of buckets in various heavy machinery such as excavators, backhoe loaders, and front loaders. This hydraulic cylinder enables the bucket to lift, lower, and tilt, facilitating efficient material [&hellip;]<\/p>","protected":false},"featured_media":17877,"comment_status":"open","ping_status":"closed","template":"","meta":{"_et_pb_use_builder":"","_et_pb_old_content":"","_et_gb_content_width":""},"product_brand":[],"product_cat":[1546],"product_tag":[1547,1496],"class_list":{"0":"post-19463","1":"product","2":"type-product","3":"status-publish","4":"has-post-thumbnail","6":"product_cat-boom-cylinders","7":"product_tag-boom-cylinders","8":"product_tag-hydraulic-cylinders","10":"first","11":"instock","12":"shipping-taxable","13":"product-type-simple"},"amp_enabled":true,"_links":{"self":[{"href":"https:\/\/www.hydraulic-cylinders.net\/hu\/wp-json\/wp\/v2\/product\/19463","targetHints":{"allow":["GET"]}}],"collection":[{"href":"https:\/\/www.hydraulic-cylinders.net\/hu\/wp-json\/wp\/v2\/product"}],"about":[{"href":"https:\/\/www.hydraulic-cylinders.net\/hu\/wp-json\/wp\/v2\/types\/product"}],"replies":[{"embeddable":true,"href":"https:\/\/www.hydraulic-cylinders.net\/hu\/wp-json\/wp\/v2\/comments?post=19463"}],"wp:featuredmedia":[{"embeddable":true,"href":"https:\/\/www.hydraulic-cylinders.net\/hu\/wp-json\/wp\/v2\/media\/17877"}],"wp:attachment":[{"href":"https:\/\/www.hydraulic-cylinders.net\/hu\/wp-json\/wp\/v2\/media?parent=19463"}],"wp:term":[{"taxonomy":"product_brand","embeddable":true,"href":"https:\/\/www.hydraulic-cylinders.net\/hu\/wp-json\/wp\/v2\/product_brand?post=19463"},{"taxonomy":"product_cat","embeddable":true,"href":"https:\/\/www.hydraulic-cylinders.net\/hu\/wp-json\/wp\/v2\/product_cat?post=19463"},{"taxonomy":"product_tag","embeddable":true,"href":"https:\/\/www.hydraulic-cylinders.net\/hu\/wp-json\/wp\/v2\/product_tag?post=19463"}],"curies":[{"name":"munkaf\u00fczet","href":"https:\/\/api.w.org\/{rel}","templated":true}]}}