{"id":19482,"date":"2025-04-07T06:50:02","date_gmt":"2025-04-07T06:50:02","guid":{"rendered":"https:\/\/www.hydraulic-cylinders.net\/product\/boom-cylinder-for-jchi-ns17-7\/"},"modified":"2025-04-07T06:50:05","modified_gmt":"2025-04-07T06:50:05","slug":"boom-cylinder-for-jchi-ns17-7","status":"publish","type":"product","link":"https:\/\/www.hydraulic-cylinders.net\/hu\/termek\/boom-cylinder-for-jchi-ns17-7\/","title":{"rendered":"G\u00e9mhenger JCHI NS17-7-hez"},"content":{"rendered":"<h1>G\u00e9mhenger JCHI NS17-7-hez<\/h1>\n<h2>Term\u00e9k\u00e1ttekint\u00e9s<\/h2>\n<p>A JCHI NS17-7 g\u00e9mhengere egy speci\u00e1lis hidraulikus henger, amelyet k\u00fcl\u00f6nf\u00e9le neh\u00e9zg\u00e9pek, p\u00e9ld\u00e1ul kotr\u00f3g\u00e9pek, kotr\u00f3g\u00e9pek \u00e9s homlokrakod\u00f3k kanalainak mozg\u00e1s\u00e1nak vez\u00e9rl\u00e9s\u00e9re terveztek. Ez a hidraulikus henger lehet\u0151v\u00e9 teszi a kan\u00e1l emel\u00e9s\u00e9t, s\u00fcllyeszt\u00e9s\u00e9t \u00e9s billent\u00e9s\u00e9t, megk\u00f6nny\u00edtve a hat\u00e9kony anyagmozgat\u00e1si feladatokat az \u00e9p\u00edt\u0151iparban \u00e9s a mez\u0151gazdas\u00e1gi alkalmaz\u00e1sokban. A kan\u00e1lhenger kulcsfontoss\u00e1g\u00fa ezen g\u00e9pek teljes\u00edtm\u00e9nye \u00e9s m\u0171k\u00f6d\u00e9se szempontj\u00e1b\u00f3l, lehet\u0151v\u00e9 t\u00e9ve a prec\u00edz m\u0171veleteket, mint p\u00e9ld\u00e1ul az \u00e1s\u00e1s, a kotor\u00e9kol\u00e1s \u00e9s az anyagok sz\u00e1ll\u00edt\u00e1sa.<\/p>\n<p><img decoding=\"async\" src=\"https:\/\/www.hydraulic-cylinders.net\/wp-content\/uploads\/2025\/04\/songte-company-1.webp\" alt=\"G\u00e9mhenger JCHI NS17-7-hez\" \/><\/p>\n<h2>F\u0151bb jellemz\u0151k<\/h2>\n<ul>\n<li><strong>Nagy szil\u00e1rds\u00e1g \u00e9s tart\u00f3ss\u00e1g:<\/strong> \u00c1ltal\u00e1ban nagy szil\u00e1rds\u00e1g\u00fa ac\u00e9lb\u00f3l vagy alum\u00edniumb\u00f3l k\u00e9sz\u00fcl, k\u00e9pes ellen\u00e1llni a nagy nyom\u00e1snak \u00e9s a nagy terhel\u00e9seknek, kop\u00e1s- \u00e9s korr\u00f3zi\u00f3\u00e1ll\u00f3s\u00e1gra van tervezve, ez\u00e1ltal meghosszabb\u00edtva a henger \u00e9lettartam\u00e1t.<\/li>\n<li><strong>Hat\u00e9kony hidraulikus m\u0171k\u00f6dtet\u00e9s:<\/strong> A hidraulikaolaj nyom\u00e1s\u00e1t haszn\u00e1lja a sima kiny\u00fajt\u00e1shoz \u00e9s visszah\u00faz\u00e1shoz, gyorsan reag\u00e1l a kezel\u0151i parancsokra, jelent\u0151s tol\u00f3- \u00e9s h\u00faz\u00f3er\u0151t biztos\u00edtva, \u00edgy ide\u00e1lis neh\u00e9z terhek \u00e9s \u00f6sszetett feladatok kezel\u00e9s\u00e9hez.<\/li>\n<li><strong>K\u00fcl\u00f6nb\u00f6z\u0151 t\u00edpusok:<\/strong> Kaphat\u00f3 egyszeres m\u0171k\u00f6d\u00e9s\u0171 (hidraulikusan egy ir\u00e1nyban) vagy kett\u0151s m\u0171k\u00f6d\u00e9s\u0171 (hidraulikusan mindk\u00e9t ir\u00e1nyban) konfigur\u00e1ci\u00f3ban, a k\u00fcl\u00f6nb\u00f6z\u0151 m\u0171k\u00f6d\u00e9si ig\u00e9nyekhez igazodva, egyes modellek teleszk\u00f3posak a k\u00fcls\u0151 m\u00e9retek n\u00f6vel\u00e9se n\u00e9lk\u00fcli nagyobb hat\u00f3t\u00e1vols\u00e1g \u00e9rdek\u00e9ben, \u00edgy alkalmasak a helysz\u0171k\u00e9ben l\u00e9v\u0151 alkalmaz\u00e1sokhoz.<\/li>\n<li><strong>Testreszabhat\u00f3 gy\u00e1rt\u00e1s:<\/strong> Ezt a term\u00e9ket egyedi ig\u00e9nyek kiel\u00e9g\u00edt\u00e9s\u00e9re tudjuk gy\u00e1rtani, t\u00f6k\u00e9letes cser\u00e9ket k\u00edn\u00e1lva a k\u00fcl\u00f6nf\u00e9le hidraulikus hengerekhez.<\/li>\n<\/ul>\n<p><img decoding=\"async\" src=\"https:\/\/www.hydraulic-cylinders.net\/wp-content\/uploads\/2025\/04\/songte-cylinder-head-with-all-kinds-excavator-models.webp\" alt=\"Testreszabhat\u00f3 gy\u00e1rt\u00e1s\" \/><\/p>\n<h2>A g\u00e9mhenger alkalmaz\u00e1sai<\/h2>\n<h3>\u00c9p\u00edt\u0151ipari berendez\u00e9sek<\/h3>\n<p>A kotr\u00f3g\u00e9pekben tal\u00e1lhat\u00f3 g\u00e9mhenger elengedhetetlen az \u00e1s\u00e1shoz, rakod\u00e1shoz \u00e9s talaj vagy t\u00f6rmel\u00e9k mozgat\u00e1s\u00e1hoz. Lehet\u0151v\u00e9 teszi, hogy a kan\u00e1l hat\u00e9konyan hatoljon a talajba, biztos\u00edtva a sz\u00fcks\u00e9ges er\u0151t a kem\u00e9ny anyagok \u00e1tt\u00f6r\u00e9s\u00e9hez. A kotr\u00f3g\u00e9pekben a kan\u00e1lhenger mind az \u00e1s\u00e1st, mind az emel\u00e9st seg\u00edti, \u00edgy sokoldal\u00faan haszn\u00e1lhat\u00f3 az \u00e9p\u00edtkez\u00e9seken.<\/p>\n<h3>Mez\u0151gazdas\u00e1gi g\u00e9pek<\/h3>\n<p>A homlokrakod\u00f3kban haszn\u00e1lt g\u00e9mhenger l\u00e9tfontoss\u00e1g\u00fa a talaj, sz\u00e9na \u00e9s egy\u00e9b anyagok \u00e1s\u00e1s\u00e1hoz, emel\u00e9s\u00e9hez \u00e9s sz\u00e1ll\u00edt\u00e1s\u00e1hoz. Kialak\u00edt\u00e1sa lehet\u0151v\u00e9 teszi a sima m\u0171k\u00f6d\u00e9st, \u00edgy ide\u00e1lis olyan mez\u0151gazdas\u00e1gi tev\u00e9kenys\u00e9gekhez, ahol gyakori az anyagmozgat\u00e1s. A gazd\u00e1k ezekre a hengerekre t\u00e1maszkodnak a hat\u00e9konys\u00e1g \u00e9s a termel\u00e9kenys\u00e9g n\u00f6vel\u00e9se \u00e9rdek\u00e9ben a betakar\u00edt\u00e1s \u00e9s a karbantart\u00e1si feladatok sor\u00e1n.<\/p>\n<h3>Kotr\u00f3g\u00e9pek<\/h3>\n<p>A kotr\u00f3g\u00e9pek g\u00e9mhengere prec\u00edz \u00e1s\u00e1si m\u0171veleteket tesz lehet\u0151v\u00e9 az\u00e1ltal, hogy lehet\u0151v\u00e9 teszi a kan\u00e1l hat\u00e9kony talajba hatol\u00e1s\u00e1t. Ez a funkci\u00f3 kulcsfontoss\u00e1g\u00fa a f\u00f6ldmunk\u00e1kn\u00e1l, biztos\u00edtva, hogy a g\u00e9p el\u00e9rje a k\u00edv\u00e1nt m\u00e9lys\u00e9get \u00e9s sz\u00e9less\u00e9get, mik\u00f6zben meg\u0151rzi a stabilit\u00e1st \u00e9s az \u00e1s\u00e1si folyamat feletti kontrollt.<\/p>\n<h3>Rakod\u00f3k<\/h3>\n<p>A homlokrakod\u00f3kn\u00e1l a g\u00e9mhenger hat\u00e9konyan emeli \u00e9s \u00fcr\u00edti a rakom\u00e1nyt. Ez a k\u00e9pess\u00e9g n\u00f6veli a g\u00e9pek termel\u00e9kenys\u00e9g\u00e9t, lehet\u0151v\u00e9 t\u00e9ve sz\u00e1mukra, hogy k\u00fcl\u00f6nf\u00e9le anyagokat kezeljenek, a kavicst\u00f3l a hullad\u00e9kig, hat\u00e9konyan cs\u00f6kkentve a k\u00e9zi munk\u00e1t \u00e9s felgyors\u00edtva a feladatokat.<\/p>\n<h2>Tervez\u00e9si szempontok \u00e9s kiv\u00e1laszt\u00e1si szabv\u00e1nyok<\/h2>\n<h3>Teherb\u00edr\u00e1s<\/h3>\n<p>G\u00e9mhenger kiv\u00e1laszt\u00e1sakor elengedhetetlen a teherb\u00edr\u00e1sa. A robusztus kialak\u00edt\u00e1s biztos\u00edtja, hogy a henger k\u00e9pes kezelni az \u00e9p\u00edt\u0151iparban \u00e9s mez\u0151gazdas\u00e1gban jellemz\u0151en el\u0151fordul\u00f3 neh\u00e9z terheket. A teherb\u00edr\u00e1st a henger gy\u00e1rt\u00e1s\u00e1hoz felhaszn\u00e1lt anyagok \u00e9s a gy\u00e1rt\u00e1s sor\u00e1n betartott m\u00e9rn\u00f6ki szabv\u00e1nyok befoly\u00e1solj\u00e1k.<\/p>\n<h3>T\u00f6m\u00edt\u0151 tulajdons\u00e1gok<\/h3>\n<p>A t\u00f6m\u00edt\u00e9s kritikus t\u00e9nyez\u0151, amely k\u00f6zvetlen\u00fcl befoly\u00e1solja a hidraulikus henger teljes\u00edtm\u00e9ny\u00e9t \u00e9s hossz\u00fa \u00e9lettartam\u00e1t. A kiv\u00e1l\u00f3 min\u0151s\u00e9g\u0171 t\u00f6m\u00edt\u00e9sek megakad\u00e1lyozz\u00e1k a hidraulikafolyad\u00e9k sziv\u00e1rg\u00e1s\u00e1t, ami nem hat\u00e9kony m\u0171k\u00f6d\u00e9shez \u00e9s potenci\u00e1lis k\u00e1rosod\u00e1shoz vezethet. A megfelel\u0151 t\u00f6m\u00edt\u0151anyagok, p\u00e9ld\u00e1ul a poliuret\u00e1n vagy a nitrilgumi kiv\u00e1laszt\u00e1sa n\u00f6veli a tart\u00f3ss\u00e1got \u00e9s a megb\u00edzhat\u00f3s\u00e1got.<\/p>\n<h3>Tart\u00f3ss\u00e1g<\/h3>\n<p>A tart\u00f3ss\u00e1g kiemelked\u0151 fontoss\u00e1g\u00fa, k\u00fcl\u00f6n\u00f6sen zord munkak\u00f6rnyezetben. A hengernek ellen\u00e1llnia kell a folyamatos m\u0171k\u00f6d\u00e9sb\u0151l ered\u0151 kop\u00e1snak \u00e9s elhaszn\u00e1l\u00f3d\u00e1snak, valamint a pornak \u00e9s a nedvess\u00e9gnek val\u00f3 kitetts\u00e9gnek. Egy j\u00f3l megtervezett hidraulikus henger olyan tulajdons\u00e1gokkal rendelkezik, amelyek n\u00f6velik az \u00e9lettartam\u00e1t, p\u00e9ld\u00e1ul a korr\u00f3zi\u00f3val \u00e9s kop\u00e1ssal szemben ellen\u00e1ll\u00f3 fel\u00fcletkezel\u00e9sekkel.<\/p>\n<h3>Biztons\u00e1gi funkci\u00f3k<\/h3>\n<p>A tervez\u00e9s sor\u00e1n figyelembe vett biztons\u00e1gi szempontok biztos\u00edtj\u00e1k, hogy a hidraulikus henger hat\u00e9konyan m\u0171k\u00f6dj\u00f6n an\u00e9lk\u00fcl, hogy vesz\u00e9lyt jelentene a kezel\u0151re vagy a berendez\u00e9sekre. Az olyan jellemz\u0151k, mint a nyom\u00e1scs\u00f6kkent\u0151 szelepek \u00e9s a t\u00falterhel\u00e9s elleni v\u00e9delmi mechanizmusok elengedhetetlenek a balesetek megel\u0151z\u00e9se \u00e9s az \u00e1ltal\u00e1nos \u00fczembiztons\u00e1g fokoz\u00e1sa \u00e9rdek\u00e9ben.<\/p>\n<h3>Karbantart\u00e1si hozz\u00e1f\u00e9rhet\u0151s\u00e9g<\/h3>\n<p>A k\u00f6nny\u0171 karbantart\u00e1s kulcsfontoss\u00e1g\u00fa a hidraulikus rendszer z\u00f6kken\u0151mentes m\u0171k\u00f6d\u00e9s\u00e9hez. A kulcsfontoss\u00e1g\u00fa alkatr\u00e9szekhez val\u00f3 gyors \u00e9s k\u00f6nny\u0171 hozz\u00e1f\u00e9r\u00e9st lehet\u0151v\u00e9 tev\u0151 tervez\u00e9si d\u00f6nt\u00e9sek megk\u00f6nny\u00edtik a rendszeres ellen\u0151rz\u00e9seket \u00e9s jav\u00edt\u00e1sokat, minimaliz\u00e1lva az \u00e1ll\u00e1sid\u0151t \u00e9s a karbantart\u00e1si k\u00f6lts\u00e9geket.<\/p>\n<p><img decoding=\"async\" src=\"https:\/\/www.hydraulic-cylinders.net\/wp-content\/uploads\/2025\/04\/songte-oil-pipes-and-spare-parts.webp\" alt=\"Karbantart\u00e1si hozz\u00e1f\u00e9rhet\u0151s\u00e9g\" \/><\/p>\n<h2>T\u00f6m\u00edt\u00e9s \u00e9s ken\u00e9s<\/h2>\n<p>A hidraulikus hengerek hat\u00e9konys\u00e1ga nagym\u00e9rt\u00e9kben f\u00fcgg a megfelel\u0151 t\u00f6m\u00edt\u00e9st\u0151l \u00e9s ken\u00e9st\u0151l. K\u00fcl\u00f6nb\u00f6z\u0151 t\u00f6m\u00edt\u00e9seket, p\u00e9ld\u00e1ul dugatty\u00fat\u00f6m\u00edt\u00e9seket \u00e9s r\u00fadt\u00f6m\u00edt\u00e9seket haszn\u00e1lnak a hidraulikafolyad\u00e9k sziv\u00e1rg\u00e1s\u00e1nak megakad\u00e1lyoz\u00e1s\u00e1ra, amelyek teljes\u00edtm\u00e9nyveszt\u00e9shez vezethetnek. \u00c1ltal\u00e1ban kop\u00e1s\u00e1ll\u00f3 anyagokb\u00f3l, p\u00e9ld\u00e1ul poliuret\u00e1nb\u00f3l \u00e9s nitrilgumib\u00f3l k\u00e9sz\u00fclt t\u00f6m\u00edt\u00e9seket alkalmaznak. A hengertest \u00e9s a menetes v\u00e9gfel\u00fcletek finom megmunk\u00e1l\u00e1son esnek \u00e1t a kop\u00e1s\u00e1ll\u00f3s\u00e1guk n\u00f6vel\u00e9se \u00e9rdek\u00e9ben. A rendszeres hidraulikaolajjal t\u00f6rt\u00e9n\u0151 ken\u00e9s elengedhetetlen a z\u00f6kken\u0151mentes m\u0171k\u00f6d\u00e9s biztos\u00edt\u00e1s\u00e1hoz \u00e9s a bels\u0151 kop\u00e1s megel\u0151z\u00e9s\u00e9hez, amely jelent\u0151sen cs\u00f6kkentheti a henger \u00e9lettartam\u00e1t.<\/p>\n<h2>Rendszeres ellen\u0151rz\u00e9s \u00e9s megel\u0151z\u0151 karbantart\u00e1s<\/h2>\n<ul>\n<li><strong>Rutin ellen\u0151rz\u00e9sek:<\/strong> Rendszeresen ellen\u0151rizze a hidraulikus hengert kop\u00e1s, sziv\u00e1rg\u00e1s vagy s\u00e9r\u00fcl\u00e9s jelei szempontj\u00e1b\u00f3l. A probl\u00e9m\u00e1k korai felismer\u00e9se megel\u0151zheti a k\u00f6lts\u00e9ges jav\u00edt\u00e1sokat \u00e9s biztos\u00edthatja az optim\u00e1lis teljes\u00edtm\u00e9nyt.<\/li>\n<li><strong>Megfelel\u0151 ken\u00e9s:<\/strong> Gy\u0151z\u0151dj\u00f6n meg arr\u00f3l, hogy a hidraulikaolaj szintje megfelel\u0151 \u00e9s szennyez\u0151d\u00e9smentes. A henger rendszeres ken\u00e9se cs\u00f6kkenti a s\u00farl\u00f3d\u00e1st \u00e9s meghosszabb\u00edtja az \u00e9lettartam\u00e1t.<\/li>\n<li><strong>T\u00f6m\u00edt\u00e9scsere:<\/strong> Figyelje a t\u00f6m\u00edt\u00e9sek \u00e1llapot\u00e1t, \u00e9s sz\u00fcks\u00e9g szerint cser\u00e9lje ki azokat a hidraulikus rendszer integrit\u00e1s\u00e1nak meg\u0151rz\u00e9se \u00e9rdek\u00e9ben. A kopott t\u00f6m\u00edt\u00e9sek jelent\u0151s hidraulikafolyad\u00e9k-vesztes\u00e9ghez vezethetnek, ami befoly\u00e1solja a teljes\u00edtm\u00e9nyt.<\/li>\n<\/ul>\n<h2>Telep\u00edt\u00e9si \u00fatmutat\u00f3<\/h2>\n<p>A megfelel\u0151 telep\u00edt\u00e9s elengedhetetlen a g\u00e9mhenger hat\u00e9kony m\u0171k\u00f6d\u00e9s\u00e9hez. Kezdje azzal, hogy megbizonyosodik arr\u00f3l, hogy a r\u00f6gz\u00edt\u0151fel\u00fcletek tiszt\u00e1k \u00e9s t\u00f6rmel\u00e9kmentesek. Igaz\u00edtsa a hengert a k\u00edv\u00e1nt r\u00f6gz\u00edt\u00e9si pontokhoz, \u00fcgyelve arra, hogy a r\u00f6gz\u00edt\u0151konzolok megfelel\u0151en legyenek elhelyezve. Haszn\u00e1lja a megfelel\u0151 szersz\u00e1mokat a henger r\u00f6gz\u00edt\u00e9s\u00e9hez, ker\u00fclve a t\u00falzott megh\u00faz\u00e1st, ami k\u00e1rosod\u00e1st okozhat. A telep\u00edt\u00e9s ut\u00e1n ellen\u0151rizze az illeszked\u00e9st, \u00e9s gy\u0151z\u0151dj\u00f6n meg arr\u00f3l, hogy nincsenek olyan akad\u00e1lyok, amelyek akad\u00e1lyozhatj\u00e1k a m\u0171k\u00f6d\u00e9st. V\u00e9g\u00fcl tesztelje a hidraulikus rendszert, hogy megbizonyosodjon arr\u00f3l, hogy a henger sim\u00e1n m\u0171k\u00f6dik sziv\u00e1rg\u00e1s vagy szokatlan zajok n\u00e9lk\u00fcl.<\/p>\n<h2>Gyakori karbantart\u00e1si feladatok<\/h2>\n<ul>\n<li><strong>Rendszeres ellen\u0151rz\u00e9sek:<\/strong> A rendszeres ellen\u0151rz\u00e9sek lehet\u0151v\u00e9 teszik az \u00fczemeltet\u0151k sz\u00e1m\u00e1ra, hogy a potenci\u00e1lis probl\u00e9m\u00e1kat m\u00e9g azel\u0151tt azonos\u00edts\u00e1k, miel\u0151tt azok s\u00falyosbodn\u00e1nak. Ez mag\u00e1ban foglalja a sziv\u00e1rg\u00e1sok, a t\u00f6m\u00edt\u00e9sek kop\u00e1s\u00e1nak \u00e9s a hengerek \u00e1ltal\u00e1nos \u00e1llapot\u00e1nak ellen\u0151rz\u00e9s\u00e9t.<\/li>\n<li><strong>Megfelel\u0151 ken\u00e9s:<\/strong> A henger megfelel\u0151 ken\u00e9se elengedhetetlen a hossz\u00fa \u00e9lettartam\u00e1hoz. A megfelel\u0151 t\u00edpus\u00fa hidraulikaolaj haszn\u00e1lata \u00e9s a megfelel\u0151 szint fenntart\u00e1sa cs\u00f6kkenti a s\u00farl\u00f3d\u00e1st \u00e9s a kop\u00e1st.<\/li>\n<li><strong>T\u00f6m\u00edt\u00e9scsere \u00e9s kalibr\u00e1l\u00e1s ellen\u0151rz\u00e9se:<\/strong> Az optim\u00e1lis teljes\u00edtm\u00e9ny fenntart\u00e1s\u00e1hoz elengedhetetlen a kopott t\u00f6m\u00edt\u00e9sek id\u0151ben t\u00f6rt\u00e9n\u0151 cser\u00e9je. A rendszeres kalibr\u00e1ci\u00f3s ellen\u0151rz\u00e9sek biztos\u00edtj\u00e1k, hogy a hidraulikus rendszer a tervezett param\u00e9tereken bel\u00fcl m\u0171k\u00f6dj\u00f6n, megakad\u00e1lyozva a potenci\u00e1lis meghib\u00e1sod\u00e1sokat.<\/li>\n<\/ul>\n<h2>Biztons\u00e1gi szempontok \u00e9s k\u00f6rnyezeti t\u00e9nyez\u0151k<\/h2>\n<p>Hidraulikus hengerek haszn\u00e1latakor elengedhetetlen a biztons\u00e1gi int\u00e9zked\u00e9sek betart\u00e1sa. A kezel\u0151ket ki kell k\u00e9pezni a hidraulikus rendszerekkel kapcsolatos vesz\u00e9lyek felismer\u00e9s\u00e9re, mint p\u00e9ld\u00e1ul a nyom\u00e1sn\u00f6veked\u00e9s \u00e9s a folyad\u00e9ksziv\u00e1rg\u00e1s. Ezenk\u00edv\u00fcl a k\u00f6rnyezetv\u00e9delmi szempontok, mint p\u00e9ld\u00e1ul a megfelel\u0151 folyad\u00e9kelt\u00e1vol\u00edt\u00e1s \u00e9s a ki\u00f6ml\u00e9sek minimaliz\u00e1l\u00e1sa, kulcsfontoss\u00e1g\u00faak az \u00f6kosziszt\u00e9ma v\u00e9delme \u00e9rdek\u00e9ben. A rendszeres k\u00e9pz\u00e9s \u00e9s a biztons\u00e1gi protokollok betart\u00e1sa seg\u00edthet a balesetek cs\u00f6kkent\u00e9s\u00e9ben \u00e9s a biztons\u00e1gos munkak\u00f6rnyezet biztos\u00edt\u00e1s\u00e1ban.<\/p>\n<h2>Hibaelh\u00e1r\u00edt\u00e1s \u00e9s gyakori probl\u00e9m\u00e1k<\/h2>\n<ul>\n<li><strong>Sziv\u00e1rg\u00e1s:<\/strong> A sziv\u00e1rg\u00e1s gyakori probl\u00e9ma, amely a kopott t\u00f6m\u00edt\u00e9sekb\u0151l vagy a s\u00e9r\u00fclt szerelv\u00e9nyekb\u0151l eredhet. A rendszeres ellen\u0151rz\u00e9sek seg\u00edthetnek a sziv\u00e1rg\u00e1sok korai azonos\u00edt\u00e1s\u00e1ban, lehet\u0151v\u00e9 t\u00e9ve az id\u0151ben t\u00f6rt\u00e9n\u0151 jav\u00edt\u00e1sokat.<\/li>\n<li><strong>Lass\u00fa v\u00e1lasz:<\/strong> Ha a henger lassan m\u0171k\u00f6dik, az alacsony hidraulikafolyad\u00e9k-szintre vagy a rendszerben l\u00e9v\u0151 elt\u00f6m\u0151d\u00e9sekre utalhat. A folyad\u00e9kszint ellen\u0151rz\u00e9se \u00e9s a vezet\u00e9kek tiszt\u00e1n tart\u00e1sa megoldhatja ezt a probl\u00e9m\u00e1t.<\/li>\n<li><strong>Szokatlan zajok:<\/strong> A m\u0171k\u00f6d\u00e9s k\u00f6zbeni zajok bels\u0151 s\u00e9r\u00fcl\u00e9sre vagy ken\u00e9s hi\u00e1ny\u00e1ra utalhatnak. Azonnali ellen\u0151rz\u00e9sre van sz\u00fcks\u00e9g a kiv\u00e1lt\u00f3 ok diagnosztiz\u00e1l\u00e1s\u00e1hoz \u00e9s kezel\u00e9s\u00e9hez.<\/li>\n<\/ul>\n<h2>Hibaelh\u00e1r\u00edt\u00e1si tippek<\/h2>\n<p>A hidraulikus hengerekkel kapcsolatos probl\u00e9m\u00e1k hat\u00e9kony diagnosztiz\u00e1l\u00e1sa \u00e9s megold\u00e1sa \u00e9rdek\u00e9ben vezessen napl\u00f3t az \u00fczemi probl\u00e9m\u00e1kr\u00f3l. Rendszeresen v\u00e9gezzen vizu\u00e1lis ellen\u0151rz\u00e9seket, \u00e9s ha probl\u00e9m\u00e1k mer\u00fclnek fel, hasonl\u00edtsa \u00f6ssze azokat az ismert probl\u00e9m\u00e1kkal \u00e9s megold\u00e1sokkal. A megel\u0151z\u0151 int\u00e9zked\u00e9sek, mint p\u00e9ld\u00e1ul a rendszeres karbantart\u00e1s \u00e9s a gy\u00e1rt\u00f3i ir\u00e1nyelvek betart\u00e1sa, jelent\u0151sen cs\u00f6kkenthetik a potenci\u00e1lis probl\u00e9m\u00e1k el\u0151fordul\u00e1s\u00e1t, biztos\u00edtva a z\u00f6kken\u0151mentes \u00e9s hat\u00e9kony m\u0171k\u00f6d\u00e9st.<\/p>\n<p><img decoding=\"async\" src=\"https:\/\/www.hydraulic-cylinders.net\/wp-content\/uploads\/2025\/04\/songte-bushings-with-all-kinds-of-excavator-models.webp\" alt=\"Hibaelh\u00e1r\u00edt\u00e1s \u00e9s gyakori probl\u00e9m\u00e1k\" \/><\/p>\n<h2>C\u00e9ginform\u00e1ci\u00f3<\/h2>\n<p>Vezet\u0151 hidraulikus hengergy\u00e1rt\u00f3 \u00e9s -nagykeresked\u0151 vagyunk, amely \u00e1tfog\u00f3 term\u00e9kv\u00e1laszt\u00e9kot k\u00edn\u00e1l mind a hazai, mind a nemzetk\u00f6zi piacokon. Ragaszkodunk a kiv\u00e1l\u00f3 min\u0151s\u00e9ghez, \u00e9s kifinomult gy\u00e1rt\u00e1sir\u00e1ny\u00edt\u00e1si strat\u00e9gi\u00e1ra t\u00e1maszkodunk. C\u00e9g\u00fcnk folyamatosan fejleszti termel\u00e9si platformj\u00e1t k\u00e9pzett m\u0171szaki szem\u00e9lyzet, fejlett digit\u00e1lis gy\u00e1rt\u00f3berendez\u00e9sek \u00e9s professzion\u00e1lis tesztel\u0151rendszerek alkalmaz\u00e1s\u00e1val. Ez az elk\u00f6telezetts\u00e9g a magas hat\u00e9konys\u00e1g, a pontoss\u00e1g \u00e9s a min\u0151s\u00e9g ir\u00e1nt lehet\u0151v\u00e9 teszi sz\u00e1munkra, hogy kiel\u00e9g\u00edts\u00fck \u00fcgyfeleink v\u00e1ltozatos ig\u00e9nyeit, biztos\u00edtva, hogy minden term\u00e9k megfeleljen a szigor\u00fa ipar\u00e1gi szabv\u00e1nyoknak.<\/p>\n<p><img decoding=\"async\" src=\"https:\/\/www.hydraulic-cylinders.net\/wp-content\/uploads\/2025\/04\/songte-company-4.webp\" alt=\"C\u00e9ginform\u00e1ci\u00f3\" \/><br \/>\n<img decoding=\"async\" src=\"https:\/\/www.hydraulic-cylinders.net\/wp-content\/uploads\/2025\/04\/songte-company-3.webp\" alt=\"C\u00e9ges term\u00e9kek\" \/><\/p>\n<p>Szerz\u0151: lyl<\/p>","protected":false},"excerpt":{"rendered":"<p>Boom Cylinder For JCHI NS17-7 Product Overview The Boom Cylinder for JCHI NS17-7 is a specialized hydraulic cylinder designed to control the movement of buckets in various heavy machinery, such as excavators, backhoe excavators, and front-end loaders. This hydraulic cylinder enables the bucket to lift, lower, and tilt, facilitating efficient material handling tasks in construction [&hellip;]<\/p>","protected":false},"featured_media":17881,"comment_status":"open","ping_status":"closed","template":"","meta":{"_et_pb_use_builder":"","_et_pb_old_content":"","_et_gb_content_width":""},"product_brand":[],"product_cat":[1546],"product_tag":[1547,1496],"class_list":{"0":"post-19482","1":"product","2":"type-product","3":"status-publish","4":"has-post-thumbnail","6":"product_cat-boom-cylinders","7":"product_tag-boom-cylinders","8":"product_tag-hydraulic-cylinders","10":"first","11":"instock","12":"shipping-taxable","13":"product-type-simple"},"amp_enabled":true,"_links":{"self":[{"href":"https:\/\/www.hydraulic-cylinders.net\/hu\/wp-json\/wp\/v2\/product\/19482","targetHints":{"allow":["GET"]}}],"collection":[{"href":"https:\/\/www.hydraulic-cylinders.net\/hu\/wp-json\/wp\/v2\/product"}],"about":[{"href":"https:\/\/www.hydraulic-cylinders.net\/hu\/wp-json\/wp\/v2\/types\/product"}],"replies":[{"embeddable":true,"href":"https:\/\/www.hydraulic-cylinders.net\/hu\/wp-json\/wp\/v2\/comments?post=19482"}],"wp:featuredmedia":[{"embeddable":true,"href":"https:\/\/www.hydraulic-cylinders.net\/hu\/wp-json\/wp\/v2\/media\/17881"}],"wp:attachment":[{"href":"https:\/\/www.hydraulic-cylinders.net\/hu\/wp-json\/wp\/v2\/media?parent=19482"}],"wp:term":[{"taxonomy":"product_brand","embeddable":true,"href":"https:\/\/www.hydraulic-cylinders.net\/hu\/wp-json\/wp\/v2\/product_brand?post=19482"},{"taxonomy":"product_cat","embeddable":true,"href":"https:\/\/www.hydraulic-cylinders.net\/hu\/wp-json\/wp\/v2\/product_cat?post=19482"},{"taxonomy":"product_tag","embeddable":true,"href":"https:\/\/www.hydraulic-cylinders.net\/hu\/wp-json\/wp\/v2\/product_tag?post=19482"}],"curies":[{"name":"munkaf\u00fczet","href":"https:\/\/api.w.org\/{rel}","templated":true}]}}