{"id":19483,"date":"2025-04-07T06:50:06","date_gmt":"2025-04-07T06:50:06","guid":{"rendered":"https:\/\/www.hydraulic-cylinders.net\/product\/boom-cylinder-for-jchi-ns35r-8\/"},"modified":"2025-04-07T06:50:09","modified_gmt":"2025-04-07T06:50:09","slug":"boom-cylinder-for-jchi-ns35r-8","status":"publish","type":"product","link":"https:\/\/www.hydraulic-cylinders.net\/hu\/termek\/boom-cylinder-for-jchi-ns35r-8\/","title":{"rendered":"G\u00e9mhenger JCHI NS35R-8-hoz"},"content":{"rendered":"<h1>G\u00e9mhenger JCHI NS35R-8-hoz<\/h1>\n<h2>Bevezet\u00e9s a g\u00e9mhengerbe<\/h2>\n<p>A g\u00e9mhenger l\u00e9tfontoss\u00e1g\u00fa alkatr\u00e9sz a hidraulikus rendszerekben, amelyet kifejezetten neh\u00e9zg\u00e9pekhez terveztek. Ez a hidraulikus henger vez\u00e9rli a kan\u00e1l mozg\u00e1s\u00e1t k\u00fcl\u00f6nf\u00e9le berendez\u00e9sekben, p\u00e9ld\u00e1ul kotr\u00f3g\u00e9pekben, kotr\u00f3rakod\u00f3kban \u00e9s homlokrakod\u00f3kban. Els\u0151dleges funkci\u00f3ja a kan\u00e1l emel\u00e9se, s\u00fcllyeszt\u00e9se \u00e9s billent\u00e9se, megk\u00f6nny\u00edtve a hat\u00e9kony anyagmozgat\u00e1si feladatokat az \u00e9p\u00edt\u0151iparban \u00e9s a mez\u0151gazdas\u00e1gban.<\/p>\n<p><img decoding=\"async\" src=\"https:\/\/www.hydraulic-cylinders.net\/wp-content\/uploads\/2025\/04\/songte-company-1.webp\" alt=\"G\u00e9mhenger\"><\/p>\n<h3>Meghat\u00e1roz\u00e1s \u00e9s \u00e1ttekint\u00e9s<\/h3>\n<p>A kan\u00e1lhenger egy olyan hidraulikus henger, amely a neh\u00e9zg\u00e9pek kanalainak \u00e9s hasonl\u00f3 tartoz\u00e9kainak mozg\u00e1s\u00e1nak szab\u00e1lyoz\u00e1s\u00e1ra specializ\u00e1l\u00f3dott. Ezek a hengerek a hidraulikus nyom\u00e1st mechanikai energi\u00e1v\u00e1 alak\u00edtj\u00e1k, lehet\u0151v\u00e9 t\u00e9ve a kan\u00e1l mozg\u00e1s\u00e1nak pontos szab\u00e1lyoz\u00e1s\u00e1t. A kialak\u00edt\u00e1s jellemz\u0151en tartalmaz egy dugatty\u00fat, amely a hengerben mozog, \u00e9s hidraulikus folyad\u00e9kot haszn\u00e1l a m\u0171k\u00f6dtet\u00e9s\u00e9hez. Ezeknek a hengereknek a hat\u00e9konys\u00e1ga kulcsfontoss\u00e1g\u00fa a k\u00fcl\u00f6nf\u00e9le feladatok elv\u00e9gz\u00e9s\u00e9hez, p\u00e9ld\u00e1ul az \u00e1s\u00e1shoz, emel\u00e9shez \u00e9s anyagok sz\u00e1ll\u00edt\u00e1s\u00e1hoz, ami hangs\u00falyozza fontoss\u00e1gukat a modern g\u00e9pekben.<\/p>\n<h2>A g\u00e9mhenger jellemz\u0151i<\/h2>\n<ul>\n<li><strong>Nagy szil\u00e1rds\u00e1g \u00e9s tart\u00f3ss\u00e1g:<\/strong> Nagy szil\u00e1rds\u00e1g\u00fa ac\u00e9lb\u00f3l vagy alum\u00edniumb\u00f3l k\u00e9sz\u00fcltek, ezek a palackok nagy nyom\u00e1st \u00e9s nagy terhel\u00e9st b\u00edrnak, \u00edgy alkalmasak zord munkak\u00f6rnyezetre. Kop\u00e1s\u00e1ll\u00f3s\u00e1ggal \u00e9s korr\u00f3zi\u00f3v\u00e9delemmel tervezt\u00e9k \u0151ket \u00e9lettartamuk meghosszabb\u00edt\u00e1sa \u00e9rdek\u00e9ben.<\/li>\n<li><strong>Hat\u00e9kony hidraulikus m\u0171k\u00f6dtet\u00e9s:<\/strong> A hidraulikus rendszer sima \u00e9s \u00e9rz\u00e9keny kitol\u00e1st \u00e9s visszah\u00faz\u00e1st tesz lehet\u0151v\u00e9, jelent\u0151s tol\u00f3- \u00e9s h\u00faz\u00f3er\u0151t biztos\u00edtva a neh\u00e9z \u00e9s \u00f6sszetett feladatok kezel\u00e9s\u00e9hez.<\/li>\n<li><strong>K\u00fcl\u00f6nb\u00f6z\u0151 t\u00edpusok:<\/strong> Egyszeres m\u0171k\u00f6d\u00e9s\u0171 (egy ir\u00e1nyban m\u0171k\u00f6d\u0151) \u00e9s kett\u0151s m\u0171k\u00f6d\u00e9s\u0171 (mindk\u00e9t ir\u00e1nyban m\u0171k\u00f6d\u0151) v\u00e1ltozatban kaphat\u00f3, egyes modellek teleszk\u00f3posak, \u00edgy nagyobb hat\u00f3t\u00e1vols\u00e1got biztos\u00edtanak a k\u00fcls\u0151 m\u00e9retek n\u00f6vel\u00e9se n\u00e9lk\u00fcl, \u00edgy ide\u00e1lisak sz\u0171k helyeken val\u00f3 haszn\u00e1latra.<\/li>\n<li><strong>Testreszabhat\u00f3 megold\u00e1sok:<\/strong> Ezt a term\u00e9ket \u00fagy tudjuk gy\u00e1rtani, hogy t\u00f6k\u00e9letesen helyettes\u00edtse a megl\u00e9v\u0151 hidraulikus hengereket, biztos\u00edtva a kompatibilit\u00e1st \u00e9s a teljes\u00edtm\u00e9nyt.<\/li>\n<li><strong>\u00c1tfog\u00f3 tesztel\u00e9s:<\/strong> Minden egyes palack szigor\u00fa tesztel\u00e9sen \u00e9s min\u0151s\u00e9gellen\u0151rz\u00e9sen esik \u00e1t, hogy biztos\u00edtsa a megb\u00edzhat\u00f3 m\u0171k\u00f6d\u00e9st neh\u00e9z k\u00f6r\u00fclm\u00e9nyek k\u00f6z\u00f6tt is.<\/li>\n<\/ul>\n<p><img decoding=\"async\" src=\"https:\/\/www.hydraulic-cylinders.net\/wp-content\/uploads\/2025\/04\/songte-cylinder-head-with-all-kinds-excavator-models.webp\" alt=\"Hidraulikus henger kotr\u00f3g\u00e9pekhez\"><\/p>\n<h2>A g\u00e9mhenger alkalmaz\u00e1sai<\/h2>\n<h3>\u00c9p\u00edt\u0151ipari berendez\u00e9sek<\/h3>\n<p>A kotr\u00f3g\u00e9pekben a g\u00e9mhengerek elengedhetetlenek az \u00e1s\u00e1shoz, rakod\u00e1shoz \u00e9s a f\u00f6ld vagy t\u00f6rmel\u00e9k mozgat\u00e1s\u00e1hoz. Ezek biztos\u00edtj\u00e1k a sz\u00fcks\u00e9ges er\u0151t ahhoz, hogy a kan\u00e1l behatoljon a talajba, megk\u00f6nny\u00edtve a hat\u00e9kony f\u00f6ldmunk\u00e1t. A kotr\u00f3g\u00e9p-rakod\u00f3kban ezek a hengerek mind az \u00e1s\u00e1st, mind az emel\u00e9st seg\u00edtik, \u00edgy sokoldal\u00faan haszn\u00e1lhat\u00f3k az \u00e9p\u00edtkez\u00e9seken v\u00e9gzett k\u00fcl\u00f6nf\u00e9le feladatokhoz.<\/p>\n<h3>Mez\u0151gazdas\u00e1gi g\u00e9pek<\/h3>\n<p>A homlokrakod\u00f3kban haszn\u00e1lt g\u00e9mhengerek kritikus fontoss\u00e1g\u00faak a talaj, sz\u00e9na \u00e9s egy\u00e9b anyagok \u00e1s\u00e1s\u00e1hoz, emel\u00e9s\u00e9hez \u00e9s sz\u00e1ll\u00edt\u00e1s\u00e1hoz mez\u0151gazdas\u00e1gi k\u00f6rnyezetben. Robusztus kialak\u00edt\u00e1suk lehet\u0151v\u00e9 teszi a gazd\u00e1lkod\u00f3k sz\u00e1m\u00e1ra, hogy hat\u00e9konyan v\u00e9gezz\u00e9k el a feladataikat, jav\u00edtva a termel\u00e9kenys\u00e9get \u00e9s a munkafolyamatot a gazdas\u00e1gban.<\/p>\n<h3>Kotr\u00f3g\u00e9pek<\/h3>\n<p>A kotr\u00f3g\u00e9pekben a kan\u00e1lhengerek lehet\u0151v\u00e9 teszik, hogy a kan\u00e1l behatoljon a talajba, \u00edgy hat\u00e9konyabb\u00e1 t\u00e9ve az \u00e1s\u00e1si folyamatot. Lehet\u0151v\u00e9 teszik a kan\u00e1l mozg\u00e1s\u00e1nak pontos ir\u00e1ny\u00edt\u00e1s\u00e1t, ami jav\u00edtja a g\u00e9p teljes\u00edtm\u00e9ny\u00e9t a f\u00f6ldmunk\u00e1k sor\u00e1n.<\/p>\n<h3>Rakod\u00f3k<\/h3>\n<p>A homlokrakod\u00f3kban a g\u00e9mhengerek l\u00e9tfontoss\u00e1g\u00fa szerepet j\u00e1tszanak az anyagok k\u00f6nny\u0171 emel\u00e9s\u00e9ben \u00e9s \u00fcr\u00edt\u00e9s\u00e9ben. Er\u0151teljes m\u0171k\u00f6d\u00e9s\u00fck biztos\u00edtja a rakom\u00e1nyok gyors \u00e9s biztons\u00e1gos kezel\u00e9s\u00e9t, n\u00f6velve ezzel a munkater\u00fclet \u00e1ltal\u00e1nos termel\u00e9kenys\u00e9g\u00e9t.<\/p>\n<h2>Tervez\u00e9si szempontok \u00e9s kiv\u00e1laszt\u00e1si szabv\u00e1nyok<\/h2>\n<h3>Teherb\u00edr\u00e1s<\/h3>\n<p>A g\u00e9mhenger teherb\u00edr\u00e1s\u00e1t a kialak\u00edt\u00e1sa \u00e9s az anyag szil\u00e1rds\u00e1ga hat\u00e1rozza meg. Kulcsfontoss\u00e1g\u00fa olyan hengert v\u00e1lasztani, amely k\u00e9pes a maxim\u00e1lisan v\u00e1rhat\u00f3 terhel\u00e9st meghib\u00e1sod\u00e1s kock\u00e1zata n\u00e9lk\u00fcl kezelni. A szerkezeti integrit\u00e1st gondos m\u00e9rn\u00f6ki gyakorlattal lehet fenntartani, biztos\u00edtva a megb\u00edzhat\u00f3s\u00e1got ig\u00e9nyl\u0151 alkalmaz\u00e1sokban.<\/p>\n<h3>T\u00f6m\u00edt\u00e9si teljes\u00edtm\u00e9ny<\/h3>\n<p>A hat\u00e9kony t\u00f6m\u00edt\u00e9s elengedhetetlen a hidraulikafolyad\u00e9k sziv\u00e1rg\u00e1s\u00e1nak megakad\u00e1lyoz\u00e1s\u00e1hoz, amely vesz\u00e9lyeztetheti a teljes\u00edtm\u00e9nyt \u00e9s a biztons\u00e1got. A tart\u00f3s anyagokb\u00f3l k\u00e9sz\u00fclt, kiv\u00e1l\u00f3 min\u0151s\u00e9g\u0171 t\u00f6m\u00edt\u00e9sek kiv\u00e1laszt\u00e1sa biztos\u00edtja a hossz\u00fa \u00e9lettartamot \u00e9s a hat\u00e9konys\u00e1got. A t\u00f6m\u00edt\u00e9s \u00e9ps\u00e9g\u00e9nek \u00e9s \u00fczembiztons\u00e1g\u00e1nak meg\u0151rz\u00e9se \u00e9rdek\u00e9ben rendszeres ellen\u0151rz\u00e9sekre van sz\u00fcks\u00e9g.<\/p>\n<h3>Tart\u00f3ss\u00e1g<\/h3>\n<p>A g\u00e9mhenger tart\u00f3ss\u00e1g\u00e1t a konstrukci\u00f3s anyagai \u00e9s a kialak\u00edt\u00e1sa befoly\u00e1solja. A nagy szil\u00e1rds\u00e1g\u00fa anyagok elengedhetetlenek a zord k\u00f6r\u00fclm\u00e9nyek \u00e9s a nagy terhel\u00e9sek elvisel\u00e9s\u00e9hez. A kop\u00e1s rendszeres felm\u00e9r\u00e9se seg\u00edt a potenci\u00e1lis hib\u00e1k korai azonos\u00edt\u00e1s\u00e1ban.<\/p>\n<h3>Biztons\u00e1gi funkci\u00f3k<\/h3>\n<p>A biztons\u00e1g kiemelked\u0151 fontoss\u00e1g\u00fa a hidraulikus rendszerekben. A g\u00e9mhengereknek biztons\u00e1gi mechanizmusokkal, p\u00e9ld\u00e1ul nyom\u00e1scs\u00f6kkent\u0151 szelepekkel kell rendelkezni\u00fck a t\u00falterhel\u00e9s megakad\u00e1lyoz\u00e1sa \u00e9rdek\u00e9ben. Ezenk\u00edv\u00fcl a kezel\u0151k megfelel\u0151 k\u00e9pz\u00e9se sz\u00fcks\u00e9ges az ilyen hengerekkel felszerelt g\u00e9pek biztons\u00e1gos kezel\u00e9s\u00e9nek \u00e9s \u00fczemeltet\u00e9s\u00e9nek biztos\u00edt\u00e1s\u00e1hoz.<\/p>\n<h3>Karbantart\u00e1si hozz\u00e1f\u00e9rhet\u0151s\u00e9g<\/h3>\n<p>A tervez\u00e9si szempontoknak ki kell terjedni\u00fck az alkatr\u00e9szek karbantart\u00e1si c\u00e9l\u00fa hozz\u00e1f\u00e9rhet\u0151s\u00e9g\u00e9re is. A t\u00f6m\u00edt\u00e9sekhez \u00e9s ken\u00e9si pontokhoz val\u00f3 k\u00f6nny\u0171 hozz\u00e1f\u00e9r\u00e9s lehet\u0151v\u00e9 teszi a rendszeres karbantart\u00e1st, meghosszabb\u00edtja a henger \u00e9lettartam\u00e1t \u00e9s biztos\u00edtja a folyamatos teljes\u00edtm\u00e9nyt.<\/p>\n<p><img decoding=\"async\" src=\"https:\/\/www.hydraulic-cylinders.net\/wp-content\/uploads\/2025\/04\/songte-oil-pipes-and-spare-parts.webp\" alt=\"Hidraulikus henger alkatr\u00e9szek\"><\/p>\n<h2>T\u00f6m\u00edt\u00e9s \u00e9s ken\u00e9s<\/h2>\n<p>A t\u00f6m\u00edt\u00e9s a hidraulikus henger teljes\u00edtm\u00e9ny\u00e9nek kritikus szempontja. K\u00fcl\u00f6nb\u00f6z\u0151 t\u00f6m\u00edt\u00e9seket, p\u00e9ld\u00e1ul dugatty\u00fat\u00f6m\u00edt\u00e9seket \u00e9s r\u00fadt\u00f6m\u00edt\u00e9seket alkalmaznak a nyom\u00e1s fenntart\u00e1sa \u00e9s a sziv\u00e1rg\u00e1sok megakad\u00e1lyoz\u00e1sa \u00e9rdek\u00e9ben. Az olyan anyagokat, mint a poliuret\u00e1n \u00e9s a nitrilgumi, \u00e1ltal\u00e1ban kop\u00e1s\u00e1ll\u00f3 tulajdons\u00e1gaik miatt haszn\u00e1lj\u00e1k. A hengertest \u00e9s a menetes v\u00e9gek prec\u00edz megmunk\u00e1l\u00e1son esnek \u00e1t a tart\u00f3ss\u00e1g n\u00f6vel\u00e9se \u00e9rdek\u00e9ben. A rendszeres hidraulikaolajjal t\u00f6rt\u00e9n\u0151 ken\u00e9s sz\u00fcks\u00e9ges a z\u00f6kken\u0151mentes m\u0171k\u00f6d\u00e9s biztos\u00edt\u00e1s\u00e1hoz \u00e9s a hengeren bel\u00fcli s\u00farl\u00f3d\u00e1s cs\u00f6kkent\u00e9s\u00e9hez, ami k\u00f6zvetlen\u00fcl befoly\u00e1solja a hat\u00e9konys\u00e1g\u00e1t \u00e9s \u00e9lettartam\u00e1t.<\/p>\n<h2>Rendszeres ellen\u0151rz\u00e9s \u00e9s megel\u0151z\u0151 karbantart\u00e1s<\/h2>\n<ul>\n<li><strong>Rendszeres ellen\u0151rz\u00e9sek:<\/strong> V\u00e9gezzen rendszeres ellen\u0151rz\u00e9seket a kop\u00e1s, sziv\u00e1rg\u00e1sok vagy s\u00e9r\u00fcl\u00e9sek jeleinek azonos\u00edt\u00e1s\u00e1ra. A korai felismer\u00e9s lehet\u0151v\u00e9 teszi az id\u0151ben t\u00f6rt\u00e9n\u0151 jav\u00edt\u00e1sokat \u00e9s elker\u00fcli a katasztrof\u00e1lis meghib\u00e1sod\u00e1sokat.<\/li>\n<li><strong>Megfelel\u0151 ken\u00e9s:<\/strong> Az optim\u00e1lis m\u0171k\u00f6d\u00e9s fenntart\u00e1sa \u00e9rdek\u00e9ben gondoskodjon a hidraulikaolaj rendszeres, megfelel\u0151 mennyis\u00e9g\u0171 ut\u00e1nt\u00f6lt\u00e9s\u00e9r\u0151l. Ez seg\u00edt cs\u00f6kkenteni a s\u00farl\u00f3d\u00e1st \u00e9s megel\u0151zni a t\u00falmeleged\u00e9st.<\/li>\n<li><strong>T\u00f6m\u00edt\u00e9scsere:<\/strong> A hidraulikus integrit\u00e1s meg\u0151rz\u00e9se \u00e9rdek\u00e9ben rendszeresen ellen\u0151rizze \u00e9s sz\u00fcks\u00e9g szerint cser\u00e9lje ki a t\u00f6m\u00edt\u00e9seket. A kopott t\u00f6m\u00edt\u00e9sek jelent\u0151s folyad\u00e9kvesztes\u00e9ghez \u00e9s a teljes\u00edtm\u00e9ny roml\u00e1s\u00e1hoz vezethetnek.<\/li>\n<\/ul>\n<h2>Telep\u00edt\u00e9si \u00fatmutat\u00f3<\/h2>\n<p>A g\u00e9mhenger beszerel\u00e9se k\u00f6r\u00fcltekint\u0151 odafigyel\u00e9st ig\u00e9nyel a megfelel\u0151 be\u00e1ll\u00edt\u00e1s \u00e9s m\u0171k\u00f6d\u00e9s biztos\u00edt\u00e1sa \u00e9rdek\u00e9ben. Kezdje azzal, hogy minden fel\u00fclet tiszta \u00e9s t\u00f6rmel\u00e9kmentes. Igaz\u00edtsa pontosan a hengert a r\u00f6gz\u00edt\u0151konzolokhoz, megfelel\u0151 t\u00e1maszt\u00e9kokkal r\u00f6gz\u00edtve. A s\u00e9r\u00fcl\u00e9sek elker\u00fcl\u00e9se \u00e9rdek\u00e9ben elengedhetetlen a gy\u00e1rt\u00f3 el\u0151\u00edr\u00e1sainak betart\u00e1sa a nyomat\u00e9kbe\u00e1ll\u00edt\u00e1sok tekintet\u00e9ben. A beszerel\u00e9s ut\u00e1n v\u00e9gezzen pr\u00f3ba\u00fczemet a z\u00f6kken\u0151mentes m\u0171k\u00f6d\u00e9s biztos\u00edt\u00e1sa \u00e9s a sziv\u00e1rg\u00e1sok ellen\u0151rz\u00e9se \u00e9rdek\u00e9ben. Rendszeresen ellen\u0151rizze a beszerel\u00e9st a be\u00e1ll\u00edt\u00e1si eltol\u00f3d\u00e1sok vagy az id\u0151beli kop\u00e1s szempontj\u00e1b\u00f3l a funkcion\u00e1lis integrit\u00e1s meg\u0151rz\u00e9se \u00e9rdek\u00e9ben.<\/p>\n<h2>Gyakori karbantart\u00e1si feladatok<\/h2>\n<ul>\n<li><strong>Rendszeres ellen\u0151rz\u00e9sek:<\/strong> Gyakori felm\u00e9r\u00e9seket kell v\u00e9gezni a potenci\u00e1lis probl\u00e9m\u00e1k azonos\u00edt\u00e1sa \u00e9rdek\u00e9ben, miel\u0151tt azok jelent\u0151s probl\u00e9m\u00e1kk\u00e1 fajuln\u00e1nak. Ez a proakt\u00edv megk\u00f6zel\u00edt\u00e9s megel\u0151zheti a k\u00f6lts\u00e9ges jav\u00edt\u00e1sokat.<\/li>\n<li><strong>Megfelel\u0151 ken\u00e9s:<\/strong> A henger z\u00f6kken\u0151mentes m\u0171k\u00f6d\u00e9s\u00e9nek biztos\u00edt\u00e1s\u00e1hoz elengedhetetlen a folyamatos ken\u00e9s. Haszn\u00e1lja az aj\u00e1nlott hidraulikaolajat, \u00e9s rendszeresen ellen\u0151rizze a szintet.<\/li>\n<li><strong>T\u00f6m\u00edt\u00e9scsere \u00e9s kalibr\u00e1l\u00e1s ellen\u0151rz\u00e9se:<\/strong> K\u00e9sz\u00edtsen \u00fctemtervet a t\u00f6m\u00edt\u00e9sek ellen\u0151rz\u00e9s\u00e9re \u00e9s sz\u00fcks\u00e9g szerinti cser\u00e9j\u00e9re. A kalibr\u00e1ci\u00f3s ellen\u0151rz\u00e9sek biztos\u00edtj\u00e1k, hogy a henger a megadott param\u00e9tereken bel\u00fcl m\u0171k\u00f6dj\u00f6n, cs\u00f6kkentve a meghib\u00e1sod\u00e1s kock\u00e1zat\u00e1t.<\/li>\n<\/ul>\n<p>A megfelel\u0151 beszerel\u00e9s, ken\u00e9s \u00e9s be\u00e1ll\u00edt\u00e1s elengedhetetlen az optim\u00e1lis teljes\u00edtm\u00e9nyhez. A beszerel\u00e9s sor\u00e1n \u00fcgyeljen a megfelel\u0151 illeszt\u00e9sre, hogy elker\u00fclje a henger t\u00falzott terhel\u00e9s\u00e9t. A g\u00e9mhenger \u00e9lettartam\u00e1nak meghosszabb\u00edt\u00e1sa \u00e9rdek\u00e9ben gondosan be kell tartani az ellen\u0151rz\u00e9si, jav\u00edt\u00e1si \u00e9s cserefolyamatokra vonatkoz\u00f3 aj\u00e1nl\u00e1sokat.<\/p>\n<p><img decoding=\"async\" src=\"https:\/\/www.hydraulic-cylinders.net\/wp-content\/uploads\/2025\/04\/songte-chushion-collar.webp\" alt=\"P\u00e1rnagall\u00e9r k\u00e9p\"><\/p>\n<h2>Biztons\u00e1gi szempontok \u00e9s k\u00f6rnyezeti t\u00e9nyez\u0151k<\/h2>\n<p>A biztons\u00e1gi int\u00e9zked\u00e9sek kulcsfontoss\u00e1g\u00faak a hidraulikus rendszerekkel v\u00e9gzett munka sor\u00e1n. A kezel\u0151ket ki kell k\u00e9pezni a g\u00e9mhengerek megfelel\u0151 kezel\u00e9s\u00e9re, bele\u00e9rtve a nyom\u00e1shat\u00e1rok meg\u00e9rt\u00e9s\u00e9t \u00e9s a lehets\u00e9ges vesz\u00e9lyek felismer\u00e9s\u00e9t. A biztons\u00e1gi protokollok betart\u00e1sa nemcsak a szem\u00e9lyzetet v\u00e9di, hanem a berendez\u00e9s \u00e9lettartam\u00e1t is n\u00f6veli.<\/p>\n<h2>Hibadiagn\u00f3zis \u00e9s gyakori probl\u00e9m\u00e1k<\/h2>\n<ul>\n<li><strong>Folyad\u00e9ksziv\u00e1rg\u00e1s:<\/strong> Gyakori probl\u00e9ma, hogy a folyad\u00e9ksziv\u00e1rg\u00e1s kopott t\u00f6m\u00edt\u00e9sek vagy s\u00e9r\u00fclt hengerek miatt fordulhat el\u0151. A rendszeres ellen\u0151rz\u00e9s seg\u00edthet a sziv\u00e1rg\u00e1sok korai azonos\u00edt\u00e1s\u00e1ban.<\/li>\n<li><strong>Lass\u00fa m\u0171k\u00f6d\u00e9s:<\/strong> Ha a henger lassan reag\u00e1l, az alacsony hidraulikafolyad\u00e9k-szintre vagy bels\u0151 kop\u00e1sra utalhat. \u00c9rt\u00e9kelje a hidraulikafolyad\u00e9k-szinteket, \u00e9s ellen\u0151rizze, hogy nincsenek-e elt\u00f6m\u0151d\u00e9sek.<\/li>\n<li><strong>Zajos m\u0171k\u00f6d\u00e9s:<\/strong> A m\u0171k\u00f6d\u00e9s k\u00f6zbeni szokatlan zajok a hidraulikafolyad\u00e9kban l\u00e9v\u0151 leveg\u0151re vagy el\u00e9gtelen ken\u00e9sre utalhatnak. Ellen\u0151rizze a folyad\u00e9kszintet, \u00e9s gondoskodjon a megfelel\u0151 karbantart\u00e1sr\u00f3l.<\/li>\n<\/ul>\n<h2>Hibaelh\u00e1r\u00edt\u00e1si tippek \u00e9s megold\u00e1sok<\/h2>\n<p>A probl\u00e9m\u00e1k hat\u00e9kony diagnosztiz\u00e1l\u00e1s\u00e1hoz \u00e9s megold\u00e1s\u00e1hoz elengedhetetlen az alapos ellen\u0151rz\u00e9s. Sziv\u00e1rg\u00e1sok eset\u00e9n ellen\u0151rizze a t\u00f6m\u00edt\u00e9sek \u00e9s szerelv\u00e9nyek s\u00e9r\u00fcl\u00e9seit. Ha a henger lassan reag\u00e1l, ellen\u0151rizze a hidraulikafolyad\u00e9k szintj\u00e9t, \u00e9s keressen elt\u00f6m\u0151d\u00e9seket a vezet\u00e9kekben. Zajjal kapcsolatos probl\u00e9m\u00e1k eset\u00e9n gy\u0151z\u0151dj\u00f6n meg arr\u00f3l, hogy a hidraulikus rendszer megfelel\u0151en l\u00e9gtelen\u00edtve van a leveg\u0151 elt\u00e1vol\u00edt\u00e1sa \u00e9s a megfelel\u0151 ken\u00e9s fenntart\u00e1sa \u00e9rdek\u00e9ben. A megel\u0151z\u0151 int\u00e9zked\u00e9sek, mint p\u00e9ld\u00e1ul a rendszeres karbantart\u00e1s \u00e9s ellen\u0151rz\u00e9sek, cs\u00f6kkentik a probl\u00e9m\u00e1k el\u0151fordul\u00e1s\u00e1nak val\u00f3sz\u00edn\u0171s\u00e9g\u00e9t.<\/p>\n<p><img decoding=\"async\" src=\"https:\/\/www.hydraulic-cylinders.net\/wp-content\/uploads\/2025\/04\/songte-bushings-with-all-kinds-of-excavator-models.webp\" alt=\"Kotr\u00f3g\u00e9pek perselyei\"><\/p>\n<h2>C\u00e9g\u00fcnkr\u0151l<\/h2>\n<p>Hidraulikus munkahengerek cserealkatr\u00e9szeinek gy\u00e1rt\u00f3i vagyunk, \u00e9s \u00e1tfog\u00f3 term\u00e9kk\u00edn\u00e1lattal rendelkez\u00fcnk, amely vezet\u0151 gy\u00e1rt\u00f3k\u00e9nt \u00e9s nagykereskedelmi forgalmaz\u00f3k\u00e9nt pozicion\u00e1l minket mind a hazai, mind a nemzetk\u00f6zi piacokon. A kiv\u00e1l\u00f3s\u00e1g ir\u00e1nti elk\u00f6telezetts\u00e9g\u00fcnket kifinomult termel\u00e9sir\u00e1ny\u00edt\u00e1si strat\u00e9gi\u00e1nk t\u00e1masztja al\u00e1, amely a magas sz\u00ednvonal\u00fa gy\u00e1rt\u00e1si folyamatokat hangs\u00falyozza. A m\u0171szaki tehets\u00e9gre, a fejlett digit\u00e1lis gy\u00e1rt\u00f3berendez\u00e9sekre \u00e9s a professzion\u00e1lis tesztel\u0151rendszerre \u00f6sszpontos\u00edtva folyamatosan fejlesztj\u00fck termel\u00e9si platformunkat, hogy megfelelj\u00fcnk \u00fcgyfeleink v\u00e1ltozatos ig\u00e9nyeinek.<\/p>\n<p><img decoding=\"async\" src=\"https:\/\/www.hydraulic-cylinders.net\/wp-content\/uploads\/2025\/04\/songte-company-4.webp\" alt=\"C\u00e9ginform\u00e1ci\u00f3\"><br \/>\n<img decoding=\"async\" src=\"https:\/\/www.hydraulic-cylinders.net\/wp-content\/uploads\/2025\/04\/songte-company-3.webp\" alt=\"Gy\u00e1rt\u00f3\u00fczem\"><\/p>\n<p>A professzionalizmus ir\u00e1nti elk\u00f6telezetts\u00e9g\u00fcnket t\u00fckr\u00f6zi a nemzetk\u00f6zi tan\u00fas\u00edtv\u00e1nyok betart\u00e1sa \u00e9s a speci\u00e1lis ig\u00e9nyekhez igaz\u00edtott, szem\u00e9lyre szabott szolg\u00e1ltat\u00e1sok ny\u00fajt\u00e1s\u00e1nak k\u00e9pess\u00e9ge. Korszer\u0171 gy\u00e1rt\u00f3berendez\u00e9seink magas hat\u00e9konys\u00e1got \u00e9s pontoss\u00e1got biztos\u00edtanak, m\u00edg \u00e9rt\u00e9kes\u00edt\u00e9s ut\u00e1ni szolg\u00e1ltat\u00e1sunk garant\u00e1lja az \u00fcgyfelek el\u00e9gedetts\u00e9g\u00e9t.<\/p>\n<p>Szerz\u0151: lyl<\/p>","protected":false},"excerpt":{"rendered":"<p>Boom Cylinder For JCHI NS35R-8 Introduction to Boom Cylinder The Boom Cylinder is a vital component in hydraulic systems, specifically designed for heavy machinery applications. This hydraulic cylinder controls the movement of the bucket in various equipment such as excavators, backhoe loaders, and front-end loaders. Its primary function is to allow the bucket to lift, [&hellip;]<\/p>","protected":false},"featured_media":17867,"comment_status":"open","ping_status":"closed","template":"","meta":{"_et_pb_use_builder":"","_et_pb_old_content":"","_et_gb_content_width":""},"product_brand":[],"product_cat":[1546],"product_tag":[1547,1496],"class_list":{"0":"post-19483","1":"product","2":"type-product","3":"status-publish","4":"has-post-thumbnail","6":"product_cat-boom-cylinders","7":"product_tag-boom-cylinders","8":"product_tag-hydraulic-cylinders","10":"first","11":"instock","12":"shipping-taxable","13":"product-type-simple"},"amp_enabled":true,"_links":{"self":[{"href":"https:\/\/www.hydraulic-cylinders.net\/hu\/wp-json\/wp\/v2\/product\/19483","targetHints":{"allow":["GET"]}}],"collection":[{"href":"https:\/\/www.hydraulic-cylinders.net\/hu\/wp-json\/wp\/v2\/product"}],"about":[{"href":"https:\/\/www.hydraulic-cylinders.net\/hu\/wp-json\/wp\/v2\/types\/product"}],"replies":[{"embeddable":true,"href":"https:\/\/www.hydraulic-cylinders.net\/hu\/wp-json\/wp\/v2\/comments?post=19483"}],"wp:featuredmedia":[{"embeddable":true,"href":"https:\/\/www.hydraulic-cylinders.net\/hu\/wp-json\/wp\/v2\/media\/17867"}],"wp:attachment":[{"href":"https:\/\/www.hydraulic-cylinders.net\/hu\/wp-json\/wp\/v2\/media?parent=19483"}],"wp:term":[{"taxonomy":"product_brand","embeddable":true,"href":"https:\/\/www.hydraulic-cylinders.net\/hu\/wp-json\/wp\/v2\/product_brand?post=19483"},{"taxonomy":"product_cat","embeddable":true,"href":"https:\/\/www.hydraulic-cylinders.net\/hu\/wp-json\/wp\/v2\/product_cat?post=19483"},{"taxonomy":"product_tag","embeddable":true,"href":"https:\/\/www.hydraulic-cylinders.net\/hu\/wp-json\/wp\/v2\/product_tag?post=19483"}],"curies":[{"name":"munkaf\u00fczet","href":"https:\/\/api.w.org\/{rel}","templated":true}]}}