{"id":19498,"date":"2025-04-07T06:50:58","date_gmt":"2025-04-07T06:50:58","guid":{"rendered":"https:\/\/www.hydraulic-cylinders.net\/product\/boom-cylinder-for-tck-hd1023lc-8h\/"},"modified":"2025-04-07T06:51:01","modified_gmt":"2025-04-07T06:51:01","slug":"boom-cylinder-for-tck-hd1023lc-8h","status":"publish","type":"product","link":"https:\/\/www.hydraulic-cylinders.net\/hu\/termek\/boom-cylinder-for-tck-hd1023lc-8h\/","title":{"rendered":"G\u00e9mhenger TCK HD1023LC-8H-hoz"},"content":{"rendered":"<h1>G\u00e9mhenger TCK HD1023LC-8H-hoz<\/h1>\n<h2>Bevezet\u00e9s a g\u00e9mhengerbe<\/h2>\n<p>A g\u00e9mhenger egy alapvet\u0151 hidraulikus alkatr\u00e9sz, amelyet k\u00fcl\u00f6nf\u00e9le neh\u00e9zg\u00e9pekben, k\u00fcl\u00f6n\u00f6sen kotr\u00f3g\u00e9pekben, kotr\u00f3g\u00e9pekben \u00e9s homlokrakod\u00f3kban haszn\u00e1lnak. Ez a hidraulikus henger a kan\u00e1l mozg\u00e1s\u00e1nak vez\u00e9rl\u00e9s\u00e9re szolg\u00e1l, lehet\u0151v\u00e9 t\u00e9ve a prec\u00edz emel\u00e9st, s\u00fcllyeszt\u00e9st \u00e9s billent\u00e9st. A g\u00e9mhenger hat\u00e9kony m\u0171k\u00f6d\u00e9se kulcsfontoss\u00e1g\u00fa az anyagmozgat\u00e1si feladatokhoz, mivel biztos\u00edtja a sz\u00fcks\u00e9ges er\u0151t a neh\u00e9z terhek hat\u00e9kony kezel\u00e9s\u00e9hez.<\/p>\n<p><img decoding=\"async\" src=\"https:\/\/www.hydraulic-cylinders.net\/wp-content\/uploads\/2025\/04\/songte-company-1.webp\" alt=\"G\u00e9mhenger\" \/><\/p>\n<h2>F\u0151bb jellemz\u0151k<\/h2>\n<ul>\n<li><strong>Nagy szil\u00e1rds\u00e1g \u00e9s tart\u00f3ss\u00e1g:<\/strong> A jellemz\u0151en nagy szil\u00e1rds\u00e1g\u00fa ac\u00e9lb\u00f3l vagy alum\u00edniumb\u00f3l k\u00e9sz\u00fclt g\u00e9mhenger nagy nyom\u00e1st \u00e9s nagy terhel\u00e9st is k\u00e9pes ellen\u00e1llni. Tervez\u00e9se sor\u00e1n figyelembe vett\u00e9k a kop\u00e1s\u00e1ll\u00f3s\u00e1got \u00e9s a korr\u00f3zi\u00f3\u00e1ll\u00f3s\u00e1got, meghosszabb\u00edtva \u00e9lettartam\u00e1t.<\/li>\n<li><strong>Hat\u00e9kony hidraulikus m\u0171k\u00f6dtet\u00e9s:<\/strong> A henger hidraulikus folyad\u00e9knyom\u00e1st haszn\u00e1l a sima kiny\u00fal\u00e1shoz \u00e9s visszah\u00faz\u00e1shoz, gyorsan reag\u00e1l a kezel\u0151i parancsokra, \u00e9s jelent\u0151s nyom\u00f3- \u00e9s h\u00faz\u00f3er\u0151t biztos\u00edt, ami ide\u00e1lis a neh\u00e9z \u00e9s \u00f6sszetett feladatok kezel\u00e9s\u00e9hez.<\/li>\n<li><strong>K\u00fcl\u00f6nb\u00f6z\u0151 t\u00edpusok:<\/strong> Egyszeres m\u0171k\u00f6d\u00e9s\u0171 (egy ir\u00e1nyban m\u0171k\u00f6dik) vagy kett\u0151s m\u0171k\u00f6d\u00e9s\u0171 (mindk\u00e9t ir\u00e1nyban m\u0171k\u00f6dik) konfigur\u00e1ci\u00f3ban kaphat\u00f3, \u00edgy k\u00fcl\u00f6nf\u00e9le m\u0171k\u00f6d\u00e9si ig\u00e9nyeket k\u00e9pes kiel\u00e9g\u00edteni. Egyes modellek teleszk\u00f3posak, \u00edgy nagyobb kiny\u00fal\u00e1st tesznek lehet\u0151v\u00e9 a k\u00fcls\u0151 m\u00e9retek n\u00f6vel\u00e9se n\u00e9lk\u00fcl, \u00edgy alkalmasak a helysz\u0171k\u00e9ben l\u00e9v\u0151 alkalmaz\u00e1sokhoz.<\/li>\n<\/ul>\n<p>Ezt a kiv\u00e1l\u00f3 min\u0151s\u00e9g\u0171 g\u00e9mhengert mi gy\u00e1rtjuk, amely t\u00f6k\u00e9letesen alkalmas a megl\u00e9v\u0151 hidraulikus hengerek cser\u00e9j\u00e9re a g\u00e9peiben.<\/p>\n<p><img decoding=\"async\" src=\"https:\/\/www.hydraulic-cylinders.net\/wp-content\/uploads\/2025\/04\/songte-cylinder-head-with-all-kinds-excavator-models.webp\" alt=\"Kotr\u00f3g\u00e9p modellek\" \/><\/p>\n<h2>A g\u00e9mhenger alkalmaz\u00e1sai<\/h2>\n<h3>\u00c9p\u00edt\u0151ipari berendez\u00e9sek<\/h3>\n<p>A kotr\u00f3g\u00e9pekben a g\u00e9mhengerek l\u00e9tfontoss\u00e1g\u00faak az \u00e1s\u00e1shoz, a talaj vagy t\u00f6rmel\u00e9k rakod\u00e1s\u00e1hoz \u00e9s mozgat\u00e1s\u00e1hoz. Ezek teszik lehet\u0151v\u00e9, hogy a kan\u00e1l hat\u00e9konyan hatoljon be a talajba, lehet\u0151v\u00e9 t\u00e9ve a hat\u00e9kony f\u00f6ldmunk\u00e1kat. A kotr\u00f3g\u00e9p-rakod\u00f3kban ezek a hengerek mind az \u00e1s\u00e1st, mind az emel\u00e9st seg\u00edtik, \u00edgy n\u00e9lk\u00fcl\u00f6zhetetlenek az \u00e9p\u00edt\u00e9si feladatokban.<\/p>\n<h3>Mez\u0151gazdas\u00e1gi g\u00e9pek<\/h3>\n<p>A homlokrakod\u00f3kban a g\u00e9mhengereket talaj, sz\u00e9na \u00e9s egy\u00e9b anyagok mer\u00e9s\u00e9re, emel\u00e9s\u00e9re \u00e9s sz\u00e1ll\u00edt\u00e1s\u00e1ra haszn\u00e1lj\u00e1k. Robusztus hidraulikus m\u0171k\u00f6d\u00e9s\u00fck biztos\u00edtja a mez\u0151gazdas\u00e1gi feladatok gyors \u00e9s hat\u00e9kony elv\u00e9gz\u00e9s\u00e9t, k\u00f6nnyed\u00e9n kezelve a nagy mennyis\u00e9g\u0171 anyagot.<\/p>\n<h3>Kotr\u00f3g\u00e9pek<\/h3>\n<p>A kotr\u00f3g\u00e9pekn\u00e9l a g\u00e9mhenger megk\u00f6nny\u00edti az \u00e1s\u00e1si m\u0171veletet az\u00e1ltal, hogy lehet\u0151v\u00e9 teszi a kan\u00e1l m\u00e9ly bejut\u00e1s\u00e1t a talajba. Ez a funkci\u00f3 kulcsfontoss\u00e1g\u00fa a k\u00fcl\u00f6nf\u00e9le \u00e1s\u00e1si alkalmaz\u00e1sokn\u00e1l, biztos\u00edtva a g\u00e9p optim\u00e1lis hat\u00e9konys\u00e1g\u00e1t.<\/p>\n<h3>Rakod\u00f3k<\/h3>\n<p>A homlokrakod\u00f3kban a g\u00e9mhengerek hat\u00e9konyan seg\u00edtik a rakom\u00e1nyok emel\u00e9s\u00e9t \u00e9s \u00fcr\u00edt\u00e9s\u00e9t. Biztos\u00edtj\u00e1k, hogy a neh\u00e9z anyagokat prec\u00edzen lehessen egyik helyr\u0151l a m\u00e1sikra mozgatni, jelent\u0151sen n\u00f6velve a rakod\u00e1si feladatok termel\u00e9kenys\u00e9g\u00e9t.<\/p>\n<h2>Tervez\u00e9si szempontok \u00e9s kiv\u00e1laszt\u00e1si krit\u00e9riumok<\/h2>\n<h3>Teherb\u00edr\u00e1s<\/h3>\n<p>A g\u00e9mhenger kiv\u00e1laszt\u00e1sakor kritikus fontoss\u00e1g\u00fa a teherb\u00edr\u00e1s felm\u00e9r\u00e9se. A hengernek k\u00e9pesnek kell lennie az \u00fczemi helyzetekben el\u0151fordul\u00f3 maxim\u00e1lis terhel\u00e9s elvisel\u00e9s\u00e9re. Ez mag\u00e1ban foglalja a henger alkatr\u00e9szeinek hidraulikus nyom\u00e1s\u00e1nak \u00e9s mechanikai szil\u00e1rds\u00e1g\u00e1nak \u00e9rt\u00e9kel\u00e9s\u00e9t a megb\u00edzhat\u00f3s\u00e1g \u00e9s a biztons\u00e1g biztos\u00edt\u00e1sa \u00e9rdek\u00e9ben az \u00fczemel\u00e9s sor\u00e1n.<\/p>\n<h3>T\u00f6m\u00edt\u00e9s<\/h3>\n<p>A hat\u00e9kony t\u00f6m\u00edt\u00e9s elengedhetetlen a hidraulikus hengerek hossz\u00fa \u00e9lettartam\u00e1hoz. A kiv\u00e1l\u00f3 min\u0151s\u00e9g\u0171 t\u00f6m\u00edt\u00e9sek megakad\u00e1lyozz\u00e1k a hidraulikafolyad\u00e9k sziv\u00e1rg\u00e1s\u00e1t, ami ronthatja a teljes\u00edtm\u00e9nyt \u00e9s m\u0171k\u00f6d\u00e9si hib\u00e1khoz vezethet. A megfelel\u0151 t\u00f6m\u00edt\u0151anyagok, p\u00e9ld\u00e1ul a poliuret\u00e1n \u00e9s a nitrilgumi kiv\u00e1laszt\u00e1sa jelent\u0151sen n\u00f6velheti a tart\u00f3ss\u00e1got \u00e9s a megb\u00edzhat\u00f3s\u00e1got.<\/p>\n<h3>Tart\u00f3ss\u00e1g<\/h3>\n<p>A tart\u00f3ss\u00e1g a g\u00e9mhengerek egyik kulcsfontoss\u00e1g\u00fa tulajdons\u00e1ga. \u00dagy kell \u0151ket tervezni, hogy ellen\u00e1lljanak a zord \u00fczemi k\u00f6r\u00fclm\u00e9nyeknek, bele\u00e9rtve a sz\u00e9ls\u0151s\u00e9ges h\u0151m\u00e9rs\u00e9kleteket \u00e9s a korroz\u00edv anyagoknak val\u00f3 kitetts\u00e9get. A fejlett anyagok \u00e9s v\u00e9d\u0151bevonatok haszn\u00e1lata jav\u00edthatja a henger \u00e9lettartam\u00e1t \u00e9s teljes\u00edtm\u00e9ny\u00e9t ig\u00e9nyes k\u00f6rnyezetben.<\/p>\n<h3>Biztons\u00e1g<\/h3>\n<p>A biztons\u00e1gi szempontoknak mindig el\u0151t\u00e9rben kell lenni\u00fck a hidraulikus hengerek tervez\u00e9s\u00e9n\u00e9l. Az olyan jellemz\u0151k, mint a nyom\u00e1scs\u00f6kkent\u0151 szelepek \u00e9s a biztons\u00e1gi mechanizmusok seg\u00edtenek megel\u0151zni a katasztrof\u00e1lis meghib\u00e1sod\u00e1sokat \u00e9s biztos\u00edtani a biztons\u00e1gos m\u0171k\u00f6d\u00e9st. A hidraulikus rendszerekre vonatkoz\u00f3 biztons\u00e1gi szabv\u00e1nyok meg\u00e9rt\u00e9se elengedhetetlen a g\u00e9mhenger kiv\u00e1laszt\u00e1sakor.<\/p>\n<h3>Karbantart\u00e1s \u00e9s jav\u00edthat\u00f3s\u00e1g<\/h3>\n<p>A g\u00e9mhenger kialak\u00edt\u00e1s\u00e1nak lehet\u0151v\u00e9 kell tennie a k\u00f6nny\u0171 karbantart\u00e1st \u00e9s jav\u00edt\u00e1st. Ez mag\u00e1ban foglalja azokat a funkci\u00f3kat, amelyek lehet\u0151v\u00e9 teszik a t\u00f6m\u00edt\u00e9sekhez \u00e9s m\u00e1s alkatr\u00e9szekhez val\u00f3 gyors hozz\u00e1f\u00e9r\u00e9st ellen\u0151rz\u00e9s \u00e9s csere c\u00e9lj\u00e1b\u00f3l. A rendszeres karbantart\u00e1si gyakorlatok jelent\u0151sen meghosszabb\u00edthatj\u00e1k a henger \u00e9lettartam\u00e1t \u00e9s biztos\u00edthatj\u00e1k az optim\u00e1lis teljes\u00edtm\u00e9nyt.<\/p>\n<p><img decoding=\"async\" src=\"https:\/\/www.hydraulic-cylinders.net\/wp-content\/uploads\/2025\/04\/songte-oil-pipes-and-spare-parts.webp\" alt=\"Hidraulikus alkatr\u00e9szek\" \/><\/p>\n<h2>T\u00f6m\u00edt\u00e9s \u00e9s ken\u00e9s<\/h2>\n<p>A hat\u00e9kony t\u00f6m\u00edt\u00e9s \u00e9s ken\u00e9s elengedhetetlen a hidraulikus hengerek teljes\u00edtm\u00e9ny\u00e9hez. K\u00fcl\u00f6nb\u00f6z\u0151 t\u00f6m\u00edt\u00e9st\u00edpusokat, p\u00e9ld\u00e1ul dugatty\u00fat\u00f6m\u00edt\u00e9seket \u00e9s r\u00fadt\u00f6m\u00edt\u00e9seket kell haszn\u00e1lni a folyad\u00e9kt\u00e1rol\u00e1s biztos\u00edt\u00e1s\u00e1hoz. A t\u00f6m\u00edt\u00e9seknek kop\u00e1s\u00e1ll\u00f3 anyagokb\u00f3l, p\u00e9ld\u00e1ul poliuret\u00e1nb\u00f3l \u00e9s nitrilgumib\u00f3l kell k\u00e9sz\u00fclni\u00fck, amelyek kiv\u00e1l\u00f3 tart\u00f3ss\u00e1got biztos\u00edtanak. A hengertestet \u00e9s a menetes v\u00e9geket finoman megmunk\u00e1lni kell a kop\u00e1s\u00e1ll\u00f3s\u00e1g fokoz\u00e1sa \u00e9rdek\u00e9ben. A megfelel\u0151 hidraulikaolajjal t\u00f6rt\u00e9n\u0151 rendszeres ken\u00e9s sz\u00fcks\u00e9ges a z\u00f6kken\u0151mentes m\u0171k\u00f6d\u00e9s fenntart\u00e1s\u00e1hoz \u00e9s a mozg\u00f3 alkatr\u00e9szek kop\u00e1s\u00e1nak cs\u00f6kkent\u00e9s\u00e9hez.<\/p>\n<h2>Rendszeres ellen\u0151rz\u00e9s \u00e9s megel\u0151z\u0151 karbantart\u00e1s<\/h2>\n<ul>\n<li><strong>Rendszeres ellen\u0151rz\u00e9sek:<\/strong> A rendszeres ellen\u0151rz\u00e9sek seg\u00edthetnek a kop\u00e1s \u00e9s elhaszn\u00e1l\u00f3d\u00e1s korai jeleinek azonos\u00edt\u00e1s\u00e1ban, biztos\u00edtva, hogy a lehets\u00e9ges probl\u00e9m\u00e1kat m\u00e9g azel\u0151tt kezelj\u00e9k, miel\u0151tt azok s\u00falyosbodn\u00e1nak.<\/li>\n<li><strong>Megfelel\u0151 ken\u00e9s:<\/strong> A megfelel\u0151 ken\u00e9si szint fenntart\u00e1sa kulcsfontoss\u00e1g\u00fa a s\u00farl\u00f3d\u00e1sb\u00f3l ered\u0151 k\u00e1rok megel\u0151z\u00e9se \u00e9s a hidraulikus rendszer z\u00f6kken\u0151mentes m\u0171k\u00f6d\u00e9s\u00e9nek biztos\u00edt\u00e1sa \u00e9rdek\u00e9ben.<\/li>\n<li><strong>T\u00f6m\u00edt\u00e9scsere:<\/strong> A t\u00f6m\u00edt\u00e9sek rendszeres ellen\u0151rz\u00e9se \u00e9s sz\u00fcks\u00e9g szerinti cser\u00e9je megakad\u00e1lyozza a hidraulikafolyad\u00e9k sziv\u00e1rg\u00e1s\u00e1t \u00e9s meg\u0151rzi a rendszer integrit\u00e1s\u00e1t.<\/li>\n<\/ul>\n<h2>Telep\u00edt\u00e9si \u00fatmutat\u00f3<\/h2>\n<p>A g\u00e9mhenger megfelel\u0151 beszerel\u00e9se elengedhetetlen az optim\u00e1lis teljes\u00edtm\u00e9nyhez. Kezdje azzal, hogy megbizonyosodik arr\u00f3l, hogy a henger megfelel\u0151en illeszkedik a g\u00e9p r\u00f6gz\u00edt\u00e9si pontjaihoz, hogy elker\u00fclje a t\u00falzott terhel\u00e9st. Haszn\u00e1ljon megfelel\u0151 r\u00f6gz\u00edt\u0151konzolokat a henger r\u00f6gz\u00edt\u00e9s\u00e9hez, megakad\u00e1lyozva az elmozdul\u00e1st, ami meghib\u00e1sod\u00e1shoz vezethet. A megfelel\u0151 folyad\u00e9k\u00e1raml\u00e1s biztos\u00edt\u00e1sa \u00e9s a sziv\u00e1rg\u00e1sok elker\u00fcl\u00e9se \u00e9rdek\u00e9ben gondosan k\u00f6vesse a gy\u00e1rt\u00f3 hidraulikus csatlakoz\u00e1sokra vonatkoz\u00f3 el\u0151\u00edr\u00e1sait. A beszerel\u00e9s ut\u00e1n alaposan ellen\u0151rizze, hogy minden alkatr\u00e9sz biztons\u00e1gosan r\u00f6gz\u00edtve van-e \u00e9s megfelel\u0151en m\u0171k\u00f6dik-e.<\/p>\n<h2>Karbantart\u00e1si feladatok<\/h2>\n<ul>\n<li><strong>Rendszeres ellen\u0151rz\u00e9sek:<\/strong> A kop\u00e1s, sziv\u00e1rg\u00e1sok \u00e9s a megfelel\u0151 be\u00e1ll\u00edt\u00e1s rendszeres ellen\u0151rz\u00e9se elengedhetetlen. Figyeljen oda a henger \u00e9s alkatr\u00e9szeinek \u00e1ltal\u00e1nos \u00e1llapot\u00e1ra, \u00e9s azonnal foglalkozzon a probl\u00e9m\u00e1kkal.<\/li>\n<li><strong>Megfelel\u0151 ken\u00e9s:<\/strong> Gy\u0151z\u0151dj\u00f6n meg arr\u00f3l, hogy a hidraulikaolaj szintje el\u00e9ri az aj\u00e1nlott szintet. Az optim\u00e1lis teljes\u00edtm\u00e9ny \u00e9rdek\u00e9ben haszn\u00e1ljon kiv\u00e1l\u00f3 min\u0151s\u00e9g\u0171 ken\u0151anyagokat, amelyek megfelelnek vagy meghaladj\u00e1k a gy\u00e1rt\u00f3 el\u0151\u00edr\u00e1sait.<\/li>\n<li><strong>T\u00f6m\u00edt\u00e9scsere:<\/strong> Rendszeresen ellen\u0151rizze a t\u00f6m\u00edt\u00e9seket kop\u00e1s jelei szempontj\u00e1b\u00f3l, \u00e9s sz\u00fcks\u00e9g szerint cser\u00e9lje ki \u0151ket a hidraulikafolyad\u00e9k sziv\u00e1rg\u00e1s\u00e1nak megel\u0151z\u00e9se \u00e9rdek\u00e9ben. Ez a karbantart\u00e1si feladat elengedhetetlen a rendszer integrit\u00e1s\u00e1nak \u00e9s teljes\u00edtm\u00e9ny\u00e9nek fenntart\u00e1s\u00e1hoz.<\/li>\n<\/ul>\n<p>A megfelel\u0151 telep\u00edt\u00e9s, ken\u00e9s \u00e9s be\u00e1ll\u00edt\u00e1s kulcsfontoss\u00e1g\u00fa a g\u00e9mhenger \u00e9lettartam\u00e1nak maximaliz\u00e1l\u00e1sa \u00e9rdek\u00e9ben. A telep\u00edt\u00e9s sor\u00e1n aj\u00e1nlott megfelel\u0151 be\u00e1ll\u00edt\u00e1si technik\u00e1kat alkalmazni a henger terhel\u00e9s\u00e9nek elker\u00fcl\u00e9se \u00e9rdek\u00e9ben. Az aj\u00e1nlott ellen\u0151rz\u00e9si, jav\u00edt\u00e1si \u00e9s csereprotokollok betart\u00e1sa tov\u00e1bb n\u00f6veli a hidraulikus rendszer \u00e9lettartam\u00e1t.<\/p>\n<p><img decoding=\"async\" src=\"https:\/\/www.hydraulic-cylinders.net\/wp-content\/uploads\/2025\/04\/songte-chushion-collar.webp\" alt=\"P\u00e1rna gall\u00e9r\" \/><\/p>\n<h2>Biztons\u00e1gi szempontok \u00e9s k\u00f6rnyezeti t\u00e9nyez\u0151k<\/h2>\n<p>Hidraulikus hengerek haszn\u00e1latakor a biztons\u00e1gi int\u00e9zked\u00e9sek bevezet\u00e9se rendk\u00edv\u00fcl fontos. A balesetek megel\u0151z\u00e9se \u00e9rdek\u00e9ben a telep\u00edt\u00e9s \u00e9s karbantart\u00e1s sor\u00e1n mindig tartsa be a biztons\u00e1gi el\u0151\u00edr\u00e1sokat. Ezenk\u00edv\u00fcl vegye figyelembe a k\u00f6rnyezeti t\u00e9nyez\u0151ket, p\u00e9ld\u00e1ul a hidraulikafolyad\u00e9kok megfelel\u0151 \u00e1rtalmatlan\u00edt\u00e1s\u00e1t \u00e9s a sziv\u00e1rg\u00e1sok hat\u00e1s\u00e1t a k\u00f6rnyez\u0151 \u00f6kosziszt\u00e9m\u00e1kra. A biol\u00f3giailag leboml\u00f3 hidraulikafolyad\u00e9kok haszn\u00e1lata seg\u00edthet cs\u00f6kkenteni a k\u00f6rnyezeti kock\u00e1zatokat.<\/p>\n<h2>Hibadiagn\u00f3zis \u00e9s gyakori probl\u00e9m\u00e1k<\/h2>\n<ul>\n<li><strong>Hidraulikafolyad\u00e9k sziv\u00e1rg\u00e1s:<\/strong> Ez a probl\u00e9ma kopott t\u00f6m\u00edt\u00e9sekb\u0151l vagy s\u00e9r\u00fclt t\u00f6ml\u0151kb\u0151l eredhet. A rendszeres ellen\u0151rz\u00e9sek seg\u00edthetnek a sziv\u00e1rg\u00e1sok korai azonos\u00edt\u00e1s\u00e1ban, lehet\u0151v\u00e9 t\u00e9ve az id\u0151ben t\u00f6rt\u00e9n\u0151 jav\u00edt\u00e1sokat.<\/li>\n<li><strong>Lass\u00fa hengermozg\u00e1s:<\/strong> Ha a henger nem h\u00faz\u00f3dik ki vagy be sim\u00e1n, az alacsony hidraulikafolyad\u00e9k-szintre vagy a rendszer szennyez\u0151d\u00e9s\u00e9re utalhat.<\/li>\n<li><strong>Szokatlan zajok:<\/strong> A m\u0171k\u00f6d\u00e9s k\u00f6zbeni csikorg\u00f3 vagy pattog\u00f3 hangok mechanikai probl\u00e9m\u00e1kra utalhatnak a hengerben vagy a hidraulikus rendszerben.<\/li>\n<\/ul>\n<p>A hat\u00e9kony hibaelh\u00e1r\u00edt\u00e1s \u00e9rdek\u00e9ben mindig olvassa el a gy\u00e1rt\u00f3 ir\u00e1nyelveit, \u00e9s haszn\u00e1ljon diagnosztikai eszk\u00f6z\u00f6ket a probl\u00e9m\u00e1k pontos meghat\u00e1roz\u00e1s\u00e1hoz. A megel\u0151z\u0151 int\u00e9zked\u00e9sek, p\u00e9ld\u00e1ul a rendszeres karbantart\u00e1s \u00e9s ellen\u0151rz\u00e9sek bevezet\u00e9se jelent\u0151sen cs\u00f6kkentheti a probl\u00e9m\u00e1k el\u0151fordul\u00e1s\u00e1nak val\u00f3sz\u00edn\u0171s\u00e9g\u00e9t.<\/p>\n<p><img decoding=\"async\" src=\"https:\/\/www.hydraulic-cylinders.net\/wp-content\/uploads\/2025\/04\/songte-bushings-with-all-kinds-of-excavator-models.webp\" alt=\"perselyek\" \/><\/p>\n<h2>Konkl\u00fazi\u00f3: C\u00e9g\u00fcnkr\u0151l<\/h2>\n<p>Vezet\u0151 gy\u00e1rt\u00f3i vagyunk a p\u00f3talkatr\u00e9szk\u00e9nt szolg\u00e1l\u00f3 hidraulikus hengereknek, \u00e1tfog\u00f3 term\u00e9kv\u00e1laszt\u00e9kkal, amely a hazai \u00e9s a nemzetk\u00f6zi piacokat szolg\u00e1lja ki. A min\u0151s\u00e9g ir\u00e1nti elk\u00f6telezetts\u00e9g\u00fcnket kifinomult gy\u00e1rt\u00e1si folyamatok \u00e9s korszer\u0171 termel\u00e9sir\u00e1ny\u00edt\u00e1si strat\u00e9gi\u00e1k t\u00e1mogatj\u00e1k. C\u00e9g\u00fcnk folyamatosan fejleszti gy\u00e1rt\u00e1si platformjait k\u00e9pzett technikusok, fejlett digit\u00e1lis gy\u00e1rt\u00f3berendez\u00e9sek \u00e9s professzion\u00e1lis tesztel\u0151rendszerek alkalmaz\u00e1s\u00e1val. B\u00fcszk\u00e9k vagyunk arra, hogy k\u00e9pesek vagyunk nagy hat\u00e9konys\u00e1ggal, pontoss\u00e1ggal \u00e9s min\u0151s\u00e9gben kiel\u00e9g\u00edteni az \u00fcgyfelek v\u00e1ltozatos ig\u00e9nyeit.<\/p>\n<p>Szakmai szak\u00e9rtelm\u00fcnkkel, nemzetk\u00f6zi tan\u00fas\u00edtv\u00e1nyainkkal, testreszabott szolg\u00e1ltat\u00e1sainkkal, korszer\u0171 gy\u00e1rt\u00f3berendez\u00e9seinkkel \u00e9s kiv\u00e1l\u00f3 \u00e9rt\u00e9kes\u00edt\u00e9s ut\u00e1ni t\u00e1mogat\u00e1sunkkal elk\u00f6telezettek vagyunk az elv\u00e1r\u00e1sokat fel\u00fclm\u00fal\u00f3 hidraulikus megold\u00e1sok biztos\u00edt\u00e1sa ir\u00e1nt.<\/p>\n<p><img decoding=\"async\" src=\"https:\/\/www.hydraulic-cylinders.net\/wp-content\/uploads\/2025\/04\/songte-company-4.webp\" alt=\"C\u00e9gk\u00e9p 1\" \/><br \/>\n<img decoding=\"async\" src=\"https:\/\/www.hydraulic-cylinders.net\/wp-content\/uploads\/2025\/04\/songte-company-3.webp\" alt=\"C\u00e9gk\u00e9p 2\" \/><\/p>\n<p>Szerz\u0151: lyl<\/p>","protected":false},"excerpt":{"rendered":"<p>Boom Cylinder For TCK HD1023LC-8H Introduction to Boom Cylinder The Boom Cylinder is an essential hydraulic component used in various heavy machinery, particularly excavators, backhoe loaders, and front loaders. This hydraulic cylinder is designed to control the movement of the bucket, allowing it to lift, lower, and tilt with precision. The efficient operation of the [&hellip;]<\/p>","protected":false},"featured_media":17867,"comment_status":"open","ping_status":"closed","template":"","meta":{"_et_pb_use_builder":"","_et_pb_old_content":"","_et_gb_content_width":""},"product_brand":[],"product_cat":[1546],"product_tag":[1547,1496],"class_list":{"0":"post-19498","1":"product","2":"type-product","3":"status-publish","4":"has-post-thumbnail","6":"product_cat-boom-cylinders","7":"product_tag-boom-cylinders","8":"product_tag-hydraulic-cylinders","10":"first","11":"instock","12":"shipping-taxable","13":"product-type-simple"},"amp_enabled":true,"_links":{"self":[{"href":"https:\/\/www.hydraulic-cylinders.net\/hu\/wp-json\/wp\/v2\/product\/19498","targetHints":{"allow":["GET"]}}],"collection":[{"href":"https:\/\/www.hydraulic-cylinders.net\/hu\/wp-json\/wp\/v2\/product"}],"about":[{"href":"https:\/\/www.hydraulic-cylinders.net\/hu\/wp-json\/wp\/v2\/types\/product"}],"replies":[{"embeddable":true,"href":"https:\/\/www.hydraulic-cylinders.net\/hu\/wp-json\/wp\/v2\/comments?post=19498"}],"wp:featuredmedia":[{"embeddable":true,"href":"https:\/\/www.hydraulic-cylinders.net\/hu\/wp-json\/wp\/v2\/media\/17867"}],"wp:attachment":[{"href":"https:\/\/www.hydraulic-cylinders.net\/hu\/wp-json\/wp\/v2\/media?parent=19498"}],"wp:term":[{"taxonomy":"product_brand","embeddable":true,"href":"https:\/\/www.hydraulic-cylinders.net\/hu\/wp-json\/wp\/v2\/product_brand?post=19498"},{"taxonomy":"product_cat","embeddable":true,"href":"https:\/\/www.hydraulic-cylinders.net\/hu\/wp-json\/wp\/v2\/product_cat?post=19498"},{"taxonomy":"product_tag","embeddable":true,"href":"https:\/\/www.hydraulic-cylinders.net\/hu\/wp-json\/wp\/v2\/product_tag?post=19498"}],"curies":[{"name":"munkaf\u00fczet","href":"https:\/\/api.w.org\/{rel}","templated":true}]}}