{"id":19516,"date":"2025-04-07T06:51:52","date_gmt":"2025-04-07T06:51:52","guid":{"rendered":"https:\/\/www.hydraulic-cylinders.net\/product\/boom-cylinder-for-carter-ct65-8b\/"},"modified":"2025-04-07T06:51:54","modified_gmt":"2025-04-07T06:51:54","slug":"boom-cylinder-for-carter-ct65-8b","status":"publish","type":"product","link":"https:\/\/www.hydraulic-cylinders.net\/hu\/termek\/boom-cylinder-for-carter-ct65-8b\/","title":{"rendered":"G\u00e9mhenger Carter CT65-8B-hez"},"content":{"rendered":"<h1>G\u00e9mhenger Carter CT65-8B-hez<\/h1>\n<h2>Bevezet\u00e9s a g\u00e9mhengerbe<\/h2>\n<p>A Carter CT65-8B g\u00e9mhengere l\u00e9tfontoss\u00e1g\u00fa alkatr\u00e9sz a hidraulikus rendszerekben, kifejezetten neh\u00e9zg\u00e9pekhez, p\u00e9ld\u00e1ul kotr\u00f3g\u00e9pekhez, kotr\u00f3g\u00e9pekhez \u00e9s homlokrakod\u00f3khoz tervezve. Ez a hidraulikus henger vez\u00e9rli a kan\u00e1l mozg\u00e1s\u00e1t, lehet\u0151v\u00e9 t\u00e9ve a hat\u00e9kony emel\u00e9st, s\u00fcllyeszt\u00e9st \u00e9s billent\u00e9st, ami elengedhetetlen az anyagmozgat\u00e1si feladatokhoz. Robusztus konstrukci\u00f3j\u00e1nak k\u00f6sz\u00f6nhet\u0151en a g\u00e9mhenger z\u00f6kken\u0151mentes m\u0171k\u00f6d\u00e9st \u00e9s pontoss\u00e1got biztos\u00edt k\u00fcl\u00f6nf\u00e9le alkalmaz\u00e1sokban, biztos\u00edtva a sz\u00fcks\u00e9ges teljes\u00edtm\u00e9nyt a neh\u00e9z terhek hat\u00e9kony kezel\u00e9s\u00e9hez.<\/p>\n<p><img decoding=\"async\" src=\"https:\/\/www.hydraulic-cylinders.net\/wp-content\/uploads\/2025\/04\/songte-company-1.webp\" alt=\"G\u00e9mhenger\"><\/p>\n<h3>A v\u00f6d\u00f6rhenger meghat\u00e1roz\u00e1sa \u00e9s \u00e1ttekint\u00e9se<\/h3>\n<p>A bucket cylinder is a specialized type of hydraulic cylinder that plays a crucial role in controlling the bucket&#8217;s movement on heavy machinery. It allows operators to perform tasks such as digging, lifting, and dumping materials with high efficiency. The design of these cylinders focuses on durability and reliability, ensuring they can withstand the rigorous demands of construction and excavation work. This versatility makes them indispensable in various industries, from construction to agriculture.<\/p>\n<h2>A g\u00e9mhenger jellemz\u0151i<\/h2>\n<ul>\n<li><strong>Nagy szil\u00e1rds\u00e1g \u00e9s tart\u00f3ss\u00e1g:<\/strong> A nagy szil\u00e1rds\u00e1g\u00fa ac\u00e9lb\u00f3l vagy alum\u00edniumb\u00f3l k\u00e9sz\u00fclt g\u00e9mhenger nagy nyom\u00e1st \u00e9s nagy terhel\u00e9st b\u00edr ki, \u00edgy alkalmass\u00e1 teszi a zord munkak\u00f6rnyezetre.<\/li>\n<li><strong>Hat\u00e9kony hidraulikus m\u0171k\u00f6dtet\u00e9s:<\/strong> A hidraulikus folyad\u00e9knyom\u00e1s kihaszn\u00e1l\u00e1sa lehet\u0151v\u00e9 teszi a sima ki- \u00e9s visszah\u00faz\u00e1st, gyors reag\u00e1l\u00e1st biztos\u00edtva a m\u0171k\u00f6d\u00e9si parancsokra, \u00e9s er\u0151teljes tol\u00f3- \u00e9s h\u00faz\u00f3er\u0151ket biztos\u00edtva.<\/li>\n<li><strong>K\u00fcl\u00f6nb\u00f6z\u0151 t\u00edpusok:<\/strong> Ezek a hengerek egyszeres \u00e9s kett\u0151s m\u0171k\u00f6d\u00e9s\u0171 v\u00e1ltozatban kaphat\u00f3k, \u00e9s a k\u00fcl\u00f6nb\u00f6z\u0151 m\u0171k\u00f6d\u00e9si k\u00f6vetelm\u00e9nyekhez igaz\u00edthat\u00f3k. Egyes modellek teleszk\u00f3posak, \u00edgy nagyobb kiny\u00fal\u00e1st tesznek lehet\u0151v\u00e9 a k\u00fcls\u0151 m\u00e9retek n\u00f6vel\u00e9se n\u00e9lk\u00fcl, \u00edgy ide\u00e1lisak a helysz\u0171k\u00e9ben l\u00e9v\u0151 alkalmaz\u00e1sokhoz.<\/li>\n<li><strong>Korr\u00f3zi\u00f3\u00e1ll\u00f3s\u00e1g:<\/strong> Korr\u00f3zi\u00f3- \u00e9s kop\u00e1s\u00e1ll\u00f3 anyagokb\u00f3l k\u00e9sz\u00fclt, \u00edgy a henger \u00e9lettartama m\u00e9g kih\u00edv\u00e1st jelent\u0151 k\u00f6rnyezetben is megn\u0151.<\/li>\n<li><strong>K\u00f6nny\u0171 karbantart\u00e1s:<\/strong> A szerkezet egyszer\u0171 karbantart\u00e1st tesz lehet\u0151v\u00e9, biztos\u00edtva, hogy a kezel\u0151k optim\u00e1lis \u00fczem\u00e1llapotban tarthass\u00e1k a hengereket.<\/li>\n<\/ul>\n<h3>Gy\u00e1rt\u00e1si k\u00e9pess\u00e9g\u00fcnk<\/h3>\n<p>Rendelkez\u00fcnk a szak\u00e9rtelemmel ahhoz, hogy kiv\u00e1l\u00f3 min\u0151s\u00e9g\u0171 g\u00e9mhengereket gy\u00e1rtsunk, amelyek t\u00f6k\u00e9letesen helyettes\u00edthetik a megl\u00e9v\u0151 hidraulikus hengereket. Term\u00e9keinket a precizit\u00e1s \u00e9s a tart\u00f3ss\u00e1g szem el\u0151tt tart\u00e1s\u00e1val tervezz\u00fck, biztos\u00edtva, hogy megfeleljenek az ipar\u00e1gi szabv\u00e1nyoknak \u00e9s az \u00fcgyfelek elv\u00e1r\u00e1sainak.<\/p>\n<p><img decoding=\"async\" src=\"https:\/\/www.hydraulic-cylinders.net\/wp-content\/uploads\/2025\/04\/songte-cylinder-head-with-all-kinds-excavator-models.webp\" alt=\"Kotr\u00f3g\u00e9p modellek\"><\/p>\n<h2>A g\u00e9mhenger alkalmaz\u00e1sai<\/h2>\n<h3>\u00c9p\u00edt\u0151ipari berendez\u00e9sek<\/h3>\n<p>Az \u00e9p\u00edt\u0151ipari berendez\u00e9sekben, p\u00e9ld\u00e1ul a kotr\u00f3g\u00e9pekben a g\u00e9mhengerek elengedhetetlenek a talaj vagy t\u00f6rmel\u00e9k \u00e1s\u00e1s\u00e1hoz, rakod\u00e1s\u00e1hoz \u00e9s mozgat\u00e1s\u00e1hoz. Ezek biztos\u00edtj\u00e1k a sz\u00fcks\u00e9ges er\u0151t a neh\u00e9z anyagok pontos emel\u00e9s\u00e9hez \u00e9s elhelyez\u00e9s\u00e9hez. Ezeknek a hengereknek a teljes\u00edtm\u00e9nye k\u00f6zvetlen\u00fcl befoly\u00e1solja a f\u00f6ldmunk\u00e1k hat\u00e9konys\u00e1g\u00e1t, lehet\u0151v\u00e9 t\u00e9ve a projektek gyorsabb befejez\u00e9s\u00e9t.<\/p>\n<h3>Mez\u0151gazdas\u00e1gi g\u00e9pek<\/h3>\n<p>A g\u00e9mhengerek homlokrakod\u00f3kban is megtal\u00e1lhat\u00f3k, ahol seg\u00edtenek a talaj, sz\u00e9na \u00e9s egy\u00e9b anyagok \u00e1s\u00e1s\u00e1ban, emel\u00e9s\u00e9ben \u00e9s sz\u00e1ll\u00edt\u00e1s\u00e1ban. A neh\u00e9z terhek kezel\u00e9s\u00e9re \u00e9s a t\u00f6bbc\u00e9l\u00fa feladatok elv\u00e9gz\u00e9s\u00e9re val\u00f3 k\u00e9pess\u00e9g\u00fck n\u00f6veli a gazdas\u00e1gok termel\u00e9kenys\u00e9g\u00e9t, \u00edgy a mez\u0151gazdas\u00e1gi m\u0171veletek l\u00e9tfontoss\u00e1g\u00fa r\u00e9sz\u00e9v\u00e9 v\u00e1lnak.<\/p>\n<h3>Kotr\u00f3g\u00e9pek<\/h3>\n<p>A kotr\u00f3g\u00e9pekn\u00e9l a g\u00e9mhenger lehet\u0151v\u00e9 teszi, hogy a kan\u00e1l hat\u00e9konyan hatoljon a talajba a f\u00f6ldmunk\u00e1k sor\u00e1n. Ez a funkci\u00f3 kulcsfontoss\u00e1g\u00fa a maxim\u00e1lis \u00e1s\u00e1si m\u00e9lys\u00e9g \u00e9s hat\u00e9konys\u00e1g el\u00e9r\u00e9s\u00e9hez, hozz\u00e1j\u00e1rulva a g\u00e9p \u00e1ltal\u00e1nos teljes\u00edtm\u00e9ny\u00e9hez.<\/p>\n<h3>Rakod\u00f3k<\/h3>\n<p>Homlokrakod\u00f3kn\u00e1l a g\u00e9mhengerek hat\u00e9konyan emelik \u00e9s \u00fcr\u00edtik a terheket. Hidraulikus erej\u00fck lehet\u0151v\u00e9 teszi a kezel\u0151k sz\u00e1m\u00e1ra, hogy k\u00f6nnyed\u00e9n man\u0151verezz\u00e9k a neh\u00e9z anyagokat, jav\u00edtva a be- \u00e9s kirakod\u00e1si folyamatok hat\u00e9konys\u00e1g\u00e1t, ami k\u00fcl\u00f6n\u00f6sen el\u0151ny\u00f6s az \u00e9p\u00edt\u0151iparban \u00e9s a hullad\u00e9kkezel\u00e9si m\u0171veletekben.<\/p>\n<h2>Tervez\u00e9si szempontok \u00e9s kiv\u00e1laszt\u00e1si krit\u00e9riumok<\/h2>\n<h3>Teherb\u00edr\u00e1s<\/h3>\n<p>A g\u00e9mhenger kiv\u00e1laszt\u00e1sakor kulcsfontoss\u00e1g\u00fa a teherb\u00edr\u00e1s ismerete. A hengernek k\u00e9pesnek kell lennie a felemelend\u0151 maxim\u00e1lis s\u00faly elb\u00edr\u00e1s\u00e1ra, biztos\u00edtva a biztons\u00e1got \u00e9s a funkcionalit\u00e1st a m\u0171k\u00f6d\u00e9s sor\u00e1n. A megfelel\u0151 teherb\u00edr\u00e1s\u00fa henger kiv\u00e1laszt\u00e1sa garant\u00e1lja, hogy nyom\u00e1s alatt sem fog meghib\u00e1sodni, cs\u00f6kkentve a balesetek \u00e9s a berendez\u00e9s k\u00e1rosod\u00e1s\u00e1nak kock\u00e1zat\u00e1t.<\/p>\n<h3>T\u00f6m\u00edt\u00e9si teljes\u00edtm\u00e9ny<\/h3>\n<p>Sealing is another critical factor in the design of boom cylinders. High-quality seals prevent hydraulic fluid leaks and maintain pressure within the system. Effective sealing ensures that the cylinder operates smoothly and efficiently, minimizing maintenance needs and prolonging the cylinder&#8217;s lifespan. Various sealing materials, such as polyurethane and nitrile rubber, are chosen for their durability against wear and environmental factors.<\/p>\n<h3>Tart\u00f3ss\u00e1g<\/h3>\n<p>A tart\u00f3ss\u00e1g l\u00e9tfontoss\u00e1g\u00fa a g\u00e9mhengerek eset\u00e9ben, amelyek gyakran zord k\u00f6r\u00fclm\u00e9nyek k\u00f6z\u00f6tt m\u0171k\u00f6dnek. A gy\u00e1rt\u00e1s sor\u00e1n felhaszn\u00e1lt anyagoknak ellen\u00e1llniuk kell a kop\u00e1snak, a korr\u00f3zi\u00f3nak \u00e9s a kif\u00e1rad\u00e1snak a hossz\u00fa t\u00e1v\u00fa teljes\u00edtm\u00e9ny biztos\u00edt\u00e1sa \u00e9rdek\u00e9ben. Egy j\u00f3l megtervezett g\u00e9mhenger olyan jellemz\u0151kkel rendelkezik, amelyek n\u00f6velik a robusztuss\u00e1g\u00e1t, p\u00e9ld\u00e1ul meger\u0151s\u00edtett hegeszt\u00e9sek \u00e9s vastagabb falak, amelyek lehet\u0151v\u00e9 teszik, hogy ellen\u00e1lljon a neh\u00e9z alkalmaz\u00e1sok megpr\u00f3b\u00e1ltat\u00e1sainak.<\/p>\n<h3>Biztons\u00e1gi szabv\u00e1nyok<\/h3>\n<p>A g\u00e9mhengerek tervez\u00e9sekor a biztons\u00e1gi szempontoknak el\u0151t\u00e9rben kell lenni\u00fck. Ez mag\u00e1ban foglalja azokat a funkci\u00f3kat, amelyek megakad\u00e1lyozz\u00e1k a t\u00falnyom\u00e1st, biztos\u00edtva, hogy a henger biztons\u00e1gosan m\u0171k\u00f6dj\u00f6n v\u00e1ltoz\u00f3 terhel\u00e9si k\u00f6r\u00fclm\u00e9nyek k\u00f6z\u00f6tt. Biztons\u00e1gi szelepek \u00e9s nyom\u00e1scs\u00f6kkent\u0151 mechanizmusok be\u00e9p\u00edt\u00e9se seg\u00edthet minimaliz\u00e1lni a balesetek \u00e9s a berendez\u00e9s meghib\u00e1sod\u00e1s\u00e1nak kock\u00e1zat\u00e1t.<\/p>\n<h3>Karbantart\u00e1si k\u00f6vetelm\u00e9nyek<\/h3>\n<p>A g\u00e9mhengerek hossz\u00fa \u00e9lettartam\u00e1nak \u00e9s teljes\u00edtm\u00e9ny\u00e9nek biztos\u00edt\u00e1s\u00e1hoz elengedhetetlen az egyszer\u0171 karbantart\u00e1s. A tervez\u00e9si szempontoknak tartalmazniuk kell a hozz\u00e1f\u00e9rhet\u0151s\u00e9get az ellen\u0151rz\u00e9sek, ken\u00e9s \u00e9s a sz\u00fcks\u00e9ges jav\u00edt\u00e1sok \u00e9rdek\u00e9ben. A rendszeres karbantart\u00e1si feladatoknak egyszer\u0171eknek kell lenni\u00fck, lehet\u0151v\u00e9 t\u00e9ve a kezel\u0151k sz\u00e1m\u00e1ra, hogy a berendez\u00e9st optim\u00e1lis \u00fczem\u00e1llapotban tarts\u00e1k hosszan tart\u00f3 \u00e1ll\u00e1sid\u0151 n\u00e9lk\u00fcl.<\/p>\n<p><img decoding=\"async\" src=\"https:\/\/www.hydraulic-cylinders.net\/wp-content\/uploads\/2025\/04\/songte-oil-pipes-and-spare-parts.webp\" alt=\"Olajcs\u00f6vek \u00e9s alkatr\u00e9szek\"><\/p>\n<h2>T\u00f6m\u00edt\u00e9s \u00e9s ken\u00e9s<\/h2>\n<p>A megfelel\u0151 t\u00f6m\u00edt\u00e9s \u00e9s ken\u00e9s elengedhetetlen a g\u00e9mhengerek hat\u00e9kony m\u0171k\u00f6d\u00e9s\u00e9hez. K\u00fcl\u00f6nb\u00f6z\u0151 t\u00f6m\u00edt\u0151elemeket, p\u00e9ld\u00e1ul dugatty\u00fat\u00f6m\u00edt\u00e9seket \u00e9s r\u00fadt\u00f6m\u00edt\u00e9seket haszn\u00e1lnak annak biztos\u00edt\u00e1s\u00e1ra, hogy a hidraulikafolyad\u00e9k ne sziv\u00e1rogjon, \u00e9s a henger megtartsa a nyom\u00e1s\u00e1t. A tart\u00f3s anyagokb\u00f3l, p\u00e9ld\u00e1ul poliuret\u00e1nb\u00f3l \u00e9s nitrilgumib\u00f3l k\u00e9sz\u00fclt t\u00f6m\u00edt\u00e9sek el\u0151ny\u00f6sek kop\u00e1s\u00e1ll\u00f3s\u00e1guk miatt. Ezenk\u00edv\u00fcl a hengertestet \u00e9s a menetes v\u00e9geket apr\u00f3l\u00e9kosan megmunk\u00e1lj\u00e1k a kop\u00e1s\u00e1ll\u00f3s\u00e1g n\u00f6vel\u00e9se \u00e9rdek\u00e9ben. A rendszeres hidraulikaolajjal t\u00f6rt\u00e9n\u0151 ken\u00e9s sz\u00fcks\u00e9ges a z\u00f6kken\u0151mentes m\u0171k\u00f6d\u00e9s fenntart\u00e1s\u00e1hoz, a s\u00farl\u00f3d\u00e1s cs\u00f6kkent\u00e9s\u00e9hez \u00e9s az id\u0151 el\u0151tti kop\u00e1s megel\u0151z\u00e9s\u00e9hez.<\/p>\n<h2>Megel\u0151z\u0151 karbantart\u00e1si int\u00e9zked\u00e9sek<\/h2>\n<ul>\n<li>Regular Inspections: Conducting routine inspections helps identify potential issues before they escalate into major problems, ensuring the cylinder&#8217;s longevity.<\/li>\n<li>Proper Lubrication: Ensuring adequate lubrication at all times helps minimize wear and tear, maintaining the cylinder&#8217;s performance.<\/li>\n<li>T\u00f6m\u00edt\u00e9scsere: A t\u00f6m\u00edt\u00e9sek \u00e1llapot\u00e1nak ellen\u0151rz\u00e9se \u00e9s sz\u00fcks\u00e9g szerinti cser\u00e9je megakad\u00e1lyozza a sziv\u00e1rg\u00e1sokat \u00e9s fenntartja a hidraulikus nyom\u00e1st.<\/li>\n<\/ul>\n<h2>Telep\u00edt\u00e9si \u00fatmutat\u00f3<\/h2>\n<p>When installing the boom cylinder, it is essential to follow proper procedures to ensure optimal performance. Begin by preparing the installation site, ensuring that it is clean and free from debris. Align the cylinder accurately with the mounting brackets, using appropriate mounting supports to secure it in place. It is critical to ensure that the cylinder is properly aligned to avoid unnecessary stress during operation. Once positioned, secure all bolts and fittings according to the manufacturer&#8217;s specifications. Finally, test the system for leaks and operational efficiency before full-scale use.<\/p>\n<h2>Gyakori karbantart\u00e1si feladatok<\/h2>\n<ul>\n<li><strong>Rendszeres ellen\u0151rz\u00e9sek:<\/strong> V\u00e9gezzen \u00fctemezett ellen\u0151rz\u00e9seket a kop\u00e1s \u00e9s elhaszn\u00e1l\u00f3d\u00e1s azonos\u00edt\u00e1sa \u00e9rdek\u00e9ben, biztos\u00edtva, hogy minden alkatr\u00e9sz megfelel\u0151en m\u0171k\u00f6dj\u00f6n. A rendszeres ellen\u0151rz\u00e9sek lehet\u0151v\u00e9 teszik a probl\u00e9m\u00e1k korai felismer\u00e9s\u00e9t, ami megel\u0151zheti a s\u00falyosabb probl\u00e9m\u00e1k kialakul\u00e1s\u00e1t.<\/li>\n<li><strong>Megfelel\u0151 ken\u00e9s:<\/strong> Gy\u0151z\u0151dj\u00f6n meg arr\u00f3l, hogy a henger \u00e9s alkatr\u00e9szei megfelel\u0151en vannak kenve a z\u00f6kken\u0151mentes m\u0171k\u00f6d\u00e9s \u00e9rdek\u00e9ben. A megfelel\u0151 ken\u00e9s cs\u00f6kkenti a s\u00farl\u00f3d\u00e1st \u00e9s meghosszabb\u00edtja a t\u00f6m\u00edt\u00e9sek \u00e9s a hengeralkatr\u00e9szek \u00e9lettartam\u00e1t.<\/li>\n<li><strong>T\u00f6m\u00edt\u00e9s csere \u00e9s kalibr\u00e1l\u00e1s:<\/strong> Rendszeresen ellen\u0151rizze a t\u00f6m\u00edt\u00e9sek kop\u00e1s\u00e1nak jeleit, \u00e9s sz\u00fcks\u00e9g eset\u00e9n cser\u00e9lje ki \u0151ket. A henger kalibr\u00e1l\u00e1sa biztos\u00edtja, hogy a megadott param\u00e9tereken bel\u00fcl m\u0171k\u00f6dj\u00f6n, n\u00f6velve a teljes\u00edtm\u00e9nyt \u00e9s a biztons\u00e1got.<\/li>\n<\/ul>\n<p>During the installation process, proper alignment of the cylinder is crucial. Utilize suitable mounting brackets to secure the cylinder effectively. Following the recommended inspection, repair, and replacement procedures ensures the cylinder&#8217;s longevity, enhancing its performance and reliability.<\/p>\n<p><img decoding=\"async\" src=\"https:\/\/www.hydraulic-cylinders.net\/wp-content\/uploads\/2025\/04\/songte-chushion-collar.webp\" alt=\"P\u00e1rna gall\u00e9r\"><\/p>\n<h2>Biztons\u00e1gi szempontok \u00e9s k\u00f6rnyezeti t\u00e9nyez\u0151k<\/h2>\n<p>A g\u00e9mhengerekkel v\u00e9gzett munka sor\u00e1n a biztons\u00e1gi int\u00e9zked\u00e9sek kiemelked\u0151en fontosak. A kezel\u0151knek mindig tiszt\u00e1ban kell lenni\u00fck a hidraulikus berendez\u00e9sekkel kapcsolatos lehets\u00e9ges vesz\u00e9lyekkel. V\u00e9d\u0151felszerel\u00e9st kell viselni, \u00e9s a berendez\u00e9s \u00fczemeltet\u00e9se \u00e9s karbantart\u00e1sa sor\u00e1n be kell tartani a megfelel\u0151 protokollokat. Ezenk\u00edv\u00fcl a k\u00f6rnyezeti t\u00e9nyez\u0151k, mint p\u00e9ld\u00e1ul a sz\u00e9ls\u0151s\u00e9ges h\u0151m\u00e9rs\u00e9kleteknek, vegyszereknek \u00e9s nedvess\u00e9gnek val\u00f3 kitetts\u00e9g, befoly\u00e1solhatj\u00e1k a hidraulikus hengerek teljes\u00edtm\u00e9ny\u00e9t. Az \u00fczemi k\u00f6rnyezet rendszeres \u00e9rt\u00e9kel\u00e9se \u00e9s a megfelel\u0151 v\u00e9d\u0151int\u00e9zked\u00e9sek enyh\u00edthetik ezeket a kock\u00e1zatokat, biztos\u00edtva a biztons\u00e1gos \u00e9s hat\u00e9kony m\u0171k\u00f6d\u00e9st.<\/p>\n<h2>Hibaelh\u00e1r\u00edt\u00e1s \u00e9s gyakori probl\u00e9m\u00e1k<\/h2>\n<h3>Gyakori probl\u00e9m\u00e1k<\/h3>\n<ul>\n<li><strong>Sziv\u00e1rg\u00e1sok:<\/strong> A sziv\u00e1rg\u00e1sokat gyakran elkopott t\u00f6m\u00edt\u00e9sek vagy nem megfelel\u0151 beszerel\u00e9s okozza. A rendszeres ellen\u0151rz\u00e9sek seg\u00edthetnek ezen probl\u00e9m\u00e1k gyors azonos\u00edt\u00e1s\u00e1ban \u00e9s jav\u00edt\u00e1s\u00e1ban.<\/li>\n<li><strong>Gyenge teljes\u00edtm\u00e9ny:<\/strong> A cs\u00f6kkent hengerteljes\u00edtm\u00e9nyt a nem megfelel\u0151 ken\u00e9s vagy a bels\u0151 kop\u00e1s okozhatja. A rendszeres karbantart\u00e1s \u00e9s ken\u00e9s kulcsfontoss\u00e1g\u00fa a probl\u00e9ma megel\u0151z\u00e9s\u00e9ben.<\/li>\n<li><strong>T\u00falmeleged\u00e9s:<\/strong> A t\u00falmeleged\u00e9s t\u00falzott terhel\u00e9s vagy hidraulikafolyad\u00e9k hi\u00e1nya miatt fordulhat el\u0151. A henger \u00fczemi k\u00f6r\u00fclm\u00e9nyeinek ellen\u0151rz\u00e9se megakad\u00e1lyozhatja a t\u00falmeleged\u00e9st.<\/li>\n<\/ul>\n<h2>Hibaelh\u00e1r\u00edt\u00e1si tippek<\/h2>\n<p>A g\u00e9mhengerek probl\u00e9m\u00e1inak hat\u00e9kony diagnosztiz\u00e1l\u00e1s\u00e1hoz \u00e9s megold\u00e1s\u00e1hoz elengedhetetlen a rendszeres karbantart\u00e1s \u00e9s a m\u0171k\u00f6d\u00e9si viselked\u00e9s megfigyel\u00e9se. Figyeljen a kop\u00e1s jeleire, \u00e9s azonnal kezelje azokat, hogy elker\u00fclje a rosszabbod\u00f3 \u00e1llapotokat. V\u00e9gezzen megel\u0151z\u0151 int\u00e9zked\u00e9seket, p\u00e9ld\u00e1ul rendszeres ellen\u0151rz\u00e9seket \u00e9s id\u0151ben t\u00f6rt\u00e9n\u0151 jav\u00edt\u00e1sokat a potenci\u00e1lis probl\u00e9m\u00e1k kock\u00e1zat\u00e1nak minimaliz\u00e1l\u00e1sa \u00e9rdek\u00e9ben.<\/p>\n<p><img decoding=\"async\" src=\"https:\/\/www.hydraulic-cylinders.net\/wp-content\/uploads\/2025\/04\/songte-bushings-with-all-kinds-of-excavator-models.webp\" alt=\"Perselyek kotr\u00f3g\u00e9p modellekkel\"><\/p>\n<h2>C\u00e9ginform\u00e1ci\u00f3<\/h2>\n<p>Vezet\u0151 gy\u00e1rt\u00f3i vagyunk a p\u00f3talkatr\u00e9szk\u00e9nt szolg\u00e1l\u00f3 hidraulikus hengereknek, \u00e1tfog\u00f3 term\u00e9kv\u00e1laszt\u00e9kot k\u00edn\u00e1lva mind a hazai, mind a nemzetk\u00f6zi piacokra. Elk\u00f6telezetts\u00e9g\u00fcnket a kiv\u00e1l\u00f3 min\u0151s\u00e9g \u00e9s a prec\u00edzi\u00f3s gy\u00e1rt\u00e1s ir\u00e1nt fejlett termel\u00e9sir\u00e1ny\u00edt\u00e1si strat\u00e9gi\u00e1k, k\u00e9pzett m\u0171szaki szem\u00e9lyzet \u00e9s cs\u00facskateg\u00f3ri\u00e1s digit\u00e1lis gy\u00e1rt\u00f3berendez\u00e9sek alkalmaz\u00e1sa t\u00e1masztja al\u00e1. Folyamatosan fejlesztj\u00fck gy\u00e1rt\u00e1si platformunkat \u00e9s finom\u00edtjuk termel\u00e9si folyamatainkat a kiv\u00e1l\u00f3 min\u0151s\u00e9g\u0171 kimenet biztos\u00edt\u00e1sa \u00e9rdek\u00e9ben. A sokf\u00e9le \u00fcgyf\u00e9lig\u00e9ny kiel\u00e9g\u00edt\u00e9s\u00e9re val\u00f3 k\u00e9pess\u00e9g\u00fcnk a hat\u00e9konys\u00e1gra, a pontoss\u00e1gra \u00e9s a min\u0151s\u00e9gre val\u00f3 \u00f6sszpontos\u00edt\u00e1sunkb\u00f3l fakad.<\/p>\n<p><img decoding=\"async\" src=\"https:\/\/www.hydraulic-cylinders.net\/wp-content\/uploads\/2025\/04\/songte-company-4.webp\" alt=\"C\u00e9ginform\u00e1ci\u00f3\"><br \/>\n<img decoding=\"async\" src=\"https:\/\/www.hydraulic-cylinders.net\/wp-content\/uploads\/2025\/04\/songte-company-3.webp\" alt=\"Termel\u00e9si l\u00e9tes\u00edtm\u00e9nyek\"><\/p>\n<p>C\u00e9g\u00fcnk elismert a professzionalizmus\u00e1r\u00f3l, nemzetk\u00f6zi tan\u00fas\u00edtv\u00e1nyair\u00f3l \u00e9s testreszabhat\u00f3 szolg\u00e1ltat\u00e1sair\u00f3l. Korszer\u0171 gy\u00e1rt\u00f3berendez\u00e9seinkkel \u00e9s robusztus \u00e9rt\u00e9kes\u00edt\u00e9s ut\u00e1ni szervizrendszer\u00fcnkkel biztos\u00edtjuk, hogy minden term\u00e9k\u00fcnk megfeleljen a legmagasabb min\u0151s\u00e9gi \u00e9s megb\u00edzhat\u00f3s\u00e1gi szabv\u00e1nyoknak.<\/p>\n<p>Szerz\u0151: lyl<\/p>","protected":false},"excerpt":{"rendered":"<p>Boom Cylinder For Carter CT65-8B Introduction to Boom Cylinder The Boom Cylinder for Carter CT65-8B is a vital component in hydraulic systems, specifically designed for heavy machinery, including excavators, backhoes, and front loaders. This hydraulic cylinder controls the movement of the bucket, enabling it to lift, lower, and tilt effectively, which is essential for material [&hellip;]<\/p>","protected":false},"featured_media":17869,"comment_status":"open","ping_status":"closed","template":"","meta":{"_et_pb_use_builder":"","_et_pb_old_content":"","_et_gb_content_width":""},"product_brand":[],"product_cat":[1546],"product_tag":[1547,1496],"class_list":{"0":"post-19516","1":"product","2":"type-product","3":"status-publish","4":"has-post-thumbnail","6":"product_cat-boom-cylinders","7":"product_tag-boom-cylinders","8":"product_tag-hydraulic-cylinders","10":"first","11":"instock","12":"shipping-taxable","13":"product-type-simple"},"amp_enabled":true,"_links":{"self":[{"href":"https:\/\/www.hydraulic-cylinders.net\/hu\/wp-json\/wp\/v2\/product\/19516","targetHints":{"allow":["GET"]}}],"collection":[{"href":"https:\/\/www.hydraulic-cylinders.net\/hu\/wp-json\/wp\/v2\/product"}],"about":[{"href":"https:\/\/www.hydraulic-cylinders.net\/hu\/wp-json\/wp\/v2\/types\/product"}],"replies":[{"embeddable":true,"href":"https:\/\/www.hydraulic-cylinders.net\/hu\/wp-json\/wp\/v2\/comments?post=19516"}],"wp:featuredmedia":[{"embeddable":true,"href":"https:\/\/www.hydraulic-cylinders.net\/hu\/wp-json\/wp\/v2\/media\/17869"}],"wp:attachment":[{"href":"https:\/\/www.hydraulic-cylinders.net\/hu\/wp-json\/wp\/v2\/media?parent=19516"}],"wp:term":[{"taxonomy":"product_brand","embeddable":true,"href":"https:\/\/www.hydraulic-cylinders.net\/hu\/wp-json\/wp\/v2\/product_brand?post=19516"},{"taxonomy":"product_cat","embeddable":true,"href":"https:\/\/www.hydraulic-cylinders.net\/hu\/wp-json\/wp\/v2\/product_cat?post=19516"},{"taxonomy":"product_tag","embeddable":true,"href":"https:\/\/www.hydraulic-cylinders.net\/hu\/wp-json\/wp\/v2\/product_tag?post=19516"}],"curies":[{"name":"munkaf\u00fczet","href":"https:\/\/api.w.org\/{rel}","templated":true}]}}